{"id":887,"date":"2018-04-23T13:46:34","date_gmt":"2018-04-23T05:46:34","guid":{"rendered":"http:\/\/huadongswacable.com\/?page_id=887"},"modified":"2022-12-19T14:24:11","modified_gmt":"2022-12-19T06:24:11","slug":"high-quality-low-price-teck-90-cable","status":"publish","type":"page","link":"https:\/\/huadongswacable.com\/pt\/cabo-teck-90-de-alta-qualidade-e-baixo-preco\/","title":{"rendered":"4\/0 6\/3 8\/3 10\/2 10\/3 12\/2 12\/3 Pre\u00e7o do cabo Teck 90"},"content":{"rendered":"<h2>600V 1KV 5KV 1C 2C 3C 4C fabricante de cabos teck 90<\/h2>\n<p>O cabo Teck 90 \u00e9 um tipo de cabo com <a href=\"https:\/\/huadongswacable.com\/pt\/fio-mc-cabo-de-baixo-preco\/\" target=\"_blank\" rel=\"noopener noreferrer\">blindagem interligada em liga de alum\u00ednio<\/a>. O cabo Tech 90 tem muitas vantagens de desempenho. Al\u00e9m disso, se precisar de comprar cabo teck de 14awg, a Huadong Cable Group ser\u00e1 a sua escolha ideal. Mais importante, Huadong vai dar-lhe um desconto pre\u00e7o do cabo teck 90 se voc\u00ea comprar um monte de cabo teck de nossa empresa. Basta deixar as dimens\u00f5es do cabo teck, e n\u00f3s responderemos o mais rapidamente poss\u00edvel. Pode dizer-nos o tipo de cabo teck 90 que pretende para obter o pre\u00e7o do cabo teck por p\u00e9. Sobre o tipo de fio teck, o fio 600v teck 90 \u00e9 muito popular. Ou voc\u00ea pode nos enviar sua lista de cabos de inqu\u00e9rito e quantidade de pedidos. Nossa equipe de vendas enviar\u00e1 nosso pre\u00e7o de cabo 4\/0 3 core teck 90 e oferecer\u00e1 documentos dentro de 12 horas.<\/p>\n<div class=\"row prolisttable\">\n<div class=\"col-lg-12 col-md-12 col-xs-12 col-sm-12\">\n<table>\n<tbody>\n<tr>\n<td><img loading=\"lazy\" decoding=\"async\" class=\"aligncenter wp-image-6325\" src=\"https:\/\/huadongswacable.com\/wp-content\/uploads\/2021\/09\/600v-1kv-5kv-3-core-xlpe-pvc-aia-pvc-teck-90-cable-price-list.jpg\" alt=\"600v 1kv 5kv 3 core xlpe pvc aia pvc csa teck 90 lista de pre\u00e7os de cabos\" width=\"197\" height=\"332\" srcset=\"https:\/\/huadongswacable.com\/wp-content\/uploads\/2021\/09\/600v-1kv-5kv-3-core-xlpe-pvc-aia-pvc-teck-90-cable-price-list.jpg 242w, https:\/\/huadongswacable.com\/wp-content\/uploads\/2021\/09\/600v-1kv-5kv-3-core-xlpe-pvc-aia-pvc-teck-90-cable-price-list-178x300.jpg 178w\" sizes=\"auto, (max-width: 197px) 100vw, 197px\" \/><\/td>\n<td><strong>\u00a0 \u00a0Tens\u00e3o:<\/strong> 600V, 1KV, 5KV, 15KV<\/p>\n<p><strong>\u00a0 \u00a0Condutores:<\/strong> Cobre ou alum\u00ednio<\/p>\n<p><strong>\u00a0 \u00a0Armadura :<\/strong> Blindagem interligada em liga de alum\u00ednio (AIA)<\/p>\n<p><strong>\u00a0 \u00a0Isolamento:<\/strong> Polietileno reticulado (XLPE)<\/p>\n<p><strong>\u00a0 \u00a0Casaco:<\/strong> Cloreto de polivinilo (PVC)<\/p>\n<p><strong>\u00a0 \u00a0Classifica\u00e7\u00e3o de temperatura:<\/strong> -40\u00b0C a 90\u00b0C<\/td>\n<\/tr>\n<\/tbody>\n<\/table>\n<\/div>\n<\/div>\n<p style=\"text-align: center;\"><span class=\"su-lightbox\" data-mfp-src=\"#Popup\" data-mfp-type=\"inline\" data-mobile=\"yes\"><button class=\"btn btn-danger btn-sm\" ><i class=\"fa fa-hand-o-right\" style=\"color:#ffffff;\"><\/i> Obter cota\u00e7\u00e3o<\/button><\/span>\n<p>Porque o cabo blindado teck 90 tem grande durabilidade, boa resist\u00eancia \u00e0 corros\u00e3o, flexibilidade e facilidade de opera\u00e7\u00e3o e instala\u00e7\u00e3o. De facto, em muitas ind\u00fastrias de recursos exigentes, a coloca\u00e7\u00e3o de cabos requer condutas ou tubagens enterradas para cumprir os requisitos industriais. Mas se utilizar fio 12\/3 teck 90 com armadura interligada de liga de alum\u00ednio, poupar\u00e1 muitos custos de condutas ou tubagens enterradas. E os pre\u00e7os dos cabos teck da Huadong tamb\u00e9m s\u00e3o baratos. Al\u00e9m disso, o cabo de alimenta\u00e7\u00e3o teck 90 tamb\u00e9m tem uma vantagem de luz. Esta \u00e9 uma vantagem n\u00e3o negligenci\u00e1vel para o transporte e instala\u00e7\u00e3o de cabos. N\u00e3o s\u00f3 o fio teck tem tantas vantagens de desempenho, o cabo de alimenta\u00e7\u00e3o 12\/2 teck 90 economiza principalmente dinheiro. Que raz\u00e3o tem para n\u00e3o escolher o cabo blindado teck 90? Basta contactar-nos para obter os pre\u00e7os do cabo teck.<\/p>\n<p><img loading=\"lazy\" decoding=\"async\" class=\"aligncenter size-full wp-image-5744\" src=\"https:\/\/huadongswacable.com\/wp-content\/uploads\/2021\/04\/12-2-teck-90-cable-price.jpg\" alt=\"12\/2 teck 90 pre\u00e7o do cabo\" width=\"445\" height=\"269\" srcset=\"https:\/\/huadongswacable.com\/wp-content\/uploads\/2021\/04\/12-2-teck-90-cable-price.jpg 445w, https:\/\/huadongswacable.com\/wp-content\/uploads\/2021\/04\/12-2-teck-90-cable-price-300x181.jpg 300w\" sizes=\"auto, (max-width: 445px) 100vw, 445px\" \/><\/p>\n<p style=\"text-align: center;\"><span class=\"su-lightbox\" data-mfp-src=\"#Popup\" data-mfp-type=\"inline\" data-mobile=\"yes\"><button class=\"btn btn-danger btn-sm\" ><i class=\"fa fa-hand-o-right\" style=\"color:#ffffff;\"><\/i> Obter cota\u00e7\u00e3o<\/button><\/span>\n<h2>Por que raz\u00e3o se compra o cabo teck 90 no Huadong Cable Group?<\/h2>\n<p>Nesta sec\u00e7\u00e3o, apresentarei uma descri\u00e7\u00e3o pormenorizada das vantagens da nossa empresa no que respeita ao cabo teck # 14awg. Em primeiro lugar, como fabricante profissional de cabos teck 90, o Huadong Cable Group possui duas f\u00e1bricas de cabos tech 90 na China. Independentemente do n\u00famero de cabos blindados teck 90 de que necessite, terminaremos a produ\u00e7\u00e3o e entregar-lhe-emos o cabo blindado 6\/3 teck 90 a tempo. Ao mesmo tempo, pode obter o pre\u00e7o de f\u00e1brica do cabo 8\/3 teck 90. Presumivelmente, isso \u00e9 algo que voc\u00ea valoriza e se preocupa. Desde que discutamos a data de entrega, poder\u00e1 receber o cabo teck 90 como previsto. E os nossos pre\u00e7os de cabo teck blindado tamb\u00e9m s\u00e3o razo\u00e1veis. <img loading=\"lazy\" decoding=\"async\" class=\"aligncenter size-full wp-image-6329\" src=\"https:\/\/huadongswacable.com\/wp-content\/uploads\/2021\/09\/600v-12-3-conductor-copper-teck-90-cable-price-list-Canada.jpg\" alt=\"600v 12-3 condutores de cobre teck 90 lista de pre\u00e7os de cabos Canad\u00e1\" width=\"800\" height=\"150\" srcset=\"https:\/\/huadongswacable.com\/wp-content\/uploads\/2021\/09\/600v-12-3-conductor-copper-teck-90-cable-price-list-Canada.jpg 800w, https:\/\/huadongswacable.com\/wp-content\/uploads\/2021\/09\/600v-12-3-conductor-copper-teck-90-cable-price-list-Canada-300x56.jpg 300w, https:\/\/huadongswacable.com\/wp-content\/uploads\/2021\/09\/600v-12-3-conductor-copper-teck-90-cable-price-list-Canada-768x144.jpg 768w\" sizes=\"auto, (max-width: 800px) 100vw, 800px\" \/><\/p>\n<p>Em segundo lugar, a qualidade do cabo Huadong tech 90 \u00e9 garantida. Como todos sabemos, a produ\u00e7\u00e3o de cabo teck requer muitas etapas. A produ\u00e7\u00e3o do cabo blindado 3 core teck 90 adopta m\u00e9todos de produ\u00e7\u00e3o combinados de sobreposi\u00e7\u00e3o cont\u00ednua de grande comprimento. Portanto, cada processo de produ\u00e7\u00e3o \u00e9 extremamente importante. Ocorreu um erro numa liga\u00e7\u00e3o e o passo seguinte n\u00e3o pode ser executado. O Huadong Cable Group conhece profundamente a gravidade dos erros na produ\u00e7\u00e3o de cabos. Assim, os t\u00e9cnicos de produ\u00e7\u00e3o de cabos da f\u00e1brica de cabos Huadong # 12 awg teck 90 realizam um controlo e uma inspec\u00e7\u00e3o rigorosos durante a produ\u00e7\u00e3o de cabos.<\/p>\n<p><img loading=\"lazy\" decoding=\"async\" class=\"aligncenter size-full wp-image-6330\" src=\"https:\/\/huadongswacable.com\/wp-content\/uploads\/2021\/09\/350-3C-CU-XLPE-PVC-AIA-PVC-1KV-teck-90-cable-cost-in-Germany.jpg\" alt=\"350-3C CU XLPE PVC AIA PVC 1KV teck 90 custo do cabo na Alemanha\" width=\"800\" height=\"150\" srcset=\"https:\/\/huadongswacable.com\/wp-content\/uploads\/2021\/09\/350-3C-CU-XLPE-PVC-AIA-PVC-1KV-teck-90-cable-cost-in-Germany.jpg 800w, https:\/\/huadongswacable.com\/wp-content\/uploads\/2021\/09\/350-3C-CU-XLPE-PVC-AIA-PVC-1KV-teck-90-cable-cost-in-Germany-300x56.jpg 300w, https:\/\/huadongswacable.com\/wp-content\/uploads\/2021\/09\/350-3C-CU-XLPE-PVC-AIA-PVC-1KV-teck-90-cable-cost-in-Germany-768x144.jpg 768w\" sizes=\"auto, (max-width: 800px) 100vw, 800px\" \/><\/p>\n<p>Quanto \u00e0 qualidade do cabo teck, pode ficar totalmente descansado. Exportamos muitos cabos el\u00e9ctricos blindados de interbloqueio para as Filipinas. Se tiver mais perguntas sobre o cabo de a\u00e7o Huadong teck, n\u00e3o hesite em contactar-nos. Basta deixar sua mensagem para obter o pre\u00e7o do cabo de alimenta\u00e7\u00e3o teck. Aguardamos a sua consulta.<\/p>\n<p style=\"text-align: center;\"><span class=\"su-lightbox\" data-mfp-src=\"#Popup\" data-mfp-type=\"inline\" data-mobile=\"yes\"><button class=\"btn btn-danger btn-sm\" ><i class=\"fa fa-hand-o-right\" style=\"color:#ffffff;\"><\/i> Obter cota\u00e7\u00e3o<\/button><\/span>\n<h2>O pre\u00e7o do cabo 12\/2 teck 90 por p\u00e9 \u00e9 vantajoso para a Huadong.<\/h2>\n<p>Huadong Group promete que voc\u00ea pode obter o pre\u00e7o mais razo\u00e1vel do cabo 6\/3 teck 90 em Huadong Cable Group. A f\u00e1brica de cabos Huadong 3 core teck 90 est\u00e1 localizada no condado de Xiu Wu, cidade de Jiaozuo, prov\u00edncia de Henan, China. H\u00e1 uma abund\u00e2ncia de mat\u00e9rias-primas para a produ\u00e7\u00e3o de cabo tech 90. Aqui, a compra de mat\u00e9rias-primas de fio teck \u00e9 relativamente barata. E porque a nossa f\u00e1brica de cabos teck est\u00e1 localizada aqui, tamb\u00e9m poup\u00e1mos o custo do transporte. Portanto, voc\u00ea pode obter 4\/0 3C teck 90 pre\u00e7o de f\u00e1brica de fio em Huadong. Mesma qualidade de cabo 10\/2 teck, por que n\u00e3o escolher pre\u00e7os mais baratos de cabo teck? <img loading=\"lazy\" decoding=\"async\" class=\"aligncenter size-full wp-image-894\" src=\"https:\/\/huadongswacable.com\/wp-content\/uploads\/2018\/04\/discount-teck-90-600v-price.jpg\" alt=\"desconto teck 90 600v pre\u00e7o\" width=\"550\" height=\"284\" srcset=\"https:\/\/huadongswacable.com\/wp-content\/uploads\/2018\/04\/discount-teck-90-600v-price.jpg 550w, https:\/\/huadongswacable.com\/wp-content\/uploads\/2018\/04\/discount-teck-90-600v-price-300x155.jpg 300w\" sizes=\"auto, (max-width: 550px) 100vw, 550px\" \/><\/p>\n<div class=\"su-lightbox-content su-u-trim\" id=\"Popup\" style=\"display:none;width:auto;min-width:50%;max-width:70%;margin-top:40px;margin-bottom:40px;padding:40px;background:#e8e5e5;color:#060473;box-shadow:0px 0px 15px #333333;text-align:left\"><div role=\"form\" class=\"wpcf7\" id=\"wpcf7-f5571-o1\" lang=\"en-US\" dir=\"ltr\">\n<div class=\"screen-reader-response\"><p role=\"status\" aria-live=\"polite\" aria-atomic=\"true\"><\/p> <ul><\/ul><\/div>\n<form action=\"\/pt\/wp-json\/wp\/v2\/pages\/887#wpcf7-f5571-o1\" method=\"post\" class=\"wpcf7-form init\" novalidate=\"novalidate\" data-status=\"init\" data-trp-original-action=\"\/pt\/wp-json\/wp\/v2\/pages\/887#wpcf7-f5571-o1\">\n<div style=\"display: none;\">\n<input type=\"hidden\" name=\"_wpcf7\" value=\"5571\" \/>\n<input type=\"hidden\" name=\"_wpcf7_version\" value=\"5.5.6\" \/>\n<input type=\"hidden\" name=\"_wpcf7_locale\" value=\"en_US\" \/>\n<input type=\"hidden\" name=\"_wpcf7_unit_tag\" value=\"wpcf7-f5571-o1\" \/>\n<input type=\"hidden\" name=\"_wpcf7_container_post\" value=\"0\" \/>\n<input type=\"hidden\" name=\"_wpcf7_posted_data_hash\" value=\"\" \/>\n<\/div>\n<div class=\"popmakerform\">\n<p>O seu nome <span style=\"color:red;\">*<span><br \/>\n<span class=\"wpcf7-form-control-wrap your-name\"><input type=\"text\" name=\"your-name\" value=\"\" size=\"40\" class=\"wpcf7-form-control wpcf7-text wpcf7-validates-as-required\" aria-required=\"true\" aria-invalid=\"false\" \/><\/span><\/p>\n<p>O seu e-mail <span style=\"color:red;\">*<span><br \/>\n<span class=\"wpcf7-form-control-wrap your-email\"><input type=\"email\" name=\"your-email\" value=\"\" size=\"40\" class=\"wpcf7-form-control wpcf7-text wpcf7-email wpcf7-validates-as-required wpcf7-validates-as-email\" aria-required=\"true\" aria-invalid=\"false\" \/><\/span><\/p>\n<p>O seu n\u00famero de telefone<br \/>\n<span class=\"wpcf7-form-control-wrap your-phone\"><input type=\"text\" name=\"your-phone\" value=\"\" size=\"40\" class=\"wpcf7-form-control wpcf7-text\" aria-invalid=\"false\" \/><\/span><\/p>\n<p>O seu pa\u00eds<br \/>\n<span class=\"wpcf7-form-control-wrap your-country\"><input type=\"text\" name=\"your-country\" value=\"\" size=\"40\" class=\"wpcf7-form-control wpcf7-text\" aria-invalid=\"false\" \/><\/span><\/p>\n<p>Requisito pormenorizado <span style=\"color:red;\">*<span><br \/>\n<span class=\"wpcf7-form-control-wrap your-requirement\"><textarea name=\"your-requirement\" cols=\"40\" rows=\"4\" class=\"wpcf7-form-control wpcf7-textarea wpcf7-validates-as-required\" aria-required=\"true\" aria-invalid=\"false\"><\/textarea><\/span><\/p>\n<p><input type=\"submit\" value=\"Obter cota\u00e7\u00e3o\" class=\"wpcf7-form-control has-spinner wpcf7-submit\" \/><\/p>\n<\/div>\n<p style=\"display: none !important;\"><label>&#916;<textarea name=\"_wpcf7_ak_hp_textarea\" cols=\"45\" rows=\"8\" maxlength=\"100\"><\/textarea><\/label><input type=\"hidden\" id=\"ak_js_1\" name=\"_wpcf7_ak_js\" value=\"24\"\/><script>document.getElementById( \"ak_js_1\" ).setAttribute( \"value\", ( new Date() ).getTime() );<\/script><\/p><input type='hidden' class='wpcf7-pum' value='{\"closepopup\":false,\"closedelay\":0,\"openpopup\":false,\"openpopup_id\":0}' \/><div class=\"wpcf7-response-output\" aria-hidden=\"true\"><\/div><input type=\"hidden\" name=\"trp-form-language\" value=\"pt\"\/><\/form><\/div><\/div>\n<h3>Por favor, sinta-se livre para deixar sua exig\u00eancia. Responder-lhe-emos no prazo de 12 horas.<\/h3>\n<p><strong>Correio electr\u00f3nico: <a href=\"mailto:info@huadongswacable.com\" rel=\"nofollow\">info@huadongswacable.com<\/a><\/strong><\/p>\n<div role=\"form\" class=\"wpcf7\" id=\"wpcf7-f6-o2\" lang=\"en-US\" dir=\"ltr\">\n<div class=\"screen-reader-response\"><p role=\"status\" aria-live=\"polite\" aria-atomic=\"true\"><\/p> <ul><\/ul><\/div>\n<form action=\"\/pt\/wp-json\/wp\/v2\/pages\/887#wpcf7-f6-o2\" method=\"post\" class=\"wpcf7-form init\" novalidate=\"novalidate\" data-status=\"init\" data-trp-original-action=\"\/pt\/wp-json\/wp\/v2\/pages\/887#wpcf7-f6-o2\">\n<div style=\"display: none;\">\n<input type=\"hidden\" name=\"_wpcf7\" value=\"6\" \/>\n<input type=\"hidden\" name=\"_wpcf7_version\" value=\"5.5.6\" \/>\n<input type=\"hidden\" name=\"_wpcf7_locale\" value=\"en_US\" \/>\n<input type=\"hidden\" name=\"_wpcf7_unit_tag\" value=\"wpcf7-f6-o2\" \/>\n<input type=\"hidden\" name=\"_wpcf7_container_post\" value=\"0\" \/>\n<input type=\"hidden\" name=\"_wpcf7_posted_data_hash\" value=\"\" \/>\n<\/div>\n<div class=\"messageform\">\n<p><strong><span style=\"color:red;\"><\/span> O seu nome<\/strong><br \/>\n    <span class=\"wpcf7-form-control-wrap your-name\"><input type=\"text\" name=\"your-name\" value=\"\" size=\"40\" class=\"wpcf7-form-control wpcf7-text\" aria-invalid=\"false\" \/><\/span> <\/p>\n<p><strong><span style=\"color:red;\">*<\/span> O seu e-mail<\/strong><br \/>\n    <span class=\"wpcf7-form-control-wrap your-email\"><input type=\"email\" name=\"your-email\" value=\"\" size=\"40\" class=\"wpcf7-form-control wpcf7-text wpcf7-email wpcf7-validates-as-required wpcf7-validates-as-email\" aria-required=\"true\" aria-invalid=\"false\" \/><\/span> <\/p>\n<p><strong>O seu n\u00famero de telefone<\/strong><br \/>\n    <span class=\"wpcf7-form-control-wrap your-phone\"><input type=\"text\" name=\"your-phone\" value=\"\" size=\"40\" class=\"wpcf7-form-control wpcf7-text\" aria-invalid=\"false\" placeholder=\"Incluir o c\u00f3digo de \u00e1rea\" \/><\/span> <\/p>\n<p><strong>O seu pa\u00eds<\/strong><br \/>\n    <span class=\"wpcf7-form-control-wrap your-country\"><input type=\"text\" name=\"your-country\" value=\"\" size=\"40\" class=\"wpcf7-form-control wpcf7-text\" aria-invalid=\"false\" \/><\/span> <\/p>\n<p><strong><span style=\"color:red;\">*<\/span> O seu requisito<\/strong><br \/>\n    <span class=\"wpcf7-form-control-wrap your-requirement\"><textarea name=\"your-requirement\" cols=\"40\" rows=\"10\" class=\"wpcf7-form-control wpcf7-textarea wpcf7-validates-as-required bestonmessage\" aria-required=\"true\" aria-invalid=\"false\" placeholder=\"Para obter uma cota\u00e7\u00e3o detalhada, envie-nos o seu pedido detalhado.\"><\/textarea><\/span> <\/p>\n<p><input type=\"submit\" value=\"Enviar mensagem\" class=\"wpcf7-form-control has-spinner wpcf7-submit\" \/><\/p>\n<\/div>\n<p style=\"display: none !important;\"><label>&#916;<textarea name=\"_wpcf7_ak_hp_textarea\" cols=\"45\" rows=\"8\" maxlength=\"100\"><\/textarea><\/label><input type=\"hidden\" id=\"ak_js_2\" name=\"_wpcf7_ak_js\" value=\"89\"\/><script>document.getElementById( \"ak_js_2\" ).setAttribute( \"value\", ( new Date() ).getTime() );<\/script><\/p><input type='hidden' class='wpcf7-pum' value='{\"closepopup\":false,\"closedelay\":0,\"openpopup\":false,\"openpopup_id\":0}' \/><div class=\"wpcf7-response-output\" aria-hidden=\"true\"><\/div><input type=\"hidden\" name=\"trp-form-language\" value=\"pt\"\/><\/form><\/div>","protected":false},"excerpt":{"rendered":"<p>600V 1KV 5KV 1C 2C 3C 4C fabricante do cabo teck 90 O cabo Teck 90 \u00e9 um tipo de cabo com armadura interligada de liga de alum\u00ednio. O cabo Tech 90 tem muitas vantagens de desempenho. Al\u00e9m disso, se precisar de comprar fio teck 14awg, Huadong Cable Group ser\u00e1 a sua escolha ideal. Mais importante, Huadong ir\u00e1 fornecer-lhe ... <a class=\"read-more\" href=\"https:\/\/huadongswacable.com\/pt\/cabo-teck-90-de-alta-qualidade-e-baixo-preco\/\">Ler mais...<\/a><\/p>","protected":false},"author":1,"featured_media":0,"parent":0,"menu_order":0,"comment_status":"closed","ping_status":"closed","template":"","meta":{"footnotes":""},"class_list":["post-887","page","type-page","status-publish"],"yoast_head":"<!-- This site is optimized with the Yoast SEO plugin v18.4.1 - https:\/\/yoast.com\/wordpress\/plugins\/seo\/ -->\n<title>Teck 90 Cable Price | 4\/0 6\/3 8\/3 10\/2 10\/3 12\/2 12\/3 Teck 90 Cable<\/title>\n<meta name=\"description\" content=\"We are 4\/0 6\/3 8\/3 10\/2 10\/3 12\/2 12\/3 teck 90 cable supplier. Contact us to get 600v 1kv 5kv 3C*3\/0 AWG xlpe pvc aia pvc teck 90 cable price\" \/>\n<meta name=\"robots\" content=\"index, follow, max-snippet:-1, max-image-preview:large, max-video-preview:-1\" \/>\n<link rel=\"canonical\" href=\"https:\/\/huadongswacable.com\/pt\/cabo-teck-90-de-alta-qualidade-e-baixo-preco\/\" \/>\n<meta property=\"og:locale\" content=\"pt_PT\" \/>\n<meta property=\"og:type\" content=\"article\" \/>\n<meta property=\"og:title\" content=\"Teck 90 Cable Price | 4\/0 6\/3 8\/3 10\/2 10\/3 12\/2 12\/3 Teck 90 Cable\" \/>\n<meta property=\"og:description\" content=\"We are 4\/0 6\/3 8\/3 10\/2 10\/3 12\/2 12\/3 teck 90 cable supplier. Contact us to get 600v 1kv 5kv 3C*3\/0 AWG xlpe pvc aia pvc teck 90 cable price\" \/>\n<meta property=\"og:url\" content=\"https:\/\/huadongswacable.com\/pt\/cabo-teck-90-de-alta-qualidade-e-baixo-preco\/\" \/>\n<meta property=\"og:site_name\" content=\"Huadong SWA Cable\" \/>\n<meta property=\"article:modified_time\" content=\"2022-12-19T06:24:11+00:00\" \/>\n<meta property=\"og:image\" content=\"https:\/\/huadongswacable.com\/wp-content\/uploads\/2021\/09\/600v-1kv-5kv-3-core-xlpe-pvc-aia-pvc-teck-90-cable-price-list.jpg\" \/>\n<meta name=\"twitter:card\" content=\"summary_large_image\" \/>\n<meta name=\"twitter:label1\" content=\"Tempo estimado de leitura\" \/>\n\t<meta name=\"twitter:data1\" content=\"5 minutos\" \/>\n<script type=\"application\/ld+json\" class=\"yoast-schema-graph\">{\"@context\":\"https:\/\/schema.org\",\"@graph\":[{\"@type\":\"WebSite\",\"@id\":\"http:\/\/huadongswacable.com\/ru\/#website\",\"url\":\"http:\/\/huadongswacable.com\/ru\/\",\"name\":\"Huadong SWA Cable\",\"description\":\"Huadong SWA Cable\",\"potentialAction\":[{\"@type\":\"SearchAction\",\"target\":{\"@type\":\"EntryPoint\",\"urlTemplate\":\"http:\/\/huadongswacable.com\/ru\/?s={search_term_string}\"},\"query-input\":\"required name=search_term_string\"}],\"inLanguage\":\"pt-PT\"},{\"@type\":\"ImageObject\",\"@id\":\"https:\/\/huadongswacable.com\/high-quality-low-price-teck-90-cable\/#primaryimage\",\"inLanguage\":\"pt-PT\",\"url\":\"https:\/\/huadongswacable.com\/wp-content\/uploads\/2021\/09\/600v-1kv-5kv-3-core-xlpe-pvc-aia-pvc-teck-90-cable-price-list.jpg\",\"contentUrl\":\"https:\/\/huadongswacable.com\/wp-content\/uploads\/2021\/09\/600v-1kv-5kv-3-core-xlpe-pvc-aia-pvc-teck-90-cable-price-list.jpg\",\"width\":242,\"height\":407,\"caption\":\"600v 1kv 5kv 3 core xlpe pvc aia pvc csa teck 90 cable price list\"},{\"@type\":\"WebPage\",\"@id\":\"https:\/\/huadongswacable.com\/high-quality-low-price-teck-90-cable\/#webpage\",\"url\":\"https:\/\/huadongswacable.com\/high-quality-low-price-teck-90-cable\/\",\"name\":\"Teck 90 Cable Price | 4\/0 6\/3 8\/3 10\/2 10\/3 12\/2 12\/3 Teck 90 Cable\",\"isPartOf\":{\"@id\":\"http:\/\/huadongswacable.com\/ru\/#website\"},\"primaryImageOfPage\":{\"@id\":\"https:\/\/huadongswacable.com\/high-quality-low-price-teck-90-cable\/#primaryimage\"},\"datePublished\":\"2018-04-23T05:46:34+00:00\",\"dateModified\":\"2022-12-19T06:24:11+00:00\",\"description\":\"We are 4\/0 6\/3 8\/3 10\/2 10\/3 12\/2 12\/3 teck 90 cable supplier. Contact us to get 600v 1kv 5kv 3C*3\/0 AWG xlpe pvc aia pvc teck 90 cable price\",\"breadcrumb\":{\"@id\":\"https:\/\/huadongswacable.com\/high-quality-low-price-teck-90-cable\/#breadcrumb\"},\"inLanguage\":\"pt-PT\",\"potentialAction\":[{\"@type\":\"ReadAction\",\"target\":[\"https:\/\/huadongswacable.com\/high-quality-low-price-teck-90-cable\/\"]}]},{\"@type\":\"BreadcrumbList\",\"@id\":\"https:\/\/huadongswacable.com\/high-quality-low-price-teck-90-cable\/#breadcrumb\",\"itemListElement\":[{\"@type\":\"ListItem\",\"position\":1,\"name\":\"Home\",\"item\":\"http:\/\/huadongswacable.com\/ru\/\"},{\"@type\":\"ListItem\",\"position\":2,\"name\":\"4\/0 6\/3 8\/3 10\/2 10\/3 12\/2 12\/3 Teck 90 Cable Price\"}]}]}<\/script>\n<!-- \/ Yoast SEO plugin. -->","yoast_head_json":{"title":"Teck 90 Cable Price | 4\/0 6\/3 8\/3 10\/2 10\/3 12\/2 12\/3 Teck 90 Cable","description":"We are 4\/0 6\/3 8\/3 10\/2 10\/3 12\/2 12\/3 teck 90 cable supplier. Contact us to get 600v 1kv 5kv 3C*3\/0 AWG xlpe pvc aia pvc teck 90 cable price","robots":{"index":"index","follow":"follow","max-snippet":"max-snippet:-1","max-image-preview":"max-image-preview:large","max-video-preview":"max-video-preview:-1"},"canonical":"https:\/\/huadongswacable.com\/pt\/cabo-teck-90-de-alta-qualidade-e-baixo-preco\/","og_locale":"pt_PT","og_type":"article","og_title":"Teck 90 Cable Price | 4\/0 6\/3 8\/3 10\/2 10\/3 12\/2 12\/3 Teck 90 Cable","og_description":"We are 4\/0 6\/3 8\/3 10\/2 10\/3 12\/2 12\/3 teck 90 cable supplier. Contact us to get 600v 1kv 5kv 3C*3\/0 AWG xlpe pvc aia pvc teck 90 cable price","og_url":"https:\/\/huadongswacable.com\/pt\/cabo-teck-90-de-alta-qualidade-e-baixo-preco\/","og_site_name":"Huadong SWA Cable","article_modified_time":"2022-12-19T06:24:11+00:00","og_image":[{"url":"https:\/\/huadongswacable.com\/wp-content\/uploads\/2021\/09\/600v-1kv-5kv-3-core-xlpe-pvc-aia-pvc-teck-90-cable-price-list.jpg"}],"twitter_card":"summary_large_image","twitter_misc":{"Tempo estimado de leitura":"5 minutos"},"schema":{"@context":"https:\/\/schema.org","@graph":[{"@type":"WebSite","@id":"http:\/\/huadongswacable.com\/ru\/#website","url":"http:\/\/huadongswacable.com\/ru\/","name":"Huadong SWA Cable","description":"Huadong SWA Cable","potentialAction":[{"@type":"SearchAction","target":{"@type":"EntryPoint","urlTemplate":"http:\/\/huadongswacable.com\/ru\/?s={search_term_string}"},"query-input":"required name=search_term_string"}],"inLanguage":"pt-PT"},{"@type":"ImageObject","@id":"https:\/\/huadongswacable.com\/high-quality-low-price-teck-90-cable\/#primaryimage","inLanguage":"pt-PT","url":"https:\/\/huadongswacable.com\/wp-content\/uploads\/2021\/09\/600v-1kv-5kv-3-core-xlpe-pvc-aia-pvc-teck-90-cable-price-list.jpg","contentUrl":"https:\/\/huadongswacable.com\/wp-content\/uploads\/2021\/09\/600v-1kv-5kv-3-core-xlpe-pvc-aia-pvc-teck-90-cable-price-list.jpg","width":242,"height":407,"caption":"600v 1kv 5kv 3 core xlpe pvc aia pvc csa teck 90 cable price list"},{"@type":"WebPage","@id":"https:\/\/huadongswacable.com\/high-quality-low-price-teck-90-cable\/#webpage","url":"https:\/\/huadongswacable.com\/high-quality-low-price-teck-90-cable\/","name":"Teck 90 Cable Price | 4\/0 6\/3 8\/3 10\/2 10\/3 12\/2 12\/3 Teck 90 Cable","isPartOf":{"@id":"http:\/\/huadongswacable.com\/ru\/#website"},"primaryImageOfPage":{"@id":"https:\/\/huadongswacable.com\/high-quality-low-price-teck-90-cable\/#primaryimage"},"datePublished":"2018-04-23T05:46:34+00:00","dateModified":"2022-12-19T06:24:11+00:00","description":"We are 4\/0 6\/3 8\/3 10\/2 10\/3 12\/2 12\/3 teck 90 cable supplier. Contact us to get 600v 1kv 5kv 3C*3\/0 AWG xlpe pvc aia pvc teck 90 cable price","breadcrumb":{"@id":"https:\/\/huadongswacable.com\/high-quality-low-price-teck-90-cable\/#breadcrumb"},"inLanguage":"pt-PT","potentialAction":[{"@type":"ReadAction","target":["https:\/\/huadongswacable.com\/high-quality-low-price-teck-90-cable\/"]}]},{"@type":"BreadcrumbList","@id":"https:\/\/huadongswacable.com\/high-quality-low-price-teck-90-cable\/#breadcrumb","itemListElement":[{"@type":"ListItem","position":1,"name":"Home","item":"http:\/\/huadongswacable.com\/ru\/"},{"@type":"ListItem","position":2,"name":"4\/0 6\/3 8\/3 10\/2 10\/3 12\/2 12\/3 Teck 90 Cable Price"}]}]}},"_links":{"self":[{"href":"https:\/\/huadongswacable.com\/pt\/wp-json\/wp\/v2\/pages\/887","targetHints":{"allow":["GET"]}}],"collection":[{"href":"https:\/\/huadongswacable.com\/pt\/wp-json\/wp\/v2\/pages"}],"about":[{"href":"https:\/\/huadongswacable.com\/pt\/wp-json\/wp\/v2\/types\/page"}],"author":[{"embeddable":true,"href":"https:\/\/huadongswacable.com\/pt\/wp-json\/wp\/v2\/users\/1"}],"replies":[{"embeddable":true,"href":"https:\/\/huadongswacable.com\/pt\/wp-json\/wp\/v2\/comments?post=887"}],"version-history":[{"count":24,"href":"https:\/\/huadongswacable.com\/pt\/wp-json\/wp\/v2\/pages\/887\/revisions"}],"predecessor-version":[{"id":7771,"href":"https:\/\/huadongswacable.com\/pt\/wp-json\/wp\/v2\/pages\/887\/revisions\/7771"}],"wp:attachment":[{"href":"https:\/\/huadongswacable.com\/pt\/wp-json\/wp\/v2\/media?parent=887"}],"curies":[{"name":"wp","href":"https:\/\/api.w.org\/{rel}","templated":true}]}}