{"id":862,"date":"2018-04-21T15:29:21","date_gmt":"2018-04-21T07:29:21","guid":{"rendered":"http:\/\/huadongswacable.com\/?page_id=862"},"modified":"2022-12-19T15:59:32","modified_gmt":"2022-12-19T07:59:32","slug":"low-price-acwu-cable","status":"publish","type":"page","link":"https:\/\/huadongswacable.com\/pt\/cabo-acwu-de-baixo-preco\/","title":{"rendered":"Cabo ACWU 600V 1C 3C 4C 1AWG 2AWG 4AWG 6AWG Cabo AIA"},"content":{"rendered":"<p><img loading=\"lazy\" decoding=\"async\" class=\"aligncenter size-full wp-image-6454\" src=\"https:\/\/huadongswacable.com\/wp-content\/uploads\/2021\/10\/how-much-is-600V-2-4-6-3C-4C-acwu90-cable-per-meter.jpg\" alt=\"quanto custa o cabo 600V #2 #4 #6 3C 4C acwu90 por metro\" width=\"828\" height=\"281\" srcset=\"https:\/\/huadongswacable.com\/wp-content\/uploads\/2021\/10\/how-much-is-600V-2-4-6-3C-4C-acwu90-cable-per-meter.jpg 828w, https:\/\/huadongswacable.com\/wp-content\/uploads\/2021\/10\/how-much-is-600V-2-4-6-3C-4C-acwu90-cable-per-meter-300x102.jpg 300w, https:\/\/huadongswacable.com\/wp-content\/uploads\/2021\/10\/how-much-is-600V-2-4-6-3C-4C-acwu90-cable-per-meter-768x261.jpg 768w\" sizes=\"auto, (max-width: 828px) 100vw, 828px\" \/><\/p>\n<p>Como um fabricante profissional de cabo ACWU, n\u00f3s podemos fornecer diferentes tamanhos de cabo blindado de alum\u00ednio com intertravamento. Assim, voc\u00ea pode comprar o cabo #2, #4, #6 ACWU90 de nossa empresa. E mais, se voc\u00ea quiser saber quanto custa o cabo ACWU90 de 600v 3 condutores por metro, deixe sua mensagem. Nosso gerente enviar\u00e1 o melhor pre\u00e7o de cabo de alum\u00ednio ACWU 3C 4\/0 para voc\u00ea o mais r\u00e1pido poss\u00edvel.<\/p>\n<p style=\"text-align: center;\"><span class=\"su-lightbox\" data-mfp-src=\"#Popup\" data-mfp-type=\"inline\" data-mobile=\"yes\"><button class=\"btn btn-danger btn-sm\" ><i class=\"fa fa-hand-o-right\" style=\"color:#ffffff;\"><\/i> Obter cota\u00e7\u00e3o<\/button><\/span>\n<h2>Cabo ACWU de 3 condutores barato para venda<\/h2>\n<p>O cabo ACWU \u00e9 um tipo de <a href=\"https:\/\/huadongswacable.com\/pt\/fio-mc-cabo-de-baixo-preco\/\" target=\"_blank\" rel=\"noopener noreferrer\">cabo MC blindado interligado em liga de alum\u00ednio<\/a> com revestimento de PVC. Huadong Cable Group \u00e9 um fabricante profissional de fio ACWU de 3 condutores na China. Nosso fio de alum\u00ednio 3C #2 ACWU tem um mercado est\u00e1vel na Am\u00e9rica e no Canad\u00e1. Se voc\u00ea precisa de comprar alta qualidade e baixo pre\u00e7o 3C 1\/0 awg fio ACWU, ent\u00e3o Huadong ser\u00e1 a sua escolha ideal. Ao mesmo tempo, se voc\u00ea precisar de um monte de fio ACWU, n\u00f3s lhe daremos um desconto no pre\u00e7o do cabo ACWU90 600v. Ent\u00e3o, basta deixar o tamanho do seu cabo ACWU90 aia. Claro, voc\u00ea pode entrar em contato conosco diretamente se voc\u00ea j\u00e1 sabe que tipo de fio ACWU voc\u00ea precisa. Aguardamos a sua consulta.<\/p>\n<div class=\"row\">\n<div class=\"col-lg-6 col-md-12 col-xs-12 col-sm-12\">\n<img loading=\"lazy\" decoding=\"async\" class=\"aligncenter size-full wp-image-6455\" src=\"https:\/\/huadongswacable.com\/wp-content\/uploads\/2021\/10\/get-best-600v-3-conductor-acwu90-cable-price.jpg\" alt=\"obter o melhor pre\u00e7o do cabo 600v 3 condutores acwu90\" width=\"400\" height=\"245\" srcset=\"https:\/\/huadongswacable.com\/wp-content\/uploads\/2021\/10\/get-best-600v-3-conductor-acwu90-cable-price.jpg 400w, https:\/\/huadongswacable.com\/wp-content\/uploads\/2021\/10\/get-best-600v-3-conductor-acwu90-cable-price-300x184.jpg 300w\" sizes=\"auto, (max-width: 400px) 100vw, 400px\" \/><\/div>\n<div class=\"col-lg-6 col-md-12 col-xs-12 col-sm-12\">\n<p><strong>Tens\u00e3o:<\/strong> 600V<\/p>\n<p><strong>Condutores: S\u00f3lidos<\/strong>\/Cobre ou alum\u00ednio entran\u00e7ado<\/p>\n<p><strong>Camada de armadura:<\/strong> Armadura de alum\u00ednio entrela\u00e7ada (AIA)<\/p>\n<p><strong>N\u00facleos N.\u00ba:<\/strong> Individual\/dois\/tr\u00eas\/quatro<\/p>\n<p><strong>Camada de isolamento:<\/strong> Polietileno reticulado (XLPE)<\/p>\n<p><strong>Revestimento exterior:<\/strong> Cloreto de polivinilo (PVC)<\/p>\n<p><strong>Classifica\u00e7\u00e3o de temperatura:<\/strong> -40\u00b0C a 90\u00b0C<\/div>\n<\/div>\n<p>Devido ao seu excelente desempenho, o cabo AIA tem uma vasta gama de aplica\u00e7\u00f5es. Por exemplo, o cabo de alum\u00ednio para constru\u00e7\u00e3o ACWU90 \u00e9 adequado para cablagem exposta e oculta em locais secos, h\u00famidos ou molhados. E o fio ACWU #2 de 3 condutores tamb\u00e9m \u00e9 adequado para enterramento direto.<\/p>\n<p style=\"text-align: center;\"><span class=\"su-lightbox\" data-mfp-src=\"#Popup\" data-mfp-type=\"inline\" data-mobile=\"yes\"><button class=\"btn btn-danger btn-sm\" ><i class=\"fa fa-hand-o-right\" style=\"color:#ffffff;\"><\/i> Obter cota\u00e7\u00e3o<\/button><\/span>\n<h2>Encontrar um fabricante profissional de fio 600v 4C ACWU90<\/h2>\n<p>O condutor do cabo ACWU 90 \u00e9 de alum\u00ednio, que \u00e9 um fio compacto de classe \"B\". Al\u00e9m disso, se tiver um requisito espec\u00edfico, o condutor de cobre e o condutor de liga de alum\u00ednio est\u00e3o dispon\u00edveis. O material de isolamento do fio ACWU 600v 4 condutores \u00e9 polietileno reticulado (XLPE).  Para al\u00e9m disso, tamb\u00e9m temos <a href=\"https:\/\/huadongswacable.com\/pt\/cabo-teck-90-de-alta-qualidade-e-baixo-preco\/\" target=\"_blank\" rel=\"noopener noreferrer\">cabo teck90 barato para venda<\/a>. Ent\u00e3o, s\u00f3 precisa de deixar a sua informa\u00e7\u00e3o e dizer-nos os tamanhos de fio de constru\u00e7\u00e3o de alum\u00ednio ACWU 4C suas necessidades. Em seguida, enviaremos uma cota\u00e7\u00e3o de fio ACWU90 de 4 condutores de 250 mcm. No entanto, a camada de armadura do fio ACWU \u00e9 o cabo MC de Armadura Interbloqueada de Alum\u00ednio. Por isso, o cabo ACWU tem outro nome: cabo AIA. Al\u00e9m disso, o revestimento do fio de alum\u00ednio para constru\u00e7\u00e3o ACWU \u00e9 de cloreto de polivinilo resistente a gases de baixa acidez, retardador de chama, humidade e luz solar (<a href=\"https:\/\/huadongswacable.com\/pt\/cabo-mc-revestido-a-pvc\/\" target=\"_blank\" rel=\"noopener noreferrer\">PVC<\/a>). Assim, basta enviar o seu inqu\u00e9rito e obter a lista de pre\u00e7os do fio de alum\u00ednio para constru\u00e7\u00e3o 4C ACWU90.<\/p>\n<p><img loading=\"lazy\" decoding=\"async\" class=\"aligncenter size-full wp-image-6457\" src=\"https:\/\/huadongswacable.com\/wp-content\/uploads\/2021\/10\/600v-2awg-3-conductor-copper-acwu90-cable-price-list-Canada.jpg\" alt=\"600v 2awg 3 condutores de cobre acwu90 lista de pre\u00e7os de cabos Canad\u00e1\" width=\"800\" height=\"150\" srcset=\"https:\/\/huadongswacable.com\/wp-content\/uploads\/2021\/10\/600v-2awg-3-conductor-copper-acwu90-cable-price-list-Canada.jpg 800w, https:\/\/huadongswacable.com\/wp-content\/uploads\/2021\/10\/600v-2awg-3-conductor-copper-acwu90-cable-price-list-Canada-300x56.jpg 300w, https:\/\/huadongswacable.com\/wp-content\/uploads\/2021\/10\/600v-2awg-3-conductor-copper-acwu90-cable-price-list-Canada-768x144.jpg 768w\" sizes=\"auto, (max-width: 800px) 100vw, 800px\" \/>.<\/p>\n<p>Al\u00e9m disso, o cabo AIA pode ser utilizado para a cablagem de todos os locais perigosos. Al\u00e9m disso, este cabo de armadura interligada de alum\u00ednio 4\/0 (AIA) tamb\u00e9m pode ser utilizado para instala\u00e7\u00f5es de entrada de servi\u00e7o. Os nossos clientes disseram que o cabo de alimenta\u00e7\u00e3o Huadong AIA tem uma boa reputa\u00e7\u00e3o entre os utilizadores finais no Canad\u00e1. Ent\u00e3o voc\u00ea pode nos dizer sua lista de cabos de inqu\u00e9rito e quantidade de ordem. Em seguida, prometemos dar-lhe um pre\u00e7o satisfat\u00f3rio do fio ACWU 90.<\/p>\n<p style=\"text-align: center;\"><span class=\"su-lightbox\" data-mfp-src=\"#Popup\" data-mfp-type=\"inline\" data-mobile=\"yes\"><button class=\"btn btn-danger btn-sm\" ><i class=\"fa fa-hand-o-right\" style=\"color:#ffffff;\"><\/i> Obter cota\u00e7\u00e3o<\/button><\/span>\n<h2>Obter o melhor pre\u00e7o de cabo ACWU 250 MCM em Huadong<\/h2>\n<p>De facto, pode constatar que o pre\u00e7o do cabo ACWU90 de 600v 4c 250 mcm \u00e9 diferente. Porque o pre\u00e7o do material do cabo blindado n\u00e3o \u00e9 o mesmo. Ent\u00e3o, pode compreender que o pre\u00e7o do cabo ACWU90 de 250 mcm no Canad\u00e1 \u00e9 diferente do pre\u00e7o do cabo ACWU na Am\u00e9rica. Al\u00e9m do mais, se voc\u00ea comprar lotes de fio ACWU de 4\/0 3 condutores, o fornecedor do cabo dar\u00e1 o seu desconto no pre\u00e7o do cabo de alum\u00ednio ACWU.<\/p>\n<p><img loading=\"lazy\" decoding=\"async\" class=\"aligncenter wp-image-876 size-full\" src=\"https:\/\/huadongswacable.com\/wp-content\/uploads\/2018\/04\/discount-cheap-ACWU-90-cable-price.jpg\" alt=\"desconto barato 4 condutores ACWU 90 pre\u00e7o do fio de alum\u00ednio\" width=\"550\" height=\"284\" srcset=\"https:\/\/huadongswacable.com\/wp-content\/uploads\/2018\/04\/discount-cheap-ACWU-90-cable-price.jpg 550w, https:\/\/huadongswacable.com\/wp-content\/uploads\/2018\/04\/discount-cheap-ACWU-90-cable-price-300x155.jpg 300w\" sizes=\"auto, (max-width: 550px) 100vw, 550px\" \/><\/p>\n<p>Al\u00e9m disso, export\u00e1mos o nosso fio de alum\u00ednio para constru\u00e7\u00e3o com 4 condutores ACWU90 para mais de 30 pa\u00edses. Tais como, Am\u00e9rica, Canad\u00e1, I\u00e9men, Am\u00e9rica do Sul, Filipinas, Mal\u00e1sia, Indon\u00e9sia, Tail\u00e2ndia, Vietname, <span class=\"VIiyi\" lang=\"en\"><span class=\"JLqJ4b ChMk0b\" data-language-for-alternatives=\"en\" data-language-to-translate-into=\"zh-CN\" data-phrase-index=\"0\">Alemanha<\/span><\/span>etc. Assim, pode contactar-nos para obter a lista de pre\u00e7os do cabo 4\/3 ACWU na Am\u00e9rica ou no Canad\u00e1.<\/p>\n<div class=\"su-lightbox-content su-u-trim\" id=\"Popup\" style=\"display:none;width:auto;min-width:50%;max-width:70%;margin-top:40px;margin-bottom:40px;padding:40px;background:#e8e5e5;color:#060473;box-shadow:0px 0px 15px #333333;text-align:left\"><div role=\"form\" class=\"wpcf7\" id=\"wpcf7-f5571-o1\" lang=\"en-US\" dir=\"ltr\">\n<div class=\"screen-reader-response\"><p role=\"status\" aria-live=\"polite\" aria-atomic=\"true\"><\/p> <ul><\/ul><\/div>\n<form action=\"\/pt\/wp-json\/wp\/v2\/pages\/862#wpcf7-f5571-o1\" method=\"post\" class=\"wpcf7-form init\" novalidate=\"novalidate\" data-status=\"init\" data-trp-original-action=\"\/pt\/wp-json\/wp\/v2\/pages\/862#wpcf7-f5571-o1\">\n<div style=\"display: none;\">\n<input type=\"hidden\" name=\"_wpcf7\" value=\"5571\" \/>\n<input type=\"hidden\" name=\"_wpcf7_version\" value=\"5.5.6\" \/>\n<input type=\"hidden\" name=\"_wpcf7_locale\" value=\"en_US\" \/>\n<input type=\"hidden\" name=\"_wpcf7_unit_tag\" value=\"wpcf7-f5571-o1\" \/>\n<input type=\"hidden\" name=\"_wpcf7_container_post\" value=\"0\" \/>\n<input type=\"hidden\" name=\"_wpcf7_posted_data_hash\" value=\"\" \/>\n<\/div>\n<div class=\"popmakerform\">\n<p>O seu nome <span style=\"color:red;\">*<span><br \/>\n<span class=\"wpcf7-form-control-wrap your-name\"><input type=\"text\" name=\"your-name\" value=\"\" size=\"40\" class=\"wpcf7-form-control wpcf7-text wpcf7-validates-as-required\" aria-required=\"true\" aria-invalid=\"false\" \/><\/span><\/p>\n<p>O seu e-mail <span style=\"color:red;\">*<span><br \/>\n<span class=\"wpcf7-form-control-wrap your-email\"><input type=\"email\" name=\"your-email\" value=\"\" size=\"40\" class=\"wpcf7-form-control wpcf7-text wpcf7-email wpcf7-validates-as-required wpcf7-validates-as-email\" aria-required=\"true\" aria-invalid=\"false\" \/><\/span><\/p>\n<p>O seu n\u00famero de telefone<br \/>\n<span class=\"wpcf7-form-control-wrap your-phone\"><input type=\"text\" name=\"your-phone\" value=\"\" size=\"40\" class=\"wpcf7-form-control wpcf7-text\" aria-invalid=\"false\" \/><\/span><\/p>\n<p>O seu pa\u00eds<br \/>\n<span class=\"wpcf7-form-control-wrap your-country\"><input type=\"text\" name=\"your-country\" value=\"\" size=\"40\" class=\"wpcf7-form-control wpcf7-text\" aria-invalid=\"false\" \/><\/span><\/p>\n<p>Requisito pormenorizado <span style=\"color:red;\">*<span><br \/>\n<span class=\"wpcf7-form-control-wrap your-requirement\"><textarea name=\"your-requirement\" cols=\"40\" rows=\"4\" class=\"wpcf7-form-control wpcf7-textarea wpcf7-validates-as-required\" aria-required=\"true\" aria-invalid=\"false\"><\/textarea><\/span><\/p>\n<p><input type=\"submit\" value=\"Obter cota\u00e7\u00e3o\" class=\"wpcf7-form-control has-spinner wpcf7-submit\" \/><\/p>\n<\/div>\n<p style=\"display: none !important;\"><label>&#916;<textarea name=\"_wpcf7_ak_hp_textarea\" cols=\"45\" rows=\"8\" maxlength=\"100\"><\/textarea><\/label><input type=\"hidden\" id=\"ak_js_1\" name=\"_wpcf7_ak_js\" value=\"105\"\/><script>document.getElementById( \"ak_js_1\" ).setAttribute( \"value\", ( new Date() ).getTime() );<\/script><\/p><input type='hidden' class='wpcf7-pum' value='{\"closepopup\":false,\"closedelay\":0,\"openpopup\":false,\"openpopup_id\":0}' \/><div class=\"wpcf7-response-output\" aria-hidden=\"true\"><\/div><input type=\"hidden\" name=\"trp-form-language\" value=\"pt\"\/><\/form><\/div><\/div>\n<h3>Por favor, sinta-se livre para deixar sua exig\u00eancia. Responder-lhe-emos no prazo de 12 horas.<\/h3>\n<p><strong>Correio electr\u00f3nico: <a href=\"mailto:info@huadongswacable.com\" rel=\"nofollow\">info@huadongswacable.com<\/a><\/strong><\/p>\n<div role=\"form\" class=\"wpcf7\" id=\"wpcf7-f6-o2\" lang=\"en-US\" dir=\"ltr\">\n<div class=\"screen-reader-response\"><p role=\"status\" aria-live=\"polite\" aria-atomic=\"true\"><\/p> <ul><\/ul><\/div>\n<form action=\"\/pt\/wp-json\/wp\/v2\/pages\/862#wpcf7-f6-o2\" method=\"post\" class=\"wpcf7-form init\" novalidate=\"novalidate\" data-status=\"init\" data-trp-original-action=\"\/pt\/wp-json\/wp\/v2\/pages\/862#wpcf7-f6-o2\">\n<div style=\"display: none;\">\n<input type=\"hidden\" name=\"_wpcf7\" value=\"6\" \/>\n<input type=\"hidden\" name=\"_wpcf7_version\" value=\"5.5.6\" \/>\n<input type=\"hidden\" name=\"_wpcf7_locale\" value=\"en_US\" \/>\n<input type=\"hidden\" name=\"_wpcf7_unit_tag\" value=\"wpcf7-f6-o2\" \/>\n<input type=\"hidden\" name=\"_wpcf7_container_post\" value=\"0\" \/>\n<input type=\"hidden\" name=\"_wpcf7_posted_data_hash\" value=\"\" \/>\n<\/div>\n<div class=\"messageform\">\n<p><strong><span style=\"color:red;\"><\/span> O seu nome<\/strong><br \/>\n    <span class=\"wpcf7-form-control-wrap your-name\"><input type=\"text\" name=\"your-name\" value=\"\" size=\"40\" class=\"wpcf7-form-control wpcf7-text\" aria-invalid=\"false\" \/><\/span> <\/p>\n<p><strong><span style=\"color:red;\">*<\/span> O seu e-mail<\/strong><br \/>\n    <span class=\"wpcf7-form-control-wrap your-email\"><input type=\"email\" name=\"your-email\" value=\"\" size=\"40\" class=\"wpcf7-form-control wpcf7-text wpcf7-email wpcf7-validates-as-required wpcf7-validates-as-email\" aria-required=\"true\" aria-invalid=\"false\" \/><\/span> <\/p>\n<p><strong>O seu n\u00famero de telefone<\/strong><br \/>\n    <span class=\"wpcf7-form-control-wrap your-phone\"><input type=\"text\" name=\"your-phone\" value=\"\" size=\"40\" class=\"wpcf7-form-control wpcf7-text\" aria-invalid=\"false\" placeholder=\"Incluir o c\u00f3digo de \u00e1rea\" \/><\/span> <\/p>\n<p><strong>O seu pa\u00eds<\/strong><br \/>\n    <span class=\"wpcf7-form-control-wrap your-country\"><input type=\"text\" name=\"your-country\" value=\"\" size=\"40\" class=\"wpcf7-form-control wpcf7-text\" aria-invalid=\"false\" \/><\/span> <\/p>\n<p><strong><span style=\"color:red;\">*<\/span> O seu requisito<\/strong><br \/>\n    <span class=\"wpcf7-form-control-wrap your-requirement\"><textarea name=\"your-requirement\" cols=\"40\" rows=\"10\" class=\"wpcf7-form-control wpcf7-textarea wpcf7-validates-as-required bestonmessage\" aria-required=\"true\" aria-invalid=\"false\" placeholder=\"Para obter uma cota\u00e7\u00e3o detalhada, envie-nos o seu pedido detalhado.\"><\/textarea><\/span> <\/p>\n<p><input type=\"submit\" value=\"Enviar mensagem\" class=\"wpcf7-form-control has-spinner wpcf7-submit\" \/><\/p>\n<\/div>\n<p style=\"display: none !important;\"><label>&#916;<textarea name=\"_wpcf7_ak_hp_textarea\" cols=\"45\" rows=\"8\" maxlength=\"100\"><\/textarea><\/label><input type=\"hidden\" id=\"ak_js_2\" name=\"_wpcf7_ak_js\" value=\"9\"\/><script>document.getElementById( \"ak_js_2\" ).setAttribute( \"value\", ( new Date() ).getTime() );<\/script><\/p><input type='hidden' class='wpcf7-pum' value='{\"closepopup\":false,\"closedelay\":0,\"openpopup\":false,\"openpopup_id\":0}' \/><div class=\"wpcf7-response-output\" aria-hidden=\"true\"><\/div><input type=\"hidden\" name=\"trp-form-language\" value=\"pt\"\/><\/form><\/div>","protected":false},"excerpt":{"rendered":"<p>Como um fabricante profissional de cabo ACWU, n\u00f3s podemos fornecer diferentes tamanhos de cabo blindado de alum\u00ednio com intertravamento. Assim, voc\u00ea pode comprar o cabo #2, #4, #6 ACWU90 de nossa empresa. E mais, se voc\u00ea quiser saber quanto custa o cabo ACWU90 de 600v 3 condutores por metro, deixe sua mensagem. O nosso gerente ir\u00e1 enviar o melhor cabo ACWU 3C ... <a class=\"read-more\" href=\"https:\/\/huadongswacable.com\/pt\/cabo-acwu-de-baixo-preco\/\">Ler mais...<\/a><\/p>","protected":false},"author":1,"featured_media":0,"parent":0,"menu_order":0,"comment_status":"closed","ping_status":"closed","template":"","meta":{"footnotes":""},"class_list":["post-862","page","type-page","status-publish"],"yoast_head":"<!-- This site is optimized with the Yoast SEO plugin v18.4.1 - https:\/\/yoast.com\/wordpress\/plugins\/seo\/ -->\n<title>3C 4C ACWU Cable #2 #4 #6 Price | 4\/0 3 conductor ACWU90 AIA Cable<\/title>\n<meta name=\"description\" content=\"As #2 #4 #6 gauge 3 conductor acwu90 cable manufacturer, we can supply best 600v 4\/0 3C 4C aluminum xlpe acwu cable Canada price per meter.\" \/>\n<meta name=\"robots\" content=\"index, follow, max-snippet:-1, max-image-preview:large, max-video-preview:-1\" \/>\n<link rel=\"canonical\" href=\"http:\/\/huadongswacable.com\/pt\/low-price-acwu-cable\/\" \/>\n<meta property=\"og:locale\" content=\"pt_PT\" \/>\n<meta property=\"og:type\" content=\"article\" \/>\n<meta property=\"og:title\" content=\"3C 4C ACWU Cable #2 #4 #6 Price | 4\/0 3 conductor ACWU90 AIA Cable\" \/>\n<meta property=\"og:description\" content=\"As #2 #4 #6 gauge 3 conductor acwu90 cable manufacturer, we can supply best 600v 4\/0 3C 4C aluminum xlpe acwu cable Canada price per meter.\" \/>\n<meta property=\"og:url\" content=\"http:\/\/huadongswacable.com\/pt\/low-price-acwu-cable\/\" \/>\n<meta property=\"og:site_name\" content=\"Huadong SWA Cable\" \/>\n<meta property=\"article:modified_time\" content=\"2022-12-19T07:59:32+00:00\" \/>\n<meta property=\"og:image\" content=\"https:\/\/huadongswacable.com\/wp-content\/uploads\/2021\/10\/how-much-is-600V-2-4-6-3C-4C-acwu90-cable-per-meter.jpg\" \/>\n<meta name=\"twitter:card\" content=\"summary_large_image\" \/>\n<meta name=\"twitter:label1\" content=\"Tempo estimado de leitura\" \/>\n\t<meta name=\"twitter:data1\" content=\"4 minutos\" \/>\n<script type=\"application\/ld+json\" class=\"yoast-schema-graph\">{\"@context\":\"https:\/\/schema.org\",\"@graph\":[{\"@type\":\"WebSite\",\"@id\":\"http:\/\/huadongswacable.com\/ru\/#website\",\"url\":\"http:\/\/huadongswacable.com\/ru\/\",\"name\":\"Huadong SWA Cable\",\"description\":\"Huadong SWA Cable\",\"potentialAction\":[{\"@type\":\"SearchAction\",\"target\":{\"@type\":\"EntryPoint\",\"urlTemplate\":\"http:\/\/huadongswacable.com\/ru\/?s={search_term_string}\"},\"query-input\":\"required name=search_term_string\"}],\"inLanguage\":\"pt-PT\"},{\"@type\":\"ImageObject\",\"@id\":\"http:\/\/huadongswacable.com\/fr\/low-price-acwu-cable\/#primaryimage\",\"inLanguage\":\"pt-PT\",\"url\":\"https:\/\/huadongswacable.com\/wp-content\/uploads\/2021\/10\/how-much-is-600V-2-4-6-3C-4C-acwu90-cable-per-meter.jpg\",\"contentUrl\":\"https:\/\/huadongswacable.com\/wp-content\/uploads\/2021\/10\/how-much-is-600V-2-4-6-3C-4C-acwu90-cable-per-meter.jpg\",\"width\":828,\"height\":281,\"caption\":\"how much is 600V #2 #4 #6 3C 4C acwu90 cable per meter\"},{\"@type\":\"WebPage\",\"@id\":\"http:\/\/huadongswacable.com\/fr\/low-price-acwu-cable\/#webpage\",\"url\":\"http:\/\/huadongswacable.com\/fr\/low-price-acwu-cable\/\",\"name\":\"3C 4C ACWU Cable #2 #4 #6 Price | 4\/0 3 conductor ACWU90 AIA Cable\",\"isPartOf\":{\"@id\":\"http:\/\/huadongswacable.com\/ru\/#website\"},\"primaryImageOfPage\":{\"@id\":\"http:\/\/huadongswacable.com\/fr\/low-price-acwu-cable\/#primaryimage\"},\"datePublished\":\"2018-04-21T07:29:21+00:00\",\"dateModified\":\"2022-12-19T07:59:32+00:00\",\"description\":\"As #2 #4 #6 gauge 3 conductor acwu90 cable manufacturer, we can supply best 600v 4\/0 3C 4C aluminum xlpe acwu cable Canada price per meter.\",\"breadcrumb\":{\"@id\":\"http:\/\/huadongswacable.com\/fr\/low-price-acwu-cable\/#breadcrumb\"},\"inLanguage\":\"pt-PT\",\"potentialAction\":[{\"@type\":\"ReadAction\",\"target\":[\"http:\/\/huadongswacable.com\/fr\/low-price-acwu-cable\/\"]}]},{\"@type\":\"BreadcrumbList\",\"@id\":\"http:\/\/huadongswacable.com\/fr\/low-price-acwu-cable\/#breadcrumb\",\"itemListElement\":[{\"@type\":\"ListItem\",\"position\":1,\"name\":\"Home\",\"item\":\"http:\/\/huadongswacable.com\/ru\/\"},{\"@type\":\"ListItem\",\"position\":2,\"name\":\"ACWU Cable 600V 1C 3C 4C 1AWG 2AWG 4AWG 6AWG AIA Cable\"}]}]}<\/script>\n<!-- \/ Yoast SEO plugin. -->","yoast_head_json":{"title":"3C 4C ACWU Cable #2 #4 #6 Price | 4\/0 3 conductor ACWU90 AIA Cable","description":"As #2 #4 #6 gauge 3 conductor acwu90 cable manufacturer, we can supply best 600v 4\/0 3C 4C aluminum xlpe acwu cable Canada price per meter.","robots":{"index":"index","follow":"follow","max-snippet":"max-snippet:-1","max-image-preview":"max-image-preview:large","max-video-preview":"max-video-preview:-1"},"canonical":"http:\/\/huadongswacable.com\/pt\/low-price-acwu-cable\/","og_locale":"pt_PT","og_type":"article","og_title":"3C 4C ACWU Cable #2 #4 #6 Price | 4\/0 3 conductor ACWU90 AIA Cable","og_description":"As #2 #4 #6 gauge 3 conductor acwu90 cable manufacturer, we can supply best 600v 4\/0 3C 4C aluminum xlpe acwu cable Canada price per meter.","og_url":"http:\/\/huadongswacable.com\/pt\/low-price-acwu-cable\/","og_site_name":"Huadong SWA Cable","article_modified_time":"2022-12-19T07:59:32+00:00","og_image":[{"url":"https:\/\/huadongswacable.com\/wp-content\/uploads\/2021\/10\/how-much-is-600V-2-4-6-3C-4C-acwu90-cable-per-meter.jpg"}],"twitter_card":"summary_large_image","twitter_misc":{"Tempo estimado de leitura":"4 minutos"},"schema":{"@context":"https:\/\/schema.org","@graph":[{"@type":"WebSite","@id":"http:\/\/huadongswacable.com\/ru\/#website","url":"http:\/\/huadongswacable.com\/ru\/","name":"Huadong SWA Cable","description":"Huadong SWA Cable","potentialAction":[{"@type":"SearchAction","target":{"@type":"EntryPoint","urlTemplate":"http:\/\/huadongswacable.com\/ru\/?s={search_term_string}"},"query-input":"required name=search_term_string"}],"inLanguage":"pt-PT"},{"@type":"ImageObject","@id":"http:\/\/huadongswacable.com\/fr\/low-price-acwu-cable\/#primaryimage","inLanguage":"pt-PT","url":"https:\/\/huadongswacable.com\/wp-content\/uploads\/2021\/10\/how-much-is-600V-2-4-6-3C-4C-acwu90-cable-per-meter.jpg","contentUrl":"https:\/\/huadongswacable.com\/wp-content\/uploads\/2021\/10\/how-much-is-600V-2-4-6-3C-4C-acwu90-cable-per-meter.jpg","width":828,"height":281,"caption":"how much is 600V #2 #4 #6 3C 4C acwu90 cable per meter"},{"@type":"WebPage","@id":"http:\/\/huadongswacable.com\/fr\/low-price-acwu-cable\/#webpage","url":"http:\/\/huadongswacable.com\/fr\/low-price-acwu-cable\/","name":"3C 4C ACWU Cable #2 #4 #6 Price | 4\/0 3 conductor ACWU90 AIA Cable","isPartOf":{"@id":"http:\/\/huadongswacable.com\/ru\/#website"},"primaryImageOfPage":{"@id":"http:\/\/huadongswacable.com\/fr\/low-price-acwu-cable\/#primaryimage"},"datePublished":"2018-04-21T07:29:21+00:00","dateModified":"2022-12-19T07:59:32+00:00","description":"As #2 #4 #6 gauge 3 conductor acwu90 cable manufacturer, we can supply best 600v 4\/0 3C 4C aluminum xlpe acwu cable Canada price per meter.","breadcrumb":{"@id":"http:\/\/huadongswacable.com\/fr\/low-price-acwu-cable\/#breadcrumb"},"inLanguage":"pt-PT","potentialAction":[{"@type":"ReadAction","target":["http:\/\/huadongswacable.com\/fr\/low-price-acwu-cable\/"]}]},{"@type":"BreadcrumbList","@id":"http:\/\/huadongswacable.com\/fr\/low-price-acwu-cable\/#breadcrumb","itemListElement":[{"@type":"ListItem","position":1,"name":"Home","item":"http:\/\/huadongswacable.com\/ru\/"},{"@type":"ListItem","position":2,"name":"ACWU Cable 600V 1C 3C 4C 1AWG 2AWG 4AWG 6AWG AIA Cable"}]}]}},"_links":{"self":[{"href":"https:\/\/huadongswacable.com\/pt\/wp-json\/wp\/v2\/pages\/862","targetHints":{"allow":["GET"]}}],"collection":[{"href":"https:\/\/huadongswacable.com\/pt\/wp-json\/wp\/v2\/pages"}],"about":[{"href":"https:\/\/huadongswacable.com\/pt\/wp-json\/wp\/v2\/types\/page"}],"author":[{"embeddable":true,"href":"https:\/\/huadongswacable.com\/pt\/wp-json\/wp\/v2\/users\/1"}],"replies":[{"embeddable":true,"href":"https:\/\/huadongswacable.com\/pt\/wp-json\/wp\/v2\/comments?post=862"}],"version-history":[{"count":29,"href":"https:\/\/huadongswacable.com\/pt\/wp-json\/wp\/v2\/pages\/862\/revisions"}],"predecessor-version":[{"id":7780,"href":"https:\/\/huadongswacable.com\/pt\/wp-json\/wp\/v2\/pages\/862\/revisions\/7780"}],"wp:attachment":[{"href":"https:\/\/huadongswacable.com\/pt\/wp-json\/wp\/v2\/media?parent=862"}],"curies":[{"name":"wp","href":"https:\/\/api.w.org\/{rel}","templated":true}]}}