{"id":81,"date":"2018-03-08T12:01:33","date_gmt":"2018-03-08T04:01:33","guid":{"rendered":"http:\/\/huadongswacable.com\/?page_id=81"},"modified":"2022-12-19T14:37:02","modified_gmt":"2022-12-19T06:37:02","slug":"5-core-armoured-cable-customization","status":"publish","type":"page","link":"https:\/\/huadongswacable.com\/pt\/personalizacao-de-cabos-blindados-de-5-nucleos\/","title":{"rendered":"6mm 10mm 16mm 25mm 35mm Personaliza\u00e7\u00e3o do cabo blindado de 5 n\u00facleos"},"content":{"rendered":"<p><img loading=\"lazy\" decoding=\"async\" class=\"aligncenter wp-image-5084\" src=\"https:\/\/huadongswacable.com\/wp-content\/uploads\/2020\/12\/25mm-5-core-swa-cable-specification.jpg\" alt=\"Especifica\u00e7\u00e3o do cabo swa de 5 n\u00facleos de 25 mm\" width=\"761\" height=\"217\" srcset=\"https:\/\/huadongswacable.com\/wp-content\/uploads\/2020\/12\/25mm-5-core-swa-cable-specification.jpg 750w, https:\/\/huadongswacable.com\/wp-content\/uploads\/2020\/12\/25mm-5-core-swa-cable-specification-300x86.jpg 300w\" sizes=\"auto, (max-width: 761px) 100vw, 761px\" \/><\/p>\n<p>Por favor, envie-nos o seu inqu\u00e9rito 16mm 5 core armoured power cable list and order quantity. O nosso gestor de vendas enviar-lhe-\u00e1 os nossos documentos de oferta no prazo de 12 horas.<\/p>\n<p style=\"text-align: center;\"><span class=\"su-lightbox\" data-mfp-src=\"#Popup\" data-mfp-type=\"inline\" data-mobile=\"yes\"><button class=\"btn btn-danger btn-sm\" ><i class=\"fa fa-hand-o-right\" style=\"color:#ffffff;\"><\/i> Obter cota\u00e7\u00e3o<\/button><\/span>\n<h2>Cabo blindado de 5 condutores do Grupo Huadong<\/h2>\n<p>Huadong Cable Group \u00e9 um fabricante l\u00edder de cabos blindados de 5 n\u00facleos. Fornecemos <a href=\"https:\/\/huadongswacable.com\/pt\/prevenir-o-incendio-do-cabo-de-alimentacao-de-baixa-tensao\/\">cabo blindado de baixa tens\u00e3o<\/a> e <a href=\"https:\/\/huadongswacable.com\/pt\/xlpe-medium-voltage-cable-customization\/\">cabo blindado de m\u00e9dia tens\u00e3o<\/a>.  Todos estes cabos blindados de 5 n\u00facleos cumprem as normas e especifica\u00e7\u00f5es americanas, brit\u00e2nicas, francesas, europeias e internacionais. Estes incluem cabo swa de 3 n\u00facleos, cabo swa de 4 n\u00facleos, cabo swa de 5 n\u00facleos e assim por diante. Naturalmente, somos capazes de fornecer uma gama abrangente de cabo swa de 5 n\u00facleos. Enquanto isso, podemos personalizar o cabo swa de 5 n\u00facleos para atender \u00e0s especifica\u00e7\u00f5es ou padr\u00f5es do mercado e do cliente. N\u00e3o importa quanto o condutor do cabo swa de 5 fases e o tamanho da sec\u00e7\u00e3o transversal do condutor do cabo blindado de 5 n\u00facleos. N\u00f3s produziremos para si. Basta dizer-nos os seus requisitos.<\/p>\n<div class=\"row prolisttable\">\n<div class=\"row\"><\/div>\n<div class=\"col-lg-4 col-md-12 col-xs-12 col-sm-12\">\n<p>&nbsp;<\/p>\n<p><img loading=\"lazy\" decoding=\"async\" class=\"aligncenter wp-image-642\" src=\"https:\/\/huadongswacable.com\/wp-content\/uploads\/2018\/04\/PVC-5-core-swa-cable-free-samples.jpg\" alt=\"PVC 5 core swa cable amostras gr\u00e1tis\" width=\"373\" height=\"283\" srcset=\"https:\/\/huadongswacable.com\/wp-content\/uploads\/2018\/04\/PVC-5-core-swa-cable-free-samples.jpg 328w, https:\/\/huadongswacable.com\/wp-content\/uploads\/2018\/04\/PVC-5-core-swa-cable-free-samples-300x228.jpg 300w\" sizes=\"auto, (max-width: 373px) 100vw, 373px\" \/><\/p>\n<\/div>\n<div class=\"col-lg-8 col-md-12 col-xs-12 col-sm-12\">\n<p><strong>Maestro:<\/strong> Alum\u00ednio ou cobre<\/p>\n<p><strong>Tens\u00e3o:<\/strong> at\u00e9 35 KV<\/p>\n<p><strong>Blindado:<\/strong> SWA (armadura de fio de a\u00e7o) \/ STA (armadura de fita de a\u00e7o) \/ AWA (armadura de fio de alum\u00ednio)<\/p>\n<p><strong>Isolamento:<\/strong> XLPE \/ PVC \/ LSF \/ Resistente ao fogo<\/p>\n<p><strong>Padr\u00e3o:<\/strong> IEC 60502, BS 7870, GB\/ T12706 ou outro.<\/p>\n<p><strong>Aplica\u00e7\u00e3o:<\/strong> Constru\u00e7\u00e3o, engenharia, caminhos-de-ferro, escola, hospital, metropolitano, etc.<\/p>\n<p style=\"text-align: center;\"><span class=\"su-lightbox\" data-mfp-src=\"#Popup\" data-mfp-type=\"inline\" data-mobile=\"yes\"><button class=\"btn btn-danger btn-sm\" ><i class=\"fa fa-hand-o-right\" style=\"color:#ffffff;\"><\/i> Obter cota\u00e7\u00e3o<\/button><\/span>\n<\/div>\n<\/div>\n<h2>Qual \u00e9 a estrutura de um cabo blindado de 5 n\u00facleos de 10 mm?<\/h2>\n<p>Em geral, a constru\u00e7\u00e3o de 5 n\u00facleos <a href=\"https:\/\/huadongswacable.com\/pt\/preco-do-cabo-blindado-de-10-mm\/\" target=\"_blank\" rel=\"noopener noreferrer\">Cabo swa de 10 mm<\/a> \u00e9 composto por quatro componentes. S\u00e3o eles o condutor, o isolamento, o revestimento interior e a bainha. O condutor do cabo blindado de 5 n\u00facleos \u00e9 o fio de cobre ou o fio de alum\u00ednio. Esta \u00e9 a parte mais importante do cabo blindado de 5 n\u00facleos.<\/p>\n<div class=\"row prolisttable\">\n<div class=\"row\"><\/div>\n<div class=\"col-lg-4 col-md-12 col-xs-12 col-sm-12\">\n<img loading=\"lazy\" decoding=\"async\" class=\"aligncenter size-full wp-image-5094\" src=\"https:\/\/huadongswacable.com\/wp-content\/uploads\/2020\/12\/0.6-1kv-10mm-5-core-swa-cable-.jpg\" alt=\"0,6\/1kv 10mm 5 core swa tamanho do cabo\" width=\"298\" height=\"294\" \/><\/div>\n<div class=\"col-lg-8 col-md-12 col-xs-12 col-sm-12\">\n<p><strong>Tens\u00e3o:<\/strong> 0,6\/1KV<\/p>\n<p><strong>Tamanho:<\/strong> 4mm, 6mm, 10mm, 16mm, 25mm, 35mm, 50mm, 70mm, 95mm, 120mm, 185mm e assim por diante<\/p>\n<p><strong>Blindado:<\/strong> SWA (armadura de fio de a\u00e7o) \/ STA (armadura de fita de a\u00e7o) \/ AWA (armadura de fio de alum\u00ednio)<\/p>\n<p><strong>Isolamento:<\/strong> XLPE \/ PVC \/ LSF \/ Resistente ao fogo<\/p>\n<p><strong>Padr\u00e3o:<\/strong> IEC 60502, BS 7870, GB\/ T12706 ou outro.<\/p>\n<p><strong>Embalagem:<\/strong>\u00a0Tambor de ferro ou madeira<\/p>\n<p style=\"text-align: center;\"><span class=\"su-lightbox\" data-mfp-src=\"#Popup\" data-mfp-type=\"inline\" data-mobile=\"yes\"><button class=\"btn btn-danger btn-sm\" ><i class=\"fa fa-hand-o-right\" style=\"color:#ffffff;\"><\/i> Obter cota\u00e7\u00e3o<\/button><\/span>\n<\/div>\n<\/div>\n<p>O material da camada de isolamento \u00e9 XLPE ou PVC. O isolamento XLPE tem maior resist\u00eancia \u00e0 temperatura do que o isolamento de PVC. E a excelente resist\u00eancia diel\u00e9ctrica do cabo swa de 5 n\u00facleos proporciona propriedades el\u00e9ctricas melhoradas. A armadura de fio de a\u00e7o fornece prote\u00e7\u00e3o mec\u00e2nica para permitir que o cabo swa de 5 n\u00facleos resista \u00e0s tens\u00f5es mec\u00e2nicas. Se quiser saber mais detalhes sobre a estrutura do cabo swa de 5 n\u00facleos, contacte-nos.<\/p>\n<p><img loading=\"lazy\" decoding=\"async\" class=\"aligncenter size-full wp-image-5377\" src=\"https:\/\/huadongswacable.com\/wp-content\/uploads\/2021\/03\/get-best-25mm-5-core-armoured-cable-price.jpg\" alt=\"obter o melhor pre\u00e7o de cabo blindado de 25 mm com 5 condutores\" width=\"800\" height=\"245\" srcset=\"https:\/\/huadongswacable.com\/wp-content\/uploads\/2021\/03\/get-best-25mm-5-core-armoured-cable-price.jpg 800w, https:\/\/huadongswacable.com\/wp-content\/uploads\/2021\/03\/get-best-25mm-5-core-armoured-cable-price-300x92.jpg 300w, https:\/\/huadongswacable.com\/wp-content\/uploads\/2021\/03\/get-best-25mm-5-core-armoured-cable-price-768x235.jpg 768w\" sizes=\"auto, (max-width: 800px) 100vw, 800px\" \/><\/p>\n<p style=\"text-align: center;\"><span class=\"su-lightbox\" data-mfp-src=\"#Popup\" data-mfp-type=\"inline\" data-mobile=\"yes\"><button class=\"btn btn-danger btn-sm\" ><i class=\"fa fa-hand-o-right\" style=\"color:#ffffff;\"><\/i> Obter cota\u00e7\u00e3o<\/button><\/span>\n<h2>Huadong Group fornece servi\u00e7o personalizado de cabo swa de 5 n\u00facleos.<\/h2>\n<p>A Huadong produz uma vasta gama de cabos armados com fio de a\u00e7o de 5 n\u00facleos para utiliza\u00e7\u00e3o em aplica\u00e7\u00f5es de servi\u00e7os p\u00fablicos. Fornecemos cabo blindado de 5 n\u00facleos para utiliza\u00e7\u00e3o com uma tens\u00e3o de 0,6\/1kv cabo de alimenta\u00e7\u00e3o de baixa tens\u00e3o a 35KV cabo de m\u00e9dia tens\u00e3o. O material de isolamento pode ser EPR, PVC, XLPE e HPTE. O condutor pode ser de cobre s\u00f3lido ou entran\u00e7ado, ou de alum\u00ednio em triplex e quintuplo. O cabo de alimenta\u00e7\u00e3o de 5 n\u00facleos pode ser blindado ou n\u00e3o blindado. Seguiremos rigorosamente as especifica\u00e7\u00f5es do cabo armado de 5 n\u00facleos que nos fornecer. Na nossa f\u00e1brica, podemos fornecer 10mm, 16mm, 25mm, 50mm, 70mm, 95mm, 120mm, 150mm, 185mm, 240mm, 300mm e outros tamanhos.  Que tipo de cabo swa de 5 n\u00facleos voc\u00ea precisa? Deixe sua mensagem agora mesmo para obter sua cota\u00e7\u00e3o, n\u00f3s responderemos o mais r\u00e1pido poss\u00edvel.<\/p>\n<p><img loading=\"lazy\" decoding=\"async\" class=\"size-full aligncenter\" src=\"https:\/\/huadongswacable.com\/wp-content\/uploads\/2020\/08\/240mm-aluminium-sector-cable-price.jpg\" alt=\"F\u00e1brica de cabos blindados 5 core swa\" width=\"800\" height=\"414\" \/><\/p>\n<div class=\"su-lightbox-content su-u-trim\" id=\"Popup\" style=\"display:none;width:auto;min-width:50%;max-width:70%;margin-top:40px;margin-bottom:40px;padding:40px;background:#e8e5e5;color:#060473;box-shadow:0px 0px 15px #333333;text-align:left\"><div role=\"form\" class=\"wpcf7\" id=\"wpcf7-f5571-o1\" lang=\"en-US\" dir=\"ltr\">\n<div class=\"screen-reader-response\"><p role=\"status\" aria-live=\"polite\" aria-atomic=\"true\"><\/p> <ul><\/ul><\/div>\n<form action=\"\/pt\/wp-json\/wp\/v2\/pages\/81#wpcf7-f5571-o1\" method=\"post\" class=\"wpcf7-form init\" novalidate=\"novalidate\" data-status=\"init\" data-trp-original-action=\"\/pt\/wp-json\/wp\/v2\/pages\/81#wpcf7-f5571-o1\">\n<div style=\"display: none;\">\n<input type=\"hidden\" name=\"_wpcf7\" value=\"5571\" \/>\n<input type=\"hidden\" name=\"_wpcf7_version\" value=\"5.5.6\" \/>\n<input type=\"hidden\" name=\"_wpcf7_locale\" value=\"en_US\" \/>\n<input type=\"hidden\" name=\"_wpcf7_unit_tag\" value=\"wpcf7-f5571-o1\" \/>\n<input type=\"hidden\" name=\"_wpcf7_container_post\" value=\"0\" \/>\n<input type=\"hidden\" name=\"_wpcf7_posted_data_hash\" value=\"\" \/>\n<\/div>\n<div class=\"popmakerform\">\n<p>O seu nome <span style=\"color:red;\">*<span><br \/>\n<span class=\"wpcf7-form-control-wrap your-name\"><input type=\"text\" name=\"your-name\" value=\"\" size=\"40\" class=\"wpcf7-form-control wpcf7-text wpcf7-validates-as-required\" aria-required=\"true\" aria-invalid=\"false\" \/><\/span><\/p>\n<p>O seu e-mail <span style=\"color:red;\">*<span><br \/>\n<span class=\"wpcf7-form-control-wrap your-email\"><input type=\"email\" name=\"your-email\" value=\"\" size=\"40\" class=\"wpcf7-form-control wpcf7-text wpcf7-email wpcf7-validates-as-required wpcf7-validates-as-email\" aria-required=\"true\" aria-invalid=\"false\" \/><\/span><\/p>\n<p>O seu n\u00famero de telefone<br \/>\n<span class=\"wpcf7-form-control-wrap your-phone\"><input type=\"text\" name=\"your-phone\" value=\"\" size=\"40\" class=\"wpcf7-form-control wpcf7-text\" aria-invalid=\"false\" \/><\/span><\/p>\n<p>O seu pa\u00eds<br \/>\n<span class=\"wpcf7-form-control-wrap your-country\"><input type=\"text\" name=\"your-country\" value=\"\" size=\"40\" class=\"wpcf7-form-control wpcf7-text\" aria-invalid=\"false\" \/><\/span><\/p>\n<p>Requisito pormenorizado <span style=\"color:red;\">*<span><br \/>\n<span class=\"wpcf7-form-control-wrap your-requirement\"><textarea name=\"your-requirement\" cols=\"40\" rows=\"4\" class=\"wpcf7-form-control wpcf7-textarea wpcf7-validates-as-required\" aria-required=\"true\" aria-invalid=\"false\"><\/textarea><\/span><\/p>\n<p><input type=\"submit\" value=\"Obter cota\u00e7\u00e3o\" class=\"wpcf7-form-control has-spinner wpcf7-submit\" \/><\/p>\n<\/div>\n<p style=\"display: none !important;\"><label>&#916;<textarea name=\"_wpcf7_ak_hp_textarea\" cols=\"45\" rows=\"8\" maxlength=\"100\"><\/textarea><\/label><input type=\"hidden\" id=\"ak_js_1\" name=\"_wpcf7_ak_js\" value=\"15\"\/><script>document.getElementById( \"ak_js_1\" ).setAttribute( \"value\", ( new Date() ).getTime() );<\/script><\/p><input type='hidden' class='wpcf7-pum' value='{\"closepopup\":false,\"closedelay\":0,\"openpopup\":false,\"openpopup_id\":0}' \/><div class=\"wpcf7-response-output\" aria-hidden=\"true\"><\/div><input type=\"hidden\" name=\"trp-form-language\" value=\"pt\"\/><\/form><\/div><\/div>\n<h3>Por favor, sinta-se livre para deixar sua exig\u00eancia. Responder-lhe-emos no prazo de 12 horas.<\/h3>\n<p><strong>Correio electr\u00f3nico: <a href=\"mailto:info@huadongswacable.com\" rel=\"nofollow\">info@huadongswacable.com<\/a><\/strong><\/p>\n<div role=\"form\" class=\"wpcf7\" id=\"wpcf7-f6-o2\" lang=\"en-US\" dir=\"ltr\">\n<div class=\"screen-reader-response\"><p role=\"status\" aria-live=\"polite\" aria-atomic=\"true\"><\/p> <ul><\/ul><\/div>\n<form action=\"\/pt\/wp-json\/wp\/v2\/pages\/81#wpcf7-f6-o2\" method=\"post\" class=\"wpcf7-form init\" novalidate=\"novalidate\" data-status=\"init\" data-trp-original-action=\"\/pt\/wp-json\/wp\/v2\/pages\/81#wpcf7-f6-o2\">\n<div style=\"display: none;\">\n<input type=\"hidden\" name=\"_wpcf7\" value=\"6\" \/>\n<input type=\"hidden\" name=\"_wpcf7_version\" value=\"5.5.6\" \/>\n<input type=\"hidden\" name=\"_wpcf7_locale\" value=\"en_US\" \/>\n<input type=\"hidden\" name=\"_wpcf7_unit_tag\" value=\"wpcf7-f6-o2\" \/>\n<input type=\"hidden\" name=\"_wpcf7_container_post\" value=\"0\" \/>\n<input type=\"hidden\" name=\"_wpcf7_posted_data_hash\" value=\"\" \/>\n<\/div>\n<div class=\"messageform\">\n<p><strong><span style=\"color:red;\"><\/span> O seu nome<\/strong><br \/>\n    <span class=\"wpcf7-form-control-wrap your-name\"><input type=\"text\" name=\"your-name\" value=\"\" size=\"40\" class=\"wpcf7-form-control wpcf7-text\" aria-invalid=\"false\" \/><\/span> <\/p>\n<p><strong><span style=\"color:red;\">*<\/span> O seu e-mail<\/strong><br \/>\n    <span class=\"wpcf7-form-control-wrap your-email\"><input type=\"email\" name=\"your-email\" value=\"\" size=\"40\" class=\"wpcf7-form-control wpcf7-text wpcf7-email wpcf7-validates-as-required wpcf7-validates-as-email\" aria-required=\"true\" aria-invalid=\"false\" \/><\/span> <\/p>\n<p><strong>O seu n\u00famero de telefone<\/strong><br \/>\n    <span class=\"wpcf7-form-control-wrap your-phone\"><input type=\"text\" name=\"your-phone\" value=\"\" size=\"40\" class=\"wpcf7-form-control wpcf7-text\" aria-invalid=\"false\" placeholder=\"Incluir o c\u00f3digo de \u00e1rea\" \/><\/span> <\/p>\n<p><strong>O seu pa\u00eds<\/strong><br \/>\n    <span class=\"wpcf7-form-control-wrap your-country\"><input type=\"text\" name=\"your-country\" value=\"\" size=\"40\" class=\"wpcf7-form-control wpcf7-text\" aria-invalid=\"false\" \/><\/span> <\/p>\n<p><strong><span style=\"color:red;\">*<\/span> O seu requisito<\/strong><br \/>\n    <span class=\"wpcf7-form-control-wrap your-requirement\"><textarea name=\"your-requirement\" cols=\"40\" rows=\"10\" class=\"wpcf7-form-control wpcf7-textarea wpcf7-validates-as-required bestonmessage\" aria-required=\"true\" aria-invalid=\"false\" placeholder=\"Para obter uma cota\u00e7\u00e3o detalhada, envie-nos o seu pedido detalhado.\"><\/textarea><\/span> <\/p>\n<p><input type=\"submit\" value=\"Enviar mensagem\" class=\"wpcf7-form-control has-spinner wpcf7-submit\" \/><\/p>\n<\/div>\n<p style=\"display: none !important;\"><label>&#916;<textarea name=\"_wpcf7_ak_hp_textarea\" cols=\"45\" rows=\"8\" maxlength=\"100\"><\/textarea><\/label><input type=\"hidden\" id=\"ak_js_2\" name=\"_wpcf7_ak_js\" value=\"60\"\/><script>document.getElementById( \"ak_js_2\" ).setAttribute( \"value\", ( new Date() ).getTime() );<\/script><\/p><input type='hidden' class='wpcf7-pum' value='{\"closepopup\":false,\"closedelay\":0,\"openpopup\":false,\"openpopup_id\":0}' \/><div class=\"wpcf7-response-output\" aria-hidden=\"true\"><\/div><input type=\"hidden\" name=\"trp-form-language\" value=\"pt\"\/><\/form><\/div>","protected":false},"excerpt":{"rendered":"<p>Por favor, envie-nos o seu inqu\u00e9rito 16mm 5 core armoured power cable list and order quantity. O nosso gestor de vendas enviar-lhe-\u00e1 os nossos documentos de oferta no prazo de 12 horas. Cabo blindado de 5 n\u00facleos de Huadong Group Huadong Cable Group \u00e9 um fabricante l\u00edder de cabo blindado de 5 n\u00facleos. Fornecemos cabos blindados de baixa tens\u00e3o e cabos blindados de m\u00e9dia ... <a class=\"read-more\" href=\"https:\/\/huadongswacable.com\/pt\/personalizacao-de-cabos-blindados-de-5-nucleos\/\">Ler mais...<\/a><\/p>","protected":false},"author":1,"featured_media":0,"parent":0,"menu_order":0,"comment_status":"closed","ping_status":"closed","template":"","meta":{"footnotes":""},"class_list":["post-81","page","type-page","status-publish"],"yoast_head":"<!-- This site is optimized with the Yoast SEO plugin v18.4.1 - https:\/\/yoast.com\/wordpress\/plugins\/seo\/ -->\n<title>6mm 10mm 16mm 25mm 35mm 5 Core Armoured Cable-HDC SWA Cable<\/title>\n<meta name=\"description\" content=\"Best 6mm 10mm 16mm 25mm 35mm 5 core armoured cable for sale. As a 5 core swa cable supplier, we can give you cheap 5 core swa cable price .\" \/>\n<meta name=\"robots\" content=\"index, follow, max-snippet:-1, max-image-preview:large, max-video-preview:-1\" \/>\n<link rel=\"canonical\" href=\"http:\/\/huadongswacable.com\/pt\/5-core-armoured-cable-customization\/\" \/>\n<meta property=\"og:locale\" content=\"pt_PT\" \/>\n<meta property=\"og:type\" content=\"article\" \/>\n<meta property=\"og:title\" content=\"6mm 10mm 16mm 25mm 35mm 5 Core Armoured Cable-HDC SWA Cable\" \/>\n<meta property=\"og:description\" content=\"Best 6mm 10mm 16mm 25mm 35mm 5 core armoured cable for sale. As a 5 core swa cable supplier, we can give you cheap 5 core swa cable price .\" \/>\n<meta property=\"og:url\" content=\"http:\/\/huadongswacable.com\/pt\/5-core-armoured-cable-customization\/\" \/>\n<meta property=\"og:site_name\" content=\"Huadong SWA Cable\" \/>\n<meta property=\"article:modified_time\" content=\"2022-12-19T06:37:02+00:00\" \/>\n<meta property=\"og:image\" content=\"https:\/\/huadongswacable.com\/wp-content\/uploads\/2020\/12\/25mm-5-core-swa-cable-specification.jpg\" \/>\n<meta name=\"twitter:card\" content=\"summary_large_image\" \/>\n<meta name=\"twitter:label1\" content=\"Tempo estimado de leitura\" \/>\n\t<meta name=\"twitter:data1\" content=\"4 minutos\" \/>\n<script type=\"application\/ld+json\" class=\"yoast-schema-graph\">{\"@context\":\"https:\/\/schema.org\",\"@graph\":[{\"@type\":\"WebSite\",\"@id\":\"http:\/\/huadongswacable.com\/ru\/#website\",\"url\":\"http:\/\/huadongswacable.com\/ru\/\",\"name\":\"Huadong SWA Cable\",\"description\":\"Huadong SWA Cable\",\"potentialAction\":[{\"@type\":\"SearchAction\",\"target\":{\"@type\":\"EntryPoint\",\"urlTemplate\":\"http:\/\/huadongswacable.com\/ru\/?s={search_term_string}\"},\"query-input\":\"required name=search_term_string\"}],\"inLanguage\":\"pt-PT\"},{\"@type\":\"ImageObject\",\"@id\":\"http:\/\/huadongswacable.com\/es\/5-core-armoured-cable-customization\/#primaryimage\",\"inLanguage\":\"pt-PT\",\"url\":\"https:\/\/huadongswacable.com\/wp-content\/uploads\/2020\/12\/25mm-5-core-swa-cable-specification.jpg\",\"contentUrl\":\"https:\/\/huadongswacable.com\/wp-content\/uploads\/2020\/12\/25mm-5-core-swa-cable-specification.jpg\",\"width\":750,\"height\":214,\"caption\":\"25mm 5 core swa cable specification\"},{\"@type\":\"WebPage\",\"@id\":\"http:\/\/huadongswacable.com\/es\/5-core-armoured-cable-customization\/#webpage\",\"url\":\"http:\/\/huadongswacable.com\/es\/5-core-armoured-cable-customization\/\",\"name\":\"6mm 10mm 16mm 25mm 35mm 5 Core Armoured Cable-HDC SWA Cable\",\"isPartOf\":{\"@id\":\"http:\/\/huadongswacable.com\/ru\/#website\"},\"primaryImageOfPage\":{\"@id\":\"http:\/\/huadongswacable.com\/es\/5-core-armoured-cable-customization\/#primaryimage\"},\"datePublished\":\"2018-03-08T04:01:33+00:00\",\"dateModified\":\"2022-12-19T06:37:02+00:00\",\"description\":\"Best 6mm 10mm 16mm 25mm 35mm 5 core armoured cable for sale. As a 5 core swa cable supplier, we can give you cheap 5 core swa cable price .\",\"breadcrumb\":{\"@id\":\"http:\/\/huadongswacable.com\/es\/5-core-armoured-cable-customization\/#breadcrumb\"},\"inLanguage\":\"pt-PT\",\"potentialAction\":[{\"@type\":\"ReadAction\",\"target\":[\"http:\/\/huadongswacable.com\/es\/5-core-armoured-cable-customization\/\"]}]},{\"@type\":\"BreadcrumbList\",\"@id\":\"http:\/\/huadongswacable.com\/es\/5-core-armoured-cable-customization\/#breadcrumb\",\"itemListElement\":[{\"@type\":\"ListItem\",\"position\":1,\"name\":\"Home\",\"item\":\"http:\/\/huadongswacable.com\/ru\/\"},{\"@type\":\"ListItem\",\"position\":2,\"name\":\"6mm 10mm 16mm 25mm 35mm 5 Core Armoured Cable Customization\"}]}]}<\/script>\n<!-- \/ Yoast SEO plugin. -->","yoast_head_json":{"title":"6mm 10mm 16mm 25mm 35mm 5 Core Armoured Cable-HDC SWA Cable","description":"Best 6mm 10mm 16mm 25mm 35mm 5 core armoured cable for sale. As a 5 core swa cable supplier, we can give you cheap 5 core swa cable price .","robots":{"index":"index","follow":"follow","max-snippet":"max-snippet:-1","max-image-preview":"max-image-preview:large","max-video-preview":"max-video-preview:-1"},"canonical":"http:\/\/huadongswacable.com\/pt\/5-core-armoured-cable-customization\/","og_locale":"pt_PT","og_type":"article","og_title":"6mm 10mm 16mm 25mm 35mm 5 Core Armoured Cable-HDC SWA Cable","og_description":"Best 6mm 10mm 16mm 25mm 35mm 5 core armoured cable for sale. As a 5 core swa cable supplier, we can give you cheap 5 core swa cable price .","og_url":"http:\/\/huadongswacable.com\/pt\/5-core-armoured-cable-customization\/","og_site_name":"Huadong SWA Cable","article_modified_time":"2022-12-19T06:37:02+00:00","og_image":[{"url":"https:\/\/huadongswacable.com\/wp-content\/uploads\/2020\/12\/25mm-5-core-swa-cable-specification.jpg"}],"twitter_card":"summary_large_image","twitter_misc":{"Tempo estimado de leitura":"4 minutos"},"schema":{"@context":"https:\/\/schema.org","@graph":[{"@type":"WebSite","@id":"http:\/\/huadongswacable.com\/ru\/#website","url":"http:\/\/huadongswacable.com\/ru\/","name":"Huadong SWA Cable","description":"Huadong SWA Cable","potentialAction":[{"@type":"SearchAction","target":{"@type":"EntryPoint","urlTemplate":"http:\/\/huadongswacable.com\/ru\/?s={search_term_string}"},"query-input":"required name=search_term_string"}],"inLanguage":"pt-PT"},{"@type":"ImageObject","@id":"http:\/\/huadongswacable.com\/es\/5-core-armoured-cable-customization\/#primaryimage","inLanguage":"pt-PT","url":"https:\/\/huadongswacable.com\/wp-content\/uploads\/2020\/12\/25mm-5-core-swa-cable-specification.jpg","contentUrl":"https:\/\/huadongswacable.com\/wp-content\/uploads\/2020\/12\/25mm-5-core-swa-cable-specification.jpg","width":750,"height":214,"caption":"25mm 5 core swa cable specification"},{"@type":"WebPage","@id":"http:\/\/huadongswacable.com\/es\/5-core-armoured-cable-customization\/#webpage","url":"http:\/\/huadongswacable.com\/es\/5-core-armoured-cable-customization\/","name":"6mm 10mm 16mm 25mm 35mm 5 Core Armoured Cable-HDC SWA Cable","isPartOf":{"@id":"http:\/\/huadongswacable.com\/ru\/#website"},"primaryImageOfPage":{"@id":"http:\/\/huadongswacable.com\/es\/5-core-armoured-cable-customization\/#primaryimage"},"datePublished":"2018-03-08T04:01:33+00:00","dateModified":"2022-12-19T06:37:02+00:00","description":"Best 6mm 10mm 16mm 25mm 35mm 5 core armoured cable for sale. As a 5 core swa cable supplier, we can give you cheap 5 core swa cable price .","breadcrumb":{"@id":"http:\/\/huadongswacable.com\/es\/5-core-armoured-cable-customization\/#breadcrumb"},"inLanguage":"pt-PT","potentialAction":[{"@type":"ReadAction","target":["http:\/\/huadongswacable.com\/es\/5-core-armoured-cable-customization\/"]}]},{"@type":"BreadcrumbList","@id":"http:\/\/huadongswacable.com\/es\/5-core-armoured-cable-customization\/#breadcrumb","itemListElement":[{"@type":"ListItem","position":1,"name":"Home","item":"http:\/\/huadongswacable.com\/ru\/"},{"@type":"ListItem","position":2,"name":"6mm 10mm 16mm 25mm 35mm 5 Core Armoured Cable Customization"}]}]}},"_links":{"self":[{"href":"https:\/\/huadongswacable.com\/pt\/wp-json\/wp\/v2\/pages\/81","targetHints":{"allow":["GET"]}}],"collection":[{"href":"https:\/\/huadongswacable.com\/pt\/wp-json\/wp\/v2\/pages"}],"about":[{"href":"https:\/\/huadongswacable.com\/pt\/wp-json\/wp\/v2\/types\/page"}],"author":[{"embeddable":true,"href":"https:\/\/huadongswacable.com\/pt\/wp-json\/wp\/v2\/users\/1"}],"replies":[{"embeddable":true,"href":"https:\/\/huadongswacable.com\/pt\/wp-json\/wp\/v2\/comments?post=81"}],"version-history":[{"count":40,"href":"https:\/\/huadongswacable.com\/pt\/wp-json\/wp\/v2\/pages\/81\/revisions"}],"predecessor-version":[{"id":7772,"href":"https:\/\/huadongswacable.com\/pt\/wp-json\/wp\/v2\/pages\/81\/revisions\/7772"}],"wp:attachment":[{"href":"https:\/\/huadongswacable.com\/pt\/wp-json\/wp\/v2\/media?parent=81"}],"curies":[{"name":"wp","href":"https:\/\/api.w.org\/{rel}","templated":true}]}}