{"id":790,"date":"2018-04-20T11:46:06","date_gmt":"2018-04-20T03:46:06","guid":{"rendered":"http:\/\/huadongswacable.com\/?page_id=790"},"modified":"2022-12-19T15:30:12","modified_gmt":"2022-12-19T07:30:12","slug":"pvc-coated-mc-cable","status":"publish","type":"page","link":"https:\/\/huadongswacable.com\/pt\/cabo-mc-revestido-a-pvc\/","title":{"rendered":"8\/3 10\/2 10\/3 12\/2 12\/3 12\/4 Fornecedor de cabos MC revestidos a PVC"},"content":{"rendered":"<h2>Aquisi\u00e7\u00e3o de cabo MC revestido a PVC da Huadong<\/h2>\n<p>O cabo MC revestido de PVC refere-se ao cabo blindado interligado de liga de alum\u00ednio com revestimento de PVC. Se s\u00f3 precisa de cabo MC revestido a PVC, escolha Huadong Cable Group. O Grupo de Cabos Huadong \u00e9 um dos principais fabricantes de cabos PVC MC de calibre 12 com 3 condutores na China. Somos especializados na produ\u00e7\u00e3o de v\u00e1rios tipos de cabos, especialmente cabo MC revestido de PVC. Em compara\u00e7\u00e3o com outros fabricantes de cabo MC revestido de PVC, temos muitas vantagens que vale a pena escolher para si.<\/p>\n<div class=\"row prolisttable\">\n<div class=\"col-lg-12 col-md-12 col-xs-12 col-sm-12\">\n<table>\n<tbody>\n<tr>\n<td><img loading=\"lazy\" decoding=\"async\" class=\"aligncenter wp-image-795 size-full\" src=\"https:\/\/huadongswacable.com\/wp-content\/uploads\/2018\/04\/pvc-jacketed-mc-cable-quotation.jpg\" alt=\"Cota\u00e7\u00e3o de cabo mc revestido a pvc 12\/2\" width=\"180\" height=\"304\" srcset=\"https:\/\/huadongswacable.com\/wp-content\/uploads\/2018\/04\/pvc-jacketed-mc-cable-quotation.jpg 180w, https:\/\/huadongswacable.com\/wp-content\/uploads\/2018\/04\/pvc-jacketed-mc-cable-quotation-178x300.jpg 178w\" sizes=\"auto, (max-width: 180px) 100vw, 180px\" \/><\/td>\n<td><strong>Condutores:<\/strong> Cobre ou alum\u00ednio s\u00f3lido\/tran\u00e7ado<\/p>\n<p><strong>N\u00facleos N.\u00ba:<\/strong> Individual\/dois\/tr\u00eas\/quatro<\/p>\n<p><strong>Camada de armadura:<\/strong> Armadura entrela\u00e7ada em liga de alum\u00ednio<\/p>\n<p><strong>Revestimento exterior: <\/strong>Cloreto de polivinilo (PVC)<\/p>\n<p><strong>Tens\u00e3o:<\/strong> 600V, 1KV, 5KV, 15KV ou outros<\/p>\n<p><strong>Temperatura m\u00e1xima nominal:<\/strong> -40\u00b0C a 90\u00b0C<\/td>\n<\/tr>\n<\/tbody>\n<\/table>\n<\/div>\n<\/div>\n<p>Podemos garantir que a nossa empresa tem o pre\u00e7o mais competitivo do cabo MC revestido a PVC 12\/2 e <a href=\"https:\/\/huadongswacable.com\/pt\/cabo-teck-90-de-alta-qualidade-e-baixo-preco\/\" target=\"_blank\" rel=\"noopener noreferrer\">Pre\u00e7o do cabo Teck90<\/a> para a mesma qualidade de cabo MC revestido de PVC. O mesmo pre\u00e7o de cabo MC revestido de PVC de 3 condutores de calibre 12, nossa qualidade de cabo MC revestido de PVC \u00e9 a melhor. Ao mesmo tempo, se voc\u00ea precisar de muitos cabos MC de PVC 12\/3, n\u00f3s lhe daremos um desconto no pre\u00e7o do cabo MC revestido de PVC 12\/2. Agora deixe sua mensagem e entre em contato conosco.<\/p>\n<p style=\"text-align: center;\"><span class=\"su-lightbox\" data-mfp-src=\"#Popup\" data-mfp-type=\"inline\" data-mobile=\"yes\"><button class=\"btn btn-danger btn-sm\" ><i class=\"fa fa-hand-o-right\" style=\"color:#ffffff;\"><\/i> Obter cota\u00e7\u00e3o<\/button><\/span>\n<h2>Obter o melhor pre\u00e7o de cabo MC revestido a PVC 12\/2<\/h2>\n<p>A raz\u00e3o pela qual o cabo MC de PVC \u00e9 popular \u00e9 que ele tem excelentes vantagens de desempenho. Em primeiro lugar, a camada de armadura do cabo MC revestido de PVC 12\/2 \u00e9 uma armadura de interbloqueio de liga de alum\u00ednio, \u00e9 muito leve. E o cabo MC revestido de PVC \u00e9 mais f\u00e1cil de instalar do que o cabo blindado de fio de a\u00e7o. Al\u00e9m disso, a resist\u00eancia do cabo MC revestido de PVC 12\/3 \u00e9 quase a mesma que a do cabo blindado de fio de a\u00e7o. O cabo MC em PVC n\u00e3o \u00e9 apenas adequado para ambientes secos, mas tamb\u00e9m para ambientes h\u00famidos. O cabo MC revestido a PVC de 3 condutores tem uma vasta gama de aplica\u00e7\u00f5es. Se voc\u00ea quiser saber mais, n\u00e3o hesite em contactar-nos. <img loading=\"lazy\" decoding=\"async\" class=\"aligncenter size-full wp-image-6441\" src=\"https:\/\/huadongswacable.com\/wp-content\/uploads\/2021\/10\/600v-12-3-conductor-copper-pvc-coated-mc-cable-price-list-Canada.jpg\" alt=\"600v 12-3 condutor cobre pvc revestido mc lista de pre\u00e7os do cabo Canad\u00e1\" width=\"800\" height=\"150\" srcset=\"https:\/\/huadongswacable.com\/wp-content\/uploads\/2021\/10\/600v-12-3-conductor-copper-pvc-coated-mc-cable-price-list-Canada.jpg 800w, https:\/\/huadongswacable.com\/wp-content\/uploads\/2021\/10\/600v-12-3-conductor-copper-pvc-coated-mc-cable-price-list-Canada-300x56.jpg 300w, https:\/\/huadongswacable.com\/wp-content\/uploads\/2021\/10\/600v-12-3-conductor-copper-pvc-coated-mc-cable-price-list-Canada-768x144.jpg 768w\" sizes=\"auto, (max-width: 800px) 100vw, 800px\" \/><\/p>\n<p>A utiliza\u00e7\u00e3o de um cabo MC 10\/2 revestido a PVC permite igualmente poupar nos custos de coloca\u00e7\u00e3o de tubos ou de abertura de valas. Esta \u00e9 uma vantagem do cabo MC revestido de PVC que n\u00e3o pode ser ignorada. Voc\u00ea pode economizar muito do cabo MC revestido de PVC 8\/3 se voc\u00ea comprar o cabo MC revestido de PVC Huadong. Se voc\u00ea tiver quaisquer outras perguntas, n\u00e3o hesite em contactar-nos. Bem-vindo a visitar nossa f\u00e1brica de cabo MC revestido de PVC 10\/2. Sinceramente, aguardo com expectativa o seu inqu\u00e9rito. Espero que possamos ter uma coopera\u00e7\u00e3o agrad\u00e1vel nos pr\u00f3ximos tempos.<\/p>\n<p style=\"text-align: center;\"><span class=\"su-lightbox\" data-mfp-src=\"#Popup\" data-mfp-type=\"inline\" data-mobile=\"yes\"><button class=\"btn btn-danger btn-sm\" ><i class=\"fa fa-hand-o-right\" style=\"color:#ffffff;\"><\/i> Obter cota\u00e7\u00e3o<\/button><\/span>\n<h2>Aplica\u00e7\u00f5es de cabos blindados interligados em liga de alum\u00ednio 12\/3<\/h2>\n<p>- Aplica\u00e7\u00f5es de enterramento directo, instala\u00e7\u00e3o em bet\u00e3o e em locais expostos a enchimentos de cimento, cloretos fortes,<br \/>\n\u00e1lcalis c\u00e1usticos, ou vapores de cloro ou de \u00e1cidos clor\u00eddricos.<br \/>\n- Distribui\u00e7\u00e3o de energia em ramais, alimentadores e servi\u00e7os em \u00e1reas comerciais, industriais, institucionais e<br \/>\nedif\u00edcios multi-residenciais.<br \/>\n- Pescado ou embutido em gesso.<br \/>\n- Instala\u00e7\u00f5es ocultas ou expostas<br \/>\n- Como um cabo a\u00e9reo num mensageiro.<br \/>\n- Instala\u00e7\u00e3o em bandejas de cabos e calhas aprovadas.<br \/>\n- Classe I Div. 2, Classe II Div 2, &amp; Classe III Div. 1 Locais perigosos.<\/p>\n<p><img loading=\"lazy\" decoding=\"async\" class=\"aligncenter wp-image-800\" src=\"https:\/\/huadongswacable.com\/wp-content\/uploads\/2018\/04\/China-Huadong-low-pvc-coated-mc-cable-price.jpg\" alt=\"China Huadong low 12 \/4 pvc coated mc cable price\" width=\"559\" height=\"280\" srcset=\"https:\/\/huadongswacable.com\/wp-content\/uploads\/2018\/04\/China-Huadong-low-pvc-coated-mc-cable-price.jpg 733w, https:\/\/huadongswacable.com\/wp-content\/uploads\/2018\/04\/China-Huadong-low-pvc-coated-mc-cable-price-300x150.jpg 300w\" sizes=\"auto, (max-width: 559px) 100vw, 559px\" \/><\/p>\n<p style=\"text-align: center;\"><span class=\"su-lightbox\" data-mfp-src=\"#Popup\" data-mfp-type=\"inline\" data-mobile=\"yes\"><button class=\"btn btn-danger btn-sm\" ><i class=\"fa fa-hand-o-right\" style=\"color:#ffffff;\"><\/i> Obter cota\u00e7\u00e3o<\/button><\/span>\n<h2>E a f\u00e1brica do fabricante do cabo MC revestido a PVC 10\/2?<\/h2>\n<p>Sendo um dos maiores fabricantes de cabos MC revestidos de PVC, fornecemos muitos cabos blindados interligados de liga de alum\u00ednio para os nossos clientes, como o cabo teck90, <a href=\"https:\/\/huadongswacable.com\/pt\/cabo-acwu-de-baixo-preco\/\" target=\"_blank\" rel=\"noopener noreferrer\">cabo acwu aia<\/a>. Por um lado, escolhemos alum\u00ednio e cobre superiores como condutor de cabo MC revestido de PVC 10\/2. Al\u00e9m do mais, nosso pre\u00e7o de cabo MC revestido de PVC de calibre 12 \u00e9 muito razo\u00e1vel. Porque n\u00f3s somos fornecedor directo de cabo MC revestido de PVC de 3 condutores. Al\u00e9m disso, exportamos nosso cabo blindado intertravado de liga de alum\u00ednio 10\/2 para muitos pa\u00edses. Portanto, voc\u00ea pode descobrir que o pre\u00e7o do nosso cabo MC revestido de PVC 12\/2 \u00e9 diferente do pre\u00e7o do cabo MC revestido de PVC no Canad\u00e1.<\/p>\n<p><img loading=\"lazy\" decoding=\"async\" width=\"751\" height=\"295\" class=\"wp-image-805 aligncenter\" src=\"https:\/\/huadongswacable.com\/wp-content\/uploads\/2018\/04\/Huadong-PVC-Coated-MC-Cable-Stock.jpg\" alt=\"&quot;Huadong\" srcset=\"https:\/\/huadongswacable.com\/wp-content\/uploads\/2018\/04\/Huadong-PVC-Coated-MC-Cable-Stock.jpg 751w, https:\/\/huadongswacable.com\/wp-content\/uploads\/2018\/04\/Huadong-PVC-Coated-MC-Cable-Stock-300x118.jpg 300w\" sizes=\"auto, (max-width: 751px) 100vw, 751px\" \/><\/p>\n<p>Para al\u00e9m do cabo MC revestido a PVC de 3 condutores de calibre 12, tamb\u00e9m temos <a href=\"https:\/\/huadongswacable.com\/pt\/estrutura-de-cabo-blindado-de-16-mm\/\" target=\"_blank\" rel=\"noopener noreferrer\">outro tipo de cabo blindado<\/a> para venda. Assim, pode dizer-nos os tamanhos e a quantidade de cabos MC revestidos a PVC de que necessita. Nosso gerente fornecer\u00e1 o pre\u00e7o do cabo MC revestido de PVC 10\/3 para <span class=\"VIiyi\" lang=\"en\"><span class=\"JLqJ4b ChMk0b\" data-language-for-alternatives=\"en\" data-language-to-translate-into=\"zh-CN\" data-phrase-index=\"0\">Alemanha, Canad\u00e1, Am\u00e9rica, Tail\u00e2ndia ou outros pa\u00edses.<\/span><\/span><\/p>\n<div class=\"su-lightbox-content su-u-trim\" id=\"Popup\" style=\"display:none;width:auto;min-width:50%;max-width:70%;margin-top:40px;margin-bottom:40px;padding:40px;background:#e8e5e5;color:#060473;box-shadow:0px 0px 15px #333333;text-align:left\"><div role=\"form\" class=\"wpcf7\" id=\"wpcf7-f5571-o1\" lang=\"en-US\" dir=\"ltr\">\n<div class=\"screen-reader-response\"><p role=\"status\" aria-live=\"polite\" aria-atomic=\"true\"><\/p> <ul><\/ul><\/div>\n<form action=\"\/pt\/wp-json\/wp\/v2\/pages\/790#wpcf7-f5571-o1\" method=\"post\" class=\"wpcf7-form init\" novalidate=\"novalidate\" data-status=\"init\" data-trp-original-action=\"\/pt\/wp-json\/wp\/v2\/pages\/790#wpcf7-f5571-o1\">\n<div style=\"display: none;\">\n<input type=\"hidden\" name=\"_wpcf7\" value=\"5571\" \/>\n<input type=\"hidden\" name=\"_wpcf7_version\" value=\"5.5.6\" \/>\n<input type=\"hidden\" name=\"_wpcf7_locale\" value=\"en_US\" \/>\n<input type=\"hidden\" name=\"_wpcf7_unit_tag\" value=\"wpcf7-f5571-o1\" \/>\n<input type=\"hidden\" name=\"_wpcf7_container_post\" value=\"0\" \/>\n<input type=\"hidden\" name=\"_wpcf7_posted_data_hash\" value=\"\" \/>\n<\/div>\n<div class=\"popmakerform\">\n<p>O seu nome <span style=\"color:red;\">*<span><br \/>\n<span class=\"wpcf7-form-control-wrap your-name\"><input type=\"text\" name=\"your-name\" value=\"\" size=\"40\" class=\"wpcf7-form-control wpcf7-text wpcf7-validates-as-required\" aria-required=\"true\" aria-invalid=\"false\" \/><\/span><\/p>\n<p>O seu e-mail <span style=\"color:red;\">*<span><br \/>\n<span class=\"wpcf7-form-control-wrap your-email\"><input type=\"email\" name=\"your-email\" value=\"\" size=\"40\" class=\"wpcf7-form-control wpcf7-text wpcf7-email wpcf7-validates-as-required wpcf7-validates-as-email\" aria-required=\"true\" aria-invalid=\"false\" \/><\/span><\/p>\n<p>O seu n\u00famero de telefone<br \/>\n<span class=\"wpcf7-form-control-wrap your-phone\"><input type=\"text\" name=\"your-phone\" value=\"\" size=\"40\" class=\"wpcf7-form-control wpcf7-text\" aria-invalid=\"false\" \/><\/span><\/p>\n<p>O seu pa\u00eds<br \/>\n<span class=\"wpcf7-form-control-wrap your-country\"><input type=\"text\" name=\"your-country\" value=\"\" size=\"40\" class=\"wpcf7-form-control wpcf7-text\" aria-invalid=\"false\" \/><\/span><\/p>\n<p>Requisito pormenorizado <span style=\"color:red;\">*<span><br \/>\n<span class=\"wpcf7-form-control-wrap your-requirement\"><textarea name=\"your-requirement\" cols=\"40\" rows=\"4\" class=\"wpcf7-form-control wpcf7-textarea wpcf7-validates-as-required\" aria-required=\"true\" aria-invalid=\"false\"><\/textarea><\/span><\/p>\n<p><input type=\"submit\" value=\"Obter cota\u00e7\u00e3o\" class=\"wpcf7-form-control has-spinner wpcf7-submit\" \/><\/p>\n<\/div>\n<p style=\"display: none !important;\"><label>&#916;<textarea name=\"_wpcf7_ak_hp_textarea\" cols=\"45\" rows=\"8\" maxlength=\"100\"><\/textarea><\/label><input type=\"hidden\" id=\"ak_js_1\" name=\"_wpcf7_ak_js\" value=\"167\"\/><script>document.getElementById( \"ak_js_1\" ).setAttribute( \"value\", ( new Date() ).getTime() );<\/script><\/p><input type='hidden' class='wpcf7-pum' value='{\"closepopup\":false,\"closedelay\":0,\"openpopup\":false,\"openpopup_id\":0}' \/><div class=\"wpcf7-response-output\" aria-hidden=\"true\"><\/div><input type=\"hidden\" name=\"trp-form-language\" value=\"pt\"\/><\/form><\/div><\/div>\n<h3>Por favor, sinta-se livre para deixar sua exig\u00eancia. Responder-lhe-emos no prazo de 12 horas.<\/h3>\n<p><strong>Correio electr\u00f3nico: <a href=\"mailto:info@huadongswacable.com\" rel=\"nofollow\">info@huadongswacable.com<\/a><\/strong><\/p>\n<div role=\"form\" class=\"wpcf7\" id=\"wpcf7-f6-o2\" lang=\"en-US\" dir=\"ltr\">\n<div class=\"screen-reader-response\"><p role=\"status\" aria-live=\"polite\" aria-atomic=\"true\"><\/p> <ul><\/ul><\/div>\n<form action=\"\/pt\/wp-json\/wp\/v2\/pages\/790#wpcf7-f6-o2\" method=\"post\" class=\"wpcf7-form init\" novalidate=\"novalidate\" data-status=\"init\" data-trp-original-action=\"\/pt\/wp-json\/wp\/v2\/pages\/790#wpcf7-f6-o2\">\n<div style=\"display: none;\">\n<input type=\"hidden\" name=\"_wpcf7\" value=\"6\" \/>\n<input type=\"hidden\" name=\"_wpcf7_version\" value=\"5.5.6\" \/>\n<input type=\"hidden\" name=\"_wpcf7_locale\" value=\"en_US\" \/>\n<input type=\"hidden\" name=\"_wpcf7_unit_tag\" value=\"wpcf7-f6-o2\" \/>\n<input type=\"hidden\" name=\"_wpcf7_container_post\" value=\"0\" \/>\n<input type=\"hidden\" name=\"_wpcf7_posted_data_hash\" value=\"\" \/>\n<\/div>\n<div class=\"messageform\">\n<p><strong><span style=\"color:red;\"><\/span> O seu nome<\/strong><br \/>\n    <span class=\"wpcf7-form-control-wrap your-name\"><input type=\"text\" name=\"your-name\" value=\"\" size=\"40\" class=\"wpcf7-form-control wpcf7-text\" aria-invalid=\"false\" \/><\/span> <\/p>\n<p><strong><span style=\"color:red;\">*<\/span> O seu e-mail<\/strong><br \/>\n    <span class=\"wpcf7-form-control-wrap your-email\"><input type=\"email\" name=\"your-email\" value=\"\" size=\"40\" class=\"wpcf7-form-control wpcf7-text wpcf7-email wpcf7-validates-as-required wpcf7-validates-as-email\" aria-required=\"true\" aria-invalid=\"false\" \/><\/span> <\/p>\n<p><strong>O seu n\u00famero de telefone<\/strong><br \/>\n    <span class=\"wpcf7-form-control-wrap your-phone\"><input type=\"text\" name=\"your-phone\" value=\"\" size=\"40\" class=\"wpcf7-form-control wpcf7-text\" aria-invalid=\"false\" placeholder=\"Incluir o c\u00f3digo de \u00e1rea\" \/><\/span> <\/p>\n<p><strong>O seu pa\u00eds<\/strong><br \/>\n    <span class=\"wpcf7-form-control-wrap your-country\"><input type=\"text\" name=\"your-country\" value=\"\" size=\"40\" class=\"wpcf7-form-control wpcf7-text\" aria-invalid=\"false\" \/><\/span> <\/p>\n<p><strong><span style=\"color:red;\">*<\/span> O seu requisito<\/strong><br \/>\n    <span class=\"wpcf7-form-control-wrap your-requirement\"><textarea name=\"your-requirement\" cols=\"40\" rows=\"10\" class=\"wpcf7-form-control wpcf7-textarea wpcf7-validates-as-required bestonmessage\" aria-required=\"true\" aria-invalid=\"false\" placeholder=\"Para obter uma cota\u00e7\u00e3o detalhada, envie-nos o seu pedido detalhado.\"><\/textarea><\/span> <\/p>\n<p><input type=\"submit\" value=\"Enviar mensagem\" class=\"wpcf7-form-control has-spinner wpcf7-submit\" \/><\/p>\n<\/div>\n<p style=\"display: none !important;\"><label>&#916;<textarea name=\"_wpcf7_ak_hp_textarea\" cols=\"45\" rows=\"8\" maxlength=\"100\"><\/textarea><\/label><input type=\"hidden\" id=\"ak_js_2\" name=\"_wpcf7_ak_js\" value=\"151\"\/><script>document.getElementById( \"ak_js_2\" ).setAttribute( \"value\", ( new Date() ).getTime() );<\/script><\/p><input type='hidden' class='wpcf7-pum' value='{\"closepopup\":false,\"closedelay\":0,\"openpopup\":false,\"openpopup_id\":0}' \/><div class=\"wpcf7-response-output\" aria-hidden=\"true\"><\/div><input type=\"hidden\" name=\"trp-form-language\" value=\"pt\"\/><\/form><\/div>","protected":false},"excerpt":{"rendered":"<p>Comprar cabo MC revestido de PVC da Huadong O cabo MC revestido de PVC refere-se ao cabo blindado interligado de liga de alum\u00ednio com revestimento de PVC. Se s\u00f3 precisa de um cabo MC revestido a PVC, escolha o Grupo de Cabos Huadong. Huadong Cable Group \u00e9 um dos principais fabricantes de cabo PVC MC de calibre 12 com 3 condutores na China. Somos especializados na produ\u00e7\u00e3o de v\u00e1rios ... <a class=\"read-more\" href=\"https:\/\/huadongswacable.com\/pt\/cabo-mc-revestido-a-pvc\/\">Ler mais...<\/a><\/p>","protected":false},"author":1,"featured_media":0,"parent":0,"menu_order":0,"comment_status":"closed","ping_status":"closed","template":"","meta":{"footnotes":""},"class_list":["post-790","page","type-page","status-publish"],"yoast_head":"<!-- This site is optimized with the Yoast SEO plugin v18.4.1 - https:\/\/yoast.com\/wordpress\/plugins\/seo\/ -->\n<title>PVC Coated MC Cable Price | 8\/3 10\/2 10\/3 12\/2 12\/3 12\/4 MC Cable<\/title>\n<meta name=\"description\" content=\"We are PVC coated MC cable supplier, can provide best 8\/3 10\/2 10\/3 12\/2 12\/3 12\/4 PVC jacketed MC cable price for you. Contact us to know how much is 12 gauge 3 conductor PVC jacketed MC cable per meter.\" \/>\n<meta name=\"robots\" content=\"index, follow, max-snippet:-1, max-image-preview:large, max-video-preview:-1\" \/>\n<link rel=\"canonical\" href=\"http:\/\/huadongswacable.com\/pt\/pvc-coated-mc-cable\/\" \/>\n<meta property=\"og:locale\" content=\"pt_PT\" \/>\n<meta property=\"og:type\" content=\"article\" \/>\n<meta property=\"og:title\" content=\"PVC Coated MC Cable Price | 8\/3 10\/2 10\/3 12\/2 12\/3 12\/4 MC Cable\" \/>\n<meta property=\"og:description\" content=\"We are PVC coated MC cable supplier, can provide best 8\/3 10\/2 10\/3 12\/2 12\/3 12\/4 PVC jacketed MC cable price for you. Contact us to know how much is 12 gauge 3 conductor PVC jacketed MC cable per meter.\" \/>\n<meta property=\"og:url\" content=\"http:\/\/huadongswacable.com\/pt\/pvc-coated-mc-cable\/\" \/>\n<meta property=\"og:site_name\" content=\"Huadong SWA Cable\" \/>\n<meta property=\"article:modified_time\" content=\"2022-12-19T07:30:12+00:00\" \/>\n<meta property=\"og:image\" content=\"https:\/\/huadongswacable.com\/wp-content\/uploads\/2018\/04\/pvc-jacketed-mc-cable-quotation.jpg\" \/>\n<meta name=\"twitter:card\" content=\"summary_large_image\" \/>\n<meta name=\"twitter:label1\" content=\"Tempo estimado de leitura\" \/>\n\t<meta name=\"twitter:data1\" content=\"5 minutos\" \/>\n<script type=\"application\/ld+json\" class=\"yoast-schema-graph\">{\"@context\":\"https:\/\/schema.org\",\"@graph\":[{\"@type\":\"WebSite\",\"@id\":\"http:\/\/huadongswacable.com\/ru\/#website\",\"url\":\"http:\/\/huadongswacable.com\/ru\/\",\"name\":\"Huadong SWA Cable\",\"description\":\"Huadong SWA Cable\",\"potentialAction\":[{\"@type\":\"SearchAction\",\"target\":{\"@type\":\"EntryPoint\",\"urlTemplate\":\"http:\/\/huadongswacable.com\/ru\/?s={search_term_string}\"},\"query-input\":\"required name=search_term_string\"}],\"inLanguage\":\"pt-PT\"},{\"@type\":\"ImageObject\",\"@id\":\"http:\/\/huadongswacable.com\/ru\/pvc-coated-mc-cable\/#primaryimage\",\"inLanguage\":\"pt-PT\",\"url\":\"https:\/\/huadongswacable.com\/wp-content\/uploads\/2018\/04\/pvc-jacketed-mc-cable-quotation.jpg\",\"contentUrl\":\"https:\/\/huadongswacable.com\/wp-content\/uploads\/2018\/04\/pvc-jacketed-mc-cable-quotation.jpg\",\"width\":180,\"height\":304,\"caption\":\"Huadong PVC Jacketed MC Cable\"},{\"@type\":\"WebPage\",\"@id\":\"http:\/\/huadongswacable.com\/ru\/pvc-coated-mc-cable\/#webpage\",\"url\":\"http:\/\/huadongswacable.com\/ru\/pvc-coated-mc-cable\/\",\"name\":\"PVC Coated MC Cable Price | 8\/3 10\/2 10\/3 12\/2 12\/3 12\/4 MC Cable\",\"isPartOf\":{\"@id\":\"http:\/\/huadongswacable.com\/ru\/#website\"},\"primaryImageOfPage\":{\"@id\":\"http:\/\/huadongswacable.com\/ru\/pvc-coated-mc-cable\/#primaryimage\"},\"datePublished\":\"2018-04-20T03:46:06+00:00\",\"dateModified\":\"2022-12-19T07:30:12+00:00\",\"description\":\"We are PVC coated MC cable supplier, can provide best 8\/3 10\/2 10\/3 12\/2 12\/3 12\/4 PVC jacketed MC cable price for you. Contact us to know how much is 12 gauge 3 conductor PVC jacketed MC cable per meter.\",\"breadcrumb\":{\"@id\":\"http:\/\/huadongswacable.com\/ru\/pvc-coated-mc-cable\/#breadcrumb\"},\"inLanguage\":\"pt-PT\",\"potentialAction\":[{\"@type\":\"ReadAction\",\"target\":[\"http:\/\/huadongswacable.com\/ru\/pvc-coated-mc-cable\/\"]}]},{\"@type\":\"BreadcrumbList\",\"@id\":\"http:\/\/huadongswacable.com\/ru\/pvc-coated-mc-cable\/#breadcrumb\",\"itemListElement\":[{\"@type\":\"ListItem\",\"position\":1,\"name\":\"Home\",\"item\":\"http:\/\/huadongswacable.com\/ru\/\"},{\"@type\":\"ListItem\",\"position\":2,\"name\":\"8\/3 10\/2 10\/3 12\/2 12\/3 12\/4 PVC Coated MC Cable Supplier\"}]}]}<\/script>\n<!-- \/ Yoast SEO plugin. -->","yoast_head_json":{"title":"PVC Coated MC Cable Price | 8\/3 10\/2 10\/3 12\/2 12\/3 12\/4 MC Cable","description":"We are PVC coated MC cable supplier, can provide best 8\/3 10\/2 10\/3 12\/2 12\/3 12\/4 PVC jacketed MC cable price for you. Contact us to know how much is 12 gauge 3 conductor PVC jacketed MC cable per meter.","robots":{"index":"index","follow":"follow","max-snippet":"max-snippet:-1","max-image-preview":"max-image-preview:large","max-video-preview":"max-video-preview:-1"},"canonical":"http:\/\/huadongswacable.com\/pt\/pvc-coated-mc-cable\/","og_locale":"pt_PT","og_type":"article","og_title":"PVC Coated MC Cable Price | 8\/3 10\/2 10\/3 12\/2 12\/3 12\/4 MC Cable","og_description":"We are PVC coated MC cable supplier, can provide best 8\/3 10\/2 10\/3 12\/2 12\/3 12\/4 PVC jacketed MC cable price for you. Contact us to know how much is 12 gauge 3 conductor PVC jacketed MC cable per meter.","og_url":"http:\/\/huadongswacable.com\/pt\/pvc-coated-mc-cable\/","og_site_name":"Huadong SWA Cable","article_modified_time":"2022-12-19T07:30:12+00:00","og_image":[{"url":"https:\/\/huadongswacable.com\/wp-content\/uploads\/2018\/04\/pvc-jacketed-mc-cable-quotation.jpg"}],"twitter_card":"summary_large_image","twitter_misc":{"Tempo estimado de leitura":"5 minutos"},"schema":{"@context":"https:\/\/schema.org","@graph":[{"@type":"WebSite","@id":"http:\/\/huadongswacable.com\/ru\/#website","url":"http:\/\/huadongswacable.com\/ru\/","name":"Huadong SWA Cable","description":"Huadong SWA Cable","potentialAction":[{"@type":"SearchAction","target":{"@type":"EntryPoint","urlTemplate":"http:\/\/huadongswacable.com\/ru\/?s={search_term_string}"},"query-input":"required name=search_term_string"}],"inLanguage":"pt-PT"},{"@type":"ImageObject","@id":"http:\/\/huadongswacable.com\/ru\/pvc-coated-mc-cable\/#primaryimage","inLanguage":"pt-PT","url":"https:\/\/huadongswacable.com\/wp-content\/uploads\/2018\/04\/pvc-jacketed-mc-cable-quotation.jpg","contentUrl":"https:\/\/huadongswacable.com\/wp-content\/uploads\/2018\/04\/pvc-jacketed-mc-cable-quotation.jpg","width":180,"height":304,"caption":"Huadong PVC Jacketed MC Cable"},{"@type":"WebPage","@id":"http:\/\/huadongswacable.com\/ru\/pvc-coated-mc-cable\/#webpage","url":"http:\/\/huadongswacable.com\/ru\/pvc-coated-mc-cable\/","name":"PVC Coated MC Cable Price | 8\/3 10\/2 10\/3 12\/2 12\/3 12\/4 MC Cable","isPartOf":{"@id":"http:\/\/huadongswacable.com\/ru\/#website"},"primaryImageOfPage":{"@id":"http:\/\/huadongswacable.com\/ru\/pvc-coated-mc-cable\/#primaryimage"},"datePublished":"2018-04-20T03:46:06+00:00","dateModified":"2022-12-19T07:30:12+00:00","description":"We are PVC coated MC cable supplier, can provide best 8\/3 10\/2 10\/3 12\/2 12\/3 12\/4 PVC jacketed MC cable price for you. Contact us to know how much is 12 gauge 3 conductor PVC jacketed MC cable per meter.","breadcrumb":{"@id":"http:\/\/huadongswacable.com\/ru\/pvc-coated-mc-cable\/#breadcrumb"},"inLanguage":"pt-PT","potentialAction":[{"@type":"ReadAction","target":["http:\/\/huadongswacable.com\/ru\/pvc-coated-mc-cable\/"]}]},{"@type":"BreadcrumbList","@id":"http:\/\/huadongswacable.com\/ru\/pvc-coated-mc-cable\/#breadcrumb","itemListElement":[{"@type":"ListItem","position":1,"name":"Home","item":"http:\/\/huadongswacable.com\/ru\/"},{"@type":"ListItem","position":2,"name":"8\/3 10\/2 10\/3 12\/2 12\/3 12\/4 PVC Coated MC Cable Supplier"}]}]}},"_links":{"self":[{"href":"https:\/\/huadongswacable.com\/pt\/wp-json\/wp\/v2\/pages\/790","targetHints":{"allow":["GET"]}}],"collection":[{"href":"https:\/\/huadongswacable.com\/pt\/wp-json\/wp\/v2\/pages"}],"about":[{"href":"https:\/\/huadongswacable.com\/pt\/wp-json\/wp\/v2\/types\/page"}],"author":[{"embeddable":true,"href":"https:\/\/huadongswacable.com\/pt\/wp-json\/wp\/v2\/users\/1"}],"replies":[{"embeddable":true,"href":"https:\/\/huadongswacable.com\/pt\/wp-json\/wp\/v2\/comments?post=790"}],"version-history":[{"count":33,"href":"https:\/\/huadongswacable.com\/pt\/wp-json\/wp\/v2\/pages\/790\/revisions"}],"predecessor-version":[{"id":7776,"href":"https:\/\/huadongswacable.com\/pt\/wp-json\/wp\/v2\/pages\/790\/revisions\/7776"}],"wp:attachment":[{"href":"https:\/\/huadongswacable.com\/pt\/wp-json\/wp\/v2\/media?parent=790"}],"curies":[{"name":"wp","href":"https:\/\/api.w.org\/{rel}","templated":true}]}}