{"id":6386,"date":"2021-09-27T14:23:48","date_gmt":"2021-09-27T06:23:48","guid":{"rendered":"http:\/\/huadongswacable.com\/?page_id=6386"},"modified":"2022-12-19T14:10:50","modified_gmt":"2022-12-19T06:10:50","slug":"240-sq-mm-4-core-armoured-cable-price","status":"publish","type":"page","link":"https:\/\/huadongswacable.com\/pt\/240-sq-mm-4-core-armoured-cable-price\/","title":{"rendered":"240 SQ MM 4 Core Cabo blindado Pre\u00e7o por metro"},"content":{"rendered":"<h2>Como comprar cabo blindado 0,6\/1kv cu\/xlpe\/pvc 4 n\u00facleos 240 mm2?<\/h2>\n<p>De um modo geral, a aplica\u00e7\u00e3o do cabo blindado de 0,6\/1kv 4 n\u00facleos 240 mm2 xlpe \u00e9 muito vasta. Portanto, a demanda por cabo blindado de 4 n\u00facleos de 240 mm \u00e9 muito grande. No entanto, se voc\u00ea deseja obter o melhor pre\u00e7o de cabo blindado de 240 mm\u00b2 com 4 n\u00facleos, voc\u00ea precisa encontrar um <a href=\"https:\/\/huadongswacable.com\/pt\/venda-de-cabos-blindados-baratos-e-de-qualidade\/\" target=\"_blank\" rel=\"noopener noreferrer\">fabricante profissional de cabos el\u00e9ctricos blindados<\/a>. At\u00e9 pode encontrar muitos cabos el\u00e9ctricos de 240 mm para venda no mercado. N\u00e3o \u00e9 f\u00e1cil escolher um fornecedor fi\u00e1vel de cabos de 240 mm com 4 n\u00facleos. Mas se voc\u00ea pode encontrar um fabricante profissional de cabo xlpe de 240 mm, voc\u00ea pode obter o melhor pre\u00e7o de cabo blindado de 240 mm 4 n\u00facleos. Se deseja obter um or\u00e7amento para cabo blindado de 4c x 240 mm\u00b2, deixe a sua mensagem.<\/p>\n<div class=\"row prolisttable\">\n<div class=\"col-lg-12 col-md-12 col-xs-12 col-sm-12\">\n<table>\n<tbody>\n<tr>\n<td><img loading=\"lazy\" decoding=\"async\" class=\"aligncenter wp-image-6389\" src=\"https:\/\/huadongswacable.com\/wp-content\/uploads\/2021\/09\/get-best-4-core-240-sq-mm-cu-xlpe-pvc-swa-armoured-cable-price.jpg\" alt=\"obter o melhor pre\u00e7o de cabo blindado de 4 n\u00facleos 240 mm2 cu xlpe pvc swa\" width=\"490\" height=\"367\" srcset=\"https:\/\/huadongswacable.com\/wp-content\/uploads\/2021\/09\/get-best-4-core-240-sq-mm-cu-xlpe-pvc-swa-armoured-cable-price.jpg 350w, https:\/\/huadongswacable.com\/wp-content\/uploads\/2021\/09\/get-best-4-core-240-sq-mm-cu-xlpe-pvc-swa-armoured-cable-price-300x225.jpg 300w\" sizes=\"auto, (max-width: 490px) 100vw, 490px\" \/><\/td>\n<td><strong>Tens\u00e3o nominal:<\/strong> 0,6\/1KV<\/p>\n<p><strong>Maestro:<\/strong> Cobre ou alum\u00ednio<\/p>\n<p><strong>Semicondutor interno:<\/strong> Composto semicondutor<\/p>\n<p><strong>Isolamento:<\/strong> XLPE \/ PVC<\/p>\n<p><strong>Blindado:<\/strong> Arame de a\u00e7o galvanizado (SWA) ou fita de a\u00e7o galvanizado (STA)<\/p>\n<p><strong>Bainha:<\/strong> PVC (cloreto de polivinilo)\/PE (polietileno)<\/p>\n<p><strong>Embalagem:<\/strong> Tambor de ferro ou de madeira ou de acordo com a sua exig\u00eancia<\/td>\n<\/tr>\n<\/tbody>\n<\/table>\n<\/div>\n<\/div>\n<p style=\"text-align: center;\"><span class=\"su-lightbox\" data-mfp-src=\"#Popup\" data-mfp-type=\"inline\" data-mobile=\"yes\"><button class=\"btn btn-danger btn-sm\" ><i class=\"fa fa-hand-o-right\" style=\"color:#ffffff;\"><\/i> Obter cota\u00e7\u00e3o<\/button><\/span>\n<h2>Encontrar um fabricante profissional de cabo blindado 4C de 240 mm2<\/h2>\n<p>De facto, se pesquisar online por cabo blindado 0,6\/1kv 4 n\u00facleos 240sq mm, pode encontrar muitas <a href=\"https:\/\/huadongswacable.com\/pt\/240mm-xlpe-cable-price\/\" target=\"_blank\" rel=\"noopener noreferrer\">Vende-se cabo de 240 mm2<\/a>. No entanto, deve comparar o pre\u00e7o e a qualidade do cabo blindado de 240 mm com 4 n\u00facleos. Por um lado, voc\u00ea pode tentar comprar de um fornecedor estrangeiro de cabos de 240 mm2 de 4 n\u00facleos. Mesmo que o custo de envio do cabo de 4 n\u00facleos de 240 mm2 seja mais elevado, o pre\u00e7o total do cabo blindado de 0,6\/1kv 4C x 240 mm2 \u00e9 mais baixo. De facto, existem muitos fabricantes profissionais de cabos blindados 3C e 4C 240sq mm xlpe pvc swa na China. Huadong \u00e9 um excelente fornecedor de cabo blindado xlpe e pvc swa. Produzimos cabo blindado xlpe de 4 n\u00facleos 240 mm2 para clientes de todo o mundo.<\/p>\n<div class=\"row prolisttable\">\n<div class=\"col-lg-12 col-md-12 col-xs-12 col-sm-12\">\n<table>\n<tbody>\n<tr>\n<td><img loading=\"lazy\" decoding=\"async\" class=\"aligncenter wp-image-6390\" src=\"https:\/\/huadongswacable.com\/wp-content\/uploads\/2021\/09\/how-mcuh-is-4C-x-240mm2-cu-xlpe-swa-pvc-armoured-cable-price-per-meter.jpg\" alt=\"qual \u00e9 o pre\u00e7o por metro do cabo blindado 4C x 240mm2 cu xlpe swa pvc\" width=\"334\" height=\"334\" srcset=\"https:\/\/huadongswacable.com\/wp-content\/uploads\/2021\/09\/how-mcuh-is-4C-x-240mm2-cu-xlpe-swa-pvc-armoured-cable-price-per-meter.jpg 300w, https:\/\/huadongswacable.com\/wp-content\/uploads\/2021\/09\/how-mcuh-is-4C-x-240mm2-cu-xlpe-swa-pvc-armoured-cable-price-per-meter-150x150.jpg 150w\" sizes=\"auto, (max-width: 334px) 100vw, 334px\" \/><\/td>\n<td><strong>Condutores:<\/strong> Cobre\/ Alum\u00ednio<\/p>\n<p><strong>N\u00famero de n\u00facleos:<\/strong> 4 n\u00facleo<\/p>\n<p><strong>\u00c1rea da sec\u00e7\u00e3o transversal:<\/strong> 240 mm quadrados<\/p>\n<p><strong>Isolamento:<\/strong> XLPE (polietileno reticulado)\/PVC (cloreto de polivinilo)<\/p>\n<p><strong>Blindado:<\/strong> SWA (fio de a\u00e7o galvanizado) ou STA (fita de a\u00e7o galvanizado)<\/p>\n<p><strong>Bainha\/Jaqueta:<\/strong>\u00a0 PVC (cloreto de polivinilo)\/PE (polietileno)<\/td>\n<\/tr>\n<\/tbody>\n<\/table>\n<\/div>\n<\/div>\n<p>Al\u00e9m disso, se precisar, podemos enviar o pre\u00e7o do cabo blindado de 4 n\u00facleos de 240 mm para amostras. Para que possa ter a certeza de que a qualidade do nosso cabo de 4 n\u00facleos * 240 mm\u00b2 pode satisfazer as suas necessidades. Para al\u00e9m do cabo blindado de pvc de 4 n\u00facleos 240mm xlpe swa, temos outros tamanhos. Por exemplo, temos cabos de 16mm, 25mm, 50mm, 95mm, 185mm, 240mm, 300mm e outros tamanhos de cabos blindados para venda. Portanto, se estiver interessado no nosso pre\u00e7o de Cabo blindado de 4 n\u00facleos cu xlpe swa 240 sq mm, basta contactar-nos. Al\u00e9m disso, voc\u00ea pode visitar nossa f\u00e1brica de cabo blindado de 4 n\u00facleos 240mm xlpe, se for conveniente para voc\u00ea. Assim, pode acreditar na qualidade do nosso cabo blindado de 240 mm\u00b2 x 4 n\u00facleos xlpe.<\/p>\n<p style=\"text-align: center;\"><span class=\"su-lightbox\" data-mfp-src=\"#Popup\" data-mfp-type=\"inline\" data-mobile=\"yes\"><button class=\"btn btn-danger btn-sm\" ><i class=\"fa fa-hand-o-right\" style=\"color:#ffffff;\"><\/i> Obter cota\u00e7\u00e3o<\/button><\/span>\n<h2>Comparar os pre\u00e7os do cabo blindado de 4 n\u00facleos de 240 mm<\/h2>\n<p>Porque h\u00e1 muitos fornecedores de cabos blindados de 4 n\u00facleos de 240 sq mm xlpe swa no mundo. Ent\u00e3o voc\u00ea pode obter diferentes pre\u00e7os de cabos blindados de 240 mm quadrados de 4 n\u00facleos deles. Em primeiro lugar, o custo do material influencia o pre\u00e7o do cabo xlpe 4C * 240mm. Por exemplo, o pre\u00e7o do material de cobre ou alum\u00ednio resultar\u00e1 na cota\u00e7\u00e3o diferente de <a href=\"https:\/\/huadongswacable.com\/pt\/3c-x-240mm-xlpe-swa-pvc-cable\/\" target=\"_blank\" rel=\"noopener noreferrer\">Cabo blindado de 3 n\u00facleos 240 mm2 xlpe pvc swa<\/a>. Al\u00e9m disso, o custo humano tamb\u00e9m afeta o pre\u00e7o do cabo de pvc de 240 mm x 4 n\u00facleos xlpe swa. Assim, voc\u00ea pode obter esse fabricante de cabo de 240 mm2 de 4 n\u00facleos da China ter\u00e1 grande competitividade. Al\u00e9m do mais, se voc\u00ea comprar cabo blindado de cobre xlpe de 240 mm2 de 4 n\u00facleos do fabricante de cabo de alimenta\u00e7\u00e3o direta, poder\u00e1 obter desconto no pre\u00e7o do cabo de pvc de 240sq mm 4 n\u00facleos cu xlpe swa.<\/p>\n<div class=\"row prolisttable\">\n<div class=\"col-lg-12 col-md-12 col-xs-12 col-sm-12\">\n<table>\n<tbody>\n<tr>\n<td><img loading=\"lazy\" decoding=\"async\" class=\"aligncenter size-full wp-image-6396\" src=\"https:\/\/huadongswacable.com\/wp-content\/uploads\/2021\/09\/purchase-low-price-1C-x-240mm-cu-11kv-xlpe-cable-from-supplier-1.jpg\" alt=\"compra de cabo xlpe 1C x 240mm cu 11kv a baixo pre\u00e7o do fornecedor\" width=\"300\" height=\"300\" srcset=\"https:\/\/huadongswacable.com\/wp-content\/uploads\/2021\/09\/purchase-low-price-1C-x-240mm-cu-11kv-xlpe-cable-from-supplier-1.jpg 300w, https:\/\/huadongswacable.com\/wp-content\/uploads\/2021\/09\/purchase-low-price-1C-x-240mm-cu-11kv-xlpe-cable-from-supplier-1-150x150.jpg 150w\" sizes=\"auto, (max-width: 300px) 100vw, 300px\" \/><\/td>\n<td><a href=\"https:\/\/huadongswacable.com\/pt\/cabo-de-nucleo-unico-de-240-mm\/\" target=\"_blank\" rel=\"noopener noreferrer\"><b>1C * 240 sq mm cu xlpe awa pvc cabo blindado<\/b><\/a><\/p>\n<p><strong>Tens\u00e3o:<\/strong> 0.6\/1kv\uff0c6.6kv, 11kv, 15kv, 12\/20kv \uff0c25\/35kv\uff0c33kv<\/p>\n<p><strong>Material condutor:<\/strong> Cobre ou alum\u00ednio<\/p>\n<p><strong>Semicondutor interno:<\/strong> Composto semicondutor<\/p>\n<p><strong>Tipo de armadura:<\/strong> AWA (armadura de fio de alum\u00ednio)\/ATA (armadura de fita de alum\u00ednio)<\/p>\n<p><strong>Isolamento:<\/strong> XLPE \/PVC<\/p>\n<p><strong>Bainha interior e exterior:<\/strong> PVC<\/p>\n<p><strong>Temperatura m\u00e1xima de funcionamento:<\/strong>\u00a090\u00b0C<\/td>\n<\/tr>\n<\/tbody>\n<\/table>\n<\/div>\n<\/div>\n<p style=\"text-align: center;\"><span class=\"su-lightbox\" data-mfp-src=\"#Popup\" data-mfp-type=\"inline\" data-mobile=\"yes\"><button class=\"btn btn-danger btn-sm\" ><i class=\"fa fa-hand-o-right\" style=\"color:#ffffff;\"><\/i> Obter cota\u00e7\u00e3o<\/button><\/span>\n<p>Estes fornecedores de cabo xlpe 4 core 240mm podem entregar o cabo nos vossos pa\u00edses. Al\u00e9m disso, quanto mais cabo blindado 4Cx 240 sq mm encomendar, o pre\u00e7o do cabo blindado de 240mm 4 core ser\u00e1 mais barato. No entanto, o pre\u00e7o do cabo blindado de 240mm2 4 core xlpe na \u00c1frica do Sul, Nig\u00e9ria, Filipinas, Mal\u00e1sia, Indon\u00e9sia, Brasil ser\u00e1 diferente. Por isso, \u00e9 muito necess\u00e1rio comparar os pre\u00e7os do cabo 240sq mm 4 core cable Kenya com o pre\u00e7o do cabo blindado 4C * 240mm2 em <span class=\"VIiyi\" lang=\"en\"><span class=\"JLqJ4b ChMk0b\" data-language-for-alternatives=\"en\" data-language-to-translate-into=\"zh-CN\" data-phrase-index=\"0\">Som\u00e1lia<\/span><\/span>.  Para que possa obter uma cota\u00e7\u00e3o razo\u00e1vel para o cabo de 4 n\u00facleos* 240mm2.<\/p>\n<p><img loading=\"lazy\" decoding=\"async\" class=\"aligncenter size-full wp-image-6392\" src=\"https:\/\/huadongswacable.com\/wp-content\/uploads\/2021\/09\/purchase-4C-x-240-sq-mm-xlpe-pvc-mv-armoured-cable-from-manufacturer.jpg\" alt=\"comprar 4C x 240sq mm cu xlpe pvc mv cabo blindado do fabricante\" width=\"800\" height=\"414\" srcset=\"https:\/\/huadongswacable.com\/wp-content\/uploads\/2021\/09\/purchase-4C-x-240-sq-mm-xlpe-pvc-mv-armoured-cable-from-manufacturer.jpg 800w, https:\/\/huadongswacable.com\/wp-content\/uploads\/2021\/09\/purchase-4C-x-240-sq-mm-xlpe-pvc-mv-armoured-cable-from-manufacturer-300x155.jpg 300w, https:\/\/huadongswacable.com\/wp-content\/uploads\/2021\/09\/purchase-4C-x-240-sq-mm-xlpe-pvc-mv-armoured-cable-from-manufacturer-768x397.jpg 768w\" sizes=\"auto, (max-width: 800px) 100vw, 800px\" \/><\/p>\n<div role=\"form\" class=\"wpcf7\" id=\"wpcf7-f6-o1\" lang=\"en-US\" dir=\"ltr\">\n<div class=\"screen-reader-response\"><p role=\"status\" aria-live=\"polite\" aria-atomic=\"true\"><\/p> <ul><\/ul><\/div>\n<form action=\"\/pt\/wp-json\/wp\/v2\/pages\/6386#wpcf7-f6-o1\" method=\"post\" class=\"wpcf7-form init\" novalidate=\"novalidate\" data-status=\"init\" data-trp-original-action=\"\/pt\/wp-json\/wp\/v2\/pages\/6386#wpcf7-f6-o1\">\n<div style=\"display: none;\">\n<input type=\"hidden\" name=\"_wpcf7\" value=\"6\" \/>\n<input type=\"hidden\" name=\"_wpcf7_version\" value=\"5.5.6\" \/>\n<input type=\"hidden\" name=\"_wpcf7_locale\" value=\"en_US\" \/>\n<input type=\"hidden\" name=\"_wpcf7_unit_tag\" value=\"wpcf7-f6-o1\" \/>\n<input type=\"hidden\" name=\"_wpcf7_container_post\" value=\"0\" \/>\n<input type=\"hidden\" name=\"_wpcf7_posted_data_hash\" value=\"\" \/>\n<\/div>\n<div class=\"messageform\">\n<p><strong><span style=\"color:red;\"><\/span> O seu nome<\/strong><br \/>\n    <span class=\"wpcf7-form-control-wrap your-name\"><input type=\"text\" name=\"your-name\" value=\"\" size=\"40\" class=\"wpcf7-form-control wpcf7-text\" aria-invalid=\"false\" \/><\/span> <\/p>\n<p><strong><span style=\"color:red;\">*<\/span> O seu e-mail<\/strong><br \/>\n    <span class=\"wpcf7-form-control-wrap your-email\"><input type=\"email\" name=\"your-email\" value=\"\" size=\"40\" class=\"wpcf7-form-control wpcf7-text wpcf7-email wpcf7-validates-as-required wpcf7-validates-as-email\" aria-required=\"true\" aria-invalid=\"false\" \/><\/span> <\/p>\n<p><strong>O seu n\u00famero de telefone<\/strong><br \/>\n    <span class=\"wpcf7-form-control-wrap your-phone\"><input type=\"text\" name=\"your-phone\" value=\"\" size=\"40\" class=\"wpcf7-form-control wpcf7-text\" aria-invalid=\"false\" placeholder=\"Incluir o c\u00f3digo de \u00e1rea\" \/><\/span> <\/p>\n<p><strong>O seu pa\u00eds<\/strong><br \/>\n    <span class=\"wpcf7-form-control-wrap your-country\"><input type=\"text\" name=\"your-country\" value=\"\" size=\"40\" class=\"wpcf7-form-control wpcf7-text\" aria-invalid=\"false\" \/><\/span> <\/p>\n<p><strong><span style=\"color:red;\">*<\/span> O seu requisito<\/strong><br \/>\n    <span class=\"wpcf7-form-control-wrap your-requirement\"><textarea name=\"your-requirement\" cols=\"40\" rows=\"10\" class=\"wpcf7-form-control wpcf7-textarea wpcf7-validates-as-required bestonmessage\" aria-required=\"true\" aria-invalid=\"false\" placeholder=\"Para obter uma cota\u00e7\u00e3o detalhada, envie-nos o seu pedido detalhado.\"><\/textarea><\/span> <\/p>\n<p><input type=\"submit\" value=\"Enviar mensagem\" class=\"wpcf7-form-control has-spinner wpcf7-submit\" \/><\/p>\n<\/div>\n<p style=\"display: none !important;\"><label>&#916;<textarea name=\"_wpcf7_ak_hp_textarea\" cols=\"45\" rows=\"8\" maxlength=\"100\"><\/textarea><\/label><input type=\"hidden\" id=\"ak_js_1\" name=\"_wpcf7_ak_js\" value=\"250\"\/><script>document.getElementById( \"ak_js_1\" ).setAttribute( \"value\", ( new Date() ).getTime() );<\/script><\/p><input type='hidden' class='wpcf7-pum' value='{\"closepopup\":false,\"closedelay\":0,\"openpopup\":false,\"openpopup_id\":0}' \/><div class=\"wpcf7-response-output\" aria-hidden=\"true\"><\/div><input type=\"hidden\" name=\"trp-form-language\" value=\"pt\"\/><\/form><\/div>\n<div class=\"su-lightbox-content su-u-trim\" id=\"Popup\" style=\"display:none;width:auto;min-width:50%;max-width:70%;margin-top:40px;margin-bottom:40px;padding:40px;background:#e8e5e5;color:#060473;box-shadow:0px 0px 15px #333333;text-align:left\"><div role=\"form\" class=\"wpcf7\" id=\"wpcf7-f5571-o2\" lang=\"en-US\" dir=\"ltr\">\n<div class=\"screen-reader-response\"><p role=\"status\" aria-live=\"polite\" aria-atomic=\"true\"><\/p> <ul><\/ul><\/div>\n<form action=\"\/pt\/wp-json\/wp\/v2\/pages\/6386#wpcf7-f5571-o2\" method=\"post\" class=\"wpcf7-form init\" novalidate=\"novalidate\" data-status=\"init\" data-trp-original-action=\"\/pt\/wp-json\/wp\/v2\/pages\/6386#wpcf7-f5571-o2\">\n<div style=\"display: none;\">\n<input type=\"hidden\" name=\"_wpcf7\" value=\"5571\" \/>\n<input type=\"hidden\" name=\"_wpcf7_version\" value=\"5.5.6\" \/>\n<input type=\"hidden\" name=\"_wpcf7_locale\" value=\"en_US\" \/>\n<input type=\"hidden\" name=\"_wpcf7_unit_tag\" value=\"wpcf7-f5571-o2\" \/>\n<input type=\"hidden\" name=\"_wpcf7_container_post\" value=\"0\" \/>\n<input type=\"hidden\" name=\"_wpcf7_posted_data_hash\" value=\"\" \/>\n<\/div>\n<div class=\"popmakerform\">\n<p>O seu nome <span style=\"color:red;\">*<span><br \/>\n<span class=\"wpcf7-form-control-wrap your-name\"><input type=\"text\" name=\"your-name\" value=\"\" size=\"40\" class=\"wpcf7-form-control wpcf7-text wpcf7-validates-as-required\" aria-required=\"true\" aria-invalid=\"false\" \/><\/span><\/p>\n<p>O seu e-mail <span style=\"color:red;\">*<span><br \/>\n<span class=\"wpcf7-form-control-wrap your-email\"><input type=\"email\" name=\"your-email\" value=\"\" size=\"40\" class=\"wpcf7-form-control wpcf7-text wpcf7-email wpcf7-validates-as-required wpcf7-validates-as-email\" aria-required=\"true\" aria-invalid=\"false\" \/><\/span><\/p>\n<p>O seu n\u00famero de telefone<br \/>\n<span class=\"wpcf7-form-control-wrap your-phone\"><input type=\"text\" name=\"your-phone\" value=\"\" size=\"40\" class=\"wpcf7-form-control wpcf7-text\" aria-invalid=\"false\" \/><\/span><\/p>\n<p>O seu pa\u00eds<br \/>\n<span class=\"wpcf7-form-control-wrap your-country\"><input type=\"text\" name=\"your-country\" value=\"\" size=\"40\" class=\"wpcf7-form-control wpcf7-text\" aria-invalid=\"false\" \/><\/span><\/p>\n<p>Requisito pormenorizado <span style=\"color:red;\">*<span><br \/>\n<span class=\"wpcf7-form-control-wrap your-requirement\"><textarea name=\"your-requirement\" cols=\"40\" rows=\"4\" class=\"wpcf7-form-control wpcf7-textarea wpcf7-validates-as-required\" aria-required=\"true\" aria-invalid=\"false\"><\/textarea><\/span><\/p>\n<p><input type=\"submit\" value=\"Obter cota\u00e7\u00e3o\" class=\"wpcf7-form-control has-spinner wpcf7-submit\" \/><\/p>\n<\/div>\n<p style=\"display: none !important;\"><label>&#916;<textarea name=\"_wpcf7_ak_hp_textarea\" cols=\"45\" rows=\"8\" maxlength=\"100\"><\/textarea><\/label><input type=\"hidden\" id=\"ak_js_2\" name=\"_wpcf7_ak_js\" value=\"190\"\/><script>document.getElementById( \"ak_js_2\" ).setAttribute( \"value\", ( new Date() ).getTime() );<\/script><\/p><input type='hidden' class='wpcf7-pum' value='{\"closepopup\":false,\"closedelay\":0,\"openpopup\":false,\"openpopup_id\":0}' \/><div class=\"wpcf7-response-output\" aria-hidden=\"true\"><\/div><input type=\"hidden\" name=\"trp-form-language\" value=\"pt\"\/><\/form><\/div><\/div>","protected":false},"excerpt":{"rendered":"<p>Como adquirir um cabo blindado 0,6\/1kv cu\/xlpe\/pvc 4 n\u00facleos 240 mm2? De um modo geral, a aplica\u00e7\u00e3o do cabo blindado de 0,6\/1kv 4 n\u00facleos 240 mm2 xlpe \u00e9 muito vasta. Por isso, a procura de cabos blindados de 4 n\u00facleos de 240 mm \u00e9 muito grande. No entanto, se quiser obter o melhor pre\u00e7o de cabo armado de 240 mm2 com 4 n\u00facleos, ... <a class=\"read-more\" href=\"https:\/\/huadongswacable.com\/pt\/240-sq-mm-4-core-armoured-cable-price\/\">Ler mais...<\/a><\/p>","protected":false},"author":1,"featured_media":0,"parent":0,"menu_order":0,"comment_status":"closed","ping_status":"closed","template":"","meta":{"footnotes":""},"class_list":["post-6386","page","type-page","status-publish"],"yoast_head":"<!-- This site is optimized with the Yoast SEO plugin v18.4.1 - https:\/\/yoast.com\/wordpress\/plugins\/seo\/ -->\n<title>240mm 4 Core Armoured Cable Price | 240 sq mm 4C SWA Cable Supplier<\/title>\n<meta name=\"description\" content=\"We are 0.6\/1kv 4 core 240 sq mm armoured cable manufacturer, supply 240mm 4 core armoured cable price and tell how much is 4c 240mm2 cable.\" \/>\n<meta name=\"robots\" content=\"index, follow, max-snippet:-1, max-image-preview:large, max-video-preview:-1\" \/>\n<link rel=\"canonical\" href=\"https:\/\/huadongswacable.com\/pt\/240-sq-mm-4-core-armoured-cable-price\/\" \/>\n<meta property=\"og:locale\" content=\"pt_PT\" \/>\n<meta property=\"og:type\" content=\"article\" \/>\n<meta property=\"og:title\" content=\"240mm 4 Core Armoured Cable Price | 240 sq mm 4C SWA Cable Supplier\" \/>\n<meta property=\"og:description\" content=\"We are 0.6\/1kv 4 core 240 sq mm armoured cable manufacturer, supply 240mm 4 core armoured cable price and tell how much is 4c 240mm2 cable.\" \/>\n<meta property=\"og:url\" content=\"https:\/\/huadongswacable.com\/pt\/240-sq-mm-4-core-armoured-cable-price\/\" \/>\n<meta property=\"og:site_name\" content=\"Huadong SWA Cable\" \/>\n<meta property=\"article:modified_time\" content=\"2022-12-19T06:10:50+00:00\" \/>\n<meta property=\"og:image\" content=\"https:\/\/huadongswacable.com\/wp-content\/uploads\/2021\/09\/get-best-4-core-240-sq-mm-cu-xlpe-pvc-swa-armoured-cable-price.jpg\" \/>\n<meta name=\"twitter:card\" content=\"summary_large_image\" \/>\n<meta name=\"twitter:label1\" content=\"Tempo estimado de leitura\" \/>\n\t<meta name=\"twitter:data1\" content=\"5 minutos\" \/>\n<script type=\"application\/ld+json\" class=\"yoast-schema-graph\">{\"@context\":\"https:\/\/schema.org\",\"@graph\":[{\"@type\":\"WebSite\",\"@id\":\"http:\/\/huadongswacable.com\/ru\/#website\",\"url\":\"http:\/\/huadongswacable.com\/ru\/\",\"name\":\"Huadong SWA Cable\",\"description\":\"Huadong SWA Cable\",\"potentialAction\":[{\"@type\":\"SearchAction\",\"target\":{\"@type\":\"EntryPoint\",\"urlTemplate\":\"http:\/\/huadongswacable.com\/ru\/?s={search_term_string}\"},\"query-input\":\"required name=search_term_string\"}],\"inLanguage\":\"pt-PT\"},{\"@type\":\"ImageObject\",\"@id\":\"https:\/\/huadongswacable.com\/240-sq-mm-4-core-armoured-cable-price\/#primaryimage\",\"inLanguage\":\"pt-PT\",\"url\":\"https:\/\/huadongswacable.com\/wp-content\/uploads\/2021\/09\/get-best-4-core-240-sq-mm-cu-xlpe-pvc-swa-armoured-cable-price.jpg\",\"contentUrl\":\"https:\/\/huadongswacable.com\/wp-content\/uploads\/2021\/09\/get-best-4-core-240-sq-mm-cu-xlpe-pvc-swa-armoured-cable-price.jpg\",\"width\":350,\"height\":262,\"caption\":\"get best 4 core 240 sq mm cu xlpe pvc swa armoured cable price\"},{\"@type\":\"WebPage\",\"@id\":\"https:\/\/huadongswacable.com\/240-sq-mm-4-core-armoured-cable-price\/#webpage\",\"url\":\"https:\/\/huadongswacable.com\/240-sq-mm-4-core-armoured-cable-price\/\",\"name\":\"240mm 4 Core Armoured Cable Price | 240 sq mm 4C SWA Cable Supplier\",\"isPartOf\":{\"@id\":\"http:\/\/huadongswacable.com\/ru\/#website\"},\"primaryImageOfPage\":{\"@id\":\"https:\/\/huadongswacable.com\/240-sq-mm-4-core-armoured-cable-price\/#primaryimage\"},\"datePublished\":\"2021-09-27T06:23:48+00:00\",\"dateModified\":\"2022-12-19T06:10:50+00:00\",\"description\":\"We are 0.6\/1kv 4 core 240 sq mm armoured cable manufacturer, supply 240mm 4 core armoured cable price and tell how much is 4c 240mm2 cable.\",\"breadcrumb\":{\"@id\":\"https:\/\/huadongswacable.com\/240-sq-mm-4-core-armoured-cable-price\/#breadcrumb\"},\"inLanguage\":\"pt-PT\",\"potentialAction\":[{\"@type\":\"ReadAction\",\"target\":[\"https:\/\/huadongswacable.com\/240-sq-mm-4-core-armoured-cable-price\/\"]}]},{\"@type\":\"BreadcrumbList\",\"@id\":\"https:\/\/huadongswacable.com\/240-sq-mm-4-core-armoured-cable-price\/#breadcrumb\",\"itemListElement\":[{\"@type\":\"ListItem\",\"position\":1,\"name\":\"Home\",\"item\":\"http:\/\/huadongswacable.com\/ru\/\"},{\"@type\":\"ListItem\",\"position\":2,\"name\":\"240 SQ MM 4 Core Armoured Cable Price Per Meter\"}]}]}<\/script>\n<!-- \/ Yoast SEO plugin. -->","yoast_head_json":{"title":"240mm 4 Core Armoured Cable Price | 240 sq mm 4C SWA Cable Supplier","description":"We are 0.6\/1kv 4 core 240 sq mm armoured cable manufacturer, supply 240mm 4 core armoured cable price and tell how much is 4c 240mm2 cable.","robots":{"index":"index","follow":"follow","max-snippet":"max-snippet:-1","max-image-preview":"max-image-preview:large","max-video-preview":"max-video-preview:-1"},"canonical":"https:\/\/huadongswacable.com\/pt\/240-sq-mm-4-core-armoured-cable-price\/","og_locale":"pt_PT","og_type":"article","og_title":"240mm 4 Core Armoured Cable Price | 240 sq mm 4C SWA Cable Supplier","og_description":"We are 0.6\/1kv 4 core 240 sq mm armoured cable manufacturer, supply 240mm 4 core armoured cable price and tell how much is 4c 240mm2 cable.","og_url":"https:\/\/huadongswacable.com\/pt\/240-sq-mm-4-core-armoured-cable-price\/","og_site_name":"Huadong SWA Cable","article_modified_time":"2022-12-19T06:10:50+00:00","og_image":[{"url":"https:\/\/huadongswacable.com\/wp-content\/uploads\/2021\/09\/get-best-4-core-240-sq-mm-cu-xlpe-pvc-swa-armoured-cable-price.jpg"}],"twitter_card":"summary_large_image","twitter_misc":{"Tempo estimado de leitura":"5 minutos"},"schema":{"@context":"https:\/\/schema.org","@graph":[{"@type":"WebSite","@id":"http:\/\/huadongswacable.com\/ru\/#website","url":"http:\/\/huadongswacable.com\/ru\/","name":"Huadong SWA Cable","description":"Huadong SWA Cable","potentialAction":[{"@type":"SearchAction","target":{"@type":"EntryPoint","urlTemplate":"http:\/\/huadongswacable.com\/ru\/?s={search_term_string}"},"query-input":"required name=search_term_string"}],"inLanguage":"pt-PT"},{"@type":"ImageObject","@id":"https:\/\/huadongswacable.com\/240-sq-mm-4-core-armoured-cable-price\/#primaryimage","inLanguage":"pt-PT","url":"https:\/\/huadongswacable.com\/wp-content\/uploads\/2021\/09\/get-best-4-core-240-sq-mm-cu-xlpe-pvc-swa-armoured-cable-price.jpg","contentUrl":"https:\/\/huadongswacable.com\/wp-content\/uploads\/2021\/09\/get-best-4-core-240-sq-mm-cu-xlpe-pvc-swa-armoured-cable-price.jpg","width":350,"height":262,"caption":"get best 4 core 240 sq mm cu xlpe pvc swa armoured cable price"},{"@type":"WebPage","@id":"https:\/\/huadongswacable.com\/240-sq-mm-4-core-armoured-cable-price\/#webpage","url":"https:\/\/huadongswacable.com\/240-sq-mm-4-core-armoured-cable-price\/","name":"240mm 4 Core Armoured Cable Price | 240 sq mm 4C SWA Cable Supplier","isPartOf":{"@id":"http:\/\/huadongswacable.com\/ru\/#website"},"primaryImageOfPage":{"@id":"https:\/\/huadongswacable.com\/240-sq-mm-4-core-armoured-cable-price\/#primaryimage"},"datePublished":"2021-09-27T06:23:48+00:00","dateModified":"2022-12-19T06:10:50+00:00","description":"We are 0.6\/1kv 4 core 240 sq mm armoured cable manufacturer, supply 240mm 4 core armoured cable price and tell how much is 4c 240mm2 cable.","breadcrumb":{"@id":"https:\/\/huadongswacable.com\/240-sq-mm-4-core-armoured-cable-price\/#breadcrumb"},"inLanguage":"pt-PT","potentialAction":[{"@type":"ReadAction","target":["https:\/\/huadongswacable.com\/240-sq-mm-4-core-armoured-cable-price\/"]}]},{"@type":"BreadcrumbList","@id":"https:\/\/huadongswacable.com\/240-sq-mm-4-core-armoured-cable-price\/#breadcrumb","itemListElement":[{"@type":"ListItem","position":1,"name":"Home","item":"http:\/\/huadongswacable.com\/ru\/"},{"@type":"ListItem","position":2,"name":"240 SQ MM 4 Core Armoured Cable Price Per Meter"}]}]}},"_links":{"self":[{"href":"https:\/\/huadongswacable.com\/pt\/wp-json\/wp\/v2\/pages\/6386","targetHints":{"allow":["GET"]}}],"collection":[{"href":"https:\/\/huadongswacable.com\/pt\/wp-json\/wp\/v2\/pages"}],"about":[{"href":"https:\/\/huadongswacable.com\/pt\/wp-json\/wp\/v2\/types\/page"}],"author":[{"embeddable":true,"href":"https:\/\/huadongswacable.com\/pt\/wp-json\/wp\/v2\/users\/1"}],"replies":[{"embeddable":true,"href":"https:\/\/huadongswacable.com\/pt\/wp-json\/wp\/v2\/comments?post=6386"}],"version-history":[{"count":10,"href":"https:\/\/huadongswacable.com\/pt\/wp-json\/wp\/v2\/pages\/6386\/revisions"}],"predecessor-version":[{"id":7769,"href":"https:\/\/huadongswacable.com\/pt\/wp-json\/wp\/v2\/pages\/6386\/revisions\/7769"}],"wp:attachment":[{"href":"https:\/\/huadongswacable.com\/pt\/wp-json\/wp\/v2\/media?parent=6386"}],"curies":[{"name":"wp","href":"https:\/\/api.w.org\/{rel}","templated":true}]}}