{"id":633,"date":"2018-04-02T16:00:03","date_gmt":"2018-04-02T08:00:03","guid":{"rendered":"http:\/\/huadongswacable.com\/?page_id=633"},"modified":"2022-12-19T11:51:52","modified_gmt":"2022-12-19T03:51:52","slug":"single-core-armoured-cable","status":"publish","type":"page","link":"https:\/\/huadongswacable.com\/pt\/cabo-armado-de-nucleo-unico\/","title":{"rendered":"16mm 25mm 50mm Cabo blindado de n\u00facleo \u00fanico para venda"},"content":{"rendered":"<h2>Onde comprar cabo armado unipolar?<\/h2>\n<p>Huadong Cable Group \u00e9 um fornecedor l\u00edder de cabos armados de n\u00facleo \u00fanico na China. H\u00e1 alta qualidade e pre\u00e7o relativamente baixo de cabo blindado de n\u00facleo \u00fanico de 25mm para venda. Temos mais de 30 anos de experi\u00eancia na produ\u00e7\u00e3o de cabos blindados de fio simples de 50 mm\u00b2. Al\u00e9m disso, temos mais de 20 anos de experi\u00eancia na exporta\u00e7\u00e3o de cabos blindados de alum\u00ednio de n\u00facleo \u00fanico. Em todos os processos de produ\u00e7\u00e3o de cabos blindados de n\u00facleo \u00fanico, cumprimos rigorosamente as normas de produ\u00e7\u00e3o de cabos blindados monof\u00e1sicos para fabrico. Se s\u00f3 precisa de cabo blindado monof\u00e1sico, ent\u00e3o Huadong \u00e9 definitivamente a sua escolha ideal. Contacte-nos agora para obter o seu or\u00e7amento para o cabo SWA de n\u00facleo \u00fanico.<\/p>\n<div class=\"row prolisttable\">\n<div class=\"col-lg-12 col-md-12 col-xs-12 col-sm-12\">\n<table>\n<tbody>\n<tr>\n<td><img loading=\"lazy\" decoding=\"async\" class=\"aligncenter size-full wp-image-5945\" src=\"https:\/\/huadongswacable.com\/wp-content\/uploads\/2021\/06\/16mm-xlpe-pvc-ata-single-core-cable-for-sale.jpg\" alt=\"cabo de 16mm xlpe pvc ata single core para venda\" width=\"350\" height=\"350\" srcset=\"https:\/\/huadongswacable.com\/wp-content\/uploads\/2021\/06\/16mm-xlpe-pvc-ata-single-core-cable-for-sale.jpg 350w, https:\/\/huadongswacable.com\/wp-content\/uploads\/2021\/06\/16mm-xlpe-pvc-ata-single-core-cable-for-sale-300x300.jpg 300w, https:\/\/huadongswacable.com\/wp-content\/uploads\/2021\/06\/16mm-xlpe-pvc-ata-single-core-cable-for-sale-150x150.jpg 150w\" sizes=\"auto, (max-width: 350px) 100vw, 350px\" \/><\/td>\n<td><strong>Maestro:<\/strong> Alum\u00ednio<\/p>\n<p><strong>Tens\u00e3o:<\/strong> 0.6\/1kv, 6.6kv, 12\/20kv, 11kv, 15kv\uff0c33kv<\/p>\n<p><strong>Blindado:<\/strong>\u00a0 AWA (Fio de alum\u00ednio blindado) ATA (Fita de alum\u00ednio blindada)<\/p>\n<p><strong>Isolamento:<\/strong> XLPE \/ PVC \/ LSF \/ Resistente ao fogo<\/p>\n<p><strong>\u00c1rea da sec\u00e7\u00e3o:<\/strong> 1,5 mm2-1000 mm2<\/p>\n<p><strong>Padr\u00e3o:<\/strong> IEC 60502, BS 7870, GB\/ T12706 ou outro.<\/p>\n<p><strong>Embalagem:<\/strong> Tambor de ferro ou madeira<\/td>\n<\/tr>\n<\/tbody>\n<\/table>\n<\/div>\n<\/div>\n<p style=\"text-align: center;\"><span class=\"su-lightbox\" data-mfp-src=\"#Popup\" data-mfp-type=\"inline\" data-mobile=\"yes\"><button class=\"btn btn-danger btn-sm\" ><i class=\"fa fa-hand-o-right\" style=\"color:#ffffff;\"><\/i> Obter cota\u00e7\u00e3o<\/button><\/span>\n<h2>Quais s\u00e3o as caracter\u00edsticas do cabo unipolar de 25 mm?<\/h2>\n<p>Antes de comprar cabo blindado monof\u00e1sico de 25 mm, deve conhecer as caracter\u00edsticas e aplica\u00e7\u00f5es do cabo blindado de fio \u00fanico. Mas se j\u00e1 conhecia estas informa\u00e7\u00f5es b\u00e1sicas, pode contactar-nos para comprar diretamente o cabo armado de alum\u00ednio de n\u00facleo \u00fanico. O cabo armado de fio \u00fanico \u00e9 um cabo de alimenta\u00e7\u00e3o de 1 fase com armadura de fio de alum\u00ednio ou armadura de fita de alum\u00ednio. Pode escolher o cabo armado unipolar AWA ou o cabo armado monof\u00e1sico ATA de acordo com as suas aplica\u00e7\u00f5es. N\u00e3o hesite em contactar-nos. Al\u00e9m disso, obter\u00e1 o pre\u00e7o de f\u00e1brica do cabo blindado monof\u00e1sico SWA se escolher o Grupo Huadong como seu fornecedor.<\/p>\n<div class=\"row prolisttable\">\n<div class=\"col-lg-12 col-md-12 col-xs-12 col-sm-12\">\n<table>\n<tbody>\n<tr>\n<td><img loading=\"lazy\" decoding=\"async\" class=\"aligncenter size-full wp-image-5952\" src=\"https:\/\/huadongswacable.com\/wp-content\/uploads\/2021\/06\/1C-x-185mm-150mm-120mm-xlpe-pvc-awa-copper-wire.jpg\" alt=\"cabo blindado de pvc de 25 mm xlpe\" width=\"300\" height=\"300\" srcset=\"https:\/\/huadongswacable.com\/wp-content\/uploads\/2021\/06\/1C-x-185mm-150mm-120mm-xlpe-pvc-awa-copper-wire.jpg 300w, https:\/\/huadongswacable.com\/wp-content\/uploads\/2021\/06\/1C-x-185mm-150mm-120mm-xlpe-pvc-awa-copper-wire-150x150.jpg 150w\" sizes=\"auto, (max-width: 300px) 100vw, 300px\" \/><\/td>\n<td><strong>Maestro:<\/strong> Cobre<\/p>\n<p><strong>Tens\u00e3o:<\/strong> 0.6\/1kv, 6.6kv, 12\/20kv, 11kv, 15kv\uff0c33kv<\/p>\n<p><strong>\u00c1rea da sec\u00e7\u00e3o:<\/strong> 16mm, 25mm, 35mm, 50mm, 95mm, 120mm, 150mm, 185mm, 240mm, 300mm e assim por diante<\/p>\n<p><strong>Blindado:<\/strong>\u00a0 AWA (Fio de alum\u00ednio blindado) ATA (Fita de alum\u00ednio blindada)<\/p>\n<p><strong>Isolamento:<\/strong> XLPE \/ PVC \/ LSF \/ Resistente ao fogo<\/p>\n<p><strong>Padr\u00e3o:<\/strong> IEC 60502, BS 7870, GB\/ T12706 ou outro.<\/td>\n<\/tr>\n<\/tbody>\n<\/table>\n<\/div>\n<\/div>\n<p style=\"text-align: center;\"><span class=\"su-lightbox\" data-mfp-src=\"#Popup\" data-mfp-type=\"inline\" data-mobile=\"yes\"><button class=\"btn btn-danger btn-sm\" ><i class=\"fa fa-hand-o-right\" style=\"color:#ffffff;\"><\/i> Obter cota\u00e7\u00e3o<\/button><\/span>\n<p>Se n\u00e3o souber qual o tipo de cabo armado de fio simples de que necessita, n\u00e3o hesite em contactar-nos. A Huadong Cable Group tem uma vasta experi\u00eancia no aconselhamento sobre a sele\u00e7\u00e3o de cabos armados de alum\u00ednio de n\u00facleo \u00fanico. Como fabricante profissional de cabos unipolares de 25 mm, temos uma equipa t\u00e9cnica dispon\u00edvel para discutir a sua aplica\u00e7\u00e3o. E ajud\u00e1-lo a cumprir os requisitos espec\u00edficos. Agora deixe sua mensagem e obtenha sua lista de pre\u00e7os de cabo blindado de alum\u00ednio de n\u00facleo \u00fanico agora.<\/p>\n<p><img loading=\"lazy\" decoding=\"async\" class=\"aligncenter size-full wp-image-5954\" src=\"https:\/\/huadongswacable.com\/wp-content\/uploads\/2021\/06\/single-core-armoured-cable-size-structure.jpg\" alt=\"Estrutura de tamanho de cabo armado de n\u00facleo \u00fanico de 25 mm\" width=\"864\" height=\"256\" srcset=\"https:\/\/huadongswacable.com\/wp-content\/uploads\/2021\/06\/single-core-armoured-cable-size-structure.jpg 864w, https:\/\/huadongswacable.com\/wp-content\/uploads\/2021\/06\/single-core-armoured-cable-size-structure-300x89.jpg 300w, https:\/\/huadongswacable.com\/wp-content\/uploads\/2021\/06\/single-core-armoured-cable-size-structure-768x228.jpg 768w\" sizes=\"auto, (max-width: 864px) 100vw, 864px\" \/><\/p>\n<p>Para al\u00e9m dos cabos armados unipolares mais comuns, tamb\u00e9m fornecemos uma gama para aplica\u00e7\u00f5es especializadas. Pode ter a certeza de que o nosso cabo armado de fio simples \u00e9 de qualidade. Quanto ao pre\u00e7o, tamb\u00e9m pode compar\u00e1-lo com o de outros fabricantes de cabos armados de fio simples. E ent\u00e3o descobrir\u00e1 que o pre\u00e7o do nosso cabo blindado monof\u00e1sico \u00e9 bastante favor\u00e1vel. Pode visitar a nossa f\u00e1brica se for conveniente para si ou podemos enviar amostras gr\u00e1tis de cabo armado de n\u00facleo \u00fanico para si. Basta deixar a sua mensagem.<\/p>\n<p style=\"text-align: center;\"><span class=\"su-lightbox\" data-mfp-src=\"#Popup\" data-mfp-type=\"inline\" data-mobile=\"yes\"><button class=\"btn btn-danger btn-sm\" ><i class=\"fa fa-hand-o-right\" style=\"color:#ffffff;\"><\/i> Obter cota\u00e7\u00e3o<\/button><\/span>\n<h3>Porqu\u00ea escolher-nos\uff1f<\/h3>\n<p>Processo do produto: O nosso fio blindado de n\u00facleo \u00fanico utiliza o material condutor de alum\u00ednio\/cobre recozido de alta qualidade e o material de isolamento natural XLPE (polietileno reticulado)\/Cloreto de polivinilo PVC. Todos os processos de produ\u00e7\u00e3o foram rigorosamente verificados pelos nossos engenheiros t\u00e9cnicos profissionais. Pacote de cabo blindado swa de n\u00facleo \u00fanico por ferro ou tambor de madeira ou de acordo com a exig\u00eancia do cliente.<\/p>\n<p><img loading=\"lazy\" decoding=\"async\" class=\"aligncenter\" src=\"https:\/\/huadongswacable.com\/wp-content\/uploads\/2019\/02\/16mm-single-core-cable-supplier-.jpg\" alt=\"pre\u00e7o para cabo armado unipolar de 50 mm e 70 mm \" width=\"900\" height=\"333\" \/><\/p>\n<p><strong>Caso de cliente:\u00a0<\/strong>Os nossos produtos de cabos blindados monof\u00e1sicos swa foram exportados para mais de 30 pa\u00edses. Tais como: R\u00fassia, Am\u00e9rica, I\u00e9men, Am\u00e9rica do Sul, Am\u00e9rica do Norte, M\u00e9dio Oriente, \u00c1frica, \u00c1sia, pa\u00edses da Oce\u00e2nia, etc.<\/p>\n<div class=\"su-lightbox-content su-u-trim\" id=\"Popup\" style=\"display:none;width:auto;min-width:50%;max-width:70%;margin-top:40px;margin-bottom:40px;padding:40px;background:#e8e5e5;color:#060473;box-shadow:0px 0px 15px #333333;text-align:left\"><div role=\"form\" class=\"wpcf7\" id=\"wpcf7-f5571-o1\" lang=\"en-US\" dir=\"ltr\">\n<div class=\"screen-reader-response\"><p role=\"status\" aria-live=\"polite\" aria-atomic=\"true\"><\/p> <ul><\/ul><\/div>\n<form action=\"\/pt\/wp-json\/wp\/v2\/pages\/633#wpcf7-f5571-o1\" method=\"post\" class=\"wpcf7-form init\" novalidate=\"novalidate\" data-status=\"init\" data-trp-original-action=\"\/pt\/wp-json\/wp\/v2\/pages\/633#wpcf7-f5571-o1\">\n<div style=\"display: none;\">\n<input type=\"hidden\" name=\"_wpcf7\" value=\"5571\" \/>\n<input type=\"hidden\" name=\"_wpcf7_version\" value=\"5.5.6\" \/>\n<input type=\"hidden\" name=\"_wpcf7_locale\" value=\"en_US\" \/>\n<input type=\"hidden\" name=\"_wpcf7_unit_tag\" value=\"wpcf7-f5571-o1\" \/>\n<input type=\"hidden\" name=\"_wpcf7_container_post\" value=\"0\" \/>\n<input type=\"hidden\" name=\"_wpcf7_posted_data_hash\" value=\"\" \/>\n<\/div>\n<div class=\"popmakerform\">\n<p>O seu nome <span style=\"color:red;\">*<span><br \/>\n<span class=\"wpcf7-form-control-wrap your-name\"><input type=\"text\" name=\"your-name\" value=\"\" size=\"40\" class=\"wpcf7-form-control wpcf7-text wpcf7-validates-as-required\" aria-required=\"true\" aria-invalid=\"false\" \/><\/span><\/p>\n<p>O seu e-mail <span style=\"color:red;\">*<span><br \/>\n<span class=\"wpcf7-form-control-wrap your-email\"><input type=\"email\" name=\"your-email\" value=\"\" size=\"40\" class=\"wpcf7-form-control wpcf7-text wpcf7-email wpcf7-validates-as-required wpcf7-validates-as-email\" aria-required=\"true\" aria-invalid=\"false\" \/><\/span><\/p>\n<p>O seu n\u00famero de telefone<br \/>\n<span class=\"wpcf7-form-control-wrap your-phone\"><input type=\"text\" name=\"your-phone\" value=\"\" size=\"40\" class=\"wpcf7-form-control wpcf7-text\" aria-invalid=\"false\" \/><\/span><\/p>\n<p>O seu pa\u00eds<br \/>\n<span class=\"wpcf7-form-control-wrap your-country\"><input type=\"text\" name=\"your-country\" value=\"\" size=\"40\" class=\"wpcf7-form-control wpcf7-text\" aria-invalid=\"false\" \/><\/span><\/p>\n<p>Requisito pormenorizado <span style=\"color:red;\">*<span><br \/>\n<span class=\"wpcf7-form-control-wrap your-requirement\"><textarea name=\"your-requirement\" cols=\"40\" rows=\"4\" class=\"wpcf7-form-control wpcf7-textarea wpcf7-validates-as-required\" aria-required=\"true\" aria-invalid=\"false\"><\/textarea><\/span><\/p>\n<p><input type=\"submit\" value=\"Obter cota\u00e7\u00e3o\" class=\"wpcf7-form-control has-spinner wpcf7-submit\" \/><\/p>\n<\/div>\n<p style=\"display: none !important;\"><label>&#916;<textarea name=\"_wpcf7_ak_hp_textarea\" cols=\"45\" rows=\"8\" maxlength=\"100\"><\/textarea><\/label><input type=\"hidden\" id=\"ak_js_1\" name=\"_wpcf7_ak_js\" value=\"235\"\/><script>document.getElementById( \"ak_js_1\" ).setAttribute( \"value\", ( new Date() ).getTime() );<\/script><\/p><input type='hidden' class='wpcf7-pum' value='{\"closepopup\":false,\"closedelay\":0,\"openpopup\":false,\"openpopup_id\":0}' \/><div class=\"wpcf7-response-output\" aria-hidden=\"true\"><\/div><input type=\"hidden\" name=\"trp-form-language\" value=\"pt\"\/><\/form><\/div><\/div>\n<h3>Por favor, sinta-se livre para deixar sua exig\u00eancia. Responder-lhe-emos no prazo de 12 horas.<\/h3>\n<div role=\"form\" class=\"wpcf7\" id=\"wpcf7-f6-o2\" lang=\"en-US\" dir=\"ltr\">\n<div class=\"screen-reader-response\"><p role=\"status\" aria-live=\"polite\" aria-atomic=\"true\"><\/p> <ul><\/ul><\/div>\n<form action=\"\/pt\/wp-json\/wp\/v2\/pages\/633#wpcf7-f6-o2\" method=\"post\" class=\"wpcf7-form init\" novalidate=\"novalidate\" data-status=\"init\" data-trp-original-action=\"\/pt\/wp-json\/wp\/v2\/pages\/633#wpcf7-f6-o2\">\n<div style=\"display: none;\">\n<input type=\"hidden\" name=\"_wpcf7\" value=\"6\" \/>\n<input type=\"hidden\" name=\"_wpcf7_version\" value=\"5.5.6\" \/>\n<input type=\"hidden\" name=\"_wpcf7_locale\" value=\"en_US\" \/>\n<input type=\"hidden\" name=\"_wpcf7_unit_tag\" value=\"wpcf7-f6-o2\" \/>\n<input type=\"hidden\" name=\"_wpcf7_container_post\" value=\"0\" \/>\n<input type=\"hidden\" name=\"_wpcf7_posted_data_hash\" value=\"\" \/>\n<\/div>\n<div class=\"messageform\">\n<p><strong><span style=\"color:red;\"><\/span> O seu nome<\/strong><br \/>\n    <span class=\"wpcf7-form-control-wrap your-name\"><input type=\"text\" name=\"your-name\" value=\"\" size=\"40\" class=\"wpcf7-form-control wpcf7-text\" aria-invalid=\"false\" \/><\/span> <\/p>\n<p><strong><span style=\"color:red;\">*<\/span> O seu e-mail<\/strong><br \/>\n    <span class=\"wpcf7-form-control-wrap your-email\"><input type=\"email\" name=\"your-email\" value=\"\" size=\"40\" class=\"wpcf7-form-control wpcf7-text wpcf7-email wpcf7-validates-as-required wpcf7-validates-as-email\" aria-required=\"true\" aria-invalid=\"false\" \/><\/span> <\/p>\n<p><strong>O seu n\u00famero de telefone<\/strong><br \/>\n    <span class=\"wpcf7-form-control-wrap your-phone\"><input type=\"text\" name=\"your-phone\" value=\"\" size=\"40\" class=\"wpcf7-form-control wpcf7-text\" aria-invalid=\"false\" placeholder=\"Incluir o c\u00f3digo de \u00e1rea\" \/><\/span> <\/p>\n<p><strong>O seu pa\u00eds<\/strong><br \/>\n    <span class=\"wpcf7-form-control-wrap your-country\"><input type=\"text\" name=\"your-country\" value=\"\" size=\"40\" class=\"wpcf7-form-control wpcf7-text\" aria-invalid=\"false\" \/><\/span> <\/p>\n<p><strong><span style=\"color:red;\">*<\/span> O seu requisito<\/strong><br \/>\n    <span class=\"wpcf7-form-control-wrap your-requirement\"><textarea name=\"your-requirement\" cols=\"40\" rows=\"10\" class=\"wpcf7-form-control wpcf7-textarea wpcf7-validates-as-required bestonmessage\" aria-required=\"true\" aria-invalid=\"false\" placeholder=\"Para obter uma cota\u00e7\u00e3o detalhada, envie-nos o seu pedido detalhado.\"><\/textarea><\/span> <\/p>\n<p><input type=\"submit\" value=\"Enviar mensagem\" class=\"wpcf7-form-control has-spinner wpcf7-submit\" \/><\/p>\n<\/div>\n<p style=\"display: none !important;\"><label>&#916;<textarea name=\"_wpcf7_ak_hp_textarea\" cols=\"45\" rows=\"8\" maxlength=\"100\"><\/textarea><\/label><input type=\"hidden\" id=\"ak_js_2\" name=\"_wpcf7_ak_js\" value=\"214\"\/><script>document.getElementById( \"ak_js_2\" ).setAttribute( \"value\", ( new Date() ).getTime() );<\/script><\/p><input type='hidden' class='wpcf7-pum' value='{\"closepopup\":false,\"closedelay\":0,\"openpopup\":false,\"openpopup_id\":0}' \/><div class=\"wpcf7-response-output\" aria-hidden=\"true\"><\/div><input type=\"hidden\" name=\"trp-form-language\" value=\"pt\"\/><\/form><\/div>","protected":false},"excerpt":{"rendered":"<p>Onde comprar cabo armado de n\u00facleo simples? Huadong Cable Group \u00e9 um dos principais fornecedores de cabos armados unipolares na China. H\u00e1 alta qualidade e pre\u00e7o relativamente baixo de cabo blindado de n\u00facleo \u00fanico de 25mm para venda. Temos mais de 30 anos de experi\u00eancia na produ\u00e7\u00e3o de cabos blindados de fio simples de 50 mm\u00b2. Al\u00e9m disso, temos ... <a class=\"read-more\" href=\"https:\/\/huadongswacable.com\/pt\/cabo-armado-de-nucleo-unico\/\">Ler mais...<\/a><\/p>","protected":false},"author":1,"featured_media":0,"parent":0,"menu_order":0,"comment_status":"closed","ping_status":"closed","template":"","meta":{"footnotes":""},"class_list":["post-633","page","type-page","status-publish"],"yoast_head":"<!-- This site is optimized with the Yoast SEO plugin v18.4.1 - https:\/\/yoast.com\/wordpress\/plugins\/seo\/ -->\n<title>16mm 25mm 50mm Single Core Armoured Cable<\/title>\n<meta name=\"description\" content=\"Huadong has best 16mm 25mm 50mm 95mm 120mm 150mm 185mm single core armoured cable price for sale. We are professional 1C x 25mm armoured cable manufacturer in China.\" \/>\n<meta name=\"robots\" content=\"index, follow, max-snippet:-1, max-image-preview:large, max-video-preview:-1\" \/>\n<link rel=\"canonical\" href=\"http:\/\/huadongswacable.com\/pt\/single-core-armoured-cable\/\" \/>\n<meta property=\"og:locale\" content=\"pt_PT\" \/>\n<meta property=\"og:type\" content=\"article\" \/>\n<meta property=\"og:title\" content=\"16mm 25mm 50mm Single Core Armoured Cable\" \/>\n<meta property=\"og:description\" content=\"Huadong has best 16mm 25mm 50mm 95mm 120mm 150mm 185mm single core armoured cable price for sale. We are professional 1C x 25mm armoured cable manufacturer in China.\" \/>\n<meta property=\"og:url\" content=\"http:\/\/huadongswacable.com\/pt\/single-core-armoured-cable\/\" \/>\n<meta property=\"og:site_name\" content=\"Huadong SWA Cable\" \/>\n<meta property=\"article:modified_time\" content=\"2022-12-19T03:51:52+00:00\" \/>\n<meta property=\"og:image\" content=\"https:\/\/huadongswacable.com\/wp-content\/uploads\/2021\/06\/16mm-xlpe-pvc-ata-single-core-cable-for-sale.jpg\" \/>\n<meta name=\"twitter:card\" content=\"summary_large_image\" \/>\n<meta name=\"twitter:label1\" content=\"Tempo estimado de leitura\" \/>\n\t<meta name=\"twitter:data1\" content=\"4 minutos\" \/>\n<script type=\"application\/ld+json\" class=\"yoast-schema-graph\">{\"@context\":\"https:\/\/schema.org\",\"@graph\":[{\"@type\":\"WebSite\",\"@id\":\"http:\/\/huadongswacable.com\/ru\/#website\",\"url\":\"http:\/\/huadongswacable.com\/ru\/\",\"name\":\"Huadong SWA Cable\",\"description\":\"Huadong SWA Cable\",\"potentialAction\":[{\"@type\":\"SearchAction\",\"target\":{\"@type\":\"EntryPoint\",\"urlTemplate\":\"http:\/\/huadongswacable.com\/ru\/?s={search_term_string}\"},\"query-input\":\"required name=search_term_string\"}],\"inLanguage\":\"pt-PT\"},{\"@type\":\"ImageObject\",\"@id\":\"http:\/\/huadongswacable.com\/fr\/single-core-armoured-cable\/#primaryimage\",\"inLanguage\":\"pt-PT\",\"url\":\"https:\/\/huadongswacable.com\/wp-content\/uploads\/2021\/06\/16mm-xlpe-pvc-ata-single-core-cable-for-sale.jpg\",\"contentUrl\":\"https:\/\/huadongswacable.com\/wp-content\/uploads\/2021\/06\/16mm-xlpe-pvc-ata-single-core-cable-for-sale.jpg\",\"width\":350,\"height\":350,\"caption\":\"16mm xlpe pvc ata single core cable for sale\"},{\"@type\":\"WebPage\",\"@id\":\"http:\/\/huadongswacable.com\/fr\/single-core-armoured-cable\/#webpage\",\"url\":\"http:\/\/huadongswacable.com\/fr\/single-core-armoured-cable\/\",\"name\":\"16mm 25mm 50mm Single Core Armoured Cable\",\"isPartOf\":{\"@id\":\"http:\/\/huadongswacable.com\/ru\/#website\"},\"primaryImageOfPage\":{\"@id\":\"http:\/\/huadongswacable.com\/fr\/single-core-armoured-cable\/#primaryimage\"},\"datePublished\":\"2018-04-02T08:00:03+00:00\",\"dateModified\":\"2022-12-19T03:51:52+00:00\",\"description\":\"Huadong has best 16mm 25mm 50mm 95mm 120mm 150mm 185mm single core armoured cable price for sale. We are professional 1C x 25mm armoured cable manufacturer in China.\",\"breadcrumb\":{\"@id\":\"http:\/\/huadongswacable.com\/fr\/single-core-armoured-cable\/#breadcrumb\"},\"inLanguage\":\"pt-PT\",\"potentialAction\":[{\"@type\":\"ReadAction\",\"target\":[\"http:\/\/huadongswacable.com\/fr\/single-core-armoured-cable\/\"]}]},{\"@type\":\"BreadcrumbList\",\"@id\":\"http:\/\/huadongswacable.com\/fr\/single-core-armoured-cable\/#breadcrumb\",\"itemListElement\":[{\"@type\":\"ListItem\",\"position\":1,\"name\":\"Home\",\"item\":\"http:\/\/huadongswacable.com\/ru\/\"},{\"@type\":\"ListItem\",\"position\":2,\"name\":\"16mm 25mm 50mm Single Core Armoured Cable For Sale\"}]}]}<\/script>\n<!-- \/ Yoast SEO plugin. -->","yoast_head_json":{"title":"16mm 25mm 50mm Single Core Armoured Cable","description":"Huadong has best 16mm 25mm 50mm 95mm 120mm 150mm 185mm single core armoured cable price for sale. We are professional 1C x 25mm armoured cable manufacturer in China.","robots":{"index":"index","follow":"follow","max-snippet":"max-snippet:-1","max-image-preview":"max-image-preview:large","max-video-preview":"max-video-preview:-1"},"canonical":"http:\/\/huadongswacable.com\/pt\/single-core-armoured-cable\/","og_locale":"pt_PT","og_type":"article","og_title":"16mm 25mm 50mm Single Core Armoured Cable","og_description":"Huadong has best 16mm 25mm 50mm 95mm 120mm 150mm 185mm single core armoured cable price for sale. We are professional 1C x 25mm armoured cable manufacturer in China.","og_url":"http:\/\/huadongswacable.com\/pt\/single-core-armoured-cable\/","og_site_name":"Huadong SWA Cable","article_modified_time":"2022-12-19T03:51:52+00:00","og_image":[{"url":"https:\/\/huadongswacable.com\/wp-content\/uploads\/2021\/06\/16mm-xlpe-pvc-ata-single-core-cable-for-sale.jpg"}],"twitter_card":"summary_large_image","twitter_misc":{"Tempo estimado de leitura":"4 minutos"},"schema":{"@context":"https:\/\/schema.org","@graph":[{"@type":"WebSite","@id":"http:\/\/huadongswacable.com\/ru\/#website","url":"http:\/\/huadongswacable.com\/ru\/","name":"Huadong SWA Cable","description":"Huadong SWA Cable","potentialAction":[{"@type":"SearchAction","target":{"@type":"EntryPoint","urlTemplate":"http:\/\/huadongswacable.com\/ru\/?s={search_term_string}"},"query-input":"required name=search_term_string"}],"inLanguage":"pt-PT"},{"@type":"ImageObject","@id":"http:\/\/huadongswacable.com\/fr\/single-core-armoured-cable\/#primaryimage","inLanguage":"pt-PT","url":"https:\/\/huadongswacable.com\/wp-content\/uploads\/2021\/06\/16mm-xlpe-pvc-ata-single-core-cable-for-sale.jpg","contentUrl":"https:\/\/huadongswacable.com\/wp-content\/uploads\/2021\/06\/16mm-xlpe-pvc-ata-single-core-cable-for-sale.jpg","width":350,"height":350,"caption":"16mm xlpe pvc ata single core cable for sale"},{"@type":"WebPage","@id":"http:\/\/huadongswacable.com\/fr\/single-core-armoured-cable\/#webpage","url":"http:\/\/huadongswacable.com\/fr\/single-core-armoured-cable\/","name":"16mm 25mm 50mm Single Core Armoured Cable","isPartOf":{"@id":"http:\/\/huadongswacable.com\/ru\/#website"},"primaryImageOfPage":{"@id":"http:\/\/huadongswacable.com\/fr\/single-core-armoured-cable\/#primaryimage"},"datePublished":"2018-04-02T08:00:03+00:00","dateModified":"2022-12-19T03:51:52+00:00","description":"Huadong has best 16mm 25mm 50mm 95mm 120mm 150mm 185mm single core armoured cable price for sale. We are professional 1C x 25mm armoured cable manufacturer in China.","breadcrumb":{"@id":"http:\/\/huadongswacable.com\/fr\/single-core-armoured-cable\/#breadcrumb"},"inLanguage":"pt-PT","potentialAction":[{"@type":"ReadAction","target":["http:\/\/huadongswacable.com\/fr\/single-core-armoured-cable\/"]}]},{"@type":"BreadcrumbList","@id":"http:\/\/huadongswacable.com\/fr\/single-core-armoured-cable\/#breadcrumb","itemListElement":[{"@type":"ListItem","position":1,"name":"Home","item":"http:\/\/huadongswacable.com\/ru\/"},{"@type":"ListItem","position":2,"name":"16mm 25mm 50mm Single Core Armoured Cable For Sale"}]}]}},"_links":{"self":[{"href":"https:\/\/huadongswacable.com\/pt\/wp-json\/wp\/v2\/pages\/633","targetHints":{"allow":["GET"]}}],"collection":[{"href":"https:\/\/huadongswacable.com\/pt\/wp-json\/wp\/v2\/pages"}],"about":[{"href":"https:\/\/huadongswacable.com\/pt\/wp-json\/wp\/v2\/types\/page"}],"author":[{"embeddable":true,"href":"https:\/\/huadongswacable.com\/pt\/wp-json\/wp\/v2\/users\/1"}],"replies":[{"embeddable":true,"href":"https:\/\/huadongswacable.com\/pt\/wp-json\/wp\/v2\/comments?post=633"}],"version-history":[{"count":24,"href":"https:\/\/huadongswacable.com\/pt\/wp-json\/wp\/v2\/pages\/633\/revisions"}],"predecessor-version":[{"id":7763,"href":"https:\/\/huadongswacable.com\/pt\/wp-json\/wp\/v2\/pages\/633\/revisions\/7763"}],"wp:attachment":[{"href":"https:\/\/huadongswacable.com\/pt\/wp-json\/wp\/v2\/media?parent=633"}],"curies":[{"name":"wp","href":"https:\/\/api.w.org\/{rel}","templated":true}]}}