{"id":5117,"date":"2020-12-10T17:24:37","date_gmt":"2020-12-10T09:24:37","guid":{"rendered":"http:\/\/huadongswacable.com\/?page_id=5117"},"modified":"2022-12-19T15:04:02","modified_gmt":"2022-12-19T07:04:02","slug":"kabel-nyy-indonesia","status":"publish","type":"page","link":"https:\/\/huadongswacable.com\/pt\/kabel-nyy-indonesia\/","title":{"rendered":"4x4mm 4x10mm 4x16mm 4x 25mm 4x35mm 4x50mm 4x70mm 4x95mm Kabel NYY Indon\u00e9sia"},"content":{"rendered":"<h2>De que tamanho de kabel nyy necessita?<\/h2>\n<p>De um modo geral, a aplica\u00e7\u00e3o do kabel nyy \u00e9 muito vasta. \u00c9 poss\u00edvel utilizar o kabel nyy 4\u00d74 mm em interiores, exteriores, calhas para cabos e enterrar debaixo do solo. A fim de atender \u00e0s necessidades dos clientes, kabel nyy na Indon\u00e9sia tem tamanho diferente. Por exemplo, pode escolher 4x4mm, 4x6mm, 4x10mm, 4x16mm, 4x25mm, 4x35mm, 4x50mm, 4x70mm, 4x95mm, 4x120mm, 4x150mm, 4x 185mm, 4x240mm, 4x300mm e outros tamanhos de kabel nyy.<\/p>\n<div class=\"row\">\n<div class=\"col-lg-6 col-md-12 col-xs-12 col-sm-12\">\n<img loading=\"lazy\" decoding=\"async\" class=\"aligncenter wp-image-5142\" src=\"https:\/\/huadongswacable.com\/wp-content\/uploads\/2020\/12\/0.6-1kv-IEC60502-VDE-0276-Kabel-nyy-4x4mm-4x16mm-4x25mm.jpg\" alt=\"0,6\/1kv IEC60502 VDE 0276 Kabel nyy 4x4mm 4x16mm 4x25mm\" width=\"310\" height=\"310\" srcset=\"https:\/\/huadongswacable.com\/wp-content\/uploads\/2020\/12\/0.6-1kv-IEC60502-VDE-0276-Kabel-nyy-4x4mm-4x16mm-4x25mm.jpg 400w, https:\/\/huadongswacable.com\/wp-content\/uploads\/2020\/12\/0.6-1kv-IEC60502-VDE-0276-Kabel-nyy-4x4mm-4x16mm-4x25mm-300x300.jpg 300w, https:\/\/huadongswacable.com\/wp-content\/uploads\/2020\/12\/0.6-1kv-IEC60502-VDE-0276-Kabel-nyy-4x4mm-4x16mm-4x25mm-150x150.jpg 150w\" sizes=\"auto, (max-width: 310px) 100vw, 310px\" \/><\/div>\n<div class=\"col-lg-6 col-md-12 col-xs-12 col-sm-12\">\n<h2>Constru\u00e7\u00e3o Kabel NYY 4x16mm<\/h2>\n<p><strong>Tens\u00e3o:<\/strong> 600\/1000V<\/p>\n<p><strong>Maestro:<\/strong> Cu, classe 1 ou 2 de acordo com HRN HD 383 \/ IEC 60228 \/ DIN VDE 0295<\/p>\n<p><strong>Isolamento :<\/strong>Policloreto de vinilo (PVC)<\/p>\n<p><strong>Bainha :<\/strong> Policloreto de vinilo (PVC)<\/p>\n<p><strong>Gama de temperaturas :<\/strong> Flex\u00e3o - 5\u00b0C a + 50\u00b0C. Instala\u00e7\u00e3o fixa -20\u00b0C a +70\u00b0C<\/p>\n<p style=\"text-align: center;\"><span class=\"su-lightbox\" data-mfp-src=\"#Popup\" data-mfp-type=\"inline\" data-mobile=\"yes\"><button class=\"btn btn-danger btn-sm\" ><i class=\"fa fa-hand-o-right\" style=\"color:#ffffff;\"><\/i> Obter cota\u00e7\u00e3o<\/button><\/span>\n<\/div>\n<\/div>\n<p>Como um fornecedor profissional de kabel nyy 4x4mm, n\u00f3s exportamos nosso kabel nyy 4\u00d74 para muitos pa\u00edses. Se precisar de kabel nyy na Indon\u00e9sia, Mal\u00e1sia ou Tail\u00e2ndia, por favor diga-nos. Porque n\u00f3s podemos personalizar kabel nyy 4x6mm e outros cabos n\u00e3o armados como a sua exig\u00eancia. Al\u00e9m disso, todos os nossos kabel nyy 4x10mm est\u00e3o em conformidade com as normas internacionais. Al\u00e9m disso, n\u00f3s podemos fornecer amostra gr\u00e1tis de kabel nyy 4x16mm para voc\u00ea. Depois de confirmar a nossa qualidade kabel nyy 4\u00d735, ent\u00e3o voc\u00ea pode ter certeza de encomendar grande quantidade kabel nyy 4x50mm. N\u00f3s prometemos fornecer o melhor harga kabel nyy Indon\u00e9sia. Ent\u00e3o, se voc\u00ea estiver procurando por kabel nyy 4x120mm, entre em contato conosco, podemos personalizar diferentes tamanhos de kabel nyy para voc\u00ea.<\/p>\n<div class=\"row\">\n<div class=\"col-lg-6 col-md-12 col-xs-12 col-sm-12\">\n<img loading=\"lazy\" decoding=\"async\" class=\"aligncenter size-full wp-image-5155\" src=\"https:\/\/huadongswacable.com\/wp-content\/uploads\/2020\/12\/kabel-nyy-4x95-120-150-185-240Indonesia-price.jpg\" alt=\"kabel nyy 4x95 120 150 185 240 Indon\u00e9sia pre\u00e7o\" width=\"350\" height=\"350\" srcset=\"https:\/\/huadongswacable.com\/wp-content\/uploads\/2020\/12\/kabel-nyy-4x95-120-150-185-240Indonesia-price.jpg 350w, https:\/\/huadongswacable.com\/wp-content\/uploads\/2020\/12\/kabel-nyy-4x95-120-150-185-240Indonesia-price-300x300.jpg 300w, https:\/\/huadongswacable.com\/wp-content\/uploads\/2020\/12\/kabel-nyy-4x95-120-150-185-240Indonesia-price-150x150.jpg 150w\" sizes=\"auto, (max-width: 350px) 100vw, 350px\" \/><\/div>\n<div class=\"col-lg-6 col-md-12 col-xs-12 col-sm-12\">\n<h2>Carregador NYY 4x95mm<\/h2>\n<p><strong>Tens\u00e3o nominal :<\/strong> Uo\/U: 0,6\/1KV<\/p>\n<p><strong>Tens\u00e3o de teste :<\/strong> 4 KV<\/p>\n<p><strong>Maestro:<\/strong> cobre entran\u00e7ado<\/p>\n<p><strong>Isolamento :<\/strong> Policloreto de vinilo (PVC)<\/p>\n<p><strong>Enchimento:<\/strong> compostos de elast\u00f3meros ou plast\u00f3meros extrudidos ou fitas termopl\u00e1sticas enroladas<\/p>\n<p><strong>Bainha :<\/strong> Policloreto de vinilo (PVC)<\/p>\n<p style=\"text-align: center;\"><span class=\"su-lightbox\" data-mfp-src=\"#Popup\" data-mfp-type=\"inline\" data-mobile=\"yes\"><button class=\"btn btn-danger btn-sm\" ><i class=\"fa fa-hand-o-right\" style=\"color:#ffffff;\"><\/i> Obter cota\u00e7\u00e3o<\/button><\/span>\n<\/div>\n<\/div>\n<h2>A carater\u00edstica do kabel nyy 4x4mm<\/h2>\n<p>De facto, o kabel nyy 4\u00d74 \u00e9 um cabo com 4 n\u00facleos de cobre e isolamento de pvc e bainha de pvc. O isolamento de pvc para este kabel nyy 4x70mm tem uma constru\u00e7\u00e3o forte. Sabe como \u00e9 <a href=\"https:\/\/huadongswacable.com\/pt\/personalizacao-de-cabos-blindados-de-pvc\/\" target=\"_blank\" rel=\"noopener noreferrer\">cabo de alimenta\u00e7\u00e3o em pvc<\/a> \u00e9 muito popular. Isto porque tem uma bainha adicional e ajuda a evitar as mordeduras de ratos. Al\u00e9m disso, o cabo kabel nyy 4x150mm tem uma elevada resist\u00eancia, pelo que pode ser enterrado no subsolo. Al\u00e9m disso, o kabel nyy 4x240mm \u00e9 muito mais seguro e adequado para equipamentos el\u00e9ctricos fixos. Por isso, a procura de kabel nyy Indon\u00e9sia \u00e9 grande.<\/p>\n<div class=\"row\">\n<div class=\"col-lg-6 col-md-12 col-xs-12 col-sm-12\">\n<img loading=\"lazy\" decoding=\"async\" class=\"aligncenter wp-image-5154\" src=\"https:\/\/huadongswacable.com\/wp-content\/uploads\/2020\/12\/kabel-nyy-4x4mm-10mm-16mm-25mm-35mm-50mm-70mm-95mm-price-Indonesia-.jpg\" alt=\"kabel nyy 4x4mm 10mm 16mm 25mm 35mm 50mm 70mm 95mm pre\u00e7o Indon\u00e9sia\" width=\"307\" height=\"352\" srcset=\"https:\/\/huadongswacable.com\/wp-content\/uploads\/2020\/12\/kabel-nyy-4x4mm-10mm-16mm-25mm-35mm-50mm-70mm-95mm-price-Indonesia-.jpg 400w, https:\/\/huadongswacable.com\/wp-content\/uploads\/2020\/12\/kabel-nyy-4x4mm-10mm-16mm-25mm-35mm-50mm-70mm-95mm-price-Indonesia--261x300.jpg 261w\" sizes=\"auto, (max-width: 307px) 100vw, 307px\" \/><\/div>\n<div class=\"col-lg-6 col-md-12 col-xs-12 col-sm-12\">\n<p><strong>Tens\u00e3o\uff1a<\/strong>600\/1000V<\/p>\n<p><strong>Maestro:<\/strong> cobre s\u00f3lido ou entran\u00e7ado<\/p>\n<p><strong>N\u00facleos N.\u00ba:<\/strong> 4 n\u00facleo<\/p>\n<p><strong>Tamanho:<\/strong> 4mm 10mm 16mm 25mm 50mm 70mm 95mm 120mm 185mm 240mm<\/p>\n<p><strong>Padr\u00e3o\uff1a<\/strong>HRN HD 603 S1<br \/>\nIEC 60502-1<br \/>\nDIN VDE 0276 parte 603<br \/>\nHRN HD 627 S1<br \/>\nDIN VDE 0276-627<\/p>\n<p style=\"text-align: center;\"><span class=\"su-lightbox\" data-mfp-src=\"#Popup\" data-mfp-type=\"inline\" data-mobile=\"yes\"><button class=\"btn btn-danger btn-sm\" ><i class=\"fa fa-hand-o-right\" style=\"color:#ffffff;\"><\/i> Obter cota\u00e7\u00e3o<\/button><\/span>\n<\/div>\n<\/div>\n<p>Por exemplo, pode aplicar o kabel nyy 4\u00d74 na escola, hospital, parque, pra\u00e7a, edif\u00edcio de f\u00e1brica e assim por diante. \u00c9 por isso que muitos projectos precisam de kabel nyy 4x16mm. Se voc\u00ea procurar por kabel nyy 4x25mm, voc\u00ea pode encontrar muitos fornecedores de kabel nyy Indon\u00e9sia. No entanto, voc\u00ea tamb\u00e9m pode comprar kabel nyy 4\u00d74 de fabricantes estrangeiros. Mesmo que o custo de transporte do kabel nyy 4x4mm seja muito maior do que comprar no local, o pre\u00e7o total do kabel nyy 4\u00d750 \u00e9 mais barato. Porque o pre\u00e7o do kabel nyy 70mm n\u00e3o s\u00e3o os mesmos, se voc\u00ea quiser obter kabel nyy Indon\u00e9sia, Mal\u00e1sia, Tail\u00e2ndia, Vietname, Nig\u00e9ria, Z\u00e2mbia, Mo\u00e7ambique ou outros pa\u00edses, basta contactar-nos.<\/p>\n<p><img loading=\"lazy\" decoding=\"async\" class=\"aligncenter wp-image-5173\" src=\"https:\/\/huadongswacable.com\/wp-content\/uploads\/2020\/12\/kabel-nyy-4x4mm-4x6mm-4x16mm-4x95mm-Indonesia-supplier.jpg\" alt=\"kabel nyy 4x4mm 4x6mm 4x16mm 4x95mm fornecedor da Indon\u00e9sia\" width=\"616\" height=\"150\" srcset=\"https:\/\/huadongswacable.com\/wp-content\/uploads\/2020\/12\/kabel-nyy-4x4mm-4x6mm-4x16mm-4x95mm-Indonesia-supplier.jpg 900w, https:\/\/huadongswacable.com\/wp-content\/uploads\/2020\/12\/kabel-nyy-4x4mm-4x6mm-4x16mm-4x95mm-Indonesia-supplier-300x73.jpg 300w, https:\/\/huadongswacable.com\/wp-content\/uploads\/2020\/12\/kabel-nyy-4x4mm-4x6mm-4x16mm-4x95mm-Indonesia-supplier-768x187.jpg 768w\" sizes=\"auto, (max-width: 616px) 100vw, 616px\" \/><\/p>\n<p style=\"text-align: center;\"><span class=\"su-lightbox\" data-mfp-src=\"#Popup\" data-mfp-type=\"inline\" data-mobile=\"yes\"><button class=\"btn btn-danger btn-sm\" ><i class=\"fa fa-hand-o-right\" style=\"color:#ffffff;\"><\/i> Obter cota\u00e7\u00e3o<\/button><\/span>\n<h2>Onde encontrar o melhor fornecedor de cabos NYY 0,6\/1KV?<\/h2>\n<p>Mesmo se n\u00f3s fornecemos o cabo kabel nyy 4x4mm para todos os pa\u00edses, a maior demanda para kabel nyy \u00e9 a Indon\u00e9sia. al\u00e9m disso, o nosso harga kabel nyy 4x16mm \u00e9 muito razo\u00e1vel. Por isso, se precisar de um cabo nyy de 4x25mm, diga-nos. N\u00f3s podemos fornecer o melhor pre\u00e7o de 4x35mm kabel nyy Indon\u00e9sia para voc\u00ea. Al\u00e9m disso, como um fornecedor profissional de 4x95mm kabel nyy Indon\u00e9sia, tamb\u00e9m podemos fornecer diferentes tamanhos de cabos blindados para voc\u00ea. Al\u00e9m disso, podemos personalizar o cabo de pvc e xlpe como sua exig\u00eancia. Por exemplo, voc\u00ea pode comprar 25mm 2 core cable, 95mm cable, 3 core 185mm cable, 240mm xlpe cable e assim por diante. O pre\u00e7o de outros cabos blindados de 0,6\/1KV tamb\u00e9m n\u00e3o o deixar\u00e1 ficar mal.  Se estiver interessado no nosso cabo nyy e noutros produtos, basta deixar a sua mensagem.<\/p>\n<p><img loading=\"lazy\" decoding=\"async\" class=\"aligncenter size-full wp-image-5206\" src=\"https:\/\/huadongswacable.com\/wp-content\/uploads\/2020\/12\/4x95mm-4x16mm-4x4mm-Kabel-NYY-price-Indonesia-.jpg\" alt=\"4x95mm 4x16mm 4x4mm Kabel NYY pre\u00e7o Indon\u00e9sia\" width=\"800\" height=\"360\" srcset=\"https:\/\/huadongswacable.com\/wp-content\/uploads\/2020\/12\/4x95mm-4x16mm-4x4mm-Kabel-NYY-price-Indonesia-.jpg 800w, https:\/\/huadongswacable.com\/wp-content\/uploads\/2020\/12\/4x95mm-4x16mm-4x4mm-Kabel-NYY-price-Indonesia--300x135.jpg 300w, https:\/\/huadongswacable.com\/wp-content\/uploads\/2020\/12\/4x95mm-4x16mm-4x4mm-Kabel-NYY-price-Indonesia--768x346.jpg 768w\" sizes=\"auto, (max-width: 800px) 100vw, 800px\" \/><\/p>\n<div class=\"su-lightbox-content su-u-trim\" id=\"Popup\" style=\"display:none;width:auto;min-width:50%;max-width:70%;margin-top:40px;margin-bottom:40px;padding:40px;background:#e8e5e5;color:#060473;box-shadow:0px 0px 15px #333333;text-align:left\"><div role=\"form\" class=\"wpcf7\" id=\"wpcf7-f5571-o1\" lang=\"en-US\" dir=\"ltr\">\n<div class=\"screen-reader-response\"><p role=\"status\" aria-live=\"polite\" aria-atomic=\"true\"><\/p> <ul><\/ul><\/div>\n<form action=\"\/pt\/wp-json\/wp\/v2\/pages\/5117#wpcf7-f5571-o1\" method=\"post\" class=\"wpcf7-form init\" novalidate=\"novalidate\" data-status=\"init\" data-trp-original-action=\"\/pt\/wp-json\/wp\/v2\/pages\/5117#wpcf7-f5571-o1\">\n<div style=\"display: none;\">\n<input type=\"hidden\" name=\"_wpcf7\" value=\"5571\" \/>\n<input type=\"hidden\" name=\"_wpcf7_version\" value=\"5.5.6\" \/>\n<input type=\"hidden\" name=\"_wpcf7_locale\" value=\"en_US\" \/>\n<input type=\"hidden\" name=\"_wpcf7_unit_tag\" value=\"wpcf7-f5571-o1\" \/>\n<input type=\"hidden\" name=\"_wpcf7_container_post\" value=\"0\" \/>\n<input type=\"hidden\" name=\"_wpcf7_posted_data_hash\" value=\"\" \/>\n<\/div>\n<div class=\"popmakerform\">\n<p>O seu nome <span style=\"color:red;\">*<span><br \/>\n<span class=\"wpcf7-form-control-wrap your-name\"><input type=\"text\" name=\"your-name\" value=\"\" size=\"40\" class=\"wpcf7-form-control wpcf7-text wpcf7-validates-as-required\" aria-required=\"true\" aria-invalid=\"false\" \/><\/span><\/p>\n<p>O seu e-mail <span style=\"color:red;\">*<span><br \/>\n<span class=\"wpcf7-form-control-wrap your-email\"><input type=\"email\" name=\"your-email\" value=\"\" size=\"40\" class=\"wpcf7-form-control wpcf7-text wpcf7-email wpcf7-validates-as-required wpcf7-validates-as-email\" aria-required=\"true\" aria-invalid=\"false\" \/><\/span><\/p>\n<p>O seu n\u00famero de telefone<br \/>\n<span class=\"wpcf7-form-control-wrap your-phone\"><input type=\"text\" name=\"your-phone\" value=\"\" size=\"40\" class=\"wpcf7-form-control wpcf7-text\" aria-invalid=\"false\" \/><\/span><\/p>\n<p>O seu pa\u00eds<br \/>\n<span class=\"wpcf7-form-control-wrap your-country\"><input type=\"text\" name=\"your-country\" value=\"\" size=\"40\" class=\"wpcf7-form-control wpcf7-text\" aria-invalid=\"false\" \/><\/span><\/p>\n<p>Requisito pormenorizado <span style=\"color:red;\">*<span><br \/>\n<span class=\"wpcf7-form-control-wrap your-requirement\"><textarea name=\"your-requirement\" cols=\"40\" rows=\"4\" class=\"wpcf7-form-control wpcf7-textarea wpcf7-validates-as-required\" aria-required=\"true\" aria-invalid=\"false\"><\/textarea><\/span><\/p>\n<p><input type=\"submit\" value=\"Obter cota\u00e7\u00e3o\" class=\"wpcf7-form-control has-spinner wpcf7-submit\" \/><\/p>\n<\/div>\n<p style=\"display: none !important;\"><label>&#916;<textarea name=\"_wpcf7_ak_hp_textarea\" cols=\"45\" rows=\"8\" maxlength=\"100\"><\/textarea><\/label><input type=\"hidden\" id=\"ak_js_1\" name=\"_wpcf7_ak_js\" value=\"3\"\/><script>document.getElementById( \"ak_js_1\" ).setAttribute( \"value\", ( new Date() ).getTime() );<\/script><\/p><input type='hidden' class='wpcf7-pum' value='{\"closepopup\":false,\"closedelay\":0,\"openpopup\":false,\"openpopup_id\":0}' \/><div class=\"wpcf7-response-output\" aria-hidden=\"true\"><\/div><input type=\"hidden\" name=\"trp-form-language\" value=\"pt\"\/><\/form><\/div><\/div>\n<div role=\"form\" class=\"wpcf7\" id=\"wpcf7-f6-o2\" lang=\"en-US\" dir=\"ltr\">\n<div class=\"screen-reader-response\"><p role=\"status\" aria-live=\"polite\" aria-atomic=\"true\"><\/p> <ul><\/ul><\/div>\n<form action=\"\/pt\/wp-json\/wp\/v2\/pages\/5117#wpcf7-f6-o2\" method=\"post\" class=\"wpcf7-form init\" novalidate=\"novalidate\" data-status=\"init\" data-trp-original-action=\"\/pt\/wp-json\/wp\/v2\/pages\/5117#wpcf7-f6-o2\">\n<div style=\"display: none;\">\n<input type=\"hidden\" name=\"_wpcf7\" value=\"6\" \/>\n<input type=\"hidden\" name=\"_wpcf7_version\" value=\"5.5.6\" \/>\n<input type=\"hidden\" name=\"_wpcf7_locale\" value=\"en_US\" \/>\n<input type=\"hidden\" name=\"_wpcf7_unit_tag\" value=\"wpcf7-f6-o2\" \/>\n<input type=\"hidden\" name=\"_wpcf7_container_post\" value=\"0\" \/>\n<input type=\"hidden\" name=\"_wpcf7_posted_data_hash\" value=\"\" \/>\n<\/div>\n<div class=\"messageform\">\n<p><strong><span style=\"color:red;\"><\/span> O seu nome<\/strong><br \/>\n    <span class=\"wpcf7-form-control-wrap your-name\"><input type=\"text\" name=\"your-name\" value=\"\" size=\"40\" class=\"wpcf7-form-control wpcf7-text\" aria-invalid=\"false\" \/><\/span> <\/p>\n<p><strong><span style=\"color:red;\">*<\/span> O seu e-mail<\/strong><br \/>\n    <span class=\"wpcf7-form-control-wrap your-email\"><input type=\"email\" name=\"your-email\" value=\"\" size=\"40\" class=\"wpcf7-form-control wpcf7-text wpcf7-email wpcf7-validates-as-required wpcf7-validates-as-email\" aria-required=\"true\" aria-invalid=\"false\" \/><\/span> <\/p>\n<p><strong>O seu n\u00famero de telefone<\/strong><br \/>\n    <span class=\"wpcf7-form-control-wrap your-phone\"><input type=\"text\" name=\"your-phone\" value=\"\" size=\"40\" class=\"wpcf7-form-control wpcf7-text\" aria-invalid=\"false\" placeholder=\"Incluir o c\u00f3digo de \u00e1rea\" \/><\/span> <\/p>\n<p><strong>O seu pa\u00eds<\/strong><br \/>\n    <span class=\"wpcf7-form-control-wrap your-country\"><input type=\"text\" name=\"your-country\" value=\"\" size=\"40\" class=\"wpcf7-form-control wpcf7-text\" aria-invalid=\"false\" \/><\/span> <\/p>\n<p><strong><span style=\"color:red;\">*<\/span> O seu requisito<\/strong><br \/>\n    <span class=\"wpcf7-form-control-wrap your-requirement\"><textarea name=\"your-requirement\" cols=\"40\" rows=\"10\" class=\"wpcf7-form-control wpcf7-textarea wpcf7-validates-as-required bestonmessage\" aria-required=\"true\" aria-invalid=\"false\" placeholder=\"Para obter uma cota\u00e7\u00e3o detalhada, envie-nos o seu pedido detalhado.\"><\/textarea><\/span> <\/p>\n<p><input type=\"submit\" value=\"Enviar mensagem\" class=\"wpcf7-form-control has-spinner wpcf7-submit\" \/><\/p>\n<\/div>\n<p style=\"display: none !important;\"><label>&#916;<textarea name=\"_wpcf7_ak_hp_textarea\" cols=\"45\" rows=\"8\" maxlength=\"100\"><\/textarea><\/label><input type=\"hidden\" id=\"ak_js_2\" name=\"_wpcf7_ak_js\" value=\"47\"\/><script>document.getElementById( \"ak_js_2\" ).setAttribute( \"value\", ( new Date() ).getTime() );<\/script><\/p><input type='hidden' class='wpcf7-pum' value='{\"closepopup\":false,\"closedelay\":0,\"openpopup\":false,\"openpopup_id\":0}' \/><div class=\"wpcf7-response-output\" aria-hidden=\"true\"><\/div><input type=\"hidden\" name=\"trp-form-language\" value=\"pt\"\/><\/form><\/div>","protected":false},"excerpt":{"rendered":"<p>De que tamanho de kabel nyy precisa? De um modo geral, as aplica\u00e7\u00f5es do kabel nyy s\u00e3o muito vastas. Pode utilizar o kabel nyy 4\u00d74 mm em interiores, exteriores, calhas para cabos e enterrar debaixo do solo. A fim de atender \u00e0s necessidades dos clientes, kabel nyy na Indon\u00e9sia tem tamanho diferente. Por exemplo, voc\u00ea pode escolher 4x4mm, 4x6mm, 4x10mm, 4x16mm, 4x25mm, ... <a class=\"read-more\" href=\"https:\/\/huadongswacable.com\/pt\/kabel-nyy-indonesia\/\">Ler mais...<\/a><\/p>","protected":false},"author":1,"featured_media":0,"parent":0,"menu_order":0,"comment_status":"closed","ping_status":"closed","template":"","meta":{"footnotes":""},"class_list":["post-5117","page","type-page","status-publish"],"yoast_head":"<!-- This site is optimized with the Yoast SEO plugin v18.4.1 - https:\/\/yoast.com\/wordpress\/plugins\/seo\/ -->\n<title>4x4mm 10mm 16mm 25mm 50mm 95mm Harga Kabel NYY Indonesia<\/title>\n<meta name=\"description\" content=\"Contact us to get best 4x4mm 4x10mm 4x16mm 4x 25mm 4x35mm 4x50mm 4x70mm 4x95mm 4x120mm 4x185mm 4x240mm Harga Kabel NYY Indonesia .\" \/>\n<meta name=\"robots\" content=\"index, follow, max-snippet:-1, max-image-preview:large, max-video-preview:-1\" \/>\n<link rel=\"canonical\" href=\"http:\/\/huadongswacable.com\/pt\/kabel-nyy-indonesia\/\" \/>\n<meta property=\"og:locale\" content=\"pt_PT\" \/>\n<meta property=\"og:type\" content=\"article\" \/>\n<meta property=\"og:title\" content=\"4x4mm 10mm 16mm 25mm 50mm 95mm Harga Kabel NYY Indonesia\" \/>\n<meta property=\"og:description\" content=\"Contact us to get best 4x4mm 4x10mm 4x16mm 4x 25mm 4x35mm 4x50mm 4x70mm 4x95mm 4x120mm 4x185mm 4x240mm Harga Kabel NYY Indonesia .\" \/>\n<meta property=\"og:url\" content=\"http:\/\/huadongswacable.com\/pt\/kabel-nyy-indonesia\/\" \/>\n<meta property=\"og:site_name\" content=\"Huadong SWA Cable\" \/>\n<meta property=\"article:modified_time\" content=\"2022-12-19T07:04:02+00:00\" \/>\n<meta property=\"og:image\" content=\"https:\/\/huadongswacable.com\/wp-content\/uploads\/2020\/12\/0.6-1kv-IEC60502-VDE-0276-Kabel-nyy-4x4mm-4x16mm-4x25mm.jpg\" \/>\n<meta name=\"twitter:card\" content=\"summary_large_image\" \/>\n<meta name=\"twitter:label1\" content=\"Tempo estimado de leitura\" \/>\n\t<meta name=\"twitter:data1\" content=\"5 minutos\" \/>\n<script type=\"application\/ld+json\" class=\"yoast-schema-graph\">{\"@context\":\"https:\/\/schema.org\",\"@graph\":[{\"@type\":\"WebSite\",\"@id\":\"http:\/\/huadongswacable.com\/ru\/#website\",\"url\":\"http:\/\/huadongswacable.com\/ru\/\",\"name\":\"Huadong SWA Cable\",\"description\":\"Huadong SWA Cable\",\"potentialAction\":[{\"@type\":\"SearchAction\",\"target\":{\"@type\":\"EntryPoint\",\"urlTemplate\":\"http:\/\/huadongswacable.com\/ru\/?s={search_term_string}\"},\"query-input\":\"required name=search_term_string\"}],\"inLanguage\":\"pt-PT\"},{\"@type\":\"ImageObject\",\"@id\":\"http:\/\/huadongswacable.com\/es\/kabel-nyy-indonesia\/#primaryimage\",\"inLanguage\":\"pt-PT\",\"url\":\"https:\/\/huadongswacable.com\/wp-content\/uploads\/2020\/12\/0.6-1kv-IEC60502-VDE-0276-Kabel-nyy-4x4mm-4x16mm-4x25mm.jpg\",\"contentUrl\":\"https:\/\/huadongswacable.com\/wp-content\/uploads\/2020\/12\/0.6-1kv-IEC60502-VDE-0276-Kabel-nyy-4x4mm-4x16mm-4x25mm.jpg\",\"width\":400,\"height\":400,\"caption\":\"0.6\/1kv IEC60502 VDE 0276 Kabel nyy 4x4mm 4x16mm 4x25mm\"},{\"@type\":\"WebPage\",\"@id\":\"http:\/\/huadongswacable.com\/es\/kabel-nyy-indonesia\/#webpage\",\"url\":\"http:\/\/huadongswacable.com\/es\/kabel-nyy-indonesia\/\",\"name\":\"4x4mm 10mm 16mm 25mm 50mm 95mm Harga Kabel NYY Indonesia\",\"isPartOf\":{\"@id\":\"http:\/\/huadongswacable.com\/ru\/#website\"},\"primaryImageOfPage\":{\"@id\":\"http:\/\/huadongswacable.com\/es\/kabel-nyy-indonesia\/#primaryimage\"},\"datePublished\":\"2020-12-10T09:24:37+00:00\",\"dateModified\":\"2022-12-19T07:04:02+00:00\",\"description\":\"Contact us to get best 4x4mm 4x10mm 4x16mm 4x 25mm 4x35mm 4x50mm 4x70mm 4x95mm 4x120mm 4x185mm 4x240mm Harga Kabel NYY Indonesia .\",\"breadcrumb\":{\"@id\":\"http:\/\/huadongswacable.com\/es\/kabel-nyy-indonesia\/#breadcrumb\"},\"inLanguage\":\"pt-PT\",\"potentialAction\":[{\"@type\":\"ReadAction\",\"target\":[\"http:\/\/huadongswacable.com\/es\/kabel-nyy-indonesia\/\"]}]},{\"@type\":\"BreadcrumbList\",\"@id\":\"http:\/\/huadongswacable.com\/es\/kabel-nyy-indonesia\/#breadcrumb\",\"itemListElement\":[{\"@type\":\"ListItem\",\"position\":1,\"name\":\"Home\",\"item\":\"http:\/\/huadongswacable.com\/ru\/\"},{\"@type\":\"ListItem\",\"position\":2,\"name\":\"4x4mm 4x10mm 4x16mm 4x 25mm 4x35mm 4x50mm 4x70mm 4x95mm Kabel NYY Indonesia\"}]}]}<\/script>\n<!-- \/ Yoast SEO plugin. -->","yoast_head_json":{"title":"4x4mm 10mm 16mm 25mm 50mm 95mm Harga Kabel NYY Indonesia","description":"Contact us to get best 4x4mm 4x10mm 4x16mm 4x 25mm 4x35mm 4x50mm 4x70mm 4x95mm 4x120mm 4x185mm 4x240mm Harga Kabel NYY Indonesia .","robots":{"index":"index","follow":"follow","max-snippet":"max-snippet:-1","max-image-preview":"max-image-preview:large","max-video-preview":"max-video-preview:-1"},"canonical":"http:\/\/huadongswacable.com\/pt\/kabel-nyy-indonesia\/","og_locale":"pt_PT","og_type":"article","og_title":"4x4mm 10mm 16mm 25mm 50mm 95mm Harga Kabel NYY Indonesia","og_description":"Contact us to get best 4x4mm 4x10mm 4x16mm 4x 25mm 4x35mm 4x50mm 4x70mm 4x95mm 4x120mm 4x185mm 4x240mm Harga Kabel NYY Indonesia .","og_url":"http:\/\/huadongswacable.com\/pt\/kabel-nyy-indonesia\/","og_site_name":"Huadong SWA Cable","article_modified_time":"2022-12-19T07:04:02+00:00","og_image":[{"url":"https:\/\/huadongswacable.com\/wp-content\/uploads\/2020\/12\/0.6-1kv-IEC60502-VDE-0276-Kabel-nyy-4x4mm-4x16mm-4x25mm.jpg"}],"twitter_card":"summary_large_image","twitter_misc":{"Tempo estimado de leitura":"5 minutos"},"schema":{"@context":"https:\/\/schema.org","@graph":[{"@type":"WebSite","@id":"http:\/\/huadongswacable.com\/ru\/#website","url":"http:\/\/huadongswacable.com\/ru\/","name":"Huadong SWA Cable","description":"Huadong SWA Cable","potentialAction":[{"@type":"SearchAction","target":{"@type":"EntryPoint","urlTemplate":"http:\/\/huadongswacable.com\/ru\/?s={search_term_string}"},"query-input":"required name=search_term_string"}],"inLanguage":"pt-PT"},{"@type":"ImageObject","@id":"http:\/\/huadongswacable.com\/es\/kabel-nyy-indonesia\/#primaryimage","inLanguage":"pt-PT","url":"https:\/\/huadongswacable.com\/wp-content\/uploads\/2020\/12\/0.6-1kv-IEC60502-VDE-0276-Kabel-nyy-4x4mm-4x16mm-4x25mm.jpg","contentUrl":"https:\/\/huadongswacable.com\/wp-content\/uploads\/2020\/12\/0.6-1kv-IEC60502-VDE-0276-Kabel-nyy-4x4mm-4x16mm-4x25mm.jpg","width":400,"height":400,"caption":"0.6\/1kv IEC60502 VDE 0276 Kabel nyy 4x4mm 4x16mm 4x25mm"},{"@type":"WebPage","@id":"http:\/\/huadongswacable.com\/es\/kabel-nyy-indonesia\/#webpage","url":"http:\/\/huadongswacable.com\/es\/kabel-nyy-indonesia\/","name":"4x4mm 10mm 16mm 25mm 50mm 95mm Harga Kabel NYY Indonesia","isPartOf":{"@id":"http:\/\/huadongswacable.com\/ru\/#website"},"primaryImageOfPage":{"@id":"http:\/\/huadongswacable.com\/es\/kabel-nyy-indonesia\/#primaryimage"},"datePublished":"2020-12-10T09:24:37+00:00","dateModified":"2022-12-19T07:04:02+00:00","description":"Contact us to get best 4x4mm 4x10mm 4x16mm 4x 25mm 4x35mm 4x50mm 4x70mm 4x95mm 4x120mm 4x185mm 4x240mm Harga Kabel NYY Indonesia .","breadcrumb":{"@id":"http:\/\/huadongswacable.com\/es\/kabel-nyy-indonesia\/#breadcrumb"},"inLanguage":"pt-PT","potentialAction":[{"@type":"ReadAction","target":["http:\/\/huadongswacable.com\/es\/kabel-nyy-indonesia\/"]}]},{"@type":"BreadcrumbList","@id":"http:\/\/huadongswacable.com\/es\/kabel-nyy-indonesia\/#breadcrumb","itemListElement":[{"@type":"ListItem","position":1,"name":"Home","item":"http:\/\/huadongswacable.com\/ru\/"},{"@type":"ListItem","position":2,"name":"4x4mm 4x10mm 4x16mm 4x 25mm 4x35mm 4x50mm 4x70mm 4x95mm Kabel NYY Indonesia"}]}]}},"_links":{"self":[{"href":"https:\/\/huadongswacable.com\/pt\/wp-json\/wp\/v2\/pages\/5117","targetHints":{"allow":["GET"]}}],"collection":[{"href":"https:\/\/huadongswacable.com\/pt\/wp-json\/wp\/v2\/pages"}],"about":[{"href":"https:\/\/huadongswacable.com\/pt\/wp-json\/wp\/v2\/types\/page"}],"author":[{"embeddable":true,"href":"https:\/\/huadongswacable.com\/pt\/wp-json\/wp\/v2\/users\/1"}],"replies":[{"embeddable":true,"href":"https:\/\/huadongswacable.com\/pt\/wp-json\/wp\/v2\/comments?post=5117"}],"version-history":[{"count":43,"href":"https:\/\/huadongswacable.com\/pt\/wp-json\/wp\/v2\/pages\/5117\/revisions"}],"predecessor-version":[{"id":7774,"href":"https:\/\/huadongswacable.com\/pt\/wp-json\/wp\/v2\/pages\/5117\/revisions\/7774"}],"wp:attachment":[{"href":"https:\/\/huadongswacable.com\/pt\/wp-json\/wp\/v2\/media?parent=5117"}],"curies":[{"name":"wp","href":"https:\/\/api.w.org\/{rel}","templated":true}]}}