{"id":495,"date":"2018-03-15T10:57:40","date_gmt":"2018-03-15T02:57:40","guid":{"rendered":"http:\/\/huadongswacable.com\/?page_id=495"},"modified":"2021-05-12T13:56:00","modified_gmt":"2021-05-12T05:56:00","slug":"about-us","status":"publish","type":"page","link":"https:\/\/huadongswacable.com\/pt\/sobre-nos\/","title":{"rendered":"Sobre n\u00f3s"},"content":{"rendered":"<p>Huadong Cable Group \u00e9 uma sociedade an\u00f3nima, integrada na produ\u00e7\u00e3o de cabos, investiga\u00e7\u00e3o e desenvolvimento, e com\u00e9rcio nacional e internacional. Zhengzhou Hongliang Cable Co., ltd \u00e9 um dos ramos do grupo de cabos Huadong, e tamb\u00e9m uma das maiores empresas profissionais de importa\u00e7\u00e3o e exporta\u00e7\u00e3o na China.<br \/>\nA f\u00e1brica foi fundada em 1988, ocupando 50.000 metros quadrados, localizada separadamente na \u00e1rea industrial de Zhengzhou. Tem 20 conjuntos de linhas de produ\u00e7\u00e3o com equipamento avan\u00e7ado e 25 conjuntos de m\u00e1quinas de teste. A capacidade de produ\u00e7\u00e3o anual \u00e9 de mais de 12 milh\u00f5es de quil\u00f3metros. A nossa sucursal internacional est\u00e1 localizada na cidade de Zhengzhou, que \u00e9 conhecida pelo seu transporte conveniente.<\/p>\n<p><img loading=\"lazy\" decoding=\"async\" class=\"aligncenter size-full wp-image-5817\" src=\"http:\/\/huadongswacable.com\/wp-content\/uploads\/2021\/05\/xlpe-pvc-swa-armoured-cable-supplier.jpg\" alt=\"fornecedor de cabos blindados xlpe pvc swa\" width=\"899\" height=\"371\" srcset=\"https:\/\/huadongswacable.com\/wp-content\/uploads\/2021\/05\/xlpe-pvc-swa-armoured-cable-supplier.jpg 899w, https:\/\/huadongswacable.com\/wp-content\/uploads\/2021\/05\/xlpe-pvc-swa-armoured-cable-supplier-300x124.jpg 300w, https:\/\/huadongswacable.com\/wp-content\/uploads\/2021\/05\/xlpe-pvc-swa-armoured-cable-supplier-768x317.jpg 768w\" sizes=\"auto, (max-width: 899px) 100vw, 899px\" \/><\/p>\n<p>Produzimos e exportamos principalmente cabos el\u00e9ctricos, condutores de alum\u00ednio (AAC), condutores de alum\u00ednio refor\u00e7ados com a\u00e7o (ACSR Conductor), condutores de liga de alum\u00ednio (AAAC), cabos a\u00e9reos a\u00e9reos ABC, cabos el\u00e9ctricos de 1-500kV (incluindo cabos isolados com XLPE, cabos isolados com PVC, cabos blindados SWA\/STA). (cabo ABC com isolamento XLPE\/PVC), cabo de controlo, cabo de soldadura, cabo de borracha, cabos para minas, fios el\u00e9ctricos (cabo flex\u00edvel com bainha de PVC), OPGW e cabos especiais.<\/p>\n<p><strong>Os nossos princ\u00edpios:<\/strong><br \/>\n1) Qualidade em primeiro lugar, cliente em primeiro lugar, seguran\u00e7a em primeiro lugar<br \/>\n2) Melhor servi\u00e7o, entrega mais r\u00e1pida<br \/>\n3) Igualdade e benef\u00edcio m\u00fatuo<br \/>\n4) Honestidade e profiss\u00e3o<\/p>\n<p><strong>O nosso servi\u00e7o:<\/strong><br \/>\n1) Resposta r\u00e1pida e profissional<br \/>\n2) Paciente e confiante<br \/>\n3) Sistema de controlo de qualidade rigoroso<br \/>\n4) Entrega atempada<\/p>\n<p><img loading=\"lazy\" decoding=\"async\" class=\"aligncenter size-full wp-image-5819\" src=\"http:\/\/huadongswacable.com\/wp-content\/uploads\/2021\/05\/all-size-swa-armoured-cable-for-sale.jpg\" alt=\"cabo blindado swa barato de todas as dimens\u00f5es \" width=\"999\" height=\"521\" srcset=\"https:\/\/huadongswacable.com\/wp-content\/uploads\/2021\/05\/all-size-swa-armoured-cable-for-sale.jpg 999w, https:\/\/huadongswacable.com\/wp-content\/uploads\/2021\/05\/all-size-swa-armoured-cable-for-sale-300x156.jpg 300w, https:\/\/huadongswacable.com\/wp-content\/uploads\/2021\/05\/all-size-swa-armoured-cable-for-sale-768x401.jpg 768w\" sizes=\"auto, (max-width: 999px) 100vw, 999px\" \/><\/p>\n<p><strong>A nossa miss\u00e3o:<\/strong><br \/>\nFornecer produtos de qualidade com pre\u00e7o competitivo e excelente servi\u00e7o.<br \/>\n<strong>Correio electr\u00f3nico: <a href=\"mailto:info@huadongswacable.com\" rel=\"nofollow\">info@huadongswacable.com<\/a><\/strong><\/p>\n<div role=\"form\" class=\"wpcf7\" id=\"wpcf7-f6-o1\" lang=\"en-US\" dir=\"ltr\">\n<div class=\"screen-reader-response\"><p role=\"status\" aria-live=\"polite\" aria-atomic=\"true\"><\/p> <ul><\/ul><\/div>\n<form action=\"\/pt\/wp-json\/wp\/v2\/pages\/495#wpcf7-f6-o1\" method=\"post\" class=\"wpcf7-form init\" novalidate=\"novalidate\" data-status=\"init\" data-trp-original-action=\"\/pt\/wp-json\/wp\/v2\/pages\/495#wpcf7-f6-o1\">\n<div style=\"display: none;\">\n<input type=\"hidden\" name=\"_wpcf7\" value=\"6\" \/>\n<input type=\"hidden\" name=\"_wpcf7_version\" value=\"5.5.6\" \/>\n<input type=\"hidden\" name=\"_wpcf7_locale\" value=\"en_US\" \/>\n<input type=\"hidden\" name=\"_wpcf7_unit_tag\" value=\"wpcf7-f6-o1\" \/>\n<input type=\"hidden\" name=\"_wpcf7_container_post\" value=\"0\" \/>\n<input type=\"hidden\" name=\"_wpcf7_posted_data_hash\" value=\"\" \/>\n<\/div>\n<div class=\"messageform\">\n<p><strong><span style=\"color:red;\"><\/span> O seu nome<\/strong><br \/>\n    <span class=\"wpcf7-form-control-wrap your-name\"><input type=\"text\" name=\"your-name\" value=\"\" size=\"40\" class=\"wpcf7-form-control wpcf7-text\" aria-invalid=\"false\" \/><\/span> <\/p>\n<p><strong><span style=\"color:red;\">*<\/span> O seu e-mail<\/strong><br \/>\n    <span class=\"wpcf7-form-control-wrap your-email\"><input type=\"email\" name=\"your-email\" value=\"\" size=\"40\" class=\"wpcf7-form-control wpcf7-text wpcf7-email wpcf7-validates-as-required wpcf7-validates-as-email\" aria-required=\"true\" aria-invalid=\"false\" \/><\/span> <\/p>\n<p><strong>O seu n\u00famero de telefone<\/strong><br \/>\n    <span class=\"wpcf7-form-control-wrap your-phone\"><input type=\"text\" name=\"your-phone\" value=\"\" size=\"40\" class=\"wpcf7-form-control wpcf7-text\" aria-invalid=\"false\" placeholder=\"Incluir o c\u00f3digo de \u00e1rea\" \/><\/span> <\/p>\n<p><strong>O seu pa\u00eds<\/strong><br \/>\n    <span class=\"wpcf7-form-control-wrap your-country\"><input type=\"text\" name=\"your-country\" value=\"\" size=\"40\" class=\"wpcf7-form-control wpcf7-text\" aria-invalid=\"false\" \/><\/span> <\/p>\n<p><strong><span style=\"color:red;\">*<\/span> O seu requisito<\/strong><br \/>\n    <span class=\"wpcf7-form-control-wrap your-requirement\"><textarea name=\"your-requirement\" cols=\"40\" rows=\"10\" class=\"wpcf7-form-control wpcf7-textarea wpcf7-validates-as-required bestonmessage\" aria-required=\"true\" aria-invalid=\"false\" placeholder=\"Para obter uma cota\u00e7\u00e3o detalhada, envie-nos o seu pedido detalhado.\"><\/textarea><\/span> <\/p>\n<p><input type=\"submit\" value=\"Enviar mensagem\" class=\"wpcf7-form-control has-spinner wpcf7-submit\" \/><\/p>\n<\/div>\n<p style=\"display: none !important;\"><label>&#916;<textarea name=\"_wpcf7_ak_hp_textarea\" cols=\"45\" rows=\"8\" maxlength=\"100\"><\/textarea><\/label><input type=\"hidden\" id=\"ak_js_1\" name=\"_wpcf7_ak_js\" value=\"25\"\/><script>document.getElementById( \"ak_js_1\" ).setAttribute( \"value\", ( new Date() ).getTime() );<\/script><\/p><input type='hidden' class='wpcf7-pum' value='{\"closepopup\":false,\"closedelay\":0,\"openpopup\":false,\"openpopup_id\":0}' \/><div class=\"wpcf7-response-output\" aria-hidden=\"true\"><\/div><input type=\"hidden\" name=\"trp-form-language\" value=\"pt\"\/><\/form><\/div>","protected":false},"excerpt":{"rendered":"<p>Huadong Cable Group \u00e9 uma sociedade an\u00f3nima, integrada na produ\u00e7\u00e3o de cabos, investiga\u00e7\u00e3o e desenvolvimento, e com\u00e9rcio nacional e internacional. Zhengzhou Hongliang Cable Co., ltd \u00e9 um dos ramos do grupo de cabos Huadong, e tamb\u00e9m uma das maiores empresas profissionais de importa\u00e7\u00e3o e exporta\u00e7\u00e3o na China. A f\u00e1brica foi fundada em 1988, ocupou 50.000 ... <a class=\"read-more\" href=\"https:\/\/huadongswacable.com\/pt\/sobre-nos\/\">Ler mais...<\/a><\/p>","protected":false},"author":1,"featured_media":0,"parent":0,"menu_order":0,"comment_status":"closed","ping_status":"closed","template":"","meta":{"footnotes":""},"class_list":["post-495","page","type-page","status-publish"],"yoast_head":"<!-- This site is optimized with the Yoast SEO plugin v18.4.1 - https:\/\/yoast.com\/wordpress\/plugins\/seo\/ -->\n<title>About Us - Huadong SWA Cable<\/title>\n<meta name=\"robots\" content=\"index, follow, max-snippet:-1, max-image-preview:large, max-video-preview:-1\" \/>\n<link rel=\"canonical\" href=\"http:\/\/huadongswacable.com\/pt\/sobre-nosotros-2\/\" \/>\n<meta property=\"og:locale\" content=\"pt_PT\" \/>\n<meta property=\"og:type\" content=\"article\" \/>\n<meta property=\"og:title\" content=\"About Us - Huadong SWA Cable\" \/>\n<meta property=\"og:description\" content=\"Huadong Cable Group is a joint stock enterprise, integrated in cable production, research &amp; development, and domestic &amp; international trade. Zhengzhou Hongliang Cable Co.,ltd is one of the branch of Huadong cable group, and also one of the biggest professional import and export trade company in China. The plant was founded in 1988, occupied 50,000 ... Read more...\" \/>\n<meta property=\"og:url\" content=\"http:\/\/huadongswacable.com\/pt\/sobre-nosotros-2\/\" \/>\n<meta property=\"og:site_name\" content=\"Huadong SWA Cable\" \/>\n<meta property=\"article:modified_time\" content=\"2021-05-12T05:56:00+00:00\" \/>\n<meta property=\"og:image\" content=\"http:\/\/huadongswacable.com\/wp-content\/uploads\/2021\/05\/xlpe-pvc-swa-armoured-cable-supplier.jpg\" \/>\n<meta name=\"twitter:card\" content=\"summary_large_image\" \/>\n<meta name=\"twitter:label1\" content=\"Tempo estimado de leitura\" \/>\n\t<meta name=\"twitter:data1\" content=\"1 minuto\" \/>\n<script type=\"application\/ld+json\" class=\"yoast-schema-graph\">{\"@context\":\"https:\/\/schema.org\",\"@graph\":[{\"@type\":\"WebSite\",\"@id\":\"http:\/\/huadongswacable.com\/ru\/#website\",\"url\":\"http:\/\/huadongswacable.com\/ru\/\",\"name\":\"Huadong SWA Cable\",\"description\":\"Huadong SWA Cable\",\"potentialAction\":[{\"@type\":\"SearchAction\",\"target\":{\"@type\":\"EntryPoint\",\"urlTemplate\":\"http:\/\/huadongswacable.com\/ru\/?s={search_term_string}\"},\"query-input\":\"required name=search_term_string\"}],\"inLanguage\":\"pt-PT\"},{\"@type\":\"ImageObject\",\"@id\":\"http:\/\/huadongswacable.com\/es\/sobre-nosotros-2\/#primaryimage\",\"inLanguage\":\"pt-PT\",\"url\":\"http:\/\/huadongswacable.com\/wp-content\/uploads\/2021\/05\/xlpe-pvc-swa-armoured-cable-supplier.jpg\",\"contentUrl\":\"http:\/\/huadongswacable.com\/wp-content\/uploads\/2021\/05\/xlpe-pvc-swa-armoured-cable-supplier.jpg\"},{\"@type\":\"WebPage\",\"@id\":\"http:\/\/huadongswacable.com\/es\/sobre-nosotros-2\/#webpage\",\"url\":\"http:\/\/huadongswacable.com\/es\/sobre-nosotros-2\/\",\"name\":\"About Us - Huadong SWA Cable\",\"isPartOf\":{\"@id\":\"http:\/\/huadongswacable.com\/ru\/#website\"},\"primaryImageOfPage\":{\"@id\":\"http:\/\/huadongswacable.com\/es\/sobre-nosotros-2\/#primaryimage\"},\"datePublished\":\"2018-03-15T02:57:40+00:00\",\"dateModified\":\"2021-05-12T05:56:00+00:00\",\"breadcrumb\":{\"@id\":\"http:\/\/huadongswacable.com\/es\/sobre-nosotros-2\/#breadcrumb\"},\"inLanguage\":\"pt-PT\",\"potentialAction\":[{\"@type\":\"ReadAction\",\"target\":[\"http:\/\/huadongswacable.com\/es\/sobre-nosotros-2\/\"]}]},{\"@type\":\"BreadcrumbList\",\"@id\":\"http:\/\/huadongswacable.com\/es\/sobre-nosotros-2\/#breadcrumb\",\"itemListElement\":[{\"@type\":\"ListItem\",\"position\":1,\"name\":\"Home\",\"item\":\"http:\/\/huadongswacable.com\/ru\/\"},{\"@type\":\"ListItem\",\"position\":2,\"name\":\"About Us\"}]}]}<\/script>\n<!-- \/ Yoast SEO plugin. -->","yoast_head_json":{"title":"About Us - Huadong SWA Cable","robots":{"index":"index","follow":"follow","max-snippet":"max-snippet:-1","max-image-preview":"max-image-preview:large","max-video-preview":"max-video-preview:-1"},"canonical":"http:\/\/huadongswacable.com\/pt\/sobre-nosotros-2\/","og_locale":"pt_PT","og_type":"article","og_title":"About Us - Huadong SWA Cable","og_description":"Huadong Cable Group is a joint stock enterprise, integrated in cable production, research &amp; development, and domestic &amp; international trade. Zhengzhou Hongliang Cable Co.,ltd is one of the branch of Huadong cable group, and also one of the biggest professional import and export trade company in China. The plant was founded in 1988, occupied 50,000 ... Read more...","og_url":"http:\/\/huadongswacable.com\/pt\/sobre-nosotros-2\/","og_site_name":"Huadong SWA Cable","article_modified_time":"2021-05-12T05:56:00+00:00","og_image":[{"url":"http:\/\/huadongswacable.com\/wp-content\/uploads\/2021\/05\/xlpe-pvc-swa-armoured-cable-supplier.jpg"}],"twitter_card":"summary_large_image","twitter_misc":{"Tempo estimado de leitura":"1 minuto"},"schema":{"@context":"https:\/\/schema.org","@graph":[{"@type":"WebSite","@id":"http:\/\/huadongswacable.com\/ru\/#website","url":"http:\/\/huadongswacable.com\/ru\/","name":"Huadong SWA Cable","description":"Huadong SWA Cable","potentialAction":[{"@type":"SearchAction","target":{"@type":"EntryPoint","urlTemplate":"http:\/\/huadongswacable.com\/ru\/?s={search_term_string}"},"query-input":"required name=search_term_string"}],"inLanguage":"pt-PT"},{"@type":"ImageObject","@id":"http:\/\/huadongswacable.com\/es\/sobre-nosotros-2\/#primaryimage","inLanguage":"pt-PT","url":"http:\/\/huadongswacable.com\/wp-content\/uploads\/2021\/05\/xlpe-pvc-swa-armoured-cable-supplier.jpg","contentUrl":"http:\/\/huadongswacable.com\/wp-content\/uploads\/2021\/05\/xlpe-pvc-swa-armoured-cable-supplier.jpg"},{"@type":"WebPage","@id":"http:\/\/huadongswacable.com\/es\/sobre-nosotros-2\/#webpage","url":"http:\/\/huadongswacable.com\/es\/sobre-nosotros-2\/","name":"About Us - Huadong SWA Cable","isPartOf":{"@id":"http:\/\/huadongswacable.com\/ru\/#website"},"primaryImageOfPage":{"@id":"http:\/\/huadongswacable.com\/es\/sobre-nosotros-2\/#primaryimage"},"datePublished":"2018-03-15T02:57:40+00:00","dateModified":"2021-05-12T05:56:00+00:00","breadcrumb":{"@id":"http:\/\/huadongswacable.com\/es\/sobre-nosotros-2\/#breadcrumb"},"inLanguage":"pt-PT","potentialAction":[{"@type":"ReadAction","target":["http:\/\/huadongswacable.com\/es\/sobre-nosotros-2\/"]}]},{"@type":"BreadcrumbList","@id":"http:\/\/huadongswacable.com\/es\/sobre-nosotros-2\/#breadcrumb","itemListElement":[{"@type":"ListItem","position":1,"name":"Home","item":"http:\/\/huadongswacable.com\/ru\/"},{"@type":"ListItem","position":2,"name":"About Us"}]}]}},"_links":{"self":[{"href":"https:\/\/huadongswacable.com\/pt\/wp-json\/wp\/v2\/pages\/495","targetHints":{"allow":["GET"]}}],"collection":[{"href":"https:\/\/huadongswacable.com\/pt\/wp-json\/wp\/v2\/pages"}],"about":[{"href":"https:\/\/huadongswacable.com\/pt\/wp-json\/wp\/v2\/types\/page"}],"author":[{"embeddable":true,"href":"https:\/\/huadongswacable.com\/pt\/wp-json\/wp\/v2\/users\/1"}],"replies":[{"embeddable":true,"href":"https:\/\/huadongswacable.com\/pt\/wp-json\/wp\/v2\/comments?post=495"}],"version-history":[{"count":6,"href":"https:\/\/huadongswacable.com\/pt\/wp-json\/wp\/v2\/pages\/495\/revisions"}],"predecessor-version":[{"id":5822,"href":"https:\/\/huadongswacable.com\/pt\/wp-json\/wp\/v2\/pages\/495\/revisions\/5822"}],"wp:attachment":[{"href":"https:\/\/huadongswacable.com\/pt\/wp-json\/wp\/v2\/media?parent=495"}],"curies":[{"name":"wp","href":"https:\/\/api.w.org\/{rel}","templated":true}]}}