{"id":4814,"date":"2020-08-31T17:51:08","date_gmt":"2020-08-31T09:51:08","guid":{"rendered":"http:\/\/huadongswacable.com\/?page_id=4814"},"modified":"2022-12-21T15:15:23","modified_gmt":"2022-12-21T07:15:23","slug":"240mm-single-core-cable","status":"publish","type":"page","link":"https:\/\/huadongswacable.com\/pt\/cabo-de-nucleo-unico-de-240-mm\/","title":{"rendered":"Pre\u00e7o do cabo monocondutor de 11kv 15kv 33kv 240mm"},"content":{"rendered":"<p><img loading=\"lazy\" decoding=\"async\" width=\"750\" height=\"268\" class=\"wp-image-4821 size-full aligncenter\" src=\"https:\/\/huadongswacable.com\/wp-content\/uploads\/2020\/09\/240mm-single-core-cable-structure.jpg\" alt=\"&quot;&lt;yoastmark\" srcset=\"https:\/\/huadongswacable.com\/wp-content\/uploads\/2020\/09\/240mm-single-core-cable-structure.jpg 750w, https:\/\/huadongswacable.com\/wp-content\/uploads\/2020\/09\/240mm-single-core-cable-structure-300x107.jpg 300w\" sizes=\"auto, (max-width: 750px) 100vw, 750px\" \/><\/p>\n<p style=\"text-align: center;\"><span class=\"su-lightbox\" data-mfp-src=\"#Popup\" data-mfp-type=\"inline\" data-mobile=\"yes\"><button class=\"btn btn-danger btn-sm\" ><i class=\"fa fa-hand-o-right\" style=\"color:#ffffff;\"><\/i> Obter cota\u00e7\u00e3o<\/button><\/span>\n<h2>Quanto custa um cabo unipolar de 240 mm?<\/h2>\n<p>Quando procura um cabo blindado de 11kv 1c x 240mm, pode obter muitos pre\u00e7os de diferentes fornecedores de cabos de 1 n\u00facleo 240mm. De um modo geral, se perguntar o pre\u00e7o do cabo blindado mar\u00edtimo de 1 x 240 mm2, o <a href=\"https:\/\/huadongswacable.com\/pt\/240mm-xlpe-cable-price\/\" target=\"_blank\" rel=\"noopener noreferrer\">Cabo xlpe de 240 mm<\/a> O fornecedor pode dar-lhe o pre\u00e7o de duas partes. Este cont\u00e9m o pre\u00e7o do cabo de cobre de 1x 240mm e o seu custo de transporte. Assim, quando a sua encomenda \u00e9 pequena, pode comprar 1 n\u00facleo 240 sq mm 600v cu xlpe pvc swa pvc power cable ao fabricante local. No entanto, se precisar de muitos <a href=\"https:\/\/huadongswacable.com\/pt\/3c-x-240mm-xlpe-swa-pvc-cable\/\" target=\"_blank\" rel=\"noopener noreferrer\">15kv 240mm2 3 n\u00facleos xlpe swa pvc cabo subterr\u00e2neo<\/a>pode contactar fornecedores estrangeiros. Porque o pre\u00e7o do cabo monocondutor de 240 mm noutros pa\u00edses \u00e9 muito mais barato.<\/p>\n<div class=\"row prolisttable\">\n<div class=\"row\"><\/div>\n<div class=\"col-lg-6 col-md-12 col-xs-12 col-sm-12\">\n<img loading=\"lazy\" decoding=\"async\" class=\"aligncenter size-full wp-image-4818\" src=\"https:\/\/huadongswacable.com\/wp-content\/uploads\/2020\/08\/cable-power-electrical-1c-x-240-mm-sq-flexible.jpg\" alt=\"cabo el\u00e9ctrico de alimenta\u00e7\u00e3o 1c x 240 mm sq flex\u00edvel\" width=\"385\" height=\"388\" srcset=\"https:\/\/huadongswacable.com\/wp-content\/uploads\/2020\/08\/cable-power-electrical-1c-x-240-mm-sq-flexible.jpg 385w, https:\/\/huadongswacable.com\/wp-content\/uploads\/2020\/08\/cable-power-electrical-1c-x-240-mm-sq-flexible-298x300.jpg 298w, https:\/\/huadongswacable.com\/wp-content\/uploads\/2020\/08\/cable-power-electrical-1c-x-240-mm-sq-flexible-150x150.jpg 150w\" sizes=\"auto, (max-width: 385px) 100vw, 385px\" \/><\/div>\n<div class=\"col-lg-6 col-md-12 col-xs-12 col-sm-12\">\n<h2>1 Estrutura de cabos de 240 mm<\/h2>\n<p><strong>Tens\u00e3o:<\/strong> 0.6\/1kv\uff0c6.6kv, 11kv, 15kv, 12\/20kv \uff0c25\/35kv\uff0c33kv<br \/>\n<strong>Material condutor:<\/strong> Cobre ou alum\u00ednio<br \/>\n<strong>Semicondutor interno:<\/strong> Composto semicondutor<br \/>\n<strong>Isolamento:<\/strong> XLPE \/PVC<br \/>\n<strong>Semi-condutor externo:<\/strong> Extrudido destac\u00e1vel<br \/>\n<strong>Bainha interior e exterior:<\/strong> PVC<br \/>\n<strong>Tipo de armadura:<\/strong> AWA (fio de alum\u00ednio blindado)<br \/>\n<strong>Temperatura m\u00e1xima de funcionamento:<\/strong> 90\u00b0C<br \/>\n<strong>Embalagem:<\/strong> Tambor de madeira ou de ferro, entretanto, de acordo com a sua exig\u00eancia.<\/p>\n<p style=\"text-align: center;\"><span class=\"su-lightbox\" data-mfp-src=\"#Popup\" data-mfp-type=\"inline\" data-mobile=\"yes\"><button class=\"btn btn-danger btn-sm\" ><i class=\"fa fa-hand-o-right\" style=\"color:#ffffff;\"><\/i> Obter cota\u00e7\u00e3o<\/button><\/span>\n<\/div>\n<\/div>\n<p>Antes de efectuar a sua encomenda, pode procurar muitos fornecedores de cabo al 12\/20kv 1 x 240 mm2 xlpe. Al\u00e9m disso, pode perguntar-lhes quanto custa um cabo de n\u00facleo \u00fanico de 240 mm. Em seguida, pode comparar o pre\u00e7o de 1 c 240mm cabo xlpe pvc. Huadong \u00e9 um fabricante profissional de cabo de alimenta\u00e7\u00e3o de alum\u00ednio 1x240mm2 na China. Temos uma rica experi\u00eancia na produ\u00e7\u00e3o de cabo 1cx240mm2 cu xlpe pvc. O pre\u00e7o do nosso cabo de 1 n\u00facleo 240mm \u00e9 muito competitivo. Basta deixar sua mensagem para obter cota\u00e7\u00e3o de cabo de 240mm x 1 n\u00facleo.<\/p>\n<div class=\"row prolisttable\">\n<p>&nbsp;<\/p>\n<div class=\"row\"><\/div>\n<div class=\"col-lg-6 col-md-12 col-xs-12 col-sm-12\">\n<img loading=\"lazy\" decoding=\"async\" class=\"aligncenter wp-image-4823\" src=\"https:\/\/huadongswacable.com\/wp-content\/uploads\/2020\/09\/1x240-25-35kv-xlpe-copper-cable-size_\u526f\u672c.jpg\" alt=\"1x240 25 35kv xlpe cabo de cobre tamanho\" width=\"283\" height=\"283\" srcset=\"https:\/\/huadongswacable.com\/wp-content\/uploads\/2020\/09\/1x240-25-35kv-xlpe-copper-cable-size_\u526f\u672c.jpg 300w, https:\/\/huadongswacable.com\/wp-content\/uploads\/2020\/09\/1x240-25-35kv-xlpe-copper-cable-size_\u526f\u672c-150x150.jpg 150w\" sizes=\"auto, (max-width: 283px) 100vw, 283px\" \/><\/div>\n<div class=\"col-lg-6 col-md-12 col-xs-12 col-sm-12\">\n<h2>1c x 240mm cabo de ecr\u00e3<\/h2>\n<p><strong>tens\u00e3o:<\/strong> 0,6\/1kv, 1\/35kv<br \/>\n<strong>Maestro:<\/strong> Cobre\/Alum\u00ednio<br \/>\n<strong>Rastreio de condutores:<\/strong> Composto semi-condutor extrudido.<br \/>\n<strong>Isolamento:<\/strong> XLPE\/PVC<br \/>\n<strong>Protec\u00e7\u00e3o do isolamento:<\/strong> Composto semi-condutor extrudido.<br \/>\n<strong>Bainha:<\/strong> PVC<br \/>\n<strong>Embalagem:<\/strong> Tambor de madeira ou de ferro, entretanto, de acordo com a sua exig\u00eancia.<\/p>\n<p style=\"text-align: center;\"><span class=\"su-lightbox\" data-mfp-src=\"#Popup\" data-mfp-type=\"inline\" data-mobile=\"yes\"><button class=\"btn btn-danger btn-sm\" ><i class=\"fa fa-hand-o-right\" style=\"color:#ffffff;\"><\/i> Obter cota\u00e7\u00e3o<\/button><\/span>\n<\/div>\n<\/div>\n<h2>Escolha um cabo de cobre de 240 mm de n\u00facleo \u00fanico de qualidade<\/h2>\n<p>Como todos sabemos, o cabo de cobre 1\u00d7240 25\/35kv xlpe \u00e9 utilizado para transmitir energia. Se 240mm <a href=\"https:\/\/huadongswacable.com\/pt\/cabo-armado-de-nucleo-unico\/\" target=\"_blank\" rel=\"noopener noreferrer\">cabo unipolar<\/a> se a qualidade n\u00e3o for boa, haver\u00e1 grandes riscos de seguran\u00e7a. Por exemplo, se o isolamento do cabo de ecr\u00e3 de 11kv 1c x 240mm n\u00e3o for qualificado, \u00e9 f\u00e1cil de quebrar. O que pode causar a avaria do cabo al 12 20kv 1 x 240 mm\u00b2 xlpe e amea\u00e7ar a seguran\u00e7a dos utilizadores. Portanto, \u00e9 necess\u00e1rio comprar cabo de energia el\u00e9trica 1c x 240 mm sq flex\u00edvel de fornecedores confi\u00e1veis. Al\u00e9m disso, nesta f\u00e1brica de fabricantes de cabos de n\u00facleo \u00fanico de 240 mm\u00b2, voc\u00ea tamb\u00e9m pode <a href=\"https:\/\/huadongswacable.com\/pt\/240-sq-mm-4-core-armoured-cable-price\/\" target=\"_blank\" rel=\"noopener noreferrer\">comprar cabo 4C x 240mm2<\/a>.<\/p>\n<p><img loading=\"lazy\" decoding=\"async\" class=\"aligncenter size-full wp-image-4832\" src=\"https:\/\/huadongswacable.com\/wp-content\/uploads\/2020\/09\/cable-power-electrical-1c-x-240-mm-sq-flexible-manufacturer.jpg\" alt=\"cabo el\u00e9ctrico de alimenta\u00e7\u00e3o 1c x 240 mm sq flex\u00edvel fabricante\" width=\"780\" height=\"309\" srcset=\"https:\/\/huadongswacable.com\/wp-content\/uploads\/2020\/09\/cable-power-electrical-1c-x-240-mm-sq-flexible-manufacturer.jpg 780w, https:\/\/huadongswacable.com\/wp-content\/uploads\/2020\/09\/cable-power-electrical-1c-x-240-mm-sq-flexible-manufacturer-300x119.jpg 300w, https:\/\/huadongswacable.com\/wp-content\/uploads\/2020\/09\/cable-power-electrical-1c-x-240-mm-sq-flexible-manufacturer-768x304.jpg 768w\" sizes=\"auto, (max-width: 780px) 100vw, 780px\" \/><\/p>\n<p>A fim de fornecer excelente 1\u00d7240 25 35kv xlpe cabo de cobre, n\u00f3s produzi-lo em estrita conformidade com as normas internacionais. N\u00f3s sempre usamos alum\u00ednio superior e material de cobre para fabricar cabo de alimenta\u00e7\u00e3o xlpe isolamento pvc embainhado 6\/10kv 1cx240mm2. Todos os cabos blindados mar\u00edtimos de 1 x 240mm2 s\u00e3o rigorosamente testados. Por conseguinte, pode ter a certeza de que compra um cabo subterr\u00e2neo unipolar de 15kv 240mm2 \u00e0 nossa empresa. Al\u00e9m disso, se a sua encomenda for grande, podemos oferecer-lhe um desconto no pre\u00e7o do cabo unipolar de 240 mm.<\/p>\n<div class=\"row prolisttable\">\n<div class=\"row\"><\/div>\n<div class=\"col-lg-6 col-md-12 col-xs-12 col-sm-12\">\n<img loading=\"lazy\" decoding=\"async\" class=\"aligncenter size-full wp-image-4825\" src=\"https:\/\/huadongswacable.com\/wp-content\/uploads\/2020\/09\/3cx240mm2-11kv-cu-xlpe-swa-pvc-cable-for-sale.jpg\" alt=\"3cx240mm2 11kv cu xlpe swa pvc cable for sale\" width=\"300\" height=\"300\" srcset=\"https:\/\/huadongswacable.com\/wp-content\/uploads\/2020\/09\/3cx240mm2-11kv-cu-xlpe-swa-pvc-cable-for-sale.jpg 300w, https:\/\/huadongswacable.com\/wp-content\/uploads\/2020\/09\/3cx240mm2-11kv-cu-xlpe-swa-pvc-cable-for-sale-150x150.jpg 150w\" sizes=\"auto, (max-width: 300px) 100vw, 300px\" \/><\/p>\n<p style=\"text-align: center;\"><span class=\"su-lightbox\" data-mfp-src=\"#Popup\" data-mfp-type=\"inline\" data-mobile=\"yes\"><button class=\"btn btn-danger btn-sm\" ><i class=\"fa fa-hand-o-right\" style=\"color:#ffffff;\"><\/i> Obter cota\u00e7\u00e3o<\/button><\/span>\n<\/div>\n<div class=\"col-lg-6 col-md-12 col-xs-12 col-sm-12\">\n<img loading=\"lazy\" decoding=\"async\" class=\"aligncenter size-full wp-image-4826\" src=\"https:\/\/huadongswacable.com\/wp-content\/uploads\/2020\/09\/buy-4C\u00d7240mm-0.6-1kv-cable-.jpg\" alt=\"comprar cabo 4C\u00d7240mm 0.6 1kv\" width=\"300\" height=\"300\" srcset=\"https:\/\/huadongswacable.com\/wp-content\/uploads\/2020\/09\/buy-4C\u00d7240mm-0.6-1kv-cable-.jpg 300w, https:\/\/huadongswacable.com\/wp-content\/uploads\/2020\/09\/buy-4C\u00d7240mm-0.6-1kv-cable--150x150.jpg 150w\" sizes=\"auto, (max-width: 300px) 100vw, 300px\" \/><\/p>\n<p style=\"text-align: center;\"><span class=\"su-lightbox\" data-mfp-src=\"#Popup\" data-mfp-type=\"inline\" data-mobile=\"yes\"><button class=\"btn btn-danger btn-sm\" ><i class=\"fa fa-hand-o-right\" style=\"color:#ffffff;\"><\/i> Obter cota\u00e7\u00e3o<\/button><\/span>\n<\/div>\n<\/div>\n<div class=\"su-lightbox-content su-u-trim\" id=\"Popup\" style=\"display:none;width:auto;min-width:50%;max-width:70%;margin-top:40px;margin-bottom:40px;padding:40px;background:#e8e5e5;color:#060473;box-shadow:0px 0px 15px #333333;text-align:left\"><div role=\"form\" class=\"wpcf7\" id=\"wpcf7-f5571-o1\" lang=\"en-US\" dir=\"ltr\">\n<div class=\"screen-reader-response\"><p role=\"status\" aria-live=\"polite\" aria-atomic=\"true\"><\/p> <ul><\/ul><\/div>\n<form action=\"\/pt\/wp-json\/wp\/v2\/pages\/4814#wpcf7-f5571-o1\" method=\"post\" class=\"wpcf7-form init\" novalidate=\"novalidate\" data-status=\"init\" data-trp-original-action=\"\/pt\/wp-json\/wp\/v2\/pages\/4814#wpcf7-f5571-o1\">\n<div style=\"display: none;\">\n<input type=\"hidden\" name=\"_wpcf7\" value=\"5571\" \/>\n<input type=\"hidden\" name=\"_wpcf7_version\" value=\"5.5.6\" \/>\n<input type=\"hidden\" name=\"_wpcf7_locale\" value=\"en_US\" \/>\n<input type=\"hidden\" name=\"_wpcf7_unit_tag\" value=\"wpcf7-f5571-o1\" \/>\n<input type=\"hidden\" name=\"_wpcf7_container_post\" value=\"0\" \/>\n<input type=\"hidden\" name=\"_wpcf7_posted_data_hash\" value=\"\" \/>\n<\/div>\n<div class=\"popmakerform\">\n<p>O seu nome <span style=\"color:red;\">*<span><br \/>\n<span class=\"wpcf7-form-control-wrap your-name\"><input type=\"text\" name=\"your-name\" value=\"\" size=\"40\" class=\"wpcf7-form-control wpcf7-text wpcf7-validates-as-required\" aria-required=\"true\" aria-invalid=\"false\" \/><\/span><\/p>\n<p>O seu e-mail <span style=\"color:red;\">*<span><br \/>\n<span class=\"wpcf7-form-control-wrap your-email\"><input type=\"email\" name=\"your-email\" value=\"\" size=\"40\" class=\"wpcf7-form-control wpcf7-text wpcf7-email wpcf7-validates-as-required wpcf7-validates-as-email\" aria-required=\"true\" aria-invalid=\"false\" \/><\/span><\/p>\n<p>O seu n\u00famero de telefone<br \/>\n<span class=\"wpcf7-form-control-wrap your-phone\"><input type=\"text\" name=\"your-phone\" value=\"\" size=\"40\" class=\"wpcf7-form-control wpcf7-text\" aria-invalid=\"false\" \/><\/span><\/p>\n<p>O seu pa\u00eds<br \/>\n<span class=\"wpcf7-form-control-wrap your-country\"><input type=\"text\" name=\"your-country\" value=\"\" size=\"40\" class=\"wpcf7-form-control wpcf7-text\" aria-invalid=\"false\" \/><\/span><\/p>\n<p>Requisito pormenorizado <span style=\"color:red;\">*<span><br \/>\n<span class=\"wpcf7-form-control-wrap your-requirement\"><textarea name=\"your-requirement\" cols=\"40\" rows=\"4\" class=\"wpcf7-form-control wpcf7-textarea wpcf7-validates-as-required\" aria-required=\"true\" aria-invalid=\"false\"><\/textarea><\/span><\/p>\n<p><input type=\"submit\" value=\"Obter cota\u00e7\u00e3o\" class=\"wpcf7-form-control has-spinner wpcf7-submit\" \/><\/p>\n<\/div>\n<p style=\"display: none !important;\"><label>&#916;<textarea name=\"_wpcf7_ak_hp_textarea\" cols=\"45\" rows=\"8\" maxlength=\"100\"><\/textarea><\/label><input type=\"hidden\" id=\"ak_js_1\" name=\"_wpcf7_ak_js\" value=\"207\"\/><script>document.getElementById( \"ak_js_1\" ).setAttribute( \"value\", ( new Date() ).getTime() );<\/script><\/p><input type='hidden' class='wpcf7-pum' value='{\"closepopup\":false,\"closedelay\":0,\"openpopup\":false,\"openpopup_id\":0}' \/><div class=\"wpcf7-response-output\" aria-hidden=\"true\"><\/div><input type=\"hidden\" name=\"trp-form-language\" value=\"pt\"\/><\/form><\/div><\/div>\n<h3>N\u00e3o hesite em deixar o seu pedido.<\/h3>\n<div role=\"form\" class=\"wpcf7\" id=\"wpcf7-f6-o2\" lang=\"en-US\" dir=\"ltr\">\n<div class=\"screen-reader-response\"><p role=\"status\" aria-live=\"polite\" aria-atomic=\"true\"><\/p> <ul><\/ul><\/div>\n<form action=\"\/pt\/wp-json\/wp\/v2\/pages\/4814#wpcf7-f6-o2\" method=\"post\" class=\"wpcf7-form init\" novalidate=\"novalidate\" data-status=\"init\" data-trp-original-action=\"\/pt\/wp-json\/wp\/v2\/pages\/4814#wpcf7-f6-o2\">\n<div style=\"display: none;\">\n<input type=\"hidden\" name=\"_wpcf7\" value=\"6\" \/>\n<input type=\"hidden\" name=\"_wpcf7_version\" value=\"5.5.6\" \/>\n<input type=\"hidden\" name=\"_wpcf7_locale\" value=\"en_US\" \/>\n<input type=\"hidden\" name=\"_wpcf7_unit_tag\" value=\"wpcf7-f6-o2\" \/>\n<input type=\"hidden\" name=\"_wpcf7_container_post\" value=\"0\" \/>\n<input type=\"hidden\" name=\"_wpcf7_posted_data_hash\" value=\"\" \/>\n<\/div>\n<div class=\"messageform\">\n<p><strong><span style=\"color:red;\"><\/span> O seu nome<\/strong><br \/>\n    <span class=\"wpcf7-form-control-wrap your-name\"><input type=\"text\" name=\"your-name\" value=\"\" size=\"40\" class=\"wpcf7-form-control wpcf7-text\" aria-invalid=\"false\" \/><\/span> <\/p>\n<p><strong><span style=\"color:red;\">*<\/span> O seu e-mail<\/strong><br \/>\n    <span class=\"wpcf7-form-control-wrap your-email\"><input type=\"email\" name=\"your-email\" value=\"\" size=\"40\" class=\"wpcf7-form-control wpcf7-text wpcf7-email wpcf7-validates-as-required wpcf7-validates-as-email\" aria-required=\"true\" aria-invalid=\"false\" \/><\/span> <\/p>\n<p><strong>O seu n\u00famero de telefone<\/strong><br \/>\n    <span class=\"wpcf7-form-control-wrap your-phone\"><input type=\"text\" name=\"your-phone\" value=\"\" size=\"40\" class=\"wpcf7-form-control wpcf7-text\" aria-invalid=\"false\" placeholder=\"Incluir o c\u00f3digo de \u00e1rea\" \/><\/span> <\/p>\n<p><strong>O seu pa\u00eds<\/strong><br \/>\n    <span class=\"wpcf7-form-control-wrap your-country\"><input type=\"text\" name=\"your-country\" value=\"\" size=\"40\" class=\"wpcf7-form-control wpcf7-text\" aria-invalid=\"false\" \/><\/span> <\/p>\n<p><strong><span style=\"color:red;\">*<\/span> O seu requisito<\/strong><br \/>\n    <span class=\"wpcf7-form-control-wrap your-requirement\"><textarea name=\"your-requirement\" cols=\"40\" rows=\"10\" class=\"wpcf7-form-control wpcf7-textarea wpcf7-validates-as-required bestonmessage\" aria-required=\"true\" aria-invalid=\"false\" placeholder=\"Para obter uma cota\u00e7\u00e3o detalhada, envie-nos o seu pedido detalhado.\"><\/textarea><\/span> <\/p>\n<p><input type=\"submit\" value=\"Enviar mensagem\" class=\"wpcf7-form-control has-spinner wpcf7-submit\" \/><\/p>\n<\/div>\n<p style=\"display: none !important;\"><label>&#916;<textarea name=\"_wpcf7_ak_hp_textarea\" cols=\"45\" rows=\"8\" maxlength=\"100\"><\/textarea><\/label><input type=\"hidden\" id=\"ak_js_2\" name=\"_wpcf7_ak_js\" value=\"67\"\/><script>document.getElementById( \"ak_js_2\" ).setAttribute( \"value\", ( new Date() ).getTime() );<\/script><\/p><input type='hidden' class='wpcf7-pum' value='{\"closepopup\":false,\"closedelay\":0,\"openpopup\":false,\"openpopup_id\":0}' \/><div class=\"wpcf7-response-output\" aria-hidden=\"true\"><\/div><input type=\"hidden\" name=\"trp-form-language\" value=\"pt\"\/><\/form><\/div>","protected":false},"excerpt":{"rendered":"<p>Quanto custa o cabo unipolar de 240 mm? Quando procura um cabo blindado de 11kv 1c x 240mm, pode obter muitos pre\u00e7os de diferentes fornecedores de cabos de 1 n\u00facleo de 240mm. De um modo geral, se perguntar o pre\u00e7o do cabo blindado mar\u00edtimo de 1 x 240 mm2, o fornecedor do cabo xlpe de 240 mm pode dar-lhe o pre\u00e7o de duas partes. ... <a class=\"read-more\" href=\"https:\/\/huadongswacable.com\/pt\/cabo-de-nucleo-unico-de-240-mm\/\">Ler mais...<\/a><\/p>","protected":false},"author":1,"featured_media":0,"parent":0,"menu_order":0,"comment_status":"closed","ping_status":"closed","template":"","meta":{"footnotes":""},"class_list":["post-4814","page","type-page","status-publish"],"yoast_head":"<!-- This site is optimized with the Yoast SEO plugin v18.4.1 - https:\/\/yoast.com\/wordpress\/plugins\/seo\/ -->\n<title>How Much is 240mm Single Core Cable | 1cx240mm2 XLPE\/PVC Cable<\/title>\n<meta name=\"description\" content=\"You can contact us to get best 240mm single core cable price. We are manufacturers of 11kv 15kv 12\/20 25\/35 1Cx240mm2 aluminium power cable.\" \/>\n<meta name=\"robots\" content=\"index, follow, max-snippet:-1, max-image-preview:large, max-video-preview:-1\" \/>\n<link rel=\"canonical\" href=\"https:\/\/huadongswacable.com\/pt\/cabo-de-nucleo-unico-de-240-mm\/\" \/>\n<meta property=\"og:locale\" content=\"pt_PT\" \/>\n<meta property=\"og:type\" content=\"article\" \/>\n<meta property=\"og:title\" content=\"How Much is 240mm Single Core Cable | 1cx240mm2 XLPE\/PVC Cable\" \/>\n<meta property=\"og:description\" content=\"You can contact us to get best 240mm single core cable price. We are manufacturers of 11kv 15kv 12\/20 25\/35 1Cx240mm2 aluminium power cable.\" \/>\n<meta property=\"og:url\" content=\"https:\/\/huadongswacable.com\/pt\/cabo-de-nucleo-unico-de-240-mm\/\" \/>\n<meta property=\"og:site_name\" content=\"Huadong SWA Cable\" \/>\n<meta property=\"article:modified_time\" content=\"2022-12-21T07:15:23+00:00\" \/>\n<meta property=\"og:image\" content=\"https:\/\/huadongswacable.com\/wp-content\/uploads\/2020\/09\/240mm-single-core-cable-structure.jpg\" \/>\n<meta name=\"twitter:card\" content=\"summary_large_image\" \/>\n<meta name=\"twitter:label1\" content=\"Tempo estimado de leitura\" \/>\n\t<meta name=\"twitter:data1\" content=\"3 minutos\" \/>\n<script type=\"application\/ld+json\" class=\"yoast-schema-graph\">{\"@context\":\"https:\/\/schema.org\",\"@graph\":[{\"@type\":\"WebSite\",\"@id\":\"http:\/\/huadongswacable.com\/ru\/#website\",\"url\":\"http:\/\/huadongswacable.com\/ru\/\",\"name\":\"Huadong SWA Cable\",\"description\":\"Huadong SWA Cable\",\"potentialAction\":[{\"@type\":\"SearchAction\",\"target\":{\"@type\":\"EntryPoint\",\"urlTemplate\":\"http:\/\/huadongswacable.com\/ru\/?s={search_term_string}\"},\"query-input\":\"required name=search_term_string\"}],\"inLanguage\":\"pt-PT\"},{\"@type\":\"ImageObject\",\"@id\":\"https:\/\/huadongswacable.com\/240mm-single-core-cable\/#primaryimage\",\"inLanguage\":\"pt-PT\",\"url\":\"https:\/\/huadongswacable.com\/wp-content\/uploads\/2020\/09\/240mm-single-core-cable-structure.jpg\",\"contentUrl\":\"https:\/\/huadongswacable.com\/wp-content\/uploads\/2020\/09\/240mm-single-core-cable-structure.jpg\",\"width\":750,\"height\":268,\"caption\":\"240mm single core cable structure\"},{\"@type\":\"WebPage\",\"@id\":\"https:\/\/huadongswacable.com\/240mm-single-core-cable\/#webpage\",\"url\":\"https:\/\/huadongswacable.com\/240mm-single-core-cable\/\",\"name\":\"How Much is 240mm Single Core Cable | 1cx240mm2 XLPE\/PVC Cable\",\"isPartOf\":{\"@id\":\"http:\/\/huadongswacable.com\/ru\/#website\"},\"primaryImageOfPage\":{\"@id\":\"https:\/\/huadongswacable.com\/240mm-single-core-cable\/#primaryimage\"},\"datePublished\":\"2020-08-31T09:51:08+00:00\",\"dateModified\":\"2022-12-21T07:15:23+00:00\",\"description\":\"You can contact us to get best 240mm single core cable price. We are manufacturers of 11kv 15kv 12\/20 25\/35 1Cx240mm2 aluminium power cable.\",\"breadcrumb\":{\"@id\":\"https:\/\/huadongswacable.com\/240mm-single-core-cable\/#breadcrumb\"},\"inLanguage\":\"pt-PT\",\"potentialAction\":[{\"@type\":\"ReadAction\",\"target\":[\"https:\/\/huadongswacable.com\/240mm-single-core-cable\/\"]}]},{\"@type\":\"BreadcrumbList\",\"@id\":\"https:\/\/huadongswacable.com\/240mm-single-core-cable\/#breadcrumb\",\"itemListElement\":[{\"@type\":\"ListItem\",\"position\":1,\"name\":\"Home\",\"item\":\"http:\/\/huadongswacable.com\/ru\/\"},{\"@type\":\"ListItem\",\"position\":2,\"name\":\"Price of 11kv 15kv 33kv 240mm single core cable\"}]}]}<\/script>\n<!-- \/ Yoast SEO plugin. -->","yoast_head_json":{"title":"How Much is 240mm Single Core Cable | 1cx240mm2 XLPE\/PVC Cable","description":"You can contact us to get best 240mm single core cable price. We are manufacturers of 11kv 15kv 12\/20 25\/35 1Cx240mm2 aluminium power cable.","robots":{"index":"index","follow":"follow","max-snippet":"max-snippet:-1","max-image-preview":"max-image-preview:large","max-video-preview":"max-video-preview:-1"},"canonical":"https:\/\/huadongswacable.com\/pt\/cabo-de-nucleo-unico-de-240-mm\/","og_locale":"pt_PT","og_type":"article","og_title":"How Much is 240mm Single Core Cable | 1cx240mm2 XLPE\/PVC Cable","og_description":"You can contact us to get best 240mm single core cable price. We are manufacturers of 11kv 15kv 12\/20 25\/35 1Cx240mm2 aluminium power cable.","og_url":"https:\/\/huadongswacable.com\/pt\/cabo-de-nucleo-unico-de-240-mm\/","og_site_name":"Huadong SWA Cable","article_modified_time":"2022-12-21T07:15:23+00:00","og_image":[{"url":"https:\/\/huadongswacable.com\/wp-content\/uploads\/2020\/09\/240mm-single-core-cable-structure.jpg"}],"twitter_card":"summary_large_image","twitter_misc":{"Tempo estimado de leitura":"3 minutos"},"schema":{"@context":"https:\/\/schema.org","@graph":[{"@type":"WebSite","@id":"http:\/\/huadongswacable.com\/ru\/#website","url":"http:\/\/huadongswacable.com\/ru\/","name":"Huadong SWA Cable","description":"Huadong SWA Cable","potentialAction":[{"@type":"SearchAction","target":{"@type":"EntryPoint","urlTemplate":"http:\/\/huadongswacable.com\/ru\/?s={search_term_string}"},"query-input":"required name=search_term_string"}],"inLanguage":"pt-PT"},{"@type":"ImageObject","@id":"https:\/\/huadongswacable.com\/240mm-single-core-cable\/#primaryimage","inLanguage":"pt-PT","url":"https:\/\/huadongswacable.com\/wp-content\/uploads\/2020\/09\/240mm-single-core-cable-structure.jpg","contentUrl":"https:\/\/huadongswacable.com\/wp-content\/uploads\/2020\/09\/240mm-single-core-cable-structure.jpg","width":750,"height":268,"caption":"240mm single core cable structure"},{"@type":"WebPage","@id":"https:\/\/huadongswacable.com\/240mm-single-core-cable\/#webpage","url":"https:\/\/huadongswacable.com\/240mm-single-core-cable\/","name":"How Much is 240mm Single Core Cable | 1cx240mm2 XLPE\/PVC Cable","isPartOf":{"@id":"http:\/\/huadongswacable.com\/ru\/#website"},"primaryImageOfPage":{"@id":"https:\/\/huadongswacable.com\/240mm-single-core-cable\/#primaryimage"},"datePublished":"2020-08-31T09:51:08+00:00","dateModified":"2022-12-21T07:15:23+00:00","description":"You can contact us to get best 240mm single core cable price. We are manufacturers of 11kv 15kv 12\/20 25\/35 1Cx240mm2 aluminium power cable.","breadcrumb":{"@id":"https:\/\/huadongswacable.com\/240mm-single-core-cable\/#breadcrumb"},"inLanguage":"pt-PT","potentialAction":[{"@type":"ReadAction","target":["https:\/\/huadongswacable.com\/240mm-single-core-cable\/"]}]},{"@type":"BreadcrumbList","@id":"https:\/\/huadongswacable.com\/240mm-single-core-cable\/#breadcrumb","itemListElement":[{"@type":"ListItem","position":1,"name":"Home","item":"http:\/\/huadongswacable.com\/ru\/"},{"@type":"ListItem","position":2,"name":"Price of 11kv 15kv 33kv 240mm single core cable"}]}]}},"_links":{"self":[{"href":"https:\/\/huadongswacable.com\/pt\/wp-json\/wp\/v2\/pages\/4814","targetHints":{"allow":["GET"]}}],"collection":[{"href":"https:\/\/huadongswacable.com\/pt\/wp-json\/wp\/v2\/pages"}],"about":[{"href":"https:\/\/huadongswacable.com\/pt\/wp-json\/wp\/v2\/types\/page"}],"author":[{"embeddable":true,"href":"https:\/\/huadongswacable.com\/pt\/wp-json\/wp\/v2\/users\/1"}],"replies":[{"embeddable":true,"href":"https:\/\/huadongswacable.com\/pt\/wp-json\/wp\/v2\/comments?post=4814"}],"version-history":[{"count":24,"href":"https:\/\/huadongswacable.com\/pt\/wp-json\/wp\/v2\/pages\/4814\/revisions"}],"predecessor-version":[{"id":7812,"href":"https:\/\/huadongswacable.com\/pt\/wp-json\/wp\/v2\/pages\/4814\/revisions\/7812"}],"wp:attachment":[{"href":"https:\/\/huadongswacable.com\/pt\/wp-json\/wp\/v2\/media?parent=4814"}],"curies":[{"name":"wp","href":"https:\/\/api.w.org\/{rel}","templated":true}]}}