{"id":98,"date":"2018-03-08T14:53:55","date_gmt":"2018-03-08T06:53:55","guid":{"rendered":"http:\/\/huadongswacable.com\/?page_id=98"},"modified":"2022-12-19T16:43:39","modified_gmt":"2022-12-19T08:43:39","slug":"aluminium-armoured-cable-advantages","status":"publish","type":"page","link":"https:\/\/huadongswacable.com\/it\/cavi-armati-in-alluminio-vantaggi\/","title":{"rendered":"Fornitori di cavi elettrici blindati in alluminio"},"content":{"rendered":"<p><img loading=\"lazy\" decoding=\"async\" class=\"aligncenter size-full wp-image-5395\" src=\"https:\/\/huadongswacable.com\/wp-content\/uploads\/2021\/03\/get-best-price-for-aluminium-armoured-cable.jpg\" alt=\"ottenere il miglior prezzo per il cavo armato in alluminio\" width=\"800\" height=\"245\" srcset=\"https:\/\/huadongswacable.com\/wp-content\/uploads\/2021\/03\/get-best-price-for-aluminium-armoured-cable.jpg 800w, https:\/\/huadongswacable.com\/wp-content\/uploads\/2021\/03\/get-best-price-for-aluminium-armoured-cable-300x92.jpg 300w, https:\/\/huadongswacable.com\/wp-content\/uploads\/2021\/03\/get-best-price-for-aluminium-armoured-cable-768x235.jpg 768w\" sizes=\"auto, (max-width: 800px) 100vw, 800px\" \/><\/p>\n<p>Non esitate a inviare la vostra richiesta di elenco dei cavi blindati in alluminio e la quantit\u00e0 di ordine. Il nostro responsabile vendite vi contatter\u00e0 entro 12 ore.<\/p>\n<h2>Cavo armato in alluminio Caratteristiche<\/h2>\n<div class=\"row prolisttable\">\n<table>\n<tbody>\n<tr>\n<td><img loading=\"lazy\" decoding=\"async\" class=\"aligncenter size-full wp-image-5419\" src=\"https:\/\/huadongswacable.com\/wp-content\/uploads\/2021\/03\/xlpe-swa-pvc-aluminum-armoured-cable-supplier.jpg\" alt=\"fornitore di cavi blindati in alluminio xlpe swa pvc\" width=\"300\" height=\"300\" srcset=\"https:\/\/huadongswacable.com\/wp-content\/uploads\/2021\/03\/xlpe-swa-pvc-aluminum-armoured-cable-supplier.jpg 300w, https:\/\/huadongswacable.com\/wp-content\/uploads\/2021\/03\/xlpe-swa-pvc-aluminum-armoured-cable-supplier-150x150.jpg 150w\" sizes=\"auto, (max-width: 300px) 100vw, 300px\" \/><\/td>\n<td style=\"text-align: left;\"><strong>Conduttore:<\/strong>\u00a0Alluminio<br \/>\n<strong>Tensione:<\/strong>\u00a0fino a 35 KV<br \/>\n<strong>Corazzato:<\/strong> SWA (Armatura a filo d'acciaio) \/ STA (Armatura a nastro d'acciaio) \/ AWA (Armatura a filo d'alluminio) Non armato<br \/>\n<strong>Isolamento:<\/strong>\u00a0XLPE \/ PVC \/ LSF \/ Resistente al fuoco<br \/>\n<strong>Core:<\/strong> 1, 2, 3, 4, 5, 3+1, 4+1, 3+2<br \/>\n<strong>Area della sezione:<\/strong> 1,5 mm2-1000 mm2<br \/>\n<strong>Standard:<\/strong> IEC 60502, BS 7870, GB\/T12706 o altro.<br \/>\n<strong>Applicazione:<\/strong> Edilizia, ingegneria, ferrovia, costruzione di impianti, scuole, ospedali, metropolitane e cos\u00ec via.<br \/>\n<strong><strong>Possiamo personalizzare le dimensioni in base alle vostre esigenze.<\/strong><\/strong><\/p>\n<p style=\"text-align: center;\"><span class=\"su-lightbox\" data-mfp-src=\"#Popup\" data-mfp-type=\"inline\" data-mobile=\"yes\"><button class=\"btn btn-danger btn-sm\" ><i class=\"fa fa-hand-o-right\" style=\"color:#ffffff;\"><\/i> Preventivo<\/button><\/span>\n<\/td>\n<\/tr>\n<\/tbody>\n<\/table>\n<\/div>\n<h2>Cavo armato in alluminio ricco di materiali.<\/h2>\n<p>Vi state chiedendo quale cavo armato scegliere? E ci sono molti fornitori di cavi armati in alluminio, qual \u00e8 il pi\u00f9 affidabile? Risponder\u00f2 a queste domande per voi. Come sapete, sul mercato esistono cavi armati in alluminio e cavi armati in rame. Sono diversi sotto molti aspetti.  I cavi elettrici in alluminio presentano molti vantaggi rispetto ai cavi elettrici in rame. Ad esempio, le risorse dei conduttori dei cavi elettrici in alluminio hanno un'abbondante capacit\u00e0 di stoccaggio. Data la tendenza al declino delle risorse di rame, il rame \u00e8 probabilmente la prima risorsa mineraria esaurita sulla terra. Dal punto di vista dello sviluppo scientifico. \u00c8 una tendenza inevitabile quella di sostituire i cavi di alimentazione in rame con <a href=\"https:\/\/huadongswacable.com\/it\/cavi-armati-in-alluminio-vantaggi\/\" target=\"_blank\" rel=\"noopener noreferrer\">cavo armato in alluminio<\/a>.<\/p>\n<p><img loading=\"lazy\" decoding=\"async\" class=\"aligncenter size-full wp-image-5426\" src=\"https:\/\/huadongswacable.com\/wp-content\/uploads\/2021\/03\/aluminum-pvc-swa-armoured-cable-types.jpg\" alt=\"tipi di cavo armato in alluminio pvc swa\" width=\"800\" height=\"289\" srcset=\"https:\/\/huadongswacable.com\/wp-content\/uploads\/2021\/03\/aluminum-pvc-swa-armoured-cable-types.jpg 800w, https:\/\/huadongswacable.com\/wp-content\/uploads\/2021\/03\/aluminum-pvc-swa-armoured-cable-types-300x108.jpg 300w, https:\/\/huadongswacable.com\/wp-content\/uploads\/2021\/03\/aluminum-pvc-swa-armoured-cable-types-768x277.jpg 768w\" sizes=\"auto, (max-width: 800px) 100vw, 800px\" \/><\/p>\n<p style=\"text-align: center;\"><span class=\"su-lightbox\" data-mfp-src=\"#Popup\" data-mfp-type=\"inline\" data-mobile=\"yes\"><button class=\"btn btn-danger btn-sm\" ><i class=\"fa fa-hand-o-right\" style=\"color:#ffffff;\"><\/i> Preventivo<\/button><\/span>\n<h2>L'utilizzo di cavi corazzati in alluminio riduce il costo di produzione.<\/h2>\n<p>Se il conduttore del cavo armato in alluminio \u00e8 in alluminio. \u00c8 difficile tracciare un filo sottile a causa della bassa resistenza dell'alluminio. Attualmente, non \u00e8 possibile lavorare un conduttore di cavo corazzato in alluminio morbido. O un conduttore di cavi elettrici in alluminio molto morbido. Tuttavia, l'area della sezione trasversale del cavo corazzato in alluminio superiore a 4 mm\u00b2 pu\u00f2 garantire l'uso di conduttori in alluminio. L'utilizzo di cavi blindati in alluminio non solo garantisce la funzione di trasmissione, ma riduce anche il costo di produzione. Inoltre, l'utilizzo di cavi armati in alluminio \u00e8 in linea con la strategia di sviluppo sostenibile.<\/p>\n<figure id=\"attachment_258\" aria-describedby=\"caption-attachment-258\" style=\"width: 490px\" class=\"wp-caption aligncenter\"><img loading=\"lazy\" decoding=\"async\" class=\"size-full wp-image-258\" src=\"https:\/\/huadongswacable.com\/wp-content\/uploads\/2018\/03\/aluminium-power-cables.jpg\" alt=\"cavi di alimentazione in alluminio a basso costo huadong\" width=\"500\" height=\"275\" srcset=\"https:\/\/huadongswacable.com\/wp-content\/uploads\/2018\/03\/aluminium-power-cables.jpg 500w, https:\/\/huadongswacable.com\/wp-content\/uploads\/2018\/03\/aluminium-power-cables-300x165.jpg 300w\" sizes=\"auto, (max-width: 500px) 100vw, 500px\" \/><figcaption id=\"caption-attachment-258\" class=\"wp-caption-text\">Struttura dei cavi di alimentazione in alluminio<\/figcaption><\/figure>\n<p style=\"text-align: center;\"><span class=\"su-lightbox\" data-mfp-src=\"#Popup\" data-mfp-type=\"inline\" data-mobile=\"yes\"><button class=\"btn btn-danger btn-sm\" ><i class=\"fa fa-hand-o-right\" style=\"color:#ffffff;\"><\/i> Preventivo<\/button><\/span>\n<h2>Dove acquistare cavi di alimentazione in alluminio di qualit\u00e0 ed economici?<\/h2>\n<p>Se avete bisogno di un cavo elettrico in alluminio di qualit\u00e0 ed economico, Huadong cable Group sar\u00e0 il vostro fornitore ideale di cavi blindati in alluminio. La nostra azienda si trova a Henan. La provincia di Henan \u00e8 il luogo pi\u00f9 ricco di risorse per i conduttori di cavi elettrici in alluminio della Cina. Quindi il prezzo dei cavi elettrici in alluminio \u00e8 il pi\u00f9 conveniente. Huadong Group ha molti anni di esperienza nel commercio di importazione ed esportazione. Perch\u00e9 la qualit\u00e0 del prodotto del cavo rivestito in alluminio di prima classe e l'eccellente servizio clienti. Abbiamo guadagnato la fiducia e la lode di molti clienti. Non solo sempre pi\u00f9 nuovi clienti si uniscono a noi. Ma anche molti clienti abituali di cavi blindati in alluminio hanno mantenuto una cooperazione stabile con noi. Huadong Group \u00e8 lieto di unirsi a noi ora e possiamo inviare cavo blindato in alluminio <button class=\"btn btn-link btn-xs popmake-quote\" >Campioni gratuiti<\/button> a voi. Lasciate un messaggio.<\/p>\n<p><img loading=\"lazy\" decoding=\"async\" class=\"aligncenter size-full wp-image-5429\" src=\"https:\/\/huadongswacable.com\/wp-content\/uploads\/2021\/03\/aluminum-wire-armoured-cable-manufacturer.jpg\" alt=\"produttore di cavi blindati in alluminio\" width=\"897\" height=\"349\" srcset=\"https:\/\/huadongswacable.com\/wp-content\/uploads\/2021\/03\/aluminum-wire-armoured-cable-manufacturer.jpg 897w, https:\/\/huadongswacable.com\/wp-content\/uploads\/2021\/03\/aluminum-wire-armoured-cable-manufacturer-300x117.jpg 300w, https:\/\/huadongswacable.com\/wp-content\/uploads\/2021\/03\/aluminum-wire-armoured-cable-manufacturer-768x299.jpg 768w\" sizes=\"auto, (max-width: 897px) 100vw, 897px\" \/><\/p>\n<p style=\"text-align: center;\"><span class=\"su-lightbox\" data-mfp-src=\"#Popup\" data-mfp-type=\"inline\" data-mobile=\"yes\"><button class=\"btn btn-danger btn-sm\" ><i class=\"fa fa-hand-o-right\" style=\"color:#ffffff;\"><\/i> Preventivo<\/button><\/span>\n<h2>Ottenere il miglior prezzo del cavo blindato in filo di alluminio da Huadong<\/h2>\n<p>Per produrre un cavo blindato in alluminio di alta qualit\u00e0, utilizziamo materiale in alluminio di qualit\u00e0 superiore. Inoltre, vendiamo direttamente il cavo di alimentazione in pvc swa pvc alluminio, in modo da poter ottenere f<span class=\"VIiyi\" lang=\"en\"><span class=\"JLqJ4b ChMk0b\" data-language-for-alternatives=\"en\" data-language-to-translate-into=\"auto\" data-phrase-index=\"0\">prezzo vantaggioso. Inoltre, se il vostro ordine \u00e8 molto grande, \u00e8 possibile ottenere sconto xlpe swa pvc alluminio cavo armato. Infatti, il nostro filo di alluminio cavo blindato esportazione a molti paesi. Come America, Yemen, Malesia, Filippine, Thailandia, Australia, Nigeria, Sud Africa e cos\u00ec via. Quindi \u00e8 possibile confrontare il nostro cavo blindato in alluminio con il listino prezzi.\u00a0<\/span><\/span><\/p>\n<p><img loading=\"lazy\" decoding=\"async\" class=\"size-full wp-image-5431 aligncenter\" src=\"https:\/\/huadongswacable.com\/wp-content\/uploads\/2021\/03\/buy-low-price-aluminum-armoured-cable.jpg\" alt=\"acquistare il cavo blindato in alluminio a basso prezzo\" width=\"800\" height=\"414\" srcset=\"https:\/\/huadongswacable.com\/wp-content\/uploads\/2021\/03\/buy-low-price-aluminum-armoured-cable.jpg 800w, https:\/\/huadongswacable.com\/wp-content\/uploads\/2021\/03\/buy-low-price-aluminum-armoured-cable-300x155.jpg 300w, https:\/\/huadongswacable.com\/wp-content\/uploads\/2021\/03\/buy-low-price-aluminum-armoured-cable-768x397.jpg 768w\" sizes=\"auto, (max-width: 800px) 100vw, 800px\" \/><\/p>\n<div class=\"su-lightbox-content su-u-trim\" id=\"Popup\" style=\"display:none;width:auto;min-width:50%;max-width:70%;margin-top:40px;margin-bottom:40px;padding:40px;background:#e8e5e5;color:#060473;box-shadow:0px 0px 15px #333333;text-align:left\"><div role=\"form\" class=\"wpcf7\" id=\"wpcf7-f5571-o1\" lang=\"en-US\" dir=\"ltr\">\n<div class=\"screen-reader-response\"><p role=\"status\" aria-live=\"polite\" aria-atomic=\"true\"><\/p> <ul><\/ul><\/div>\n<form action=\"\/it\/wp-json\/wp\/v2\/pages\/98#wpcf7-f5571-o1\" method=\"post\" class=\"wpcf7-form init\" novalidate=\"novalidate\" data-status=\"init\" data-trp-original-action=\"\/it\/wp-json\/wp\/v2\/pages\/98#wpcf7-f5571-o1\">\n<div style=\"display: none;\">\n<input type=\"hidden\" name=\"_wpcf7\" value=\"5571\" \/>\n<input type=\"hidden\" name=\"_wpcf7_version\" value=\"5.5.6\" \/>\n<input type=\"hidden\" name=\"_wpcf7_locale\" value=\"en_US\" \/>\n<input type=\"hidden\" name=\"_wpcf7_unit_tag\" value=\"wpcf7-f5571-o1\" \/>\n<input type=\"hidden\" name=\"_wpcf7_container_post\" value=\"0\" \/>\n<input type=\"hidden\" name=\"_wpcf7_posted_data_hash\" value=\"\" \/>\n<\/div>\n<div class=\"popmakerform\">\n<p>Il tuo nome <span style=\"color:red;\">*<span><br \/>\n<span class=\"wpcf7-form-control-wrap your-name\"><input type=\"text\" name=\"your-name\" value=\"\" size=\"40\" class=\"wpcf7-form-control wpcf7-text wpcf7-validates-as-required\" aria-required=\"true\" aria-invalid=\"false\" \/><\/span><\/p>\n<p>Il tuo indirizzo e-mail <span style=\"color:red;\">*<span><br \/>\n<span class=\"wpcf7-form-control-wrap your-email\"><input type=\"email\" name=\"your-email\" value=\"\" size=\"40\" class=\"wpcf7-form-control wpcf7-text wpcf7-email wpcf7-validates-as-required wpcf7-validates-as-email\" aria-required=\"true\" aria-invalid=\"false\" \/><\/span><\/p>\n<p>Il vostro numero di telefono<br \/>\n<span class=\"wpcf7-form-control-wrap your-phone\"><input type=\"text\" name=\"your-phone\" value=\"\" size=\"40\" class=\"wpcf7-form-control wpcf7-text\" aria-invalid=\"false\" \/><\/span><\/p>\n<p>Il vostro Paese<br \/>\n<span class=\"wpcf7-form-control-wrap your-country\"><input type=\"text\" name=\"your-country\" value=\"\" size=\"40\" class=\"wpcf7-form-control wpcf7-text\" aria-invalid=\"false\" \/><\/span><\/p>\n<p>Requisiti dettagliati <span style=\"color:red;\">*<span><br \/>\n<span class=\"wpcf7-form-control-wrap your-requirement\"><textarea name=\"your-requirement\" cols=\"40\" rows=\"4\" class=\"wpcf7-form-control wpcf7-textarea wpcf7-validates-as-required\" aria-required=\"true\" aria-invalid=\"false\"><\/textarea><\/span><\/p>\n<p><input type=\"submit\" value=\"Preventivo\" class=\"wpcf7-form-control has-spinner wpcf7-submit\" \/><\/p>\n<\/div>\n<p style=\"display: none !important;\"><label>&#916;<textarea name=\"_wpcf7_ak_hp_textarea\" cols=\"45\" rows=\"8\" maxlength=\"100\"><\/textarea><\/label><input type=\"hidden\" id=\"ak_js_1\" name=\"_wpcf7_ak_js\" value=\"41\"\/><script>document.getElementById( \"ak_js_1\" ).setAttribute( \"value\", ( new Date() ).getTime() );<\/script><\/p><input type='hidden' class='wpcf7-pum' value='{\"closepopup\":false,\"closedelay\":0,\"openpopup\":false,\"openpopup_id\":0}' \/><div class=\"wpcf7-response-output\" aria-hidden=\"true\"><\/div><input type=\"hidden\" name=\"trp-form-language\" value=\"it\"\/><\/form><\/div><\/div>\n<h3>Non esitate a lasciare il vostro requisito. Vi risponderemo entro 12 ore.<\/h3>\n<p><strong>E-mail: <a href=\"mailto:info@huadongswacable.com\" rel=\"nofollow\">info@huadongswacable.com<\/a><\/strong><\/p>\n<div role=\"form\" class=\"wpcf7\" id=\"wpcf7-f6-o2\" lang=\"en-US\" dir=\"ltr\">\n<div class=\"screen-reader-response\"><p role=\"status\" aria-live=\"polite\" aria-atomic=\"true\"><\/p> <ul><\/ul><\/div>\n<form action=\"\/it\/wp-json\/wp\/v2\/pages\/98#wpcf7-f6-o2\" method=\"post\" class=\"wpcf7-form init\" novalidate=\"novalidate\" data-status=\"init\" data-trp-original-action=\"\/it\/wp-json\/wp\/v2\/pages\/98#wpcf7-f6-o2\">\n<div style=\"display: none;\">\n<input type=\"hidden\" name=\"_wpcf7\" value=\"6\" \/>\n<input type=\"hidden\" name=\"_wpcf7_version\" value=\"5.5.6\" \/>\n<input type=\"hidden\" name=\"_wpcf7_locale\" value=\"en_US\" \/>\n<input type=\"hidden\" name=\"_wpcf7_unit_tag\" value=\"wpcf7-f6-o2\" \/>\n<input type=\"hidden\" name=\"_wpcf7_container_post\" value=\"0\" \/>\n<input type=\"hidden\" name=\"_wpcf7_posted_data_hash\" value=\"\" \/>\n<\/div>\n<div class=\"messageform\">\n<p><strong><span style=\"color:red;\"><\/span> Il tuo nome<\/strong><br \/>\n    <span class=\"wpcf7-form-control-wrap your-name\"><input type=\"text\" name=\"your-name\" value=\"\" size=\"40\" class=\"wpcf7-form-control wpcf7-text\" aria-invalid=\"false\" \/><\/span> <\/p>\n<p><strong><span style=\"color:red;\">*<\/span> Il tuo indirizzo e-mail<\/strong><br \/>\n    <span class=\"wpcf7-form-control-wrap your-email\"><input type=\"email\" name=\"your-email\" value=\"\" size=\"40\" class=\"wpcf7-form-control wpcf7-text wpcf7-email wpcf7-validates-as-required wpcf7-validates-as-email\" aria-required=\"true\" aria-invalid=\"false\" \/><\/span> <\/p>\n<p><strong>Il vostro numero di telefono<\/strong><br \/>\n    <span class=\"wpcf7-form-control-wrap your-phone\"><input type=\"text\" name=\"your-phone\" value=\"\" size=\"40\" class=\"wpcf7-form-control wpcf7-text\" aria-invalid=\"false\" placeholder=\"Includere il prefisso della zona\" \/><\/span> <\/p>\n<p><strong>Il vostro Paese<\/strong><br \/>\n    <span class=\"wpcf7-form-control-wrap your-country\"><input type=\"text\" name=\"your-country\" value=\"\" size=\"40\" class=\"wpcf7-form-control wpcf7-text\" aria-invalid=\"false\" \/><\/span> <\/p>\n<p><strong><span style=\"color:red;\">*<\/span> Il vostro requisito<\/strong><br \/>\n    <span class=\"wpcf7-form-control-wrap your-requirement\"><textarea name=\"your-requirement\" cols=\"40\" rows=\"10\" class=\"wpcf7-form-control wpcf7-textarea wpcf7-validates-as-required bestonmessage\" aria-required=\"true\" aria-invalid=\"false\" placeholder=\"Per un&#039;offerta dettagliata, vi preghiamo di inviarci il vostro requisito dettagliato.\"><\/textarea><\/span> <\/p>\n<p><input type=\"submit\" value=\"Invia il messaggio\" class=\"wpcf7-form-control has-spinner wpcf7-submit\" \/><\/p>\n<\/div>\n<p style=\"display: none !important;\"><label>&#916;<textarea name=\"_wpcf7_ak_hp_textarea\" cols=\"45\" rows=\"8\" maxlength=\"100\"><\/textarea><\/label><input type=\"hidden\" id=\"ak_js_2\" name=\"_wpcf7_ak_js\" value=\"20\"\/><script>document.getElementById( \"ak_js_2\" ).setAttribute( \"value\", ( new Date() ).getTime() );<\/script><\/p><input type='hidden' class='wpcf7-pum' value='{\"closepopup\":false,\"closedelay\":0,\"openpopup\":false,\"openpopup_id\":0}' \/><div class=\"wpcf7-response-output\" aria-hidden=\"true\"><\/div><input type=\"hidden\" name=\"trp-form-language\" value=\"it\"\/><\/form><\/div>","protected":false},"excerpt":{"rendered":"<p>Non esitate a inviare la vostra richiesta di elenco dei cavi blindati in alluminio e la quantit\u00e0 di ordine. Il nostro responsabile vendite vi contatter\u00e0 entro 12 ore. Caratteristiche del cavo blindato in alluminio Cavo blindato in alluminio ricco di materiali. Vi state chiedendo quale cavo blindato scegliere? E ci sono molti fornitori di cavi blindati in alluminio, quale \u00e8 il pi\u00f9 ... <a class=\"read-more\" href=\"https:\/\/huadongswacable.com\/it\/cavi-armati-in-alluminio-vantaggi\/\">Per saperne di pi\u00f9...<\/a><\/p>","protected":false},"author":1,"featured_media":0,"parent":0,"menu_order":0,"comment_status":"closed","ping_status":"closed","template":"","meta":{"footnotes":""},"class_list":["post-98","page","type-page","status-publish"],"yoast_head":"<!-- This site is optimized with the Yoast SEO plugin v18.4.1 - https:\/\/yoast.com\/wordpress\/plugins\/seo\/ -->\n<title>Aluminium Armoured Cable Price | Huadong Cable Group<\/title>\n<meta name=\"description\" content=\"Where to buy quality and cheap aluminium armoured cable? Huadong Cable Group is a leading aluminum armored cable supplier. Choosing us will reduce your cost of aluminium power cables. We have all sizes of aluminum power cable for sale. Huadong will send you aluminium wire armoured cable free sample if you need.\" \/>\n<meta name=\"robots\" content=\"index, follow, max-snippet:-1, max-image-preview:large, max-video-preview:-1\" \/>\n<link rel=\"canonical\" href=\"http:\/\/huadongswacable.com\/it\/aluminium-armoured-cable-advantages\/\" \/>\n<meta property=\"og:locale\" content=\"it_IT\" \/>\n<meta property=\"og:type\" content=\"article\" \/>\n<meta property=\"og:title\" content=\"Aluminium Armoured Cable Price | Huadong Cable Group\" \/>\n<meta property=\"og:description\" content=\"Where to buy quality and cheap aluminium armoured cable? Huadong Cable Group is a leading aluminum armored cable supplier. Choosing us will reduce your cost of aluminium power cables. We have all sizes of aluminum power cable for sale. Huadong will send you aluminium wire armoured cable free sample if you need.\" \/>\n<meta property=\"og:url\" content=\"http:\/\/huadongswacable.com\/it\/aluminium-armoured-cable-advantages\/\" \/>\n<meta property=\"og:site_name\" content=\"Huadong SWA Cable\" \/>\n<meta property=\"article:modified_time\" content=\"2022-12-19T08:43:39+00:00\" \/>\n<meta property=\"og:image\" content=\"https:\/\/huadongswacable.com\/wp-content\/uploads\/2021\/03\/get-best-price-for-aluminium-armoured-cable.jpg\" \/>\n<meta name=\"twitter:card\" content=\"summary_large_image\" \/>\n<meta name=\"twitter:label1\" content=\"Tempo di lettura stimato\" \/>\n\t<meta name=\"twitter:data1\" content=\"5 minuti\" \/>\n<script type=\"application\/ld+json\" class=\"yoast-schema-graph\">{\"@context\":\"https:\/\/schema.org\",\"@graph\":[{\"@type\":\"WebSite\",\"@id\":\"http:\/\/huadongswacable.com\/ru\/#website\",\"url\":\"http:\/\/huadongswacable.com\/ru\/\",\"name\":\"Huadong SWA Cable\",\"description\":\"Huadong SWA Cable\",\"potentialAction\":[{\"@type\":\"SearchAction\",\"target\":{\"@type\":\"EntryPoint\",\"urlTemplate\":\"http:\/\/huadongswacable.com\/ru\/?s={search_term_string}\"},\"query-input\":\"required name=search_term_string\"}],\"inLanguage\":\"it-IT\"},{\"@type\":\"ImageObject\",\"@id\":\"http:\/\/huadongswacable.com\/es\/aluminium-armoured-cable-advantages\/#primaryimage\",\"inLanguage\":\"it-IT\",\"url\":\"https:\/\/huadongswacable.com\/wp-content\/uploads\/2021\/03\/get-best-price-for-aluminium-armoured-cable.jpg\",\"contentUrl\":\"https:\/\/huadongswacable.com\/wp-content\/uploads\/2021\/03\/get-best-price-for-aluminium-armoured-cable.jpg\",\"width\":800,\"height\":245,\"caption\":\"get best price for aluminium armoured cable\"},{\"@type\":\"WebPage\",\"@id\":\"http:\/\/huadongswacable.com\/es\/aluminium-armoured-cable-advantages\/#webpage\",\"url\":\"http:\/\/huadongswacable.com\/es\/aluminium-armoured-cable-advantages\/\",\"name\":\"Aluminium Armoured Cable Price | Huadong Cable Group\",\"isPartOf\":{\"@id\":\"http:\/\/huadongswacable.com\/ru\/#website\"},\"primaryImageOfPage\":{\"@id\":\"http:\/\/huadongswacable.com\/es\/aluminium-armoured-cable-advantages\/#primaryimage\"},\"datePublished\":\"2018-03-08T06:53:55+00:00\",\"dateModified\":\"2022-12-19T08:43:39+00:00\",\"description\":\"Where to buy quality and cheap aluminium armoured cable? Huadong Cable Group is a leading aluminum armored cable supplier. Choosing us will reduce your cost of aluminium power cables. We have all sizes of aluminum power cable for sale. Huadong will send you aluminium wire armoured cable free sample if you need.\",\"breadcrumb\":{\"@id\":\"http:\/\/huadongswacable.com\/es\/aluminium-armoured-cable-advantages\/#breadcrumb\"},\"inLanguage\":\"it-IT\",\"potentialAction\":[{\"@type\":\"ReadAction\",\"target\":[\"http:\/\/huadongswacable.com\/es\/aluminium-armoured-cable-advantages\/\"]}]},{\"@type\":\"BreadcrumbList\",\"@id\":\"http:\/\/huadongswacable.com\/es\/aluminium-armoured-cable-advantages\/#breadcrumb\",\"itemListElement\":[{\"@type\":\"ListItem\",\"position\":1,\"name\":\"Home\",\"item\":\"http:\/\/huadongswacable.com\/ru\/\"},{\"@type\":\"ListItem\",\"position\":2,\"name\":\"Aluminium Armoured Power Cable Suppliers\"}]}]}<\/script>\n<!-- \/ Yoast SEO plugin. -->","yoast_head_json":{"title":"Aluminium Armoured Cable Price | Huadong Cable Group","description":"Where to buy quality and cheap aluminium armoured cable? Huadong Cable Group is a leading aluminum armored cable supplier. Choosing us will reduce your cost of aluminium power cables. We have all sizes of aluminum power cable for sale. Huadong will send you aluminium wire armoured cable free sample if you need.","robots":{"index":"index","follow":"follow","max-snippet":"max-snippet:-1","max-image-preview":"max-image-preview:large","max-video-preview":"max-video-preview:-1"},"canonical":"http:\/\/huadongswacable.com\/it\/aluminium-armoured-cable-advantages\/","og_locale":"it_IT","og_type":"article","og_title":"Aluminium Armoured Cable Price | Huadong Cable Group","og_description":"Where to buy quality and cheap aluminium armoured cable? Huadong Cable Group is a leading aluminum armored cable supplier. Choosing us will reduce your cost of aluminium power cables. We have all sizes of aluminum power cable for sale. Huadong will send you aluminium wire armoured cable free sample if you need.","og_url":"http:\/\/huadongswacable.com\/it\/aluminium-armoured-cable-advantages\/","og_site_name":"Huadong SWA Cable","article_modified_time":"2022-12-19T08:43:39+00:00","og_image":[{"url":"https:\/\/huadongswacable.com\/wp-content\/uploads\/2021\/03\/get-best-price-for-aluminium-armoured-cable.jpg"}],"twitter_card":"summary_large_image","twitter_misc":{"Tempo di lettura stimato":"5 minuti"},"schema":{"@context":"https:\/\/schema.org","@graph":[{"@type":"WebSite","@id":"http:\/\/huadongswacable.com\/ru\/#website","url":"http:\/\/huadongswacable.com\/ru\/","name":"Huadong SWA Cable","description":"Huadong SWA Cable","potentialAction":[{"@type":"SearchAction","target":{"@type":"EntryPoint","urlTemplate":"http:\/\/huadongswacable.com\/ru\/?s={search_term_string}"},"query-input":"required name=search_term_string"}],"inLanguage":"it-IT"},{"@type":"ImageObject","@id":"http:\/\/huadongswacable.com\/es\/aluminium-armoured-cable-advantages\/#primaryimage","inLanguage":"it-IT","url":"https:\/\/huadongswacable.com\/wp-content\/uploads\/2021\/03\/get-best-price-for-aluminium-armoured-cable.jpg","contentUrl":"https:\/\/huadongswacable.com\/wp-content\/uploads\/2021\/03\/get-best-price-for-aluminium-armoured-cable.jpg","width":800,"height":245,"caption":"get best price for aluminium armoured cable"},{"@type":"WebPage","@id":"http:\/\/huadongswacable.com\/es\/aluminium-armoured-cable-advantages\/#webpage","url":"http:\/\/huadongswacable.com\/es\/aluminium-armoured-cable-advantages\/","name":"Aluminium Armoured Cable Price | Huadong Cable Group","isPartOf":{"@id":"http:\/\/huadongswacable.com\/ru\/#website"},"primaryImageOfPage":{"@id":"http:\/\/huadongswacable.com\/es\/aluminium-armoured-cable-advantages\/#primaryimage"},"datePublished":"2018-03-08T06:53:55+00:00","dateModified":"2022-12-19T08:43:39+00:00","description":"Where to buy quality and cheap aluminium armoured cable? Huadong Cable Group is a leading aluminum armored cable supplier. Choosing us will reduce your cost of aluminium power cables. We have all sizes of aluminum power cable for sale. Huadong will send you aluminium wire armoured cable free sample if you need.","breadcrumb":{"@id":"http:\/\/huadongswacable.com\/es\/aluminium-armoured-cable-advantages\/#breadcrumb"},"inLanguage":"it-IT","potentialAction":[{"@type":"ReadAction","target":["http:\/\/huadongswacable.com\/es\/aluminium-armoured-cable-advantages\/"]}]},{"@type":"BreadcrumbList","@id":"http:\/\/huadongswacable.com\/es\/aluminium-armoured-cable-advantages\/#breadcrumb","itemListElement":[{"@type":"ListItem","position":1,"name":"Home","item":"http:\/\/huadongswacable.com\/ru\/"},{"@type":"ListItem","position":2,"name":"Aluminium Armoured Power Cable Suppliers"}]}]}},"_links":{"self":[{"href":"https:\/\/huadongswacable.com\/it\/wp-json\/wp\/v2\/pages\/98","targetHints":{"allow":["GET"]}}],"collection":[{"href":"https:\/\/huadongswacable.com\/it\/wp-json\/wp\/v2\/pages"}],"about":[{"href":"https:\/\/huadongswacable.com\/it\/wp-json\/wp\/v2\/types\/page"}],"author":[{"embeddable":true,"href":"https:\/\/huadongswacable.com\/it\/wp-json\/wp\/v2\/users\/1"}],"replies":[{"embeddable":true,"href":"https:\/\/huadongswacable.com\/it\/wp-json\/wp\/v2\/comments?post=98"}],"version-history":[{"count":34,"href":"https:\/\/huadongswacable.com\/it\/wp-json\/wp\/v2\/pages\/98\/revisions"}],"predecessor-version":[{"id":7781,"href":"https:\/\/huadongswacable.com\/it\/wp-json\/wp\/v2\/pages\/98\/revisions\/7781"}],"wp:attachment":[{"href":"https:\/\/huadongswacable.com\/it\/wp-json\/wp\/v2\/media?parent=98"}],"curies":[{"name":"wp","href":"https:\/\/api.w.org\/{rel}","templated":true}]}}