{"id":887,"date":"2018-04-23T13:46:34","date_gmt":"2018-04-23T05:46:34","guid":{"rendered":"http:\/\/huadongswacable.com\/?page_id=887"},"modified":"2022-12-19T14:24:11","modified_gmt":"2022-12-19T06:24:11","slug":"high-quality-low-price-teck-90-cable","status":"publish","type":"page","link":"https:\/\/huadongswacable.com\/it\/cavo-teck-90-di-alta-qualita-a-basso-prezzo\/","title":{"rendered":"4\/0 6\/3 8\/3 10\/2 10\/3 12\/2 12\/3 Prezzo del cavo Teck 90"},"content":{"rendered":"<h2>600V 1KV 5KV 1C 2C 3C 4C produttore di cavi teck 90<\/h2>\n<p>Il cavo Teck 90 \u00e8 una tipologia di cavo con <a href=\"https:\/\/huadongswacable.com\/it\/cavo-mc-a-basso-prezzo\/\" target=\"_blank\" rel=\"noopener noreferrer\">armatura interbloccata in lega di alluminio<\/a>. Il cavo Tech 90 presenta numerosi vantaggi in termini di prestazioni. Inoltre, se avete bisogno di acquistare un cavo teck 14awg, Huadong Cable Group sar\u00e0 la vostra scelta ideale. Ancora pi\u00f9 importante, Huadong vi dar\u00e0 uno sconto sul prezzo del cavo teck 90 se si acquista un sacco di cavo teck dalla nostra azienda. Basta lasciare le dimensioni del cavo teck e vi risponderemo al pi\u00f9 presto. Potete dirci il tipo di cavo teck 90 che volete per ottenere il prezzo del cavo teck per piede. Circa il tipo di cavo teck, 600v teck 90 filo \u00e8 molto popolare. Oppure potete inviarci la vostra lista di cavi di richiesta e la quantit\u00e0 di ordine. Il nostro team di vendita invier\u00e0 il nostro 4\/0 3 core teck 90 prezzo del cavo e documenti di offerta entro 12 ore.<\/p>\n<div class=\"row prolisttable\">\n<div class=\"col-lg-12 col-md-12 col-xs-12 col-sm-12\">\n<table>\n<tbody>\n<tr>\n<td><img loading=\"lazy\" decoding=\"async\" class=\"aligncenter wp-image-6325\" src=\"https:\/\/huadongswacable.com\/wp-content\/uploads\/2021\/09\/600v-1kv-5kv-3-core-xlpe-pvc-aia-pvc-teck-90-cable-price-list.jpg\" alt=\"600v 1kv 5kv 3 core xlpe pvc aia pvc csa teck 90 listino prezzi dei cavi\" width=\"197\" height=\"332\" srcset=\"https:\/\/huadongswacable.com\/wp-content\/uploads\/2021\/09\/600v-1kv-5kv-3-core-xlpe-pvc-aia-pvc-teck-90-cable-price-list.jpg 242w, https:\/\/huadongswacable.com\/wp-content\/uploads\/2021\/09\/600v-1kv-5kv-3-core-xlpe-pvc-aia-pvc-teck-90-cable-price-list-178x300.jpg 178w\" sizes=\"auto, (max-width: 197px) 100vw, 197px\" \/><\/td>\n<td><strong>\u00a0 \u00a0Tensione:<\/strong> 600V, 1KV, 5KV, 15KV<\/p>\n<p><strong>\u00a0 \u00a0Conduttori:<\/strong> Rame o alluminio<\/p>\n<p><strong>\u00a0 \u00a0Armatura :<\/strong> Armatura interbloccata in lega di alluminio (AIA)<\/p>\n<p><strong>\u00a0 \u00a0Isolamento:<\/strong> Polietilene reticolato (XLPE)<\/p>\n<p><strong>\u00a0 \u00a0Giacca:<\/strong> Cloruro di polivinile (PVC)<\/p>\n<p><strong>\u00a0 \u00a0Temperatura nominale:<\/strong> Da -40\u00b0C a 90\u00b0C<\/td>\n<\/tr>\n<\/tbody>\n<\/table>\n<\/div>\n<\/div>\n<p style=\"text-align: center;\"><span class=\"su-lightbox\" data-mfp-src=\"#Popup\" data-mfp-type=\"inline\" data-mobile=\"yes\"><button class=\"btn btn-danger btn-sm\" ><i class=\"fa fa-hand-o-right\" style=\"color:#ffffff;\"><\/i> Preventivo<\/button><\/span>\n<p>Perch\u00e9 il cavo armato teck 90 ha una forte durata, una buona resistenza alla corrosione, flessibilit\u00e0 e facilit\u00e0 di funzionamento e installazione. In effetti, in molte industrie di risorse esigenti, la posa dei cavi richiede guaine o tubazioni interrate per soddisfare i requisiti industriali. Ma se si utilizza un cavo 12\/3 teck 90 con armatura interbloccata in lega di alluminio, si risparmiano molti costi di canalizzazione o di interramento. E anche i prezzi dei cavi teck Huadong sono convenienti. Inoltre, il cavo di alimentazione teck 90 ha anche un vantaggio di leggerezza. Si tratta di un vantaggio non trascurabile per il trasporto e l'installazione dei cavi. Non solo il cavo teck ha tanti vantaggi in termini di prestazioni, ma il cavo di alimentazione 12\/2 teck 90 consente soprattutto di risparmiare denaro. Quale motivo avete per non scegliere il cavo armato teck 90? Contattateci per conoscere i prezzi dei cavi teck.<\/p>\n<p><img loading=\"lazy\" decoding=\"async\" class=\"aligncenter size-full wp-image-5744\" src=\"https:\/\/huadongswacable.com\/wp-content\/uploads\/2021\/04\/12-2-teck-90-cable-price.jpg\" alt=\"Prezzo del cavo 12\/2 teck 90\" width=\"445\" height=\"269\" srcset=\"https:\/\/huadongswacable.com\/wp-content\/uploads\/2021\/04\/12-2-teck-90-cable-price.jpg 445w, https:\/\/huadongswacable.com\/wp-content\/uploads\/2021\/04\/12-2-teck-90-cable-price-300x181.jpg 300w\" sizes=\"auto, (max-width: 445px) 100vw, 445px\" \/><\/p>\n<p style=\"text-align: center;\"><span class=\"su-lightbox\" data-mfp-src=\"#Popup\" data-mfp-type=\"inline\" data-mobile=\"yes\"><button class=\"btn btn-danger btn-sm\" ><i class=\"fa fa-hand-o-right\" style=\"color:#ffffff;\"><\/i> Preventivo<\/button><\/span>\n<h2>Perch\u00e9 comprare il cavo teck 90 di Huadong Cable Group?<\/h2>\n<p>In questa sezione, vi illustrer\u00f2 nel dettaglio i vantaggi della nostra azienda nel settore dei cavi teck # 14awg. Innanzitutto, in qualit\u00e0 di produttore professionale di cavi teck 90, Huadong Cable Group dispone di due fabbriche di cavi teck 90 in Cina. Non importa quanti cavi blindati teck 90 vi servano, finiremo la produzione e vi consegneremo il cavo blindato 6\/3 teck 90 in tempo. Allo stesso tempo, \u00e8 possibile ottenere la fabbrica 8\/3 cavo teck 90 prezzo. Presumibilmente questo \u00e8 un aspetto che vi sta a cuore. Finch\u00e9 discuteremo la data di consegna, potrete ricevere il cavo teck 90 come previsto. E i nostri prezzi del cavo teck blindato \u00e8 anche ragionevole. <img loading=\"lazy\" decoding=\"async\" class=\"aligncenter size-full wp-image-6329\" src=\"https:\/\/huadongswacable.com\/wp-content\/uploads\/2021\/09\/600v-12-3-conductor-copper-teck-90-cable-price-list-Canada.jpg\" alt=\"600v 12-3 conduttore rame teck 90 cavo listino prezzi Canada\" width=\"800\" height=\"150\" srcset=\"https:\/\/huadongswacable.com\/wp-content\/uploads\/2021\/09\/600v-12-3-conductor-copper-teck-90-cable-price-list-Canada.jpg 800w, https:\/\/huadongswacable.com\/wp-content\/uploads\/2021\/09\/600v-12-3-conductor-copper-teck-90-cable-price-list-Canada-300x56.jpg 300w, https:\/\/huadongswacable.com\/wp-content\/uploads\/2021\/09\/600v-12-3-conductor-copper-teck-90-cable-price-list-Canada-768x144.jpg 768w\" sizes=\"auto, (max-width: 800px) 100vw, 800px\" \/><\/p>\n<p>In secondo luogo, la qualit\u00e0 del cavo Huadong tech 90 \u00e8 garantita. Come tutti sappiamo, la produzione del cavo teck richiede molti passaggi. La produzione del cavo blindato 3 core teck 90 adotta metodi di produzione combinati a sovrapposizione continua di grande lunghezza. Pertanto, ogni processo produttivo \u00e8 estremamente importante. Se si verifica un errore in un collegamento, non \u00e8 possibile eseguire la fase successiva. Huadong Cable Group conosce bene la gravit\u00e0 degli errori nella produzione dei cavi. Pertanto, i tecnici della fabbrica di cavi Huadong # 12 awg teck 90 effettuano un controllo e un'ispezione rigorosi durante la produzione dei cavi.<\/p>\n<p><img loading=\"lazy\" decoding=\"async\" class=\"aligncenter size-full wp-image-6330\" src=\"https:\/\/huadongswacable.com\/wp-content\/uploads\/2021\/09\/350-3C-CU-XLPE-PVC-AIA-PVC-1KV-teck-90-cable-cost-in-Germany.jpg\" alt=\"350-3C CU XLPE PVC AIA PVC 1KV teck 90 costo del cavo in Germania\" width=\"800\" height=\"150\" srcset=\"https:\/\/huadongswacable.com\/wp-content\/uploads\/2021\/09\/350-3C-CU-XLPE-PVC-AIA-PVC-1KV-teck-90-cable-cost-in-Germany.jpg 800w, https:\/\/huadongswacable.com\/wp-content\/uploads\/2021\/09\/350-3C-CU-XLPE-PVC-AIA-PVC-1KV-teck-90-cable-cost-in-Germany-300x56.jpg 300w, https:\/\/huadongswacable.com\/wp-content\/uploads\/2021\/09\/350-3C-CU-XLPE-PVC-AIA-PVC-1KV-teck-90-cable-cost-in-Germany-768x144.jpg 768w\" sizes=\"auto, (max-width: 800px) 100vw, 800px\" \/><\/p>\n<p>Per quanto riguarda la qualit\u00e0 dei cavi, potete stare tranquilli. Esportiamo molti cavi elettrici blindati interlock nelle Filippine. Qualsiasi altra domanda sul cavo Huadong teck, non esitate a contattare con noi. Basta lasciare il messaggio per ottenere il prezzo del cavo di alimentazione teck. Attendiamo con ansia la vostra richiesta.<\/p>\n<p style=\"text-align: center;\"><span class=\"su-lightbox\" data-mfp-src=\"#Popup\" data-mfp-type=\"inline\" data-mobile=\"yes\"><button class=\"btn btn-danger btn-sm\" ><i class=\"fa fa-hand-o-right\" style=\"color:#ffffff;\"><\/i> Preventivo<\/button><\/span>\n<h2>Il vantaggio del cavo 12\/2 teck 90 prezzo per piede di Huadong.<\/h2>\n<p>Huadong Group promette che potrete ottenere il prezzo pi\u00f9 ragionevole del cavo 6\/3 teck 90 in Huadong Cable Group. La fabbrica di cavi Huadong 3 core teck 90 si trova nella contea di Xiu Wu, citt\u00e0 di Jiaozuo, provincia di Henan, Cina. Le materie prime per la produzione del cavo tech 90 sono numerose. Qui, l'acquisto di materie prime per i cavi teck \u00e8 relativamente economico. E poich\u00e9 la nostra fabbrica di cavi teck si trova qui, abbiamo anche risparmiato il costo del trasporto. Pertanto, \u00e8 possibile ottenere il prezzo di fabbrica del cavo teck 90 4\/0 3C a Huadong. Stessa qualit\u00e0 del cavo 10\/2 teck, perch\u00e9 non scegliere i prezzi pi\u00f9 convenienti del cavo teck? <img loading=\"lazy\" decoding=\"async\" class=\"aligncenter size-full wp-image-894\" src=\"https:\/\/huadongswacable.com\/wp-content\/uploads\/2018\/04\/discount-teck-90-600v-price.jpg\" alt=\"sconto teck 90 600v prezzo\" width=\"550\" height=\"284\" srcset=\"https:\/\/huadongswacable.com\/wp-content\/uploads\/2018\/04\/discount-teck-90-600v-price.jpg 550w, https:\/\/huadongswacable.com\/wp-content\/uploads\/2018\/04\/discount-teck-90-600v-price-300x155.jpg 300w\" sizes=\"auto, (max-width: 550px) 100vw, 550px\" \/><\/p>\n<div class=\"su-lightbox-content su-u-trim\" id=\"Popup\" style=\"display:none;width:auto;min-width:50%;max-width:70%;margin-top:40px;margin-bottom:40px;padding:40px;background:#e8e5e5;color:#060473;box-shadow:0px 0px 15px #333333;text-align:left\"><div role=\"form\" class=\"wpcf7\" id=\"wpcf7-f5571-o1\" lang=\"en-US\" dir=\"ltr\">\n<div class=\"screen-reader-response\"><p role=\"status\" aria-live=\"polite\" aria-atomic=\"true\"><\/p> <ul><\/ul><\/div>\n<form action=\"\/it\/wp-json\/wp\/v2\/pages\/887#wpcf7-f5571-o1\" method=\"post\" class=\"wpcf7-form init\" novalidate=\"novalidate\" data-status=\"init\" data-trp-original-action=\"\/it\/wp-json\/wp\/v2\/pages\/887#wpcf7-f5571-o1\">\n<div style=\"display: none;\">\n<input type=\"hidden\" name=\"_wpcf7\" value=\"5571\" \/>\n<input type=\"hidden\" name=\"_wpcf7_version\" value=\"5.5.6\" \/>\n<input type=\"hidden\" name=\"_wpcf7_locale\" value=\"en_US\" \/>\n<input type=\"hidden\" name=\"_wpcf7_unit_tag\" value=\"wpcf7-f5571-o1\" \/>\n<input type=\"hidden\" name=\"_wpcf7_container_post\" value=\"0\" \/>\n<input type=\"hidden\" name=\"_wpcf7_posted_data_hash\" value=\"\" \/>\n<\/div>\n<div class=\"popmakerform\">\n<p>Il tuo nome <span style=\"color:red;\">*<span><br \/>\n<span class=\"wpcf7-form-control-wrap your-name\"><input type=\"text\" name=\"your-name\" value=\"\" size=\"40\" class=\"wpcf7-form-control wpcf7-text wpcf7-validates-as-required\" aria-required=\"true\" aria-invalid=\"false\" \/><\/span><\/p>\n<p>Il tuo indirizzo e-mail <span style=\"color:red;\">*<span><br \/>\n<span class=\"wpcf7-form-control-wrap your-email\"><input type=\"email\" name=\"your-email\" value=\"\" size=\"40\" class=\"wpcf7-form-control wpcf7-text wpcf7-email wpcf7-validates-as-required wpcf7-validates-as-email\" aria-required=\"true\" aria-invalid=\"false\" \/><\/span><\/p>\n<p>Il vostro numero di telefono<br \/>\n<span class=\"wpcf7-form-control-wrap your-phone\"><input type=\"text\" name=\"your-phone\" value=\"\" size=\"40\" class=\"wpcf7-form-control wpcf7-text\" aria-invalid=\"false\" \/><\/span><\/p>\n<p>Il vostro Paese<br \/>\n<span class=\"wpcf7-form-control-wrap your-country\"><input type=\"text\" name=\"your-country\" value=\"\" size=\"40\" class=\"wpcf7-form-control wpcf7-text\" aria-invalid=\"false\" \/><\/span><\/p>\n<p>Requisiti dettagliati <span style=\"color:red;\">*<span><br \/>\n<span class=\"wpcf7-form-control-wrap your-requirement\"><textarea name=\"your-requirement\" cols=\"40\" rows=\"4\" class=\"wpcf7-form-control wpcf7-textarea wpcf7-validates-as-required\" aria-required=\"true\" aria-invalid=\"false\"><\/textarea><\/span><\/p>\n<p><input type=\"submit\" value=\"Preventivo\" class=\"wpcf7-form-control has-spinner wpcf7-submit\" \/><\/p>\n<\/div>\n<p style=\"display: none !important;\"><label>&#916;<textarea name=\"_wpcf7_ak_hp_textarea\" cols=\"45\" rows=\"8\" maxlength=\"100\"><\/textarea><\/label><input type=\"hidden\" id=\"ak_js_1\" name=\"_wpcf7_ak_js\" value=\"218\"\/><script>document.getElementById( \"ak_js_1\" ).setAttribute( \"value\", ( new Date() ).getTime() );<\/script><\/p><input type='hidden' class='wpcf7-pum' value='{\"closepopup\":false,\"closedelay\":0,\"openpopup\":false,\"openpopup_id\":0}' \/><div class=\"wpcf7-response-output\" aria-hidden=\"true\"><\/div><input type=\"hidden\" name=\"trp-form-language\" value=\"it\"\/><\/form><\/div><\/div>\n<h3>Non esitate a lasciare il vostro requisito. Vi risponderemo entro 12 ore.<\/h3>\n<p><strong>E-mail: <a href=\"mailto:info@huadongswacable.com\" rel=\"nofollow\">info@huadongswacable.com<\/a><\/strong><\/p>\n<div role=\"form\" class=\"wpcf7\" id=\"wpcf7-f6-o2\" lang=\"en-US\" dir=\"ltr\">\n<div class=\"screen-reader-response\"><p role=\"status\" aria-live=\"polite\" aria-atomic=\"true\"><\/p> <ul><\/ul><\/div>\n<form action=\"\/it\/wp-json\/wp\/v2\/pages\/887#wpcf7-f6-o2\" method=\"post\" class=\"wpcf7-form init\" novalidate=\"novalidate\" data-status=\"init\" data-trp-original-action=\"\/it\/wp-json\/wp\/v2\/pages\/887#wpcf7-f6-o2\">\n<div style=\"display: none;\">\n<input type=\"hidden\" name=\"_wpcf7\" value=\"6\" \/>\n<input type=\"hidden\" name=\"_wpcf7_version\" value=\"5.5.6\" \/>\n<input type=\"hidden\" name=\"_wpcf7_locale\" value=\"en_US\" \/>\n<input type=\"hidden\" name=\"_wpcf7_unit_tag\" value=\"wpcf7-f6-o2\" \/>\n<input type=\"hidden\" name=\"_wpcf7_container_post\" value=\"0\" \/>\n<input type=\"hidden\" name=\"_wpcf7_posted_data_hash\" value=\"\" \/>\n<\/div>\n<div class=\"messageform\">\n<p><strong><span style=\"color:red;\"><\/span> Il tuo nome<\/strong><br \/>\n    <span class=\"wpcf7-form-control-wrap your-name\"><input type=\"text\" name=\"your-name\" value=\"\" size=\"40\" class=\"wpcf7-form-control wpcf7-text\" aria-invalid=\"false\" \/><\/span> <\/p>\n<p><strong><span style=\"color:red;\">*<\/span> Il tuo indirizzo e-mail<\/strong><br \/>\n    <span class=\"wpcf7-form-control-wrap your-email\"><input type=\"email\" name=\"your-email\" value=\"\" size=\"40\" class=\"wpcf7-form-control wpcf7-text wpcf7-email wpcf7-validates-as-required wpcf7-validates-as-email\" aria-required=\"true\" aria-invalid=\"false\" \/><\/span> <\/p>\n<p><strong>Il vostro numero di telefono<\/strong><br \/>\n    <span class=\"wpcf7-form-control-wrap your-phone\"><input type=\"text\" name=\"your-phone\" value=\"\" size=\"40\" class=\"wpcf7-form-control wpcf7-text\" aria-invalid=\"false\" placeholder=\"Includere il prefisso della zona\" \/><\/span> <\/p>\n<p><strong>Il vostro Paese<\/strong><br \/>\n    <span class=\"wpcf7-form-control-wrap your-country\"><input type=\"text\" name=\"your-country\" value=\"\" size=\"40\" class=\"wpcf7-form-control wpcf7-text\" aria-invalid=\"false\" \/><\/span> <\/p>\n<p><strong><span style=\"color:red;\">*<\/span> Il vostro requisito<\/strong><br \/>\n    <span class=\"wpcf7-form-control-wrap your-requirement\"><textarea name=\"your-requirement\" cols=\"40\" rows=\"10\" class=\"wpcf7-form-control wpcf7-textarea wpcf7-validates-as-required bestonmessage\" aria-required=\"true\" aria-invalid=\"false\" placeholder=\"Per un&#039;offerta dettagliata, vi preghiamo di inviarci il vostro requisito dettagliato.\"><\/textarea><\/span> <\/p>\n<p><input type=\"submit\" value=\"Invia il messaggio\" class=\"wpcf7-form-control has-spinner wpcf7-submit\" \/><\/p>\n<\/div>\n<p style=\"display: none !important;\"><label>&#916;<textarea name=\"_wpcf7_ak_hp_textarea\" cols=\"45\" rows=\"8\" maxlength=\"100\"><\/textarea><\/label><input type=\"hidden\" id=\"ak_js_2\" name=\"_wpcf7_ak_js\" value=\"24\"\/><script>document.getElementById( \"ak_js_2\" ).setAttribute( \"value\", ( new Date() ).getTime() );<\/script><\/p><input type='hidden' class='wpcf7-pum' value='{\"closepopup\":false,\"closedelay\":0,\"openpopup\":false,\"openpopup_id\":0}' \/><div class=\"wpcf7-response-output\" aria-hidden=\"true\"><\/div><input type=\"hidden\" name=\"trp-form-language\" value=\"it\"\/><\/form><\/div>","protected":false},"excerpt":{"rendered":"<p>600V 1KV 5KV 1C 2C 3C 4C produttore di cavi teck 90 Il cavo Teck 90 \u00e8 un tipo di cavo con armatura interbloccata in lega di alluminio. Il cavo Tech 90 presenta numerosi vantaggi in termini di prestazioni. Inoltre, se avete bisogno di acquistare un cavo teck 14awg, Huadong Cable Group sar\u00e0 la vostra scelta ideale. Inoltre, Huadong vi fornir\u00e0 ... <a class=\"read-more\" href=\"https:\/\/huadongswacable.com\/it\/cavo-teck-90-di-alta-qualita-a-basso-prezzo\/\">Per saperne di pi\u00f9...<\/a><\/p>","protected":false},"author":1,"featured_media":0,"parent":0,"menu_order":0,"comment_status":"closed","ping_status":"closed","template":"","meta":{"footnotes":""},"class_list":["post-887","page","type-page","status-publish"],"yoast_head":"<!-- This site is optimized with the Yoast SEO plugin v18.4.1 - https:\/\/yoast.com\/wordpress\/plugins\/seo\/ -->\n<title>Teck 90 Cable Price | 4\/0 6\/3 8\/3 10\/2 10\/3 12\/2 12\/3 Teck 90 Cable<\/title>\n<meta name=\"description\" content=\"We are 4\/0 6\/3 8\/3 10\/2 10\/3 12\/2 12\/3 teck 90 cable supplier. Contact us to get 600v 1kv 5kv 3C*3\/0 AWG xlpe pvc aia pvc teck 90 cable price\" \/>\n<meta name=\"robots\" content=\"index, follow, max-snippet:-1, max-image-preview:large, max-video-preview:-1\" \/>\n<link rel=\"canonical\" href=\"https:\/\/huadongswacable.com\/it\/cavo-teck-90-di-alta-qualita-a-basso-prezzo\/\" \/>\n<meta property=\"og:locale\" content=\"it_IT\" \/>\n<meta property=\"og:type\" content=\"article\" \/>\n<meta property=\"og:title\" content=\"Teck 90 Cable Price | 4\/0 6\/3 8\/3 10\/2 10\/3 12\/2 12\/3 Teck 90 Cable\" \/>\n<meta property=\"og:description\" content=\"We are 4\/0 6\/3 8\/3 10\/2 10\/3 12\/2 12\/3 teck 90 cable supplier. Contact us to get 600v 1kv 5kv 3C*3\/0 AWG xlpe pvc aia pvc teck 90 cable price\" \/>\n<meta property=\"og:url\" content=\"https:\/\/huadongswacable.com\/it\/cavo-teck-90-di-alta-qualita-a-basso-prezzo\/\" \/>\n<meta property=\"og:site_name\" content=\"Huadong SWA Cable\" \/>\n<meta property=\"article:modified_time\" content=\"2022-12-19T06:24:11+00:00\" \/>\n<meta property=\"og:image\" content=\"https:\/\/huadongswacable.com\/wp-content\/uploads\/2021\/09\/600v-1kv-5kv-3-core-xlpe-pvc-aia-pvc-teck-90-cable-price-list.jpg\" \/>\n<meta name=\"twitter:card\" content=\"summary_large_image\" \/>\n<meta name=\"twitter:label1\" content=\"Tempo di lettura stimato\" \/>\n\t<meta name=\"twitter:data1\" content=\"5 minuti\" \/>\n<script type=\"application\/ld+json\" class=\"yoast-schema-graph\">{\"@context\":\"https:\/\/schema.org\",\"@graph\":[{\"@type\":\"WebSite\",\"@id\":\"http:\/\/huadongswacable.com\/ru\/#website\",\"url\":\"http:\/\/huadongswacable.com\/ru\/\",\"name\":\"Huadong SWA Cable\",\"description\":\"Huadong SWA Cable\",\"potentialAction\":[{\"@type\":\"SearchAction\",\"target\":{\"@type\":\"EntryPoint\",\"urlTemplate\":\"http:\/\/huadongswacable.com\/ru\/?s={search_term_string}\"},\"query-input\":\"required name=search_term_string\"}],\"inLanguage\":\"it-IT\"},{\"@type\":\"ImageObject\",\"@id\":\"https:\/\/huadongswacable.com\/high-quality-low-price-teck-90-cable\/#primaryimage\",\"inLanguage\":\"it-IT\",\"url\":\"https:\/\/huadongswacable.com\/wp-content\/uploads\/2021\/09\/600v-1kv-5kv-3-core-xlpe-pvc-aia-pvc-teck-90-cable-price-list.jpg\",\"contentUrl\":\"https:\/\/huadongswacable.com\/wp-content\/uploads\/2021\/09\/600v-1kv-5kv-3-core-xlpe-pvc-aia-pvc-teck-90-cable-price-list.jpg\",\"width\":242,\"height\":407,\"caption\":\"600v 1kv 5kv 3 core xlpe pvc aia pvc csa teck 90 cable price list\"},{\"@type\":\"WebPage\",\"@id\":\"https:\/\/huadongswacable.com\/high-quality-low-price-teck-90-cable\/#webpage\",\"url\":\"https:\/\/huadongswacable.com\/high-quality-low-price-teck-90-cable\/\",\"name\":\"Teck 90 Cable Price | 4\/0 6\/3 8\/3 10\/2 10\/3 12\/2 12\/3 Teck 90 Cable\",\"isPartOf\":{\"@id\":\"http:\/\/huadongswacable.com\/ru\/#website\"},\"primaryImageOfPage\":{\"@id\":\"https:\/\/huadongswacable.com\/high-quality-low-price-teck-90-cable\/#primaryimage\"},\"datePublished\":\"2018-04-23T05:46:34+00:00\",\"dateModified\":\"2022-12-19T06:24:11+00:00\",\"description\":\"We are 4\/0 6\/3 8\/3 10\/2 10\/3 12\/2 12\/3 teck 90 cable supplier. Contact us to get 600v 1kv 5kv 3C*3\/0 AWG xlpe pvc aia pvc teck 90 cable price\",\"breadcrumb\":{\"@id\":\"https:\/\/huadongswacable.com\/high-quality-low-price-teck-90-cable\/#breadcrumb\"},\"inLanguage\":\"it-IT\",\"potentialAction\":[{\"@type\":\"ReadAction\",\"target\":[\"https:\/\/huadongswacable.com\/high-quality-low-price-teck-90-cable\/\"]}]},{\"@type\":\"BreadcrumbList\",\"@id\":\"https:\/\/huadongswacable.com\/high-quality-low-price-teck-90-cable\/#breadcrumb\",\"itemListElement\":[{\"@type\":\"ListItem\",\"position\":1,\"name\":\"Home\",\"item\":\"http:\/\/huadongswacable.com\/ru\/\"},{\"@type\":\"ListItem\",\"position\":2,\"name\":\"4\/0 6\/3 8\/3 10\/2 10\/3 12\/2 12\/3 Teck 90 Cable Price\"}]}]}<\/script>\n<!-- \/ Yoast SEO plugin. -->","yoast_head_json":{"title":"Teck 90 Cable Price | 4\/0 6\/3 8\/3 10\/2 10\/3 12\/2 12\/3 Teck 90 Cable","description":"We are 4\/0 6\/3 8\/3 10\/2 10\/3 12\/2 12\/3 teck 90 cable supplier. Contact us to get 600v 1kv 5kv 3C*3\/0 AWG xlpe pvc aia pvc teck 90 cable price","robots":{"index":"index","follow":"follow","max-snippet":"max-snippet:-1","max-image-preview":"max-image-preview:large","max-video-preview":"max-video-preview:-1"},"canonical":"https:\/\/huadongswacable.com\/it\/cavo-teck-90-di-alta-qualita-a-basso-prezzo\/","og_locale":"it_IT","og_type":"article","og_title":"Teck 90 Cable Price | 4\/0 6\/3 8\/3 10\/2 10\/3 12\/2 12\/3 Teck 90 Cable","og_description":"We are 4\/0 6\/3 8\/3 10\/2 10\/3 12\/2 12\/3 teck 90 cable supplier. Contact us to get 600v 1kv 5kv 3C*3\/0 AWG xlpe pvc aia pvc teck 90 cable price","og_url":"https:\/\/huadongswacable.com\/it\/cavo-teck-90-di-alta-qualita-a-basso-prezzo\/","og_site_name":"Huadong SWA Cable","article_modified_time":"2022-12-19T06:24:11+00:00","og_image":[{"url":"https:\/\/huadongswacable.com\/wp-content\/uploads\/2021\/09\/600v-1kv-5kv-3-core-xlpe-pvc-aia-pvc-teck-90-cable-price-list.jpg"}],"twitter_card":"summary_large_image","twitter_misc":{"Tempo di lettura stimato":"5 minuti"},"schema":{"@context":"https:\/\/schema.org","@graph":[{"@type":"WebSite","@id":"http:\/\/huadongswacable.com\/ru\/#website","url":"http:\/\/huadongswacable.com\/ru\/","name":"Huadong SWA Cable","description":"Huadong SWA Cable","potentialAction":[{"@type":"SearchAction","target":{"@type":"EntryPoint","urlTemplate":"http:\/\/huadongswacable.com\/ru\/?s={search_term_string}"},"query-input":"required name=search_term_string"}],"inLanguage":"it-IT"},{"@type":"ImageObject","@id":"https:\/\/huadongswacable.com\/high-quality-low-price-teck-90-cable\/#primaryimage","inLanguage":"it-IT","url":"https:\/\/huadongswacable.com\/wp-content\/uploads\/2021\/09\/600v-1kv-5kv-3-core-xlpe-pvc-aia-pvc-teck-90-cable-price-list.jpg","contentUrl":"https:\/\/huadongswacable.com\/wp-content\/uploads\/2021\/09\/600v-1kv-5kv-3-core-xlpe-pvc-aia-pvc-teck-90-cable-price-list.jpg","width":242,"height":407,"caption":"600v 1kv 5kv 3 core xlpe pvc aia pvc csa teck 90 cable price list"},{"@type":"WebPage","@id":"https:\/\/huadongswacable.com\/high-quality-low-price-teck-90-cable\/#webpage","url":"https:\/\/huadongswacable.com\/high-quality-low-price-teck-90-cable\/","name":"Teck 90 Cable Price | 4\/0 6\/3 8\/3 10\/2 10\/3 12\/2 12\/3 Teck 90 Cable","isPartOf":{"@id":"http:\/\/huadongswacable.com\/ru\/#website"},"primaryImageOfPage":{"@id":"https:\/\/huadongswacable.com\/high-quality-low-price-teck-90-cable\/#primaryimage"},"datePublished":"2018-04-23T05:46:34+00:00","dateModified":"2022-12-19T06:24:11+00:00","description":"We are 4\/0 6\/3 8\/3 10\/2 10\/3 12\/2 12\/3 teck 90 cable supplier. Contact us to get 600v 1kv 5kv 3C*3\/0 AWG xlpe pvc aia pvc teck 90 cable price","breadcrumb":{"@id":"https:\/\/huadongswacable.com\/high-quality-low-price-teck-90-cable\/#breadcrumb"},"inLanguage":"it-IT","potentialAction":[{"@type":"ReadAction","target":["https:\/\/huadongswacable.com\/high-quality-low-price-teck-90-cable\/"]}]},{"@type":"BreadcrumbList","@id":"https:\/\/huadongswacable.com\/high-quality-low-price-teck-90-cable\/#breadcrumb","itemListElement":[{"@type":"ListItem","position":1,"name":"Home","item":"http:\/\/huadongswacable.com\/ru\/"},{"@type":"ListItem","position":2,"name":"4\/0 6\/3 8\/3 10\/2 10\/3 12\/2 12\/3 Teck 90 Cable Price"}]}]}},"_links":{"self":[{"href":"https:\/\/huadongswacable.com\/it\/wp-json\/wp\/v2\/pages\/887","targetHints":{"allow":["GET"]}}],"collection":[{"href":"https:\/\/huadongswacable.com\/it\/wp-json\/wp\/v2\/pages"}],"about":[{"href":"https:\/\/huadongswacable.com\/it\/wp-json\/wp\/v2\/types\/page"}],"author":[{"embeddable":true,"href":"https:\/\/huadongswacable.com\/it\/wp-json\/wp\/v2\/users\/1"}],"replies":[{"embeddable":true,"href":"https:\/\/huadongswacable.com\/it\/wp-json\/wp\/v2\/comments?post=887"}],"version-history":[{"count":24,"href":"https:\/\/huadongswacable.com\/it\/wp-json\/wp\/v2\/pages\/887\/revisions"}],"predecessor-version":[{"id":7771,"href":"https:\/\/huadongswacable.com\/it\/wp-json\/wp\/v2\/pages\/887\/revisions\/7771"}],"wp:attachment":[{"href":"https:\/\/huadongswacable.com\/it\/wp-json\/wp\/v2\/media?parent=887"}],"curies":[{"name":"wp","href":"https:\/\/api.w.org\/{rel}","templated":true}]}}