{"id":862,"date":"2018-04-21T15:29:21","date_gmt":"2018-04-21T07:29:21","guid":{"rendered":"http:\/\/huadongswacable.com\/?page_id=862"},"modified":"2022-12-19T15:59:32","modified_gmt":"2022-12-19T07:59:32","slug":"low-price-acwu-cable","status":"publish","type":"page","link":"https:\/\/huadongswacable.com\/it\/cavo-acwu-a-basso-prezzo\/","title":{"rendered":"Cavo ACWU 600V 1C 3C 4C 1AWG 2AWG 4AWG 6AWG Cavo AIA"},"content":{"rendered":"<p><img loading=\"lazy\" decoding=\"async\" class=\"aligncenter size-full wp-image-6454\" src=\"https:\/\/huadongswacable.com\/wp-content\/uploads\/2021\/10\/how-much-is-600V-2-4-6-3C-4C-acwu90-cable-per-meter.jpg\" alt=\"quanto costa il cavo 600V #2 #4 #6 3C 4C acwu90 per metro\" width=\"828\" height=\"281\" srcset=\"https:\/\/huadongswacable.com\/wp-content\/uploads\/2021\/10\/how-much-is-600V-2-4-6-3C-4C-acwu90-cable-per-meter.jpg 828w, https:\/\/huadongswacable.com\/wp-content\/uploads\/2021\/10\/how-much-is-600V-2-4-6-3C-4C-acwu90-cable-per-meter-300x102.jpg 300w, https:\/\/huadongswacable.com\/wp-content\/uploads\/2021\/10\/how-much-is-600V-2-4-6-3C-4C-acwu90-cable-per-meter-768x261.jpg 768w\" sizes=\"auto, (max-width: 828px) 100vw, 828px\" \/><\/p>\n<p>In qualit\u00e0 di produttore professionale di cavi ACWU, siamo in grado di fornire cavi corazzati ad incastro in alluminio di diverse dimensioni. \u00c8 quindi possibile acquistare i cavi #2, #4, #6 ACWU90 dalla nostra azienda. Inoltre, se volete sapere quanto \u00e8 600v 3 conduttore ACWU90 cavo per metro, basta lasciare il vostro messaggio. Il nostro manager invier\u00e0 il miglior prezzo del cavo in alluminio ACWU 3C 4\/0 a voi il pi\u00f9 presto possibile.<\/p>\n<p style=\"text-align: center;\"><span class=\"su-lightbox\" data-mfp-src=\"#Popup\" data-mfp-type=\"inline\" data-mobile=\"yes\"><button class=\"btn btn-danger btn-sm\" ><i class=\"fa fa-hand-o-right\" style=\"color:#ffffff;\"><\/i> Preventivo<\/button><\/span>\n<h2>Vendita di cavi ACWU a 3 conduttori a buon mercato<\/h2>\n<p>Il cavo ACWU \u00e8 un tipo di <a href=\"https:\/\/huadongswacable.com\/it\/cavo-mc-a-basso-prezzo\/\" target=\"_blank\" rel=\"noopener noreferrer\">cavo armato MC interbloccato in lega di alluminio<\/a> con rivestimento in PVC. Huadong Cable Group \u00e8 un produttore professionista di fili ACWU a 3 conduttori in Cina. Il nostro filo di alluminio 3C #2 ACWU ha un mercato stabile in America e Canada. Se avete bisogno di acquistare un filo ACWU 3C 1\/0 awg di alta qualit\u00e0 e a basso prezzo, allora Huadong sar\u00e0 la vostra scelta ideale. Allo stesso tempo, se avete bisogno di un sacco di filo ACWU, vi daremo un cavo di sconto ACWU90 600v prezzo. Quindi, basta lasciare le dimensioni del cavo ACWU90 aia. Naturalmente, \u00e8 possibile contattarci direttamente se siete gi\u00e0 sapere che tipo di filo ACWU avete bisogno. Guardare avanti alla vostra inchiesta.<\/p>\n<div class=\"row\">\n<div class=\"col-lg-6 col-md-12 col-xs-12 col-sm-12\">\n<img loading=\"lazy\" decoding=\"async\" class=\"aligncenter size-full wp-image-6455\" src=\"https:\/\/huadongswacable.com\/wp-content\/uploads\/2021\/10\/get-best-600v-3-conductor-acwu90-cable-price.jpg\" alt=\"ottenere il miglior prezzo del cavo acwu90 a 3 conduttori 600v\" width=\"400\" height=\"245\" srcset=\"https:\/\/huadongswacable.com\/wp-content\/uploads\/2021\/10\/get-best-600v-3-conductor-acwu90-cable-price.jpg 400w, https:\/\/huadongswacable.com\/wp-content\/uploads\/2021\/10\/get-best-600v-3-conductor-acwu90-cable-price-300x184.jpg 300w\" sizes=\"auto, (max-width: 400px) 100vw, 400px\" \/><\/div>\n<div class=\"col-lg-6 col-md-12 col-xs-12 col-sm-12\">\n<p><strong>Tensione:<\/strong> 600V<\/p>\n<p><strong>Conduttori: Solido<\/strong>\/Rame o alluminio a trefoli<\/p>\n<p><strong>Strato di armatura:<\/strong> Armatura interbloccata in alluminio (AIA)<\/p>\n<p><strong>N. di nuclei<\/strong> Singolo\/due\/tre\/quattro<\/p>\n<p><strong>Strato isolante:<\/strong> Polietilene reticolato (XLPE)<\/p>\n<p><strong>Giacca esterna:<\/strong> Cloruro di polivinile (PVC)<\/p>\n<p><strong>Temperatura nominale:<\/strong> Da -40\u00b0C a 90\u00b0C<\/div>\n<\/div>\n<p>Grazie alle sue eccellenti prestazioni, il cavo AIA ha un'ampia gamma di applicazioni. Ad esempio, il cavo in alluminio per edilizia ACWU90 \u00e8 adatto per il cablaggio a vista e nascosto in ambienti asciutti, umidi o bagnati. Il cavo ACWU a 3 conduttori #2 \u00e8 adatto anche per l'interramento diretto a terra.<\/p>\n<p style=\"text-align: center;\"><span class=\"su-lightbox\" data-mfp-src=\"#Popup\" data-mfp-type=\"inline\" data-mobile=\"yes\"><button class=\"btn btn-danger btn-sm\" ><i class=\"fa fa-hand-o-right\" style=\"color:#ffffff;\"><\/i> Preventivo<\/button><\/span>\n<h2>Trova il produttore professionale di filo 600v 4C ACWU90<\/h2>\n<p>Il conduttore del cavo ACWU 90 \u00e8 in alluminio, quale trefolo compatto di classe \"B\". Inoltre, se avete un requisito specifico, sono disponibili conduttori in rame e in lega di alluminio. Il materiale isolante del cavo ACWU a 4 conduttori 600v \u00e8 il polietilene reticolato (XLPE).  Inoltre, abbiamo anche <a href=\"https:\/\/huadongswacable.com\/it\/cavo-teck-90-di-alta-qualita-a-basso-prezzo\/\" target=\"_blank\" rel=\"noopener noreferrer\">cavo teck90 a buon mercato in vendita<\/a>. Quindi, basta lasciare le vostre informazioni e dirci le dimensioni del filo di alluminio ACWU 4C edificio i vostri requisiti. Poi vi invieremo 4 conduttore 250 mcm ACWU90 citazione filo. Tuttavia, lo strato di armatura del filo ACWU \u00e8 il cavo di alluminio interbloccato Armourm MC. Il cavo ACWU ha quindi un altro nome: cavo AIA. Inoltre, il rivestimento del filo di alluminio ACWU \u00e8 a basso contenuto di gas acido, ritardante di fiamma, resistente all'umidit\u00e0 e alla luce del sole in cloruro di polivinile (<a href=\"https:\/\/huadongswacable.com\/it\/cavo-rivestito-in-pvc\/\" target=\"_blank\" rel=\"noopener noreferrer\">PVC<\/a>). Quindi, basta inviare la vostra richiesta e ottenere il listino prezzi del filo di alluminio per edilizia 4C ACWU90.<\/p>\n<p><img loading=\"lazy\" decoding=\"async\" class=\"aligncenter size-full wp-image-6457\" src=\"https:\/\/huadongswacable.com\/wp-content\/uploads\/2021\/10\/600v-2awg-3-conductor-copper-acwu90-cable-price-list-Canada.jpg\" alt=\"600v 2awg 3 conduttori in rame acwu90 listino prezzi cavi Canada\" width=\"800\" height=\"150\" srcset=\"https:\/\/huadongswacable.com\/wp-content\/uploads\/2021\/10\/600v-2awg-3-conductor-copper-acwu90-cable-price-list-Canada.jpg 800w, https:\/\/huadongswacable.com\/wp-content\/uploads\/2021\/10\/600v-2awg-3-conductor-copper-acwu90-cable-price-list-Canada-300x56.jpg 300w, https:\/\/huadongswacable.com\/wp-content\/uploads\/2021\/10\/600v-2awg-3-conductor-copper-acwu90-cable-price-list-Canada-768x144.jpg 768w\" sizes=\"auto, (max-width: 800px) 100vw, 800px\" \/>.<\/p>\n<p>Inoltre, il cavo AIA pu\u00f2 essere utilizzato per il cablaggio di tutte le aree pericolose. Inoltre, questi cavi con armatura interbloccata in alluminio 4\/0 (AIA) possono essere utilizzati anche per le installazioni di ingressi di servizio. I nostri clienti hanno detto che il cavo di alimentazione AIA di Huadong ha una buona reputazione tra gli utenti finali in Canada. Quindi potete dirci la vostra lista di cavi di richiesta e la quantit\u00e0 di ordine. Poi promettiamo di darvi un prezzo soddisfacente ACWU 90 filo.<\/p>\n<p style=\"text-align: center;\"><span class=\"su-lightbox\" data-mfp-src=\"#Popup\" data-mfp-type=\"inline\" data-mobile=\"yes\"><button class=\"btn btn-danger btn-sm\" ><i class=\"fa fa-hand-o-right\" style=\"color:#ffffff;\"><\/i> Preventivo<\/button><\/span>\n<h2>Ottenere il miglior prezzo 250 MCM ACWU cavo in Huadong<\/h2>\n<p>Infatti, \u00e8 possibile scoprire che i prezzi dei cavi 600v 4c 250 mcm ACWU90 sono diversi. Perch\u00e9 il prezzo del materiale del cavo armato non \u00e8 lo stesso. Quindi si pu\u00f2 capire che il prezzo del cavo ACWU90 da 250 mcm in Canada \u00e8 diverso dal prezzo del cavo ACWU in America. Inoltre, se si acquistano molti cavi ACWU a 3 conduttori 4\/0, il fornitore di cavi dar\u00e0 il prezzo scontato del cavo in alluminio ACWU.<\/p>\n<p><img loading=\"lazy\" decoding=\"async\" class=\"aligncenter wp-image-876 size-full\" src=\"https:\/\/huadongswacable.com\/wp-content\/uploads\/2018\/04\/discount-cheap-ACWU-90-cable-price.jpg\" alt=\"sconto a buon mercato 4 conduttore ACWU 90 filo di alluminio prezzo\" width=\"550\" height=\"284\" srcset=\"https:\/\/huadongswacable.com\/wp-content\/uploads\/2018\/04\/discount-cheap-ACWU-90-cable-price.jpg 550w, https:\/\/huadongswacable.com\/wp-content\/uploads\/2018\/04\/discount-cheap-ACWU-90-cable-price-300x155.jpg 300w\" sizes=\"auto, (max-width: 550px) 100vw, 550px\" \/><\/p>\n<p>Inoltre, abbiamo esportato il nostro filo di alluminio per edilizia a 4 conduttori ACWU90 in pi\u00f9 di 30 paesi. Ad esempio, America, Canada, Yemen, Sud America, Filippine, Malesia, Indonesia, Thailandia, Vietnam, <span class=\"VIiyi\" lang=\"en\"><span class=\"JLqJ4b ChMk0b\" data-language-for-alternatives=\"en\" data-language-to-translate-into=\"zh-CN\" data-phrase-index=\"0\">Germania<\/span><\/span>ecc. Quindi, potete contattarci per ottenere il listino prezzi dei cavi ACWU 4\/3 in America o in Canada.<\/p>\n<div class=\"su-lightbox-content su-u-trim\" id=\"Popup\" style=\"display:none;width:auto;min-width:50%;max-width:70%;margin-top:40px;margin-bottom:40px;padding:40px;background:#e8e5e5;color:#060473;box-shadow:0px 0px 15px #333333;text-align:left\"><div role=\"form\" class=\"wpcf7\" id=\"wpcf7-f5571-o1\" lang=\"en-US\" dir=\"ltr\">\n<div class=\"screen-reader-response\"><p role=\"status\" aria-live=\"polite\" aria-atomic=\"true\"><\/p> <ul><\/ul><\/div>\n<form action=\"\/it\/wp-json\/wp\/v2\/pages\/862#wpcf7-f5571-o1\" method=\"post\" class=\"wpcf7-form init\" novalidate=\"novalidate\" data-status=\"init\" data-trp-original-action=\"\/it\/wp-json\/wp\/v2\/pages\/862#wpcf7-f5571-o1\">\n<div style=\"display: none;\">\n<input type=\"hidden\" name=\"_wpcf7\" value=\"5571\" \/>\n<input type=\"hidden\" name=\"_wpcf7_version\" value=\"5.5.6\" \/>\n<input type=\"hidden\" name=\"_wpcf7_locale\" value=\"en_US\" \/>\n<input type=\"hidden\" name=\"_wpcf7_unit_tag\" value=\"wpcf7-f5571-o1\" \/>\n<input type=\"hidden\" name=\"_wpcf7_container_post\" value=\"0\" \/>\n<input type=\"hidden\" name=\"_wpcf7_posted_data_hash\" value=\"\" \/>\n<\/div>\n<div class=\"popmakerform\">\n<p>Il tuo nome <span style=\"color:red;\">*<span><br \/>\n<span class=\"wpcf7-form-control-wrap your-name\"><input type=\"text\" name=\"your-name\" value=\"\" size=\"40\" class=\"wpcf7-form-control wpcf7-text wpcf7-validates-as-required\" aria-required=\"true\" aria-invalid=\"false\" \/><\/span><\/p>\n<p>Il tuo indirizzo e-mail <span style=\"color:red;\">*<span><br \/>\n<span class=\"wpcf7-form-control-wrap your-email\"><input type=\"email\" name=\"your-email\" value=\"\" size=\"40\" class=\"wpcf7-form-control wpcf7-text wpcf7-email wpcf7-validates-as-required wpcf7-validates-as-email\" aria-required=\"true\" aria-invalid=\"false\" \/><\/span><\/p>\n<p>Il vostro numero di telefono<br \/>\n<span class=\"wpcf7-form-control-wrap your-phone\"><input type=\"text\" name=\"your-phone\" value=\"\" size=\"40\" class=\"wpcf7-form-control wpcf7-text\" aria-invalid=\"false\" \/><\/span><\/p>\n<p>Il vostro Paese<br \/>\n<span class=\"wpcf7-form-control-wrap your-country\"><input type=\"text\" name=\"your-country\" value=\"\" size=\"40\" class=\"wpcf7-form-control wpcf7-text\" aria-invalid=\"false\" \/><\/span><\/p>\n<p>Requisiti dettagliati <span style=\"color:red;\">*<span><br \/>\n<span class=\"wpcf7-form-control-wrap your-requirement\"><textarea name=\"your-requirement\" cols=\"40\" rows=\"4\" class=\"wpcf7-form-control wpcf7-textarea wpcf7-validates-as-required\" aria-required=\"true\" aria-invalid=\"false\"><\/textarea><\/span><\/p>\n<p><input type=\"submit\" value=\"Preventivo\" class=\"wpcf7-form-control has-spinner wpcf7-submit\" \/><\/p>\n<\/div>\n<p style=\"display: none !important;\"><label>&#916;<textarea name=\"_wpcf7_ak_hp_textarea\" cols=\"45\" rows=\"8\" maxlength=\"100\"><\/textarea><\/label><input type=\"hidden\" id=\"ak_js_1\" name=\"_wpcf7_ak_js\" value=\"158\"\/><script>document.getElementById( \"ak_js_1\" ).setAttribute( \"value\", ( new Date() ).getTime() );<\/script><\/p><input type='hidden' class='wpcf7-pum' value='{\"closepopup\":false,\"closedelay\":0,\"openpopup\":false,\"openpopup_id\":0}' \/><div class=\"wpcf7-response-output\" aria-hidden=\"true\"><\/div><input type=\"hidden\" name=\"trp-form-language\" value=\"it\"\/><\/form><\/div><\/div>\n<h3>Non esitate a lasciare il vostro requisito. Vi risponderemo entro 12 ore.<\/h3>\n<p><strong>E-mail: <a href=\"mailto:info@huadongswacable.com\" rel=\"nofollow\">info@huadongswacable.com<\/a><\/strong><\/p>\n<div role=\"form\" class=\"wpcf7\" id=\"wpcf7-f6-o2\" lang=\"en-US\" dir=\"ltr\">\n<div class=\"screen-reader-response\"><p role=\"status\" aria-live=\"polite\" aria-atomic=\"true\"><\/p> <ul><\/ul><\/div>\n<form action=\"\/it\/wp-json\/wp\/v2\/pages\/862#wpcf7-f6-o2\" method=\"post\" class=\"wpcf7-form init\" novalidate=\"novalidate\" data-status=\"init\" data-trp-original-action=\"\/it\/wp-json\/wp\/v2\/pages\/862#wpcf7-f6-o2\">\n<div style=\"display: none;\">\n<input type=\"hidden\" name=\"_wpcf7\" value=\"6\" \/>\n<input type=\"hidden\" name=\"_wpcf7_version\" value=\"5.5.6\" \/>\n<input type=\"hidden\" name=\"_wpcf7_locale\" value=\"en_US\" \/>\n<input type=\"hidden\" name=\"_wpcf7_unit_tag\" value=\"wpcf7-f6-o2\" \/>\n<input type=\"hidden\" name=\"_wpcf7_container_post\" value=\"0\" \/>\n<input type=\"hidden\" name=\"_wpcf7_posted_data_hash\" value=\"\" \/>\n<\/div>\n<div class=\"messageform\">\n<p><strong><span style=\"color:red;\"><\/span> Il tuo nome<\/strong><br \/>\n    <span class=\"wpcf7-form-control-wrap your-name\"><input type=\"text\" name=\"your-name\" value=\"\" size=\"40\" class=\"wpcf7-form-control wpcf7-text\" aria-invalid=\"false\" \/><\/span> <\/p>\n<p><strong><span style=\"color:red;\">*<\/span> Il tuo indirizzo e-mail<\/strong><br \/>\n    <span class=\"wpcf7-form-control-wrap your-email\"><input type=\"email\" name=\"your-email\" value=\"\" size=\"40\" class=\"wpcf7-form-control wpcf7-text wpcf7-email wpcf7-validates-as-required wpcf7-validates-as-email\" aria-required=\"true\" aria-invalid=\"false\" \/><\/span> <\/p>\n<p><strong>Il vostro numero di telefono<\/strong><br \/>\n    <span class=\"wpcf7-form-control-wrap your-phone\"><input type=\"text\" name=\"your-phone\" value=\"\" size=\"40\" class=\"wpcf7-form-control wpcf7-text\" aria-invalid=\"false\" placeholder=\"Includere il prefisso della zona\" \/><\/span> <\/p>\n<p><strong>Il vostro Paese<\/strong><br \/>\n    <span class=\"wpcf7-form-control-wrap your-country\"><input type=\"text\" name=\"your-country\" value=\"\" size=\"40\" class=\"wpcf7-form-control wpcf7-text\" aria-invalid=\"false\" \/><\/span> <\/p>\n<p><strong><span style=\"color:red;\">*<\/span> Il vostro requisito<\/strong><br \/>\n    <span class=\"wpcf7-form-control-wrap your-requirement\"><textarea name=\"your-requirement\" cols=\"40\" rows=\"10\" class=\"wpcf7-form-control wpcf7-textarea wpcf7-validates-as-required bestonmessage\" aria-required=\"true\" aria-invalid=\"false\" placeholder=\"Per un&#039;offerta dettagliata, vi preghiamo di inviarci il vostro requisito dettagliato.\"><\/textarea><\/span> <\/p>\n<p><input type=\"submit\" value=\"Invia il messaggio\" class=\"wpcf7-form-control has-spinner wpcf7-submit\" \/><\/p>\n<\/div>\n<p style=\"display: none !important;\"><label>&#916;<textarea name=\"_wpcf7_ak_hp_textarea\" cols=\"45\" rows=\"8\" maxlength=\"100\"><\/textarea><\/label><input type=\"hidden\" id=\"ak_js_2\" name=\"_wpcf7_ak_js\" value=\"241\"\/><script>document.getElementById( \"ak_js_2\" ).setAttribute( \"value\", ( new Date() ).getTime() );<\/script><\/p><input type='hidden' class='wpcf7-pum' value='{\"closepopup\":false,\"closedelay\":0,\"openpopup\":false,\"openpopup_id\":0}' \/><div class=\"wpcf7-response-output\" aria-hidden=\"true\"><\/div><input type=\"hidden\" name=\"trp-form-language\" value=\"it\"\/><\/form><\/div>","protected":false},"excerpt":{"rendered":"<p>In qualit\u00e0 di produttore professionale di cavi ACWU, siamo in grado di fornire cavi corazzati ad incastro in alluminio di diverse dimensioni. \u00c8 quindi possibile acquistare i cavi #2, #4, #6 ACWU90 dalla nostra azienda. Inoltre, se volete sapere quanto \u00e8 600v 3 conduttore ACWU90 cavo per metro, basta lasciare il vostro messaggio. Il nostro manager invier\u00e0 il miglior cavo ACWU 3C ... <a class=\"read-more\" href=\"https:\/\/huadongswacable.com\/it\/cavo-acwu-a-basso-prezzo\/\">Per saperne di pi\u00f9...<\/a><\/p>","protected":false},"author":1,"featured_media":0,"parent":0,"menu_order":0,"comment_status":"closed","ping_status":"closed","template":"","meta":{"footnotes":""},"class_list":["post-862","page","type-page","status-publish"],"yoast_head":"<!-- This site is optimized with the Yoast SEO plugin v18.4.1 - https:\/\/yoast.com\/wordpress\/plugins\/seo\/ -->\n<title>3C 4C ACWU Cable #2 #4 #6 Price | 4\/0 3 conductor ACWU90 AIA Cable<\/title>\n<meta name=\"description\" content=\"As #2 #4 #6 gauge 3 conductor acwu90 cable manufacturer, we can supply best 600v 4\/0 3C 4C aluminum xlpe acwu cable Canada price per meter.\" \/>\n<meta name=\"robots\" content=\"index, follow, max-snippet:-1, max-image-preview:large, max-video-preview:-1\" \/>\n<link rel=\"canonical\" href=\"http:\/\/huadongswacable.com\/it\/low-price-acwu-cable\/\" \/>\n<meta property=\"og:locale\" content=\"it_IT\" \/>\n<meta property=\"og:type\" content=\"article\" \/>\n<meta property=\"og:title\" content=\"3C 4C ACWU Cable #2 #4 #6 Price | 4\/0 3 conductor ACWU90 AIA Cable\" \/>\n<meta property=\"og:description\" content=\"As #2 #4 #6 gauge 3 conductor acwu90 cable manufacturer, we can supply best 600v 4\/0 3C 4C aluminum xlpe acwu cable Canada price per meter.\" \/>\n<meta property=\"og:url\" content=\"http:\/\/huadongswacable.com\/it\/low-price-acwu-cable\/\" \/>\n<meta property=\"og:site_name\" content=\"Huadong SWA Cable\" \/>\n<meta property=\"article:modified_time\" content=\"2022-12-19T07:59:32+00:00\" \/>\n<meta property=\"og:image\" content=\"https:\/\/huadongswacable.com\/wp-content\/uploads\/2021\/10\/how-much-is-600V-2-4-6-3C-4C-acwu90-cable-per-meter.jpg\" \/>\n<meta name=\"twitter:card\" content=\"summary_large_image\" \/>\n<meta name=\"twitter:label1\" content=\"Tempo di lettura stimato\" \/>\n\t<meta name=\"twitter:data1\" content=\"4 minuti\" \/>\n<script type=\"application\/ld+json\" class=\"yoast-schema-graph\">{\"@context\":\"https:\/\/schema.org\",\"@graph\":[{\"@type\":\"WebSite\",\"@id\":\"http:\/\/huadongswacable.com\/ru\/#website\",\"url\":\"http:\/\/huadongswacable.com\/ru\/\",\"name\":\"Huadong SWA Cable\",\"description\":\"Huadong SWA Cable\",\"potentialAction\":[{\"@type\":\"SearchAction\",\"target\":{\"@type\":\"EntryPoint\",\"urlTemplate\":\"http:\/\/huadongswacable.com\/ru\/?s={search_term_string}\"},\"query-input\":\"required name=search_term_string\"}],\"inLanguage\":\"it-IT\"},{\"@type\":\"ImageObject\",\"@id\":\"http:\/\/huadongswacable.com\/fr\/low-price-acwu-cable\/#primaryimage\",\"inLanguage\":\"it-IT\",\"url\":\"https:\/\/huadongswacable.com\/wp-content\/uploads\/2021\/10\/how-much-is-600V-2-4-6-3C-4C-acwu90-cable-per-meter.jpg\",\"contentUrl\":\"https:\/\/huadongswacable.com\/wp-content\/uploads\/2021\/10\/how-much-is-600V-2-4-6-3C-4C-acwu90-cable-per-meter.jpg\",\"width\":828,\"height\":281,\"caption\":\"how much is 600V #2 #4 #6 3C 4C acwu90 cable per meter\"},{\"@type\":\"WebPage\",\"@id\":\"http:\/\/huadongswacable.com\/fr\/low-price-acwu-cable\/#webpage\",\"url\":\"http:\/\/huadongswacable.com\/fr\/low-price-acwu-cable\/\",\"name\":\"3C 4C ACWU Cable #2 #4 #6 Price | 4\/0 3 conductor ACWU90 AIA Cable\",\"isPartOf\":{\"@id\":\"http:\/\/huadongswacable.com\/ru\/#website\"},\"primaryImageOfPage\":{\"@id\":\"http:\/\/huadongswacable.com\/fr\/low-price-acwu-cable\/#primaryimage\"},\"datePublished\":\"2018-04-21T07:29:21+00:00\",\"dateModified\":\"2022-12-19T07:59:32+00:00\",\"description\":\"As #2 #4 #6 gauge 3 conductor acwu90 cable manufacturer, we can supply best 600v 4\/0 3C 4C aluminum xlpe acwu cable Canada price per meter.\",\"breadcrumb\":{\"@id\":\"http:\/\/huadongswacable.com\/fr\/low-price-acwu-cable\/#breadcrumb\"},\"inLanguage\":\"it-IT\",\"potentialAction\":[{\"@type\":\"ReadAction\",\"target\":[\"http:\/\/huadongswacable.com\/fr\/low-price-acwu-cable\/\"]}]},{\"@type\":\"BreadcrumbList\",\"@id\":\"http:\/\/huadongswacable.com\/fr\/low-price-acwu-cable\/#breadcrumb\",\"itemListElement\":[{\"@type\":\"ListItem\",\"position\":1,\"name\":\"Home\",\"item\":\"http:\/\/huadongswacable.com\/ru\/\"},{\"@type\":\"ListItem\",\"position\":2,\"name\":\"ACWU Cable 600V 1C 3C 4C 1AWG 2AWG 4AWG 6AWG AIA Cable\"}]}]}<\/script>\n<!-- \/ Yoast SEO plugin. -->","yoast_head_json":{"title":"3C 4C ACWU Cable #2 #4 #6 Price | 4\/0 3 conductor ACWU90 AIA Cable","description":"As #2 #4 #6 gauge 3 conductor acwu90 cable manufacturer, we can supply best 600v 4\/0 3C 4C aluminum xlpe acwu cable Canada price per meter.","robots":{"index":"index","follow":"follow","max-snippet":"max-snippet:-1","max-image-preview":"max-image-preview:large","max-video-preview":"max-video-preview:-1"},"canonical":"http:\/\/huadongswacable.com\/it\/low-price-acwu-cable\/","og_locale":"it_IT","og_type":"article","og_title":"3C 4C ACWU Cable #2 #4 #6 Price | 4\/0 3 conductor ACWU90 AIA Cable","og_description":"As #2 #4 #6 gauge 3 conductor acwu90 cable manufacturer, we can supply best 600v 4\/0 3C 4C aluminum xlpe acwu cable Canada price per meter.","og_url":"http:\/\/huadongswacable.com\/it\/low-price-acwu-cable\/","og_site_name":"Huadong SWA Cable","article_modified_time":"2022-12-19T07:59:32+00:00","og_image":[{"url":"https:\/\/huadongswacable.com\/wp-content\/uploads\/2021\/10\/how-much-is-600V-2-4-6-3C-4C-acwu90-cable-per-meter.jpg"}],"twitter_card":"summary_large_image","twitter_misc":{"Tempo di lettura stimato":"4 minuti"},"schema":{"@context":"https:\/\/schema.org","@graph":[{"@type":"WebSite","@id":"http:\/\/huadongswacable.com\/ru\/#website","url":"http:\/\/huadongswacable.com\/ru\/","name":"Huadong SWA Cable","description":"Huadong SWA Cable","potentialAction":[{"@type":"SearchAction","target":{"@type":"EntryPoint","urlTemplate":"http:\/\/huadongswacable.com\/ru\/?s={search_term_string}"},"query-input":"required name=search_term_string"}],"inLanguage":"it-IT"},{"@type":"ImageObject","@id":"http:\/\/huadongswacable.com\/fr\/low-price-acwu-cable\/#primaryimage","inLanguage":"it-IT","url":"https:\/\/huadongswacable.com\/wp-content\/uploads\/2021\/10\/how-much-is-600V-2-4-6-3C-4C-acwu90-cable-per-meter.jpg","contentUrl":"https:\/\/huadongswacable.com\/wp-content\/uploads\/2021\/10\/how-much-is-600V-2-4-6-3C-4C-acwu90-cable-per-meter.jpg","width":828,"height":281,"caption":"how much is 600V #2 #4 #6 3C 4C acwu90 cable per meter"},{"@type":"WebPage","@id":"http:\/\/huadongswacable.com\/fr\/low-price-acwu-cable\/#webpage","url":"http:\/\/huadongswacable.com\/fr\/low-price-acwu-cable\/","name":"3C 4C ACWU Cable #2 #4 #6 Price | 4\/0 3 conductor ACWU90 AIA Cable","isPartOf":{"@id":"http:\/\/huadongswacable.com\/ru\/#website"},"primaryImageOfPage":{"@id":"http:\/\/huadongswacable.com\/fr\/low-price-acwu-cable\/#primaryimage"},"datePublished":"2018-04-21T07:29:21+00:00","dateModified":"2022-12-19T07:59:32+00:00","description":"As #2 #4 #6 gauge 3 conductor acwu90 cable manufacturer, we can supply best 600v 4\/0 3C 4C aluminum xlpe acwu cable Canada price per meter.","breadcrumb":{"@id":"http:\/\/huadongswacable.com\/fr\/low-price-acwu-cable\/#breadcrumb"},"inLanguage":"it-IT","potentialAction":[{"@type":"ReadAction","target":["http:\/\/huadongswacable.com\/fr\/low-price-acwu-cable\/"]}]},{"@type":"BreadcrumbList","@id":"http:\/\/huadongswacable.com\/fr\/low-price-acwu-cable\/#breadcrumb","itemListElement":[{"@type":"ListItem","position":1,"name":"Home","item":"http:\/\/huadongswacable.com\/ru\/"},{"@type":"ListItem","position":2,"name":"ACWU Cable 600V 1C 3C 4C 1AWG 2AWG 4AWG 6AWG AIA Cable"}]}]}},"_links":{"self":[{"href":"https:\/\/huadongswacable.com\/it\/wp-json\/wp\/v2\/pages\/862","targetHints":{"allow":["GET"]}}],"collection":[{"href":"https:\/\/huadongswacable.com\/it\/wp-json\/wp\/v2\/pages"}],"about":[{"href":"https:\/\/huadongswacable.com\/it\/wp-json\/wp\/v2\/types\/page"}],"author":[{"embeddable":true,"href":"https:\/\/huadongswacable.com\/it\/wp-json\/wp\/v2\/users\/1"}],"replies":[{"embeddable":true,"href":"https:\/\/huadongswacable.com\/it\/wp-json\/wp\/v2\/comments?post=862"}],"version-history":[{"count":29,"href":"https:\/\/huadongswacable.com\/it\/wp-json\/wp\/v2\/pages\/862\/revisions"}],"predecessor-version":[{"id":7780,"href":"https:\/\/huadongswacable.com\/it\/wp-json\/wp\/v2\/pages\/862\/revisions\/7780"}],"wp:attachment":[{"href":"https:\/\/huadongswacable.com\/it\/wp-json\/wp\/v2\/media?parent=862"}],"curies":[{"name":"wp","href":"https:\/\/api.w.org\/{rel}","templated":true}]}}