{"id":81,"date":"2018-03-08T12:01:33","date_gmt":"2018-03-08T04:01:33","guid":{"rendered":"http:\/\/huadongswacable.com\/?page_id=81"},"modified":"2022-12-19T14:37:02","modified_gmt":"2022-12-19T06:37:02","slug":"5-core-armoured-cable-customization","status":"publish","type":"page","link":"https:\/\/huadongswacable.com\/it\/personalizzazione-del-cavo-armato-a-5-core\/","title":{"rendered":"6 mm 10 mm 16 mm 25 mm 35 mm 5 Core Cavo armato Personalizzazione"},"content":{"rendered":"<p><img loading=\"lazy\" decoding=\"async\" class=\"aligncenter wp-image-5084\" src=\"https:\/\/huadongswacable.com\/wp-content\/uploads\/2020\/12\/25mm-5-core-swa-cable-specification.jpg\" alt=\"Specifiche del cavo swa a 5 conduttori da 25 mm\" width=\"761\" height=\"217\" srcset=\"https:\/\/huadongswacable.com\/wp-content\/uploads\/2020\/12\/25mm-5-core-swa-cable-specification.jpg 750w, https:\/\/huadongswacable.com\/wp-content\/uploads\/2020\/12\/25mm-5-core-swa-cable-specification-300x86.jpg 300w\" sizes=\"auto, (max-width: 761px) 100vw, 761px\" \/><\/p>\n<p>Vi preghiamo gentilmente di inviarci la vostra richiesta 16 mm 5 core blindato cavo di alimentazione elenco e quantit\u00e0 di ordine. Il nostro responsabile vendite vi invier\u00e0 i nostri documenti di offerta entro 12 ore.<\/p>\n<p style=\"text-align: center;\"><span class=\"su-lightbox\" data-mfp-src=\"#Popup\" data-mfp-type=\"inline\" data-mobile=\"yes\"><button class=\"btn btn-danger btn-sm\" ><i class=\"fa fa-hand-o-right\" style=\"color:#ffffff;\"><\/i> Preventivo<\/button><\/span>\n<h2>Cavo armato a 5 conduttori del gruppo Huadong<\/h2>\n<p>Huadong Cable Group \u00e8 un produttore leader di cavi armati a 5 conduttori. Forniamo <a href=\"https:\/\/huadongswacable.com\/it\/prevenire-lincendio-del-cavo-di-alimentazione-a-bassa-tensione\/\">cavo armato a bassa tensione<\/a> e <a href=\"https:\/\/huadongswacable.com\/it\/personalizzazione-del-cavo-xlpe-a-media-tensione\/\">cavo armato di media tensione<\/a>.  Tutti questi cavi blindati a 5 conduttori soddisfano gli standard e le specifiche americane, britanniche, francesi, europee e internazionali. Questi includono il cavo swa a 3 core, il cavo swa a 4 core, il cavo swa a 5 core e cos\u00ec via. Naturalmente, siamo in grado di fornire una gamma completa di cavi swa a 5 conduttori. Nel frattempo, possiamo personalizzare il cavo swa a 5 conduttori per soddisfare le specifiche o gli standard del mercato e dei clienti. Non importa quanto sia grande la sezione trasversale del conduttore del cavo swa a 5 fasi e del conduttore del cavo blindato a 5 anime. Lo produrremo per voi. Basta comunicarci i vostri requisiti.<\/p>\n<div class=\"row prolisttable\">\n<div class=\"row\"><\/div>\n<div class=\"col-lg-4 col-md-12 col-xs-12 col-sm-12\">\n<p>&nbsp;<\/p>\n<p><img loading=\"lazy\" decoding=\"async\" class=\"aligncenter wp-image-642\" src=\"https:\/\/huadongswacable.com\/wp-content\/uploads\/2018\/04\/PVC-5-core-swa-cable-free-samples.jpg\" alt=\"PVC 5 core swa cable campioni gratuiti\" width=\"373\" height=\"283\" srcset=\"https:\/\/huadongswacable.com\/wp-content\/uploads\/2018\/04\/PVC-5-core-swa-cable-free-samples.jpg 328w, https:\/\/huadongswacable.com\/wp-content\/uploads\/2018\/04\/PVC-5-core-swa-cable-free-samples-300x228.jpg 300w\" sizes=\"auto, (max-width: 373px) 100vw, 373px\" \/><\/p>\n<\/div>\n<div class=\"col-lg-8 col-md-12 col-xs-12 col-sm-12\">\n<p><strong>Conduttore:<\/strong> Alluminio o rame<\/p>\n<p><strong>Tensione:<\/strong> fino a 35 KV<\/p>\n<p><strong>Corazzato:<\/strong> SWA (Armatura a filo d'acciaio) \/ STA (Armatura a nastro d'acciaio) \/ AWA (Armatura a filo d'alluminio)<\/p>\n<p><strong>Isolamento:<\/strong> XLPE \/ PVC \/ LSF \/ Resistente al fuoco<\/p>\n<p><strong>Standard:<\/strong> IEC 60502, BS 7870, GB\/T12706 o altro.<\/p>\n<p><strong>Applicazione:<\/strong> Edilizia, ingegneria, ferrovia, scuola, ospedale, metropolitana e cos\u00ec via.<\/p>\n<p style=\"text-align: center;\"><span class=\"su-lightbox\" data-mfp-src=\"#Popup\" data-mfp-type=\"inline\" data-mobile=\"yes\"><button class=\"btn btn-danger btn-sm\" ><i class=\"fa fa-hand-o-right\" style=\"color:#ffffff;\"><\/i> Preventivo<\/button><\/span>\n<\/div>\n<\/div>\n<h2>Qual \u00e8 la struttura del cavo armato a 5 conduttori da 10 mm?<\/h2>\n<p>In generale, la costruzione di 5 nuclei <a href=\"https:\/\/huadongswacable.com\/it\/prezzo-del-cavo-armato-da-10-mm\/\" target=\"_blank\" rel=\"noopener noreferrer\">Cavo swa da 10 mm<\/a> comprende quattro componenti. Sono il conduttore, l'isolante, il rivestimento interno e la guaina. Il conduttore del cavo armato a 5 conduttori \u00e8 un filo di rame o di alluminio. \u00c8 la parte pi\u00f9 importante del cavo armato a 5 conduttori.<\/p>\n<div class=\"row prolisttable\">\n<div class=\"row\"><\/div>\n<div class=\"col-lg-4 col-md-12 col-xs-12 col-sm-12\">\n<img loading=\"lazy\" decoding=\"async\" class=\"aligncenter size-full wp-image-5094\" src=\"https:\/\/huadongswacable.com\/wp-content\/uploads\/2020\/12\/0.6-1kv-10mm-5-core-swa-cable-.jpg\" alt=\"0,6\/1kv 10mm 5 core swa dimensioni del cavo\" width=\"298\" height=\"294\" \/><\/div>\n<div class=\"col-lg-8 col-md-12 col-xs-12 col-sm-12\">\n<p><strong>Tensione:<\/strong> 0,6\/1KV<\/p>\n<p><strong>Dimensioni:<\/strong> 4 mm, 6 mm, 10 mm, 16 mm, 25 mm, 35 mm, 50 mm, 70 mm, 95 mm, 120 mm, 185 mm ecc.<\/p>\n<p><strong>Corazzato:<\/strong> SWA (Armatura a filo d'acciaio) \/ STA (Armatura a nastro d'acciaio) \/ AWA (Armatura a filo d'alluminio)<\/p>\n<p><strong>Isolamento:<\/strong> XLPE \/ PVC \/ LSF \/ Resistente al fuoco<\/p>\n<p><strong>Standard:<\/strong> IEC 60502, BS 7870, GB\/T12706 o altro.<\/p>\n<p><strong>Imballaggio:<\/strong>\u00a0Tamburo di ferro o di legno<\/p>\n<p style=\"text-align: center;\"><span class=\"su-lightbox\" data-mfp-src=\"#Popup\" data-mfp-type=\"inline\" data-mobile=\"yes\"><button class=\"btn btn-danger btn-sm\" ><i class=\"fa fa-hand-o-right\" style=\"color:#ffffff;\"><\/i> Preventivo<\/button><\/span>\n<\/div>\n<\/div>\n<p>Il materiale dello strato isolante \u00e8 XLPE o PVC. L'isolamento in XLPE ha una maggiore resistenza alla temperatura rispetto all'isolamento in PVC. L'eccellente rigidit\u00e0 dielettrica del cavo swa a 5 conduttori garantisce propriet\u00e0 elettriche migliori. L'armatura in filo d'acciaio fornisce una protezione meccanica che consente al cavo swa a 5 conduttori di resistere alle sollecitazioni meccaniche. Se desiderate maggiori dettagli sulla struttura del cavo swa a 5 conduttori, contattateci.<\/p>\n<p><img loading=\"lazy\" decoding=\"async\" class=\"aligncenter size-full wp-image-5377\" src=\"https:\/\/huadongswacable.com\/wp-content\/uploads\/2021\/03\/get-best-25mm-5-core-armoured-cable-price.jpg\" alt=\"ottenere il miglior prezzo del cavo armato da 25 mm 5 core\" width=\"800\" height=\"245\" srcset=\"https:\/\/huadongswacable.com\/wp-content\/uploads\/2021\/03\/get-best-25mm-5-core-armoured-cable-price.jpg 800w, https:\/\/huadongswacable.com\/wp-content\/uploads\/2021\/03\/get-best-25mm-5-core-armoured-cable-price-300x92.jpg 300w, https:\/\/huadongswacable.com\/wp-content\/uploads\/2021\/03\/get-best-25mm-5-core-armoured-cable-price-768x235.jpg 768w\" sizes=\"auto, (max-width: 800px) 100vw, 800px\" \/><\/p>\n<p style=\"text-align: center;\"><span class=\"su-lightbox\" data-mfp-src=\"#Popup\" data-mfp-type=\"inline\" data-mobile=\"yes\"><button class=\"btn btn-danger btn-sm\" ><i class=\"fa fa-hand-o-right\" style=\"color:#ffffff;\"><\/i> Preventivo<\/button><\/span>\n<h2>Il Gruppo Huadong fornisce un servizio personalizzato di cavi swa a 5 nuclei.<\/h2>\n<p>Huadong produce un'ampia gamma di cavi armati a 5 conduttori in filo d'acciaio per applicazioni di pubblica utilit\u00e0. Forniamo cavi armati a 5 anime per l'utilizzo con una tensione da 0,6\/1kv a bassa tensione a 35KV a media tensione. Il materiale isolante utilizzato \u00e8 EPR, PVC, XLPE e HPTE. Il conduttore pu\u00f2 essere in rame pieno o a trefoli, o in alluminio in triplo e quintuplo. Il cavo di alimentazione a 5 conduttori pu\u00f2 essere blindato o non blindato. Seguiremo rigorosamente le specifiche del cavo blindato a 5 conduttori da voi fornite. Nella nostra fabbrica, possiamo fornire cavi da 10 mm, 16 mm, 25 mm, 50 mm, 70 mm, 95 mm, 120 mm, 150 mm, 185 mm, 240 mm, 300 mm e altre dimensioni.  Di che tipo di cavo swa a 5 conduttori hai bisogno? Lasciate un messaggio in questo momento per ottenere il vostro preventivo, vi risponderemo il prima possibile.<\/p>\n<p><img loading=\"lazy\" decoding=\"async\" class=\"size-full aligncenter\" src=\"https:\/\/huadongswacable.com\/wp-content\/uploads\/2020\/08\/240mm-aluminium-sector-cable-price.jpg\" alt=\"5 core swa cavo armato produttore fabbrica\" width=\"800\" height=\"414\" \/><\/p>\n<div class=\"su-lightbox-content su-u-trim\" id=\"Popup\" style=\"display:none;width:auto;min-width:50%;max-width:70%;margin-top:40px;margin-bottom:40px;padding:40px;background:#e8e5e5;color:#060473;box-shadow:0px 0px 15px #333333;text-align:left\"><div role=\"form\" class=\"wpcf7\" id=\"wpcf7-f5571-o1\" lang=\"en-US\" dir=\"ltr\">\n<div class=\"screen-reader-response\"><p role=\"status\" aria-live=\"polite\" aria-atomic=\"true\"><\/p> <ul><\/ul><\/div>\n<form action=\"\/it\/wp-json\/wp\/v2\/pages\/81#wpcf7-f5571-o1\" method=\"post\" class=\"wpcf7-form init\" novalidate=\"novalidate\" data-status=\"init\" data-trp-original-action=\"\/it\/wp-json\/wp\/v2\/pages\/81#wpcf7-f5571-o1\">\n<div style=\"display: none;\">\n<input type=\"hidden\" name=\"_wpcf7\" value=\"5571\" \/>\n<input type=\"hidden\" name=\"_wpcf7_version\" value=\"5.5.6\" \/>\n<input type=\"hidden\" name=\"_wpcf7_locale\" value=\"en_US\" \/>\n<input type=\"hidden\" name=\"_wpcf7_unit_tag\" value=\"wpcf7-f5571-o1\" \/>\n<input type=\"hidden\" name=\"_wpcf7_container_post\" value=\"0\" \/>\n<input type=\"hidden\" name=\"_wpcf7_posted_data_hash\" value=\"\" \/>\n<\/div>\n<div class=\"popmakerform\">\n<p>Il tuo nome <span style=\"color:red;\">*<span><br \/>\n<span class=\"wpcf7-form-control-wrap your-name\"><input type=\"text\" name=\"your-name\" value=\"\" size=\"40\" class=\"wpcf7-form-control wpcf7-text wpcf7-validates-as-required\" aria-required=\"true\" aria-invalid=\"false\" \/><\/span><\/p>\n<p>Il tuo indirizzo e-mail <span style=\"color:red;\">*<span><br \/>\n<span class=\"wpcf7-form-control-wrap your-email\"><input type=\"email\" name=\"your-email\" value=\"\" size=\"40\" class=\"wpcf7-form-control wpcf7-text wpcf7-email wpcf7-validates-as-required wpcf7-validates-as-email\" aria-required=\"true\" aria-invalid=\"false\" \/><\/span><\/p>\n<p>Il vostro numero di telefono<br \/>\n<span class=\"wpcf7-form-control-wrap your-phone\"><input type=\"text\" name=\"your-phone\" value=\"\" size=\"40\" class=\"wpcf7-form-control wpcf7-text\" aria-invalid=\"false\" \/><\/span><\/p>\n<p>Il vostro Paese<br \/>\n<span class=\"wpcf7-form-control-wrap your-country\"><input type=\"text\" name=\"your-country\" value=\"\" size=\"40\" class=\"wpcf7-form-control wpcf7-text\" aria-invalid=\"false\" \/><\/span><\/p>\n<p>Requisiti dettagliati <span style=\"color:red;\">*<span><br \/>\n<span class=\"wpcf7-form-control-wrap your-requirement\"><textarea name=\"your-requirement\" cols=\"40\" rows=\"4\" class=\"wpcf7-form-control wpcf7-textarea wpcf7-validates-as-required\" aria-required=\"true\" aria-invalid=\"false\"><\/textarea><\/span><\/p>\n<p><input type=\"submit\" value=\"Preventivo\" class=\"wpcf7-form-control has-spinner wpcf7-submit\" \/><\/p>\n<\/div>\n<p style=\"display: none !important;\"><label>&#916;<textarea name=\"_wpcf7_ak_hp_textarea\" cols=\"45\" rows=\"8\" maxlength=\"100\"><\/textarea><\/label><input type=\"hidden\" id=\"ak_js_1\" name=\"_wpcf7_ak_js\" value=\"113\"\/><script>document.getElementById( \"ak_js_1\" ).setAttribute( \"value\", ( new Date() ).getTime() );<\/script><\/p><input type='hidden' class='wpcf7-pum' value='{\"closepopup\":false,\"closedelay\":0,\"openpopup\":false,\"openpopup_id\":0}' \/><div class=\"wpcf7-response-output\" aria-hidden=\"true\"><\/div><input type=\"hidden\" name=\"trp-form-language\" value=\"it\"\/><\/form><\/div><\/div>\n<h3>Non esitate a lasciare il vostro requisito. Vi risponderemo entro 12 ore.<\/h3>\n<p><strong>E-mail: <a href=\"mailto:info@huadongswacable.com\" rel=\"nofollow\">info@huadongswacable.com<\/a><\/strong><\/p>\n<div role=\"form\" class=\"wpcf7\" id=\"wpcf7-f6-o2\" lang=\"en-US\" dir=\"ltr\">\n<div class=\"screen-reader-response\"><p role=\"status\" aria-live=\"polite\" aria-atomic=\"true\"><\/p> <ul><\/ul><\/div>\n<form action=\"\/it\/wp-json\/wp\/v2\/pages\/81#wpcf7-f6-o2\" method=\"post\" class=\"wpcf7-form init\" novalidate=\"novalidate\" data-status=\"init\" data-trp-original-action=\"\/it\/wp-json\/wp\/v2\/pages\/81#wpcf7-f6-o2\">\n<div style=\"display: none;\">\n<input type=\"hidden\" name=\"_wpcf7\" value=\"6\" \/>\n<input type=\"hidden\" name=\"_wpcf7_version\" value=\"5.5.6\" \/>\n<input type=\"hidden\" name=\"_wpcf7_locale\" value=\"en_US\" \/>\n<input type=\"hidden\" name=\"_wpcf7_unit_tag\" value=\"wpcf7-f6-o2\" \/>\n<input type=\"hidden\" name=\"_wpcf7_container_post\" value=\"0\" \/>\n<input type=\"hidden\" name=\"_wpcf7_posted_data_hash\" value=\"\" \/>\n<\/div>\n<div class=\"messageform\">\n<p><strong><span style=\"color:red;\"><\/span> Il tuo nome<\/strong><br \/>\n    <span class=\"wpcf7-form-control-wrap your-name\"><input type=\"text\" name=\"your-name\" value=\"\" size=\"40\" class=\"wpcf7-form-control wpcf7-text\" aria-invalid=\"false\" \/><\/span> <\/p>\n<p><strong><span style=\"color:red;\">*<\/span> Il tuo indirizzo e-mail<\/strong><br \/>\n    <span class=\"wpcf7-form-control-wrap your-email\"><input type=\"email\" name=\"your-email\" value=\"\" size=\"40\" class=\"wpcf7-form-control wpcf7-text wpcf7-email wpcf7-validates-as-required wpcf7-validates-as-email\" aria-required=\"true\" aria-invalid=\"false\" \/><\/span> <\/p>\n<p><strong>Il vostro numero di telefono<\/strong><br \/>\n    <span class=\"wpcf7-form-control-wrap your-phone\"><input type=\"text\" name=\"your-phone\" value=\"\" size=\"40\" class=\"wpcf7-form-control wpcf7-text\" aria-invalid=\"false\" placeholder=\"Includere il prefisso della zona\" \/><\/span> <\/p>\n<p><strong>Il vostro Paese<\/strong><br \/>\n    <span class=\"wpcf7-form-control-wrap your-country\"><input type=\"text\" name=\"your-country\" value=\"\" size=\"40\" class=\"wpcf7-form-control wpcf7-text\" aria-invalid=\"false\" \/><\/span> <\/p>\n<p><strong><span style=\"color:red;\">*<\/span> Il vostro requisito<\/strong><br \/>\n    <span class=\"wpcf7-form-control-wrap your-requirement\"><textarea name=\"your-requirement\" cols=\"40\" rows=\"10\" class=\"wpcf7-form-control wpcf7-textarea wpcf7-validates-as-required bestonmessage\" aria-required=\"true\" aria-invalid=\"false\" placeholder=\"Per un&#039;offerta dettagliata, vi preghiamo di inviarci il vostro requisito dettagliato.\"><\/textarea><\/span> <\/p>\n<p><input type=\"submit\" value=\"Invia il messaggio\" class=\"wpcf7-form-control has-spinner wpcf7-submit\" \/><\/p>\n<\/div>\n<p style=\"display: none !important;\"><label>&#916;<textarea name=\"_wpcf7_ak_hp_textarea\" cols=\"45\" rows=\"8\" maxlength=\"100\"><\/textarea><\/label><input type=\"hidden\" id=\"ak_js_2\" name=\"_wpcf7_ak_js\" value=\"118\"\/><script>document.getElementById( \"ak_js_2\" ).setAttribute( \"value\", ( new Date() ).getTime() );<\/script><\/p><input type='hidden' class='wpcf7-pum' value='{\"closepopup\":false,\"closedelay\":0,\"openpopup\":false,\"openpopup_id\":0}' \/><div class=\"wpcf7-response-output\" aria-hidden=\"true\"><\/div><input type=\"hidden\" name=\"trp-form-language\" value=\"it\"\/><\/form><\/div>","protected":false},"excerpt":{"rendered":"<p>Vi preghiamo gentilmente di inviarci la vostra richiesta 16 mm 5 core blindato cavo di alimentazione elenco e quantit\u00e0 di ordine. Il nostro responsabile vendite vi invier\u00e0 i nostri documenti di offerta entro 12 ore. Cavo blindato a 5 anime di Huadong Group Huadong Cable Group \u00e8 un produttore leader di cavi blindati a 5 anime. Forniamo cavi blindati a bassa tensione e a media ... <a class=\"read-more\" href=\"https:\/\/huadongswacable.com\/it\/personalizzazione-del-cavo-armato-a-5-core\/\">Per saperne di pi\u00f9...<\/a><\/p>","protected":false},"author":1,"featured_media":0,"parent":0,"menu_order":0,"comment_status":"closed","ping_status":"closed","template":"","meta":{"footnotes":""},"class_list":["post-81","page","type-page","status-publish"],"yoast_head":"<!-- This site is optimized with the Yoast SEO plugin v18.4.1 - https:\/\/yoast.com\/wordpress\/plugins\/seo\/ -->\n<title>6mm 10mm 16mm 25mm 35mm 5 Core Armoured Cable-HDC SWA Cable<\/title>\n<meta name=\"description\" content=\"Best 6mm 10mm 16mm 25mm 35mm 5 core armoured cable for sale. As a 5 core swa cable supplier, we can give you cheap 5 core swa cable price .\" \/>\n<meta name=\"robots\" content=\"index, follow, max-snippet:-1, max-image-preview:large, max-video-preview:-1\" \/>\n<link rel=\"canonical\" href=\"http:\/\/huadongswacable.com\/it\/5-core-armoured-cable-customization\/\" \/>\n<meta property=\"og:locale\" content=\"it_IT\" \/>\n<meta property=\"og:type\" content=\"article\" \/>\n<meta property=\"og:title\" content=\"6mm 10mm 16mm 25mm 35mm 5 Core Armoured Cable-HDC SWA Cable\" \/>\n<meta property=\"og:description\" content=\"Best 6mm 10mm 16mm 25mm 35mm 5 core armoured cable for sale. As a 5 core swa cable supplier, we can give you cheap 5 core swa cable price .\" \/>\n<meta property=\"og:url\" content=\"http:\/\/huadongswacable.com\/it\/5-core-armoured-cable-customization\/\" \/>\n<meta property=\"og:site_name\" content=\"Huadong SWA Cable\" \/>\n<meta property=\"article:modified_time\" content=\"2022-12-19T06:37:02+00:00\" \/>\n<meta property=\"og:image\" content=\"https:\/\/huadongswacable.com\/wp-content\/uploads\/2020\/12\/25mm-5-core-swa-cable-specification.jpg\" \/>\n<meta name=\"twitter:card\" content=\"summary_large_image\" \/>\n<meta name=\"twitter:label1\" content=\"Tempo di lettura stimato\" \/>\n\t<meta name=\"twitter:data1\" content=\"4 minuti\" \/>\n<script type=\"application\/ld+json\" class=\"yoast-schema-graph\">{\"@context\":\"https:\/\/schema.org\",\"@graph\":[{\"@type\":\"WebSite\",\"@id\":\"http:\/\/huadongswacable.com\/ru\/#website\",\"url\":\"http:\/\/huadongswacable.com\/ru\/\",\"name\":\"Huadong SWA Cable\",\"description\":\"Huadong SWA Cable\",\"potentialAction\":[{\"@type\":\"SearchAction\",\"target\":{\"@type\":\"EntryPoint\",\"urlTemplate\":\"http:\/\/huadongswacable.com\/ru\/?s={search_term_string}\"},\"query-input\":\"required name=search_term_string\"}],\"inLanguage\":\"it-IT\"},{\"@type\":\"ImageObject\",\"@id\":\"http:\/\/huadongswacable.com\/es\/5-core-armoured-cable-customization\/#primaryimage\",\"inLanguage\":\"it-IT\",\"url\":\"https:\/\/huadongswacable.com\/wp-content\/uploads\/2020\/12\/25mm-5-core-swa-cable-specification.jpg\",\"contentUrl\":\"https:\/\/huadongswacable.com\/wp-content\/uploads\/2020\/12\/25mm-5-core-swa-cable-specification.jpg\",\"width\":750,\"height\":214,\"caption\":\"25mm 5 core swa cable specification\"},{\"@type\":\"WebPage\",\"@id\":\"http:\/\/huadongswacable.com\/es\/5-core-armoured-cable-customization\/#webpage\",\"url\":\"http:\/\/huadongswacable.com\/es\/5-core-armoured-cable-customization\/\",\"name\":\"6mm 10mm 16mm 25mm 35mm 5 Core Armoured Cable-HDC SWA Cable\",\"isPartOf\":{\"@id\":\"http:\/\/huadongswacable.com\/ru\/#website\"},\"primaryImageOfPage\":{\"@id\":\"http:\/\/huadongswacable.com\/es\/5-core-armoured-cable-customization\/#primaryimage\"},\"datePublished\":\"2018-03-08T04:01:33+00:00\",\"dateModified\":\"2022-12-19T06:37:02+00:00\",\"description\":\"Best 6mm 10mm 16mm 25mm 35mm 5 core armoured cable for sale. As a 5 core swa cable supplier, we can give you cheap 5 core swa cable price .\",\"breadcrumb\":{\"@id\":\"http:\/\/huadongswacable.com\/es\/5-core-armoured-cable-customization\/#breadcrumb\"},\"inLanguage\":\"it-IT\",\"potentialAction\":[{\"@type\":\"ReadAction\",\"target\":[\"http:\/\/huadongswacable.com\/es\/5-core-armoured-cable-customization\/\"]}]},{\"@type\":\"BreadcrumbList\",\"@id\":\"http:\/\/huadongswacable.com\/es\/5-core-armoured-cable-customization\/#breadcrumb\",\"itemListElement\":[{\"@type\":\"ListItem\",\"position\":1,\"name\":\"Home\",\"item\":\"http:\/\/huadongswacable.com\/ru\/\"},{\"@type\":\"ListItem\",\"position\":2,\"name\":\"6mm 10mm 16mm 25mm 35mm 5 Core Armoured Cable Customization\"}]}]}<\/script>\n<!-- \/ Yoast SEO plugin. -->","yoast_head_json":{"title":"6mm 10mm 16mm 25mm 35mm 5 Core Armoured Cable-HDC SWA Cable","description":"Best 6mm 10mm 16mm 25mm 35mm 5 core armoured cable for sale. As a 5 core swa cable supplier, we can give you cheap 5 core swa cable price .","robots":{"index":"index","follow":"follow","max-snippet":"max-snippet:-1","max-image-preview":"max-image-preview:large","max-video-preview":"max-video-preview:-1"},"canonical":"http:\/\/huadongswacable.com\/it\/5-core-armoured-cable-customization\/","og_locale":"it_IT","og_type":"article","og_title":"6mm 10mm 16mm 25mm 35mm 5 Core Armoured Cable-HDC SWA Cable","og_description":"Best 6mm 10mm 16mm 25mm 35mm 5 core armoured cable for sale. As a 5 core swa cable supplier, we can give you cheap 5 core swa cable price .","og_url":"http:\/\/huadongswacable.com\/it\/5-core-armoured-cable-customization\/","og_site_name":"Huadong SWA Cable","article_modified_time":"2022-12-19T06:37:02+00:00","og_image":[{"url":"https:\/\/huadongswacable.com\/wp-content\/uploads\/2020\/12\/25mm-5-core-swa-cable-specification.jpg"}],"twitter_card":"summary_large_image","twitter_misc":{"Tempo di lettura stimato":"4 minuti"},"schema":{"@context":"https:\/\/schema.org","@graph":[{"@type":"WebSite","@id":"http:\/\/huadongswacable.com\/ru\/#website","url":"http:\/\/huadongswacable.com\/ru\/","name":"Huadong SWA Cable","description":"Huadong SWA Cable","potentialAction":[{"@type":"SearchAction","target":{"@type":"EntryPoint","urlTemplate":"http:\/\/huadongswacable.com\/ru\/?s={search_term_string}"},"query-input":"required name=search_term_string"}],"inLanguage":"it-IT"},{"@type":"ImageObject","@id":"http:\/\/huadongswacable.com\/es\/5-core-armoured-cable-customization\/#primaryimage","inLanguage":"it-IT","url":"https:\/\/huadongswacable.com\/wp-content\/uploads\/2020\/12\/25mm-5-core-swa-cable-specification.jpg","contentUrl":"https:\/\/huadongswacable.com\/wp-content\/uploads\/2020\/12\/25mm-5-core-swa-cable-specification.jpg","width":750,"height":214,"caption":"25mm 5 core swa cable specification"},{"@type":"WebPage","@id":"http:\/\/huadongswacable.com\/es\/5-core-armoured-cable-customization\/#webpage","url":"http:\/\/huadongswacable.com\/es\/5-core-armoured-cable-customization\/","name":"6mm 10mm 16mm 25mm 35mm 5 Core Armoured Cable-HDC SWA Cable","isPartOf":{"@id":"http:\/\/huadongswacable.com\/ru\/#website"},"primaryImageOfPage":{"@id":"http:\/\/huadongswacable.com\/es\/5-core-armoured-cable-customization\/#primaryimage"},"datePublished":"2018-03-08T04:01:33+00:00","dateModified":"2022-12-19T06:37:02+00:00","description":"Best 6mm 10mm 16mm 25mm 35mm 5 core armoured cable for sale. As a 5 core swa cable supplier, we can give you cheap 5 core swa cable price .","breadcrumb":{"@id":"http:\/\/huadongswacable.com\/es\/5-core-armoured-cable-customization\/#breadcrumb"},"inLanguage":"it-IT","potentialAction":[{"@type":"ReadAction","target":["http:\/\/huadongswacable.com\/es\/5-core-armoured-cable-customization\/"]}]},{"@type":"BreadcrumbList","@id":"http:\/\/huadongswacable.com\/es\/5-core-armoured-cable-customization\/#breadcrumb","itemListElement":[{"@type":"ListItem","position":1,"name":"Home","item":"http:\/\/huadongswacable.com\/ru\/"},{"@type":"ListItem","position":2,"name":"6mm 10mm 16mm 25mm 35mm 5 Core Armoured Cable Customization"}]}]}},"_links":{"self":[{"href":"https:\/\/huadongswacable.com\/it\/wp-json\/wp\/v2\/pages\/81","targetHints":{"allow":["GET"]}}],"collection":[{"href":"https:\/\/huadongswacable.com\/it\/wp-json\/wp\/v2\/pages"}],"about":[{"href":"https:\/\/huadongswacable.com\/it\/wp-json\/wp\/v2\/types\/page"}],"author":[{"embeddable":true,"href":"https:\/\/huadongswacable.com\/it\/wp-json\/wp\/v2\/users\/1"}],"replies":[{"embeddable":true,"href":"https:\/\/huadongswacable.com\/it\/wp-json\/wp\/v2\/comments?post=81"}],"version-history":[{"count":40,"href":"https:\/\/huadongswacable.com\/it\/wp-json\/wp\/v2\/pages\/81\/revisions"}],"predecessor-version":[{"id":7772,"href":"https:\/\/huadongswacable.com\/it\/wp-json\/wp\/v2\/pages\/81\/revisions\/7772"}],"wp:attachment":[{"href":"https:\/\/huadongswacable.com\/it\/wp-json\/wp\/v2\/media?parent=81"}],"curies":[{"name":"wp","href":"https:\/\/api.w.org\/{rel}","templated":true}]}}