{"id":790,"date":"2018-04-20T11:46:06","date_gmt":"2018-04-20T03:46:06","guid":{"rendered":"http:\/\/huadongswacable.com\/?page_id=790"},"modified":"2022-12-19T15:30:12","modified_gmt":"2022-12-19T07:30:12","slug":"pvc-coated-mc-cable","status":"publish","type":"page","link":"https:\/\/huadongswacable.com\/it\/cavo-rivestito-in-pvc\/","title":{"rendered":"8\/3 10\/2 10\/3 12\/2 12\/3 12\/4 Fornitore di cavi MC rivestiti in PVC"},"content":{"rendered":"<h2>Acquisto di cavi MC rivestiti in PVC da Huadong<\/h2>\n<p>Il cavo MC rivestito in PVC si riferisce al cavo corazzato interbloccato in lega di alluminio con rivestimento in PVC. Se avete bisogno di un cavo MC rivestito in PVC, scegliete Huadong Cable Group. Huadong Cable Group \u00e8 uno dei principali produttori di cavi MC in PVC a 3 conduttori di calibro 12 in Cina. Siamo specializzati nella produzione di vari tipi di cavi, in particolare di cavi MC rivestiti in PVC. Rispetto ad altri produttori di cavi MC rivestiti in PVC, abbiamo molti vantaggi che vale la pena scegliere per voi.<\/p>\n<div class=\"row prolisttable\">\n<div class=\"col-lg-12 col-md-12 col-xs-12 col-sm-12\">\n<table>\n<tbody>\n<tr>\n<td><img loading=\"lazy\" decoding=\"async\" class=\"aligncenter wp-image-795 size-full\" src=\"https:\/\/huadongswacable.com\/wp-content\/uploads\/2018\/04\/pvc-jacketed-mc-cable-quotation.jpg\" alt=\"Preventivo cavo mc 12\/2 rivestito in pvc\" width=\"180\" height=\"304\" srcset=\"https:\/\/huadongswacable.com\/wp-content\/uploads\/2018\/04\/pvc-jacketed-mc-cable-quotation.jpg 180w, https:\/\/huadongswacable.com\/wp-content\/uploads\/2018\/04\/pvc-jacketed-mc-cable-quotation-178x300.jpg 178w\" sizes=\"auto, (max-width: 180px) 100vw, 180px\" \/><\/td>\n<td><strong>Conduttori:<\/strong> Rame o alluminio solido o a trefoli<\/p>\n<p><strong>N. di nuclei<\/strong> Singolo\/due\/tre\/quattro<\/p>\n<p><strong>Strato di armatura:<\/strong> Armatura interbloccata in lega di alluminio<\/p>\n<p><strong>Giacca esterna: <\/strong>Cloruro di polivinile (PVC)<\/p>\n<p><strong>Tensione:<\/strong> 600V, 1KV, 5KV, 15KV o altro<\/p>\n<p><strong>Temperatura massima nominale:<\/strong> Da -40\u00b0C a 90\u00b0C<\/td>\n<\/tr>\n<\/tbody>\n<\/table>\n<\/div>\n<\/div>\n<p>Possiamo garantire che la nostra azienda ha il prezzo del cavo MC rivestito in PVC 12\/2 pi\u00f9 competitivo e <a href=\"https:\/\/huadongswacable.com\/it\/cavo-teck-90-di-alta-qualita-a-basso-prezzo\/\" target=\"_blank\" rel=\"noopener noreferrer\">Prezzo del cavo Teck90<\/a> per la stessa qualit\u00e0 del cavo MC rivestito in PVC. Lo stesso prezzo del cavo MC rivestito in PVC da 12 gauge 3 conduttori, la qualit\u00e0 del nostro cavo MC rivestito in PVC \u00e8 la migliore. Allo stesso tempo, se avete bisogno di un sacco di 12 \/ 3 cavo PVC MC, vi daremo uno sconto 12 \/ 2 PVC rivestito MC prezzo. Ora lasciate il vostro messaggio e contattateci.<\/p>\n<p style=\"text-align: center;\"><span class=\"su-lightbox\" data-mfp-src=\"#Popup\" data-mfp-type=\"inline\" data-mobile=\"yes\"><button class=\"btn btn-danger btn-sm\" ><i class=\"fa fa-hand-o-right\" style=\"color:#ffffff;\"><\/i> Preventivo<\/button><\/span>\n<h2>Ottenere il miglior prezzo del cavo MC rivestito in PVC 12\/2<\/h2>\n<p>Il motivo per cui il cavo MC in PVC \u00e8 molto apprezzato \u00e8 che presenta eccellenti vantaggi in termini di prestazioni. Innanzitutto, lo strato di armatura del cavo MC 12\/2 rivestito in PVC \u00e8 un'armatura ad incastro in lega di alluminio, molto leggera. Inoltre, il cavo MC rivestito in PVC \u00e8 pi\u00f9 facile da installare rispetto al cavo armato in filo d'acciaio. Inoltre, la resistenza del cavo MC rivestito in PVC 12\/3 \u00e8 quasi uguale a quella del cavo blindato in filo d'acciaio. Il cavo MC in PVC \u00e8 adatto non solo all'ambiente secco, ma anche a quello umido. Il cavo MC a 3 conduttori rivestito in PVC ha un'ampia gamma di applicazioni. Se volete saperne di pi\u00f9, non esitate a contattarci. <img loading=\"lazy\" decoding=\"async\" class=\"aligncenter size-full wp-image-6441\" src=\"https:\/\/huadongswacable.com\/wp-content\/uploads\/2021\/10\/600v-12-3-conductor-copper-pvc-coated-mc-cable-price-list-Canada.jpg\" alt=\"600v 12-3 conduttori in rame rivestito in pvc mc prezzo di listino Canada\" width=\"800\" height=\"150\" srcset=\"https:\/\/huadongswacable.com\/wp-content\/uploads\/2021\/10\/600v-12-3-conductor-copper-pvc-coated-mc-cable-price-list-Canada.jpg 800w, https:\/\/huadongswacable.com\/wp-content\/uploads\/2021\/10\/600v-12-3-conductor-copper-pvc-coated-mc-cable-price-list-Canada-300x56.jpg 300w, https:\/\/huadongswacable.com\/wp-content\/uploads\/2021\/10\/600v-12-3-conductor-copper-pvc-coated-mc-cable-price-list-Canada-768x144.jpg 768w\" sizes=\"auto, (max-width: 800px) 100vw, 800px\" \/><\/p>\n<p>L'utilizzo di un cavo MC 10\/2 rivestito in PVC consente inoltre di risparmiare sui costi di posa di tubi o trincee. Questo \u00e8 un vantaggio del cavo MC in PVC che non pu\u00f2 essere ignorato. Se acquistate un cavo MC rivestito in PVC di Huadong, potrete risparmiare molto sul cavo MC 8\/3. Se avete altre domande, non esitate a contattarci. Benvenuti a visitare la nostra fabbrica di cavi MC rivestiti in PVC 10\/2. Attendiamo con ansia la vostra richiesta. Spero che possiamo avere una piacevole cooperazione nel tempo a venire.<\/p>\n<p style=\"text-align: center;\"><span class=\"su-lightbox\" data-mfp-src=\"#Popup\" data-mfp-type=\"inline\" data-mobile=\"yes\"><button class=\"btn btn-danger btn-sm\" ><i class=\"fa fa-hand-o-right\" style=\"color:#ffffff;\"><\/i> Preventivo<\/button><\/span>\n<h2>Applicazioni con cavo armato interbloccato in lega di alluminio 12\/3<\/h2>\n<p>- Applicazioni ad interramento diretto, installazione in calcestruzzo e dove sono esposti a riempimenti di cemento, forti cloruri,<br \/>\nalcali caustici, o vapori di cloro o di acidi cloridrici.<br \/>\n- Distribuzione dell'energia elettrica di ramo, di derivazione e di servizio in ambienti commerciali, industriali, istituzionali e di telecomunicazione.<br \/>\nedifici multiresidenziali.<br \/>\n- Pescato o incastrato nell'intonaco.<br \/>\n- Installazioni a scomparsa o a vista<br \/>\n- Come cavo aereo su un messaggero.<br \/>\n- Installazione in vaschette portacavi e canaline approvate.<br \/>\n- Classe I Div. 2, Classe II Div. 2 e Classe III Div. 1 Luoghi pericolosi.<\/p>\n<p><img loading=\"lazy\" decoding=\"async\" class=\"aligncenter wp-image-800\" src=\"https:\/\/huadongswacable.com\/wp-content\/uploads\/2018\/04\/China-Huadong-low-pvc-coated-mc-cable-price.jpg\" alt=\"Cina Huadong basso 12 \/4 pvc rivestito cavo mc prezzo\" width=\"559\" height=\"280\" srcset=\"https:\/\/huadongswacable.com\/wp-content\/uploads\/2018\/04\/China-Huadong-low-pvc-coated-mc-cable-price.jpg 733w, https:\/\/huadongswacable.com\/wp-content\/uploads\/2018\/04\/China-Huadong-low-pvc-coated-mc-cable-price-300x150.jpg 300w\" sizes=\"auto, (max-width: 559px) 100vw, 559px\" \/><\/p>\n<p style=\"text-align: center;\"><span class=\"su-lightbox\" data-mfp-src=\"#Popup\" data-mfp-type=\"inline\" data-mobile=\"yes\"><button class=\"btn btn-danger btn-sm\" ><i class=\"fa fa-hand-o-right\" style=\"color:#ffffff;\"><\/i> Preventivo<\/button><\/span>\n<h2>Che dire della fabbrica del produttore del cavo MC rivestito in PVC 10\/2?<\/h2>\n<p>Essendo uno dei maggiori produttori di cavi MC rivestiti in PVC, forniamo ai nostri clienti molti cavi blindati interbloccati in lega di alluminio, come il cavo teck90, <a href=\"https:\/\/huadongswacable.com\/it\/cavo-acwu-a-basso-prezzo\/\" target=\"_blank\" rel=\"noopener noreferrer\">cavo acwu aia<\/a>. Da un lato, scegliamo alluminio e rame di qualit\u00e0 superiore come conduttore del cavo MC rivestito in PVC 10\/2. Dall'altro, il prezzo del nostro cavo MC rivestito in PVC 12 gauge \u00e8 molto ragionevole. Inoltre, il nostro prezzo del cavo MC rivestito in PVC calibro 12 \u00e8 molto ragionevole. Perch\u00e9 siamo diretti 3 conduttore PVC rivestito cavo MC fornitore. Inoltre, abbiamo esportato il nostro 10\/2 in lega di alluminio cavo blindato interbloccato in molti paesi. Cos\u00ec si pu\u00f2 trovare il nostro 12\/2 PVC rivestito MC prezzo sono diversi da PVC rivestito MC prezzo del cavo in Canada.<\/p>\n<p><img loading=\"lazy\" decoding=\"async\" width=\"751\" height=\"295\" class=\"wp-image-805 aligncenter\" src=\"https:\/\/huadongswacable.com\/wp-content\/uploads\/2018\/04\/Huadong-PVC-Coated-MC-Cable-Stock.jpg\" alt=\"&quot;Huadong\" srcset=\"https:\/\/huadongswacable.com\/wp-content\/uploads\/2018\/04\/Huadong-PVC-Coated-MC-Cable-Stock.jpg 751w, https:\/\/huadongswacable.com\/wp-content\/uploads\/2018\/04\/Huadong-PVC-Coated-MC-Cable-Stock-300x118.jpg 300w\" sizes=\"auto, (max-width: 751px) 100vw, 751px\" \/><\/p>\n<p>Oltre al cavo MC calibro 12 a 3 conduttori rivestito in PVC, disponiamo anche di <a href=\"https:\/\/huadongswacable.com\/it\/struttura-del-cavo-armato-da-16-mm\/\" target=\"_blank\" rel=\"noopener noreferrer\">cavo armato di altro tipo<\/a> in vendita. Potete quindi comunicarci le dimensioni e la quantit\u00e0 di cavo MC rivestito in PVC di cui avete bisogno. Il nostro responsabile fornir\u00e0 il prezzo del cavo MC rivestito in PVC 10\/3 per <span class=\"VIiyi\" lang=\"en\"><span class=\"JLqJ4b ChMk0b\" data-language-for-alternatives=\"en\" data-language-to-translate-into=\"zh-CN\" data-phrase-index=\"0\">Germania, Canada, America, Tailandia o altri Paesi.<\/span><\/span><\/p>\n<div class=\"su-lightbox-content su-u-trim\" id=\"Popup\" style=\"display:none;width:auto;min-width:50%;max-width:70%;margin-top:40px;margin-bottom:40px;padding:40px;background:#e8e5e5;color:#060473;box-shadow:0px 0px 15px #333333;text-align:left\"><div role=\"form\" class=\"wpcf7\" id=\"wpcf7-f5571-o1\" lang=\"en-US\" dir=\"ltr\">\n<div class=\"screen-reader-response\"><p role=\"status\" aria-live=\"polite\" aria-atomic=\"true\"><\/p> <ul><\/ul><\/div>\n<form action=\"\/it\/wp-json\/wp\/v2\/pages\/790#wpcf7-f5571-o1\" method=\"post\" class=\"wpcf7-form init\" novalidate=\"novalidate\" data-status=\"init\" data-trp-original-action=\"\/it\/wp-json\/wp\/v2\/pages\/790#wpcf7-f5571-o1\">\n<div style=\"display: none;\">\n<input type=\"hidden\" name=\"_wpcf7\" value=\"5571\" \/>\n<input type=\"hidden\" name=\"_wpcf7_version\" value=\"5.5.6\" \/>\n<input type=\"hidden\" name=\"_wpcf7_locale\" value=\"en_US\" \/>\n<input type=\"hidden\" name=\"_wpcf7_unit_tag\" value=\"wpcf7-f5571-o1\" \/>\n<input type=\"hidden\" name=\"_wpcf7_container_post\" value=\"0\" \/>\n<input type=\"hidden\" name=\"_wpcf7_posted_data_hash\" value=\"\" \/>\n<\/div>\n<div class=\"popmakerform\">\n<p>Il tuo nome <span style=\"color:red;\">*<span><br \/>\n<span class=\"wpcf7-form-control-wrap your-name\"><input type=\"text\" name=\"your-name\" value=\"\" size=\"40\" class=\"wpcf7-form-control wpcf7-text wpcf7-validates-as-required\" aria-required=\"true\" aria-invalid=\"false\" \/><\/span><\/p>\n<p>Il tuo indirizzo e-mail <span style=\"color:red;\">*<span><br \/>\n<span class=\"wpcf7-form-control-wrap your-email\"><input type=\"email\" name=\"your-email\" value=\"\" size=\"40\" class=\"wpcf7-form-control wpcf7-text wpcf7-email wpcf7-validates-as-required wpcf7-validates-as-email\" aria-required=\"true\" aria-invalid=\"false\" \/><\/span><\/p>\n<p>Il vostro numero di telefono<br \/>\n<span class=\"wpcf7-form-control-wrap your-phone\"><input type=\"text\" name=\"your-phone\" value=\"\" size=\"40\" class=\"wpcf7-form-control wpcf7-text\" aria-invalid=\"false\" \/><\/span><\/p>\n<p>Il vostro Paese<br \/>\n<span class=\"wpcf7-form-control-wrap your-country\"><input type=\"text\" name=\"your-country\" value=\"\" size=\"40\" class=\"wpcf7-form-control wpcf7-text\" aria-invalid=\"false\" \/><\/span><\/p>\n<p>Requisiti dettagliati <span style=\"color:red;\">*<span><br \/>\n<span class=\"wpcf7-form-control-wrap your-requirement\"><textarea name=\"your-requirement\" cols=\"40\" rows=\"4\" class=\"wpcf7-form-control wpcf7-textarea wpcf7-validates-as-required\" aria-required=\"true\" aria-invalid=\"false\"><\/textarea><\/span><\/p>\n<p><input type=\"submit\" value=\"Preventivo\" class=\"wpcf7-form-control has-spinner wpcf7-submit\" \/><\/p>\n<\/div>\n<p style=\"display: none !important;\"><label>&#916;<textarea name=\"_wpcf7_ak_hp_textarea\" cols=\"45\" rows=\"8\" maxlength=\"100\"><\/textarea><\/label><input type=\"hidden\" id=\"ak_js_1\" name=\"_wpcf7_ak_js\" value=\"192\"\/><script>document.getElementById( \"ak_js_1\" ).setAttribute( \"value\", ( new Date() ).getTime() );<\/script><\/p><input type='hidden' class='wpcf7-pum' value='{\"closepopup\":false,\"closedelay\":0,\"openpopup\":false,\"openpopup_id\":0}' \/><div class=\"wpcf7-response-output\" aria-hidden=\"true\"><\/div><input type=\"hidden\" name=\"trp-form-language\" value=\"it\"\/><\/form><\/div><\/div>\n<h3>Non esitate a lasciare il vostro requisito. Vi risponderemo entro 12 ore.<\/h3>\n<p><strong>E-mail: <a href=\"mailto:info@huadongswacable.com\" rel=\"nofollow\">info@huadongswacable.com<\/a><\/strong><\/p>\n<div role=\"form\" class=\"wpcf7\" id=\"wpcf7-f6-o2\" lang=\"en-US\" dir=\"ltr\">\n<div class=\"screen-reader-response\"><p role=\"status\" aria-live=\"polite\" aria-atomic=\"true\"><\/p> <ul><\/ul><\/div>\n<form action=\"\/it\/wp-json\/wp\/v2\/pages\/790#wpcf7-f6-o2\" method=\"post\" class=\"wpcf7-form init\" novalidate=\"novalidate\" data-status=\"init\" data-trp-original-action=\"\/it\/wp-json\/wp\/v2\/pages\/790#wpcf7-f6-o2\">\n<div style=\"display: none;\">\n<input type=\"hidden\" name=\"_wpcf7\" value=\"6\" \/>\n<input type=\"hidden\" name=\"_wpcf7_version\" value=\"5.5.6\" \/>\n<input type=\"hidden\" name=\"_wpcf7_locale\" value=\"en_US\" \/>\n<input type=\"hidden\" name=\"_wpcf7_unit_tag\" value=\"wpcf7-f6-o2\" \/>\n<input type=\"hidden\" name=\"_wpcf7_container_post\" value=\"0\" \/>\n<input type=\"hidden\" name=\"_wpcf7_posted_data_hash\" value=\"\" \/>\n<\/div>\n<div class=\"messageform\">\n<p><strong><span style=\"color:red;\"><\/span> Il tuo nome<\/strong><br \/>\n    <span class=\"wpcf7-form-control-wrap your-name\"><input type=\"text\" name=\"your-name\" value=\"\" size=\"40\" class=\"wpcf7-form-control wpcf7-text\" aria-invalid=\"false\" \/><\/span> <\/p>\n<p><strong><span style=\"color:red;\">*<\/span> Il tuo indirizzo e-mail<\/strong><br \/>\n    <span class=\"wpcf7-form-control-wrap your-email\"><input type=\"email\" name=\"your-email\" value=\"\" size=\"40\" class=\"wpcf7-form-control wpcf7-text wpcf7-email wpcf7-validates-as-required wpcf7-validates-as-email\" aria-required=\"true\" aria-invalid=\"false\" \/><\/span> <\/p>\n<p><strong>Il vostro numero di telefono<\/strong><br \/>\n    <span class=\"wpcf7-form-control-wrap your-phone\"><input type=\"text\" name=\"your-phone\" value=\"\" size=\"40\" class=\"wpcf7-form-control wpcf7-text\" aria-invalid=\"false\" placeholder=\"Includere il prefisso della zona\" \/><\/span> <\/p>\n<p><strong>Il vostro Paese<\/strong><br \/>\n    <span class=\"wpcf7-form-control-wrap your-country\"><input type=\"text\" name=\"your-country\" value=\"\" size=\"40\" class=\"wpcf7-form-control wpcf7-text\" aria-invalid=\"false\" \/><\/span> <\/p>\n<p><strong><span style=\"color:red;\">*<\/span> Il vostro requisito<\/strong><br \/>\n    <span class=\"wpcf7-form-control-wrap your-requirement\"><textarea name=\"your-requirement\" cols=\"40\" rows=\"10\" class=\"wpcf7-form-control wpcf7-textarea wpcf7-validates-as-required bestonmessage\" aria-required=\"true\" aria-invalid=\"false\" placeholder=\"Per un&#039;offerta dettagliata, vi preghiamo di inviarci il vostro requisito dettagliato.\"><\/textarea><\/span> <\/p>\n<p><input type=\"submit\" value=\"Invia il messaggio\" class=\"wpcf7-form-control has-spinner wpcf7-submit\" \/><\/p>\n<\/div>\n<p style=\"display: none !important;\"><label>&#916;<textarea name=\"_wpcf7_ak_hp_textarea\" cols=\"45\" rows=\"8\" maxlength=\"100\"><\/textarea><\/label><input type=\"hidden\" id=\"ak_js_2\" name=\"_wpcf7_ak_js\" value=\"14\"\/><script>document.getElementById( \"ak_js_2\" ).setAttribute( \"value\", ( new Date() ).getTime() );<\/script><\/p><input type='hidden' class='wpcf7-pum' value='{\"closepopup\":false,\"closedelay\":0,\"openpopup\":false,\"openpopup_id\":0}' \/><div class=\"wpcf7-response-output\" aria-hidden=\"true\"><\/div><input type=\"hidden\" name=\"trp-form-language\" value=\"it\"\/><\/form><\/div>","protected":false},"excerpt":{"rendered":"<p>Acquistate il cavo MC rivestito in PVC da Huadong Il cavo MC rivestito in PVC si riferisce al cavo corazzato interbloccato in lega di alluminio con rivestimento in PVC. Se avete bisogno di un cavo MC rivestito in PVC, scegliete Huadong Cable Group. Huadong Cable Group \u00e8 uno dei principali produttori di cavi MC in PVC a 3 conduttori di calibro 12 in Cina. Siamo specializzati nella produzione di vari ... <a class=\"read-more\" href=\"https:\/\/huadongswacable.com\/it\/cavo-rivestito-in-pvc\/\">Per saperne di pi\u00f9...<\/a><\/p>","protected":false},"author":1,"featured_media":0,"parent":0,"menu_order":0,"comment_status":"closed","ping_status":"closed","template":"","meta":{"footnotes":""},"class_list":["post-790","page","type-page","status-publish"],"yoast_head":"<!-- This site is optimized with the Yoast SEO plugin v18.4.1 - https:\/\/yoast.com\/wordpress\/plugins\/seo\/ -->\n<title>PVC Coated MC Cable Price | 8\/3 10\/2 10\/3 12\/2 12\/3 12\/4 MC Cable<\/title>\n<meta name=\"description\" content=\"We are PVC coated MC cable supplier, can provide best 8\/3 10\/2 10\/3 12\/2 12\/3 12\/4 PVC jacketed MC cable price for you. Contact us to know how much is 12 gauge 3 conductor PVC jacketed MC cable per meter.\" \/>\n<meta name=\"robots\" content=\"index, follow, max-snippet:-1, max-image-preview:large, max-video-preview:-1\" \/>\n<link rel=\"canonical\" href=\"http:\/\/huadongswacable.com\/it\/pvc-coated-mc-cable\/\" \/>\n<meta property=\"og:locale\" content=\"it_IT\" \/>\n<meta property=\"og:type\" content=\"article\" \/>\n<meta property=\"og:title\" content=\"PVC Coated MC Cable Price | 8\/3 10\/2 10\/3 12\/2 12\/3 12\/4 MC Cable\" \/>\n<meta property=\"og:description\" content=\"We are PVC coated MC cable supplier, can provide best 8\/3 10\/2 10\/3 12\/2 12\/3 12\/4 PVC jacketed MC cable price for you. Contact us to know how much is 12 gauge 3 conductor PVC jacketed MC cable per meter.\" \/>\n<meta property=\"og:url\" content=\"http:\/\/huadongswacable.com\/it\/pvc-coated-mc-cable\/\" \/>\n<meta property=\"og:site_name\" content=\"Huadong SWA Cable\" \/>\n<meta property=\"article:modified_time\" content=\"2022-12-19T07:30:12+00:00\" \/>\n<meta property=\"og:image\" content=\"https:\/\/huadongswacable.com\/wp-content\/uploads\/2018\/04\/pvc-jacketed-mc-cable-quotation.jpg\" \/>\n<meta name=\"twitter:card\" content=\"summary_large_image\" \/>\n<meta name=\"twitter:label1\" content=\"Tempo di lettura stimato\" \/>\n\t<meta name=\"twitter:data1\" content=\"5 minuti\" \/>\n<script type=\"application\/ld+json\" class=\"yoast-schema-graph\">{\"@context\":\"https:\/\/schema.org\",\"@graph\":[{\"@type\":\"WebSite\",\"@id\":\"http:\/\/huadongswacable.com\/ru\/#website\",\"url\":\"http:\/\/huadongswacable.com\/ru\/\",\"name\":\"Huadong SWA Cable\",\"description\":\"Huadong SWA Cable\",\"potentialAction\":[{\"@type\":\"SearchAction\",\"target\":{\"@type\":\"EntryPoint\",\"urlTemplate\":\"http:\/\/huadongswacable.com\/ru\/?s={search_term_string}\"},\"query-input\":\"required name=search_term_string\"}],\"inLanguage\":\"it-IT\"},{\"@type\":\"ImageObject\",\"@id\":\"http:\/\/huadongswacable.com\/ru\/pvc-coated-mc-cable\/#primaryimage\",\"inLanguage\":\"it-IT\",\"url\":\"https:\/\/huadongswacable.com\/wp-content\/uploads\/2018\/04\/pvc-jacketed-mc-cable-quotation.jpg\",\"contentUrl\":\"https:\/\/huadongswacable.com\/wp-content\/uploads\/2018\/04\/pvc-jacketed-mc-cable-quotation.jpg\",\"width\":180,\"height\":304,\"caption\":\"Huadong PVC Jacketed MC Cable\"},{\"@type\":\"WebPage\",\"@id\":\"http:\/\/huadongswacable.com\/ru\/pvc-coated-mc-cable\/#webpage\",\"url\":\"http:\/\/huadongswacable.com\/ru\/pvc-coated-mc-cable\/\",\"name\":\"PVC Coated MC Cable Price | 8\/3 10\/2 10\/3 12\/2 12\/3 12\/4 MC Cable\",\"isPartOf\":{\"@id\":\"http:\/\/huadongswacable.com\/ru\/#website\"},\"primaryImageOfPage\":{\"@id\":\"http:\/\/huadongswacable.com\/ru\/pvc-coated-mc-cable\/#primaryimage\"},\"datePublished\":\"2018-04-20T03:46:06+00:00\",\"dateModified\":\"2022-12-19T07:30:12+00:00\",\"description\":\"We are PVC coated MC cable supplier, can provide best 8\/3 10\/2 10\/3 12\/2 12\/3 12\/4 PVC jacketed MC cable price for you. Contact us to know how much is 12 gauge 3 conductor PVC jacketed MC cable per meter.\",\"breadcrumb\":{\"@id\":\"http:\/\/huadongswacable.com\/ru\/pvc-coated-mc-cable\/#breadcrumb\"},\"inLanguage\":\"it-IT\",\"potentialAction\":[{\"@type\":\"ReadAction\",\"target\":[\"http:\/\/huadongswacable.com\/ru\/pvc-coated-mc-cable\/\"]}]},{\"@type\":\"BreadcrumbList\",\"@id\":\"http:\/\/huadongswacable.com\/ru\/pvc-coated-mc-cable\/#breadcrumb\",\"itemListElement\":[{\"@type\":\"ListItem\",\"position\":1,\"name\":\"Home\",\"item\":\"http:\/\/huadongswacable.com\/ru\/\"},{\"@type\":\"ListItem\",\"position\":2,\"name\":\"8\/3 10\/2 10\/3 12\/2 12\/3 12\/4 PVC Coated MC Cable Supplier\"}]}]}<\/script>\n<!-- \/ Yoast SEO plugin. -->","yoast_head_json":{"title":"PVC Coated MC Cable Price | 8\/3 10\/2 10\/3 12\/2 12\/3 12\/4 MC Cable","description":"We are PVC coated MC cable supplier, can provide best 8\/3 10\/2 10\/3 12\/2 12\/3 12\/4 PVC jacketed MC cable price for you. Contact us to know how much is 12 gauge 3 conductor PVC jacketed MC cable per meter.","robots":{"index":"index","follow":"follow","max-snippet":"max-snippet:-1","max-image-preview":"max-image-preview:large","max-video-preview":"max-video-preview:-1"},"canonical":"http:\/\/huadongswacable.com\/it\/pvc-coated-mc-cable\/","og_locale":"it_IT","og_type":"article","og_title":"PVC Coated MC Cable Price | 8\/3 10\/2 10\/3 12\/2 12\/3 12\/4 MC Cable","og_description":"We are PVC coated MC cable supplier, can provide best 8\/3 10\/2 10\/3 12\/2 12\/3 12\/4 PVC jacketed MC cable price for you. Contact us to know how much is 12 gauge 3 conductor PVC jacketed MC cable per meter.","og_url":"http:\/\/huadongswacable.com\/it\/pvc-coated-mc-cable\/","og_site_name":"Huadong SWA Cable","article_modified_time":"2022-12-19T07:30:12+00:00","og_image":[{"url":"https:\/\/huadongswacable.com\/wp-content\/uploads\/2018\/04\/pvc-jacketed-mc-cable-quotation.jpg"}],"twitter_card":"summary_large_image","twitter_misc":{"Tempo di lettura stimato":"5 minuti"},"schema":{"@context":"https:\/\/schema.org","@graph":[{"@type":"WebSite","@id":"http:\/\/huadongswacable.com\/ru\/#website","url":"http:\/\/huadongswacable.com\/ru\/","name":"Huadong SWA Cable","description":"Huadong SWA Cable","potentialAction":[{"@type":"SearchAction","target":{"@type":"EntryPoint","urlTemplate":"http:\/\/huadongswacable.com\/ru\/?s={search_term_string}"},"query-input":"required name=search_term_string"}],"inLanguage":"it-IT"},{"@type":"ImageObject","@id":"http:\/\/huadongswacable.com\/ru\/pvc-coated-mc-cable\/#primaryimage","inLanguage":"it-IT","url":"https:\/\/huadongswacable.com\/wp-content\/uploads\/2018\/04\/pvc-jacketed-mc-cable-quotation.jpg","contentUrl":"https:\/\/huadongswacable.com\/wp-content\/uploads\/2018\/04\/pvc-jacketed-mc-cable-quotation.jpg","width":180,"height":304,"caption":"Huadong PVC Jacketed MC Cable"},{"@type":"WebPage","@id":"http:\/\/huadongswacable.com\/ru\/pvc-coated-mc-cable\/#webpage","url":"http:\/\/huadongswacable.com\/ru\/pvc-coated-mc-cable\/","name":"PVC Coated MC Cable Price | 8\/3 10\/2 10\/3 12\/2 12\/3 12\/4 MC Cable","isPartOf":{"@id":"http:\/\/huadongswacable.com\/ru\/#website"},"primaryImageOfPage":{"@id":"http:\/\/huadongswacable.com\/ru\/pvc-coated-mc-cable\/#primaryimage"},"datePublished":"2018-04-20T03:46:06+00:00","dateModified":"2022-12-19T07:30:12+00:00","description":"We are PVC coated MC cable supplier, can provide best 8\/3 10\/2 10\/3 12\/2 12\/3 12\/4 PVC jacketed MC cable price for you. Contact us to know how much is 12 gauge 3 conductor PVC jacketed MC cable per meter.","breadcrumb":{"@id":"http:\/\/huadongswacable.com\/ru\/pvc-coated-mc-cable\/#breadcrumb"},"inLanguage":"it-IT","potentialAction":[{"@type":"ReadAction","target":["http:\/\/huadongswacable.com\/ru\/pvc-coated-mc-cable\/"]}]},{"@type":"BreadcrumbList","@id":"http:\/\/huadongswacable.com\/ru\/pvc-coated-mc-cable\/#breadcrumb","itemListElement":[{"@type":"ListItem","position":1,"name":"Home","item":"http:\/\/huadongswacable.com\/ru\/"},{"@type":"ListItem","position":2,"name":"8\/3 10\/2 10\/3 12\/2 12\/3 12\/4 PVC Coated MC Cable Supplier"}]}]}},"_links":{"self":[{"href":"https:\/\/huadongswacable.com\/it\/wp-json\/wp\/v2\/pages\/790","targetHints":{"allow":["GET"]}}],"collection":[{"href":"https:\/\/huadongswacable.com\/it\/wp-json\/wp\/v2\/pages"}],"about":[{"href":"https:\/\/huadongswacable.com\/it\/wp-json\/wp\/v2\/types\/page"}],"author":[{"embeddable":true,"href":"https:\/\/huadongswacable.com\/it\/wp-json\/wp\/v2\/users\/1"}],"replies":[{"embeddable":true,"href":"https:\/\/huadongswacable.com\/it\/wp-json\/wp\/v2\/comments?post=790"}],"version-history":[{"count":33,"href":"https:\/\/huadongswacable.com\/it\/wp-json\/wp\/v2\/pages\/790\/revisions"}],"predecessor-version":[{"id":7776,"href":"https:\/\/huadongswacable.com\/it\/wp-json\/wp\/v2\/pages\/790\/revisions\/7776"}],"wp:attachment":[{"href":"https:\/\/huadongswacable.com\/it\/wp-json\/wp\/v2\/media?parent=790"}],"curies":[{"name":"wp","href":"https:\/\/api.w.org\/{rel}","templated":true}]}}