{"id":6830,"date":"2022-04-01T15:34:26","date_gmt":"2022-04-01T07:34:26","guid":{"rendered":"http:\/\/huadongswacable.com\/?page_id=6830"},"modified":"2022-12-21T15:31:45","modified_gmt":"2022-12-21T07:31:45","slug":"solar-cable-price","status":"publish","type":"page","link":"https:\/\/huadongswacable.com\/it\/prezzo-del-cavo-solare\/","title":{"rendered":"Consigli per l'acquisto del miglior cavo solare DC a un prezzo ragionevole"},"content":{"rendered":"<h3><img loading=\"lazy\" decoding=\"async\" class=\"aligncenter size-full wp-image-6504\" src=\"https:\/\/huadongswacable.com\/wp-content\/uploads\/2021\/11\/H1Z2Z2-K-PV-wire-solar-cable-price-in-Europe-.jpg\" alt=\"H1Z2Z2-K Cavo solare a filo PV prezzo in Europa\" width=\"896\" height=\"528\" srcset=\"https:\/\/huadongswacable.com\/wp-content\/uploads\/2021\/11\/H1Z2Z2-K-PV-wire-solar-cable-price-in-Europe-.jpg 896w, https:\/\/huadongswacable.com\/wp-content\/uploads\/2021\/11\/H1Z2Z2-K-PV-wire-solar-cable-price-in-Europe--300x177.jpg 300w, https:\/\/huadongswacable.com\/wp-content\/uploads\/2021\/11\/H1Z2Z2-K-PV-wire-solar-cable-price-in-Europe--768x453.jpg 768w\" sizes=\"auto, (max-width: 896px) 100vw, 896px\" \/><\/h3>\n<p>Sul mercato esistono diversi tipi di cavi solari.  E quando si acquista il cavo per pannelli solari H1Z2Z2-K, si trovano molti fornitori. Questi produttori di cavi solari provengono da diversi Paesi. Inoltre, i prezzi dei loro cavi solari PV1-F dc non sono gli stessi. Tuttavia, se si desidera ottenere il miglior prezzo del cavo solare dc da 4 mmq, i seguenti suggerimenti possono essere utili.<\/p>\n<p style=\"text-align: center;\"><span class=\"su-lightbox\" data-mfp-src=\"#Popup\" data-mfp-type=\"inline\" data-mobile=\"yes\"><button class=\"btn btn-danger btn-sm\" ><i class=\"fa fa-hand-o-right\" style=\"color:#ffffff;\"><\/i> Preventivo<\/button><\/span>\n<h2>1. Ricerca di cavi solari online<\/h2>\n<p>Un cavo solare \u00e8 spesso conosciuto come cavo fotovoltaico, acronimo di Photovoltaic wire. In generale, questo cavo solare viene utilizzato per collegare due o pi\u00f9 pannelli elettrici fotovoltaici in un impianto a energia solare. In effetti, la domanda di questo tipo di cavo per pannelli solari \u00e8 molto elevata. Inoltre, ci sono tutti i tipi di cavi fotovoltaici in vendita. Quindi, se si intende acquistare un cavo solare dc da 4 mm o 6 mm, \u00e8 possibile effettuare una prima ricerca online. E potrete trovare i tipi e le dimensioni di cavo solare che state cercando. Ad esempio, si possono trovare molti fornitori di cavi solari 10 awg da tutto il mondo. \u00c8 molto normale. Perch\u00e9 \u00e8 in grado di aiutarvi ad acquistare i migliori cavi fotovoltaici 10 awg con il miglior prezzo.<\/p>\n<div class=\"row prolisttable\">\n<div class=\"col-lg-12 col-md-12 col-xs-12 col-sm-12\">\n<table>\n<tbody>\n<tr>\n<td><img loading=\"lazy\" decoding=\"async\" class=\"aligncenter wp-image-6507\" src=\"https:\/\/huadongswacable.com\/wp-content\/uploads\/2021\/11\/find-reliable-6-sq-mm-dc-solar-cable-supplier-.jpg\" alt=\"trovare un fornitore affidabile di cavi solari dc da 6 mmq\" width=\"430\" height=\"326\" srcset=\"https:\/\/huadongswacable.com\/wp-content\/uploads\/2021\/11\/find-reliable-6-sq-mm-dc-solar-cable-supplier-.jpg 500w, https:\/\/huadongswacable.com\/wp-content\/uploads\/2021\/11\/find-reliable-6-sq-mm-dc-solar-cable-supplier--300x227.jpg 300w\" sizes=\"auto, (max-width: 430px) 100vw, 430px\" \/><\/td>\n<td><strong>Tensione:<\/strong> 600\/1000V AC, 1000\/1800V DC<\/p>\n<p><strong>Conduttore:<\/strong> Rame flessibile stagnato a trefoli<\/p>\n<p><strong>Isolamento:<\/strong> XLPO (poliolefina reticolata)\/ XLPE (polietilene reticolato)<\/p>\n<p><strong>Guaina:<\/strong> XLPO (poliolefina reticolata)<\/p>\n<p><strong>Colore:<\/strong> Nero o rosso o secondo i requisiti<\/p>\n<p><strong>Temperatura nominale:<\/strong> Da -45\u2103 a +125\u2103<\/p>\n<p><strong>Standard:<\/strong> IEC\/ASTM\/BS\/NFC\/CSA\/EN<\/td>\n<\/tr>\n<\/tbody>\n<\/table>\n<\/div>\n<\/div>\n<p style=\"text-align: center;\"><span class=\"su-lightbox\" data-mfp-src=\"#Popup\" data-mfp-type=\"inline\" data-mobile=\"yes\"><button class=\"btn btn-danger btn-sm\" ><i class=\"fa fa-hand-o-right\" style=\"color:#ffffff;\"><\/i> Preventivo<\/button><\/span>\n<h2>2. Selezionare i fornitori affidabili di cavi fotovoltaici<\/h2>\n<p>Anche se ci sono cos\u00ec tanti fornitori di cavi pv solari da 4 mm2 che si possono trovare online, non \u00e8 facile scegliere un produttore di cavi per l'energia solare soddisfacente. Da un lato, alcune persone preferiscono considerare i fornitori locali di cavi dc da 4 mm. Perch\u00e9 il costo di consegna del cavo pv \u00e8 pi\u00f9 economico. Ma il prezzo del cavo solare dc da 4 mmq al metro pu\u00f2 essere costoso. Inoltre, molti produttori di cavi blindati non possono fornire cavi solari da 10 awg. Questo \u00e8 il motivo per cui sempre pi\u00f9 persone decidono di acquistare il cavo solare da 10 mmq dc da produttori stranieri di cavi solari pv.<\/p>\n<div class=\"row prolisttable\">\n<div class=\"col-lg-12 col-md-12 col-xs-12 col-sm-12\">\n<table>\n<tbody>\n<tr>\n<td><img loading=\"lazy\" decoding=\"async\" class=\"aligncenter wp-image-6516\" src=\"https:\/\/huadongswacable.com\/wp-content\/uploads\/2021\/11\/affordable-pv-wire-10-awg-cost-in-Philippines.jpg\" alt=\"costo del filo pv 10 awg a prezzi accessibili nelle Filippine\" width=\"370\" height=\"370\" srcset=\"https:\/\/huadongswacable.com\/wp-content\/uploads\/2021\/11\/affordable-pv-wire-10-awg-cost-in-Philippines.jpg 450w, https:\/\/huadongswacable.com\/wp-content\/uploads\/2021\/11\/affordable-pv-wire-10-awg-cost-in-Philippines-300x300.jpg 300w, https:\/\/huadongswacable.com\/wp-content\/uploads\/2021\/11\/affordable-pv-wire-10-awg-cost-in-Philippines-150x150.jpg 150w\" sizes=\"auto, (max-width: 370px) 100vw, 370px\" \/><\/td>\n<td><strong>Conduttore :<\/strong> Filo di rame stagnato a trefoli Fare riferimento a IEC 60228 classe 5<\/p>\n<p><strong>Dimensioni:<\/strong> 4 mm, 6 mm, 10 mm, 16 mm, ecc.<\/p>\n<p><strong>Isolamento:<\/strong> XLPO (poliolefina reticolata)\/ XLPE (polietilene reticolato)<\/p>\n<p><strong>Guaina:<\/strong> XLPO (poliolefina reticolata)<\/p>\n<p><strong>Temperatura nominale:<\/strong> Da -45\u2103 a +125\u2103<\/p>\n<p><strong>Caratteristiche:<\/strong> Resistenza ai raggi UV, assenza di alogeni, resistenza alle intemperie<\/p>\n<p><strong>Colore:<\/strong> Nero o rosso o secondo i requisiti<\/td>\n<\/tr>\n<\/tbody>\n<\/table>\n<\/div>\n<\/div>\n<p>Da un lato, il fornitore straniero pu\u00f2 fornire il cavo CC da 4 mm per i pannelli solari. Forse i produttori locali di cavi solari non sono in grado di produrli. Inoltre, \u00e8 possibile ottenere prezzi pi\u00f9 competitivi per i cavi solari da 6 mm dai fornitori stranieri di cavi per pannelli solari. Tuttavia, quando si trova un produttore di cavi per pannelli solari, \u00e8 necessario notare la sua reputazione. Huadong \u00e8 un fornitore professionale di cavi solari 10 awg con una ricca esperienza. Oltre al cavo solare da 6 mm, abbiamo anche un cavo teck economico in vendita. Inoltre, possediamo la nostra fabbrica di cavi per pannelli solari. Quindi possiamo fornire un cavo solare di alta qualit\u00e0 per il vostro progetto. Si prega di dirci le dimensioni del cavo pv di cui avete bisogno. Poi invieremo la migliore quotazione del filo del pannello solare.<\/p>\n<p style=\"text-align: center;\"><span class=\"su-lightbox\" data-mfp-src=\"#Popup\" data-mfp-type=\"inline\" data-mobile=\"yes\"><button class=\"btn btn-danger btn-sm\" ><i class=\"fa fa-hand-o-right\" style=\"color:#ffffff;\"><\/i> Preventivo<\/button><\/span>\n<h2>3. Confronta il prezzo del cavo solare dc da 6 mmq<\/h2>\n<p>Quando si selezionano diversi fornitori di cavi solari da 6 mm, \u00e8 anche necessario confrontare i loro prezzi dei cavi solari pv da 6 mm. Infatti, dai listini dei cavi solari 10 awg, si pu\u00f2 scoprire che i prezzi sono diversi. Ad esempio, il prezzo del cavo solare dc da 4 mmq nelle Filippine non \u00e8 uguale al prezzo del cavo pv da 4 mm in Sudafrica. Quindi, prima di effettuare l'ordine, \u00e8 necessario confrontare e cercare di acquistare il cavo solare da 10 mm con il miglior prezzo. Inoltre, il costo di consegna del cavo per pannelli solari \u00e8 un altro fattore da considerare.<\/p>\n<p><img loading=\"lazy\" decoding=\"async\" class=\"aligncenter size-full wp-image-6522\" src=\"https:\/\/huadongswacable.com\/wp-content\/uploads\/2021\/11\/how-much-is-10mm2-twin-cores-solar-panel-cable-per-meter-.jpg\" alt=\"Cavo per pannelli solari a 2 conduttori da 10 mm2\" width=\"600\" height=\"323\" srcset=\"https:\/\/huadongswacable.com\/wp-content\/uploads\/2021\/11\/how-much-is-10mm2-twin-cores-solar-panel-cable-per-meter-.jpg 600w, https:\/\/huadongswacable.com\/wp-content\/uploads\/2021\/11\/how-much-is-10mm2-twin-cores-solar-panel-cable-per-meter--300x162.jpg 300w\" sizes=\"auto, (max-width: 600px) 100vw, 600px\" \/><\/p>\n<p>Abbiamo esportato il nostro cavo dc da 6 mm a basso costo in molti paesi e stabilito un rapporto di cooperazione amichevole con i nostri clienti. Pertanto, \u00e8 possibile contattarci e ottenere il prezzo del cavo pv 4mm per Filippine, Malesia, Indonesia, Thailandia, Vietnam, Singapore, America, Messico, Brasile, Sud Africa. Inoltre, possiamo darvi sconto 12 awg cavo fotovoltaico prezzo se la quantit\u00e0 \u00e8 grande. Quindi, se volete sapere quanto costa al metro il cavo per pannelli solari, contattateci.<\/p>\n<p style=\"text-align: center;\"><span class=\"su-lightbox\" data-mfp-src=\"#Popup\" data-mfp-type=\"inline\" data-mobile=\"yes\"><button class=\"btn btn-danger btn-sm\" ><i class=\"fa fa-hand-o-right\" style=\"color:#ffffff;\"><\/i> Preventivo<\/button><\/span>\n<h2>4. Prestare attenzione al servizio post-vendita di 4 mm filo solare<\/h2>\n<p>Quando si decide di acquistare un cavo solare a 2 conduttori da un fornitore, occorre prestare attenzione al servizio post-vendita. Ad esempio, i produttori di cavi per pannelli solari H1Z2Z2-K devono promettere di consegnare puntualmente il cavo pv da 4 mmq. Anche se il prezzo al metro del cavo solare 4mm dc \u00e8 importante, anche il servizio di qualit\u00e0 \u00e8 necessario. Pertanto, \u00e8 possibile contattare i fornitori di cavi solari dc PV1-F se il cavo <span class=\"VIiyi\" lang=\"en\"><span class=\"JLqJ4b ChMk0b\" data-language-for-alternatives=\"en\" data-language-to-translate-into=\"zh-CN\" data-phrase-index=\"0\" data-number-of-phrases=\"1\">ha problemi di qualit\u00e0. Come produttore di cavi elettrici, abbiamo collaborato con molte aziende. Crediamo che il vostro sar\u00e0 soddisfatto con il nostro prezzo H1Z2Z2-K cavo solare e servizio.\u00a0<\/span><\/span><\/p>\n<p><img loading=\"lazy\" decoding=\"async\" class=\"aligncenter size-full wp-image-6526\" src=\"https:\/\/huadongswacable.com\/wp-content\/uploads\/2021\/11\/price-for-6awg-12awg-solar-panel-wire.jpg\" alt=\"Filo per pannelli solari 6awg 12awg\" width=\"1601\" height=\"300\" srcset=\"https:\/\/huadongswacable.com\/wp-content\/uploads\/2021\/11\/price-for-6awg-12awg-solar-panel-wire.jpg 1601w, https:\/\/huadongswacable.com\/wp-content\/uploads\/2021\/11\/price-for-6awg-12awg-solar-panel-wire-300x56.jpg 300w, https:\/\/huadongswacable.com\/wp-content\/uploads\/2021\/11\/price-for-6awg-12awg-solar-panel-wire-1024x192.jpg 1024w, https:\/\/huadongswacable.com\/wp-content\/uploads\/2021\/11\/price-for-6awg-12awg-solar-panel-wire-768x144.jpg 768w, https:\/\/huadongswacable.com\/wp-content\/uploads\/2021\/11\/price-for-6awg-12awg-solar-panel-wire-1536x288.jpg 1536w\" sizes=\"auto, (max-width: 1601px) 100vw, 1601px\" \/><\/p>\n<div class=\"su-lightbox-content su-u-trim\" id=\"Popup\" style=\"display:none;width:auto;min-width:50%;max-width:60%;margin-top:40px;margin-bottom:40px;padding:40px;background:#e8e5e5;color:#060473;box-shadow:0px 0px 15px #333333;text-align:left\"><div role=\"form\" class=\"wpcf7\" id=\"wpcf7-f5571-o1\" lang=\"en-US\" dir=\"ltr\">\n<div class=\"screen-reader-response\"><p role=\"status\" aria-live=\"polite\" aria-atomic=\"true\"><\/p> <ul><\/ul><\/div>\n<form action=\"\/it\/wp-json\/wp\/v2\/pages\/6830#wpcf7-f5571-o1\" method=\"post\" class=\"wpcf7-form init\" novalidate=\"novalidate\" data-status=\"init\" data-trp-original-action=\"\/it\/wp-json\/wp\/v2\/pages\/6830#wpcf7-f5571-o1\">\n<div style=\"display: none;\">\n<input type=\"hidden\" name=\"_wpcf7\" value=\"5571\" \/>\n<input type=\"hidden\" name=\"_wpcf7_version\" value=\"5.5.6\" \/>\n<input type=\"hidden\" name=\"_wpcf7_locale\" value=\"en_US\" \/>\n<input type=\"hidden\" name=\"_wpcf7_unit_tag\" value=\"wpcf7-f5571-o1\" \/>\n<input type=\"hidden\" name=\"_wpcf7_container_post\" value=\"0\" \/>\n<input type=\"hidden\" name=\"_wpcf7_posted_data_hash\" value=\"\" \/>\n<\/div>\n<div class=\"popmakerform\">\n<p>Il tuo nome <span style=\"color:red;\">*<span><br \/>\n<span class=\"wpcf7-form-control-wrap your-name\"><input type=\"text\" name=\"your-name\" value=\"\" size=\"40\" class=\"wpcf7-form-control wpcf7-text wpcf7-validates-as-required\" aria-required=\"true\" aria-invalid=\"false\" \/><\/span><\/p>\n<p>Il tuo indirizzo e-mail <span style=\"color:red;\">*<span><br \/>\n<span class=\"wpcf7-form-control-wrap your-email\"><input type=\"email\" name=\"your-email\" value=\"\" size=\"40\" class=\"wpcf7-form-control wpcf7-text wpcf7-email wpcf7-validates-as-required wpcf7-validates-as-email\" aria-required=\"true\" aria-invalid=\"false\" \/><\/span><\/p>\n<p>Il vostro numero di telefono<br \/>\n<span class=\"wpcf7-form-control-wrap your-phone\"><input type=\"text\" name=\"your-phone\" value=\"\" size=\"40\" class=\"wpcf7-form-control wpcf7-text\" aria-invalid=\"false\" \/><\/span><\/p>\n<p>Il vostro Paese<br \/>\n<span class=\"wpcf7-form-control-wrap your-country\"><input type=\"text\" name=\"your-country\" value=\"\" size=\"40\" class=\"wpcf7-form-control wpcf7-text\" aria-invalid=\"false\" \/><\/span><\/p>\n<p>Requisiti dettagliati <span style=\"color:red;\">*<span><br \/>\n<span class=\"wpcf7-form-control-wrap your-requirement\"><textarea name=\"your-requirement\" cols=\"40\" rows=\"4\" class=\"wpcf7-form-control wpcf7-textarea wpcf7-validates-as-required\" aria-required=\"true\" aria-invalid=\"false\"><\/textarea><\/span><\/p>\n<p><input type=\"submit\" value=\"Preventivo\" class=\"wpcf7-form-control has-spinner wpcf7-submit\" \/><\/p>\n<\/div>\n<p style=\"display: none !important;\"><label>&#916;<textarea name=\"_wpcf7_ak_hp_textarea\" cols=\"45\" rows=\"8\" maxlength=\"100\"><\/textarea><\/label><input type=\"hidden\" id=\"ak_js_1\" name=\"_wpcf7_ak_js\" value=\"127\"\/><script>document.getElementById( \"ak_js_1\" ).setAttribute( \"value\", ( new Date() ).getTime() );<\/script><\/p><input type='hidden' class='wpcf7-pum' value='{\"closepopup\":false,\"closedelay\":0,\"openpopup\":false,\"openpopup_id\":0}' \/><div class=\"wpcf7-response-output\" aria-hidden=\"true\"><\/div><input type=\"hidden\" name=\"trp-form-language\" value=\"it\"\/><\/form><\/div><\/div>\n<h3>Non esitate a lasciare il vostro requisito. Vi risponderemo entro 12 ore.<\/h3>\n<p><strong>E-mail: <a href=\"mailto:info@huadongswacable.com\" rel=\"nofollow\">info@huadongswacable.com<\/a><\/strong><\/p>\n<div role=\"form\" class=\"wpcf7\" id=\"wpcf7-f6-o2\" lang=\"en-US\" dir=\"ltr\">\n<div class=\"screen-reader-response\"><p role=\"status\" aria-live=\"polite\" aria-atomic=\"true\"><\/p> <ul><\/ul><\/div>\n<form action=\"\/it\/wp-json\/wp\/v2\/pages\/6830#wpcf7-f6-o2\" method=\"post\" class=\"wpcf7-form init\" novalidate=\"novalidate\" data-status=\"init\" data-trp-original-action=\"\/it\/wp-json\/wp\/v2\/pages\/6830#wpcf7-f6-o2\">\n<div style=\"display: none;\">\n<input type=\"hidden\" name=\"_wpcf7\" value=\"6\" \/>\n<input type=\"hidden\" name=\"_wpcf7_version\" value=\"5.5.6\" \/>\n<input type=\"hidden\" name=\"_wpcf7_locale\" value=\"en_US\" \/>\n<input type=\"hidden\" name=\"_wpcf7_unit_tag\" value=\"wpcf7-f6-o2\" \/>\n<input type=\"hidden\" name=\"_wpcf7_container_post\" value=\"0\" \/>\n<input type=\"hidden\" name=\"_wpcf7_posted_data_hash\" value=\"\" \/>\n<\/div>\n<div class=\"messageform\">\n<p><strong><span style=\"color:red;\"><\/span> Il tuo nome<\/strong><br \/>\n    <span class=\"wpcf7-form-control-wrap your-name\"><input type=\"text\" name=\"your-name\" value=\"\" size=\"40\" class=\"wpcf7-form-control wpcf7-text\" aria-invalid=\"false\" \/><\/span> <\/p>\n<p><strong><span style=\"color:red;\">*<\/span> Il tuo indirizzo e-mail<\/strong><br \/>\n    <span class=\"wpcf7-form-control-wrap your-email\"><input type=\"email\" name=\"your-email\" value=\"\" size=\"40\" class=\"wpcf7-form-control wpcf7-text wpcf7-email wpcf7-validates-as-required wpcf7-validates-as-email\" aria-required=\"true\" aria-invalid=\"false\" \/><\/span> <\/p>\n<p><strong>Il vostro numero di telefono<\/strong><br \/>\n    <span class=\"wpcf7-form-control-wrap your-phone\"><input type=\"text\" name=\"your-phone\" value=\"\" size=\"40\" class=\"wpcf7-form-control wpcf7-text\" aria-invalid=\"false\" placeholder=\"Includere il prefisso della zona\" \/><\/span> <\/p>\n<p><strong>Il vostro Paese<\/strong><br \/>\n    <span class=\"wpcf7-form-control-wrap your-country\"><input type=\"text\" name=\"your-country\" value=\"\" size=\"40\" class=\"wpcf7-form-control wpcf7-text\" aria-invalid=\"false\" \/><\/span> <\/p>\n<p><strong><span style=\"color:red;\">*<\/span> Il vostro requisito<\/strong><br \/>\n    <span class=\"wpcf7-form-control-wrap your-requirement\"><textarea name=\"your-requirement\" cols=\"40\" rows=\"10\" class=\"wpcf7-form-control wpcf7-textarea wpcf7-validates-as-required bestonmessage\" aria-required=\"true\" aria-invalid=\"false\" placeholder=\"Per un&#039;offerta dettagliata, vi preghiamo di inviarci il vostro requisito dettagliato.\"><\/textarea><\/span> <\/p>\n<p><input type=\"submit\" value=\"Invia il messaggio\" class=\"wpcf7-form-control has-spinner wpcf7-submit\" \/><\/p>\n<\/div>\n<p style=\"display: none !important;\"><label>&#916;<textarea name=\"_wpcf7_ak_hp_textarea\" cols=\"45\" rows=\"8\" maxlength=\"100\"><\/textarea><\/label><input type=\"hidden\" id=\"ak_js_2\" name=\"_wpcf7_ak_js\" value=\"114\"\/><script>document.getElementById( \"ak_js_2\" ).setAttribute( \"value\", ( new Date() ).getTime() );<\/script><\/p><input type='hidden' class='wpcf7-pum' value='{\"closepopup\":false,\"closedelay\":0,\"openpopup\":false,\"openpopup_id\":0}' \/><div class=\"wpcf7-response-output\" aria-hidden=\"true\"><\/div><input type=\"hidden\" name=\"trp-form-language\" value=\"it\"\/><\/form><\/div>","protected":false},"excerpt":{"rendered":"<p>Sul mercato esistono diversi tipi di cavi solari.  E quando si acquista il cavo per pannelli solari H1Z2Z2-K, si trovano molti fornitori. Questi produttori di cavi solari provengono da diversi Paesi. Inoltre, i prezzi dei loro cavi solari PV1-F dc non sono gli stessi. Tuttavia, se si desidera ottenere il miglior cavo solare dc da 4 mmq ... <a class=\"read-more\" href=\"https:\/\/huadongswacable.com\/it\/prezzo-del-cavo-solare\/\">Per saperne di pi\u00f9...<\/a><\/p>","protected":false},"author":1,"featured_media":0,"parent":0,"menu_order":0,"comment_status":"closed","ping_status":"closed","template":"","meta":{"footnotes":""},"class_list":["post-6830","page","type-page","status-publish"],"yoast_head":"<!-- This site is optimized with the Yoast SEO plugin v18.4.1 - https:\/\/yoast.com\/wordpress\/plugins\/seo\/ -->\n<title>solar cable | 4mm solar wire | 6 sq mm dc solar cable price<\/title>\n<meta name=\"description\" content=\"Being a professional solar cable manufacturer, we supply best 4 sq mm, 6sq mm, 10 sq mm dc solar cable price. Get 10 awg pv wire cost from us.\" \/>\n<meta name=\"robots\" content=\"index, follow, max-snippet:-1, max-image-preview:large, max-video-preview:-1\" \/>\n<link rel=\"canonical\" href=\"http:\/\/huadongswacable.com\/it\/solar-cable-price\/\" \/>\n<meta property=\"og:locale\" content=\"it_IT\" \/>\n<meta property=\"og:type\" content=\"article\" \/>\n<meta property=\"og:title\" content=\"solar cable | 4mm solar wire | 6 sq mm dc solar cable price\" \/>\n<meta property=\"og:description\" content=\"Being a professional solar cable manufacturer, we supply best 4 sq mm, 6sq mm, 10 sq mm dc solar cable price. Get 10 awg pv wire cost from us.\" \/>\n<meta property=\"og:url\" content=\"http:\/\/huadongswacable.com\/it\/solar-cable-price\/\" \/>\n<meta property=\"og:site_name\" content=\"Huadong SWA Cable\" \/>\n<meta property=\"article:modified_time\" content=\"2022-12-21T07:31:45+00:00\" \/>\n<meta property=\"og:image\" content=\"https:\/\/huadongswacable.com\/wp-content\/uploads\/2021\/11\/H1Z2Z2-K-PV-wire-solar-cable-price-in-Europe-.jpg\" \/>\n<meta name=\"twitter:card\" content=\"summary_large_image\" \/>\n<meta name=\"twitter:label1\" content=\"Tempo di lettura stimato\" \/>\n\t<meta name=\"twitter:data1\" content=\"5 minuti\" \/>\n<script type=\"application\/ld+json\" class=\"yoast-schema-graph\">{\"@context\":\"https:\/\/schema.org\",\"@graph\":[{\"@type\":\"WebSite\",\"@id\":\"http:\/\/huadongswacable.com\/ru\/#website\",\"url\":\"http:\/\/huadongswacable.com\/ru\/\",\"name\":\"Huadong SWA Cable\",\"description\":\"Huadong SWA Cable\",\"potentialAction\":[{\"@type\":\"SearchAction\",\"target\":{\"@type\":\"EntryPoint\",\"urlTemplate\":\"http:\/\/huadongswacable.com\/ru\/?s={search_term_string}\"},\"query-input\":\"required name=search_term_string\"}],\"inLanguage\":\"it-IT\"},{\"@type\":\"ImageObject\",\"@id\":\"http:\/\/huadongswacable.com\/ru\/solar-cable-price\/#primaryimage\",\"inLanguage\":\"it-IT\",\"url\":\"https:\/\/huadongswacable.com\/wp-content\/uploads\/2021\/11\/H1Z2Z2-K-PV-wire-solar-cable-price-in-Europe-.jpg\",\"contentUrl\":\"https:\/\/huadongswacable.com\/wp-content\/uploads\/2021\/11\/H1Z2Z2-K-PV-wire-solar-cable-price-in-Europe-.jpg\",\"width\":896,\"height\":528,\"caption\":\"H1Z2Z2-K PV wire solar cable price in Europe\"},{\"@type\":\"WebPage\",\"@id\":\"http:\/\/huadongswacable.com\/ru\/solar-cable-price\/#webpage\",\"url\":\"http:\/\/huadongswacable.com\/ru\/solar-cable-price\/\",\"name\":\"solar cable | 4mm solar wire | 6 sq mm dc solar cable price\",\"isPartOf\":{\"@id\":\"http:\/\/huadongswacable.com\/ru\/#website\"},\"primaryImageOfPage\":{\"@id\":\"http:\/\/huadongswacable.com\/ru\/solar-cable-price\/#primaryimage\"},\"datePublished\":\"2022-04-01T07:34:26+00:00\",\"dateModified\":\"2022-12-21T07:31:45+00:00\",\"description\":\"Being a professional solar cable manufacturer, we supply best 4 sq mm, 6sq mm, 10 sq mm dc solar cable price. Get 10 awg pv wire cost from us.\",\"breadcrumb\":{\"@id\":\"http:\/\/huadongswacable.com\/ru\/solar-cable-price\/#breadcrumb\"},\"inLanguage\":\"it-IT\",\"potentialAction\":[{\"@type\":\"ReadAction\",\"target\":[\"http:\/\/huadongswacable.com\/ru\/solar-cable-price\/\"]}]},{\"@type\":\"BreadcrumbList\",\"@id\":\"http:\/\/huadongswacable.com\/ru\/solar-cable-price\/#breadcrumb\",\"itemListElement\":[{\"@type\":\"ListItem\",\"position\":1,\"name\":\"Home\",\"item\":\"http:\/\/huadongswacable.com\/ru\/\"},{\"@type\":\"ListItem\",\"position\":2,\"name\":\"Tips About Purchasing Best DC Solar Cable With Reasonable Price\"}]}]}<\/script>\n<!-- \/ Yoast SEO plugin. -->","yoast_head_json":{"title":"solar cable | 4mm solar wire | 6 sq mm dc solar cable price","description":"Being a professional solar cable manufacturer, we supply best 4 sq mm, 6sq mm, 10 sq mm dc solar cable price. Get 10 awg pv wire cost from us.","robots":{"index":"index","follow":"follow","max-snippet":"max-snippet:-1","max-image-preview":"max-image-preview:large","max-video-preview":"max-video-preview:-1"},"canonical":"http:\/\/huadongswacable.com\/it\/solar-cable-price\/","og_locale":"it_IT","og_type":"article","og_title":"solar cable | 4mm solar wire | 6 sq mm dc solar cable price","og_description":"Being a professional solar cable manufacturer, we supply best 4 sq mm, 6sq mm, 10 sq mm dc solar cable price. Get 10 awg pv wire cost from us.","og_url":"http:\/\/huadongswacable.com\/it\/solar-cable-price\/","og_site_name":"Huadong SWA Cable","article_modified_time":"2022-12-21T07:31:45+00:00","og_image":[{"url":"https:\/\/huadongswacable.com\/wp-content\/uploads\/2021\/11\/H1Z2Z2-K-PV-wire-solar-cable-price-in-Europe-.jpg"}],"twitter_card":"summary_large_image","twitter_misc":{"Tempo di lettura stimato":"5 minuti"},"schema":{"@context":"https:\/\/schema.org","@graph":[{"@type":"WebSite","@id":"http:\/\/huadongswacable.com\/ru\/#website","url":"http:\/\/huadongswacable.com\/ru\/","name":"Huadong SWA Cable","description":"Huadong SWA Cable","potentialAction":[{"@type":"SearchAction","target":{"@type":"EntryPoint","urlTemplate":"http:\/\/huadongswacable.com\/ru\/?s={search_term_string}"},"query-input":"required name=search_term_string"}],"inLanguage":"it-IT"},{"@type":"ImageObject","@id":"http:\/\/huadongswacable.com\/ru\/solar-cable-price\/#primaryimage","inLanguage":"it-IT","url":"https:\/\/huadongswacable.com\/wp-content\/uploads\/2021\/11\/H1Z2Z2-K-PV-wire-solar-cable-price-in-Europe-.jpg","contentUrl":"https:\/\/huadongswacable.com\/wp-content\/uploads\/2021\/11\/H1Z2Z2-K-PV-wire-solar-cable-price-in-Europe-.jpg","width":896,"height":528,"caption":"H1Z2Z2-K PV wire solar cable price in Europe"},{"@type":"WebPage","@id":"http:\/\/huadongswacable.com\/ru\/solar-cable-price\/#webpage","url":"http:\/\/huadongswacable.com\/ru\/solar-cable-price\/","name":"solar cable | 4mm solar wire | 6 sq mm dc solar cable price","isPartOf":{"@id":"http:\/\/huadongswacable.com\/ru\/#website"},"primaryImageOfPage":{"@id":"http:\/\/huadongswacable.com\/ru\/solar-cable-price\/#primaryimage"},"datePublished":"2022-04-01T07:34:26+00:00","dateModified":"2022-12-21T07:31:45+00:00","description":"Being a professional solar cable manufacturer, we supply best 4 sq mm, 6sq mm, 10 sq mm dc solar cable price. Get 10 awg pv wire cost from us.","breadcrumb":{"@id":"http:\/\/huadongswacable.com\/ru\/solar-cable-price\/#breadcrumb"},"inLanguage":"it-IT","potentialAction":[{"@type":"ReadAction","target":["http:\/\/huadongswacable.com\/ru\/solar-cable-price\/"]}]},{"@type":"BreadcrumbList","@id":"http:\/\/huadongswacable.com\/ru\/solar-cable-price\/#breadcrumb","itemListElement":[{"@type":"ListItem","position":1,"name":"Home","item":"http:\/\/huadongswacable.com\/ru\/"},{"@type":"ListItem","position":2,"name":"Tips About Purchasing Best DC Solar Cable With Reasonable Price"}]}]}},"_links":{"self":[{"href":"https:\/\/huadongswacable.com\/it\/wp-json\/wp\/v2\/pages\/6830","targetHints":{"allow":["GET"]}}],"collection":[{"href":"https:\/\/huadongswacable.com\/it\/wp-json\/wp\/v2\/pages"}],"about":[{"href":"https:\/\/huadongswacable.com\/it\/wp-json\/wp\/v2\/types\/page"}],"author":[{"embeddable":true,"href":"https:\/\/huadongswacable.com\/it\/wp-json\/wp\/v2\/users\/1"}],"replies":[{"embeddable":true,"href":"https:\/\/huadongswacable.com\/it\/wp-json\/wp\/v2\/comments?post=6830"}],"version-history":[{"count":7,"href":"https:\/\/huadongswacable.com\/it\/wp-json\/wp\/v2\/pages\/6830\/revisions"}],"predecessor-version":[{"id":7816,"href":"https:\/\/huadongswacable.com\/it\/wp-json\/wp\/v2\/pages\/6830\/revisions\/7816"}],"wp:attachment":[{"href":"https:\/\/huadongswacable.com\/it\/wp-json\/wp\/v2\/media?parent=6830"}],"curies":[{"name":"wp","href":"https:\/\/api.w.org\/{rel}","templated":true}]}}