{"id":6386,"date":"2021-09-27T14:23:48","date_gmt":"2021-09-27T06:23:48","guid":{"rendered":"http:\/\/huadongswacable.com\/?page_id=6386"},"modified":"2022-12-19T14:10:50","modified_gmt":"2022-12-19T06:10:50","slug":"240-sq-mm-4-core-armoured-cable-price","status":"publish","type":"page","link":"https:\/\/huadongswacable.com\/it\/240-sq-mm-4-core-armoured-cable-price\/","title":{"rendered":"240 SQ MM 4 Core Armoured Cable Prezzo al metro"},"content":{"rendered":"<h2>Come acquistare il cavo armato 0,6\/1kv cu\/xlpe\/pvc a 4 conduttori 240 mm2?<\/h2>\n<p>In generale, l'applicazione del cavo blindato xlpe 0,6\/1kv 4 core 240 mmq \u00e8 molto ampia. Pertanto, la domanda di cavo blindato 4 core 240 mm \u00e8 molto ampia. Tuttavia, se si vuole ottenere il miglior prezzo del cavo blindato 240 mmq 4 core, \u00e8 necessario trovare un <a href=\"https:\/\/huadongswacable.com\/it\/qualita-economia-cavo-armato-vendita\/\" target=\"_blank\" rel=\"noopener noreferrer\">produttore professionale di cavi elettrici blindati<\/a>. Anche sul mercato \u00e8 possibile trovare molti cavi di alimentazione da 240 mm in vendita. Non \u00e8 facile scegliere un fornitore affidabile di cavi a 4 conduttori da 240 mm. Ma se si riesce a trovare un produttore professionale di cavi xlpe da 240 mm, \u00e8 possibile ottenere il miglior prezzo del cavo blindato da 240 mm 4 core. Se si desidera ottenere quotazioni per cavo blindato 4c x 240 mmq, \u00e8 sufficiente lasciare un messaggio.<\/p>\n<div class=\"row prolisttable\">\n<div class=\"col-lg-12 col-md-12 col-xs-12 col-sm-12\">\n<table>\n<tbody>\n<tr>\n<td><img loading=\"lazy\" decoding=\"async\" class=\"aligncenter wp-image-6389\" src=\"https:\/\/huadongswacable.com\/wp-content\/uploads\/2021\/09\/get-best-4-core-240-sq-mm-cu-xlpe-pvc-swa-armoured-cable-price.jpg\" alt=\"ottenere il miglior prezzo del cavo armato 4 core 240 mmq cu xlpe pvc swa\" width=\"490\" height=\"367\" srcset=\"https:\/\/huadongswacable.com\/wp-content\/uploads\/2021\/09\/get-best-4-core-240-sq-mm-cu-xlpe-pvc-swa-armoured-cable-price.jpg 350w, https:\/\/huadongswacable.com\/wp-content\/uploads\/2021\/09\/get-best-4-core-240-sq-mm-cu-xlpe-pvc-swa-armoured-cable-price-300x225.jpg 300w\" sizes=\"auto, (max-width: 490px) 100vw, 490px\" \/><\/td>\n<td><strong>Tensione nominale:<\/strong> 0,6\/1KV<\/p>\n<p><strong>Conduttore:<\/strong> Rame o alluminio<\/p>\n<p><strong>Semiconduttore interno:<\/strong> Composto semiconduttore<\/p>\n<p><strong>Isolamento:<\/strong> XLPE \/ PVC<\/p>\n<p><strong>Corazzato:<\/strong> Filo d'acciaio zincato (SWA) o nastro d'acciaio zincato (STA)<\/p>\n<p><strong>Guaina:<\/strong> PVC (cloruro di polivinile)\/PE (polietilene)<\/p>\n<p><strong>Imballaggio:<\/strong> Ferro o tamburo di legno o secondo il vostro requisito<\/td>\n<\/tr>\n<\/tbody>\n<\/table>\n<\/div>\n<\/div>\n<p style=\"text-align: center;\"><span class=\"su-lightbox\" data-mfp-src=\"#Popup\" data-mfp-type=\"inline\" data-mobile=\"yes\"><button class=\"btn btn-danger btn-sm\" ><i class=\"fa fa-hand-o-right\" style=\"color:#ffffff;\"><\/i> Preventivo<\/button><\/span>\n<h2>Trova il produttore professionale di cavi armati 4C da 240 mmq<\/h2>\n<p>Infatti, se si cerca online il cavo armato 0,6\/1kv a 4 conduttori da 240 mmq, si possono trovare molti <a href=\"https:\/\/huadongswacable.com\/it\/240mm-xlpe-cavo-prezzo\/\" target=\"_blank\" rel=\"noopener noreferrer\">Cavo da 240 mmq in vendita<\/a>. Tuttavia, \u00e8 necessario confrontare il prezzo e la qualit\u00e0 dei loro cavi blindati a 4 conduttori da 240 mm. Da un lato, si pu\u00f2 provare ad acquistare da un fornitore straniero di cavi a 4 conduttori da 240 mmq. Anche se il costo di spedizione del cavo a 4 conduttori da 240 mm2 sar\u00e0 pi\u00f9 elevato, il prezzo totale del cavo blindato 0,6\/1kv 4C x 240 mmq \u00e8 inferiore. In effetti, ci sono molti produttori professionali di cavi blindati in pvc swa 3C e 4C 240 mmq in Cina. Huadong \u00e8 un eccellente fornitore di cavi blindati xlpe e pvc swa. Produciamo cavi blindati xlpe 4 core 240 mm2 per i clienti di tutto il mondo.<\/p>\n<div class=\"row prolisttable\">\n<div class=\"col-lg-12 col-md-12 col-xs-12 col-sm-12\">\n<table>\n<tbody>\n<tr>\n<td><img loading=\"lazy\" decoding=\"async\" class=\"aligncenter wp-image-6390\" src=\"https:\/\/huadongswacable.com\/wp-content\/uploads\/2021\/09\/how-mcuh-is-4C-x-240mm2-cu-xlpe-swa-pvc-armoured-cable-price-per-meter.jpg\" alt=\"quanto \u00e8 mcuh 4C x 240mm2 cu xlpe swa pvc cavo armato prezzo al metro\" width=\"334\" height=\"334\" srcset=\"https:\/\/huadongswacable.com\/wp-content\/uploads\/2021\/09\/how-mcuh-is-4C-x-240mm2-cu-xlpe-swa-pvc-armoured-cable-price-per-meter.jpg 300w, https:\/\/huadongswacable.com\/wp-content\/uploads\/2021\/09\/how-mcuh-is-4C-x-240mm2-cu-xlpe-swa-pvc-armoured-cable-price-per-meter-150x150.jpg 150w\" sizes=\"auto, (max-width: 334px) 100vw, 334px\" \/><\/td>\n<td><strong>Conduttori:<\/strong> Rame\/Alluminio<\/p>\n<p><strong>Numero di core:<\/strong> 4 core<\/p>\n<p><strong>Area della sezione trasversale:<\/strong> 240 mmq<\/p>\n<p><strong>Isolamento:<\/strong> XLPE (polietilene reticolato)\/PVC (cloruro di polivinile)<\/p>\n<p><strong>Corazzato:<\/strong> SWA (filo d'acciaio zincato) o STA (nastro d'acciaio zincato)<\/p>\n<p><strong>Guaina\/Giacca:<\/strong>\u00a0 PVC (cloruro di polivinile)\/PE (polietilene)<\/td>\n<\/tr>\n<\/tbody>\n<\/table>\n<\/div>\n<\/div>\n<p>Inoltre, se avete bisogno, possiamo inviare il prezzo del cavo blindato da 240 mm 4 core per i campioni. In modo che possiate assicurarvi che la qualit\u00e0 del nostro cavo a 4 anime * 240 mmq possa soddisfare il vostro requisito. Oltre al cavo blindato in pvc xlpe swa da 4 core 240 mm, abbiamo altre dimensioni. Ad esempio, abbiamo cavi da 16 mm, 25 mm, 50 mm, 95 mm, 185 mm, 240 mm, 300 mm e altre dimensioni di cavi blindati in vendita. Pertanto, se siete interessati al nostro prezzo del cavo blindato cu xlpe swa 240 mmq 4 core, contattateci. Inoltre, \u00e8 possibile visitare la nostra fabbrica di cavi blindati 4 core 240 mm xlpe, se \u00e8 conveniente per voi. Cos\u00ec si pu\u00f2 credere la nostra 240 mmq x 4 core xlpe cavo armato qualit\u00e0.<\/p>\n<p style=\"text-align: center;\"><span class=\"su-lightbox\" data-mfp-src=\"#Popup\" data-mfp-type=\"inline\" data-mobile=\"yes\"><button class=\"btn btn-danger btn-sm\" ><i class=\"fa fa-hand-o-right\" style=\"color:#ffffff;\"><\/i> Preventivo<\/button><\/span>\n<h2>Confronta i prezzi del cavo armato a 4 conduttori da 240 mm<\/h2>\n<p>Perch\u00e9 ci sono molti fornitori di cavi blindati xlpe swa a 4 anime da 240 mmq nel mondo. Quindi \u00e8 possibile ottenere diversi prezzi del cavo blindato da 240 mmq 4 core da loro. In primo luogo, il costo del materiale influenza il prezzo del cavo xlpe 4C*240mm. Ad esempio, il prezzo del materiale in rame o in alluminio determiner\u00e0 la diversa quotazione del cavo blindato. <a href=\"https:\/\/huadongswacable.com\/it\/3c-x-240mm-xlpe-swa-pvc-cable\/\" target=\"_blank\" rel=\"noopener noreferrer\">Cavo armato a 3 conduttori 240 mmq xlpe pvc swa<\/a>. Inoltre, il costo umano anche influenzare il 240 millimetri x 4 core xlpe swa pvc prezzo del cavo. Cos\u00ec si pu\u00f2 ottenere che 4 core 240mm2 produttore di cavi dalla Cina sar\u00e0 avere grande competitivo. Cosa c'\u00e8 di pi\u00f9, se si acquista 4 core 240mm2 rame xlpe cavo armato dal produttore di cavi elettrici diretti, \u00e8 possibile ottenere sconto 240sq mm 4 core cu xlpe swa pvc prezzo del cavo.<\/p>\n<div class=\"row prolisttable\">\n<div class=\"col-lg-12 col-md-12 col-xs-12 col-sm-12\">\n<table>\n<tbody>\n<tr>\n<td><img loading=\"lazy\" decoding=\"async\" class=\"aligncenter size-full wp-image-6396\" src=\"https:\/\/huadongswacable.com\/wp-content\/uploads\/2021\/09\/purchase-low-price-1C-x-240mm-cu-11kv-xlpe-cable-from-supplier-1.jpg\" alt=\"acquistare a basso prezzo 1C x 240mm cu 11kv xlpe cavo dal fornitore\" width=\"300\" height=\"300\" srcset=\"https:\/\/huadongswacable.com\/wp-content\/uploads\/2021\/09\/purchase-low-price-1C-x-240mm-cu-11kv-xlpe-cable-from-supplier-1.jpg 300w, https:\/\/huadongswacable.com\/wp-content\/uploads\/2021\/09\/purchase-low-price-1C-x-240mm-cu-11kv-xlpe-cable-from-supplier-1-150x150.jpg 150w\" sizes=\"auto, (max-width: 300px) 100vw, 300px\" \/><\/td>\n<td><a href=\"https:\/\/huadongswacable.com\/it\/cavo-unipolare-da-240-mm\/\" target=\"_blank\" rel=\"noopener noreferrer\"><b>1C * 240 mmq cu xlpe awa pvc cavo armato<\/b><\/a><\/p>\n<p><strong>Tensione:<\/strong> 0,6\/1kv\uff0c6,6kv, 11kv, 15kv, 12\/20kv \uff0c25\/35kv\uff0c33kv<\/p>\n<p><strong>Materiale del conduttore:<\/strong> Rame o alluminio<\/p>\n<p><strong>Semiconduttore interno:<\/strong> Composto semiconduttore<\/p>\n<p><strong>Tipo di armatura:<\/strong> AWA (armatura a filo di alluminio)\/ATA (armatura a nastro di alluminio)<\/p>\n<p><strong>Isolamento:<\/strong> XLPE\/PVC<\/p>\n<p><strong>Guaina interna ed esterna:<\/strong> PVC<\/p>\n<p><strong>Temperatura massima di esercizio:<\/strong>\u00a090\u00b0C<\/td>\n<\/tr>\n<\/tbody>\n<\/table>\n<\/div>\n<\/div>\n<p style=\"text-align: center;\"><span class=\"su-lightbox\" data-mfp-src=\"#Popup\" data-mfp-type=\"inline\" data-mobile=\"yes\"><button class=\"btn btn-danger btn-sm\" ><i class=\"fa fa-hand-o-right\" style=\"color:#ffffff;\"><\/i> Preventivo<\/button><\/span>\n<p>Questi fornitori di cavi xlpe a 4 anime da 240 mm possono consegnare il cavo a voi paesi. Inoltre, pi\u00f9 cavo blindato 4Cx 240 mmq si ordina, il prezzo del cavo blindato 4 core 240 mm sar\u00e0 pi\u00f9 conveniente. Tuttavia, il prezzo del cavo blindato 240mm2 4 core xlpe in Sudafrica, Nigeria, Filippine, Malesia, Indonesia, Brasile sar\u00e0 diverso. Quindi \u00e8 necessario confrontare i prezzi del cavo 240 mmq 4 core Kenya con il prezzo del cavo blindato 4C * 240mm2 in <span class=\"VIiyi\" lang=\"en\"><span class=\"JLqJ4b ChMk0b\" data-language-for-alternatives=\"en\" data-language-to-translate-into=\"zh-CN\" data-phrase-index=\"0\">Somalia<\/span><\/span>.  In questo modo \u00e8 possibile ottenere un'offerta ragionevole di cavi a 4 conduttori* 240 mm2 .<\/p>\n<p><img loading=\"lazy\" decoding=\"async\" class=\"aligncenter size-full wp-image-6392\" src=\"https:\/\/huadongswacable.com\/wp-content\/uploads\/2021\/09\/purchase-4C-x-240-sq-mm-xlpe-pvc-mv-armoured-cable-from-manufacturer.jpg\" alt=\"acquistare cavo armato 4C x 240sq mm cu xlpe pvc mv da produttore\" width=\"800\" height=\"414\" srcset=\"https:\/\/huadongswacable.com\/wp-content\/uploads\/2021\/09\/purchase-4C-x-240-sq-mm-xlpe-pvc-mv-armoured-cable-from-manufacturer.jpg 800w, https:\/\/huadongswacable.com\/wp-content\/uploads\/2021\/09\/purchase-4C-x-240-sq-mm-xlpe-pvc-mv-armoured-cable-from-manufacturer-300x155.jpg 300w, https:\/\/huadongswacable.com\/wp-content\/uploads\/2021\/09\/purchase-4C-x-240-sq-mm-xlpe-pvc-mv-armoured-cable-from-manufacturer-768x397.jpg 768w\" sizes=\"auto, (max-width: 800px) 100vw, 800px\" \/><\/p>\n<div role=\"form\" class=\"wpcf7\" id=\"wpcf7-f6-o1\" lang=\"en-US\" dir=\"ltr\">\n<div class=\"screen-reader-response\"><p role=\"status\" aria-live=\"polite\" aria-atomic=\"true\"><\/p> <ul><\/ul><\/div>\n<form action=\"\/it\/wp-json\/wp\/v2\/pages\/6386#wpcf7-f6-o1\" method=\"post\" class=\"wpcf7-form init\" novalidate=\"novalidate\" data-status=\"init\" data-trp-original-action=\"\/it\/wp-json\/wp\/v2\/pages\/6386#wpcf7-f6-o1\">\n<div style=\"display: none;\">\n<input type=\"hidden\" name=\"_wpcf7\" value=\"6\" \/>\n<input type=\"hidden\" name=\"_wpcf7_version\" value=\"5.5.6\" \/>\n<input type=\"hidden\" name=\"_wpcf7_locale\" value=\"en_US\" \/>\n<input type=\"hidden\" name=\"_wpcf7_unit_tag\" value=\"wpcf7-f6-o1\" \/>\n<input type=\"hidden\" name=\"_wpcf7_container_post\" value=\"0\" \/>\n<input type=\"hidden\" name=\"_wpcf7_posted_data_hash\" value=\"\" \/>\n<\/div>\n<div class=\"messageform\">\n<p><strong><span style=\"color:red;\"><\/span> Il tuo nome<\/strong><br \/>\n    <span class=\"wpcf7-form-control-wrap your-name\"><input type=\"text\" name=\"your-name\" value=\"\" size=\"40\" class=\"wpcf7-form-control wpcf7-text\" aria-invalid=\"false\" \/><\/span> <\/p>\n<p><strong><span style=\"color:red;\">*<\/span> Il tuo indirizzo e-mail<\/strong><br \/>\n    <span class=\"wpcf7-form-control-wrap your-email\"><input type=\"email\" name=\"your-email\" value=\"\" size=\"40\" class=\"wpcf7-form-control wpcf7-text wpcf7-email wpcf7-validates-as-required wpcf7-validates-as-email\" aria-required=\"true\" aria-invalid=\"false\" \/><\/span> <\/p>\n<p><strong>Il vostro numero di telefono<\/strong><br \/>\n    <span class=\"wpcf7-form-control-wrap your-phone\"><input type=\"text\" name=\"your-phone\" value=\"\" size=\"40\" class=\"wpcf7-form-control wpcf7-text\" aria-invalid=\"false\" placeholder=\"Includere il prefisso della zona\" \/><\/span> <\/p>\n<p><strong>Il vostro Paese<\/strong><br \/>\n    <span class=\"wpcf7-form-control-wrap your-country\"><input type=\"text\" name=\"your-country\" value=\"\" size=\"40\" class=\"wpcf7-form-control wpcf7-text\" aria-invalid=\"false\" \/><\/span> <\/p>\n<p><strong><span style=\"color:red;\">*<\/span> Il vostro requisito<\/strong><br \/>\n    <span class=\"wpcf7-form-control-wrap your-requirement\"><textarea name=\"your-requirement\" cols=\"40\" rows=\"10\" class=\"wpcf7-form-control wpcf7-textarea wpcf7-validates-as-required bestonmessage\" aria-required=\"true\" aria-invalid=\"false\" placeholder=\"Per un&#039;offerta dettagliata, vi preghiamo di inviarci il vostro requisito dettagliato.\"><\/textarea><\/span> <\/p>\n<p><input type=\"submit\" value=\"Invia il messaggio\" class=\"wpcf7-form-control has-spinner wpcf7-submit\" \/><\/p>\n<\/div>\n<p style=\"display: none !important;\"><label>&#916;<textarea name=\"_wpcf7_ak_hp_textarea\" cols=\"45\" rows=\"8\" maxlength=\"100\"><\/textarea><\/label><input type=\"hidden\" id=\"ak_js_1\" name=\"_wpcf7_ak_js\" value=\"34\"\/><script>document.getElementById( \"ak_js_1\" ).setAttribute( \"value\", ( new Date() ).getTime() );<\/script><\/p><input type='hidden' class='wpcf7-pum' value='{\"closepopup\":false,\"closedelay\":0,\"openpopup\":false,\"openpopup_id\":0}' \/><div class=\"wpcf7-response-output\" aria-hidden=\"true\"><\/div><input type=\"hidden\" name=\"trp-form-language\" value=\"it\"\/><\/form><\/div>\n<div class=\"su-lightbox-content su-u-trim\" id=\"Popup\" style=\"display:none;width:auto;min-width:50%;max-width:70%;margin-top:40px;margin-bottom:40px;padding:40px;background:#e8e5e5;color:#060473;box-shadow:0px 0px 15px #333333;text-align:left\"><div role=\"form\" class=\"wpcf7\" id=\"wpcf7-f5571-o2\" lang=\"en-US\" dir=\"ltr\">\n<div class=\"screen-reader-response\"><p role=\"status\" aria-live=\"polite\" aria-atomic=\"true\"><\/p> <ul><\/ul><\/div>\n<form action=\"\/it\/wp-json\/wp\/v2\/pages\/6386#wpcf7-f5571-o2\" method=\"post\" class=\"wpcf7-form init\" novalidate=\"novalidate\" data-status=\"init\" data-trp-original-action=\"\/it\/wp-json\/wp\/v2\/pages\/6386#wpcf7-f5571-o2\">\n<div style=\"display: none;\">\n<input type=\"hidden\" name=\"_wpcf7\" value=\"5571\" \/>\n<input type=\"hidden\" name=\"_wpcf7_version\" value=\"5.5.6\" \/>\n<input type=\"hidden\" name=\"_wpcf7_locale\" value=\"en_US\" \/>\n<input type=\"hidden\" name=\"_wpcf7_unit_tag\" value=\"wpcf7-f5571-o2\" \/>\n<input type=\"hidden\" name=\"_wpcf7_container_post\" value=\"0\" \/>\n<input type=\"hidden\" name=\"_wpcf7_posted_data_hash\" value=\"\" \/>\n<\/div>\n<div class=\"popmakerform\">\n<p>Il tuo nome <span style=\"color:red;\">*<span><br \/>\n<span class=\"wpcf7-form-control-wrap your-name\"><input type=\"text\" name=\"your-name\" value=\"\" size=\"40\" class=\"wpcf7-form-control wpcf7-text wpcf7-validates-as-required\" aria-required=\"true\" aria-invalid=\"false\" \/><\/span><\/p>\n<p>Il tuo indirizzo e-mail <span style=\"color:red;\">*<span><br \/>\n<span class=\"wpcf7-form-control-wrap your-email\"><input type=\"email\" name=\"your-email\" value=\"\" size=\"40\" class=\"wpcf7-form-control wpcf7-text wpcf7-email wpcf7-validates-as-required wpcf7-validates-as-email\" aria-required=\"true\" aria-invalid=\"false\" \/><\/span><\/p>\n<p>Il vostro numero di telefono<br \/>\n<span class=\"wpcf7-form-control-wrap your-phone\"><input type=\"text\" name=\"your-phone\" value=\"\" size=\"40\" class=\"wpcf7-form-control wpcf7-text\" aria-invalid=\"false\" \/><\/span><\/p>\n<p>Il vostro Paese<br \/>\n<span class=\"wpcf7-form-control-wrap your-country\"><input type=\"text\" name=\"your-country\" value=\"\" size=\"40\" class=\"wpcf7-form-control wpcf7-text\" aria-invalid=\"false\" \/><\/span><\/p>\n<p>Requisiti dettagliati <span style=\"color:red;\">*<span><br \/>\n<span class=\"wpcf7-form-control-wrap your-requirement\"><textarea name=\"your-requirement\" cols=\"40\" rows=\"4\" class=\"wpcf7-form-control wpcf7-textarea wpcf7-validates-as-required\" aria-required=\"true\" aria-invalid=\"false\"><\/textarea><\/span><\/p>\n<p><input type=\"submit\" value=\"Preventivo\" class=\"wpcf7-form-control has-spinner wpcf7-submit\" \/><\/p>\n<\/div>\n<p style=\"display: none !important;\"><label>&#916;<textarea name=\"_wpcf7_ak_hp_textarea\" cols=\"45\" rows=\"8\" maxlength=\"100\"><\/textarea><\/label><input type=\"hidden\" id=\"ak_js_2\" name=\"_wpcf7_ak_js\" value=\"157\"\/><script>document.getElementById( \"ak_js_2\" ).setAttribute( \"value\", ( new Date() ).getTime() );<\/script><\/p><input type='hidden' class='wpcf7-pum' value='{\"closepopup\":false,\"closedelay\":0,\"openpopup\":false,\"openpopup_id\":0}' \/><div class=\"wpcf7-response-output\" aria-hidden=\"true\"><\/div><input type=\"hidden\" name=\"trp-form-language\" value=\"it\"\/><\/form><\/div><\/div>","protected":false},"excerpt":{"rendered":"<p>Come acquistare il cavo blindato 0,6\/1kv cu\/xlpe\/pvc 4 core 240 mm2? In generale, l'applicazione del cavo blindato 0,6\/1kv 4 core 240 mmq xlpe \u00e8 molto ampia. Quindi la domanda di cavo blindato 4 core 240 mm \u00e8 molto ampia. Tuttavia, se si desidera ottenere il miglior prezzo del cavo blindato a 4 conduttori da 240 mmq, ... <a class=\"read-more\" href=\"https:\/\/huadongswacable.com\/it\/240-sq-mm-4-core-armoured-cable-price\/\">Per saperne di pi\u00f9...<\/a><\/p>","protected":false},"author":1,"featured_media":0,"parent":0,"menu_order":0,"comment_status":"closed","ping_status":"closed","template":"","meta":{"footnotes":""},"class_list":["post-6386","page","type-page","status-publish"],"yoast_head":"<!-- This site is optimized with the Yoast SEO plugin v18.4.1 - https:\/\/yoast.com\/wordpress\/plugins\/seo\/ -->\n<title>240mm 4 Core Armoured Cable Price | 240 sq mm 4C SWA Cable Supplier<\/title>\n<meta name=\"description\" content=\"We are 0.6\/1kv 4 core 240 sq mm armoured cable manufacturer, supply 240mm 4 core armoured cable price and tell how much is 4c 240mm2 cable.\" \/>\n<meta name=\"robots\" content=\"index, follow, max-snippet:-1, max-image-preview:large, max-video-preview:-1\" \/>\n<link rel=\"canonical\" href=\"https:\/\/huadongswacable.com\/it\/240-sq-mm-4-core-armoured-cable-price\/\" \/>\n<meta property=\"og:locale\" content=\"it_IT\" \/>\n<meta property=\"og:type\" content=\"article\" \/>\n<meta property=\"og:title\" content=\"240mm 4 Core Armoured Cable Price | 240 sq mm 4C SWA Cable Supplier\" \/>\n<meta property=\"og:description\" content=\"We are 0.6\/1kv 4 core 240 sq mm armoured cable manufacturer, supply 240mm 4 core armoured cable price and tell how much is 4c 240mm2 cable.\" \/>\n<meta property=\"og:url\" content=\"https:\/\/huadongswacable.com\/it\/240-sq-mm-4-core-armoured-cable-price\/\" \/>\n<meta property=\"og:site_name\" content=\"Huadong SWA Cable\" \/>\n<meta property=\"article:modified_time\" content=\"2022-12-19T06:10:50+00:00\" \/>\n<meta property=\"og:image\" content=\"https:\/\/huadongswacable.com\/wp-content\/uploads\/2021\/09\/get-best-4-core-240-sq-mm-cu-xlpe-pvc-swa-armoured-cable-price.jpg\" \/>\n<meta name=\"twitter:card\" content=\"summary_large_image\" \/>\n<meta name=\"twitter:label1\" content=\"Tempo di lettura stimato\" \/>\n\t<meta name=\"twitter:data1\" content=\"5 minuti\" \/>\n<script type=\"application\/ld+json\" class=\"yoast-schema-graph\">{\"@context\":\"https:\/\/schema.org\",\"@graph\":[{\"@type\":\"WebSite\",\"@id\":\"http:\/\/huadongswacable.com\/ru\/#website\",\"url\":\"http:\/\/huadongswacable.com\/ru\/\",\"name\":\"Huadong SWA Cable\",\"description\":\"Huadong SWA Cable\",\"potentialAction\":[{\"@type\":\"SearchAction\",\"target\":{\"@type\":\"EntryPoint\",\"urlTemplate\":\"http:\/\/huadongswacable.com\/ru\/?s={search_term_string}\"},\"query-input\":\"required name=search_term_string\"}],\"inLanguage\":\"it-IT\"},{\"@type\":\"ImageObject\",\"@id\":\"https:\/\/huadongswacable.com\/240-sq-mm-4-core-armoured-cable-price\/#primaryimage\",\"inLanguage\":\"it-IT\",\"url\":\"https:\/\/huadongswacable.com\/wp-content\/uploads\/2021\/09\/get-best-4-core-240-sq-mm-cu-xlpe-pvc-swa-armoured-cable-price.jpg\",\"contentUrl\":\"https:\/\/huadongswacable.com\/wp-content\/uploads\/2021\/09\/get-best-4-core-240-sq-mm-cu-xlpe-pvc-swa-armoured-cable-price.jpg\",\"width\":350,\"height\":262,\"caption\":\"get best 4 core 240 sq mm cu xlpe pvc swa armoured cable price\"},{\"@type\":\"WebPage\",\"@id\":\"https:\/\/huadongswacable.com\/240-sq-mm-4-core-armoured-cable-price\/#webpage\",\"url\":\"https:\/\/huadongswacable.com\/240-sq-mm-4-core-armoured-cable-price\/\",\"name\":\"240mm 4 Core Armoured Cable Price | 240 sq mm 4C SWA Cable Supplier\",\"isPartOf\":{\"@id\":\"http:\/\/huadongswacable.com\/ru\/#website\"},\"primaryImageOfPage\":{\"@id\":\"https:\/\/huadongswacable.com\/240-sq-mm-4-core-armoured-cable-price\/#primaryimage\"},\"datePublished\":\"2021-09-27T06:23:48+00:00\",\"dateModified\":\"2022-12-19T06:10:50+00:00\",\"description\":\"We are 0.6\/1kv 4 core 240 sq mm armoured cable manufacturer, supply 240mm 4 core armoured cable price and tell how much is 4c 240mm2 cable.\",\"breadcrumb\":{\"@id\":\"https:\/\/huadongswacable.com\/240-sq-mm-4-core-armoured-cable-price\/#breadcrumb\"},\"inLanguage\":\"it-IT\",\"potentialAction\":[{\"@type\":\"ReadAction\",\"target\":[\"https:\/\/huadongswacable.com\/240-sq-mm-4-core-armoured-cable-price\/\"]}]},{\"@type\":\"BreadcrumbList\",\"@id\":\"https:\/\/huadongswacable.com\/240-sq-mm-4-core-armoured-cable-price\/#breadcrumb\",\"itemListElement\":[{\"@type\":\"ListItem\",\"position\":1,\"name\":\"Home\",\"item\":\"http:\/\/huadongswacable.com\/ru\/\"},{\"@type\":\"ListItem\",\"position\":2,\"name\":\"240 SQ MM 4 Core Armoured Cable Price Per Meter\"}]}]}<\/script>\n<!-- \/ Yoast SEO plugin. -->","yoast_head_json":{"title":"240mm 4 Core Armoured Cable Price | 240 sq mm 4C SWA Cable Supplier","description":"We are 0.6\/1kv 4 core 240 sq mm armoured cable manufacturer, supply 240mm 4 core armoured cable price and tell how much is 4c 240mm2 cable.","robots":{"index":"index","follow":"follow","max-snippet":"max-snippet:-1","max-image-preview":"max-image-preview:large","max-video-preview":"max-video-preview:-1"},"canonical":"https:\/\/huadongswacable.com\/it\/240-sq-mm-4-core-armoured-cable-price\/","og_locale":"it_IT","og_type":"article","og_title":"240mm 4 Core Armoured Cable Price | 240 sq mm 4C SWA Cable Supplier","og_description":"We are 0.6\/1kv 4 core 240 sq mm armoured cable manufacturer, supply 240mm 4 core armoured cable price and tell how much is 4c 240mm2 cable.","og_url":"https:\/\/huadongswacable.com\/it\/240-sq-mm-4-core-armoured-cable-price\/","og_site_name":"Huadong SWA Cable","article_modified_time":"2022-12-19T06:10:50+00:00","og_image":[{"url":"https:\/\/huadongswacable.com\/wp-content\/uploads\/2021\/09\/get-best-4-core-240-sq-mm-cu-xlpe-pvc-swa-armoured-cable-price.jpg"}],"twitter_card":"summary_large_image","twitter_misc":{"Tempo di lettura stimato":"5 minuti"},"schema":{"@context":"https:\/\/schema.org","@graph":[{"@type":"WebSite","@id":"http:\/\/huadongswacable.com\/ru\/#website","url":"http:\/\/huadongswacable.com\/ru\/","name":"Huadong SWA Cable","description":"Huadong SWA Cable","potentialAction":[{"@type":"SearchAction","target":{"@type":"EntryPoint","urlTemplate":"http:\/\/huadongswacable.com\/ru\/?s={search_term_string}"},"query-input":"required name=search_term_string"}],"inLanguage":"it-IT"},{"@type":"ImageObject","@id":"https:\/\/huadongswacable.com\/240-sq-mm-4-core-armoured-cable-price\/#primaryimage","inLanguage":"it-IT","url":"https:\/\/huadongswacable.com\/wp-content\/uploads\/2021\/09\/get-best-4-core-240-sq-mm-cu-xlpe-pvc-swa-armoured-cable-price.jpg","contentUrl":"https:\/\/huadongswacable.com\/wp-content\/uploads\/2021\/09\/get-best-4-core-240-sq-mm-cu-xlpe-pvc-swa-armoured-cable-price.jpg","width":350,"height":262,"caption":"get best 4 core 240 sq mm cu xlpe pvc swa armoured cable price"},{"@type":"WebPage","@id":"https:\/\/huadongswacable.com\/240-sq-mm-4-core-armoured-cable-price\/#webpage","url":"https:\/\/huadongswacable.com\/240-sq-mm-4-core-armoured-cable-price\/","name":"240mm 4 Core Armoured Cable Price | 240 sq mm 4C SWA Cable Supplier","isPartOf":{"@id":"http:\/\/huadongswacable.com\/ru\/#website"},"primaryImageOfPage":{"@id":"https:\/\/huadongswacable.com\/240-sq-mm-4-core-armoured-cable-price\/#primaryimage"},"datePublished":"2021-09-27T06:23:48+00:00","dateModified":"2022-12-19T06:10:50+00:00","description":"We are 0.6\/1kv 4 core 240 sq mm armoured cable manufacturer, supply 240mm 4 core armoured cable price and tell how much is 4c 240mm2 cable.","breadcrumb":{"@id":"https:\/\/huadongswacable.com\/240-sq-mm-4-core-armoured-cable-price\/#breadcrumb"},"inLanguage":"it-IT","potentialAction":[{"@type":"ReadAction","target":["https:\/\/huadongswacable.com\/240-sq-mm-4-core-armoured-cable-price\/"]}]},{"@type":"BreadcrumbList","@id":"https:\/\/huadongswacable.com\/240-sq-mm-4-core-armoured-cable-price\/#breadcrumb","itemListElement":[{"@type":"ListItem","position":1,"name":"Home","item":"http:\/\/huadongswacable.com\/ru\/"},{"@type":"ListItem","position":2,"name":"240 SQ MM 4 Core Armoured Cable Price Per Meter"}]}]}},"_links":{"self":[{"href":"https:\/\/huadongswacable.com\/it\/wp-json\/wp\/v2\/pages\/6386","targetHints":{"allow":["GET"]}}],"collection":[{"href":"https:\/\/huadongswacable.com\/it\/wp-json\/wp\/v2\/pages"}],"about":[{"href":"https:\/\/huadongswacable.com\/it\/wp-json\/wp\/v2\/types\/page"}],"author":[{"embeddable":true,"href":"https:\/\/huadongswacable.com\/it\/wp-json\/wp\/v2\/users\/1"}],"replies":[{"embeddable":true,"href":"https:\/\/huadongswacable.com\/it\/wp-json\/wp\/v2\/comments?post=6386"}],"version-history":[{"count":10,"href":"https:\/\/huadongswacable.com\/it\/wp-json\/wp\/v2\/pages\/6386\/revisions"}],"predecessor-version":[{"id":7769,"href":"https:\/\/huadongswacable.com\/it\/wp-json\/wp\/v2\/pages\/6386\/revisions\/7769"}],"wp:attachment":[{"href":"https:\/\/huadongswacable.com\/it\/wp-json\/wp\/v2\/media?parent=6386"}],"curies":[{"name":"wp","href":"https:\/\/api.w.org\/{rel}","templated":true}]}}