{"id":633,"date":"2018-04-02T16:00:03","date_gmt":"2018-04-02T08:00:03","guid":{"rendered":"http:\/\/huadongswacable.com\/?page_id=633"},"modified":"2022-12-19T11:51:52","modified_gmt":"2022-12-19T03:51:52","slug":"single-core-armoured-cable","status":"publish","type":"page","link":"https:\/\/huadongswacable.com\/it\/cavo-blindato-unipolare\/","title":{"rendered":"Cavo blindato a nucleo singolo da 16 mm 25 mm 50 mm in vendita"},"content":{"rendered":"<h2>Dove acquistare il cavo armato unipolare?<\/h2>\n<p>Huadong Cable Group \u00e8 un fornitore leader di cavi blindati unipolari in Cina. Sono in vendita cavi unipolari blindati da 25 mm di alta qualit\u00e0 e a prezzi relativamente bassi. Abbiamo pi\u00f9 di 30 anni di esperienza nella produzione di cavi blindati unipolari da 50 mmq. Inoltre, abbiamo pi\u00f9 di 20 anni di esperienza nell'esportazione di cavi blindati in alluminio unipolari. In ogni processo di produzione del cavo blindato unipolare, rispettiamo rigorosamente gli standard di produzione del cavo blindato monofase. Se avete bisogno di un cavo corazzato monofase, Huadong \u00e8 sicuramente la vostra scelta ideale. Contattateci ora per ottenere la vostra quotazione del cavo unipolare SWA.<\/p>\n<div class=\"row prolisttable\">\n<div class=\"col-lg-12 col-md-12 col-xs-12 col-sm-12\">\n<table>\n<tbody>\n<tr>\n<td><img loading=\"lazy\" decoding=\"async\" class=\"aligncenter size-full wp-image-5945\" src=\"https:\/\/huadongswacable.com\/wp-content\/uploads\/2021\/06\/16mm-xlpe-pvc-ata-single-core-cable-for-sale.jpg\" alt=\"Cavo unipolare in pvc ata da 16 mm xlpe in vendita\" width=\"350\" height=\"350\" srcset=\"https:\/\/huadongswacable.com\/wp-content\/uploads\/2021\/06\/16mm-xlpe-pvc-ata-single-core-cable-for-sale.jpg 350w, https:\/\/huadongswacable.com\/wp-content\/uploads\/2021\/06\/16mm-xlpe-pvc-ata-single-core-cable-for-sale-300x300.jpg 300w, https:\/\/huadongswacable.com\/wp-content\/uploads\/2021\/06\/16mm-xlpe-pvc-ata-single-core-cable-for-sale-150x150.jpg 150w\" sizes=\"auto, (max-width: 350px) 100vw, 350px\" \/><\/td>\n<td><strong>Conduttore:<\/strong> Alluminio<\/p>\n<p><strong>Tensione:<\/strong> 0,6\/1kv, 6,6kv, 12\/20kv, 11kv, 15kv\uff0c33kv<\/p>\n<p><strong>Corazzato:<\/strong>\u00a0 AWA (Filo di alluminio armato) ATA (Nastro di alluminio armato)<\/p>\n<p><strong>Isolamento:<\/strong> XLPE \/ PVC \/ LSF \/ Resistente al fuoco<\/p>\n<p><strong>Area della sezione:<\/strong> 1,5 mm2-1000 mm2<\/p>\n<p><strong>Standard:<\/strong> IEC 60502, BS 7870, GB\/T12706 o altro.<\/p>\n<p><strong>Imballaggio:<\/strong> Tamburo di ferro o di legno<\/td>\n<\/tr>\n<\/tbody>\n<\/table>\n<\/div>\n<\/div>\n<p style=\"text-align: center;\"><span class=\"su-lightbox\" data-mfp-src=\"#Popup\" data-mfp-type=\"inline\" data-mobile=\"yes\"><button class=\"btn btn-danger btn-sm\" ><i class=\"fa fa-hand-o-right\" style=\"color:#ffffff;\"><\/i> Preventivo<\/button><\/span>\n<h2>Quali sono le caratteristiche del cavo unipolare da 25 mm?<\/h2>\n<p>Prima di acquistare un cavo armato monofase da 25 mm, \u00e8 necessario conoscere le caratteristiche e le applicazioni del cavo armato unipolare. Se invece conoscete gi\u00e0 queste informazioni di base, potete contattarci per acquistare direttamente il cavo armato in alluminio unipolare. Il cavo unipolare armato \u00e8 un cavo di alimentazione monofase armato con filo di alluminio o nastro di alluminio armato. Potete scegliere il cavo blindato unipolare AWA o il cavo blindato monofase ATA in base alle vostre applicazioni. Non esitate a contattarci. Inoltre, se scegliete Huadong Group come fornitore, otterrete il prezzo di fabbrica del cavo blindato monofase SWA.<\/p>\n<div class=\"row prolisttable\">\n<div class=\"col-lg-12 col-md-12 col-xs-12 col-sm-12\">\n<table>\n<tbody>\n<tr>\n<td><img loading=\"lazy\" decoding=\"async\" class=\"aligncenter size-full wp-image-5952\" src=\"https:\/\/huadongswacable.com\/wp-content\/uploads\/2021\/06\/1C-x-185mm-150mm-120mm-xlpe-pvc-awa-copper-wire.jpg\" alt=\"Cavo armato in pvc xlpe da 25 mm\" width=\"300\" height=\"300\" srcset=\"https:\/\/huadongswacable.com\/wp-content\/uploads\/2021\/06\/1C-x-185mm-150mm-120mm-xlpe-pvc-awa-copper-wire.jpg 300w, https:\/\/huadongswacable.com\/wp-content\/uploads\/2021\/06\/1C-x-185mm-150mm-120mm-xlpe-pvc-awa-copper-wire-150x150.jpg 150w\" sizes=\"auto, (max-width: 300px) 100vw, 300px\" \/><\/td>\n<td><strong>Conduttore:<\/strong> Rame<\/p>\n<p><strong>Tensione:<\/strong> 0,6\/1kv, 6,6kv, 12\/20kv, 11kv, 15kv\uff0c33kv<\/p>\n<p><strong>Area della sezione:<\/strong> 16 mm, 25 mm, 35 mm, 50 mm, 95 mm, 120 mm, 150 mm, 185 mm, 240 mm, 300 mm ecc.<\/p>\n<p><strong>Corazzato:<\/strong>\u00a0 AWA (Filo di alluminio armato) ATA (Nastro di alluminio armato)<\/p>\n<p><strong>Isolamento:<\/strong> XLPE \/ PVC \/ LSF \/ Resistente al fuoco<\/p>\n<p><strong>Standard:<\/strong> IEC 60502, BS 7870, GB\/T12706 o altro.<\/td>\n<\/tr>\n<\/tbody>\n<\/table>\n<\/div>\n<\/div>\n<p style=\"text-align: center;\"><span class=\"su-lightbox\" data-mfp-src=\"#Popup\" data-mfp-type=\"inline\" data-mobile=\"yes\"><button class=\"btn btn-danger btn-sm\" ><i class=\"fa fa-hand-o-right\" style=\"color:#ffffff;\"><\/i> Preventivo<\/button><\/span>\n<p>Se non sapete di quale tipo di cavo armato unipolare avete bisogno, non esitate a contattarci. Huadong Cable Group ha una ricca esperienza nella consulenza sulla scelta dei cavi unipolari blindati in alluminio. In qualit\u00e0 di produttore professionale di cavi unipolari da 25 mm, disponiamo di un team tecnico disponibile a discutere della vostra applicazione. E aiutarvi a soddisfare i requisiti specifici. Lasciate il vostro messaggio e ottenete subito il vostro listino prezzi del cavo unipolare blindato in alluminio.<\/p>\n<p><img loading=\"lazy\" decoding=\"async\" class=\"aligncenter size-full wp-image-5954\" src=\"https:\/\/huadongswacable.com\/wp-content\/uploads\/2021\/06\/single-core-armoured-cable-size-structure.jpg\" alt=\"Struttura del cavo armato unipolare da 25 mm\" width=\"864\" height=\"256\" srcset=\"https:\/\/huadongswacable.com\/wp-content\/uploads\/2021\/06\/single-core-armoured-cable-size-structure.jpg 864w, https:\/\/huadongswacable.com\/wp-content\/uploads\/2021\/06\/single-core-armoured-cable-size-structure-300x89.jpg 300w, https:\/\/huadongswacable.com\/wp-content\/uploads\/2021\/06\/single-core-armoured-cable-size-structure-768x228.jpg 768w\" sizes=\"auto, (max-width: 864px) 100vw, 864px\" \/><\/p>\n<p>Oltre ai cavi armati unipolari standard, forniamo anche una gamma per applicazioni specialistiche. Potete essere certi della qualit\u00e0 del nostro cavo armato unipolare. Per quanto riguarda il prezzo, potete anche confrontarlo con quello di altri produttori di cavi armati a filo singolo. E allora scoprirete che il prezzo del nostro cavo armato monofase \u00e8 abbastanza favorevole. Potete visitare la nostra fabbrica se \u00e8 conveniente per voi o possiamo inviare campioni gratuiti di cavo blindato singolo per voi. Basta lasciare il vostro messaggio.<\/p>\n<p style=\"text-align: center;\"><span class=\"su-lightbox\" data-mfp-src=\"#Popup\" data-mfp-type=\"inline\" data-mobile=\"yes\"><button class=\"btn btn-danger btn-sm\" ><i class=\"fa fa-hand-o-right\" style=\"color:#ffffff;\"><\/i> Preventivo<\/button><\/span>\n<h3>Perch\u00e9 scegliere noi\uff1f<\/h3>\n<p>Processo del prodotto: I nostri cavi unipolari corazzati utilizzano materiale conduttore in alluminio\/rame saldato di alta qualit\u00e0 e materiale isolante naturale XLPE (polietilene reticolato)\/PVC (cloruro di polivinile). Ogni processo produttivo \u00e8 stato rigorosamente controllato dai nostri tecnici professionisti. Il pacchetto di cavi unipolari blindati swa \u00e8 realizzato in ferro o in legno, oppure secondo il requisito del cliente.<\/p>\n<p><img loading=\"lazy\" decoding=\"async\" class=\"aligncenter\" src=\"https:\/\/huadongswacable.com\/wp-content\/uploads\/2019\/02\/16mm-single-core-cable-supplier-.jpg\" alt=\"prezzo per cavo armato unipolare da 50 mm e 70 mm \" width=\"900\" height=\"333\" \/><\/p>\n<p><strong>Caso cliente:\u00a0<\/strong>I nostri prodotti in cavo armato monofase sono stati esportati in pi\u00f9 di 30 paesi. Come ad esempio: Russia, America, Yemen, Sud America, Nord America, Medio Oriente, Africa, Asia, Paesi dell'Oceania, ecc.<\/p>\n<div class=\"su-lightbox-content su-u-trim\" id=\"Popup\" style=\"display:none;width:auto;min-width:50%;max-width:70%;margin-top:40px;margin-bottom:40px;padding:40px;background:#e8e5e5;color:#060473;box-shadow:0px 0px 15px #333333;text-align:left\"><div role=\"form\" class=\"wpcf7\" id=\"wpcf7-f5571-o1\" lang=\"en-US\" dir=\"ltr\">\n<div class=\"screen-reader-response\"><p role=\"status\" aria-live=\"polite\" aria-atomic=\"true\"><\/p> <ul><\/ul><\/div>\n<form action=\"\/it\/wp-json\/wp\/v2\/pages\/633#wpcf7-f5571-o1\" method=\"post\" class=\"wpcf7-form init\" novalidate=\"novalidate\" data-status=\"init\" data-trp-original-action=\"\/it\/wp-json\/wp\/v2\/pages\/633#wpcf7-f5571-o1\">\n<div style=\"display: none;\">\n<input type=\"hidden\" name=\"_wpcf7\" value=\"5571\" \/>\n<input type=\"hidden\" name=\"_wpcf7_version\" value=\"5.5.6\" \/>\n<input type=\"hidden\" name=\"_wpcf7_locale\" value=\"en_US\" \/>\n<input type=\"hidden\" name=\"_wpcf7_unit_tag\" value=\"wpcf7-f5571-o1\" \/>\n<input type=\"hidden\" name=\"_wpcf7_container_post\" value=\"0\" \/>\n<input type=\"hidden\" name=\"_wpcf7_posted_data_hash\" value=\"\" \/>\n<\/div>\n<div class=\"popmakerform\">\n<p>Il tuo nome <span style=\"color:red;\">*<span><br \/>\n<span class=\"wpcf7-form-control-wrap your-name\"><input type=\"text\" name=\"your-name\" value=\"\" size=\"40\" class=\"wpcf7-form-control wpcf7-text wpcf7-validates-as-required\" aria-required=\"true\" aria-invalid=\"false\" \/><\/span><\/p>\n<p>Il tuo indirizzo e-mail <span style=\"color:red;\">*<span><br \/>\n<span class=\"wpcf7-form-control-wrap your-email\"><input type=\"email\" name=\"your-email\" value=\"\" size=\"40\" class=\"wpcf7-form-control wpcf7-text wpcf7-email wpcf7-validates-as-required wpcf7-validates-as-email\" aria-required=\"true\" aria-invalid=\"false\" \/><\/span><\/p>\n<p>Il vostro numero di telefono<br \/>\n<span class=\"wpcf7-form-control-wrap your-phone\"><input type=\"text\" name=\"your-phone\" value=\"\" size=\"40\" class=\"wpcf7-form-control wpcf7-text\" aria-invalid=\"false\" \/><\/span><\/p>\n<p>Il vostro Paese<br \/>\n<span class=\"wpcf7-form-control-wrap your-country\"><input type=\"text\" name=\"your-country\" value=\"\" size=\"40\" class=\"wpcf7-form-control wpcf7-text\" aria-invalid=\"false\" \/><\/span><\/p>\n<p>Requisiti dettagliati <span style=\"color:red;\">*<span><br \/>\n<span class=\"wpcf7-form-control-wrap your-requirement\"><textarea name=\"your-requirement\" cols=\"40\" rows=\"4\" class=\"wpcf7-form-control wpcf7-textarea wpcf7-validates-as-required\" aria-required=\"true\" aria-invalid=\"false\"><\/textarea><\/span><\/p>\n<p><input type=\"submit\" value=\"Preventivo\" class=\"wpcf7-form-control has-spinner wpcf7-submit\" \/><\/p>\n<\/div>\n<p style=\"display: none !important;\"><label>&#916;<textarea name=\"_wpcf7_ak_hp_textarea\" cols=\"45\" rows=\"8\" maxlength=\"100\"><\/textarea><\/label><input type=\"hidden\" id=\"ak_js_1\" name=\"_wpcf7_ak_js\" value=\"189\"\/><script>document.getElementById( \"ak_js_1\" ).setAttribute( \"value\", ( new Date() ).getTime() );<\/script><\/p><input type='hidden' class='wpcf7-pum' value='{\"closepopup\":false,\"closedelay\":0,\"openpopup\":false,\"openpopup_id\":0}' \/><div class=\"wpcf7-response-output\" aria-hidden=\"true\"><\/div><input type=\"hidden\" name=\"trp-form-language\" value=\"it\"\/><\/form><\/div><\/div>\n<h3>Non esitate a lasciare il vostro requisito. Vi risponderemo entro 12 ore.<\/h3>\n<div role=\"form\" class=\"wpcf7\" id=\"wpcf7-f6-o2\" lang=\"en-US\" dir=\"ltr\">\n<div class=\"screen-reader-response\"><p role=\"status\" aria-live=\"polite\" aria-atomic=\"true\"><\/p> <ul><\/ul><\/div>\n<form action=\"\/it\/wp-json\/wp\/v2\/pages\/633#wpcf7-f6-o2\" method=\"post\" class=\"wpcf7-form init\" novalidate=\"novalidate\" data-status=\"init\" data-trp-original-action=\"\/it\/wp-json\/wp\/v2\/pages\/633#wpcf7-f6-o2\">\n<div style=\"display: none;\">\n<input type=\"hidden\" name=\"_wpcf7\" value=\"6\" \/>\n<input type=\"hidden\" name=\"_wpcf7_version\" value=\"5.5.6\" \/>\n<input type=\"hidden\" name=\"_wpcf7_locale\" value=\"en_US\" \/>\n<input type=\"hidden\" name=\"_wpcf7_unit_tag\" value=\"wpcf7-f6-o2\" \/>\n<input type=\"hidden\" name=\"_wpcf7_container_post\" value=\"0\" \/>\n<input type=\"hidden\" name=\"_wpcf7_posted_data_hash\" value=\"\" \/>\n<\/div>\n<div class=\"messageform\">\n<p><strong><span style=\"color:red;\"><\/span> Il tuo nome<\/strong><br \/>\n    <span class=\"wpcf7-form-control-wrap your-name\"><input type=\"text\" name=\"your-name\" value=\"\" size=\"40\" class=\"wpcf7-form-control wpcf7-text\" aria-invalid=\"false\" \/><\/span> <\/p>\n<p><strong><span style=\"color:red;\">*<\/span> Il tuo indirizzo e-mail<\/strong><br \/>\n    <span class=\"wpcf7-form-control-wrap your-email\"><input type=\"email\" name=\"your-email\" value=\"\" size=\"40\" class=\"wpcf7-form-control wpcf7-text wpcf7-email wpcf7-validates-as-required wpcf7-validates-as-email\" aria-required=\"true\" aria-invalid=\"false\" \/><\/span> <\/p>\n<p><strong>Il vostro numero di telefono<\/strong><br \/>\n    <span class=\"wpcf7-form-control-wrap your-phone\"><input type=\"text\" name=\"your-phone\" value=\"\" size=\"40\" class=\"wpcf7-form-control wpcf7-text\" aria-invalid=\"false\" placeholder=\"Includere il prefisso della zona\" \/><\/span> <\/p>\n<p><strong>Il vostro Paese<\/strong><br \/>\n    <span class=\"wpcf7-form-control-wrap your-country\"><input type=\"text\" name=\"your-country\" value=\"\" size=\"40\" class=\"wpcf7-form-control wpcf7-text\" aria-invalid=\"false\" \/><\/span> <\/p>\n<p><strong><span style=\"color:red;\">*<\/span> Il vostro requisito<\/strong><br \/>\n    <span class=\"wpcf7-form-control-wrap your-requirement\"><textarea name=\"your-requirement\" cols=\"40\" rows=\"10\" class=\"wpcf7-form-control wpcf7-textarea wpcf7-validates-as-required bestonmessage\" aria-required=\"true\" aria-invalid=\"false\" placeholder=\"Per un&#039;offerta dettagliata, vi preghiamo di inviarci il vostro requisito dettagliato.\"><\/textarea><\/span> <\/p>\n<p><input type=\"submit\" value=\"Invia il messaggio\" class=\"wpcf7-form-control has-spinner wpcf7-submit\" \/><\/p>\n<\/div>\n<p style=\"display: none !important;\"><label>&#916;<textarea name=\"_wpcf7_ak_hp_textarea\" cols=\"45\" rows=\"8\" maxlength=\"100\"><\/textarea><\/label><input type=\"hidden\" id=\"ak_js_2\" name=\"_wpcf7_ak_js\" value=\"121\"\/><script>document.getElementById( \"ak_js_2\" ).setAttribute( \"value\", ( new Date() ).getTime() );<\/script><\/p><input type='hidden' class='wpcf7-pum' value='{\"closepopup\":false,\"closedelay\":0,\"openpopup\":false,\"openpopup_id\":0}' \/><div class=\"wpcf7-response-output\" aria-hidden=\"true\"><\/div><input type=\"hidden\" name=\"trp-form-language\" value=\"it\"\/><\/form><\/div>","protected":false},"excerpt":{"rendered":"<p>Dove acquistare un cavo armato unipolare? Huadong Cable Group \u00e8 un fornitore leader di cavi unipolari blindati in Cina. Sono in vendita cavi unipolari blindati da 25 mm di alta qualit\u00e0 e a prezzi relativamente bassi. Abbiamo pi\u00f9 di 30 anni di esperienza nella produzione di cavi blindati unipolari da 50 mmq. Inoltre, abbiamo ... <a class=\"read-more\" href=\"https:\/\/huadongswacable.com\/it\/cavo-blindato-unipolare\/\">Per saperne di pi\u00f9...<\/a><\/p>","protected":false},"author":1,"featured_media":0,"parent":0,"menu_order":0,"comment_status":"closed","ping_status":"closed","template":"","meta":{"footnotes":""},"class_list":["post-633","page","type-page","status-publish"],"yoast_head":"<!-- This site is optimized with the Yoast SEO plugin v18.4.1 - https:\/\/yoast.com\/wordpress\/plugins\/seo\/ -->\n<title>16mm 25mm 50mm Single Core Armoured Cable<\/title>\n<meta name=\"description\" content=\"Huadong has best 16mm 25mm 50mm 95mm 120mm 150mm 185mm single core armoured cable price for sale. We are professional 1C x 25mm armoured cable manufacturer in China.\" \/>\n<meta name=\"robots\" content=\"index, follow, max-snippet:-1, max-image-preview:large, max-video-preview:-1\" \/>\n<link rel=\"canonical\" href=\"http:\/\/huadongswacable.com\/it\/single-core-armoured-cable\/\" \/>\n<meta property=\"og:locale\" content=\"it_IT\" \/>\n<meta property=\"og:type\" content=\"article\" \/>\n<meta property=\"og:title\" content=\"16mm 25mm 50mm Single Core Armoured Cable\" \/>\n<meta property=\"og:description\" content=\"Huadong has best 16mm 25mm 50mm 95mm 120mm 150mm 185mm single core armoured cable price for sale. We are professional 1C x 25mm armoured cable manufacturer in China.\" \/>\n<meta property=\"og:url\" content=\"http:\/\/huadongswacable.com\/it\/single-core-armoured-cable\/\" \/>\n<meta property=\"og:site_name\" content=\"Huadong SWA Cable\" \/>\n<meta property=\"article:modified_time\" content=\"2022-12-19T03:51:52+00:00\" \/>\n<meta property=\"og:image\" content=\"https:\/\/huadongswacable.com\/wp-content\/uploads\/2021\/06\/16mm-xlpe-pvc-ata-single-core-cable-for-sale.jpg\" \/>\n<meta name=\"twitter:card\" content=\"summary_large_image\" \/>\n<meta name=\"twitter:label1\" content=\"Tempo di lettura stimato\" \/>\n\t<meta name=\"twitter:data1\" content=\"4 minuti\" \/>\n<script type=\"application\/ld+json\" class=\"yoast-schema-graph\">{\"@context\":\"https:\/\/schema.org\",\"@graph\":[{\"@type\":\"WebSite\",\"@id\":\"http:\/\/huadongswacable.com\/ru\/#website\",\"url\":\"http:\/\/huadongswacable.com\/ru\/\",\"name\":\"Huadong SWA Cable\",\"description\":\"Huadong SWA Cable\",\"potentialAction\":[{\"@type\":\"SearchAction\",\"target\":{\"@type\":\"EntryPoint\",\"urlTemplate\":\"http:\/\/huadongswacable.com\/ru\/?s={search_term_string}\"},\"query-input\":\"required name=search_term_string\"}],\"inLanguage\":\"it-IT\"},{\"@type\":\"ImageObject\",\"@id\":\"http:\/\/huadongswacable.com\/fr\/single-core-armoured-cable\/#primaryimage\",\"inLanguage\":\"it-IT\",\"url\":\"https:\/\/huadongswacable.com\/wp-content\/uploads\/2021\/06\/16mm-xlpe-pvc-ata-single-core-cable-for-sale.jpg\",\"contentUrl\":\"https:\/\/huadongswacable.com\/wp-content\/uploads\/2021\/06\/16mm-xlpe-pvc-ata-single-core-cable-for-sale.jpg\",\"width\":350,\"height\":350,\"caption\":\"16mm xlpe pvc ata single core cable for sale\"},{\"@type\":\"WebPage\",\"@id\":\"http:\/\/huadongswacable.com\/fr\/single-core-armoured-cable\/#webpage\",\"url\":\"http:\/\/huadongswacable.com\/fr\/single-core-armoured-cable\/\",\"name\":\"16mm 25mm 50mm Single Core Armoured Cable\",\"isPartOf\":{\"@id\":\"http:\/\/huadongswacable.com\/ru\/#website\"},\"primaryImageOfPage\":{\"@id\":\"http:\/\/huadongswacable.com\/fr\/single-core-armoured-cable\/#primaryimage\"},\"datePublished\":\"2018-04-02T08:00:03+00:00\",\"dateModified\":\"2022-12-19T03:51:52+00:00\",\"description\":\"Huadong has best 16mm 25mm 50mm 95mm 120mm 150mm 185mm single core armoured cable price for sale. We are professional 1C x 25mm armoured cable manufacturer in China.\",\"breadcrumb\":{\"@id\":\"http:\/\/huadongswacable.com\/fr\/single-core-armoured-cable\/#breadcrumb\"},\"inLanguage\":\"it-IT\",\"potentialAction\":[{\"@type\":\"ReadAction\",\"target\":[\"http:\/\/huadongswacable.com\/fr\/single-core-armoured-cable\/\"]}]},{\"@type\":\"BreadcrumbList\",\"@id\":\"http:\/\/huadongswacable.com\/fr\/single-core-armoured-cable\/#breadcrumb\",\"itemListElement\":[{\"@type\":\"ListItem\",\"position\":1,\"name\":\"Home\",\"item\":\"http:\/\/huadongswacable.com\/ru\/\"},{\"@type\":\"ListItem\",\"position\":2,\"name\":\"16mm 25mm 50mm Single Core Armoured Cable For Sale\"}]}]}<\/script>\n<!-- \/ Yoast SEO plugin. -->","yoast_head_json":{"title":"16mm 25mm 50mm Single Core Armoured Cable","description":"Huadong has best 16mm 25mm 50mm 95mm 120mm 150mm 185mm single core armoured cable price for sale. We are professional 1C x 25mm armoured cable manufacturer in China.","robots":{"index":"index","follow":"follow","max-snippet":"max-snippet:-1","max-image-preview":"max-image-preview:large","max-video-preview":"max-video-preview:-1"},"canonical":"http:\/\/huadongswacable.com\/it\/single-core-armoured-cable\/","og_locale":"it_IT","og_type":"article","og_title":"16mm 25mm 50mm Single Core Armoured Cable","og_description":"Huadong has best 16mm 25mm 50mm 95mm 120mm 150mm 185mm single core armoured cable price for sale. We are professional 1C x 25mm armoured cable manufacturer in China.","og_url":"http:\/\/huadongswacable.com\/it\/single-core-armoured-cable\/","og_site_name":"Huadong SWA Cable","article_modified_time":"2022-12-19T03:51:52+00:00","og_image":[{"url":"https:\/\/huadongswacable.com\/wp-content\/uploads\/2021\/06\/16mm-xlpe-pvc-ata-single-core-cable-for-sale.jpg"}],"twitter_card":"summary_large_image","twitter_misc":{"Tempo di lettura stimato":"4 minuti"},"schema":{"@context":"https:\/\/schema.org","@graph":[{"@type":"WebSite","@id":"http:\/\/huadongswacable.com\/ru\/#website","url":"http:\/\/huadongswacable.com\/ru\/","name":"Huadong SWA Cable","description":"Huadong SWA Cable","potentialAction":[{"@type":"SearchAction","target":{"@type":"EntryPoint","urlTemplate":"http:\/\/huadongswacable.com\/ru\/?s={search_term_string}"},"query-input":"required name=search_term_string"}],"inLanguage":"it-IT"},{"@type":"ImageObject","@id":"http:\/\/huadongswacable.com\/fr\/single-core-armoured-cable\/#primaryimage","inLanguage":"it-IT","url":"https:\/\/huadongswacable.com\/wp-content\/uploads\/2021\/06\/16mm-xlpe-pvc-ata-single-core-cable-for-sale.jpg","contentUrl":"https:\/\/huadongswacable.com\/wp-content\/uploads\/2021\/06\/16mm-xlpe-pvc-ata-single-core-cable-for-sale.jpg","width":350,"height":350,"caption":"16mm xlpe pvc ata single core cable for sale"},{"@type":"WebPage","@id":"http:\/\/huadongswacable.com\/fr\/single-core-armoured-cable\/#webpage","url":"http:\/\/huadongswacable.com\/fr\/single-core-armoured-cable\/","name":"16mm 25mm 50mm Single Core Armoured Cable","isPartOf":{"@id":"http:\/\/huadongswacable.com\/ru\/#website"},"primaryImageOfPage":{"@id":"http:\/\/huadongswacable.com\/fr\/single-core-armoured-cable\/#primaryimage"},"datePublished":"2018-04-02T08:00:03+00:00","dateModified":"2022-12-19T03:51:52+00:00","description":"Huadong has best 16mm 25mm 50mm 95mm 120mm 150mm 185mm single core armoured cable price for sale. We are professional 1C x 25mm armoured cable manufacturer in China.","breadcrumb":{"@id":"http:\/\/huadongswacable.com\/fr\/single-core-armoured-cable\/#breadcrumb"},"inLanguage":"it-IT","potentialAction":[{"@type":"ReadAction","target":["http:\/\/huadongswacable.com\/fr\/single-core-armoured-cable\/"]}]},{"@type":"BreadcrumbList","@id":"http:\/\/huadongswacable.com\/fr\/single-core-armoured-cable\/#breadcrumb","itemListElement":[{"@type":"ListItem","position":1,"name":"Home","item":"http:\/\/huadongswacable.com\/ru\/"},{"@type":"ListItem","position":2,"name":"16mm 25mm 50mm Single Core Armoured Cable For Sale"}]}]}},"_links":{"self":[{"href":"https:\/\/huadongswacable.com\/it\/wp-json\/wp\/v2\/pages\/633","targetHints":{"allow":["GET"]}}],"collection":[{"href":"https:\/\/huadongswacable.com\/it\/wp-json\/wp\/v2\/pages"}],"about":[{"href":"https:\/\/huadongswacable.com\/it\/wp-json\/wp\/v2\/types\/page"}],"author":[{"embeddable":true,"href":"https:\/\/huadongswacable.com\/it\/wp-json\/wp\/v2\/users\/1"}],"replies":[{"embeddable":true,"href":"https:\/\/huadongswacable.com\/it\/wp-json\/wp\/v2\/comments?post=633"}],"version-history":[{"count":24,"href":"https:\/\/huadongswacable.com\/it\/wp-json\/wp\/v2\/pages\/633\/revisions"}],"predecessor-version":[{"id":7763,"href":"https:\/\/huadongswacable.com\/it\/wp-json\/wp\/v2\/pages\/633\/revisions\/7763"}],"wp:attachment":[{"href":"https:\/\/huadongswacable.com\/it\/wp-json\/wp\/v2\/media?parent=633"}],"curies":[{"name":"wp","href":"https:\/\/api.w.org\/{rel}","templated":true}]}}