{"id":5117,"date":"2020-12-10T17:24:37","date_gmt":"2020-12-10T09:24:37","guid":{"rendered":"http:\/\/huadongswacable.com\/?page_id=5117"},"modified":"2022-12-19T15:04:02","modified_gmt":"2022-12-19T07:04:02","slug":"kabel-nyy-indonesia","status":"publish","type":"page","link":"https:\/\/huadongswacable.com\/it\/kabel-nyy-indonesia\/","title":{"rendered":"4x4mm 4x10mm 4x16mm 4x25mm 4x35mm 4x50mm 4x70mm 4x95mm Kabel NYY Indonesia"},"content":{"rendered":"<h2>Di quale dimensione di kabel nyy avete bisogno?<\/h2>\n<p>In generale, le applicazioni di kabel nyy sono molto ampie. \u00c8 possibile utilizzare il kabel nyy 4\u00d74 mm all'interno, all'esterno, in un fascio di cavi e sotto terra. Per soddisfare le esigenze dei clienti, il kabel nyy in Indonesia ha dimensioni diverse. Ad esempio, \u00e8 possibile scegliere 4x4mm, 4x6mm, 4x10mm, 4x16mm, 4x25mm, 4x35mm, 4x50mm, 4x70mm, 4x95mm, 4x120mm, 4x150mm, 4x 185mm, 4x240mm, 4x300mm e altre dimensioni di kabel nyy.<\/p>\n<div class=\"row\">\n<div class=\"col-lg-6 col-md-12 col-xs-12 col-sm-12\">\n<img loading=\"lazy\" decoding=\"async\" class=\"aligncenter wp-image-5142\" src=\"https:\/\/huadongswacable.com\/wp-content\/uploads\/2020\/12\/0.6-1kv-IEC60502-VDE-0276-Kabel-nyy-4x4mm-4x16mm-4x25mm.jpg\" alt=\"0,6\/1kv IEC60502 VDE 0276 Kabel nyy 4x4mm 4x16mm 4x25mm\" width=\"310\" height=\"310\" srcset=\"https:\/\/huadongswacable.com\/wp-content\/uploads\/2020\/12\/0.6-1kv-IEC60502-VDE-0276-Kabel-nyy-4x4mm-4x16mm-4x25mm.jpg 400w, https:\/\/huadongswacable.com\/wp-content\/uploads\/2020\/12\/0.6-1kv-IEC60502-VDE-0276-Kabel-nyy-4x4mm-4x16mm-4x25mm-300x300.jpg 300w, https:\/\/huadongswacable.com\/wp-content\/uploads\/2020\/12\/0.6-1kv-IEC60502-VDE-0276-Kabel-nyy-4x4mm-4x16mm-4x25mm-150x150.jpg 150w\" sizes=\"auto, (max-width: 310px) 100vw, 310px\" \/><\/div>\n<div class=\"col-lg-6 col-md-12 col-xs-12 col-sm-12\">\n<h2>Kabel NYY 4x16mm Costruzione<\/h2>\n<p><strong>Tensione:<\/strong> 600\/1000V<\/p>\n<p><strong>Conduttore:<\/strong> Cu, classe 1 o 2 secondo HRN HD 383 \/ IEC 60228 \/ DIN VDE 0295<\/p>\n<p><strong>Isolamento :<\/strong>Cloruro di polivinile (PVC)<\/p>\n<p><strong>Guaina :<\/strong> Cloruro di polivinile (PVC)<\/p>\n<p><strong>Intervallo di temperatura :<\/strong> Flessione - da 5\u00b0C a + 50\u00b0C. Installazione fissa da -20\u00b0C a +70\u00b0C<\/p>\n<p style=\"text-align: center;\"><span class=\"su-lightbox\" data-mfp-src=\"#Popup\" data-mfp-type=\"inline\" data-mobile=\"yes\"><button class=\"btn btn-danger btn-sm\" ><i class=\"fa fa-hand-o-right\" style=\"color:#ffffff;\"><\/i> Preventivo<\/button><\/span>\n<\/div>\n<\/div>\n<p>Come fornitore professionale di kabel nyy 4x4mm, abbiamo esportato il nostro kabel nyy 4\u00d74 in molti paesi. Se avete bisogno di kabel nyy in Indonesia, Malesia o Thailandia, vi preghiamo di dircelo. Perch\u00e9 possiamo personalizzare il kabel nyy 4x6mm e altri cavi non armati in base alle vostre esigenze. Inoltre, tutti i nostri kabel nyy 4x10mm sono conformi agli standard internazionali. Inoltre, possiamo fornire un campione gratuito di kabel nyy 4x16mm per voi. Dopo aver confermato la nostra qualit\u00e0 kabel nyy 4\u00d735, allora si pu\u00f2 stare certi di ordinare grandi quantit\u00e0 kabel nyy 4x50mm. Promettiamo di fornire il miglior harga kabel nyy Indonesia. Quindi, se siete alla ricerca di kabel nyy 4x120mm, vi preghiamo di contattarci, possiamo personalizzare diverse dimensioni kabel nyy per voi.<\/p>\n<div class=\"row\">\n<div class=\"col-lg-6 col-md-12 col-xs-12 col-sm-12\">\n<img loading=\"lazy\" decoding=\"async\" class=\"aligncenter size-full wp-image-5155\" src=\"https:\/\/huadongswacable.com\/wp-content\/uploads\/2020\/12\/kabel-nyy-4x95-120-150-185-240Indonesia-price.jpg\" alt=\"kabel nyy 4x95 120 150 185 240 Indonesia prezzo\" width=\"350\" height=\"350\" srcset=\"https:\/\/huadongswacable.com\/wp-content\/uploads\/2020\/12\/kabel-nyy-4x95-120-150-185-240Indonesia-price.jpg 350w, https:\/\/huadongswacable.com\/wp-content\/uploads\/2020\/12\/kabel-nyy-4x95-120-150-185-240Indonesia-price-300x300.jpg 300w, https:\/\/huadongswacable.com\/wp-content\/uploads\/2020\/12\/kabel-nyy-4x95-120-150-185-240Indonesia-price-150x150.jpg 150w\" sizes=\"auto, (max-width: 350px) 100vw, 350px\" \/><\/div>\n<div class=\"col-lg-6 col-md-12 col-xs-12 col-sm-12\">\n<h2>Harga NYY 4x95mm<\/h2>\n<p><strong>Tensione nominale :<\/strong> Uo\/U: 0,6\/1KV<\/p>\n<p><strong>Tensione di prova :<\/strong> 4 KV<\/p>\n<p><strong>Conduttore:<\/strong> rame a trefoli<\/p>\n<p><strong>Isolamento :<\/strong> Cloruro di polivinile (PVC)<\/p>\n<p><strong>Riempimento:<\/strong> mescola di elastomero o plastomero estruso o nastri termoplastici avvolti<\/p>\n<p><strong>Guaina :<\/strong> Cloruro di polivinile (PVC)<\/p>\n<p style=\"text-align: center;\"><span class=\"su-lightbox\" data-mfp-src=\"#Popup\" data-mfp-type=\"inline\" data-mobile=\"yes\"><button class=\"btn btn-danger btn-sm\" ><i class=\"fa fa-hand-o-right\" style=\"color:#ffffff;\"><\/i> Preventivo<\/button><\/span>\n<\/div>\n<\/div>\n<h2>La caratteristica di kabel nyy 4x4mm<\/h2>\n<p>In effetti, il kabel nyy 4\u00d74 \u00e8 un cavo con 4 anime in rame, isolamento in pvc e guaina in pvc. L'isolamento in pvc di questo kabel nyy 4x70mm ha una struttura robusta. Si sa <a href=\"https:\/\/huadongswacable.com\/it\/personalizzazione-del-cavo-armato-in-pvc\/\" target=\"_blank\" rel=\"noopener noreferrer\">cavo di alimentazione in pvc<\/a> \u00e8 molto popolare. Questo perch\u00e9 ha una guaina aggiuntiva che aiuta il kabel nyy 4\u00d795 a prevenire i morsi dei topi. Inoltre, il kabel nyy 4x150 mm ha un'elevata resistenza, per cui \u00e8 possibile interrare il kabel nyy 4\u00d7185 sottoterra. Inoltre, il kabel nyy 4x240 mm \u00e8 molto pi\u00f9 sicuro e adatto alle apparecchiature elettriche fisse. Pertanto, la domanda di kabel nyy Indonesia \u00e8 grande.<\/p>\n<div class=\"row\">\n<div class=\"col-lg-6 col-md-12 col-xs-12 col-sm-12\">\n<img loading=\"lazy\" decoding=\"async\" class=\"aligncenter wp-image-5154\" src=\"https:\/\/huadongswacable.com\/wp-content\/uploads\/2020\/12\/kabel-nyy-4x4mm-10mm-16mm-25mm-35mm-50mm-70mm-95mm-price-Indonesia-.jpg\" alt=\"kabel nyy 4x4mm 10mm 16mm 25mm 35mm 50mm 70mm 95mm prezzo Indonesia\" width=\"307\" height=\"352\" srcset=\"https:\/\/huadongswacable.com\/wp-content\/uploads\/2020\/12\/kabel-nyy-4x4mm-10mm-16mm-25mm-35mm-50mm-70mm-95mm-price-Indonesia-.jpg 400w, https:\/\/huadongswacable.com\/wp-content\/uploads\/2020\/12\/kabel-nyy-4x4mm-10mm-16mm-25mm-35mm-50mm-70mm-95mm-price-Indonesia--261x300.jpg 261w\" sizes=\"auto, (max-width: 307px) 100vw, 307px\" \/><\/div>\n<div class=\"col-lg-6 col-md-12 col-xs-12 col-sm-12\">\n<p><strong>Tensione: tensione<\/strong>600\/1000V<\/p>\n<p><strong>Conduttore:<\/strong> rame solido o a trefoli<\/p>\n<p><strong>N. di nuclei<\/strong> 4 core<\/p>\n<p><strong>Dimensioni:<\/strong> 4 mm 10 mm 16 mm 25 mm 50 mm 70 mm 95 mm 120 mm 185 mm 240 mm<\/p>\n<p><strong>Standard: standard<\/strong>HRN HD 603 S1<br \/>\nIEC 60502-1<br \/>\nDIN VDE 0276 parte 603<br \/>\nHRN HD 627 S1<br \/>\nDIN VDE 0276-627<\/p>\n<p style=\"text-align: center;\"><span class=\"su-lightbox\" data-mfp-src=\"#Popup\" data-mfp-type=\"inline\" data-mobile=\"yes\"><button class=\"btn btn-danger btn-sm\" ><i class=\"fa fa-hand-o-right\" style=\"color:#ffffff;\"><\/i> Preventivo<\/button><\/span>\n<\/div>\n<\/div>\n<p>Ad esempio, \u00e8 possibile applicare il kabel nyy 4\u00d74 a scuole, ospedali, parchi, piazze, edifici industriali e cos\u00ec via. Ecco perch\u00e9 molti progetti hanno bisogno del kabel nyy 4x16mm. Se si cerca kabel nyy 4x25mm, \u00e8 possibile trovare molti fornitori di kabel nyy Indonesia. Tuttavia, \u00e8 possibile acquistare kabel nyy 4\u00d74 anche da produttori stranieri. Anche se il costo di spedizione di kabel nyy 4x4mm \u00e8 molto pi\u00f9 alto rispetto all'acquisto in loco, il prezzo totale di kabel nyy 4\u00d750 \u00e8 pi\u00f9 conveniente. Poich\u00e9 il prezzo di kabel nyy 70 mm non \u00e8 lo stesso, se si desidera ottenere kabel nyy Indonesia, Malesia, Thailandia, Vietnam, Nigeria, Zambia, Mozambico o altri paesi, basta contattarci.<\/p>\n<p><img loading=\"lazy\" decoding=\"async\" class=\"aligncenter wp-image-5173\" src=\"https:\/\/huadongswacable.com\/wp-content\/uploads\/2020\/12\/kabel-nyy-4x4mm-4x6mm-4x16mm-4x95mm-Indonesia-supplier.jpg\" alt=\"kabel nyy 4x4mm 4x6mm 4x16mm 4x95mm Indonesia fornitore\" width=\"616\" height=\"150\" srcset=\"https:\/\/huadongswacable.com\/wp-content\/uploads\/2020\/12\/kabel-nyy-4x4mm-4x6mm-4x16mm-4x95mm-Indonesia-supplier.jpg 900w, https:\/\/huadongswacable.com\/wp-content\/uploads\/2020\/12\/kabel-nyy-4x4mm-4x6mm-4x16mm-4x95mm-Indonesia-supplier-300x73.jpg 300w, https:\/\/huadongswacable.com\/wp-content\/uploads\/2020\/12\/kabel-nyy-4x4mm-4x6mm-4x16mm-4x95mm-Indonesia-supplier-768x187.jpg 768w\" sizes=\"auto, (max-width: 616px) 100vw, 616px\" \/><\/p>\n<p style=\"text-align: center;\"><span class=\"su-lightbox\" data-mfp-src=\"#Popup\" data-mfp-type=\"inline\" data-mobile=\"yes\"><button class=\"btn btn-danger btn-sm\" ><i class=\"fa fa-hand-o-right\" style=\"color:#ffffff;\"><\/i> Preventivo<\/button><\/span>\n<h2>Dove trovare il miglior fornitore di cavi NYY 0,6\/1KV?<\/h2>\n<p>Anche se forniamo il cavo kabel nyy 4x4mm per tutti i paesi, la maggiore richiesta di kabel nyy \u00e8 l'Indonesia. inoltre, il nostro harga kabel nyy 4x16mm \u00e8 molto ragionevole. Quindi, se avete bisogno di un cavo nyy 4x25mm, vi preghiamo di dircelo. Possiamo fornire il miglior prezzo di kabel nyy 4x35mm Indonesia per voi. Inoltre, come un professionista 4x95mm kabel nyy Indonesia fornitore, possiamo anche prvovide diverse dimensioni del cavo blindato per voi. Inoltre, possiamo personalizzare il cavo pvc e xlpe come vostro requisito. Ad esempio, \u00e8 possibile acquistare cavi a 2 anime da 25 mm, cavi da 95 mm, cavi a 3 anime da 185 mm, cavi xlpe da 240 mm e cos\u00ec via. Aspettatevi kabel nyy, altri cavi blindati da 0,6\/1KV e il prezzo non vi deluder\u00e0.  Se siete interessati al nostro cavo nyy e ad altri prodotti, lasciate il vostro messaggio.<\/p>\n<p><img loading=\"lazy\" decoding=\"async\" class=\"aligncenter size-full wp-image-5206\" src=\"https:\/\/huadongswacable.com\/wp-content\/uploads\/2020\/12\/4x95mm-4x16mm-4x4mm-Kabel-NYY-price-Indonesia-.jpg\" alt=\"4x95mm 4x16mm 4x4mm Kabel NYY prezzo Indonesia\" width=\"800\" height=\"360\" srcset=\"https:\/\/huadongswacable.com\/wp-content\/uploads\/2020\/12\/4x95mm-4x16mm-4x4mm-Kabel-NYY-price-Indonesia-.jpg 800w, https:\/\/huadongswacable.com\/wp-content\/uploads\/2020\/12\/4x95mm-4x16mm-4x4mm-Kabel-NYY-price-Indonesia--300x135.jpg 300w, https:\/\/huadongswacable.com\/wp-content\/uploads\/2020\/12\/4x95mm-4x16mm-4x4mm-Kabel-NYY-price-Indonesia--768x346.jpg 768w\" sizes=\"auto, (max-width: 800px) 100vw, 800px\" \/><\/p>\n<div class=\"su-lightbox-content su-u-trim\" id=\"Popup\" style=\"display:none;width:auto;min-width:50%;max-width:70%;margin-top:40px;margin-bottom:40px;padding:40px;background:#e8e5e5;color:#060473;box-shadow:0px 0px 15px #333333;text-align:left\"><div role=\"form\" class=\"wpcf7\" id=\"wpcf7-f5571-o1\" lang=\"en-US\" dir=\"ltr\">\n<div class=\"screen-reader-response\"><p role=\"status\" aria-live=\"polite\" aria-atomic=\"true\"><\/p> <ul><\/ul><\/div>\n<form action=\"\/it\/wp-json\/wp\/v2\/pages\/5117#wpcf7-f5571-o1\" method=\"post\" class=\"wpcf7-form init\" novalidate=\"novalidate\" data-status=\"init\" data-trp-original-action=\"\/it\/wp-json\/wp\/v2\/pages\/5117#wpcf7-f5571-o1\">\n<div style=\"display: none;\">\n<input type=\"hidden\" name=\"_wpcf7\" value=\"5571\" \/>\n<input type=\"hidden\" name=\"_wpcf7_version\" value=\"5.5.6\" \/>\n<input type=\"hidden\" name=\"_wpcf7_locale\" value=\"en_US\" \/>\n<input type=\"hidden\" name=\"_wpcf7_unit_tag\" value=\"wpcf7-f5571-o1\" \/>\n<input type=\"hidden\" name=\"_wpcf7_container_post\" value=\"0\" \/>\n<input type=\"hidden\" name=\"_wpcf7_posted_data_hash\" value=\"\" \/>\n<\/div>\n<div class=\"popmakerform\">\n<p>Il tuo nome <span style=\"color:red;\">*<span><br \/>\n<span class=\"wpcf7-form-control-wrap your-name\"><input type=\"text\" name=\"your-name\" value=\"\" size=\"40\" class=\"wpcf7-form-control wpcf7-text wpcf7-validates-as-required\" aria-required=\"true\" aria-invalid=\"false\" \/><\/span><\/p>\n<p>Il tuo indirizzo e-mail <span style=\"color:red;\">*<span><br \/>\n<span class=\"wpcf7-form-control-wrap your-email\"><input type=\"email\" name=\"your-email\" value=\"\" size=\"40\" class=\"wpcf7-form-control wpcf7-text wpcf7-email wpcf7-validates-as-required wpcf7-validates-as-email\" aria-required=\"true\" aria-invalid=\"false\" \/><\/span><\/p>\n<p>Il vostro numero di telefono<br \/>\n<span class=\"wpcf7-form-control-wrap your-phone\"><input type=\"text\" name=\"your-phone\" value=\"\" size=\"40\" class=\"wpcf7-form-control wpcf7-text\" aria-invalid=\"false\" \/><\/span><\/p>\n<p>Il vostro Paese<br \/>\n<span class=\"wpcf7-form-control-wrap your-country\"><input type=\"text\" name=\"your-country\" value=\"\" size=\"40\" class=\"wpcf7-form-control wpcf7-text\" aria-invalid=\"false\" \/><\/span><\/p>\n<p>Requisiti dettagliati <span style=\"color:red;\">*<span><br \/>\n<span class=\"wpcf7-form-control-wrap your-requirement\"><textarea name=\"your-requirement\" cols=\"40\" rows=\"4\" class=\"wpcf7-form-control wpcf7-textarea wpcf7-validates-as-required\" aria-required=\"true\" aria-invalid=\"false\"><\/textarea><\/span><\/p>\n<p><input type=\"submit\" value=\"Preventivo\" class=\"wpcf7-form-control has-spinner wpcf7-submit\" \/><\/p>\n<\/div>\n<p style=\"display: none !important;\"><label>&#916;<textarea name=\"_wpcf7_ak_hp_textarea\" cols=\"45\" rows=\"8\" maxlength=\"100\"><\/textarea><\/label><input type=\"hidden\" id=\"ak_js_1\" name=\"_wpcf7_ak_js\" value=\"39\"\/><script>document.getElementById( \"ak_js_1\" ).setAttribute( \"value\", ( new Date() ).getTime() );<\/script><\/p><input type='hidden' class='wpcf7-pum' value='{\"closepopup\":false,\"closedelay\":0,\"openpopup\":false,\"openpopup_id\":0}' \/><div class=\"wpcf7-response-output\" aria-hidden=\"true\"><\/div><input type=\"hidden\" name=\"trp-form-language\" value=\"it\"\/><\/form><\/div><\/div>\n<div role=\"form\" class=\"wpcf7\" id=\"wpcf7-f6-o2\" lang=\"en-US\" dir=\"ltr\">\n<div class=\"screen-reader-response\"><p role=\"status\" aria-live=\"polite\" aria-atomic=\"true\"><\/p> <ul><\/ul><\/div>\n<form action=\"\/it\/wp-json\/wp\/v2\/pages\/5117#wpcf7-f6-o2\" method=\"post\" class=\"wpcf7-form init\" novalidate=\"novalidate\" data-status=\"init\" data-trp-original-action=\"\/it\/wp-json\/wp\/v2\/pages\/5117#wpcf7-f6-o2\">\n<div style=\"display: none;\">\n<input type=\"hidden\" name=\"_wpcf7\" value=\"6\" \/>\n<input type=\"hidden\" name=\"_wpcf7_version\" value=\"5.5.6\" \/>\n<input type=\"hidden\" name=\"_wpcf7_locale\" value=\"en_US\" \/>\n<input type=\"hidden\" name=\"_wpcf7_unit_tag\" value=\"wpcf7-f6-o2\" \/>\n<input type=\"hidden\" name=\"_wpcf7_container_post\" value=\"0\" \/>\n<input type=\"hidden\" name=\"_wpcf7_posted_data_hash\" value=\"\" \/>\n<\/div>\n<div class=\"messageform\">\n<p><strong><span style=\"color:red;\"><\/span> Il tuo nome<\/strong><br \/>\n    <span class=\"wpcf7-form-control-wrap your-name\"><input type=\"text\" name=\"your-name\" value=\"\" size=\"40\" class=\"wpcf7-form-control wpcf7-text\" aria-invalid=\"false\" \/><\/span> <\/p>\n<p><strong><span style=\"color:red;\">*<\/span> Il tuo indirizzo e-mail<\/strong><br \/>\n    <span class=\"wpcf7-form-control-wrap your-email\"><input type=\"email\" name=\"your-email\" value=\"\" size=\"40\" class=\"wpcf7-form-control wpcf7-text wpcf7-email wpcf7-validates-as-required wpcf7-validates-as-email\" aria-required=\"true\" aria-invalid=\"false\" \/><\/span> <\/p>\n<p><strong>Il vostro numero di telefono<\/strong><br \/>\n    <span class=\"wpcf7-form-control-wrap your-phone\"><input type=\"text\" name=\"your-phone\" value=\"\" size=\"40\" class=\"wpcf7-form-control wpcf7-text\" aria-invalid=\"false\" placeholder=\"Includere il prefisso della zona\" \/><\/span> <\/p>\n<p><strong>Il vostro Paese<\/strong><br \/>\n    <span class=\"wpcf7-form-control-wrap your-country\"><input type=\"text\" name=\"your-country\" value=\"\" size=\"40\" class=\"wpcf7-form-control wpcf7-text\" aria-invalid=\"false\" \/><\/span> <\/p>\n<p><strong><span style=\"color:red;\">*<\/span> Il vostro requisito<\/strong><br \/>\n    <span class=\"wpcf7-form-control-wrap your-requirement\"><textarea name=\"your-requirement\" cols=\"40\" rows=\"10\" class=\"wpcf7-form-control wpcf7-textarea wpcf7-validates-as-required bestonmessage\" aria-required=\"true\" aria-invalid=\"false\" placeholder=\"Per un&#039;offerta dettagliata, vi preghiamo di inviarci il vostro requisito dettagliato.\"><\/textarea><\/span> <\/p>\n<p><input type=\"submit\" value=\"Invia il messaggio\" class=\"wpcf7-form-control has-spinner wpcf7-submit\" \/><\/p>\n<\/div>\n<p style=\"display: none !important;\"><label>&#916;<textarea name=\"_wpcf7_ak_hp_textarea\" cols=\"45\" rows=\"8\" maxlength=\"100\"><\/textarea><\/label><input type=\"hidden\" id=\"ak_js_2\" name=\"_wpcf7_ak_js\" value=\"60\"\/><script>document.getElementById( \"ak_js_2\" ).setAttribute( \"value\", ( new Date() ).getTime() );<\/script><\/p><input type='hidden' class='wpcf7-pum' value='{\"closepopup\":false,\"closedelay\":0,\"openpopup\":false,\"openpopup_id\":0}' \/><div class=\"wpcf7-response-output\" aria-hidden=\"true\"><\/div><input type=\"hidden\" name=\"trp-form-language\" value=\"it\"\/><\/form><\/div>","protected":false},"excerpt":{"rendered":"<p>Quali sono le dimensioni del kabel nyy di cui avete bisogno? In generale, le applicazioni del kabel nyy sono molto ampie. \u00c8 possibile utilizzare il kabel nyy 4\u00d74 mm all'interno, all'esterno, in un fascio di cavi e sotto terra. Per soddisfare le esigenze dei clienti, il kabel nyy in Indonesia ha dimensioni diverse. Ad esempio, \u00e8 possibile scegliere 4x4 mm, 4x6 mm, 4x10 mm, 4x16 mm, 4x25 mm, ... <a class=\"read-more\" href=\"https:\/\/huadongswacable.com\/it\/kabel-nyy-indonesia\/\">Per saperne di pi\u00f9...<\/a><\/p>","protected":false},"author":1,"featured_media":0,"parent":0,"menu_order":0,"comment_status":"closed","ping_status":"closed","template":"","meta":{"footnotes":""},"class_list":["post-5117","page","type-page","status-publish"],"yoast_head":"<!-- This site is optimized with the Yoast SEO plugin v18.4.1 - https:\/\/yoast.com\/wordpress\/plugins\/seo\/ -->\n<title>4x4mm 10mm 16mm 25mm 50mm 95mm Harga Kabel NYY Indonesia<\/title>\n<meta name=\"description\" content=\"Contact us to get best 4x4mm 4x10mm 4x16mm 4x 25mm 4x35mm 4x50mm 4x70mm 4x95mm 4x120mm 4x185mm 4x240mm Harga Kabel NYY Indonesia .\" \/>\n<meta name=\"robots\" content=\"index, follow, max-snippet:-1, max-image-preview:large, max-video-preview:-1\" \/>\n<link rel=\"canonical\" href=\"http:\/\/huadongswacable.com\/it\/kabel-nyy-indonesia\/\" \/>\n<meta property=\"og:locale\" content=\"it_IT\" \/>\n<meta property=\"og:type\" content=\"article\" \/>\n<meta property=\"og:title\" content=\"4x4mm 10mm 16mm 25mm 50mm 95mm Harga Kabel NYY Indonesia\" \/>\n<meta property=\"og:description\" content=\"Contact us to get best 4x4mm 4x10mm 4x16mm 4x 25mm 4x35mm 4x50mm 4x70mm 4x95mm 4x120mm 4x185mm 4x240mm Harga Kabel NYY Indonesia .\" \/>\n<meta property=\"og:url\" content=\"http:\/\/huadongswacable.com\/it\/kabel-nyy-indonesia\/\" \/>\n<meta property=\"og:site_name\" content=\"Huadong SWA Cable\" \/>\n<meta property=\"article:modified_time\" content=\"2022-12-19T07:04:02+00:00\" \/>\n<meta property=\"og:image\" content=\"https:\/\/huadongswacable.com\/wp-content\/uploads\/2020\/12\/0.6-1kv-IEC60502-VDE-0276-Kabel-nyy-4x4mm-4x16mm-4x25mm.jpg\" \/>\n<meta name=\"twitter:card\" content=\"summary_large_image\" \/>\n<meta name=\"twitter:label1\" content=\"Tempo di lettura stimato\" \/>\n\t<meta name=\"twitter:data1\" content=\"5 minuti\" \/>\n<script type=\"application\/ld+json\" class=\"yoast-schema-graph\">{\"@context\":\"https:\/\/schema.org\",\"@graph\":[{\"@type\":\"WebSite\",\"@id\":\"http:\/\/huadongswacable.com\/ru\/#website\",\"url\":\"http:\/\/huadongswacable.com\/ru\/\",\"name\":\"Huadong SWA Cable\",\"description\":\"Huadong SWA Cable\",\"potentialAction\":[{\"@type\":\"SearchAction\",\"target\":{\"@type\":\"EntryPoint\",\"urlTemplate\":\"http:\/\/huadongswacable.com\/ru\/?s={search_term_string}\"},\"query-input\":\"required name=search_term_string\"}],\"inLanguage\":\"it-IT\"},{\"@type\":\"ImageObject\",\"@id\":\"http:\/\/huadongswacable.com\/es\/kabel-nyy-indonesia\/#primaryimage\",\"inLanguage\":\"it-IT\",\"url\":\"https:\/\/huadongswacable.com\/wp-content\/uploads\/2020\/12\/0.6-1kv-IEC60502-VDE-0276-Kabel-nyy-4x4mm-4x16mm-4x25mm.jpg\",\"contentUrl\":\"https:\/\/huadongswacable.com\/wp-content\/uploads\/2020\/12\/0.6-1kv-IEC60502-VDE-0276-Kabel-nyy-4x4mm-4x16mm-4x25mm.jpg\",\"width\":400,\"height\":400,\"caption\":\"0.6\/1kv IEC60502 VDE 0276 Kabel nyy 4x4mm 4x16mm 4x25mm\"},{\"@type\":\"WebPage\",\"@id\":\"http:\/\/huadongswacable.com\/es\/kabel-nyy-indonesia\/#webpage\",\"url\":\"http:\/\/huadongswacable.com\/es\/kabel-nyy-indonesia\/\",\"name\":\"4x4mm 10mm 16mm 25mm 50mm 95mm Harga Kabel NYY Indonesia\",\"isPartOf\":{\"@id\":\"http:\/\/huadongswacable.com\/ru\/#website\"},\"primaryImageOfPage\":{\"@id\":\"http:\/\/huadongswacable.com\/es\/kabel-nyy-indonesia\/#primaryimage\"},\"datePublished\":\"2020-12-10T09:24:37+00:00\",\"dateModified\":\"2022-12-19T07:04:02+00:00\",\"description\":\"Contact us to get best 4x4mm 4x10mm 4x16mm 4x 25mm 4x35mm 4x50mm 4x70mm 4x95mm 4x120mm 4x185mm 4x240mm Harga Kabel NYY Indonesia .\",\"breadcrumb\":{\"@id\":\"http:\/\/huadongswacable.com\/es\/kabel-nyy-indonesia\/#breadcrumb\"},\"inLanguage\":\"it-IT\",\"potentialAction\":[{\"@type\":\"ReadAction\",\"target\":[\"http:\/\/huadongswacable.com\/es\/kabel-nyy-indonesia\/\"]}]},{\"@type\":\"BreadcrumbList\",\"@id\":\"http:\/\/huadongswacable.com\/es\/kabel-nyy-indonesia\/#breadcrumb\",\"itemListElement\":[{\"@type\":\"ListItem\",\"position\":1,\"name\":\"Home\",\"item\":\"http:\/\/huadongswacable.com\/ru\/\"},{\"@type\":\"ListItem\",\"position\":2,\"name\":\"4x4mm 4x10mm 4x16mm 4x 25mm 4x35mm 4x50mm 4x70mm 4x95mm Kabel NYY Indonesia\"}]}]}<\/script>\n<!-- \/ Yoast SEO plugin. -->","yoast_head_json":{"title":"4x4mm 10mm 16mm 25mm 50mm 95mm Harga Kabel NYY Indonesia","description":"Contact us to get best 4x4mm 4x10mm 4x16mm 4x 25mm 4x35mm 4x50mm 4x70mm 4x95mm 4x120mm 4x185mm 4x240mm Harga Kabel NYY Indonesia .","robots":{"index":"index","follow":"follow","max-snippet":"max-snippet:-1","max-image-preview":"max-image-preview:large","max-video-preview":"max-video-preview:-1"},"canonical":"http:\/\/huadongswacable.com\/it\/kabel-nyy-indonesia\/","og_locale":"it_IT","og_type":"article","og_title":"4x4mm 10mm 16mm 25mm 50mm 95mm Harga Kabel NYY Indonesia","og_description":"Contact us to get best 4x4mm 4x10mm 4x16mm 4x 25mm 4x35mm 4x50mm 4x70mm 4x95mm 4x120mm 4x185mm 4x240mm Harga Kabel NYY Indonesia .","og_url":"http:\/\/huadongswacable.com\/it\/kabel-nyy-indonesia\/","og_site_name":"Huadong SWA Cable","article_modified_time":"2022-12-19T07:04:02+00:00","og_image":[{"url":"https:\/\/huadongswacable.com\/wp-content\/uploads\/2020\/12\/0.6-1kv-IEC60502-VDE-0276-Kabel-nyy-4x4mm-4x16mm-4x25mm.jpg"}],"twitter_card":"summary_large_image","twitter_misc":{"Tempo di lettura stimato":"5 minuti"},"schema":{"@context":"https:\/\/schema.org","@graph":[{"@type":"WebSite","@id":"http:\/\/huadongswacable.com\/ru\/#website","url":"http:\/\/huadongswacable.com\/ru\/","name":"Huadong SWA Cable","description":"Huadong SWA Cable","potentialAction":[{"@type":"SearchAction","target":{"@type":"EntryPoint","urlTemplate":"http:\/\/huadongswacable.com\/ru\/?s={search_term_string}"},"query-input":"required name=search_term_string"}],"inLanguage":"it-IT"},{"@type":"ImageObject","@id":"http:\/\/huadongswacable.com\/es\/kabel-nyy-indonesia\/#primaryimage","inLanguage":"it-IT","url":"https:\/\/huadongswacable.com\/wp-content\/uploads\/2020\/12\/0.6-1kv-IEC60502-VDE-0276-Kabel-nyy-4x4mm-4x16mm-4x25mm.jpg","contentUrl":"https:\/\/huadongswacable.com\/wp-content\/uploads\/2020\/12\/0.6-1kv-IEC60502-VDE-0276-Kabel-nyy-4x4mm-4x16mm-4x25mm.jpg","width":400,"height":400,"caption":"0.6\/1kv IEC60502 VDE 0276 Kabel nyy 4x4mm 4x16mm 4x25mm"},{"@type":"WebPage","@id":"http:\/\/huadongswacable.com\/es\/kabel-nyy-indonesia\/#webpage","url":"http:\/\/huadongswacable.com\/es\/kabel-nyy-indonesia\/","name":"4x4mm 10mm 16mm 25mm 50mm 95mm Harga Kabel NYY Indonesia","isPartOf":{"@id":"http:\/\/huadongswacable.com\/ru\/#website"},"primaryImageOfPage":{"@id":"http:\/\/huadongswacable.com\/es\/kabel-nyy-indonesia\/#primaryimage"},"datePublished":"2020-12-10T09:24:37+00:00","dateModified":"2022-12-19T07:04:02+00:00","description":"Contact us to get best 4x4mm 4x10mm 4x16mm 4x 25mm 4x35mm 4x50mm 4x70mm 4x95mm 4x120mm 4x185mm 4x240mm Harga Kabel NYY Indonesia .","breadcrumb":{"@id":"http:\/\/huadongswacable.com\/es\/kabel-nyy-indonesia\/#breadcrumb"},"inLanguage":"it-IT","potentialAction":[{"@type":"ReadAction","target":["http:\/\/huadongswacable.com\/es\/kabel-nyy-indonesia\/"]}]},{"@type":"BreadcrumbList","@id":"http:\/\/huadongswacable.com\/es\/kabel-nyy-indonesia\/#breadcrumb","itemListElement":[{"@type":"ListItem","position":1,"name":"Home","item":"http:\/\/huadongswacable.com\/ru\/"},{"@type":"ListItem","position":2,"name":"4x4mm 4x10mm 4x16mm 4x 25mm 4x35mm 4x50mm 4x70mm 4x95mm Kabel NYY Indonesia"}]}]}},"_links":{"self":[{"href":"https:\/\/huadongswacable.com\/it\/wp-json\/wp\/v2\/pages\/5117","targetHints":{"allow":["GET"]}}],"collection":[{"href":"https:\/\/huadongswacable.com\/it\/wp-json\/wp\/v2\/pages"}],"about":[{"href":"https:\/\/huadongswacable.com\/it\/wp-json\/wp\/v2\/types\/page"}],"author":[{"embeddable":true,"href":"https:\/\/huadongswacable.com\/it\/wp-json\/wp\/v2\/users\/1"}],"replies":[{"embeddable":true,"href":"https:\/\/huadongswacable.com\/it\/wp-json\/wp\/v2\/comments?post=5117"}],"version-history":[{"count":43,"href":"https:\/\/huadongswacable.com\/it\/wp-json\/wp\/v2\/pages\/5117\/revisions"}],"predecessor-version":[{"id":7774,"href":"https:\/\/huadongswacable.com\/it\/wp-json\/wp\/v2\/pages\/5117\/revisions\/7774"}],"wp:attachment":[{"href":"https:\/\/huadongswacable.com\/it\/wp-json\/wp\/v2\/media?parent=5117"}],"curies":[{"name":"wp","href":"https:\/\/api.w.org\/{rel}","templated":true}]}}