{"id":495,"date":"2018-03-15T10:57:40","date_gmt":"2018-03-15T02:57:40","guid":{"rendered":"http:\/\/huadongswacable.com\/?page_id=495"},"modified":"2021-05-12T13:56:00","modified_gmt":"2021-05-12T05:56:00","slug":"about-us","status":"publish","type":"page","link":"https:\/\/huadongswacable.com\/it\/su-di-noi\/","title":{"rendered":"Chi siamo"},"content":{"rendered":"<p>Il gruppo Huadong Cable \u00e8 una societ\u00e0 per azioni, integrata nella produzione di cavi, nella ricerca e sviluppo e nel commercio nazionale e internazionale. Zhengzhou Hongliang Cable Co.,ltd \u00e8 una delle filiali del gruppo Huadong Cable, nonch\u00e9 una delle pi\u00f9 grandi societ\u00e0 professionali di importazione ed esportazione in Cina.<br \/>\nL'impianto \u00e8 stato fondato nel 1988, ha occupato 50.000 metri quadrati e si trova separatamente nella zona industriale di Zhengzhou. Dispone di 20 linee di produzione con attrezzature avanzate e 25 macchine di prova. La capacit\u00e0 produttiva annuale \u00e8 di oltre 12 milioni di chilometri. La nostra filiale internazionale si trova nella citt\u00e0 di Zhengzhou, nota per la convenienza dei trasporti.<\/p>\n<p><img loading=\"lazy\" decoding=\"async\" class=\"aligncenter size-full wp-image-5817\" src=\"http:\/\/huadongswacable.com\/wp-content\/uploads\/2021\/05\/xlpe-pvc-swa-armoured-cable-supplier.jpg\" alt=\"fornitore di cavi blindati in pvc xlpe swa\" width=\"899\" height=\"371\" srcset=\"https:\/\/huadongswacable.com\/wp-content\/uploads\/2021\/05\/xlpe-pvc-swa-armoured-cable-supplier.jpg 899w, https:\/\/huadongswacable.com\/wp-content\/uploads\/2021\/05\/xlpe-pvc-swa-armoured-cable-supplier-300x124.jpg 300w, https:\/\/huadongswacable.com\/wp-content\/uploads\/2021\/05\/xlpe-pvc-swa-armoured-cable-supplier-768x317.jpg 768w\" sizes=\"auto, (max-width: 899px) 100vw, 899px\" \/><\/p>\n<p>Produciamo ed esportiamo principalmente cavi elettrici, tutti i conduttori in alluminio (AAC), conduttori in alluminio rinforzati in acciaio (conduttore ACSR), tutti i conduttori in lega di alluminio (AAAC), cavi aerei in fascio ABC, cavi elettrici da 1-500kV (inclusi cavi isolati in XLPE, cavi isolati in PVC, cavi corazzati SWA\/STA). (cavo ABC isolato in XLPE\/PVC), cavo di controllo, cavo di saldatura, cavo di gomma, cavi per miniere, cavi elettrici (cavo flessibile rivestito in PVC), OPGW e cavi speciali.<\/p>\n<p><strong>I nostri principi:<\/strong><br \/>\n1) La qualit\u00e0 prima di tutto, il cliente prima di tutto, la sicurezza prima di tutto<br \/>\n2) Servizio migliore, consegna pi\u00f9 rapida<br \/>\n3) Uguaglianza e vantaggio reciproco<br \/>\n4) Onest\u00e0 e professionalit\u00e0<\/p>\n<p><strong>Il nostro servizio:<\/strong><br \/>\n1) Risposta rapida e professionale<br \/>\n2) Paziente e fiducioso<br \/>\n3) Sistema di controllo qualit\u00e0 severo<br \/>\n4) Consegna puntuale<\/p>\n<p><img loading=\"lazy\" decoding=\"async\" class=\"aligncenter size-full wp-image-5819\" src=\"http:\/\/huadongswacable.com\/wp-content\/uploads\/2021\/05\/all-size-swa-armoured-cable-for-sale.jpg\" alt=\"cavo armato swa economico di tutte le dimensioni \" width=\"999\" height=\"521\" srcset=\"https:\/\/huadongswacable.com\/wp-content\/uploads\/2021\/05\/all-size-swa-armoured-cable-for-sale.jpg 999w, https:\/\/huadongswacable.com\/wp-content\/uploads\/2021\/05\/all-size-swa-armoured-cable-for-sale-300x156.jpg 300w, https:\/\/huadongswacable.com\/wp-content\/uploads\/2021\/05\/all-size-swa-armoured-cable-for-sale-768x401.jpg 768w\" sizes=\"auto, (max-width: 999px) 100vw, 999px\" \/><\/p>\n<p><strong>La nostra missione:<\/strong><br \/>\nForniamo prodotti di qualit\u00e0 con prezzi competitivi e un servizio eccellente.<br \/>\n<strong>E-mail: <a href=\"mailto:info@huadongswacable.com\" rel=\"nofollow\">info@huadongswacable.com<\/a><\/strong><\/p>\n<div role=\"form\" class=\"wpcf7\" id=\"wpcf7-f6-o1\" lang=\"en-US\" dir=\"ltr\">\n<div class=\"screen-reader-response\"><p role=\"status\" aria-live=\"polite\" aria-atomic=\"true\"><\/p> <ul><\/ul><\/div>\n<form action=\"\/it\/wp-json\/wp\/v2\/pages\/495#wpcf7-f6-o1\" method=\"post\" class=\"wpcf7-form init\" novalidate=\"novalidate\" data-status=\"init\" data-trp-original-action=\"\/it\/wp-json\/wp\/v2\/pages\/495#wpcf7-f6-o1\">\n<div style=\"display: none;\">\n<input type=\"hidden\" name=\"_wpcf7\" value=\"6\" \/>\n<input type=\"hidden\" name=\"_wpcf7_version\" value=\"5.5.6\" \/>\n<input type=\"hidden\" name=\"_wpcf7_locale\" value=\"en_US\" \/>\n<input type=\"hidden\" name=\"_wpcf7_unit_tag\" value=\"wpcf7-f6-o1\" \/>\n<input type=\"hidden\" name=\"_wpcf7_container_post\" value=\"0\" \/>\n<input type=\"hidden\" name=\"_wpcf7_posted_data_hash\" value=\"\" \/>\n<\/div>\n<div class=\"messageform\">\n<p><strong><span style=\"color:red;\"><\/span> Il tuo nome<\/strong><br \/>\n    <span class=\"wpcf7-form-control-wrap your-name\"><input type=\"text\" name=\"your-name\" value=\"\" size=\"40\" class=\"wpcf7-form-control wpcf7-text\" aria-invalid=\"false\" \/><\/span> <\/p>\n<p><strong><span style=\"color:red;\">*<\/span> Il tuo indirizzo e-mail<\/strong><br \/>\n    <span class=\"wpcf7-form-control-wrap your-email\"><input type=\"email\" name=\"your-email\" value=\"\" size=\"40\" class=\"wpcf7-form-control wpcf7-text wpcf7-email wpcf7-validates-as-required wpcf7-validates-as-email\" aria-required=\"true\" aria-invalid=\"false\" \/><\/span> <\/p>\n<p><strong>Il vostro numero di telefono<\/strong><br \/>\n    <span class=\"wpcf7-form-control-wrap your-phone\"><input type=\"text\" name=\"your-phone\" value=\"\" size=\"40\" class=\"wpcf7-form-control wpcf7-text\" aria-invalid=\"false\" placeholder=\"Includere il prefisso della zona\" \/><\/span> <\/p>\n<p><strong>Il vostro Paese<\/strong><br \/>\n    <span class=\"wpcf7-form-control-wrap your-country\"><input type=\"text\" name=\"your-country\" value=\"\" size=\"40\" class=\"wpcf7-form-control wpcf7-text\" aria-invalid=\"false\" \/><\/span> <\/p>\n<p><strong><span style=\"color:red;\">*<\/span> Il vostro requisito<\/strong><br \/>\n    <span class=\"wpcf7-form-control-wrap your-requirement\"><textarea name=\"your-requirement\" cols=\"40\" rows=\"10\" class=\"wpcf7-form-control wpcf7-textarea wpcf7-validates-as-required bestonmessage\" aria-required=\"true\" aria-invalid=\"false\" placeholder=\"Per un&#039;offerta dettagliata, vi preghiamo di inviarci il vostro requisito dettagliato.\"><\/textarea><\/span> <\/p>\n<p><input type=\"submit\" value=\"Invia il messaggio\" class=\"wpcf7-form-control has-spinner wpcf7-submit\" \/><\/p>\n<\/div>\n<p style=\"display: none !important;\"><label>&#916;<textarea name=\"_wpcf7_ak_hp_textarea\" cols=\"45\" rows=\"8\" maxlength=\"100\"><\/textarea><\/label><input type=\"hidden\" id=\"ak_js_1\" name=\"_wpcf7_ak_js\" value=\"102\"\/><script>document.getElementById( \"ak_js_1\" ).setAttribute( \"value\", ( new Date() ).getTime() );<\/script><\/p><input type='hidden' class='wpcf7-pum' value='{\"closepopup\":false,\"closedelay\":0,\"openpopup\":false,\"openpopup_id\":0}' \/><div class=\"wpcf7-response-output\" aria-hidden=\"true\"><\/div><input type=\"hidden\" name=\"trp-form-language\" value=\"it\"\/><\/form><\/div>","protected":false},"excerpt":{"rendered":"<p>Il gruppo Huadong Cable \u00e8 una societ\u00e0 per azioni, integrata nella produzione di cavi, nella ricerca e sviluppo e nel commercio nazionale e internazionale. Zhengzhou Hongliang Cable Co.,ltd \u00e8 una delle filiali del gruppo Huadong Cable, nonch\u00e9 una delle pi\u00f9 grandi societ\u00e0 professionali di importazione ed esportazione in Cina. L'impianto \u00e8 stato fondato nel 1988, occupando 50.000 ... <a class=\"read-more\" href=\"https:\/\/huadongswacable.com\/it\/su-di-noi\/\">Per saperne di pi\u00f9...<\/a><\/p>","protected":false},"author":1,"featured_media":0,"parent":0,"menu_order":0,"comment_status":"closed","ping_status":"closed","template":"","meta":{"footnotes":""},"class_list":["post-495","page","type-page","status-publish"],"yoast_head":"<!-- This site is optimized with the Yoast SEO plugin v18.4.1 - https:\/\/yoast.com\/wordpress\/plugins\/seo\/ -->\n<title>About Us - Huadong SWA Cable<\/title>\n<meta name=\"robots\" content=\"index, follow, max-snippet:-1, max-image-preview:large, max-video-preview:-1\" \/>\n<link rel=\"canonical\" href=\"http:\/\/huadongswacable.com\/it\/sobre-nosotros-2\/\" \/>\n<meta property=\"og:locale\" content=\"it_IT\" \/>\n<meta property=\"og:type\" content=\"article\" \/>\n<meta property=\"og:title\" content=\"About Us - Huadong SWA Cable\" \/>\n<meta property=\"og:description\" content=\"Huadong Cable Group is a joint stock enterprise, integrated in cable production, research &amp; development, and domestic &amp; international trade. Zhengzhou Hongliang Cable Co.,ltd is one of the branch of Huadong cable group, and also one of the biggest professional import and export trade company in China. The plant was founded in 1988, occupied 50,000 ... Read more...\" \/>\n<meta property=\"og:url\" content=\"http:\/\/huadongswacable.com\/it\/sobre-nosotros-2\/\" \/>\n<meta property=\"og:site_name\" content=\"Huadong SWA Cable\" \/>\n<meta property=\"article:modified_time\" content=\"2021-05-12T05:56:00+00:00\" \/>\n<meta property=\"og:image\" content=\"http:\/\/huadongswacable.com\/wp-content\/uploads\/2021\/05\/xlpe-pvc-swa-armoured-cable-supplier.jpg\" \/>\n<meta name=\"twitter:card\" content=\"summary_large_image\" \/>\n<meta name=\"twitter:label1\" content=\"Tempo di lettura stimato\" \/>\n\t<meta name=\"twitter:data1\" content=\"1 minuto\" \/>\n<script type=\"application\/ld+json\" class=\"yoast-schema-graph\">{\"@context\":\"https:\/\/schema.org\",\"@graph\":[{\"@type\":\"WebSite\",\"@id\":\"http:\/\/huadongswacable.com\/ru\/#website\",\"url\":\"http:\/\/huadongswacable.com\/ru\/\",\"name\":\"Huadong SWA Cable\",\"description\":\"Huadong SWA Cable\",\"potentialAction\":[{\"@type\":\"SearchAction\",\"target\":{\"@type\":\"EntryPoint\",\"urlTemplate\":\"http:\/\/huadongswacable.com\/ru\/?s={search_term_string}\"},\"query-input\":\"required name=search_term_string\"}],\"inLanguage\":\"it-IT\"},{\"@type\":\"ImageObject\",\"@id\":\"http:\/\/huadongswacable.com\/es\/sobre-nosotros-2\/#primaryimage\",\"inLanguage\":\"it-IT\",\"url\":\"http:\/\/huadongswacable.com\/wp-content\/uploads\/2021\/05\/xlpe-pvc-swa-armoured-cable-supplier.jpg\",\"contentUrl\":\"http:\/\/huadongswacable.com\/wp-content\/uploads\/2021\/05\/xlpe-pvc-swa-armoured-cable-supplier.jpg\"},{\"@type\":\"WebPage\",\"@id\":\"http:\/\/huadongswacable.com\/es\/sobre-nosotros-2\/#webpage\",\"url\":\"http:\/\/huadongswacable.com\/es\/sobre-nosotros-2\/\",\"name\":\"About Us - Huadong SWA Cable\",\"isPartOf\":{\"@id\":\"http:\/\/huadongswacable.com\/ru\/#website\"},\"primaryImageOfPage\":{\"@id\":\"http:\/\/huadongswacable.com\/es\/sobre-nosotros-2\/#primaryimage\"},\"datePublished\":\"2018-03-15T02:57:40+00:00\",\"dateModified\":\"2021-05-12T05:56:00+00:00\",\"breadcrumb\":{\"@id\":\"http:\/\/huadongswacable.com\/es\/sobre-nosotros-2\/#breadcrumb\"},\"inLanguage\":\"it-IT\",\"potentialAction\":[{\"@type\":\"ReadAction\",\"target\":[\"http:\/\/huadongswacable.com\/es\/sobre-nosotros-2\/\"]}]},{\"@type\":\"BreadcrumbList\",\"@id\":\"http:\/\/huadongswacable.com\/es\/sobre-nosotros-2\/#breadcrumb\",\"itemListElement\":[{\"@type\":\"ListItem\",\"position\":1,\"name\":\"Home\",\"item\":\"http:\/\/huadongswacable.com\/ru\/\"},{\"@type\":\"ListItem\",\"position\":2,\"name\":\"About Us\"}]}]}<\/script>\n<!-- \/ Yoast SEO plugin. -->","yoast_head_json":{"title":"About Us - Huadong SWA Cable","robots":{"index":"index","follow":"follow","max-snippet":"max-snippet:-1","max-image-preview":"max-image-preview:large","max-video-preview":"max-video-preview:-1"},"canonical":"http:\/\/huadongswacable.com\/it\/sobre-nosotros-2\/","og_locale":"it_IT","og_type":"article","og_title":"About Us - Huadong SWA Cable","og_description":"Huadong Cable Group is a joint stock enterprise, integrated in cable production, research &amp; development, and domestic &amp; international trade. Zhengzhou Hongliang Cable Co.,ltd is one of the branch of Huadong cable group, and also one of the biggest professional import and export trade company in China. The plant was founded in 1988, occupied 50,000 ... Read more...","og_url":"http:\/\/huadongswacable.com\/it\/sobre-nosotros-2\/","og_site_name":"Huadong SWA Cable","article_modified_time":"2021-05-12T05:56:00+00:00","og_image":[{"url":"http:\/\/huadongswacable.com\/wp-content\/uploads\/2021\/05\/xlpe-pvc-swa-armoured-cable-supplier.jpg"}],"twitter_card":"summary_large_image","twitter_misc":{"Tempo di lettura stimato":"1 minuto"},"schema":{"@context":"https:\/\/schema.org","@graph":[{"@type":"WebSite","@id":"http:\/\/huadongswacable.com\/ru\/#website","url":"http:\/\/huadongswacable.com\/ru\/","name":"Huadong SWA Cable","description":"Huadong SWA Cable","potentialAction":[{"@type":"SearchAction","target":{"@type":"EntryPoint","urlTemplate":"http:\/\/huadongswacable.com\/ru\/?s={search_term_string}"},"query-input":"required name=search_term_string"}],"inLanguage":"it-IT"},{"@type":"ImageObject","@id":"http:\/\/huadongswacable.com\/es\/sobre-nosotros-2\/#primaryimage","inLanguage":"it-IT","url":"http:\/\/huadongswacable.com\/wp-content\/uploads\/2021\/05\/xlpe-pvc-swa-armoured-cable-supplier.jpg","contentUrl":"http:\/\/huadongswacable.com\/wp-content\/uploads\/2021\/05\/xlpe-pvc-swa-armoured-cable-supplier.jpg"},{"@type":"WebPage","@id":"http:\/\/huadongswacable.com\/es\/sobre-nosotros-2\/#webpage","url":"http:\/\/huadongswacable.com\/es\/sobre-nosotros-2\/","name":"About Us - Huadong SWA Cable","isPartOf":{"@id":"http:\/\/huadongswacable.com\/ru\/#website"},"primaryImageOfPage":{"@id":"http:\/\/huadongswacable.com\/es\/sobre-nosotros-2\/#primaryimage"},"datePublished":"2018-03-15T02:57:40+00:00","dateModified":"2021-05-12T05:56:00+00:00","breadcrumb":{"@id":"http:\/\/huadongswacable.com\/es\/sobre-nosotros-2\/#breadcrumb"},"inLanguage":"it-IT","potentialAction":[{"@type":"ReadAction","target":["http:\/\/huadongswacable.com\/es\/sobre-nosotros-2\/"]}]},{"@type":"BreadcrumbList","@id":"http:\/\/huadongswacable.com\/es\/sobre-nosotros-2\/#breadcrumb","itemListElement":[{"@type":"ListItem","position":1,"name":"Home","item":"http:\/\/huadongswacable.com\/ru\/"},{"@type":"ListItem","position":2,"name":"About Us"}]}]}},"_links":{"self":[{"href":"https:\/\/huadongswacable.com\/it\/wp-json\/wp\/v2\/pages\/495","targetHints":{"allow":["GET"]}}],"collection":[{"href":"https:\/\/huadongswacable.com\/it\/wp-json\/wp\/v2\/pages"}],"about":[{"href":"https:\/\/huadongswacable.com\/it\/wp-json\/wp\/v2\/types\/page"}],"author":[{"embeddable":true,"href":"https:\/\/huadongswacable.com\/it\/wp-json\/wp\/v2\/users\/1"}],"replies":[{"embeddable":true,"href":"https:\/\/huadongswacable.com\/it\/wp-json\/wp\/v2\/comments?post=495"}],"version-history":[{"count":6,"href":"https:\/\/huadongswacable.com\/it\/wp-json\/wp\/v2\/pages\/495\/revisions"}],"predecessor-version":[{"id":5822,"href":"https:\/\/huadongswacable.com\/it\/wp-json\/wp\/v2\/pages\/495\/revisions\/5822"}],"wp:attachment":[{"href":"https:\/\/huadongswacable.com\/it\/wp-json\/wp\/v2\/media?parent=495"}],"curies":[{"name":"wp","href":"https:\/\/api.w.org\/{rel}","templated":true}]}}