{"id":49,"date":"2018-03-08T09:23:23","date_gmt":"2018-03-08T01:23:23","guid":{"rendered":"http:\/\/huadongswacable.com\/?page_id=49"},"modified":"2022-12-19T14:43:13","modified_gmt":"2022-12-19T06:43:13","slug":"2-core-armoured-cable-production-process","status":"publish","type":"page","link":"https:\/\/huadongswacable.com\/it\/processo-di-produzione-di-cavi-armati-a-2-anime\/","title":{"rendered":"10 mm 16 mm 25 mm 35 mm 50 mm 2 Core Armoured Cable Fornitori"},"content":{"rendered":"<h2>Come produrre un cavo armato swa a 2 conduttori \uff1f<\/h2>\n<p>La produzione di cavi blindati a 2 anime e la maggior parte dei prodotti meccanici ed elettrici possono essere diverse. Tuttavia, in qualit\u00e0 di fornitore di cavi blindati a 2 anime da 16 mm, produciamo questo cavo secondo gli standard internazionali. In generale, i prodotti elettromeccanici sono solitamente utilizzati per assemblare gli altri componenti in parti. Il riassemblaggio di pi\u00f9 componenti in un unico prodotto. Inoltre, il numero di prodotti \u00e8 legato al numero di unit\u00e0 di misura. L'unit\u00e0 di base della misura del cavo blindato a 2 anime \u00e8 la lunghezza.<\/p>\n<p><img loading=\"lazy\" decoding=\"async\" class=\"aligncenter wp-image-634 size-full\" src=\"https:\/\/huadongswacable.com\/wp-content\/uploads\/2018\/04\/cheap-2-core-armoured-cable-price-list.jpg\" alt=\"Schema e costruzione del cavo di alimentazione swa a 2 conduttori\" width=\"916\" height=\"236\" srcset=\"https:\/\/huadongswacable.com\/wp-content\/uploads\/2018\/04\/cheap-2-core-armoured-cable-price-list.jpg 916w, https:\/\/huadongswacable.com\/wp-content\/uploads\/2018\/04\/cheap-2-core-armoured-cable-price-list-300x77.jpg 300w, https:\/\/huadongswacable.com\/wp-content\/uploads\/2018\/04\/cheap-2-core-armoured-cable-price-list-768x198.jpg 768w\" sizes=\"auto, (max-width: 916px) 100vw, 916px\" \/><\/p>\n<p>In realt\u00e0, tutti i cavi blindati a 2 anime vengono trasformati in prodotti a doppia armatura a partire dalla lavorazione dei conduttori. Con isolamento, schermatura, formatura del cavo, rivestimento, ecc. Inoltre, la struttura del cavo blindato bipolare \u00e8 pi\u00f9 complessa. Nel frattempo, pi\u00f9 strati si sovrappongono. Di quale struttura di cavo blindato bipolare avete bisogno? Perch\u00e9 siamo fornitori professionali di cavi blindati da 10 mm. Quindi, basta dirci il vostro requisito e invieremo il prezzo del cavo blindato da 16 mm il pi\u00f9 rapidamente possibile.<\/p>\n<p style=\"text-align: center;\"><span class=\"su-lightbox\" data-mfp-src=\"#Popup\" data-mfp-type=\"inline\" data-mobile=\"yes\"><button class=\"btn btn-danger btn-sm\" ><i class=\"fa fa-hand-o-right\" style=\"color:#ffffff;\"><\/i> Preventivo<\/button><\/span>\n<h2>Il principale processo di produzione del cavo di alimentazione a 2 conduttori da 25 mm<\/h2>\n<p>In generale, 2 core <a href=\"https:\/\/huadongswacable.com\/it\/qualita-economia-cavo-armato-vendita\/\" target=\"_blank\" rel=\"noopener noreferrer\">cavo armato<\/a> \u00e8 attraverso: disegno, trefolatura, rivestimento tre tipi di tecnologia per completare la produzione. Tuttavia, pi\u00f9 i modelli sono complessi, maggiore \u00e8 la ripetibilit\u00e0. Quindi la prima fase di produzione del cavo blindato a 2 anime \u00e8 la trafilatura. Ma nella lavorazione a pressione del metallo, la tecnica di forzare il metallo attraverso uno stampo (pinch) sotto l'azione di forze esterne. Infatti, la compressione della sezione trasversale del metallo e l'ottenimento della forma e delle dimensioni desiderate della sezione trasversale del cavo blindato 2 core si chiama trafilatura del metallo.<\/p>\n<div class=\"row\">\n<div class=\"col-lg-6 col-md-12 col-xs-12 col-sm-12\">\n<img loading=\"lazy\" decoding=\"async\" class=\"aligncenter wp-image-6052 size-full\" src=\"https:\/\/huadongswacable.com\/wp-content\/uploads\/2021\/07\/how-much-2-core-25mm-swa-cable-price.jpg\" alt=\"quanto costa il cavo swa 2 core 25mm\" width=\"446\" height=\"314\" srcset=\"https:\/\/huadongswacable.com\/wp-content\/uploads\/2021\/07\/how-much-2-core-25mm-swa-cable-price.jpg 446w, https:\/\/huadongswacable.com\/wp-content\/uploads\/2021\/07\/how-much-2-core-25mm-swa-cable-price-300x211.jpg 300w\" sizes=\"auto, (max-width: 446px) 100vw, 446px\" \/><\/div>\n<div class=\"col-lg-6 col-md-12 col-xs-12 col-sm-12\">\n<strong>Conduttore:<\/strong> Alluminio o rame<\/p>\n<p><strong>Tensione:<\/strong> Fino a 35 KV<\/p>\n<p><strong>Corazzato:<\/strong> SWA (Armatura a filo d'acciaio) \/ STA (Armatura a nastro d'acciaio)<\/p>\n<p><strong>Isolamento:<\/strong> XLPE \/ PVC \/ LSF \/ Resistente al fuoco<\/p>\n<p><strong>Core:<\/strong>\u00a0 2 o in base alle vostre esigenze<\/p>\n<p><strong>Area della sezione:<\/strong> 1,5 mm2-800 mm2<\/p>\n<p><strong>Standard:<\/strong> IEC 60502, BS 7870, GB\/T12706 o altro.<\/p>\n<\/div>\n<\/div>\n<p>Inoltre, la seconda fase di produzione del cavo blindato doppio \u00e8 la trefolatura. Per migliorare la flessibilit\u00e0 e l'integrit\u00e0 del cavo blindato a 2 anime, intrecciamo insieme due o pi\u00f9 fili singoli nella direzione specificata. La terza fase di produzione \u00e8 il rivestimento. Inoltre, in base ai diversi requisiti di prestazione del cavo blindato bipolare. Quindi utilizzeremo materiali diversi con attrezzature speciali per rivestire l'esterno del conduttore. Di quali prestazioni avete bisogno per il cavo blindato bipolare? Non esitate a contattarci.<\/p>\n<p style=\"text-align: center;\"><span class=\"su-lightbox\" data-mfp-src=\"#Popup\" data-mfp-type=\"inline\" data-mobile=\"yes\"><button class=\"btn btn-danger btn-sm\" ><i class=\"fa fa-hand-o-right\" style=\"color:#ffffff;\"><\/i> Preventivo<\/button><\/span>\n<h2>Caratteristiche del processo di produzione del cavo swa a doppio nucleo da 10 mm<\/h2>\n<p>La produzione di cavi armati a 2 anime da 10 mm presenta tre caratteristiche tecnologiche. La prima caratteristica tecnologica \u00e8 la modalit\u00e0 di produzione combinata a sovrapposizione continua di grande lunghezza. Inoltre, l'impatto sulla produzione di cavi armati bipolari \u00e8 generale e controllabile. Ci\u00f2 coinvolge e influenza: il processo di produzione e il layout delle attrezzature, la produzione e la gestione organizzativa, la gestione della qualit\u00e0. In secondo luogo, in base al flusso di processo richiesto dal cavo blindato bipolare.<\/p>\n<div class=\"row\">\n<div class=\"col-lg-6 col-md-12 col-xs-12 col-sm-12\">\n<img loading=\"lazy\" decoding=\"async\" class=\"aligncenter wp-image-6054 size-full\" src=\"https:\/\/huadongswacable.com\/wp-content\/uploads\/2021\/07\/6mm-2-core-xlpe-pvc-swa-armoured-cable-price.jpg\" alt=\"16 mm 2 core xlpe pvc swa cavo prezzo\" width=\"230\" height=\"314\" srcset=\"https:\/\/huadongswacable.com\/wp-content\/uploads\/2021\/07\/6mm-2-core-xlpe-pvc-swa-armoured-cable-price.jpg 230w, https:\/\/huadongswacable.com\/wp-content\/uploads\/2021\/07\/6mm-2-core-xlpe-pvc-swa-armoured-cable-price-220x300.jpg 220w\" sizes=\"auto, (max-width: 230px) 100vw, 230px\" \/><\/div>\n<div class=\"col-lg-6 col-md-12 col-xs-12 col-sm-12\">\n<p><strong>Tensione:<\/strong> 600\/1000V<\/p>\n<p><strong>Conduttore:<\/strong> Alluminio o rame<\/p>\n<p><strong>Dimensioni:<\/strong> 4 mm, 6 mm, 10 mm, 16 mm, 25 mm, 35 mm, 50 mm, 70 mm, 95 mm, 120 mm ecc.<\/p>\n<p><strong>Isolamento:<\/strong> XLPE (polietilene reticolato)\/PVC (cloruro di polivinile)<\/p>\n<p><strong>Armatura:<\/strong> SWA (armatura in filo d'acciaio)\/STA (armatura in nastro d'acciaio)<\/p>\n<p><strong>Guaina:<\/strong> PVC (cloruro di polivinile)\/LSZH \uff08basso fumo zero alogeni\uff09.<\/p>\n<p><strong>Colore:<\/strong> Nero, marrone, Blule o secondo il vostro requisito<\/p>\n<\/div>\n<\/div>\n<p>Inoltre, dobbiamo scaricare tutti i tipi di attrezzature nell'officina di produzione dei cavi blindati a 2 anime in modo ragionevole. Quindi i prodotti semilavorati del cavo blindato a 2 anime in ogni fase possono fluire in sequenza. Allo stesso tempo, se avete altre domande sul cavo blindato a 2 anime, lasciate le vostre informazioni di contatto e i vostri problemi.<\/p>\n<p style=\"text-align: center;\"><span class=\"su-lightbox\" data-mfp-src=\"#Popup\" data-mfp-type=\"inline\" data-mobile=\"yes\"><button class=\"btn btn-danger btn-sm\" ><i class=\"fa fa-hand-o-right\" style=\"color:#ffffff;\"><\/i> Preventivo<\/button><\/span>\n<p>In terzo luogo, l'organizzazione e la gestione della produzione di cavi blindati a 2 anime devono essere scientifiche, accurate, rigorose e meticolose. Tuttavia, l'operatore deve essere meticoloso in base ai requisiti del processo di produzione del cavo blindato doppio. Perch\u00e9 ogni fornitore di cavi blindati a 2 anime da 25 mm presta attenzione alla sicurezza. Inoltre, il doppio cavo blindato \u00e8 una combinazione di grande lunghezza della sovrapposizione continua della modalit\u00e0 di produzione. Pertanto, qualsiasi parte del processo di produzione del cavo blindato 2 core, un momento di problemi. Perch\u00e9 questo influir\u00e0 sulla qualit\u00e0 dell'intero cavo blindato a 2 anime. Inoltre, la fase di produzione del doppio cavo blindato di Huadong Cable Group \u00e8 rigorosamente conforme agli standard di produzione.<\/p>\n<p><img loading=\"lazy\" decoding=\"async\" class=\"aligncenter wp-image-6058 size-full\" src=\"https:\/\/huadongswacable.com\/wp-content\/uploads\/2021\/07\/16mm-2-core-xlpe-pvc-swa-armoured-cable-supplier.jpg\" alt=\"16 mm 2 core xlpe pvc swa cavo armato fornitore\" width=\"780\" height=\"309\" srcset=\"https:\/\/huadongswacable.com\/wp-content\/uploads\/2021\/07\/16mm-2-core-xlpe-pvc-swa-armoured-cable-supplier.jpg 780w, https:\/\/huadongswacable.com\/wp-content\/uploads\/2021\/07\/16mm-2-core-xlpe-pvc-swa-armoured-cable-supplier-300x119.jpg 300w, https:\/\/huadongswacable.com\/wp-content\/uploads\/2021\/07\/16mm-2-core-xlpe-pvc-swa-armoured-cable-supplier-768x304.jpg 768w\" sizes=\"auto, (max-width: 780px) 100vw, 780px\" \/><\/p>\n<p style=\"text-align: center;\"><span class=\"su-lightbox\" data-mfp-src=\"#Popup\" data-mfp-type=\"inline\" data-mobile=\"yes\"><button class=\"btn btn-danger btn-sm\" ><i class=\"fa fa-hand-o-right\" style=\"color:#ffffff;\"><\/i> Preventivo<\/button><\/span>\n<h2>Dove trovare il miglior prezzo per il cavo armato swa a 2 fili da 35 mm\uff1f<\/h2>\n<p>In effetti, \u00e8 possibile trovare molti fornitori di cavi armati a 2 anime da 6 mm in tutto il mondo. Tuttavia, \u00e8 necessario confrontare il prezzo del cavo armato 25mm 2 core swa fornito da diversi fornitori. Poich\u00e9 siamo un produttore di cavo blindato da 16 mm 2 core, possiamo fornirvi la migliore quotazione di cavo blindato da 16 mm 2 core. Inoltre, abbiamo esportato il nostro cavo blindato 25mm 2 core in molti paesi. Come ad esempio: Filippine, Malesia, Yemen, Sudafrica, Nigeria, America, <span class=\"VIiyi\" lang=\"en\"><span class=\"JLqJ4b ChMk0b\" data-language-for-alternatives=\"en\" data-language-to-translate-into=\"zh-CN\" data-phrase-index=\"0\">Vietnam, Thailandia e cos\u00ec via. <\/span><\/span><\/p>\n<p><img loading=\"lazy\" decoding=\"async\" class=\"aligncenter wp-image-6057 size-full\" src=\"https:\/\/huadongswacable.com\/wp-content\/uploads\/2021\/07\/get-price-for-120mm-2-core-armoured-cable.jpg\" alt=\"ottenere il prezzo per il cavo di armatura a 2 nuclei da 120 mm\" width=\"800\" height=\"414\" srcset=\"https:\/\/huadongswacable.com\/wp-content\/uploads\/2021\/07\/get-price-for-120mm-2-core-armoured-cable.jpg 800w, https:\/\/huadongswacable.com\/wp-content\/uploads\/2021\/07\/get-price-for-120mm-2-core-armoured-cable-300x155.jpg 300w, https:\/\/huadongswacable.com\/wp-content\/uploads\/2021\/07\/get-price-for-120mm-2-core-armoured-cable-768x397.jpg 768w\" sizes=\"auto, (max-width: 800px) 100vw, 800px\" \/><\/p>\n<div class=\"su-lightbox-content su-u-trim\" id=\"Popup\" style=\"display:none;width:auto;min-width:50%;max-width:70%;margin-top:40px;margin-bottom:40px;padding:40px;background:#e8e5e5;color:#060473;box-shadow:0px 0px 15px #333333;text-align:left\"><div role=\"form\" class=\"wpcf7\" id=\"wpcf7-f5571-o1\" lang=\"en-US\" dir=\"ltr\">\n<div class=\"screen-reader-response\"><p role=\"status\" aria-live=\"polite\" aria-atomic=\"true\"><\/p> <ul><\/ul><\/div>\n<form action=\"\/it\/wp-json\/wp\/v2\/pages\/49#wpcf7-f5571-o1\" method=\"post\" class=\"wpcf7-form init\" novalidate=\"novalidate\" data-status=\"init\" data-trp-original-action=\"\/it\/wp-json\/wp\/v2\/pages\/49#wpcf7-f5571-o1\">\n<div style=\"display: none;\">\n<input type=\"hidden\" name=\"_wpcf7\" value=\"5571\" \/>\n<input type=\"hidden\" name=\"_wpcf7_version\" value=\"5.5.6\" \/>\n<input type=\"hidden\" name=\"_wpcf7_locale\" value=\"en_US\" \/>\n<input type=\"hidden\" name=\"_wpcf7_unit_tag\" value=\"wpcf7-f5571-o1\" \/>\n<input type=\"hidden\" name=\"_wpcf7_container_post\" value=\"0\" \/>\n<input type=\"hidden\" name=\"_wpcf7_posted_data_hash\" value=\"\" \/>\n<\/div>\n<div class=\"popmakerform\">\n<p>Il tuo nome <span style=\"color:red;\">*<span><br \/>\n<span class=\"wpcf7-form-control-wrap your-name\"><input type=\"text\" name=\"your-name\" value=\"\" size=\"40\" class=\"wpcf7-form-control wpcf7-text wpcf7-validates-as-required\" aria-required=\"true\" aria-invalid=\"false\" \/><\/span><\/p>\n<p>Il tuo indirizzo e-mail <span style=\"color:red;\">*<span><br \/>\n<span class=\"wpcf7-form-control-wrap your-email\"><input type=\"email\" name=\"your-email\" value=\"\" size=\"40\" class=\"wpcf7-form-control wpcf7-text wpcf7-email wpcf7-validates-as-required wpcf7-validates-as-email\" aria-required=\"true\" aria-invalid=\"false\" \/><\/span><\/p>\n<p>Il vostro numero di telefono<br \/>\n<span class=\"wpcf7-form-control-wrap your-phone\"><input type=\"text\" name=\"your-phone\" value=\"\" size=\"40\" class=\"wpcf7-form-control wpcf7-text\" aria-invalid=\"false\" \/><\/span><\/p>\n<p>Il vostro Paese<br \/>\n<span class=\"wpcf7-form-control-wrap your-country\"><input type=\"text\" name=\"your-country\" value=\"\" size=\"40\" class=\"wpcf7-form-control wpcf7-text\" aria-invalid=\"false\" \/><\/span><\/p>\n<p>Requisiti dettagliati <span style=\"color:red;\">*<span><br \/>\n<span class=\"wpcf7-form-control-wrap your-requirement\"><textarea name=\"your-requirement\" cols=\"40\" rows=\"4\" class=\"wpcf7-form-control wpcf7-textarea wpcf7-validates-as-required\" aria-required=\"true\" aria-invalid=\"false\"><\/textarea><\/span><\/p>\n<p><input type=\"submit\" value=\"Preventivo\" class=\"wpcf7-form-control has-spinner wpcf7-submit\" \/><\/p>\n<\/div>\n<p style=\"display: none !important;\"><label>&#916;<textarea name=\"_wpcf7_ak_hp_textarea\" cols=\"45\" rows=\"8\" maxlength=\"100\"><\/textarea><\/label><input type=\"hidden\" id=\"ak_js_1\" name=\"_wpcf7_ak_js\" value=\"97\"\/><script>document.getElementById( \"ak_js_1\" ).setAttribute( \"value\", ( new Date() ).getTime() );<\/script><\/p><input type='hidden' class='wpcf7-pum' value='{\"closepopup\":false,\"closedelay\":0,\"openpopup\":false,\"openpopup_id\":0}' \/><div class=\"wpcf7-response-output\" aria-hidden=\"true\"><\/div><input type=\"hidden\" name=\"trp-form-language\" value=\"it\"\/><\/form><\/div><\/div>\n<h3>Non esitate a lasciare il vostro requisito. Vi risponderemo entro 12 ore.<\/h3>\n<p><strong>E-mail: <a href=\"mailto:info@huadongswacable.com\" rel=\"nofollow\">info@huadongswacable.com<\/a><\/strong><\/p>\n<div role=\"form\" class=\"wpcf7\" id=\"wpcf7-f6-o2\" lang=\"en-US\" dir=\"ltr\">\n<div class=\"screen-reader-response\"><p role=\"status\" aria-live=\"polite\" aria-atomic=\"true\"><\/p> <ul><\/ul><\/div>\n<form action=\"\/it\/wp-json\/wp\/v2\/pages\/49#wpcf7-f6-o2\" method=\"post\" class=\"wpcf7-form init\" novalidate=\"novalidate\" data-status=\"init\" data-trp-original-action=\"\/it\/wp-json\/wp\/v2\/pages\/49#wpcf7-f6-o2\">\n<div style=\"display: none;\">\n<input type=\"hidden\" name=\"_wpcf7\" value=\"6\" \/>\n<input type=\"hidden\" name=\"_wpcf7_version\" value=\"5.5.6\" \/>\n<input type=\"hidden\" name=\"_wpcf7_locale\" value=\"en_US\" \/>\n<input type=\"hidden\" name=\"_wpcf7_unit_tag\" value=\"wpcf7-f6-o2\" \/>\n<input type=\"hidden\" name=\"_wpcf7_container_post\" value=\"0\" \/>\n<input type=\"hidden\" name=\"_wpcf7_posted_data_hash\" value=\"\" \/>\n<\/div>\n<div class=\"messageform\">\n<p><strong><span style=\"color:red;\"><\/span> Il tuo nome<\/strong><br \/>\n    <span class=\"wpcf7-form-control-wrap your-name\"><input type=\"text\" name=\"your-name\" value=\"\" size=\"40\" class=\"wpcf7-form-control wpcf7-text\" aria-invalid=\"false\" \/><\/span> <\/p>\n<p><strong><span style=\"color:red;\">*<\/span> Il tuo indirizzo e-mail<\/strong><br \/>\n    <span class=\"wpcf7-form-control-wrap your-email\"><input type=\"email\" name=\"your-email\" value=\"\" size=\"40\" class=\"wpcf7-form-control wpcf7-text wpcf7-email wpcf7-validates-as-required wpcf7-validates-as-email\" aria-required=\"true\" aria-invalid=\"false\" \/><\/span> <\/p>\n<p><strong>Il vostro numero di telefono<\/strong><br \/>\n    <span class=\"wpcf7-form-control-wrap your-phone\"><input type=\"text\" name=\"your-phone\" value=\"\" size=\"40\" class=\"wpcf7-form-control wpcf7-text\" aria-invalid=\"false\" placeholder=\"Includere il prefisso della zona\" \/><\/span> <\/p>\n<p><strong>Il vostro Paese<\/strong><br \/>\n    <span class=\"wpcf7-form-control-wrap your-country\"><input type=\"text\" name=\"your-country\" value=\"\" size=\"40\" class=\"wpcf7-form-control wpcf7-text\" aria-invalid=\"false\" \/><\/span> <\/p>\n<p><strong><span style=\"color:red;\">*<\/span> Il vostro requisito<\/strong><br \/>\n    <span class=\"wpcf7-form-control-wrap your-requirement\"><textarea name=\"your-requirement\" cols=\"40\" rows=\"10\" class=\"wpcf7-form-control wpcf7-textarea wpcf7-validates-as-required bestonmessage\" aria-required=\"true\" aria-invalid=\"false\" placeholder=\"Per un&#039;offerta dettagliata, vi preghiamo di inviarci il vostro requisito dettagliato.\"><\/textarea><\/span> <\/p>\n<p><input type=\"submit\" value=\"Invia il messaggio\" class=\"wpcf7-form-control has-spinner wpcf7-submit\" \/><\/p>\n<\/div>\n<p style=\"display: none !important;\"><label>&#916;<textarea name=\"_wpcf7_ak_hp_textarea\" cols=\"45\" rows=\"8\" maxlength=\"100\"><\/textarea><\/label><input type=\"hidden\" id=\"ak_js_2\" name=\"_wpcf7_ak_js\" value=\"20\"\/><script>document.getElementById( \"ak_js_2\" ).setAttribute( \"value\", ( new Date() ).getTime() );<\/script><\/p><input type='hidden' class='wpcf7-pum' value='{\"closepopup\":false,\"closedelay\":0,\"openpopup\":false,\"openpopup_id\":0}' \/><div class=\"wpcf7-response-output\" aria-hidden=\"true\"><\/div><input type=\"hidden\" name=\"trp-form-language\" value=\"it\"\/><\/form><\/div>","protected":false},"excerpt":{"rendered":"<p>Come si produce il cavo blindato a 2 anime \uff1f La produzione del cavo blindato a 2 anime e la maggior parte della produzione di prodotti meccanici ed elettrici possono essere diverse. Ma come fornitore di cavi blindati a 2 anime da 16 mm, produciamo questo cavo secondo gli standard internazionali. In generale, i prodotti elettromeccanici sono solitamente utilizzati per assemblare ... <a class=\"read-more\" href=\"https:\/\/huadongswacable.com\/it\/processo-di-produzione-di-cavi-armati-a-2-anime\/\">Per saperne di pi\u00f9...<\/a><\/p>","protected":false},"author":1,"featured_media":0,"parent":0,"menu_order":0,"comment_status":"closed","ping_status":"closed","template":"","meta":{"footnotes":""},"class_list":["post-49","page","type-page","status-publish"],"yoast_head":"<!-- This site is optimized with the Yoast SEO plugin v18.4.1 - https:\/\/yoast.com\/wordpress\/plugins\/seo\/ -->\n<title>6mm 10mm 16mm 25mm 35mm 50mm 2 Core Armoured Cable Supplier<\/title>\n<meta name=\"description\" content=\"Huadong is 2 core armoured cable supplier in China. You can get best 4mm 6mm 8mm 10mm 16mm 25mm 35mm 50mm 70mm 95mm 120mm 150mm price list.\" \/>\n<meta name=\"robots\" content=\"index, follow, max-snippet:-1, max-image-preview:large, max-video-preview:-1\" \/>\n<link rel=\"canonical\" href=\"https:\/\/huadongswacable.com\/it\/2-core-armoured-cable-production-process\/\" \/>\n<meta property=\"og:locale\" content=\"it_IT\" \/>\n<meta property=\"og:type\" content=\"article\" \/>\n<meta property=\"og:title\" content=\"6mm 10mm 16mm 25mm 35mm 50mm 2 Core Armoured Cable Supplier\" \/>\n<meta property=\"og:description\" content=\"Huadong is 2 core armoured cable supplier in China. You can get best 4mm 6mm 8mm 10mm 16mm 25mm 35mm 50mm 70mm 95mm 120mm 150mm price list.\" \/>\n<meta property=\"og:url\" content=\"https:\/\/huadongswacable.com\/it\/2-core-armoured-cable-production-process\/\" \/>\n<meta property=\"og:site_name\" content=\"Huadong SWA Cable\" \/>\n<meta property=\"article:modified_time\" content=\"2022-12-19T06:43:13+00:00\" \/>\n<meta property=\"og:image\" content=\"https:\/\/huadongswacable.com\/wp-content\/uploads\/2018\/04\/cheap-2-core-armoured-cable-price-list.jpg\" \/>\n<meta name=\"twitter:card\" content=\"summary_large_image\" \/>\n<meta name=\"twitter:label1\" content=\"Tempo di lettura stimato\" \/>\n\t<meta name=\"twitter:data1\" content=\"5 minuti\" \/>\n<script type=\"application\/ld+json\" class=\"yoast-schema-graph\">{\"@context\":\"https:\/\/schema.org\",\"@graph\":[{\"@type\":\"WebSite\",\"@id\":\"http:\/\/huadongswacable.com\/ru\/#website\",\"url\":\"http:\/\/huadongswacable.com\/ru\/\",\"name\":\"Huadong SWA Cable\",\"description\":\"Huadong SWA Cable\",\"potentialAction\":[{\"@type\":\"SearchAction\",\"target\":{\"@type\":\"EntryPoint\",\"urlTemplate\":\"http:\/\/huadongswacable.com\/ru\/?s={search_term_string}\"},\"query-input\":\"required name=search_term_string\"}],\"inLanguage\":\"it-IT\"},{\"@type\":\"ImageObject\",\"@id\":\"https:\/\/huadongswacable.com\/fr\/2-core-armoured-cable-production-process\/#primaryimage\",\"inLanguage\":\"it-IT\",\"url\":\"https:\/\/huadongswacable.com\/wp-content\/uploads\/2018\/04\/cheap-2-core-armoured-cable-price-list.jpg\",\"contentUrl\":\"https:\/\/huadongswacable.com\/wp-content\/uploads\/2018\/04\/cheap-2-core-armoured-cable-price-list.jpg\",\"width\":916,\"height\":236,\"caption\":\"2 core armoured cable diagram\"},{\"@type\":\"WebPage\",\"@id\":\"https:\/\/huadongswacable.com\/fr\/2-core-armoured-cable-production-process\/#webpage\",\"url\":\"https:\/\/huadongswacable.com\/fr\/2-core-armoured-cable-production-process\/\",\"name\":\"6mm 10mm 16mm 25mm 35mm 50mm 2 Core Armoured Cable Supplier\",\"isPartOf\":{\"@id\":\"http:\/\/huadongswacable.com\/ru\/#website\"},\"primaryImageOfPage\":{\"@id\":\"https:\/\/huadongswacable.com\/fr\/2-core-armoured-cable-production-process\/#primaryimage\"},\"datePublished\":\"2018-03-08T01:23:23+00:00\",\"dateModified\":\"2022-12-19T06:43:13+00:00\",\"description\":\"Huadong is 2 core armoured cable supplier in China. You can get best 4mm 6mm 8mm 10mm 16mm 25mm 35mm 50mm 70mm 95mm 120mm 150mm price list.\",\"breadcrumb\":{\"@id\":\"https:\/\/huadongswacable.com\/fr\/2-core-armoured-cable-production-process\/#breadcrumb\"},\"inLanguage\":\"it-IT\",\"potentialAction\":[{\"@type\":\"ReadAction\",\"target\":[\"https:\/\/huadongswacable.com\/fr\/2-core-armoured-cable-production-process\/\"]}]},{\"@type\":\"BreadcrumbList\",\"@id\":\"https:\/\/huadongswacable.com\/fr\/2-core-armoured-cable-production-process\/#breadcrumb\",\"itemListElement\":[{\"@type\":\"ListItem\",\"position\":1,\"name\":\"Home\",\"item\":\"http:\/\/huadongswacable.com\/ru\/\"},{\"@type\":\"ListItem\",\"position\":2,\"name\":\"10mm 16mm 25mm 35mm 50mm 2 Core Armoured Cable Suppliers\"}]}]}<\/script>\n<!-- \/ Yoast SEO plugin. -->","yoast_head_json":{"title":"6mm 10mm 16mm 25mm 35mm 50mm 2 Core Armoured Cable Supplier","description":"Huadong is 2 core armoured cable supplier in China. You can get best 4mm 6mm 8mm 10mm 16mm 25mm 35mm 50mm 70mm 95mm 120mm 150mm price list.","robots":{"index":"index","follow":"follow","max-snippet":"max-snippet:-1","max-image-preview":"max-image-preview:large","max-video-preview":"max-video-preview:-1"},"canonical":"https:\/\/huadongswacable.com\/it\/2-core-armoured-cable-production-process\/","og_locale":"it_IT","og_type":"article","og_title":"6mm 10mm 16mm 25mm 35mm 50mm 2 Core Armoured Cable Supplier","og_description":"Huadong is 2 core armoured cable supplier in China. You can get best 4mm 6mm 8mm 10mm 16mm 25mm 35mm 50mm 70mm 95mm 120mm 150mm price list.","og_url":"https:\/\/huadongswacable.com\/it\/2-core-armoured-cable-production-process\/","og_site_name":"Huadong SWA Cable","article_modified_time":"2022-12-19T06:43:13+00:00","og_image":[{"url":"https:\/\/huadongswacable.com\/wp-content\/uploads\/2018\/04\/cheap-2-core-armoured-cable-price-list.jpg"}],"twitter_card":"summary_large_image","twitter_misc":{"Tempo di lettura stimato":"5 minuti"},"schema":{"@context":"https:\/\/schema.org","@graph":[{"@type":"WebSite","@id":"http:\/\/huadongswacable.com\/ru\/#website","url":"http:\/\/huadongswacable.com\/ru\/","name":"Huadong SWA Cable","description":"Huadong SWA Cable","potentialAction":[{"@type":"SearchAction","target":{"@type":"EntryPoint","urlTemplate":"http:\/\/huadongswacable.com\/ru\/?s={search_term_string}"},"query-input":"required name=search_term_string"}],"inLanguage":"it-IT"},{"@type":"ImageObject","@id":"https:\/\/huadongswacable.com\/fr\/2-core-armoured-cable-production-process\/#primaryimage","inLanguage":"it-IT","url":"https:\/\/huadongswacable.com\/wp-content\/uploads\/2018\/04\/cheap-2-core-armoured-cable-price-list.jpg","contentUrl":"https:\/\/huadongswacable.com\/wp-content\/uploads\/2018\/04\/cheap-2-core-armoured-cable-price-list.jpg","width":916,"height":236,"caption":"2 core armoured cable diagram"},{"@type":"WebPage","@id":"https:\/\/huadongswacable.com\/fr\/2-core-armoured-cable-production-process\/#webpage","url":"https:\/\/huadongswacable.com\/fr\/2-core-armoured-cable-production-process\/","name":"6mm 10mm 16mm 25mm 35mm 50mm 2 Core Armoured Cable Supplier","isPartOf":{"@id":"http:\/\/huadongswacable.com\/ru\/#website"},"primaryImageOfPage":{"@id":"https:\/\/huadongswacable.com\/fr\/2-core-armoured-cable-production-process\/#primaryimage"},"datePublished":"2018-03-08T01:23:23+00:00","dateModified":"2022-12-19T06:43:13+00:00","description":"Huadong is 2 core armoured cable supplier in China. You can get best 4mm 6mm 8mm 10mm 16mm 25mm 35mm 50mm 70mm 95mm 120mm 150mm price list.","breadcrumb":{"@id":"https:\/\/huadongswacable.com\/fr\/2-core-armoured-cable-production-process\/#breadcrumb"},"inLanguage":"it-IT","potentialAction":[{"@type":"ReadAction","target":["https:\/\/huadongswacable.com\/fr\/2-core-armoured-cable-production-process\/"]}]},{"@type":"BreadcrumbList","@id":"https:\/\/huadongswacable.com\/fr\/2-core-armoured-cable-production-process\/#breadcrumb","itemListElement":[{"@type":"ListItem","position":1,"name":"Home","item":"http:\/\/huadongswacable.com\/ru\/"},{"@type":"ListItem","position":2,"name":"10mm 16mm 25mm 35mm 50mm 2 Core Armoured Cable Suppliers"}]}]}},"_links":{"self":[{"href":"https:\/\/huadongswacable.com\/it\/wp-json\/wp\/v2\/pages\/49","targetHints":{"allow":["GET"]}}],"collection":[{"href":"https:\/\/huadongswacable.com\/it\/wp-json\/wp\/v2\/pages"}],"about":[{"href":"https:\/\/huadongswacable.com\/it\/wp-json\/wp\/v2\/types\/page"}],"author":[{"embeddable":true,"href":"https:\/\/huadongswacable.com\/it\/wp-json\/wp\/v2\/users\/1"}],"replies":[{"embeddable":true,"href":"https:\/\/huadongswacable.com\/it\/wp-json\/wp\/v2\/comments?post=49"}],"version-history":[{"count":31,"href":"https:\/\/huadongswacable.com\/it\/wp-json\/wp\/v2\/pages\/49\/revisions"}],"predecessor-version":[{"id":7773,"href":"https:\/\/huadongswacable.com\/it\/wp-json\/wp\/v2\/pages\/49\/revisions\/7773"}],"wp:attachment":[{"href":"https:\/\/huadongswacable.com\/it\/wp-json\/wp\/v2\/media?parent=49"}],"curies":[{"name":"wp","href":"https:\/\/api.w.org\/{rel}","templated":true}]}}