{"id":4814,"date":"2020-08-31T17:51:08","date_gmt":"2020-08-31T09:51:08","guid":{"rendered":"http:\/\/huadongswacable.com\/?page_id=4814"},"modified":"2022-12-21T15:15:23","modified_gmt":"2022-12-21T07:15:23","slug":"240mm-single-core-cable","status":"publish","type":"page","link":"https:\/\/huadongswacable.com\/it\/cavo-unipolare-da-240-mm\/","title":{"rendered":"Prezzo del cavo unipolare 11kv 15kv 33kv 240mm"},"content":{"rendered":"<p><img loading=\"lazy\" decoding=\"async\" width=\"750\" height=\"268\" class=\"wp-image-4821 size-full aligncenter\" src=\"https:\/\/huadongswacable.com\/wp-content\/uploads\/2020\/09\/240mm-single-core-cable-structure.jpg\" alt=\"&quot;&lt;marcatura\" srcset=\"https:\/\/huadongswacable.com\/wp-content\/uploads\/2020\/09\/240mm-single-core-cable-structure.jpg 750w, https:\/\/huadongswacable.com\/wp-content\/uploads\/2020\/09\/240mm-single-core-cable-structure-300x107.jpg 300w\" sizes=\"auto, (max-width: 750px) 100vw, 750px\" \/><\/p>\n<p style=\"text-align: center;\"><span class=\"su-lightbox\" data-mfp-src=\"#Popup\" data-mfp-type=\"inline\" data-mobile=\"yes\"><button class=\"btn btn-danger btn-sm\" ><i class=\"fa fa-hand-o-right\" style=\"color:#ffffff;\"><\/i> Preventivo<\/button><\/span>\n<h2>Quanto costa il cavo unipolare da 240 mm?<\/h2>\n<p>Quando si cerca un cavo schermo 11kv 1c x 240mm, \u00e8 possibile ottenere molti prezzi da diversi fornitori di cavi 1 core 240mm. In generale, se si chiede il prezzo del cavo corazzato marino 1 x 240mm2, il <a href=\"https:\/\/huadongswacable.com\/it\/240mm-xlpe-cavo-prezzo\/\" target=\"_blank\" rel=\"noopener noreferrer\">Cavo xlpe da 240 mm<\/a> Il fornitore pu\u00f2 fornire il prezzo di due parti. Questo contiene il prezzo di 1 cavo di rame da 240 mm e il relativo costo di spedizione. Quindi, quando l'ordine \u00e8 piccolo, \u00e8 possibile acquistare 1 cavo di alimentazione in pvc swa pvc a 240 mmq 600v cu xlpe dal produttore locale. Tuttavia, se avete bisogno di molti <a href=\"https:\/\/huadongswacable.com\/it\/3c-x-240mm-xlpe-swa-pvc-cable\/\" target=\"_blank\" rel=\"noopener noreferrer\">15kv 240mm2 3 core xlpe swa pvc cavo interrato<\/a>\u00e8 possibile contattare i fornitori esteri. Perch\u00e9 il prezzo del cavo unipolare da 240 mm in altri paesi \u00e8 molto pi\u00f9 conveniente.<\/p>\n<div class=\"row prolisttable\">\n<div class=\"row\"><\/div>\n<div class=\"col-lg-6 col-md-12 col-xs-12 col-sm-12\">\n<img loading=\"lazy\" decoding=\"async\" class=\"aligncenter size-full wp-image-4818\" src=\"https:\/\/huadongswacable.com\/wp-content\/uploads\/2020\/08\/cable-power-electrical-1c-x-240-mm-sq-flexible.jpg\" alt=\"cavo elettrico di alimentazione 1c x 240 mm sq flessibile\" width=\"385\" height=\"388\" srcset=\"https:\/\/huadongswacable.com\/wp-content\/uploads\/2020\/08\/cable-power-electrical-1c-x-240-mm-sq-flexible.jpg 385w, https:\/\/huadongswacable.com\/wp-content\/uploads\/2020\/08\/cable-power-electrical-1c-x-240-mm-sq-flexible-298x300.jpg 298w, https:\/\/huadongswacable.com\/wp-content\/uploads\/2020\/08\/cable-power-electrical-1c-x-240-mm-sq-flexible-150x150.jpg 150w\" sizes=\"auto, (max-width: 385px) 100vw, 385px\" \/><\/div>\n<div class=\"col-lg-6 col-md-12 col-xs-12 col-sm-12\">\n<h2>1 Nucleo 240 mm struttura del cavo<\/h2>\n<p><strong>Tensione:<\/strong> 0,6\/1kv\uff0c6,6kv, 11kv, 15kv, 12\/20kv \uff0c25\/35kv\uff0c33kv<br \/>\n<strong>Materiale del conduttore:<\/strong> Rame o alluminio<br \/>\n<strong>Semiconduttore interno:<\/strong> Composto semiconduttore<br \/>\n<strong>Isolamento:<\/strong> XLPE\/PVC<br \/>\n<strong>Semiconduttore esterno:<\/strong> Estruso strippabile<br \/>\n<strong>Guaina interna ed esterna:<\/strong> PVC<br \/>\n<strong>Tipo di armatura:<\/strong> AWA (filo di alluminio armato)<br \/>\n<strong>Temperatura massima di esercizio:<\/strong> 90\u00b0C<br \/>\n<strong>Imballaggio:<\/strong> Tamburo in legno o ferro nel frattempo secondo il vostro requisito.<\/p>\n<p style=\"text-align: center;\"><span class=\"su-lightbox\" data-mfp-src=\"#Popup\" data-mfp-type=\"inline\" data-mobile=\"yes\"><button class=\"btn btn-danger btn-sm\" ><i class=\"fa fa-hand-o-right\" style=\"color:#ffffff;\"><\/i> Preventivo<\/button><\/span>\n<\/div>\n<\/div>\n<p>Prima di effettuare l'ordine, \u00e8 possibile cercare molti fornitori di cavi al 12\/20kv 1 x 240 mm2 xlpe. Inoltre, potete chiedere loro quanto costa un cavo unipolare da 240 mm. Quindi \u00e8 possibile confrontare il prezzo di 1 c 240mm cavo xlpe pvc. Huadong \u00e8 un produttore professionale di cavo di alimentazione in alluminio 1x240mm2 in Cina. Abbiamo una ricca esperienza nella produzione di cavi 1cx240mm2 cu xlpe pvc. Il nostro prezzo del cavo 1 core 240mm \u00e8 molto competitivo. Basta lasciare il vostro messaggio per ottenere 240mm x 1 cavo core quotazione.<\/p>\n<div class=\"row prolisttable\">\n<p>&nbsp;<\/p>\n<div class=\"row\"><\/div>\n<div class=\"col-lg-6 col-md-12 col-xs-12 col-sm-12\">\n<img loading=\"lazy\" decoding=\"async\" class=\"aligncenter wp-image-4823\" src=\"https:\/\/huadongswacable.com\/wp-content\/uploads\/2020\/09\/1x240-25-35kv-xlpe-copper-cable-size_\u526f\u672c.jpg\" alt=\"1x240 25 35kv Cavo in rame xlpe dimensioni\" width=\"283\" height=\"283\" srcset=\"https:\/\/huadongswacable.com\/wp-content\/uploads\/2020\/09\/1x240-25-35kv-xlpe-copper-cable-size_\u526f\u672c.jpg 300w, https:\/\/huadongswacable.com\/wp-content\/uploads\/2020\/09\/1x240-25-35kv-xlpe-copper-cable-size_\u526f\u672c-150x150.jpg 150w\" sizes=\"auto, (max-width: 283px) 100vw, 283px\" \/><\/div>\n<div class=\"col-lg-6 col-md-12 col-xs-12 col-sm-12\">\n<h2>Cavo schermo 1c x 240 mm<\/h2>\n<p><strong>tensione:<\/strong> 0,6\/1kv, 1\/35kv<br \/>\n<strong>Conduttore:<\/strong> Rame\/Alluminio<br \/>\n<strong>Schermatura del conduttore:<\/strong> Mescola semiconduttiva estrusa.<br \/>\n<strong>Isolamento:<\/strong> XLPE\/PVC<br \/>\n<strong>Schermatura dell'isolamento:<\/strong> Mescola semiconduttiva estrusa.<br \/>\n<strong>Guaina:<\/strong> PVC<br \/>\n<strong>Imballaggio:<\/strong> Tamburo in legno o ferro nel frattempo secondo il vostro requisito.<\/p>\n<p style=\"text-align: center;\"><span class=\"su-lightbox\" data-mfp-src=\"#Popup\" data-mfp-type=\"inline\" data-mobile=\"yes\"><button class=\"btn btn-danger btn-sm\" ><i class=\"fa fa-hand-o-right\" style=\"color:#ffffff;\"><\/i> Preventivo<\/button><\/span>\n<\/div>\n<\/div>\n<h2>Scegliere un cavo di rame unipolare di qualit\u00e0 da 240 mm<\/h2>\n<p>Come tutti sappiamo, il cavo di rame 1\u00d7240 25\/35kv xlpe \u00e8 utilizzato per trasmettere energia. Se 240 mm <a href=\"https:\/\/huadongswacable.com\/it\/cavo-blindato-unipolare\/\" target=\"_blank\" rel=\"noopener noreferrer\">cavo unipolare<\/a> qualit\u00e0 non \u00e8 buona, ci saranno grandi rischi per la sicurezza. Ad esempio, se l'isolamento del cavo 11kv 1c x 240mm non \u00e8 qualificato, \u00e8 facile che si rompa. Il che pu\u00f2 causare la rottura del cavo al 12 20kv 1 x 240 mm\u00b2 xlpe e minacciare la sicurezza degli utenti. \u00c8 quindi necessario acquistare cavi elettrici 1c x 240 mm sq flessibili da fornitori affidabili. Inoltre, in queste fabbriche di produttori di cavi unipolari da 240 mmq, \u00e8 possibile anche <a href=\"https:\/\/huadongswacable.com\/it\/240-sq-mm-4-core-armoured-cable-price\/\" target=\"_blank\" rel=\"noopener noreferrer\">acquistare un cavo 4C x 240mm2<\/a>.<\/p>\n<p><img loading=\"lazy\" decoding=\"async\" class=\"aligncenter size-full wp-image-4832\" src=\"https:\/\/huadongswacable.com\/wp-content\/uploads\/2020\/09\/cable-power-electrical-1c-x-240-mm-sq-flexible-manufacturer.jpg\" alt=\"cavo elettrico di potenza 1c x 240 mm sq produttore flessibile\" width=\"780\" height=\"309\" srcset=\"https:\/\/huadongswacable.com\/wp-content\/uploads\/2020\/09\/cable-power-electrical-1c-x-240-mm-sq-flexible-manufacturer.jpg 780w, https:\/\/huadongswacable.com\/wp-content\/uploads\/2020\/09\/cable-power-electrical-1c-x-240-mm-sq-flexible-manufacturer-300x119.jpg 300w, https:\/\/huadongswacable.com\/wp-content\/uploads\/2020\/09\/cable-power-electrical-1c-x-240-mm-sq-flexible-manufacturer-768x304.jpg 768w\" sizes=\"auto, (max-width: 780px) 100vw, 780px\" \/><\/p>\n<p>Per fornire un eccellente cavo di rame xlpe 1\u00d7240 25 35kv, lo produciamo in stretta conformit\u00e0 con gli standard internazionali. Utilizziamo sempre alluminio e rame di qualit\u00e0 superiore per la produzione di cavi di alimentazione con isolamento in pvc 6\/10kv 1cx240mm2. Tutti i cavi corazzati marini 1 x 240mm2 sono rigorosamente testati. Pertanto, \u00e8 possibile acquistare con certezza il cavo interrato unipolare 15kv 240mm2 dalla nostra azienda. Inoltre, se il vostro ordine \u00e8 grande, possiamo darvi lo sconto 240mm singolo prezzo del cavo core.<\/p>\n<div class=\"row prolisttable\">\n<div class=\"row\"><\/div>\n<div class=\"col-lg-6 col-md-12 col-xs-12 col-sm-12\">\n<img loading=\"lazy\" decoding=\"async\" class=\"aligncenter size-full wp-image-4825\" src=\"https:\/\/huadongswacable.com\/wp-content\/uploads\/2020\/09\/3cx240mm2-11kv-cu-xlpe-swa-pvc-cable-for-sale.jpg\" alt=\"3cx240mm2 11kv cu xlpe swa cavo pvc in vendita\" width=\"300\" height=\"300\" srcset=\"https:\/\/huadongswacable.com\/wp-content\/uploads\/2020\/09\/3cx240mm2-11kv-cu-xlpe-swa-pvc-cable-for-sale.jpg 300w, https:\/\/huadongswacable.com\/wp-content\/uploads\/2020\/09\/3cx240mm2-11kv-cu-xlpe-swa-pvc-cable-for-sale-150x150.jpg 150w\" sizes=\"auto, (max-width: 300px) 100vw, 300px\" \/><\/p>\n<p style=\"text-align: center;\"><span class=\"su-lightbox\" data-mfp-src=\"#Popup\" data-mfp-type=\"inline\" data-mobile=\"yes\"><button class=\"btn btn-danger btn-sm\" ><i class=\"fa fa-hand-o-right\" style=\"color:#ffffff;\"><\/i> Preventivo<\/button><\/span>\n<\/div>\n<div class=\"col-lg-6 col-md-12 col-xs-12 col-sm-12\">\n<img loading=\"lazy\" decoding=\"async\" class=\"aligncenter size-full wp-image-4826\" src=\"https:\/\/huadongswacable.com\/wp-content\/uploads\/2020\/09\/buy-4C\u00d7240mm-0.6-1kv-cable-.jpg\" alt=\"acquistare 4C\u00d7240mm 0,6 cavo 1kv\" width=\"300\" height=\"300\" srcset=\"https:\/\/huadongswacable.com\/wp-content\/uploads\/2020\/09\/buy-4C\u00d7240mm-0.6-1kv-cable-.jpg 300w, https:\/\/huadongswacable.com\/wp-content\/uploads\/2020\/09\/buy-4C\u00d7240mm-0.6-1kv-cable--150x150.jpg 150w\" sizes=\"auto, (max-width: 300px) 100vw, 300px\" \/><\/p>\n<p style=\"text-align: center;\"><span class=\"su-lightbox\" data-mfp-src=\"#Popup\" data-mfp-type=\"inline\" data-mobile=\"yes\"><button class=\"btn btn-danger btn-sm\" ><i class=\"fa fa-hand-o-right\" style=\"color:#ffffff;\"><\/i> Preventivo<\/button><\/span>\n<\/div>\n<\/div>\n<div class=\"su-lightbox-content su-u-trim\" id=\"Popup\" style=\"display:none;width:auto;min-width:50%;max-width:70%;margin-top:40px;margin-bottom:40px;padding:40px;background:#e8e5e5;color:#060473;box-shadow:0px 0px 15px #333333;text-align:left\"><div role=\"form\" class=\"wpcf7\" id=\"wpcf7-f5571-o1\" lang=\"en-US\" dir=\"ltr\">\n<div class=\"screen-reader-response\"><p role=\"status\" aria-live=\"polite\" aria-atomic=\"true\"><\/p> <ul><\/ul><\/div>\n<form action=\"\/it\/wp-json\/wp\/v2\/pages\/4814#wpcf7-f5571-o1\" method=\"post\" class=\"wpcf7-form init\" novalidate=\"novalidate\" data-status=\"init\" data-trp-original-action=\"\/it\/wp-json\/wp\/v2\/pages\/4814#wpcf7-f5571-o1\">\n<div style=\"display: none;\">\n<input type=\"hidden\" name=\"_wpcf7\" value=\"5571\" \/>\n<input type=\"hidden\" name=\"_wpcf7_version\" value=\"5.5.6\" \/>\n<input type=\"hidden\" name=\"_wpcf7_locale\" value=\"en_US\" \/>\n<input type=\"hidden\" name=\"_wpcf7_unit_tag\" value=\"wpcf7-f5571-o1\" \/>\n<input type=\"hidden\" name=\"_wpcf7_container_post\" value=\"0\" \/>\n<input type=\"hidden\" name=\"_wpcf7_posted_data_hash\" value=\"\" \/>\n<\/div>\n<div class=\"popmakerform\">\n<p>Il tuo nome <span style=\"color:red;\">*<span><br \/>\n<span class=\"wpcf7-form-control-wrap your-name\"><input type=\"text\" name=\"your-name\" value=\"\" size=\"40\" class=\"wpcf7-form-control wpcf7-text wpcf7-validates-as-required\" aria-required=\"true\" aria-invalid=\"false\" \/><\/span><\/p>\n<p>Il tuo indirizzo e-mail <span style=\"color:red;\">*<span><br \/>\n<span class=\"wpcf7-form-control-wrap your-email\"><input type=\"email\" name=\"your-email\" value=\"\" size=\"40\" class=\"wpcf7-form-control wpcf7-text wpcf7-email wpcf7-validates-as-required wpcf7-validates-as-email\" aria-required=\"true\" aria-invalid=\"false\" \/><\/span><\/p>\n<p>Il vostro numero di telefono<br \/>\n<span class=\"wpcf7-form-control-wrap your-phone\"><input type=\"text\" name=\"your-phone\" value=\"\" size=\"40\" class=\"wpcf7-form-control wpcf7-text\" aria-invalid=\"false\" \/><\/span><\/p>\n<p>Il vostro Paese<br \/>\n<span class=\"wpcf7-form-control-wrap your-country\"><input type=\"text\" name=\"your-country\" value=\"\" size=\"40\" class=\"wpcf7-form-control wpcf7-text\" aria-invalid=\"false\" \/><\/span><\/p>\n<p>Requisiti dettagliati <span style=\"color:red;\">*<span><br \/>\n<span class=\"wpcf7-form-control-wrap your-requirement\"><textarea name=\"your-requirement\" cols=\"40\" rows=\"4\" class=\"wpcf7-form-control wpcf7-textarea wpcf7-validates-as-required\" aria-required=\"true\" aria-invalid=\"false\"><\/textarea><\/span><\/p>\n<p><input type=\"submit\" value=\"Preventivo\" class=\"wpcf7-form-control has-spinner wpcf7-submit\" \/><\/p>\n<\/div>\n<p style=\"display: none !important;\"><label>&#916;<textarea name=\"_wpcf7_ak_hp_textarea\" cols=\"45\" rows=\"8\" maxlength=\"100\"><\/textarea><\/label><input type=\"hidden\" id=\"ak_js_1\" name=\"_wpcf7_ak_js\" value=\"120\"\/><script>document.getElementById( \"ak_js_1\" ).setAttribute( \"value\", ( new Date() ).getTime() );<\/script><\/p><input type='hidden' class='wpcf7-pum' value='{\"closepopup\":false,\"closedelay\":0,\"openpopup\":false,\"openpopup_id\":0}' \/><div class=\"wpcf7-response-output\" aria-hidden=\"true\"><\/div><input type=\"hidden\" name=\"trp-form-language\" value=\"it\"\/><\/form><\/div><\/div>\n<h3>Non esitate a lasciare le vostre richieste.<\/h3>\n<div role=\"form\" class=\"wpcf7\" id=\"wpcf7-f6-o2\" lang=\"en-US\" dir=\"ltr\">\n<div class=\"screen-reader-response\"><p role=\"status\" aria-live=\"polite\" aria-atomic=\"true\"><\/p> <ul><\/ul><\/div>\n<form action=\"\/it\/wp-json\/wp\/v2\/pages\/4814#wpcf7-f6-o2\" method=\"post\" class=\"wpcf7-form init\" novalidate=\"novalidate\" data-status=\"init\" data-trp-original-action=\"\/it\/wp-json\/wp\/v2\/pages\/4814#wpcf7-f6-o2\">\n<div style=\"display: none;\">\n<input type=\"hidden\" name=\"_wpcf7\" value=\"6\" \/>\n<input type=\"hidden\" name=\"_wpcf7_version\" value=\"5.5.6\" \/>\n<input type=\"hidden\" name=\"_wpcf7_locale\" value=\"en_US\" \/>\n<input type=\"hidden\" name=\"_wpcf7_unit_tag\" value=\"wpcf7-f6-o2\" \/>\n<input type=\"hidden\" name=\"_wpcf7_container_post\" value=\"0\" \/>\n<input type=\"hidden\" name=\"_wpcf7_posted_data_hash\" value=\"\" \/>\n<\/div>\n<div class=\"messageform\">\n<p><strong><span style=\"color:red;\"><\/span> Il tuo nome<\/strong><br \/>\n    <span class=\"wpcf7-form-control-wrap your-name\"><input type=\"text\" name=\"your-name\" value=\"\" size=\"40\" class=\"wpcf7-form-control wpcf7-text\" aria-invalid=\"false\" \/><\/span> <\/p>\n<p><strong><span style=\"color:red;\">*<\/span> Il tuo indirizzo e-mail<\/strong><br \/>\n    <span class=\"wpcf7-form-control-wrap your-email\"><input type=\"email\" name=\"your-email\" value=\"\" size=\"40\" class=\"wpcf7-form-control wpcf7-text wpcf7-email wpcf7-validates-as-required wpcf7-validates-as-email\" aria-required=\"true\" aria-invalid=\"false\" \/><\/span> <\/p>\n<p><strong>Il vostro numero di telefono<\/strong><br \/>\n    <span class=\"wpcf7-form-control-wrap your-phone\"><input type=\"text\" name=\"your-phone\" value=\"\" size=\"40\" class=\"wpcf7-form-control wpcf7-text\" aria-invalid=\"false\" placeholder=\"Includere il prefisso della zona\" \/><\/span> <\/p>\n<p><strong>Il vostro Paese<\/strong><br \/>\n    <span class=\"wpcf7-form-control-wrap your-country\"><input type=\"text\" name=\"your-country\" value=\"\" size=\"40\" class=\"wpcf7-form-control wpcf7-text\" aria-invalid=\"false\" \/><\/span> <\/p>\n<p><strong><span style=\"color:red;\">*<\/span> Il vostro requisito<\/strong><br \/>\n    <span class=\"wpcf7-form-control-wrap your-requirement\"><textarea name=\"your-requirement\" cols=\"40\" rows=\"10\" class=\"wpcf7-form-control wpcf7-textarea wpcf7-validates-as-required bestonmessage\" aria-required=\"true\" aria-invalid=\"false\" placeholder=\"Per un&#039;offerta dettagliata, vi preghiamo di inviarci il vostro requisito dettagliato.\"><\/textarea><\/span> <\/p>\n<p><input type=\"submit\" value=\"Invia il messaggio\" class=\"wpcf7-form-control has-spinner wpcf7-submit\" \/><\/p>\n<\/div>\n<p style=\"display: none !important;\"><label>&#916;<textarea name=\"_wpcf7_ak_hp_textarea\" cols=\"45\" rows=\"8\" maxlength=\"100\"><\/textarea><\/label><input type=\"hidden\" id=\"ak_js_2\" name=\"_wpcf7_ak_js\" value=\"42\"\/><script>document.getElementById( \"ak_js_2\" ).setAttribute( \"value\", ( new Date() ).getTime() );<\/script><\/p><input type='hidden' class='wpcf7-pum' value='{\"closepopup\":false,\"closedelay\":0,\"openpopup\":false,\"openpopup_id\":0}' \/><div class=\"wpcf7-response-output\" aria-hidden=\"true\"><\/div><input type=\"hidden\" name=\"trp-form-language\" value=\"it\"\/><\/form><\/div>","protected":false},"excerpt":{"rendered":"<p>Quanto costa il cavo unipolare da 240 mm? Quando si cerca un cavo schermato 11kv 1c x 240mm, \u00e8 possibile ottenere molti prezzi da diversi fornitori di cavi unipolari da 240mm. In generale, se si chiede il prezzo di un cavo corazzato marino da 1 x 240 mm2, il fornitore di cavi xlpe da 240 mm pu\u00f2 fornire due prezzi. ... <a class=\"read-more\" href=\"https:\/\/huadongswacable.com\/it\/cavo-unipolare-da-240-mm\/\">Per saperne di pi\u00f9...<\/a><\/p>","protected":false},"author":1,"featured_media":0,"parent":0,"menu_order":0,"comment_status":"closed","ping_status":"closed","template":"","meta":{"footnotes":""},"class_list":["post-4814","page","type-page","status-publish"],"yoast_head":"<!-- This site is optimized with the Yoast SEO plugin v18.4.1 - https:\/\/yoast.com\/wordpress\/plugins\/seo\/ -->\n<title>How Much is 240mm Single Core Cable | 1cx240mm2 XLPE\/PVC Cable<\/title>\n<meta name=\"description\" content=\"You can contact us to get best 240mm single core cable price. We are manufacturers of 11kv 15kv 12\/20 25\/35 1Cx240mm2 aluminium power cable.\" \/>\n<meta name=\"robots\" content=\"index, follow, max-snippet:-1, max-image-preview:large, max-video-preview:-1\" \/>\n<link rel=\"canonical\" href=\"https:\/\/huadongswacable.com\/it\/cavo-unipolare-da-240-mm\/\" \/>\n<meta property=\"og:locale\" content=\"it_IT\" \/>\n<meta property=\"og:type\" content=\"article\" \/>\n<meta property=\"og:title\" content=\"How Much is 240mm Single Core Cable | 1cx240mm2 XLPE\/PVC Cable\" \/>\n<meta property=\"og:description\" content=\"You can contact us to get best 240mm single core cable price. We are manufacturers of 11kv 15kv 12\/20 25\/35 1Cx240mm2 aluminium power cable.\" \/>\n<meta property=\"og:url\" content=\"https:\/\/huadongswacable.com\/it\/cavo-unipolare-da-240-mm\/\" \/>\n<meta property=\"og:site_name\" content=\"Huadong SWA Cable\" \/>\n<meta property=\"article:modified_time\" content=\"2022-12-21T07:15:23+00:00\" \/>\n<meta property=\"og:image\" content=\"https:\/\/huadongswacable.com\/wp-content\/uploads\/2020\/09\/240mm-single-core-cable-structure.jpg\" \/>\n<meta name=\"twitter:card\" content=\"summary_large_image\" \/>\n<meta name=\"twitter:label1\" content=\"Tempo di lettura stimato\" \/>\n\t<meta name=\"twitter:data1\" content=\"3 minuti\" \/>\n<script type=\"application\/ld+json\" class=\"yoast-schema-graph\">{\"@context\":\"https:\/\/schema.org\",\"@graph\":[{\"@type\":\"WebSite\",\"@id\":\"http:\/\/huadongswacable.com\/ru\/#website\",\"url\":\"http:\/\/huadongswacable.com\/ru\/\",\"name\":\"Huadong SWA Cable\",\"description\":\"Huadong SWA Cable\",\"potentialAction\":[{\"@type\":\"SearchAction\",\"target\":{\"@type\":\"EntryPoint\",\"urlTemplate\":\"http:\/\/huadongswacable.com\/ru\/?s={search_term_string}\"},\"query-input\":\"required name=search_term_string\"}],\"inLanguage\":\"it-IT\"},{\"@type\":\"ImageObject\",\"@id\":\"https:\/\/huadongswacable.com\/240mm-single-core-cable\/#primaryimage\",\"inLanguage\":\"it-IT\",\"url\":\"https:\/\/huadongswacable.com\/wp-content\/uploads\/2020\/09\/240mm-single-core-cable-structure.jpg\",\"contentUrl\":\"https:\/\/huadongswacable.com\/wp-content\/uploads\/2020\/09\/240mm-single-core-cable-structure.jpg\",\"width\":750,\"height\":268,\"caption\":\"240mm single core cable structure\"},{\"@type\":\"WebPage\",\"@id\":\"https:\/\/huadongswacable.com\/240mm-single-core-cable\/#webpage\",\"url\":\"https:\/\/huadongswacable.com\/240mm-single-core-cable\/\",\"name\":\"How Much is 240mm Single Core Cable | 1cx240mm2 XLPE\/PVC Cable\",\"isPartOf\":{\"@id\":\"http:\/\/huadongswacable.com\/ru\/#website\"},\"primaryImageOfPage\":{\"@id\":\"https:\/\/huadongswacable.com\/240mm-single-core-cable\/#primaryimage\"},\"datePublished\":\"2020-08-31T09:51:08+00:00\",\"dateModified\":\"2022-12-21T07:15:23+00:00\",\"description\":\"You can contact us to get best 240mm single core cable price. We are manufacturers of 11kv 15kv 12\/20 25\/35 1Cx240mm2 aluminium power cable.\",\"breadcrumb\":{\"@id\":\"https:\/\/huadongswacable.com\/240mm-single-core-cable\/#breadcrumb\"},\"inLanguage\":\"it-IT\",\"potentialAction\":[{\"@type\":\"ReadAction\",\"target\":[\"https:\/\/huadongswacable.com\/240mm-single-core-cable\/\"]}]},{\"@type\":\"BreadcrumbList\",\"@id\":\"https:\/\/huadongswacable.com\/240mm-single-core-cable\/#breadcrumb\",\"itemListElement\":[{\"@type\":\"ListItem\",\"position\":1,\"name\":\"Home\",\"item\":\"http:\/\/huadongswacable.com\/ru\/\"},{\"@type\":\"ListItem\",\"position\":2,\"name\":\"Price of 11kv 15kv 33kv 240mm single core cable\"}]}]}<\/script>\n<!-- \/ Yoast SEO plugin. -->","yoast_head_json":{"title":"How Much is 240mm Single Core Cable | 1cx240mm2 XLPE\/PVC Cable","description":"You can contact us to get best 240mm single core cable price. We are manufacturers of 11kv 15kv 12\/20 25\/35 1Cx240mm2 aluminium power cable.","robots":{"index":"index","follow":"follow","max-snippet":"max-snippet:-1","max-image-preview":"max-image-preview:large","max-video-preview":"max-video-preview:-1"},"canonical":"https:\/\/huadongswacable.com\/it\/cavo-unipolare-da-240-mm\/","og_locale":"it_IT","og_type":"article","og_title":"How Much is 240mm Single Core Cable | 1cx240mm2 XLPE\/PVC Cable","og_description":"You can contact us to get best 240mm single core cable price. We are manufacturers of 11kv 15kv 12\/20 25\/35 1Cx240mm2 aluminium power cable.","og_url":"https:\/\/huadongswacable.com\/it\/cavo-unipolare-da-240-mm\/","og_site_name":"Huadong SWA Cable","article_modified_time":"2022-12-21T07:15:23+00:00","og_image":[{"url":"https:\/\/huadongswacable.com\/wp-content\/uploads\/2020\/09\/240mm-single-core-cable-structure.jpg"}],"twitter_card":"summary_large_image","twitter_misc":{"Tempo di lettura stimato":"3 minuti"},"schema":{"@context":"https:\/\/schema.org","@graph":[{"@type":"WebSite","@id":"http:\/\/huadongswacable.com\/ru\/#website","url":"http:\/\/huadongswacable.com\/ru\/","name":"Huadong SWA Cable","description":"Huadong SWA Cable","potentialAction":[{"@type":"SearchAction","target":{"@type":"EntryPoint","urlTemplate":"http:\/\/huadongswacable.com\/ru\/?s={search_term_string}"},"query-input":"required name=search_term_string"}],"inLanguage":"it-IT"},{"@type":"ImageObject","@id":"https:\/\/huadongswacable.com\/240mm-single-core-cable\/#primaryimage","inLanguage":"it-IT","url":"https:\/\/huadongswacable.com\/wp-content\/uploads\/2020\/09\/240mm-single-core-cable-structure.jpg","contentUrl":"https:\/\/huadongswacable.com\/wp-content\/uploads\/2020\/09\/240mm-single-core-cable-structure.jpg","width":750,"height":268,"caption":"240mm single core cable structure"},{"@type":"WebPage","@id":"https:\/\/huadongswacable.com\/240mm-single-core-cable\/#webpage","url":"https:\/\/huadongswacable.com\/240mm-single-core-cable\/","name":"How Much is 240mm Single Core Cable | 1cx240mm2 XLPE\/PVC Cable","isPartOf":{"@id":"http:\/\/huadongswacable.com\/ru\/#website"},"primaryImageOfPage":{"@id":"https:\/\/huadongswacable.com\/240mm-single-core-cable\/#primaryimage"},"datePublished":"2020-08-31T09:51:08+00:00","dateModified":"2022-12-21T07:15:23+00:00","description":"You can contact us to get best 240mm single core cable price. We are manufacturers of 11kv 15kv 12\/20 25\/35 1Cx240mm2 aluminium power cable.","breadcrumb":{"@id":"https:\/\/huadongswacable.com\/240mm-single-core-cable\/#breadcrumb"},"inLanguage":"it-IT","potentialAction":[{"@type":"ReadAction","target":["https:\/\/huadongswacable.com\/240mm-single-core-cable\/"]}]},{"@type":"BreadcrumbList","@id":"https:\/\/huadongswacable.com\/240mm-single-core-cable\/#breadcrumb","itemListElement":[{"@type":"ListItem","position":1,"name":"Home","item":"http:\/\/huadongswacable.com\/ru\/"},{"@type":"ListItem","position":2,"name":"Price of 11kv 15kv 33kv 240mm single core cable"}]}]}},"_links":{"self":[{"href":"https:\/\/huadongswacable.com\/it\/wp-json\/wp\/v2\/pages\/4814","targetHints":{"allow":["GET"]}}],"collection":[{"href":"https:\/\/huadongswacable.com\/it\/wp-json\/wp\/v2\/pages"}],"about":[{"href":"https:\/\/huadongswacable.com\/it\/wp-json\/wp\/v2\/types\/page"}],"author":[{"embeddable":true,"href":"https:\/\/huadongswacable.com\/it\/wp-json\/wp\/v2\/users\/1"}],"replies":[{"embeddable":true,"href":"https:\/\/huadongswacable.com\/it\/wp-json\/wp\/v2\/comments?post=4814"}],"version-history":[{"count":24,"href":"https:\/\/huadongswacable.com\/it\/wp-json\/wp\/v2\/pages\/4814\/revisions"}],"predecessor-version":[{"id":7812,"href":"https:\/\/huadongswacable.com\/it\/wp-json\/wp\/v2\/pages\/4814\/revisions\/7812"}],"wp:attachment":[{"href":"https:\/\/huadongswacable.com\/it\/wp-json\/wp\/v2\/media?parent=4814"}],"curies":[{"name":"wp","href":"https:\/\/api.w.org\/{rel}","templated":true}]}}