{"id":887,"date":"2018-04-23T13:46:34","date_gmt":"2018-04-23T05:46:34","guid":{"rendered":"http:\/\/huadongswacable.com\/?page_id=887"},"modified":"2022-12-19T14:24:11","modified_gmt":"2022-12-19T06:24:11","slug":"high-quality-low-price-teck-90-cable","status":"publish","type":"page","link":"https:\/\/huadongswacable.com\/fr\/cable-teck-90-de-haute-qualite-a-bas-prix\/","title":{"rendered":"4\/0 6\/3 8\/3 10\/2 10\/3 12\/2 12\/3 Prix du c\u00e2ble Teck 90"},"content":{"rendered":"<h2>600V 1KV 5KV 1C 2C 3C 4C teck 90 fabricant de c\u00e2bles<\/h2>\n<p>Le c\u00e2ble Teck 90 est un type de c\u00e2ble avec <a href=\"https:\/\/huadongswacable.com\/fr\/prix-bas-mc-cable-fil\/\" target=\"_blank\" rel=\"noopener noreferrer\">armure embo\u00eet\u00e9e en alliage d'aluminium<\/a>. Le c\u00e2ble Tech 90 pr\u00e9sente de nombreux avantages en termes de performances. De plus, si vous avez besoin d'acheter du c\u00e2ble teck 14awg, Huadong Cable Group sera votre choix id\u00e9al. Plus important encore, Huadong vous accordera une remise sur le prix du c\u00e2ble teck 90 si vous achetez un grand nombre de c\u00e2bles teck aupr\u00e8s de notre soci\u00e9t\u00e9. Il vous suffit de nous laisser les dimensions du c\u00e2ble teck et nous vous r\u00e9pondrons dans les plus brefs d\u00e9lais. Vous pouvez nous indiquer le type de c\u00e2ble teck 90 que vous souhaitez pour obtenir le prix du c\u00e2ble teck par pied. En ce qui concerne le type de c\u00e2ble teck, le c\u00e2ble teck 90 600v est tr\u00e8s populaire. Vous pouvez \u00e9galement nous envoyer votre liste de c\u00e2bles et la quantit\u00e9 command\u00e9e. Notre \u00e9quipe de vente vous enverra le prix du c\u00e2ble 4\/0 3 core teck 90 et les documents d'offre dans les 12 heures.<\/p>\n<div class=\"row prolisttable\">\n<div class=\"col-lg-12 col-md-12 col-xs-12 col-sm-12\">\n<table>\n<tbody>\n<tr>\n<td><img loading=\"lazy\" decoding=\"async\" class=\"aligncenter wp-image-6325\" src=\"https:\/\/huadongswacable.com\/wp-content\/uploads\/2021\/09\/600v-1kv-5kv-3-core-xlpe-pvc-aia-pvc-teck-90-cable-price-list.jpg\" alt=\"600v 1kv 5kv 3 core xlpe pvc aia pvc csa teck 90 cable price list\" width=\"197\" height=\"332\" srcset=\"https:\/\/huadongswacable.com\/wp-content\/uploads\/2021\/09\/600v-1kv-5kv-3-core-xlpe-pvc-aia-pvc-teck-90-cable-price-list.jpg 242w, https:\/\/huadongswacable.com\/wp-content\/uploads\/2021\/09\/600v-1kv-5kv-3-core-xlpe-pvc-aia-pvc-teck-90-cable-price-list-178x300.jpg 178w\" sizes=\"auto, (max-width: 197px) 100vw, 197px\" \/><\/td>\n<td><strong>\u00a0 \u00a0Tension :<\/strong> 600V, 1KV, 5KV, 15KV<\/p>\n<p><strong>\u00a0 \u00a0Conducteurs :<\/strong> Cuivre ou aluminium<\/p>\n<p><strong>\u00a0 \u00a0Armure :<\/strong> Armure interverrouill\u00e9e en alliage d'aluminium (AIA)<\/p>\n<p><strong>\u00a0 \u00a0Isolation :<\/strong> Poly\u00e9thyl\u00e8ne r\u00e9ticul\u00e9 (XLPE)<\/p>\n<p><strong>\u00a0 \u00a0Veste :<\/strong> Chlorure de polyvinyle (PVC)<\/p>\n<p><strong>\u00a0 \u00a0Temp\u00e9rature nominale :<\/strong> -40\u00b0C \u00e0 90\u00b0C<\/td>\n<\/tr>\n<\/tbody>\n<\/table>\n<\/div>\n<\/div>\n<p style=\"text-align: center;\"><span class=\"su-lightbox\" data-mfp-src=\"#Popup\" data-mfp-type=\"inline\" data-mobile=\"yes\"><button class=\"btn btn-danger btn-sm\" ><i class=\"fa fa-hand-o-right\" style=\"color:#ffffff;\"><\/i> Obtenir un devis<\/button><\/span>\n<p>En effet, le c\u00e2ble arm\u00e9 teck 90 pr\u00e9sente une grande durabilit\u00e9, une bonne r\u00e9sistance \u00e0 la corrosion, une grande souplesse et une grande facilit\u00e9 d'utilisation et d'installation. En fait, dans de nombreuses industries de ressources exigeantes, la pose de c\u00e2bles n\u00e9cessite des conduits ou des tuyaux d'enfouissement pour r\u00e9pondre aux exigences industrielles. Mais si vous utilisez un c\u00e2ble 12\/3 teck 90 avec armure interverrouill\u00e9e en alliage d'aluminium, vous \u00e9conomiserez beaucoup de co\u00fbts de conduit ou de tuyauterie d'enfouissement. De plus, le prix du c\u00e2ble teck Huadong est \u00e9galement bon march\u00e9. En outre, le c\u00e2ble d'alimentation \u00e9lectrique teck 90 pr\u00e9sente \u00e9galement un avantage en termes de l\u00e9g\u00e8ret\u00e9. C'est un avantage non n\u00e9gligeable pour le transport et l'installation des c\u00e2bles. Non seulement le c\u00e2ble teck pr\u00e9sente de nombreux avantages en termes de performances, mais le c\u00e2ble d'alimentation 12\/2 teck 90 permet surtout d'\u00e9conomiser de l'argent. Quelle raison avez-vous de ne pas choisir le c\u00e2ble blind\u00e9 teck 90 ? Il suffit de nous contacter pour obtenir les prix du c\u00e2ble teck.<\/p>\n<p><img loading=\"lazy\" decoding=\"async\" class=\"aligncenter size-full wp-image-5744\" src=\"https:\/\/huadongswacable.com\/wp-content\/uploads\/2021\/04\/12-2-teck-90-cable-price.jpg\" alt=\"Prix du c\u00e2ble 12\/2 teck 90\" width=\"445\" height=\"269\" srcset=\"https:\/\/huadongswacable.com\/wp-content\/uploads\/2021\/04\/12-2-teck-90-cable-price.jpg 445w, https:\/\/huadongswacable.com\/wp-content\/uploads\/2021\/04\/12-2-teck-90-cable-price-300x181.jpg 300w\" sizes=\"auto, (max-width: 445px) 100vw, 445px\" \/><\/p>\n<p style=\"text-align: center;\"><span class=\"su-lightbox\" data-mfp-src=\"#Popup\" data-mfp-type=\"inline\" data-mobile=\"yes\"><button class=\"btn btn-danger btn-sm\" ><i class=\"fa fa-hand-o-right\" style=\"color:#ffffff;\"><\/i> Obtenir un devis<\/button><\/span>\n<h2>Pourquoi achetez-vous le c\u00e2ble teck 90 de Huadong Cable Group ?<\/h2>\n<p>Dans cette section, je vais vous pr\u00e9senter en d\u00e9tail les avantages de notre soci\u00e9t\u00e9 en mati\u00e8re de c\u00e2ble teck # 14awg. Tout d'abord, en tant que fabricant professionnel de c\u00e2bles teck 90, Huadong Cable Group poss\u00e8de deux usines de c\u00e2bles tech 90 en Chine. Peu importe le nombre de c\u00e2bles blind\u00e9s teck 90 dont vous avez besoin, nous terminerons la production et vous livrerons le c\u00e2ble blind\u00e9 6\/3 teck 90 \u00e0 temps. En m\u00eame temps, vous pouvez obtenir le prix du c\u00e2ble blind\u00e9 8\/3 teck 90. Il s'agit probablement d'une chose qui vous tient \u00e0 c\u0153ur. Tant que nous discutons de la date de livraison, vous serez en mesure de recevoir le c\u00e2ble teck 90 comme pr\u00e9vu. De plus, nos prix de c\u00e2ble teck blind\u00e9 sont \u00e9galement raisonnables. <img loading=\"lazy\" decoding=\"async\" class=\"aligncenter size-full wp-image-6329\" src=\"https:\/\/huadongswacable.com\/wp-content\/uploads\/2021\/09\/600v-12-3-conductor-copper-teck-90-cable-price-list-Canada.jpg\" alt=\"600v 12-3 conductor copper teck 90 cable price list Canada\" width=\"800\" height=\"150\" srcset=\"https:\/\/huadongswacable.com\/wp-content\/uploads\/2021\/09\/600v-12-3-conductor-copper-teck-90-cable-price-list-Canada.jpg 800w, https:\/\/huadongswacable.com\/wp-content\/uploads\/2021\/09\/600v-12-3-conductor-copper-teck-90-cable-price-list-Canada-300x56.jpg 300w, https:\/\/huadongswacable.com\/wp-content\/uploads\/2021\/09\/600v-12-3-conductor-copper-teck-90-cable-price-list-Canada-768x144.jpg 768w\" sizes=\"auto, (max-width: 800px) 100vw, 800px\" \/><\/p>\n<p>Deuxi\u00e8mement, la qualit\u00e9 du c\u00e2ble Huadong tech 90 est garantie. Comme nous le savons tous, la production de c\u00e2ble teck n\u00e9cessite de nombreuses \u00e9tapes. La production du c\u00e2ble blind\u00e9 3 core teck 90 adopte des m\u00e9thodes de production combin\u00e9es de superposition continue de grande longueur. Par cons\u00e9quent, chaque processus de production est extr\u00eamement important. Une erreur s'est produite dans un lien et l'\u00e9tape suivante ne peut pas \u00eatre r\u00e9alis\u00e9e. Huadong Cable Group est parfaitement conscient de la gravit\u00e9 des erreurs dans la production de c\u00e2bles. C'est pourquoi les techniciens de Huadong # 12 awg teck 90 cable factory effectuent un contr\u00f4le et une inspection stricts pendant la production des c\u00e2bles.<\/p>\n<p><img loading=\"lazy\" decoding=\"async\" class=\"aligncenter size-full wp-image-6330\" src=\"https:\/\/huadongswacable.com\/wp-content\/uploads\/2021\/09\/350-3C-CU-XLPE-PVC-AIA-PVC-1KV-teck-90-cable-cost-in-Germany.jpg\" alt=\"350-3C CU XLPE PVC AIA PVC 1KV teck 90 cable cost in Germany\" width=\"800\" height=\"150\" srcset=\"https:\/\/huadongswacable.com\/wp-content\/uploads\/2021\/09\/350-3C-CU-XLPE-PVC-AIA-PVC-1KV-teck-90-cable-cost-in-Germany.jpg 800w, https:\/\/huadongswacable.com\/wp-content\/uploads\/2021\/09\/350-3C-CU-XLPE-PVC-AIA-PVC-1KV-teck-90-cable-cost-in-Germany-300x56.jpg 300w, https:\/\/huadongswacable.com\/wp-content\/uploads\/2021\/09\/350-3C-CU-XLPE-PVC-AIA-PVC-1KV-teck-90-cable-cost-in-Germany-768x144.jpg 768w\" sizes=\"auto, (max-width: 800px) 100vw, 800px\" \/><\/p>\n<p>La qualit\u00e9 des c\u00e2bles teck est totalement garantie. Nous exportons beaucoup de c\u00e2bles \u00e9lectriques blind\u00e9s \u00e0 verrouillage vers les Philippines. Si vous avez d'autres questions concernant le c\u00e2ble Huadong teck, n'h\u00e9sitez pas \u00e0 nous contacter. Il vous suffit de laisser votre message pour obtenir le prix du c\u00e2ble d'alimentation teck. Nous attendons avec impatience votre demande.<\/p>\n<p style=\"text-align: center;\"><span class=\"su-lightbox\" data-mfp-src=\"#Popup\" data-mfp-type=\"inline\" data-mobile=\"yes\"><button class=\"btn btn-danger btn-sm\" ><i class=\"fa fa-hand-o-right\" style=\"color:#ffffff;\"><\/i> Obtenir un devis<\/button><\/span>\n<h2>L'avantage du c\u00e2ble 12\/2 teck 90 prix par pied de Huadong.<\/h2>\n<p>Huadong Group promet que vous pouvez obtenir le prix le plus raisonnable pour le c\u00e2ble 6\/3 teck 90 dans Huadong Cable Group. L'usine de Huadong 3 core teck 90 cable est situ\u00e9e dans le comt\u00e9 de Xiu Wu, dans la ville de Jiaozuo, dans la province du Henan, en Chine. Il y a beaucoup de mati\u00e8res premi\u00e8res pour la production du c\u00e2ble tech 90. Ici, l'achat de mati\u00e8res premi\u00e8res pour le c\u00e2ble teck est relativement bon march\u00e9. Et comme notre usine de c\u00e2bles teck est situ\u00e9e ici, nous avons \u00e9galement \u00e9conomis\u00e9 le co\u00fbt du transport. Par cons\u00e9quent, vous pouvez obtenir le prix d'usine du c\u00e2ble teck 90 4\/0 3C \u00e0 Huadong. M\u00eame qualit\u00e9 de c\u00e2ble teck 10\/2, pourquoi ne pas opter pour des prix de c\u00e2ble teck moins chers ? <img loading=\"lazy\" decoding=\"async\" class=\"aligncenter size-full wp-image-894\" src=\"https:\/\/huadongswacable.com\/wp-content\/uploads\/2018\/04\/discount-teck-90-600v-price.jpg\" alt=\"prix discount teck 90 600v\" width=\"550\" height=\"284\" srcset=\"https:\/\/huadongswacable.com\/wp-content\/uploads\/2018\/04\/discount-teck-90-600v-price.jpg 550w, https:\/\/huadongswacable.com\/wp-content\/uploads\/2018\/04\/discount-teck-90-600v-price-300x155.jpg 300w\" sizes=\"auto, (max-width: 550px) 100vw, 550px\" \/><\/p>\n<div class=\"su-lightbox-content su-u-trim\" id=\"Popup\" style=\"display:none;width:auto;min-width:50%;max-width:70%;margin-top:40px;margin-bottom:40px;padding:40px;background:#e8e5e5;color:#060473;box-shadow:0px 0px 15px #333333;text-align:left\"><div role=\"form\" class=\"wpcf7\" id=\"wpcf7-f5571-o1\" lang=\"en-US\" dir=\"ltr\">\n<div class=\"screen-reader-response\"><p role=\"status\" aria-live=\"polite\" aria-atomic=\"true\"><\/p> <ul><\/ul><\/div>\n<form action=\"\/fr\/wp-json\/wp\/v2\/pages\/887#wpcf7-f5571-o1\" method=\"post\" class=\"wpcf7-form init\" novalidate=\"novalidate\" data-status=\"init\" data-trp-original-action=\"\/fr\/wp-json\/wp\/v2\/pages\/887#wpcf7-f5571-o1\">\n<div style=\"display: none;\">\n<input type=\"hidden\" name=\"_wpcf7\" value=\"5571\" \/>\n<input type=\"hidden\" name=\"_wpcf7_version\" value=\"5.5.6\" \/>\n<input type=\"hidden\" name=\"_wpcf7_locale\" value=\"en_US\" \/>\n<input type=\"hidden\" name=\"_wpcf7_unit_tag\" value=\"wpcf7-f5571-o1\" \/>\n<input type=\"hidden\" name=\"_wpcf7_container_post\" value=\"0\" \/>\n<input type=\"hidden\" name=\"_wpcf7_posted_data_hash\" value=\"\" \/>\n<\/div>\n<div class=\"popmakerform\">\n<p>Votre nom <span style=\"color:red;\">*<span><br \/>\n<span class=\"wpcf7-form-control-wrap your-name\"><input type=\"text\" name=\"your-name\" value=\"\" size=\"40\" class=\"wpcf7-form-control wpcf7-text wpcf7-validates-as-required\" aria-required=\"true\" aria-invalid=\"false\" \/><\/span><\/p>\n<p>Votre courriel <span style=\"color:red;\">*<span><br \/>\n<span class=\"wpcf7-form-control-wrap your-email\"><input type=\"email\" name=\"your-email\" value=\"\" size=\"40\" class=\"wpcf7-form-control wpcf7-text wpcf7-email wpcf7-validates-as-required wpcf7-validates-as-email\" aria-required=\"true\" aria-invalid=\"false\" \/><\/span><\/p>\n<p>Votre num\u00e9ro de t\u00e9l\u00e9phone<br \/>\n<span class=\"wpcf7-form-control-wrap your-phone\"><input type=\"text\" name=\"your-phone\" value=\"\" size=\"40\" class=\"wpcf7-form-control wpcf7-text\" aria-invalid=\"false\" \/><\/span><\/p>\n<p>Votre pays<br \/>\n<span class=\"wpcf7-form-control-wrap your-country\"><input type=\"text\" name=\"your-country\" value=\"\" size=\"40\" class=\"wpcf7-form-control wpcf7-text\" aria-invalid=\"false\" \/><\/span><\/p>\n<p>Exigence d\u00e9taill\u00e9e <span style=\"color:red;\">*<span><br \/>\n<span class=\"wpcf7-form-control-wrap your-requirement\"><textarea name=\"your-requirement\" cols=\"40\" rows=\"4\" class=\"wpcf7-form-control wpcf7-textarea wpcf7-validates-as-required\" aria-required=\"true\" aria-invalid=\"false\"><\/textarea><\/span><\/p>\n<p><input type=\"submit\" value=\"Obtenir un devis\" class=\"wpcf7-form-control has-spinner wpcf7-submit\" \/><\/p>\n<\/div>\n<p style=\"display: none !important;\"><label>&#916;<textarea name=\"_wpcf7_ak_hp_textarea\" cols=\"45\" rows=\"8\" maxlength=\"100\"><\/textarea><\/label><input type=\"hidden\" id=\"ak_js_1\" name=\"_wpcf7_ak_js\" value=\"223\"\/><script>document.getElementById( \"ak_js_1\" ).setAttribute( \"value\", ( new Date() ).getTime() );<\/script><\/p><input type='hidden' class='wpcf7-pum' value='{\"closepopup\":false,\"closedelay\":0,\"openpopup\":false,\"openpopup_id\":0}' \/><div class=\"wpcf7-response-output\" aria-hidden=\"true\"><\/div><input type=\"hidden\" name=\"trp-form-language\" value=\"fr\"\/><\/form><\/div><\/div>\n<h3>N'h\u00e9sitez pas \u00e0 nous faire part de vos besoins. Nous vous r\u00e9pondrons dans les 12 heures.<\/h3>\n<p><strong>Courriel : <a href=\"mailto:info@huadongswacable.com\" rel=\"nofollow\">info@huadongswacable.com<\/a><\/strong><\/p>\n<div role=\"form\" class=\"wpcf7\" id=\"wpcf7-f6-o2\" lang=\"en-US\" dir=\"ltr\">\n<div class=\"screen-reader-response\"><p role=\"status\" aria-live=\"polite\" aria-atomic=\"true\"><\/p> <ul><\/ul><\/div>\n<form action=\"\/fr\/wp-json\/wp\/v2\/pages\/887#wpcf7-f6-o2\" method=\"post\" class=\"wpcf7-form init\" novalidate=\"novalidate\" data-status=\"init\" data-trp-original-action=\"\/fr\/wp-json\/wp\/v2\/pages\/887#wpcf7-f6-o2\">\n<div style=\"display: none;\">\n<input type=\"hidden\" name=\"_wpcf7\" value=\"6\" \/>\n<input type=\"hidden\" name=\"_wpcf7_version\" value=\"5.5.6\" \/>\n<input type=\"hidden\" name=\"_wpcf7_locale\" value=\"en_US\" \/>\n<input type=\"hidden\" name=\"_wpcf7_unit_tag\" value=\"wpcf7-f6-o2\" \/>\n<input type=\"hidden\" name=\"_wpcf7_container_post\" value=\"0\" \/>\n<input type=\"hidden\" name=\"_wpcf7_posted_data_hash\" value=\"\" \/>\n<\/div>\n<div class=\"messageform\">\n<p><strong><span style=\"color:red;\"><\/span> Votre nom<\/strong><br \/>\n    <span class=\"wpcf7-form-control-wrap your-name\"><input type=\"text\" name=\"your-name\" value=\"\" size=\"40\" class=\"wpcf7-form-control wpcf7-text\" aria-invalid=\"false\" \/><\/span> <\/p>\n<p><strong><span style=\"color:red;\">*<\/span> Votre courriel<\/strong><br \/>\n    <span class=\"wpcf7-form-control-wrap your-email\"><input type=\"email\" name=\"your-email\" value=\"\" size=\"40\" class=\"wpcf7-form-control wpcf7-text wpcf7-email wpcf7-validates-as-required wpcf7-validates-as-email\" aria-required=\"true\" aria-invalid=\"false\" \/><\/span> <\/p>\n<p><strong>Votre num\u00e9ro de t\u00e9l\u00e9phone<\/strong><br \/>\n    <span class=\"wpcf7-form-control-wrap your-phone\"><input type=\"text\" name=\"your-phone\" value=\"\" size=\"40\" class=\"wpcf7-form-control wpcf7-text\" aria-invalid=\"false\" placeholder=\"Inclure l&#039;indicatif r\u00e9gional\" \/><\/span> <\/p>\n<p><strong>Votre pays<\/strong><br \/>\n    <span class=\"wpcf7-form-control-wrap your-country\"><input type=\"text\" name=\"your-country\" value=\"\" size=\"40\" class=\"wpcf7-form-control wpcf7-text\" aria-invalid=\"false\" \/><\/span> <\/p>\n<p><strong><span style=\"color:red;\">*<\/span> Votre demande<\/strong><br \/>\n    <span class=\"wpcf7-form-control-wrap your-requirement\"><textarea name=\"your-requirement\" cols=\"40\" rows=\"10\" class=\"wpcf7-form-control wpcf7-textarea wpcf7-validates-as-required bestonmessage\" aria-required=\"true\" aria-invalid=\"false\" placeholder=\"Pour un devis d\u00e9taill\u00e9, veuillez nous envoyer votre demande d\u00e9taill\u00e9e.\"><\/textarea><\/span> <\/p>\n<p><input type=\"submit\" value=\"Envoyer un message\" class=\"wpcf7-form-control has-spinner wpcf7-submit\" \/><\/p>\n<\/div>\n<p style=\"display: none !important;\"><label>&#916;<textarea name=\"_wpcf7_ak_hp_textarea\" cols=\"45\" rows=\"8\" maxlength=\"100\"><\/textarea><\/label><input type=\"hidden\" id=\"ak_js_2\" name=\"_wpcf7_ak_js\" value=\"183\"\/><script>document.getElementById( \"ak_js_2\" ).setAttribute( \"value\", ( new Date() ).getTime() );<\/script><\/p><input type='hidden' class='wpcf7-pum' value='{\"closepopup\":false,\"closedelay\":0,\"openpopup\":false,\"openpopup_id\":0}' \/><div class=\"wpcf7-response-output\" aria-hidden=\"true\"><\/div><input type=\"hidden\" name=\"trp-form-language\" value=\"fr\"\/><\/form><\/div>","protected":false},"excerpt":{"rendered":"<p>600V 1KV 5KV 1C 2C 3C 4C fabricant de c\u00e2ble teck 90 Le c\u00e2ble teck 90 est un type de c\u00e2ble \u00e0 armure interverrouill\u00e9e en alliage d'aluminium. Le c\u00e2ble Tech 90 pr\u00e9sente de nombreux avantages en termes de performances. De plus, si vous avez besoin d'acheter du c\u00e2ble teck 14awg, Huadong Cable Group sera votre choix id\u00e9al. Plus important encore, Huadong vous fournira ... <a class=\"read-more\" href=\"https:\/\/huadongswacable.com\/fr\/cable-teck-90-de-haute-qualite-a-bas-prix\/\">Lire plus...<\/a><\/p>","protected":false},"author":1,"featured_media":0,"parent":0,"menu_order":0,"comment_status":"closed","ping_status":"closed","template":"","meta":{"footnotes":""},"class_list":["post-887","page","type-page","status-publish"],"yoast_head":"<!-- This site is optimized with the Yoast SEO plugin v18.4.1 - https:\/\/yoast.com\/wordpress\/plugins\/seo\/ -->\n<title>Teck 90 Cable Price | 4\/0 6\/3 8\/3 10\/2 10\/3 12\/2 12\/3 Teck 90 Cable<\/title>\n<meta name=\"description\" content=\"We are 4\/0 6\/3 8\/3 10\/2 10\/3 12\/2 12\/3 teck 90 cable supplier. Contact us to get 600v 1kv 5kv 3C*3\/0 AWG xlpe pvc aia pvc teck 90 cable price\" \/>\n<meta name=\"robots\" content=\"index, follow, max-snippet:-1, max-image-preview:large, max-video-preview:-1\" \/>\n<link rel=\"canonical\" href=\"https:\/\/huadongswacable.com\/fr\/cable-teck-90-de-haute-qualite-a-bas-prix\/\" \/>\n<meta property=\"og:locale\" content=\"fr_FR\" \/>\n<meta property=\"og:type\" content=\"article\" \/>\n<meta property=\"og:title\" content=\"Teck 90 Cable Price | 4\/0 6\/3 8\/3 10\/2 10\/3 12\/2 12\/3 Teck 90 Cable\" \/>\n<meta property=\"og:description\" content=\"We are 4\/0 6\/3 8\/3 10\/2 10\/3 12\/2 12\/3 teck 90 cable supplier. Contact us to get 600v 1kv 5kv 3C*3\/0 AWG xlpe pvc aia pvc teck 90 cable price\" \/>\n<meta property=\"og:url\" content=\"https:\/\/huadongswacable.com\/fr\/cable-teck-90-de-haute-qualite-a-bas-prix\/\" \/>\n<meta property=\"og:site_name\" content=\"Huadong SWA Cable\" \/>\n<meta property=\"article:modified_time\" content=\"2022-12-19T06:24:11+00:00\" \/>\n<meta property=\"og:image\" content=\"https:\/\/huadongswacable.com\/wp-content\/uploads\/2021\/09\/600v-1kv-5kv-3-core-xlpe-pvc-aia-pvc-teck-90-cable-price-list.jpg\" \/>\n<meta name=\"twitter:card\" content=\"summary_large_image\" \/>\n<meta name=\"twitter:label1\" content=\"Dur\u00e9e de lecture estim\u00e9e\" \/>\n\t<meta name=\"twitter:data1\" content=\"5 minutes\" \/>\n<script type=\"application\/ld+json\" class=\"yoast-schema-graph\">{\"@context\":\"https:\/\/schema.org\",\"@graph\":[{\"@type\":\"WebSite\",\"@id\":\"http:\/\/huadongswacable.com\/ru\/#website\",\"url\":\"http:\/\/huadongswacable.com\/ru\/\",\"name\":\"Huadong SWA Cable\",\"description\":\"Huadong SWA Cable\",\"potentialAction\":[{\"@type\":\"SearchAction\",\"target\":{\"@type\":\"EntryPoint\",\"urlTemplate\":\"http:\/\/huadongswacable.com\/ru\/?s={search_term_string}\"},\"query-input\":\"required name=search_term_string\"}],\"inLanguage\":\"fr-FR\"},{\"@type\":\"ImageObject\",\"@id\":\"https:\/\/huadongswacable.com\/high-quality-low-price-teck-90-cable\/#primaryimage\",\"inLanguage\":\"fr-FR\",\"url\":\"https:\/\/huadongswacable.com\/wp-content\/uploads\/2021\/09\/600v-1kv-5kv-3-core-xlpe-pvc-aia-pvc-teck-90-cable-price-list.jpg\",\"contentUrl\":\"https:\/\/huadongswacable.com\/wp-content\/uploads\/2021\/09\/600v-1kv-5kv-3-core-xlpe-pvc-aia-pvc-teck-90-cable-price-list.jpg\",\"width\":242,\"height\":407,\"caption\":\"600v 1kv 5kv 3 core xlpe pvc aia pvc csa teck 90 cable price list\"},{\"@type\":\"WebPage\",\"@id\":\"https:\/\/huadongswacable.com\/high-quality-low-price-teck-90-cable\/#webpage\",\"url\":\"https:\/\/huadongswacable.com\/high-quality-low-price-teck-90-cable\/\",\"name\":\"Teck 90 Cable Price | 4\/0 6\/3 8\/3 10\/2 10\/3 12\/2 12\/3 Teck 90 Cable\",\"isPartOf\":{\"@id\":\"http:\/\/huadongswacable.com\/ru\/#website\"},\"primaryImageOfPage\":{\"@id\":\"https:\/\/huadongswacable.com\/high-quality-low-price-teck-90-cable\/#primaryimage\"},\"datePublished\":\"2018-04-23T05:46:34+00:00\",\"dateModified\":\"2022-12-19T06:24:11+00:00\",\"description\":\"We are 4\/0 6\/3 8\/3 10\/2 10\/3 12\/2 12\/3 teck 90 cable supplier. Contact us to get 600v 1kv 5kv 3C*3\/0 AWG xlpe pvc aia pvc teck 90 cable price\",\"breadcrumb\":{\"@id\":\"https:\/\/huadongswacable.com\/high-quality-low-price-teck-90-cable\/#breadcrumb\"},\"inLanguage\":\"fr-FR\",\"potentialAction\":[{\"@type\":\"ReadAction\",\"target\":[\"https:\/\/huadongswacable.com\/high-quality-low-price-teck-90-cable\/\"]}]},{\"@type\":\"BreadcrumbList\",\"@id\":\"https:\/\/huadongswacable.com\/high-quality-low-price-teck-90-cable\/#breadcrumb\",\"itemListElement\":[{\"@type\":\"ListItem\",\"position\":1,\"name\":\"Home\",\"item\":\"http:\/\/huadongswacable.com\/ru\/\"},{\"@type\":\"ListItem\",\"position\":2,\"name\":\"4\/0 6\/3 8\/3 10\/2 10\/3 12\/2 12\/3 Teck 90 Cable Price\"}]}]}<\/script>\n<!-- \/ Yoast SEO plugin. -->","yoast_head_json":{"title":"Teck 90 Cable Price | 4\/0 6\/3 8\/3 10\/2 10\/3 12\/2 12\/3 Teck 90 Cable","description":"We are 4\/0 6\/3 8\/3 10\/2 10\/3 12\/2 12\/3 teck 90 cable supplier. Contact us to get 600v 1kv 5kv 3C*3\/0 AWG xlpe pvc aia pvc teck 90 cable price","robots":{"index":"index","follow":"follow","max-snippet":"max-snippet:-1","max-image-preview":"max-image-preview:large","max-video-preview":"max-video-preview:-1"},"canonical":"https:\/\/huadongswacable.com\/fr\/cable-teck-90-de-haute-qualite-a-bas-prix\/","og_locale":"fr_FR","og_type":"article","og_title":"Teck 90 Cable Price | 4\/0 6\/3 8\/3 10\/2 10\/3 12\/2 12\/3 Teck 90 Cable","og_description":"We are 4\/0 6\/3 8\/3 10\/2 10\/3 12\/2 12\/3 teck 90 cable supplier. Contact us to get 600v 1kv 5kv 3C*3\/0 AWG xlpe pvc aia pvc teck 90 cable price","og_url":"https:\/\/huadongswacable.com\/fr\/cable-teck-90-de-haute-qualite-a-bas-prix\/","og_site_name":"Huadong SWA Cable","article_modified_time":"2022-12-19T06:24:11+00:00","og_image":[{"url":"https:\/\/huadongswacable.com\/wp-content\/uploads\/2021\/09\/600v-1kv-5kv-3-core-xlpe-pvc-aia-pvc-teck-90-cable-price-list.jpg"}],"twitter_card":"summary_large_image","twitter_misc":{"Dur\u00e9e de lecture estim\u00e9e":"5 minutes"},"schema":{"@context":"https:\/\/schema.org","@graph":[{"@type":"WebSite","@id":"http:\/\/huadongswacable.com\/ru\/#website","url":"http:\/\/huadongswacable.com\/ru\/","name":"Huadong SWA Cable","description":"Huadong SWA Cable","potentialAction":[{"@type":"SearchAction","target":{"@type":"EntryPoint","urlTemplate":"http:\/\/huadongswacable.com\/ru\/?s={search_term_string}"},"query-input":"required name=search_term_string"}],"inLanguage":"fr-FR"},{"@type":"ImageObject","@id":"https:\/\/huadongswacable.com\/high-quality-low-price-teck-90-cable\/#primaryimage","inLanguage":"fr-FR","url":"https:\/\/huadongswacable.com\/wp-content\/uploads\/2021\/09\/600v-1kv-5kv-3-core-xlpe-pvc-aia-pvc-teck-90-cable-price-list.jpg","contentUrl":"https:\/\/huadongswacable.com\/wp-content\/uploads\/2021\/09\/600v-1kv-5kv-3-core-xlpe-pvc-aia-pvc-teck-90-cable-price-list.jpg","width":242,"height":407,"caption":"600v 1kv 5kv 3 core xlpe pvc aia pvc csa teck 90 cable price list"},{"@type":"WebPage","@id":"https:\/\/huadongswacable.com\/high-quality-low-price-teck-90-cable\/#webpage","url":"https:\/\/huadongswacable.com\/high-quality-low-price-teck-90-cable\/","name":"Teck 90 Cable Price | 4\/0 6\/3 8\/3 10\/2 10\/3 12\/2 12\/3 Teck 90 Cable","isPartOf":{"@id":"http:\/\/huadongswacable.com\/ru\/#website"},"primaryImageOfPage":{"@id":"https:\/\/huadongswacable.com\/high-quality-low-price-teck-90-cable\/#primaryimage"},"datePublished":"2018-04-23T05:46:34+00:00","dateModified":"2022-12-19T06:24:11+00:00","description":"We are 4\/0 6\/3 8\/3 10\/2 10\/3 12\/2 12\/3 teck 90 cable supplier. Contact us to get 600v 1kv 5kv 3C*3\/0 AWG xlpe pvc aia pvc teck 90 cable price","breadcrumb":{"@id":"https:\/\/huadongswacable.com\/high-quality-low-price-teck-90-cable\/#breadcrumb"},"inLanguage":"fr-FR","potentialAction":[{"@type":"ReadAction","target":["https:\/\/huadongswacable.com\/high-quality-low-price-teck-90-cable\/"]}]},{"@type":"BreadcrumbList","@id":"https:\/\/huadongswacable.com\/high-quality-low-price-teck-90-cable\/#breadcrumb","itemListElement":[{"@type":"ListItem","position":1,"name":"Home","item":"http:\/\/huadongswacable.com\/ru\/"},{"@type":"ListItem","position":2,"name":"4\/0 6\/3 8\/3 10\/2 10\/3 12\/2 12\/3 Teck 90 Cable Price"}]}]}},"_links":{"self":[{"href":"https:\/\/huadongswacable.com\/fr\/wp-json\/wp\/v2\/pages\/887","targetHints":{"allow":["GET"]}}],"collection":[{"href":"https:\/\/huadongswacable.com\/fr\/wp-json\/wp\/v2\/pages"}],"about":[{"href":"https:\/\/huadongswacable.com\/fr\/wp-json\/wp\/v2\/types\/page"}],"author":[{"embeddable":true,"href":"https:\/\/huadongswacable.com\/fr\/wp-json\/wp\/v2\/users\/1"}],"replies":[{"embeddable":true,"href":"https:\/\/huadongswacable.com\/fr\/wp-json\/wp\/v2\/comments?post=887"}],"version-history":[{"count":24,"href":"https:\/\/huadongswacable.com\/fr\/wp-json\/wp\/v2\/pages\/887\/revisions"}],"predecessor-version":[{"id":7771,"href":"https:\/\/huadongswacable.com\/fr\/wp-json\/wp\/v2\/pages\/887\/revisions\/7771"}],"wp:attachment":[{"href":"https:\/\/huadongswacable.com\/fr\/wp-json\/wp\/v2\/media?parent=887"}],"curies":[{"name":"wp","href":"https:\/\/api.w.org\/{rel}","templated":true}]}}