{"id":862,"date":"2018-04-21T15:29:21","date_gmt":"2018-04-21T07:29:21","guid":{"rendered":"http:\/\/huadongswacable.com\/?page_id=862"},"modified":"2022-12-19T15:59:32","modified_gmt":"2022-12-19T07:59:32","slug":"low-price-acwu-cable","status":"publish","type":"page","link":"https:\/\/huadongswacable.com\/fr\/prix-bas-acwu-cable\/","title":{"rendered":"C\u00e2ble ACWU 600V 1C 3C 4C 1AWG 2AWG 4AWG 6AWG C\u00e2ble AIA"},"content":{"rendered":"<p><img loading=\"lazy\" decoding=\"async\" class=\"aligncenter size-full wp-image-6454\" src=\"https:\/\/huadongswacable.com\/wp-content\/uploads\/2021\/10\/how-much-is-600V-2-4-6-3C-4C-acwu90-cable-per-meter.jpg\" alt=\"combien co\u00fbte le c\u00e2ble 600V #2 #4 #6 3C 4C acwu90 par m\u00e8tre ?\" width=\"828\" height=\"281\" srcset=\"https:\/\/huadongswacable.com\/wp-content\/uploads\/2021\/10\/how-much-is-600V-2-4-6-3C-4C-acwu90-cable-per-meter.jpg 828w, https:\/\/huadongswacable.com\/wp-content\/uploads\/2021\/10\/how-much-is-600V-2-4-6-3C-4C-acwu90-cable-per-meter-300x102.jpg 300w, https:\/\/huadongswacable.com\/wp-content\/uploads\/2021\/10\/how-much-is-600V-2-4-6-3C-4C-acwu90-cable-per-meter-768x261.jpg 768w\" sizes=\"auto, (max-width: 828px) 100vw, 828px\" \/><\/p>\n<p>En tant que fabricant professionnel de c\u00e2bles ACWU, nous pouvons fournir des c\u00e2bles arm\u00e9s \u00e0 verrouillage en aluminium de diff\u00e9rentes tailles. Vous pouvez donc acheter le c\u00e2ble ACWU90 #2, #4, #6 aupr\u00e8s de notre soci\u00e9t\u00e9. De plus, si vous voulez savoir combien co\u00fbte le c\u00e2ble ACWU90 600v 3 conducteurs par m\u00e8tre, laissez votre message. Notre responsable vous enverra le meilleur prix de c\u00e2ble aluminium ACWU 3C 4\/0 dans les plus brefs d\u00e9lais.<\/p>\n<p style=\"text-align: center;\"><span class=\"su-lightbox\" data-mfp-src=\"#Popup\" data-mfp-type=\"inline\" data-mobile=\"yes\"><button class=\"btn btn-danger btn-sm\" ><i class=\"fa fa-hand-o-right\" style=\"color:#ffffff;\"><\/i> Obtenir un devis<\/button><\/span>\n<h2>Vente de c\u00e2ble ACWU \u00e0 3 conducteurs bon march\u00e9<\/h2>\n<p>Le c\u00e2ble ACWU est une sorte de <a href=\"https:\/\/huadongswacable.com\/fr\/prix-bas-mc-cable-fil\/\" target=\"_blank\" rel=\"noopener noreferrer\">c\u00e2ble MC arm\u00e9 et verrouill\u00e9 en alliage d'aluminium<\/a> avec gaine en PVC. Huadong Cable Group est un fabricant professionnel de fils ACWU \u00e0 3 conducteurs en Chine. Notre fil d'aluminium 3C #2 ACWU a un march\u00e9 stable en Am\u00e9rique et au Canada. Si vous avez besoin d'acheter du fil ACWU 3C 1\/0 awg de haute qualit\u00e9 et bas prix, Huadong sera votre choix id\u00e9al. En m\u00eame temps, si vous avez besoin de beaucoup de fils ACWU, nous vous ferons une remise sur le prix du c\u00e2ble ACWU90 600v. Il vous suffit de nous indiquer la taille de votre c\u00e2ble ACWU90 aia. Bien s\u00fbr, vous pouvez nous contacter directement si vous savez d\u00e9j\u00e0 de quel type de c\u00e2ble ACWU vous avez besoin. Nous attendons avec impatience votre demande.<\/p>\n<div class=\"row\">\n<div class=\"col-lg-6 col-md-12 col-xs-12 col-sm-12\">\n<img loading=\"lazy\" decoding=\"async\" class=\"aligncenter size-full wp-image-6455\" src=\"https:\/\/huadongswacable.com\/wp-content\/uploads\/2021\/10\/get-best-600v-3-conductor-acwu90-cable-price.jpg\" alt=\"get best 600v 3 conductor acwu90 cable price\" width=\"400\" height=\"245\" srcset=\"https:\/\/huadongswacable.com\/wp-content\/uploads\/2021\/10\/get-best-600v-3-conductor-acwu90-cable-price.jpg 400w, https:\/\/huadongswacable.com\/wp-content\/uploads\/2021\/10\/get-best-600v-3-conductor-acwu90-cable-price-300x184.jpg 300w\" sizes=\"auto, (max-width: 400px) 100vw, 400px\" \/><\/div>\n<div class=\"col-lg-6 col-md-12 col-xs-12 col-sm-12\">\n<p><strong>Tension :<\/strong> 600V<\/p>\n<p><strong>Conducteurs : Solide<\/strong>\/Cuivre ou aluminium toronn\u00e9<\/p>\n<p><strong>Couche d'armure :<\/strong> Blindage en aluminium autobloquant (AIA)<\/p>\n<p><strong>Nbre de c\u0153urs<\/strong> Un\/deux\/trois\/quatre<\/p>\n<p><strong>Couche d'isolation :<\/strong> Poly\u00e9thyl\u00e8ne r\u00e9ticul\u00e9 (XLPE)<\/p>\n<p><strong>Veste ext\u00e9rieure :<\/strong> Chlorure de polyvinyle (PVC)<\/p>\n<p><strong>Temp\u00e9rature nominale :<\/strong> -40\u00b0C \u00e0 90\u00b0C<\/div>\n<\/div>\n<p>En raison de ses excellentes performances, le c\u00e2ble AIA a une large gamme d'applications. Par exemple, le fil de construction en aluminium ACWU90 convient au c\u00e2blage apparent et dissimul\u00e9 dans des endroits secs, humides ou mouill\u00e9s. Le fil ACWU #2 \u00e0 3 conducteurs convient \u00e9galement \u00e0 l'enfouissement direct dans le sol.<\/p>\n<p style=\"text-align: center;\"><span class=\"su-lightbox\" data-mfp-src=\"#Popup\" data-mfp-type=\"inline\" data-mobile=\"yes\"><button class=\"btn btn-danger btn-sm\" ><i class=\"fa fa-hand-o-right\" style=\"color:#ffffff;\"><\/i> Obtenir un devis<\/button><\/span>\n<h2>Trouver un fabricant professionnel de fils 600v 4C ACWU90<\/h2>\n<p>Le conducteur du c\u00e2ble ACWU 90 est un fil compact en aluminium de classe \"B\". De plus, si vous avez des besoins sp\u00e9cifiques, des conducteurs en cuivre et en alliage d'aluminium sont disponibles. Le mat\u00e9riau d'isolation du c\u00e2ble ACWU 600v 4 conducteurs est le poly\u00e9thyl\u00e8ne r\u00e9ticul\u00e9 (XLPE).  En outre, nous avons \u00e9galement <a href=\"https:\/\/huadongswacable.com\/fr\/cable-teck-90-de-haute-qualite-a-bas-prix\/\" target=\"_blank\" rel=\"noopener noreferrer\">c\u00e2ble teck90 bon march\u00e9 \u00e0 vendre<\/a>. Il vous suffit donc de nous laisser vos coordonn\u00e9es et de nous indiquer les dimensions du fil de construction en aluminium ACWU 4C dont vous avez besoin. Nous vous enverrons ensuite un devis pour le fil ACWU90 \u00e0 4 conducteurs de 250 mcm. Cependant, la couche d'armure du fil ACWU est le c\u00e2ble Aluminum Interlocked Armourm MC. Le c\u00e2ble ACWU porte donc un autre nom : c\u00e2ble AIA. En outre, la gaine du fil de construction en aluminium ACWU est en chlorure de polyvinyle (<a href=\"https:\/\/huadongswacable.com\/fr\/cable-mc-enrobe-de-pvc\/\" target=\"_blank\" rel=\"noopener noreferrer\">PVC<\/a>). Il vous suffit d'envoyer votre demande pour obtenir la liste de prix du fil de construction en aluminium 4C ACWU90.<\/p>\n<p><img loading=\"lazy\" decoding=\"async\" class=\"aligncenter size-full wp-image-6457\" src=\"https:\/\/huadongswacable.com\/wp-content\/uploads\/2021\/10\/600v-2awg-3-conductor-copper-acwu90-cable-price-list-Canada.jpg\" alt=\"600v 2awg 3 conductor copper acwu90 cable price list Canada\" width=\"800\" height=\"150\" srcset=\"https:\/\/huadongswacable.com\/wp-content\/uploads\/2021\/10\/600v-2awg-3-conductor-copper-acwu90-cable-price-list-Canada.jpg 800w, https:\/\/huadongswacable.com\/wp-content\/uploads\/2021\/10\/600v-2awg-3-conductor-copper-acwu90-cable-price-list-Canada-300x56.jpg 300w, https:\/\/huadongswacable.com\/wp-content\/uploads\/2021\/10\/600v-2awg-3-conductor-copper-acwu90-cable-price-list-Canada-768x144.jpg 768w\" sizes=\"auto, (max-width: 800px) 100vw, 800px\" \/>.<\/p>\n<p>En outre, le c\u00e2ble AIA peut \u00eatre utilis\u00e9 pour le c\u00e2blage de tous les emplacements dangereux. De plus, ces c\u00e2bles \u00e0 armure interverrouill\u00e9e en aluminium 4\/0 (AIA) peuvent \u00e9galement \u00eatre utilis\u00e9s pour les installations d'entr\u00e9e de service. Nos clients nous ont dit que le c\u00e2ble d'alimentation Huadong AIA jouissait d'une bonne r\u00e9putation aupr\u00e8s des utilisateurs finaux au Canada. Vous pouvez donc nous communiquer la liste des c\u00e2bles demand\u00e9s et la quantit\u00e9 command\u00e9e. Nous vous promettons alors de vous fournir un prix satisfaisant pour le c\u00e2ble ACWU 90.<\/p>\n<p style=\"text-align: center;\"><span class=\"su-lightbox\" data-mfp-src=\"#Popup\" data-mfp-type=\"inline\" data-mobile=\"yes\"><button class=\"btn btn-danger btn-sm\" ><i class=\"fa fa-hand-o-right\" style=\"color:#ffffff;\"><\/i> Obtenir un devis<\/button><\/span>\n<h2>Best 250 MCM ACWU cable price in Huadong<\/h2>\n<p>En fait, vous pouvez constater que les prix des c\u00e2bles 600v 4c 250 mcm ACWU90 sont diff\u00e9rents. En effet, les prix des mat\u00e9riaux des c\u00e2bles arm\u00e9s ne sont pas les m\u00eames. Vous pouvez donc comprendre que le prix du c\u00e2ble ACWU90 de 250 mcm au Canada est diff\u00e9rent du prix du c\u00e2ble ACWU en Am\u00e9rique. De plus, si vous achetez beaucoup de fils ACWU 4\/0 3 conducteurs, le fournisseur de c\u00e2ble vous accordera une remise sur le prix du c\u00e2ble ACWU en aluminium.<\/p>\n<p><img loading=\"lazy\" decoding=\"async\" class=\"aligncenter wp-image-876 size-full\" src=\"https:\/\/huadongswacable.com\/wp-content\/uploads\/2018\/04\/discount-cheap-ACWU-90-cable-price.jpg\" alt=\"Prix discount du fil d&#039;aluminium 4 conducteurs ACWU 90\" width=\"550\" height=\"284\" srcset=\"https:\/\/huadongswacable.com\/wp-content\/uploads\/2018\/04\/discount-cheap-ACWU-90-cable-price.jpg 550w, https:\/\/huadongswacable.com\/wp-content\/uploads\/2018\/04\/discount-cheap-ACWU-90-cable-price-300x155.jpg 300w\" sizes=\"auto, (max-width: 550px) 100vw, 550px\" \/><\/p>\n<p>En outre, nous avons export\u00e9 notre fil de construction en aluminium ACWU90 \u00e0 4 conducteurs vers plus de 30 pays. Am\u00e9rique, Canada, Y\u00e9men, Am\u00e9rique du Sud, Philippines, Malaisie, Indon\u00e9sie, Tha\u00eflande, Vietnam, <span class=\"VIiyi\" lang=\"en\"><span class=\"JLqJ4b ChMk0b\" data-language-for-alternatives=\"en\" data-language-to-translate-into=\"zh-CN\" data-phrase-index=\"0\">Allemagne<\/span><\/span>etc. Vous pouvez donc nous contacter pour obtenir la liste de prix du c\u00e2ble ACWU 4\/3 en Am\u00e9rique ou au Canada.<\/p>\n<div class=\"su-lightbox-content su-u-trim\" id=\"Popup\" style=\"display:none;width:auto;min-width:50%;max-width:70%;margin-top:40px;margin-bottom:40px;padding:40px;background:#e8e5e5;color:#060473;box-shadow:0px 0px 15px #333333;text-align:left\"><div role=\"form\" class=\"wpcf7\" id=\"wpcf7-f5571-o1\" lang=\"en-US\" dir=\"ltr\">\n<div class=\"screen-reader-response\"><p role=\"status\" aria-live=\"polite\" aria-atomic=\"true\"><\/p> <ul><\/ul><\/div>\n<form action=\"\/fr\/wp-json\/wp\/v2\/pages\/862#wpcf7-f5571-o1\" method=\"post\" class=\"wpcf7-form init\" novalidate=\"novalidate\" data-status=\"init\" data-trp-original-action=\"\/fr\/wp-json\/wp\/v2\/pages\/862#wpcf7-f5571-o1\">\n<div style=\"display: none;\">\n<input type=\"hidden\" name=\"_wpcf7\" value=\"5571\" \/>\n<input type=\"hidden\" name=\"_wpcf7_version\" value=\"5.5.6\" \/>\n<input type=\"hidden\" name=\"_wpcf7_locale\" value=\"en_US\" \/>\n<input type=\"hidden\" name=\"_wpcf7_unit_tag\" value=\"wpcf7-f5571-o1\" \/>\n<input type=\"hidden\" name=\"_wpcf7_container_post\" value=\"0\" \/>\n<input type=\"hidden\" name=\"_wpcf7_posted_data_hash\" value=\"\" \/>\n<\/div>\n<div class=\"popmakerform\">\n<p>Votre nom <span style=\"color:red;\">*<span><br \/>\n<span class=\"wpcf7-form-control-wrap your-name\"><input type=\"text\" name=\"your-name\" value=\"\" size=\"40\" class=\"wpcf7-form-control wpcf7-text wpcf7-validates-as-required\" aria-required=\"true\" aria-invalid=\"false\" \/><\/span><\/p>\n<p>Votre courriel <span style=\"color:red;\">*<span><br \/>\n<span class=\"wpcf7-form-control-wrap your-email\"><input type=\"email\" name=\"your-email\" value=\"\" size=\"40\" class=\"wpcf7-form-control wpcf7-text wpcf7-email wpcf7-validates-as-required wpcf7-validates-as-email\" aria-required=\"true\" aria-invalid=\"false\" \/><\/span><\/p>\n<p>Votre num\u00e9ro de t\u00e9l\u00e9phone<br \/>\n<span class=\"wpcf7-form-control-wrap your-phone\"><input type=\"text\" name=\"your-phone\" value=\"\" size=\"40\" class=\"wpcf7-form-control wpcf7-text\" aria-invalid=\"false\" \/><\/span><\/p>\n<p>Votre pays<br \/>\n<span class=\"wpcf7-form-control-wrap your-country\"><input type=\"text\" name=\"your-country\" value=\"\" size=\"40\" class=\"wpcf7-form-control wpcf7-text\" aria-invalid=\"false\" \/><\/span><\/p>\n<p>Exigence d\u00e9taill\u00e9e <span style=\"color:red;\">*<span><br \/>\n<span class=\"wpcf7-form-control-wrap your-requirement\"><textarea name=\"your-requirement\" cols=\"40\" rows=\"4\" class=\"wpcf7-form-control wpcf7-textarea wpcf7-validates-as-required\" aria-required=\"true\" aria-invalid=\"false\"><\/textarea><\/span><\/p>\n<p><input type=\"submit\" value=\"Obtenir un devis\" class=\"wpcf7-form-control has-spinner wpcf7-submit\" \/><\/p>\n<\/div>\n<p style=\"display: none !important;\"><label>&#916;<textarea name=\"_wpcf7_ak_hp_textarea\" cols=\"45\" rows=\"8\" maxlength=\"100\"><\/textarea><\/label><input type=\"hidden\" id=\"ak_js_1\" name=\"_wpcf7_ak_js\" value=\"114\"\/><script>document.getElementById( \"ak_js_1\" ).setAttribute( \"value\", ( new Date() ).getTime() );<\/script><\/p><input type='hidden' class='wpcf7-pum' value='{\"closepopup\":false,\"closedelay\":0,\"openpopup\":false,\"openpopup_id\":0}' \/><div class=\"wpcf7-response-output\" aria-hidden=\"true\"><\/div><input type=\"hidden\" name=\"trp-form-language\" value=\"fr\"\/><\/form><\/div><\/div>\n<h3>N'h\u00e9sitez pas \u00e0 nous faire part de vos besoins. Nous vous r\u00e9pondrons dans les 12 heures.<\/h3>\n<p><strong>Courriel : <a href=\"mailto:info@huadongswacable.com\" rel=\"nofollow\">info@huadongswacable.com<\/a><\/strong><\/p>\n<div role=\"form\" class=\"wpcf7\" id=\"wpcf7-f6-o2\" lang=\"en-US\" dir=\"ltr\">\n<div class=\"screen-reader-response\"><p role=\"status\" aria-live=\"polite\" aria-atomic=\"true\"><\/p> <ul><\/ul><\/div>\n<form action=\"\/fr\/wp-json\/wp\/v2\/pages\/862#wpcf7-f6-o2\" method=\"post\" class=\"wpcf7-form init\" novalidate=\"novalidate\" data-status=\"init\" data-trp-original-action=\"\/fr\/wp-json\/wp\/v2\/pages\/862#wpcf7-f6-o2\">\n<div style=\"display: none;\">\n<input type=\"hidden\" name=\"_wpcf7\" value=\"6\" \/>\n<input type=\"hidden\" name=\"_wpcf7_version\" value=\"5.5.6\" \/>\n<input type=\"hidden\" name=\"_wpcf7_locale\" value=\"en_US\" \/>\n<input type=\"hidden\" name=\"_wpcf7_unit_tag\" value=\"wpcf7-f6-o2\" \/>\n<input type=\"hidden\" name=\"_wpcf7_container_post\" value=\"0\" \/>\n<input type=\"hidden\" name=\"_wpcf7_posted_data_hash\" value=\"\" \/>\n<\/div>\n<div class=\"messageform\">\n<p><strong><span style=\"color:red;\"><\/span> Votre nom<\/strong><br \/>\n    <span class=\"wpcf7-form-control-wrap your-name\"><input type=\"text\" name=\"your-name\" value=\"\" size=\"40\" class=\"wpcf7-form-control wpcf7-text\" aria-invalid=\"false\" \/><\/span> <\/p>\n<p><strong><span style=\"color:red;\">*<\/span> Votre courriel<\/strong><br \/>\n    <span class=\"wpcf7-form-control-wrap your-email\"><input type=\"email\" name=\"your-email\" value=\"\" size=\"40\" class=\"wpcf7-form-control wpcf7-text wpcf7-email wpcf7-validates-as-required wpcf7-validates-as-email\" aria-required=\"true\" aria-invalid=\"false\" \/><\/span> <\/p>\n<p><strong>Votre num\u00e9ro de t\u00e9l\u00e9phone<\/strong><br \/>\n    <span class=\"wpcf7-form-control-wrap your-phone\"><input type=\"text\" name=\"your-phone\" value=\"\" size=\"40\" class=\"wpcf7-form-control wpcf7-text\" aria-invalid=\"false\" placeholder=\"Inclure l&#039;indicatif r\u00e9gional\" \/><\/span> <\/p>\n<p><strong>Votre pays<\/strong><br \/>\n    <span class=\"wpcf7-form-control-wrap your-country\"><input type=\"text\" name=\"your-country\" value=\"\" size=\"40\" class=\"wpcf7-form-control wpcf7-text\" aria-invalid=\"false\" \/><\/span> <\/p>\n<p><strong><span style=\"color:red;\">*<\/span> Votre demande<\/strong><br \/>\n    <span class=\"wpcf7-form-control-wrap your-requirement\"><textarea name=\"your-requirement\" cols=\"40\" rows=\"10\" class=\"wpcf7-form-control wpcf7-textarea wpcf7-validates-as-required bestonmessage\" aria-required=\"true\" aria-invalid=\"false\" placeholder=\"Pour un devis d\u00e9taill\u00e9, veuillez nous envoyer votre demande d\u00e9taill\u00e9e.\"><\/textarea><\/span> <\/p>\n<p><input type=\"submit\" value=\"Envoyer un message\" class=\"wpcf7-form-control has-spinner wpcf7-submit\" \/><\/p>\n<\/div>\n<p style=\"display: none !important;\"><label>&#916;<textarea name=\"_wpcf7_ak_hp_textarea\" cols=\"45\" rows=\"8\" maxlength=\"100\"><\/textarea><\/label><input type=\"hidden\" id=\"ak_js_2\" name=\"_wpcf7_ak_js\" value=\"112\"\/><script>document.getElementById( \"ak_js_2\" ).setAttribute( \"value\", ( new Date() ).getTime() );<\/script><\/p><input type='hidden' class='wpcf7-pum' value='{\"closepopup\":false,\"closedelay\":0,\"openpopup\":false,\"openpopup_id\":0}' \/><div class=\"wpcf7-response-output\" aria-hidden=\"true\"><\/div><input type=\"hidden\" name=\"trp-form-language\" value=\"fr\"\/><\/form><\/div>","protected":false},"excerpt":{"rendered":"<p>En tant que fabricant professionnel de c\u00e2bles ACWU, nous pouvons fournir des c\u00e2bles arm\u00e9s \u00e0 verrouillage en aluminium de diff\u00e9rentes tailles. Vous pouvez donc acheter le c\u00e2ble ACWU90 #2, #4, #6 aupr\u00e8s de notre soci\u00e9t\u00e9. De plus, si vous voulez savoir combien co\u00fbte le c\u00e2ble ACWU90 600v 3 conducteurs par m\u00e8tre, laissez votre message. Notre responsable vous enverra le meilleur c\u00e2ble ACWU 3C ... <a class=\"read-more\" href=\"https:\/\/huadongswacable.com\/fr\/prix-bas-acwu-cable\/\">Lire plus...<\/a><\/p>","protected":false},"author":1,"featured_media":0,"parent":0,"menu_order":0,"comment_status":"closed","ping_status":"closed","template":"","meta":{"footnotes":""},"class_list":["post-862","page","type-page","status-publish"],"yoast_head":"<!-- This site is optimized with the Yoast SEO plugin v18.4.1 - https:\/\/yoast.com\/wordpress\/plugins\/seo\/ -->\n<title>3C 4C ACWU Cable #2 #4 #6 Price | 4\/0 3 conductor ACWU90 AIA Cable<\/title>\n<meta name=\"description\" content=\"As #2 #4 #6 gauge 3 conductor acwu90 cable manufacturer, we can supply best 600v 4\/0 3C 4C aluminum xlpe acwu cable Canada price per meter.\" \/>\n<meta name=\"robots\" content=\"index, follow, max-snippet:-1, max-image-preview:large, max-video-preview:-1\" \/>\n<link rel=\"canonical\" href=\"http:\/\/huadongswacable.com\/fr\/low-price-acwu-cable\/\" \/>\n<meta property=\"og:locale\" content=\"fr_FR\" \/>\n<meta property=\"og:type\" content=\"article\" \/>\n<meta property=\"og:title\" content=\"3C 4C ACWU Cable #2 #4 #6 Price | 4\/0 3 conductor ACWU90 AIA Cable\" \/>\n<meta property=\"og:description\" content=\"As #2 #4 #6 gauge 3 conductor acwu90 cable manufacturer, we can supply best 600v 4\/0 3C 4C aluminum xlpe acwu cable Canada price per meter.\" \/>\n<meta property=\"og:url\" content=\"http:\/\/huadongswacable.com\/fr\/low-price-acwu-cable\/\" \/>\n<meta property=\"og:site_name\" content=\"Huadong SWA Cable\" \/>\n<meta property=\"article:modified_time\" content=\"2022-12-19T07:59:32+00:00\" \/>\n<meta property=\"og:image\" content=\"https:\/\/huadongswacable.com\/wp-content\/uploads\/2021\/10\/how-much-is-600V-2-4-6-3C-4C-acwu90-cable-per-meter.jpg\" \/>\n<meta name=\"twitter:card\" content=\"summary_large_image\" \/>\n<meta name=\"twitter:label1\" content=\"Dur\u00e9e de lecture estim\u00e9e\" \/>\n\t<meta name=\"twitter:data1\" content=\"4 minutes\" \/>\n<script type=\"application\/ld+json\" class=\"yoast-schema-graph\">{\"@context\":\"https:\/\/schema.org\",\"@graph\":[{\"@type\":\"WebSite\",\"@id\":\"http:\/\/huadongswacable.com\/ru\/#website\",\"url\":\"http:\/\/huadongswacable.com\/ru\/\",\"name\":\"Huadong SWA Cable\",\"description\":\"Huadong SWA Cable\",\"potentialAction\":[{\"@type\":\"SearchAction\",\"target\":{\"@type\":\"EntryPoint\",\"urlTemplate\":\"http:\/\/huadongswacable.com\/ru\/?s={search_term_string}\"},\"query-input\":\"required name=search_term_string\"}],\"inLanguage\":\"fr-FR\"},{\"@type\":\"ImageObject\",\"@id\":\"http:\/\/huadongswacable.com\/fr\/low-price-acwu-cable\/#primaryimage\",\"inLanguage\":\"fr-FR\",\"url\":\"https:\/\/huadongswacable.com\/wp-content\/uploads\/2021\/10\/how-much-is-600V-2-4-6-3C-4C-acwu90-cable-per-meter.jpg\",\"contentUrl\":\"https:\/\/huadongswacable.com\/wp-content\/uploads\/2021\/10\/how-much-is-600V-2-4-6-3C-4C-acwu90-cable-per-meter.jpg\",\"width\":828,\"height\":281,\"caption\":\"how much is 600V #2 #4 #6 3C 4C acwu90 cable per meter\"},{\"@type\":\"WebPage\",\"@id\":\"http:\/\/huadongswacable.com\/fr\/low-price-acwu-cable\/#webpage\",\"url\":\"http:\/\/huadongswacable.com\/fr\/low-price-acwu-cable\/\",\"name\":\"3C 4C ACWU Cable #2 #4 #6 Price | 4\/0 3 conductor ACWU90 AIA Cable\",\"isPartOf\":{\"@id\":\"http:\/\/huadongswacable.com\/ru\/#website\"},\"primaryImageOfPage\":{\"@id\":\"http:\/\/huadongswacable.com\/fr\/low-price-acwu-cable\/#primaryimage\"},\"datePublished\":\"2018-04-21T07:29:21+00:00\",\"dateModified\":\"2022-12-19T07:59:32+00:00\",\"description\":\"As #2 #4 #6 gauge 3 conductor acwu90 cable manufacturer, we can supply best 600v 4\/0 3C 4C aluminum xlpe acwu cable Canada price per meter.\",\"breadcrumb\":{\"@id\":\"http:\/\/huadongswacable.com\/fr\/low-price-acwu-cable\/#breadcrumb\"},\"inLanguage\":\"fr-FR\",\"potentialAction\":[{\"@type\":\"ReadAction\",\"target\":[\"http:\/\/huadongswacable.com\/fr\/low-price-acwu-cable\/\"]}]},{\"@type\":\"BreadcrumbList\",\"@id\":\"http:\/\/huadongswacable.com\/fr\/low-price-acwu-cable\/#breadcrumb\",\"itemListElement\":[{\"@type\":\"ListItem\",\"position\":1,\"name\":\"Home\",\"item\":\"http:\/\/huadongswacable.com\/ru\/\"},{\"@type\":\"ListItem\",\"position\":2,\"name\":\"ACWU Cable 600V 1C 3C 4C 1AWG 2AWG 4AWG 6AWG AIA Cable\"}]}]}<\/script>\n<!-- \/ Yoast SEO plugin. -->","yoast_head_json":{"title":"3C 4C ACWU Cable #2 #4 #6 Price | 4\/0 3 conductor ACWU90 AIA Cable","description":"As #2 #4 #6 gauge 3 conductor acwu90 cable manufacturer, we can supply best 600v 4\/0 3C 4C aluminum xlpe acwu cable Canada price per meter.","robots":{"index":"index","follow":"follow","max-snippet":"max-snippet:-1","max-image-preview":"max-image-preview:large","max-video-preview":"max-video-preview:-1"},"canonical":"http:\/\/huadongswacable.com\/fr\/low-price-acwu-cable\/","og_locale":"fr_FR","og_type":"article","og_title":"3C 4C ACWU Cable #2 #4 #6 Price | 4\/0 3 conductor ACWU90 AIA Cable","og_description":"As #2 #4 #6 gauge 3 conductor acwu90 cable manufacturer, we can supply best 600v 4\/0 3C 4C aluminum xlpe acwu cable Canada price per meter.","og_url":"http:\/\/huadongswacable.com\/fr\/low-price-acwu-cable\/","og_site_name":"Huadong SWA Cable","article_modified_time":"2022-12-19T07:59:32+00:00","og_image":[{"url":"https:\/\/huadongswacable.com\/wp-content\/uploads\/2021\/10\/how-much-is-600V-2-4-6-3C-4C-acwu90-cable-per-meter.jpg"}],"twitter_card":"summary_large_image","twitter_misc":{"Dur\u00e9e de lecture estim\u00e9e":"4 minutes"},"schema":{"@context":"https:\/\/schema.org","@graph":[{"@type":"WebSite","@id":"http:\/\/huadongswacable.com\/ru\/#website","url":"http:\/\/huadongswacable.com\/ru\/","name":"Huadong SWA Cable","description":"Huadong SWA Cable","potentialAction":[{"@type":"SearchAction","target":{"@type":"EntryPoint","urlTemplate":"http:\/\/huadongswacable.com\/ru\/?s={search_term_string}"},"query-input":"required name=search_term_string"}],"inLanguage":"fr-FR"},{"@type":"ImageObject","@id":"http:\/\/huadongswacable.com\/fr\/low-price-acwu-cable\/#primaryimage","inLanguage":"fr-FR","url":"https:\/\/huadongswacable.com\/wp-content\/uploads\/2021\/10\/how-much-is-600V-2-4-6-3C-4C-acwu90-cable-per-meter.jpg","contentUrl":"https:\/\/huadongswacable.com\/wp-content\/uploads\/2021\/10\/how-much-is-600V-2-4-6-3C-4C-acwu90-cable-per-meter.jpg","width":828,"height":281,"caption":"how much is 600V #2 #4 #6 3C 4C acwu90 cable per meter"},{"@type":"WebPage","@id":"http:\/\/huadongswacable.com\/fr\/low-price-acwu-cable\/#webpage","url":"http:\/\/huadongswacable.com\/fr\/low-price-acwu-cable\/","name":"3C 4C ACWU Cable #2 #4 #6 Price | 4\/0 3 conductor ACWU90 AIA Cable","isPartOf":{"@id":"http:\/\/huadongswacable.com\/ru\/#website"},"primaryImageOfPage":{"@id":"http:\/\/huadongswacable.com\/fr\/low-price-acwu-cable\/#primaryimage"},"datePublished":"2018-04-21T07:29:21+00:00","dateModified":"2022-12-19T07:59:32+00:00","description":"As #2 #4 #6 gauge 3 conductor acwu90 cable manufacturer, we can supply best 600v 4\/0 3C 4C aluminum xlpe acwu cable Canada price per meter.","breadcrumb":{"@id":"http:\/\/huadongswacable.com\/fr\/low-price-acwu-cable\/#breadcrumb"},"inLanguage":"fr-FR","potentialAction":[{"@type":"ReadAction","target":["http:\/\/huadongswacable.com\/fr\/low-price-acwu-cable\/"]}]},{"@type":"BreadcrumbList","@id":"http:\/\/huadongswacable.com\/fr\/low-price-acwu-cable\/#breadcrumb","itemListElement":[{"@type":"ListItem","position":1,"name":"Home","item":"http:\/\/huadongswacable.com\/ru\/"},{"@type":"ListItem","position":2,"name":"ACWU Cable 600V 1C 3C 4C 1AWG 2AWG 4AWG 6AWG AIA Cable"}]}]}},"_links":{"self":[{"href":"https:\/\/huadongswacable.com\/fr\/wp-json\/wp\/v2\/pages\/862","targetHints":{"allow":["GET"]}}],"collection":[{"href":"https:\/\/huadongswacable.com\/fr\/wp-json\/wp\/v2\/pages"}],"about":[{"href":"https:\/\/huadongswacable.com\/fr\/wp-json\/wp\/v2\/types\/page"}],"author":[{"embeddable":true,"href":"https:\/\/huadongswacable.com\/fr\/wp-json\/wp\/v2\/users\/1"}],"replies":[{"embeddable":true,"href":"https:\/\/huadongswacable.com\/fr\/wp-json\/wp\/v2\/comments?post=862"}],"version-history":[{"count":29,"href":"https:\/\/huadongswacable.com\/fr\/wp-json\/wp\/v2\/pages\/862\/revisions"}],"predecessor-version":[{"id":7780,"href":"https:\/\/huadongswacable.com\/fr\/wp-json\/wp\/v2\/pages\/862\/revisions\/7780"}],"wp:attachment":[{"href":"https:\/\/huadongswacable.com\/fr\/wp-json\/wp\/v2\/media?parent=862"}],"curies":[{"name":"wp","href":"https:\/\/api.w.org\/{rel}","templated":true}]}}