{"id":81,"date":"2018-03-08T12:01:33","date_gmt":"2018-03-08T04:01:33","guid":{"rendered":"http:\/\/huadongswacable.com\/?page_id=81"},"modified":"2022-12-19T14:37:02","modified_gmt":"2022-12-19T06:37:02","slug":"5-core-armoured-cable-customization","status":"publish","type":"page","link":"https:\/\/huadongswacable.com\/fr\/5-core-armoured-cable-customization\/","title":{"rendered":"6mm 10mm 16mm 25mm 35mm 5 Core Armoured Cable Customization"},"content":{"rendered":"<p><img loading=\"lazy\" decoding=\"async\" class=\"aligncenter wp-image-5084\" src=\"https:\/\/huadongswacable.com\/wp-content\/uploads\/2020\/12\/25mm-5-core-swa-cable-specification.jpg\" alt=\"Sp\u00e9cification du c\u00e2ble swa \u00e0 5 conducteurs de 25 mm\" width=\"761\" height=\"217\" srcset=\"https:\/\/huadongswacable.com\/wp-content\/uploads\/2020\/12\/25mm-5-core-swa-cable-specification.jpg 750w, https:\/\/huadongswacable.com\/wp-content\/uploads\/2020\/12\/25mm-5-core-swa-cable-specification-300x86.jpg 300w\" sizes=\"auto, (max-width: 761px) 100vw, 761px\" \/><\/p>\n<p>Veuillez nous envoyer votre liste de c\u00e2bles d'alimentation arm\u00e9s \u00e0 5 conducteurs de 16 mm et votre quantit\u00e9 de commande. Notre responsable des ventes vous enverra nos documents d'offre dans les 12 heures.<\/p>\n<p style=\"text-align: center;\"><span class=\"su-lightbox\" data-mfp-src=\"#Popup\" data-mfp-type=\"inline\" data-mobile=\"yes\"><button class=\"btn btn-danger btn-sm\" ><i class=\"fa fa-hand-o-right\" style=\"color:#ffffff;\"><\/i> Obtenir un devis<\/button><\/span>\n<h2>C\u00e2ble arm\u00e9 \u00e0 5 conducteurs du groupe Huadong<\/h2>\n<p>Huadong Cable Group est l'un des principaux fabricants de c\u00e2bles arm\u00e9s \u00e0 5 conducteurs. Nous fournissons <a href=\"https:\/\/huadongswacable.com\/fr\/prevenir-lincendie-du-cable-dalimentation-basse-tension\/\">c\u00e2ble arm\u00e9 basse tension<\/a> et <a href=\"https:\/\/huadongswacable.com\/fr\/xlpe-medium-voltage-cable-customization\/\">c\u00e2ble arm\u00e9 moyenne tension<\/a>.  Tous ces c\u00e2bles arm\u00e9s \u00e0 5 conducteurs sont conformes aux normes et sp\u00e9cifications am\u00e9ricaines, britanniques, fran\u00e7aises, europ\u00e9ennes et internationales. Il s'agit notamment du c\u00e2ble swa \u00e0 3 conducteurs, du c\u00e2ble swa \u00e0 4 conducteurs, du c\u00e2ble swa \u00e0 5 conducteurs, etc. Bien entendu, nous sommes en mesure de fournir une gamme compl\u00e8te de c\u00e2ble swa \u00e0 5 conducteurs. En m\u00eame temps, nous pouvons personnaliser le c\u00e2ble swa \u00e0 5 conducteurs pour r\u00e9pondre aux sp\u00e9cifications ou aux normes du march\u00e9 et des clients. Quelle que soit la taille de la section transversale du conducteur du c\u00e2ble swa \u00e0 5 phases et du conducteur du c\u00e2ble blind\u00e9 \u00e0 5 conducteurs, nous le produirons pour vous. Nous les produirons pour vous. Il vous suffit de nous faire part de vos exigences.<\/p>\n<div class=\"row prolisttable\">\n<div class=\"row\"><\/div>\n<div class=\"col-lg-4 col-md-12 col-xs-12 col-sm-12\">\n<p>&nbsp;<\/p>\n<p><img loading=\"lazy\" decoding=\"async\" class=\"aligncenter wp-image-642\" src=\"https:\/\/huadongswacable.com\/wp-content\/uploads\/2018\/04\/PVC-5-core-swa-cable-free-samples.jpg\" alt=\"PVC 5 core swa cable \u00e9chantillons gratuits\" width=\"373\" height=\"283\" srcset=\"https:\/\/huadongswacable.com\/wp-content\/uploads\/2018\/04\/PVC-5-core-swa-cable-free-samples.jpg 328w, https:\/\/huadongswacable.com\/wp-content\/uploads\/2018\/04\/PVC-5-core-swa-cable-free-samples-300x228.jpg 300w\" sizes=\"auto, (max-width: 373px) 100vw, 373px\" \/><\/p>\n<\/div>\n<div class=\"col-lg-8 col-md-12 col-xs-12 col-sm-12\">\n<p><strong>Chef d'orchestre :<\/strong> Aluminium ou cuivre<\/p>\n<p><strong>Tension :<\/strong> jusqu'\u00e0 35 KV<\/p>\n<p><strong>Blind\u00e9 :<\/strong> SWA (Steel Wire Armoured) \/ STA (Steel Tape Armoured) \/ AWA (Aluminium Wire Armoured)<\/p>\n<p><strong>Isolation :<\/strong> XLPE \/ PVC \/ LSF \/ R\u00e9sistant au feu<\/p>\n<p><strong>Standard :<\/strong> IEC 60502, BS 7870, GB\/ T12706 ou autres.<\/p>\n<p><strong>Application :<\/strong> B\u00e2timent, ing\u00e9nierie, chemin de fer, \u00e9cole, h\u00f4pital, m\u00e9tro, etc.<\/p>\n<p style=\"text-align: center;\"><span class=\"su-lightbox\" data-mfp-src=\"#Popup\" data-mfp-type=\"inline\" data-mobile=\"yes\"><button class=\"btn btn-danger btn-sm\" ><i class=\"fa fa-hand-o-right\" style=\"color:#ffffff;\"><\/i> Obtenir un devis<\/button><\/span>\n<\/div>\n<\/div>\n<h2>Quelle est la structure d'un c\u00e2ble arm\u00e9 \u00e0 5 conducteurs de 10 mm ?<\/h2>\n<p>En g\u00e9n\u00e9ral, la construction de 5 noyaux <a href=\"https:\/\/huadongswacable.com\/fr\/prix-du-cable-blinde-de-10-mm\/\" target=\"_blank\" rel=\"noopener noreferrer\">C\u00e2ble swa de 10 mm<\/a> comprend quatre \u00e9l\u00e9ments. Il s'agit du conducteur, de l'isolation, du rev\u00eatement int\u00e9rieur et de la gaine. Le conducteur du c\u00e2ble arm\u00e9 \u00e0 5 conducteurs est un fil de cuivre ou d'aluminium. C'est la partie la plus importante du c\u00e2ble arm\u00e9 \u00e0 5 conducteurs.<\/p>\n<div class=\"row prolisttable\">\n<div class=\"row\"><\/div>\n<div class=\"col-lg-4 col-md-12 col-xs-12 col-sm-12\">\n<img loading=\"lazy\" decoding=\"async\" class=\"aligncenter size-full wp-image-5094\" src=\"https:\/\/huadongswacable.com\/wp-content\/uploads\/2020\/12\/0.6-1kv-10mm-5-core-swa-cable-.jpg\" alt=\"0,6\/1kv 10mm 5 core swa cable size\" width=\"298\" height=\"294\" \/><\/div>\n<div class=\"col-lg-8 col-md-12 col-xs-12 col-sm-12\">\n<p><strong>Tension :<\/strong> 0,6\/1KV<\/p>\n<p><strong>Taille :<\/strong> 4mm, 6mm, 10mm, 16mm, 25mm, 35mm, 50mm, 70mm, 95mm, 120mm, 185mm, etc.<\/p>\n<p><strong>Blind\u00e9 :<\/strong> SWA (Steel Wire Armoured) \/ STA (Steel Tape Armoured) \/ AWA (Aluminium Wire Armoured)<\/p>\n<p><strong>Isolation :<\/strong> XLPE \/ PVC \/ LSF \/ R\u00e9sistant au feu<\/p>\n<p><strong>Standard :<\/strong> IEC 60502, BS 7870, GB\/ T12706 ou autres.<\/p>\n<p><strong>Emballage :<\/strong>\u00a0Tambour en fer ou en bois<\/p>\n<p style=\"text-align: center;\"><span class=\"su-lightbox\" data-mfp-src=\"#Popup\" data-mfp-type=\"inline\" data-mobile=\"yes\"><button class=\"btn btn-danger btn-sm\" ><i class=\"fa fa-hand-o-right\" style=\"color:#ffffff;\"><\/i> Obtenir un devis<\/button><\/span>\n<\/div>\n<\/div>\n<p>Le mat\u00e9riau de la couche isolante est le XLPE ou le PVC. L'isolation XLPE pr\u00e9sente une r\u00e9sistance \u00e0 la temp\u00e9rature plus \u00e9lev\u00e9e que l'isolation PVC. L'excellente rigidit\u00e9 di\u00e9lectrique du c\u00e2ble swa \u00e0 5 conducteurs lui conf\u00e8re de meilleures propri\u00e9t\u00e9s \u00e9lectriques. L'armure en fil d'acier fournit une protection m\u00e9canique qui permet au c\u00e2ble swa \u00e0 5 conducteurs de r\u00e9sister aux contraintes m\u00e9caniques. Si vous souhaitez obtenir plus de d\u00e9tails sur la structure du c\u00e2ble swa \u00e0 5 conducteurs, contactez-nous.<\/p>\n<p><img loading=\"lazy\" decoding=\"async\" class=\"aligncenter size-full wp-image-5377\" src=\"https:\/\/huadongswacable.com\/wp-content\/uploads\/2021\/03\/get-best-25mm-5-core-armoured-cable-price.jpg\" alt=\"get best 25mm 5 core armoured cable price\" width=\"800\" height=\"245\" srcset=\"https:\/\/huadongswacable.com\/wp-content\/uploads\/2021\/03\/get-best-25mm-5-core-armoured-cable-price.jpg 800w, https:\/\/huadongswacable.com\/wp-content\/uploads\/2021\/03\/get-best-25mm-5-core-armoured-cable-price-300x92.jpg 300w, https:\/\/huadongswacable.com\/wp-content\/uploads\/2021\/03\/get-best-25mm-5-core-armoured-cable-price-768x235.jpg 768w\" sizes=\"auto, (max-width: 800px) 100vw, 800px\" \/><\/p>\n<p style=\"text-align: center;\"><span class=\"su-lightbox\" data-mfp-src=\"#Popup\" data-mfp-type=\"inline\" data-mobile=\"yes\"><button class=\"btn btn-danger btn-sm\" ><i class=\"fa fa-hand-o-right\" style=\"color:#ffffff;\"><\/i> Obtenir un devis<\/button><\/span>\n<h2>Huadong Group fournit un service personnalis\u00e9 de c\u00e2ble swa \u00e0 5 conducteurs.<\/h2>\n<p>Huadong produit une large gamme de c\u00e2bles arm\u00e9s en fil d'acier \u00e0 5 \u00e2mes destin\u00e9s aux applications utilitaires. Nous fournissons des c\u00e2bles arm\u00e9s \u00e0 5 \u00e2mes pour des tensions allant de 0,6\/1kv (c\u00e2ble d'alimentation basse tension) \u00e0 35KV (c\u00e2ble moyenne tension). Les mat\u00e9riaux d'isolation peuvent \u00eatre l'EPR, le PVC, le XLPE et le HPTE. Le conducteur peut \u00eatre en cuivre massif ou toronn\u00e9, ou en aluminium en triplex et quintuplex. Le c\u00e2ble d'alimentation \u00e0 5 conducteurs peut \u00eatre arm\u00e9 ou non arm\u00e9. Nous suivrons strictement les sp\u00e9cifications du c\u00e2ble arm\u00e9 \u00e0 5 conducteurs que vous nous fournirez. Dans notre usine, nous pouvons fournir des c\u00e2bles de 10 mm, 16 mm, 25 mm, 50 mm, 70 mm, 95 mm, 120 mm, 150 mm, 185 mm, 240 mm, 300 mm et d'autres dimensions.  De quel type de c\u00e2ble swa \u00e0 5 conducteurs avez-vous besoin ? Laissez-nous un message d\u00e8s maintenant pour obtenir un devis, nous vous r\u00e9pondrons dans les plus brefs d\u00e9lais.<\/p>\n<p><img loading=\"lazy\" decoding=\"async\" class=\"size-full aligncenter\" src=\"https:\/\/huadongswacable.com\/wp-content\/uploads\/2020\/08\/240mm-aluminium-sector-cable-price.jpg\" alt=\"Fabricant de c\u00e2bles arm\u00e9s swa \u00e0 5 conducteurs\" width=\"800\" height=\"414\" \/><\/p>\n<div class=\"su-lightbox-content su-u-trim\" id=\"Popup\" style=\"display:none;width:auto;min-width:50%;max-width:70%;margin-top:40px;margin-bottom:40px;padding:40px;background:#e8e5e5;color:#060473;box-shadow:0px 0px 15px #333333;text-align:left\"><div role=\"form\" class=\"wpcf7\" id=\"wpcf7-f5571-o1\" lang=\"en-US\" dir=\"ltr\">\n<div class=\"screen-reader-response\"><p role=\"status\" aria-live=\"polite\" aria-atomic=\"true\"><\/p> <ul><\/ul><\/div>\n<form action=\"\/fr\/wp-json\/wp\/v2\/pages\/81#wpcf7-f5571-o1\" method=\"post\" class=\"wpcf7-form init\" novalidate=\"novalidate\" data-status=\"init\" data-trp-original-action=\"\/fr\/wp-json\/wp\/v2\/pages\/81#wpcf7-f5571-o1\">\n<div style=\"display: none;\">\n<input type=\"hidden\" name=\"_wpcf7\" value=\"5571\" \/>\n<input type=\"hidden\" name=\"_wpcf7_version\" value=\"5.5.6\" \/>\n<input type=\"hidden\" name=\"_wpcf7_locale\" value=\"en_US\" \/>\n<input type=\"hidden\" name=\"_wpcf7_unit_tag\" value=\"wpcf7-f5571-o1\" \/>\n<input type=\"hidden\" name=\"_wpcf7_container_post\" value=\"0\" \/>\n<input type=\"hidden\" name=\"_wpcf7_posted_data_hash\" value=\"\" \/>\n<\/div>\n<div class=\"popmakerform\">\n<p>Votre nom <span style=\"color:red;\">*<span><br \/>\n<span class=\"wpcf7-form-control-wrap your-name\"><input type=\"text\" name=\"your-name\" value=\"\" size=\"40\" class=\"wpcf7-form-control wpcf7-text wpcf7-validates-as-required\" aria-required=\"true\" aria-invalid=\"false\" \/><\/span><\/p>\n<p>Votre courriel <span style=\"color:red;\">*<span><br \/>\n<span class=\"wpcf7-form-control-wrap your-email\"><input type=\"email\" name=\"your-email\" value=\"\" size=\"40\" class=\"wpcf7-form-control wpcf7-text wpcf7-email wpcf7-validates-as-required wpcf7-validates-as-email\" aria-required=\"true\" aria-invalid=\"false\" \/><\/span><\/p>\n<p>Votre num\u00e9ro de t\u00e9l\u00e9phone<br \/>\n<span class=\"wpcf7-form-control-wrap your-phone\"><input type=\"text\" name=\"your-phone\" value=\"\" size=\"40\" class=\"wpcf7-form-control wpcf7-text\" aria-invalid=\"false\" \/><\/span><\/p>\n<p>Votre pays<br \/>\n<span class=\"wpcf7-form-control-wrap your-country\"><input type=\"text\" name=\"your-country\" value=\"\" size=\"40\" class=\"wpcf7-form-control wpcf7-text\" aria-invalid=\"false\" \/><\/span><\/p>\n<p>Exigence d\u00e9taill\u00e9e <span style=\"color:red;\">*<span><br \/>\n<span class=\"wpcf7-form-control-wrap your-requirement\"><textarea name=\"your-requirement\" cols=\"40\" rows=\"4\" class=\"wpcf7-form-control wpcf7-textarea wpcf7-validates-as-required\" aria-required=\"true\" aria-invalid=\"false\"><\/textarea><\/span><\/p>\n<p><input type=\"submit\" value=\"Obtenir un devis\" class=\"wpcf7-form-control has-spinner wpcf7-submit\" \/><\/p>\n<\/div>\n<p style=\"display: none !important;\"><label>&#916;<textarea name=\"_wpcf7_ak_hp_textarea\" cols=\"45\" rows=\"8\" maxlength=\"100\"><\/textarea><\/label><input type=\"hidden\" id=\"ak_js_1\" name=\"_wpcf7_ak_js\" value=\"233\"\/><script>document.getElementById( \"ak_js_1\" ).setAttribute( \"value\", ( new Date() ).getTime() );<\/script><\/p><input type='hidden' class='wpcf7-pum' value='{\"closepopup\":false,\"closedelay\":0,\"openpopup\":false,\"openpopup_id\":0}' \/><div class=\"wpcf7-response-output\" aria-hidden=\"true\"><\/div><input type=\"hidden\" name=\"trp-form-language\" value=\"fr\"\/><\/form><\/div><\/div>\n<h3>N'h\u00e9sitez pas \u00e0 nous faire part de vos besoins. Nous vous r\u00e9pondrons dans les 12 heures.<\/h3>\n<p><strong>Courriel : <a href=\"mailto:info@huadongswacable.com\" rel=\"nofollow\">info@huadongswacable.com<\/a><\/strong><\/p>\n<div role=\"form\" class=\"wpcf7\" id=\"wpcf7-f6-o2\" lang=\"en-US\" dir=\"ltr\">\n<div class=\"screen-reader-response\"><p role=\"status\" aria-live=\"polite\" aria-atomic=\"true\"><\/p> <ul><\/ul><\/div>\n<form action=\"\/fr\/wp-json\/wp\/v2\/pages\/81#wpcf7-f6-o2\" method=\"post\" class=\"wpcf7-form init\" novalidate=\"novalidate\" data-status=\"init\" data-trp-original-action=\"\/fr\/wp-json\/wp\/v2\/pages\/81#wpcf7-f6-o2\">\n<div style=\"display: none;\">\n<input type=\"hidden\" name=\"_wpcf7\" value=\"6\" \/>\n<input type=\"hidden\" name=\"_wpcf7_version\" value=\"5.5.6\" \/>\n<input type=\"hidden\" name=\"_wpcf7_locale\" value=\"en_US\" \/>\n<input type=\"hidden\" name=\"_wpcf7_unit_tag\" value=\"wpcf7-f6-o2\" \/>\n<input type=\"hidden\" name=\"_wpcf7_container_post\" value=\"0\" \/>\n<input type=\"hidden\" name=\"_wpcf7_posted_data_hash\" value=\"\" \/>\n<\/div>\n<div class=\"messageform\">\n<p><strong><span style=\"color:red;\"><\/span> Votre nom<\/strong><br \/>\n    <span class=\"wpcf7-form-control-wrap your-name\"><input type=\"text\" name=\"your-name\" value=\"\" size=\"40\" class=\"wpcf7-form-control wpcf7-text\" aria-invalid=\"false\" \/><\/span> <\/p>\n<p><strong><span style=\"color:red;\">*<\/span> Votre courriel<\/strong><br \/>\n    <span class=\"wpcf7-form-control-wrap your-email\"><input type=\"email\" name=\"your-email\" value=\"\" size=\"40\" class=\"wpcf7-form-control wpcf7-text wpcf7-email wpcf7-validates-as-required wpcf7-validates-as-email\" aria-required=\"true\" aria-invalid=\"false\" \/><\/span> <\/p>\n<p><strong>Votre num\u00e9ro de t\u00e9l\u00e9phone<\/strong><br \/>\n    <span class=\"wpcf7-form-control-wrap your-phone\"><input type=\"text\" name=\"your-phone\" value=\"\" size=\"40\" class=\"wpcf7-form-control wpcf7-text\" aria-invalid=\"false\" placeholder=\"Inclure l&#039;indicatif r\u00e9gional\" \/><\/span> <\/p>\n<p><strong>Votre pays<\/strong><br \/>\n    <span class=\"wpcf7-form-control-wrap your-country\"><input type=\"text\" name=\"your-country\" value=\"\" size=\"40\" class=\"wpcf7-form-control wpcf7-text\" aria-invalid=\"false\" \/><\/span> <\/p>\n<p><strong><span style=\"color:red;\">*<\/span> Votre demande<\/strong><br \/>\n    <span class=\"wpcf7-form-control-wrap your-requirement\"><textarea name=\"your-requirement\" cols=\"40\" rows=\"10\" class=\"wpcf7-form-control wpcf7-textarea wpcf7-validates-as-required bestonmessage\" aria-required=\"true\" aria-invalid=\"false\" placeholder=\"Pour un devis d\u00e9taill\u00e9, veuillez nous envoyer votre demande d\u00e9taill\u00e9e.\"><\/textarea><\/span> <\/p>\n<p><input type=\"submit\" value=\"Envoyer un message\" class=\"wpcf7-form-control has-spinner wpcf7-submit\" \/><\/p>\n<\/div>\n<p style=\"display: none !important;\"><label>&#916;<textarea name=\"_wpcf7_ak_hp_textarea\" cols=\"45\" rows=\"8\" maxlength=\"100\"><\/textarea><\/label><input type=\"hidden\" id=\"ak_js_2\" name=\"_wpcf7_ak_js\" value=\"207\"\/><script>document.getElementById( \"ak_js_2\" ).setAttribute( \"value\", ( new Date() ).getTime() );<\/script><\/p><input type='hidden' class='wpcf7-pum' value='{\"closepopup\":false,\"closedelay\":0,\"openpopup\":false,\"openpopup_id\":0}' \/><div class=\"wpcf7-response-output\" aria-hidden=\"true\"><\/div><input type=\"hidden\" name=\"trp-form-language\" value=\"fr\"\/><\/form><\/div>","protected":false},"excerpt":{"rendered":"<p>Veuillez nous envoyer votre liste de c\u00e2bles d'alimentation arm\u00e9s \u00e0 5 conducteurs de 16 mm et votre quantit\u00e9 de commande. Notre responsable des ventes vous enverra nos documents d'offre dans les 12 heures. C\u00e2ble arm\u00e9 \u00e0 5 conducteurs de Huadong Group Huadong Cable Group est un fabricant leader de c\u00e2ble arm\u00e9 \u00e0 5 conducteurs. Nous fournissons des c\u00e2bles arm\u00e9s basse tension et des c\u00e2bles arm\u00e9s ... <a class=\"read-more\" href=\"https:\/\/huadongswacable.com\/fr\/5-core-armoured-cable-customization\/\">Lire plus...<\/a><\/p>","protected":false},"author":1,"featured_media":0,"parent":0,"menu_order":0,"comment_status":"closed","ping_status":"closed","template":"","meta":{"footnotes":""},"class_list":["post-81","page","type-page","status-publish"],"yoast_head":"<!-- This site is optimized with the Yoast SEO plugin v18.4.1 - https:\/\/yoast.com\/wordpress\/plugins\/seo\/ -->\n<title>6mm 10mm 16mm 25mm 35mm 5 Core Armoured Cable-HDC SWA Cable<\/title>\n<meta name=\"description\" content=\"Best 6mm 10mm 16mm 25mm 35mm 5 core armoured cable for sale. As a 5 core swa cable supplier, we can give you cheap 5 core swa cable price .\" \/>\n<meta name=\"robots\" content=\"index, follow, max-snippet:-1, max-image-preview:large, max-video-preview:-1\" \/>\n<link rel=\"canonical\" href=\"http:\/\/huadongswacable.com\/fr\/5-core-armoured-cable-customization\/\" \/>\n<meta property=\"og:locale\" content=\"fr_FR\" \/>\n<meta property=\"og:type\" content=\"article\" \/>\n<meta property=\"og:title\" content=\"6mm 10mm 16mm 25mm 35mm 5 Core Armoured Cable-HDC SWA Cable\" \/>\n<meta property=\"og:description\" content=\"Best 6mm 10mm 16mm 25mm 35mm 5 core armoured cable for sale. As a 5 core swa cable supplier, we can give you cheap 5 core swa cable price .\" \/>\n<meta property=\"og:url\" content=\"http:\/\/huadongswacable.com\/fr\/5-core-armoured-cable-customization\/\" \/>\n<meta property=\"og:site_name\" content=\"Huadong SWA Cable\" \/>\n<meta property=\"article:modified_time\" content=\"2022-12-19T06:37:02+00:00\" \/>\n<meta property=\"og:image\" content=\"https:\/\/huadongswacable.com\/wp-content\/uploads\/2020\/12\/25mm-5-core-swa-cable-specification.jpg\" \/>\n<meta name=\"twitter:card\" content=\"summary_large_image\" \/>\n<meta name=\"twitter:label1\" content=\"Dur\u00e9e de lecture estim\u00e9e\" \/>\n\t<meta name=\"twitter:data1\" content=\"4 minutes\" \/>\n<script type=\"application\/ld+json\" class=\"yoast-schema-graph\">{\"@context\":\"https:\/\/schema.org\",\"@graph\":[{\"@type\":\"WebSite\",\"@id\":\"http:\/\/huadongswacable.com\/ru\/#website\",\"url\":\"http:\/\/huadongswacable.com\/ru\/\",\"name\":\"Huadong SWA Cable\",\"description\":\"Huadong SWA Cable\",\"potentialAction\":[{\"@type\":\"SearchAction\",\"target\":{\"@type\":\"EntryPoint\",\"urlTemplate\":\"http:\/\/huadongswacable.com\/ru\/?s={search_term_string}\"},\"query-input\":\"required name=search_term_string\"}],\"inLanguage\":\"fr-FR\"},{\"@type\":\"ImageObject\",\"@id\":\"http:\/\/huadongswacable.com\/es\/5-core-armoured-cable-customization\/#primaryimage\",\"inLanguage\":\"fr-FR\",\"url\":\"https:\/\/huadongswacable.com\/wp-content\/uploads\/2020\/12\/25mm-5-core-swa-cable-specification.jpg\",\"contentUrl\":\"https:\/\/huadongswacable.com\/wp-content\/uploads\/2020\/12\/25mm-5-core-swa-cable-specification.jpg\",\"width\":750,\"height\":214,\"caption\":\"25mm 5 core swa cable specification\"},{\"@type\":\"WebPage\",\"@id\":\"http:\/\/huadongswacable.com\/es\/5-core-armoured-cable-customization\/#webpage\",\"url\":\"http:\/\/huadongswacable.com\/es\/5-core-armoured-cable-customization\/\",\"name\":\"6mm 10mm 16mm 25mm 35mm 5 Core Armoured Cable-HDC SWA Cable\",\"isPartOf\":{\"@id\":\"http:\/\/huadongswacable.com\/ru\/#website\"},\"primaryImageOfPage\":{\"@id\":\"http:\/\/huadongswacable.com\/es\/5-core-armoured-cable-customization\/#primaryimage\"},\"datePublished\":\"2018-03-08T04:01:33+00:00\",\"dateModified\":\"2022-12-19T06:37:02+00:00\",\"description\":\"Best 6mm 10mm 16mm 25mm 35mm 5 core armoured cable for sale. As a 5 core swa cable supplier, we can give you cheap 5 core swa cable price .\",\"breadcrumb\":{\"@id\":\"http:\/\/huadongswacable.com\/es\/5-core-armoured-cable-customization\/#breadcrumb\"},\"inLanguage\":\"fr-FR\",\"potentialAction\":[{\"@type\":\"ReadAction\",\"target\":[\"http:\/\/huadongswacable.com\/es\/5-core-armoured-cable-customization\/\"]}]},{\"@type\":\"BreadcrumbList\",\"@id\":\"http:\/\/huadongswacable.com\/es\/5-core-armoured-cable-customization\/#breadcrumb\",\"itemListElement\":[{\"@type\":\"ListItem\",\"position\":1,\"name\":\"Home\",\"item\":\"http:\/\/huadongswacable.com\/ru\/\"},{\"@type\":\"ListItem\",\"position\":2,\"name\":\"6mm 10mm 16mm 25mm 35mm 5 Core Armoured Cable Customization\"}]}]}<\/script>\n<!-- \/ Yoast SEO plugin. -->","yoast_head_json":{"title":"6mm 10mm 16mm 25mm 35mm 5 Core Armoured Cable-HDC SWA Cable","description":"Best 6mm 10mm 16mm 25mm 35mm 5 core armoured cable for sale. As a 5 core swa cable supplier, we can give you cheap 5 core swa cable price .","robots":{"index":"index","follow":"follow","max-snippet":"max-snippet:-1","max-image-preview":"max-image-preview:large","max-video-preview":"max-video-preview:-1"},"canonical":"http:\/\/huadongswacable.com\/fr\/5-core-armoured-cable-customization\/","og_locale":"fr_FR","og_type":"article","og_title":"6mm 10mm 16mm 25mm 35mm 5 Core Armoured Cable-HDC SWA Cable","og_description":"Best 6mm 10mm 16mm 25mm 35mm 5 core armoured cable for sale. As a 5 core swa cable supplier, we can give you cheap 5 core swa cable price .","og_url":"http:\/\/huadongswacable.com\/fr\/5-core-armoured-cable-customization\/","og_site_name":"Huadong SWA Cable","article_modified_time":"2022-12-19T06:37:02+00:00","og_image":[{"url":"https:\/\/huadongswacable.com\/wp-content\/uploads\/2020\/12\/25mm-5-core-swa-cable-specification.jpg"}],"twitter_card":"summary_large_image","twitter_misc":{"Dur\u00e9e de lecture estim\u00e9e":"4 minutes"},"schema":{"@context":"https:\/\/schema.org","@graph":[{"@type":"WebSite","@id":"http:\/\/huadongswacable.com\/ru\/#website","url":"http:\/\/huadongswacable.com\/ru\/","name":"Huadong SWA Cable","description":"Huadong SWA Cable","potentialAction":[{"@type":"SearchAction","target":{"@type":"EntryPoint","urlTemplate":"http:\/\/huadongswacable.com\/ru\/?s={search_term_string}"},"query-input":"required name=search_term_string"}],"inLanguage":"fr-FR"},{"@type":"ImageObject","@id":"http:\/\/huadongswacable.com\/es\/5-core-armoured-cable-customization\/#primaryimage","inLanguage":"fr-FR","url":"https:\/\/huadongswacable.com\/wp-content\/uploads\/2020\/12\/25mm-5-core-swa-cable-specification.jpg","contentUrl":"https:\/\/huadongswacable.com\/wp-content\/uploads\/2020\/12\/25mm-5-core-swa-cable-specification.jpg","width":750,"height":214,"caption":"25mm 5 core swa cable specification"},{"@type":"WebPage","@id":"http:\/\/huadongswacable.com\/es\/5-core-armoured-cable-customization\/#webpage","url":"http:\/\/huadongswacable.com\/es\/5-core-armoured-cable-customization\/","name":"6mm 10mm 16mm 25mm 35mm 5 Core Armoured Cable-HDC SWA Cable","isPartOf":{"@id":"http:\/\/huadongswacable.com\/ru\/#website"},"primaryImageOfPage":{"@id":"http:\/\/huadongswacable.com\/es\/5-core-armoured-cable-customization\/#primaryimage"},"datePublished":"2018-03-08T04:01:33+00:00","dateModified":"2022-12-19T06:37:02+00:00","description":"Best 6mm 10mm 16mm 25mm 35mm 5 core armoured cable for sale. As a 5 core swa cable supplier, we can give you cheap 5 core swa cable price .","breadcrumb":{"@id":"http:\/\/huadongswacable.com\/es\/5-core-armoured-cable-customization\/#breadcrumb"},"inLanguage":"fr-FR","potentialAction":[{"@type":"ReadAction","target":["http:\/\/huadongswacable.com\/es\/5-core-armoured-cable-customization\/"]}]},{"@type":"BreadcrumbList","@id":"http:\/\/huadongswacable.com\/es\/5-core-armoured-cable-customization\/#breadcrumb","itemListElement":[{"@type":"ListItem","position":1,"name":"Home","item":"http:\/\/huadongswacable.com\/ru\/"},{"@type":"ListItem","position":2,"name":"6mm 10mm 16mm 25mm 35mm 5 Core Armoured Cable Customization"}]}]}},"_links":{"self":[{"href":"https:\/\/huadongswacable.com\/fr\/wp-json\/wp\/v2\/pages\/81","targetHints":{"allow":["GET"]}}],"collection":[{"href":"https:\/\/huadongswacable.com\/fr\/wp-json\/wp\/v2\/pages"}],"about":[{"href":"https:\/\/huadongswacable.com\/fr\/wp-json\/wp\/v2\/types\/page"}],"author":[{"embeddable":true,"href":"https:\/\/huadongswacable.com\/fr\/wp-json\/wp\/v2\/users\/1"}],"replies":[{"embeddable":true,"href":"https:\/\/huadongswacable.com\/fr\/wp-json\/wp\/v2\/comments?post=81"}],"version-history":[{"count":40,"href":"https:\/\/huadongswacable.com\/fr\/wp-json\/wp\/v2\/pages\/81\/revisions"}],"predecessor-version":[{"id":7772,"href":"https:\/\/huadongswacable.com\/fr\/wp-json\/wp\/v2\/pages\/81\/revisions\/7772"}],"wp:attachment":[{"href":"https:\/\/huadongswacable.com\/fr\/wp-json\/wp\/v2\/media?parent=81"}],"curies":[{"name":"wp","href":"https:\/\/api.w.org\/{rel}","templated":true}]}}