{"id":790,"date":"2018-04-20T11:46:06","date_gmt":"2018-04-20T03:46:06","guid":{"rendered":"http:\/\/huadongswacable.com\/?page_id=790"},"modified":"2022-12-19T15:30:12","modified_gmt":"2022-12-19T07:30:12","slug":"pvc-coated-mc-cable","status":"publish","type":"page","link":"https:\/\/huadongswacable.com\/fr\/cable-mc-enrobe-de-pvc\/","title":{"rendered":"8\/3 10\/2 10\/3 12\/2 12\/3 12\/4 PVC Coated MC Cable Supplier"},"content":{"rendered":"<h2>Achat d'un c\u00e2ble MC \u00e0 rev\u00eatement PVC aupr\u00e8s de Huadong<\/h2>\n<p>Le c\u00e2ble MC rev\u00eatu de PVC est un c\u00e2ble arm\u00e9 en alliage d'aluminium avec une gaine en PVC. Si vous avez besoin d'un c\u00e2ble MC \u00e0 gaine PVC, choisissez Huadong Cable Group. Huadong Cable Group est l'un des principaux fabricants de c\u00e2ble MC PVC \u00e0 3 conducteurs de calibre 12 en Chine. Nous sommes sp\u00e9cialis\u00e9s dans la production de divers types de c\u00e2bles, en particulier le c\u00e2ble MC \u00e0 gaine PVC. Compar\u00e9 \u00e0 d'autres fabricants de c\u00e2ble MC \u00e0 gaine PVC, nous avons de nombreux avantages qui valent la peine d'\u00eatre choisis.<\/p>\n<div class=\"row prolisttable\">\n<div class=\"col-lg-12 col-md-12 col-xs-12 col-sm-12\">\n<table>\n<tbody>\n<tr>\n<td><img loading=\"lazy\" decoding=\"async\" class=\"aligncenter wp-image-795 size-full\" src=\"https:\/\/huadongswacable.com\/wp-content\/uploads\/2018\/04\/pvc-jacketed-mc-cable-quotation.jpg\" alt=\"12\/2 pvc jacked mc cable quotation\" width=\"180\" height=\"304\" srcset=\"https:\/\/huadongswacable.com\/wp-content\/uploads\/2018\/04\/pvc-jacketed-mc-cable-quotation.jpg 180w, https:\/\/huadongswacable.com\/wp-content\/uploads\/2018\/04\/pvc-jacketed-mc-cable-quotation-178x300.jpg 178w\" sizes=\"auto, (max-width: 180px) 100vw, 180px\" \/><\/td>\n<td><strong>Conducteurs :<\/strong> Cuivre ou aluminium massif ou filaire<\/p>\n<p><strong>Nbre de c\u0153urs<\/strong> Un\/deux\/trois\/quatre<\/p>\n<p><strong>Couche d'armure :<\/strong> Armure verrouill\u00e9e en alliage d'aluminium<\/p>\n<p><strong>Veste ext\u00e9rieure : <\/strong>Chlorure de polyvinyle (PVC)<\/p>\n<p><strong>Tension :<\/strong> 600V, 1KV, 5KV, 15KV ou autres<\/p>\n<p><strong>Temp\u00e9rature maximale :<\/strong> -40\u00b0C \u00e0 90\u00b0C<\/td>\n<\/tr>\n<\/tbody>\n<\/table>\n<\/div>\n<\/div>\n<p>Nous pouvons garantir que notre soci\u00e9t\u00e9 a le prix le plus comp\u00e9titif pour le c\u00e2ble 12\/2 enrob\u00e9 de PVC et le prix le plus comp\u00e9titif pour le c\u00e2ble 12\/2 enrob\u00e9 de PVC. <a href=\"https:\/\/huadongswacable.com\/fr\/cable-teck-90-de-haute-qualite-a-bas-prix\/\" target=\"_blank\" rel=\"noopener noreferrer\">Prix du c\u00e2ble Teck90<\/a> pour la m\u00eame qualit\u00e9 de c\u00e2ble MC enrob\u00e9 de PVC. Le m\u00eame prix de c\u00e2ble MC enrob\u00e9 de PVC 12 gauge 3 conducteurs, la qualit\u00e9 de notre c\u00e2ble MC enrob\u00e9 de PVC est la meilleure. En m\u00eame temps, si vous avez besoin de beaucoup de c\u00e2ble MC PVC 12\/3, nous vous fournirons un prix r\u00e9duit de c\u00e2ble MC PVC 12\/2. Laissez-nous votre message et contactez-nous.<\/p>\n<p style=\"text-align: center;\"><span class=\"su-lightbox\" data-mfp-src=\"#Popup\" data-mfp-type=\"inline\" data-mobile=\"yes\"><button class=\"btn btn-danger btn-sm\" ><i class=\"fa fa-hand-o-right\" style=\"color:#ffffff;\"><\/i> Obtenir un devis<\/button><\/span>\n<h2>Obtenir le meilleur prix pour le c\u00e2ble MC 12\/2 \u00e0 gaine PVC<\/h2>\n<p>La raison pour laquelle le c\u00e2ble MC en PVC est populaire est qu'il pr\u00e9sente d'excellents avantages en termes de performances. Tout d'abord, la couche d'armure du c\u00e2ble MC \u00e0 gaine PVC 12\/2 est une armure \u00e0 verrouillage en alliage d'aluminium, tr\u00e8s l\u00e9g\u00e8re. De plus, le c\u00e2ble MC \u00e0 gaine en PVC est plus facile \u00e0 installer que le c\u00e2ble \u00e0 armure en fil d'acier. De plus, la r\u00e9sistance du c\u00e2ble MC 12\/3 \u00e0 gaine PVC est presque la m\u00eame que celle du c\u00e2ble arm\u00e9 en fil d'acier. Le c\u00e2ble MC en PVC convient non seulement aux environnements secs, mais aussi aux environnements humides. Le c\u00e2ble MC \u00e0 3 conducteurs enrob\u00e9 de PVC a une large gamme d'applications. Si vous souhaitez en savoir plus, n'h\u00e9sitez pas \u00e0 nous contacter. <img loading=\"lazy\" decoding=\"async\" class=\"aligncenter size-full wp-image-6441\" src=\"https:\/\/huadongswacable.com\/wp-content\/uploads\/2021\/10\/600v-12-3-conductor-copper-pvc-coated-mc-cable-price-list-Canada.jpg\" alt=\"600v 12-3 conductor copper pvc coated mc cable price list Canada\" width=\"800\" height=\"150\" srcset=\"https:\/\/huadongswacable.com\/wp-content\/uploads\/2021\/10\/600v-12-3-conductor-copper-pvc-coated-mc-cable-price-list-Canada.jpg 800w, https:\/\/huadongswacable.com\/wp-content\/uploads\/2021\/10\/600v-12-3-conductor-copper-pvc-coated-mc-cable-price-list-Canada-300x56.jpg 300w, https:\/\/huadongswacable.com\/wp-content\/uploads\/2021\/10\/600v-12-3-conductor-copper-pvc-coated-mc-cable-price-list-Canada-768x144.jpg 768w\" sizes=\"auto, (max-width: 800px) 100vw, 800px\" \/><\/p>\n<p>L'utilisation du c\u00e2ble MC rev\u00eatu de PVC 10\/2 permet \u00e9galement d'\u00e9conomiser le co\u00fbt de la pose de tuyaux ou de tranch\u00e9es. Il s'agit l\u00e0 d'un avantage incontournable du c\u00e2ble MC en PVC. Vous pouvez \u00e9conomiser beaucoup sur le c\u00e2ble MC \u00e0 rev\u00eatement PVC 8\/3 en achetant le c\u00e2ble MC \u00e0 gaine PVC Huadong. Si vous avez d'autres questions, n'h\u00e9sitez pas \u00e0 nous contacter. Nous vous invitons \u00e0 visiter notre usine de c\u00e2ble MC \u00e0 gaine PVC 10\/2. Nous attendons avec impatience votre demande. J'esp\u00e8re que nous pourrons avoir une coop\u00e9ration agr\u00e9able dans le futur.<\/p>\n<p style=\"text-align: center;\"><span class=\"su-lightbox\" data-mfp-src=\"#Popup\" data-mfp-type=\"inline\" data-mobile=\"yes\"><button class=\"btn btn-danger btn-sm\" ><i class=\"fa fa-hand-o-right\" style=\"color:#ffffff;\"><\/i> Obtenir un devis<\/button><\/span>\n<h2>Applications du c\u00e2ble arm\u00e9 \u00e0 verrouillage en alliage d'aluminium 12\/3<\/h2>\n<p>- Applications d'enfouissement direct, installation dans le b\u00e9ton et dans les endroits expos\u00e9s aux remblais de cendres, aux chlorures forts,<br \/>\nles alcalis caustiques ou les vapeurs de chlore ou d'acides chlorhydriques.<br \/>\n- Distribution de l'\u00e9lectricit\u00e9 en d\u00e9rivation, en alimentation et en service dans les secteurs commercial, industriel, institutionnel et industriel.<br \/>\nles b\u00e2timents multi-r\u00e9sidentiels.<br \/>\n- P\u00each\u00e9 ou encastr\u00e9 dans le pl\u00e2tre.<br \/>\n- Installations encastr\u00e9es ou apparentes<br \/>\n- Comme un c\u00e2ble a\u00e9rien sur un messager.<br \/>\n- Installation dans des chemins de c\u00e2bles et des canalisations approuv\u00e9es.<br \/>\n- Classe I Div. 2, Classe II Div. 2, et Classe III Div. 1 Emplacements dangereux.<\/p>\n<p><img loading=\"lazy\" decoding=\"async\" class=\"aligncenter wp-image-800\" src=\"https:\/\/huadongswacable.com\/wp-content\/uploads\/2018\/04\/China-Huadong-low-pvc-coated-mc-cable-price.jpg\" alt=\"Chine Huadong low 12 \/4 pvc coated mc cable price\" width=\"559\" height=\"280\" srcset=\"https:\/\/huadongswacable.com\/wp-content\/uploads\/2018\/04\/China-Huadong-low-pvc-coated-mc-cable-price.jpg 733w, https:\/\/huadongswacable.com\/wp-content\/uploads\/2018\/04\/China-Huadong-low-pvc-coated-mc-cable-price-300x150.jpg 300w\" sizes=\"auto, (max-width: 559px) 100vw, 559px\" \/><\/p>\n<p style=\"text-align: center;\"><span class=\"su-lightbox\" data-mfp-src=\"#Popup\" data-mfp-type=\"inline\" data-mobile=\"yes\"><button class=\"btn btn-danger btn-sm\" ><i class=\"fa fa-hand-o-right\" style=\"color:#ffffff;\"><\/i> Obtenir un devis<\/button><\/span>\n<h2>Qu'en est-il de l'usine du fabricant du c\u00e2ble MC \u00e0 rev\u00eatement PVC 10\/2 ?<\/h2>\n<p>En tant que l'un des plus grands fabricants de c\u00e2bles MC \u00e0 gaine PVC, nous fournissons \u00e0 nos clients de nombreux c\u00e2bles arm\u00e9s en alliage d'aluminium, tels que le c\u00e2ble teck90, <a href=\"https:\/\/huadongswacable.com\/fr\/prix-bas-acwu-cable\/\" target=\"_blank\" rel=\"noopener noreferrer\">acwu aia cable<\/a>. D'une part, nous choisissons de l'aluminium et du cuivre de qualit\u00e9 sup\u00e9rieure comme conducteurs du c\u00e2ble MC \u00e0 gaine PVC 10\/2. De plus, le prix de notre c\u00e2ble MC \u00e0 gaine PVC de calibre 12 est tr\u00e8s raisonnable. Parce que nous sommes un fournisseur direct de c\u00e2ble MC \u00e0 gaine PVC 3 conducteurs. De plus, nous avons export\u00e9 notre c\u00e2ble blind\u00e9 \u00e0 verrouillage en alliage d'aluminium 10\/2 vers de nombreux pays. Ainsi, vous pouvez constater que le prix de notre c\u00e2ble MC 12\/2 \u00e0 gaine PVC est diff\u00e9rent du prix du c\u00e2ble MC \u00e0 gaine PVC au Canada.<\/p>\n<p><img loading=\"lazy\" decoding=\"async\" width=\"751\" height=\"295\" class=\"wp-image-805 aligncenter\" src=\"https:\/\/huadongswacable.com\/wp-content\/uploads\/2018\/04\/Huadong-PVC-Coated-MC-Cable-Stock.jpg\" alt=\"&quot;Huadong\" srcset=\"https:\/\/huadongswacable.com\/wp-content\/uploads\/2018\/04\/Huadong-PVC-Coated-MC-Cable-Stock.jpg 751w, https:\/\/huadongswacable.com\/wp-content\/uploads\/2018\/04\/Huadong-PVC-Coated-MC-Cable-Stock-300x118.jpg 300w\" sizes=\"auto, (max-width: 751px) 100vw, 751px\" \/><\/p>\n<p>En plus du c\u00e2ble MC \u00e0 gaine PVC de calibre 12 et \u00e0 3 conducteurs, nous avons \u00e9galement <a href=\"https:\/\/huadongswacable.com\/fr\/structure-de-cable-blinde-de-16-mm\/\" target=\"_blank\" rel=\"noopener noreferrer\">autre type de c\u00e2ble arm\u00e9<\/a> \u00e0 vendre. Vous pouvez donc nous indiquer la taille et la quantit\u00e9 de c\u00e2ble MC enrob\u00e9 de PVC dont vous avez besoin. Notre responsable vous fournira le prix du c\u00e2ble MC \u00e0 gaine PVC 10\/3 pour <span class=\"VIiyi\" lang=\"en\"><span class=\"JLqJ4b ChMk0b\" data-language-for-alternatives=\"en\" data-language-to-translate-into=\"zh-CN\" data-phrase-index=\"0\">Allemagne, Canada, Am\u00e9rique, Tha\u00eflande ou autres pays.<\/span><\/span><\/p>\n<div class=\"su-lightbox-content su-u-trim\" id=\"Popup\" style=\"display:none;width:auto;min-width:50%;max-width:70%;margin-top:40px;margin-bottom:40px;padding:40px;background:#e8e5e5;color:#060473;box-shadow:0px 0px 15px #333333;text-align:left\"><div role=\"form\" class=\"wpcf7\" id=\"wpcf7-f5571-o1\" lang=\"en-US\" dir=\"ltr\">\n<div class=\"screen-reader-response\"><p role=\"status\" aria-live=\"polite\" aria-atomic=\"true\"><\/p> <ul><\/ul><\/div>\n<form action=\"\/fr\/wp-json\/wp\/v2\/pages\/790#wpcf7-f5571-o1\" method=\"post\" class=\"wpcf7-form init\" novalidate=\"novalidate\" data-status=\"init\" data-trp-original-action=\"\/fr\/wp-json\/wp\/v2\/pages\/790#wpcf7-f5571-o1\">\n<div style=\"display: none;\">\n<input type=\"hidden\" name=\"_wpcf7\" value=\"5571\" \/>\n<input type=\"hidden\" name=\"_wpcf7_version\" value=\"5.5.6\" \/>\n<input type=\"hidden\" name=\"_wpcf7_locale\" value=\"en_US\" \/>\n<input type=\"hidden\" name=\"_wpcf7_unit_tag\" value=\"wpcf7-f5571-o1\" \/>\n<input type=\"hidden\" name=\"_wpcf7_container_post\" value=\"0\" \/>\n<input type=\"hidden\" name=\"_wpcf7_posted_data_hash\" value=\"\" \/>\n<\/div>\n<div class=\"popmakerform\">\n<p>Votre nom <span style=\"color:red;\">*<span><br \/>\n<span class=\"wpcf7-form-control-wrap your-name\"><input type=\"text\" name=\"your-name\" value=\"\" size=\"40\" class=\"wpcf7-form-control wpcf7-text wpcf7-validates-as-required\" aria-required=\"true\" aria-invalid=\"false\" \/><\/span><\/p>\n<p>Votre courriel <span style=\"color:red;\">*<span><br \/>\n<span class=\"wpcf7-form-control-wrap your-email\"><input type=\"email\" name=\"your-email\" value=\"\" size=\"40\" class=\"wpcf7-form-control wpcf7-text wpcf7-email wpcf7-validates-as-required wpcf7-validates-as-email\" aria-required=\"true\" aria-invalid=\"false\" \/><\/span><\/p>\n<p>Votre num\u00e9ro de t\u00e9l\u00e9phone<br \/>\n<span class=\"wpcf7-form-control-wrap your-phone\"><input type=\"text\" name=\"your-phone\" value=\"\" size=\"40\" class=\"wpcf7-form-control wpcf7-text\" aria-invalid=\"false\" \/><\/span><\/p>\n<p>Votre pays<br \/>\n<span class=\"wpcf7-form-control-wrap your-country\"><input type=\"text\" name=\"your-country\" value=\"\" size=\"40\" class=\"wpcf7-form-control wpcf7-text\" aria-invalid=\"false\" \/><\/span><\/p>\n<p>Exigence d\u00e9taill\u00e9e <span style=\"color:red;\">*<span><br \/>\n<span class=\"wpcf7-form-control-wrap your-requirement\"><textarea name=\"your-requirement\" cols=\"40\" rows=\"4\" class=\"wpcf7-form-control wpcf7-textarea wpcf7-validates-as-required\" aria-required=\"true\" aria-invalid=\"false\"><\/textarea><\/span><\/p>\n<p><input type=\"submit\" value=\"Obtenir un devis\" class=\"wpcf7-form-control has-spinner wpcf7-submit\" \/><\/p>\n<\/div>\n<p style=\"display: none !important;\"><label>&#916;<textarea name=\"_wpcf7_ak_hp_textarea\" cols=\"45\" rows=\"8\" maxlength=\"100\"><\/textarea><\/label><input type=\"hidden\" id=\"ak_js_1\" name=\"_wpcf7_ak_js\" value=\"35\"\/><script>document.getElementById( \"ak_js_1\" ).setAttribute( \"value\", ( new Date() ).getTime() );<\/script><\/p><input type='hidden' class='wpcf7-pum' value='{\"closepopup\":false,\"closedelay\":0,\"openpopup\":false,\"openpopup_id\":0}' \/><div class=\"wpcf7-response-output\" aria-hidden=\"true\"><\/div><input type=\"hidden\" name=\"trp-form-language\" value=\"fr\"\/><\/form><\/div><\/div>\n<h3>N'h\u00e9sitez pas \u00e0 nous faire part de vos besoins. Nous vous r\u00e9pondrons dans les 12 heures.<\/h3>\n<p><strong>Courriel : <a href=\"mailto:info@huadongswacable.com\" rel=\"nofollow\">info@huadongswacable.com<\/a><\/strong><\/p>\n<div role=\"form\" class=\"wpcf7\" id=\"wpcf7-f6-o2\" lang=\"en-US\" dir=\"ltr\">\n<div class=\"screen-reader-response\"><p role=\"status\" aria-live=\"polite\" aria-atomic=\"true\"><\/p> <ul><\/ul><\/div>\n<form action=\"\/fr\/wp-json\/wp\/v2\/pages\/790#wpcf7-f6-o2\" method=\"post\" class=\"wpcf7-form init\" novalidate=\"novalidate\" data-status=\"init\" data-trp-original-action=\"\/fr\/wp-json\/wp\/v2\/pages\/790#wpcf7-f6-o2\">\n<div style=\"display: none;\">\n<input type=\"hidden\" name=\"_wpcf7\" value=\"6\" \/>\n<input type=\"hidden\" name=\"_wpcf7_version\" value=\"5.5.6\" \/>\n<input type=\"hidden\" name=\"_wpcf7_locale\" value=\"en_US\" \/>\n<input type=\"hidden\" name=\"_wpcf7_unit_tag\" value=\"wpcf7-f6-o2\" \/>\n<input type=\"hidden\" name=\"_wpcf7_container_post\" value=\"0\" \/>\n<input type=\"hidden\" name=\"_wpcf7_posted_data_hash\" value=\"\" \/>\n<\/div>\n<div class=\"messageform\">\n<p><strong><span style=\"color:red;\"><\/span> Votre nom<\/strong><br \/>\n    <span class=\"wpcf7-form-control-wrap your-name\"><input type=\"text\" name=\"your-name\" value=\"\" size=\"40\" class=\"wpcf7-form-control wpcf7-text\" aria-invalid=\"false\" \/><\/span> <\/p>\n<p><strong><span style=\"color:red;\">*<\/span> Votre courriel<\/strong><br \/>\n    <span class=\"wpcf7-form-control-wrap your-email\"><input type=\"email\" name=\"your-email\" value=\"\" size=\"40\" class=\"wpcf7-form-control wpcf7-text wpcf7-email wpcf7-validates-as-required wpcf7-validates-as-email\" aria-required=\"true\" aria-invalid=\"false\" \/><\/span> <\/p>\n<p><strong>Votre num\u00e9ro de t\u00e9l\u00e9phone<\/strong><br \/>\n    <span class=\"wpcf7-form-control-wrap your-phone\"><input type=\"text\" name=\"your-phone\" value=\"\" size=\"40\" class=\"wpcf7-form-control wpcf7-text\" aria-invalid=\"false\" placeholder=\"Inclure l&#039;indicatif r\u00e9gional\" \/><\/span> <\/p>\n<p><strong>Votre pays<\/strong><br \/>\n    <span class=\"wpcf7-form-control-wrap your-country\"><input type=\"text\" name=\"your-country\" value=\"\" size=\"40\" class=\"wpcf7-form-control wpcf7-text\" aria-invalid=\"false\" \/><\/span> <\/p>\n<p><strong><span style=\"color:red;\">*<\/span> Votre demande<\/strong><br \/>\n    <span class=\"wpcf7-form-control-wrap your-requirement\"><textarea name=\"your-requirement\" cols=\"40\" rows=\"10\" class=\"wpcf7-form-control wpcf7-textarea wpcf7-validates-as-required bestonmessage\" aria-required=\"true\" aria-invalid=\"false\" placeholder=\"Pour un devis d\u00e9taill\u00e9, veuillez nous envoyer votre demande d\u00e9taill\u00e9e.\"><\/textarea><\/span> <\/p>\n<p><input type=\"submit\" value=\"Envoyer un message\" class=\"wpcf7-form-control has-spinner wpcf7-submit\" \/><\/p>\n<\/div>\n<p style=\"display: none !important;\"><label>&#916;<textarea name=\"_wpcf7_ak_hp_textarea\" cols=\"45\" rows=\"8\" maxlength=\"100\"><\/textarea><\/label><input type=\"hidden\" id=\"ak_js_2\" name=\"_wpcf7_ak_js\" value=\"208\"\/><script>document.getElementById( \"ak_js_2\" ).setAttribute( \"value\", ( new Date() ).getTime() );<\/script><\/p><input type='hidden' class='wpcf7-pum' value='{\"closepopup\":false,\"closedelay\":0,\"openpopup\":false,\"openpopup_id\":0}' \/><div class=\"wpcf7-response-output\" aria-hidden=\"true\"><\/div><input type=\"hidden\" name=\"trp-form-language\" value=\"fr\"\/><\/form><\/div>","protected":false},"excerpt":{"rendered":"<p>Acheter le c\u00e2ble MC enrob\u00e9 de PVC de Huadong Le c\u00e2ble MC enrob\u00e9 de PVC est un c\u00e2ble arm\u00e9 en alliage d'aluminium avec une gaine en PVC. Si vous avez besoin d'un c\u00e2ble MC \u00e0 gaine PVC, choisissez Huadong Cable Group. Huadong Cable Group est l'un des principaux fabricants de c\u00e2ble MC PVC \u00e0 3 conducteurs de calibre 12 en Chine. Nous sommes sp\u00e9cialis\u00e9s dans la production de divers ... <a class=\"read-more\" href=\"https:\/\/huadongswacable.com\/fr\/cable-mc-enrobe-de-pvc\/\">Lire plus...<\/a><\/p>","protected":false},"author":1,"featured_media":0,"parent":0,"menu_order":0,"comment_status":"closed","ping_status":"closed","template":"","meta":{"footnotes":""},"class_list":["post-790","page","type-page","status-publish"],"yoast_head":"<!-- This site is optimized with the Yoast SEO plugin v18.4.1 - https:\/\/yoast.com\/wordpress\/plugins\/seo\/ -->\n<title>PVC Coated MC Cable Price | 8\/3 10\/2 10\/3 12\/2 12\/3 12\/4 MC Cable<\/title>\n<meta name=\"description\" content=\"We are PVC coated MC cable supplier, can provide best 8\/3 10\/2 10\/3 12\/2 12\/3 12\/4 PVC jacketed MC cable price for you. Contact us to know how much is 12 gauge 3 conductor PVC jacketed MC cable per meter.\" \/>\n<meta name=\"robots\" content=\"index, follow, max-snippet:-1, max-image-preview:large, max-video-preview:-1\" \/>\n<link rel=\"canonical\" href=\"http:\/\/huadongswacable.com\/fr\/pvc-coated-mc-cable\/\" \/>\n<meta property=\"og:locale\" content=\"fr_FR\" \/>\n<meta property=\"og:type\" content=\"article\" \/>\n<meta property=\"og:title\" content=\"PVC Coated MC Cable Price | 8\/3 10\/2 10\/3 12\/2 12\/3 12\/4 MC Cable\" \/>\n<meta property=\"og:description\" content=\"We are PVC coated MC cable supplier, can provide best 8\/3 10\/2 10\/3 12\/2 12\/3 12\/4 PVC jacketed MC cable price for you. Contact us to know how much is 12 gauge 3 conductor PVC jacketed MC cable per meter.\" \/>\n<meta property=\"og:url\" content=\"http:\/\/huadongswacable.com\/fr\/pvc-coated-mc-cable\/\" \/>\n<meta property=\"og:site_name\" content=\"Huadong SWA Cable\" \/>\n<meta property=\"article:modified_time\" content=\"2022-12-19T07:30:12+00:00\" \/>\n<meta property=\"og:image\" content=\"https:\/\/huadongswacable.com\/wp-content\/uploads\/2018\/04\/pvc-jacketed-mc-cable-quotation.jpg\" \/>\n<meta name=\"twitter:card\" content=\"summary_large_image\" \/>\n<meta name=\"twitter:label1\" content=\"Dur\u00e9e de lecture estim\u00e9e\" \/>\n\t<meta name=\"twitter:data1\" content=\"5 minutes\" \/>\n<script type=\"application\/ld+json\" class=\"yoast-schema-graph\">{\"@context\":\"https:\/\/schema.org\",\"@graph\":[{\"@type\":\"WebSite\",\"@id\":\"http:\/\/huadongswacable.com\/ru\/#website\",\"url\":\"http:\/\/huadongswacable.com\/ru\/\",\"name\":\"Huadong SWA Cable\",\"description\":\"Huadong SWA Cable\",\"potentialAction\":[{\"@type\":\"SearchAction\",\"target\":{\"@type\":\"EntryPoint\",\"urlTemplate\":\"http:\/\/huadongswacable.com\/ru\/?s={search_term_string}\"},\"query-input\":\"required name=search_term_string\"}],\"inLanguage\":\"fr-FR\"},{\"@type\":\"ImageObject\",\"@id\":\"http:\/\/huadongswacable.com\/ru\/pvc-coated-mc-cable\/#primaryimage\",\"inLanguage\":\"fr-FR\",\"url\":\"https:\/\/huadongswacable.com\/wp-content\/uploads\/2018\/04\/pvc-jacketed-mc-cable-quotation.jpg\",\"contentUrl\":\"https:\/\/huadongswacable.com\/wp-content\/uploads\/2018\/04\/pvc-jacketed-mc-cable-quotation.jpg\",\"width\":180,\"height\":304,\"caption\":\"Huadong PVC Jacketed MC Cable\"},{\"@type\":\"WebPage\",\"@id\":\"http:\/\/huadongswacable.com\/ru\/pvc-coated-mc-cable\/#webpage\",\"url\":\"http:\/\/huadongswacable.com\/ru\/pvc-coated-mc-cable\/\",\"name\":\"PVC Coated MC Cable Price | 8\/3 10\/2 10\/3 12\/2 12\/3 12\/4 MC Cable\",\"isPartOf\":{\"@id\":\"http:\/\/huadongswacable.com\/ru\/#website\"},\"primaryImageOfPage\":{\"@id\":\"http:\/\/huadongswacable.com\/ru\/pvc-coated-mc-cable\/#primaryimage\"},\"datePublished\":\"2018-04-20T03:46:06+00:00\",\"dateModified\":\"2022-12-19T07:30:12+00:00\",\"description\":\"We are PVC coated MC cable supplier, can provide best 8\/3 10\/2 10\/3 12\/2 12\/3 12\/4 PVC jacketed MC cable price for you. Contact us to know how much is 12 gauge 3 conductor PVC jacketed MC cable per meter.\",\"breadcrumb\":{\"@id\":\"http:\/\/huadongswacable.com\/ru\/pvc-coated-mc-cable\/#breadcrumb\"},\"inLanguage\":\"fr-FR\",\"potentialAction\":[{\"@type\":\"ReadAction\",\"target\":[\"http:\/\/huadongswacable.com\/ru\/pvc-coated-mc-cable\/\"]}]},{\"@type\":\"BreadcrumbList\",\"@id\":\"http:\/\/huadongswacable.com\/ru\/pvc-coated-mc-cable\/#breadcrumb\",\"itemListElement\":[{\"@type\":\"ListItem\",\"position\":1,\"name\":\"Home\",\"item\":\"http:\/\/huadongswacable.com\/ru\/\"},{\"@type\":\"ListItem\",\"position\":2,\"name\":\"8\/3 10\/2 10\/3 12\/2 12\/3 12\/4 PVC Coated MC Cable Supplier\"}]}]}<\/script>\n<!-- \/ Yoast SEO plugin. -->","yoast_head_json":{"title":"PVC Coated MC Cable Price | 8\/3 10\/2 10\/3 12\/2 12\/3 12\/4 MC Cable","description":"We are PVC coated MC cable supplier, can provide best 8\/3 10\/2 10\/3 12\/2 12\/3 12\/4 PVC jacketed MC cable price for you. Contact us to know how much is 12 gauge 3 conductor PVC jacketed MC cable per meter.","robots":{"index":"index","follow":"follow","max-snippet":"max-snippet:-1","max-image-preview":"max-image-preview:large","max-video-preview":"max-video-preview:-1"},"canonical":"http:\/\/huadongswacable.com\/fr\/pvc-coated-mc-cable\/","og_locale":"fr_FR","og_type":"article","og_title":"PVC Coated MC Cable Price | 8\/3 10\/2 10\/3 12\/2 12\/3 12\/4 MC Cable","og_description":"We are PVC coated MC cable supplier, can provide best 8\/3 10\/2 10\/3 12\/2 12\/3 12\/4 PVC jacketed MC cable price for you. Contact us to know how much is 12 gauge 3 conductor PVC jacketed MC cable per meter.","og_url":"http:\/\/huadongswacable.com\/fr\/pvc-coated-mc-cable\/","og_site_name":"Huadong SWA Cable","article_modified_time":"2022-12-19T07:30:12+00:00","og_image":[{"url":"https:\/\/huadongswacable.com\/wp-content\/uploads\/2018\/04\/pvc-jacketed-mc-cable-quotation.jpg"}],"twitter_card":"summary_large_image","twitter_misc":{"Dur\u00e9e de lecture estim\u00e9e":"5 minutes"},"schema":{"@context":"https:\/\/schema.org","@graph":[{"@type":"WebSite","@id":"http:\/\/huadongswacable.com\/ru\/#website","url":"http:\/\/huadongswacable.com\/ru\/","name":"Huadong SWA Cable","description":"Huadong SWA Cable","potentialAction":[{"@type":"SearchAction","target":{"@type":"EntryPoint","urlTemplate":"http:\/\/huadongswacable.com\/ru\/?s={search_term_string}"},"query-input":"required name=search_term_string"}],"inLanguage":"fr-FR"},{"@type":"ImageObject","@id":"http:\/\/huadongswacable.com\/ru\/pvc-coated-mc-cable\/#primaryimage","inLanguage":"fr-FR","url":"https:\/\/huadongswacable.com\/wp-content\/uploads\/2018\/04\/pvc-jacketed-mc-cable-quotation.jpg","contentUrl":"https:\/\/huadongswacable.com\/wp-content\/uploads\/2018\/04\/pvc-jacketed-mc-cable-quotation.jpg","width":180,"height":304,"caption":"Huadong PVC Jacketed MC Cable"},{"@type":"WebPage","@id":"http:\/\/huadongswacable.com\/ru\/pvc-coated-mc-cable\/#webpage","url":"http:\/\/huadongswacable.com\/ru\/pvc-coated-mc-cable\/","name":"PVC Coated MC Cable Price | 8\/3 10\/2 10\/3 12\/2 12\/3 12\/4 MC Cable","isPartOf":{"@id":"http:\/\/huadongswacable.com\/ru\/#website"},"primaryImageOfPage":{"@id":"http:\/\/huadongswacable.com\/ru\/pvc-coated-mc-cable\/#primaryimage"},"datePublished":"2018-04-20T03:46:06+00:00","dateModified":"2022-12-19T07:30:12+00:00","description":"We are PVC coated MC cable supplier, can provide best 8\/3 10\/2 10\/3 12\/2 12\/3 12\/4 PVC jacketed MC cable price for you. Contact us to know how much is 12 gauge 3 conductor PVC jacketed MC cable per meter.","breadcrumb":{"@id":"http:\/\/huadongswacable.com\/ru\/pvc-coated-mc-cable\/#breadcrumb"},"inLanguage":"fr-FR","potentialAction":[{"@type":"ReadAction","target":["http:\/\/huadongswacable.com\/ru\/pvc-coated-mc-cable\/"]}]},{"@type":"BreadcrumbList","@id":"http:\/\/huadongswacable.com\/ru\/pvc-coated-mc-cable\/#breadcrumb","itemListElement":[{"@type":"ListItem","position":1,"name":"Home","item":"http:\/\/huadongswacable.com\/ru\/"},{"@type":"ListItem","position":2,"name":"8\/3 10\/2 10\/3 12\/2 12\/3 12\/4 PVC Coated MC Cable Supplier"}]}]}},"_links":{"self":[{"href":"https:\/\/huadongswacable.com\/fr\/wp-json\/wp\/v2\/pages\/790","targetHints":{"allow":["GET"]}}],"collection":[{"href":"https:\/\/huadongswacable.com\/fr\/wp-json\/wp\/v2\/pages"}],"about":[{"href":"https:\/\/huadongswacable.com\/fr\/wp-json\/wp\/v2\/types\/page"}],"author":[{"embeddable":true,"href":"https:\/\/huadongswacable.com\/fr\/wp-json\/wp\/v2\/users\/1"}],"replies":[{"embeddable":true,"href":"https:\/\/huadongswacable.com\/fr\/wp-json\/wp\/v2\/comments?post=790"}],"version-history":[{"count":33,"href":"https:\/\/huadongswacable.com\/fr\/wp-json\/wp\/v2\/pages\/790\/revisions"}],"predecessor-version":[{"id":7776,"href":"https:\/\/huadongswacable.com\/fr\/wp-json\/wp\/v2\/pages\/790\/revisions\/7776"}],"wp:attachment":[{"href":"https:\/\/huadongswacable.com\/fr\/wp-json\/wp\/v2\/media?parent=790"}],"curies":[{"name":"wp","href":"https:\/\/api.w.org\/{rel}","templated":true}]}}