{"id":633,"date":"2018-04-02T16:00:03","date_gmt":"2018-04-02T08:00:03","guid":{"rendered":"http:\/\/huadongswacable.com\/?page_id=633"},"modified":"2022-12-19T11:51:52","modified_gmt":"2022-12-19T03:51:52","slug":"single-core-armoured-cable","status":"publish","type":"page","link":"https:\/\/huadongswacable.com\/fr\/cable-arme-unipolaire\/","title":{"rendered":"16mm 25mm 50mm Single Core Armoured Cable For Sale"},"content":{"rendered":"<h2>O\u00f9 acheter du c\u00e2ble arm\u00e9 monoconducteur ?<\/h2>\n<p>Huadong Cable Group est un fournisseur leader de c\u00e2bles arm\u00e9s \u00e0 \u00e2me unique en Chine. Nous proposons \u00e0 la vente des c\u00e2bles arm\u00e9s monoconducteurs de 25 mm de haute qualit\u00e9 et de prix relativement bas. Nous avons plus de 30 ans d'exp\u00e9rience dans la production de c\u00e2ble arm\u00e9 \u00e0 fil unique de 50 mm\u00b2. En outre, nous avons plus de 20 ans d'exp\u00e9rience dans le commerce d'exportation de c\u00e2ble blind\u00e9 \u00e0 \u00e2me unique en aluminium. Dans chaque processus de production de c\u00e2ble blind\u00e9 monoconducteur, nous respectons strictement les normes de production de c\u00e2ble blind\u00e9 monophas\u00e9. Si vous avez besoin d'un c\u00e2ble blind\u00e9 monophas\u00e9, Huadong est certainement votre choix id\u00e9al. Contactez-nous d\u00e8s maintenant pour obtenir votre devis de c\u00e2ble blind\u00e9 monophas\u00e9.<\/p>\n<div class=\"row prolisttable\">\n<div class=\"col-lg-12 col-md-12 col-xs-12 col-sm-12\">\n<table>\n<tbody>\n<tr>\n<td><img loading=\"lazy\" decoding=\"async\" class=\"aligncenter size-full wp-image-5945\" src=\"https:\/\/huadongswacable.com\/wp-content\/uploads\/2021\/06\/16mm-xlpe-pvc-ata-single-core-cable-for-sale.jpg\" alt=\"c\u00e2ble monoconducteur xlpe pvc ata de 16 mm \u00e0 vendre\" width=\"350\" height=\"350\" srcset=\"https:\/\/huadongswacable.com\/wp-content\/uploads\/2021\/06\/16mm-xlpe-pvc-ata-single-core-cable-for-sale.jpg 350w, https:\/\/huadongswacable.com\/wp-content\/uploads\/2021\/06\/16mm-xlpe-pvc-ata-single-core-cable-for-sale-300x300.jpg 300w, https:\/\/huadongswacable.com\/wp-content\/uploads\/2021\/06\/16mm-xlpe-pvc-ata-single-core-cable-for-sale-150x150.jpg 150w\" sizes=\"auto, (max-width: 350px) 100vw, 350px\" \/><\/td>\n<td><strong>Chef d'orchestre :<\/strong> Aluminium<\/p>\n<p><strong>Tension :<\/strong> 0,6\/1kv, 6,6kv, 12\/20kv, 11kv, 15kv\uff0c33kv<\/p>\n<p><strong>Blind\u00e9 :<\/strong>\u00a0 AWA (Aluminium Wire Armoured) ATA (Aluminium Tape Armoured)<\/p>\n<p><strong>Isolation :<\/strong> XLPE \/ PVC \/ LSF \/ R\u00e9sistant au feu<\/p>\n<p><strong>Domaine de la section :<\/strong> 1,5mm2-1000mm2<\/p>\n<p><strong>Standard :<\/strong> IEC 60502, BS 7870, GB\/ T12706 ou autres.<\/p>\n<p><strong>Emballage :<\/strong> Tambour en fer ou en bois<\/td>\n<\/tr>\n<\/tbody>\n<\/table>\n<\/div>\n<\/div>\n<p style=\"text-align: center;\"><span class=\"su-lightbox\" data-mfp-src=\"#Popup\" data-mfp-type=\"inline\" data-mobile=\"yes\"><button class=\"btn btn-danger btn-sm\" ><i class=\"fa fa-hand-o-right\" style=\"color:#ffffff;\"><\/i> Obtenir un devis<\/button><\/span>\n<h2>Quelles sont les caract\u00e9ristiques du c\u00e2ble monoconducteur de 25 mm ?<\/h2>\n<p>Avant d'acheter un c\u00e2ble arm\u00e9 monophas\u00e9 de 25 mm, vous devez conna\u00eetre les caract\u00e9ristiques et les applications du c\u00e2ble arm\u00e9 monofilaire. Mais si vous connaissez d\u00e9j\u00e0 ces informations de base, vous pouvez nous contacter pour acheter directement le c\u00e2ble arm\u00e9 monophas\u00e9 en aluminium. Le c\u00e2ble arm\u00e9 monoconducteur est un c\u00e2ble d'alimentation monophas\u00e9 avec une armure en fil d'aluminium ou une armure en ruban d'aluminium. Vous pouvez choisir le c\u00e2ble arm\u00e9 monoconducteur AWA ou le c\u00e2ble arm\u00e9 monophas\u00e9 ATA en fonction de vos applications. N'h\u00e9sitez pas \u00e0 nous contacter. De plus, vous obtiendrez le prix d'usine du c\u00e2ble arm\u00e9 monophas\u00e9 SWA si vous choisissez Huadong Group comme fournisseur.<\/p>\n<div class=\"row prolisttable\">\n<div class=\"col-lg-12 col-md-12 col-xs-12 col-sm-12\">\n<table>\n<tbody>\n<tr>\n<td><img loading=\"lazy\" decoding=\"async\" class=\"aligncenter size-full wp-image-5952\" src=\"https:\/\/huadongswacable.com\/wp-content\/uploads\/2021\/06\/1C-x-185mm-150mm-120mm-xlpe-pvc-awa-copper-wire.jpg\" alt=\"c\u00e2ble arm\u00e9 xlpe pvc 25mm\" width=\"300\" height=\"300\" srcset=\"https:\/\/huadongswacable.com\/wp-content\/uploads\/2021\/06\/1C-x-185mm-150mm-120mm-xlpe-pvc-awa-copper-wire.jpg 300w, https:\/\/huadongswacable.com\/wp-content\/uploads\/2021\/06\/1C-x-185mm-150mm-120mm-xlpe-pvc-awa-copper-wire-150x150.jpg 150w\" sizes=\"auto, (max-width: 300px) 100vw, 300px\" \/><\/td>\n<td><strong>Chef d'orchestre :<\/strong> Cuivre<\/p>\n<p><strong>Tension :<\/strong> 0,6\/1kv, 6,6kv, 12\/20kv, 11kv, 15kv\uff0c33kv<\/p>\n<p><strong>Domaine de la section :<\/strong> 16 mm, 25 mm, 35 mm, 50 mm, 95 mm, 120 mm, 150 mm, 185 mm, 240 mm, 300 mm, etc.<\/p>\n<p><strong>Blind\u00e9 :<\/strong>\u00a0 AWA (Aluminium Wire Armoured) ATA (Aluminium Tape Armoured)<\/p>\n<p><strong>Isolation :<\/strong> XLPE \/ PVC \/ LSF \/ R\u00e9sistant au feu<\/p>\n<p><strong>Standard :<\/strong> IEC 60502, BS 7870, GB\/ T12706 ou autres.<\/td>\n<\/tr>\n<\/tbody>\n<\/table>\n<\/div>\n<\/div>\n<p style=\"text-align: center;\"><span class=\"su-lightbox\" data-mfp-src=\"#Popup\" data-mfp-type=\"inline\" data-mobile=\"yes\"><button class=\"btn btn-danger btn-sm\" ><i class=\"fa fa-hand-o-right\" style=\"color:#ffffff;\"><\/i> Obtenir un devis<\/button><\/span>\n<p>Si vous ne savez pas de quel type de c\u00e2ble arm\u00e9 \u00e0 fil unique vous avez besoin, n'h\u00e9sitez pas \u00e0 nous contacter. Huadong Cable Group poss\u00e8de une riche exp\u00e9rience en mati\u00e8re de conseils sur la s\u00e9lection de c\u00e2bles arm\u00e9s \u00e0 \u00e2me unique en aluminium. En tant que fabricant professionnel de c\u00e2ble monoconducteur de 25 mm, notre \u00e9quipe technique est disponible pour discuter de votre application. Et vous aider \u00e0 r\u00e9pondre aux exigences sp\u00e9cifiques. Laissez votre message et obtenez votre liste de prix de c\u00e2ble arm\u00e9 en aluminium \u00e0 \u00e2me simple maintenant.<\/p>\n<p><img loading=\"lazy\" decoding=\"async\" class=\"aligncenter size-full wp-image-5954\" src=\"https:\/\/huadongswacable.com\/wp-content\/uploads\/2021\/06\/single-core-armoured-cable-size-structure.jpg\" alt=\"Structure de la taille du c\u00e2ble arm\u00e9 \u00e0 \u00e2me simple de 25 mm\" width=\"864\" height=\"256\" srcset=\"https:\/\/huadongswacable.com\/wp-content\/uploads\/2021\/06\/single-core-armoured-cable-size-structure.jpg 864w, https:\/\/huadongswacable.com\/wp-content\/uploads\/2021\/06\/single-core-armoured-cable-size-structure-300x89.jpg 300w, https:\/\/huadongswacable.com\/wp-content\/uploads\/2021\/06\/single-core-armoured-cable-size-structure-768x228.jpg 768w\" sizes=\"auto, (max-width: 864px) 100vw, 864px\" \/><\/p>\n<p>Outre les c\u00e2bles arm\u00e9s monoconducteurs standard, nous fournissons \u00e9galement une gamme de c\u00e2bles destin\u00e9s \u00e0 des applications sp\u00e9cialis\u00e9es. Vous pouvez \u00eatre assur\u00e9 de la qualit\u00e9 de notre c\u00e2ble arm\u00e9 \u00e0 fil unique. En ce qui concerne le prix, vous pouvez \u00e9galement le comparer \u00e0 celui d'autres fabricants de c\u00e2bles arm\u00e9s monofilaires. Vous constaterez alors que le prix de notre c\u00e2ble arm\u00e9 monophas\u00e9 est tout \u00e0 fait favorable. Vous pouvez visiter notre usine si cela vous convient ou nous pouvons vous envoyer des \u00e9chantillons gratuits de c\u00e2ble arm\u00e9 monophas\u00e9. Il vous suffit de laisser votre message.<\/p>\n<p style=\"text-align: center;\"><span class=\"su-lightbox\" data-mfp-src=\"#Popup\" data-mfp-type=\"inline\" data-mobile=\"yes\"><button class=\"btn btn-danger btn-sm\" ><i class=\"fa fa-hand-o-right\" style=\"color:#ffffff;\"><\/i> Obtenir un devis<\/button><\/span>\n<h3>Pourquoi nous choisir\uff1f<\/h3>\n<p>Processus du produit : Notre fil arm\u00e9 \u00e0 \u00e2me unique utilise un conducteur en aluminium\/cuivre recuit de haute qualit\u00e9 et un isolant naturel XLPE (poly\u00e9thyl\u00e8ne r\u00e9ticul\u00e9)\/PVC (chlorure de polyvinyle). Chaque processus de production a \u00e9t\u00e9 strictement contr\u00f4l\u00e9 par nos ing\u00e9nieurs techniques professionnels. Le c\u00e2ble arm\u00e9 swa \u00e0 \u00e2me unique est emball\u00e9 dans un tambour en fer ou en bois, ou selon les exigences du client.<\/p>\n<p><img loading=\"lazy\" decoding=\"async\" class=\"aligncenter\" src=\"https:\/\/huadongswacable.com\/wp-content\/uploads\/2019\/02\/16mm-single-core-cable-supplier-.jpg\" alt=\"prix pour c\u00e2ble arm\u00e9 monoconducteur 50mm 70mm \" width=\"900\" height=\"333\" \/><\/p>\n<p><strong>Cas client :\u00a0<\/strong>Nos c\u00e2bles arm\u00e9s monophas\u00e9s swa ont \u00e9t\u00e9 export\u00e9s dans plus de 30 pays. Par exemple : Russie, Am\u00e9rique, Y\u00e9men, Am\u00e9rique du Sud, Am\u00e9rique du Nord, Moyen-Orient, Afrique, Asie, Oc\u00e9anie, etc.<\/p>\n<div class=\"su-lightbox-content su-u-trim\" id=\"Popup\" style=\"display:none;width:auto;min-width:50%;max-width:70%;margin-top:40px;margin-bottom:40px;padding:40px;background:#e8e5e5;color:#060473;box-shadow:0px 0px 15px #333333;text-align:left\"><div role=\"form\" class=\"wpcf7\" id=\"wpcf7-f5571-o1\" lang=\"en-US\" dir=\"ltr\">\n<div class=\"screen-reader-response\"><p role=\"status\" aria-live=\"polite\" aria-atomic=\"true\"><\/p> <ul><\/ul><\/div>\n<form action=\"\/fr\/wp-json\/wp\/v2\/pages\/633#wpcf7-f5571-o1\" method=\"post\" class=\"wpcf7-form init\" novalidate=\"novalidate\" data-status=\"init\" data-trp-original-action=\"\/fr\/wp-json\/wp\/v2\/pages\/633#wpcf7-f5571-o1\">\n<div style=\"display: none;\">\n<input type=\"hidden\" name=\"_wpcf7\" value=\"5571\" \/>\n<input type=\"hidden\" name=\"_wpcf7_version\" value=\"5.5.6\" \/>\n<input type=\"hidden\" name=\"_wpcf7_locale\" value=\"en_US\" \/>\n<input type=\"hidden\" name=\"_wpcf7_unit_tag\" value=\"wpcf7-f5571-o1\" \/>\n<input type=\"hidden\" name=\"_wpcf7_container_post\" value=\"0\" \/>\n<input type=\"hidden\" name=\"_wpcf7_posted_data_hash\" value=\"\" \/>\n<\/div>\n<div class=\"popmakerform\">\n<p>Votre nom <span style=\"color:red;\">*<span><br \/>\n<span class=\"wpcf7-form-control-wrap your-name\"><input type=\"text\" name=\"your-name\" value=\"\" size=\"40\" class=\"wpcf7-form-control wpcf7-text wpcf7-validates-as-required\" aria-required=\"true\" aria-invalid=\"false\" \/><\/span><\/p>\n<p>Votre courriel <span style=\"color:red;\">*<span><br \/>\n<span class=\"wpcf7-form-control-wrap your-email\"><input type=\"email\" name=\"your-email\" value=\"\" size=\"40\" class=\"wpcf7-form-control wpcf7-text wpcf7-email wpcf7-validates-as-required wpcf7-validates-as-email\" aria-required=\"true\" aria-invalid=\"false\" \/><\/span><\/p>\n<p>Votre num\u00e9ro de t\u00e9l\u00e9phone<br \/>\n<span class=\"wpcf7-form-control-wrap your-phone\"><input type=\"text\" name=\"your-phone\" value=\"\" size=\"40\" class=\"wpcf7-form-control wpcf7-text\" aria-invalid=\"false\" \/><\/span><\/p>\n<p>Votre pays<br \/>\n<span class=\"wpcf7-form-control-wrap your-country\"><input type=\"text\" name=\"your-country\" value=\"\" size=\"40\" class=\"wpcf7-form-control wpcf7-text\" aria-invalid=\"false\" \/><\/span><\/p>\n<p>Exigence d\u00e9taill\u00e9e <span style=\"color:red;\">*<span><br \/>\n<span class=\"wpcf7-form-control-wrap your-requirement\"><textarea name=\"your-requirement\" cols=\"40\" rows=\"4\" class=\"wpcf7-form-control wpcf7-textarea wpcf7-validates-as-required\" aria-required=\"true\" aria-invalid=\"false\"><\/textarea><\/span><\/p>\n<p><input type=\"submit\" value=\"Obtenir un devis\" class=\"wpcf7-form-control has-spinner wpcf7-submit\" \/><\/p>\n<\/div>\n<p style=\"display: none !important;\"><label>&#916;<textarea name=\"_wpcf7_ak_hp_textarea\" cols=\"45\" rows=\"8\" maxlength=\"100\"><\/textarea><\/label><input type=\"hidden\" id=\"ak_js_1\" name=\"_wpcf7_ak_js\" value=\"31\"\/><script>document.getElementById( \"ak_js_1\" ).setAttribute( \"value\", ( new Date() ).getTime() );<\/script><\/p><input type='hidden' class='wpcf7-pum' value='{\"closepopup\":false,\"closedelay\":0,\"openpopup\":false,\"openpopup_id\":0}' \/><div class=\"wpcf7-response-output\" aria-hidden=\"true\"><\/div><input type=\"hidden\" name=\"trp-form-language\" value=\"fr\"\/><\/form><\/div><\/div>\n<h3>N'h\u00e9sitez pas \u00e0 nous faire part de vos besoins. Nous vous r\u00e9pondrons dans les 12 heures.<\/h3>\n<div role=\"form\" class=\"wpcf7\" id=\"wpcf7-f6-o2\" lang=\"en-US\" dir=\"ltr\">\n<div class=\"screen-reader-response\"><p role=\"status\" aria-live=\"polite\" aria-atomic=\"true\"><\/p> <ul><\/ul><\/div>\n<form action=\"\/fr\/wp-json\/wp\/v2\/pages\/633#wpcf7-f6-o2\" method=\"post\" class=\"wpcf7-form init\" novalidate=\"novalidate\" data-status=\"init\" data-trp-original-action=\"\/fr\/wp-json\/wp\/v2\/pages\/633#wpcf7-f6-o2\">\n<div style=\"display: none;\">\n<input type=\"hidden\" name=\"_wpcf7\" value=\"6\" \/>\n<input type=\"hidden\" name=\"_wpcf7_version\" value=\"5.5.6\" \/>\n<input type=\"hidden\" name=\"_wpcf7_locale\" value=\"en_US\" \/>\n<input type=\"hidden\" name=\"_wpcf7_unit_tag\" value=\"wpcf7-f6-o2\" \/>\n<input type=\"hidden\" name=\"_wpcf7_container_post\" value=\"0\" \/>\n<input type=\"hidden\" name=\"_wpcf7_posted_data_hash\" value=\"\" \/>\n<\/div>\n<div class=\"messageform\">\n<p><strong><span style=\"color:red;\"><\/span> Votre nom<\/strong><br \/>\n    <span class=\"wpcf7-form-control-wrap your-name\"><input type=\"text\" name=\"your-name\" value=\"\" size=\"40\" class=\"wpcf7-form-control wpcf7-text\" aria-invalid=\"false\" \/><\/span> <\/p>\n<p><strong><span style=\"color:red;\">*<\/span> Votre courriel<\/strong><br \/>\n    <span class=\"wpcf7-form-control-wrap your-email\"><input type=\"email\" name=\"your-email\" value=\"\" size=\"40\" class=\"wpcf7-form-control wpcf7-text wpcf7-email wpcf7-validates-as-required wpcf7-validates-as-email\" aria-required=\"true\" aria-invalid=\"false\" \/><\/span> <\/p>\n<p><strong>Votre num\u00e9ro de t\u00e9l\u00e9phone<\/strong><br \/>\n    <span class=\"wpcf7-form-control-wrap your-phone\"><input type=\"text\" name=\"your-phone\" value=\"\" size=\"40\" class=\"wpcf7-form-control wpcf7-text\" aria-invalid=\"false\" placeholder=\"Inclure l&#039;indicatif r\u00e9gional\" \/><\/span> <\/p>\n<p><strong>Votre pays<\/strong><br \/>\n    <span class=\"wpcf7-form-control-wrap your-country\"><input type=\"text\" name=\"your-country\" value=\"\" size=\"40\" class=\"wpcf7-form-control wpcf7-text\" aria-invalid=\"false\" \/><\/span> <\/p>\n<p><strong><span style=\"color:red;\">*<\/span> Votre demande<\/strong><br \/>\n    <span class=\"wpcf7-form-control-wrap your-requirement\"><textarea name=\"your-requirement\" cols=\"40\" rows=\"10\" class=\"wpcf7-form-control wpcf7-textarea wpcf7-validates-as-required bestonmessage\" aria-required=\"true\" aria-invalid=\"false\" placeholder=\"Pour un devis d\u00e9taill\u00e9, veuillez nous envoyer votre demande d\u00e9taill\u00e9e.\"><\/textarea><\/span> <\/p>\n<p><input type=\"submit\" value=\"Envoyer un message\" class=\"wpcf7-form-control has-spinner wpcf7-submit\" \/><\/p>\n<\/div>\n<p style=\"display: none !important;\"><label>&#916;<textarea name=\"_wpcf7_ak_hp_textarea\" cols=\"45\" rows=\"8\" maxlength=\"100\"><\/textarea><\/label><input type=\"hidden\" id=\"ak_js_2\" name=\"_wpcf7_ak_js\" value=\"23\"\/><script>document.getElementById( \"ak_js_2\" ).setAttribute( \"value\", ( new Date() ).getTime() );<\/script><\/p><input type='hidden' class='wpcf7-pum' value='{\"closepopup\":false,\"closedelay\":0,\"openpopup\":false,\"openpopup_id\":0}' \/><div class=\"wpcf7-response-output\" aria-hidden=\"true\"><\/div><input type=\"hidden\" name=\"trp-form-language\" value=\"fr\"\/><\/form><\/div>","protected":false},"excerpt":{"rendered":"<p>O\u00f9 acheter un c\u00e2ble arm\u00e9 \u00e0 \u00e2me simple ? Huadong Cable Group est l'un des principaux fournisseurs de c\u00e2bles arm\u00e9s \u00e0 \u00e2me unique en Chine. Il y a des c\u00e2bles arm\u00e9s \u00e0 \u00e2me unique de 25mm de haute qualit\u00e9 et de prix relativement bas \u00e0 vendre. Nous avons plus de 30 ans d'exp\u00e9rience dans la production de c\u00e2ble arm\u00e9 monoconducteur de 50 mm\u00b2. De plus, nous avons ... <a class=\"read-more\" href=\"https:\/\/huadongswacable.com\/fr\/cable-arme-unipolaire\/\">Lire plus...<\/a><\/p>","protected":false},"author":1,"featured_media":0,"parent":0,"menu_order":0,"comment_status":"closed","ping_status":"closed","template":"","meta":{"footnotes":""},"class_list":["post-633","page","type-page","status-publish"],"yoast_head":"<!-- This site is optimized with the Yoast SEO plugin v18.4.1 - https:\/\/yoast.com\/wordpress\/plugins\/seo\/ -->\n<title>16mm 25mm 50mm Single Core Armoured Cable<\/title>\n<meta name=\"description\" content=\"Huadong has best 16mm 25mm 50mm 95mm 120mm 150mm 185mm single core armoured cable price for sale. We are professional 1C x 25mm armoured cable manufacturer in China.\" \/>\n<meta name=\"robots\" content=\"index, follow, max-snippet:-1, max-image-preview:large, max-video-preview:-1\" \/>\n<link rel=\"canonical\" href=\"http:\/\/huadongswacable.com\/fr\/single-core-armoured-cable\/\" \/>\n<meta property=\"og:locale\" content=\"fr_FR\" \/>\n<meta property=\"og:type\" content=\"article\" \/>\n<meta property=\"og:title\" content=\"16mm 25mm 50mm Single Core Armoured Cable\" \/>\n<meta property=\"og:description\" content=\"Huadong has best 16mm 25mm 50mm 95mm 120mm 150mm 185mm single core armoured cable price for sale. We are professional 1C x 25mm armoured cable manufacturer in China.\" \/>\n<meta property=\"og:url\" content=\"http:\/\/huadongswacable.com\/fr\/single-core-armoured-cable\/\" \/>\n<meta property=\"og:site_name\" content=\"Huadong SWA Cable\" \/>\n<meta property=\"article:modified_time\" content=\"2022-12-19T03:51:52+00:00\" \/>\n<meta property=\"og:image\" content=\"https:\/\/huadongswacable.com\/wp-content\/uploads\/2021\/06\/16mm-xlpe-pvc-ata-single-core-cable-for-sale.jpg\" \/>\n<meta name=\"twitter:card\" content=\"summary_large_image\" \/>\n<meta name=\"twitter:label1\" content=\"Dur\u00e9e de lecture estim\u00e9e\" \/>\n\t<meta name=\"twitter:data1\" content=\"4 minutes\" \/>\n<script type=\"application\/ld+json\" class=\"yoast-schema-graph\">{\"@context\":\"https:\/\/schema.org\",\"@graph\":[{\"@type\":\"WebSite\",\"@id\":\"http:\/\/huadongswacable.com\/ru\/#website\",\"url\":\"http:\/\/huadongswacable.com\/ru\/\",\"name\":\"Huadong SWA Cable\",\"description\":\"Huadong SWA Cable\",\"potentialAction\":[{\"@type\":\"SearchAction\",\"target\":{\"@type\":\"EntryPoint\",\"urlTemplate\":\"http:\/\/huadongswacable.com\/ru\/?s={search_term_string}\"},\"query-input\":\"required name=search_term_string\"}],\"inLanguage\":\"fr-FR\"},{\"@type\":\"ImageObject\",\"@id\":\"http:\/\/huadongswacable.com\/fr\/single-core-armoured-cable\/#primaryimage\",\"inLanguage\":\"fr-FR\",\"url\":\"https:\/\/huadongswacable.com\/wp-content\/uploads\/2021\/06\/16mm-xlpe-pvc-ata-single-core-cable-for-sale.jpg\",\"contentUrl\":\"https:\/\/huadongswacable.com\/wp-content\/uploads\/2021\/06\/16mm-xlpe-pvc-ata-single-core-cable-for-sale.jpg\",\"width\":350,\"height\":350,\"caption\":\"16mm xlpe pvc ata single core cable for sale\"},{\"@type\":\"WebPage\",\"@id\":\"http:\/\/huadongswacable.com\/fr\/single-core-armoured-cable\/#webpage\",\"url\":\"http:\/\/huadongswacable.com\/fr\/single-core-armoured-cable\/\",\"name\":\"16mm 25mm 50mm Single Core Armoured Cable\",\"isPartOf\":{\"@id\":\"http:\/\/huadongswacable.com\/ru\/#website\"},\"primaryImageOfPage\":{\"@id\":\"http:\/\/huadongswacable.com\/fr\/single-core-armoured-cable\/#primaryimage\"},\"datePublished\":\"2018-04-02T08:00:03+00:00\",\"dateModified\":\"2022-12-19T03:51:52+00:00\",\"description\":\"Huadong has best 16mm 25mm 50mm 95mm 120mm 150mm 185mm single core armoured cable price for sale. We are professional 1C x 25mm armoured cable manufacturer in China.\",\"breadcrumb\":{\"@id\":\"http:\/\/huadongswacable.com\/fr\/single-core-armoured-cable\/#breadcrumb\"},\"inLanguage\":\"fr-FR\",\"potentialAction\":[{\"@type\":\"ReadAction\",\"target\":[\"http:\/\/huadongswacable.com\/fr\/single-core-armoured-cable\/\"]}]},{\"@type\":\"BreadcrumbList\",\"@id\":\"http:\/\/huadongswacable.com\/fr\/single-core-armoured-cable\/#breadcrumb\",\"itemListElement\":[{\"@type\":\"ListItem\",\"position\":1,\"name\":\"Home\",\"item\":\"http:\/\/huadongswacable.com\/ru\/\"},{\"@type\":\"ListItem\",\"position\":2,\"name\":\"16mm 25mm 50mm Single Core Armoured Cable For Sale\"}]}]}<\/script>\n<!-- \/ Yoast SEO plugin. -->","yoast_head_json":{"title":"16mm 25mm 50mm Single Core Armoured Cable","description":"Huadong has best 16mm 25mm 50mm 95mm 120mm 150mm 185mm single core armoured cable price for sale. We are professional 1C x 25mm armoured cable manufacturer in China.","robots":{"index":"index","follow":"follow","max-snippet":"max-snippet:-1","max-image-preview":"max-image-preview:large","max-video-preview":"max-video-preview:-1"},"canonical":"http:\/\/huadongswacable.com\/fr\/single-core-armoured-cable\/","og_locale":"fr_FR","og_type":"article","og_title":"16mm 25mm 50mm Single Core Armoured Cable","og_description":"Huadong has best 16mm 25mm 50mm 95mm 120mm 150mm 185mm single core armoured cable price for sale. We are professional 1C x 25mm armoured cable manufacturer in China.","og_url":"http:\/\/huadongswacable.com\/fr\/single-core-armoured-cable\/","og_site_name":"Huadong SWA Cable","article_modified_time":"2022-12-19T03:51:52+00:00","og_image":[{"url":"https:\/\/huadongswacable.com\/wp-content\/uploads\/2021\/06\/16mm-xlpe-pvc-ata-single-core-cable-for-sale.jpg"}],"twitter_card":"summary_large_image","twitter_misc":{"Dur\u00e9e de lecture estim\u00e9e":"4 minutes"},"schema":{"@context":"https:\/\/schema.org","@graph":[{"@type":"WebSite","@id":"http:\/\/huadongswacable.com\/ru\/#website","url":"http:\/\/huadongswacable.com\/ru\/","name":"Huadong SWA Cable","description":"Huadong SWA Cable","potentialAction":[{"@type":"SearchAction","target":{"@type":"EntryPoint","urlTemplate":"http:\/\/huadongswacable.com\/ru\/?s={search_term_string}"},"query-input":"required name=search_term_string"}],"inLanguage":"fr-FR"},{"@type":"ImageObject","@id":"http:\/\/huadongswacable.com\/fr\/single-core-armoured-cable\/#primaryimage","inLanguage":"fr-FR","url":"https:\/\/huadongswacable.com\/wp-content\/uploads\/2021\/06\/16mm-xlpe-pvc-ata-single-core-cable-for-sale.jpg","contentUrl":"https:\/\/huadongswacable.com\/wp-content\/uploads\/2021\/06\/16mm-xlpe-pvc-ata-single-core-cable-for-sale.jpg","width":350,"height":350,"caption":"16mm xlpe pvc ata single core cable for sale"},{"@type":"WebPage","@id":"http:\/\/huadongswacable.com\/fr\/single-core-armoured-cable\/#webpage","url":"http:\/\/huadongswacable.com\/fr\/single-core-armoured-cable\/","name":"16mm 25mm 50mm Single Core Armoured Cable","isPartOf":{"@id":"http:\/\/huadongswacable.com\/ru\/#website"},"primaryImageOfPage":{"@id":"http:\/\/huadongswacable.com\/fr\/single-core-armoured-cable\/#primaryimage"},"datePublished":"2018-04-02T08:00:03+00:00","dateModified":"2022-12-19T03:51:52+00:00","description":"Huadong has best 16mm 25mm 50mm 95mm 120mm 150mm 185mm single core armoured cable price for sale. We are professional 1C x 25mm armoured cable manufacturer in China.","breadcrumb":{"@id":"http:\/\/huadongswacable.com\/fr\/single-core-armoured-cable\/#breadcrumb"},"inLanguage":"fr-FR","potentialAction":[{"@type":"ReadAction","target":["http:\/\/huadongswacable.com\/fr\/single-core-armoured-cable\/"]}]},{"@type":"BreadcrumbList","@id":"http:\/\/huadongswacable.com\/fr\/single-core-armoured-cable\/#breadcrumb","itemListElement":[{"@type":"ListItem","position":1,"name":"Home","item":"http:\/\/huadongswacable.com\/ru\/"},{"@type":"ListItem","position":2,"name":"16mm 25mm 50mm Single Core Armoured Cable For Sale"}]}]}},"_links":{"self":[{"href":"https:\/\/huadongswacable.com\/fr\/wp-json\/wp\/v2\/pages\/633","targetHints":{"allow":["GET"]}}],"collection":[{"href":"https:\/\/huadongswacable.com\/fr\/wp-json\/wp\/v2\/pages"}],"about":[{"href":"https:\/\/huadongswacable.com\/fr\/wp-json\/wp\/v2\/types\/page"}],"author":[{"embeddable":true,"href":"https:\/\/huadongswacable.com\/fr\/wp-json\/wp\/v2\/users\/1"}],"replies":[{"embeddable":true,"href":"https:\/\/huadongswacable.com\/fr\/wp-json\/wp\/v2\/comments?post=633"}],"version-history":[{"count":24,"href":"https:\/\/huadongswacable.com\/fr\/wp-json\/wp\/v2\/pages\/633\/revisions"}],"predecessor-version":[{"id":7763,"href":"https:\/\/huadongswacable.com\/fr\/wp-json\/wp\/v2\/pages\/633\/revisions\/7763"}],"wp:attachment":[{"href":"https:\/\/huadongswacable.com\/fr\/wp-json\/wp\/v2\/media?parent=633"}],"curies":[{"name":"wp","href":"https:\/\/api.w.org\/{rel}","templated":true}]}}