{"id":5117,"date":"2020-12-10T17:24:37","date_gmt":"2020-12-10T09:24:37","guid":{"rendered":"http:\/\/huadongswacable.com\/?page_id=5117"},"modified":"2022-12-19T15:04:02","modified_gmt":"2022-12-19T07:04:02","slug":"kabel-nyy-indonesia","status":"publish","type":"page","link":"https:\/\/huadongswacable.com\/fr\/kabel-nyy-indonesia\/","title":{"rendered":"4x4mm 4x10mm 4x16mm 4x 25mm 4x35mm 4x50mm 4x70mm 4x95mm Kabel NYY Indonesia"},"content":{"rendered":"<h2>Quelle est la taille de kabel nyy dont vous avez besoin ?<\/h2>\n<p>D'une mani\u00e8re g\u00e9n\u00e9rale, les applications des kabel nyy sont tr\u00e8s vastes. Vous pouvez utiliser les kabel ny 4\u00d74 mm \u00e0 l'int\u00e9rieur, \u00e0 l'ext\u00e9rieur, dans les goulottes de c\u00e2bles et sous terre. Afin de r\u00e9pondre aux besoins des clients, les kabel nyy en Indon\u00e9sie ont diff\u00e9rentes tailles. Par exemple, vous pouvez choisir 4x4mm, 4x6mm, 4x10mm, 4x16mm, 4x25mm, 4x35mm, 4x50mm, 4x70mm, 4x95mm, 4x120mm, 4x150mm, 4x 185mm, 4x240mm, 4x300mm et d'autres tailles de kabel nyy.<\/p>\n<div class=\"row\">\n<div class=\"col-lg-6 col-md-12 col-xs-12 col-sm-12\">\n<img loading=\"lazy\" decoding=\"async\" class=\"aligncenter wp-image-5142\" src=\"https:\/\/huadongswacable.com\/wp-content\/uploads\/2020\/12\/0.6-1kv-IEC60502-VDE-0276-Kabel-nyy-4x4mm-4x16mm-4x25mm.jpg\" alt=\"0,6\/1kv IEC60502 VDE 0276 Kabel ny 4x4mm 4x16mm 4x25mm\" width=\"310\" height=\"310\" srcset=\"https:\/\/huadongswacable.com\/wp-content\/uploads\/2020\/12\/0.6-1kv-IEC60502-VDE-0276-Kabel-nyy-4x4mm-4x16mm-4x25mm.jpg 400w, https:\/\/huadongswacable.com\/wp-content\/uploads\/2020\/12\/0.6-1kv-IEC60502-VDE-0276-Kabel-nyy-4x4mm-4x16mm-4x25mm-300x300.jpg 300w, https:\/\/huadongswacable.com\/wp-content\/uploads\/2020\/12\/0.6-1kv-IEC60502-VDE-0276-Kabel-nyy-4x4mm-4x16mm-4x25mm-150x150.jpg 150w\" sizes=\"auto, (max-width: 310px) 100vw, 310px\" \/><\/div>\n<div class=\"col-lg-6 col-md-12 col-xs-12 col-sm-12\">\n<h2>Kabel NYY 4x16mm Construction<\/h2>\n<p><strong>Tension :<\/strong> 600\/1000V<\/p>\n<p><strong>Chef d'orchestre :<\/strong> Cu, classe 1 ou 2 selon HRN HD 383 \/ IEC 60228 \/ DIN VDE 0295<\/p>\n<p><strong>Isolation :<\/strong>Polychlorure de vinyle (PVC)<\/p>\n<p><strong>Gaine :<\/strong> Polychlorure de vinyle (PVC)<\/p>\n<p><strong>Plage de temp\u00e9rature :<\/strong> Flexion - 5\u00b0C \u00e0 + 50\u00b0C. Installation fixe -20\u00b0C \u00e0 +70\u00b0C<\/p>\n<p style=\"text-align: center;\"><span class=\"su-lightbox\" data-mfp-src=\"#Popup\" data-mfp-type=\"inline\" data-mobile=\"yes\"><button class=\"btn btn-danger btn-sm\" ><i class=\"fa fa-hand-o-right\" style=\"color:#ffffff;\"><\/i> Obtenir un devis<\/button><\/span>\n<\/div>\n<\/div>\n<p>En tant que fournisseur professionnel de kabel nyy 4x4mm, nous avons export\u00e9 nos kabel nyy 4\u00d74 vers de nombreux pays. Si vous avez besoin de kabel nyy en Indon\u00e9sie, en Malaisie ou en Tha\u00eflande, n'h\u00e9sitez pas \u00e0 nous le dire. Nous pouvons personnaliser les c\u00e2bles kabel nyy 4x6mm et autres c\u00e2bles non arm\u00e9s selon vos besoins. De plus, tous nos c\u00e2bles 4x10mm sont conformes aux standards internationaux. De plus, nous pouvons vous fournir des \u00e9chantillons gratuits de c\u00e2ble kabel nyy 4x16mm. Apr\u00e8s avoir confirm\u00e9 la qualit\u00e9 de nos kabel ny 4\u00d735, vous pouvez \u00eatre s\u00fbrs de commander de grandes quantit\u00e9s de kabel ny 4x50mm. Nous vous promettons de vous fournir les meilleurs kabel ny ny Indon\u00e9sie. Si vous \u00eates \u00e0 la recherche de kabel nyy 4x120mm, n'h\u00e9sitez pas \u00e0 nous contacter, nous pouvons personnaliser diff\u00e9rentes tailles de kabel nyy pour vous.<\/p>\n<div class=\"row\">\n<div class=\"col-lg-6 col-md-12 col-xs-12 col-sm-12\">\n<img loading=\"lazy\" decoding=\"async\" class=\"aligncenter size-full wp-image-5155\" src=\"https:\/\/huadongswacable.com\/wp-content\/uploads\/2020\/12\/kabel-nyy-4x95-120-150-185-240Indonesia-price.jpg\" alt=\"kabel ny 4x95 120 150 185 240 Indonesia price\" width=\"350\" height=\"350\" srcset=\"https:\/\/huadongswacable.com\/wp-content\/uploads\/2020\/12\/kabel-nyy-4x95-120-150-185-240Indonesia-price.jpg 350w, https:\/\/huadongswacable.com\/wp-content\/uploads\/2020\/12\/kabel-nyy-4x95-120-150-185-240Indonesia-price-300x300.jpg 300w, https:\/\/huadongswacable.com\/wp-content\/uploads\/2020\/12\/kabel-nyy-4x95-120-150-185-240Indonesia-price-150x150.jpg 150w\" sizes=\"auto, (max-width: 350px) 100vw, 350px\" \/><\/div>\n<div class=\"col-lg-6 col-md-12 col-xs-12 col-sm-12\">\n<h2>Harga NYY 4x95mm<\/h2>\n<p><strong>Tension nominale :<\/strong> Uo\/U : 0,6\/1KV<\/p>\n<p><strong>Tension d'essai :<\/strong> 4 KV<\/p>\n<p><strong>Chef d'orchestre :<\/strong> cuivre toronn\u00e9<\/p>\n<p><strong>Isolation :<\/strong> Polychlorure de vinyle (PVC)<\/p>\n<p><strong>Remplissage :<\/strong> compos\u00e9s d'\u00e9lastom\u00e8res ou de plastom\u00e8res extrud\u00e9s ou bandes thermoplastiques envelopp\u00e9es<\/p>\n<p><strong>Gaine :<\/strong> Polychlorure de vinyle (PVC)<\/p>\n<p style=\"text-align: center;\"><span class=\"su-lightbox\" data-mfp-src=\"#Popup\" data-mfp-type=\"inline\" data-mobile=\"yes\"><button class=\"btn btn-danger btn-sm\" ><i class=\"fa fa-hand-o-right\" style=\"color:#ffffff;\"><\/i> Obtenir un devis<\/button><\/span>\n<\/div>\n<\/div>\n<h2>La caract\u00e9ristique de kabel nyy 4x4mm<\/h2>\n<p>En fait, le kabel ny 4\u00d74 est un c\u00e2ble avec 4 \u00e2mes en cuivre, une isolation en pvc et une gaine en pvc. L'isolation en pvc de ce c\u00e2ble ny 4x70mm a une construction solide. Vous savez <a href=\"https:\/\/huadongswacable.com\/fr\/pvc-armoured-cable-customization\/\" target=\"_blank\" rel=\"noopener noreferrer\">c\u00e2ble d'alimentation en pvc<\/a> est tr\u00e8s populaire. C'est parce qu'il poss\u00e8de une gaine suppl\u00e9mentaire et qu'il aide kabel nyy 4\u00d795 \u00e0 pr\u00e9venir les morsures de rats. De plus, le kabel ny 4x150mm a une r\u00e9sistance \u00e9lev\u00e9e, ce qui permet de l'enfouir sous terre. En outre, le kabel nyy 4x240mm est beaucoup plus s\u00fbr et convient aux \u00e9quipements \u00e9lectriques fixes. La demande de kabel ny ny Indon\u00e9sie est donc importante.<\/p>\n<div class=\"row\">\n<div class=\"col-lg-6 col-md-12 col-xs-12 col-sm-12\">\n<img loading=\"lazy\" decoding=\"async\" class=\"aligncenter wp-image-5154\" src=\"https:\/\/huadongswacable.com\/wp-content\/uploads\/2020\/12\/kabel-nyy-4x4mm-10mm-16mm-25mm-35mm-50mm-70mm-95mm-price-Indonesia-.jpg\" alt=\"kabel nyy 4x4mm 10mm 16mm 25mm 35mm 50mm 70mm 95mm prix Indon\u00e9sie\" width=\"307\" height=\"352\" srcset=\"https:\/\/huadongswacable.com\/wp-content\/uploads\/2020\/12\/kabel-nyy-4x4mm-10mm-16mm-25mm-35mm-50mm-70mm-95mm-price-Indonesia-.jpg 400w, https:\/\/huadongswacable.com\/wp-content\/uploads\/2020\/12\/kabel-nyy-4x4mm-10mm-16mm-25mm-35mm-50mm-70mm-95mm-price-Indonesia--261x300.jpg 261w\" sizes=\"auto, (max-width: 307px) 100vw, 307px\" \/><\/div>\n<div class=\"col-lg-6 col-md-12 col-xs-12 col-sm-12\">\n<p><strong>Tension\uff1a<\/strong>600\/1000V<\/p>\n<p><strong>Chef d'orchestre :<\/strong> cuivre massif ou toronn\u00e9<\/p>\n<p><strong>Nbre de c\u0153urs<\/strong> 4 noyau<\/p>\n<p><strong>Taille :<\/strong> 4mm 10mm 16mm 25mm 50mm 70mm 95mm 120mm 185mm 240mm<\/p>\n<p><strong>Standard\uff1a<\/strong>HRN HD 603 S1<br \/>\nIEC 60502-1<br \/>\nDIN VDE 0276 partie 603<br \/>\nHRN HD 627 S1<br \/>\nDIN VDE 0276-627<\/p>\n<p style=\"text-align: center;\"><span class=\"su-lightbox\" data-mfp-src=\"#Popup\" data-mfp-type=\"inline\" data-mobile=\"yes\"><button class=\"btn btn-danger btn-sm\" ><i class=\"fa fa-hand-o-right\" style=\"color:#ffffff;\"><\/i> Obtenir un devis<\/button><\/span>\n<\/div>\n<\/div>\n<p>Par exemple, vous pouvez utiliser les kabel ny 4\u00d74 dans une \u00e9cole, un h\u00f4pital, un parc, une place, une usine, etc. C'est pourquoi de nombreux projets ont besoin de kabel ny 4x16mm. Si vous recherchez des kabel ny 4x25mm, vous trouverez de nombreux fournisseurs de kabel ny Indon\u00e9sie. Cependant, vous pouvez \u00e9galement acheter des kabel nyy 4\u00d74 aupr\u00e8s de fabricants \u00e9trangers. M\u00eame si les frais d'exp\u00e9dition de kabel nyy 4x4mm sont beaucoup plus \u00e9lev\u00e9s que ceux d'un achat local, le prix total de kabel nyy 4\u00d750 est moins \u00e9lev\u00e9. Parce que les prix des kabel ny 70mm ne sont pas les m\u00eames, si vous voulez obtenir des kabel ny Indon\u00e9sie, Malaisie, Tha\u00eflande, Vietnam, Nig\u00e9ria, Zambie, Mozambique ou d'autres pays, contactez-nous.<\/p>\n<p><img loading=\"lazy\" decoding=\"async\" class=\"aligncenter wp-image-5173\" src=\"https:\/\/huadongswacable.com\/wp-content\/uploads\/2020\/12\/kabel-nyy-4x4mm-4x6mm-4x16mm-4x95mm-Indonesia-supplier.jpg\" alt=\"kabel nyy 4x4mm 4x6mm 4x16mm 4x95mm Indon\u00e9sie fournisseur\" width=\"616\" height=\"150\" srcset=\"https:\/\/huadongswacable.com\/wp-content\/uploads\/2020\/12\/kabel-nyy-4x4mm-4x6mm-4x16mm-4x95mm-Indonesia-supplier.jpg 900w, https:\/\/huadongswacable.com\/wp-content\/uploads\/2020\/12\/kabel-nyy-4x4mm-4x6mm-4x16mm-4x95mm-Indonesia-supplier-300x73.jpg 300w, https:\/\/huadongswacable.com\/wp-content\/uploads\/2020\/12\/kabel-nyy-4x4mm-4x6mm-4x16mm-4x95mm-Indonesia-supplier-768x187.jpg 768w\" sizes=\"auto, (max-width: 616px) 100vw, 616px\" \/><\/p>\n<p style=\"text-align: center;\"><span class=\"su-lightbox\" data-mfp-src=\"#Popup\" data-mfp-type=\"inline\" data-mobile=\"yes\"><button class=\"btn btn-danger btn-sm\" ><i class=\"fa fa-hand-o-right\" style=\"color:#ffffff;\"><\/i> Obtenir un devis<\/button><\/span>\n<h2>O\u00f9 trouver le meilleur fournisseur de c\u00e2ble NYY 0.6\/1KV ?<\/h2>\n<p>M\u00eame si nous fournissons le c\u00e2ble kabel ny ny 4x4mm pour tous les pays, la plus grande demande pour le c\u00e2ble kabel ny est l'Indon\u00e9sie. Ainsi, si vous avez besoin de c\u00e2ble nyy 4x25mm, n'h\u00e9sitez pas \u00e0 nous le dire. Nous pouvons vous fournir le meilleur prix de c\u00e2ble ny ny 4x35mm en Indon\u00e9sie. De plus, en tant que fournisseur professionnel de c\u00e2ble nyy 4x95mm Indon\u00e9sie, nous pouvons \u00e9galement vous fournir diff\u00e9rentes tailles de c\u00e2ble arm\u00e9. De plus, nous pouvons personnaliser le c\u00e2ble pvc et le c\u00e2ble xlpe selon vos besoins. Par exemple, vous pouvez acheter un c\u00e2ble \u00e0 2 conducteurs de 25mm, un c\u00e2ble de 95mm, un c\u00e2ble \u00e0 3 conducteurs de 185mm, un c\u00e2ble xlpe de 240mm et ainsi de suite. Attendez-vous \u00e0 ce que le c\u00e2ble nyy, autre c\u00e2ble arm\u00e9 de 0,6\/1KV, vous soit propos\u00e9 \u00e0 un prix qui ne vous d\u00e9cevra pas.  Si vous \u00eates int\u00e9ress\u00e9 par notre c\u00e2ble nyy et d'autres produits, laissez votre message.<\/p>\n<p><img loading=\"lazy\" decoding=\"async\" class=\"aligncenter size-full wp-image-5206\" src=\"https:\/\/huadongswacable.com\/wp-content\/uploads\/2020\/12\/4x95mm-4x16mm-4x4mm-Kabel-NYY-price-Indonesia-.jpg\" alt=\"4x95mm 4x16mm 4x4mm Kabel NYY prix Indon\u00e9sie\" width=\"800\" height=\"360\" srcset=\"https:\/\/huadongswacable.com\/wp-content\/uploads\/2020\/12\/4x95mm-4x16mm-4x4mm-Kabel-NYY-price-Indonesia-.jpg 800w, https:\/\/huadongswacable.com\/wp-content\/uploads\/2020\/12\/4x95mm-4x16mm-4x4mm-Kabel-NYY-price-Indonesia--300x135.jpg 300w, https:\/\/huadongswacable.com\/wp-content\/uploads\/2020\/12\/4x95mm-4x16mm-4x4mm-Kabel-NYY-price-Indonesia--768x346.jpg 768w\" sizes=\"auto, (max-width: 800px) 100vw, 800px\" \/><\/p>\n<div class=\"su-lightbox-content su-u-trim\" id=\"Popup\" style=\"display:none;width:auto;min-width:50%;max-width:70%;margin-top:40px;margin-bottom:40px;padding:40px;background:#e8e5e5;color:#060473;box-shadow:0px 0px 15px #333333;text-align:left\"><div role=\"form\" class=\"wpcf7\" id=\"wpcf7-f5571-o1\" lang=\"en-US\" dir=\"ltr\">\n<div class=\"screen-reader-response\"><p role=\"status\" aria-live=\"polite\" aria-atomic=\"true\"><\/p> <ul><\/ul><\/div>\n<form action=\"\/fr\/wp-json\/wp\/v2\/pages\/5117#wpcf7-f5571-o1\" method=\"post\" class=\"wpcf7-form init\" novalidate=\"novalidate\" data-status=\"init\" data-trp-original-action=\"\/fr\/wp-json\/wp\/v2\/pages\/5117#wpcf7-f5571-o1\">\n<div style=\"display: none;\">\n<input type=\"hidden\" name=\"_wpcf7\" value=\"5571\" \/>\n<input type=\"hidden\" name=\"_wpcf7_version\" value=\"5.5.6\" \/>\n<input type=\"hidden\" name=\"_wpcf7_locale\" value=\"en_US\" \/>\n<input type=\"hidden\" name=\"_wpcf7_unit_tag\" value=\"wpcf7-f5571-o1\" \/>\n<input type=\"hidden\" name=\"_wpcf7_container_post\" value=\"0\" \/>\n<input type=\"hidden\" name=\"_wpcf7_posted_data_hash\" value=\"\" \/>\n<\/div>\n<div class=\"popmakerform\">\n<p>Votre nom <span style=\"color:red;\">*<span><br \/>\n<span class=\"wpcf7-form-control-wrap your-name\"><input type=\"text\" name=\"your-name\" value=\"\" size=\"40\" class=\"wpcf7-form-control wpcf7-text wpcf7-validates-as-required\" aria-required=\"true\" aria-invalid=\"false\" \/><\/span><\/p>\n<p>Votre courriel <span style=\"color:red;\">*<span><br \/>\n<span class=\"wpcf7-form-control-wrap your-email\"><input type=\"email\" name=\"your-email\" value=\"\" size=\"40\" class=\"wpcf7-form-control wpcf7-text wpcf7-email wpcf7-validates-as-required wpcf7-validates-as-email\" aria-required=\"true\" aria-invalid=\"false\" \/><\/span><\/p>\n<p>Votre num\u00e9ro de t\u00e9l\u00e9phone<br \/>\n<span class=\"wpcf7-form-control-wrap your-phone\"><input type=\"text\" name=\"your-phone\" value=\"\" size=\"40\" class=\"wpcf7-form-control wpcf7-text\" aria-invalid=\"false\" \/><\/span><\/p>\n<p>Votre pays<br \/>\n<span class=\"wpcf7-form-control-wrap your-country\"><input type=\"text\" name=\"your-country\" value=\"\" size=\"40\" class=\"wpcf7-form-control wpcf7-text\" aria-invalid=\"false\" \/><\/span><\/p>\n<p>Exigence d\u00e9taill\u00e9e <span style=\"color:red;\">*<span><br \/>\n<span class=\"wpcf7-form-control-wrap your-requirement\"><textarea name=\"your-requirement\" cols=\"40\" rows=\"4\" class=\"wpcf7-form-control wpcf7-textarea wpcf7-validates-as-required\" aria-required=\"true\" aria-invalid=\"false\"><\/textarea><\/span><\/p>\n<p><input type=\"submit\" value=\"Obtenir un devis\" class=\"wpcf7-form-control has-spinner wpcf7-submit\" \/><\/p>\n<\/div>\n<p style=\"display: none !important;\"><label>&#916;<textarea name=\"_wpcf7_ak_hp_textarea\" cols=\"45\" rows=\"8\" maxlength=\"100\"><\/textarea><\/label><input type=\"hidden\" id=\"ak_js_1\" name=\"_wpcf7_ak_js\" value=\"184\"\/><script>document.getElementById( \"ak_js_1\" ).setAttribute( \"value\", ( new Date() ).getTime() );<\/script><\/p><input type='hidden' class='wpcf7-pum' value='{\"closepopup\":false,\"closedelay\":0,\"openpopup\":false,\"openpopup_id\":0}' \/><div class=\"wpcf7-response-output\" aria-hidden=\"true\"><\/div><input type=\"hidden\" name=\"trp-form-language\" value=\"fr\"\/><\/form><\/div><\/div>\n<div role=\"form\" class=\"wpcf7\" id=\"wpcf7-f6-o2\" lang=\"en-US\" dir=\"ltr\">\n<div class=\"screen-reader-response\"><p role=\"status\" aria-live=\"polite\" aria-atomic=\"true\"><\/p> <ul><\/ul><\/div>\n<form action=\"\/fr\/wp-json\/wp\/v2\/pages\/5117#wpcf7-f6-o2\" method=\"post\" class=\"wpcf7-form init\" novalidate=\"novalidate\" data-status=\"init\" data-trp-original-action=\"\/fr\/wp-json\/wp\/v2\/pages\/5117#wpcf7-f6-o2\">\n<div style=\"display: none;\">\n<input type=\"hidden\" name=\"_wpcf7\" value=\"6\" \/>\n<input type=\"hidden\" name=\"_wpcf7_version\" value=\"5.5.6\" \/>\n<input type=\"hidden\" name=\"_wpcf7_locale\" value=\"en_US\" \/>\n<input type=\"hidden\" name=\"_wpcf7_unit_tag\" value=\"wpcf7-f6-o2\" \/>\n<input type=\"hidden\" name=\"_wpcf7_container_post\" value=\"0\" \/>\n<input type=\"hidden\" name=\"_wpcf7_posted_data_hash\" value=\"\" \/>\n<\/div>\n<div class=\"messageform\">\n<p><strong><span style=\"color:red;\"><\/span> Votre nom<\/strong><br \/>\n    <span class=\"wpcf7-form-control-wrap your-name\"><input type=\"text\" name=\"your-name\" value=\"\" size=\"40\" class=\"wpcf7-form-control wpcf7-text\" aria-invalid=\"false\" \/><\/span> <\/p>\n<p><strong><span style=\"color:red;\">*<\/span> Votre courriel<\/strong><br \/>\n    <span class=\"wpcf7-form-control-wrap your-email\"><input type=\"email\" name=\"your-email\" value=\"\" size=\"40\" class=\"wpcf7-form-control wpcf7-text wpcf7-email wpcf7-validates-as-required wpcf7-validates-as-email\" aria-required=\"true\" aria-invalid=\"false\" \/><\/span> <\/p>\n<p><strong>Votre num\u00e9ro de t\u00e9l\u00e9phone<\/strong><br \/>\n    <span class=\"wpcf7-form-control-wrap your-phone\"><input type=\"text\" name=\"your-phone\" value=\"\" size=\"40\" class=\"wpcf7-form-control wpcf7-text\" aria-invalid=\"false\" placeholder=\"Inclure l&#039;indicatif r\u00e9gional\" \/><\/span> <\/p>\n<p><strong>Votre pays<\/strong><br \/>\n    <span class=\"wpcf7-form-control-wrap your-country\"><input type=\"text\" name=\"your-country\" value=\"\" size=\"40\" class=\"wpcf7-form-control wpcf7-text\" aria-invalid=\"false\" \/><\/span> <\/p>\n<p><strong><span style=\"color:red;\">*<\/span> Votre demande<\/strong><br \/>\n    <span class=\"wpcf7-form-control-wrap your-requirement\"><textarea name=\"your-requirement\" cols=\"40\" rows=\"10\" class=\"wpcf7-form-control wpcf7-textarea wpcf7-validates-as-required bestonmessage\" aria-required=\"true\" aria-invalid=\"false\" placeholder=\"Pour un devis d\u00e9taill\u00e9, veuillez nous envoyer votre demande d\u00e9taill\u00e9e.\"><\/textarea><\/span> <\/p>\n<p><input type=\"submit\" value=\"Envoyer un message\" class=\"wpcf7-form-control has-spinner wpcf7-submit\" \/><\/p>\n<\/div>\n<p style=\"display: none !important;\"><label>&#916;<textarea name=\"_wpcf7_ak_hp_textarea\" cols=\"45\" rows=\"8\" maxlength=\"100\"><\/textarea><\/label><input type=\"hidden\" id=\"ak_js_2\" name=\"_wpcf7_ak_js\" value=\"240\"\/><script>document.getElementById( \"ak_js_2\" ).setAttribute( \"value\", ( new Date() ).getTime() );<\/script><\/p><input type='hidden' class='wpcf7-pum' value='{\"closepopup\":false,\"closedelay\":0,\"openpopup\":false,\"openpopup_id\":0}' \/><div class=\"wpcf7-response-output\" aria-hidden=\"true\"><\/div><input type=\"hidden\" name=\"trp-form-language\" value=\"fr\"\/><\/form><\/div>","protected":false},"excerpt":{"rendered":"<p>De quelle taille de kabel nyy avez-vous besoin ? D'une mani\u00e8re g\u00e9n\u00e9rale, les applications des kabel nyy sont tr\u00e8s vastes. Vous pouvez utiliser les kabel ny 4\u00d74 mm \u00e0 l'int\u00e9rieur, \u00e0 l'ext\u00e9rieur, dans les goulottes de c\u00e2bles et sous terre. Afin de r\u00e9pondre aux besoins des clients, les kabel nyy en Indon\u00e9sie ont diff\u00e9rentes tailles. Par exemple, vous pouvez choisir 4x4mm, 4x6mm, 4x10mm, 4x16mm, 4x25mm, ... <a class=\"read-more\" href=\"https:\/\/huadongswacable.com\/fr\/kabel-nyy-indonesia\/\">Lire plus...<\/a><\/p>","protected":false},"author":1,"featured_media":0,"parent":0,"menu_order":0,"comment_status":"closed","ping_status":"closed","template":"","meta":{"footnotes":""},"class_list":["post-5117","page","type-page","status-publish"],"yoast_head":"<!-- This site is optimized with the Yoast SEO plugin v18.4.1 - https:\/\/yoast.com\/wordpress\/plugins\/seo\/ -->\n<title>4x4mm 10mm 16mm 25mm 50mm 95mm Harga Kabel NYY Indonesia<\/title>\n<meta name=\"description\" content=\"Contact us to get best 4x4mm 4x10mm 4x16mm 4x 25mm 4x35mm 4x50mm 4x70mm 4x95mm 4x120mm 4x185mm 4x240mm Harga Kabel NYY Indonesia .\" \/>\n<meta name=\"robots\" content=\"index, follow, max-snippet:-1, max-image-preview:large, max-video-preview:-1\" \/>\n<link rel=\"canonical\" href=\"http:\/\/huadongswacable.com\/fr\/kabel-nyy-indonesia\/\" \/>\n<meta property=\"og:locale\" content=\"fr_FR\" \/>\n<meta property=\"og:type\" content=\"article\" \/>\n<meta property=\"og:title\" content=\"4x4mm 10mm 16mm 25mm 50mm 95mm Harga Kabel NYY Indonesia\" \/>\n<meta property=\"og:description\" content=\"Contact us to get best 4x4mm 4x10mm 4x16mm 4x 25mm 4x35mm 4x50mm 4x70mm 4x95mm 4x120mm 4x185mm 4x240mm Harga Kabel NYY Indonesia .\" \/>\n<meta property=\"og:url\" content=\"http:\/\/huadongswacable.com\/fr\/kabel-nyy-indonesia\/\" \/>\n<meta property=\"og:site_name\" content=\"Huadong SWA Cable\" \/>\n<meta property=\"article:modified_time\" content=\"2022-12-19T07:04:02+00:00\" \/>\n<meta property=\"og:image\" content=\"https:\/\/huadongswacable.com\/wp-content\/uploads\/2020\/12\/0.6-1kv-IEC60502-VDE-0276-Kabel-nyy-4x4mm-4x16mm-4x25mm.jpg\" \/>\n<meta name=\"twitter:card\" content=\"summary_large_image\" \/>\n<meta name=\"twitter:label1\" content=\"Dur\u00e9e de lecture estim\u00e9e\" \/>\n\t<meta name=\"twitter:data1\" content=\"5 minutes\" \/>\n<script type=\"application\/ld+json\" class=\"yoast-schema-graph\">{\"@context\":\"https:\/\/schema.org\",\"@graph\":[{\"@type\":\"WebSite\",\"@id\":\"http:\/\/huadongswacable.com\/ru\/#website\",\"url\":\"http:\/\/huadongswacable.com\/ru\/\",\"name\":\"Huadong SWA Cable\",\"description\":\"Huadong SWA Cable\",\"potentialAction\":[{\"@type\":\"SearchAction\",\"target\":{\"@type\":\"EntryPoint\",\"urlTemplate\":\"http:\/\/huadongswacable.com\/ru\/?s={search_term_string}\"},\"query-input\":\"required name=search_term_string\"}],\"inLanguage\":\"fr-FR\"},{\"@type\":\"ImageObject\",\"@id\":\"http:\/\/huadongswacable.com\/es\/kabel-nyy-indonesia\/#primaryimage\",\"inLanguage\":\"fr-FR\",\"url\":\"https:\/\/huadongswacable.com\/wp-content\/uploads\/2020\/12\/0.6-1kv-IEC60502-VDE-0276-Kabel-nyy-4x4mm-4x16mm-4x25mm.jpg\",\"contentUrl\":\"https:\/\/huadongswacable.com\/wp-content\/uploads\/2020\/12\/0.6-1kv-IEC60502-VDE-0276-Kabel-nyy-4x4mm-4x16mm-4x25mm.jpg\",\"width\":400,\"height\":400,\"caption\":\"0.6\/1kv IEC60502 VDE 0276 Kabel nyy 4x4mm 4x16mm 4x25mm\"},{\"@type\":\"WebPage\",\"@id\":\"http:\/\/huadongswacable.com\/es\/kabel-nyy-indonesia\/#webpage\",\"url\":\"http:\/\/huadongswacable.com\/es\/kabel-nyy-indonesia\/\",\"name\":\"4x4mm 10mm 16mm 25mm 50mm 95mm Harga Kabel NYY Indonesia\",\"isPartOf\":{\"@id\":\"http:\/\/huadongswacable.com\/ru\/#website\"},\"primaryImageOfPage\":{\"@id\":\"http:\/\/huadongswacable.com\/es\/kabel-nyy-indonesia\/#primaryimage\"},\"datePublished\":\"2020-12-10T09:24:37+00:00\",\"dateModified\":\"2022-12-19T07:04:02+00:00\",\"description\":\"Contact us to get best 4x4mm 4x10mm 4x16mm 4x 25mm 4x35mm 4x50mm 4x70mm 4x95mm 4x120mm 4x185mm 4x240mm Harga Kabel NYY Indonesia .\",\"breadcrumb\":{\"@id\":\"http:\/\/huadongswacable.com\/es\/kabel-nyy-indonesia\/#breadcrumb\"},\"inLanguage\":\"fr-FR\",\"potentialAction\":[{\"@type\":\"ReadAction\",\"target\":[\"http:\/\/huadongswacable.com\/es\/kabel-nyy-indonesia\/\"]}]},{\"@type\":\"BreadcrumbList\",\"@id\":\"http:\/\/huadongswacable.com\/es\/kabel-nyy-indonesia\/#breadcrumb\",\"itemListElement\":[{\"@type\":\"ListItem\",\"position\":1,\"name\":\"Home\",\"item\":\"http:\/\/huadongswacable.com\/ru\/\"},{\"@type\":\"ListItem\",\"position\":2,\"name\":\"4x4mm 4x10mm 4x16mm 4x 25mm 4x35mm 4x50mm 4x70mm 4x95mm Kabel NYY Indonesia\"}]}]}<\/script>\n<!-- \/ Yoast SEO plugin. -->","yoast_head_json":{"title":"4x4mm 10mm 16mm 25mm 50mm 95mm Harga Kabel NYY Indonesia","description":"Contact us to get best 4x4mm 4x10mm 4x16mm 4x 25mm 4x35mm 4x50mm 4x70mm 4x95mm 4x120mm 4x185mm 4x240mm Harga Kabel NYY Indonesia .","robots":{"index":"index","follow":"follow","max-snippet":"max-snippet:-1","max-image-preview":"max-image-preview:large","max-video-preview":"max-video-preview:-1"},"canonical":"http:\/\/huadongswacable.com\/fr\/kabel-nyy-indonesia\/","og_locale":"fr_FR","og_type":"article","og_title":"4x4mm 10mm 16mm 25mm 50mm 95mm Harga Kabel NYY Indonesia","og_description":"Contact us to get best 4x4mm 4x10mm 4x16mm 4x 25mm 4x35mm 4x50mm 4x70mm 4x95mm 4x120mm 4x185mm 4x240mm Harga Kabel NYY Indonesia .","og_url":"http:\/\/huadongswacable.com\/fr\/kabel-nyy-indonesia\/","og_site_name":"Huadong SWA Cable","article_modified_time":"2022-12-19T07:04:02+00:00","og_image":[{"url":"https:\/\/huadongswacable.com\/wp-content\/uploads\/2020\/12\/0.6-1kv-IEC60502-VDE-0276-Kabel-nyy-4x4mm-4x16mm-4x25mm.jpg"}],"twitter_card":"summary_large_image","twitter_misc":{"Dur\u00e9e de lecture estim\u00e9e":"5 minutes"},"schema":{"@context":"https:\/\/schema.org","@graph":[{"@type":"WebSite","@id":"http:\/\/huadongswacable.com\/ru\/#website","url":"http:\/\/huadongswacable.com\/ru\/","name":"Huadong SWA Cable","description":"Huadong SWA Cable","potentialAction":[{"@type":"SearchAction","target":{"@type":"EntryPoint","urlTemplate":"http:\/\/huadongswacable.com\/ru\/?s={search_term_string}"},"query-input":"required name=search_term_string"}],"inLanguage":"fr-FR"},{"@type":"ImageObject","@id":"http:\/\/huadongswacable.com\/es\/kabel-nyy-indonesia\/#primaryimage","inLanguage":"fr-FR","url":"https:\/\/huadongswacable.com\/wp-content\/uploads\/2020\/12\/0.6-1kv-IEC60502-VDE-0276-Kabel-nyy-4x4mm-4x16mm-4x25mm.jpg","contentUrl":"https:\/\/huadongswacable.com\/wp-content\/uploads\/2020\/12\/0.6-1kv-IEC60502-VDE-0276-Kabel-nyy-4x4mm-4x16mm-4x25mm.jpg","width":400,"height":400,"caption":"0.6\/1kv IEC60502 VDE 0276 Kabel nyy 4x4mm 4x16mm 4x25mm"},{"@type":"WebPage","@id":"http:\/\/huadongswacable.com\/es\/kabel-nyy-indonesia\/#webpage","url":"http:\/\/huadongswacable.com\/es\/kabel-nyy-indonesia\/","name":"4x4mm 10mm 16mm 25mm 50mm 95mm Harga Kabel NYY Indonesia","isPartOf":{"@id":"http:\/\/huadongswacable.com\/ru\/#website"},"primaryImageOfPage":{"@id":"http:\/\/huadongswacable.com\/es\/kabel-nyy-indonesia\/#primaryimage"},"datePublished":"2020-12-10T09:24:37+00:00","dateModified":"2022-12-19T07:04:02+00:00","description":"Contact us to get best 4x4mm 4x10mm 4x16mm 4x 25mm 4x35mm 4x50mm 4x70mm 4x95mm 4x120mm 4x185mm 4x240mm Harga Kabel NYY Indonesia .","breadcrumb":{"@id":"http:\/\/huadongswacable.com\/es\/kabel-nyy-indonesia\/#breadcrumb"},"inLanguage":"fr-FR","potentialAction":[{"@type":"ReadAction","target":["http:\/\/huadongswacable.com\/es\/kabel-nyy-indonesia\/"]}]},{"@type":"BreadcrumbList","@id":"http:\/\/huadongswacable.com\/es\/kabel-nyy-indonesia\/#breadcrumb","itemListElement":[{"@type":"ListItem","position":1,"name":"Home","item":"http:\/\/huadongswacable.com\/ru\/"},{"@type":"ListItem","position":2,"name":"4x4mm 4x10mm 4x16mm 4x 25mm 4x35mm 4x50mm 4x70mm 4x95mm Kabel NYY Indonesia"}]}]}},"_links":{"self":[{"href":"https:\/\/huadongswacable.com\/fr\/wp-json\/wp\/v2\/pages\/5117","targetHints":{"allow":["GET"]}}],"collection":[{"href":"https:\/\/huadongswacable.com\/fr\/wp-json\/wp\/v2\/pages"}],"about":[{"href":"https:\/\/huadongswacable.com\/fr\/wp-json\/wp\/v2\/types\/page"}],"author":[{"embeddable":true,"href":"https:\/\/huadongswacable.com\/fr\/wp-json\/wp\/v2\/users\/1"}],"replies":[{"embeddable":true,"href":"https:\/\/huadongswacable.com\/fr\/wp-json\/wp\/v2\/comments?post=5117"}],"version-history":[{"count":43,"href":"https:\/\/huadongswacable.com\/fr\/wp-json\/wp\/v2\/pages\/5117\/revisions"}],"predecessor-version":[{"id":7774,"href":"https:\/\/huadongswacable.com\/fr\/wp-json\/wp\/v2\/pages\/5117\/revisions\/7774"}],"wp:attachment":[{"href":"https:\/\/huadongswacable.com\/fr\/wp-json\/wp\/v2\/media?parent=5117"}],"curies":[{"name":"wp","href":"https:\/\/api.w.org\/{rel}","templated":true}]}}