{"id":495,"date":"2018-03-15T10:57:40","date_gmt":"2018-03-15T02:57:40","guid":{"rendered":"http:\/\/huadongswacable.com\/?page_id=495"},"modified":"2021-05-12T13:56:00","modified_gmt":"2021-05-12T05:56:00","slug":"about-us","status":"publish","type":"page","link":"https:\/\/huadongswacable.com\/fr\/a-propos-de-nous\/","title":{"rendered":"\u00c0 propos de nous"},"content":{"rendered":"<p>Huadong Cable Group est une soci\u00e9t\u00e9 par actions, int\u00e9gr\u00e9e dans la production de c\u00e2bles, la recherche et le d\u00e9veloppement, ainsi que le commerce national et international. Zhengzhou Hongliang Cable Co.,ltd est l'une des branches du groupe Huadong Cable et l'une des plus grandes soci\u00e9t\u00e9s professionnelles d'importation et d'exportation en Chine.<br \/>\nL'usine a \u00e9t\u00e9 fond\u00e9e en 1988, occupe 50 000 m\u00e8tres carr\u00e9s et est situ\u00e9e dans la zone industrielle de Zhengzhou. Elle dispose de 20 lignes de production dot\u00e9es d'\u00e9quipements de pointe et de 25 machines d'essai. La capacit\u00e9 de production annuelle est sup\u00e9rieure \u00e0 12 millions de kilom\u00e8tres. Notre succursale internationale est situ\u00e9e dans la ville de Zhengzhou, r\u00e9put\u00e9e pour la commodit\u00e9 de ses transports.<\/p>\n<p><img loading=\"lazy\" decoding=\"async\" class=\"aligncenter size-full wp-image-5817\" src=\"http:\/\/huadongswacable.com\/wp-content\/uploads\/2021\/05\/xlpe-pvc-swa-armoured-cable-supplier.jpg\" alt=\"Fournisseur de c\u00e2ble arm\u00e9 xlpe pvc swa\" width=\"899\" height=\"371\" srcset=\"https:\/\/huadongswacable.com\/wp-content\/uploads\/2021\/05\/xlpe-pvc-swa-armoured-cable-supplier.jpg 899w, https:\/\/huadongswacable.com\/wp-content\/uploads\/2021\/05\/xlpe-pvc-swa-armoured-cable-supplier-300x124.jpg 300w, https:\/\/huadongswacable.com\/wp-content\/uploads\/2021\/05\/xlpe-pvc-swa-armoured-cable-supplier-768x317.jpg 768w\" sizes=\"auto, (max-width: 899px) 100vw, 899px\" \/><\/p>\n<p>Nous produisons et exportons principalement des c\u00e2bles \u00e9lectriques, des conducteurs en aluminium (AAC), des conducteurs en aluminium renforc\u00e9s d'acier (ACSR), des conducteurs en alliage d'aluminium (AAAC), des c\u00e2bles ABC a\u00e9riens en faisceau, des c\u00e2bles \u00e9lectriques de 1 \u00e0 500 kV (y compris des c\u00e2bles isol\u00e9s au XLPE, des c\u00e2bles isol\u00e9s au PVC, des c\u00e2bles arm\u00e9s SWA\/STA). (c\u00e2ble ABC isol\u00e9 XLPE\/PVC), c\u00e2ble de commande, c\u00e2ble de soudage, c\u00e2ble en caoutchouc, c\u00e2bles miniers, fils \u00e9lectriques (c\u00e2ble souple gain\u00e9 de PVC), c\u00e2bles OPGW et c\u00e2bles sp\u00e9ciaux.<\/p>\n<p><strong>Nos principes :<\/strong><br \/>\n1) La qualit\u00e9 d'abord, le client d'abord, la s\u00e9curit\u00e9 d'abord<br \/>\n2) Meilleur service, livraison plus rapide<br \/>\n3) L'\u00e9galit\u00e9 et le b\u00e9n\u00e9fice mutuel<br \/>\n4) Honn\u00eatet\u00e9 et professionnalisme<\/p>\n<p><strong>Notre service :<\/strong><br \/>\n1) R\u00e9ponse rapide et professionnelle<br \/>\n2) Patient et digne de confiance<br \/>\n3) Syst\u00e8me de contr\u00f4le de la qualit\u00e9 rigoureux<br \/>\n4) Livraison dans les d\u00e9lais<\/p>\n<p><img loading=\"lazy\" decoding=\"async\" class=\"aligncenter size-full wp-image-5819\" src=\"http:\/\/huadongswacable.com\/wp-content\/uploads\/2021\/05\/all-size-swa-armoured-cable-for-sale.jpg\" alt=\"c\u00e2ble arm\u00e9 swa bon march\u00e9 de toutes dimensions \" width=\"999\" height=\"521\" srcset=\"https:\/\/huadongswacable.com\/wp-content\/uploads\/2021\/05\/all-size-swa-armoured-cable-for-sale.jpg 999w, https:\/\/huadongswacable.com\/wp-content\/uploads\/2021\/05\/all-size-swa-armoured-cable-for-sale-300x156.jpg 300w, https:\/\/huadongswacable.com\/wp-content\/uploads\/2021\/05\/all-size-swa-armoured-cable-for-sale-768x401.jpg 768w\" sizes=\"auto, (max-width: 999px) 100vw, 999px\" \/><\/p>\n<p><strong>Notre mission :<\/strong><br \/>\nFournir des produits de qualit\u00e9 \u00e0 des prix comp\u00e9titifs et un excellent service.<br \/>\n<strong>Courriel : <a href=\"mailto:info@huadongswacable.com\" rel=\"nofollow\">info@huadongswacable.com<\/a><\/strong><\/p>\n<div role=\"form\" class=\"wpcf7\" id=\"wpcf7-f6-o1\" lang=\"en-US\" dir=\"ltr\">\n<div class=\"screen-reader-response\"><p role=\"status\" aria-live=\"polite\" aria-atomic=\"true\"><\/p> <ul><\/ul><\/div>\n<form action=\"\/fr\/wp-json\/wp\/v2\/pages\/495#wpcf7-f6-o1\" method=\"post\" class=\"wpcf7-form init\" novalidate=\"novalidate\" data-status=\"init\" data-trp-original-action=\"\/fr\/wp-json\/wp\/v2\/pages\/495#wpcf7-f6-o1\">\n<div style=\"display: none;\">\n<input type=\"hidden\" name=\"_wpcf7\" value=\"6\" \/>\n<input type=\"hidden\" name=\"_wpcf7_version\" value=\"5.5.6\" \/>\n<input type=\"hidden\" name=\"_wpcf7_locale\" value=\"en_US\" \/>\n<input type=\"hidden\" name=\"_wpcf7_unit_tag\" value=\"wpcf7-f6-o1\" \/>\n<input type=\"hidden\" name=\"_wpcf7_container_post\" value=\"0\" \/>\n<input type=\"hidden\" name=\"_wpcf7_posted_data_hash\" value=\"\" \/>\n<\/div>\n<div class=\"messageform\">\n<p><strong><span style=\"color:red;\"><\/span> Votre nom<\/strong><br \/>\n    <span class=\"wpcf7-form-control-wrap your-name\"><input type=\"text\" name=\"your-name\" value=\"\" size=\"40\" class=\"wpcf7-form-control wpcf7-text\" aria-invalid=\"false\" \/><\/span> <\/p>\n<p><strong><span style=\"color:red;\">*<\/span> Votre courriel<\/strong><br \/>\n    <span class=\"wpcf7-form-control-wrap your-email\"><input type=\"email\" name=\"your-email\" value=\"\" size=\"40\" class=\"wpcf7-form-control wpcf7-text wpcf7-email wpcf7-validates-as-required wpcf7-validates-as-email\" aria-required=\"true\" aria-invalid=\"false\" \/><\/span> <\/p>\n<p><strong>Votre num\u00e9ro de t\u00e9l\u00e9phone<\/strong><br \/>\n    <span class=\"wpcf7-form-control-wrap your-phone\"><input type=\"text\" name=\"your-phone\" value=\"\" size=\"40\" class=\"wpcf7-form-control wpcf7-text\" aria-invalid=\"false\" placeholder=\"Inclure l&#039;indicatif r\u00e9gional\" \/><\/span> <\/p>\n<p><strong>Votre pays<\/strong><br \/>\n    <span class=\"wpcf7-form-control-wrap your-country\"><input type=\"text\" name=\"your-country\" value=\"\" size=\"40\" class=\"wpcf7-form-control wpcf7-text\" aria-invalid=\"false\" \/><\/span> <\/p>\n<p><strong><span style=\"color:red;\">*<\/span> Votre demande<\/strong><br \/>\n    <span class=\"wpcf7-form-control-wrap your-requirement\"><textarea name=\"your-requirement\" cols=\"40\" rows=\"10\" class=\"wpcf7-form-control wpcf7-textarea wpcf7-validates-as-required bestonmessage\" aria-required=\"true\" aria-invalid=\"false\" placeholder=\"Pour un devis d\u00e9taill\u00e9, veuillez nous envoyer votre demande d\u00e9taill\u00e9e.\"><\/textarea><\/span> <\/p>\n<p><input type=\"submit\" value=\"Envoyer un message\" class=\"wpcf7-form-control has-spinner wpcf7-submit\" \/><\/p>\n<\/div>\n<p style=\"display: none !important;\"><label>&#916;<textarea name=\"_wpcf7_ak_hp_textarea\" cols=\"45\" rows=\"8\" maxlength=\"100\"><\/textarea><\/label><input type=\"hidden\" id=\"ak_js_1\" name=\"_wpcf7_ak_js\" value=\"101\"\/><script>document.getElementById( \"ak_js_1\" ).setAttribute( \"value\", ( new Date() ).getTime() );<\/script><\/p><input type='hidden' class='wpcf7-pum' value='{\"closepopup\":false,\"closedelay\":0,\"openpopup\":false,\"openpopup_id\":0}' \/><div class=\"wpcf7-response-output\" aria-hidden=\"true\"><\/div><input type=\"hidden\" name=\"trp-form-language\" value=\"fr\"\/><\/form><\/div>","protected":false},"excerpt":{"rendered":"<p>Huadong Cable Group est une soci\u00e9t\u00e9 par actions, int\u00e9gr\u00e9e dans la production de c\u00e2bles, la recherche et le d\u00e9veloppement, ainsi que le commerce national et international. Zhengzhou Hongliang Cable Co.,ltd est l'une des branches du groupe Huadong Cable, et \u00e9galement l'une des plus grandes soci\u00e9t\u00e9s professionnelles d'importation et d'exportation en Chine. L'usine a \u00e9t\u00e9 fond\u00e9e en 1988 et occupe 50 000 ... <a class=\"read-more\" href=\"https:\/\/huadongswacable.com\/fr\/a-propos-de-nous\/\">Lire plus...<\/a><\/p>","protected":false},"author":1,"featured_media":0,"parent":0,"menu_order":0,"comment_status":"closed","ping_status":"closed","template":"","meta":{"footnotes":""},"class_list":["post-495","page","type-page","status-publish"],"yoast_head":"<!-- This site is optimized with the Yoast SEO plugin v18.4.1 - https:\/\/yoast.com\/wordpress\/plugins\/seo\/ -->\n<title>About Us - Huadong SWA Cable<\/title>\n<meta name=\"robots\" content=\"index, follow, max-snippet:-1, max-image-preview:large, max-video-preview:-1\" \/>\n<link rel=\"canonical\" href=\"http:\/\/huadongswacable.com\/fr\/sobre-nosotros-2\/\" \/>\n<meta property=\"og:locale\" content=\"fr_FR\" \/>\n<meta property=\"og:type\" content=\"article\" \/>\n<meta property=\"og:title\" content=\"About Us - Huadong SWA Cable\" \/>\n<meta property=\"og:description\" content=\"Huadong Cable Group is a joint stock enterprise, integrated in cable production, research &amp; development, and domestic &amp; international trade. Zhengzhou Hongliang Cable Co.,ltd is one of the branch of Huadong cable group, and also one of the biggest professional import and export trade company in China. The plant was founded in 1988, occupied 50,000 ... Lire plus...\" \/>\n<meta property=\"og:url\" content=\"http:\/\/huadongswacable.com\/fr\/sobre-nosotros-2\/\" \/>\n<meta property=\"og:site_name\" content=\"Huadong SWA Cable\" \/>\n<meta property=\"article:modified_time\" content=\"2021-05-12T05:56:00+00:00\" \/>\n<meta property=\"og:image\" content=\"http:\/\/huadongswacable.com\/wp-content\/uploads\/2021\/05\/xlpe-pvc-swa-armoured-cable-supplier.jpg\" \/>\n<meta name=\"twitter:card\" content=\"summary_large_image\" \/>\n<meta name=\"twitter:label1\" content=\"Dur\u00e9e de lecture estim\u00e9e\" \/>\n\t<meta name=\"twitter:data1\" content=\"1 minute\" \/>\n<script type=\"application\/ld+json\" class=\"yoast-schema-graph\">{\"@context\":\"https:\/\/schema.org\",\"@graph\":[{\"@type\":\"WebSite\",\"@id\":\"http:\/\/huadongswacable.com\/ru\/#website\",\"url\":\"http:\/\/huadongswacable.com\/ru\/\",\"name\":\"Huadong SWA Cable\",\"description\":\"Huadong SWA Cable\",\"potentialAction\":[{\"@type\":\"SearchAction\",\"target\":{\"@type\":\"EntryPoint\",\"urlTemplate\":\"http:\/\/huadongswacable.com\/ru\/?s={search_term_string}\"},\"query-input\":\"required name=search_term_string\"}],\"inLanguage\":\"fr-FR\"},{\"@type\":\"ImageObject\",\"@id\":\"http:\/\/huadongswacable.com\/es\/sobre-nosotros-2\/#primaryimage\",\"inLanguage\":\"fr-FR\",\"url\":\"http:\/\/huadongswacable.com\/wp-content\/uploads\/2021\/05\/xlpe-pvc-swa-armoured-cable-supplier.jpg\",\"contentUrl\":\"http:\/\/huadongswacable.com\/wp-content\/uploads\/2021\/05\/xlpe-pvc-swa-armoured-cable-supplier.jpg\"},{\"@type\":\"WebPage\",\"@id\":\"http:\/\/huadongswacable.com\/es\/sobre-nosotros-2\/#webpage\",\"url\":\"http:\/\/huadongswacable.com\/es\/sobre-nosotros-2\/\",\"name\":\"About Us - Huadong SWA Cable\",\"isPartOf\":{\"@id\":\"http:\/\/huadongswacable.com\/ru\/#website\"},\"primaryImageOfPage\":{\"@id\":\"http:\/\/huadongswacable.com\/es\/sobre-nosotros-2\/#primaryimage\"},\"datePublished\":\"2018-03-15T02:57:40+00:00\",\"dateModified\":\"2021-05-12T05:56:00+00:00\",\"breadcrumb\":{\"@id\":\"http:\/\/huadongswacable.com\/es\/sobre-nosotros-2\/#breadcrumb\"},\"inLanguage\":\"fr-FR\",\"potentialAction\":[{\"@type\":\"ReadAction\",\"target\":[\"http:\/\/huadongswacable.com\/es\/sobre-nosotros-2\/\"]}]},{\"@type\":\"BreadcrumbList\",\"@id\":\"http:\/\/huadongswacable.com\/es\/sobre-nosotros-2\/#breadcrumb\",\"itemListElement\":[{\"@type\":\"ListItem\",\"position\":1,\"name\":\"Home\",\"item\":\"http:\/\/huadongswacable.com\/ru\/\"},{\"@type\":\"ListItem\",\"position\":2,\"name\":\"About Us\"}]}]}<\/script>\n<!-- \/ Yoast SEO plugin. -->","yoast_head_json":{"title":"About Us - Huadong SWA Cable","robots":{"index":"index","follow":"follow","max-snippet":"max-snippet:-1","max-image-preview":"max-image-preview:large","max-video-preview":"max-video-preview:-1"},"canonical":"http:\/\/huadongswacable.com\/fr\/sobre-nosotros-2\/","og_locale":"fr_FR","og_type":"article","og_title":"About Us - Huadong SWA Cable","og_description":"Huadong Cable Group is a joint stock enterprise, integrated in cable production, research &amp; development, and domestic &amp; international trade. Zhengzhou Hongliang Cable Co.,ltd is one of the branch of Huadong cable group, and also one of the biggest professional import and export trade company in China. The plant was founded in 1988, occupied 50,000 ... Lire plus...","og_url":"http:\/\/huadongswacable.com\/fr\/sobre-nosotros-2\/","og_site_name":"Huadong SWA Cable","article_modified_time":"2021-05-12T05:56:00+00:00","og_image":[{"url":"http:\/\/huadongswacable.com\/wp-content\/uploads\/2021\/05\/xlpe-pvc-swa-armoured-cable-supplier.jpg"}],"twitter_card":"summary_large_image","twitter_misc":{"Dur\u00e9e de lecture estim\u00e9e":"1 minute"},"schema":{"@context":"https:\/\/schema.org","@graph":[{"@type":"WebSite","@id":"http:\/\/huadongswacable.com\/ru\/#website","url":"http:\/\/huadongswacable.com\/ru\/","name":"Huadong SWA Cable","description":"Huadong SWA Cable","potentialAction":[{"@type":"SearchAction","target":{"@type":"EntryPoint","urlTemplate":"http:\/\/huadongswacable.com\/ru\/?s={search_term_string}"},"query-input":"required name=search_term_string"}],"inLanguage":"fr-FR"},{"@type":"ImageObject","@id":"http:\/\/huadongswacable.com\/es\/sobre-nosotros-2\/#primaryimage","inLanguage":"fr-FR","url":"http:\/\/huadongswacable.com\/wp-content\/uploads\/2021\/05\/xlpe-pvc-swa-armoured-cable-supplier.jpg","contentUrl":"http:\/\/huadongswacable.com\/wp-content\/uploads\/2021\/05\/xlpe-pvc-swa-armoured-cable-supplier.jpg"},{"@type":"WebPage","@id":"http:\/\/huadongswacable.com\/es\/sobre-nosotros-2\/#webpage","url":"http:\/\/huadongswacable.com\/es\/sobre-nosotros-2\/","name":"About Us - Huadong SWA Cable","isPartOf":{"@id":"http:\/\/huadongswacable.com\/ru\/#website"},"primaryImageOfPage":{"@id":"http:\/\/huadongswacable.com\/es\/sobre-nosotros-2\/#primaryimage"},"datePublished":"2018-03-15T02:57:40+00:00","dateModified":"2021-05-12T05:56:00+00:00","breadcrumb":{"@id":"http:\/\/huadongswacable.com\/es\/sobre-nosotros-2\/#breadcrumb"},"inLanguage":"fr-FR","potentialAction":[{"@type":"ReadAction","target":["http:\/\/huadongswacable.com\/es\/sobre-nosotros-2\/"]}]},{"@type":"BreadcrumbList","@id":"http:\/\/huadongswacable.com\/es\/sobre-nosotros-2\/#breadcrumb","itemListElement":[{"@type":"ListItem","position":1,"name":"Home","item":"http:\/\/huadongswacable.com\/ru\/"},{"@type":"ListItem","position":2,"name":"About Us"}]}]}},"_links":{"self":[{"href":"https:\/\/huadongswacable.com\/fr\/wp-json\/wp\/v2\/pages\/495","targetHints":{"allow":["GET"]}}],"collection":[{"href":"https:\/\/huadongswacable.com\/fr\/wp-json\/wp\/v2\/pages"}],"about":[{"href":"https:\/\/huadongswacable.com\/fr\/wp-json\/wp\/v2\/types\/page"}],"author":[{"embeddable":true,"href":"https:\/\/huadongswacable.com\/fr\/wp-json\/wp\/v2\/users\/1"}],"replies":[{"embeddable":true,"href":"https:\/\/huadongswacable.com\/fr\/wp-json\/wp\/v2\/comments?post=495"}],"version-history":[{"count":6,"href":"https:\/\/huadongswacable.com\/fr\/wp-json\/wp\/v2\/pages\/495\/revisions"}],"predecessor-version":[{"id":5822,"href":"https:\/\/huadongswacable.com\/fr\/wp-json\/wp\/v2\/pages\/495\/revisions\/5822"}],"wp:attachment":[{"href":"https:\/\/huadongswacable.com\/fr\/wp-json\/wp\/v2\/media?parent=495"}],"curies":[{"name":"wp","href":"https:\/\/api.w.org\/{rel}","templated":true}]}}