{"id":4814,"date":"2020-08-31T17:51:08","date_gmt":"2020-08-31T09:51:08","guid":{"rendered":"http:\/\/huadongswacable.com\/?page_id=4814"},"modified":"2022-12-21T15:15:23","modified_gmt":"2022-12-21T07:15:23","slug":"240mm-single-core-cable","status":"publish","type":"page","link":"https:\/\/huadongswacable.com\/fr\/cable-monoconducteur-de-240-mm\/","title":{"rendered":"Prix du c\u00e2ble monoconducteur 11kv 15kv 33kv 240mm"},"content":{"rendered":"<p><img loading=\"lazy\" decoding=\"async\" width=\"750\" height=\"268\" class=\"wp-image-4821 size-full aligncenter\" src=\"https:\/\/huadongswacable.com\/wp-content\/uploads\/2020\/09\/240mm-single-core-cable-structure.jpg\" alt=\"&quot;&lt;yoastmark\" srcset=\"https:\/\/huadongswacable.com\/wp-content\/uploads\/2020\/09\/240mm-single-core-cable-structure.jpg 750w, https:\/\/huadongswacable.com\/wp-content\/uploads\/2020\/09\/240mm-single-core-cable-structure-300x107.jpg 300w\" sizes=\"auto, (max-width: 750px) 100vw, 750px\" \/><\/p>\n<p style=\"text-align: center;\"><span class=\"su-lightbox\" data-mfp-src=\"#Popup\" data-mfp-type=\"inline\" data-mobile=\"yes\"><button class=\"btn btn-danger btn-sm\" ><i class=\"fa fa-hand-o-right\" style=\"color:#ffffff;\"><\/i> Obtenir un devis<\/button><\/span>\n<h2>Quel est le prix d'un c\u00e2ble monoconducteur de 240 mm ?<\/h2>\n<p>Lorsque vous recherchez un c\u00e2ble blind\u00e9 11kv 1c x 240mm, vous pouvez obtenir de nombreux prix aupr\u00e8s de diff\u00e9rents fournisseurs de c\u00e2ble 1 core 240mm. En g\u00e9n\u00e9ral, si vous demandez le prix d'un c\u00e2ble arm\u00e9 marin 1 x 240mm2, le prix du c\u00e2ble arm\u00e9 marin 1 x 240mm2 est le plus bas. <a href=\"https:\/\/huadongswacable.com\/fr\/240mm-xlpe-cable-price\/\" target=\"_blank\" rel=\"noopener noreferrer\">240mm xlpe cable<\/a> Le fournisseur peut vous donner un prix en deux parties. Il s'agit du prix du c\u00e2ble en cuivre de 1 x 240 mm et de son co\u00fbt d'exp\u00e9dition. Ainsi, lorsque votre commande est petite, vous pouvez acheter un c\u00e2ble d'alimentation 1 core 240 sq mm 600v cu xlpe pvc swa pvc aupr\u00e8s d'un fabricant local. Cependant, si vous avez besoin de beaucoup de <a href=\"https:\/\/huadongswacable.com\/fr\/3c-x-240mm-xlpe-swa-pvc-cable\/\" target=\"_blank\" rel=\"noopener noreferrer\">15kv 240mm2 3 core xlpe swa pvc underground cable<\/a>Vous pouvez contacter des fournisseurs \u00e9trangers. En effet, le prix du c\u00e2ble monoconducteur de 240 mm est beaucoup moins \u00e9lev\u00e9 dans d'autres pays.<\/p>\n<div class=\"row prolisttable\">\n<div class=\"row\"><\/div>\n<div class=\"col-lg-6 col-md-12 col-xs-12 col-sm-12\">\n<img loading=\"lazy\" decoding=\"async\" class=\"aligncenter size-full wp-image-4818\" src=\"https:\/\/huadongswacable.com\/wp-content\/uploads\/2020\/08\/cable-power-electrical-1c-x-240-mm-sq-flexible.jpg\" alt=\"c\u00e2ble d&#039;alimentation \u00e9lectrique 1c x 240 mm sq flexible\" width=\"385\" height=\"388\" srcset=\"https:\/\/huadongswacable.com\/wp-content\/uploads\/2020\/08\/cable-power-electrical-1c-x-240-mm-sq-flexible.jpg 385w, https:\/\/huadongswacable.com\/wp-content\/uploads\/2020\/08\/cable-power-electrical-1c-x-240-mm-sq-flexible-298x300.jpg 298w, https:\/\/huadongswacable.com\/wp-content\/uploads\/2020\/08\/cable-power-electrical-1c-x-240-mm-sq-flexible-150x150.jpg 150w\" sizes=\"auto, (max-width: 385px) 100vw, 385px\" \/><\/div>\n<div class=\"col-lg-6 col-md-12 col-xs-12 col-sm-12\">\n<h2>1 Structure de c\u00e2ble de 240 mm de diam\u00e8tre<\/h2>\n<p><strong>Tension :<\/strong> 0,6\/1kv\uff0c6,6kv, 11kv, 15kv, 12\/20kv \uff0c25\/35kv\uff0c33kv<br \/>\n<strong>Mat\u00e9riau du conducteur :<\/strong> Cuivre ou aluminium<br \/>\n<strong>Semi-conducteur interne :<\/strong> Compos\u00e9 semi-conducteur<br \/>\n<strong>Isolation :<\/strong> XLPE \/PVC<br \/>\n<strong>Semi-conducteur externe :<\/strong> Extrud\u00e9 d\u00e9nudable<br \/>\n<strong>Gaine int\u00e9rieure et ext\u00e9rieure :<\/strong> PVC<br \/>\n<strong>Type d'armure :<\/strong> AWA (fil d'aluminium arm\u00e9)<br \/>\n<strong>Temp\u00e9rature maximale de fonctionnement :<\/strong> 90\u00b0C<br \/>\n<strong>Emballage :<\/strong> Tambour en bois ou en fer entre-temps selon votre demande.<\/p>\n<p style=\"text-align: center;\"><span class=\"su-lightbox\" data-mfp-src=\"#Popup\" data-mfp-type=\"inline\" data-mobile=\"yes\"><button class=\"btn btn-danger btn-sm\" ><i class=\"fa fa-hand-o-right\" style=\"color:#ffffff;\"><\/i> Obtenir un devis<\/button><\/span>\n<\/div>\n<\/div>\n<p>Avant de passer votre commande, vous pouvez rechercher de nombreux fournisseurs de c\u00e2ble al 12\/20kv 1 x 240 mm2 xlpe. En outre, vous pouvez leur demander combien co\u00fbte le c\u00e2ble \u00e0 \u00e2me unique de 240 mm. Ensuite, vous pouvez comparer les prix de 1 c 240mm c\u00e2ble xlpe pvc. Huadong est un fabricant professionnel de c\u00e2ble d'alimentation en aluminium 1x240mm2 en Chine. Nous avons une grande exp\u00e9rience dans la production de c\u00e2ble 1cx240mm2 cu xlpe pvc. Le prix de notre c\u00e2ble 1 core 240mm est tr\u00e8s comp\u00e9titif. Il vous suffit de laisser votre message pour obtenir un devis de c\u00e2ble 240mm x 1 core.<\/p>\n<div class=\"row prolisttable\">\n<p>&nbsp;<\/p>\n<div class=\"row\"><\/div>\n<div class=\"col-lg-6 col-md-12 col-xs-12 col-sm-12\">\n<img loading=\"lazy\" decoding=\"async\" class=\"aligncenter wp-image-4823\" src=\"https:\/\/huadongswacable.com\/wp-content\/uploads\/2020\/09\/1x240-25-35kv-xlpe-copper-cable-size_\u526f\u672c.jpg\" alt=\"1x240 25 35kv xlpe copper cable size\" width=\"283\" height=\"283\" srcset=\"https:\/\/huadongswacable.com\/wp-content\/uploads\/2020\/09\/1x240-25-35kv-xlpe-copper-cable-size_\u526f\u672c.jpg 300w, https:\/\/huadongswacable.com\/wp-content\/uploads\/2020\/09\/1x240-25-35kv-xlpe-copper-cable-size_\u526f\u672c-150x150.jpg 150w\" sizes=\"auto, (max-width: 283px) 100vw, 283px\" \/><\/div>\n<div class=\"col-lg-6 col-md-12 col-xs-12 col-sm-12\">\n<h2>1c x 240mm c\u00e2ble d'\u00e9cran<\/h2>\n<p><strong>tension :<\/strong> 0,6\/1kv, 1\/35kv<br \/>\n<strong>Chef d'orchestre :<\/strong> Cuivre\/Aluminium<br \/>\n<strong>Filtrage des conducteurs :<\/strong> Compos\u00e9 semi-conducteur extrud\u00e9.<br \/>\n<strong>Isolation :<\/strong> XLPE\/PVC<br \/>\n<strong>\u00c9cran d'isolation :<\/strong> Compos\u00e9 semi-conducteur extrud\u00e9.<br \/>\n<strong>Gaine :<\/strong> PVC<br \/>\n<strong>Emballage :<\/strong> Tambour en bois ou en fer entre-temps selon votre demande.<\/p>\n<p style=\"text-align: center;\"><span class=\"su-lightbox\" data-mfp-src=\"#Popup\" data-mfp-type=\"inline\" data-mobile=\"yes\"><button class=\"btn btn-danger btn-sm\" ><i class=\"fa fa-hand-o-right\" style=\"color:#ffffff;\"><\/i> Obtenir un devis<\/button><\/span>\n<\/div>\n<\/div>\n<h2>Choisissez la qualit\u00e9 d'un c\u00e2ble en cuivre \u00e0 \u00e2me unique de 240 mm<\/h2>\n<p>Comme nous le savons tous, les c\u00e2bles en cuivre 1\u00d7240 25\/35kv xlpe sont utilis\u00e9s pour transmettre de l'\u00e9nergie. Si 240mm <a href=\"https:\/\/huadongswacable.com\/fr\/cable-arme-unipolaire\/\" target=\"_blank\" rel=\"noopener noreferrer\">c\u00e2ble \u00e0 \u00e2me unique<\/a> n'est pas de bonne qualit\u00e9, il y aura de grands risques pour la s\u00e9curit\u00e9. Par exemple, si l'isolation du c\u00e2ble 11kv 1c x 240mm screen n'est pas qualifi\u00e9e, il est facile de la fissurer. Ce qui peut provoquer la rupture du c\u00e2ble al 12 20kv 1 x 240 mm\u00b2 xlpe et menacer la s\u00e9curit\u00e9 des utilisateurs. Il est donc n\u00e9cessaire d'acheter le c\u00e2ble \u00e9lectrique 1c x 240 mm\u00b2 flexible aupr\u00e8s de fournisseurs fiables. De plus, dans cette usine de fabricant de c\u00e2ble 240 mm\u00b2 \u00e0 \u00e2me unique, vous pouvez \u00e9galement <a href=\"https:\/\/huadongswacable.com\/fr\/240-sq-mm-4-core-armoured-cable-price\/\" target=\"_blank\" rel=\"noopener noreferrer\">acheter un c\u00e2ble 4C x 240mm2<\/a>.<\/p>\n<p><img loading=\"lazy\" decoding=\"async\" class=\"aligncenter size-full wp-image-4832\" src=\"https:\/\/huadongswacable.com\/wp-content\/uploads\/2020\/09\/cable-power-electrical-1c-x-240-mm-sq-flexible-manufacturer.jpg\" alt=\"c\u00e2ble d&#039;alimentation \u00e9lectrique 1c x 240 mm sq flexible fabricant\" width=\"780\" height=\"309\" srcset=\"https:\/\/huadongswacable.com\/wp-content\/uploads\/2020\/09\/cable-power-electrical-1c-x-240-mm-sq-flexible-manufacturer.jpg 780w, https:\/\/huadongswacable.com\/wp-content\/uploads\/2020\/09\/cable-power-electrical-1c-x-240-mm-sq-flexible-manufacturer-300x119.jpg 300w, https:\/\/huadongswacable.com\/wp-content\/uploads\/2020\/09\/cable-power-electrical-1c-x-240-mm-sq-flexible-manufacturer-768x304.jpg 768w\" sizes=\"auto, (max-width: 780px) 100vw, 780px\" \/><\/p>\n<p>Afin de fournir un excellent c\u00e2ble cuivre xlpe 1\u00d7240 25 35kv, nous le produisons en stricte conformit\u00e9 avec les normes internationales. Nous utilisons toujours de l'aluminium et du cuivre de qualit\u00e9 sup\u00e9rieure pour fabriquer le c\u00e2ble d'alimentation xlpe isolation pvc gain\u00e9 6\/10kv 1cx240mm2. Tous les c\u00e2bles arm\u00e9s marins 1 x 240mm2 sont strictement test\u00e9s. Par cons\u00e9quent, vous pouvez acheter en toute confiance le c\u00e2ble souterrain 15kv 240mm2 \u00e0 \u00e2me unique aupr\u00e8s de notre soci\u00e9t\u00e9. De plus, si votre commande est importante, nous pouvons vous faire des remises sur le prix du c\u00e2ble monoconducteur 240mm2.<\/p>\n<div class=\"row prolisttable\">\n<div class=\"row\"><\/div>\n<div class=\"col-lg-6 col-md-12 col-xs-12 col-sm-12\">\n<img loading=\"lazy\" decoding=\"async\" class=\"aligncenter size-full wp-image-4825\" src=\"https:\/\/huadongswacable.com\/wp-content\/uploads\/2020\/09\/3cx240mm2-11kv-cu-xlpe-swa-pvc-cable-for-sale.jpg\" alt=\"3cx240mm2 11kv cu xlpe swa pvc cable for sale\" width=\"300\" height=\"300\" srcset=\"https:\/\/huadongswacable.com\/wp-content\/uploads\/2020\/09\/3cx240mm2-11kv-cu-xlpe-swa-pvc-cable-for-sale.jpg 300w, https:\/\/huadongswacable.com\/wp-content\/uploads\/2020\/09\/3cx240mm2-11kv-cu-xlpe-swa-pvc-cable-for-sale-150x150.jpg 150w\" sizes=\"auto, (max-width: 300px) 100vw, 300px\" \/><\/p>\n<p style=\"text-align: center;\"><span class=\"su-lightbox\" data-mfp-src=\"#Popup\" data-mfp-type=\"inline\" data-mobile=\"yes\"><button class=\"btn btn-danger btn-sm\" ><i class=\"fa fa-hand-o-right\" style=\"color:#ffffff;\"><\/i> Obtenir un devis<\/button><\/span>\n<\/div>\n<div class=\"col-lg-6 col-md-12 col-xs-12 col-sm-12\">\n<img loading=\"lazy\" decoding=\"async\" class=\"aligncenter size-full wp-image-4826\" src=\"https:\/\/huadongswacable.com\/wp-content\/uploads\/2020\/09\/buy-4C\u00d7240mm-0.6-1kv-cable-.jpg\" alt=\"acheter 4C\u00d7240mm 0.6 1kv cable\" width=\"300\" height=\"300\" srcset=\"https:\/\/huadongswacable.com\/wp-content\/uploads\/2020\/09\/buy-4C\u00d7240mm-0.6-1kv-cable-.jpg 300w, https:\/\/huadongswacable.com\/wp-content\/uploads\/2020\/09\/buy-4C\u00d7240mm-0.6-1kv-cable--150x150.jpg 150w\" sizes=\"auto, (max-width: 300px) 100vw, 300px\" \/><\/p>\n<p style=\"text-align: center;\"><span class=\"su-lightbox\" data-mfp-src=\"#Popup\" data-mfp-type=\"inline\" data-mobile=\"yes\"><button class=\"btn btn-danger btn-sm\" ><i class=\"fa fa-hand-o-right\" style=\"color:#ffffff;\"><\/i> Obtenir un devis<\/button><\/span>\n<\/div>\n<\/div>\n<div class=\"su-lightbox-content su-u-trim\" id=\"Popup\" style=\"display:none;width:auto;min-width:50%;max-width:70%;margin-top:40px;margin-bottom:40px;padding:40px;background:#e8e5e5;color:#060473;box-shadow:0px 0px 15px #333333;text-align:left\"><div role=\"form\" class=\"wpcf7\" id=\"wpcf7-f5571-o1\" lang=\"en-US\" dir=\"ltr\">\n<div class=\"screen-reader-response\"><p role=\"status\" aria-live=\"polite\" aria-atomic=\"true\"><\/p> <ul><\/ul><\/div>\n<form action=\"\/fr\/wp-json\/wp\/v2\/pages\/4814#wpcf7-f5571-o1\" method=\"post\" class=\"wpcf7-form init\" novalidate=\"novalidate\" data-status=\"init\" data-trp-original-action=\"\/fr\/wp-json\/wp\/v2\/pages\/4814#wpcf7-f5571-o1\">\n<div style=\"display: none;\">\n<input type=\"hidden\" name=\"_wpcf7\" value=\"5571\" \/>\n<input type=\"hidden\" name=\"_wpcf7_version\" value=\"5.5.6\" \/>\n<input type=\"hidden\" name=\"_wpcf7_locale\" value=\"en_US\" \/>\n<input type=\"hidden\" name=\"_wpcf7_unit_tag\" value=\"wpcf7-f5571-o1\" \/>\n<input type=\"hidden\" name=\"_wpcf7_container_post\" value=\"0\" \/>\n<input type=\"hidden\" name=\"_wpcf7_posted_data_hash\" value=\"\" \/>\n<\/div>\n<div class=\"popmakerform\">\n<p>Votre nom <span style=\"color:red;\">*<span><br \/>\n<span class=\"wpcf7-form-control-wrap your-name\"><input type=\"text\" name=\"your-name\" value=\"\" size=\"40\" class=\"wpcf7-form-control wpcf7-text wpcf7-validates-as-required\" aria-required=\"true\" aria-invalid=\"false\" \/><\/span><\/p>\n<p>Votre courriel <span style=\"color:red;\">*<span><br \/>\n<span class=\"wpcf7-form-control-wrap your-email\"><input type=\"email\" name=\"your-email\" value=\"\" size=\"40\" class=\"wpcf7-form-control wpcf7-text wpcf7-email wpcf7-validates-as-required wpcf7-validates-as-email\" aria-required=\"true\" aria-invalid=\"false\" \/><\/span><\/p>\n<p>Votre num\u00e9ro de t\u00e9l\u00e9phone<br \/>\n<span class=\"wpcf7-form-control-wrap your-phone\"><input type=\"text\" name=\"your-phone\" value=\"\" size=\"40\" class=\"wpcf7-form-control wpcf7-text\" aria-invalid=\"false\" \/><\/span><\/p>\n<p>Votre pays<br \/>\n<span class=\"wpcf7-form-control-wrap your-country\"><input type=\"text\" name=\"your-country\" value=\"\" size=\"40\" class=\"wpcf7-form-control wpcf7-text\" aria-invalid=\"false\" \/><\/span><\/p>\n<p>Exigence d\u00e9taill\u00e9e <span style=\"color:red;\">*<span><br \/>\n<span class=\"wpcf7-form-control-wrap your-requirement\"><textarea name=\"your-requirement\" cols=\"40\" rows=\"4\" class=\"wpcf7-form-control wpcf7-textarea wpcf7-validates-as-required\" aria-required=\"true\" aria-invalid=\"false\"><\/textarea><\/span><\/p>\n<p><input type=\"submit\" value=\"Obtenir un devis\" class=\"wpcf7-form-control has-spinner wpcf7-submit\" \/><\/p>\n<\/div>\n<p style=\"display: none !important;\"><label>&#916;<textarea name=\"_wpcf7_ak_hp_textarea\" cols=\"45\" rows=\"8\" maxlength=\"100\"><\/textarea><\/label><input type=\"hidden\" id=\"ak_js_1\" name=\"_wpcf7_ak_js\" value=\"33\"\/><script>document.getElementById( \"ak_js_1\" ).setAttribute( \"value\", ( new Date() ).getTime() );<\/script><\/p><input type='hidden' class='wpcf7-pum' value='{\"closepopup\":false,\"closedelay\":0,\"openpopup\":false,\"openpopup_id\":0}' \/><div class=\"wpcf7-response-output\" aria-hidden=\"true\"><\/div><input type=\"hidden\" name=\"trp-form-language\" value=\"fr\"\/><\/form><\/div><\/div>\n<h3>N'h\u00e9sitez pas \u00e0 nous faire part de vos besoins.<\/h3>\n<div role=\"form\" class=\"wpcf7\" id=\"wpcf7-f6-o2\" lang=\"en-US\" dir=\"ltr\">\n<div class=\"screen-reader-response\"><p role=\"status\" aria-live=\"polite\" aria-atomic=\"true\"><\/p> <ul><\/ul><\/div>\n<form action=\"\/fr\/wp-json\/wp\/v2\/pages\/4814#wpcf7-f6-o2\" method=\"post\" class=\"wpcf7-form init\" novalidate=\"novalidate\" data-status=\"init\" data-trp-original-action=\"\/fr\/wp-json\/wp\/v2\/pages\/4814#wpcf7-f6-o2\">\n<div style=\"display: none;\">\n<input type=\"hidden\" name=\"_wpcf7\" value=\"6\" \/>\n<input type=\"hidden\" name=\"_wpcf7_version\" value=\"5.5.6\" \/>\n<input type=\"hidden\" name=\"_wpcf7_locale\" value=\"en_US\" \/>\n<input type=\"hidden\" name=\"_wpcf7_unit_tag\" value=\"wpcf7-f6-o2\" \/>\n<input type=\"hidden\" name=\"_wpcf7_container_post\" value=\"0\" \/>\n<input type=\"hidden\" name=\"_wpcf7_posted_data_hash\" value=\"\" \/>\n<\/div>\n<div class=\"messageform\">\n<p><strong><span style=\"color:red;\"><\/span> Votre nom<\/strong><br \/>\n    <span class=\"wpcf7-form-control-wrap your-name\"><input type=\"text\" name=\"your-name\" value=\"\" size=\"40\" class=\"wpcf7-form-control wpcf7-text\" aria-invalid=\"false\" \/><\/span> <\/p>\n<p><strong><span style=\"color:red;\">*<\/span> Votre courriel<\/strong><br \/>\n    <span class=\"wpcf7-form-control-wrap your-email\"><input type=\"email\" name=\"your-email\" value=\"\" size=\"40\" class=\"wpcf7-form-control wpcf7-text wpcf7-email wpcf7-validates-as-required wpcf7-validates-as-email\" aria-required=\"true\" aria-invalid=\"false\" \/><\/span> <\/p>\n<p><strong>Votre num\u00e9ro de t\u00e9l\u00e9phone<\/strong><br \/>\n    <span class=\"wpcf7-form-control-wrap your-phone\"><input type=\"text\" name=\"your-phone\" value=\"\" size=\"40\" class=\"wpcf7-form-control wpcf7-text\" aria-invalid=\"false\" placeholder=\"Inclure l&#039;indicatif r\u00e9gional\" \/><\/span> <\/p>\n<p><strong>Votre pays<\/strong><br \/>\n    <span class=\"wpcf7-form-control-wrap your-country\"><input type=\"text\" name=\"your-country\" value=\"\" size=\"40\" class=\"wpcf7-form-control wpcf7-text\" aria-invalid=\"false\" \/><\/span> <\/p>\n<p><strong><span style=\"color:red;\">*<\/span> Votre demande<\/strong><br \/>\n    <span class=\"wpcf7-form-control-wrap your-requirement\"><textarea name=\"your-requirement\" cols=\"40\" rows=\"10\" class=\"wpcf7-form-control wpcf7-textarea wpcf7-validates-as-required bestonmessage\" aria-required=\"true\" aria-invalid=\"false\" placeholder=\"Pour un devis d\u00e9taill\u00e9, veuillez nous envoyer votre demande d\u00e9taill\u00e9e.\"><\/textarea><\/span> <\/p>\n<p><input type=\"submit\" value=\"Envoyer un message\" class=\"wpcf7-form-control has-spinner wpcf7-submit\" \/><\/p>\n<\/div>\n<p style=\"display: none !important;\"><label>&#916;<textarea name=\"_wpcf7_ak_hp_textarea\" cols=\"45\" rows=\"8\" maxlength=\"100\"><\/textarea><\/label><input type=\"hidden\" id=\"ak_js_2\" name=\"_wpcf7_ak_js\" value=\"243\"\/><script>document.getElementById( \"ak_js_2\" ).setAttribute( \"value\", ( new Date() ).getTime() );<\/script><\/p><input type='hidden' class='wpcf7-pum' value='{\"closepopup\":false,\"closedelay\":0,\"openpopup\":false,\"openpopup_id\":0}' \/><div class=\"wpcf7-response-output\" aria-hidden=\"true\"><\/div><input type=\"hidden\" name=\"trp-form-language\" value=\"fr\"\/><\/form><\/div>","protected":false},"excerpt":{"rendered":"<p>Quel est le prix d'un c\u00e2ble monoconducteur de 240 mm ? Lorsque vous recherchez un c\u00e2ble blind\u00e9 11kv 1c x 240mm, vous pouvez obtenir de nombreux prix aupr\u00e8s de diff\u00e9rents fournisseurs de c\u00e2ble 240mm \u00e0 \u00e2me unique. En g\u00e9n\u00e9ral, si vous demandez le prix d'un c\u00e2ble arm\u00e9 marin de 1 x 240mm2, le fournisseur de c\u00e2ble xlpe de 240mm peut vous donner le prix de deux parties. ... <a class=\"read-more\" href=\"https:\/\/huadongswacable.com\/fr\/cable-monoconducteur-de-240-mm\/\">Lire plus...<\/a><\/p>","protected":false},"author":1,"featured_media":0,"parent":0,"menu_order":0,"comment_status":"closed","ping_status":"closed","template":"","meta":{"footnotes":""},"class_list":["post-4814","page","type-page","status-publish"],"yoast_head":"<!-- This site is optimized with the Yoast SEO plugin v18.4.1 - https:\/\/yoast.com\/wordpress\/plugins\/seo\/ -->\n<title>How Much is 240mm Single Core Cable | 1cx240mm2 XLPE\/PVC Cable<\/title>\n<meta name=\"description\" content=\"You can contact us to get best 240mm single core cable price. We are manufacturers of 11kv 15kv 12\/20 25\/35 1Cx240mm2 aluminium power cable.\" \/>\n<meta name=\"robots\" content=\"index, follow, max-snippet:-1, max-image-preview:large, max-video-preview:-1\" \/>\n<link rel=\"canonical\" href=\"https:\/\/huadongswacable.com\/fr\/cable-monoconducteur-de-240-mm\/\" \/>\n<meta property=\"og:locale\" content=\"fr_FR\" \/>\n<meta property=\"og:type\" content=\"article\" \/>\n<meta property=\"og:title\" content=\"How Much is 240mm Single Core Cable | 1cx240mm2 XLPE\/PVC Cable\" \/>\n<meta property=\"og:description\" content=\"You can contact us to get best 240mm single core cable price. We are manufacturers of 11kv 15kv 12\/20 25\/35 1Cx240mm2 aluminium power cable.\" \/>\n<meta property=\"og:url\" content=\"https:\/\/huadongswacable.com\/fr\/cable-monoconducteur-de-240-mm\/\" \/>\n<meta property=\"og:site_name\" content=\"Huadong SWA Cable\" \/>\n<meta property=\"article:modified_time\" content=\"2022-12-21T07:15:23+00:00\" \/>\n<meta property=\"og:image\" content=\"https:\/\/huadongswacable.com\/wp-content\/uploads\/2020\/09\/240mm-single-core-cable-structure.jpg\" \/>\n<meta name=\"twitter:card\" content=\"summary_large_image\" \/>\n<meta name=\"twitter:label1\" content=\"Dur\u00e9e de lecture estim\u00e9e\" \/>\n\t<meta name=\"twitter:data1\" content=\"3 minutes\" \/>\n<script type=\"application\/ld+json\" class=\"yoast-schema-graph\">{\"@context\":\"https:\/\/schema.org\",\"@graph\":[{\"@type\":\"WebSite\",\"@id\":\"http:\/\/huadongswacable.com\/ru\/#website\",\"url\":\"http:\/\/huadongswacable.com\/ru\/\",\"name\":\"Huadong SWA Cable\",\"description\":\"Huadong SWA Cable\",\"potentialAction\":[{\"@type\":\"SearchAction\",\"target\":{\"@type\":\"EntryPoint\",\"urlTemplate\":\"http:\/\/huadongswacable.com\/ru\/?s={search_term_string}\"},\"query-input\":\"required name=search_term_string\"}],\"inLanguage\":\"fr-FR\"},{\"@type\":\"ImageObject\",\"@id\":\"https:\/\/huadongswacable.com\/240mm-single-core-cable\/#primaryimage\",\"inLanguage\":\"fr-FR\",\"url\":\"https:\/\/huadongswacable.com\/wp-content\/uploads\/2020\/09\/240mm-single-core-cable-structure.jpg\",\"contentUrl\":\"https:\/\/huadongswacable.com\/wp-content\/uploads\/2020\/09\/240mm-single-core-cable-structure.jpg\",\"width\":750,\"height\":268,\"caption\":\"240mm single core cable structure\"},{\"@type\":\"WebPage\",\"@id\":\"https:\/\/huadongswacable.com\/240mm-single-core-cable\/#webpage\",\"url\":\"https:\/\/huadongswacable.com\/240mm-single-core-cable\/\",\"name\":\"How Much is 240mm Single Core Cable | 1cx240mm2 XLPE\/PVC Cable\",\"isPartOf\":{\"@id\":\"http:\/\/huadongswacable.com\/ru\/#website\"},\"primaryImageOfPage\":{\"@id\":\"https:\/\/huadongswacable.com\/240mm-single-core-cable\/#primaryimage\"},\"datePublished\":\"2020-08-31T09:51:08+00:00\",\"dateModified\":\"2022-12-21T07:15:23+00:00\",\"description\":\"You can contact us to get best 240mm single core cable price. We are manufacturers of 11kv 15kv 12\/20 25\/35 1Cx240mm2 aluminium power cable.\",\"breadcrumb\":{\"@id\":\"https:\/\/huadongswacable.com\/240mm-single-core-cable\/#breadcrumb\"},\"inLanguage\":\"fr-FR\",\"potentialAction\":[{\"@type\":\"ReadAction\",\"target\":[\"https:\/\/huadongswacable.com\/240mm-single-core-cable\/\"]}]},{\"@type\":\"BreadcrumbList\",\"@id\":\"https:\/\/huadongswacable.com\/240mm-single-core-cable\/#breadcrumb\",\"itemListElement\":[{\"@type\":\"ListItem\",\"position\":1,\"name\":\"Home\",\"item\":\"http:\/\/huadongswacable.com\/ru\/\"},{\"@type\":\"ListItem\",\"position\":2,\"name\":\"Price of 11kv 15kv 33kv 240mm single core cable\"}]}]}<\/script>\n<!-- \/ Yoast SEO plugin. -->","yoast_head_json":{"title":"How Much is 240mm Single Core Cable | 1cx240mm2 XLPE\/PVC Cable","description":"You can contact us to get best 240mm single core cable price. We are manufacturers of 11kv 15kv 12\/20 25\/35 1Cx240mm2 aluminium power cable.","robots":{"index":"index","follow":"follow","max-snippet":"max-snippet:-1","max-image-preview":"max-image-preview:large","max-video-preview":"max-video-preview:-1"},"canonical":"https:\/\/huadongswacable.com\/fr\/cable-monoconducteur-de-240-mm\/","og_locale":"fr_FR","og_type":"article","og_title":"How Much is 240mm Single Core Cable | 1cx240mm2 XLPE\/PVC Cable","og_description":"You can contact us to get best 240mm single core cable price. We are manufacturers of 11kv 15kv 12\/20 25\/35 1Cx240mm2 aluminium power cable.","og_url":"https:\/\/huadongswacable.com\/fr\/cable-monoconducteur-de-240-mm\/","og_site_name":"Huadong SWA Cable","article_modified_time":"2022-12-21T07:15:23+00:00","og_image":[{"url":"https:\/\/huadongswacable.com\/wp-content\/uploads\/2020\/09\/240mm-single-core-cable-structure.jpg"}],"twitter_card":"summary_large_image","twitter_misc":{"Dur\u00e9e de lecture estim\u00e9e":"3 minutes"},"schema":{"@context":"https:\/\/schema.org","@graph":[{"@type":"WebSite","@id":"http:\/\/huadongswacable.com\/ru\/#website","url":"http:\/\/huadongswacable.com\/ru\/","name":"Huadong SWA Cable","description":"Huadong SWA Cable","potentialAction":[{"@type":"SearchAction","target":{"@type":"EntryPoint","urlTemplate":"http:\/\/huadongswacable.com\/ru\/?s={search_term_string}"},"query-input":"required name=search_term_string"}],"inLanguage":"fr-FR"},{"@type":"ImageObject","@id":"https:\/\/huadongswacable.com\/240mm-single-core-cable\/#primaryimage","inLanguage":"fr-FR","url":"https:\/\/huadongswacable.com\/wp-content\/uploads\/2020\/09\/240mm-single-core-cable-structure.jpg","contentUrl":"https:\/\/huadongswacable.com\/wp-content\/uploads\/2020\/09\/240mm-single-core-cable-structure.jpg","width":750,"height":268,"caption":"240mm single core cable structure"},{"@type":"WebPage","@id":"https:\/\/huadongswacable.com\/240mm-single-core-cable\/#webpage","url":"https:\/\/huadongswacable.com\/240mm-single-core-cable\/","name":"How Much is 240mm Single Core Cable | 1cx240mm2 XLPE\/PVC Cable","isPartOf":{"@id":"http:\/\/huadongswacable.com\/ru\/#website"},"primaryImageOfPage":{"@id":"https:\/\/huadongswacable.com\/240mm-single-core-cable\/#primaryimage"},"datePublished":"2020-08-31T09:51:08+00:00","dateModified":"2022-12-21T07:15:23+00:00","description":"You can contact us to get best 240mm single core cable price. We are manufacturers of 11kv 15kv 12\/20 25\/35 1Cx240mm2 aluminium power cable.","breadcrumb":{"@id":"https:\/\/huadongswacable.com\/240mm-single-core-cable\/#breadcrumb"},"inLanguage":"fr-FR","potentialAction":[{"@type":"ReadAction","target":["https:\/\/huadongswacable.com\/240mm-single-core-cable\/"]}]},{"@type":"BreadcrumbList","@id":"https:\/\/huadongswacable.com\/240mm-single-core-cable\/#breadcrumb","itemListElement":[{"@type":"ListItem","position":1,"name":"Home","item":"http:\/\/huadongswacable.com\/ru\/"},{"@type":"ListItem","position":2,"name":"Price of 11kv 15kv 33kv 240mm single core cable"}]}]}},"_links":{"self":[{"href":"https:\/\/huadongswacable.com\/fr\/wp-json\/wp\/v2\/pages\/4814","targetHints":{"allow":["GET"]}}],"collection":[{"href":"https:\/\/huadongswacable.com\/fr\/wp-json\/wp\/v2\/pages"}],"about":[{"href":"https:\/\/huadongswacable.com\/fr\/wp-json\/wp\/v2\/types\/page"}],"author":[{"embeddable":true,"href":"https:\/\/huadongswacable.com\/fr\/wp-json\/wp\/v2\/users\/1"}],"replies":[{"embeddable":true,"href":"https:\/\/huadongswacable.com\/fr\/wp-json\/wp\/v2\/comments?post=4814"}],"version-history":[{"count":24,"href":"https:\/\/huadongswacable.com\/fr\/wp-json\/wp\/v2\/pages\/4814\/revisions"}],"predecessor-version":[{"id":7812,"href":"https:\/\/huadongswacable.com\/fr\/wp-json\/wp\/v2\/pages\/4814\/revisions\/7812"}],"wp:attachment":[{"href":"https:\/\/huadongswacable.com\/fr\/wp-json\/wp\/v2\/media?parent=4814"}],"curies":[{"name":"wp","href":"https:\/\/api.w.org\/{rel}","templated":true}]}}