{"id":887,"date":"2018-04-23T13:46:34","date_gmt":"2018-04-23T05:46:34","guid":{"rendered":"http:\/\/huadongswacable.com\/?page_id=887"},"modified":"2022-12-19T14:24:11","modified_gmt":"2022-12-19T06:24:11","slug":"high-quality-low-price-teck-90-cable","status":"publish","type":"page","link":"https:\/\/huadongswacable.com\/es\/cable-teck-90-de-alta-calidad-y-bajo-precio\/","title":{"rendered":"4\/0 6\/3 8\/3 10\/2 10\/3 12\/2 12\/3 Teck 90 Precio del cable"},"content":{"rendered":"<h2>600V 1KV 5KV 1C 2C 3C 4C fabricante de cables teck 90<\/h2>\n<p>El cable Teck 90 es un tipo de cable con <a href=\"https:\/\/huadongswacable.com\/es\/cable-mc-de-bajo-precio\/\" target=\"_blank\" rel=\"noopener noreferrer\">blindaje entrelazado de aleaci\u00f3n de aluminio<\/a>. Tech 90 cable tiene muchas ventajas de rendimiento. Lo que es m\u00e1s, si usted necesita comprar 14awg teck cable, Huadong Cable Group ser\u00e1 su opci\u00f3n ideal. M\u00e1s importante a\u00fan, Huadong le dar\u00e1 un descuento teck 90 precio del cable si usted compra una gran cantidad de cable teck de nuestra empresa. S\u00f3lo tienes que dejar los tama\u00f1os de cable teck, y le responderemos tan pronto como sea posible. Usted puede decirnos el tipo de cable teck 90 que desea obtener teck precio del cable por pie. Acerca de tipo de cable teck, 600v teck 90 cable es muy popular. O usted puede enviarnos su lista de cables de investigaci\u00f3n y la cantidad de la orden. Nuestro equipo de ventas le enviar\u00e1 nuestro 4\/0 3 core teck 90 precio del cable y ofrecer documentos dentro de 12 horas.<\/p>\n<div class=\"row prolisttable\">\n<div class=\"col-lg-12 col-md-12 col-xs-12 col-sm-12\">\n<table>\n<tbody>\n<tr>\n<td><img loading=\"lazy\" decoding=\"async\" class=\"aligncenter wp-image-6325\" src=\"https:\/\/huadongswacable.com\/wp-content\/uploads\/2021\/09\/600v-1kv-5kv-3-core-xlpe-pvc-aia-pvc-teck-90-cable-price-list.jpg\" alt=\"600v 1kv 5kv 3 core xlpe pvc aia pvc csa teck 90 cable price list\" width=\"197\" height=\"332\" srcset=\"https:\/\/huadongswacable.com\/wp-content\/uploads\/2021\/09\/600v-1kv-5kv-3-core-xlpe-pvc-aia-pvc-teck-90-cable-price-list.jpg 242w, https:\/\/huadongswacable.com\/wp-content\/uploads\/2021\/09\/600v-1kv-5kv-3-core-xlpe-pvc-aia-pvc-teck-90-cable-price-list-178x300.jpg 178w\" sizes=\"auto, (max-width: 197px) 100vw, 197px\" \/><\/td>\n<td><strong>\u00a0 \u00a0Tensi\u00f3n:<\/strong> 600V, 1KV, 5KV,15KV<\/p>\n<p><strong>\u00a0 \u00a0Conductores:<\/strong> Cobre o aluminio<\/p>\n<p><strong>\u00a0 \u00a0Armadura :<\/strong> Blindaje entrelazado de aleaci\u00f3n de aluminio (AIA)<\/p>\n<p><strong>\u00a0 \u00a0Aislamiento:<\/strong> Polietileno reticulado (XLPE)<\/p>\n<p><strong>\u00a0 \u00a0Chaqueta:<\/strong> Cloruro de polivinilo (PVC)<\/p>\n<p><strong>\u00a0 \u00a0Temperatura nominal:<\/strong> -40\u00b0C a 90\u00b0C<\/td>\n<\/tr>\n<\/tbody>\n<\/table>\n<\/div>\n<\/div>\n<p style=\"text-align: center;\"><span class=\"su-lightbox\" data-mfp-src=\"#Popup\" data-mfp-type=\"inline\" data-mobile=\"yes\"><button class=\"btn btn-danger btn-sm\" ><i class=\"fa fa-hand-o-right\" style=\"color:#ffffff;\"><\/i> Obtener presupuesto<\/button><\/span>\n<p>Porque el cable armado teck 90 tiene una gran durabilidad, buena resistencia a la corrosi\u00f3n, flexibilidad y facilidad de manejo e instalaci\u00f3n. De hecho, en muchas industrias de recursos exigentes, el tendido de cables requiere conductos o tuber\u00edas enterradas para cumplir los requisitos industriales. Pero si utiliza cable 12\/3 teck 90 con armadura entrelazada de aleaci\u00f3n de aluminio, ahorrar\u00e1 muchos costes de conductos o tuber\u00edas enterradas. Y los precios del cable teck Huadong tambi\u00e9n son baratos. Adem\u00e1s, el cable de alimentaci\u00f3n teck 90 tambi\u00e9n tiene una ventaja ligera. Esta es una ventaja no despreciable para el transporte y la instalaci\u00f3n de cables. No s\u00f3lo el cable teck tiene tantas ventajas de rendimiento, cable de alimentaci\u00f3n 12\/2 teck 90 principalmente ahorra dinero. \u00bfQu\u00e9 raz\u00f3n tiene para no elegir el cable blindado teck 90? P\u00f3ngase en contacto con nosotros para obtener precios de cable teck.<\/p>\n<p><img loading=\"lazy\" decoding=\"async\" class=\"aligncenter size-full wp-image-5744\" src=\"https:\/\/huadongswacable.com\/wp-content\/uploads\/2021\/04\/12-2-teck-90-cable-price.jpg\" alt=\"precio del cable 12\/2 teck 90\" width=\"445\" height=\"269\" srcset=\"https:\/\/huadongswacable.com\/wp-content\/uploads\/2021\/04\/12-2-teck-90-cable-price.jpg 445w, https:\/\/huadongswacable.com\/wp-content\/uploads\/2021\/04\/12-2-teck-90-cable-price-300x181.jpg 300w\" sizes=\"auto, (max-width: 445px) 100vw, 445px\" \/><\/p>\n<p style=\"text-align: center;\"><span class=\"su-lightbox\" data-mfp-src=\"#Popup\" data-mfp-type=\"inline\" data-mobile=\"yes\"><button class=\"btn btn-danger btn-sm\" ><i class=\"fa fa-hand-o-right\" style=\"color:#ffffff;\"><\/i> Obtener presupuesto<\/button><\/span>\n<h2>\u00bfPor qu\u00e9 compra cable teck 90 en Huadong Cable Group?<\/h2>\n<p>En esta secci\u00f3n, les detallar\u00e9 las ventajas de nuestra empresa en el cable teck # 14awg. En primer lugar, como fabricante profesional de cables teck 90, Huadong Cable Group cuenta con dos f\u00e1bricas de cables teck 90 en China. No importa cu\u00e1ntos cables blindados teck 90 necesite, terminaremos la producci\u00f3n y le entregaremos el cable blindado 6\/3 teck 90 a tiempo. Al mismo tiempo, usted puede conseguir la f\u00e1brica 8\/3 teck 90 precio del cable. Es de suponer que esto es algo que usted valora y le importa. Mientras discutamos la fecha de entrega, podr\u00e1 recibir el cable teck 90 seg\u00fan lo previsto. Y nuestros precios de cable blindado teck tambi\u00e9n es razonable. <img loading=\"lazy\" decoding=\"async\" class=\"aligncenter size-full wp-image-6329\" src=\"https:\/\/huadongswacable.com\/wp-content\/uploads\/2021\/09\/600v-12-3-conductor-copper-teck-90-cable-price-list-Canada.jpg\" alt=\"600v 12-3 conductor cobre teck 90 cable lista de precios Canad\u00e1\" width=\"800\" height=\"150\" srcset=\"https:\/\/huadongswacable.com\/wp-content\/uploads\/2021\/09\/600v-12-3-conductor-copper-teck-90-cable-price-list-Canada.jpg 800w, https:\/\/huadongswacable.com\/wp-content\/uploads\/2021\/09\/600v-12-3-conductor-copper-teck-90-cable-price-list-Canada-300x56.jpg 300w, https:\/\/huadongswacable.com\/wp-content\/uploads\/2021\/09\/600v-12-3-conductor-copper-teck-90-cable-price-list-Canada-768x144.jpg 768w\" sizes=\"auto, (max-width: 800px) 100vw, 800px\" \/><\/p>\n<p>En segundo lugar, la calidad del cable Huadong tech 90 est\u00e1 garantizada. Como todos sabemos, la producci\u00f3n de cable teck tomar\u00e1 muchos pasos. La producci\u00f3n del cable blindado de 3 n\u00facleos teck 90 adopta m\u00e9todos de producci\u00f3n combinados de superposici\u00f3n continua de gran longitud. Por lo tanto, cada proceso de producci\u00f3n es extremadamente importante. Si se produce un error en un eslab\u00f3n, no se puede realizar el siguiente paso. Huadong Cable Group conoce profundamente la gravedad de los errores en la producci\u00f3n de cables. Por ello, los t\u00e9cnicos de producci\u00f3n de cables de la f\u00e1brica de cables Huadong # 12 awg teck 90 realizan un estricto control e inspecci\u00f3n durante la producci\u00f3n de cables.<\/p>\n<p><img loading=\"lazy\" decoding=\"async\" class=\"aligncenter size-full wp-image-6330\" src=\"https:\/\/huadongswacable.com\/wp-content\/uploads\/2021\/09\/350-3C-CU-XLPE-PVC-AIA-PVC-1KV-teck-90-cable-cost-in-Germany.jpg\" alt=\"350-3C CU XLPE PVC AIA PVC 1KV teck 90 cable cost in Germany\" width=\"800\" height=\"150\" srcset=\"https:\/\/huadongswacable.com\/wp-content\/uploads\/2021\/09\/350-3C-CU-XLPE-PVC-AIA-PVC-1KV-teck-90-cable-cost-in-Germany.jpg 800w, https:\/\/huadongswacable.com\/wp-content\/uploads\/2021\/09\/350-3C-CU-XLPE-PVC-AIA-PVC-1KV-teck-90-cable-cost-in-Germany-300x56.jpg 300w, https:\/\/huadongswacable.com\/wp-content\/uploads\/2021\/09\/350-3C-CU-XLPE-PVC-AIA-PVC-1KV-teck-90-cable-cost-in-Germany-768x144.jpg 768w\" sizes=\"auto, (max-width: 800px) 100vw, 800px\" \/><\/p>\n<p>Por la calidad del cable teck, puede estar totalmente seguro. Exportamos una gran cantidad de cables de alimentaci\u00f3n blindados de enclavamiento a las Filipinas. Cualquier otra pregunta sobre Huadong teck cable de alambre, por favor no dude en ponerse en contacto con nosotros. Simplemente deje su mensaje para obtener teck cable de alimentaci\u00f3n precio. Esperamos su consulta.<\/p>\n<p style=\"text-align: center;\"><span class=\"su-lightbox\" data-mfp-src=\"#Popup\" data-mfp-type=\"inline\" data-mobile=\"yes\"><button class=\"btn btn-danger btn-sm\" ><i class=\"fa fa-hand-o-right\" style=\"color:#ffffff;\"><\/i> Obtener presupuesto<\/button><\/span>\n<h2>El cable 12\/2 teck 90 precio por pie ventaja de Huadong.<\/h2>\n<p>Huadong Grupo promesa de que usted puede conseguir el m\u00e1s razonable 6\/3 teck 90 precio del cable en Huadong Cable Group. Huadong 3 n\u00facleo teck 90 f\u00e1brica de cable se encuentra en Xiu Wu County, Jiaozuo City, provincia de Henan, China. Hay muchas materias primas para la producci\u00f3n de cable teck 90. Aqu\u00ed, la compra de materias primas de cable teck es relativamente barata. Y debido a que nuestra f\u00e1brica de cable teck se encuentra aqu\u00ed, tambi\u00e9n hemos ahorrado el costo de transporte. Por lo tanto, usted puede conseguir 4\/0 3C teck 90 alambre precio de f\u00e1brica en Huadong. Mismo 10\/2 teck cable de calidad, \u00bfpor qu\u00e9 no elegir m\u00e1s barato teck cable de precios? <img loading=\"lazy\" decoding=\"async\" class=\"aligncenter size-full wp-image-894\" src=\"https:\/\/huadongswacable.com\/wp-content\/uploads\/2018\/04\/discount-teck-90-600v-price.jpg\" alt=\"descuento teck 90 600v precio\" width=\"550\" height=\"284\" srcset=\"https:\/\/huadongswacable.com\/wp-content\/uploads\/2018\/04\/discount-teck-90-600v-price.jpg 550w, https:\/\/huadongswacable.com\/wp-content\/uploads\/2018\/04\/discount-teck-90-600v-price-300x155.jpg 300w\" sizes=\"auto, (max-width: 550px) 100vw, 550px\" \/><\/p>\n<div class=\"su-lightbox-content su-u-trim\" id=\"Popup\" style=\"display:none;width:auto;min-width:50%;max-width:70%;margin-top:40px;margin-bottom:40px;padding:40px;background:#e8e5e5;color:#060473;box-shadow:0px 0px 15px #333333;text-align:left\"><div role=\"form\" class=\"wpcf7\" id=\"wpcf7-f5571-o1\" lang=\"en-US\" dir=\"ltr\">\n<div class=\"screen-reader-response\"><p role=\"status\" aria-live=\"polite\" aria-atomic=\"true\"><\/p> <ul><\/ul><\/div>\n<form action=\"\/es\/wp-json\/wp\/v2\/pages\/887#wpcf7-f5571-o1\" method=\"post\" class=\"wpcf7-form init\" novalidate=\"novalidate\" data-status=\"init\" data-trp-original-action=\"\/es\/wp-json\/wp\/v2\/pages\/887#wpcf7-f5571-o1\">\n<div style=\"display: none;\">\n<input type=\"hidden\" name=\"_wpcf7\" value=\"5571\" \/>\n<input type=\"hidden\" name=\"_wpcf7_version\" value=\"5.5.6\" \/>\n<input type=\"hidden\" name=\"_wpcf7_locale\" value=\"en_US\" \/>\n<input type=\"hidden\" name=\"_wpcf7_unit_tag\" value=\"wpcf7-f5571-o1\" \/>\n<input type=\"hidden\" name=\"_wpcf7_container_post\" value=\"0\" \/>\n<input type=\"hidden\" name=\"_wpcf7_posted_data_hash\" value=\"\" \/>\n<\/div>\n<div class=\"popmakerform\">\n<p>Su nombre <span style=\"color:red;\">*<span><br \/>\n<span class=\"wpcf7-form-control-wrap your-name\"><input type=\"text\" name=\"your-name\" value=\"\" size=\"40\" class=\"wpcf7-form-control wpcf7-text wpcf7-validates-as-required\" aria-required=\"true\" aria-invalid=\"false\" \/><\/span><\/p>\n<p>Su correo electr\u00f3nico <span style=\"color:red;\">*<span><br \/>\n<span class=\"wpcf7-form-control-wrap your-email\"><input type=\"email\" name=\"your-email\" value=\"\" size=\"40\" class=\"wpcf7-form-control wpcf7-text wpcf7-email wpcf7-validates-as-required wpcf7-validates-as-email\" aria-required=\"true\" aria-invalid=\"false\" \/><\/span><\/p>\n<p>Su n\u00famero de tel\u00e9fono<br \/>\n<span class=\"wpcf7-form-control-wrap your-phone\"><input type=\"text\" name=\"your-phone\" value=\"\" size=\"40\" class=\"wpcf7-form-control wpcf7-text\" aria-invalid=\"false\" \/><\/span><\/p>\n<p>Su pa\u00eds<br \/>\n<span class=\"wpcf7-form-control-wrap your-country\"><input type=\"text\" name=\"your-country\" value=\"\" size=\"40\" class=\"wpcf7-form-control wpcf7-text\" aria-invalid=\"false\" \/><\/span><\/p>\n<p>Requisitos detallados <span style=\"color:red;\">*<span><br \/>\n<span class=\"wpcf7-form-control-wrap your-requirement\"><textarea name=\"your-requirement\" cols=\"40\" rows=\"4\" class=\"wpcf7-form-control wpcf7-textarea wpcf7-validates-as-required\" aria-required=\"true\" aria-invalid=\"false\"><\/textarea><\/span><\/p>\n<p><input type=\"submit\" value=\"Obtener presupuesto\" class=\"wpcf7-form-control has-spinner wpcf7-submit\" \/><\/p>\n<\/div>\n<p style=\"display: none !important;\"><label>&#916;<textarea name=\"_wpcf7_ak_hp_textarea\" cols=\"45\" rows=\"8\" maxlength=\"100\"><\/textarea><\/label><input type=\"hidden\" id=\"ak_js_1\" name=\"_wpcf7_ak_js\" value=\"154\"\/><script>document.getElementById( \"ak_js_1\" ).setAttribute( \"value\", ( new Date() ).getTime() );<\/script><\/p><input type='hidden' class='wpcf7-pum' value='{\"closepopup\":false,\"closedelay\":0,\"openpopup\":false,\"openpopup_id\":0}' \/><div class=\"wpcf7-response-output\" aria-hidden=\"true\"><\/div><input type=\"hidden\" name=\"trp-form-language\" value=\"es\"\/><\/form><\/div><\/div>\n<h3>No dude en indicarnos sus necesidades. Le contestaremos en el plazo de 12 horas.<\/h3>\n<p><strong>Correo electr\u00f3nico: <a href=\"mailto:info@huadongswacable.com\" rel=\"nofollow\">info@huadongswacable.com<\/a><\/strong><\/p>\n<div role=\"form\" class=\"wpcf7\" id=\"wpcf7-f6-o2\" lang=\"en-US\" dir=\"ltr\">\n<div class=\"screen-reader-response\"><p role=\"status\" aria-live=\"polite\" aria-atomic=\"true\"><\/p> <ul><\/ul><\/div>\n<form action=\"\/es\/wp-json\/wp\/v2\/pages\/887#wpcf7-f6-o2\" method=\"post\" class=\"wpcf7-form init\" novalidate=\"novalidate\" data-status=\"init\" data-trp-original-action=\"\/es\/wp-json\/wp\/v2\/pages\/887#wpcf7-f6-o2\">\n<div style=\"display: none;\">\n<input type=\"hidden\" name=\"_wpcf7\" value=\"6\" \/>\n<input type=\"hidden\" name=\"_wpcf7_version\" value=\"5.5.6\" \/>\n<input type=\"hidden\" name=\"_wpcf7_locale\" value=\"en_US\" \/>\n<input type=\"hidden\" name=\"_wpcf7_unit_tag\" value=\"wpcf7-f6-o2\" \/>\n<input type=\"hidden\" name=\"_wpcf7_container_post\" value=\"0\" \/>\n<input type=\"hidden\" name=\"_wpcf7_posted_data_hash\" value=\"\" \/>\n<\/div>\n<div class=\"messageform\">\n<p><strong><span style=\"color:red;\"><\/span> Su nombre<\/strong><br \/>\n    <span class=\"wpcf7-form-control-wrap your-name\"><input type=\"text\" name=\"your-name\" value=\"\" size=\"40\" class=\"wpcf7-form-control wpcf7-text\" aria-invalid=\"false\" \/><\/span> <\/p>\n<p><strong><span style=\"color:red;\">*<\/span> Su correo electr\u00f3nico<\/strong><br \/>\n    <span class=\"wpcf7-form-control-wrap your-email\"><input type=\"email\" name=\"your-email\" value=\"\" size=\"40\" class=\"wpcf7-form-control wpcf7-text wpcf7-email wpcf7-validates-as-required wpcf7-validates-as-email\" aria-required=\"true\" aria-invalid=\"false\" \/><\/span> <\/p>\n<p><strong>Su n\u00famero de tel\u00e9fono<\/strong><br \/>\n    <span class=\"wpcf7-form-control-wrap your-phone\"><input type=\"text\" name=\"your-phone\" value=\"\" size=\"40\" class=\"wpcf7-form-control wpcf7-text\" aria-invalid=\"false\" placeholder=\"Incluya el prefijo\" \/><\/span> <\/p>\n<p><strong>Su pa\u00eds<\/strong><br \/>\n    <span class=\"wpcf7-form-control-wrap your-country\"><input type=\"text\" name=\"your-country\" value=\"\" size=\"40\" class=\"wpcf7-form-control wpcf7-text\" aria-invalid=\"false\" \/><\/span> <\/p>\n<p><strong><span style=\"color:red;\">*<\/span> Sus requisitos<\/strong><br \/>\n    <span class=\"wpcf7-form-control-wrap your-requirement\"><textarea name=\"your-requirement\" cols=\"40\" rows=\"10\" class=\"wpcf7-form-control wpcf7-textarea wpcf7-validates-as-required bestonmessage\" aria-required=\"true\" aria-invalid=\"false\" placeholder=\"Para obtener un presupuesto detallado, env\u00edenos sus requisitos.\"><\/textarea><\/span> <\/p>\n<p><input type=\"submit\" value=\"Enviar mensaje\" class=\"wpcf7-form-control has-spinner wpcf7-submit\" \/><\/p>\n<\/div>\n<p style=\"display: none !important;\"><label>&#916;<textarea name=\"_wpcf7_ak_hp_textarea\" cols=\"45\" rows=\"8\" maxlength=\"100\"><\/textarea><\/label><input type=\"hidden\" id=\"ak_js_2\" name=\"_wpcf7_ak_js\" value=\"245\"\/><script>document.getElementById( \"ak_js_2\" ).setAttribute( \"value\", ( new Date() ).getTime() );<\/script><\/p><input type='hidden' class='wpcf7-pum' value='{\"closepopup\":false,\"closedelay\":0,\"openpopup\":false,\"openpopup_id\":0}' \/><div class=\"wpcf7-response-output\" aria-hidden=\"true\"><\/div><input type=\"hidden\" name=\"trp-form-language\" value=\"es\"\/><\/form><\/div>","protected":false},"excerpt":{"rendered":"<p>600V 1KV 5KV 1C 2C 3C 4C teck 90 cable manufacturer Teck 90 cable es un tipo de cable con armadura entrelazada de aleaci\u00f3n de aluminio. El cable teck 90 tiene muchas ventajas de rendimiento. Es m\u00e1s, si necesita comprar cable teck 14awg, Huadong Cable Group ser\u00e1 su elecci\u00f3n ideal. M\u00e1s importante a\u00fan, Huadong le dar\u00e1 ... <a class=\"read-more\" href=\"https:\/\/huadongswacable.com\/es\/cable-teck-90-de-alta-calidad-y-bajo-precio\/\">Leer m\u00e1s...<\/a><\/p>","protected":false},"author":1,"featured_media":0,"parent":0,"menu_order":0,"comment_status":"closed","ping_status":"closed","template":"","meta":{"footnotes":""},"class_list":["post-887","page","type-page","status-publish"],"yoast_head":"<!-- This site is optimized with the Yoast SEO plugin v18.4.1 - https:\/\/yoast.com\/wordpress\/plugins\/seo\/ -->\n<title>Teck 90 Cable Price | 4\/0 6\/3 8\/3 10\/2 10\/3 12\/2 12\/3 Teck 90 Cable<\/title>\n<meta name=\"description\" content=\"We are 4\/0 6\/3 8\/3 10\/2 10\/3 12\/2 12\/3 teck 90 cable supplier. Contact us to get 600v 1kv 5kv 3C*3\/0 AWG xlpe pvc aia pvc teck 90 cable price\" \/>\n<meta name=\"robots\" content=\"index, follow, max-snippet:-1, max-image-preview:large, max-video-preview:-1\" \/>\n<link rel=\"canonical\" href=\"https:\/\/huadongswacable.com\/es\/cable-teck-90-de-alta-calidad-y-bajo-precio\/\" \/>\n<meta property=\"og:locale\" content=\"es_ES\" \/>\n<meta property=\"og:type\" content=\"article\" \/>\n<meta property=\"og:title\" content=\"Teck 90 Cable Price | 4\/0 6\/3 8\/3 10\/2 10\/3 12\/2 12\/3 Teck 90 Cable\" \/>\n<meta property=\"og:description\" content=\"We are 4\/0 6\/3 8\/3 10\/2 10\/3 12\/2 12\/3 teck 90 cable supplier. Contact us to get 600v 1kv 5kv 3C*3\/0 AWG xlpe pvc aia pvc teck 90 cable price\" \/>\n<meta property=\"og:url\" content=\"https:\/\/huadongswacable.com\/es\/cable-teck-90-de-alta-calidad-y-bajo-precio\/\" \/>\n<meta property=\"og:site_name\" content=\"Huadong SWA Cable\" \/>\n<meta property=\"article:modified_time\" content=\"2022-12-19T06:24:11+00:00\" \/>\n<meta property=\"og:image\" content=\"https:\/\/huadongswacable.com\/wp-content\/uploads\/2021\/09\/600v-1kv-5kv-3-core-xlpe-pvc-aia-pvc-teck-90-cable-price-list.jpg\" \/>\n<meta name=\"twitter:card\" content=\"summary_large_image\" \/>\n<meta name=\"twitter:label1\" content=\"Tiempo de lectura\" \/>\n\t<meta name=\"twitter:data1\" content=\"5 minutos\" \/>\n<script type=\"application\/ld+json\" class=\"yoast-schema-graph\">{\"@context\":\"https:\/\/schema.org\",\"@graph\":[{\"@type\":\"WebSite\",\"@id\":\"http:\/\/huadongswacable.com\/ru\/#website\",\"url\":\"http:\/\/huadongswacable.com\/ru\/\",\"name\":\"Huadong SWA Cable\",\"description\":\"Huadong SWA Cable\",\"potentialAction\":[{\"@type\":\"SearchAction\",\"target\":{\"@type\":\"EntryPoint\",\"urlTemplate\":\"http:\/\/huadongswacable.com\/ru\/?s={search_term_string}\"},\"query-input\":\"required name=search_term_string\"}],\"inLanguage\":\"es\"},{\"@type\":\"ImageObject\",\"@id\":\"https:\/\/huadongswacable.com\/high-quality-low-price-teck-90-cable\/#primaryimage\",\"inLanguage\":\"es\",\"url\":\"https:\/\/huadongswacable.com\/wp-content\/uploads\/2021\/09\/600v-1kv-5kv-3-core-xlpe-pvc-aia-pvc-teck-90-cable-price-list.jpg\",\"contentUrl\":\"https:\/\/huadongswacable.com\/wp-content\/uploads\/2021\/09\/600v-1kv-5kv-3-core-xlpe-pvc-aia-pvc-teck-90-cable-price-list.jpg\",\"width\":242,\"height\":407,\"caption\":\"600v 1kv 5kv 3 core xlpe pvc aia pvc csa teck 90 cable price list\"},{\"@type\":\"WebPage\",\"@id\":\"https:\/\/huadongswacable.com\/high-quality-low-price-teck-90-cable\/#webpage\",\"url\":\"https:\/\/huadongswacable.com\/high-quality-low-price-teck-90-cable\/\",\"name\":\"Teck 90 Cable Price | 4\/0 6\/3 8\/3 10\/2 10\/3 12\/2 12\/3 Teck 90 Cable\",\"isPartOf\":{\"@id\":\"http:\/\/huadongswacable.com\/ru\/#website\"},\"primaryImageOfPage\":{\"@id\":\"https:\/\/huadongswacable.com\/high-quality-low-price-teck-90-cable\/#primaryimage\"},\"datePublished\":\"2018-04-23T05:46:34+00:00\",\"dateModified\":\"2022-12-19T06:24:11+00:00\",\"description\":\"We are 4\/0 6\/3 8\/3 10\/2 10\/3 12\/2 12\/3 teck 90 cable supplier. Contact us to get 600v 1kv 5kv 3C*3\/0 AWG xlpe pvc aia pvc teck 90 cable price\",\"breadcrumb\":{\"@id\":\"https:\/\/huadongswacable.com\/high-quality-low-price-teck-90-cable\/#breadcrumb\"},\"inLanguage\":\"es\",\"potentialAction\":[{\"@type\":\"ReadAction\",\"target\":[\"https:\/\/huadongswacable.com\/high-quality-low-price-teck-90-cable\/\"]}]},{\"@type\":\"BreadcrumbList\",\"@id\":\"https:\/\/huadongswacable.com\/high-quality-low-price-teck-90-cable\/#breadcrumb\",\"itemListElement\":[{\"@type\":\"ListItem\",\"position\":1,\"name\":\"Home\",\"item\":\"http:\/\/huadongswacable.com\/ru\/\"},{\"@type\":\"ListItem\",\"position\":2,\"name\":\"4\/0 6\/3 8\/3 10\/2 10\/3 12\/2 12\/3 Teck 90 Cable Price\"}]}]}<\/script>\n<!-- \/ Yoast SEO plugin. -->","yoast_head_json":{"title":"Teck 90 Cable Price | 4\/0 6\/3 8\/3 10\/2 10\/3 12\/2 12\/3 Teck 90 Cable","description":"We are 4\/0 6\/3 8\/3 10\/2 10\/3 12\/2 12\/3 teck 90 cable supplier. Contact us to get 600v 1kv 5kv 3C*3\/0 AWG xlpe pvc aia pvc teck 90 cable price","robots":{"index":"index","follow":"follow","max-snippet":"max-snippet:-1","max-image-preview":"max-image-preview:large","max-video-preview":"max-video-preview:-1"},"canonical":"https:\/\/huadongswacable.com\/es\/cable-teck-90-de-alta-calidad-y-bajo-precio\/","og_locale":"es_ES","og_type":"article","og_title":"Teck 90 Cable Price | 4\/0 6\/3 8\/3 10\/2 10\/3 12\/2 12\/3 Teck 90 Cable","og_description":"We are 4\/0 6\/3 8\/3 10\/2 10\/3 12\/2 12\/3 teck 90 cable supplier. Contact us to get 600v 1kv 5kv 3C*3\/0 AWG xlpe pvc aia pvc teck 90 cable price","og_url":"https:\/\/huadongswacable.com\/es\/cable-teck-90-de-alta-calidad-y-bajo-precio\/","og_site_name":"Huadong SWA Cable","article_modified_time":"2022-12-19T06:24:11+00:00","og_image":[{"url":"https:\/\/huadongswacable.com\/wp-content\/uploads\/2021\/09\/600v-1kv-5kv-3-core-xlpe-pvc-aia-pvc-teck-90-cable-price-list.jpg"}],"twitter_card":"summary_large_image","twitter_misc":{"Tiempo de lectura":"5 minutos"},"schema":{"@context":"https:\/\/schema.org","@graph":[{"@type":"WebSite","@id":"http:\/\/huadongswacable.com\/ru\/#website","url":"http:\/\/huadongswacable.com\/ru\/","name":"Huadong SWA Cable","description":"Huadong SWA Cable","potentialAction":[{"@type":"SearchAction","target":{"@type":"EntryPoint","urlTemplate":"http:\/\/huadongswacable.com\/ru\/?s={search_term_string}"},"query-input":"required name=search_term_string"}],"inLanguage":"es"},{"@type":"ImageObject","@id":"https:\/\/huadongswacable.com\/high-quality-low-price-teck-90-cable\/#primaryimage","inLanguage":"es","url":"https:\/\/huadongswacable.com\/wp-content\/uploads\/2021\/09\/600v-1kv-5kv-3-core-xlpe-pvc-aia-pvc-teck-90-cable-price-list.jpg","contentUrl":"https:\/\/huadongswacable.com\/wp-content\/uploads\/2021\/09\/600v-1kv-5kv-3-core-xlpe-pvc-aia-pvc-teck-90-cable-price-list.jpg","width":242,"height":407,"caption":"600v 1kv 5kv 3 core xlpe pvc aia pvc csa teck 90 cable price list"},{"@type":"WebPage","@id":"https:\/\/huadongswacable.com\/high-quality-low-price-teck-90-cable\/#webpage","url":"https:\/\/huadongswacable.com\/high-quality-low-price-teck-90-cable\/","name":"Teck 90 Cable Price | 4\/0 6\/3 8\/3 10\/2 10\/3 12\/2 12\/3 Teck 90 Cable","isPartOf":{"@id":"http:\/\/huadongswacable.com\/ru\/#website"},"primaryImageOfPage":{"@id":"https:\/\/huadongswacable.com\/high-quality-low-price-teck-90-cable\/#primaryimage"},"datePublished":"2018-04-23T05:46:34+00:00","dateModified":"2022-12-19T06:24:11+00:00","description":"We are 4\/0 6\/3 8\/3 10\/2 10\/3 12\/2 12\/3 teck 90 cable supplier. Contact us to get 600v 1kv 5kv 3C*3\/0 AWG xlpe pvc aia pvc teck 90 cable price","breadcrumb":{"@id":"https:\/\/huadongswacable.com\/high-quality-low-price-teck-90-cable\/#breadcrumb"},"inLanguage":"es","potentialAction":[{"@type":"ReadAction","target":["https:\/\/huadongswacable.com\/high-quality-low-price-teck-90-cable\/"]}]},{"@type":"BreadcrumbList","@id":"https:\/\/huadongswacable.com\/high-quality-low-price-teck-90-cable\/#breadcrumb","itemListElement":[{"@type":"ListItem","position":1,"name":"Home","item":"http:\/\/huadongswacable.com\/ru\/"},{"@type":"ListItem","position":2,"name":"4\/0 6\/3 8\/3 10\/2 10\/3 12\/2 12\/3 Teck 90 Cable Price"}]}]}},"_links":{"self":[{"href":"https:\/\/huadongswacable.com\/es\/wp-json\/wp\/v2\/pages\/887","targetHints":{"allow":["GET"]}}],"collection":[{"href":"https:\/\/huadongswacable.com\/es\/wp-json\/wp\/v2\/pages"}],"about":[{"href":"https:\/\/huadongswacable.com\/es\/wp-json\/wp\/v2\/types\/page"}],"author":[{"embeddable":true,"href":"https:\/\/huadongswacable.com\/es\/wp-json\/wp\/v2\/users\/1"}],"replies":[{"embeddable":true,"href":"https:\/\/huadongswacable.com\/es\/wp-json\/wp\/v2\/comments?post=887"}],"version-history":[{"count":24,"href":"https:\/\/huadongswacable.com\/es\/wp-json\/wp\/v2\/pages\/887\/revisions"}],"predecessor-version":[{"id":7771,"href":"https:\/\/huadongswacable.com\/es\/wp-json\/wp\/v2\/pages\/887\/revisions\/7771"}],"wp:attachment":[{"href":"https:\/\/huadongswacable.com\/es\/wp-json\/wp\/v2\/media?parent=887"}],"curies":[{"name":"wp","href":"https:\/\/api.w.org\/{rel}","templated":true}]}}