{"id":862,"date":"2018-04-21T15:29:21","date_gmt":"2018-04-21T07:29:21","guid":{"rendered":"http:\/\/huadongswacable.com\/?page_id=862"},"modified":"2022-12-19T15:59:32","modified_gmt":"2022-12-19T07:59:32","slug":"low-price-acwu-cable","status":"publish","type":"page","link":"https:\/\/huadongswacable.com\/es\/bajo-precio-acwu-cable\/","title":{"rendered":"ACWU Cable 600V 1C 3C 4C 1AWG 2AWG 4AWG 6AWG AIA Cable"},"content":{"rendered":"<p><img loading=\"lazy\" decoding=\"async\" class=\"aligncenter size-full wp-image-6454\" src=\"https:\/\/huadongswacable.com\/wp-content\/uploads\/2021\/10\/how-much-is-600V-2-4-6-3C-4C-acwu90-cable-per-meter.jpg\" alt=\"cu\u00e1nto cuesta el cable 600V #2 #4 #6 3C 4C acwu90 por metro\" width=\"828\" height=\"281\" srcset=\"https:\/\/huadongswacable.com\/wp-content\/uploads\/2021\/10\/how-much-is-600V-2-4-6-3C-4C-acwu90-cable-per-meter.jpg 828w, https:\/\/huadongswacable.com\/wp-content\/uploads\/2021\/10\/how-much-is-600V-2-4-6-3C-4C-acwu90-cable-per-meter-300x102.jpg 300w, https:\/\/huadongswacable.com\/wp-content\/uploads\/2021\/10\/how-much-is-600V-2-4-6-3C-4C-acwu90-cable-per-meter-768x261.jpg 768w\" sizes=\"auto, (max-width: 828px) 100vw, 828px\" \/><\/p>\n<p>Como fabricante profesional de cable ACWU, podemos suministrar diferentes tama\u00f1os de cable blindado de aluminio entrelazado. As\u00ed que usted puede comprar #2, #4, #6 cable ACWU90 de nuestra empresa. Lo que es m\u00e1s, si usted quiere saber cu\u00e1nto es 600v 3 conductor ACWU90 cable por metro, simplemente deje su mensaje. Nuestro gerente le enviar\u00e1 mejor ACWU 3C 4\/0 cable de aluminio precio a usted tan pronto como sea posible.<\/p>\n<p style=\"text-align: center;\"><span class=\"su-lightbox\" data-mfp-src=\"#Popup\" data-mfp-type=\"inline\" data-mobile=\"yes\"><button class=\"btn btn-danger btn-sm\" ><i class=\"fa fa-hand-o-right\" style=\"color:#ffffff;\"><\/i> Obtener presupuesto<\/button><\/span>\n<h2>Venta de cable ACWU de 3 conductores barato<\/h2>\n<p>El cable ACWU es un tipo de <a href=\"https:\/\/huadongswacable.com\/es\/cable-mc-de-bajo-precio\/\" target=\"_blank\" rel=\"noopener noreferrer\">cable MC blindado con enclavamiento de aleaci\u00f3n de aluminio<\/a> con cubierta de PVC. Huadong Cable Group es un fabricante profesional de alambre ACWU de 3 conductores en China. Nuestro alambre de aluminio 3C #2 ACWU tiene un mercado estable en Am\u00e9rica y Canad\u00e1. Si usted necesita comprar alambre 3C 1\/0 awg ACWU de alta calidad y bajo precio, entonces Huadong ser\u00e1 su opci\u00f3n ideal. Al mismo tiempo, si usted necesita una gran cantidad de alambre ACWU, le daremos un cable de descuento ACWU90 600v precio. Por lo tanto, s\u00f3lo tiene que dejar su tama\u00f1o de cable ACWU90 aia. Por supuesto, puede ponerse en contacto con nosotros directamente si usted ya sabe qu\u00e9 tipo de cable ACWU necesita. Esperamos su consulta.<\/p>\n<div class=\"row\">\n<div class=\"col-lg-6 col-md-12 col-xs-12 col-sm-12\">\n<img loading=\"lazy\" decoding=\"async\" class=\"aligncenter size-full wp-image-6455\" src=\"https:\/\/huadongswacable.com\/wp-content\/uploads\/2021\/10\/get-best-600v-3-conductor-acwu90-cable-price.jpg\" alt=\"get best 600v 3 conductor acwu90 cable price\" width=\"400\" height=\"245\" srcset=\"https:\/\/huadongswacable.com\/wp-content\/uploads\/2021\/10\/get-best-600v-3-conductor-acwu90-cable-price.jpg 400w, https:\/\/huadongswacable.com\/wp-content\/uploads\/2021\/10\/get-best-600v-3-conductor-acwu90-cable-price-300x184.jpg 300w\" sizes=\"auto, (max-width: 400px) 100vw, 400px\" \/><\/div>\n<div class=\"col-lg-6 col-md-12 col-xs-12 col-sm-12\">\n<p><strong>Tensi\u00f3n:<\/strong> 600V<\/p>\n<p><strong>Conductores: S\u00f3lido<\/strong>\/Cobre o aluminio trenzado<\/p>\n<p><strong>Capa de armadura:<\/strong> Blindaje de aluminio entrelazado (AIA)<\/p>\n<p><strong>N\u00facleos No:<\/strong> Individual\/dos\/tres\/cuatro<\/p>\n<p><strong>Capa aislante:<\/strong> Polietileno reticulado (XLPE)<\/p>\n<p><strong>Chaqueta exterior:<\/strong> Cloruro de polivinilo (PVC)<\/p>\n<p><strong>Temperatura nominal:<\/strong> -40\u00b0C a 90\u00b0C<\/div>\n<\/div>\n<p>Gracias a sus excelentes prestaciones, el cable AIA tiene una amplia gama de aplicaciones. Por ejemplo, el cable de aluminio para la construcci\u00f3n ACWU90 es adecuado para el cableado expuesto y oculto en lugares secos, h\u00famedos o mojados. Y el cable ACWU #2 de 3 conductores tambi\u00e9n es apto para el enterramiento directo en tierra.<\/p>\n<p style=\"text-align: center;\"><span class=\"su-lightbox\" data-mfp-src=\"#Popup\" data-mfp-type=\"inline\" data-mobile=\"yes\"><button class=\"btn btn-danger btn-sm\" ><i class=\"fa fa-hand-o-right\" style=\"color:#ffffff;\"><\/i> Obtener presupuesto<\/button><\/span>\n<h2>Encuentre un fabricante profesional de alambre 600v 4C ACWU90<\/h2>\n<p>El conductor del cable ACWU 90 es de aluminio de clase \"B\". Lo que es m\u00e1s, si usted tiene un requisito espec\u00edfico, conductor de cobre y conductor de aleaci\u00f3n de aluminio est\u00e1 disponible. El material aislante del cable ACWU de 600v 4 conductores es polietileno reticulado (XLPE).  Adem\u00e1s, tambi\u00e9n disponemos de <a href=\"https:\/\/huadongswacable.com\/es\/cable-teck-90-de-alta-calidad-y-bajo-precio\/\" target=\"_blank\" rel=\"noopener noreferrer\">venta de cable teck90 barato<\/a>. Por lo tanto, s\u00f3lo tiene que dejar su informaci\u00f3n y nos dicen que el alambre de construcci\u00f3n de aluminio ACWU 4C tama\u00f1os de sus necesidades. A continuaci\u00f3n, le enviaremos 4 conductores 250 mcm ACWU90 cotizaci\u00f3n de alambre. Sin embargo, la capa de armadura de alambre ACWU es de aluminio Interlocked Armourm MC cable. As\u00ed que el cable ACWU tiene otro nombre: cable AIA. Adem\u00e1s, el revestimiento del cable de aluminio ACWU para la construcci\u00f3n es de cloruro de polivinilo de baja acidez, ign\u00edfugo, resistente a la humedad y a la luz solar (<a href=\"https:\/\/huadongswacable.com\/es\/pvc-coated-mc-cable\/\" target=\"_blank\" rel=\"noopener noreferrer\">PVC<\/a>). Por lo tanto, s\u00f3lo tiene que enviar su consulta y obtener 4C ACWU90 alambre de aluminio de construcci\u00f3n lista de precios.<\/p>\n<p><img loading=\"lazy\" decoding=\"async\" class=\"aligncenter size-full wp-image-6457\" src=\"https:\/\/huadongswacable.com\/wp-content\/uploads\/2021\/10\/600v-2awg-3-conductor-copper-acwu90-cable-price-list-Canada.jpg\" alt=\"600v 2awg 3 conductor cobre acwu90 cable lista de precios Canad\u00e1\" width=\"800\" height=\"150\" srcset=\"https:\/\/huadongswacable.com\/wp-content\/uploads\/2021\/10\/600v-2awg-3-conductor-copper-acwu90-cable-price-list-Canada.jpg 800w, https:\/\/huadongswacable.com\/wp-content\/uploads\/2021\/10\/600v-2awg-3-conductor-copper-acwu90-cable-price-list-Canada-300x56.jpg 300w, https:\/\/huadongswacable.com\/wp-content\/uploads\/2021\/10\/600v-2awg-3-conductor-copper-acwu90-cable-price-list-Canada-768x144.jpg 768w\" sizes=\"auto, (max-width: 800px) 100vw, 800px\" \/>.<\/p>\n<p>Adem\u00e1s, el cable AIA puede utilizarse para el cableado de todas las ubicaciones peligrosas. Lo que es m\u00e1s, estos 4\/0 cable de aluminio entrelazado armadura (AIA) tambi\u00e9n se puede utilizar para instalaciones de entrada de servicio. Nuestros clientes dicen que Huadong AIA cable de alimentaci\u00f3n tiene una buena reputaci\u00f3n entre los usuarios finales en Canad\u00e1. As\u00ed que usted puede decirnos su lista de cables de investigaci\u00f3n y cantidad de la orden. Entonces nos comprometemos a darle un precio satisfactorio ACWU 90 alambre.<\/p>\n<p style=\"text-align: center;\"><span class=\"su-lightbox\" data-mfp-src=\"#Popup\" data-mfp-type=\"inline\" data-mobile=\"yes\"><button class=\"btn btn-danger btn-sm\" ><i class=\"fa fa-hand-o-right\" style=\"color:#ffffff;\"><\/i> Obtener presupuesto<\/button><\/span>\n<h2>Obtenga el mejor precio de 250 MCM ACWU cable en Huadong<\/h2>\n<p>De hecho, usted puede encontrar que 600v 4c 250 mcm ACWU90 precio del cable son diferentes. Debido a que el precio del material de cable blindado no son los mismos. Entonces usted puede entender el precio del cable 250 mcm ACWU90 en Canad\u00e1 son diferentes de precio del cable ACWU en Estados Unidos. Lo que es m\u00e1s, si usted compra lotes de 4\/0 3 conductor ACWU alambre, el proveedor de cable le dar\u00e1 su descuento ACWU cable de aluminio precio.<\/p>\n<p><img loading=\"lazy\" decoding=\"async\" class=\"aligncenter wp-image-876 size-full\" src=\"https:\/\/huadongswacable.com\/wp-content\/uploads\/2018\/04\/discount-cheap-ACWU-90-cable-price.jpg\" alt=\"descuento barato 4 conductor ACWU 90 alambre de aluminio precio\" width=\"550\" height=\"284\" srcset=\"https:\/\/huadongswacable.com\/wp-content\/uploads\/2018\/04\/discount-cheap-ACWU-90-cable-price.jpg 550w, https:\/\/huadongswacable.com\/wp-content\/uploads\/2018\/04\/discount-cheap-ACWU-90-cable-price-300x155.jpg 300w\" sizes=\"auto, (max-width: 550px) 100vw, 550px\" \/><\/p>\n<p>Adem\u00e1s, hemos exportado nuestro alambre de aluminio para construcci\u00f3n ACWU90 de 4 conductores a m\u00e1s de 30 pa\u00edses. Tales como, Am\u00e9rica, Canad\u00e1, Yemen, Am\u00e9rica del Sur, Filipinas, Malasia, Indonesia, Tailandia, Vietnam, <span class=\"VIiyi\" lang=\"en\"><span class=\"JLqJ4b ChMk0b\" data-language-for-alternatives=\"en\" data-language-to-translate-into=\"zh-CN\" data-phrase-index=\"0\">Alemania<\/span><\/span>etc. Por lo tanto, puede ponerse en contacto con nosotros para obtener la lista de precios de cable 4\/3 ACWU en Am\u00e9rica o Canad\u00e1.<\/p>\n<div class=\"su-lightbox-content su-u-trim\" id=\"Popup\" style=\"display:none;width:auto;min-width:50%;max-width:70%;margin-top:40px;margin-bottom:40px;padding:40px;background:#e8e5e5;color:#060473;box-shadow:0px 0px 15px #333333;text-align:left\"><div role=\"form\" class=\"wpcf7\" id=\"wpcf7-f5571-o1\" lang=\"en-US\" dir=\"ltr\">\n<div class=\"screen-reader-response\"><p role=\"status\" aria-live=\"polite\" aria-atomic=\"true\"><\/p> <ul><\/ul><\/div>\n<form action=\"\/es\/wp-json\/wp\/v2\/pages\/862#wpcf7-f5571-o1\" method=\"post\" class=\"wpcf7-form init\" novalidate=\"novalidate\" data-status=\"init\" data-trp-original-action=\"\/es\/wp-json\/wp\/v2\/pages\/862#wpcf7-f5571-o1\">\n<div style=\"display: none;\">\n<input type=\"hidden\" name=\"_wpcf7\" value=\"5571\" \/>\n<input type=\"hidden\" name=\"_wpcf7_version\" value=\"5.5.6\" \/>\n<input type=\"hidden\" name=\"_wpcf7_locale\" value=\"en_US\" \/>\n<input type=\"hidden\" name=\"_wpcf7_unit_tag\" value=\"wpcf7-f5571-o1\" \/>\n<input type=\"hidden\" name=\"_wpcf7_container_post\" value=\"0\" \/>\n<input type=\"hidden\" name=\"_wpcf7_posted_data_hash\" value=\"\" \/>\n<\/div>\n<div class=\"popmakerform\">\n<p>Su nombre <span style=\"color:red;\">*<span><br \/>\n<span class=\"wpcf7-form-control-wrap your-name\"><input type=\"text\" name=\"your-name\" value=\"\" size=\"40\" class=\"wpcf7-form-control wpcf7-text wpcf7-validates-as-required\" aria-required=\"true\" aria-invalid=\"false\" \/><\/span><\/p>\n<p>Su correo electr\u00f3nico <span style=\"color:red;\">*<span><br \/>\n<span class=\"wpcf7-form-control-wrap your-email\"><input type=\"email\" name=\"your-email\" value=\"\" size=\"40\" class=\"wpcf7-form-control wpcf7-text wpcf7-email wpcf7-validates-as-required wpcf7-validates-as-email\" aria-required=\"true\" aria-invalid=\"false\" \/><\/span><\/p>\n<p>Su n\u00famero de tel\u00e9fono<br \/>\n<span class=\"wpcf7-form-control-wrap your-phone\"><input type=\"text\" name=\"your-phone\" value=\"\" size=\"40\" class=\"wpcf7-form-control wpcf7-text\" aria-invalid=\"false\" \/><\/span><\/p>\n<p>Su pa\u00eds<br \/>\n<span class=\"wpcf7-form-control-wrap your-country\"><input type=\"text\" name=\"your-country\" value=\"\" size=\"40\" class=\"wpcf7-form-control wpcf7-text\" aria-invalid=\"false\" \/><\/span><\/p>\n<p>Requisitos detallados <span style=\"color:red;\">*<span><br \/>\n<span class=\"wpcf7-form-control-wrap your-requirement\"><textarea name=\"your-requirement\" cols=\"40\" rows=\"4\" class=\"wpcf7-form-control wpcf7-textarea wpcf7-validates-as-required\" aria-required=\"true\" aria-invalid=\"false\"><\/textarea><\/span><\/p>\n<p><input type=\"submit\" value=\"Obtener presupuesto\" class=\"wpcf7-form-control has-spinner wpcf7-submit\" \/><\/p>\n<\/div>\n<p style=\"display: none !important;\"><label>&#916;<textarea name=\"_wpcf7_ak_hp_textarea\" cols=\"45\" rows=\"8\" maxlength=\"100\"><\/textarea><\/label><input type=\"hidden\" id=\"ak_js_1\" name=\"_wpcf7_ak_js\" value=\"93\"\/><script>document.getElementById( \"ak_js_1\" ).setAttribute( \"value\", ( new Date() ).getTime() );<\/script><\/p><input type='hidden' class='wpcf7-pum' value='{\"closepopup\":false,\"closedelay\":0,\"openpopup\":false,\"openpopup_id\":0}' \/><div class=\"wpcf7-response-output\" aria-hidden=\"true\"><\/div><input type=\"hidden\" name=\"trp-form-language\" value=\"es\"\/><\/form><\/div><\/div>\n<h3>No dude en indicarnos sus necesidades. Le contestaremos en el plazo de 12 horas.<\/h3>\n<p><strong>Correo electr\u00f3nico: <a href=\"mailto:info@huadongswacable.com\" rel=\"nofollow\">info@huadongswacable.com<\/a><\/strong><\/p>\n<div role=\"form\" class=\"wpcf7\" id=\"wpcf7-f6-o2\" lang=\"en-US\" dir=\"ltr\">\n<div class=\"screen-reader-response\"><p role=\"status\" aria-live=\"polite\" aria-atomic=\"true\"><\/p> <ul><\/ul><\/div>\n<form action=\"\/es\/wp-json\/wp\/v2\/pages\/862#wpcf7-f6-o2\" method=\"post\" class=\"wpcf7-form init\" novalidate=\"novalidate\" data-status=\"init\" data-trp-original-action=\"\/es\/wp-json\/wp\/v2\/pages\/862#wpcf7-f6-o2\">\n<div style=\"display: none;\">\n<input type=\"hidden\" name=\"_wpcf7\" value=\"6\" \/>\n<input type=\"hidden\" name=\"_wpcf7_version\" value=\"5.5.6\" \/>\n<input type=\"hidden\" name=\"_wpcf7_locale\" value=\"en_US\" \/>\n<input type=\"hidden\" name=\"_wpcf7_unit_tag\" value=\"wpcf7-f6-o2\" \/>\n<input type=\"hidden\" name=\"_wpcf7_container_post\" value=\"0\" \/>\n<input type=\"hidden\" name=\"_wpcf7_posted_data_hash\" value=\"\" \/>\n<\/div>\n<div class=\"messageform\">\n<p><strong><span style=\"color:red;\"><\/span> Su nombre<\/strong><br \/>\n    <span class=\"wpcf7-form-control-wrap your-name\"><input type=\"text\" name=\"your-name\" value=\"\" size=\"40\" class=\"wpcf7-form-control wpcf7-text\" aria-invalid=\"false\" \/><\/span> <\/p>\n<p><strong><span style=\"color:red;\">*<\/span> Su correo electr\u00f3nico<\/strong><br \/>\n    <span class=\"wpcf7-form-control-wrap your-email\"><input type=\"email\" name=\"your-email\" value=\"\" size=\"40\" class=\"wpcf7-form-control wpcf7-text wpcf7-email wpcf7-validates-as-required wpcf7-validates-as-email\" aria-required=\"true\" aria-invalid=\"false\" \/><\/span> <\/p>\n<p><strong>Su n\u00famero de tel\u00e9fono<\/strong><br \/>\n    <span class=\"wpcf7-form-control-wrap your-phone\"><input type=\"text\" name=\"your-phone\" value=\"\" size=\"40\" class=\"wpcf7-form-control wpcf7-text\" aria-invalid=\"false\" placeholder=\"Incluya el prefijo\" \/><\/span> <\/p>\n<p><strong>Su pa\u00eds<\/strong><br \/>\n    <span class=\"wpcf7-form-control-wrap your-country\"><input type=\"text\" name=\"your-country\" value=\"\" size=\"40\" class=\"wpcf7-form-control wpcf7-text\" aria-invalid=\"false\" \/><\/span> <\/p>\n<p><strong><span style=\"color:red;\">*<\/span> Sus requisitos<\/strong><br \/>\n    <span class=\"wpcf7-form-control-wrap your-requirement\"><textarea name=\"your-requirement\" cols=\"40\" rows=\"10\" class=\"wpcf7-form-control wpcf7-textarea wpcf7-validates-as-required bestonmessage\" aria-required=\"true\" aria-invalid=\"false\" placeholder=\"Para obtener un presupuesto detallado, env\u00edenos sus requisitos.\"><\/textarea><\/span> <\/p>\n<p><input type=\"submit\" value=\"Enviar mensaje\" class=\"wpcf7-form-control has-spinner wpcf7-submit\" \/><\/p>\n<\/div>\n<p style=\"display: none !important;\"><label>&#916;<textarea name=\"_wpcf7_ak_hp_textarea\" cols=\"45\" rows=\"8\" maxlength=\"100\"><\/textarea><\/label><input type=\"hidden\" id=\"ak_js_2\" name=\"_wpcf7_ak_js\" value=\"155\"\/><script>document.getElementById( \"ak_js_2\" ).setAttribute( \"value\", ( new Date() ).getTime() );<\/script><\/p><input type='hidden' class='wpcf7-pum' value='{\"closepopup\":false,\"closedelay\":0,\"openpopup\":false,\"openpopup_id\":0}' \/><div class=\"wpcf7-response-output\" aria-hidden=\"true\"><\/div><input type=\"hidden\" name=\"trp-form-language\" value=\"es\"\/><\/form><\/div>","protected":false},"excerpt":{"rendered":"<p>Como fabricante profesional de cable ACWU, podemos suministrar diferentes tama\u00f1os de cable blindado de aluminio entrelazado. As\u00ed que usted puede comprar #2, #4, #6 cable ACWU90 de nuestra empresa. Lo que es m\u00e1s, si usted quiere saber cu\u00e1nto es 600v 3 conductor ACWU90 cable por metro, simplemente deje su mensaje. Nuestro gerente le enviar\u00e1 mejor ACWU 3C ... <a class=\"read-more\" href=\"https:\/\/huadongswacable.com\/es\/bajo-precio-acwu-cable\/\">Leer m\u00e1s...<\/a><\/p>","protected":false},"author":1,"featured_media":0,"parent":0,"menu_order":0,"comment_status":"closed","ping_status":"closed","template":"","meta":{"footnotes":""},"class_list":["post-862","page","type-page","status-publish"],"yoast_head":"<!-- This site is optimized with the Yoast SEO plugin v18.4.1 - https:\/\/yoast.com\/wordpress\/plugins\/seo\/ -->\n<title>3C 4C ACWU Cable #2 #4 #6 Price | 4\/0 3 conductor ACWU90 AIA Cable<\/title>\n<meta name=\"description\" content=\"As #2 #4 #6 gauge 3 conductor acwu90 cable manufacturer, we can supply best 600v 4\/0 3C 4C aluminum xlpe acwu cable Canada price per meter.\" \/>\n<meta name=\"robots\" content=\"index, follow, max-snippet:-1, max-image-preview:large, max-video-preview:-1\" \/>\n<link rel=\"canonical\" href=\"http:\/\/huadongswacable.com\/es\/low-price-acwu-cable\/\" \/>\n<meta property=\"og:locale\" content=\"es_ES\" \/>\n<meta property=\"og:type\" content=\"article\" \/>\n<meta property=\"og:title\" content=\"3C 4C ACWU Cable #2 #4 #6 Price | 4\/0 3 conductor ACWU90 AIA Cable\" \/>\n<meta property=\"og:description\" content=\"As #2 #4 #6 gauge 3 conductor acwu90 cable manufacturer, we can supply best 600v 4\/0 3C 4C aluminum xlpe acwu cable Canada price per meter.\" \/>\n<meta property=\"og:url\" content=\"http:\/\/huadongswacable.com\/es\/low-price-acwu-cable\/\" \/>\n<meta property=\"og:site_name\" content=\"Huadong SWA Cable\" \/>\n<meta property=\"article:modified_time\" content=\"2022-12-19T07:59:32+00:00\" \/>\n<meta property=\"og:image\" content=\"https:\/\/huadongswacable.com\/wp-content\/uploads\/2021\/10\/how-much-is-600V-2-4-6-3C-4C-acwu90-cable-per-meter.jpg\" \/>\n<meta name=\"twitter:card\" content=\"summary_large_image\" \/>\n<meta name=\"twitter:label1\" content=\"Tiempo de lectura\" \/>\n\t<meta name=\"twitter:data1\" content=\"4 minutos\" \/>\n<script type=\"application\/ld+json\" class=\"yoast-schema-graph\">{\"@context\":\"https:\/\/schema.org\",\"@graph\":[{\"@type\":\"WebSite\",\"@id\":\"http:\/\/huadongswacable.com\/ru\/#website\",\"url\":\"http:\/\/huadongswacable.com\/ru\/\",\"name\":\"Huadong SWA Cable\",\"description\":\"Huadong SWA Cable\",\"potentialAction\":[{\"@type\":\"SearchAction\",\"target\":{\"@type\":\"EntryPoint\",\"urlTemplate\":\"http:\/\/huadongswacable.com\/ru\/?s={search_term_string}\"},\"query-input\":\"required name=search_term_string\"}],\"inLanguage\":\"es\"},{\"@type\":\"ImageObject\",\"@id\":\"http:\/\/huadongswacable.com\/fr\/low-price-acwu-cable\/#primaryimage\",\"inLanguage\":\"es\",\"url\":\"https:\/\/huadongswacable.com\/wp-content\/uploads\/2021\/10\/how-much-is-600V-2-4-6-3C-4C-acwu90-cable-per-meter.jpg\",\"contentUrl\":\"https:\/\/huadongswacable.com\/wp-content\/uploads\/2021\/10\/how-much-is-600V-2-4-6-3C-4C-acwu90-cable-per-meter.jpg\",\"width\":828,\"height\":281,\"caption\":\"how much is 600V #2 #4 #6 3C 4C acwu90 cable per meter\"},{\"@type\":\"WebPage\",\"@id\":\"http:\/\/huadongswacable.com\/fr\/low-price-acwu-cable\/#webpage\",\"url\":\"http:\/\/huadongswacable.com\/fr\/low-price-acwu-cable\/\",\"name\":\"3C 4C ACWU Cable #2 #4 #6 Price | 4\/0 3 conductor ACWU90 AIA Cable\",\"isPartOf\":{\"@id\":\"http:\/\/huadongswacable.com\/ru\/#website\"},\"primaryImageOfPage\":{\"@id\":\"http:\/\/huadongswacable.com\/fr\/low-price-acwu-cable\/#primaryimage\"},\"datePublished\":\"2018-04-21T07:29:21+00:00\",\"dateModified\":\"2022-12-19T07:59:32+00:00\",\"description\":\"As #2 #4 #6 gauge 3 conductor acwu90 cable manufacturer, we can supply best 600v 4\/0 3C 4C aluminum xlpe acwu cable Canada price per meter.\",\"breadcrumb\":{\"@id\":\"http:\/\/huadongswacable.com\/fr\/low-price-acwu-cable\/#breadcrumb\"},\"inLanguage\":\"es\",\"potentialAction\":[{\"@type\":\"ReadAction\",\"target\":[\"http:\/\/huadongswacable.com\/fr\/low-price-acwu-cable\/\"]}]},{\"@type\":\"BreadcrumbList\",\"@id\":\"http:\/\/huadongswacable.com\/fr\/low-price-acwu-cable\/#breadcrumb\",\"itemListElement\":[{\"@type\":\"ListItem\",\"position\":1,\"name\":\"Home\",\"item\":\"http:\/\/huadongswacable.com\/ru\/\"},{\"@type\":\"ListItem\",\"position\":2,\"name\":\"ACWU Cable 600V 1C 3C 4C 1AWG 2AWG 4AWG 6AWG AIA Cable\"}]}]}<\/script>\n<!-- \/ Yoast SEO plugin. -->","yoast_head_json":{"title":"3C 4C ACWU Cable #2 #4 #6 Price | 4\/0 3 conductor ACWU90 AIA Cable","description":"As #2 #4 #6 gauge 3 conductor acwu90 cable manufacturer, we can supply best 600v 4\/0 3C 4C aluminum xlpe acwu cable Canada price per meter.","robots":{"index":"index","follow":"follow","max-snippet":"max-snippet:-1","max-image-preview":"max-image-preview:large","max-video-preview":"max-video-preview:-1"},"canonical":"http:\/\/huadongswacable.com\/es\/low-price-acwu-cable\/","og_locale":"es_ES","og_type":"article","og_title":"3C 4C ACWU Cable #2 #4 #6 Price | 4\/0 3 conductor ACWU90 AIA Cable","og_description":"As #2 #4 #6 gauge 3 conductor acwu90 cable manufacturer, we can supply best 600v 4\/0 3C 4C aluminum xlpe acwu cable Canada price per meter.","og_url":"http:\/\/huadongswacable.com\/es\/low-price-acwu-cable\/","og_site_name":"Huadong SWA Cable","article_modified_time":"2022-12-19T07:59:32+00:00","og_image":[{"url":"https:\/\/huadongswacable.com\/wp-content\/uploads\/2021\/10\/how-much-is-600V-2-4-6-3C-4C-acwu90-cable-per-meter.jpg"}],"twitter_card":"summary_large_image","twitter_misc":{"Tiempo de lectura":"4 minutos"},"schema":{"@context":"https:\/\/schema.org","@graph":[{"@type":"WebSite","@id":"http:\/\/huadongswacable.com\/ru\/#website","url":"http:\/\/huadongswacable.com\/ru\/","name":"Huadong SWA Cable","description":"Huadong SWA Cable","potentialAction":[{"@type":"SearchAction","target":{"@type":"EntryPoint","urlTemplate":"http:\/\/huadongswacable.com\/ru\/?s={search_term_string}"},"query-input":"required name=search_term_string"}],"inLanguage":"es"},{"@type":"ImageObject","@id":"http:\/\/huadongswacable.com\/fr\/low-price-acwu-cable\/#primaryimage","inLanguage":"es","url":"https:\/\/huadongswacable.com\/wp-content\/uploads\/2021\/10\/how-much-is-600V-2-4-6-3C-4C-acwu90-cable-per-meter.jpg","contentUrl":"https:\/\/huadongswacable.com\/wp-content\/uploads\/2021\/10\/how-much-is-600V-2-4-6-3C-4C-acwu90-cable-per-meter.jpg","width":828,"height":281,"caption":"how much is 600V #2 #4 #6 3C 4C acwu90 cable per meter"},{"@type":"WebPage","@id":"http:\/\/huadongswacable.com\/fr\/low-price-acwu-cable\/#webpage","url":"http:\/\/huadongswacable.com\/fr\/low-price-acwu-cable\/","name":"3C 4C ACWU Cable #2 #4 #6 Price | 4\/0 3 conductor ACWU90 AIA Cable","isPartOf":{"@id":"http:\/\/huadongswacable.com\/ru\/#website"},"primaryImageOfPage":{"@id":"http:\/\/huadongswacable.com\/fr\/low-price-acwu-cable\/#primaryimage"},"datePublished":"2018-04-21T07:29:21+00:00","dateModified":"2022-12-19T07:59:32+00:00","description":"As #2 #4 #6 gauge 3 conductor acwu90 cable manufacturer, we can supply best 600v 4\/0 3C 4C aluminum xlpe acwu cable Canada price per meter.","breadcrumb":{"@id":"http:\/\/huadongswacable.com\/fr\/low-price-acwu-cable\/#breadcrumb"},"inLanguage":"es","potentialAction":[{"@type":"ReadAction","target":["http:\/\/huadongswacable.com\/fr\/low-price-acwu-cable\/"]}]},{"@type":"BreadcrumbList","@id":"http:\/\/huadongswacable.com\/fr\/low-price-acwu-cable\/#breadcrumb","itemListElement":[{"@type":"ListItem","position":1,"name":"Home","item":"http:\/\/huadongswacable.com\/ru\/"},{"@type":"ListItem","position":2,"name":"ACWU Cable 600V 1C 3C 4C 1AWG 2AWG 4AWG 6AWG AIA Cable"}]}]}},"_links":{"self":[{"href":"https:\/\/huadongswacable.com\/es\/wp-json\/wp\/v2\/pages\/862","targetHints":{"allow":["GET"]}}],"collection":[{"href":"https:\/\/huadongswacable.com\/es\/wp-json\/wp\/v2\/pages"}],"about":[{"href":"https:\/\/huadongswacable.com\/es\/wp-json\/wp\/v2\/types\/page"}],"author":[{"embeddable":true,"href":"https:\/\/huadongswacable.com\/es\/wp-json\/wp\/v2\/users\/1"}],"replies":[{"embeddable":true,"href":"https:\/\/huadongswacable.com\/es\/wp-json\/wp\/v2\/comments?post=862"}],"version-history":[{"count":29,"href":"https:\/\/huadongswacable.com\/es\/wp-json\/wp\/v2\/pages\/862\/revisions"}],"predecessor-version":[{"id":7780,"href":"https:\/\/huadongswacable.com\/es\/wp-json\/wp\/v2\/pages\/862\/revisions\/7780"}],"wp:attachment":[{"href":"https:\/\/huadongswacable.com\/es\/wp-json\/wp\/v2\/media?parent=862"}],"curies":[{"name":"wp","href":"https:\/\/api.w.org\/{rel}","templated":true}]}}