{"id":81,"date":"2018-03-08T12:01:33","date_gmt":"2018-03-08T04:01:33","guid":{"rendered":"http:\/\/huadongswacable.com\/?page_id=81"},"modified":"2022-12-19T14:37:02","modified_gmt":"2022-12-19T06:37:02","slug":"5-core-armoured-cable-customization","status":"publish","type":"page","link":"https:\/\/huadongswacable.com\/es\/personalizacion-de-cables-blindados-de-5-nucleos\/","title":{"rendered":"6mm 10mm 16mm 25mm 35mm Cable armado de 5 hilos Personalizaci\u00f3n"},"content":{"rendered":"<p><img loading=\"lazy\" decoding=\"async\" class=\"aligncenter wp-image-5084\" src=\"https:\/\/huadongswacable.com\/wp-content\/uploads\/2020\/12\/25mm-5-core-swa-cable-specification.jpg\" alt=\"Especificaciones del cable swa de 25 mm y 5 hilos\" width=\"761\" height=\"217\" srcset=\"https:\/\/huadongswacable.com\/wp-content\/uploads\/2020\/12\/25mm-5-core-swa-cable-specification.jpg 750w, https:\/\/huadongswacable.com\/wp-content\/uploads\/2020\/12\/25mm-5-core-swa-cable-specification-300x86.jpg 300w\" sizes=\"auto, (max-width: 761px) 100vw, 761px\" \/><\/p>\n<p>Por favor, env\u00edenos su consulta 16mm 5 n\u00facleo cable de alimentaci\u00f3n blindado lista y cantidad de la orden. Nuestro gerente de ventas le enviar\u00e1 nuestros documentos de oferta dentro de 12 horas.<\/p>\n<p style=\"text-align: center;\"><span class=\"su-lightbox\" data-mfp-src=\"#Popup\" data-mfp-type=\"inline\" data-mobile=\"yes\"><button class=\"btn btn-danger btn-sm\" ><i class=\"fa fa-hand-o-right\" style=\"color:#ffffff;\"><\/i> Obtener presupuesto<\/button><\/span>\n<h2>Cable armado de 5 hilos del Grupo Huadong<\/h2>\n<p>Huadong Cable Group es un fabricante l\u00edder de cables armados de 5 n\u00facleos. Suministramos <a href=\"https:\/\/huadongswacable.com\/es\/prevenir-incendio-de-cable-de-baja-voltaje\/\">cable armado de baja tensi\u00f3n<\/a> y <a href=\"https:\/\/huadongswacable.com\/es\/xlpe-medium-voltage-cable-customization\/\">cable armado de media tensi\u00f3n<\/a>.  Todos estos cables blindados de 5 n\u00facleos cumplen las normas y especificaciones estadounidenses, brit\u00e1nicas, francesas, europeas e internacionales. Estos incluyen 3 core swa cable, 4 core swa cable, 5 core swa cable y as\u00ed sucesivamente. Por supuesto, somos capaces de proporcionar una amplia gama de cable swa de 5 n\u00facleos. Mientras tanto, podemos personalizar el cable swa de 5 n\u00facleos para satisfacer las especificaciones o normas del mercado y de los clientes. No importa el tama\u00f1o de la secci\u00f3n transversal del conductor del cable swa de 5 fases y del conductor del cable blindado de 5 n\u00facleos. Vamos a producir para usted. S\u00f3lo tiene que decirnos sus necesidades.<\/p>\n<div class=\"row prolisttable\">\n<div class=\"row\"><\/div>\n<div class=\"col-lg-4 col-md-12 col-xs-12 col-sm-12\">\n<p>&nbsp;<\/p>\n<p><img loading=\"lazy\" decoding=\"async\" class=\"aligncenter wp-image-642\" src=\"https:\/\/huadongswacable.com\/wp-content\/uploads\/2018\/04\/PVC-5-core-swa-cable-free-samples.jpg\" alt=\"PVC 5 core swa cable muestras gratis\" width=\"373\" height=\"283\" srcset=\"https:\/\/huadongswacable.com\/wp-content\/uploads\/2018\/04\/PVC-5-core-swa-cable-free-samples.jpg 328w, https:\/\/huadongswacable.com\/wp-content\/uploads\/2018\/04\/PVC-5-core-swa-cable-free-samples-300x228.jpg 300w\" sizes=\"auto, (max-width: 373px) 100vw, 373px\" \/><\/p>\n<\/div>\n<div class=\"col-lg-8 col-md-12 col-xs-12 col-sm-12\">\n<p><strong>Conductor:<\/strong> Aluminio o cobre<\/p>\n<p><strong>Tensi\u00f3n:<\/strong> hasta 35 KV<\/p>\n<p><strong>Blindado:<\/strong> SWA (Armadura de alambre de acero) \/ STA(Armadura de cinta de acero) \/ AWA (Armadura de alambre de aluminio)<\/p>\n<p><strong>Aislamiento:<\/strong> XLPE \/ PVC \/ LSF \/ Resistente al fuego<\/p>\n<p><strong>Est\u00e1ndar:<\/strong> IEC 60502, BS 7870, GB\/ T12706 u otras.<\/p>\n<p><strong>Aplicaci\u00f3n:<\/strong> Construcci\u00f3n, ingenier\u00eda, ferrocarril, escuela, hospital, metro, etc.<\/p>\n<p style=\"text-align: center;\"><span class=\"su-lightbox\" data-mfp-src=\"#Popup\" data-mfp-type=\"inline\" data-mobile=\"yes\"><button class=\"btn btn-danger btn-sm\" ><i class=\"fa fa-hand-o-right\" style=\"color:#ffffff;\"><\/i> Obtener presupuesto<\/button><\/span>\n<\/div>\n<\/div>\n<h2>\u00bfCu\u00e1l es la estructura del cable armado de 5 conductores de 10 mm?<\/h2>\n<p>En general, la construcci\u00f3n de 5 n\u00facleos <a href=\"https:\/\/huadongswacable.com\/es\/cable-blindado-de-10-mm-precio\/\" target=\"_blank\" rel=\"noopener noreferrer\">Cable swa de 10 mm<\/a> consta de cuatro componentes. Son el conductor, el aislamiento, el revestimiento interior y la cubierta. El conductor del cable blindado de 5 hilos es de cobre o aluminio. Es la parte m\u00e1s importante del cable armado de 5 conductores.<\/p>\n<div class=\"row prolisttable\">\n<div class=\"row\"><\/div>\n<div class=\"col-lg-4 col-md-12 col-xs-12 col-sm-12\">\n<img loading=\"lazy\" decoding=\"async\" class=\"aligncenter size-full wp-image-5094\" src=\"https:\/\/huadongswacable.com\/wp-content\/uploads\/2020\/12\/0.6-1kv-10mm-5-core-swa-cable-.jpg\" alt=\"0,6\/1kv 10mm 5 core swa tama\u00f1o del cable\" width=\"298\" height=\"294\" \/><\/div>\n<div class=\"col-lg-8 col-md-12 col-xs-12 col-sm-12\">\n<p><strong>Tensi\u00f3n:<\/strong> 0,6\/1KV<\/p>\n<p><strong>Tama\u00f1o:<\/strong> 4 mm, 6 mm, 10 mm, 16 mm, 25 mm, 35 mm, 50 mm, 70 mm, 95 mm, 120 mm, 185 mm, etc.<\/p>\n<p><strong>Blindado:<\/strong> SWA (Armadura de alambre de acero) \/ STA(Armadura de cinta de acero) \/ AWA (Armadura de alambre de aluminio)<\/p>\n<p><strong>Aislamiento:<\/strong> XLPE \/ PVC \/ LSF \/ Resistente al fuego<\/p>\n<p><strong>Est\u00e1ndar:<\/strong> IEC 60502, BS 7870, GB\/ T12706 u otras.<\/p>\n<p><strong>Embalaje:<\/strong>\u00a0Tambor de hierro o madera<\/p>\n<p style=\"text-align: center;\"><span class=\"su-lightbox\" data-mfp-src=\"#Popup\" data-mfp-type=\"inline\" data-mobile=\"yes\"><button class=\"btn btn-danger btn-sm\" ><i class=\"fa fa-hand-o-right\" style=\"color:#ffffff;\"><\/i> Obtener presupuesto<\/button><\/span>\n<\/div>\n<\/div>\n<p>El material de la capa de aislamiento es XLPE o PVC. El aislamiento de XLPE tiene mayor resistencia a la temperatura que el aislamiento de PVC. Adem\u00e1s, la excelente rigidez diel\u00e9ctrica del cable swa de 5 hilos mejora sus propiedades el\u00e9ctricas. La armadura de alambre de acero proporciona protecci\u00f3n mec\u00e1nica para permitir que el cable swa de 5 n\u00facleos soporte las tensiones mec\u00e1nicas. Si desea conocer m\u00e1s detalles sobre la estructura del cable swa de 5 n\u00facleos, p\u00f3ngase en contacto con nosotros.<\/p>\n<p><img loading=\"lazy\" decoding=\"async\" class=\"aligncenter size-full wp-image-5377\" src=\"https:\/\/huadongswacable.com\/wp-content\/uploads\/2021\/03\/get-best-25mm-5-core-armoured-cable-price.jpg\" alt=\"Obtenga el mejor precio de cable armado de 25 mm y 5 hilos\" width=\"800\" height=\"245\" srcset=\"https:\/\/huadongswacable.com\/wp-content\/uploads\/2021\/03\/get-best-25mm-5-core-armoured-cable-price.jpg 800w, https:\/\/huadongswacable.com\/wp-content\/uploads\/2021\/03\/get-best-25mm-5-core-armoured-cable-price-300x92.jpg 300w, https:\/\/huadongswacable.com\/wp-content\/uploads\/2021\/03\/get-best-25mm-5-core-armoured-cable-price-768x235.jpg 768w\" sizes=\"auto, (max-width: 800px) 100vw, 800px\" \/><\/p>\n<p style=\"text-align: center;\"><span class=\"su-lightbox\" data-mfp-src=\"#Popup\" data-mfp-type=\"inline\" data-mobile=\"yes\"><button class=\"btn btn-danger btn-sm\" ><i class=\"fa fa-hand-o-right\" style=\"color:#ffffff;\"><\/i> Obtener presupuesto<\/button><\/span>\n<h2>Huadong Group ofrece servicios personalizados de cable swa de 5 n\u00facleos.<\/h2>\n<p>Huadong produce una amplia gama de cables armados de alambre de acero de 5 conductores para su uso en aplicaciones de servicios p\u00fablicos. Suministramos cable armado de 5 n\u00facleos para su uso con una tensi\u00f3n de 0,6\/1kv cable de alimentaci\u00f3n de baja tensi\u00f3n a 35KV cable de media tensi\u00f3n. El material de aislamiento puede ser EPR, PVC, XLPE y HPTE. El conductor puede ser de cobre s\u00f3lido o trenzado, o de aluminio en triplex y qu\u00edntuple. El cable de alimentaci\u00f3n de 5 conductores puede ser blindado o no blindado. Seguiremos estrictamente las especificaciones del cable armado de 5 n\u00facleos que nos proporcione. En nuestra f\u00e1brica, podemos suministrar 10mm, 16mm, 25mm, 50mm, 70mm, 95mm, 120mm, 150mm, 185mm, 240mm, 300mm y otros tama\u00f1os.  \u00bfQu\u00e9 tipo de cable swa de 5 n\u00facleos necesita? Deje su mensaje ahora mismo para obtener su cotizaci\u00f3n, le responderemos tan pronto como sea posible.<\/p>\n<p><img loading=\"lazy\" decoding=\"async\" class=\"size-full aligncenter\" src=\"https:\/\/huadongswacable.com\/wp-content\/uploads\/2020\/08\/240mm-aluminium-sector-cable-price.jpg\" alt=\"5 core swa armoured cable manufacturer factory\" width=\"800\" height=\"414\" \/><\/p>\n<div class=\"su-lightbox-content su-u-trim\" id=\"Popup\" style=\"display:none;width:auto;min-width:50%;max-width:70%;margin-top:40px;margin-bottom:40px;padding:40px;background:#e8e5e5;color:#060473;box-shadow:0px 0px 15px #333333;text-align:left\"><div role=\"form\" class=\"wpcf7\" id=\"wpcf7-f5571-o1\" lang=\"en-US\" dir=\"ltr\">\n<div class=\"screen-reader-response\"><p role=\"status\" aria-live=\"polite\" aria-atomic=\"true\"><\/p> <ul><\/ul><\/div>\n<form action=\"\/es\/wp-json\/wp\/v2\/pages\/81#wpcf7-f5571-o1\" method=\"post\" class=\"wpcf7-form init\" novalidate=\"novalidate\" data-status=\"init\" data-trp-original-action=\"\/es\/wp-json\/wp\/v2\/pages\/81#wpcf7-f5571-o1\">\n<div style=\"display: none;\">\n<input type=\"hidden\" name=\"_wpcf7\" value=\"5571\" \/>\n<input type=\"hidden\" name=\"_wpcf7_version\" value=\"5.5.6\" \/>\n<input type=\"hidden\" name=\"_wpcf7_locale\" value=\"en_US\" \/>\n<input type=\"hidden\" name=\"_wpcf7_unit_tag\" value=\"wpcf7-f5571-o1\" \/>\n<input type=\"hidden\" name=\"_wpcf7_container_post\" value=\"0\" \/>\n<input type=\"hidden\" name=\"_wpcf7_posted_data_hash\" value=\"\" \/>\n<\/div>\n<div class=\"popmakerform\">\n<p>Su nombre <span style=\"color:red;\">*<span><br \/>\n<span class=\"wpcf7-form-control-wrap your-name\"><input type=\"text\" name=\"your-name\" value=\"\" size=\"40\" class=\"wpcf7-form-control wpcf7-text wpcf7-validates-as-required\" aria-required=\"true\" aria-invalid=\"false\" \/><\/span><\/p>\n<p>Su correo electr\u00f3nico <span style=\"color:red;\">*<span><br \/>\n<span class=\"wpcf7-form-control-wrap your-email\"><input type=\"email\" name=\"your-email\" value=\"\" size=\"40\" class=\"wpcf7-form-control wpcf7-text wpcf7-email wpcf7-validates-as-required wpcf7-validates-as-email\" aria-required=\"true\" aria-invalid=\"false\" \/><\/span><\/p>\n<p>Su n\u00famero de tel\u00e9fono<br \/>\n<span class=\"wpcf7-form-control-wrap your-phone\"><input type=\"text\" name=\"your-phone\" value=\"\" size=\"40\" class=\"wpcf7-form-control wpcf7-text\" aria-invalid=\"false\" \/><\/span><\/p>\n<p>Su pa\u00eds<br \/>\n<span class=\"wpcf7-form-control-wrap your-country\"><input type=\"text\" name=\"your-country\" value=\"\" size=\"40\" class=\"wpcf7-form-control wpcf7-text\" aria-invalid=\"false\" \/><\/span><\/p>\n<p>Requisitos detallados <span style=\"color:red;\">*<span><br \/>\n<span class=\"wpcf7-form-control-wrap your-requirement\"><textarea name=\"your-requirement\" cols=\"40\" rows=\"4\" class=\"wpcf7-form-control wpcf7-textarea wpcf7-validates-as-required\" aria-required=\"true\" aria-invalid=\"false\"><\/textarea><\/span><\/p>\n<p><input type=\"submit\" value=\"Obtener presupuesto\" class=\"wpcf7-form-control has-spinner wpcf7-submit\" \/><\/p>\n<\/div>\n<p style=\"display: none !important;\"><label>&#916;<textarea name=\"_wpcf7_ak_hp_textarea\" cols=\"45\" rows=\"8\" maxlength=\"100\"><\/textarea><\/label><input type=\"hidden\" id=\"ak_js_1\" name=\"_wpcf7_ak_js\" value=\"90\"\/><script>document.getElementById( \"ak_js_1\" ).setAttribute( \"value\", ( new Date() ).getTime() );<\/script><\/p><input type='hidden' class='wpcf7-pum' value='{\"closepopup\":false,\"closedelay\":0,\"openpopup\":false,\"openpopup_id\":0}' \/><div class=\"wpcf7-response-output\" aria-hidden=\"true\"><\/div><input type=\"hidden\" name=\"trp-form-language\" value=\"es\"\/><\/form><\/div><\/div>\n<h3>No dude en indicarnos sus necesidades. Le contestaremos en el plazo de 12 horas.<\/h3>\n<p><strong>Correo electr\u00f3nico: <a href=\"mailto:info@huadongswacable.com\" rel=\"nofollow\">info@huadongswacable.com<\/a><\/strong><\/p>\n<div role=\"form\" class=\"wpcf7\" id=\"wpcf7-f6-o2\" lang=\"en-US\" dir=\"ltr\">\n<div class=\"screen-reader-response\"><p role=\"status\" aria-live=\"polite\" aria-atomic=\"true\"><\/p> <ul><\/ul><\/div>\n<form action=\"\/es\/wp-json\/wp\/v2\/pages\/81#wpcf7-f6-o2\" method=\"post\" class=\"wpcf7-form init\" novalidate=\"novalidate\" data-status=\"init\" data-trp-original-action=\"\/es\/wp-json\/wp\/v2\/pages\/81#wpcf7-f6-o2\">\n<div style=\"display: none;\">\n<input type=\"hidden\" name=\"_wpcf7\" value=\"6\" \/>\n<input type=\"hidden\" name=\"_wpcf7_version\" value=\"5.5.6\" \/>\n<input type=\"hidden\" name=\"_wpcf7_locale\" value=\"en_US\" \/>\n<input type=\"hidden\" name=\"_wpcf7_unit_tag\" value=\"wpcf7-f6-o2\" \/>\n<input type=\"hidden\" name=\"_wpcf7_container_post\" value=\"0\" \/>\n<input type=\"hidden\" name=\"_wpcf7_posted_data_hash\" value=\"\" \/>\n<\/div>\n<div class=\"messageform\">\n<p><strong><span style=\"color:red;\"><\/span> Su nombre<\/strong><br \/>\n    <span class=\"wpcf7-form-control-wrap your-name\"><input type=\"text\" name=\"your-name\" value=\"\" size=\"40\" class=\"wpcf7-form-control wpcf7-text\" aria-invalid=\"false\" \/><\/span> <\/p>\n<p><strong><span style=\"color:red;\">*<\/span> Su correo electr\u00f3nico<\/strong><br \/>\n    <span class=\"wpcf7-form-control-wrap your-email\"><input type=\"email\" name=\"your-email\" value=\"\" size=\"40\" class=\"wpcf7-form-control wpcf7-text wpcf7-email wpcf7-validates-as-required wpcf7-validates-as-email\" aria-required=\"true\" aria-invalid=\"false\" \/><\/span> <\/p>\n<p><strong>Su n\u00famero de tel\u00e9fono<\/strong><br \/>\n    <span class=\"wpcf7-form-control-wrap your-phone\"><input type=\"text\" name=\"your-phone\" value=\"\" size=\"40\" class=\"wpcf7-form-control wpcf7-text\" aria-invalid=\"false\" placeholder=\"Incluya el prefijo\" \/><\/span> <\/p>\n<p><strong>Su pa\u00eds<\/strong><br \/>\n    <span class=\"wpcf7-form-control-wrap your-country\"><input type=\"text\" name=\"your-country\" value=\"\" size=\"40\" class=\"wpcf7-form-control wpcf7-text\" aria-invalid=\"false\" \/><\/span> <\/p>\n<p><strong><span style=\"color:red;\">*<\/span> Sus requisitos<\/strong><br \/>\n    <span class=\"wpcf7-form-control-wrap your-requirement\"><textarea name=\"your-requirement\" cols=\"40\" rows=\"10\" class=\"wpcf7-form-control wpcf7-textarea wpcf7-validates-as-required bestonmessage\" aria-required=\"true\" aria-invalid=\"false\" placeholder=\"Para obtener un presupuesto detallado, env\u00edenos sus requisitos.\"><\/textarea><\/span> <\/p>\n<p><input type=\"submit\" value=\"Enviar mensaje\" class=\"wpcf7-form-control has-spinner wpcf7-submit\" \/><\/p>\n<\/div>\n<p style=\"display: none !important;\"><label>&#916;<textarea name=\"_wpcf7_ak_hp_textarea\" cols=\"45\" rows=\"8\" maxlength=\"100\"><\/textarea><\/label><input type=\"hidden\" id=\"ak_js_2\" name=\"_wpcf7_ak_js\" value=\"149\"\/><script>document.getElementById( \"ak_js_2\" ).setAttribute( \"value\", ( new Date() ).getTime() );<\/script><\/p><input type='hidden' class='wpcf7-pum' value='{\"closepopup\":false,\"closedelay\":0,\"openpopup\":false,\"openpopup_id\":0}' \/><div class=\"wpcf7-response-output\" aria-hidden=\"true\"><\/div><input type=\"hidden\" name=\"trp-form-language\" value=\"es\"\/><\/form><\/div>","protected":false},"excerpt":{"rendered":"<p>Por favor, env\u00edenos su consulta 16mm 5 n\u00facleo cable de alimentaci\u00f3n blindado lista y cantidad de la orden. Nuestro gerente de ventas le enviar\u00e1 nuestros documentos de oferta dentro de 12 horas. Cable blindado de 5 n\u00facleos de Huadong Group Huadong Cable Group es un fabricante l\u00edder de cable blindado de 5 n\u00facleos. Proporcionamos cable blindado de baja tensi\u00f3n y ... <a class=\"read-more\" href=\"https:\/\/huadongswacable.com\/es\/personalizacion-de-cables-blindados-de-5-nucleos\/\">Leer m\u00e1s...<\/a><\/p>","protected":false},"author":1,"featured_media":0,"parent":0,"menu_order":0,"comment_status":"closed","ping_status":"closed","template":"","meta":{"footnotes":""},"class_list":["post-81","page","type-page","status-publish"],"yoast_head":"<!-- This site is optimized with the Yoast SEO plugin v18.4.1 - https:\/\/yoast.com\/wordpress\/plugins\/seo\/ -->\n<title>6mm 10mm 16mm 25mm 35mm 5 Core Armoured Cable-HDC SWA Cable<\/title>\n<meta name=\"description\" content=\"Best 6mm 10mm 16mm 25mm 35mm 5 core armoured cable for sale. As a 5 core swa cable supplier, we can give you cheap 5 core swa cable price .\" \/>\n<meta name=\"robots\" content=\"index, follow, max-snippet:-1, max-image-preview:large, max-video-preview:-1\" \/>\n<link rel=\"canonical\" href=\"http:\/\/huadongswacable.com\/es\/5-core-armoured-cable-customization\/\" \/>\n<meta property=\"og:locale\" content=\"es_ES\" \/>\n<meta property=\"og:type\" content=\"article\" \/>\n<meta property=\"og:title\" content=\"6mm 10mm 16mm 25mm 35mm 5 Core Armoured Cable-HDC SWA Cable\" \/>\n<meta property=\"og:description\" content=\"Best 6mm 10mm 16mm 25mm 35mm 5 core armoured cable for sale. As a 5 core swa cable supplier, we can give you cheap 5 core swa cable price .\" \/>\n<meta property=\"og:url\" content=\"http:\/\/huadongswacable.com\/es\/5-core-armoured-cable-customization\/\" \/>\n<meta property=\"og:site_name\" content=\"Huadong SWA Cable\" \/>\n<meta property=\"article:modified_time\" content=\"2022-12-19T06:37:02+00:00\" \/>\n<meta property=\"og:image\" content=\"https:\/\/huadongswacable.com\/wp-content\/uploads\/2020\/12\/25mm-5-core-swa-cable-specification.jpg\" \/>\n<meta name=\"twitter:card\" content=\"summary_large_image\" \/>\n<meta name=\"twitter:label1\" content=\"Tiempo de lectura\" \/>\n\t<meta name=\"twitter:data1\" content=\"4 minutos\" \/>\n<script type=\"application\/ld+json\" class=\"yoast-schema-graph\">{\"@context\":\"https:\/\/schema.org\",\"@graph\":[{\"@type\":\"WebSite\",\"@id\":\"http:\/\/huadongswacable.com\/ru\/#website\",\"url\":\"http:\/\/huadongswacable.com\/ru\/\",\"name\":\"Huadong SWA Cable\",\"description\":\"Huadong SWA Cable\",\"potentialAction\":[{\"@type\":\"SearchAction\",\"target\":{\"@type\":\"EntryPoint\",\"urlTemplate\":\"http:\/\/huadongswacable.com\/ru\/?s={search_term_string}\"},\"query-input\":\"required name=search_term_string\"}],\"inLanguage\":\"es\"},{\"@type\":\"ImageObject\",\"@id\":\"http:\/\/huadongswacable.com\/es\/5-core-armoured-cable-customization\/#primaryimage\",\"inLanguage\":\"es\",\"url\":\"https:\/\/huadongswacable.com\/wp-content\/uploads\/2020\/12\/25mm-5-core-swa-cable-specification.jpg\",\"contentUrl\":\"https:\/\/huadongswacable.com\/wp-content\/uploads\/2020\/12\/25mm-5-core-swa-cable-specification.jpg\",\"width\":750,\"height\":214,\"caption\":\"25mm 5 core swa cable specification\"},{\"@type\":\"WebPage\",\"@id\":\"http:\/\/huadongswacable.com\/es\/5-core-armoured-cable-customization\/#webpage\",\"url\":\"http:\/\/huadongswacable.com\/es\/5-core-armoured-cable-customization\/\",\"name\":\"6mm 10mm 16mm 25mm 35mm 5 Core Armoured Cable-HDC SWA Cable\",\"isPartOf\":{\"@id\":\"http:\/\/huadongswacable.com\/ru\/#website\"},\"primaryImageOfPage\":{\"@id\":\"http:\/\/huadongswacable.com\/es\/5-core-armoured-cable-customization\/#primaryimage\"},\"datePublished\":\"2018-03-08T04:01:33+00:00\",\"dateModified\":\"2022-12-19T06:37:02+00:00\",\"description\":\"Best 6mm 10mm 16mm 25mm 35mm 5 core armoured cable for sale. As a 5 core swa cable supplier, we can give you cheap 5 core swa cable price .\",\"breadcrumb\":{\"@id\":\"http:\/\/huadongswacable.com\/es\/5-core-armoured-cable-customization\/#breadcrumb\"},\"inLanguage\":\"es\",\"potentialAction\":[{\"@type\":\"ReadAction\",\"target\":[\"http:\/\/huadongswacable.com\/es\/5-core-armoured-cable-customization\/\"]}]},{\"@type\":\"BreadcrumbList\",\"@id\":\"http:\/\/huadongswacable.com\/es\/5-core-armoured-cable-customization\/#breadcrumb\",\"itemListElement\":[{\"@type\":\"ListItem\",\"position\":1,\"name\":\"Home\",\"item\":\"http:\/\/huadongswacable.com\/ru\/\"},{\"@type\":\"ListItem\",\"position\":2,\"name\":\"6mm 10mm 16mm 25mm 35mm 5 Core Armoured Cable Customization\"}]}]}<\/script>\n<!-- \/ Yoast SEO plugin. -->","yoast_head_json":{"title":"6mm 10mm 16mm 25mm 35mm 5 Core Armoured Cable-HDC SWA Cable","description":"Best 6mm 10mm 16mm 25mm 35mm 5 core armoured cable for sale. As a 5 core swa cable supplier, we can give you cheap 5 core swa cable price .","robots":{"index":"index","follow":"follow","max-snippet":"max-snippet:-1","max-image-preview":"max-image-preview:large","max-video-preview":"max-video-preview:-1"},"canonical":"http:\/\/huadongswacable.com\/es\/5-core-armoured-cable-customization\/","og_locale":"es_ES","og_type":"article","og_title":"6mm 10mm 16mm 25mm 35mm 5 Core Armoured Cable-HDC SWA Cable","og_description":"Best 6mm 10mm 16mm 25mm 35mm 5 core armoured cable for sale. As a 5 core swa cable supplier, we can give you cheap 5 core swa cable price .","og_url":"http:\/\/huadongswacable.com\/es\/5-core-armoured-cable-customization\/","og_site_name":"Huadong SWA Cable","article_modified_time":"2022-12-19T06:37:02+00:00","og_image":[{"url":"https:\/\/huadongswacable.com\/wp-content\/uploads\/2020\/12\/25mm-5-core-swa-cable-specification.jpg"}],"twitter_card":"summary_large_image","twitter_misc":{"Tiempo de lectura":"4 minutos"},"schema":{"@context":"https:\/\/schema.org","@graph":[{"@type":"WebSite","@id":"http:\/\/huadongswacable.com\/ru\/#website","url":"http:\/\/huadongswacable.com\/ru\/","name":"Huadong SWA Cable","description":"Huadong SWA Cable","potentialAction":[{"@type":"SearchAction","target":{"@type":"EntryPoint","urlTemplate":"http:\/\/huadongswacable.com\/ru\/?s={search_term_string}"},"query-input":"required name=search_term_string"}],"inLanguage":"es"},{"@type":"ImageObject","@id":"http:\/\/huadongswacable.com\/es\/5-core-armoured-cable-customization\/#primaryimage","inLanguage":"es","url":"https:\/\/huadongswacable.com\/wp-content\/uploads\/2020\/12\/25mm-5-core-swa-cable-specification.jpg","contentUrl":"https:\/\/huadongswacable.com\/wp-content\/uploads\/2020\/12\/25mm-5-core-swa-cable-specification.jpg","width":750,"height":214,"caption":"25mm 5 core swa cable specification"},{"@type":"WebPage","@id":"http:\/\/huadongswacable.com\/es\/5-core-armoured-cable-customization\/#webpage","url":"http:\/\/huadongswacable.com\/es\/5-core-armoured-cable-customization\/","name":"6mm 10mm 16mm 25mm 35mm 5 Core Armoured Cable-HDC SWA Cable","isPartOf":{"@id":"http:\/\/huadongswacable.com\/ru\/#website"},"primaryImageOfPage":{"@id":"http:\/\/huadongswacable.com\/es\/5-core-armoured-cable-customization\/#primaryimage"},"datePublished":"2018-03-08T04:01:33+00:00","dateModified":"2022-12-19T06:37:02+00:00","description":"Best 6mm 10mm 16mm 25mm 35mm 5 core armoured cable for sale. As a 5 core swa cable supplier, we can give you cheap 5 core swa cable price .","breadcrumb":{"@id":"http:\/\/huadongswacable.com\/es\/5-core-armoured-cable-customization\/#breadcrumb"},"inLanguage":"es","potentialAction":[{"@type":"ReadAction","target":["http:\/\/huadongswacable.com\/es\/5-core-armoured-cable-customization\/"]}]},{"@type":"BreadcrumbList","@id":"http:\/\/huadongswacable.com\/es\/5-core-armoured-cable-customization\/#breadcrumb","itemListElement":[{"@type":"ListItem","position":1,"name":"Home","item":"http:\/\/huadongswacable.com\/ru\/"},{"@type":"ListItem","position":2,"name":"6mm 10mm 16mm 25mm 35mm 5 Core Armoured Cable Customization"}]}]}},"_links":{"self":[{"href":"https:\/\/huadongswacable.com\/es\/wp-json\/wp\/v2\/pages\/81","targetHints":{"allow":["GET"]}}],"collection":[{"href":"https:\/\/huadongswacable.com\/es\/wp-json\/wp\/v2\/pages"}],"about":[{"href":"https:\/\/huadongswacable.com\/es\/wp-json\/wp\/v2\/types\/page"}],"author":[{"embeddable":true,"href":"https:\/\/huadongswacable.com\/es\/wp-json\/wp\/v2\/users\/1"}],"replies":[{"embeddable":true,"href":"https:\/\/huadongswacable.com\/es\/wp-json\/wp\/v2\/comments?post=81"}],"version-history":[{"count":40,"href":"https:\/\/huadongswacable.com\/es\/wp-json\/wp\/v2\/pages\/81\/revisions"}],"predecessor-version":[{"id":7772,"href":"https:\/\/huadongswacable.com\/es\/wp-json\/wp\/v2\/pages\/81\/revisions\/7772"}],"wp:attachment":[{"href":"https:\/\/huadongswacable.com\/es\/wp-json\/wp\/v2\/media?parent=81"}],"curies":[{"name":"wp","href":"https:\/\/api.w.org\/{rel}","templated":true}]}}