{"id":790,"date":"2018-04-20T11:46:06","date_gmt":"2018-04-20T03:46:06","guid":{"rendered":"http:\/\/huadongswacable.com\/?page_id=790"},"modified":"2022-12-19T15:30:12","modified_gmt":"2022-12-19T07:30:12","slug":"pvc-coated-mc-cable","status":"publish","type":"page","link":"https:\/\/huadongswacable.com\/es\/pvc-coated-mc-cable\/","title":{"rendered":"8\/3 10\/2 10\/3 12\/2 12\/3 12\/4 Proveedor de cables MC recubiertos de PVC"},"content":{"rendered":"<h2>Comprar cable MC recubierto de PVC de Huadong<\/h2>\n<p>El cable MC recubierto de PVC es un cable blindado de aleaci\u00f3n de aluminio con cubierta de PVC. Si s\u00f3lo necesita cable MC con cubierta de PVC, elija Huadong Cable Group. Huadong Cable Group es uno de los principales fabricantes de cables MC de PVC de calibre 12 y 3 conductores de China. Nos especializamos en la producci\u00f3n de diversos tipos de cables, especialmente el cable MC con cubierta de PVC. En comparaci\u00f3n con otros fabricantes de cable MC con cubierta de PVC, tenemos muchas ventajas que vale la pena elegir para usted.<\/p>\n<div class=\"row prolisttable\">\n<div class=\"col-lg-12 col-md-12 col-xs-12 col-sm-12\">\n<table>\n<tbody>\n<tr>\n<td><img loading=\"lazy\" decoding=\"async\" class=\"aligncenter wp-image-795 size-full\" src=\"https:\/\/huadongswacable.com\/wp-content\/uploads\/2018\/04\/pvc-jacketed-mc-cable-quotation.jpg\" alt=\"presupuesto cable mc 12\/2 con cubierta de pvc\" width=\"180\" height=\"304\" srcset=\"https:\/\/huadongswacable.com\/wp-content\/uploads\/2018\/04\/pvc-jacketed-mc-cable-quotation.jpg 180w, https:\/\/huadongswacable.com\/wp-content\/uploads\/2018\/04\/pvc-jacketed-mc-cable-quotation-178x300.jpg 178w\" sizes=\"auto, (max-width: 180px) 100vw, 180px\" \/><\/td>\n<td><strong>Conductores:<\/strong> Cobre o aluminio macizo o trenzado<\/p>\n<p><strong>N\u00facleos No:<\/strong> Individual\/dos\/tres\/cuatro<\/p>\n<p><strong>Capa de armadura:<\/strong> Armadura entrelazada de aleaci\u00f3n de aluminio<\/p>\n<p><strong>Chaqueta exterior: <\/strong>Cloruro de polivinilo (PVC)<\/p>\n<p><strong>Tensi\u00f3n:<\/strong> 600V, 1KV, 5KV, 15KV u otros<\/p>\n<p><strong>Temperatura m\u00e1xima:<\/strong> -40\u00b0C a 90\u00b0C<\/td>\n<\/tr>\n<\/tbody>\n<\/table>\n<\/div>\n<\/div>\n<p>Podemos garantizar que nuestra empresa tiene la m\u00e1s competitiva 12\/2 PVC recubierto de cable MC precio y <a href=\"https:\/\/huadongswacable.com\/es\/cable-teck-90-de-alta-calidad-y-bajo-precio\/\" target=\"_blank\" rel=\"noopener noreferrer\">Precio del cable Teck90<\/a> para la misma calidad de cable MC recubierto de PVC. El mismo calibre 12 3 conductores recubiertos de PVC MC precio del cable, nuestro PVC MC cable con camisa de calidad es la mejor. Al mismo tiempo, si usted necesita una gran cantidad de 12\/3 PVC MC cable, le daremos un descuento 12\/2 PVC cable MC con recubrimiento precio. Ahora deje su mensaje y p\u00f3ngase en contacto con nosotros.<\/p>\n<p style=\"text-align: center;\"><span class=\"su-lightbox\" data-mfp-src=\"#Popup\" data-mfp-type=\"inline\" data-mobile=\"yes\"><button class=\"btn btn-danger btn-sm\" ><i class=\"fa fa-hand-o-right\" style=\"color:#ffffff;\"><\/i> Obtener presupuesto<\/button><\/span>\n<h2>Obtenga el mejor precio de 12\/2 PVC jacketed MC cable<\/h2>\n<p>La raz\u00f3n por la que el cable MC de PVC es popular es que tiene excelentes ventajas de rendimiento. En primer lugar, la capa de armadura del cable MC con cubierta de PVC 12\/2 es una armadura entrelazada de aleaci\u00f3n de aluminio, muy ligera. Adem\u00e1s, el cable MC con cubierta de PVC es m\u00e1s f\u00e1cil de instalar que el cable con armadura de alambre de acero. Adem\u00e1s, la resistencia del cable MC con cubierta de PVC 12\/3 es casi la misma que la del cable blindado de alambre de acero. El cable MC recubierto de PVC no s\u00f3lo es adecuado para entornos secos, sino tambi\u00e9n para entornos h\u00famedos. El cable MC recubierto de PVC de 3 conductores tiene una amplia gama de aplicaciones. Si desea obtener m\u00e1s informaci\u00f3n, no dude en ponerse en contacto con nosotros. <img loading=\"lazy\" decoding=\"async\" class=\"aligncenter size-full wp-image-6441\" src=\"https:\/\/huadongswacable.com\/wp-content\/uploads\/2021\/10\/600v-12-3-conductor-copper-pvc-coated-mc-cable-price-list-Canada.jpg\" alt=\"600v 12-3 conductor cobre pvc recubierto mc cable lista de precios Canad\u00e1\" width=\"800\" height=\"150\" srcset=\"https:\/\/huadongswacable.com\/wp-content\/uploads\/2021\/10\/600v-12-3-conductor-copper-pvc-coated-mc-cable-price-list-Canada.jpg 800w, https:\/\/huadongswacable.com\/wp-content\/uploads\/2021\/10\/600v-12-3-conductor-copper-pvc-coated-mc-cable-price-list-Canada-300x56.jpg 300w, https:\/\/huadongswacable.com\/wp-content\/uploads\/2021\/10\/600v-12-3-conductor-copper-pvc-coated-mc-cable-price-list-Canada-768x144.jpg 768w\" sizes=\"auto, (max-width: 800px) 100vw, 800px\" \/><\/p>\n<p>El uso de cable MC recubierto de PVC 10\/2 tambi\u00e9n ahorra el coste de colocaci\u00f3n de tuber\u00edas o zanjas. Esta es una ventaja del cable MC con cubierta de PVC que no se puede ignorar. Usted puede ahorrar mucho de 8\/3 PVC recubierto de cable MC si usted compra Huadong PVC cable MC recubierto. Si usted tiene alguna otra pregunta, por favor no dude en contactar con nosotros. Bienvenido a visitar nuestra f\u00e1brica de cable MC con cubierta de PVC 10\/2. Sinceramente esperamos su consulta. Espero que podamos tener una cooperaci\u00f3n agradable en el pr\u00f3ximo tiempo.<\/p>\n<p style=\"text-align: center;\"><span class=\"su-lightbox\" data-mfp-src=\"#Popup\" data-mfp-type=\"inline\" data-mobile=\"yes\"><button class=\"btn btn-danger btn-sm\" ><i class=\"fa fa-hand-o-right\" style=\"color:#ffffff;\"><\/i> Obtener presupuesto<\/button><\/span>\n<h2>Aplicaciones de cable armado entrelazado de aleaci\u00f3n de aluminio 12\/3<\/h2>\n<p>- Aplicaciones de enterramiento directo, instalaci\u00f3n en hormig\u00f3n y en lugares expuestos a rellenos de ceniza, cloruros fuertes,<br \/>\n\u00e1lcalis c\u00e1usticos, o vapores de cloro o de \u00e1cidos clorh\u00eddricos.<br \/>\n- Distribuci\u00f3n de energ\u00eda en ramales, alimentadores y servicios en instalaciones comerciales, industriales, institucionales y de servicios.<br \/>\nedificios multirresidenciales.<br \/>\n- Pescado o empotrado en yeso.<br \/>\n- Instalaciones ocultas o expuestas<br \/>\n- Como cable a\u00e9reo en un mensajero.<br \/>\n- Instalaci\u00f3n en bandeja portacables y canalizaciones homologadas.<br \/>\n- Clase I Div. 2, Clase II Div 2 y Clase III Div. 1 Ubicaciones peligrosas.<\/p>\n<p><img loading=\"lazy\" decoding=\"async\" class=\"aligncenter wp-image-800\" src=\"https:\/\/huadongswacable.com\/wp-content\/uploads\/2018\/04\/China-Huadong-low-pvc-coated-mc-cable-price.jpg\" alt=\"China Huadong bajo 12 \/4 pvc recubierto mc cable precio\" width=\"559\" height=\"280\" srcset=\"https:\/\/huadongswacable.com\/wp-content\/uploads\/2018\/04\/China-Huadong-low-pvc-coated-mc-cable-price.jpg 733w, https:\/\/huadongswacable.com\/wp-content\/uploads\/2018\/04\/China-Huadong-low-pvc-coated-mc-cable-price-300x150.jpg 300w\" sizes=\"auto, (max-width: 559px) 100vw, 559px\" \/><\/p>\n<p style=\"text-align: center;\"><span class=\"su-lightbox\" data-mfp-src=\"#Popup\" data-mfp-type=\"inline\" data-mobile=\"yes\"><button class=\"btn btn-danger btn-sm\" ><i class=\"fa fa-hand-o-right\" style=\"color:#ffffff;\"><\/i> Obtener presupuesto<\/button><\/span>\n<h2>\u00bfQu\u00e9 hay de la f\u00e1brica de cables MC 10\/2 recubiertos de PVC?<\/h2>\n<p>Siendo uno de los mayores fabricantes de cable MC con cubierta de PVC, suministramos gran cantidad de cable blindado entrelazado de aleaci\u00f3n de aluminio para nuestros clientes, como el cable teck90, <a href=\"https:\/\/huadongswacable.com\/es\/bajo-precio-acwu-cable\/\" target=\"_blank\" rel=\"noopener noreferrer\">acwu aia cable<\/a>. Por un lado, elegimos aluminio y cobre de calidad superior como conductor del cable MC con cubierta de PVC de calibre 10\/2. Por otro lado, el precio de nuestro cable MC con cubierta de PVC de calibre 12 es muy razonable. Lo que es m\u00e1s, nuestro calibre 12 PVC con camisa MC precio del cable es muy razonable. Porque somos proveedores directos de 3 conductores de cable MC con cubierta de PVC. Adem\u00e1s, hemos exportado nuestra aleaci\u00f3n de aluminio 10\/2 cable blindado entrelazado a muchos pa\u00edses. As\u00ed que usted puede encontrar nuestro 12 \/ 2 de PVC recubierto MC precio del cable son diferentes de PVC con camisa MC precio del cable en Canad\u00e1.<\/p>\n<p><img loading=\"lazy\" decoding=\"async\" width=\"751\" height=\"295\" class=\"wp-image-805 aligncenter\" src=\"https:\/\/huadongswacable.com\/wp-content\/uploads\/2018\/04\/Huadong-PVC-Coated-MC-Cable-Stock.jpg\" alt=\"&quot;Huadong\" srcset=\"https:\/\/huadongswacable.com\/wp-content\/uploads\/2018\/04\/Huadong-PVC-Coated-MC-Cable-Stock.jpg 751w, https:\/\/huadongswacable.com\/wp-content\/uploads\/2018\/04\/Huadong-PVC-Coated-MC-Cable-Stock-300x118.jpg 300w\" sizes=\"auto, (max-width: 751px) 100vw, 751px\" \/><\/p>\n<p>Adem\u00e1s del cable MC con cubierta de PVC de 3 conductores y calibre 12, tambi\u00e9n disponemos de <a href=\"https:\/\/huadongswacable.com\/es\/estructura-de-cable-blindado-de-16-mm\/\" target=\"_blank\" rel=\"noopener noreferrer\">otro tipo de cable armado<\/a> para la venta. As\u00ed que usted puede decirnos los tama\u00f1os de cable MC recubierto de PVC y la cantidad que necesita. Nuestro gerente suministrar\u00e1 10\/3 PVC con forro MC precio del cable para <span class=\"VIiyi\" lang=\"en\"><span class=\"JLqJ4b ChMk0b\" data-language-for-alternatives=\"en\" data-language-to-translate-into=\"zh-CN\" data-phrase-index=\"0\">Alemania, Canad\u00e1 Am\u00e9rica, Tailandia u otros pa\u00edses.<\/span><\/span><\/p>\n<div class=\"su-lightbox-content su-u-trim\" id=\"Popup\" style=\"display:none;width:auto;min-width:50%;max-width:70%;margin-top:40px;margin-bottom:40px;padding:40px;background:#e8e5e5;color:#060473;box-shadow:0px 0px 15px #333333;text-align:left\"><div role=\"form\" class=\"wpcf7\" id=\"wpcf7-f5571-o1\" lang=\"en-US\" dir=\"ltr\">\n<div class=\"screen-reader-response\"><p role=\"status\" aria-live=\"polite\" aria-atomic=\"true\"><\/p> <ul><\/ul><\/div>\n<form action=\"\/es\/wp-json\/wp\/v2\/pages\/790#wpcf7-f5571-o1\" method=\"post\" class=\"wpcf7-form init\" novalidate=\"novalidate\" data-status=\"init\" data-trp-original-action=\"\/es\/wp-json\/wp\/v2\/pages\/790#wpcf7-f5571-o1\">\n<div style=\"display: none;\">\n<input type=\"hidden\" name=\"_wpcf7\" value=\"5571\" \/>\n<input type=\"hidden\" name=\"_wpcf7_version\" value=\"5.5.6\" \/>\n<input type=\"hidden\" name=\"_wpcf7_locale\" value=\"en_US\" \/>\n<input type=\"hidden\" name=\"_wpcf7_unit_tag\" value=\"wpcf7-f5571-o1\" \/>\n<input type=\"hidden\" name=\"_wpcf7_container_post\" value=\"0\" \/>\n<input type=\"hidden\" name=\"_wpcf7_posted_data_hash\" value=\"\" \/>\n<\/div>\n<div class=\"popmakerform\">\n<p>Su nombre <span style=\"color:red;\">*<span><br \/>\n<span class=\"wpcf7-form-control-wrap your-name\"><input type=\"text\" name=\"your-name\" value=\"\" size=\"40\" class=\"wpcf7-form-control wpcf7-text wpcf7-validates-as-required\" aria-required=\"true\" aria-invalid=\"false\" \/><\/span><\/p>\n<p>Su correo electr\u00f3nico <span style=\"color:red;\">*<span><br \/>\n<span class=\"wpcf7-form-control-wrap your-email\"><input type=\"email\" name=\"your-email\" value=\"\" size=\"40\" class=\"wpcf7-form-control wpcf7-text wpcf7-email wpcf7-validates-as-required wpcf7-validates-as-email\" aria-required=\"true\" aria-invalid=\"false\" \/><\/span><\/p>\n<p>Su n\u00famero de tel\u00e9fono<br \/>\n<span class=\"wpcf7-form-control-wrap your-phone\"><input type=\"text\" name=\"your-phone\" value=\"\" size=\"40\" class=\"wpcf7-form-control wpcf7-text\" aria-invalid=\"false\" \/><\/span><\/p>\n<p>Su pa\u00eds<br \/>\n<span class=\"wpcf7-form-control-wrap your-country\"><input type=\"text\" name=\"your-country\" value=\"\" size=\"40\" class=\"wpcf7-form-control wpcf7-text\" aria-invalid=\"false\" \/><\/span><\/p>\n<p>Requisitos detallados <span style=\"color:red;\">*<span><br \/>\n<span class=\"wpcf7-form-control-wrap your-requirement\"><textarea name=\"your-requirement\" cols=\"40\" rows=\"4\" class=\"wpcf7-form-control wpcf7-textarea wpcf7-validates-as-required\" aria-required=\"true\" aria-invalid=\"false\"><\/textarea><\/span><\/p>\n<p><input type=\"submit\" value=\"Obtener presupuesto\" class=\"wpcf7-form-control has-spinner wpcf7-submit\" \/><\/p>\n<\/div>\n<p style=\"display: none !important;\"><label>&#916;<textarea name=\"_wpcf7_ak_hp_textarea\" cols=\"45\" rows=\"8\" maxlength=\"100\"><\/textarea><\/label><input type=\"hidden\" id=\"ak_js_1\" name=\"_wpcf7_ak_js\" value=\"25\"\/><script>document.getElementById( \"ak_js_1\" ).setAttribute( \"value\", ( new Date() ).getTime() );<\/script><\/p><input type='hidden' class='wpcf7-pum' value='{\"closepopup\":false,\"closedelay\":0,\"openpopup\":false,\"openpopup_id\":0}' \/><div class=\"wpcf7-response-output\" aria-hidden=\"true\"><\/div><input type=\"hidden\" name=\"trp-form-language\" value=\"es\"\/><\/form><\/div><\/div>\n<h3>No dude en indicarnos sus necesidades. Le contestaremos en el plazo de 12 horas.<\/h3>\n<p><strong>Correo electr\u00f3nico: <a href=\"mailto:info@huadongswacable.com\" rel=\"nofollow\">info@huadongswacable.com<\/a><\/strong><\/p>\n<div role=\"form\" class=\"wpcf7\" id=\"wpcf7-f6-o2\" lang=\"en-US\" dir=\"ltr\">\n<div class=\"screen-reader-response\"><p role=\"status\" aria-live=\"polite\" aria-atomic=\"true\"><\/p> <ul><\/ul><\/div>\n<form action=\"\/es\/wp-json\/wp\/v2\/pages\/790#wpcf7-f6-o2\" method=\"post\" class=\"wpcf7-form init\" novalidate=\"novalidate\" data-status=\"init\" data-trp-original-action=\"\/es\/wp-json\/wp\/v2\/pages\/790#wpcf7-f6-o2\">\n<div style=\"display: none;\">\n<input type=\"hidden\" name=\"_wpcf7\" value=\"6\" \/>\n<input type=\"hidden\" name=\"_wpcf7_version\" value=\"5.5.6\" \/>\n<input type=\"hidden\" name=\"_wpcf7_locale\" value=\"en_US\" \/>\n<input type=\"hidden\" name=\"_wpcf7_unit_tag\" value=\"wpcf7-f6-o2\" \/>\n<input type=\"hidden\" name=\"_wpcf7_container_post\" value=\"0\" \/>\n<input type=\"hidden\" name=\"_wpcf7_posted_data_hash\" value=\"\" \/>\n<\/div>\n<div class=\"messageform\">\n<p><strong><span style=\"color:red;\"><\/span> Su nombre<\/strong><br \/>\n    <span class=\"wpcf7-form-control-wrap your-name\"><input type=\"text\" name=\"your-name\" value=\"\" size=\"40\" class=\"wpcf7-form-control wpcf7-text\" aria-invalid=\"false\" \/><\/span> <\/p>\n<p><strong><span style=\"color:red;\">*<\/span> Su correo electr\u00f3nico<\/strong><br \/>\n    <span class=\"wpcf7-form-control-wrap your-email\"><input type=\"email\" name=\"your-email\" value=\"\" size=\"40\" class=\"wpcf7-form-control wpcf7-text wpcf7-email wpcf7-validates-as-required wpcf7-validates-as-email\" aria-required=\"true\" aria-invalid=\"false\" \/><\/span> <\/p>\n<p><strong>Su n\u00famero de tel\u00e9fono<\/strong><br \/>\n    <span class=\"wpcf7-form-control-wrap your-phone\"><input type=\"text\" name=\"your-phone\" value=\"\" size=\"40\" class=\"wpcf7-form-control wpcf7-text\" aria-invalid=\"false\" placeholder=\"Incluya el prefijo\" \/><\/span> <\/p>\n<p><strong>Su pa\u00eds<\/strong><br \/>\n    <span class=\"wpcf7-form-control-wrap your-country\"><input type=\"text\" name=\"your-country\" value=\"\" size=\"40\" class=\"wpcf7-form-control wpcf7-text\" aria-invalid=\"false\" \/><\/span> <\/p>\n<p><strong><span style=\"color:red;\">*<\/span> Sus requisitos<\/strong><br \/>\n    <span class=\"wpcf7-form-control-wrap your-requirement\"><textarea name=\"your-requirement\" cols=\"40\" rows=\"10\" class=\"wpcf7-form-control wpcf7-textarea wpcf7-validates-as-required bestonmessage\" aria-required=\"true\" aria-invalid=\"false\" placeholder=\"Para obtener un presupuesto detallado, env\u00edenos sus requisitos.\"><\/textarea><\/span> <\/p>\n<p><input type=\"submit\" value=\"Enviar mensaje\" class=\"wpcf7-form-control has-spinner wpcf7-submit\" \/><\/p>\n<\/div>\n<p style=\"display: none !important;\"><label>&#916;<textarea name=\"_wpcf7_ak_hp_textarea\" cols=\"45\" rows=\"8\" maxlength=\"100\"><\/textarea><\/label><input type=\"hidden\" id=\"ak_js_2\" name=\"_wpcf7_ak_js\" value=\"48\"\/><script>document.getElementById( \"ak_js_2\" ).setAttribute( \"value\", ( new Date() ).getTime() );<\/script><\/p><input type='hidden' class='wpcf7-pum' value='{\"closepopup\":false,\"closedelay\":0,\"openpopup\":false,\"openpopup_id\":0}' \/><div class=\"wpcf7-response-output\" aria-hidden=\"true\"><\/div><input type=\"hidden\" name=\"trp-form-language\" value=\"es\"\/><\/form><\/div>","protected":false},"excerpt":{"rendered":"<p>Comprar cable MC recubierto de PVC de Huadong El cable MC recubierto de PVC se refiere al cable blindado entrelazado de aleaci\u00f3n de aluminio con cubierta de PVC. Si s\u00f3lo necesita cable MC con cubierta de PVC, elija Huadong Cable Group. Huadong Cable Group es uno de los principales fabricantes de cable MC de PVC de calibre 12 y 3 conductores en China. Nos especializamos en la producci\u00f3n de diversos ... <a class=\"read-more\" href=\"https:\/\/huadongswacable.com\/es\/pvc-coated-mc-cable\/\">Leer m\u00e1s...<\/a><\/p>","protected":false},"author":1,"featured_media":0,"parent":0,"menu_order":0,"comment_status":"closed","ping_status":"closed","template":"","meta":{"footnotes":""},"class_list":["post-790","page","type-page","status-publish"],"yoast_head":"<!-- This site is optimized with the Yoast SEO plugin v18.4.1 - https:\/\/yoast.com\/wordpress\/plugins\/seo\/ -->\n<title>PVC Coated MC Cable Price | 8\/3 10\/2 10\/3 12\/2 12\/3 12\/4 MC Cable<\/title>\n<meta name=\"description\" content=\"We are PVC coated MC cable supplier, can provide best 8\/3 10\/2 10\/3 12\/2 12\/3 12\/4 PVC jacketed MC cable price for you. Contact us to know how much is 12 gauge 3 conductor PVC jacketed MC cable per meter.\" \/>\n<meta name=\"robots\" content=\"index, follow, max-snippet:-1, max-image-preview:large, max-video-preview:-1\" \/>\n<link rel=\"canonical\" href=\"http:\/\/huadongswacable.com\/es\/pvc-coated-mc-cable\/\" \/>\n<meta property=\"og:locale\" content=\"es_ES\" \/>\n<meta property=\"og:type\" content=\"article\" \/>\n<meta property=\"og:title\" content=\"PVC Coated MC Cable Price | 8\/3 10\/2 10\/3 12\/2 12\/3 12\/4 MC Cable\" \/>\n<meta property=\"og:description\" content=\"We are PVC coated MC cable supplier, can provide best 8\/3 10\/2 10\/3 12\/2 12\/3 12\/4 PVC jacketed MC cable price for you. Contact us to know how much is 12 gauge 3 conductor PVC jacketed MC cable per meter.\" \/>\n<meta property=\"og:url\" content=\"http:\/\/huadongswacable.com\/es\/pvc-coated-mc-cable\/\" \/>\n<meta property=\"og:site_name\" content=\"Huadong SWA Cable\" \/>\n<meta property=\"article:modified_time\" content=\"2022-12-19T07:30:12+00:00\" \/>\n<meta property=\"og:image\" content=\"https:\/\/huadongswacable.com\/wp-content\/uploads\/2018\/04\/pvc-jacketed-mc-cable-quotation.jpg\" \/>\n<meta name=\"twitter:card\" content=\"summary_large_image\" \/>\n<meta name=\"twitter:label1\" content=\"Tiempo de lectura\" \/>\n\t<meta name=\"twitter:data1\" content=\"5 minutos\" \/>\n<script type=\"application\/ld+json\" class=\"yoast-schema-graph\">{\"@context\":\"https:\/\/schema.org\",\"@graph\":[{\"@type\":\"WebSite\",\"@id\":\"http:\/\/huadongswacable.com\/ru\/#website\",\"url\":\"http:\/\/huadongswacable.com\/ru\/\",\"name\":\"Huadong SWA Cable\",\"description\":\"Huadong SWA Cable\",\"potentialAction\":[{\"@type\":\"SearchAction\",\"target\":{\"@type\":\"EntryPoint\",\"urlTemplate\":\"http:\/\/huadongswacable.com\/ru\/?s={search_term_string}\"},\"query-input\":\"required name=search_term_string\"}],\"inLanguage\":\"es\"},{\"@type\":\"ImageObject\",\"@id\":\"http:\/\/huadongswacable.com\/ru\/pvc-coated-mc-cable\/#primaryimage\",\"inLanguage\":\"es\",\"url\":\"https:\/\/huadongswacable.com\/wp-content\/uploads\/2018\/04\/pvc-jacketed-mc-cable-quotation.jpg\",\"contentUrl\":\"https:\/\/huadongswacable.com\/wp-content\/uploads\/2018\/04\/pvc-jacketed-mc-cable-quotation.jpg\",\"width\":180,\"height\":304,\"caption\":\"Huadong PVC Jacketed MC Cable\"},{\"@type\":\"WebPage\",\"@id\":\"http:\/\/huadongswacable.com\/ru\/pvc-coated-mc-cable\/#webpage\",\"url\":\"http:\/\/huadongswacable.com\/ru\/pvc-coated-mc-cable\/\",\"name\":\"PVC Coated MC Cable Price | 8\/3 10\/2 10\/3 12\/2 12\/3 12\/4 MC Cable\",\"isPartOf\":{\"@id\":\"http:\/\/huadongswacable.com\/ru\/#website\"},\"primaryImageOfPage\":{\"@id\":\"http:\/\/huadongswacable.com\/ru\/pvc-coated-mc-cable\/#primaryimage\"},\"datePublished\":\"2018-04-20T03:46:06+00:00\",\"dateModified\":\"2022-12-19T07:30:12+00:00\",\"description\":\"We are PVC coated MC cable supplier, can provide best 8\/3 10\/2 10\/3 12\/2 12\/3 12\/4 PVC jacketed MC cable price for you. Contact us to know how much is 12 gauge 3 conductor PVC jacketed MC cable per meter.\",\"breadcrumb\":{\"@id\":\"http:\/\/huadongswacable.com\/ru\/pvc-coated-mc-cable\/#breadcrumb\"},\"inLanguage\":\"es\",\"potentialAction\":[{\"@type\":\"ReadAction\",\"target\":[\"http:\/\/huadongswacable.com\/ru\/pvc-coated-mc-cable\/\"]}]},{\"@type\":\"BreadcrumbList\",\"@id\":\"http:\/\/huadongswacable.com\/ru\/pvc-coated-mc-cable\/#breadcrumb\",\"itemListElement\":[{\"@type\":\"ListItem\",\"position\":1,\"name\":\"Home\",\"item\":\"http:\/\/huadongswacable.com\/ru\/\"},{\"@type\":\"ListItem\",\"position\":2,\"name\":\"8\/3 10\/2 10\/3 12\/2 12\/3 12\/4 PVC Coated MC Cable Supplier\"}]}]}<\/script>\n<!-- \/ Yoast SEO plugin. -->","yoast_head_json":{"title":"PVC Coated MC Cable Price | 8\/3 10\/2 10\/3 12\/2 12\/3 12\/4 MC Cable","description":"We are PVC coated MC cable supplier, can provide best 8\/3 10\/2 10\/3 12\/2 12\/3 12\/4 PVC jacketed MC cable price for you. Contact us to know how much is 12 gauge 3 conductor PVC jacketed MC cable per meter.","robots":{"index":"index","follow":"follow","max-snippet":"max-snippet:-1","max-image-preview":"max-image-preview:large","max-video-preview":"max-video-preview:-1"},"canonical":"http:\/\/huadongswacable.com\/es\/pvc-coated-mc-cable\/","og_locale":"es_ES","og_type":"article","og_title":"PVC Coated MC Cable Price | 8\/3 10\/2 10\/3 12\/2 12\/3 12\/4 MC Cable","og_description":"We are PVC coated MC cable supplier, can provide best 8\/3 10\/2 10\/3 12\/2 12\/3 12\/4 PVC jacketed MC cable price for you. Contact us to know how much is 12 gauge 3 conductor PVC jacketed MC cable per meter.","og_url":"http:\/\/huadongswacable.com\/es\/pvc-coated-mc-cable\/","og_site_name":"Huadong SWA Cable","article_modified_time":"2022-12-19T07:30:12+00:00","og_image":[{"url":"https:\/\/huadongswacable.com\/wp-content\/uploads\/2018\/04\/pvc-jacketed-mc-cable-quotation.jpg"}],"twitter_card":"summary_large_image","twitter_misc":{"Tiempo de lectura":"5 minutos"},"schema":{"@context":"https:\/\/schema.org","@graph":[{"@type":"WebSite","@id":"http:\/\/huadongswacable.com\/ru\/#website","url":"http:\/\/huadongswacable.com\/ru\/","name":"Huadong SWA Cable","description":"Huadong SWA Cable","potentialAction":[{"@type":"SearchAction","target":{"@type":"EntryPoint","urlTemplate":"http:\/\/huadongswacable.com\/ru\/?s={search_term_string}"},"query-input":"required name=search_term_string"}],"inLanguage":"es"},{"@type":"ImageObject","@id":"http:\/\/huadongswacable.com\/ru\/pvc-coated-mc-cable\/#primaryimage","inLanguage":"es","url":"https:\/\/huadongswacable.com\/wp-content\/uploads\/2018\/04\/pvc-jacketed-mc-cable-quotation.jpg","contentUrl":"https:\/\/huadongswacable.com\/wp-content\/uploads\/2018\/04\/pvc-jacketed-mc-cable-quotation.jpg","width":180,"height":304,"caption":"Huadong PVC Jacketed MC Cable"},{"@type":"WebPage","@id":"http:\/\/huadongswacable.com\/ru\/pvc-coated-mc-cable\/#webpage","url":"http:\/\/huadongswacable.com\/ru\/pvc-coated-mc-cable\/","name":"PVC Coated MC Cable Price | 8\/3 10\/2 10\/3 12\/2 12\/3 12\/4 MC Cable","isPartOf":{"@id":"http:\/\/huadongswacable.com\/ru\/#website"},"primaryImageOfPage":{"@id":"http:\/\/huadongswacable.com\/ru\/pvc-coated-mc-cable\/#primaryimage"},"datePublished":"2018-04-20T03:46:06+00:00","dateModified":"2022-12-19T07:30:12+00:00","description":"We are PVC coated MC cable supplier, can provide best 8\/3 10\/2 10\/3 12\/2 12\/3 12\/4 PVC jacketed MC cable price for you. Contact us to know how much is 12 gauge 3 conductor PVC jacketed MC cable per meter.","breadcrumb":{"@id":"http:\/\/huadongswacable.com\/ru\/pvc-coated-mc-cable\/#breadcrumb"},"inLanguage":"es","potentialAction":[{"@type":"ReadAction","target":["http:\/\/huadongswacable.com\/ru\/pvc-coated-mc-cable\/"]}]},{"@type":"BreadcrumbList","@id":"http:\/\/huadongswacable.com\/ru\/pvc-coated-mc-cable\/#breadcrumb","itemListElement":[{"@type":"ListItem","position":1,"name":"Home","item":"http:\/\/huadongswacable.com\/ru\/"},{"@type":"ListItem","position":2,"name":"8\/3 10\/2 10\/3 12\/2 12\/3 12\/4 PVC Coated MC Cable Supplier"}]}]}},"_links":{"self":[{"href":"https:\/\/huadongswacable.com\/es\/wp-json\/wp\/v2\/pages\/790","targetHints":{"allow":["GET"]}}],"collection":[{"href":"https:\/\/huadongswacable.com\/es\/wp-json\/wp\/v2\/pages"}],"about":[{"href":"https:\/\/huadongswacable.com\/es\/wp-json\/wp\/v2\/types\/page"}],"author":[{"embeddable":true,"href":"https:\/\/huadongswacable.com\/es\/wp-json\/wp\/v2\/users\/1"}],"replies":[{"embeddable":true,"href":"https:\/\/huadongswacable.com\/es\/wp-json\/wp\/v2\/comments?post=790"}],"version-history":[{"count":33,"href":"https:\/\/huadongswacable.com\/es\/wp-json\/wp\/v2\/pages\/790\/revisions"}],"predecessor-version":[{"id":7776,"href":"https:\/\/huadongswacable.com\/es\/wp-json\/wp\/v2\/pages\/790\/revisions\/7776"}],"wp:attachment":[{"href":"https:\/\/huadongswacable.com\/es\/wp-json\/wp\/v2\/media?parent=790"}],"curies":[{"name":"wp","href":"https:\/\/api.w.org\/{rel}","templated":true}]}}