{"id":6830,"date":"2022-04-01T15:34:26","date_gmt":"2022-04-01T07:34:26","guid":{"rendered":"http:\/\/huadongswacable.com\/?page_id=6830"},"modified":"2022-12-21T15:31:45","modified_gmt":"2022-12-21T07:31:45","slug":"solar-cable-price","status":"publish","type":"page","link":"https:\/\/huadongswacable.com\/es\/precio-cable-solar\/","title":{"rendered":"Consejos sobre la compra de mejor cable solar de CC con un precio razonable"},"content":{"rendered":"<h3><img loading=\"lazy\" decoding=\"async\" class=\"aligncenter size-full wp-image-6504\" src=\"https:\/\/huadongswacable.com\/wp-content\/uploads\/2021\/11\/H1Z2Z2-K-PV-wire-solar-cable-price-in-Europe-.jpg\" alt=\"H1Z2Z2-K PV alambre cable solar precio en Europa\" width=\"896\" height=\"528\" srcset=\"https:\/\/huadongswacable.com\/wp-content\/uploads\/2021\/11\/H1Z2Z2-K-PV-wire-solar-cable-price-in-Europe-.jpg 896w, https:\/\/huadongswacable.com\/wp-content\/uploads\/2021\/11\/H1Z2Z2-K-PV-wire-solar-cable-price-in-Europe--300x177.jpg 300w, https:\/\/huadongswacable.com\/wp-content\/uploads\/2021\/11\/H1Z2Z2-K-PV-wire-solar-cable-price-in-Europe--768x453.jpg 768w\" sizes=\"auto, (max-width: 896px) 100vw, 896px\" \/><\/h3>\n<p>Existen diferentes tipos de cable solar en el mercado.  Y cuando usted compra cable de panel solar H1Z2Z2-K, usted encontrar\u00e1 un mont\u00f3n de proveedores. Estos fabricantes de cable solar provienen de diferentes pa\u00edses. Lo que es m\u00e1s, sus precios de cable solar PV1-F dc no son los mismos. Sin embargo, si desea obtener el mejor precio de cable solar dc de 4 mm cuadrados, los siguientes consejos pueden ser \u00fatiles.<\/p>\n<p style=\"text-align: center;\"><span class=\"su-lightbox\" data-mfp-src=\"#Popup\" data-mfp-type=\"inline\" data-mobile=\"yes\"><button class=\"btn btn-danger btn-sm\" ><i class=\"fa fa-hand-o-right\" style=\"color:#ffffff;\"><\/i> Obtener presupuesto<\/button><\/span>\n<h2>1. Buscar cable solar en l\u00ednea<\/h2>\n<p>Un cable solar suele conocerse como cable FV, que son las siglas de cable fotovoltaico. En general, este cable solar se utiliza para conectar dos o m\u00e1s paneles el\u00e9ctricos fotovoltaicos en un sistema de energ\u00eda solar. De hecho, la demanda de este tipo de cable para paneles solares es grande. Es m\u00e1s, hay todo tipo de cable solar pv a la venta. Por lo tanto, si usted va a comprar 4 mm o 6 mm de cable solar de CC, puede buscar el cable en l\u00ednea en primer lugar. Y usted puede encontrar los tipos de cable solar y tama\u00f1os que usted est\u00e1 buscando. Por ejemplo, puede encontrar muchos proveedores de cable solar 10 awg de todo el mundo. Es muy normal. Porque es puede ayudarle a comprar la parte superior pv alambre 10 awg cable de energ\u00eda solar con el mejor precio.<\/p>\n<div class=\"row prolisttable\">\n<div class=\"col-lg-12 col-md-12 col-xs-12 col-sm-12\">\n<table>\n<tbody>\n<tr>\n<td><img loading=\"lazy\" decoding=\"async\" class=\"aligncenter wp-image-6507\" src=\"https:\/\/huadongswacable.com\/wp-content\/uploads\/2021\/11\/find-reliable-6-sq-mm-dc-solar-cable-supplier-.jpg\" alt=\"encontrar un proveedor fiable de cable solar de 6 mm c.c.\" width=\"430\" height=\"326\" srcset=\"https:\/\/huadongswacable.com\/wp-content\/uploads\/2021\/11\/find-reliable-6-sq-mm-dc-solar-cable-supplier-.jpg 500w, https:\/\/huadongswacable.com\/wp-content\/uploads\/2021\/11\/find-reliable-6-sq-mm-dc-solar-cable-supplier--300x227.jpg 300w\" sizes=\"auto, (max-width: 430px) 100vw, 430px\" \/><\/td>\n<td><strong>Tensi\u00f3n:<\/strong> 600\/1000V C.A., 1000\/1800V C.C.<\/p>\n<p><strong>Conductor:<\/strong> Cobre trenzado flexible esta\u00f1ado<\/p>\n<p><strong>Aislamiento:<\/strong> XLPO(Poliolefina reticulada)\/ XLPE(Polietileno reticulado\uff09<\/p>\n<p><strong>Vaina:<\/strong> XLPO (poliolefina reticulada)<\/p>\n<p><strong>Color:<\/strong> Negro o rojo o seg\u00fan las necesidades<\/p>\n<p><strong>Temperatura nominal:<\/strong> -45\u2103 hasta +125\u2103<\/p>\n<p><strong>Normas:<\/strong> IEC\/ASTM\/BS\/NFC\/CSA\/ES<\/td>\n<\/tr>\n<\/tbody>\n<\/table>\n<\/div>\n<\/div>\n<p style=\"text-align: center;\"><span class=\"su-lightbox\" data-mfp-src=\"#Popup\" data-mfp-type=\"inline\" data-mobile=\"yes\"><button class=\"btn btn-danger btn-sm\" ><i class=\"fa fa-hand-o-right\" style=\"color:#ffffff;\"><\/i> Obtener presupuesto<\/button><\/span>\n<h2>2. Seleccionar proveedores de cables fotovoltaicos fiables<\/h2>\n<p>Incluso si hay tantos 4mm2 proveedores de cable de energ\u00eda solar fotovoltaica se puede encontrar en l\u00ednea, no es f\u00e1cil elegir un fabricante de cables de energ\u00eda solar satisfactoria. Por un lado, algunas personas prefieren considerar los proveedores locales de cable de CC de 4 mm. Debido a que el costo de entrega de alambre pv es m\u00e1s barato. Pero el precio del cable solar de CC de 4 mm cuadrados por metro puede ser caro. Es m\u00e1s, muchos fabricantes de cable blindado no pueden suministrar tama\u00f1os de cable solar de 10 awg. Esa es la raz\u00f3n por la que m\u00e1s y m\u00e1s personas deciden comprar 10 mm cuadrados de cable solar de CC de fabricantes extranjeros de cable solar pv.<\/p>\n<div class=\"row prolisttable\">\n<div class=\"col-lg-12 col-md-12 col-xs-12 col-sm-12\">\n<table>\n<tbody>\n<tr>\n<td><img loading=\"lazy\" decoding=\"async\" class=\"aligncenter wp-image-6516\" src=\"https:\/\/huadongswacable.com\/wp-content\/uploads\/2021\/11\/affordable-pv-wire-10-awg-cost-in-Philippines.jpg\" alt=\"precio del cable pv 10 awg en filipinas\" width=\"370\" height=\"370\" srcset=\"https:\/\/huadongswacable.com\/wp-content\/uploads\/2021\/11\/affordable-pv-wire-10-awg-cost-in-Philippines.jpg 450w, https:\/\/huadongswacable.com\/wp-content\/uploads\/2021\/11\/affordable-pv-wire-10-awg-cost-in-Philippines-300x300.jpg 300w, https:\/\/huadongswacable.com\/wp-content\/uploads\/2021\/11\/affordable-pv-wire-10-awg-cost-in-Philippines-150x150.jpg 150w\" sizes=\"auto, (max-width: 370px) 100vw, 370px\" \/><\/td>\n<td><strong>Conductor :<\/strong> Alambre de cobre esta\u00f1ado trenzado Consulte IEC 60228 clase 5<\/p>\n<p><strong>Tama\u00f1o:<\/strong> 4 mm, 6 mm, 10 mm, 16 mm, etc.<\/p>\n<p><strong>Aislamiento:<\/strong> XLPO(Poliolefina reticulada)\/ XLPE(Polietileno reticulado\uff09<\/p>\n<p><strong>Vaina:<\/strong> XLPO (poliolefina reticulada)<\/p>\n<p><strong>Temperatura nominal:<\/strong> -45\u2103 hasta +125\u2103<\/p>\n<p><strong>Caracter\u00edsticas:<\/strong> Resistencia a los rayos UV, sin hal\u00f3genos, resistente a la intemperie<\/p>\n<p><strong>Color:<\/strong> Negro o rojo o seg\u00fan las necesidades<\/td>\n<\/tr>\n<\/tbody>\n<\/table>\n<\/div>\n<\/div>\n<p>Por un lado, el proveedor extranjero puede proporcionar el cable de CC de 4 mm para paneles solares. Tal vez los fabricantes locales de cable de energ\u00eda solar no pueden producir. Adem\u00e1s, usted puede conseguir m\u00e1s competitivo precio del cable solar de 6mm de proveedores de alambre pv solar extranjera. Sin embargo, cuando encuentre un fabricante de cable para paneles solares, debe fijarse en su reputaci\u00f3n. Huadong es un proveedor profesional de cable solar pv 10 awg con amplia experiencia. Adem\u00e1s de cable solar de 6mm, tambi\u00e9n tenemos cable teck barato para la venta. Adem\u00e1s, tenemos nuestra propia f\u00e1brica de cable de panel solar. As\u00ed que podemos suministrar alambre de cable solar de alta calidad para su proyecto. Por favor, d\u00edganos los tama\u00f1os de cable pv que necesita. A continuaci\u00f3n, le enviaremos mejor cotizaci\u00f3n de alambre de panel solar.<\/p>\n<p style=\"text-align: center;\"><span class=\"su-lightbox\" data-mfp-src=\"#Popup\" data-mfp-type=\"inline\" data-mobile=\"yes\"><button class=\"btn btn-danger btn-sm\" ><i class=\"fa fa-hand-o-right\" style=\"color:#ffffff;\"><\/i> Obtener presupuesto<\/button><\/span>\n<h2>3. Comparar el precio del cable solar CC de 6 mm cuadrados<\/h2>\n<p>Al seleccionar varios proveedores de cable solar de 6 mm, tambi\u00e9n es necesario comparar sus precios de cable solar fotovoltaico de 6 mm. De hecho, de 10 awg listas de precios de cable solar, usted puede encontrar el precio son diferentes. Por ejemplo, el precio del cable solar CC de 4 mm cuadrados en Filipinas no es el mismo que el precio del cable fotovoltaico de 4 mm en Sud\u00e1frica. Por lo tanto, antes de realizar su pedido, es necesario comparar y tratar de comprar 10 mm de cable solar de alambre con el mejor precio. Adem\u00e1s, el coste de entrega del cable para paneles solares es otro factor que debemos tener en cuenta.<\/p>\n<p><img loading=\"lazy\" decoding=\"async\" class=\"aligncenter size-full wp-image-6522\" src=\"https:\/\/huadongswacable.com\/wp-content\/uploads\/2021\/11\/how-much-is-10mm2-twin-cores-solar-panel-cable-per-meter-.jpg\" alt=\"Cable de panel solar de 10 mm2 y 2 conductores\" width=\"600\" height=\"323\" srcset=\"https:\/\/huadongswacable.com\/wp-content\/uploads\/2021\/11\/how-much-is-10mm2-twin-cores-solar-panel-cable-per-meter-.jpg 600w, https:\/\/huadongswacable.com\/wp-content\/uploads\/2021\/11\/how-much-is-10mm2-twin-cores-solar-panel-cable-per-meter--300x162.jpg 300w\" sizes=\"auto, (max-width: 600px) 100vw, 600px\" \/><\/p>\n<p>Hemos exportado nuestro cable de CC de 6 mm barato a muchos pa\u00edses y establecido una relaci\u00f3n de cooperaci\u00f3n amistosa con nuestros clientes. Por lo tanto, puede ponerse en contacto con nosotros y obtener 4mm pv precio del cable para Filipinas, Malasia, Indonesia, Tailandia, Vietnam, Singapur, Am\u00e9rica, M\u00e9xico, Brasil, Sud\u00e1frica. Adem\u00e1s, podemos darle descuento 12 awg precio del cable fotovoltaico si la cantidad es grande. Por lo tanto, si usted quiere saber cu\u00e1nto es el costo de cable de panel solar por metro, s\u00f3lo en contacto con nosotros.<\/p>\n<p style=\"text-align: center;\"><span class=\"su-lightbox\" data-mfp-src=\"#Popup\" data-mfp-type=\"inline\" data-mobile=\"yes\"><button class=\"btn btn-danger btn-sm\" ><i class=\"fa fa-hand-o-right\" style=\"color:#ffffff;\"><\/i> Obtener presupuesto<\/button><\/span>\n<h2>4. Preste atenci\u00f3n al servicio postventa de alambre solar de 4mm<\/h2>\n<p>Cuando decida comprar cable solar de 2 n\u00facleos a un proveedor, preoc\u00fapese por el servicio posventa. Por ejemplo, los fabricantes de cable para panel solar H1Z2Z2-K deben prometer entregar el cable pv de 4 mm2 a tiempo. Incluso si el precio del cable solar de 4 mm cc por metro es importante, el servicio de calidad tambi\u00e9n es necesario. As\u00ed, puede ponerse en contacto con los proveedores de cable solar CC PV1-F si el cable <span class=\"VIiyi\" lang=\"en\"><span class=\"JLqJ4b ChMk0b\" data-language-for-alternatives=\"en\" data-language-to-translate-into=\"zh-CN\" data-phrase-index=\"0\" data-number-of-phrases=\"1\">tiene ning\u00fan problema de calidad. Como fabricante de cable de alimentaci\u00f3n, hemos cooperado con muchas empresas. Creemos que usted estar\u00e1 satisfecho con nuestro cable solar H1Z2Z2-K precio y servicio.\u00a0<\/span><\/span><\/p>\n<p><img loading=\"lazy\" decoding=\"async\" class=\"aligncenter size-full wp-image-6526\" src=\"https:\/\/huadongswacable.com\/wp-content\/uploads\/2021\/11\/price-for-6awg-12awg-solar-panel-wire.jpg\" alt=\"6awg 12awg cable panel solar\" width=\"1601\" height=\"300\" srcset=\"https:\/\/huadongswacable.com\/wp-content\/uploads\/2021\/11\/price-for-6awg-12awg-solar-panel-wire.jpg 1601w, https:\/\/huadongswacable.com\/wp-content\/uploads\/2021\/11\/price-for-6awg-12awg-solar-panel-wire-300x56.jpg 300w, https:\/\/huadongswacable.com\/wp-content\/uploads\/2021\/11\/price-for-6awg-12awg-solar-panel-wire-1024x192.jpg 1024w, https:\/\/huadongswacable.com\/wp-content\/uploads\/2021\/11\/price-for-6awg-12awg-solar-panel-wire-768x144.jpg 768w, https:\/\/huadongswacable.com\/wp-content\/uploads\/2021\/11\/price-for-6awg-12awg-solar-panel-wire-1536x288.jpg 1536w\" sizes=\"auto, (max-width: 1601px) 100vw, 1601px\" \/><\/p>\n<div class=\"su-lightbox-content su-u-trim\" id=\"Popup\" style=\"display:none;width:auto;min-width:50%;max-width:60%;margin-top:40px;margin-bottom:40px;padding:40px;background:#e8e5e5;color:#060473;box-shadow:0px 0px 15px #333333;text-align:left\"><div role=\"form\" class=\"wpcf7\" id=\"wpcf7-f5571-o1\" lang=\"en-US\" dir=\"ltr\">\n<div class=\"screen-reader-response\"><p role=\"status\" aria-live=\"polite\" aria-atomic=\"true\"><\/p> <ul><\/ul><\/div>\n<form action=\"\/es\/wp-json\/wp\/v2\/pages\/6830#wpcf7-f5571-o1\" method=\"post\" class=\"wpcf7-form init\" novalidate=\"novalidate\" data-status=\"init\" data-trp-original-action=\"\/es\/wp-json\/wp\/v2\/pages\/6830#wpcf7-f5571-o1\">\n<div style=\"display: none;\">\n<input type=\"hidden\" name=\"_wpcf7\" value=\"5571\" \/>\n<input type=\"hidden\" name=\"_wpcf7_version\" value=\"5.5.6\" \/>\n<input type=\"hidden\" name=\"_wpcf7_locale\" value=\"en_US\" \/>\n<input type=\"hidden\" name=\"_wpcf7_unit_tag\" value=\"wpcf7-f5571-o1\" \/>\n<input type=\"hidden\" name=\"_wpcf7_container_post\" value=\"0\" \/>\n<input type=\"hidden\" name=\"_wpcf7_posted_data_hash\" value=\"\" \/>\n<\/div>\n<div class=\"popmakerform\">\n<p>Su nombre <span style=\"color:red;\">*<span><br \/>\n<span class=\"wpcf7-form-control-wrap your-name\"><input type=\"text\" name=\"your-name\" value=\"\" size=\"40\" class=\"wpcf7-form-control wpcf7-text wpcf7-validates-as-required\" aria-required=\"true\" aria-invalid=\"false\" \/><\/span><\/p>\n<p>Su correo electr\u00f3nico <span style=\"color:red;\">*<span><br \/>\n<span class=\"wpcf7-form-control-wrap your-email\"><input type=\"email\" name=\"your-email\" value=\"\" size=\"40\" class=\"wpcf7-form-control wpcf7-text wpcf7-email wpcf7-validates-as-required wpcf7-validates-as-email\" aria-required=\"true\" aria-invalid=\"false\" \/><\/span><\/p>\n<p>Su n\u00famero de tel\u00e9fono<br \/>\n<span class=\"wpcf7-form-control-wrap your-phone\"><input type=\"text\" name=\"your-phone\" value=\"\" size=\"40\" class=\"wpcf7-form-control wpcf7-text\" aria-invalid=\"false\" \/><\/span><\/p>\n<p>Su pa\u00eds<br \/>\n<span class=\"wpcf7-form-control-wrap your-country\"><input type=\"text\" name=\"your-country\" value=\"\" size=\"40\" class=\"wpcf7-form-control wpcf7-text\" aria-invalid=\"false\" \/><\/span><\/p>\n<p>Requisitos detallados <span style=\"color:red;\">*<span><br \/>\n<span class=\"wpcf7-form-control-wrap your-requirement\"><textarea name=\"your-requirement\" cols=\"40\" rows=\"4\" class=\"wpcf7-form-control wpcf7-textarea wpcf7-validates-as-required\" aria-required=\"true\" aria-invalid=\"false\"><\/textarea><\/span><\/p>\n<p><input type=\"submit\" value=\"Obtener presupuesto\" class=\"wpcf7-form-control has-spinner wpcf7-submit\" \/><\/p>\n<\/div>\n<p style=\"display: none !important;\"><label>&#916;<textarea name=\"_wpcf7_ak_hp_textarea\" cols=\"45\" rows=\"8\" maxlength=\"100\"><\/textarea><\/label><input type=\"hidden\" id=\"ak_js_1\" name=\"_wpcf7_ak_js\" value=\"14\"\/><script>document.getElementById( \"ak_js_1\" ).setAttribute( \"value\", ( new Date() ).getTime() );<\/script><\/p><input type='hidden' class='wpcf7-pum' value='{\"closepopup\":false,\"closedelay\":0,\"openpopup\":false,\"openpopup_id\":0}' \/><div class=\"wpcf7-response-output\" aria-hidden=\"true\"><\/div><input type=\"hidden\" name=\"trp-form-language\" value=\"es\"\/><\/form><\/div><\/div>\n<h3>No dude en indicarnos sus necesidades. Le contestaremos en el plazo de 12 horas.<\/h3>\n<p><strong>Correo electr\u00f3nico: <a href=\"mailto:info@huadongswacable.com\" rel=\"nofollow\">info@huadongswacable.com<\/a><\/strong><\/p>\n<div role=\"form\" class=\"wpcf7\" id=\"wpcf7-f6-o2\" lang=\"en-US\" dir=\"ltr\">\n<div class=\"screen-reader-response\"><p role=\"status\" aria-live=\"polite\" aria-atomic=\"true\"><\/p> <ul><\/ul><\/div>\n<form action=\"\/es\/wp-json\/wp\/v2\/pages\/6830#wpcf7-f6-o2\" method=\"post\" class=\"wpcf7-form init\" novalidate=\"novalidate\" data-status=\"init\" data-trp-original-action=\"\/es\/wp-json\/wp\/v2\/pages\/6830#wpcf7-f6-o2\">\n<div style=\"display: none;\">\n<input type=\"hidden\" name=\"_wpcf7\" value=\"6\" \/>\n<input type=\"hidden\" name=\"_wpcf7_version\" value=\"5.5.6\" \/>\n<input type=\"hidden\" name=\"_wpcf7_locale\" value=\"en_US\" \/>\n<input type=\"hidden\" name=\"_wpcf7_unit_tag\" value=\"wpcf7-f6-o2\" \/>\n<input type=\"hidden\" name=\"_wpcf7_container_post\" value=\"0\" \/>\n<input type=\"hidden\" name=\"_wpcf7_posted_data_hash\" value=\"\" \/>\n<\/div>\n<div class=\"messageform\">\n<p><strong><span style=\"color:red;\"><\/span> Su nombre<\/strong><br \/>\n    <span class=\"wpcf7-form-control-wrap your-name\"><input type=\"text\" name=\"your-name\" value=\"\" size=\"40\" class=\"wpcf7-form-control wpcf7-text\" aria-invalid=\"false\" \/><\/span> <\/p>\n<p><strong><span style=\"color:red;\">*<\/span> Su correo electr\u00f3nico<\/strong><br \/>\n    <span class=\"wpcf7-form-control-wrap your-email\"><input type=\"email\" name=\"your-email\" value=\"\" size=\"40\" class=\"wpcf7-form-control wpcf7-text wpcf7-email wpcf7-validates-as-required wpcf7-validates-as-email\" aria-required=\"true\" aria-invalid=\"false\" \/><\/span> <\/p>\n<p><strong>Su n\u00famero de tel\u00e9fono<\/strong><br \/>\n    <span class=\"wpcf7-form-control-wrap your-phone\"><input type=\"text\" name=\"your-phone\" value=\"\" size=\"40\" class=\"wpcf7-form-control wpcf7-text\" aria-invalid=\"false\" placeholder=\"Incluya el prefijo\" \/><\/span> <\/p>\n<p><strong>Su pa\u00eds<\/strong><br \/>\n    <span class=\"wpcf7-form-control-wrap your-country\"><input type=\"text\" name=\"your-country\" value=\"\" size=\"40\" class=\"wpcf7-form-control wpcf7-text\" aria-invalid=\"false\" \/><\/span> <\/p>\n<p><strong><span style=\"color:red;\">*<\/span> Sus requisitos<\/strong><br \/>\n    <span class=\"wpcf7-form-control-wrap your-requirement\"><textarea name=\"your-requirement\" cols=\"40\" rows=\"10\" class=\"wpcf7-form-control wpcf7-textarea wpcf7-validates-as-required bestonmessage\" aria-required=\"true\" aria-invalid=\"false\" placeholder=\"Para obtener un presupuesto detallado, env\u00edenos sus requisitos.\"><\/textarea><\/span> <\/p>\n<p><input type=\"submit\" value=\"Enviar mensaje\" class=\"wpcf7-form-control has-spinner wpcf7-submit\" \/><\/p>\n<\/div>\n<p style=\"display: none !important;\"><label>&#916;<textarea name=\"_wpcf7_ak_hp_textarea\" cols=\"45\" rows=\"8\" maxlength=\"100\"><\/textarea><\/label><input type=\"hidden\" id=\"ak_js_2\" name=\"_wpcf7_ak_js\" value=\"217\"\/><script>document.getElementById( \"ak_js_2\" ).setAttribute( \"value\", ( new Date() ).getTime() );<\/script><\/p><input type='hidden' class='wpcf7-pum' value='{\"closepopup\":false,\"closedelay\":0,\"openpopup\":false,\"openpopup_id\":0}' \/><div class=\"wpcf7-response-output\" aria-hidden=\"true\"><\/div><input type=\"hidden\" name=\"trp-form-language\" value=\"es\"\/><\/form><\/div>","protected":false},"excerpt":{"rendered":"<p>Existen diferentes tipos de cable solar en el mercado.  Y cuando usted compra cable de panel solar H1Z2Z2-K, usted encontrar\u00e1 un mont\u00f3n de proveedores. Estos fabricantes de cable solar provienen de diferentes pa\u00edses. Lo que es m\u00e1s, sus precios de cable solar PV1-F dc no son los mismos. Sin embargo, si desea obtener el mejor cable solar dc de 4 ... <a class=\"read-more\" href=\"https:\/\/huadongswacable.com\/es\/precio-cable-solar\/\">Leer m\u00e1s...<\/a><\/p>","protected":false},"author":1,"featured_media":0,"parent":0,"menu_order":0,"comment_status":"closed","ping_status":"closed","template":"","meta":{"footnotes":""},"class_list":["post-6830","page","type-page","status-publish"],"yoast_head":"<!-- This site is optimized with the Yoast SEO plugin v18.4.1 - https:\/\/yoast.com\/wordpress\/plugins\/seo\/ -->\n<title>solar cable | 4mm solar wire | 6 sq mm dc solar cable price<\/title>\n<meta name=\"description\" content=\"Being a professional solar cable manufacturer, we supply best 4 sq mm, 6sq mm, 10 sq mm dc solar cable price. Get 10 awg pv wire cost from us.\" \/>\n<meta name=\"robots\" content=\"index, follow, max-snippet:-1, max-image-preview:large, max-video-preview:-1\" \/>\n<link rel=\"canonical\" href=\"http:\/\/huadongswacable.com\/es\/solar-cable-price\/\" \/>\n<meta property=\"og:locale\" content=\"es_ES\" \/>\n<meta property=\"og:type\" content=\"article\" \/>\n<meta property=\"og:title\" content=\"solar cable | 4mm solar wire | 6 sq mm dc solar cable price\" \/>\n<meta property=\"og:description\" content=\"Being a professional solar cable manufacturer, we supply best 4 sq mm, 6sq mm, 10 sq mm dc solar cable price. Get 10 awg pv wire cost from us.\" \/>\n<meta property=\"og:url\" content=\"http:\/\/huadongswacable.com\/es\/solar-cable-price\/\" \/>\n<meta property=\"og:site_name\" content=\"Huadong SWA Cable\" \/>\n<meta property=\"article:modified_time\" content=\"2022-12-21T07:31:45+00:00\" \/>\n<meta property=\"og:image\" content=\"https:\/\/huadongswacable.com\/wp-content\/uploads\/2021\/11\/H1Z2Z2-K-PV-wire-solar-cable-price-in-Europe-.jpg\" \/>\n<meta name=\"twitter:card\" content=\"summary_large_image\" \/>\n<meta name=\"twitter:label1\" content=\"Tiempo de lectura\" \/>\n\t<meta name=\"twitter:data1\" content=\"5 minutos\" \/>\n<script type=\"application\/ld+json\" class=\"yoast-schema-graph\">{\"@context\":\"https:\/\/schema.org\",\"@graph\":[{\"@type\":\"WebSite\",\"@id\":\"http:\/\/huadongswacable.com\/ru\/#website\",\"url\":\"http:\/\/huadongswacable.com\/ru\/\",\"name\":\"Huadong SWA Cable\",\"description\":\"Huadong SWA Cable\",\"potentialAction\":[{\"@type\":\"SearchAction\",\"target\":{\"@type\":\"EntryPoint\",\"urlTemplate\":\"http:\/\/huadongswacable.com\/ru\/?s={search_term_string}\"},\"query-input\":\"required name=search_term_string\"}],\"inLanguage\":\"es\"},{\"@type\":\"ImageObject\",\"@id\":\"http:\/\/huadongswacable.com\/ru\/solar-cable-price\/#primaryimage\",\"inLanguage\":\"es\",\"url\":\"https:\/\/huadongswacable.com\/wp-content\/uploads\/2021\/11\/H1Z2Z2-K-PV-wire-solar-cable-price-in-Europe-.jpg\",\"contentUrl\":\"https:\/\/huadongswacable.com\/wp-content\/uploads\/2021\/11\/H1Z2Z2-K-PV-wire-solar-cable-price-in-Europe-.jpg\",\"width\":896,\"height\":528,\"caption\":\"H1Z2Z2-K PV wire solar cable price in Europe\"},{\"@type\":\"WebPage\",\"@id\":\"http:\/\/huadongswacable.com\/ru\/solar-cable-price\/#webpage\",\"url\":\"http:\/\/huadongswacable.com\/ru\/solar-cable-price\/\",\"name\":\"solar cable | 4mm solar wire | 6 sq mm dc solar cable price\",\"isPartOf\":{\"@id\":\"http:\/\/huadongswacable.com\/ru\/#website\"},\"primaryImageOfPage\":{\"@id\":\"http:\/\/huadongswacable.com\/ru\/solar-cable-price\/#primaryimage\"},\"datePublished\":\"2022-04-01T07:34:26+00:00\",\"dateModified\":\"2022-12-21T07:31:45+00:00\",\"description\":\"Being a professional solar cable manufacturer, we supply best 4 sq mm, 6sq mm, 10 sq mm dc solar cable price. Get 10 awg pv wire cost from us.\",\"breadcrumb\":{\"@id\":\"http:\/\/huadongswacable.com\/ru\/solar-cable-price\/#breadcrumb\"},\"inLanguage\":\"es\",\"potentialAction\":[{\"@type\":\"ReadAction\",\"target\":[\"http:\/\/huadongswacable.com\/ru\/solar-cable-price\/\"]}]},{\"@type\":\"BreadcrumbList\",\"@id\":\"http:\/\/huadongswacable.com\/ru\/solar-cable-price\/#breadcrumb\",\"itemListElement\":[{\"@type\":\"ListItem\",\"position\":1,\"name\":\"Home\",\"item\":\"http:\/\/huadongswacable.com\/ru\/\"},{\"@type\":\"ListItem\",\"position\":2,\"name\":\"Tips About Purchasing Best DC Solar Cable With Reasonable Price\"}]}]}<\/script>\n<!-- \/ Yoast SEO plugin. -->","yoast_head_json":{"title":"solar cable | 4mm solar wire | 6 sq mm dc solar cable price","description":"Being a professional solar cable manufacturer, we supply best 4 sq mm, 6sq mm, 10 sq mm dc solar cable price. Get 10 awg pv wire cost from us.","robots":{"index":"index","follow":"follow","max-snippet":"max-snippet:-1","max-image-preview":"max-image-preview:large","max-video-preview":"max-video-preview:-1"},"canonical":"http:\/\/huadongswacable.com\/es\/solar-cable-price\/","og_locale":"es_ES","og_type":"article","og_title":"solar cable | 4mm solar wire | 6 sq mm dc solar cable price","og_description":"Being a professional solar cable manufacturer, we supply best 4 sq mm, 6sq mm, 10 sq mm dc solar cable price. Get 10 awg pv wire cost from us.","og_url":"http:\/\/huadongswacable.com\/es\/solar-cable-price\/","og_site_name":"Huadong SWA Cable","article_modified_time":"2022-12-21T07:31:45+00:00","og_image":[{"url":"https:\/\/huadongswacable.com\/wp-content\/uploads\/2021\/11\/H1Z2Z2-K-PV-wire-solar-cable-price-in-Europe-.jpg"}],"twitter_card":"summary_large_image","twitter_misc":{"Tiempo de lectura":"5 minutos"},"schema":{"@context":"https:\/\/schema.org","@graph":[{"@type":"WebSite","@id":"http:\/\/huadongswacable.com\/ru\/#website","url":"http:\/\/huadongswacable.com\/ru\/","name":"Huadong SWA Cable","description":"Huadong SWA Cable","potentialAction":[{"@type":"SearchAction","target":{"@type":"EntryPoint","urlTemplate":"http:\/\/huadongswacable.com\/ru\/?s={search_term_string}"},"query-input":"required name=search_term_string"}],"inLanguage":"es"},{"@type":"ImageObject","@id":"http:\/\/huadongswacable.com\/ru\/solar-cable-price\/#primaryimage","inLanguage":"es","url":"https:\/\/huadongswacable.com\/wp-content\/uploads\/2021\/11\/H1Z2Z2-K-PV-wire-solar-cable-price-in-Europe-.jpg","contentUrl":"https:\/\/huadongswacable.com\/wp-content\/uploads\/2021\/11\/H1Z2Z2-K-PV-wire-solar-cable-price-in-Europe-.jpg","width":896,"height":528,"caption":"H1Z2Z2-K PV wire solar cable price in Europe"},{"@type":"WebPage","@id":"http:\/\/huadongswacable.com\/ru\/solar-cable-price\/#webpage","url":"http:\/\/huadongswacable.com\/ru\/solar-cable-price\/","name":"solar cable | 4mm solar wire | 6 sq mm dc solar cable price","isPartOf":{"@id":"http:\/\/huadongswacable.com\/ru\/#website"},"primaryImageOfPage":{"@id":"http:\/\/huadongswacable.com\/ru\/solar-cable-price\/#primaryimage"},"datePublished":"2022-04-01T07:34:26+00:00","dateModified":"2022-12-21T07:31:45+00:00","description":"Being a professional solar cable manufacturer, we supply best 4 sq mm, 6sq mm, 10 sq mm dc solar cable price. Get 10 awg pv wire cost from us.","breadcrumb":{"@id":"http:\/\/huadongswacable.com\/ru\/solar-cable-price\/#breadcrumb"},"inLanguage":"es","potentialAction":[{"@type":"ReadAction","target":["http:\/\/huadongswacable.com\/ru\/solar-cable-price\/"]}]},{"@type":"BreadcrumbList","@id":"http:\/\/huadongswacable.com\/ru\/solar-cable-price\/#breadcrumb","itemListElement":[{"@type":"ListItem","position":1,"name":"Home","item":"http:\/\/huadongswacable.com\/ru\/"},{"@type":"ListItem","position":2,"name":"Tips About Purchasing Best DC Solar Cable With Reasonable Price"}]}]}},"_links":{"self":[{"href":"https:\/\/huadongswacable.com\/es\/wp-json\/wp\/v2\/pages\/6830","targetHints":{"allow":["GET"]}}],"collection":[{"href":"https:\/\/huadongswacable.com\/es\/wp-json\/wp\/v2\/pages"}],"about":[{"href":"https:\/\/huadongswacable.com\/es\/wp-json\/wp\/v2\/types\/page"}],"author":[{"embeddable":true,"href":"https:\/\/huadongswacable.com\/es\/wp-json\/wp\/v2\/users\/1"}],"replies":[{"embeddable":true,"href":"https:\/\/huadongswacable.com\/es\/wp-json\/wp\/v2\/comments?post=6830"}],"version-history":[{"count":7,"href":"https:\/\/huadongswacable.com\/es\/wp-json\/wp\/v2\/pages\/6830\/revisions"}],"predecessor-version":[{"id":7816,"href":"https:\/\/huadongswacable.com\/es\/wp-json\/wp\/v2\/pages\/6830\/revisions\/7816"}],"wp:attachment":[{"href":"https:\/\/huadongswacable.com\/es\/wp-json\/wp\/v2\/media?parent=6830"}],"curies":[{"name":"wp","href":"https:\/\/api.w.org\/{rel}","templated":true}]}}