{"id":6386,"date":"2021-09-27T14:23:48","date_gmt":"2021-09-27T06:23:48","guid":{"rendered":"http:\/\/huadongswacable.com\/?page_id=6386"},"modified":"2022-12-19T14:10:50","modified_gmt":"2022-12-19T06:10:50","slug":"240-sq-mm-4-core-armoured-cable-price","status":"publish","type":"page","link":"https:\/\/huadongswacable.com\/es\/240-sq-mm-4-core-armoured-cable-price\/","title":{"rendered":"240 SQ MM 4 N\u00facleo Cable Armado Precio por metro"},"content":{"rendered":"<h2>\u00bfC\u00f3mo comprar cable armado 0,6\/1kv cu\/xlpe\/pvc 4 hilos 240 mm2?<\/h2>\n<p>En t\u00e9rminos generales, la aplicaci\u00f3n del cable armado xlpe de 0,6\/1kv de 4 n\u00facleos y 240 mm cuadrados es muy amplia. Por lo tanto, la demanda de cable armado de 4 n\u00facleos de 240 mm es muy grande. Sin embargo, si desea obtener el mejor precio de cable blindado de 4 n\u00facleos de 240 mm2, debe encontrar un proveedor de cable blindado de 4 n\u00facleos de 240 mm2. <a href=\"https:\/\/huadongswacable.com\/es\/venta-de-cables-armados-de-calidad-baratos\/\" target=\"_blank\" rel=\"noopener noreferrer\">fabricante profesional de cables el\u00e9ctricos armados<\/a>. Incluso usted puede encontrar un mont\u00f3n de 240 mm cable de alimentaci\u00f3n para la venta en el mercado. No es f\u00e1cil elegir un proveedor confiable de cable de 240 mm 4 n\u00facleos. Pero si usted puede encontrar un profesional 240mm xlpe fabricante de cable, usted puede conseguir el mejor 240mm 4 n\u00facleo cable blindado precio. Si desea obtener cotizaci\u00f3n para 4c x 240 mm cuadrados cable blindado, simplemente deje su mensaje.<\/p>\n<div class=\"row prolisttable\">\n<div class=\"col-lg-12 col-md-12 col-xs-12 col-sm-12\">\n<table>\n<tbody>\n<tr>\n<td><img loading=\"lazy\" decoding=\"async\" class=\"aligncenter wp-image-6389\" src=\"https:\/\/huadongswacable.com\/wp-content\/uploads\/2021\/09\/get-best-4-core-240-sq-mm-cu-xlpe-pvc-swa-armoured-cable-price.jpg\" alt=\"Obtenga el mejor precio de 4 core 240 sq mm cu xlpe pvc swa armoured cable\" width=\"490\" height=\"367\" srcset=\"https:\/\/huadongswacable.com\/wp-content\/uploads\/2021\/09\/get-best-4-core-240-sq-mm-cu-xlpe-pvc-swa-armoured-cable-price.jpg 350w, https:\/\/huadongswacable.com\/wp-content\/uploads\/2021\/09\/get-best-4-core-240-sq-mm-cu-xlpe-pvc-swa-armoured-cable-price-300x225.jpg 300w\" sizes=\"auto, (max-width: 490px) 100vw, 490px\" \/><\/td>\n<td><strong>Tensi\u00f3n nominal:<\/strong> 0,6\/1KV<\/p>\n<p><strong>Conductor:<\/strong> Cobre o aluminio<\/p>\n<p><strong>Semiconductor interior:<\/strong> Compuesto semiconductor<\/p>\n<p><strong>Aislamiento:<\/strong> XLPE \/ PVC<\/p>\n<p><strong>Blindado:<\/strong> Alambre de acero galvanizado (SWA) o cinta de acero galvanizado (STA)<\/p>\n<p><strong>Vaina:<\/strong> PVC (cloruro de polivinilo)\/PE(polietileno)<\/p>\n<p><strong>Embalaje:<\/strong> Tambor de hierro o madera o seg\u00fan sus necesidades<\/td>\n<\/tr>\n<\/tbody>\n<\/table>\n<\/div>\n<\/div>\n<p style=\"text-align: center;\"><span class=\"su-lightbox\" data-mfp-src=\"#Popup\" data-mfp-type=\"inline\" data-mobile=\"yes\"><button class=\"btn btn-danger btn-sm\" ><i class=\"fa fa-hand-o-right\" style=\"color:#ffffff;\"><\/i> Obtener presupuesto<\/button><\/span>\n<h2>Encuentre un fabricante profesional de cable armado 4C de 240 mm2<\/h2>\n<p>De hecho, si busca en Internet cable blindado 0,6\/1kv de 4 conductores y 240 mm cuadrados, podr\u00e1 encontrar un mont\u00f3n de <a href=\"https:\/\/huadongswacable.com\/es\/240mm-xlpe-cable-precio\/\" target=\"_blank\" rel=\"noopener noreferrer\">Venta de cable de 240 mm cuadrados<\/a>. Sin embargo, usted debe comparar su 240 mm 4 n\u00facleo de cable blindado precio y calidad. Por un lado, puede intentar comprar a un proveedor extranjero de cable de 4 n\u00facleos de 240 mm2 . Aunque el coste de env\u00edo del cable de 4 n\u00facleos de 240 mm2 sea m\u00e1s elevado, el precio total del cable armado de 0,6\/1kv 4C x 240 mm2 es inferior. De hecho, hay muchos profesionales 3C y 4C 240sq mm xlpe pvc swa fabricantes de cable blindado en China. Huadong es un excelente proveedor de cable armado de pvc swa y xlpe. Producimos 4 n\u00facleo 240 mm2 xlpe cable blindado para los clientes de todo el mundo.<\/p>\n<div class=\"row prolisttable\">\n<div class=\"col-lg-12 col-md-12 col-xs-12 col-sm-12\">\n<table>\n<tbody>\n<tr>\n<td><img loading=\"lazy\" decoding=\"async\" class=\"aligncenter wp-image-6390\" src=\"https:\/\/huadongswacable.com\/wp-content\/uploads\/2021\/09\/how-mcuh-is-4C-x-240mm2-cu-xlpe-swa-pvc-armoured-cable-price-per-meter.jpg\" alt=\"\u00bfcu\u00e1nto cuesta un cable armado 4C x 240mm2 cu xlpe swa pvc precio por metro?\" width=\"334\" height=\"334\" srcset=\"https:\/\/huadongswacable.com\/wp-content\/uploads\/2021\/09\/how-mcuh-is-4C-x-240mm2-cu-xlpe-swa-pvc-armoured-cable-price-per-meter.jpg 300w, https:\/\/huadongswacable.com\/wp-content\/uploads\/2021\/09\/how-mcuh-is-4C-x-240mm2-cu-xlpe-swa-pvc-armoured-cable-price-per-meter-150x150.jpg 150w\" sizes=\"auto, (max-width: 334px) 100vw, 334px\" \/><\/td>\n<td><strong>Conductores:<\/strong> Cobre\/ Aluminio<\/p>\n<p><strong>N\u00famero de n\u00facleos:<\/strong> 4 n\u00facleos<\/p>\n<p><strong>\u00c1rea de la secci\u00f3n transversal:<\/strong> 240 mm cuadrados<\/p>\n<p><strong>Aislamiento:<\/strong> XLPE (polietileno reticulado)\/PVC (cloruro de polivinilo)<\/p>\n<p><strong>Blindado:<\/strong> SWA(Alambre de acero galvanizado) o STA(Cinta de acero galvanizado)<\/p>\n<p><strong>Funda\/Chaqueta:<\/strong>\u00a0 PVC (cloruro de polivinilo)\/PE(polietileno)<\/td>\n<\/tr>\n<\/tbody>\n<\/table>\n<\/div>\n<\/div>\n<p>Es m\u00e1s, si lo necesita, podemos enviarle el precio del cable armado de 4 n\u00facleos de 240 mm para muestras. As\u00ed que usted puede asegurarse de que nuestro 4 n\u00facleos * 240 mm cuadrados de cable de calidad puede satisfacer sus necesidades. Adem\u00e1s de 4 n\u00facleos 240mm xlpe swa pvc cable blindado, tenemos otros tama\u00f1os. Por ejemplo, tenemos 16mm, 25mm, 50mm, 95mm, 185mm, 240mm, 300mm cable y otros tama\u00f1os de cable blindado para la venta. Por lo tanto, si usted est\u00e1 interesado en nuestro cu xlpe swa 240 sq mm 4 core cable blindado precio, s\u00f3lo tiene que contactar con nosotros. Adem\u00e1s, usted puede visitar nuestra f\u00e1brica de 4 n\u00facleos de 240 mm xlpe cable blindado, si es conveniente para usted. As\u00ed que usted puede creer que nuestro 240 mm cuadrados x 4 n\u00facleo xlpe cable blindado de calidad.<\/p>\n<p style=\"text-align: center;\"><span class=\"su-lightbox\" data-mfp-src=\"#Popup\" data-mfp-type=\"inline\" data-mobile=\"yes\"><button class=\"btn btn-danger btn-sm\" ><i class=\"fa fa-hand-o-right\" style=\"color:#ffffff;\"><\/i> Obtener presupuesto<\/button><\/span>\n<h2>Comparar los precios del cable armado de 240 mm y 4 conductores<\/h2>\n<p>Porque hay un mont\u00f3n de 4 n\u00facleo 240 mm cuadrados xlpe swa cable blindado proveedor en el mundo. Entonces usted puede conseguir diferentes 240 mm cuadrados 4 n\u00facleo de cable blindado precios de ellos. En primer lugar, el coste del material influye en el precio del cable xlpe 4C*240mm. Por ejemplo, el precio del material de cobre o aluminio dar\u00e1 lugar a la cotizaci\u00f3n diferente de <a href=\"https:\/\/huadongswacable.com\/es\/3c-x-240mm-xlpe-swa-pvc-cable\/\" target=\"_blank\" rel=\"noopener noreferrer\">cable armado xlpe pvc swa 3 hilos 240 mm2<\/a>. Adem\u00e1s, el costo humano tambi\u00e9n afectan a la 240mm x 4 n\u00facleo xlpe swa pvc precio del cable. As\u00ed que usted puede conseguir que 4 n\u00facleo 240mm2 cable fabricante de China tendr\u00e1 gran competitivo. Lo que es m\u00e1s, si usted compra 4 n\u00facleo 240mm2 cobre xlpe cable blindado del fabricante de cable de alimentaci\u00f3n directa, puede obtener descuento 240sq mm 4 n\u00facleo cu xlpe swa pvc precio del cable.<\/p>\n<div class=\"row prolisttable\">\n<div class=\"col-lg-12 col-md-12 col-xs-12 col-sm-12\">\n<table>\n<tbody>\n<tr>\n<td><img loading=\"lazy\" decoding=\"async\" class=\"aligncenter size-full wp-image-6396\" src=\"https:\/\/huadongswacable.com\/wp-content\/uploads\/2021\/09\/purchase-low-price-1C-x-240mm-cu-11kv-xlpe-cable-from-supplier-1.jpg\" alt=\"compra bajo precio 1C x 240mm cu 11kv xlpe cable de proveedor\" width=\"300\" height=\"300\" srcset=\"https:\/\/huadongswacable.com\/wp-content\/uploads\/2021\/09\/purchase-low-price-1C-x-240mm-cu-11kv-xlpe-cable-from-supplier-1.jpg 300w, https:\/\/huadongswacable.com\/wp-content\/uploads\/2021\/09\/purchase-low-price-1C-x-240mm-cu-11kv-xlpe-cable-from-supplier-1-150x150.jpg 150w\" sizes=\"auto, (max-width: 300px) 100vw, 300px\" \/><\/td>\n<td><a href=\"https:\/\/huadongswacable.com\/es\/cable-unipolar-de-240-mm\/\" target=\"_blank\" rel=\"noopener noreferrer\"><b>1C * 240 mm\u00b2 cu xlpe awa pvc cable armado<\/b><\/a><\/p>\n<p><strong>Tensi\u00f3n:<\/strong> 0,6\/1kv\uff0c6,6kv, 11kv, 15kv, 12\/20kv \uff0c25\/35kv\uff0c33kv<\/p>\n<p><strong>Material conductor:<\/strong> Cobre o aluminio<\/p>\n<p><strong>Semiconductor interior:<\/strong> Compuesto semiconductor<\/p>\n<p><strong>Tipo de armadura:<\/strong> AWA(Aluminum Wire Armour)\/ATA(Aluminum Tape Armour)<\/p>\n<p><strong>Aislamiento:<\/strong> XLPE \/PVC<\/p>\n<p><strong>Funda interior y exterior:<\/strong> PVC<\/p>\n<p><strong>Temperatura m\u00e1xima de funcionamiento:<\/strong>\u00a090\u00b0C<\/td>\n<\/tr>\n<\/tbody>\n<\/table>\n<\/div>\n<\/div>\n<p style=\"text-align: center;\"><span class=\"su-lightbox\" data-mfp-src=\"#Popup\" data-mfp-type=\"inline\" data-mobile=\"yes\"><button class=\"btn btn-danger btn-sm\" ><i class=\"fa fa-hand-o-right\" style=\"color:#ffffff;\"><\/i> Obtener presupuesto<\/button><\/span>\n<p>Estos proveedores de cable xlpe de 4 n\u00facleos de 240 mm pueden entregar el cable en sus pa\u00edses. Adem\u00e1s, cuanto m\u00e1s 4Cx 240 mm cuadrados cable blindado que usted pide, el 240mm 4 n\u00facleo de cable blindado precio ser\u00e1 m\u00e1s barato. Sin embargo, el cable 240mm2 4 n\u00facleos xlpe cable blindado precio en Sud\u00e1frica, Nigeria, Filipinas, Malasia, Indonesia, Brasil ser\u00e1 diferente. As\u00ed que es muy necesario para comparar el cable 240sq mm 4 core cable Kenia precios con 4C * 240mm2 cable blindado precio en <span class=\"VIiyi\" lang=\"en\"><span class=\"JLqJ4b ChMk0b\" data-language-for-alternatives=\"en\" data-language-to-translate-into=\"zh-CN\" data-phrase-index=\"0\">Somalia<\/span><\/span>.  Para que pueda obtener un presupuesto razonable de cable de 4 n\u00facleos* 240 mm2.<\/p>\n<p><img loading=\"lazy\" decoding=\"async\" class=\"aligncenter size-full wp-image-6392\" src=\"https:\/\/huadongswacable.com\/wp-content\/uploads\/2021\/09\/purchase-4C-x-240-sq-mm-xlpe-pvc-mv-armoured-cable-from-manufacturer.jpg\" alt=\"compra 4C x 240sq mm cu xlpe pvc mv cable armado del fabricante\" width=\"800\" height=\"414\" srcset=\"https:\/\/huadongswacable.com\/wp-content\/uploads\/2021\/09\/purchase-4C-x-240-sq-mm-xlpe-pvc-mv-armoured-cable-from-manufacturer.jpg 800w, https:\/\/huadongswacable.com\/wp-content\/uploads\/2021\/09\/purchase-4C-x-240-sq-mm-xlpe-pvc-mv-armoured-cable-from-manufacturer-300x155.jpg 300w, https:\/\/huadongswacable.com\/wp-content\/uploads\/2021\/09\/purchase-4C-x-240-sq-mm-xlpe-pvc-mv-armoured-cable-from-manufacturer-768x397.jpg 768w\" sizes=\"auto, (max-width: 800px) 100vw, 800px\" \/><\/p>\n<div role=\"form\" class=\"wpcf7\" id=\"wpcf7-f6-o1\" lang=\"en-US\" dir=\"ltr\">\n<div class=\"screen-reader-response\"><p role=\"status\" aria-live=\"polite\" aria-atomic=\"true\"><\/p> <ul><\/ul><\/div>\n<form action=\"\/es\/wp-json\/wp\/v2\/pages\/6386#wpcf7-f6-o1\" method=\"post\" class=\"wpcf7-form init\" novalidate=\"novalidate\" data-status=\"init\" data-trp-original-action=\"\/es\/wp-json\/wp\/v2\/pages\/6386#wpcf7-f6-o1\">\n<div style=\"display: none;\">\n<input type=\"hidden\" name=\"_wpcf7\" value=\"6\" \/>\n<input type=\"hidden\" name=\"_wpcf7_version\" value=\"5.5.6\" \/>\n<input type=\"hidden\" name=\"_wpcf7_locale\" value=\"en_US\" \/>\n<input type=\"hidden\" name=\"_wpcf7_unit_tag\" value=\"wpcf7-f6-o1\" \/>\n<input type=\"hidden\" name=\"_wpcf7_container_post\" value=\"0\" \/>\n<input type=\"hidden\" name=\"_wpcf7_posted_data_hash\" value=\"\" \/>\n<\/div>\n<div class=\"messageform\">\n<p><strong><span style=\"color:red;\"><\/span> Su nombre<\/strong><br \/>\n    <span class=\"wpcf7-form-control-wrap your-name\"><input type=\"text\" name=\"your-name\" value=\"\" size=\"40\" class=\"wpcf7-form-control wpcf7-text\" aria-invalid=\"false\" \/><\/span> <\/p>\n<p><strong><span style=\"color:red;\">*<\/span> Su correo electr\u00f3nico<\/strong><br \/>\n    <span class=\"wpcf7-form-control-wrap your-email\"><input type=\"email\" name=\"your-email\" value=\"\" size=\"40\" class=\"wpcf7-form-control wpcf7-text wpcf7-email wpcf7-validates-as-required wpcf7-validates-as-email\" aria-required=\"true\" aria-invalid=\"false\" \/><\/span> <\/p>\n<p><strong>Su n\u00famero de tel\u00e9fono<\/strong><br \/>\n    <span class=\"wpcf7-form-control-wrap your-phone\"><input type=\"text\" name=\"your-phone\" value=\"\" size=\"40\" class=\"wpcf7-form-control wpcf7-text\" aria-invalid=\"false\" placeholder=\"Incluya el prefijo\" \/><\/span> <\/p>\n<p><strong>Su pa\u00eds<\/strong><br \/>\n    <span class=\"wpcf7-form-control-wrap your-country\"><input type=\"text\" name=\"your-country\" value=\"\" size=\"40\" class=\"wpcf7-form-control wpcf7-text\" aria-invalid=\"false\" \/><\/span> <\/p>\n<p><strong><span style=\"color:red;\">*<\/span> Sus requisitos<\/strong><br \/>\n    <span class=\"wpcf7-form-control-wrap your-requirement\"><textarea name=\"your-requirement\" cols=\"40\" rows=\"10\" class=\"wpcf7-form-control wpcf7-textarea wpcf7-validates-as-required bestonmessage\" aria-required=\"true\" aria-invalid=\"false\" placeholder=\"Para obtener un presupuesto detallado, env\u00edenos sus requisitos.\"><\/textarea><\/span> <\/p>\n<p><input type=\"submit\" value=\"Enviar mensaje\" class=\"wpcf7-form-control has-spinner wpcf7-submit\" \/><\/p>\n<\/div>\n<p style=\"display: none !important;\"><label>&#916;<textarea name=\"_wpcf7_ak_hp_textarea\" cols=\"45\" rows=\"8\" maxlength=\"100\"><\/textarea><\/label><input type=\"hidden\" id=\"ak_js_1\" name=\"_wpcf7_ak_js\" value=\"140\"\/><script>document.getElementById( \"ak_js_1\" ).setAttribute( \"value\", ( new Date() ).getTime() );<\/script><\/p><input type='hidden' class='wpcf7-pum' value='{\"closepopup\":false,\"closedelay\":0,\"openpopup\":false,\"openpopup_id\":0}' \/><div class=\"wpcf7-response-output\" aria-hidden=\"true\"><\/div><input type=\"hidden\" name=\"trp-form-language\" value=\"es\"\/><\/form><\/div>\n<div class=\"su-lightbox-content su-u-trim\" id=\"Popup\" style=\"display:none;width:auto;min-width:50%;max-width:70%;margin-top:40px;margin-bottom:40px;padding:40px;background:#e8e5e5;color:#060473;box-shadow:0px 0px 15px #333333;text-align:left\"><div role=\"form\" class=\"wpcf7\" id=\"wpcf7-f5571-o2\" lang=\"en-US\" dir=\"ltr\">\n<div class=\"screen-reader-response\"><p role=\"status\" aria-live=\"polite\" aria-atomic=\"true\"><\/p> <ul><\/ul><\/div>\n<form action=\"\/es\/wp-json\/wp\/v2\/pages\/6386#wpcf7-f5571-o2\" method=\"post\" class=\"wpcf7-form init\" novalidate=\"novalidate\" data-status=\"init\" data-trp-original-action=\"\/es\/wp-json\/wp\/v2\/pages\/6386#wpcf7-f5571-o2\">\n<div style=\"display: none;\">\n<input type=\"hidden\" name=\"_wpcf7\" value=\"5571\" \/>\n<input type=\"hidden\" name=\"_wpcf7_version\" value=\"5.5.6\" \/>\n<input type=\"hidden\" name=\"_wpcf7_locale\" value=\"en_US\" \/>\n<input type=\"hidden\" name=\"_wpcf7_unit_tag\" value=\"wpcf7-f5571-o2\" \/>\n<input type=\"hidden\" name=\"_wpcf7_container_post\" value=\"0\" \/>\n<input type=\"hidden\" name=\"_wpcf7_posted_data_hash\" value=\"\" \/>\n<\/div>\n<div class=\"popmakerform\">\n<p>Su nombre <span style=\"color:red;\">*<span><br \/>\n<span class=\"wpcf7-form-control-wrap your-name\"><input type=\"text\" name=\"your-name\" value=\"\" size=\"40\" class=\"wpcf7-form-control wpcf7-text wpcf7-validates-as-required\" aria-required=\"true\" aria-invalid=\"false\" \/><\/span><\/p>\n<p>Su correo electr\u00f3nico <span style=\"color:red;\">*<span><br \/>\n<span class=\"wpcf7-form-control-wrap your-email\"><input type=\"email\" name=\"your-email\" value=\"\" size=\"40\" class=\"wpcf7-form-control wpcf7-text wpcf7-email wpcf7-validates-as-required wpcf7-validates-as-email\" aria-required=\"true\" aria-invalid=\"false\" \/><\/span><\/p>\n<p>Su n\u00famero de tel\u00e9fono<br \/>\n<span class=\"wpcf7-form-control-wrap your-phone\"><input type=\"text\" name=\"your-phone\" value=\"\" size=\"40\" class=\"wpcf7-form-control wpcf7-text\" aria-invalid=\"false\" \/><\/span><\/p>\n<p>Su pa\u00eds<br \/>\n<span class=\"wpcf7-form-control-wrap your-country\"><input type=\"text\" name=\"your-country\" value=\"\" size=\"40\" class=\"wpcf7-form-control wpcf7-text\" aria-invalid=\"false\" \/><\/span><\/p>\n<p>Requisitos detallados <span style=\"color:red;\">*<span><br \/>\n<span class=\"wpcf7-form-control-wrap your-requirement\"><textarea name=\"your-requirement\" cols=\"40\" rows=\"4\" class=\"wpcf7-form-control wpcf7-textarea wpcf7-validates-as-required\" aria-required=\"true\" aria-invalid=\"false\"><\/textarea><\/span><\/p>\n<p><input type=\"submit\" value=\"Obtener presupuesto\" class=\"wpcf7-form-control has-spinner wpcf7-submit\" \/><\/p>\n<\/div>\n<p style=\"display: none !important;\"><label>&#916;<textarea name=\"_wpcf7_ak_hp_textarea\" cols=\"45\" rows=\"8\" maxlength=\"100\"><\/textarea><\/label><input type=\"hidden\" id=\"ak_js_2\" name=\"_wpcf7_ak_js\" value=\"195\"\/><script>document.getElementById( \"ak_js_2\" ).setAttribute( \"value\", ( new Date() ).getTime() );<\/script><\/p><input type='hidden' class='wpcf7-pum' value='{\"closepopup\":false,\"closedelay\":0,\"openpopup\":false,\"openpopup_id\":0}' \/><div class=\"wpcf7-response-output\" aria-hidden=\"true\"><\/div><input type=\"hidden\" name=\"trp-form-language\" value=\"es\"\/><\/form><\/div><\/div>","protected":false},"excerpt":{"rendered":"<p>\u00bfC\u00f3mo comprar cable armado 0,6\/1kv cu\/xlpe\/pvc 4 n\u00facleos 240 mm2? En general, la aplicaci\u00f3n del cable armado de 0,6\/1kv 4 n\u00facleos 240 mm2 de xlpe es muy amplia. Por lo tanto, la demanda de cable armado de 4 n\u00facleos de 240 mm es muy grande. Sin embargo, si desea obtener el mejor precio de cable blindado de 4 n\u00facleos de 240 mm2, ... <a class=\"read-more\" href=\"https:\/\/huadongswacable.com\/es\/240-sq-mm-4-core-armoured-cable-price\/\">Leer m\u00e1s...<\/a><\/p>","protected":false},"author":1,"featured_media":0,"parent":0,"menu_order":0,"comment_status":"closed","ping_status":"closed","template":"","meta":{"footnotes":""},"class_list":["post-6386","page","type-page","status-publish"],"yoast_head":"<!-- This site is optimized with the Yoast SEO plugin v18.4.1 - https:\/\/yoast.com\/wordpress\/plugins\/seo\/ -->\n<title>240mm 4 Core Armoured Cable Price | 240 sq mm 4C SWA Cable Supplier<\/title>\n<meta name=\"description\" content=\"We are 0.6\/1kv 4 core 240 sq mm armoured cable manufacturer, supply 240mm 4 core armoured cable price and tell how much is 4c 240mm2 cable.\" \/>\n<meta name=\"robots\" content=\"index, follow, max-snippet:-1, max-image-preview:large, max-video-preview:-1\" \/>\n<link rel=\"canonical\" href=\"https:\/\/huadongswacable.com\/es\/240-sq-mm-4-core-armoured-cable-price\/\" \/>\n<meta property=\"og:locale\" content=\"es_ES\" \/>\n<meta property=\"og:type\" content=\"article\" \/>\n<meta property=\"og:title\" content=\"240mm 4 Core Armoured Cable Price | 240 sq mm 4C SWA Cable Supplier\" \/>\n<meta property=\"og:description\" content=\"We are 0.6\/1kv 4 core 240 sq mm armoured cable manufacturer, supply 240mm 4 core armoured cable price and tell how much is 4c 240mm2 cable.\" \/>\n<meta property=\"og:url\" content=\"https:\/\/huadongswacable.com\/es\/240-sq-mm-4-core-armoured-cable-price\/\" \/>\n<meta property=\"og:site_name\" content=\"Huadong SWA Cable\" \/>\n<meta property=\"article:modified_time\" content=\"2022-12-19T06:10:50+00:00\" \/>\n<meta property=\"og:image\" content=\"https:\/\/huadongswacable.com\/wp-content\/uploads\/2021\/09\/get-best-4-core-240-sq-mm-cu-xlpe-pvc-swa-armoured-cable-price.jpg\" \/>\n<meta name=\"twitter:card\" content=\"summary_large_image\" \/>\n<meta name=\"twitter:label1\" content=\"Tiempo de lectura\" \/>\n\t<meta name=\"twitter:data1\" content=\"5 minutos\" \/>\n<script type=\"application\/ld+json\" class=\"yoast-schema-graph\">{\"@context\":\"https:\/\/schema.org\",\"@graph\":[{\"@type\":\"WebSite\",\"@id\":\"http:\/\/huadongswacable.com\/ru\/#website\",\"url\":\"http:\/\/huadongswacable.com\/ru\/\",\"name\":\"Huadong SWA Cable\",\"description\":\"Huadong SWA Cable\",\"potentialAction\":[{\"@type\":\"SearchAction\",\"target\":{\"@type\":\"EntryPoint\",\"urlTemplate\":\"http:\/\/huadongswacable.com\/ru\/?s={search_term_string}\"},\"query-input\":\"required name=search_term_string\"}],\"inLanguage\":\"es\"},{\"@type\":\"ImageObject\",\"@id\":\"https:\/\/huadongswacable.com\/240-sq-mm-4-core-armoured-cable-price\/#primaryimage\",\"inLanguage\":\"es\",\"url\":\"https:\/\/huadongswacable.com\/wp-content\/uploads\/2021\/09\/get-best-4-core-240-sq-mm-cu-xlpe-pvc-swa-armoured-cable-price.jpg\",\"contentUrl\":\"https:\/\/huadongswacable.com\/wp-content\/uploads\/2021\/09\/get-best-4-core-240-sq-mm-cu-xlpe-pvc-swa-armoured-cable-price.jpg\",\"width\":350,\"height\":262,\"caption\":\"get best 4 core 240 sq mm cu xlpe pvc swa armoured cable price\"},{\"@type\":\"WebPage\",\"@id\":\"https:\/\/huadongswacable.com\/240-sq-mm-4-core-armoured-cable-price\/#webpage\",\"url\":\"https:\/\/huadongswacable.com\/240-sq-mm-4-core-armoured-cable-price\/\",\"name\":\"240mm 4 Core Armoured Cable Price | 240 sq mm 4C SWA Cable Supplier\",\"isPartOf\":{\"@id\":\"http:\/\/huadongswacable.com\/ru\/#website\"},\"primaryImageOfPage\":{\"@id\":\"https:\/\/huadongswacable.com\/240-sq-mm-4-core-armoured-cable-price\/#primaryimage\"},\"datePublished\":\"2021-09-27T06:23:48+00:00\",\"dateModified\":\"2022-12-19T06:10:50+00:00\",\"description\":\"We are 0.6\/1kv 4 core 240 sq mm armoured cable manufacturer, supply 240mm 4 core armoured cable price and tell how much is 4c 240mm2 cable.\",\"breadcrumb\":{\"@id\":\"https:\/\/huadongswacable.com\/240-sq-mm-4-core-armoured-cable-price\/#breadcrumb\"},\"inLanguage\":\"es\",\"potentialAction\":[{\"@type\":\"ReadAction\",\"target\":[\"https:\/\/huadongswacable.com\/240-sq-mm-4-core-armoured-cable-price\/\"]}]},{\"@type\":\"BreadcrumbList\",\"@id\":\"https:\/\/huadongswacable.com\/240-sq-mm-4-core-armoured-cable-price\/#breadcrumb\",\"itemListElement\":[{\"@type\":\"ListItem\",\"position\":1,\"name\":\"Home\",\"item\":\"http:\/\/huadongswacable.com\/ru\/\"},{\"@type\":\"ListItem\",\"position\":2,\"name\":\"240 SQ MM 4 Core Armoured Cable Price Per Meter\"}]}]}<\/script>\n<!-- \/ Yoast SEO plugin. -->","yoast_head_json":{"title":"240mm 4 Core Armoured Cable Price | 240 sq mm 4C SWA Cable Supplier","description":"We are 0.6\/1kv 4 core 240 sq mm armoured cable manufacturer, supply 240mm 4 core armoured cable price and tell how much is 4c 240mm2 cable.","robots":{"index":"index","follow":"follow","max-snippet":"max-snippet:-1","max-image-preview":"max-image-preview:large","max-video-preview":"max-video-preview:-1"},"canonical":"https:\/\/huadongswacable.com\/es\/240-sq-mm-4-core-armoured-cable-price\/","og_locale":"es_ES","og_type":"article","og_title":"240mm 4 Core Armoured Cable Price | 240 sq mm 4C SWA Cable Supplier","og_description":"We are 0.6\/1kv 4 core 240 sq mm armoured cable manufacturer, supply 240mm 4 core armoured cable price and tell how much is 4c 240mm2 cable.","og_url":"https:\/\/huadongswacable.com\/es\/240-sq-mm-4-core-armoured-cable-price\/","og_site_name":"Huadong SWA Cable","article_modified_time":"2022-12-19T06:10:50+00:00","og_image":[{"url":"https:\/\/huadongswacable.com\/wp-content\/uploads\/2021\/09\/get-best-4-core-240-sq-mm-cu-xlpe-pvc-swa-armoured-cable-price.jpg"}],"twitter_card":"summary_large_image","twitter_misc":{"Tiempo de lectura":"5 minutos"},"schema":{"@context":"https:\/\/schema.org","@graph":[{"@type":"WebSite","@id":"http:\/\/huadongswacable.com\/ru\/#website","url":"http:\/\/huadongswacable.com\/ru\/","name":"Huadong SWA Cable","description":"Huadong SWA Cable","potentialAction":[{"@type":"SearchAction","target":{"@type":"EntryPoint","urlTemplate":"http:\/\/huadongswacable.com\/ru\/?s={search_term_string}"},"query-input":"required name=search_term_string"}],"inLanguage":"es"},{"@type":"ImageObject","@id":"https:\/\/huadongswacable.com\/240-sq-mm-4-core-armoured-cable-price\/#primaryimage","inLanguage":"es","url":"https:\/\/huadongswacable.com\/wp-content\/uploads\/2021\/09\/get-best-4-core-240-sq-mm-cu-xlpe-pvc-swa-armoured-cable-price.jpg","contentUrl":"https:\/\/huadongswacable.com\/wp-content\/uploads\/2021\/09\/get-best-4-core-240-sq-mm-cu-xlpe-pvc-swa-armoured-cable-price.jpg","width":350,"height":262,"caption":"get best 4 core 240 sq mm cu xlpe pvc swa armoured cable price"},{"@type":"WebPage","@id":"https:\/\/huadongswacable.com\/240-sq-mm-4-core-armoured-cable-price\/#webpage","url":"https:\/\/huadongswacable.com\/240-sq-mm-4-core-armoured-cable-price\/","name":"240mm 4 Core Armoured Cable Price | 240 sq mm 4C SWA Cable Supplier","isPartOf":{"@id":"http:\/\/huadongswacable.com\/ru\/#website"},"primaryImageOfPage":{"@id":"https:\/\/huadongswacable.com\/240-sq-mm-4-core-armoured-cable-price\/#primaryimage"},"datePublished":"2021-09-27T06:23:48+00:00","dateModified":"2022-12-19T06:10:50+00:00","description":"We are 0.6\/1kv 4 core 240 sq mm armoured cable manufacturer, supply 240mm 4 core armoured cable price and tell how much is 4c 240mm2 cable.","breadcrumb":{"@id":"https:\/\/huadongswacable.com\/240-sq-mm-4-core-armoured-cable-price\/#breadcrumb"},"inLanguage":"es","potentialAction":[{"@type":"ReadAction","target":["https:\/\/huadongswacable.com\/240-sq-mm-4-core-armoured-cable-price\/"]}]},{"@type":"BreadcrumbList","@id":"https:\/\/huadongswacable.com\/240-sq-mm-4-core-armoured-cable-price\/#breadcrumb","itemListElement":[{"@type":"ListItem","position":1,"name":"Home","item":"http:\/\/huadongswacable.com\/ru\/"},{"@type":"ListItem","position":2,"name":"240 SQ MM 4 Core Armoured Cable Price Per Meter"}]}]}},"_links":{"self":[{"href":"https:\/\/huadongswacable.com\/es\/wp-json\/wp\/v2\/pages\/6386","targetHints":{"allow":["GET"]}}],"collection":[{"href":"https:\/\/huadongswacable.com\/es\/wp-json\/wp\/v2\/pages"}],"about":[{"href":"https:\/\/huadongswacable.com\/es\/wp-json\/wp\/v2\/types\/page"}],"author":[{"embeddable":true,"href":"https:\/\/huadongswacable.com\/es\/wp-json\/wp\/v2\/users\/1"}],"replies":[{"embeddable":true,"href":"https:\/\/huadongswacable.com\/es\/wp-json\/wp\/v2\/comments?post=6386"}],"version-history":[{"count":10,"href":"https:\/\/huadongswacable.com\/es\/wp-json\/wp\/v2\/pages\/6386\/revisions"}],"predecessor-version":[{"id":7769,"href":"https:\/\/huadongswacable.com\/es\/wp-json\/wp\/v2\/pages\/6386\/revisions\/7769"}],"wp:attachment":[{"href":"https:\/\/huadongswacable.com\/es\/wp-json\/wp\/v2\/media?parent=6386"}],"curies":[{"name":"wp","href":"https:\/\/api.w.org\/{rel}","templated":true}]}}