{"id":633,"date":"2018-04-02T16:00:03","date_gmt":"2018-04-02T08:00:03","guid":{"rendered":"http:\/\/huadongswacable.com\/?page_id=633"},"modified":"2022-12-19T11:51:52","modified_gmt":"2022-12-19T03:51:52","slug":"single-core-armoured-cable","status":"publish","type":"page","link":"https:\/\/huadongswacable.com\/es\/cable-armado-unipolar\/","title":{"rendered":"Venta de cable armado unipolar de 16 mm 25 mm 50 mm"},"content":{"rendered":"<h2>\u00bfD\u00f3nde comprar cable armado unipolar?<\/h2>\n<p>Huadong Cable Group es un proveedor l\u00edder de cable armado unipolar en China. Hay alta calidad y precio relativamente bajo 25mm single core cable blindado para la venta. Tenemos m\u00e1s de 30 a\u00f1os de experiencia en la producci\u00f3n de cable armado de un solo alambre de 50 mm cuadrados. Adem\u00e1s, tenemos m\u00e1s de 20 a\u00f1os de experiencia en la exportaci\u00f3n de cable blindado de aluminio de un solo n\u00facleo. En cada proceso de producci\u00f3n de cable blindado monof\u00e1sico, cumplimos estrictamente con las normas de producci\u00f3n de cable blindado monof\u00e1sico. Si s\u00f3lo necesita cable blindado monof\u00e1sico, entonces Huadong es definitivamente su opci\u00f3n ideal. Ahora p\u00f3ngase en contacto con nosotros para obtener su cotizaci\u00f3n de cable SWA de un solo n\u00facleo.<\/p>\n<div class=\"row prolisttable\">\n<div class=\"col-lg-12 col-md-12 col-xs-12 col-sm-12\">\n<table>\n<tbody>\n<tr>\n<td><img loading=\"lazy\" decoding=\"async\" class=\"aligncenter size-full wp-image-5945\" src=\"https:\/\/huadongswacable.com\/wp-content\/uploads\/2021\/06\/16mm-xlpe-pvc-ata-single-core-cable-for-sale.jpg\" alt=\"16mm xlpe pvc ata single core cable para la venta\" width=\"350\" height=\"350\" srcset=\"https:\/\/huadongswacable.com\/wp-content\/uploads\/2021\/06\/16mm-xlpe-pvc-ata-single-core-cable-for-sale.jpg 350w, https:\/\/huadongswacable.com\/wp-content\/uploads\/2021\/06\/16mm-xlpe-pvc-ata-single-core-cable-for-sale-300x300.jpg 300w, https:\/\/huadongswacable.com\/wp-content\/uploads\/2021\/06\/16mm-xlpe-pvc-ata-single-core-cable-for-sale-150x150.jpg 150w\" sizes=\"auto, (max-width: 350px) 100vw, 350px\" \/><\/td>\n<td><strong>Conductor:<\/strong> Aluminio<\/p>\n<p><strong>Tensi\u00f3n:<\/strong> 0,6\/1kv, 6,6kv, 12\/20kv, 11kv, 15kv\uff0c33kv<\/p>\n<p><strong>Blindado:<\/strong>\u00a0 AWA (Aluminium Wire Armoured) ATA (Aluminium Tape Armoured)<\/p>\n<p><strong>Aislamiento:<\/strong> XLPE \/ PVC \/ LSF \/ Resistente al fuego<\/p>\n<p><strong>Secci\u00f3n \u00c1rea:<\/strong> 1,5mm2-1000mm2<\/p>\n<p><strong>Est\u00e1ndar:<\/strong> IEC 60502, BS 7870, GB\/ T12706 u otras.<\/p>\n<p><strong>Embalaje:<\/strong> Tambor de hierro o madera<\/td>\n<\/tr>\n<\/tbody>\n<\/table>\n<\/div>\n<\/div>\n<p style=\"text-align: center;\"><span class=\"su-lightbox\" data-mfp-src=\"#Popup\" data-mfp-type=\"inline\" data-mobile=\"yes\"><button class=\"btn btn-danger btn-sm\" ><i class=\"fa fa-hand-o-right\" style=\"color:#ffffff;\"><\/i> Obtener presupuesto<\/button><\/span>\n<h2>\u00bfQu\u00e9 caracter\u00edsticas tiene el cable unipolar de 25 mm?<\/h2>\n<p>Antes de comprar cable blindado monof\u00e1sico de 25 mm, debe conocer las caracter\u00edsticas y aplicaciones del cable blindado monof\u00e1sico. Pero si ya conoc\u00eda esta informaci\u00f3n b\u00e1sica, puede ponerse en contacto con nosotros para comprar un solo n\u00facleo de aluminio cable blindado directamente. El cable armado monof\u00e1sico es un cable de alimentaci\u00f3n monof\u00e1sico con armadura de alambre de aluminio o armadura de cinta de aluminio. Puede elegir el cable blindado monof\u00e1sico AWA o el cable blindado monof\u00e1sico ATA seg\u00fan sus aplicaciones. No dude en ponerse en contacto con nosotros. Adem\u00e1s, obtendr\u00e1 SWA cable blindado monof\u00e1sico precio de f\u00e1brica si usted elige Huadong Grupo como su proveedor.<\/p>\n<div class=\"row prolisttable\">\n<div class=\"col-lg-12 col-md-12 col-xs-12 col-sm-12\">\n<table>\n<tbody>\n<tr>\n<td><img loading=\"lazy\" decoding=\"async\" class=\"aligncenter size-full wp-image-5952\" src=\"https:\/\/huadongswacable.com\/wp-content\/uploads\/2021\/06\/1C-x-185mm-150mm-120mm-xlpe-pvc-awa-copper-wire.jpg\" alt=\"cable armado de pvc xlpe de 25 mm\" width=\"300\" height=\"300\" srcset=\"https:\/\/huadongswacable.com\/wp-content\/uploads\/2021\/06\/1C-x-185mm-150mm-120mm-xlpe-pvc-awa-copper-wire.jpg 300w, https:\/\/huadongswacable.com\/wp-content\/uploads\/2021\/06\/1C-x-185mm-150mm-120mm-xlpe-pvc-awa-copper-wire-150x150.jpg 150w\" sizes=\"auto, (max-width: 300px) 100vw, 300px\" \/><\/td>\n<td><strong>Conductor:<\/strong> Cobre<\/p>\n<p><strong>Tensi\u00f3n:<\/strong> 0,6\/1kv, 6,6kv, 12\/20kv, 11kv, 15kv\uff0c33kv<\/p>\n<p><strong>Secci\u00f3n \u00c1rea:<\/strong> 16 mm, 25 mm, 35 mm, 50 mm, 95 mm, 120 mm, 150 mm, 185 mm, 240 mm, 300 mm, etc.<\/p>\n<p><strong>Blindado:<\/strong>\u00a0 AWA (Aluminium Wire Armoured) ATA (Aluminium Tape Armoured)<\/p>\n<p><strong>Aislamiento:<\/strong> XLPE \/ PVC \/ LSF \/ Resistente al fuego<\/p>\n<p><strong>Est\u00e1ndar:<\/strong> IEC 60502, BS 7870, GB\/ T12706 u otras.<\/td>\n<\/tr>\n<\/tbody>\n<\/table>\n<\/div>\n<\/div>\n<p style=\"text-align: center;\"><span class=\"su-lightbox\" data-mfp-src=\"#Popup\" data-mfp-type=\"inline\" data-mobile=\"yes\"><button class=\"btn btn-danger btn-sm\" ><i class=\"fa fa-hand-o-right\" style=\"color:#ffffff;\"><\/i> Obtener presupuesto<\/button><\/span>\n<p>Si no sabe qu\u00e9 tipo de cable armado monofilar necesita, no dude en ponerse en contacto con nosotros. Huadong Cable Group cuenta con una amplia experiencia en el asesoramiento para la selecci\u00f3n de cables armados de aluminio unipolares. Como fabricante profesional de cables unipolares de 25 mm, contamos con un equipo t\u00e9cnico a su disposici\u00f3n para analizar su aplicaci\u00f3n. Y ayudarle a cumplir los requisitos espec\u00edficos. Ahora deje su mensaje y obtenga su lista de precios de cable blindado de aluminio de un solo n\u00facleo ahora.<\/p>\n<p><img loading=\"lazy\" decoding=\"async\" class=\"aligncenter size-full wp-image-5954\" src=\"https:\/\/huadongswacable.com\/wp-content\/uploads\/2021\/06\/single-core-armoured-cable-size-structure.jpg\" alt=\"Estructura de tama\u00f1o de cable armado unipolar de 25 mm\" width=\"864\" height=\"256\" srcset=\"https:\/\/huadongswacable.com\/wp-content\/uploads\/2021\/06\/single-core-armoured-cable-size-structure.jpg 864w, https:\/\/huadongswacable.com\/wp-content\/uploads\/2021\/06\/single-core-armoured-cable-size-structure-300x89.jpg 300w, https:\/\/huadongswacable.com\/wp-content\/uploads\/2021\/06\/single-core-armoured-cable-size-structure-768x228.jpg 768w\" sizes=\"auto, (max-width: 864px) 100vw, 864px\" \/><\/p>\n<p>Adem\u00e1s del cable armado unipolar m\u00e1s est\u00e1ndar, tambi\u00e9n suministramos una gama para aplicaciones especializadas. Puede estar seguro de la calidad de nuestro cable blindado monofilar. En cuanto al precio, tambi\u00e9n puede compararlo con el de otros fabricantes de cable blindado monof\u00e1sico. Y entonces usted encontrar\u00e1 que nuestro cable blindado monof\u00e1sico precio es bastante favorable. Usted puede visitar nuestra f\u00e1brica si es conveniente para usted o podemos enviar cable blindado monof\u00e1sico muestras gratis para usted. S\u00f3lo tiene que dejar su mensaje.<\/p>\n<p style=\"text-align: center;\"><span class=\"su-lightbox\" data-mfp-src=\"#Popup\" data-mfp-type=\"inline\" data-mobile=\"yes\"><button class=\"btn btn-danger btn-sm\" ><i class=\"fa fa-hand-o-right\" style=\"color:#ffffff;\"><\/i> Obtener presupuesto<\/button><\/span>\n<h3>Por qu\u00e9 elegirnos\uff1f<\/h3>\n<p>Proceso del producto: Nuestro cable armado de un solo n\u00facleo utiliza material conductor de aluminio\/cobre recocido de alta calidad y material aislante de XLPE (polietileno reticulado)\/PVC cloruro de polivinilo natural. Cada proceso de producci\u00f3n ha sido estrictamente comprobado por nuestros ingenieros t\u00e9cnicos profesionales. El cable blindado de n\u00facleo \u00fanico se embala en un tambor de hierro o madera, o seg\u00fan los requisitos del cliente.<\/p>\n<p><img loading=\"lazy\" decoding=\"async\" class=\"aligncenter\" src=\"https:\/\/huadongswacable.com\/wp-content\/uploads\/2019\/02\/16mm-single-core-cable-supplier-.jpg\" alt=\"precio cable armado unipolar 50mm 70mm \" width=\"900\" height=\"333\" \/><\/p>\n<p><strong>Caso de cliente:\u00a0<\/strong>Nuestros productos de cable armado monof\u00e1sico swa se han exportado a m\u00e1s de 30 pa\u00edses. Tales como: Rusia, Am\u00e9rica, Yemen, Sudam\u00e9rica, Norteam\u00e9rica, Oriente Medio, \u00c1frica, Asia, pa\u00edses de Ocean\u00eda, etc.<\/p>\n<div class=\"su-lightbox-content su-u-trim\" id=\"Popup\" style=\"display:none;width:auto;min-width:50%;max-width:70%;margin-top:40px;margin-bottom:40px;padding:40px;background:#e8e5e5;color:#060473;box-shadow:0px 0px 15px #333333;text-align:left\"><div role=\"form\" class=\"wpcf7\" id=\"wpcf7-f5571-o1\" lang=\"en-US\" dir=\"ltr\">\n<div class=\"screen-reader-response\"><p role=\"status\" aria-live=\"polite\" aria-atomic=\"true\"><\/p> <ul><\/ul><\/div>\n<form action=\"\/es\/wp-json\/wp\/v2\/pages\/633#wpcf7-f5571-o1\" method=\"post\" class=\"wpcf7-form init\" novalidate=\"novalidate\" data-status=\"init\" data-trp-original-action=\"\/es\/wp-json\/wp\/v2\/pages\/633#wpcf7-f5571-o1\">\n<div style=\"display: none;\">\n<input type=\"hidden\" name=\"_wpcf7\" value=\"5571\" \/>\n<input type=\"hidden\" name=\"_wpcf7_version\" value=\"5.5.6\" \/>\n<input type=\"hidden\" name=\"_wpcf7_locale\" value=\"en_US\" \/>\n<input type=\"hidden\" name=\"_wpcf7_unit_tag\" value=\"wpcf7-f5571-o1\" \/>\n<input type=\"hidden\" name=\"_wpcf7_container_post\" value=\"0\" \/>\n<input type=\"hidden\" name=\"_wpcf7_posted_data_hash\" value=\"\" \/>\n<\/div>\n<div class=\"popmakerform\">\n<p>Su nombre <span style=\"color:red;\">*<span><br \/>\n<span class=\"wpcf7-form-control-wrap your-name\"><input type=\"text\" name=\"your-name\" value=\"\" size=\"40\" class=\"wpcf7-form-control wpcf7-text wpcf7-validates-as-required\" aria-required=\"true\" aria-invalid=\"false\" \/><\/span><\/p>\n<p>Su correo electr\u00f3nico <span style=\"color:red;\">*<span><br \/>\n<span class=\"wpcf7-form-control-wrap your-email\"><input type=\"email\" name=\"your-email\" value=\"\" size=\"40\" class=\"wpcf7-form-control wpcf7-text wpcf7-email wpcf7-validates-as-required wpcf7-validates-as-email\" aria-required=\"true\" aria-invalid=\"false\" \/><\/span><\/p>\n<p>Su n\u00famero de tel\u00e9fono<br \/>\n<span class=\"wpcf7-form-control-wrap your-phone\"><input type=\"text\" name=\"your-phone\" value=\"\" size=\"40\" class=\"wpcf7-form-control wpcf7-text\" aria-invalid=\"false\" \/><\/span><\/p>\n<p>Su pa\u00eds<br \/>\n<span class=\"wpcf7-form-control-wrap your-country\"><input type=\"text\" name=\"your-country\" value=\"\" size=\"40\" class=\"wpcf7-form-control wpcf7-text\" aria-invalid=\"false\" \/><\/span><\/p>\n<p>Requisitos detallados <span style=\"color:red;\">*<span><br \/>\n<span class=\"wpcf7-form-control-wrap your-requirement\"><textarea name=\"your-requirement\" cols=\"40\" rows=\"4\" class=\"wpcf7-form-control wpcf7-textarea wpcf7-validates-as-required\" aria-required=\"true\" aria-invalid=\"false\"><\/textarea><\/span><\/p>\n<p><input type=\"submit\" value=\"Obtener presupuesto\" class=\"wpcf7-form-control has-spinner wpcf7-submit\" \/><\/p>\n<\/div>\n<p style=\"display: none !important;\"><label>&#916;<textarea name=\"_wpcf7_ak_hp_textarea\" cols=\"45\" rows=\"8\" maxlength=\"100\"><\/textarea><\/label><input type=\"hidden\" id=\"ak_js_1\" name=\"_wpcf7_ak_js\" value=\"240\"\/><script>document.getElementById( \"ak_js_1\" ).setAttribute( \"value\", ( new Date() ).getTime() );<\/script><\/p><input type='hidden' class='wpcf7-pum' value='{\"closepopup\":false,\"closedelay\":0,\"openpopup\":false,\"openpopup_id\":0}' \/><div class=\"wpcf7-response-output\" aria-hidden=\"true\"><\/div><input type=\"hidden\" name=\"trp-form-language\" value=\"es\"\/><\/form><\/div><\/div>\n<h3>No dude en indicarnos sus necesidades. Le contestaremos en el plazo de 12 horas.<\/h3>\n<div role=\"form\" class=\"wpcf7\" id=\"wpcf7-f6-o2\" lang=\"en-US\" dir=\"ltr\">\n<div class=\"screen-reader-response\"><p role=\"status\" aria-live=\"polite\" aria-atomic=\"true\"><\/p> <ul><\/ul><\/div>\n<form action=\"\/es\/wp-json\/wp\/v2\/pages\/633#wpcf7-f6-o2\" method=\"post\" class=\"wpcf7-form init\" novalidate=\"novalidate\" data-status=\"init\" data-trp-original-action=\"\/es\/wp-json\/wp\/v2\/pages\/633#wpcf7-f6-o2\">\n<div style=\"display: none;\">\n<input type=\"hidden\" name=\"_wpcf7\" value=\"6\" \/>\n<input type=\"hidden\" name=\"_wpcf7_version\" value=\"5.5.6\" \/>\n<input type=\"hidden\" name=\"_wpcf7_locale\" value=\"en_US\" \/>\n<input type=\"hidden\" name=\"_wpcf7_unit_tag\" value=\"wpcf7-f6-o2\" \/>\n<input type=\"hidden\" name=\"_wpcf7_container_post\" value=\"0\" \/>\n<input type=\"hidden\" name=\"_wpcf7_posted_data_hash\" value=\"\" \/>\n<\/div>\n<div class=\"messageform\">\n<p><strong><span style=\"color:red;\"><\/span> Su nombre<\/strong><br \/>\n    <span class=\"wpcf7-form-control-wrap your-name\"><input type=\"text\" name=\"your-name\" value=\"\" size=\"40\" class=\"wpcf7-form-control wpcf7-text\" aria-invalid=\"false\" \/><\/span> <\/p>\n<p><strong><span style=\"color:red;\">*<\/span> Su correo electr\u00f3nico<\/strong><br \/>\n    <span class=\"wpcf7-form-control-wrap your-email\"><input type=\"email\" name=\"your-email\" value=\"\" size=\"40\" class=\"wpcf7-form-control wpcf7-text wpcf7-email wpcf7-validates-as-required wpcf7-validates-as-email\" aria-required=\"true\" aria-invalid=\"false\" \/><\/span> <\/p>\n<p><strong>Su n\u00famero de tel\u00e9fono<\/strong><br \/>\n    <span class=\"wpcf7-form-control-wrap your-phone\"><input type=\"text\" name=\"your-phone\" value=\"\" size=\"40\" class=\"wpcf7-form-control wpcf7-text\" aria-invalid=\"false\" placeholder=\"Incluya el prefijo\" \/><\/span> <\/p>\n<p><strong>Su pa\u00eds<\/strong><br \/>\n    <span class=\"wpcf7-form-control-wrap your-country\"><input type=\"text\" name=\"your-country\" value=\"\" size=\"40\" class=\"wpcf7-form-control wpcf7-text\" aria-invalid=\"false\" \/><\/span> <\/p>\n<p><strong><span style=\"color:red;\">*<\/span> Sus requisitos<\/strong><br \/>\n    <span class=\"wpcf7-form-control-wrap your-requirement\"><textarea name=\"your-requirement\" cols=\"40\" rows=\"10\" class=\"wpcf7-form-control wpcf7-textarea wpcf7-validates-as-required bestonmessage\" aria-required=\"true\" aria-invalid=\"false\" placeholder=\"Para obtener un presupuesto detallado, env\u00edenos sus requisitos.\"><\/textarea><\/span> <\/p>\n<p><input type=\"submit\" value=\"Enviar mensaje\" class=\"wpcf7-form-control has-spinner wpcf7-submit\" \/><\/p>\n<\/div>\n<p style=\"display: none !important;\"><label>&#916;<textarea name=\"_wpcf7_ak_hp_textarea\" cols=\"45\" rows=\"8\" maxlength=\"100\"><\/textarea><\/label><input type=\"hidden\" id=\"ak_js_2\" name=\"_wpcf7_ak_js\" value=\"112\"\/><script>document.getElementById( \"ak_js_2\" ).setAttribute( \"value\", ( new Date() ).getTime() );<\/script><\/p><input type='hidden' class='wpcf7-pum' value='{\"closepopup\":false,\"closedelay\":0,\"openpopup\":false,\"openpopup_id\":0}' \/><div class=\"wpcf7-response-output\" aria-hidden=\"true\"><\/div><input type=\"hidden\" name=\"trp-form-language\" value=\"es\"\/><\/form><\/div>","protected":false},"excerpt":{"rendered":"<p>\u00bfD\u00f3nde comprar cable armado unipolar? Huadong Cable Group es uno de los principales proveedores de cable armado unipolar de China. Hay alta calidad y precio relativamente bajo 25mm cable blindado de un solo n\u00facleo para la venta. Tenemos m\u00e1s de 30 a\u00f1os de experiencia en la producci\u00f3n de cable armado de un solo alambre de 50 mm2. Adem\u00e1s, tenemos ... <a class=\"read-more\" href=\"https:\/\/huadongswacable.com\/es\/cable-armado-unipolar\/\">Leer m\u00e1s...<\/a><\/p>","protected":false},"author":1,"featured_media":0,"parent":0,"menu_order":0,"comment_status":"closed","ping_status":"closed","template":"","meta":{"footnotes":""},"class_list":["post-633","page","type-page","status-publish"],"yoast_head":"<!-- This site is optimized with the Yoast SEO plugin v18.4.1 - https:\/\/yoast.com\/wordpress\/plugins\/seo\/ -->\n<title>16mm 25mm 50mm Single Core Armoured Cable<\/title>\n<meta name=\"description\" content=\"Huadong has best 16mm 25mm 50mm 95mm 120mm 150mm 185mm single core armoured cable price for sale. We are professional 1C x 25mm armoured cable manufacturer in China.\" \/>\n<meta name=\"robots\" content=\"index, follow, max-snippet:-1, max-image-preview:large, max-video-preview:-1\" \/>\n<link rel=\"canonical\" href=\"http:\/\/huadongswacable.com\/es\/single-core-armoured-cable\/\" \/>\n<meta property=\"og:locale\" content=\"es_ES\" \/>\n<meta property=\"og:type\" content=\"article\" \/>\n<meta property=\"og:title\" content=\"16mm 25mm 50mm Single Core Armoured Cable\" \/>\n<meta property=\"og:description\" content=\"Huadong has best 16mm 25mm 50mm 95mm 120mm 150mm 185mm single core armoured cable price for sale. We are professional 1C x 25mm armoured cable manufacturer in China.\" \/>\n<meta property=\"og:url\" content=\"http:\/\/huadongswacable.com\/es\/single-core-armoured-cable\/\" \/>\n<meta property=\"og:site_name\" content=\"Huadong SWA Cable\" \/>\n<meta property=\"article:modified_time\" content=\"2022-12-19T03:51:52+00:00\" \/>\n<meta property=\"og:image\" content=\"https:\/\/huadongswacable.com\/wp-content\/uploads\/2021\/06\/16mm-xlpe-pvc-ata-single-core-cable-for-sale.jpg\" \/>\n<meta name=\"twitter:card\" content=\"summary_large_image\" \/>\n<meta name=\"twitter:label1\" content=\"Tiempo de lectura\" \/>\n\t<meta name=\"twitter:data1\" content=\"4 minutos\" \/>\n<script type=\"application\/ld+json\" class=\"yoast-schema-graph\">{\"@context\":\"https:\/\/schema.org\",\"@graph\":[{\"@type\":\"WebSite\",\"@id\":\"http:\/\/huadongswacable.com\/ru\/#website\",\"url\":\"http:\/\/huadongswacable.com\/ru\/\",\"name\":\"Huadong SWA Cable\",\"description\":\"Huadong SWA Cable\",\"potentialAction\":[{\"@type\":\"SearchAction\",\"target\":{\"@type\":\"EntryPoint\",\"urlTemplate\":\"http:\/\/huadongswacable.com\/ru\/?s={search_term_string}\"},\"query-input\":\"required name=search_term_string\"}],\"inLanguage\":\"es\"},{\"@type\":\"ImageObject\",\"@id\":\"http:\/\/huadongswacable.com\/fr\/single-core-armoured-cable\/#primaryimage\",\"inLanguage\":\"es\",\"url\":\"https:\/\/huadongswacable.com\/wp-content\/uploads\/2021\/06\/16mm-xlpe-pvc-ata-single-core-cable-for-sale.jpg\",\"contentUrl\":\"https:\/\/huadongswacable.com\/wp-content\/uploads\/2021\/06\/16mm-xlpe-pvc-ata-single-core-cable-for-sale.jpg\",\"width\":350,\"height\":350,\"caption\":\"16mm xlpe pvc ata single core cable for sale\"},{\"@type\":\"WebPage\",\"@id\":\"http:\/\/huadongswacable.com\/fr\/single-core-armoured-cable\/#webpage\",\"url\":\"http:\/\/huadongswacable.com\/fr\/single-core-armoured-cable\/\",\"name\":\"16mm 25mm 50mm Single Core Armoured Cable\",\"isPartOf\":{\"@id\":\"http:\/\/huadongswacable.com\/ru\/#website\"},\"primaryImageOfPage\":{\"@id\":\"http:\/\/huadongswacable.com\/fr\/single-core-armoured-cable\/#primaryimage\"},\"datePublished\":\"2018-04-02T08:00:03+00:00\",\"dateModified\":\"2022-12-19T03:51:52+00:00\",\"description\":\"Huadong has best 16mm 25mm 50mm 95mm 120mm 150mm 185mm single core armoured cable price for sale. We are professional 1C x 25mm armoured cable manufacturer in China.\",\"breadcrumb\":{\"@id\":\"http:\/\/huadongswacable.com\/fr\/single-core-armoured-cable\/#breadcrumb\"},\"inLanguage\":\"es\",\"potentialAction\":[{\"@type\":\"ReadAction\",\"target\":[\"http:\/\/huadongswacable.com\/fr\/single-core-armoured-cable\/\"]}]},{\"@type\":\"BreadcrumbList\",\"@id\":\"http:\/\/huadongswacable.com\/fr\/single-core-armoured-cable\/#breadcrumb\",\"itemListElement\":[{\"@type\":\"ListItem\",\"position\":1,\"name\":\"Home\",\"item\":\"http:\/\/huadongswacable.com\/ru\/\"},{\"@type\":\"ListItem\",\"position\":2,\"name\":\"16mm 25mm 50mm Single Core Armoured Cable For Sale\"}]}]}<\/script>\n<!-- \/ Yoast SEO plugin. -->","yoast_head_json":{"title":"16mm 25mm 50mm Single Core Armoured Cable","description":"Huadong has best 16mm 25mm 50mm 95mm 120mm 150mm 185mm single core armoured cable price for sale. We are professional 1C x 25mm armoured cable manufacturer in China.","robots":{"index":"index","follow":"follow","max-snippet":"max-snippet:-1","max-image-preview":"max-image-preview:large","max-video-preview":"max-video-preview:-1"},"canonical":"http:\/\/huadongswacable.com\/es\/single-core-armoured-cable\/","og_locale":"es_ES","og_type":"article","og_title":"16mm 25mm 50mm Single Core Armoured Cable","og_description":"Huadong has best 16mm 25mm 50mm 95mm 120mm 150mm 185mm single core armoured cable price for sale. We are professional 1C x 25mm armoured cable manufacturer in China.","og_url":"http:\/\/huadongswacable.com\/es\/single-core-armoured-cable\/","og_site_name":"Huadong SWA Cable","article_modified_time":"2022-12-19T03:51:52+00:00","og_image":[{"url":"https:\/\/huadongswacable.com\/wp-content\/uploads\/2021\/06\/16mm-xlpe-pvc-ata-single-core-cable-for-sale.jpg"}],"twitter_card":"summary_large_image","twitter_misc":{"Tiempo de lectura":"4 minutos"},"schema":{"@context":"https:\/\/schema.org","@graph":[{"@type":"WebSite","@id":"http:\/\/huadongswacable.com\/ru\/#website","url":"http:\/\/huadongswacable.com\/ru\/","name":"Huadong SWA Cable","description":"Huadong SWA Cable","potentialAction":[{"@type":"SearchAction","target":{"@type":"EntryPoint","urlTemplate":"http:\/\/huadongswacable.com\/ru\/?s={search_term_string}"},"query-input":"required name=search_term_string"}],"inLanguage":"es"},{"@type":"ImageObject","@id":"http:\/\/huadongswacable.com\/fr\/single-core-armoured-cable\/#primaryimage","inLanguage":"es","url":"https:\/\/huadongswacable.com\/wp-content\/uploads\/2021\/06\/16mm-xlpe-pvc-ata-single-core-cable-for-sale.jpg","contentUrl":"https:\/\/huadongswacable.com\/wp-content\/uploads\/2021\/06\/16mm-xlpe-pvc-ata-single-core-cable-for-sale.jpg","width":350,"height":350,"caption":"16mm xlpe pvc ata single core cable for sale"},{"@type":"WebPage","@id":"http:\/\/huadongswacable.com\/fr\/single-core-armoured-cable\/#webpage","url":"http:\/\/huadongswacable.com\/fr\/single-core-armoured-cable\/","name":"16mm 25mm 50mm Single Core Armoured Cable","isPartOf":{"@id":"http:\/\/huadongswacable.com\/ru\/#website"},"primaryImageOfPage":{"@id":"http:\/\/huadongswacable.com\/fr\/single-core-armoured-cable\/#primaryimage"},"datePublished":"2018-04-02T08:00:03+00:00","dateModified":"2022-12-19T03:51:52+00:00","description":"Huadong has best 16mm 25mm 50mm 95mm 120mm 150mm 185mm single core armoured cable price for sale. We are professional 1C x 25mm armoured cable manufacturer in China.","breadcrumb":{"@id":"http:\/\/huadongswacable.com\/fr\/single-core-armoured-cable\/#breadcrumb"},"inLanguage":"es","potentialAction":[{"@type":"ReadAction","target":["http:\/\/huadongswacable.com\/fr\/single-core-armoured-cable\/"]}]},{"@type":"BreadcrumbList","@id":"http:\/\/huadongswacable.com\/fr\/single-core-armoured-cable\/#breadcrumb","itemListElement":[{"@type":"ListItem","position":1,"name":"Home","item":"http:\/\/huadongswacable.com\/ru\/"},{"@type":"ListItem","position":2,"name":"16mm 25mm 50mm Single Core Armoured Cable For Sale"}]}]}},"_links":{"self":[{"href":"https:\/\/huadongswacable.com\/es\/wp-json\/wp\/v2\/pages\/633","targetHints":{"allow":["GET"]}}],"collection":[{"href":"https:\/\/huadongswacable.com\/es\/wp-json\/wp\/v2\/pages"}],"about":[{"href":"https:\/\/huadongswacable.com\/es\/wp-json\/wp\/v2\/types\/page"}],"author":[{"embeddable":true,"href":"https:\/\/huadongswacable.com\/es\/wp-json\/wp\/v2\/users\/1"}],"replies":[{"embeddable":true,"href":"https:\/\/huadongswacable.com\/es\/wp-json\/wp\/v2\/comments?post=633"}],"version-history":[{"count":24,"href":"https:\/\/huadongswacable.com\/es\/wp-json\/wp\/v2\/pages\/633\/revisions"}],"predecessor-version":[{"id":7763,"href":"https:\/\/huadongswacable.com\/es\/wp-json\/wp\/v2\/pages\/633\/revisions\/7763"}],"wp:attachment":[{"href":"https:\/\/huadongswacable.com\/es\/wp-json\/wp\/v2\/media?parent=633"}],"curies":[{"name":"wp","href":"https:\/\/api.w.org\/{rel}","templated":true}]}}