{"id":5117,"date":"2020-12-10T17:24:37","date_gmt":"2020-12-10T09:24:37","guid":{"rendered":"http:\/\/huadongswacable.com\/?page_id=5117"},"modified":"2022-12-19T15:04:02","modified_gmt":"2022-12-19T07:04:02","slug":"kabel-nyy-indonesia","status":"publish","type":"page","link":"https:\/\/huadongswacable.com\/es\/kabel-nyy-indonesia\/","title":{"rendered":"4x4mm 4x10mm 4x16mm 4x25mm 4x35mm 4x50mm 4x70mm 4x95mm Kabel NYY Indonesia"},"content":{"rendered":"<h2>\u00bfQu\u00e9 tama\u00f1o de kabel nyy necesita?<\/h2>\n<p>En general, las aplicaciones del cable nyy son muy amplias. Puede utilizar el cable nyy 4\u00d74 mm en interiores, exteriores, canalizaci\u00f3n de cables y enterrado bajo tierra. Con el fin de satisfacer las necesidades de los clientes, kabel nyy en Indonesia tiene diferentes tama\u00f1os. Por ejemplo, puede elegir 4x4mm, 4x6mm,4x10mm, 4x16mm,4x25mm, 4x35mm, 4x50mm, 4x70mm, 4x95mm, 4x120mm, 4x150mm, 4x 185mm, 4x240mm, 4x300mm y otros tama\u00f1os de kabel nyy.<\/p>\n<div class=\"row\">\n<div class=\"col-lg-6 col-md-12 col-xs-12 col-sm-12\">\n<img loading=\"lazy\" decoding=\"async\" class=\"aligncenter wp-image-5142\" src=\"https:\/\/huadongswacable.com\/wp-content\/uploads\/2020\/12\/0.6-1kv-IEC60502-VDE-0276-Kabel-nyy-4x4mm-4x16mm-4x25mm.jpg\" alt=\"0,6\/1kv IEC60502 VDE 0276 Kabel nyy 4x4mm 4x16mm 4x25mm\" width=\"310\" height=\"310\" srcset=\"https:\/\/huadongswacable.com\/wp-content\/uploads\/2020\/12\/0.6-1kv-IEC60502-VDE-0276-Kabel-nyy-4x4mm-4x16mm-4x25mm.jpg 400w, https:\/\/huadongswacable.com\/wp-content\/uploads\/2020\/12\/0.6-1kv-IEC60502-VDE-0276-Kabel-nyy-4x4mm-4x16mm-4x25mm-300x300.jpg 300w, https:\/\/huadongswacable.com\/wp-content\/uploads\/2020\/12\/0.6-1kv-IEC60502-VDE-0276-Kabel-nyy-4x4mm-4x16mm-4x25mm-150x150.jpg 150w\" sizes=\"auto, (max-width: 310px) 100vw, 310px\" \/><\/div>\n<div class=\"col-lg-6 col-md-12 col-xs-12 col-sm-12\">\n<h2>Kabel NYY 4x16mm Construcci\u00f3n<\/h2>\n<p><strong>Tensi\u00f3n:<\/strong> 600\/1000V<\/p>\n<p><strong>Conductor:<\/strong> Cu, clase 1 \u00f3 2 seg\u00fan HRN HD 383 \/ IEC 60228 \/ DIN VDE 0295<\/p>\n<p><strong>Aislamiento :<\/strong>Cloruro de polivinilo (PVC)<\/p>\n<p><strong>Vaina :<\/strong> Cloruro de polivinilo (PVC)<\/p>\n<p><strong>Rango de temperatura :<\/strong> Flexi\u00f3n - 5\u00b0C a + 50\u00b0C. Instalaci\u00f3n fija -20\u00b0C a +70\u00b0C<\/p>\n<p style=\"text-align: center;\"><span class=\"su-lightbox\" data-mfp-src=\"#Popup\" data-mfp-type=\"inline\" data-mobile=\"yes\"><button class=\"btn btn-danger btn-sm\" ><i class=\"fa fa-hand-o-right\" style=\"color:#ffffff;\"><\/i> Obtener presupuesto<\/button><\/span>\n<\/div>\n<\/div>\n<p>Como proveedor profesional de kabel nyy 4x4mm, hemos exportado nuestro kabel nyy 4\u00d74 a muchos pa\u00edses. Si necesita kabel nyy en Indonesia, Malasia o Tailandia, por favor d\u00edganos. Porque podemos personalizar kabel nyy 4x6mm y otros cables no armados como a su requisito. Lo que es m\u00e1s, todos nuestros kabel nyy 4x10mm est\u00e1n de acuerdo con la norma internacional. Adem\u00e1s, podemos suministrar muestra gratuita de kabel nyy 4x16mm para usted. Despu\u00e9s de confirmar nuestra calidad kabel nyy 4\u00d735, entonces usted puede estar seguro de pedir gran cantidad kabel nyy 4x50mm. Nos comprometemos a proporcionar mejor harga kabel nyy Indonesia. Por lo tanto, si usted est\u00e1 buscando kabel nyy 4x120mm, por favor p\u00f3ngase en contacto con nosotros, podemos personalizar diferentes kabel nyy tama\u00f1o para usted.<\/p>\n<div class=\"row\">\n<div class=\"col-lg-6 col-md-12 col-xs-12 col-sm-12\">\n<img loading=\"lazy\" decoding=\"async\" class=\"aligncenter size-full wp-image-5155\" src=\"https:\/\/huadongswacable.com\/wp-content\/uploads\/2020\/12\/kabel-nyy-4x95-120-150-185-240Indonesia-price.jpg\" alt=\"kabel nyy 4x95 120 150 185 240 Indonesia precio\" width=\"350\" height=\"350\" srcset=\"https:\/\/huadongswacable.com\/wp-content\/uploads\/2020\/12\/kabel-nyy-4x95-120-150-185-240Indonesia-price.jpg 350w, https:\/\/huadongswacable.com\/wp-content\/uploads\/2020\/12\/kabel-nyy-4x95-120-150-185-240Indonesia-price-300x300.jpg 300w, https:\/\/huadongswacable.com\/wp-content\/uploads\/2020\/12\/kabel-nyy-4x95-120-150-185-240Indonesia-price-150x150.jpg 150w\" sizes=\"auto, (max-width: 350px) 100vw, 350px\" \/><\/div>\n<div class=\"col-lg-6 col-md-12 col-xs-12 col-sm-12\">\n<h2>Harga NYY 4x95mm<\/h2>\n<p><strong>Tensi\u00f3n nominal :<\/strong> Uo\/U: 0,6\/1KV<\/p>\n<p><strong>Tensi\u00f3n de prueba :<\/strong> 4 KV<\/p>\n<p><strong>Conductor:<\/strong> cobre trenzado<\/p>\n<p><strong>Aislamiento :<\/strong> Cloruro de polivinilo (PVC)<\/p>\n<p><strong>Relleno:<\/strong> elast\u00f3mero extruido o compuesto de plast\u00f3mero o cintas termopl\u00e1sticas envueltas<\/p>\n<p><strong>Vaina :<\/strong> Cloruro de polivinilo (PVC)<\/p>\n<p style=\"text-align: center;\"><span class=\"su-lightbox\" data-mfp-src=\"#Popup\" data-mfp-type=\"inline\" data-mobile=\"yes\"><button class=\"btn btn-danger btn-sm\" ><i class=\"fa fa-hand-o-right\" style=\"color:#ffffff;\"><\/i> Obtener presupuesto<\/button><\/span>\n<\/div>\n<\/div>\n<h2>La caracter\u00edstica de kabel nyy 4x4mm<\/h2>\n<p>De hecho, el kabel nyy 4\u00d74 es un cable con 4 n\u00facleos de cobre y aislamiento y cubierta de pvc. El aislamiento de pvc de este kabel nyy 4x70mm tiene una construcci\u00f3n resistente. Sabe que <a href=\"https:\/\/huadongswacable.com\/es\/pvc-armoured-cable-customization\/\" target=\"_blank\" rel=\"noopener noreferrer\">cable de alimentaci\u00f3n de pvc<\/a> es muy popular. Esto se debe a que tiene una funda adicional que ayuda a evitar las mordeduras de rata. Adem\u00e1s, kabel nyy 4x150mm tiene una alta resistencia, por lo que puede enterrar kabel nyy 4\u00d7185 bajo tierra. Adem\u00e1s, el kabel nyy 4x240mm es mucho m\u00e1s seguro y adecuado para equipos el\u00e9ctricos fijos. Por lo tanto, la demanda de kabel nyy Indonesia es grande.<\/p>\n<div class=\"row\">\n<div class=\"col-lg-6 col-md-12 col-xs-12 col-sm-12\">\n<img loading=\"lazy\" decoding=\"async\" class=\"aligncenter wp-image-5154\" src=\"https:\/\/huadongswacable.com\/wp-content\/uploads\/2020\/12\/kabel-nyy-4x4mm-10mm-16mm-25mm-35mm-50mm-70mm-95mm-price-Indonesia-.jpg\" alt=\"kabel nyy 4x4mm 10mm 16mm 25mm 35mm 50mm 70mm 95mm precio Indonesia\" width=\"307\" height=\"352\" srcset=\"https:\/\/huadongswacable.com\/wp-content\/uploads\/2020\/12\/kabel-nyy-4x4mm-10mm-16mm-25mm-35mm-50mm-70mm-95mm-price-Indonesia-.jpg 400w, https:\/\/huadongswacable.com\/wp-content\/uploads\/2020\/12\/kabel-nyy-4x4mm-10mm-16mm-25mm-35mm-50mm-70mm-95mm-price-Indonesia--261x300.jpg 261w\" sizes=\"auto, (max-width: 307px) 100vw, 307px\" \/><\/div>\n<div class=\"col-lg-6 col-md-12 col-xs-12 col-sm-12\">\n<p><strong>Tensi\u00f3n\uff1a<\/strong>600\/1000V<\/p>\n<p><strong>Conductor:<\/strong> cobre s\u00f3lido o trenzado<\/p>\n<p><strong>N\u00facleos No:<\/strong> 4 n\u00facleos<\/p>\n<p><strong>Tama\u00f1o:<\/strong> 4mm 10mm 16mm 25mm 50mm 70mm 95mm 120mm 185mm 240mm<\/p>\n<p><strong>Est\u00e1ndar\uff1a<\/strong>HRN HD 603 S1<br \/>\nIEC 60502-1<br \/>\nDIN VDE 0276 parte 603<br \/>\nHRN HD 627 S1<br \/>\nDIN VDE 0276-627<\/p>\n<p style=\"text-align: center;\"><span class=\"su-lightbox\" data-mfp-src=\"#Popup\" data-mfp-type=\"inline\" data-mobile=\"yes\"><button class=\"btn btn-danger btn-sm\" ><i class=\"fa fa-hand-o-right\" style=\"color:#ffffff;\"><\/i> Obtener presupuesto<\/button><\/span>\n<\/div>\n<\/div>\n<p>Por ejemplo, puede aplicar el kabel nyy 4\u00d74 en escuelas, hospitales, parques, plazas, f\u00e1bricas, etc\u00e9tera. Por eso muchos proyectos necesitan kabel nyy 4x16mm. If you search for kabel nyy 4x25mm, you can find lots of kabel nyy Indonesia supplier. Sin embargo, tambi\u00e9n puede comprar kabel nyy 4\u00d74 de fabricantes extranjeros. Incluso si el coste de env\u00edo de kabel nyy 4x4mm es mucho mayor que la compra de lugar local, el precio total de kabel nyy 4\u00d750 es m\u00e1s barato. Debido a que el precio de kabel nyy 70mm no son los mismos, si usted desea conseguir kabel nyy Indonesia, Malasia, Tailandia, Vietnam, Nigeria, Zambia,Mozambique u otros pa\u00edses, s\u00f3lo en contacto con nosotros.<\/p>\n<p><img loading=\"lazy\" decoding=\"async\" class=\"aligncenter wp-image-5173\" src=\"https:\/\/huadongswacable.com\/wp-content\/uploads\/2020\/12\/kabel-nyy-4x4mm-4x6mm-4x16mm-4x95mm-Indonesia-supplier.jpg\" alt=\"kabel nyy 4x4mm 4x6mm 4x16mm 4x95mm Indonesia proveedor\" width=\"616\" height=\"150\" srcset=\"https:\/\/huadongswacable.com\/wp-content\/uploads\/2020\/12\/kabel-nyy-4x4mm-4x6mm-4x16mm-4x95mm-Indonesia-supplier.jpg 900w, https:\/\/huadongswacable.com\/wp-content\/uploads\/2020\/12\/kabel-nyy-4x4mm-4x6mm-4x16mm-4x95mm-Indonesia-supplier-300x73.jpg 300w, https:\/\/huadongswacable.com\/wp-content\/uploads\/2020\/12\/kabel-nyy-4x4mm-4x6mm-4x16mm-4x95mm-Indonesia-supplier-768x187.jpg 768w\" sizes=\"auto, (max-width: 616px) 100vw, 616px\" \/><\/p>\n<p style=\"text-align: center;\"><span class=\"su-lightbox\" data-mfp-src=\"#Popup\" data-mfp-type=\"inline\" data-mobile=\"yes\"><button class=\"btn btn-danger btn-sm\" ><i class=\"fa fa-hand-o-right\" style=\"color:#ffffff;\"><\/i> Obtener presupuesto<\/button><\/span>\n<h2>\u00bfD\u00f3nde encontrar el mejor proveedor de cable de 0,6\/1KV NYY?<\/h2>\n<p>Incluso si suministramos el cable kabel nyy 4x4mm para todos los pa\u00edses, la mayor demanda de kabel nyy es Indonesia. lo que es m\u00e1s, nuestra harga kabel nyy 4x16mm es muy razonable. Por lo tanto, si usted necesita 4x25mm cable nyy, por favor d\u00edganos. Podemos proporcionar mejor 4x35mm kabel nyy Indonesia precio para usted. Adem\u00e1s, como un profesional 4x95mm kabel nyy Indonesia proveedor, tambi\u00e9n podemos prvovide diferentes tama\u00f1os de cable blindado para usted. Adem\u00e1s, podemos personalizar pvc y xlpe cable como su requisito. Por ejemplo, usted puede comprar 25mm 2 core cable, 95mm cable, 3 core 185mm cable, 240mm xlpe cable y as\u00ed sucesivamente. Esperar kabel nyy, otros 0,6\/1KV cable blindado precio tambi\u00e9n no le defraudar\u00e1.  Si usted est\u00e1 interesado en nuestro cable nyy y otros productos, simplemente deje su mensaje.<\/p>\n<p><img loading=\"lazy\" decoding=\"async\" class=\"aligncenter size-full wp-image-5206\" src=\"https:\/\/huadongswacable.com\/wp-content\/uploads\/2020\/12\/4x95mm-4x16mm-4x4mm-Kabel-NYY-price-Indonesia-.jpg\" alt=\"4x95mm 4x16mm 4x4mm Kabel NYY precio Indonesia\" width=\"800\" height=\"360\" srcset=\"https:\/\/huadongswacable.com\/wp-content\/uploads\/2020\/12\/4x95mm-4x16mm-4x4mm-Kabel-NYY-price-Indonesia-.jpg 800w, https:\/\/huadongswacable.com\/wp-content\/uploads\/2020\/12\/4x95mm-4x16mm-4x4mm-Kabel-NYY-price-Indonesia--300x135.jpg 300w, https:\/\/huadongswacable.com\/wp-content\/uploads\/2020\/12\/4x95mm-4x16mm-4x4mm-Kabel-NYY-price-Indonesia--768x346.jpg 768w\" sizes=\"auto, (max-width: 800px) 100vw, 800px\" \/><\/p>\n<div class=\"su-lightbox-content su-u-trim\" id=\"Popup\" style=\"display:none;width:auto;min-width:50%;max-width:70%;margin-top:40px;margin-bottom:40px;padding:40px;background:#e8e5e5;color:#060473;box-shadow:0px 0px 15px #333333;text-align:left\"><div role=\"form\" class=\"wpcf7\" id=\"wpcf7-f5571-o1\" lang=\"en-US\" dir=\"ltr\">\n<div class=\"screen-reader-response\"><p role=\"status\" aria-live=\"polite\" aria-atomic=\"true\"><\/p> <ul><\/ul><\/div>\n<form action=\"\/es\/wp-json\/wp\/v2\/pages\/5117#wpcf7-f5571-o1\" method=\"post\" class=\"wpcf7-form init\" novalidate=\"novalidate\" data-status=\"init\" data-trp-original-action=\"\/es\/wp-json\/wp\/v2\/pages\/5117#wpcf7-f5571-o1\">\n<div style=\"display: none;\">\n<input type=\"hidden\" name=\"_wpcf7\" value=\"5571\" \/>\n<input type=\"hidden\" name=\"_wpcf7_version\" value=\"5.5.6\" \/>\n<input type=\"hidden\" name=\"_wpcf7_locale\" value=\"en_US\" \/>\n<input type=\"hidden\" name=\"_wpcf7_unit_tag\" value=\"wpcf7-f5571-o1\" \/>\n<input type=\"hidden\" name=\"_wpcf7_container_post\" value=\"0\" \/>\n<input type=\"hidden\" name=\"_wpcf7_posted_data_hash\" value=\"\" \/>\n<\/div>\n<div class=\"popmakerform\">\n<p>Su nombre <span style=\"color:red;\">*<span><br \/>\n<span class=\"wpcf7-form-control-wrap your-name\"><input type=\"text\" name=\"your-name\" value=\"\" size=\"40\" class=\"wpcf7-form-control wpcf7-text wpcf7-validates-as-required\" aria-required=\"true\" aria-invalid=\"false\" \/><\/span><\/p>\n<p>Su correo electr\u00f3nico <span style=\"color:red;\">*<span><br \/>\n<span class=\"wpcf7-form-control-wrap your-email\"><input type=\"email\" name=\"your-email\" value=\"\" size=\"40\" class=\"wpcf7-form-control wpcf7-text wpcf7-email wpcf7-validates-as-required wpcf7-validates-as-email\" aria-required=\"true\" aria-invalid=\"false\" \/><\/span><\/p>\n<p>Su n\u00famero de tel\u00e9fono<br \/>\n<span class=\"wpcf7-form-control-wrap your-phone\"><input type=\"text\" name=\"your-phone\" value=\"\" size=\"40\" class=\"wpcf7-form-control wpcf7-text\" aria-invalid=\"false\" \/><\/span><\/p>\n<p>Su pa\u00eds<br \/>\n<span class=\"wpcf7-form-control-wrap your-country\"><input type=\"text\" name=\"your-country\" value=\"\" size=\"40\" class=\"wpcf7-form-control wpcf7-text\" aria-invalid=\"false\" \/><\/span><\/p>\n<p>Requisitos detallados <span style=\"color:red;\">*<span><br \/>\n<span class=\"wpcf7-form-control-wrap your-requirement\"><textarea name=\"your-requirement\" cols=\"40\" rows=\"4\" class=\"wpcf7-form-control wpcf7-textarea wpcf7-validates-as-required\" aria-required=\"true\" aria-invalid=\"false\"><\/textarea><\/span><\/p>\n<p><input type=\"submit\" value=\"Obtener presupuesto\" class=\"wpcf7-form-control has-spinner wpcf7-submit\" \/><\/p>\n<\/div>\n<p style=\"display: none !important;\"><label>&#916;<textarea name=\"_wpcf7_ak_hp_textarea\" cols=\"45\" rows=\"8\" maxlength=\"100\"><\/textarea><\/label><input type=\"hidden\" id=\"ak_js_1\" name=\"_wpcf7_ak_js\" value=\"68\"\/><script>document.getElementById( \"ak_js_1\" ).setAttribute( \"value\", ( new Date() ).getTime() );<\/script><\/p><input type='hidden' class='wpcf7-pum' value='{\"closepopup\":false,\"closedelay\":0,\"openpopup\":false,\"openpopup_id\":0}' \/><div class=\"wpcf7-response-output\" aria-hidden=\"true\"><\/div><input type=\"hidden\" name=\"trp-form-language\" value=\"es\"\/><\/form><\/div><\/div>\n<div role=\"form\" class=\"wpcf7\" id=\"wpcf7-f6-o2\" lang=\"en-US\" dir=\"ltr\">\n<div class=\"screen-reader-response\"><p role=\"status\" aria-live=\"polite\" aria-atomic=\"true\"><\/p> <ul><\/ul><\/div>\n<form action=\"\/es\/wp-json\/wp\/v2\/pages\/5117#wpcf7-f6-o2\" method=\"post\" class=\"wpcf7-form init\" novalidate=\"novalidate\" data-status=\"init\" data-trp-original-action=\"\/es\/wp-json\/wp\/v2\/pages\/5117#wpcf7-f6-o2\">\n<div style=\"display: none;\">\n<input type=\"hidden\" name=\"_wpcf7\" value=\"6\" \/>\n<input type=\"hidden\" name=\"_wpcf7_version\" value=\"5.5.6\" \/>\n<input type=\"hidden\" name=\"_wpcf7_locale\" value=\"en_US\" \/>\n<input type=\"hidden\" name=\"_wpcf7_unit_tag\" value=\"wpcf7-f6-o2\" \/>\n<input type=\"hidden\" name=\"_wpcf7_container_post\" value=\"0\" \/>\n<input type=\"hidden\" name=\"_wpcf7_posted_data_hash\" value=\"\" \/>\n<\/div>\n<div class=\"messageform\">\n<p><strong><span style=\"color:red;\"><\/span> Su nombre<\/strong><br \/>\n    <span class=\"wpcf7-form-control-wrap your-name\"><input type=\"text\" name=\"your-name\" value=\"\" size=\"40\" class=\"wpcf7-form-control wpcf7-text\" aria-invalid=\"false\" \/><\/span> <\/p>\n<p><strong><span style=\"color:red;\">*<\/span> Su correo electr\u00f3nico<\/strong><br \/>\n    <span class=\"wpcf7-form-control-wrap your-email\"><input type=\"email\" name=\"your-email\" value=\"\" size=\"40\" class=\"wpcf7-form-control wpcf7-text wpcf7-email wpcf7-validates-as-required wpcf7-validates-as-email\" aria-required=\"true\" aria-invalid=\"false\" \/><\/span> <\/p>\n<p><strong>Su n\u00famero de tel\u00e9fono<\/strong><br \/>\n    <span class=\"wpcf7-form-control-wrap your-phone\"><input type=\"text\" name=\"your-phone\" value=\"\" size=\"40\" class=\"wpcf7-form-control wpcf7-text\" aria-invalid=\"false\" placeholder=\"Incluya el prefijo\" \/><\/span> <\/p>\n<p><strong>Su pa\u00eds<\/strong><br \/>\n    <span class=\"wpcf7-form-control-wrap your-country\"><input type=\"text\" name=\"your-country\" value=\"\" size=\"40\" class=\"wpcf7-form-control wpcf7-text\" aria-invalid=\"false\" \/><\/span> <\/p>\n<p><strong><span style=\"color:red;\">*<\/span> Sus requisitos<\/strong><br \/>\n    <span class=\"wpcf7-form-control-wrap your-requirement\"><textarea name=\"your-requirement\" cols=\"40\" rows=\"10\" class=\"wpcf7-form-control wpcf7-textarea wpcf7-validates-as-required bestonmessage\" aria-required=\"true\" aria-invalid=\"false\" placeholder=\"Para obtener un presupuesto detallado, env\u00edenos sus requisitos.\"><\/textarea><\/span> <\/p>\n<p><input type=\"submit\" value=\"Enviar mensaje\" class=\"wpcf7-form-control has-spinner wpcf7-submit\" \/><\/p>\n<\/div>\n<p style=\"display: none !important;\"><label>&#916;<textarea name=\"_wpcf7_ak_hp_textarea\" cols=\"45\" rows=\"8\" maxlength=\"100\"><\/textarea><\/label><input type=\"hidden\" id=\"ak_js_2\" name=\"_wpcf7_ak_js\" value=\"160\"\/><script>document.getElementById( \"ak_js_2\" ).setAttribute( \"value\", ( new Date() ).getTime() );<\/script><\/p><input type='hidden' class='wpcf7-pum' value='{\"closepopup\":false,\"closedelay\":0,\"openpopup\":false,\"openpopup_id\":0}' \/><div class=\"wpcf7-response-output\" aria-hidden=\"true\"><\/div><input type=\"hidden\" name=\"trp-form-language\" value=\"es\"\/><\/form><\/div>","protected":false},"excerpt":{"rendered":"<p>\u00bfQu\u00e9 tama\u00f1o de kabel nyy necesita? En general, las aplicaciones del cable nyy son muy amplias. Se pueden utilizar cables de 4\u00d74 mm en interiores, exteriores, canalizaciones de cables y enterrados bajo tierra. Con el fin de satisfacer las necesidades de los clientes, el kabel nyy en Indonesia tiene diferentes tama\u00f1os. Por ejemplo, puede elegir 4x4mm, 4x6mm,4x10mm, 4x16mm,4x25mm, ... <a class=\"read-more\" href=\"https:\/\/huadongswacable.com\/es\/kabel-nyy-indonesia\/\">Leer m\u00e1s...<\/a><\/p>","protected":false},"author":1,"featured_media":0,"parent":0,"menu_order":0,"comment_status":"closed","ping_status":"closed","template":"","meta":{"footnotes":""},"class_list":["post-5117","page","type-page","status-publish"],"yoast_head":"<!-- This site is optimized with the Yoast SEO plugin v18.4.1 - https:\/\/yoast.com\/wordpress\/plugins\/seo\/ -->\n<title>4x4mm 10mm 16mm 25mm 50mm 95mm Harga Kabel NYY Indonesia<\/title>\n<meta name=\"description\" content=\"Contact us to get best 4x4mm 4x10mm 4x16mm 4x 25mm 4x35mm 4x50mm 4x70mm 4x95mm 4x120mm 4x185mm 4x240mm Harga Kabel NYY Indonesia .\" \/>\n<meta name=\"robots\" content=\"index, follow, max-snippet:-1, max-image-preview:large, max-video-preview:-1\" \/>\n<link rel=\"canonical\" href=\"http:\/\/huadongswacable.com\/es\/kabel-nyy-indonesia\/\" \/>\n<meta property=\"og:locale\" content=\"es_ES\" \/>\n<meta property=\"og:type\" content=\"article\" \/>\n<meta property=\"og:title\" content=\"4x4mm 10mm 16mm 25mm 50mm 95mm Harga Kabel NYY Indonesia\" \/>\n<meta property=\"og:description\" content=\"Contact us to get best 4x4mm 4x10mm 4x16mm 4x 25mm 4x35mm 4x50mm 4x70mm 4x95mm 4x120mm 4x185mm 4x240mm Harga Kabel NYY Indonesia .\" \/>\n<meta property=\"og:url\" content=\"http:\/\/huadongswacable.com\/es\/kabel-nyy-indonesia\/\" \/>\n<meta property=\"og:site_name\" content=\"Huadong SWA Cable\" \/>\n<meta property=\"article:modified_time\" content=\"2022-12-19T07:04:02+00:00\" \/>\n<meta property=\"og:image\" content=\"https:\/\/huadongswacable.com\/wp-content\/uploads\/2020\/12\/0.6-1kv-IEC60502-VDE-0276-Kabel-nyy-4x4mm-4x16mm-4x25mm.jpg\" \/>\n<meta name=\"twitter:card\" content=\"summary_large_image\" \/>\n<meta name=\"twitter:label1\" content=\"Tiempo de lectura\" \/>\n\t<meta name=\"twitter:data1\" content=\"5 minutos\" \/>\n<script type=\"application\/ld+json\" class=\"yoast-schema-graph\">{\"@context\":\"https:\/\/schema.org\",\"@graph\":[{\"@type\":\"WebSite\",\"@id\":\"http:\/\/huadongswacable.com\/ru\/#website\",\"url\":\"http:\/\/huadongswacable.com\/ru\/\",\"name\":\"Huadong SWA Cable\",\"description\":\"Huadong SWA Cable\",\"potentialAction\":[{\"@type\":\"SearchAction\",\"target\":{\"@type\":\"EntryPoint\",\"urlTemplate\":\"http:\/\/huadongswacable.com\/ru\/?s={search_term_string}\"},\"query-input\":\"required name=search_term_string\"}],\"inLanguage\":\"es\"},{\"@type\":\"ImageObject\",\"@id\":\"http:\/\/huadongswacable.com\/es\/kabel-nyy-indonesia\/#primaryimage\",\"inLanguage\":\"es\",\"url\":\"https:\/\/huadongswacable.com\/wp-content\/uploads\/2020\/12\/0.6-1kv-IEC60502-VDE-0276-Kabel-nyy-4x4mm-4x16mm-4x25mm.jpg\",\"contentUrl\":\"https:\/\/huadongswacable.com\/wp-content\/uploads\/2020\/12\/0.6-1kv-IEC60502-VDE-0276-Kabel-nyy-4x4mm-4x16mm-4x25mm.jpg\",\"width\":400,\"height\":400,\"caption\":\"0.6\/1kv IEC60502 VDE 0276 Kabel nyy 4x4mm 4x16mm 4x25mm\"},{\"@type\":\"WebPage\",\"@id\":\"http:\/\/huadongswacable.com\/es\/kabel-nyy-indonesia\/#webpage\",\"url\":\"http:\/\/huadongswacable.com\/es\/kabel-nyy-indonesia\/\",\"name\":\"4x4mm 10mm 16mm 25mm 50mm 95mm Harga Kabel NYY Indonesia\",\"isPartOf\":{\"@id\":\"http:\/\/huadongswacable.com\/ru\/#website\"},\"primaryImageOfPage\":{\"@id\":\"http:\/\/huadongswacable.com\/es\/kabel-nyy-indonesia\/#primaryimage\"},\"datePublished\":\"2020-12-10T09:24:37+00:00\",\"dateModified\":\"2022-12-19T07:04:02+00:00\",\"description\":\"Contact us to get best 4x4mm 4x10mm 4x16mm 4x 25mm 4x35mm 4x50mm 4x70mm 4x95mm 4x120mm 4x185mm 4x240mm Harga Kabel NYY Indonesia .\",\"breadcrumb\":{\"@id\":\"http:\/\/huadongswacable.com\/es\/kabel-nyy-indonesia\/#breadcrumb\"},\"inLanguage\":\"es\",\"potentialAction\":[{\"@type\":\"ReadAction\",\"target\":[\"http:\/\/huadongswacable.com\/es\/kabel-nyy-indonesia\/\"]}]},{\"@type\":\"BreadcrumbList\",\"@id\":\"http:\/\/huadongswacable.com\/es\/kabel-nyy-indonesia\/#breadcrumb\",\"itemListElement\":[{\"@type\":\"ListItem\",\"position\":1,\"name\":\"Home\",\"item\":\"http:\/\/huadongswacable.com\/ru\/\"},{\"@type\":\"ListItem\",\"position\":2,\"name\":\"4x4mm 4x10mm 4x16mm 4x 25mm 4x35mm 4x50mm 4x70mm 4x95mm Kabel NYY Indonesia\"}]}]}<\/script>\n<!-- \/ Yoast SEO plugin. -->","yoast_head_json":{"title":"4x4mm 10mm 16mm 25mm 50mm 95mm Harga Kabel NYY Indonesia","description":"Contact us to get best 4x4mm 4x10mm 4x16mm 4x 25mm 4x35mm 4x50mm 4x70mm 4x95mm 4x120mm 4x185mm 4x240mm Harga Kabel NYY Indonesia .","robots":{"index":"index","follow":"follow","max-snippet":"max-snippet:-1","max-image-preview":"max-image-preview:large","max-video-preview":"max-video-preview:-1"},"canonical":"http:\/\/huadongswacable.com\/es\/kabel-nyy-indonesia\/","og_locale":"es_ES","og_type":"article","og_title":"4x4mm 10mm 16mm 25mm 50mm 95mm Harga Kabel NYY Indonesia","og_description":"Contact us to get best 4x4mm 4x10mm 4x16mm 4x 25mm 4x35mm 4x50mm 4x70mm 4x95mm 4x120mm 4x185mm 4x240mm Harga Kabel NYY Indonesia .","og_url":"http:\/\/huadongswacable.com\/es\/kabel-nyy-indonesia\/","og_site_name":"Huadong SWA Cable","article_modified_time":"2022-12-19T07:04:02+00:00","og_image":[{"url":"https:\/\/huadongswacable.com\/wp-content\/uploads\/2020\/12\/0.6-1kv-IEC60502-VDE-0276-Kabel-nyy-4x4mm-4x16mm-4x25mm.jpg"}],"twitter_card":"summary_large_image","twitter_misc":{"Tiempo de lectura":"5 minutos"},"schema":{"@context":"https:\/\/schema.org","@graph":[{"@type":"WebSite","@id":"http:\/\/huadongswacable.com\/ru\/#website","url":"http:\/\/huadongswacable.com\/ru\/","name":"Huadong SWA Cable","description":"Huadong SWA Cable","potentialAction":[{"@type":"SearchAction","target":{"@type":"EntryPoint","urlTemplate":"http:\/\/huadongswacable.com\/ru\/?s={search_term_string}"},"query-input":"required name=search_term_string"}],"inLanguage":"es"},{"@type":"ImageObject","@id":"http:\/\/huadongswacable.com\/es\/kabel-nyy-indonesia\/#primaryimage","inLanguage":"es","url":"https:\/\/huadongswacable.com\/wp-content\/uploads\/2020\/12\/0.6-1kv-IEC60502-VDE-0276-Kabel-nyy-4x4mm-4x16mm-4x25mm.jpg","contentUrl":"https:\/\/huadongswacable.com\/wp-content\/uploads\/2020\/12\/0.6-1kv-IEC60502-VDE-0276-Kabel-nyy-4x4mm-4x16mm-4x25mm.jpg","width":400,"height":400,"caption":"0.6\/1kv IEC60502 VDE 0276 Kabel nyy 4x4mm 4x16mm 4x25mm"},{"@type":"WebPage","@id":"http:\/\/huadongswacable.com\/es\/kabel-nyy-indonesia\/#webpage","url":"http:\/\/huadongswacable.com\/es\/kabel-nyy-indonesia\/","name":"4x4mm 10mm 16mm 25mm 50mm 95mm Harga Kabel NYY Indonesia","isPartOf":{"@id":"http:\/\/huadongswacable.com\/ru\/#website"},"primaryImageOfPage":{"@id":"http:\/\/huadongswacable.com\/es\/kabel-nyy-indonesia\/#primaryimage"},"datePublished":"2020-12-10T09:24:37+00:00","dateModified":"2022-12-19T07:04:02+00:00","description":"Contact us to get best 4x4mm 4x10mm 4x16mm 4x 25mm 4x35mm 4x50mm 4x70mm 4x95mm 4x120mm 4x185mm 4x240mm Harga Kabel NYY Indonesia .","breadcrumb":{"@id":"http:\/\/huadongswacable.com\/es\/kabel-nyy-indonesia\/#breadcrumb"},"inLanguage":"es","potentialAction":[{"@type":"ReadAction","target":["http:\/\/huadongswacable.com\/es\/kabel-nyy-indonesia\/"]}]},{"@type":"BreadcrumbList","@id":"http:\/\/huadongswacable.com\/es\/kabel-nyy-indonesia\/#breadcrumb","itemListElement":[{"@type":"ListItem","position":1,"name":"Home","item":"http:\/\/huadongswacable.com\/ru\/"},{"@type":"ListItem","position":2,"name":"4x4mm 4x10mm 4x16mm 4x 25mm 4x35mm 4x50mm 4x70mm 4x95mm Kabel NYY Indonesia"}]}]}},"_links":{"self":[{"href":"https:\/\/huadongswacable.com\/es\/wp-json\/wp\/v2\/pages\/5117","targetHints":{"allow":["GET"]}}],"collection":[{"href":"https:\/\/huadongswacable.com\/es\/wp-json\/wp\/v2\/pages"}],"about":[{"href":"https:\/\/huadongswacable.com\/es\/wp-json\/wp\/v2\/types\/page"}],"author":[{"embeddable":true,"href":"https:\/\/huadongswacable.com\/es\/wp-json\/wp\/v2\/users\/1"}],"replies":[{"embeddable":true,"href":"https:\/\/huadongswacable.com\/es\/wp-json\/wp\/v2\/comments?post=5117"}],"version-history":[{"count":43,"href":"https:\/\/huadongswacable.com\/es\/wp-json\/wp\/v2\/pages\/5117\/revisions"}],"predecessor-version":[{"id":7774,"href":"https:\/\/huadongswacable.com\/es\/wp-json\/wp\/v2\/pages\/5117\/revisions\/7774"}],"wp:attachment":[{"href":"https:\/\/huadongswacable.com\/es\/wp-json\/wp\/v2\/media?parent=5117"}],"curies":[{"name":"wp","href":"https:\/\/api.w.org\/{rel}","templated":true}]}}