{"id":495,"date":"2018-03-15T10:57:40","date_gmt":"2018-03-15T02:57:40","guid":{"rendered":"http:\/\/huadongswacable.com\/?page_id=495"},"modified":"2021-05-12T13:56:00","modified_gmt":"2021-05-12T05:56:00","slug":"about-us","status":"publish","type":"page","link":"https:\/\/huadongswacable.com\/es\/sobre-nosotros-2\/","title":{"rendered":"Qui\u00e9nes somos"},"content":{"rendered":"<p>Huadong Cable Group es una sociedad an\u00f3nima que se dedica a la producci\u00f3n de cables, la investigaci\u00f3n y el desarrollo, y el comercio nacional e internacional. Zhengzhou Hongliang Cable Co.,ltd es una de las filiales del grupo Huadong Cable, y tambi\u00e9n una de las mayores empresas profesionales de comercio de importaci\u00f3n y exportaci\u00f3n de China.<br \/>\nLa planta fue fundada en 1988, ocup\u00f3 50.000 metros cuadrados, por separado Situado en la zona industrial de Zhengzhou. Cuenta con 20 conjuntos de l\u00edneas de producci\u00f3n con equipos avanzados y 25 conjuntos de m\u00e1quinas de ensayo. La capacidad de producci\u00f3n anual es de m\u00e1s de 12 millones de kil\u00f3metros. Nuestra sucursal internacional se encuentra en la ciudad de Zhengzhou, conocida por su c\u00f3modo transporte.<\/p>\n<p><img loading=\"lazy\" decoding=\"async\" class=\"aligncenter size-full wp-image-5817\" src=\"http:\/\/huadongswacable.com\/wp-content\/uploads\/2021\/05\/xlpe-pvc-swa-armoured-cable-supplier.jpg\" alt=\"xlpe pvc swa cable blindado proveedor\" width=\"899\" height=\"371\" srcset=\"https:\/\/huadongswacable.com\/wp-content\/uploads\/2021\/05\/xlpe-pvc-swa-armoured-cable-supplier.jpg 899w, https:\/\/huadongswacable.com\/wp-content\/uploads\/2021\/05\/xlpe-pvc-swa-armoured-cable-supplier-300x124.jpg 300w, https:\/\/huadongswacable.com\/wp-content\/uploads\/2021\/05\/xlpe-pvc-swa-armoured-cable-supplier-768x317.jpg 768w\" sizes=\"auto, (max-width: 899px) 100vw, 899px\" \/><\/p>\n<p>Producimos y exportamos principalmente cables el\u00e9ctricos, conductores de aluminio (AAC), conductores de aluminio reforzado con acero (ACSR), conductores de aleaci\u00f3n de aluminio (AAAC), cables a\u00e9reos ABC, cables el\u00e9ctricos de 1-500 kV (incluidos cables con aislamiento de XLPE, cables con aislamiento de PVC, cables blindados SWA\/STA). (cable ABC con aislamiento de XLPE\/PVC), cable de control, cable de soldadura, cable de goma, cables para miner\u00eda, cables el\u00e9ctricos (cable flexible con cubierta de PVC), OPGW y cables especiales.<\/p>\n<p><strong>Nuestros principios:<\/strong><br \/>\n1) La calidad ante todo, el cliente ante todo, la seguridad ante todo<br \/>\n2) Mejor servicio, entrega m\u00e1s r\u00e1pida<br \/>\n3) Igualdad y beneficio mutuo<br \/>\n4) Honradez y profesi\u00f3n<\/p>\n<p><strong>Nuestro servicio:<\/strong><br \/>\n1) Respuesta r\u00e1pida y profesional<br \/>\n2) Paciente y confiado<br \/>\n3) Sistema de control de calidad estricto<br \/>\n4) Entrega puntual<\/p>\n<p><img loading=\"lazy\" decoding=\"async\" class=\"aligncenter size-full wp-image-5819\" src=\"http:\/\/huadongswacable.com\/wp-content\/uploads\/2021\/05\/all-size-swa-armoured-cable-for-sale.jpg\" alt=\"cable blindado swa barato de todos los tama\u00f1os \" width=\"999\" height=\"521\" srcset=\"https:\/\/huadongswacable.com\/wp-content\/uploads\/2021\/05\/all-size-swa-armoured-cable-for-sale.jpg 999w, https:\/\/huadongswacable.com\/wp-content\/uploads\/2021\/05\/all-size-swa-armoured-cable-for-sale-300x156.jpg 300w, https:\/\/huadongswacable.com\/wp-content\/uploads\/2021\/05\/all-size-swa-armoured-cable-for-sale-768x401.jpg 768w\" sizes=\"auto, (max-width: 999px) 100vw, 999px\" \/><\/p>\n<p><strong>Nuestra misi\u00f3n:<\/strong><br \/>\nSuministramos productos de calidad a precios competitivos y con un servicio excelente.<br \/>\n<strong>Correo electr\u00f3nico: <a href=\"mailto:info@huadongswacable.com\" rel=\"nofollow\">info@huadongswacable.com<\/a><\/strong><\/p>\n<div role=\"form\" class=\"wpcf7\" id=\"wpcf7-f6-o1\" lang=\"en-US\" dir=\"ltr\">\n<div class=\"screen-reader-response\"><p role=\"status\" aria-live=\"polite\" aria-atomic=\"true\"><\/p> <ul><\/ul><\/div>\n<form action=\"\/es\/wp-json\/wp\/v2\/pages\/495#wpcf7-f6-o1\" method=\"post\" class=\"wpcf7-form init\" novalidate=\"novalidate\" data-status=\"init\" data-trp-original-action=\"\/es\/wp-json\/wp\/v2\/pages\/495#wpcf7-f6-o1\">\n<div style=\"display: none;\">\n<input type=\"hidden\" name=\"_wpcf7\" value=\"6\" \/>\n<input type=\"hidden\" name=\"_wpcf7_version\" value=\"5.5.6\" \/>\n<input type=\"hidden\" name=\"_wpcf7_locale\" value=\"en_US\" \/>\n<input type=\"hidden\" name=\"_wpcf7_unit_tag\" value=\"wpcf7-f6-o1\" \/>\n<input type=\"hidden\" name=\"_wpcf7_container_post\" value=\"0\" \/>\n<input type=\"hidden\" name=\"_wpcf7_posted_data_hash\" value=\"\" \/>\n<\/div>\n<div class=\"messageform\">\n<p><strong><span style=\"color:red;\"><\/span> Su nombre<\/strong><br \/>\n    <span class=\"wpcf7-form-control-wrap your-name\"><input type=\"text\" name=\"your-name\" value=\"\" size=\"40\" class=\"wpcf7-form-control wpcf7-text\" aria-invalid=\"false\" \/><\/span> <\/p>\n<p><strong><span style=\"color:red;\">*<\/span> Su correo electr\u00f3nico<\/strong><br \/>\n    <span class=\"wpcf7-form-control-wrap your-email\"><input type=\"email\" name=\"your-email\" value=\"\" size=\"40\" class=\"wpcf7-form-control wpcf7-text wpcf7-email wpcf7-validates-as-required wpcf7-validates-as-email\" aria-required=\"true\" aria-invalid=\"false\" \/><\/span> <\/p>\n<p><strong>Su n\u00famero de tel\u00e9fono<\/strong><br \/>\n    <span class=\"wpcf7-form-control-wrap your-phone\"><input type=\"text\" name=\"your-phone\" value=\"\" size=\"40\" class=\"wpcf7-form-control wpcf7-text\" aria-invalid=\"false\" placeholder=\"Incluya el prefijo\" \/><\/span> <\/p>\n<p><strong>Su pa\u00eds<\/strong><br \/>\n    <span class=\"wpcf7-form-control-wrap your-country\"><input type=\"text\" name=\"your-country\" value=\"\" size=\"40\" class=\"wpcf7-form-control wpcf7-text\" aria-invalid=\"false\" \/><\/span> <\/p>\n<p><strong><span style=\"color:red;\">*<\/span> Sus requisitos<\/strong><br \/>\n    <span class=\"wpcf7-form-control-wrap your-requirement\"><textarea name=\"your-requirement\" cols=\"40\" rows=\"10\" class=\"wpcf7-form-control wpcf7-textarea wpcf7-validates-as-required bestonmessage\" aria-required=\"true\" aria-invalid=\"false\" placeholder=\"Para obtener un presupuesto detallado, env\u00edenos sus requisitos.\"><\/textarea><\/span> <\/p>\n<p><input type=\"submit\" value=\"Enviar mensaje\" class=\"wpcf7-form-control has-spinner wpcf7-submit\" \/><\/p>\n<\/div>\n<p style=\"display: none !important;\"><label>&#916;<textarea name=\"_wpcf7_ak_hp_textarea\" cols=\"45\" rows=\"8\" maxlength=\"100\"><\/textarea><\/label><input type=\"hidden\" id=\"ak_js_1\" name=\"_wpcf7_ak_js\" value=\"226\"\/><script>document.getElementById( \"ak_js_1\" ).setAttribute( \"value\", ( new Date() ).getTime() );<\/script><\/p><input type='hidden' class='wpcf7-pum' value='{\"closepopup\":false,\"closedelay\":0,\"openpopup\":false,\"openpopup_id\":0}' \/><div class=\"wpcf7-response-output\" aria-hidden=\"true\"><\/div><input type=\"hidden\" name=\"trp-form-language\" value=\"es\"\/><\/form><\/div>","protected":false},"excerpt":{"rendered":"<p>Huadong Cable Group es una sociedad an\u00f3nima que se dedica a la producci\u00f3n de cables, la investigaci\u00f3n y el desarrollo, y el comercio nacional e internacional. Zhengzhou Hongliang Cable Co.,ltd es una de las filiales del grupo Huadong Cable, y tambi\u00e9n una de las mayores empresas profesionales de comercio de importaci\u00f3n y exportaci\u00f3n de China. La planta se fund\u00f3 en 1988, ocupaba 50.000 ... <a class=\"read-more\" href=\"https:\/\/huadongswacable.com\/es\/sobre-nosotros-2\/\">Leer m\u00e1s...<\/a><\/p>","protected":false},"author":1,"featured_media":0,"parent":0,"menu_order":0,"comment_status":"closed","ping_status":"closed","template":"","meta":{"footnotes":""},"class_list":["post-495","page","type-page","status-publish"],"yoast_head":"<!-- This site is optimized with the Yoast SEO plugin v18.4.1 - https:\/\/yoast.com\/wordpress\/plugins\/seo\/ -->\n<title>About Us - Huadong SWA Cable<\/title>\n<meta name=\"robots\" content=\"index, follow, max-snippet:-1, max-image-preview:large, max-video-preview:-1\" \/>\n<link rel=\"canonical\" href=\"http:\/\/huadongswacable.com\/es\/sobre-nosotros-2\/\" \/>\n<meta property=\"og:locale\" content=\"es_ES\" \/>\n<meta property=\"og:type\" content=\"article\" \/>\n<meta property=\"og:title\" content=\"About Us - Huadong SWA Cable\" \/>\n<meta property=\"og:description\" content=\"Huadong Cable Group is a joint stock enterprise, integrated in cable production, research &amp; development, and domestic &amp; international trade. Zhengzhou Hongliang Cable Co.,ltd is one of the branch of Huadong cable group, and also one of the biggest professional import and export trade company in China. The plant was founded in 1988, occupied 50,000 ... Read more...\" \/>\n<meta property=\"og:url\" content=\"http:\/\/huadongswacable.com\/es\/sobre-nosotros-2\/\" \/>\n<meta property=\"og:site_name\" content=\"Huadong SWA Cable\" \/>\n<meta property=\"article:modified_time\" content=\"2021-05-12T05:56:00+00:00\" \/>\n<meta property=\"og:image\" content=\"http:\/\/huadongswacable.com\/wp-content\/uploads\/2021\/05\/xlpe-pvc-swa-armoured-cable-supplier.jpg\" \/>\n<meta name=\"twitter:card\" content=\"summary_large_image\" \/>\n<meta name=\"twitter:label1\" content=\"Tiempo de lectura\" \/>\n\t<meta name=\"twitter:data1\" content=\"1 minuto\" \/>\n<script type=\"application\/ld+json\" class=\"yoast-schema-graph\">{\"@context\":\"https:\/\/schema.org\",\"@graph\":[{\"@type\":\"WebSite\",\"@id\":\"http:\/\/huadongswacable.com\/ru\/#website\",\"url\":\"http:\/\/huadongswacable.com\/ru\/\",\"name\":\"Huadong SWA Cable\",\"description\":\"Huadong SWA Cable\",\"potentialAction\":[{\"@type\":\"SearchAction\",\"target\":{\"@type\":\"EntryPoint\",\"urlTemplate\":\"http:\/\/huadongswacable.com\/ru\/?s={search_term_string}\"},\"query-input\":\"required name=search_term_string\"}],\"inLanguage\":\"es\"},{\"@type\":\"ImageObject\",\"@id\":\"http:\/\/huadongswacable.com\/es\/sobre-nosotros-2\/#primaryimage\",\"inLanguage\":\"es\",\"url\":\"http:\/\/huadongswacable.com\/wp-content\/uploads\/2021\/05\/xlpe-pvc-swa-armoured-cable-supplier.jpg\",\"contentUrl\":\"http:\/\/huadongswacable.com\/wp-content\/uploads\/2021\/05\/xlpe-pvc-swa-armoured-cable-supplier.jpg\"},{\"@type\":\"WebPage\",\"@id\":\"http:\/\/huadongswacable.com\/es\/sobre-nosotros-2\/#webpage\",\"url\":\"http:\/\/huadongswacable.com\/es\/sobre-nosotros-2\/\",\"name\":\"About Us - Huadong SWA Cable\",\"isPartOf\":{\"@id\":\"http:\/\/huadongswacable.com\/ru\/#website\"},\"primaryImageOfPage\":{\"@id\":\"http:\/\/huadongswacable.com\/es\/sobre-nosotros-2\/#primaryimage\"},\"datePublished\":\"2018-03-15T02:57:40+00:00\",\"dateModified\":\"2021-05-12T05:56:00+00:00\",\"breadcrumb\":{\"@id\":\"http:\/\/huadongswacable.com\/es\/sobre-nosotros-2\/#breadcrumb\"},\"inLanguage\":\"es\",\"potentialAction\":[{\"@type\":\"ReadAction\",\"target\":[\"http:\/\/huadongswacable.com\/es\/sobre-nosotros-2\/\"]}]},{\"@type\":\"BreadcrumbList\",\"@id\":\"http:\/\/huadongswacable.com\/es\/sobre-nosotros-2\/#breadcrumb\",\"itemListElement\":[{\"@type\":\"ListItem\",\"position\":1,\"name\":\"Home\",\"item\":\"http:\/\/huadongswacable.com\/ru\/\"},{\"@type\":\"ListItem\",\"position\":2,\"name\":\"About Us\"}]}]}<\/script>\n<!-- \/ Yoast SEO plugin. -->","yoast_head_json":{"title":"About Us - Huadong SWA Cable","robots":{"index":"index","follow":"follow","max-snippet":"max-snippet:-1","max-image-preview":"max-image-preview:large","max-video-preview":"max-video-preview:-1"},"canonical":"http:\/\/huadongswacable.com\/es\/sobre-nosotros-2\/","og_locale":"es_ES","og_type":"article","og_title":"About Us - Huadong SWA Cable","og_description":"Huadong Cable Group is a joint stock enterprise, integrated in cable production, research &amp; development, and domestic &amp; international trade. Zhengzhou Hongliang Cable Co.,ltd is one of the branch of Huadong cable group, and also one of the biggest professional import and export trade company in China. The plant was founded in 1988, occupied 50,000 ... Read more...","og_url":"http:\/\/huadongswacable.com\/es\/sobre-nosotros-2\/","og_site_name":"Huadong SWA Cable","article_modified_time":"2021-05-12T05:56:00+00:00","og_image":[{"url":"http:\/\/huadongswacable.com\/wp-content\/uploads\/2021\/05\/xlpe-pvc-swa-armoured-cable-supplier.jpg"}],"twitter_card":"summary_large_image","twitter_misc":{"Tiempo de lectura":"1 minuto"},"schema":{"@context":"https:\/\/schema.org","@graph":[{"@type":"WebSite","@id":"http:\/\/huadongswacable.com\/ru\/#website","url":"http:\/\/huadongswacable.com\/ru\/","name":"Huadong SWA Cable","description":"Huadong SWA Cable","potentialAction":[{"@type":"SearchAction","target":{"@type":"EntryPoint","urlTemplate":"http:\/\/huadongswacable.com\/ru\/?s={search_term_string}"},"query-input":"required name=search_term_string"}],"inLanguage":"es"},{"@type":"ImageObject","@id":"http:\/\/huadongswacable.com\/es\/sobre-nosotros-2\/#primaryimage","inLanguage":"es","url":"http:\/\/huadongswacable.com\/wp-content\/uploads\/2021\/05\/xlpe-pvc-swa-armoured-cable-supplier.jpg","contentUrl":"http:\/\/huadongswacable.com\/wp-content\/uploads\/2021\/05\/xlpe-pvc-swa-armoured-cable-supplier.jpg"},{"@type":"WebPage","@id":"http:\/\/huadongswacable.com\/es\/sobre-nosotros-2\/#webpage","url":"http:\/\/huadongswacable.com\/es\/sobre-nosotros-2\/","name":"About Us - Huadong SWA Cable","isPartOf":{"@id":"http:\/\/huadongswacable.com\/ru\/#website"},"primaryImageOfPage":{"@id":"http:\/\/huadongswacable.com\/es\/sobre-nosotros-2\/#primaryimage"},"datePublished":"2018-03-15T02:57:40+00:00","dateModified":"2021-05-12T05:56:00+00:00","breadcrumb":{"@id":"http:\/\/huadongswacable.com\/es\/sobre-nosotros-2\/#breadcrumb"},"inLanguage":"es","potentialAction":[{"@type":"ReadAction","target":["http:\/\/huadongswacable.com\/es\/sobre-nosotros-2\/"]}]},{"@type":"BreadcrumbList","@id":"http:\/\/huadongswacable.com\/es\/sobre-nosotros-2\/#breadcrumb","itemListElement":[{"@type":"ListItem","position":1,"name":"Home","item":"http:\/\/huadongswacable.com\/ru\/"},{"@type":"ListItem","position":2,"name":"About Us"}]}]}},"_links":{"self":[{"href":"https:\/\/huadongswacable.com\/es\/wp-json\/wp\/v2\/pages\/495","targetHints":{"allow":["GET"]}}],"collection":[{"href":"https:\/\/huadongswacable.com\/es\/wp-json\/wp\/v2\/pages"}],"about":[{"href":"https:\/\/huadongswacable.com\/es\/wp-json\/wp\/v2\/types\/page"}],"author":[{"embeddable":true,"href":"https:\/\/huadongswacable.com\/es\/wp-json\/wp\/v2\/users\/1"}],"replies":[{"embeddable":true,"href":"https:\/\/huadongswacable.com\/es\/wp-json\/wp\/v2\/comments?post=495"}],"version-history":[{"count":6,"href":"https:\/\/huadongswacable.com\/es\/wp-json\/wp\/v2\/pages\/495\/revisions"}],"predecessor-version":[{"id":5822,"href":"https:\/\/huadongswacable.com\/es\/wp-json\/wp\/v2\/pages\/495\/revisions\/5822"}],"wp:attachment":[{"href":"https:\/\/huadongswacable.com\/es\/wp-json\/wp\/v2\/media?parent=495"}],"curies":[{"name":"wp","href":"https:\/\/api.w.org\/{rel}","templated":true}]}}