{"id":4814,"date":"2020-08-31T17:51:08","date_gmt":"2020-08-31T09:51:08","guid":{"rendered":"http:\/\/huadongswacable.com\/?page_id=4814"},"modified":"2022-12-21T15:15:23","modified_gmt":"2022-12-21T07:15:23","slug":"240mm-single-core-cable","status":"publish","type":"page","link":"https:\/\/huadongswacable.com\/es\/cable-unipolar-de-240-mm\/","title":{"rendered":"Precio del cable unipolar 11kv 15kv 33kv 240mm"},"content":{"rendered":"<p><img loading=\"lazy\" decoding=\"async\" width=\"750\" height=\"268\" class=\"wp-image-4821 size-full aligncenter\" src=\"https:\/\/huadongswacable.com\/wp-content\/uploads\/2020\/09\/240mm-single-core-cable-structure.jpg\" alt=\"&quot;&lt;yoastmark\" srcset=\"https:\/\/huadongswacable.com\/wp-content\/uploads\/2020\/09\/240mm-single-core-cable-structure.jpg 750w, https:\/\/huadongswacable.com\/wp-content\/uploads\/2020\/09\/240mm-single-core-cable-structure-300x107.jpg 300w\" sizes=\"auto, (max-width: 750px) 100vw, 750px\" \/><\/p>\n<p style=\"text-align: center;\"><span class=\"su-lightbox\" data-mfp-src=\"#Popup\" data-mfp-type=\"inline\" data-mobile=\"yes\"><button class=\"btn btn-danger btn-sm\" ><i class=\"fa fa-hand-o-right\" style=\"color:#ffffff;\"><\/i> Obtener presupuesto<\/button><\/span>\n<h2>\u00bfCu\u00e1nto cuesta un cable unipolar de 240 mm?<\/h2>\n<p>Cuando usted est\u00e1 buscando 11kv 1c x 240mm cable blindado, usted puede conseguir un mont\u00f3n de precio de diferentes 1 n\u00facleo 240mm proveedores de cable. En t\u00e9rminos generales, si usted pregunta 1 x 240mm2 cable blindado marino precio, el. <a href=\"https:\/\/huadongswacable.com\/es\/240mm-xlpe-cable-precio\/\" target=\"_blank\" rel=\"noopener noreferrer\">cable xlpe de 240 mm<\/a> proveedor le puede dar el precio de dos partes. Que contiene 1x 240mm precio del cable de cobre y su coste de env\u00edo. Por lo tanto, cuando su pedido es peque\u00f1o, usted puede comprar 1 n\u00facleo de 240 mm cuadrados 600v cu xlpe pvc swa pvc cable de alimentaci\u00f3n del fabricante local. Sin embargo, si necesita muchos <a href=\"https:\/\/huadongswacable.com\/es\/3c-x-240mm-xlpe-swa-pvc-cable\/\" target=\"_blank\" rel=\"noopener noreferrer\">cable subterr\u00e1neo 15kv 240mm2 3 hilos xlpe swa pvc<\/a>puede ponerse en contacto con proveedores extranjeros. Porque el precio del cable unipolar de 240 mm en otros pa\u00edses es mucho m\u00e1s barato.<\/p>\n<div class=\"row prolisttable\">\n<div class=\"row\"><\/div>\n<div class=\"col-lg-6 col-md-12 col-xs-12 col-sm-12\">\n<img loading=\"lazy\" decoding=\"async\" class=\"aligncenter size-full wp-image-4818\" src=\"https:\/\/huadongswacable.com\/wp-content\/uploads\/2020\/08\/cable-power-electrical-1c-x-240-mm-sq-flexible.jpg\" alt=\"cable de alimentaci\u00f3n el\u00e9ctrica 1c x 240 mm cuadrado flexible\" width=\"385\" height=\"388\" srcset=\"https:\/\/huadongswacable.com\/wp-content\/uploads\/2020\/08\/cable-power-electrical-1c-x-240-mm-sq-flexible.jpg 385w, https:\/\/huadongswacable.com\/wp-content\/uploads\/2020\/08\/cable-power-electrical-1c-x-240-mm-sq-flexible-298x300.jpg 298w, https:\/\/huadongswacable.com\/wp-content\/uploads\/2020\/08\/cable-power-electrical-1c-x-240-mm-sq-flexible-150x150.jpg 150w\" sizes=\"auto, (max-width: 385px) 100vw, 385px\" \/><\/div>\n<div class=\"col-lg-6 col-md-12 col-xs-12 col-sm-12\">\n<h2>Estructura de cable de 1 n\u00facleo de 240 mm<\/h2>\n<p><strong>Tensi\u00f3n:<\/strong> 0,6\/1kv\uff0c6,6kv, 11kv, 15kv, 12\/20kv \uff0c25\/35kv\uff0c33kv<br \/>\n<strong>Material conductor:<\/strong> Cobre o aluminio<br \/>\n<strong>Semiconductor interior:<\/strong> Compuesto semiconductor<br \/>\n<strong>Aislamiento:<\/strong> XLPE \/PVC<br \/>\n<strong>Semiconductor externo:<\/strong> Extrusionado pelable<br \/>\n<strong>Funda interior y exterior:<\/strong> PVC<br \/>\n<strong>Tipo de armadura:<\/strong> AWA (cable de aluminio blindado)<br \/>\n<strong>Temperatura m\u00e1xima de funcionamiento:<\/strong> 90\u00b0C<br \/>\n<strong>Embalaje:<\/strong> Tambor de madera o de hierro mientras tanto seg\u00fan su requisito.<\/p>\n<p style=\"text-align: center;\"><span class=\"su-lightbox\" data-mfp-src=\"#Popup\" data-mfp-type=\"inline\" data-mobile=\"yes\"><button class=\"btn btn-danger btn-sm\" ><i class=\"fa fa-hand-o-right\" style=\"color:#ffffff;\"><\/i> Obtener presupuesto<\/button><\/span>\n<\/div>\n<\/div>\n<p>Antes de realizar el pedido, puede buscar muchos proveedores de cable al 12\/20kv 1 x 240 mm2 xlpe. Adem\u00e1s, puede preguntarles cu\u00e1nto cuesta el cable unipolar de 240 mm. A continuaci\u00f3n, puede comparar el precio de 1 c 240mm cable xlpe pvc. Huadong es un fabricante profesional de cable de alimentaci\u00f3n de aluminio 1x240mm2 en China. Tenemos una rica experiencia en la producci\u00f3n de cable 1cx240mm2 cu xlpe pvc. Nuestro 1 n\u00facleo 240mm cable precio tiene gran competitivo. S\u00f3lo tienes que dejar tu mensaje para obtener 240mm x 1 n\u00facleo de cable de cotizaci\u00f3n.<\/p>\n<div class=\"row prolisttable\">\n<p>&nbsp;<\/p>\n<div class=\"row\"><\/div>\n<div class=\"col-lg-6 col-md-12 col-xs-12 col-sm-12\">\n<img loading=\"lazy\" decoding=\"async\" class=\"aligncenter wp-image-4823\" src=\"https:\/\/huadongswacable.com\/wp-content\/uploads\/2020\/09\/1x240-25-35kv-xlpe-copper-cable-size_\u526f\u672c.jpg\" alt=\"1x240 25 35kv cable de cobre xlpe tama\u00f1o\" width=\"283\" height=\"283\" srcset=\"https:\/\/huadongswacable.com\/wp-content\/uploads\/2020\/09\/1x240-25-35kv-xlpe-copper-cable-size_\u526f\u672c.jpg 300w, https:\/\/huadongswacable.com\/wp-content\/uploads\/2020\/09\/1x240-25-35kv-xlpe-copper-cable-size_\u526f\u672c-150x150.jpg 150w\" sizes=\"auto, (max-width: 283px) 100vw, 283px\" \/><\/div>\n<div class=\"col-lg-6 col-md-12 col-xs-12 col-sm-12\">\n<h2>1c x 240mm cable de pantalla<\/h2>\n<p><strong>tensi\u00f3n:<\/strong> 0,6\/1kv, 1\/35kv<br \/>\n<strong>Conductor:<\/strong> Cobre\/Aluminio<br \/>\n<strong>Rejilla conductora:<\/strong> Compuesto semiconductor extruido.<br \/>\n<strong>Aislamiento:<\/strong> XLPE\/PVC<br \/>\n<strong>Apantallamiento del aislamiento:<\/strong> Compuesto semiconductor extruido.<br \/>\n<strong>Vaina:<\/strong> PVC<br \/>\n<strong>Embalaje:<\/strong> Tambor de madera o de hierro mientras tanto seg\u00fan su requisito.<\/p>\n<p style=\"text-align: center;\"><span class=\"su-lightbox\" data-mfp-src=\"#Popup\" data-mfp-type=\"inline\" data-mobile=\"yes\"><button class=\"btn btn-danger btn-sm\" ><i class=\"fa fa-hand-o-right\" style=\"color:#ffffff;\"><\/i> Obtener presupuesto<\/button><\/span>\n<\/div>\n<\/div>\n<h2>Elija un cable de cobre unipolar de 240 mm de calidad<\/h2>\n<p>Como todos sabemos, el cable de cobre xlpe 1\u00d7240 25\/35kv se utiliza para transmitir potencia. Si 240mm <a href=\"https:\/\/huadongswacable.com\/es\/cable-armado-unipolar\/\" target=\"_blank\" rel=\"noopener noreferrer\">cable unipolar<\/a> la calidad no es buena, habr\u00e1 grandes riesgos de seguridad. Por ejemplo, si el aislamiento del cable 11kv 1c x 240mm pantalla no est\u00e1 cualificado, es f\u00e1cil que se agriete. Lo que puede causar cable al 12 20kv 1 x 240 mm\u00b2 xlpe aver\u00eda y amenazar la seguridad de los usuarios. Por lo tanto, es necesario comprar cable de alimentaci\u00f3n el\u00e9ctrica 1c x 240 mm\u00b2 flexible de proveedores fiables. Lo que es m\u00e1s, en estos un solo n\u00facleo 240 mm cuadrados fabricante de cable de f\u00e1brica, tambi\u00e9n puede <a href=\"https:\/\/huadongswacable.com\/es\/240-sq-mm-4-core-armoured-cable-price\/\" target=\"_blank\" rel=\"noopener noreferrer\">comprar cable 4C x 240mm2<\/a>.<\/p>\n<p><img loading=\"lazy\" decoding=\"async\" class=\"aligncenter size-full wp-image-4832\" src=\"https:\/\/huadongswacable.com\/wp-content\/uploads\/2020\/09\/cable-power-electrical-1c-x-240-mm-sq-flexible-manufacturer.jpg\" alt=\"cable electrico 1c x 240 mm sq flexible fabricante\" width=\"780\" height=\"309\" srcset=\"https:\/\/huadongswacable.com\/wp-content\/uploads\/2020\/09\/cable-power-electrical-1c-x-240-mm-sq-flexible-manufacturer.jpg 780w, https:\/\/huadongswacable.com\/wp-content\/uploads\/2020\/09\/cable-power-electrical-1c-x-240-mm-sq-flexible-manufacturer-300x119.jpg 300w, https:\/\/huadongswacable.com\/wp-content\/uploads\/2020\/09\/cable-power-electrical-1c-x-240-mm-sq-flexible-manufacturer-768x304.jpg 768w\" sizes=\"auto, (max-width: 780px) 100vw, 780px\" \/><\/p>\n<p>Con el fin de proporcionar un excelente cable de cobre xlpe 1\u00d7240 25 35kv, lo producimos en estricta conformidad con las normas internacionales. Siempre utilizamos aluminio superior y material de cobre para la fabricaci\u00f3n de cable de alimentaci\u00f3n xlpe aislamiento pvc forrado 6\/10kv 1cx240mm2. Todos los cables blindados marinos 1 x 240mm2 son estrictamente probados. Por lo tanto, usted puede estar seguro de comprar 15kv 240mm2 cable subterr\u00e1neo de un solo n\u00facleo de nuestra empresa. Adem\u00e1s, si su pedido es grande, podemos darle descuento 240mm cable unipolar precio.<\/p>\n<div class=\"row prolisttable\">\n<div class=\"row\"><\/div>\n<div class=\"col-lg-6 col-md-12 col-xs-12 col-sm-12\">\n<img loading=\"lazy\" decoding=\"async\" class=\"aligncenter size-full wp-image-4825\" src=\"https:\/\/huadongswacable.com\/wp-content\/uploads\/2020\/09\/3cx240mm2-11kv-cu-xlpe-swa-pvc-cable-for-sale.jpg\" alt=\"3cx240mm2 11kv cu xlpe swa pvc cable para la venta\" width=\"300\" height=\"300\" srcset=\"https:\/\/huadongswacable.com\/wp-content\/uploads\/2020\/09\/3cx240mm2-11kv-cu-xlpe-swa-pvc-cable-for-sale.jpg 300w, https:\/\/huadongswacable.com\/wp-content\/uploads\/2020\/09\/3cx240mm2-11kv-cu-xlpe-swa-pvc-cable-for-sale-150x150.jpg 150w\" sizes=\"auto, (max-width: 300px) 100vw, 300px\" \/><\/p>\n<p style=\"text-align: center;\"><span class=\"su-lightbox\" data-mfp-src=\"#Popup\" data-mfp-type=\"inline\" data-mobile=\"yes\"><button class=\"btn btn-danger btn-sm\" ><i class=\"fa fa-hand-o-right\" style=\"color:#ffffff;\"><\/i> Obtener presupuesto<\/button><\/span>\n<\/div>\n<div class=\"col-lg-6 col-md-12 col-xs-12 col-sm-12\">\n<img loading=\"lazy\" decoding=\"async\" class=\"aligncenter size-full wp-image-4826\" src=\"https:\/\/huadongswacable.com\/wp-content\/uploads\/2020\/09\/buy-4C\u00d7240mm-0.6-1kv-cable-.jpg\" alt=\"comprar cable 4C\u00d7240mm 0,6 1kv\" width=\"300\" height=\"300\" srcset=\"https:\/\/huadongswacable.com\/wp-content\/uploads\/2020\/09\/buy-4C\u00d7240mm-0.6-1kv-cable-.jpg 300w, https:\/\/huadongswacable.com\/wp-content\/uploads\/2020\/09\/buy-4C\u00d7240mm-0.6-1kv-cable--150x150.jpg 150w\" sizes=\"auto, (max-width: 300px) 100vw, 300px\" \/><\/p>\n<p style=\"text-align: center;\"><span class=\"su-lightbox\" data-mfp-src=\"#Popup\" data-mfp-type=\"inline\" data-mobile=\"yes\"><button class=\"btn btn-danger btn-sm\" ><i class=\"fa fa-hand-o-right\" style=\"color:#ffffff;\"><\/i> Obtener presupuesto<\/button><\/span>\n<\/div>\n<\/div>\n<div class=\"su-lightbox-content su-u-trim\" id=\"Popup\" style=\"display:none;width:auto;min-width:50%;max-width:70%;margin-top:40px;margin-bottom:40px;padding:40px;background:#e8e5e5;color:#060473;box-shadow:0px 0px 15px #333333;text-align:left\"><div role=\"form\" class=\"wpcf7\" id=\"wpcf7-f5571-o1\" lang=\"en-US\" dir=\"ltr\">\n<div class=\"screen-reader-response\"><p role=\"status\" aria-live=\"polite\" aria-atomic=\"true\"><\/p> <ul><\/ul><\/div>\n<form action=\"\/es\/wp-json\/wp\/v2\/pages\/4814#wpcf7-f5571-o1\" method=\"post\" class=\"wpcf7-form init\" novalidate=\"novalidate\" data-status=\"init\" data-trp-original-action=\"\/es\/wp-json\/wp\/v2\/pages\/4814#wpcf7-f5571-o1\">\n<div style=\"display: none;\">\n<input type=\"hidden\" name=\"_wpcf7\" value=\"5571\" \/>\n<input type=\"hidden\" name=\"_wpcf7_version\" value=\"5.5.6\" \/>\n<input type=\"hidden\" name=\"_wpcf7_locale\" value=\"en_US\" \/>\n<input type=\"hidden\" name=\"_wpcf7_unit_tag\" value=\"wpcf7-f5571-o1\" \/>\n<input type=\"hidden\" name=\"_wpcf7_container_post\" value=\"0\" \/>\n<input type=\"hidden\" name=\"_wpcf7_posted_data_hash\" value=\"\" \/>\n<\/div>\n<div class=\"popmakerform\">\n<p>Su nombre <span style=\"color:red;\">*<span><br \/>\n<span class=\"wpcf7-form-control-wrap your-name\"><input type=\"text\" name=\"your-name\" value=\"\" size=\"40\" class=\"wpcf7-form-control wpcf7-text wpcf7-validates-as-required\" aria-required=\"true\" aria-invalid=\"false\" \/><\/span><\/p>\n<p>Su correo electr\u00f3nico <span style=\"color:red;\">*<span><br \/>\n<span class=\"wpcf7-form-control-wrap your-email\"><input type=\"email\" name=\"your-email\" value=\"\" size=\"40\" class=\"wpcf7-form-control wpcf7-text wpcf7-email wpcf7-validates-as-required wpcf7-validates-as-email\" aria-required=\"true\" aria-invalid=\"false\" \/><\/span><\/p>\n<p>Su n\u00famero de tel\u00e9fono<br \/>\n<span class=\"wpcf7-form-control-wrap your-phone\"><input type=\"text\" name=\"your-phone\" value=\"\" size=\"40\" class=\"wpcf7-form-control wpcf7-text\" aria-invalid=\"false\" \/><\/span><\/p>\n<p>Su pa\u00eds<br \/>\n<span class=\"wpcf7-form-control-wrap your-country\"><input type=\"text\" name=\"your-country\" value=\"\" size=\"40\" class=\"wpcf7-form-control wpcf7-text\" aria-invalid=\"false\" \/><\/span><\/p>\n<p>Requisitos detallados <span style=\"color:red;\">*<span><br \/>\n<span class=\"wpcf7-form-control-wrap your-requirement\"><textarea name=\"your-requirement\" cols=\"40\" rows=\"4\" class=\"wpcf7-form-control wpcf7-textarea wpcf7-validates-as-required\" aria-required=\"true\" aria-invalid=\"false\"><\/textarea><\/span><\/p>\n<p><input type=\"submit\" value=\"Obtener presupuesto\" class=\"wpcf7-form-control has-spinner wpcf7-submit\" \/><\/p>\n<\/div>\n<p style=\"display: none !important;\"><label>&#916;<textarea name=\"_wpcf7_ak_hp_textarea\" cols=\"45\" rows=\"8\" maxlength=\"100\"><\/textarea><\/label><input type=\"hidden\" id=\"ak_js_1\" name=\"_wpcf7_ak_js\" value=\"218\"\/><script>document.getElementById( \"ak_js_1\" ).setAttribute( \"value\", ( new Date() ).getTime() );<\/script><\/p><input type='hidden' class='wpcf7-pum' value='{\"closepopup\":false,\"closedelay\":0,\"openpopup\":false,\"openpopup_id\":0}' \/><div class=\"wpcf7-response-output\" aria-hidden=\"true\"><\/div><input type=\"hidden\" name=\"trp-form-language\" value=\"es\"\/><\/form><\/div><\/div>\n<h3>No dude en indicarnos sus necesidades.<\/h3>\n<div role=\"form\" class=\"wpcf7\" id=\"wpcf7-f6-o2\" lang=\"en-US\" dir=\"ltr\">\n<div class=\"screen-reader-response\"><p role=\"status\" aria-live=\"polite\" aria-atomic=\"true\"><\/p> <ul><\/ul><\/div>\n<form action=\"\/es\/wp-json\/wp\/v2\/pages\/4814#wpcf7-f6-o2\" method=\"post\" class=\"wpcf7-form init\" novalidate=\"novalidate\" data-status=\"init\" data-trp-original-action=\"\/es\/wp-json\/wp\/v2\/pages\/4814#wpcf7-f6-o2\">\n<div style=\"display: none;\">\n<input type=\"hidden\" name=\"_wpcf7\" value=\"6\" \/>\n<input type=\"hidden\" name=\"_wpcf7_version\" value=\"5.5.6\" \/>\n<input type=\"hidden\" name=\"_wpcf7_locale\" value=\"en_US\" \/>\n<input type=\"hidden\" name=\"_wpcf7_unit_tag\" value=\"wpcf7-f6-o2\" \/>\n<input type=\"hidden\" name=\"_wpcf7_container_post\" value=\"0\" \/>\n<input type=\"hidden\" name=\"_wpcf7_posted_data_hash\" value=\"\" \/>\n<\/div>\n<div class=\"messageform\">\n<p><strong><span style=\"color:red;\"><\/span> Su nombre<\/strong><br \/>\n    <span class=\"wpcf7-form-control-wrap your-name\"><input type=\"text\" name=\"your-name\" value=\"\" size=\"40\" class=\"wpcf7-form-control wpcf7-text\" aria-invalid=\"false\" \/><\/span> <\/p>\n<p><strong><span style=\"color:red;\">*<\/span> Su correo electr\u00f3nico<\/strong><br \/>\n    <span class=\"wpcf7-form-control-wrap your-email\"><input type=\"email\" name=\"your-email\" value=\"\" size=\"40\" class=\"wpcf7-form-control wpcf7-text wpcf7-email wpcf7-validates-as-required wpcf7-validates-as-email\" aria-required=\"true\" aria-invalid=\"false\" \/><\/span> <\/p>\n<p><strong>Su n\u00famero de tel\u00e9fono<\/strong><br \/>\n    <span class=\"wpcf7-form-control-wrap your-phone\"><input type=\"text\" name=\"your-phone\" value=\"\" size=\"40\" class=\"wpcf7-form-control wpcf7-text\" aria-invalid=\"false\" placeholder=\"Incluya el prefijo\" \/><\/span> <\/p>\n<p><strong>Su pa\u00eds<\/strong><br \/>\n    <span class=\"wpcf7-form-control-wrap your-country\"><input type=\"text\" name=\"your-country\" value=\"\" size=\"40\" class=\"wpcf7-form-control wpcf7-text\" aria-invalid=\"false\" \/><\/span> <\/p>\n<p><strong><span style=\"color:red;\">*<\/span> Sus requisitos<\/strong><br \/>\n    <span class=\"wpcf7-form-control-wrap your-requirement\"><textarea name=\"your-requirement\" cols=\"40\" rows=\"10\" class=\"wpcf7-form-control wpcf7-textarea wpcf7-validates-as-required bestonmessage\" aria-required=\"true\" aria-invalid=\"false\" placeholder=\"Para obtener un presupuesto detallado, env\u00edenos sus requisitos.\"><\/textarea><\/span> <\/p>\n<p><input type=\"submit\" value=\"Enviar mensaje\" class=\"wpcf7-form-control has-spinner wpcf7-submit\" \/><\/p>\n<\/div>\n<p style=\"display: none !important;\"><label>&#916;<textarea name=\"_wpcf7_ak_hp_textarea\" cols=\"45\" rows=\"8\" maxlength=\"100\"><\/textarea><\/label><input type=\"hidden\" id=\"ak_js_2\" name=\"_wpcf7_ak_js\" value=\"36\"\/><script>document.getElementById( \"ak_js_2\" ).setAttribute( \"value\", ( new Date() ).getTime() );<\/script><\/p><input type='hidden' class='wpcf7-pum' value='{\"closepopup\":false,\"closedelay\":0,\"openpopup\":false,\"openpopup_id\":0}' \/><div class=\"wpcf7-response-output\" aria-hidden=\"true\"><\/div><input type=\"hidden\" name=\"trp-form-language\" value=\"es\"\/><\/form><\/div>","protected":false},"excerpt":{"rendered":"<p>\u00bfCu\u00e1nto cuesta el cable unipolar de 240 mm? Cuando usted est\u00e1 buscando 11kv 1c x 240mm cable blindado, usted puede conseguir un mont\u00f3n de precio de diferentes 1 n\u00facleo 240mm proveedores de cable. En t\u00e9rminos generales, si usted pregunta 1 x 240mm2 marino blindado cable precio, el proveedor de cable xlpe 240mm puede darle dos partes precio. ... <a class=\"read-more\" href=\"https:\/\/huadongswacable.com\/es\/cable-unipolar-de-240-mm\/\">Leer m\u00e1s...<\/a><\/p>","protected":false},"author":1,"featured_media":0,"parent":0,"menu_order":0,"comment_status":"closed","ping_status":"closed","template":"","meta":{"footnotes":""},"class_list":["post-4814","page","type-page","status-publish"],"yoast_head":"<!-- This site is optimized with the Yoast SEO plugin v18.4.1 - https:\/\/yoast.com\/wordpress\/plugins\/seo\/ -->\n<title>How Much is 240mm Single Core Cable | 1cx240mm2 XLPE\/PVC Cable<\/title>\n<meta name=\"description\" content=\"You can contact us to get best 240mm single core cable price. We are manufacturers of 11kv 15kv 12\/20 25\/35 1Cx240mm2 aluminium power cable.\" \/>\n<meta name=\"robots\" content=\"index, follow, max-snippet:-1, max-image-preview:large, max-video-preview:-1\" \/>\n<link rel=\"canonical\" href=\"https:\/\/huadongswacable.com\/es\/cable-unipolar-de-240-mm\/\" \/>\n<meta property=\"og:locale\" content=\"es_ES\" \/>\n<meta property=\"og:type\" content=\"article\" \/>\n<meta property=\"og:title\" content=\"How Much is 240mm Single Core Cable | 1cx240mm2 XLPE\/PVC Cable\" \/>\n<meta property=\"og:description\" content=\"You can contact us to get best 240mm single core cable price. We are manufacturers of 11kv 15kv 12\/20 25\/35 1Cx240mm2 aluminium power cable.\" \/>\n<meta property=\"og:url\" content=\"https:\/\/huadongswacable.com\/es\/cable-unipolar-de-240-mm\/\" \/>\n<meta property=\"og:site_name\" content=\"Huadong SWA Cable\" \/>\n<meta property=\"article:modified_time\" content=\"2022-12-21T07:15:23+00:00\" \/>\n<meta property=\"og:image\" content=\"https:\/\/huadongswacable.com\/wp-content\/uploads\/2020\/09\/240mm-single-core-cable-structure.jpg\" \/>\n<meta name=\"twitter:card\" content=\"summary_large_image\" \/>\n<meta name=\"twitter:label1\" content=\"Tiempo de lectura\" \/>\n\t<meta name=\"twitter:data1\" content=\"3 minutos\" \/>\n<script type=\"application\/ld+json\" class=\"yoast-schema-graph\">{\"@context\":\"https:\/\/schema.org\",\"@graph\":[{\"@type\":\"WebSite\",\"@id\":\"http:\/\/huadongswacable.com\/ru\/#website\",\"url\":\"http:\/\/huadongswacable.com\/ru\/\",\"name\":\"Huadong SWA Cable\",\"description\":\"Huadong SWA Cable\",\"potentialAction\":[{\"@type\":\"SearchAction\",\"target\":{\"@type\":\"EntryPoint\",\"urlTemplate\":\"http:\/\/huadongswacable.com\/ru\/?s={search_term_string}\"},\"query-input\":\"required name=search_term_string\"}],\"inLanguage\":\"es\"},{\"@type\":\"ImageObject\",\"@id\":\"https:\/\/huadongswacable.com\/240mm-single-core-cable\/#primaryimage\",\"inLanguage\":\"es\",\"url\":\"https:\/\/huadongswacable.com\/wp-content\/uploads\/2020\/09\/240mm-single-core-cable-structure.jpg\",\"contentUrl\":\"https:\/\/huadongswacable.com\/wp-content\/uploads\/2020\/09\/240mm-single-core-cable-structure.jpg\",\"width\":750,\"height\":268,\"caption\":\"240mm single core cable structure\"},{\"@type\":\"WebPage\",\"@id\":\"https:\/\/huadongswacable.com\/240mm-single-core-cable\/#webpage\",\"url\":\"https:\/\/huadongswacable.com\/240mm-single-core-cable\/\",\"name\":\"How Much is 240mm Single Core Cable | 1cx240mm2 XLPE\/PVC Cable\",\"isPartOf\":{\"@id\":\"http:\/\/huadongswacable.com\/ru\/#website\"},\"primaryImageOfPage\":{\"@id\":\"https:\/\/huadongswacable.com\/240mm-single-core-cable\/#primaryimage\"},\"datePublished\":\"2020-08-31T09:51:08+00:00\",\"dateModified\":\"2022-12-21T07:15:23+00:00\",\"description\":\"You can contact us to get best 240mm single core cable price. We are manufacturers of 11kv 15kv 12\/20 25\/35 1Cx240mm2 aluminium power cable.\",\"breadcrumb\":{\"@id\":\"https:\/\/huadongswacable.com\/240mm-single-core-cable\/#breadcrumb\"},\"inLanguage\":\"es\",\"potentialAction\":[{\"@type\":\"ReadAction\",\"target\":[\"https:\/\/huadongswacable.com\/240mm-single-core-cable\/\"]}]},{\"@type\":\"BreadcrumbList\",\"@id\":\"https:\/\/huadongswacable.com\/240mm-single-core-cable\/#breadcrumb\",\"itemListElement\":[{\"@type\":\"ListItem\",\"position\":1,\"name\":\"Home\",\"item\":\"http:\/\/huadongswacable.com\/ru\/\"},{\"@type\":\"ListItem\",\"position\":2,\"name\":\"Price of 11kv 15kv 33kv 240mm single core cable\"}]}]}<\/script>\n<!-- \/ Yoast SEO plugin. -->","yoast_head_json":{"title":"How Much is 240mm Single Core Cable | 1cx240mm2 XLPE\/PVC Cable","description":"You can contact us to get best 240mm single core cable price. We are manufacturers of 11kv 15kv 12\/20 25\/35 1Cx240mm2 aluminium power cable.","robots":{"index":"index","follow":"follow","max-snippet":"max-snippet:-1","max-image-preview":"max-image-preview:large","max-video-preview":"max-video-preview:-1"},"canonical":"https:\/\/huadongswacable.com\/es\/cable-unipolar-de-240-mm\/","og_locale":"es_ES","og_type":"article","og_title":"How Much is 240mm Single Core Cable | 1cx240mm2 XLPE\/PVC Cable","og_description":"You can contact us to get best 240mm single core cable price. We are manufacturers of 11kv 15kv 12\/20 25\/35 1Cx240mm2 aluminium power cable.","og_url":"https:\/\/huadongswacable.com\/es\/cable-unipolar-de-240-mm\/","og_site_name":"Huadong SWA Cable","article_modified_time":"2022-12-21T07:15:23+00:00","og_image":[{"url":"https:\/\/huadongswacable.com\/wp-content\/uploads\/2020\/09\/240mm-single-core-cable-structure.jpg"}],"twitter_card":"summary_large_image","twitter_misc":{"Tiempo de lectura":"3 minutos"},"schema":{"@context":"https:\/\/schema.org","@graph":[{"@type":"WebSite","@id":"http:\/\/huadongswacable.com\/ru\/#website","url":"http:\/\/huadongswacable.com\/ru\/","name":"Huadong SWA Cable","description":"Huadong SWA Cable","potentialAction":[{"@type":"SearchAction","target":{"@type":"EntryPoint","urlTemplate":"http:\/\/huadongswacable.com\/ru\/?s={search_term_string}"},"query-input":"required name=search_term_string"}],"inLanguage":"es"},{"@type":"ImageObject","@id":"https:\/\/huadongswacable.com\/240mm-single-core-cable\/#primaryimage","inLanguage":"es","url":"https:\/\/huadongswacable.com\/wp-content\/uploads\/2020\/09\/240mm-single-core-cable-structure.jpg","contentUrl":"https:\/\/huadongswacable.com\/wp-content\/uploads\/2020\/09\/240mm-single-core-cable-structure.jpg","width":750,"height":268,"caption":"240mm single core cable structure"},{"@type":"WebPage","@id":"https:\/\/huadongswacable.com\/240mm-single-core-cable\/#webpage","url":"https:\/\/huadongswacable.com\/240mm-single-core-cable\/","name":"How Much is 240mm Single Core Cable | 1cx240mm2 XLPE\/PVC Cable","isPartOf":{"@id":"http:\/\/huadongswacable.com\/ru\/#website"},"primaryImageOfPage":{"@id":"https:\/\/huadongswacable.com\/240mm-single-core-cable\/#primaryimage"},"datePublished":"2020-08-31T09:51:08+00:00","dateModified":"2022-12-21T07:15:23+00:00","description":"You can contact us to get best 240mm single core cable price. We are manufacturers of 11kv 15kv 12\/20 25\/35 1Cx240mm2 aluminium power cable.","breadcrumb":{"@id":"https:\/\/huadongswacable.com\/240mm-single-core-cable\/#breadcrumb"},"inLanguage":"es","potentialAction":[{"@type":"ReadAction","target":["https:\/\/huadongswacable.com\/240mm-single-core-cable\/"]}]},{"@type":"BreadcrumbList","@id":"https:\/\/huadongswacable.com\/240mm-single-core-cable\/#breadcrumb","itemListElement":[{"@type":"ListItem","position":1,"name":"Home","item":"http:\/\/huadongswacable.com\/ru\/"},{"@type":"ListItem","position":2,"name":"Price of 11kv 15kv 33kv 240mm single core cable"}]}]}},"_links":{"self":[{"href":"https:\/\/huadongswacable.com\/es\/wp-json\/wp\/v2\/pages\/4814","targetHints":{"allow":["GET"]}}],"collection":[{"href":"https:\/\/huadongswacable.com\/es\/wp-json\/wp\/v2\/pages"}],"about":[{"href":"https:\/\/huadongswacable.com\/es\/wp-json\/wp\/v2\/types\/page"}],"author":[{"embeddable":true,"href":"https:\/\/huadongswacable.com\/es\/wp-json\/wp\/v2\/users\/1"}],"replies":[{"embeddable":true,"href":"https:\/\/huadongswacable.com\/es\/wp-json\/wp\/v2\/comments?post=4814"}],"version-history":[{"count":24,"href":"https:\/\/huadongswacable.com\/es\/wp-json\/wp\/v2\/pages\/4814\/revisions"}],"predecessor-version":[{"id":7812,"href":"https:\/\/huadongswacable.com\/es\/wp-json\/wp\/v2\/pages\/4814\/revisions\/7812"}],"wp:attachment":[{"href":"https:\/\/huadongswacable.com\/es\/wp-json\/wp\/v2\/media?parent=4814"}],"curies":[{"name":"wp","href":"https:\/\/api.w.org\/{rel}","templated":true}]}}