{"id":98,"date":"2018-03-08T14:53:55","date_gmt":"2018-03-08T06:53:55","guid":{"rendered":"http:\/\/huadongswacable.com\/?page_id=98"},"modified":"2022-12-19T16:43:39","modified_gmt":"2022-12-19T08:43:39","slug":"aluminium-armoured-cable-advantages","status":"publish","type":"page","link":"https:\/\/huadongswacable.com\/de\/aluminium-panzerkabel-vorteile\/","title":{"rendered":"Aluminium armierte Stromkabel Lieferanten"},"content":{"rendered":"<p><img loading=\"lazy\" decoding=\"async\" class=\"aligncenter size-full wp-image-5395\" src=\"https:\/\/huadongswacable.com\/wp-content\/uploads\/2021\/03\/get-best-price-for-aluminium-armoured-cable.jpg\" alt=\"Bester Preis f\u00fcr Aluminiumpanzerkabel\" width=\"800\" height=\"245\" srcset=\"https:\/\/huadongswacable.com\/wp-content\/uploads\/2021\/03\/get-best-price-for-aluminium-armoured-cable.jpg 800w, https:\/\/huadongswacable.com\/wp-content\/uploads\/2021\/03\/get-best-price-for-aluminium-armoured-cable-300x92.jpg 300w, https:\/\/huadongswacable.com\/wp-content\/uploads\/2021\/03\/get-best-price-for-aluminium-armoured-cable-768x235.jpg 768w\" sizes=\"auto, (max-width: 800px) 100vw, 800px\" \/><\/p>\n<p>Bitte z\u00f6gern Sie nicht, Ihre Anfrage zu senden Aluminium armierte Kabel Liste und Bestellmenge. Unser Verkaufsleiter wird Sie innerhalb von 12 Stunden kontaktieren.<\/p>\n<h2>Aluminiumpanzerkabel Merkmal<\/h2>\n<div class=\"row prolisttable\">\n<table>\n<tbody>\n<tr>\n<td><img loading=\"lazy\" decoding=\"async\" class=\"aligncenter size-full wp-image-5419\" src=\"https:\/\/huadongswacable.com\/wp-content\/uploads\/2021\/03\/xlpe-swa-pvc-aluminum-armoured-cable-supplier.jpg\" alt=\"xlpe swa pvc aluminium armiertes kabel lieferant\" width=\"300\" height=\"300\" srcset=\"https:\/\/huadongswacable.com\/wp-content\/uploads\/2021\/03\/xlpe-swa-pvc-aluminum-armoured-cable-supplier.jpg 300w, https:\/\/huadongswacable.com\/wp-content\/uploads\/2021\/03\/xlpe-swa-pvc-aluminum-armoured-cable-supplier-150x150.jpg 150w\" sizes=\"auto, (max-width: 300px) 100vw, 300px\" \/><\/td>\n<td style=\"text-align: left;\"><strong>Dirigent:<\/strong>\u00a0Aluminium<br \/>\n<strong>Spannung:<\/strong>\u00a0bis zu 35 KV<br \/>\n<strong>Gepanzert:<\/strong> SWA (Stahldrahtpanzer) \/ STA (Stahlbandpanzer) \/ AWA (Aluminiumdrahtpanzer) Nicht gepanzert<br \/>\n<strong>Isolierung:<\/strong>\u00a0XLPE \/ PVC \/ LSF \/ Feuerbest\u00e4ndig<br \/>\n<strong>Kerne:<\/strong> 1, 2, 3, 4, 5, 3+1, 4+1, 3+2<br \/>\n<strong>Bereich der Sektion:<\/strong> 1,5 mm2-1000 mm2<br \/>\n<strong>Standard:<\/strong> IEC 60502, BS 7870, GB\/ T12706 oder andere.<br \/>\n<strong>Anwendung:<\/strong> Bauwesen, Maschinenbau, Eisenbahn, Anlagenbau, Schulen, Krankenh\u00e4user, U-Bahnen und so weiter.<br \/>\n<strong><strong>Wir k\u00f6nnen die Gr\u00f6\u00dfe entsprechend Ihren Anforderungen anpassen.<\/strong><\/strong><\/p>\n<p style=\"text-align: center;\"><span class=\"su-lightbox\" data-mfp-src=\"#Popup\" data-mfp-type=\"inline\" data-mobile=\"yes\"><button class=\"btn btn-danger btn-sm\" ><i class=\"fa fa-hand-o-right\" style=\"color:#ffffff;\"><\/i> Angebot einholen<\/button><\/span>\n<\/td>\n<\/tr>\n<\/tbody>\n<\/table>\n<\/div>\n<h2>Materialreiches Aluminium-Panzerkabel.<\/h2>\n<p>Sie fragen sich, welches Panzerkabel Sie w\u00e4hlen sollen? Und es gibt viele Anbieter von Panzerkabeln aus Aluminium, welcher ist der zuverl\u00e4ssigste? Ich werde diese Fragen f\u00fcr Sie beantworten. Wie Sie wissen, gibt es Aluminium-Panzerkabel und Kupfer-Panzerkabel auf dem Markt. Sie sind in vielerlei Hinsicht unterschiedlich.  Stromkabel aus Aluminium haben viele Vorteile gegen\u00fcber Stromkabeln aus Kupfer. Zum Beispiel haben Aluminium-Stromkabel Leiter Ressourcen reichlich Speicherkapazit\u00e4t. Angesichts der r\u00fcckl\u00e4ufigen Entwicklung der Kupferressourcen ist Kupfer wahrscheinlich der am fr\u00fchesten ersch\u00f6pfte Bodenschatz der Erde. Vom Standpunkt der wissenschaftlichen Entwicklung aus betrachtet. Es ist ein unvermeidlicher Trend, Kupfer-Stromkabel zu ersetzen durch <a href=\"https:\/\/huadongswacable.com\/de\/aluminium-panzerkabel-vorteile\/\" target=\"_blank\" rel=\"noopener noreferrer\">Aluminiumdraht-Panzerkabel<\/a>.<\/p>\n<p><img loading=\"lazy\" decoding=\"async\" class=\"aligncenter size-full wp-image-5426\" src=\"https:\/\/huadongswacable.com\/wp-content\/uploads\/2021\/03\/aluminum-pvc-swa-armoured-cable-types.jpg\" alt=\"aluminium pvc swa armierte kabeltypen\" width=\"800\" height=\"289\" srcset=\"https:\/\/huadongswacable.com\/wp-content\/uploads\/2021\/03\/aluminum-pvc-swa-armoured-cable-types.jpg 800w, https:\/\/huadongswacable.com\/wp-content\/uploads\/2021\/03\/aluminum-pvc-swa-armoured-cable-types-300x108.jpg 300w, https:\/\/huadongswacable.com\/wp-content\/uploads\/2021\/03\/aluminum-pvc-swa-armoured-cable-types-768x277.jpg 768w\" sizes=\"auto, (max-width: 800px) 100vw, 800px\" \/><\/p>\n<p style=\"text-align: center;\"><span class=\"su-lightbox\" data-mfp-src=\"#Popup\" data-mfp-type=\"inline\" data-mobile=\"yes\"><button class=\"btn btn-danger btn-sm\" ><i class=\"fa fa-hand-o-right\" style=\"color:#ffffff;\"><\/i> Angebot einholen<\/button><\/span>\n<h2>Durch die Verwendung von gepanzerten Aluminiumkabeln werden die Kosten gesenkt.<\/h2>\n<p>Wenn der Leiter des aluminiumbewehrten Kabels aus Aluminium besteht. Dann ist es aufgrund der geringen Festigkeit von Aluminium schwierig, einen d\u00fcnnen Draht zu ziehen. Derzeit ist es nicht praktikabel, einen weichen Aluminium-Panzerkabel-Leiter zu verarbeiten. Oder einen sehr weichen Aluminium-Stromkabel-Leiter. Allerdings ist die Querschnittsfl\u00e4che von mehr als 4mm\u00b2 Aluminium ummanteltes Kabel kann sicher sein, dass die Verwendung von Aluminium-Leitern. Die Verwendung von Aluminiumpanzerkabel garantiert nicht nur die \u00dcbertragungsfunktion, sondern reduziert auch die Inputkosten. Dar\u00fcber hinaus steht die Verwendung von Aluminiumpanzerkabel im Einklang mit der Strategie der nachhaltigen Entwicklung.<\/p>\n<figure id=\"attachment_258\" aria-describedby=\"caption-attachment-258\" style=\"width: 490px\" class=\"wp-caption aligncenter\"><img loading=\"lazy\" decoding=\"async\" class=\"size-full wp-image-258\" src=\"https:\/\/huadongswacable.com\/wp-content\/uploads\/2018\/03\/aluminium-power-cables.jpg\" alt=\"huadong billige Aluminium-Stromkabel\" width=\"500\" height=\"275\" srcset=\"https:\/\/huadongswacable.com\/wp-content\/uploads\/2018\/03\/aluminium-power-cables.jpg 500w, https:\/\/huadongswacable.com\/wp-content\/uploads\/2018\/03\/aluminium-power-cables-300x165.jpg 300w\" sizes=\"auto, (max-width: 500px) 100vw, 500px\" \/><figcaption id=\"caption-attachment-258\" class=\"wp-caption-text\">Aufbau von Aluminium-Stromkabeln<\/figcaption><\/figure>\n<p style=\"text-align: center;\"><span class=\"su-lightbox\" data-mfp-src=\"#Popup\" data-mfp-type=\"inline\" data-mobile=\"yes\"><button class=\"btn btn-danger btn-sm\" ><i class=\"fa fa-hand-o-right\" style=\"color:#ffffff;\"><\/i> Angebot einholen<\/button><\/span>\n<h2>Wo kann man hochwertige und g\u00fcnstige Aluminium-Stromkabel kaufen?<\/h2>\n<p>Wenn Sie qualitativ hochwertige und preiswerte Aluminium-Stromkabel ben\u00f6tigen, ist die Huadong Kabelgruppe Ihr idealer Lieferant f\u00fcr gepanzerte Aluminiumkabel. Unser Unternehmen befindet sich in Henan. Henan Provinz ist die ganze China's Aluminium Stromkabel Leiter Ressourcen sind die reichlich vorhandenen Ort. Daher ist der Preis f\u00fcr Aluminium-Stromkabel der g\u00fcnstigste. Die Huadong Gruppe hat viele Jahre Erfahrung im Import und Export. Weil erstklassige Aluminium ummanteltes Kabel Produktqualit\u00e4t und hervorragenden Kundenservice. Wir haben das Vertrauen und Lob von vielen Kunden gewonnen. Nicht nur mehr und mehr neue Kunden kommen zu uns. Sondern auch viele Stammkunden von Aluminiummantelkabeln haben eine stabile Zusammenarbeit mit uns. Die Huadong Gruppe hei\u00dft Sie herzlich willkommen, sich uns anzuschlie\u00dfen, und wir k\u00f6nnen Ihnen Aluminiumpanzerkabel schicken. <button class=\"btn btn-link btn-xs popmake-quote\" >Kostenlose Proben<\/button> zu Ihnen. Hinterlassen Sie einfach Ihre Nachricht.<\/p>\n<p><img loading=\"lazy\" decoding=\"async\" class=\"aligncenter size-full wp-image-5429\" src=\"https:\/\/huadongswacable.com\/wp-content\/uploads\/2021\/03\/aluminum-wire-armoured-cable-manufacturer.jpg\" alt=\"Aluminiumdraht Panzerkabel Hersteller\" width=\"897\" height=\"349\" srcset=\"https:\/\/huadongswacable.com\/wp-content\/uploads\/2021\/03\/aluminum-wire-armoured-cable-manufacturer.jpg 897w, https:\/\/huadongswacable.com\/wp-content\/uploads\/2021\/03\/aluminum-wire-armoured-cable-manufacturer-300x117.jpg 300w, https:\/\/huadongswacable.com\/wp-content\/uploads\/2021\/03\/aluminum-wire-armoured-cable-manufacturer-768x299.jpg 768w\" sizes=\"auto, (max-width: 897px) 100vw, 897px\" \/><\/p>\n<p style=\"text-align: center;\"><span class=\"su-lightbox\" data-mfp-src=\"#Popup\" data-mfp-type=\"inline\" data-mobile=\"yes\"><button class=\"btn btn-danger btn-sm\" ><i class=\"fa fa-hand-o-right\" style=\"color:#ffffff;\"><\/i> Angebot einholen<\/button><\/span>\n<h2>Holen Sie sich die besten Aluminiumdraht gepanzerte Kabel Preis von Huadong<\/h2>\n<p>Um qualitativ hochwertige Aluminiumkabel zu produzieren, verwenden wir hochwertiges Aluminiummaterial. Was mehr ist, verkaufen wir pvc swa pvc Aluminium Stromkabel direkt, so k\u00f6nnen Sie f<span class=\"VIiyi\" lang=\"en\"><span class=\"JLqJ4b ChMk0b\" data-language-for-alternatives=\"en\" data-language-to-translate-into=\"auto\" data-phrase-index=\"0\">avorable Preis. Dar\u00fcber hinaus, wenn Ihre Bestellung sehr gro\u00df ist, k\u00f6nnen Sie Rabatt xlpe swa pvc Aluminium Panzerkabel erhalten. In der Tat, unsere Aluminium-Draht gepanzerte Kabel Export in viele L\u00e4nder. Wie zum Beispiel Amerika, Jemen, Malaysia, Philippinen, Thailand, Australien, Nigeria, S\u00fcdafrika und so weiter. Dann k\u00f6nnen Sie unsere Aluminiumdraht Panzerkabel Preisliste vergleichen.\u00a0<\/span><\/span><\/p>\n<p><img loading=\"lazy\" decoding=\"async\" class=\"size-full wp-image-5431 aligncenter\" src=\"https:\/\/huadongswacable.com\/wp-content\/uploads\/2021\/03\/buy-low-price-aluminum-armoured-cable.jpg\" alt=\"Aluminium-Panzerkabel zu niedrigem Preis kaufen\" width=\"800\" height=\"414\" srcset=\"https:\/\/huadongswacable.com\/wp-content\/uploads\/2021\/03\/buy-low-price-aluminum-armoured-cable.jpg 800w, https:\/\/huadongswacable.com\/wp-content\/uploads\/2021\/03\/buy-low-price-aluminum-armoured-cable-300x155.jpg 300w, https:\/\/huadongswacable.com\/wp-content\/uploads\/2021\/03\/buy-low-price-aluminum-armoured-cable-768x397.jpg 768w\" sizes=\"auto, (max-width: 800px) 100vw, 800px\" \/><\/p>\n<div class=\"su-lightbox-content su-u-trim\" id=\"Popup\" style=\"display:none;width:auto;min-width:50%;max-width:70%;margin-top:40px;margin-bottom:40px;padding:40px;background:#e8e5e5;color:#060473;box-shadow:0px 0px 15px #333333;text-align:left\"><div role=\"form\" class=\"wpcf7\" id=\"wpcf7-f5571-o1\" lang=\"en-US\" dir=\"ltr\">\n<div class=\"screen-reader-response\"><p role=\"status\" aria-live=\"polite\" aria-atomic=\"true\"><\/p> <ul><\/ul><\/div>\n<form action=\"\/de\/wp-json\/wp\/v2\/pages\/98#wpcf7-f5571-o1\" method=\"post\" class=\"wpcf7-form init\" novalidate=\"novalidate\" data-status=\"init\" data-trp-original-action=\"\/de\/wp-json\/wp\/v2\/pages\/98#wpcf7-f5571-o1\">\n<div style=\"display: none;\">\n<input type=\"hidden\" name=\"_wpcf7\" value=\"5571\" \/>\n<input type=\"hidden\" name=\"_wpcf7_version\" value=\"5.5.6\" \/>\n<input type=\"hidden\" name=\"_wpcf7_locale\" value=\"en_US\" \/>\n<input type=\"hidden\" name=\"_wpcf7_unit_tag\" value=\"wpcf7-f5571-o1\" \/>\n<input type=\"hidden\" name=\"_wpcf7_container_post\" value=\"0\" \/>\n<input type=\"hidden\" name=\"_wpcf7_posted_data_hash\" value=\"\" \/>\n<\/div>\n<div class=\"popmakerform\">\n<p>Ihr Name <span style=\"color:red;\">*<span><br \/>\n<span class=\"wpcf7-form-control-wrap your-name\"><input type=\"text\" name=\"your-name\" value=\"\" size=\"40\" class=\"wpcf7-form-control wpcf7-text wpcf7-validates-as-required\" aria-required=\"true\" aria-invalid=\"false\" \/><\/span><\/p>\n<p>Deine E-Mail <span style=\"color:red;\">*<span><br \/>\n<span class=\"wpcf7-form-control-wrap your-email\"><input type=\"email\" name=\"your-email\" value=\"\" size=\"40\" class=\"wpcf7-form-control wpcf7-text wpcf7-email wpcf7-validates-as-required wpcf7-validates-as-email\" aria-required=\"true\" aria-invalid=\"false\" \/><\/span><\/p>\n<p>Ihre Telefonnummer<br \/>\n<span class=\"wpcf7-form-control-wrap your-phone\"><input type=\"text\" name=\"your-phone\" value=\"\" size=\"40\" class=\"wpcf7-form-control wpcf7-text\" aria-invalid=\"false\" \/><\/span><\/p>\n<p>Ihr Land<br \/>\n<span class=\"wpcf7-form-control-wrap your-country\"><input type=\"text\" name=\"your-country\" value=\"\" size=\"40\" class=\"wpcf7-form-control wpcf7-text\" aria-invalid=\"false\" \/><\/span><\/p>\n<p>Detaillierte Anforderung <span style=\"color:red;\">*<span><br \/>\n<span class=\"wpcf7-form-control-wrap your-requirement\"><textarea name=\"your-requirement\" cols=\"40\" rows=\"4\" class=\"wpcf7-form-control wpcf7-textarea wpcf7-validates-as-required\" aria-required=\"true\" aria-invalid=\"false\"><\/textarea><\/span><\/p>\n<p><input type=\"submit\" value=\"Angebot einholen\" class=\"wpcf7-form-control has-spinner wpcf7-submit\" \/><\/p>\n<\/div>\n<p style=\"display: none !important;\"><label>&#916;<textarea name=\"_wpcf7_ak_hp_textarea\" cols=\"45\" rows=\"8\" maxlength=\"100\"><\/textarea><\/label><input type=\"hidden\" id=\"ak_js_1\" name=\"_wpcf7_ak_js\" value=\"178\"\/><script>document.getElementById( \"ak_js_1\" ).setAttribute( \"value\", ( new Date() ).getTime() );<\/script><\/p><input type='hidden' class='wpcf7-pum' value='{\"closepopup\":false,\"closedelay\":0,\"openpopup\":false,\"openpopup_id\":0}' \/><div class=\"wpcf7-response-output\" aria-hidden=\"true\"><\/div><input type=\"hidden\" name=\"trp-form-language\" value=\"de\"\/><\/form><\/div><\/div>\n<h3>Bitte z\u00f6gern Sie nicht, uns Ihre Anforderungen mitzuteilen. Wir werden Ihnen innerhalb von 12 Stunden antworten.<\/h3>\n<p><strong>E-Mail: <a href=\"mailto:info@huadongswacable.com\" rel=\"nofollow\">info@huadongswacable.com<\/a><\/strong><\/p>\n<div role=\"form\" class=\"wpcf7\" id=\"wpcf7-f6-o2\" lang=\"en-US\" dir=\"ltr\">\n<div class=\"screen-reader-response\"><p role=\"status\" aria-live=\"polite\" aria-atomic=\"true\"><\/p> <ul><\/ul><\/div>\n<form action=\"\/de\/wp-json\/wp\/v2\/pages\/98#wpcf7-f6-o2\" method=\"post\" class=\"wpcf7-form init\" novalidate=\"novalidate\" data-status=\"init\" data-trp-original-action=\"\/de\/wp-json\/wp\/v2\/pages\/98#wpcf7-f6-o2\">\n<div style=\"display: none;\">\n<input type=\"hidden\" name=\"_wpcf7\" value=\"6\" \/>\n<input type=\"hidden\" name=\"_wpcf7_version\" value=\"5.5.6\" \/>\n<input type=\"hidden\" name=\"_wpcf7_locale\" value=\"en_US\" \/>\n<input type=\"hidden\" name=\"_wpcf7_unit_tag\" value=\"wpcf7-f6-o2\" \/>\n<input type=\"hidden\" name=\"_wpcf7_container_post\" value=\"0\" \/>\n<input type=\"hidden\" name=\"_wpcf7_posted_data_hash\" value=\"\" \/>\n<\/div>\n<div class=\"messageform\">\n<p><strong><span style=\"color:red;\"><\/span> Ihr Name<\/strong><br \/>\n    <span class=\"wpcf7-form-control-wrap your-name\"><input type=\"text\" name=\"your-name\" value=\"\" size=\"40\" class=\"wpcf7-form-control wpcf7-text\" aria-invalid=\"false\" \/><\/span> <\/p>\n<p><strong><span style=\"color:red;\">*<\/span> Deine E-Mail<\/strong><br \/>\n    <span class=\"wpcf7-form-control-wrap your-email\"><input type=\"email\" name=\"your-email\" value=\"\" size=\"40\" class=\"wpcf7-form-control wpcf7-text wpcf7-email wpcf7-validates-as-required wpcf7-validates-as-email\" aria-required=\"true\" aria-invalid=\"false\" \/><\/span> <\/p>\n<p><strong>Ihre Telefonnummer<\/strong><br \/>\n    <span class=\"wpcf7-form-control-wrap your-phone\"><input type=\"text\" name=\"your-phone\" value=\"\" size=\"40\" class=\"wpcf7-form-control wpcf7-text\" aria-invalid=\"false\" placeholder=\"Geben Sie die Vorwahl ein\" \/><\/span> <\/p>\n<p><strong>Ihr Land<\/strong><br \/>\n    <span class=\"wpcf7-form-control-wrap your-country\"><input type=\"text\" name=\"your-country\" value=\"\" size=\"40\" class=\"wpcf7-form-control wpcf7-text\" aria-invalid=\"false\" \/><\/span> <\/p>\n<p><strong><span style=\"color:red;\">*<\/span> Ihr Bedarf<\/strong><br \/>\n    <span class=\"wpcf7-form-control-wrap your-requirement\"><textarea name=\"your-requirement\" cols=\"40\" rows=\"10\" class=\"wpcf7-form-control wpcf7-textarea wpcf7-validates-as-required bestonmessage\" aria-required=\"true\" aria-invalid=\"false\" placeholder=\"F\u00fcr ein detailliertes Angebot senden Sie uns bitte Ihre ausf\u00fchrlichen Anforderungen.\"><\/textarea><\/span> <\/p>\n<p><input type=\"submit\" value=\"Nachricht senden\" class=\"wpcf7-form-control has-spinner wpcf7-submit\" \/><\/p>\n<\/div>\n<p style=\"display: none !important;\"><label>&#916;<textarea name=\"_wpcf7_ak_hp_textarea\" cols=\"45\" rows=\"8\" maxlength=\"100\"><\/textarea><\/label><input type=\"hidden\" id=\"ak_js_2\" name=\"_wpcf7_ak_js\" value=\"75\"\/><script>document.getElementById( \"ak_js_2\" ).setAttribute( \"value\", ( new Date() ).getTime() );<\/script><\/p><input type='hidden' class='wpcf7-pum' value='{\"closepopup\":false,\"closedelay\":0,\"openpopup\":false,\"openpopup_id\":0}' \/><div class=\"wpcf7-response-output\" aria-hidden=\"true\"><\/div><input type=\"hidden\" name=\"trp-form-language\" value=\"de\"\/><\/form><\/div>","protected":false},"excerpt":{"rendered":"<p>Bitte z\u00f6gern Sie nicht, uns Ihre Anfrage zu senden Aluminium armierte Kabel Liste und Bestellmenge. Unser Verkaufsleiter wird Sie innerhalb von 12 Stunden kontaktieren. Aluminium Panzerkabel Feature Aluminium Panzerkabel reich an Materialien. Fragen Sie sich, welches Panzerkabel Sie w\u00e4hlen sollten? Und es gibt viele Aluminium-Panzerkabel-Lieferanten, die eine ist die ... <a class=\"read-more\" href=\"https:\/\/huadongswacable.com\/de\/aluminium-panzerkabel-vorteile\/\">Weiterlesen ...<\/a><\/p>","protected":false},"author":1,"featured_media":0,"parent":0,"menu_order":0,"comment_status":"closed","ping_status":"closed","template":"","meta":{"footnotes":""},"class_list":["post-98","page","type-page","status-publish"],"yoast_head":"<!-- This site is optimized with the Yoast SEO plugin v18.4.1 - https:\/\/yoast.com\/wordpress\/plugins\/seo\/ -->\n<title>Aluminium Armoured Cable Price | Huadong Cable Group<\/title>\n<meta name=\"description\" content=\"Where to buy quality and cheap aluminium armoured cable? Huadong Cable Group is a leading aluminum armored cable supplier. Choosing us will reduce your cost of aluminium power cables. We have all sizes of aluminum power cable for sale. Huadong will send you aluminium wire armoured cable free sample if you need.\" \/>\n<meta name=\"robots\" content=\"index, follow, max-snippet:-1, max-image-preview:large, max-video-preview:-1\" \/>\n<link rel=\"canonical\" href=\"http:\/\/huadongswacable.com\/de\/aluminium-armoured-cable-advantages\/\" \/>\n<meta property=\"og:locale\" content=\"de_DE\" \/>\n<meta property=\"og:type\" content=\"article\" \/>\n<meta property=\"og:title\" content=\"Aluminium Armoured Cable Price | Huadong Cable Group\" \/>\n<meta property=\"og:description\" content=\"Where to buy quality and cheap aluminium armoured cable? Huadong Cable Group is a leading aluminum armored cable supplier. Choosing us will reduce your cost of aluminium power cables. We have all sizes of aluminum power cable for sale. Huadong will send you aluminium wire armoured cable free sample if you need.\" \/>\n<meta property=\"og:url\" content=\"http:\/\/huadongswacable.com\/de\/aluminium-armoured-cable-advantages\/\" \/>\n<meta property=\"og:site_name\" content=\"Huadong SWA Cable\" \/>\n<meta property=\"article:modified_time\" content=\"2022-12-19T08:43:39+00:00\" \/>\n<meta property=\"og:image\" content=\"https:\/\/huadongswacable.com\/wp-content\/uploads\/2021\/03\/get-best-price-for-aluminium-armoured-cable.jpg\" \/>\n<meta name=\"twitter:card\" content=\"summary_large_image\" \/>\n<meta name=\"twitter:label1\" content=\"Gesch\u00e4tzte Lesezeit\" \/>\n\t<meta name=\"twitter:data1\" content=\"5\u00a0Minuten\" \/>\n<script type=\"application\/ld+json\" class=\"yoast-schema-graph\">{\"@context\":\"https:\/\/schema.org\",\"@graph\":[{\"@type\":\"WebSite\",\"@id\":\"http:\/\/huadongswacable.com\/ru\/#website\",\"url\":\"http:\/\/huadongswacable.com\/ru\/\",\"name\":\"Huadong SWA Cable\",\"description\":\"Huadong SWA Cable\",\"potentialAction\":[{\"@type\":\"SearchAction\",\"target\":{\"@type\":\"EntryPoint\",\"urlTemplate\":\"http:\/\/huadongswacable.com\/ru\/?s={search_term_string}\"},\"query-input\":\"required name=search_term_string\"}],\"inLanguage\":\"de\"},{\"@type\":\"ImageObject\",\"@id\":\"http:\/\/huadongswacable.com\/es\/aluminium-armoured-cable-advantages\/#primaryimage\",\"inLanguage\":\"de\",\"url\":\"https:\/\/huadongswacable.com\/wp-content\/uploads\/2021\/03\/get-best-price-for-aluminium-armoured-cable.jpg\",\"contentUrl\":\"https:\/\/huadongswacable.com\/wp-content\/uploads\/2021\/03\/get-best-price-for-aluminium-armoured-cable.jpg\",\"width\":800,\"height\":245,\"caption\":\"get best price for aluminium armoured cable\"},{\"@type\":\"WebPage\",\"@id\":\"http:\/\/huadongswacable.com\/es\/aluminium-armoured-cable-advantages\/#webpage\",\"url\":\"http:\/\/huadongswacable.com\/es\/aluminium-armoured-cable-advantages\/\",\"name\":\"Aluminium Armoured Cable Price | Huadong Cable Group\",\"isPartOf\":{\"@id\":\"http:\/\/huadongswacable.com\/ru\/#website\"},\"primaryImageOfPage\":{\"@id\":\"http:\/\/huadongswacable.com\/es\/aluminium-armoured-cable-advantages\/#primaryimage\"},\"datePublished\":\"2018-03-08T06:53:55+00:00\",\"dateModified\":\"2022-12-19T08:43:39+00:00\",\"description\":\"Where to buy quality and cheap aluminium armoured cable? Huadong Cable Group is a leading aluminum armored cable supplier. Choosing us will reduce your cost of aluminium power cables. We have all sizes of aluminum power cable for sale. Huadong will send you aluminium wire armoured cable free sample if you need.\",\"breadcrumb\":{\"@id\":\"http:\/\/huadongswacable.com\/es\/aluminium-armoured-cable-advantages\/#breadcrumb\"},\"inLanguage\":\"de\",\"potentialAction\":[{\"@type\":\"ReadAction\",\"target\":[\"http:\/\/huadongswacable.com\/es\/aluminium-armoured-cable-advantages\/\"]}]},{\"@type\":\"BreadcrumbList\",\"@id\":\"http:\/\/huadongswacable.com\/es\/aluminium-armoured-cable-advantages\/#breadcrumb\",\"itemListElement\":[{\"@type\":\"ListItem\",\"position\":1,\"name\":\"Home\",\"item\":\"http:\/\/huadongswacable.com\/ru\/\"},{\"@type\":\"ListItem\",\"position\":2,\"name\":\"Aluminium Armoured Power Cable Suppliers\"}]}]}<\/script>\n<!-- \/ Yoast SEO plugin. -->","yoast_head_json":{"title":"Aluminium Armoured Cable Price | Huadong Cable Group","description":"Where to buy quality and cheap aluminium armoured cable? Huadong Cable Group is a leading aluminum armored cable supplier. Choosing us will reduce your cost of aluminium power cables. We have all sizes of aluminum power cable for sale. Huadong will send you aluminium wire armoured cable free sample if you need.","robots":{"index":"index","follow":"follow","max-snippet":"max-snippet:-1","max-image-preview":"max-image-preview:large","max-video-preview":"max-video-preview:-1"},"canonical":"http:\/\/huadongswacable.com\/de\/aluminium-armoured-cable-advantages\/","og_locale":"de_DE","og_type":"article","og_title":"Aluminium Armoured Cable Price | Huadong Cable Group","og_description":"Where to buy quality and cheap aluminium armoured cable? Huadong Cable Group is a leading aluminum armored cable supplier. Choosing us will reduce your cost of aluminium power cables. We have all sizes of aluminum power cable for sale. Huadong will send you aluminium wire armoured cable free sample if you need.","og_url":"http:\/\/huadongswacable.com\/de\/aluminium-armoured-cable-advantages\/","og_site_name":"Huadong SWA Cable","article_modified_time":"2022-12-19T08:43:39+00:00","og_image":[{"url":"https:\/\/huadongswacable.com\/wp-content\/uploads\/2021\/03\/get-best-price-for-aluminium-armoured-cable.jpg"}],"twitter_card":"summary_large_image","twitter_misc":{"Gesch\u00e4tzte Lesezeit":"5\u00a0Minuten"},"schema":{"@context":"https:\/\/schema.org","@graph":[{"@type":"WebSite","@id":"http:\/\/huadongswacable.com\/ru\/#website","url":"http:\/\/huadongswacable.com\/ru\/","name":"Huadong SWA Cable","description":"Huadong SWA Cable","potentialAction":[{"@type":"SearchAction","target":{"@type":"EntryPoint","urlTemplate":"http:\/\/huadongswacable.com\/ru\/?s={search_term_string}"},"query-input":"required name=search_term_string"}],"inLanguage":"de"},{"@type":"ImageObject","@id":"http:\/\/huadongswacable.com\/es\/aluminium-armoured-cable-advantages\/#primaryimage","inLanguage":"de","url":"https:\/\/huadongswacable.com\/wp-content\/uploads\/2021\/03\/get-best-price-for-aluminium-armoured-cable.jpg","contentUrl":"https:\/\/huadongswacable.com\/wp-content\/uploads\/2021\/03\/get-best-price-for-aluminium-armoured-cable.jpg","width":800,"height":245,"caption":"get best price for aluminium armoured cable"},{"@type":"WebPage","@id":"http:\/\/huadongswacable.com\/es\/aluminium-armoured-cable-advantages\/#webpage","url":"http:\/\/huadongswacable.com\/es\/aluminium-armoured-cable-advantages\/","name":"Aluminium Armoured Cable Price | Huadong Cable Group","isPartOf":{"@id":"http:\/\/huadongswacable.com\/ru\/#website"},"primaryImageOfPage":{"@id":"http:\/\/huadongswacable.com\/es\/aluminium-armoured-cable-advantages\/#primaryimage"},"datePublished":"2018-03-08T06:53:55+00:00","dateModified":"2022-12-19T08:43:39+00:00","description":"Where to buy quality and cheap aluminium armoured cable? Huadong Cable Group is a leading aluminum armored cable supplier. Choosing us will reduce your cost of aluminium power cables. We have all sizes of aluminum power cable for sale. Huadong will send you aluminium wire armoured cable free sample if you need.","breadcrumb":{"@id":"http:\/\/huadongswacable.com\/es\/aluminium-armoured-cable-advantages\/#breadcrumb"},"inLanguage":"de","potentialAction":[{"@type":"ReadAction","target":["http:\/\/huadongswacable.com\/es\/aluminium-armoured-cable-advantages\/"]}]},{"@type":"BreadcrumbList","@id":"http:\/\/huadongswacable.com\/es\/aluminium-armoured-cable-advantages\/#breadcrumb","itemListElement":[{"@type":"ListItem","position":1,"name":"Home","item":"http:\/\/huadongswacable.com\/ru\/"},{"@type":"ListItem","position":2,"name":"Aluminium Armoured Power Cable Suppliers"}]}]}},"_links":{"self":[{"href":"https:\/\/huadongswacable.com\/de\/wp-json\/wp\/v2\/pages\/98","targetHints":{"allow":["GET"]}}],"collection":[{"href":"https:\/\/huadongswacable.com\/de\/wp-json\/wp\/v2\/pages"}],"about":[{"href":"https:\/\/huadongswacable.com\/de\/wp-json\/wp\/v2\/types\/page"}],"author":[{"embeddable":true,"href":"https:\/\/huadongswacable.com\/de\/wp-json\/wp\/v2\/users\/1"}],"replies":[{"embeddable":true,"href":"https:\/\/huadongswacable.com\/de\/wp-json\/wp\/v2\/comments?post=98"}],"version-history":[{"count":34,"href":"https:\/\/huadongswacable.com\/de\/wp-json\/wp\/v2\/pages\/98\/revisions"}],"predecessor-version":[{"id":7781,"href":"https:\/\/huadongswacable.com\/de\/wp-json\/wp\/v2\/pages\/98\/revisions\/7781"}],"wp:attachment":[{"href":"https:\/\/huadongswacable.com\/de\/wp-json\/wp\/v2\/media?parent=98"}],"curies":[{"name":"wp","href":"https:\/\/api.w.org\/{rel}","templated":true}]}}