{"id":887,"date":"2018-04-23T13:46:34","date_gmt":"2018-04-23T05:46:34","guid":{"rendered":"http:\/\/huadongswacable.com\/?page_id=887"},"modified":"2022-12-19T14:24:11","modified_gmt":"2022-12-19T06:24:11","slug":"high-quality-low-price-teck-90-cable","status":"publish","type":"page","link":"https:\/\/huadongswacable.com\/de\/hochwertiges-gunstiges-teck-90-kabel\/","title":{"rendered":"4\/0 6\/3 8\/3 10\/2 10\/3 12\/2 12\/3 Teck 90 Kabel Preis"},"content":{"rendered":"<h2>600V 1KV 5KV 1K 2K 3K 4K teck 90 Kabelhersteller<\/h2>\n<p>Das Kabel Teck 90 ist eine Art Kabel mit <a href=\"https:\/\/huadongswacable.com\/de\/preisgunstiges-mc-kabeldraht\/\" target=\"_blank\" rel=\"noopener noreferrer\">ineinandergreifende Panzerung aus Aluminiumlegierung<\/a>. Tech 90 Kabel hat viele Leistungsvorteile. Was mehr ist, wenn Sie 14awg teck Draht kaufen m\u00fcssen, Huadong Cable Group wird Ihre ideale Wahl sein. Noch wichtiger ist, wird Huadong geben Ihnen einen Rabatt teck 90 Kabel Preis, wenn Sie eine Menge von Kabel teck von unserem Unternehmen kaufen. Lassen Sie einfach die Teck Kabelgr\u00f6\u00dfen, und wir werden Ihnen so schnell wie m\u00f6glich antworten. Sie k\u00f6nnen uns sagen, die Art der teck 90 Kabel Sie wollen teck Kabel Preis pro Fu\u00df zu bekommen. \u00dcber teck Draht Typ, 600v teck 90 Draht ist sehr beliebt. Oder Sie k\u00f6nnen uns Ihre Anfrage Kabelliste und Bestellmenge senden. Unser Verkaufsteam wird unsere 4\/0 3 Kern teck 90 Kabel Preis und Angebot Dokumente innerhalb von 12 Stunden zu senden.<\/p>\n<div class=\"row prolisttable\">\n<div class=\"col-lg-12 col-md-12 col-xs-12 col-sm-12\">\n<table>\n<tbody>\n<tr>\n<td><img loading=\"lazy\" decoding=\"async\" class=\"aligncenter wp-image-6325\" src=\"https:\/\/huadongswacable.com\/wp-content\/uploads\/2021\/09\/600v-1kv-5kv-3-core-xlpe-pvc-aia-pvc-teck-90-cable-price-list.jpg\" alt=\"600v 1kv 5kv 3 adern xlpe pvc aia pvc csa teck 90 kabel preisliste\" width=\"197\" height=\"332\" srcset=\"https:\/\/huadongswacable.com\/wp-content\/uploads\/2021\/09\/600v-1kv-5kv-3-core-xlpe-pvc-aia-pvc-teck-90-cable-price-list.jpg 242w, https:\/\/huadongswacable.com\/wp-content\/uploads\/2021\/09\/600v-1kv-5kv-3-core-xlpe-pvc-aia-pvc-teck-90-cable-price-list-178x300.jpg 178w\" sizes=\"auto, (max-width: 197px) 100vw, 197px\" \/><\/td>\n<td><strong>\u00a0 \u00a0Spannung:<\/strong> 600V, 1KV, 5KV,15KV<\/p>\n<p><strong>\u00a0 \u00a0Dirigenten:<\/strong> Kupfer oder Aluminium<\/p>\n<p><strong>\u00a0 \u00a0R\u00fcstung :<\/strong> Interlocked Aluminum Alloy Armour (AIA)<\/p>\n<p><strong>\u00a0 \u00a0Isolierung:<\/strong> Vernetztes Polyethylen (XLPE)<\/p>\n<p><strong>\u00a0 \u00a0Jacke:<\/strong> Polyvinylchlorid (PVC)<\/p>\n<p><strong>\u00a0 \u00a0Temperatur-Bewertung:<\/strong> -40\u00b0C bis 90\u00b0C<\/td>\n<\/tr>\n<\/tbody>\n<\/table>\n<\/div>\n<\/div>\n<p style=\"text-align: center;\"><span class=\"su-lightbox\" data-mfp-src=\"#Popup\" data-mfp-type=\"inline\" data-mobile=\"yes\"><button class=\"btn btn-danger btn-sm\" ><i class=\"fa fa-hand-o-right\" style=\"color:#ffffff;\"><\/i> Angebot einholen<\/button><\/span>\n<p>Denn teck 90 Panzerkabel haben eine lange Lebensdauer, eine gute Korrosionsbest\u00e4ndigkeit, Flexibilit\u00e4t sowie eine einfache Bedienung und Installation. In der Tat erfordert die Verlegung von Kabeln in vielen anspruchsvollen Rohstoffindustrien Leerrohre oder erdverlegte Rohre, um die industriellen Anforderungen zu erf\u00fcllen. Wenn Sie jedoch 12\/3 Teck 90 Kabel mit einer ineinander greifenden Aluminiumlegierung verwenden, k\u00f6nnen Sie eine Menge Kosten f\u00fcr Leerrohre oder Erdverlegung sparen. Und die Preise f\u00fcr Teck-Kabel von Huadong sind ebenfalls g\u00fcnstig. Dar\u00fcber hinaus hat das Teck 90 Stromkabel auch einen leichten Vorteil. Dies ist ein nicht zu vernachl\u00e4ssigender Vorteil f\u00fcr den Kabeltransport und die Kabelinstallation. Das Teck-Kabel hat nicht nur viele Leistungsvorteile, sondern spart vor allem Geld. Welchen Grund haben Sie, sich nicht f\u00fcr teck 90 Panzerkabel zu entscheiden? Kontaktieren Sie uns einfach, um die Preise f\u00fcr teck Kabel zu erfahren.<\/p>\n<p><img loading=\"lazy\" decoding=\"async\" class=\"aligncenter size-full wp-image-5744\" src=\"https:\/\/huadongswacable.com\/wp-content\/uploads\/2021\/04\/12-2-teck-90-cable-price.jpg\" alt=\"12\/2 teck 90 kabel preis\" width=\"445\" height=\"269\" srcset=\"https:\/\/huadongswacable.com\/wp-content\/uploads\/2021\/04\/12-2-teck-90-cable-price.jpg 445w, https:\/\/huadongswacable.com\/wp-content\/uploads\/2021\/04\/12-2-teck-90-cable-price-300x181.jpg 300w\" sizes=\"auto, (max-width: 445px) 100vw, 445px\" \/><\/p>\n<p style=\"text-align: center;\"><span class=\"su-lightbox\" data-mfp-src=\"#Popup\" data-mfp-type=\"inline\" data-mobile=\"yes\"><button class=\"btn btn-danger btn-sm\" ><i class=\"fa fa-hand-o-right\" style=\"color:#ffffff;\"><\/i> Angebot einholen<\/button><\/span>\n<h2>Warum kaufen Sie Teck 90-Kabel bei der Huadong Cable Group?<\/h2>\n<p>In diesem Abschnitt werde ich Ihnen die Vorteile unseres Unternehmens im Bereich # 14awg Teck-Kabel ausf\u00fchrlich erl\u00e4utern. Zun\u00e4chst einmal hat die Huadong Cable Group als professioneller Hersteller von teck 90 Kabeln zwei teck 90 Kabelfabriken in China. Unabh\u00e4ngig davon, wie viele Panzerkabel teck 90 Sie ben\u00f6tigen, werden wir die Produktion beenden und das 6\/3 teck 90 Panzerkabel p\u00fcnktlich an Sie liefern. Zur gleichen Zeit k\u00f6nnen Sie die Fabrik 8\/3 teck 90 Kabel Preis zu bekommen. Vermutlich ist das etwas, das Ihnen wichtig ist und auf das Sie Wert legen. Solange wir den Liefertermin besprechen, k\u00f6nnen Sie das teck 90 Kabel wie geplant erhalten. Und unsere gepanzerte Teck Kabel Preise ist auch angemessen. <img loading=\"lazy\" decoding=\"async\" class=\"aligncenter size-full wp-image-6329\" src=\"https:\/\/huadongswacable.com\/wp-content\/uploads\/2021\/09\/600v-12-3-conductor-copper-teck-90-cable-price-list-Canada.jpg\" alt=\"600v 12-3 Leiter Kupfer Teck 90 Kabelpreisliste Kanada\" width=\"800\" height=\"150\" srcset=\"https:\/\/huadongswacable.com\/wp-content\/uploads\/2021\/09\/600v-12-3-conductor-copper-teck-90-cable-price-list-Canada.jpg 800w, https:\/\/huadongswacable.com\/wp-content\/uploads\/2021\/09\/600v-12-3-conductor-copper-teck-90-cable-price-list-Canada-300x56.jpg 300w, https:\/\/huadongswacable.com\/wp-content\/uploads\/2021\/09\/600v-12-3-conductor-copper-teck-90-cable-price-list-Canada-768x144.jpg 768w\" sizes=\"auto, (max-width: 800px) 100vw, 800px\" \/><\/p>\n<p>Zweitens ist die Qualit\u00e4t des Huadong tech 90 Kabels garantiert. Wie wir alle wissen, wird die Produktion von Teck Draht eine Menge von Schritten nehmen. Die Panzerkabel 3 Kern teck 90 Produktion nimmt gro\u00dfe L\u00e4nge kontinuierliche \u00dcberlagerung kombinierte Produktionsmethoden. Daher ist jeder Produktionsprozess extrem wichtig. Wenn ein Fehler in einem Glied auftritt, kann der n\u00e4chste Schritt nicht ausgef\u00fchrt werden. Die Huadong Cable Group ist sich der Schwere von Fehlern in der Kabelproduktion durchaus bewusst. Daher f\u00fchren die Techniker der Huadong # 12 awg teck 90 Kabelfabrik strenge Kontrollen und Inspektionen w\u00e4hrend der Kabelproduktion durch.<\/p>\n<p><img loading=\"lazy\" decoding=\"async\" class=\"aligncenter size-full wp-image-6330\" src=\"https:\/\/huadongswacable.com\/wp-content\/uploads\/2021\/09\/350-3C-CU-XLPE-PVC-AIA-PVC-1KV-teck-90-cable-cost-in-Germany.jpg\" alt=\"350-3C CU XLPE PVC AIA PVC 1KV teck 90 Kabelkosten in Deutschland\" width=\"800\" height=\"150\" srcset=\"https:\/\/huadongswacable.com\/wp-content\/uploads\/2021\/09\/350-3C-CU-XLPE-PVC-AIA-PVC-1KV-teck-90-cable-cost-in-Germany.jpg 800w, https:\/\/huadongswacable.com\/wp-content\/uploads\/2021\/09\/350-3C-CU-XLPE-PVC-AIA-PVC-1KV-teck-90-cable-cost-in-Germany-300x56.jpg 300w, https:\/\/huadongswacable.com\/wp-content\/uploads\/2021\/09\/350-3C-CU-XLPE-PVC-AIA-PVC-1KV-teck-90-cable-cost-in-Germany-768x144.jpg 768w\" sizes=\"auto, (max-width: 800px) 100vw, 800px\" \/><\/p>\n<p>Was die Qualit\u00e4t der Kabel angeht, so k\u00f6nnen Sie sich v\u00f6llig sicher sein. Wir exportieren eine Menge von Interlock gepanzerte Stromkabel auf die Philippinen. Wenn Sie weitere Fragen zu Huadong Teck Kabel haben, z\u00f6gern Sie bitte nicht, uns zu kontaktieren. Hinterlassen Sie einfach Ihre Nachricht, um teck power cable Preis zu erhalten. Wir freuen uns auf Ihre Anfrage.<\/p>\n<p style=\"text-align: center;\"><span class=\"su-lightbox\" data-mfp-src=\"#Popup\" data-mfp-type=\"inline\" data-mobile=\"yes\"><button class=\"btn btn-danger btn-sm\" ><i class=\"fa fa-hand-o-right\" style=\"color:#ffffff;\"><\/i> Angebot einholen<\/button><\/span>\n<h2>Der 12\/2 teck 90 Kabelpreis pro Fu\u00df Vorteil von Huadong.<\/h2>\n<p>Huadong Gruppe versprechen, dass Sie die g\u00fcnstigsten 6\/3 teck 90 Kabel Preis in Huadong Kabel Gruppe bekommen k\u00f6nnen. Huadong 3 Kern teck 90 Kabel Fabrik befindet sich in Xiu Wu County, Jiaozuo City, Henan Province, China. Es gibt viele Rohstoffe f\u00fcr die Produktion tech 90 Kabel. Hier ist der Einkauf von Teckdraht-Rohstoffen relativ g\u00fcnstig. Und weil unser Kabel Teck Fabrik befindet sich hier, haben wir auch die Kosten f\u00fcr den Transport gespart. Daher k\u00f6nnen Sie 4\/0 3C teck 90 Draht Fabrik Preis in Huadong zu bekommen. Gleiche 10\/2 Teck Kabel Qualit\u00e4t, warum nicht billiger Teck Kabel Preise w\u00e4hlen? <img loading=\"lazy\" decoding=\"async\" class=\"aligncenter size-full wp-image-894\" src=\"https:\/\/huadongswacable.com\/wp-content\/uploads\/2018\/04\/discount-teck-90-600v-price.jpg\" alt=\"Rabatt teck 90 600v Preis\" width=\"550\" height=\"284\" srcset=\"https:\/\/huadongswacable.com\/wp-content\/uploads\/2018\/04\/discount-teck-90-600v-price.jpg 550w, https:\/\/huadongswacable.com\/wp-content\/uploads\/2018\/04\/discount-teck-90-600v-price-300x155.jpg 300w\" sizes=\"auto, (max-width: 550px) 100vw, 550px\" \/><\/p>\n<div class=\"su-lightbox-content su-u-trim\" id=\"Popup\" style=\"display:none;width:auto;min-width:50%;max-width:70%;margin-top:40px;margin-bottom:40px;padding:40px;background:#e8e5e5;color:#060473;box-shadow:0px 0px 15px #333333;text-align:left\"><div role=\"form\" class=\"wpcf7\" id=\"wpcf7-f5571-o1\" lang=\"en-US\" dir=\"ltr\">\n<div class=\"screen-reader-response\"><p role=\"status\" aria-live=\"polite\" aria-atomic=\"true\"><\/p> <ul><\/ul><\/div>\n<form action=\"\/de\/wp-json\/wp\/v2\/pages\/887#wpcf7-f5571-o1\" method=\"post\" class=\"wpcf7-form init\" novalidate=\"novalidate\" data-status=\"init\" data-trp-original-action=\"\/de\/wp-json\/wp\/v2\/pages\/887#wpcf7-f5571-o1\">\n<div style=\"display: none;\">\n<input type=\"hidden\" name=\"_wpcf7\" value=\"5571\" \/>\n<input type=\"hidden\" name=\"_wpcf7_version\" value=\"5.5.6\" \/>\n<input type=\"hidden\" name=\"_wpcf7_locale\" value=\"en_US\" \/>\n<input type=\"hidden\" name=\"_wpcf7_unit_tag\" value=\"wpcf7-f5571-o1\" \/>\n<input type=\"hidden\" name=\"_wpcf7_container_post\" value=\"0\" \/>\n<input type=\"hidden\" name=\"_wpcf7_posted_data_hash\" value=\"\" \/>\n<\/div>\n<div class=\"popmakerform\">\n<p>Ihr Name <span style=\"color:red;\">*<span><br \/>\n<span class=\"wpcf7-form-control-wrap your-name\"><input type=\"text\" name=\"your-name\" value=\"\" size=\"40\" class=\"wpcf7-form-control wpcf7-text wpcf7-validates-as-required\" aria-required=\"true\" aria-invalid=\"false\" \/><\/span><\/p>\n<p>Deine E-Mail <span style=\"color:red;\">*<span><br \/>\n<span class=\"wpcf7-form-control-wrap your-email\"><input type=\"email\" name=\"your-email\" value=\"\" size=\"40\" class=\"wpcf7-form-control wpcf7-text wpcf7-email wpcf7-validates-as-required wpcf7-validates-as-email\" aria-required=\"true\" aria-invalid=\"false\" \/><\/span><\/p>\n<p>Ihre Telefonnummer<br \/>\n<span class=\"wpcf7-form-control-wrap your-phone\"><input type=\"text\" name=\"your-phone\" value=\"\" size=\"40\" class=\"wpcf7-form-control wpcf7-text\" aria-invalid=\"false\" \/><\/span><\/p>\n<p>Ihr Land<br \/>\n<span class=\"wpcf7-form-control-wrap your-country\"><input type=\"text\" name=\"your-country\" value=\"\" size=\"40\" class=\"wpcf7-form-control wpcf7-text\" aria-invalid=\"false\" \/><\/span><\/p>\n<p>Detaillierte Anforderung <span style=\"color:red;\">*<span><br \/>\n<span class=\"wpcf7-form-control-wrap your-requirement\"><textarea name=\"your-requirement\" cols=\"40\" rows=\"4\" class=\"wpcf7-form-control wpcf7-textarea wpcf7-validates-as-required\" aria-required=\"true\" aria-invalid=\"false\"><\/textarea><\/span><\/p>\n<p><input type=\"submit\" value=\"Angebot einholen\" class=\"wpcf7-form-control has-spinner wpcf7-submit\" \/><\/p>\n<\/div>\n<p style=\"display: none !important;\"><label>&#916;<textarea name=\"_wpcf7_ak_hp_textarea\" cols=\"45\" rows=\"8\" maxlength=\"100\"><\/textarea><\/label><input type=\"hidden\" id=\"ak_js_1\" name=\"_wpcf7_ak_js\" value=\"216\"\/><script>document.getElementById( \"ak_js_1\" ).setAttribute( \"value\", ( new Date() ).getTime() );<\/script><\/p><input type='hidden' class='wpcf7-pum' value='{\"closepopup\":false,\"closedelay\":0,\"openpopup\":false,\"openpopup_id\":0}' \/><div class=\"wpcf7-response-output\" aria-hidden=\"true\"><\/div><input type=\"hidden\" name=\"trp-form-language\" value=\"de\"\/><\/form><\/div><\/div>\n<h3>Bitte z\u00f6gern Sie nicht, uns Ihre Anforderungen mitzuteilen. Wir werden Ihnen innerhalb von 12 Stunden antworten.<\/h3>\n<p><strong>E-Mail: <a href=\"mailto:info@huadongswacable.com\" rel=\"nofollow\">info@huadongswacable.com<\/a><\/strong><\/p>\n<div role=\"form\" class=\"wpcf7\" id=\"wpcf7-f6-o2\" lang=\"en-US\" dir=\"ltr\">\n<div class=\"screen-reader-response\"><p role=\"status\" aria-live=\"polite\" aria-atomic=\"true\"><\/p> <ul><\/ul><\/div>\n<form action=\"\/de\/wp-json\/wp\/v2\/pages\/887#wpcf7-f6-o2\" method=\"post\" class=\"wpcf7-form init\" novalidate=\"novalidate\" data-status=\"init\" data-trp-original-action=\"\/de\/wp-json\/wp\/v2\/pages\/887#wpcf7-f6-o2\">\n<div style=\"display: none;\">\n<input type=\"hidden\" name=\"_wpcf7\" value=\"6\" \/>\n<input type=\"hidden\" name=\"_wpcf7_version\" value=\"5.5.6\" \/>\n<input type=\"hidden\" name=\"_wpcf7_locale\" value=\"en_US\" \/>\n<input type=\"hidden\" name=\"_wpcf7_unit_tag\" value=\"wpcf7-f6-o2\" \/>\n<input type=\"hidden\" name=\"_wpcf7_container_post\" value=\"0\" \/>\n<input type=\"hidden\" name=\"_wpcf7_posted_data_hash\" value=\"\" \/>\n<\/div>\n<div class=\"messageform\">\n<p><strong><span style=\"color:red;\"><\/span> Ihr Name<\/strong><br \/>\n    <span class=\"wpcf7-form-control-wrap your-name\"><input type=\"text\" name=\"your-name\" value=\"\" size=\"40\" class=\"wpcf7-form-control wpcf7-text\" aria-invalid=\"false\" \/><\/span> <\/p>\n<p><strong><span style=\"color:red;\">*<\/span> Deine E-Mail<\/strong><br \/>\n    <span class=\"wpcf7-form-control-wrap your-email\"><input type=\"email\" name=\"your-email\" value=\"\" size=\"40\" class=\"wpcf7-form-control wpcf7-text wpcf7-email wpcf7-validates-as-required wpcf7-validates-as-email\" aria-required=\"true\" aria-invalid=\"false\" \/><\/span> <\/p>\n<p><strong>Ihre Telefonnummer<\/strong><br \/>\n    <span class=\"wpcf7-form-control-wrap your-phone\"><input type=\"text\" name=\"your-phone\" value=\"\" size=\"40\" class=\"wpcf7-form-control wpcf7-text\" aria-invalid=\"false\" placeholder=\"Geben Sie die Vorwahl ein\" \/><\/span> <\/p>\n<p><strong>Ihr Land<\/strong><br \/>\n    <span class=\"wpcf7-form-control-wrap your-country\"><input type=\"text\" name=\"your-country\" value=\"\" size=\"40\" class=\"wpcf7-form-control wpcf7-text\" aria-invalid=\"false\" \/><\/span> <\/p>\n<p><strong><span style=\"color:red;\">*<\/span> Ihr Bedarf<\/strong><br \/>\n    <span class=\"wpcf7-form-control-wrap your-requirement\"><textarea name=\"your-requirement\" cols=\"40\" rows=\"10\" class=\"wpcf7-form-control wpcf7-textarea wpcf7-validates-as-required bestonmessage\" aria-required=\"true\" aria-invalid=\"false\" placeholder=\"F\u00fcr ein detailliertes Angebot senden Sie uns bitte Ihre ausf\u00fchrlichen Anforderungen.\"><\/textarea><\/span> <\/p>\n<p><input type=\"submit\" value=\"Nachricht senden\" class=\"wpcf7-form-control has-spinner wpcf7-submit\" \/><\/p>\n<\/div>\n<p style=\"display: none !important;\"><label>&#916;<textarea name=\"_wpcf7_ak_hp_textarea\" cols=\"45\" rows=\"8\" maxlength=\"100\"><\/textarea><\/label><input type=\"hidden\" id=\"ak_js_2\" name=\"_wpcf7_ak_js\" value=\"136\"\/><script>document.getElementById( \"ak_js_2\" ).setAttribute( \"value\", ( new Date() ).getTime() );<\/script><\/p><input type='hidden' class='wpcf7-pum' value='{\"closepopup\":false,\"closedelay\":0,\"openpopup\":false,\"openpopup_id\":0}' \/><div class=\"wpcf7-response-output\" aria-hidden=\"true\"><\/div><input type=\"hidden\" name=\"trp-form-language\" value=\"de\"\/><\/form><\/div>","protected":false},"excerpt":{"rendered":"<p>600V 1KV 5KV 1C 2C 3C 4C teck 90 kabel hersteller Teck 90 kabel ist eine Art von Kabel mit Aluminiumlegierung verzahnt Armierung. Tech 90 Kabel hat viele Leistungsvorteile. Was mehr ist, wenn Sie 14awg Teck Kabel kaufen m\u00fcssen, wird Huadong Cable Group Ihre ideale Wahl sein. Noch wichtiger ist, dass Huadong Ihnen ... <a class=\"read-more\" href=\"https:\/\/huadongswacable.com\/de\/hochwertiges-gunstiges-teck-90-kabel\/\">Weiterlesen ...<\/a><\/p>","protected":false},"author":1,"featured_media":0,"parent":0,"menu_order":0,"comment_status":"closed","ping_status":"closed","template":"","meta":{"footnotes":""},"class_list":["post-887","page","type-page","status-publish"],"yoast_head":"<!-- This site is optimized with the Yoast SEO plugin v18.4.1 - https:\/\/yoast.com\/wordpress\/plugins\/seo\/ -->\n<title>Teck 90 Cable Price | 4\/0 6\/3 8\/3 10\/2 10\/3 12\/2 12\/3 Teck 90 Cable<\/title>\n<meta name=\"description\" content=\"We are 4\/0 6\/3 8\/3 10\/2 10\/3 12\/2 12\/3 teck 90 cable supplier. Contact us to get 600v 1kv 5kv 3C*3\/0 AWG xlpe pvc aia pvc teck 90 cable price\" \/>\n<meta name=\"robots\" content=\"index, follow, max-snippet:-1, max-image-preview:large, max-video-preview:-1\" \/>\n<link rel=\"canonical\" href=\"https:\/\/huadongswacable.com\/de\/hochwertiges-gunstiges-teck-90-kabel\/\" \/>\n<meta property=\"og:locale\" content=\"de_DE\" \/>\n<meta property=\"og:type\" content=\"article\" \/>\n<meta property=\"og:title\" content=\"Teck 90 Cable Price | 4\/0 6\/3 8\/3 10\/2 10\/3 12\/2 12\/3 Teck 90 Cable\" \/>\n<meta property=\"og:description\" content=\"We are 4\/0 6\/3 8\/3 10\/2 10\/3 12\/2 12\/3 teck 90 cable supplier. Contact us to get 600v 1kv 5kv 3C*3\/0 AWG xlpe pvc aia pvc teck 90 cable price\" \/>\n<meta property=\"og:url\" content=\"https:\/\/huadongswacable.com\/de\/hochwertiges-gunstiges-teck-90-kabel\/\" \/>\n<meta property=\"og:site_name\" content=\"Huadong SWA Cable\" \/>\n<meta property=\"article:modified_time\" content=\"2022-12-19T06:24:11+00:00\" \/>\n<meta property=\"og:image\" content=\"https:\/\/huadongswacable.com\/wp-content\/uploads\/2021\/09\/600v-1kv-5kv-3-core-xlpe-pvc-aia-pvc-teck-90-cable-price-list.jpg\" \/>\n<meta name=\"twitter:card\" content=\"summary_large_image\" \/>\n<meta name=\"twitter:label1\" content=\"Gesch\u00e4tzte Lesezeit\" \/>\n\t<meta name=\"twitter:data1\" content=\"5\u00a0Minuten\" \/>\n<script type=\"application\/ld+json\" class=\"yoast-schema-graph\">{\"@context\":\"https:\/\/schema.org\",\"@graph\":[{\"@type\":\"WebSite\",\"@id\":\"http:\/\/huadongswacable.com\/ru\/#website\",\"url\":\"http:\/\/huadongswacable.com\/ru\/\",\"name\":\"Huadong SWA Cable\",\"description\":\"Huadong SWA Cable\",\"potentialAction\":[{\"@type\":\"SearchAction\",\"target\":{\"@type\":\"EntryPoint\",\"urlTemplate\":\"http:\/\/huadongswacable.com\/ru\/?s={search_term_string}\"},\"query-input\":\"required name=search_term_string\"}],\"inLanguage\":\"de\"},{\"@type\":\"ImageObject\",\"@id\":\"https:\/\/huadongswacable.com\/high-quality-low-price-teck-90-cable\/#primaryimage\",\"inLanguage\":\"de\",\"url\":\"https:\/\/huadongswacable.com\/wp-content\/uploads\/2021\/09\/600v-1kv-5kv-3-core-xlpe-pvc-aia-pvc-teck-90-cable-price-list.jpg\",\"contentUrl\":\"https:\/\/huadongswacable.com\/wp-content\/uploads\/2021\/09\/600v-1kv-5kv-3-core-xlpe-pvc-aia-pvc-teck-90-cable-price-list.jpg\",\"width\":242,\"height\":407,\"caption\":\"600v 1kv 5kv 3 core xlpe pvc aia pvc csa teck 90 cable price list\"},{\"@type\":\"WebPage\",\"@id\":\"https:\/\/huadongswacable.com\/high-quality-low-price-teck-90-cable\/#webpage\",\"url\":\"https:\/\/huadongswacable.com\/high-quality-low-price-teck-90-cable\/\",\"name\":\"Teck 90 Cable Price | 4\/0 6\/3 8\/3 10\/2 10\/3 12\/2 12\/3 Teck 90 Cable\",\"isPartOf\":{\"@id\":\"http:\/\/huadongswacable.com\/ru\/#website\"},\"primaryImageOfPage\":{\"@id\":\"https:\/\/huadongswacable.com\/high-quality-low-price-teck-90-cable\/#primaryimage\"},\"datePublished\":\"2018-04-23T05:46:34+00:00\",\"dateModified\":\"2022-12-19T06:24:11+00:00\",\"description\":\"We are 4\/0 6\/3 8\/3 10\/2 10\/3 12\/2 12\/3 teck 90 cable supplier. Contact us to get 600v 1kv 5kv 3C*3\/0 AWG xlpe pvc aia pvc teck 90 cable price\",\"breadcrumb\":{\"@id\":\"https:\/\/huadongswacable.com\/high-quality-low-price-teck-90-cable\/#breadcrumb\"},\"inLanguage\":\"de\",\"potentialAction\":[{\"@type\":\"ReadAction\",\"target\":[\"https:\/\/huadongswacable.com\/high-quality-low-price-teck-90-cable\/\"]}]},{\"@type\":\"BreadcrumbList\",\"@id\":\"https:\/\/huadongswacable.com\/high-quality-low-price-teck-90-cable\/#breadcrumb\",\"itemListElement\":[{\"@type\":\"ListItem\",\"position\":1,\"name\":\"Home\",\"item\":\"http:\/\/huadongswacable.com\/ru\/\"},{\"@type\":\"ListItem\",\"position\":2,\"name\":\"4\/0 6\/3 8\/3 10\/2 10\/3 12\/2 12\/3 Teck 90 Cable Price\"}]}]}<\/script>\n<!-- \/ Yoast SEO plugin. -->","yoast_head_json":{"title":"Teck 90 Cable Price | 4\/0 6\/3 8\/3 10\/2 10\/3 12\/2 12\/3 Teck 90 Cable","description":"We are 4\/0 6\/3 8\/3 10\/2 10\/3 12\/2 12\/3 teck 90 cable supplier. Contact us to get 600v 1kv 5kv 3C*3\/0 AWG xlpe pvc aia pvc teck 90 cable price","robots":{"index":"index","follow":"follow","max-snippet":"max-snippet:-1","max-image-preview":"max-image-preview:large","max-video-preview":"max-video-preview:-1"},"canonical":"https:\/\/huadongswacable.com\/de\/hochwertiges-gunstiges-teck-90-kabel\/","og_locale":"de_DE","og_type":"article","og_title":"Teck 90 Cable Price | 4\/0 6\/3 8\/3 10\/2 10\/3 12\/2 12\/3 Teck 90 Cable","og_description":"We are 4\/0 6\/3 8\/3 10\/2 10\/3 12\/2 12\/3 teck 90 cable supplier. Contact us to get 600v 1kv 5kv 3C*3\/0 AWG xlpe pvc aia pvc teck 90 cable price","og_url":"https:\/\/huadongswacable.com\/de\/hochwertiges-gunstiges-teck-90-kabel\/","og_site_name":"Huadong SWA Cable","article_modified_time":"2022-12-19T06:24:11+00:00","og_image":[{"url":"https:\/\/huadongswacable.com\/wp-content\/uploads\/2021\/09\/600v-1kv-5kv-3-core-xlpe-pvc-aia-pvc-teck-90-cable-price-list.jpg"}],"twitter_card":"summary_large_image","twitter_misc":{"Gesch\u00e4tzte Lesezeit":"5\u00a0Minuten"},"schema":{"@context":"https:\/\/schema.org","@graph":[{"@type":"WebSite","@id":"http:\/\/huadongswacable.com\/ru\/#website","url":"http:\/\/huadongswacable.com\/ru\/","name":"Huadong SWA Cable","description":"Huadong SWA Cable","potentialAction":[{"@type":"SearchAction","target":{"@type":"EntryPoint","urlTemplate":"http:\/\/huadongswacable.com\/ru\/?s={search_term_string}"},"query-input":"required name=search_term_string"}],"inLanguage":"de"},{"@type":"ImageObject","@id":"https:\/\/huadongswacable.com\/high-quality-low-price-teck-90-cable\/#primaryimage","inLanguage":"de","url":"https:\/\/huadongswacable.com\/wp-content\/uploads\/2021\/09\/600v-1kv-5kv-3-core-xlpe-pvc-aia-pvc-teck-90-cable-price-list.jpg","contentUrl":"https:\/\/huadongswacable.com\/wp-content\/uploads\/2021\/09\/600v-1kv-5kv-3-core-xlpe-pvc-aia-pvc-teck-90-cable-price-list.jpg","width":242,"height":407,"caption":"600v 1kv 5kv 3 core xlpe pvc aia pvc csa teck 90 cable price list"},{"@type":"WebPage","@id":"https:\/\/huadongswacable.com\/high-quality-low-price-teck-90-cable\/#webpage","url":"https:\/\/huadongswacable.com\/high-quality-low-price-teck-90-cable\/","name":"Teck 90 Cable Price | 4\/0 6\/3 8\/3 10\/2 10\/3 12\/2 12\/3 Teck 90 Cable","isPartOf":{"@id":"http:\/\/huadongswacable.com\/ru\/#website"},"primaryImageOfPage":{"@id":"https:\/\/huadongswacable.com\/high-quality-low-price-teck-90-cable\/#primaryimage"},"datePublished":"2018-04-23T05:46:34+00:00","dateModified":"2022-12-19T06:24:11+00:00","description":"We are 4\/0 6\/3 8\/3 10\/2 10\/3 12\/2 12\/3 teck 90 cable supplier. Contact us to get 600v 1kv 5kv 3C*3\/0 AWG xlpe pvc aia pvc teck 90 cable price","breadcrumb":{"@id":"https:\/\/huadongswacable.com\/high-quality-low-price-teck-90-cable\/#breadcrumb"},"inLanguage":"de","potentialAction":[{"@type":"ReadAction","target":["https:\/\/huadongswacable.com\/high-quality-low-price-teck-90-cable\/"]}]},{"@type":"BreadcrumbList","@id":"https:\/\/huadongswacable.com\/high-quality-low-price-teck-90-cable\/#breadcrumb","itemListElement":[{"@type":"ListItem","position":1,"name":"Home","item":"http:\/\/huadongswacable.com\/ru\/"},{"@type":"ListItem","position":2,"name":"4\/0 6\/3 8\/3 10\/2 10\/3 12\/2 12\/3 Teck 90 Cable Price"}]}]}},"_links":{"self":[{"href":"https:\/\/huadongswacable.com\/de\/wp-json\/wp\/v2\/pages\/887","targetHints":{"allow":["GET"]}}],"collection":[{"href":"https:\/\/huadongswacable.com\/de\/wp-json\/wp\/v2\/pages"}],"about":[{"href":"https:\/\/huadongswacable.com\/de\/wp-json\/wp\/v2\/types\/page"}],"author":[{"embeddable":true,"href":"https:\/\/huadongswacable.com\/de\/wp-json\/wp\/v2\/users\/1"}],"replies":[{"embeddable":true,"href":"https:\/\/huadongswacable.com\/de\/wp-json\/wp\/v2\/comments?post=887"}],"version-history":[{"count":24,"href":"https:\/\/huadongswacable.com\/de\/wp-json\/wp\/v2\/pages\/887\/revisions"}],"predecessor-version":[{"id":7771,"href":"https:\/\/huadongswacable.com\/de\/wp-json\/wp\/v2\/pages\/887\/revisions\/7771"}],"wp:attachment":[{"href":"https:\/\/huadongswacable.com\/de\/wp-json\/wp\/v2\/media?parent=887"}],"curies":[{"name":"wp","href":"https:\/\/api.w.org\/{rel}","templated":true}]}}