{"id":862,"date":"2018-04-21T15:29:21","date_gmt":"2018-04-21T07:29:21","guid":{"rendered":"http:\/\/huadongswacable.com\/?page_id=862"},"modified":"2022-12-19T15:59:32","modified_gmt":"2022-12-19T07:59:32","slug":"low-price-acwu-cable","status":"publish","type":"page","link":"https:\/\/huadongswacable.com\/de\/preisgunstiges-acwu-kabel\/","title":{"rendered":"ACWU-Kabel 600V 1C 3C 4C 1AWG 2AWG 4AWG 6AWG AIA-Kabel"},"content":{"rendered":"<p><img loading=\"lazy\" decoding=\"async\" class=\"aligncenter size-full wp-image-6454\" src=\"https:\/\/huadongswacable.com\/wp-content\/uploads\/2021\/10\/how-much-is-600V-2-4-6-3C-4C-acwu90-cable-per-meter.jpg\" alt=\"wie viel kostet 600V #2 #4 #6 3C 4C acwu90 Kabel pro Meter\" width=\"828\" height=\"281\" srcset=\"https:\/\/huadongswacable.com\/wp-content\/uploads\/2021\/10\/how-much-is-600V-2-4-6-3C-4C-acwu90-cable-per-meter.jpg 828w, https:\/\/huadongswacable.com\/wp-content\/uploads\/2021\/10\/how-much-is-600V-2-4-6-3C-4C-acwu90-cable-per-meter-300x102.jpg 300w, https:\/\/huadongswacable.com\/wp-content\/uploads\/2021\/10\/how-much-is-600V-2-4-6-3C-4C-acwu90-cable-per-meter-768x261.jpg 768w\" sizes=\"auto, (max-width: 828px) 100vw, 828px\" \/><\/p>\n<p>Als ein professioneller Hersteller von ACWU-Kabeln k\u00f6nnen wir verschiedene Gr\u00f6\u00dfen von gepanzerten Aluminiumkabeln mit Verriegelung liefern. So k\u00f6nnen Sie #2, #4, #6 ACWU90 Kabel von unserem Unternehmen kaufen. Was mehr ist, wenn Sie wissen wollen, wie viel ist 600v 3 Leiter ACWU90 Kabel pro Meter, lassen Sie einfach Ihre Nachricht. Unser Manager wird Ihnen den besten ACWU 3C 4\/0 Aluminiumkabel Preis so schnell wie m\u00f6glich senden.<\/p>\n<p style=\"text-align: center;\"><span class=\"su-lightbox\" data-mfp-src=\"#Popup\" data-mfp-type=\"inline\" data-mobile=\"yes\"><button class=\"btn btn-danger btn-sm\" ><i class=\"fa fa-hand-o-right\" style=\"color:#ffffff;\"><\/i> Angebot einholen<\/button><\/span>\n<h2>G\u00fcnstiges 3-Leiter-ACWU-Kabel zu verkaufen<\/h2>\n<p>Das ACWU-Kabel ist eine Art <a href=\"https:\/\/huadongswacable.com\/de\/preisgunstiges-mc-kabeldraht\/\" target=\"_blank\" rel=\"noopener noreferrer\">Aluminiumlegierung verriegeltes gepanzertes MC-Kabel<\/a> mit PVC-Mantel. Huadong Cable Group ist ein professioneller ACWU Draht 3 Leiter Hersteller in China. Unsere 3C #2 ACWU Aluminiumdraht haben einen stabilen Markt in Amerika und Kanada. Wenn Sie hohe Qualit\u00e4t und niedrigen Preis 3C 1\/0 awg ACWU Draht kaufen m\u00fcssen, dann ist Huadong Ihre ideale Wahl. Zur gleichen Zeit, wenn Sie eine Menge von ACWU Draht ben\u00f6tigen, werden wir Ihnen einen Rabatt Kabel ACWU90 600v Preis. Also, lassen Sie einfach Ihre ACWU90 aia Kabelgr\u00f6\u00dfe. Nat\u00fcrlich k\u00f6nnen Sie uns direkt kontaktieren, wenn Sie bereits wissen, welche Art von ACWU Kabel Sie ben\u00f6tigen. Wir freuen uns auf Ihre Anfrage.<\/p>\n<div class=\"row\">\n<div class=\"col-lg-6 col-md-12 col-xs-12 col-sm-12\">\n<img loading=\"lazy\" decoding=\"async\" class=\"aligncenter size-full wp-image-6455\" src=\"https:\/\/huadongswacable.com\/wp-content\/uploads\/2021\/10\/get-best-600v-3-conductor-acwu90-cable-price.jpg\" alt=\"das beste 600v 3-Leiter acwu90 Kabel zu bekommen\" width=\"400\" height=\"245\" srcset=\"https:\/\/huadongswacable.com\/wp-content\/uploads\/2021\/10\/get-best-600v-3-conductor-acwu90-cable-price.jpg 400w, https:\/\/huadongswacable.com\/wp-content\/uploads\/2021\/10\/get-best-600v-3-conductor-acwu90-cable-price-300x184.jpg 300w\" sizes=\"auto, (max-width: 400px) 100vw, 400px\" \/><\/div>\n<div class=\"col-lg-6 col-md-12 col-xs-12 col-sm-12\">\n<p><strong>Spannung:<\/strong> 600V<\/p>\n<p><strong>Leitern: Solide<\/strong>\/Kupfer- oder Aluminiumlitze<\/p>\n<p><strong>R\u00fcstungsschicht:<\/strong> Interlocked Aluminum Armour (AIA)<\/p>\n<p><strong>Kerne Nr.:<\/strong> Einzeln\/zwei\/drei\/vier<\/p>\n<p><strong>Isolierschicht:<\/strong> Vernetztes Polyethylen (XLPE)<\/p>\n<p><strong>\u00c4u\u00dferer Mantel:<\/strong> Polyvinylchlorid (PVC)<\/p>\n<p><strong>Temperatur-Bewertung:<\/strong> -40\u00b0C bis 90\u00b0C<\/div>\n<\/div>\n<p>Aufgrund seiner ausgezeichneten Leistung bietet das AIA-Kabel eine breite Palette von Anwendungen. So eignet sich das ACWU90 Aluminium-Baudraht f\u00fcr die offene und verdeckte Verkabelung in trockenen, feuchten oder nassen R\u00e4umen. Und das 3-polige ACWU-Kabel #2 ist auch f\u00fcr die direkte Erdverlegung geeignet.<\/p>\n<p style=\"text-align: center;\"><span class=\"su-lightbox\" data-mfp-src=\"#Popup\" data-mfp-type=\"inline\" data-mobile=\"yes\"><button class=\"btn btn-danger btn-sm\" ><i class=\"fa fa-hand-o-right\" style=\"color:#ffffff;\"><\/i> Angebot einholen<\/button><\/span>\n<h2>Finden Sie professionelle 600v 4C ACWU90 Draht Hersteller<\/h2>\n<p>ACWU 90 Kabel ist Aluminium, was kompakte Klasse \"B\" Litze. Was mehr ist, wenn Sie eine spezifische Anforderung haben, ist Kupferleiter und Aluminiumlegierung Leiter zur Verf\u00fcgung. Das Isoliermaterial des 600v 4 Leiter ACWU Draht ist vernetztes Polyethylen (XLPE).  Dar\u00fcber hinaus haben wir auch <a href=\"https:\/\/huadongswacable.com\/de\/hochwertiges-gunstiges-teck-90-kabel\/\" target=\"_blank\" rel=\"noopener noreferrer\">billig teck90 Kabel zu verkaufen<\/a>. Also, m\u00fcssen nur Ihre Informationen zu verlassen und sagen Sie uns die ACWU 4C Aluminium Geb\u00e4ude Draht Gr\u00f6\u00dfen Ihre Anforderungen. Dann werden wir Sie 4 Leiter 250 mcm ACWU90 Draht Angebot senden. Allerdings ist die Panzerschicht von ACWU Draht Aluminium Interlocked Armourm MC Kabel. Daher hat ACWU-Kabel einen anderen Namen: AIA-Kabel. Au\u00dferdem ist der ACWU-Aluminium-Baudraht-Mantel aus s\u00e4urearmem, flammwidrigem, feuchtigkeits- und sonnenlichtbest\u00e4ndigem Polyvinylchlorid (<a href=\"https:\/\/huadongswacable.com\/de\/pvc-beschichtetes-mc-kabel\/\" target=\"_blank\" rel=\"noopener noreferrer\">PVC<\/a>). Also, senden Sie einfach Ihre Anfrage und erhalten 4C ACWU90 Aluminium Bau Draht Preisliste.<\/p>\n<p><img loading=\"lazy\" decoding=\"async\" class=\"aligncenter size-full wp-image-6457\" src=\"https:\/\/huadongswacable.com\/wp-content\/uploads\/2021\/10\/600v-2awg-3-conductor-copper-acwu90-cable-price-list-Canada.jpg\" alt=\"600v 2awg 3 Leiter Kupfer acwu90 Kabelpreisliste Kanada\" width=\"800\" height=\"150\" srcset=\"https:\/\/huadongswacable.com\/wp-content\/uploads\/2021\/10\/600v-2awg-3-conductor-copper-acwu90-cable-price-list-Canada.jpg 800w, https:\/\/huadongswacable.com\/wp-content\/uploads\/2021\/10\/600v-2awg-3-conductor-copper-acwu90-cable-price-list-Canada-300x56.jpg 300w, https:\/\/huadongswacable.com\/wp-content\/uploads\/2021\/10\/600v-2awg-3-conductor-copper-acwu90-cable-price-list-Canada-768x144.jpg 768w\" sizes=\"auto, (max-width: 800px) 100vw, 800px\" \/>.<\/p>\n<p>Dar\u00fcber hinaus kann das AIA-Kabel f\u00fcr die Verkabelung aller Gefahrenbereiche verwendet werden. Was mehr ist, diese 4\/0 Aluminium verriegelt Armierung Kabel (AIA) kann auch f\u00fcr Service-Eingang Installationen verwenden. Unsere Kunden sagen, dass Huadong AIA Stromkabel einen guten Ruf unter den Endverbrauchern in Kanada hat. So k\u00f6nnen Sie uns Ihre Anfrage Kabelliste und Bestellmenge sagen. Dann versprechen wir Ihnen einen zufriedenstellenden ACWU 90 Draht Preis zu geben.<\/p>\n<p style=\"text-align: center;\"><span class=\"su-lightbox\" data-mfp-src=\"#Popup\" data-mfp-type=\"inline\" data-mobile=\"yes\"><button class=\"btn btn-danger btn-sm\" ><i class=\"fa fa-hand-o-right\" style=\"color:#ffffff;\"><\/i> Angebot einholen<\/button><\/span>\n<h2>Erhalten Sie den besten 250 MCM ACWU Kabelpreis in Huadong<\/h2>\n<p>In der Tat, k\u00f6nnen Sie feststellen, dass 600v 4c 250 mcm ACWU90 Kabel Preis unterschiedlich sind. Weil der Preis f\u00fcr gepanzerte Kabel Material sind nicht das gleiche. Dann k\u00f6nnen Sie verstehen, die 250 mcm ACWU90 Kabel Preis in Kanada sind anders als ACWU Kabel Preis in Amerika. Was mehr ist, wenn Sie viele 4\/0 3 Leiter ACWU Draht kaufen, wird das Kabel Lieferanten geben Ihren Rabatt ACWU Aluminiumkabel Preis.<\/p>\n<p><img loading=\"lazy\" decoding=\"async\" class=\"aligncenter wp-image-876 size-full\" src=\"https:\/\/huadongswacable.com\/wp-content\/uploads\/2018\/04\/discount-cheap-ACWU-90-cable-price.jpg\" alt=\"Rabatt billig 4 Leiter ACWU 90 Aluminiumdraht Preis\" width=\"550\" height=\"284\" srcset=\"https:\/\/huadongswacable.com\/wp-content\/uploads\/2018\/04\/discount-cheap-ACWU-90-cable-price.jpg 550w, https:\/\/huadongswacable.com\/wp-content\/uploads\/2018\/04\/discount-cheap-ACWU-90-cable-price-300x155.jpg 300w\" sizes=\"auto, (max-width: 550px) 100vw, 550px\" \/><\/p>\n<p>Au\u00dferdem haben wir unseren 4-Leiter ACWU90 Aluminium-Baudraht in mehr als 30 L\u00e4nder exportiert. Wie zum Beispiel Amerika, Kanada, Jemen, S\u00fcdamerika, Philippinen, Malaysia, Indonesien, Thailand, Vietnam, <span class=\"VIiyi\" lang=\"en\"><span class=\"JLqJ4b ChMk0b\" data-language-for-alternatives=\"en\" data-language-to-translate-into=\"zh-CN\" data-phrase-index=\"0\">Deutschland<\/span><\/span>, etc. Also, Sie k\u00f6nnen uns kontaktieren, um 4\/3 ACWU Kabel Preisliste in Amerika oder Kanada zu bekommen.<\/p>\n<div class=\"su-lightbox-content su-u-trim\" id=\"Popup\" style=\"display:none;width:auto;min-width:50%;max-width:70%;margin-top:40px;margin-bottom:40px;padding:40px;background:#e8e5e5;color:#060473;box-shadow:0px 0px 15px #333333;text-align:left\"><div role=\"form\" class=\"wpcf7\" id=\"wpcf7-f5571-o1\" lang=\"en-US\" dir=\"ltr\">\n<div class=\"screen-reader-response\"><p role=\"status\" aria-live=\"polite\" aria-atomic=\"true\"><\/p> <ul><\/ul><\/div>\n<form action=\"\/de\/wp-json\/wp\/v2\/pages\/862#wpcf7-f5571-o1\" method=\"post\" class=\"wpcf7-form init\" novalidate=\"novalidate\" data-status=\"init\" data-trp-original-action=\"\/de\/wp-json\/wp\/v2\/pages\/862#wpcf7-f5571-o1\">\n<div style=\"display: none;\">\n<input type=\"hidden\" name=\"_wpcf7\" value=\"5571\" \/>\n<input type=\"hidden\" name=\"_wpcf7_version\" value=\"5.5.6\" \/>\n<input type=\"hidden\" name=\"_wpcf7_locale\" value=\"en_US\" \/>\n<input type=\"hidden\" name=\"_wpcf7_unit_tag\" value=\"wpcf7-f5571-o1\" \/>\n<input type=\"hidden\" name=\"_wpcf7_container_post\" value=\"0\" \/>\n<input type=\"hidden\" name=\"_wpcf7_posted_data_hash\" value=\"\" \/>\n<\/div>\n<div class=\"popmakerform\">\n<p>Ihr Name <span style=\"color:red;\">*<span><br \/>\n<span class=\"wpcf7-form-control-wrap your-name\"><input type=\"text\" name=\"your-name\" value=\"\" size=\"40\" class=\"wpcf7-form-control wpcf7-text wpcf7-validates-as-required\" aria-required=\"true\" aria-invalid=\"false\" \/><\/span><\/p>\n<p>Deine E-Mail <span style=\"color:red;\">*<span><br \/>\n<span class=\"wpcf7-form-control-wrap your-email\"><input type=\"email\" name=\"your-email\" value=\"\" size=\"40\" class=\"wpcf7-form-control wpcf7-text wpcf7-email wpcf7-validates-as-required wpcf7-validates-as-email\" aria-required=\"true\" aria-invalid=\"false\" \/><\/span><\/p>\n<p>Ihre Telefonnummer<br \/>\n<span class=\"wpcf7-form-control-wrap your-phone\"><input type=\"text\" name=\"your-phone\" value=\"\" size=\"40\" class=\"wpcf7-form-control wpcf7-text\" aria-invalid=\"false\" \/><\/span><\/p>\n<p>Ihr Land<br \/>\n<span class=\"wpcf7-form-control-wrap your-country\"><input type=\"text\" name=\"your-country\" value=\"\" size=\"40\" class=\"wpcf7-form-control wpcf7-text\" aria-invalid=\"false\" \/><\/span><\/p>\n<p>Detaillierte Anforderung <span style=\"color:red;\">*<span><br \/>\n<span class=\"wpcf7-form-control-wrap your-requirement\"><textarea name=\"your-requirement\" cols=\"40\" rows=\"4\" class=\"wpcf7-form-control wpcf7-textarea wpcf7-validates-as-required\" aria-required=\"true\" aria-invalid=\"false\"><\/textarea><\/span><\/p>\n<p><input type=\"submit\" value=\"Angebot einholen\" class=\"wpcf7-form-control has-spinner wpcf7-submit\" \/><\/p>\n<\/div>\n<p style=\"display: none !important;\"><label>&#916;<textarea name=\"_wpcf7_ak_hp_textarea\" cols=\"45\" rows=\"8\" maxlength=\"100\"><\/textarea><\/label><input type=\"hidden\" id=\"ak_js_1\" name=\"_wpcf7_ak_js\" value=\"203\"\/><script>document.getElementById( \"ak_js_1\" ).setAttribute( \"value\", ( new Date() ).getTime() );<\/script><\/p><input type='hidden' class='wpcf7-pum' value='{\"closepopup\":false,\"closedelay\":0,\"openpopup\":false,\"openpopup_id\":0}' \/><div class=\"wpcf7-response-output\" aria-hidden=\"true\"><\/div><input type=\"hidden\" name=\"trp-form-language\" value=\"de\"\/><\/form><\/div><\/div>\n<h3>Bitte z\u00f6gern Sie nicht, uns Ihre Anforderungen mitzuteilen. Wir werden Ihnen innerhalb von 12 Stunden antworten.<\/h3>\n<p><strong>E-Mail: <a href=\"mailto:info@huadongswacable.com\" rel=\"nofollow\">info@huadongswacable.com<\/a><\/strong><\/p>\n<div role=\"form\" class=\"wpcf7\" id=\"wpcf7-f6-o2\" lang=\"en-US\" dir=\"ltr\">\n<div class=\"screen-reader-response\"><p role=\"status\" aria-live=\"polite\" aria-atomic=\"true\"><\/p> <ul><\/ul><\/div>\n<form action=\"\/de\/wp-json\/wp\/v2\/pages\/862#wpcf7-f6-o2\" method=\"post\" class=\"wpcf7-form init\" novalidate=\"novalidate\" data-status=\"init\" data-trp-original-action=\"\/de\/wp-json\/wp\/v2\/pages\/862#wpcf7-f6-o2\">\n<div style=\"display: none;\">\n<input type=\"hidden\" name=\"_wpcf7\" value=\"6\" \/>\n<input type=\"hidden\" name=\"_wpcf7_version\" value=\"5.5.6\" \/>\n<input type=\"hidden\" name=\"_wpcf7_locale\" value=\"en_US\" \/>\n<input type=\"hidden\" name=\"_wpcf7_unit_tag\" value=\"wpcf7-f6-o2\" \/>\n<input type=\"hidden\" name=\"_wpcf7_container_post\" value=\"0\" \/>\n<input type=\"hidden\" name=\"_wpcf7_posted_data_hash\" value=\"\" \/>\n<\/div>\n<div class=\"messageform\">\n<p><strong><span style=\"color:red;\"><\/span> Ihr Name<\/strong><br \/>\n    <span class=\"wpcf7-form-control-wrap your-name\"><input type=\"text\" name=\"your-name\" value=\"\" size=\"40\" class=\"wpcf7-form-control wpcf7-text\" aria-invalid=\"false\" \/><\/span> <\/p>\n<p><strong><span style=\"color:red;\">*<\/span> Deine E-Mail<\/strong><br \/>\n    <span class=\"wpcf7-form-control-wrap your-email\"><input type=\"email\" name=\"your-email\" value=\"\" size=\"40\" class=\"wpcf7-form-control wpcf7-text wpcf7-email wpcf7-validates-as-required wpcf7-validates-as-email\" aria-required=\"true\" aria-invalid=\"false\" \/><\/span> <\/p>\n<p><strong>Ihre Telefonnummer<\/strong><br \/>\n    <span class=\"wpcf7-form-control-wrap your-phone\"><input type=\"text\" name=\"your-phone\" value=\"\" size=\"40\" class=\"wpcf7-form-control wpcf7-text\" aria-invalid=\"false\" placeholder=\"Geben Sie die Vorwahl ein\" \/><\/span> <\/p>\n<p><strong>Ihr Land<\/strong><br \/>\n    <span class=\"wpcf7-form-control-wrap your-country\"><input type=\"text\" name=\"your-country\" value=\"\" size=\"40\" class=\"wpcf7-form-control wpcf7-text\" aria-invalid=\"false\" \/><\/span> <\/p>\n<p><strong><span style=\"color:red;\">*<\/span> Ihr Bedarf<\/strong><br \/>\n    <span class=\"wpcf7-form-control-wrap your-requirement\"><textarea name=\"your-requirement\" cols=\"40\" rows=\"10\" class=\"wpcf7-form-control wpcf7-textarea wpcf7-validates-as-required bestonmessage\" aria-required=\"true\" aria-invalid=\"false\" placeholder=\"F\u00fcr ein detailliertes Angebot senden Sie uns bitte Ihre ausf\u00fchrlichen Anforderungen.\"><\/textarea><\/span> <\/p>\n<p><input type=\"submit\" value=\"Nachricht senden\" class=\"wpcf7-form-control has-spinner wpcf7-submit\" \/><\/p>\n<\/div>\n<p style=\"display: none !important;\"><label>&#916;<textarea name=\"_wpcf7_ak_hp_textarea\" cols=\"45\" rows=\"8\" maxlength=\"100\"><\/textarea><\/label><input type=\"hidden\" id=\"ak_js_2\" name=\"_wpcf7_ak_js\" value=\"249\"\/><script>document.getElementById( \"ak_js_2\" ).setAttribute( \"value\", ( new Date() ).getTime() );<\/script><\/p><input type='hidden' class='wpcf7-pum' value='{\"closepopup\":false,\"closedelay\":0,\"openpopup\":false,\"openpopup_id\":0}' \/><div class=\"wpcf7-response-output\" aria-hidden=\"true\"><\/div><input type=\"hidden\" name=\"trp-form-language\" value=\"de\"\/><\/form><\/div>","protected":false},"excerpt":{"rendered":"<p>Als ein professioneller Hersteller von ACWU-Kabeln k\u00f6nnen wir verschiedene Gr\u00f6\u00dfen von gepanzerten Aluminiumkabeln mit Verriegelung liefern. So k\u00f6nnen Sie #2, #4, #6 ACWU90 Kabel von unserem Unternehmen kaufen. Was mehr ist, wenn Sie wissen wollen, wie viel ist 600v 3 Leiter ACWU90 Kabel pro Meter, lassen Sie einfach Ihre Nachricht. Unser Manager wird Ihnen das beste ACWU 3C ... <a class=\"read-more\" href=\"https:\/\/huadongswacable.com\/de\/preisgunstiges-acwu-kabel\/\">Weiterlesen ...<\/a><\/p>","protected":false},"author":1,"featured_media":0,"parent":0,"menu_order":0,"comment_status":"closed","ping_status":"closed","template":"","meta":{"footnotes":""},"class_list":["post-862","page","type-page","status-publish"],"yoast_head":"<!-- This site is optimized with the Yoast SEO plugin v18.4.1 - https:\/\/yoast.com\/wordpress\/plugins\/seo\/ -->\n<title>3C 4C ACWU Cable #2 #4 #6 Price | 4\/0 3 conductor ACWU90 AIA Cable<\/title>\n<meta name=\"description\" content=\"As #2 #4 #6 gauge 3 conductor acwu90 cable manufacturer, we can supply best 600v 4\/0 3C 4C aluminum xlpe acwu cable Canada price per meter.\" \/>\n<meta name=\"robots\" content=\"index, follow, max-snippet:-1, max-image-preview:large, max-video-preview:-1\" \/>\n<link rel=\"canonical\" href=\"http:\/\/huadongswacable.com\/de\/low-price-acwu-cable\/\" \/>\n<meta property=\"og:locale\" content=\"de_DE\" \/>\n<meta property=\"og:type\" content=\"article\" \/>\n<meta property=\"og:title\" content=\"3C 4C ACWU Cable #2 #4 #6 Price | 4\/0 3 conductor ACWU90 AIA Cable\" \/>\n<meta property=\"og:description\" content=\"As #2 #4 #6 gauge 3 conductor acwu90 cable manufacturer, we can supply best 600v 4\/0 3C 4C aluminum xlpe acwu cable Canada price per meter.\" \/>\n<meta property=\"og:url\" content=\"http:\/\/huadongswacable.com\/de\/low-price-acwu-cable\/\" \/>\n<meta property=\"og:site_name\" content=\"Huadong SWA Cable\" \/>\n<meta property=\"article:modified_time\" content=\"2022-12-19T07:59:32+00:00\" \/>\n<meta property=\"og:image\" content=\"https:\/\/huadongswacable.com\/wp-content\/uploads\/2021\/10\/how-much-is-600V-2-4-6-3C-4C-acwu90-cable-per-meter.jpg\" \/>\n<meta name=\"twitter:card\" content=\"summary_large_image\" \/>\n<meta name=\"twitter:label1\" content=\"Gesch\u00e4tzte Lesezeit\" \/>\n\t<meta name=\"twitter:data1\" content=\"4\u00a0Minuten\" \/>\n<script type=\"application\/ld+json\" class=\"yoast-schema-graph\">{\"@context\":\"https:\/\/schema.org\",\"@graph\":[{\"@type\":\"WebSite\",\"@id\":\"http:\/\/huadongswacable.com\/ru\/#website\",\"url\":\"http:\/\/huadongswacable.com\/ru\/\",\"name\":\"Huadong SWA Cable\",\"description\":\"Huadong SWA Cable\",\"potentialAction\":[{\"@type\":\"SearchAction\",\"target\":{\"@type\":\"EntryPoint\",\"urlTemplate\":\"http:\/\/huadongswacable.com\/ru\/?s={search_term_string}\"},\"query-input\":\"required name=search_term_string\"}],\"inLanguage\":\"de\"},{\"@type\":\"ImageObject\",\"@id\":\"http:\/\/huadongswacable.com\/fr\/low-price-acwu-cable\/#primaryimage\",\"inLanguage\":\"de\",\"url\":\"https:\/\/huadongswacable.com\/wp-content\/uploads\/2021\/10\/how-much-is-600V-2-4-6-3C-4C-acwu90-cable-per-meter.jpg\",\"contentUrl\":\"https:\/\/huadongswacable.com\/wp-content\/uploads\/2021\/10\/how-much-is-600V-2-4-6-3C-4C-acwu90-cable-per-meter.jpg\",\"width\":828,\"height\":281,\"caption\":\"how much is 600V #2 #4 #6 3C 4C acwu90 cable per meter\"},{\"@type\":\"WebPage\",\"@id\":\"http:\/\/huadongswacable.com\/fr\/low-price-acwu-cable\/#webpage\",\"url\":\"http:\/\/huadongswacable.com\/fr\/low-price-acwu-cable\/\",\"name\":\"3C 4C ACWU Cable #2 #4 #6 Price | 4\/0 3 conductor ACWU90 AIA Cable\",\"isPartOf\":{\"@id\":\"http:\/\/huadongswacable.com\/ru\/#website\"},\"primaryImageOfPage\":{\"@id\":\"http:\/\/huadongswacable.com\/fr\/low-price-acwu-cable\/#primaryimage\"},\"datePublished\":\"2018-04-21T07:29:21+00:00\",\"dateModified\":\"2022-12-19T07:59:32+00:00\",\"description\":\"As #2 #4 #6 gauge 3 conductor acwu90 cable manufacturer, we can supply best 600v 4\/0 3C 4C aluminum xlpe acwu cable Canada price per meter.\",\"breadcrumb\":{\"@id\":\"http:\/\/huadongswacable.com\/fr\/low-price-acwu-cable\/#breadcrumb\"},\"inLanguage\":\"de\",\"potentialAction\":[{\"@type\":\"ReadAction\",\"target\":[\"http:\/\/huadongswacable.com\/fr\/low-price-acwu-cable\/\"]}]},{\"@type\":\"BreadcrumbList\",\"@id\":\"http:\/\/huadongswacable.com\/fr\/low-price-acwu-cable\/#breadcrumb\",\"itemListElement\":[{\"@type\":\"ListItem\",\"position\":1,\"name\":\"Home\",\"item\":\"http:\/\/huadongswacable.com\/ru\/\"},{\"@type\":\"ListItem\",\"position\":2,\"name\":\"ACWU Cable 600V 1C 3C 4C 1AWG 2AWG 4AWG 6AWG AIA Cable\"}]}]}<\/script>\n<!-- \/ Yoast SEO plugin. -->","yoast_head_json":{"title":"3C 4C ACWU Cable #2 #4 #6 Price | 4\/0 3 conductor ACWU90 AIA Cable","description":"As #2 #4 #6 gauge 3 conductor acwu90 cable manufacturer, we can supply best 600v 4\/0 3C 4C aluminum xlpe acwu cable Canada price per meter.","robots":{"index":"index","follow":"follow","max-snippet":"max-snippet:-1","max-image-preview":"max-image-preview:large","max-video-preview":"max-video-preview:-1"},"canonical":"http:\/\/huadongswacable.com\/de\/low-price-acwu-cable\/","og_locale":"de_DE","og_type":"article","og_title":"3C 4C ACWU Cable #2 #4 #6 Price | 4\/0 3 conductor ACWU90 AIA Cable","og_description":"As #2 #4 #6 gauge 3 conductor acwu90 cable manufacturer, we can supply best 600v 4\/0 3C 4C aluminum xlpe acwu cable Canada price per meter.","og_url":"http:\/\/huadongswacable.com\/de\/low-price-acwu-cable\/","og_site_name":"Huadong SWA Cable","article_modified_time":"2022-12-19T07:59:32+00:00","og_image":[{"url":"https:\/\/huadongswacable.com\/wp-content\/uploads\/2021\/10\/how-much-is-600V-2-4-6-3C-4C-acwu90-cable-per-meter.jpg"}],"twitter_card":"summary_large_image","twitter_misc":{"Gesch\u00e4tzte Lesezeit":"4\u00a0Minuten"},"schema":{"@context":"https:\/\/schema.org","@graph":[{"@type":"WebSite","@id":"http:\/\/huadongswacable.com\/ru\/#website","url":"http:\/\/huadongswacable.com\/ru\/","name":"Huadong SWA Cable","description":"Huadong SWA Cable","potentialAction":[{"@type":"SearchAction","target":{"@type":"EntryPoint","urlTemplate":"http:\/\/huadongswacable.com\/ru\/?s={search_term_string}"},"query-input":"required name=search_term_string"}],"inLanguage":"de"},{"@type":"ImageObject","@id":"http:\/\/huadongswacable.com\/fr\/low-price-acwu-cable\/#primaryimage","inLanguage":"de","url":"https:\/\/huadongswacable.com\/wp-content\/uploads\/2021\/10\/how-much-is-600V-2-4-6-3C-4C-acwu90-cable-per-meter.jpg","contentUrl":"https:\/\/huadongswacable.com\/wp-content\/uploads\/2021\/10\/how-much-is-600V-2-4-6-3C-4C-acwu90-cable-per-meter.jpg","width":828,"height":281,"caption":"how much is 600V #2 #4 #6 3C 4C acwu90 cable per meter"},{"@type":"WebPage","@id":"http:\/\/huadongswacable.com\/fr\/low-price-acwu-cable\/#webpage","url":"http:\/\/huadongswacable.com\/fr\/low-price-acwu-cable\/","name":"3C 4C ACWU Cable #2 #4 #6 Price | 4\/0 3 conductor ACWU90 AIA Cable","isPartOf":{"@id":"http:\/\/huadongswacable.com\/ru\/#website"},"primaryImageOfPage":{"@id":"http:\/\/huadongswacable.com\/fr\/low-price-acwu-cable\/#primaryimage"},"datePublished":"2018-04-21T07:29:21+00:00","dateModified":"2022-12-19T07:59:32+00:00","description":"As #2 #4 #6 gauge 3 conductor acwu90 cable manufacturer, we can supply best 600v 4\/0 3C 4C aluminum xlpe acwu cable Canada price per meter.","breadcrumb":{"@id":"http:\/\/huadongswacable.com\/fr\/low-price-acwu-cable\/#breadcrumb"},"inLanguage":"de","potentialAction":[{"@type":"ReadAction","target":["http:\/\/huadongswacable.com\/fr\/low-price-acwu-cable\/"]}]},{"@type":"BreadcrumbList","@id":"http:\/\/huadongswacable.com\/fr\/low-price-acwu-cable\/#breadcrumb","itemListElement":[{"@type":"ListItem","position":1,"name":"Home","item":"http:\/\/huadongswacable.com\/ru\/"},{"@type":"ListItem","position":2,"name":"ACWU Cable 600V 1C 3C 4C 1AWG 2AWG 4AWG 6AWG AIA Cable"}]}]}},"_links":{"self":[{"href":"https:\/\/huadongswacable.com\/de\/wp-json\/wp\/v2\/pages\/862","targetHints":{"allow":["GET"]}}],"collection":[{"href":"https:\/\/huadongswacable.com\/de\/wp-json\/wp\/v2\/pages"}],"about":[{"href":"https:\/\/huadongswacable.com\/de\/wp-json\/wp\/v2\/types\/page"}],"author":[{"embeddable":true,"href":"https:\/\/huadongswacable.com\/de\/wp-json\/wp\/v2\/users\/1"}],"replies":[{"embeddable":true,"href":"https:\/\/huadongswacable.com\/de\/wp-json\/wp\/v2\/comments?post=862"}],"version-history":[{"count":29,"href":"https:\/\/huadongswacable.com\/de\/wp-json\/wp\/v2\/pages\/862\/revisions"}],"predecessor-version":[{"id":7780,"href":"https:\/\/huadongswacable.com\/de\/wp-json\/wp\/v2\/pages\/862\/revisions\/7780"}],"wp:attachment":[{"href":"https:\/\/huadongswacable.com\/de\/wp-json\/wp\/v2\/media?parent=862"}],"curies":[{"name":"wp","href":"https:\/\/api.w.org\/{rel}","templated":true}]}}