{"id":81,"date":"2018-03-08T12:01:33","date_gmt":"2018-03-08T04:01:33","guid":{"rendered":"http:\/\/huadongswacable.com\/?page_id=81"},"modified":"2022-12-19T14:37:02","modified_gmt":"2022-12-19T06:37:02","slug":"5-core-armoured-cable-customization","status":"publish","type":"page","link":"https:\/\/huadongswacable.com\/de\/5-kern-panzerkabel-anpassung\/","title":{"rendered":"6mm 10mm 16mm 25mm 35mm 5-adriges Panzerkabel Anpassung"},"content":{"rendered":"<p><img loading=\"lazy\" decoding=\"async\" class=\"aligncenter wp-image-5084\" src=\"https:\/\/huadongswacable.com\/wp-content\/uploads\/2020\/12\/25mm-5-core-swa-cable-specification.jpg\" alt=\"25mm 5-adriges swa-Kabel Spezifikation\" width=\"761\" height=\"217\" srcset=\"https:\/\/huadongswacable.com\/wp-content\/uploads\/2020\/12\/25mm-5-core-swa-cable-specification.jpg 750w, https:\/\/huadongswacable.com\/wp-content\/uploads\/2020\/12\/25mm-5-core-swa-cable-specification-300x86.jpg 300w\" sizes=\"auto, (max-width: 761px) 100vw, 761px\" \/><\/p>\n<p>Bitte senden Sie uns Ihre Anfrage 16mm 5 core armoured power cable list und Bestellmenge. Unser Verkaufsleiter wird Ihnen innerhalb von 12 Stunden unsere Angebotsunterlagen zusenden.<\/p>\n<p style=\"text-align: center;\"><span class=\"su-lightbox\" data-mfp-src=\"#Popup\" data-mfp-type=\"inline\" data-mobile=\"yes\"><button class=\"btn btn-danger btn-sm\" ><i class=\"fa fa-hand-o-right\" style=\"color:#ffffff;\"><\/i> Angebot einholen<\/button><\/span>\n<h2>5-adriges Panzerkabel der Huadong-Gruppe<\/h2>\n<p>Die Huadong Cable Group ist ein f\u00fchrender Hersteller von 5-adrigen armierten Kabeln. Wir bieten <a href=\"https:\/\/huadongswacable.com\/de\/verhinderung-von-niederspannungs-stromkabelbranden\/\">Niederspannungs-Panzerkabel<\/a> und <a href=\"https:\/\/huadongswacable.com\/de\/xlpe-mittelspannung-kabel-anpassung\/\">Mittelspannungs-Panzerkabel<\/a>.  Alle diese 5-adrigen Panzerkabel entsprechen den amerikanischen, britischen, franz\u00f6sischen, europ\u00e4ischen und internationalen Normen und Spezifikationen. Dazu geh\u00f6ren 3 Kern swa Kabel, 4 Kern swa Kabel, 5 Kern swa Kabel und so weiter. Nat\u00fcrlich sind wir in der Lage, eine umfassende Palette von 5 Core swa Kabel bieten. In der Zwischenzeit k\u00f6nnen wir 5 Core Swa Kabel anpassen, um Markt- und Kundenspezifikationen oder Standards zu erf\u00fcllen. Ganz gleich, wie gro\u00df der Querschnitt des 5-Phasen-Swa-Kabels und des 5-adrigen armierten Kabels ist. Wir werden es f\u00fcr Sie produzieren. Nennen Sie uns einfach Ihre Anforderungen.<\/p>\n<div class=\"row prolisttable\">\n<div class=\"row\"><\/div>\n<div class=\"col-lg-4 col-md-12 col-xs-12 col-sm-12\">\n<p>&nbsp;<\/p>\n<p><img loading=\"lazy\" decoding=\"async\" class=\"aligncenter wp-image-642\" src=\"https:\/\/huadongswacable.com\/wp-content\/uploads\/2018\/04\/PVC-5-core-swa-cable-free-samples.jpg\" alt=\"PVC 5-adriges swa-Kabel kostenlose Muster\" width=\"373\" height=\"283\" srcset=\"https:\/\/huadongswacable.com\/wp-content\/uploads\/2018\/04\/PVC-5-core-swa-cable-free-samples.jpg 328w, https:\/\/huadongswacable.com\/wp-content\/uploads\/2018\/04\/PVC-5-core-swa-cable-free-samples-300x228.jpg 300w\" sizes=\"auto, (max-width: 373px) 100vw, 373px\" \/><\/p>\n<\/div>\n<div class=\"col-lg-8 col-md-12 col-xs-12 col-sm-12\">\n<p><strong>Dirigent:<\/strong> Aluminium oder Kupfer<\/p>\n<p><strong>Spannung:<\/strong> bis zu 35 KV<\/p>\n<p><strong>Gepanzert:<\/strong> SWA (Steel Wire Armoured) \/ STA (Steel Tape Armoured) \/ AWA (Aluminium Wire Armoured)<\/p>\n<p><strong>Isolierung:<\/strong> XLPE \/ PVC \/ LSF \/ Feuerbest\u00e4ndig<\/p>\n<p><strong>Standard:<\/strong> IEC 60502, BS 7870, GB\/ T12706 oder andere.<\/p>\n<p><strong>Anwendung:<\/strong> Geb\u00e4ude, Ingenieurbau, Eisenbahn, Schule, Krankenhaus, U-Bahn und so weiter.<\/p>\n<p style=\"text-align: center;\"><span class=\"su-lightbox\" data-mfp-src=\"#Popup\" data-mfp-type=\"inline\" data-mobile=\"yes\"><button class=\"btn btn-danger btn-sm\" ><i class=\"fa fa-hand-o-right\" style=\"color:#ffffff;\"><\/i> Angebot einholen<\/button><\/span>\n<\/div>\n<\/div>\n<h2>Wie ist ein 5-adriges 10-mm-Panzerkabel aufgebaut?<\/h2>\n<p>Im Allgemeinen ist die Konstruktion von 5 Kern <a href=\"https:\/\/huadongswacable.com\/de\/10mm-panzerkabel-preis\/\" target=\"_blank\" rel=\"noopener noreferrer\">10mm swa Kabel<\/a> besteht aus vier Komponenten. Sie sind der Leiter, die Isolierung, die innere Umh\u00fcllung und die Ummantelung. Der Leiter des 5-adrigen Panzerkabels ist ein Kupfer- oder Aluminiumdraht. Dies ist der wichtigste Teil des 5-adrigen Panzerkabels.<\/p>\n<div class=\"row prolisttable\">\n<div class=\"row\"><\/div>\n<div class=\"col-lg-4 col-md-12 col-xs-12 col-sm-12\">\n<img loading=\"lazy\" decoding=\"async\" class=\"aligncenter size-full wp-image-5094\" src=\"https:\/\/huadongswacable.com\/wp-content\/uploads\/2020\/12\/0.6-1kv-10mm-5-core-swa-cable-.jpg\" alt=\"0.6\/1kv 10mm 5 Adern swa Kabelgr\u00f6\u00dfe\" width=\"298\" height=\"294\" \/><\/div>\n<div class=\"col-lg-8 col-md-12 col-xs-12 col-sm-12\">\n<p><strong>Spannung:<\/strong> 0,6\/1KV<\/p>\n<p><strong>Gr\u00f6\u00dfe:<\/strong> 4mm, 6mm, 10mm, 16mm, 25mm, 35mm, 50mm, 70mm, 95mm, 120mm, 185mm und so weiter<\/p>\n<p><strong>Gepanzert:<\/strong> SWA (Steel Wire Armoured) \/ STA (Steel Tape Armoured) \/ AWA (Aluminium Wire Armoured)<\/p>\n<p><strong>Isolierung:<\/strong> XLPE \/ PVC \/ LSF \/ Feuerbest\u00e4ndig<\/p>\n<p><strong>Standard:<\/strong> IEC 60502, BS 7870, GB\/ T12706 oder andere.<\/p>\n<p><strong>Verpackung:<\/strong>\u00a0Eisen- oder Holztrommel<\/p>\n<p style=\"text-align: center;\"><span class=\"su-lightbox\" data-mfp-src=\"#Popup\" data-mfp-type=\"inline\" data-mobile=\"yes\"><button class=\"btn btn-danger btn-sm\" ><i class=\"fa fa-hand-o-right\" style=\"color:#ffffff;\"><\/i> Angebot einholen<\/button><\/span>\n<\/div>\n<\/div>\n<p>Das Material der Isolierschicht ist XLPE oder PVC. Die XLPE-Isolierung hat eine h\u00f6here Temperaturbest\u00e4ndigkeit als die PVC-Isolierung. Und die ausgezeichnete Durchschlagfestigkeit des 5-adrigen swa-Kabels sorgt f\u00fcr verbesserte elektrische Eigenschaften. Die Stahldrahtbewehrung bietet mechanischen Schutz, damit das 5-adrige swa-Kabel den mechanischen Belastungen standhalten kann. Wenn Sie mehr Details \u00fcber den Aufbau des 5-adrigen swa-Kabels erfahren m\u00f6chten, kontaktieren Sie uns.<\/p>\n<p><img loading=\"lazy\" decoding=\"async\" class=\"aligncenter size-full wp-image-5377\" src=\"https:\/\/huadongswacable.com\/wp-content\/uploads\/2021\/03\/get-best-25mm-5-core-armoured-cable-price.jpg\" alt=\"Bester Preis f\u00fcr 25mm 5-adriges Panzerkabel\" width=\"800\" height=\"245\" srcset=\"https:\/\/huadongswacable.com\/wp-content\/uploads\/2021\/03\/get-best-25mm-5-core-armoured-cable-price.jpg 800w, https:\/\/huadongswacable.com\/wp-content\/uploads\/2021\/03\/get-best-25mm-5-core-armoured-cable-price-300x92.jpg 300w, https:\/\/huadongswacable.com\/wp-content\/uploads\/2021\/03\/get-best-25mm-5-core-armoured-cable-price-768x235.jpg 768w\" sizes=\"auto, (max-width: 800px) 100vw, 800px\" \/><\/p>\n<p style=\"text-align: center;\"><span class=\"su-lightbox\" data-mfp-src=\"#Popup\" data-mfp-type=\"inline\" data-mobile=\"yes\"><button class=\"btn btn-danger btn-sm\" ><i class=\"fa fa-hand-o-right\" style=\"color:#ffffff;\"><\/i> Angebot einholen<\/button><\/span>\n<h2>Die Huadong-Gruppe bietet einen kundenspezifischen Service f\u00fcr 5-adrige Swa-Kabel.<\/h2>\n<p>Huadong produziert eine breite Palette von 5-adrigen Stahldraht-Panzerkabeln f\u00fcr den Einsatz in Versorgungsanwendungen. Wir bieten 5-adrige Panzerkabel f\u00fcr Spannungen von 0,6\/1kv Niederspannungskabel bis 35KV Mittelspannungskabel. Als Isoliermaterial verwenden wir EPR, PVC, XLPE und HPTE. Der Leiter kann aus massivem oder verseiltem Kupfer oder aus Aluminium in Dreifach- und F\u00fcnffachausf\u00fchrung bestehen. 5-adrige Stromkabel k\u00f6nnen gepanzert oder ungepanzert sein. Wir halten uns streng an die Spezifikationen des von Ihnen gelieferten 5-adrigen armierten Kabels. In unserer Fabrik k\u00f6nnen wir 10mm, 16mm, 25mm, 50mm, 70mm, 95mm, 120mm, 150mm, 185mm, 240mm, 300mm und andere Gr\u00f6\u00dfen liefern.  Welche Art von 5-adrigen swa Kabel ben\u00f6tigen Sie? Hinterlassen Sie jetzt eine Nachricht, um Ihr Angebot zu erhalten, wir werden Ihnen so schnell wie m\u00f6glich antworten.<\/p>\n<p><img loading=\"lazy\" decoding=\"async\" class=\"size-full aligncenter\" src=\"https:\/\/huadongswacable.com\/wp-content\/uploads\/2020\/08\/240mm-aluminium-sector-cable-price.jpg\" alt=\"5 Adern swa armiertes Kabel Hersteller Fabrik\" width=\"800\" height=\"414\" \/><\/p>\n<div class=\"su-lightbox-content su-u-trim\" id=\"Popup\" style=\"display:none;width:auto;min-width:50%;max-width:70%;margin-top:40px;margin-bottom:40px;padding:40px;background:#e8e5e5;color:#060473;box-shadow:0px 0px 15px #333333;text-align:left\"><div role=\"form\" class=\"wpcf7\" id=\"wpcf7-f5571-o1\" lang=\"en-US\" dir=\"ltr\">\n<div class=\"screen-reader-response\"><p role=\"status\" aria-live=\"polite\" aria-atomic=\"true\"><\/p> <ul><\/ul><\/div>\n<form action=\"\/de\/wp-json\/wp\/v2\/pages\/81#wpcf7-f5571-o1\" method=\"post\" class=\"wpcf7-form init\" novalidate=\"novalidate\" data-status=\"init\" data-trp-original-action=\"\/de\/wp-json\/wp\/v2\/pages\/81#wpcf7-f5571-o1\">\n<div style=\"display: none;\">\n<input type=\"hidden\" name=\"_wpcf7\" value=\"5571\" \/>\n<input type=\"hidden\" name=\"_wpcf7_version\" value=\"5.5.6\" \/>\n<input type=\"hidden\" name=\"_wpcf7_locale\" value=\"en_US\" \/>\n<input type=\"hidden\" name=\"_wpcf7_unit_tag\" value=\"wpcf7-f5571-o1\" \/>\n<input type=\"hidden\" name=\"_wpcf7_container_post\" value=\"0\" \/>\n<input type=\"hidden\" name=\"_wpcf7_posted_data_hash\" value=\"\" \/>\n<\/div>\n<div class=\"popmakerform\">\n<p>Ihr Name <span style=\"color:red;\">*<span><br \/>\n<span class=\"wpcf7-form-control-wrap your-name\"><input type=\"text\" name=\"your-name\" value=\"\" size=\"40\" class=\"wpcf7-form-control wpcf7-text wpcf7-validates-as-required\" aria-required=\"true\" aria-invalid=\"false\" \/><\/span><\/p>\n<p>Deine E-Mail <span style=\"color:red;\">*<span><br \/>\n<span class=\"wpcf7-form-control-wrap your-email\"><input type=\"email\" name=\"your-email\" value=\"\" size=\"40\" class=\"wpcf7-form-control wpcf7-text wpcf7-email wpcf7-validates-as-required wpcf7-validates-as-email\" aria-required=\"true\" aria-invalid=\"false\" \/><\/span><\/p>\n<p>Ihre Telefonnummer<br \/>\n<span class=\"wpcf7-form-control-wrap your-phone\"><input type=\"text\" name=\"your-phone\" value=\"\" size=\"40\" class=\"wpcf7-form-control wpcf7-text\" aria-invalid=\"false\" \/><\/span><\/p>\n<p>Ihr Land<br \/>\n<span class=\"wpcf7-form-control-wrap your-country\"><input type=\"text\" name=\"your-country\" value=\"\" size=\"40\" class=\"wpcf7-form-control wpcf7-text\" aria-invalid=\"false\" \/><\/span><\/p>\n<p>Detaillierte Anforderung <span style=\"color:red;\">*<span><br \/>\n<span class=\"wpcf7-form-control-wrap your-requirement\"><textarea name=\"your-requirement\" cols=\"40\" rows=\"4\" class=\"wpcf7-form-control wpcf7-textarea wpcf7-validates-as-required\" aria-required=\"true\" aria-invalid=\"false\"><\/textarea><\/span><\/p>\n<p><input type=\"submit\" value=\"Angebot einholen\" class=\"wpcf7-form-control has-spinner wpcf7-submit\" \/><\/p>\n<\/div>\n<p style=\"display: none !important;\"><label>&#916;<textarea name=\"_wpcf7_ak_hp_textarea\" cols=\"45\" rows=\"8\" maxlength=\"100\"><\/textarea><\/label><input type=\"hidden\" id=\"ak_js_1\" name=\"_wpcf7_ak_js\" value=\"151\"\/><script>document.getElementById( \"ak_js_1\" ).setAttribute( \"value\", ( new Date() ).getTime() );<\/script><\/p><input type='hidden' class='wpcf7-pum' value='{\"closepopup\":false,\"closedelay\":0,\"openpopup\":false,\"openpopup_id\":0}' \/><div class=\"wpcf7-response-output\" aria-hidden=\"true\"><\/div><input type=\"hidden\" name=\"trp-form-language\" value=\"de\"\/><\/form><\/div><\/div>\n<h3>Bitte z\u00f6gern Sie nicht, uns Ihre Anforderungen mitzuteilen. Wir werden Ihnen innerhalb von 12 Stunden antworten.<\/h3>\n<p><strong>E-Mail: <a href=\"mailto:info@huadongswacable.com\" rel=\"nofollow\">info@huadongswacable.com<\/a><\/strong><\/p>\n<div role=\"form\" class=\"wpcf7\" id=\"wpcf7-f6-o2\" lang=\"en-US\" dir=\"ltr\">\n<div class=\"screen-reader-response\"><p role=\"status\" aria-live=\"polite\" aria-atomic=\"true\"><\/p> <ul><\/ul><\/div>\n<form action=\"\/de\/wp-json\/wp\/v2\/pages\/81#wpcf7-f6-o2\" method=\"post\" class=\"wpcf7-form init\" novalidate=\"novalidate\" data-status=\"init\" data-trp-original-action=\"\/de\/wp-json\/wp\/v2\/pages\/81#wpcf7-f6-o2\">\n<div style=\"display: none;\">\n<input type=\"hidden\" name=\"_wpcf7\" value=\"6\" \/>\n<input type=\"hidden\" name=\"_wpcf7_version\" value=\"5.5.6\" \/>\n<input type=\"hidden\" name=\"_wpcf7_locale\" value=\"en_US\" \/>\n<input type=\"hidden\" name=\"_wpcf7_unit_tag\" value=\"wpcf7-f6-o2\" \/>\n<input type=\"hidden\" name=\"_wpcf7_container_post\" value=\"0\" \/>\n<input type=\"hidden\" name=\"_wpcf7_posted_data_hash\" value=\"\" \/>\n<\/div>\n<div class=\"messageform\">\n<p><strong><span style=\"color:red;\"><\/span> Ihr Name<\/strong><br \/>\n    <span class=\"wpcf7-form-control-wrap your-name\"><input type=\"text\" name=\"your-name\" value=\"\" size=\"40\" class=\"wpcf7-form-control wpcf7-text\" aria-invalid=\"false\" \/><\/span> <\/p>\n<p><strong><span style=\"color:red;\">*<\/span> Deine E-Mail<\/strong><br \/>\n    <span class=\"wpcf7-form-control-wrap your-email\"><input type=\"email\" name=\"your-email\" value=\"\" size=\"40\" class=\"wpcf7-form-control wpcf7-text wpcf7-email wpcf7-validates-as-required wpcf7-validates-as-email\" aria-required=\"true\" aria-invalid=\"false\" \/><\/span> <\/p>\n<p><strong>Ihre Telefonnummer<\/strong><br \/>\n    <span class=\"wpcf7-form-control-wrap your-phone\"><input type=\"text\" name=\"your-phone\" value=\"\" size=\"40\" class=\"wpcf7-form-control wpcf7-text\" aria-invalid=\"false\" placeholder=\"Geben Sie die Vorwahl ein\" \/><\/span> <\/p>\n<p><strong>Ihr Land<\/strong><br \/>\n    <span class=\"wpcf7-form-control-wrap your-country\"><input type=\"text\" name=\"your-country\" value=\"\" size=\"40\" class=\"wpcf7-form-control wpcf7-text\" aria-invalid=\"false\" \/><\/span> <\/p>\n<p><strong><span style=\"color:red;\">*<\/span> Ihr Bedarf<\/strong><br \/>\n    <span class=\"wpcf7-form-control-wrap your-requirement\"><textarea name=\"your-requirement\" cols=\"40\" rows=\"10\" class=\"wpcf7-form-control wpcf7-textarea wpcf7-validates-as-required bestonmessage\" aria-required=\"true\" aria-invalid=\"false\" placeholder=\"F\u00fcr ein detailliertes Angebot senden Sie uns bitte Ihre ausf\u00fchrlichen Anforderungen.\"><\/textarea><\/span> <\/p>\n<p><input type=\"submit\" value=\"Nachricht senden\" class=\"wpcf7-form-control has-spinner wpcf7-submit\" \/><\/p>\n<\/div>\n<p style=\"display: none !important;\"><label>&#916;<textarea name=\"_wpcf7_ak_hp_textarea\" cols=\"45\" rows=\"8\" maxlength=\"100\"><\/textarea><\/label><input type=\"hidden\" id=\"ak_js_2\" name=\"_wpcf7_ak_js\" value=\"161\"\/><script>document.getElementById( \"ak_js_2\" ).setAttribute( \"value\", ( new Date() ).getTime() );<\/script><\/p><input type='hidden' class='wpcf7-pum' value='{\"closepopup\":false,\"closedelay\":0,\"openpopup\":false,\"openpopup_id\":0}' \/><div class=\"wpcf7-response-output\" aria-hidden=\"true\"><\/div><input type=\"hidden\" name=\"trp-form-language\" value=\"de\"\/><\/form><\/div>","protected":false},"excerpt":{"rendered":"<p>Bitte senden Sie uns Ihre Anfrage 16mm 5 core armoured power cable list und Bestellmenge. Unser Verkaufsleiter wird Ihnen innerhalb von 12 Stunden unsere Angebotsunterlagen zusenden. 5-adriges Panzerkabel von Huadong Group Huadong Cable Group ist ein f\u00fchrender Hersteller von 5-adrigem Panzerkabel. Wir bieten Niederspannungspanzerkabel und ... <a class=\"read-more\" href=\"https:\/\/huadongswacable.com\/de\/5-kern-panzerkabel-anpassung\/\">Weiterlesen ...<\/a><\/p>","protected":false},"author":1,"featured_media":0,"parent":0,"menu_order":0,"comment_status":"closed","ping_status":"closed","template":"","meta":{"footnotes":""},"class_list":["post-81","page","type-page","status-publish"],"yoast_head":"<!-- This site is optimized with the Yoast SEO plugin v18.4.1 - https:\/\/yoast.com\/wordpress\/plugins\/seo\/ -->\n<title>6mm 10mm 16mm 25mm 35mm 5 Core Armoured Cable-HDC SWA Cable<\/title>\n<meta name=\"description\" content=\"Best 6mm 10mm 16mm 25mm 35mm 5 core armoured cable for sale. As a 5 core swa cable supplier, we can give you cheap 5 core swa cable price .\" \/>\n<meta name=\"robots\" content=\"index, follow, max-snippet:-1, max-image-preview:large, max-video-preview:-1\" \/>\n<link rel=\"canonical\" href=\"http:\/\/huadongswacable.com\/de\/5-core-armoured-cable-customization\/\" \/>\n<meta property=\"og:locale\" content=\"de_DE\" \/>\n<meta property=\"og:type\" content=\"article\" \/>\n<meta property=\"og:title\" content=\"6mm 10mm 16mm 25mm 35mm 5 Core Armoured Cable-HDC SWA Cable\" \/>\n<meta property=\"og:description\" content=\"Best 6mm 10mm 16mm 25mm 35mm 5 core armoured cable for sale. As a 5 core swa cable supplier, we can give you cheap 5 core swa cable price .\" \/>\n<meta property=\"og:url\" content=\"http:\/\/huadongswacable.com\/de\/5-core-armoured-cable-customization\/\" \/>\n<meta property=\"og:site_name\" content=\"Huadong SWA Cable\" \/>\n<meta property=\"article:modified_time\" content=\"2022-12-19T06:37:02+00:00\" \/>\n<meta property=\"og:image\" content=\"https:\/\/huadongswacable.com\/wp-content\/uploads\/2020\/12\/25mm-5-core-swa-cable-specification.jpg\" \/>\n<meta name=\"twitter:card\" content=\"summary_large_image\" \/>\n<meta name=\"twitter:label1\" content=\"Gesch\u00e4tzte Lesezeit\" \/>\n\t<meta name=\"twitter:data1\" content=\"4\u00a0Minuten\" \/>\n<script type=\"application\/ld+json\" class=\"yoast-schema-graph\">{\"@context\":\"https:\/\/schema.org\",\"@graph\":[{\"@type\":\"WebSite\",\"@id\":\"http:\/\/huadongswacable.com\/ru\/#website\",\"url\":\"http:\/\/huadongswacable.com\/ru\/\",\"name\":\"Huadong SWA Cable\",\"description\":\"Huadong SWA Cable\",\"potentialAction\":[{\"@type\":\"SearchAction\",\"target\":{\"@type\":\"EntryPoint\",\"urlTemplate\":\"http:\/\/huadongswacable.com\/ru\/?s={search_term_string}\"},\"query-input\":\"required name=search_term_string\"}],\"inLanguage\":\"de\"},{\"@type\":\"ImageObject\",\"@id\":\"http:\/\/huadongswacable.com\/es\/5-core-armoured-cable-customization\/#primaryimage\",\"inLanguage\":\"de\",\"url\":\"https:\/\/huadongswacable.com\/wp-content\/uploads\/2020\/12\/25mm-5-core-swa-cable-specification.jpg\",\"contentUrl\":\"https:\/\/huadongswacable.com\/wp-content\/uploads\/2020\/12\/25mm-5-core-swa-cable-specification.jpg\",\"width\":750,\"height\":214,\"caption\":\"25mm 5 core swa cable specification\"},{\"@type\":\"WebPage\",\"@id\":\"http:\/\/huadongswacable.com\/es\/5-core-armoured-cable-customization\/#webpage\",\"url\":\"http:\/\/huadongswacable.com\/es\/5-core-armoured-cable-customization\/\",\"name\":\"6mm 10mm 16mm 25mm 35mm 5 Core Armoured Cable-HDC SWA Cable\",\"isPartOf\":{\"@id\":\"http:\/\/huadongswacable.com\/ru\/#website\"},\"primaryImageOfPage\":{\"@id\":\"http:\/\/huadongswacable.com\/es\/5-core-armoured-cable-customization\/#primaryimage\"},\"datePublished\":\"2018-03-08T04:01:33+00:00\",\"dateModified\":\"2022-12-19T06:37:02+00:00\",\"description\":\"Best 6mm 10mm 16mm 25mm 35mm 5 core armoured cable for sale. As a 5 core swa cable supplier, we can give you cheap 5 core swa cable price .\",\"breadcrumb\":{\"@id\":\"http:\/\/huadongswacable.com\/es\/5-core-armoured-cable-customization\/#breadcrumb\"},\"inLanguage\":\"de\",\"potentialAction\":[{\"@type\":\"ReadAction\",\"target\":[\"http:\/\/huadongswacable.com\/es\/5-core-armoured-cable-customization\/\"]}]},{\"@type\":\"BreadcrumbList\",\"@id\":\"http:\/\/huadongswacable.com\/es\/5-core-armoured-cable-customization\/#breadcrumb\",\"itemListElement\":[{\"@type\":\"ListItem\",\"position\":1,\"name\":\"Home\",\"item\":\"http:\/\/huadongswacable.com\/ru\/\"},{\"@type\":\"ListItem\",\"position\":2,\"name\":\"6mm 10mm 16mm 25mm 35mm 5 Core Armoured Cable Customization\"}]}]}<\/script>\n<!-- \/ Yoast SEO plugin. -->","yoast_head_json":{"title":"6mm 10mm 16mm 25mm 35mm 5 Core Armoured Cable-HDC SWA Cable","description":"Best 6mm 10mm 16mm 25mm 35mm 5 core armoured cable for sale. As a 5 core swa cable supplier, we can give you cheap 5 core swa cable price .","robots":{"index":"index","follow":"follow","max-snippet":"max-snippet:-1","max-image-preview":"max-image-preview:large","max-video-preview":"max-video-preview:-1"},"canonical":"http:\/\/huadongswacable.com\/de\/5-core-armoured-cable-customization\/","og_locale":"de_DE","og_type":"article","og_title":"6mm 10mm 16mm 25mm 35mm 5 Core Armoured Cable-HDC SWA Cable","og_description":"Best 6mm 10mm 16mm 25mm 35mm 5 core armoured cable for sale. As a 5 core swa cable supplier, we can give you cheap 5 core swa cable price .","og_url":"http:\/\/huadongswacable.com\/de\/5-core-armoured-cable-customization\/","og_site_name":"Huadong SWA Cable","article_modified_time":"2022-12-19T06:37:02+00:00","og_image":[{"url":"https:\/\/huadongswacable.com\/wp-content\/uploads\/2020\/12\/25mm-5-core-swa-cable-specification.jpg"}],"twitter_card":"summary_large_image","twitter_misc":{"Gesch\u00e4tzte Lesezeit":"4\u00a0Minuten"},"schema":{"@context":"https:\/\/schema.org","@graph":[{"@type":"WebSite","@id":"http:\/\/huadongswacable.com\/ru\/#website","url":"http:\/\/huadongswacable.com\/ru\/","name":"Huadong SWA Cable","description":"Huadong SWA Cable","potentialAction":[{"@type":"SearchAction","target":{"@type":"EntryPoint","urlTemplate":"http:\/\/huadongswacable.com\/ru\/?s={search_term_string}"},"query-input":"required name=search_term_string"}],"inLanguage":"de"},{"@type":"ImageObject","@id":"http:\/\/huadongswacable.com\/es\/5-core-armoured-cable-customization\/#primaryimage","inLanguage":"de","url":"https:\/\/huadongswacable.com\/wp-content\/uploads\/2020\/12\/25mm-5-core-swa-cable-specification.jpg","contentUrl":"https:\/\/huadongswacable.com\/wp-content\/uploads\/2020\/12\/25mm-5-core-swa-cable-specification.jpg","width":750,"height":214,"caption":"25mm 5 core swa cable specification"},{"@type":"WebPage","@id":"http:\/\/huadongswacable.com\/es\/5-core-armoured-cable-customization\/#webpage","url":"http:\/\/huadongswacable.com\/es\/5-core-armoured-cable-customization\/","name":"6mm 10mm 16mm 25mm 35mm 5 Core Armoured Cable-HDC SWA Cable","isPartOf":{"@id":"http:\/\/huadongswacable.com\/ru\/#website"},"primaryImageOfPage":{"@id":"http:\/\/huadongswacable.com\/es\/5-core-armoured-cable-customization\/#primaryimage"},"datePublished":"2018-03-08T04:01:33+00:00","dateModified":"2022-12-19T06:37:02+00:00","description":"Best 6mm 10mm 16mm 25mm 35mm 5 core armoured cable for sale. As a 5 core swa cable supplier, we can give you cheap 5 core swa cable price .","breadcrumb":{"@id":"http:\/\/huadongswacable.com\/es\/5-core-armoured-cable-customization\/#breadcrumb"},"inLanguage":"de","potentialAction":[{"@type":"ReadAction","target":["http:\/\/huadongswacable.com\/es\/5-core-armoured-cable-customization\/"]}]},{"@type":"BreadcrumbList","@id":"http:\/\/huadongswacable.com\/es\/5-core-armoured-cable-customization\/#breadcrumb","itemListElement":[{"@type":"ListItem","position":1,"name":"Home","item":"http:\/\/huadongswacable.com\/ru\/"},{"@type":"ListItem","position":2,"name":"6mm 10mm 16mm 25mm 35mm 5 Core Armoured Cable Customization"}]}]}},"_links":{"self":[{"href":"https:\/\/huadongswacable.com\/de\/wp-json\/wp\/v2\/pages\/81","targetHints":{"allow":["GET"]}}],"collection":[{"href":"https:\/\/huadongswacable.com\/de\/wp-json\/wp\/v2\/pages"}],"about":[{"href":"https:\/\/huadongswacable.com\/de\/wp-json\/wp\/v2\/types\/page"}],"author":[{"embeddable":true,"href":"https:\/\/huadongswacable.com\/de\/wp-json\/wp\/v2\/users\/1"}],"replies":[{"embeddable":true,"href":"https:\/\/huadongswacable.com\/de\/wp-json\/wp\/v2\/comments?post=81"}],"version-history":[{"count":40,"href":"https:\/\/huadongswacable.com\/de\/wp-json\/wp\/v2\/pages\/81\/revisions"}],"predecessor-version":[{"id":7772,"href":"https:\/\/huadongswacable.com\/de\/wp-json\/wp\/v2\/pages\/81\/revisions\/7772"}],"wp:attachment":[{"href":"https:\/\/huadongswacable.com\/de\/wp-json\/wp\/v2\/media?parent=81"}],"curies":[{"name":"wp","href":"https:\/\/api.w.org\/{rel}","templated":true}]}}