{"id":790,"date":"2018-04-20T11:46:06","date_gmt":"2018-04-20T03:46:06","guid":{"rendered":"http:\/\/huadongswacable.com\/?page_id=790"},"modified":"2022-12-19T15:30:12","modified_gmt":"2022-12-19T07:30:12","slug":"pvc-coated-mc-cable","status":"publish","type":"page","link":"https:\/\/huadongswacable.com\/de\/pvc-beschichtetes-mc-kabel\/","title":{"rendered":"8\/3 10\/2 10\/3 12\/2 12\/3 12\/4 PVC-ummanteltes MC-Kabel Lieferant"},"content":{"rendered":"<h2>Kaufen Sie PVC-beschichtetes MC-Kabel von Huadong<\/h2>\n<p>PVC-beschichtetes MC-Kabel ist ein armiertes Kabel aus Aluminiumlegierung mit PVC-Mantel. Wenn Sie nur PVC ummanteltes MC-Kabel ben\u00f6tigen, w\u00e4hlen Sie Huadong Cable Group. Huadong Cable Group ist einer der f\u00fchrenden 12 Gauge 3 Leiter PVC MC Kabelhersteller in China. Wir sind spezialisiert auf die Herstellung verschiedener Arten von Kabeln, insbesondere von PVC-ummantelten MC-Kabeln. Im Vergleich zu anderen Herstellern von PVC-ummantelten MC-Kabeln haben wir viele Vorteile, die es wert sind, f\u00fcr Sie ausgew\u00e4hlt zu werden.<\/p>\n<div class=\"row prolisttable\">\n<div class=\"col-lg-12 col-md-12 col-xs-12 col-sm-12\">\n<table>\n<tbody>\n<tr>\n<td><img loading=\"lazy\" decoding=\"async\" class=\"aligncenter wp-image-795 size-full\" src=\"https:\/\/huadongswacable.com\/wp-content\/uploads\/2018\/04\/pvc-jacketed-mc-cable-quotation.jpg\" alt=\"12\/2 pvc ummantelt mc kabel angebot\" width=\"180\" height=\"304\" srcset=\"https:\/\/huadongswacable.com\/wp-content\/uploads\/2018\/04\/pvc-jacketed-mc-cable-quotation.jpg 180w, https:\/\/huadongswacable.com\/wp-content\/uploads\/2018\/04\/pvc-jacketed-mc-cable-quotation-178x300.jpg 178w\" sizes=\"auto, (max-width: 180px) 100vw, 180px\" \/><\/td>\n<td><strong>Dirigenten:<\/strong> Massives\/gestr\u00e4ngter Kupfer oder Aluminium<\/p>\n<p><strong>Kerne Nr.:<\/strong> Einzeln\/zwei\/drei\/vier<\/p>\n<p><strong>R\u00fcstungsschicht:<\/strong> Aluminium-Legierung verzahnte R\u00fcstung<\/p>\n<p><strong>\u00c4u\u00dferer Mantel: <\/strong>Polyvinylchlorid (PVC)<\/p>\n<p><strong>Spannung:<\/strong> 600V, 1KV, 5KV, 15KV oder andere<\/p>\n<p><strong>Maximal zul\u00e4ssige Temperatur:<\/strong> -40\u00b0C bis 90\u00b0C<\/td>\n<\/tr>\n<\/tbody>\n<\/table>\n<\/div>\n<\/div>\n<p>Wir k\u00f6nnen garantieren, dass unser Unternehmen die wettbewerbsf\u00e4higsten 12\/2 PVC beschichtete MC-Kabel Preis und <a href=\"https:\/\/huadongswacable.com\/de\/hochwertiges-gunstiges-teck-90-kabel\/\" target=\"_blank\" rel=\"noopener noreferrer\">Teck90 Kabelpreis<\/a> f\u00fcr die gleiche Qualit\u00e4t des PVC-ummantelten MC-Kabels. Die gleichen 12 Gauge 3 Leiter PVC beschichtet MC Kabel Preis, unsere PVC ummantelt MC Kabel Qualit\u00e4t ist die beste. Zur gleichen Zeit, wenn Sie eine Menge von 12\/3 PVC MC-Kabel ben\u00f6tigen, werden wir Ihnen einen Rabatt 12\/2 PVC ummantelt MC-Kabel Preis. Jetzt lassen Sie Ihre Nachricht und kontaktieren Sie uns.<\/p>\n<p style=\"text-align: center;\"><span class=\"su-lightbox\" data-mfp-src=\"#Popup\" data-mfp-type=\"inline\" data-mobile=\"yes\"><button class=\"btn btn-danger btn-sm\" ><i class=\"fa fa-hand-o-right\" style=\"color:#ffffff;\"><\/i> Angebot einholen<\/button><\/span>\n<h2>Bester Preis f\u00fcr 12\/2 PVC-ummantelte MC-Kabel<\/h2>\n<p>PVC-MC-Kabel sind deshalb so beliebt, weil sie hervorragende Leistungsvorteile haben. Zun\u00e4chst einmal ist die Panzerschicht des 12\/2 PVC-ummantelten MC-Kabels eine ineinandergreifende Panzerung aus Aluminiumlegierung, die sehr leicht ist. Au\u00dferdem ist das PVC-ummantelte MC-Kabel einfacher zu installieren als das stahldrahtbewehrte Kabel. Dar\u00fcber hinaus ist die Festigkeit des 12\/3 PVC-ummantelten MC-Kabels fast die gleiche wie die des stahldrahtbewehrten Kabels. PVC-MC-Kabel sind nicht nur f\u00fcr trockene, sondern auch f\u00fcr feuchte Umgebungen geeignet. Das 3-adrige PVC-ummantelte MC-Kabel hat eine breite Palette von Anwendungen. Wenn Sie mehr wissen m\u00f6chten, kontaktieren Sie uns bitte. <img loading=\"lazy\" decoding=\"async\" class=\"aligncenter size-full wp-image-6441\" src=\"https:\/\/huadongswacable.com\/wp-content\/uploads\/2021\/10\/600v-12-3-conductor-copper-pvc-coated-mc-cable-price-list-Canada.jpg\" alt=\"600v 12-3 leiter kupfer pvc beschichtet mc kabel preisliste Kanada\" width=\"800\" height=\"150\" srcset=\"https:\/\/huadongswacable.com\/wp-content\/uploads\/2021\/10\/600v-12-3-conductor-copper-pvc-coated-mc-cable-price-list-Canada.jpg 800w, https:\/\/huadongswacable.com\/wp-content\/uploads\/2021\/10\/600v-12-3-conductor-copper-pvc-coated-mc-cable-price-list-Canada-300x56.jpg 300w, https:\/\/huadongswacable.com\/wp-content\/uploads\/2021\/10\/600v-12-3-conductor-copper-pvc-coated-mc-cable-price-list-Canada-768x144.jpg 768w\" sizes=\"auto, (max-width: 800px) 100vw, 800px\" \/><\/p>\n<p>Die Verwendung von 10\/2 PVC-beschichteten MC-Kabeln spart auch die Kosten f\u00fcr das Verlegen von Rohren oder das Ausheben von Gr\u00e4ben. Dies ist ein Vorteil von PVC-MC-Kabeln, der nicht ignoriert werden kann. Sie k\u00f6nnen eine Menge 8\/3 PVC-beschichtetes MC-Kabel sparen, wenn Sie Huadong PVC-ummanteltes MC-Kabel kaufen. Wenn Sie weitere Fragen haben, k\u00f6nnen Sie uns gerne kontaktieren. Willkommen in unserer 10\/2 PVC ummanteltes MC Kabel Fabrik zu besuchen. Wir freuen uns sehr auf Ihre Anfrage. Ich hoffe, dass wir eine angenehme Zusammenarbeit in der kommenden Zeit haben k\u00f6nnen.<\/p>\n<p style=\"text-align: center;\"><span class=\"su-lightbox\" data-mfp-src=\"#Popup\" data-mfp-type=\"inline\" data-mobile=\"yes\"><button class=\"btn btn-danger btn-sm\" ><i class=\"fa fa-hand-o-right\" style=\"color:#ffffff;\"><\/i> Angebot einholen<\/button><\/span>\n<h2>12\/3 Aluminiumlegierung verriegelte Panzerkabelanwendungen<\/h2>\n<p>- Direkte Erdverlegung, Verlegung in Beton und dort, wo er Schlackenf\u00fcllungen und starken Chloriden ausgesetzt ist,<br \/>\n\u00e4tzende Alkalien oder D\u00e4mpfe von Chlor oder Salzs\u00e4ure.<br \/>\n- Abzweig-, Einspeise- und Service-Stromverteilung in gewerblichen, industriellen, institutionellen und<br \/>\nMehrfamilienh\u00e4user.<br \/>\n- Gefischt oder in Gips eingebettet.<br \/>\n- Verdeckte oder offene Installationen<br \/>\n- Als Antennenkabel auf einem Boten.<br \/>\n- Installation in Kabelkan\u00e4len und zugelassenen Kabelkan\u00e4len.<br \/>\n- Class I Div. 2, Class II Div. 2, &amp; Class III Div. 1 Gef\u00e4hrliche Bereiche.<\/p>\n<p><img loading=\"lazy\" decoding=\"async\" class=\"aligncenter wp-image-800\" src=\"https:\/\/huadongswacable.com\/wp-content\/uploads\/2018\/04\/China-Huadong-low-pvc-coated-mc-cable-price.jpg\" alt=\"China Huadong niedrigen 12 \/4 pvc beschichtet mc Kabel Preis\" width=\"559\" height=\"280\" srcset=\"https:\/\/huadongswacable.com\/wp-content\/uploads\/2018\/04\/China-Huadong-low-pvc-coated-mc-cable-price.jpg 733w, https:\/\/huadongswacable.com\/wp-content\/uploads\/2018\/04\/China-Huadong-low-pvc-coated-mc-cable-price-300x150.jpg 300w\" sizes=\"auto, (max-width: 559px) 100vw, 559px\" \/><\/p>\n<p style=\"text-align: center;\"><span class=\"su-lightbox\" data-mfp-src=\"#Popup\" data-mfp-type=\"inline\" data-mobile=\"yes\"><button class=\"btn btn-danger btn-sm\" ><i class=\"fa fa-hand-o-right\" style=\"color:#ffffff;\"><\/i> Angebot einholen<\/button><\/span>\n<h2>Wie steht es mit der Fabrik des Herstellers von 10\/2 PVC-beschichteten MC-Kabeln?<\/h2>\n<p>Als einer der gr\u00f6\u00dften Hersteller von PVC-ummantelten MC-Kabeln liefern wir unseren Kunden eine Vielzahl von gepanzerten Kabeln aus Aluminiumlegierungen, wie z.B. teck90-Kabel, <a href=\"https:\/\/huadongswacable.com\/de\/preisgunstiges-acwu-kabel\/\" target=\"_blank\" rel=\"noopener noreferrer\">acwu aia Kabel<\/a>. Auf der einen Seite, w\u00e4hlen wir \u00fcberlegene Aluminium und Kupfer als 10\/2 PVC ummantelt MC Kabel Leiter. Was mehr ist, ist unsere 12 Gauge PVC ummantelt MC Kabel Preis sehr vern\u00fcnftig. Denn wir sind direkt 3 Leiter PVC ummantelt MC Kabel Lieferant. Dar\u00fcber hinaus haben wir unsere 10\/2 Aluminium-Legierung verriegelt armierte Kabel in viele L\u00e4nder exportiert. So k\u00f6nnen Sie unsere 12\/2 PVC ummantelt MC Kabel Preis sind anders als PVC ummantelt MC Kabel Preis in Kanada zu finden.<\/p>\n<p><img loading=\"lazy\" decoding=\"async\" width=\"751\" height=\"295\" class=\"wp-image-805 aligncenter\" src=\"https:\/\/huadongswacable.com\/wp-content\/uploads\/2018\/04\/Huadong-PVC-Coated-MC-Cable-Stock.jpg\" alt=\"&quot;Huadong\" srcset=\"https:\/\/huadongswacable.com\/wp-content\/uploads\/2018\/04\/Huadong-PVC-Coated-MC-Cable-Stock.jpg 751w, https:\/\/huadongswacable.com\/wp-content\/uploads\/2018\/04\/Huadong-PVC-Coated-MC-Cable-Stock-300x118.jpg 300w\" sizes=\"auto, (max-width: 751px) 100vw, 751px\" \/><\/p>\n<p>Neben dem 12-Gauge-3-Leiter-MC-Kabel mit PVC-Mantel haben wir auch <a href=\"https:\/\/huadongswacable.com\/de\/16mm-panzerkabel-struktur\/\" target=\"_blank\" rel=\"noopener noreferrer\">Panzerkabel anderer Art<\/a> zu verkaufen. So k\u00f6nnen Sie uns sagen, die PVC beschichtet MC Kabel Gr\u00f6\u00dfen und Menge, die Sie ben\u00f6tigen. Unser Manager wird 10\/3 PVC ummantelt MC Kabel Preis f\u00fcr liefern <span class=\"VIiyi\" lang=\"en\"><span class=\"JLqJ4b ChMk0b\" data-language-for-alternatives=\"en\" data-language-to-translate-into=\"zh-CN\" data-phrase-index=\"0\">Deutschland, Kanada, Amerika, Thailand oder andere L\u00e4nder.<\/span><\/span><\/p>\n<div class=\"su-lightbox-content su-u-trim\" id=\"Popup\" style=\"display:none;width:auto;min-width:50%;max-width:70%;margin-top:40px;margin-bottom:40px;padding:40px;background:#e8e5e5;color:#060473;box-shadow:0px 0px 15px #333333;text-align:left\"><div role=\"form\" class=\"wpcf7\" id=\"wpcf7-f5571-o1\" lang=\"en-US\" dir=\"ltr\">\n<div class=\"screen-reader-response\"><p role=\"status\" aria-live=\"polite\" aria-atomic=\"true\"><\/p> <ul><\/ul><\/div>\n<form action=\"\/de\/wp-json\/wp\/v2\/pages\/790#wpcf7-f5571-o1\" method=\"post\" class=\"wpcf7-form init\" novalidate=\"novalidate\" data-status=\"init\" data-trp-original-action=\"\/de\/wp-json\/wp\/v2\/pages\/790#wpcf7-f5571-o1\">\n<div style=\"display: none;\">\n<input type=\"hidden\" name=\"_wpcf7\" value=\"5571\" \/>\n<input type=\"hidden\" name=\"_wpcf7_version\" value=\"5.5.6\" \/>\n<input type=\"hidden\" name=\"_wpcf7_locale\" value=\"en_US\" \/>\n<input type=\"hidden\" name=\"_wpcf7_unit_tag\" value=\"wpcf7-f5571-o1\" \/>\n<input type=\"hidden\" name=\"_wpcf7_container_post\" value=\"0\" \/>\n<input type=\"hidden\" name=\"_wpcf7_posted_data_hash\" value=\"\" \/>\n<\/div>\n<div class=\"popmakerform\">\n<p>Ihr Name <span style=\"color:red;\">*<span><br \/>\n<span class=\"wpcf7-form-control-wrap your-name\"><input type=\"text\" name=\"your-name\" value=\"\" size=\"40\" class=\"wpcf7-form-control wpcf7-text wpcf7-validates-as-required\" aria-required=\"true\" aria-invalid=\"false\" \/><\/span><\/p>\n<p>Deine E-Mail <span style=\"color:red;\">*<span><br \/>\n<span class=\"wpcf7-form-control-wrap your-email\"><input type=\"email\" name=\"your-email\" value=\"\" size=\"40\" class=\"wpcf7-form-control wpcf7-text wpcf7-email wpcf7-validates-as-required wpcf7-validates-as-email\" aria-required=\"true\" aria-invalid=\"false\" \/><\/span><\/p>\n<p>Ihre Telefonnummer<br \/>\n<span class=\"wpcf7-form-control-wrap your-phone\"><input type=\"text\" name=\"your-phone\" value=\"\" size=\"40\" class=\"wpcf7-form-control wpcf7-text\" aria-invalid=\"false\" \/><\/span><\/p>\n<p>Ihr Land<br \/>\n<span class=\"wpcf7-form-control-wrap your-country\"><input type=\"text\" name=\"your-country\" value=\"\" size=\"40\" class=\"wpcf7-form-control wpcf7-text\" aria-invalid=\"false\" \/><\/span><\/p>\n<p>Detaillierte Anforderung <span style=\"color:red;\">*<span><br \/>\n<span class=\"wpcf7-form-control-wrap your-requirement\"><textarea name=\"your-requirement\" cols=\"40\" rows=\"4\" class=\"wpcf7-form-control wpcf7-textarea wpcf7-validates-as-required\" aria-required=\"true\" aria-invalid=\"false\"><\/textarea><\/span><\/p>\n<p><input type=\"submit\" value=\"Angebot einholen\" class=\"wpcf7-form-control has-spinner wpcf7-submit\" \/><\/p>\n<\/div>\n<p style=\"display: none !important;\"><label>&#916;<textarea name=\"_wpcf7_ak_hp_textarea\" cols=\"45\" rows=\"8\" maxlength=\"100\"><\/textarea><\/label><input type=\"hidden\" id=\"ak_js_1\" name=\"_wpcf7_ak_js\" value=\"206\"\/><script>document.getElementById( \"ak_js_1\" ).setAttribute( \"value\", ( new Date() ).getTime() );<\/script><\/p><input type='hidden' class='wpcf7-pum' value='{\"closepopup\":false,\"closedelay\":0,\"openpopup\":false,\"openpopup_id\":0}' \/><div class=\"wpcf7-response-output\" aria-hidden=\"true\"><\/div><input type=\"hidden\" name=\"trp-form-language\" value=\"de\"\/><\/form><\/div><\/div>\n<h3>Bitte z\u00f6gern Sie nicht, uns Ihre Anforderungen mitzuteilen. Wir werden Ihnen innerhalb von 12 Stunden antworten.<\/h3>\n<p><strong>E-Mail: <a href=\"mailto:info@huadongswacable.com\" rel=\"nofollow\">info@huadongswacable.com<\/a><\/strong><\/p>\n<div role=\"form\" class=\"wpcf7\" id=\"wpcf7-f6-o2\" lang=\"en-US\" dir=\"ltr\">\n<div class=\"screen-reader-response\"><p role=\"status\" aria-live=\"polite\" aria-atomic=\"true\"><\/p> <ul><\/ul><\/div>\n<form action=\"\/de\/wp-json\/wp\/v2\/pages\/790#wpcf7-f6-o2\" method=\"post\" class=\"wpcf7-form init\" novalidate=\"novalidate\" data-status=\"init\" data-trp-original-action=\"\/de\/wp-json\/wp\/v2\/pages\/790#wpcf7-f6-o2\">\n<div style=\"display: none;\">\n<input type=\"hidden\" name=\"_wpcf7\" value=\"6\" \/>\n<input type=\"hidden\" name=\"_wpcf7_version\" value=\"5.5.6\" \/>\n<input type=\"hidden\" name=\"_wpcf7_locale\" value=\"en_US\" \/>\n<input type=\"hidden\" name=\"_wpcf7_unit_tag\" value=\"wpcf7-f6-o2\" \/>\n<input type=\"hidden\" name=\"_wpcf7_container_post\" value=\"0\" \/>\n<input type=\"hidden\" name=\"_wpcf7_posted_data_hash\" value=\"\" \/>\n<\/div>\n<div class=\"messageform\">\n<p><strong><span style=\"color:red;\"><\/span> Ihr Name<\/strong><br \/>\n    <span class=\"wpcf7-form-control-wrap your-name\"><input type=\"text\" name=\"your-name\" value=\"\" size=\"40\" class=\"wpcf7-form-control wpcf7-text\" aria-invalid=\"false\" \/><\/span> <\/p>\n<p><strong><span style=\"color:red;\">*<\/span> Deine E-Mail<\/strong><br \/>\n    <span class=\"wpcf7-form-control-wrap your-email\"><input type=\"email\" name=\"your-email\" value=\"\" size=\"40\" class=\"wpcf7-form-control wpcf7-text wpcf7-email wpcf7-validates-as-required wpcf7-validates-as-email\" aria-required=\"true\" aria-invalid=\"false\" \/><\/span> <\/p>\n<p><strong>Ihre Telefonnummer<\/strong><br \/>\n    <span class=\"wpcf7-form-control-wrap your-phone\"><input type=\"text\" name=\"your-phone\" value=\"\" size=\"40\" class=\"wpcf7-form-control wpcf7-text\" aria-invalid=\"false\" placeholder=\"Geben Sie die Vorwahl ein\" \/><\/span> <\/p>\n<p><strong>Ihr Land<\/strong><br \/>\n    <span class=\"wpcf7-form-control-wrap your-country\"><input type=\"text\" name=\"your-country\" value=\"\" size=\"40\" class=\"wpcf7-form-control wpcf7-text\" aria-invalid=\"false\" \/><\/span> <\/p>\n<p><strong><span style=\"color:red;\">*<\/span> Ihr Bedarf<\/strong><br \/>\n    <span class=\"wpcf7-form-control-wrap your-requirement\"><textarea name=\"your-requirement\" cols=\"40\" rows=\"10\" class=\"wpcf7-form-control wpcf7-textarea wpcf7-validates-as-required bestonmessage\" aria-required=\"true\" aria-invalid=\"false\" placeholder=\"F\u00fcr ein detailliertes Angebot senden Sie uns bitte Ihre ausf\u00fchrlichen Anforderungen.\"><\/textarea><\/span> <\/p>\n<p><input type=\"submit\" value=\"Nachricht senden\" class=\"wpcf7-form-control has-spinner wpcf7-submit\" \/><\/p>\n<\/div>\n<p style=\"display: none !important;\"><label>&#916;<textarea name=\"_wpcf7_ak_hp_textarea\" cols=\"45\" rows=\"8\" maxlength=\"100\"><\/textarea><\/label><input type=\"hidden\" id=\"ak_js_2\" name=\"_wpcf7_ak_js\" value=\"161\"\/><script>document.getElementById( \"ak_js_2\" ).setAttribute( \"value\", ( new Date() ).getTime() );<\/script><\/p><input type='hidden' class='wpcf7-pum' value='{\"closepopup\":false,\"closedelay\":0,\"openpopup\":false,\"openpopup_id\":0}' \/><div class=\"wpcf7-response-output\" aria-hidden=\"true\"><\/div><input type=\"hidden\" name=\"trp-form-language\" value=\"de\"\/><\/form><\/div>","protected":false},"excerpt":{"rendered":"<p>Kaufen Sie PVC-ummanteltes MC-Kabel von Huadong PVC-ummanteltes MC-Kabel ist ein armiertes Kabel aus Aluminiumlegierung mit PVC-Mantel. Wenn Sie nur PVC ummanteltes MC-Kabel ben\u00f6tigen, w\u00e4hlen Sie Huadong Cable Group. Huadong Cable Group ist einer der f\u00fchrenden 12 Gauge 3 Leiter PVC MC Kabel Hersteller in China. Wir sind auf die Herstellung verschiedener ... <a class=\"read-more\" href=\"https:\/\/huadongswacable.com\/de\/pvc-beschichtetes-mc-kabel\/\">Weiterlesen ...<\/a><\/p>","protected":false},"author":1,"featured_media":0,"parent":0,"menu_order":0,"comment_status":"closed","ping_status":"closed","template":"","meta":{"footnotes":""},"class_list":["post-790","page","type-page","status-publish"],"yoast_head":"<!-- This site is optimized with the Yoast SEO plugin v18.4.1 - https:\/\/yoast.com\/wordpress\/plugins\/seo\/ -->\n<title>PVC Coated MC Cable Price | 8\/3 10\/2 10\/3 12\/2 12\/3 12\/4 MC Cable<\/title>\n<meta name=\"description\" content=\"We are PVC coated MC cable supplier, can provide best 8\/3 10\/2 10\/3 12\/2 12\/3 12\/4 PVC jacketed MC cable price for you. Contact us to know how much is 12 gauge 3 conductor PVC jacketed MC cable per meter.\" \/>\n<meta name=\"robots\" content=\"index, follow, max-snippet:-1, max-image-preview:large, max-video-preview:-1\" \/>\n<link rel=\"canonical\" href=\"http:\/\/huadongswacable.com\/de\/pvc-coated-mc-cable\/\" \/>\n<meta property=\"og:locale\" content=\"de_DE\" \/>\n<meta property=\"og:type\" content=\"article\" \/>\n<meta property=\"og:title\" content=\"PVC Coated MC Cable Price | 8\/3 10\/2 10\/3 12\/2 12\/3 12\/4 MC Cable\" \/>\n<meta property=\"og:description\" content=\"We are PVC coated MC cable supplier, can provide best 8\/3 10\/2 10\/3 12\/2 12\/3 12\/4 PVC jacketed MC cable price for you. Contact us to know how much is 12 gauge 3 conductor PVC jacketed MC cable per meter.\" \/>\n<meta property=\"og:url\" content=\"http:\/\/huadongswacable.com\/de\/pvc-coated-mc-cable\/\" \/>\n<meta property=\"og:site_name\" content=\"Huadong SWA Cable\" \/>\n<meta property=\"article:modified_time\" content=\"2022-12-19T07:30:12+00:00\" \/>\n<meta property=\"og:image\" content=\"https:\/\/huadongswacable.com\/wp-content\/uploads\/2018\/04\/pvc-jacketed-mc-cable-quotation.jpg\" \/>\n<meta name=\"twitter:card\" content=\"summary_large_image\" \/>\n<meta name=\"twitter:label1\" content=\"Gesch\u00e4tzte Lesezeit\" \/>\n\t<meta name=\"twitter:data1\" content=\"5\u00a0Minuten\" \/>\n<script type=\"application\/ld+json\" class=\"yoast-schema-graph\">{\"@context\":\"https:\/\/schema.org\",\"@graph\":[{\"@type\":\"WebSite\",\"@id\":\"http:\/\/huadongswacable.com\/ru\/#website\",\"url\":\"http:\/\/huadongswacable.com\/ru\/\",\"name\":\"Huadong SWA Cable\",\"description\":\"Huadong SWA Cable\",\"potentialAction\":[{\"@type\":\"SearchAction\",\"target\":{\"@type\":\"EntryPoint\",\"urlTemplate\":\"http:\/\/huadongswacable.com\/ru\/?s={search_term_string}\"},\"query-input\":\"required name=search_term_string\"}],\"inLanguage\":\"de\"},{\"@type\":\"ImageObject\",\"@id\":\"http:\/\/huadongswacable.com\/ru\/pvc-coated-mc-cable\/#primaryimage\",\"inLanguage\":\"de\",\"url\":\"https:\/\/huadongswacable.com\/wp-content\/uploads\/2018\/04\/pvc-jacketed-mc-cable-quotation.jpg\",\"contentUrl\":\"https:\/\/huadongswacable.com\/wp-content\/uploads\/2018\/04\/pvc-jacketed-mc-cable-quotation.jpg\",\"width\":180,\"height\":304,\"caption\":\"Huadong PVC Jacketed MC Cable\"},{\"@type\":\"WebPage\",\"@id\":\"http:\/\/huadongswacable.com\/ru\/pvc-coated-mc-cable\/#webpage\",\"url\":\"http:\/\/huadongswacable.com\/ru\/pvc-coated-mc-cable\/\",\"name\":\"PVC Coated MC Cable Price | 8\/3 10\/2 10\/3 12\/2 12\/3 12\/4 MC Cable\",\"isPartOf\":{\"@id\":\"http:\/\/huadongswacable.com\/ru\/#website\"},\"primaryImageOfPage\":{\"@id\":\"http:\/\/huadongswacable.com\/ru\/pvc-coated-mc-cable\/#primaryimage\"},\"datePublished\":\"2018-04-20T03:46:06+00:00\",\"dateModified\":\"2022-12-19T07:30:12+00:00\",\"description\":\"We are PVC coated MC cable supplier, can provide best 8\/3 10\/2 10\/3 12\/2 12\/3 12\/4 PVC jacketed MC cable price for you. Contact us to know how much is 12 gauge 3 conductor PVC jacketed MC cable per meter.\",\"breadcrumb\":{\"@id\":\"http:\/\/huadongswacable.com\/ru\/pvc-coated-mc-cable\/#breadcrumb\"},\"inLanguage\":\"de\",\"potentialAction\":[{\"@type\":\"ReadAction\",\"target\":[\"http:\/\/huadongswacable.com\/ru\/pvc-coated-mc-cable\/\"]}]},{\"@type\":\"BreadcrumbList\",\"@id\":\"http:\/\/huadongswacable.com\/ru\/pvc-coated-mc-cable\/#breadcrumb\",\"itemListElement\":[{\"@type\":\"ListItem\",\"position\":1,\"name\":\"Home\",\"item\":\"http:\/\/huadongswacable.com\/ru\/\"},{\"@type\":\"ListItem\",\"position\":2,\"name\":\"8\/3 10\/2 10\/3 12\/2 12\/3 12\/4 PVC Coated MC Cable Supplier\"}]}]}<\/script>\n<!-- \/ Yoast SEO plugin. -->","yoast_head_json":{"title":"PVC Coated MC Cable Price | 8\/3 10\/2 10\/3 12\/2 12\/3 12\/4 MC Cable","description":"We are PVC coated MC cable supplier, can provide best 8\/3 10\/2 10\/3 12\/2 12\/3 12\/4 PVC jacketed MC cable price for you. Contact us to know how much is 12 gauge 3 conductor PVC jacketed MC cable per meter.","robots":{"index":"index","follow":"follow","max-snippet":"max-snippet:-1","max-image-preview":"max-image-preview:large","max-video-preview":"max-video-preview:-1"},"canonical":"http:\/\/huadongswacable.com\/de\/pvc-coated-mc-cable\/","og_locale":"de_DE","og_type":"article","og_title":"PVC Coated MC Cable Price | 8\/3 10\/2 10\/3 12\/2 12\/3 12\/4 MC Cable","og_description":"We are PVC coated MC cable supplier, can provide best 8\/3 10\/2 10\/3 12\/2 12\/3 12\/4 PVC jacketed MC cable price for you. Contact us to know how much is 12 gauge 3 conductor PVC jacketed MC cable per meter.","og_url":"http:\/\/huadongswacable.com\/de\/pvc-coated-mc-cable\/","og_site_name":"Huadong SWA Cable","article_modified_time":"2022-12-19T07:30:12+00:00","og_image":[{"url":"https:\/\/huadongswacable.com\/wp-content\/uploads\/2018\/04\/pvc-jacketed-mc-cable-quotation.jpg"}],"twitter_card":"summary_large_image","twitter_misc":{"Gesch\u00e4tzte Lesezeit":"5\u00a0Minuten"},"schema":{"@context":"https:\/\/schema.org","@graph":[{"@type":"WebSite","@id":"http:\/\/huadongswacable.com\/ru\/#website","url":"http:\/\/huadongswacable.com\/ru\/","name":"Huadong SWA Cable","description":"Huadong SWA Cable","potentialAction":[{"@type":"SearchAction","target":{"@type":"EntryPoint","urlTemplate":"http:\/\/huadongswacable.com\/ru\/?s={search_term_string}"},"query-input":"required name=search_term_string"}],"inLanguage":"de"},{"@type":"ImageObject","@id":"http:\/\/huadongswacable.com\/ru\/pvc-coated-mc-cable\/#primaryimage","inLanguage":"de","url":"https:\/\/huadongswacable.com\/wp-content\/uploads\/2018\/04\/pvc-jacketed-mc-cable-quotation.jpg","contentUrl":"https:\/\/huadongswacable.com\/wp-content\/uploads\/2018\/04\/pvc-jacketed-mc-cable-quotation.jpg","width":180,"height":304,"caption":"Huadong PVC Jacketed MC Cable"},{"@type":"WebPage","@id":"http:\/\/huadongswacable.com\/ru\/pvc-coated-mc-cable\/#webpage","url":"http:\/\/huadongswacable.com\/ru\/pvc-coated-mc-cable\/","name":"PVC Coated MC Cable Price | 8\/3 10\/2 10\/3 12\/2 12\/3 12\/4 MC Cable","isPartOf":{"@id":"http:\/\/huadongswacable.com\/ru\/#website"},"primaryImageOfPage":{"@id":"http:\/\/huadongswacable.com\/ru\/pvc-coated-mc-cable\/#primaryimage"},"datePublished":"2018-04-20T03:46:06+00:00","dateModified":"2022-12-19T07:30:12+00:00","description":"We are PVC coated MC cable supplier, can provide best 8\/3 10\/2 10\/3 12\/2 12\/3 12\/4 PVC jacketed MC cable price for you. Contact us to know how much is 12 gauge 3 conductor PVC jacketed MC cable per meter.","breadcrumb":{"@id":"http:\/\/huadongswacable.com\/ru\/pvc-coated-mc-cable\/#breadcrumb"},"inLanguage":"de","potentialAction":[{"@type":"ReadAction","target":["http:\/\/huadongswacable.com\/ru\/pvc-coated-mc-cable\/"]}]},{"@type":"BreadcrumbList","@id":"http:\/\/huadongswacable.com\/ru\/pvc-coated-mc-cable\/#breadcrumb","itemListElement":[{"@type":"ListItem","position":1,"name":"Home","item":"http:\/\/huadongswacable.com\/ru\/"},{"@type":"ListItem","position":2,"name":"8\/3 10\/2 10\/3 12\/2 12\/3 12\/4 PVC Coated MC Cable Supplier"}]}]}},"_links":{"self":[{"href":"https:\/\/huadongswacable.com\/de\/wp-json\/wp\/v2\/pages\/790","targetHints":{"allow":["GET"]}}],"collection":[{"href":"https:\/\/huadongswacable.com\/de\/wp-json\/wp\/v2\/pages"}],"about":[{"href":"https:\/\/huadongswacable.com\/de\/wp-json\/wp\/v2\/types\/page"}],"author":[{"embeddable":true,"href":"https:\/\/huadongswacable.com\/de\/wp-json\/wp\/v2\/users\/1"}],"replies":[{"embeddable":true,"href":"https:\/\/huadongswacable.com\/de\/wp-json\/wp\/v2\/comments?post=790"}],"version-history":[{"count":33,"href":"https:\/\/huadongswacable.com\/de\/wp-json\/wp\/v2\/pages\/790\/revisions"}],"predecessor-version":[{"id":7776,"href":"https:\/\/huadongswacable.com\/de\/wp-json\/wp\/v2\/pages\/790\/revisions\/7776"}],"wp:attachment":[{"href":"https:\/\/huadongswacable.com\/de\/wp-json\/wp\/v2\/media?parent=790"}],"curies":[{"name":"wp","href":"https:\/\/api.w.org\/{rel}","templated":true}]}}