{"id":6830,"date":"2022-04-01T15:34:26","date_gmt":"2022-04-01T07:34:26","guid":{"rendered":"http:\/\/huadongswacable.com\/?page_id=6830"},"modified":"2022-12-21T15:31:45","modified_gmt":"2022-12-21T07:31:45","slug":"solar-cable-price","status":"publish","type":"page","link":"https:\/\/huadongswacable.com\/de\/solarkabel-preise\/","title":{"rendered":"Tipps zum Kauf des besten DC-Solarkabels zu einem vern\u00fcnftigen Preis"},"content":{"rendered":"<h3><img loading=\"lazy\" decoding=\"async\" class=\"aligncenter size-full wp-image-6504\" src=\"https:\/\/huadongswacable.com\/wp-content\/uploads\/2021\/11\/H1Z2Z2-K-PV-wire-solar-cable-price-in-Europe-.jpg\" alt=\"H1Z2Z2-K PV-Draht Solarkabel Preis in Europa\" width=\"896\" height=\"528\" srcset=\"https:\/\/huadongswacable.com\/wp-content\/uploads\/2021\/11\/H1Z2Z2-K-PV-wire-solar-cable-price-in-Europe-.jpg 896w, https:\/\/huadongswacable.com\/wp-content\/uploads\/2021\/11\/H1Z2Z2-K-PV-wire-solar-cable-price-in-Europe--300x177.jpg 300w, https:\/\/huadongswacable.com\/wp-content\/uploads\/2021\/11\/H1Z2Z2-K-PV-wire-solar-cable-price-in-Europe--768x453.jpg 768w\" sizes=\"auto, (max-width: 896px) 100vw, 896px\" \/><\/h3>\n<p>Auf dem Markt gibt es verschiedene Solarkabeltypen.  Und wenn Sie H1Z2Z2-K Solarkabel kaufen, werden Sie viele Anbieter finden. Diese Solarkabelhersteller kommen aus verschiedenen L\u00e4ndern. Au\u00dferdem sind ihre PV1-F Gleichstrom-Solarkabelpreise nicht gleich. Wenn Sie jedoch den besten 4 qmm DC-Solarkabelpreis erhalten m\u00f6chten, k\u00f6nnen die folgenden Tipps hilfreich sein.<\/p>\n<p style=\"text-align: center;\"><span class=\"su-lightbox\" data-mfp-src=\"#Popup\" data-mfp-type=\"inline\" data-mobile=\"yes\"><button class=\"btn btn-danger btn-sm\" ><i class=\"fa fa-hand-o-right\" style=\"color:#ffffff;\"><\/i> Angebot einholen<\/button><\/span>\n<h2>1. Solarkabel online suchen<\/h2>\n<p>Ein Solarkabel wird oft auch als PV-Kabel bezeichnet, was f\u00fcr Photovoltaik-Draht steht. Im Allgemeinen wird dieses Solarkabel verwendet, um zwei oder mehr Photovoltaikmodule in einem Solarenergiesystem zu verbinden. In der Tat ist die Nachfrage nach dieser Art von Solarmodulkabel gro\u00df. Dar\u00fcber hinaus gibt es alle Arten von PV-Solarkabeln zu kaufen. Wenn Sie also 4mm oder 6mm Solar Gleichstromkabel kaufen m\u00f6chten, k\u00f6nnen Sie zuerst online nach dem Kabel suchen. Und Sie k\u00f6nnen die Solarkabeltypen und -gr\u00f6\u00dfen finden, nach denen Sie suchen. Zum Beispiel, k\u00f6nnen Sie viele 10 awg Solarkabel Lieferanten aus der ganzen Welt finden. Das ist ganz normal. Denn es ist kann Ihnen helfen, Top pv Draht 10 awg Solarstromkabel mit besten Preis zu kaufen.<\/p>\n<div class=\"row prolisttable\">\n<div class=\"col-lg-12 col-md-12 col-xs-12 col-sm-12\">\n<table>\n<tbody>\n<tr>\n<td><img loading=\"lazy\" decoding=\"async\" class=\"aligncenter wp-image-6507\" src=\"https:\/\/huadongswacable.com\/wp-content\/uploads\/2021\/11\/find-reliable-6-sq-mm-dc-solar-cable-supplier-.jpg\" alt=\"finden Sie zuverl\u00e4ssige 6 sq mm DC Solarkabel Lieferanten\" width=\"430\" height=\"326\" srcset=\"https:\/\/huadongswacable.com\/wp-content\/uploads\/2021\/11\/find-reliable-6-sq-mm-dc-solar-cable-supplier-.jpg 500w, https:\/\/huadongswacable.com\/wp-content\/uploads\/2021\/11\/find-reliable-6-sq-mm-dc-solar-cable-supplier--300x227.jpg 300w\" sizes=\"auto, (max-width: 430px) 100vw, 430px\" \/><\/td>\n<td><strong>Spannung:<\/strong> 600\/1000V AC, 1000\/1800V DC<\/p>\n<p><strong>Dirigent:<\/strong> Verzinnte flexible Kupferlitze<\/p>\n<p><strong>Isolierung:<\/strong> XLPO(vernetztes Polyolefin)\/ XLPE(vernetztes Polyethylen\uff09<\/p>\n<p><strong>Mantel:<\/strong> XLPO (vernetztes Polyolefin)<\/p>\n<p><strong>Farbe:<\/strong> Schwarz oder Rot oder je nach Anforderung<\/p>\n<p><strong>Temperatur-Bewertung:<\/strong> -45\u2103 bis zu +125\u2103<\/p>\n<p><strong>Normen:<\/strong> IEC\/ASTM\/BS\/NFC\/CSA\/DE<\/td>\n<\/tr>\n<\/tbody>\n<\/table>\n<\/div>\n<\/div>\n<p style=\"text-align: center;\"><span class=\"su-lightbox\" data-mfp-src=\"#Popup\" data-mfp-type=\"inline\" data-mobile=\"yes\"><button class=\"btn btn-danger btn-sm\" ><i class=\"fa fa-hand-o-right\" style=\"color:#ffffff;\"><\/i> Angebot einholen<\/button><\/span>\n<h2>2. W\u00e4hlen Sie zuverl\u00e4ssige Lieferanten f\u00fcr Solar-PV-Kabel<\/h2>\n<p>Auch wenn es so viele 4mm2 Solar-PV-Kabel-Lieferanten gibt, die Sie online finden k\u00f6nnen, ist es nicht einfach, einen zufriedenstellenden Hersteller von Solarkabeln zu w\u00e4hlen. Einerseits bevorzugen einige Leute, die lokalen 4mm DC-Kabel Lieferanten zu betrachten. Denn die Lieferkosten von PV-Kabel ist billiger. Aber der Preis f\u00fcr das 4 mm dc Solarkabel pro Meter kann teuer sein. Dar\u00fcber hinaus k\u00f6nnen viele Hersteller von armierten Kabeln keine 10-AWG-Solarkabelgr\u00f6\u00dfen liefern. Das ist der Grund, warum mehr und mehr Menschen entscheiden, 10 sq mm dc Solarkabel von ausl\u00e4ndischen Solar-PV-Kabel produziert kaufen.<\/p>\n<div class=\"row prolisttable\">\n<div class=\"col-lg-12 col-md-12 col-xs-12 col-sm-12\">\n<table>\n<tbody>\n<tr>\n<td><img loading=\"lazy\" decoding=\"async\" class=\"aligncenter wp-image-6516\" src=\"https:\/\/huadongswacable.com\/wp-content\/uploads\/2021\/11\/affordable-pv-wire-10-awg-cost-in-Philippines.jpg\" alt=\"Erschwingliche PV-Draht 10 awg Kosten in Philippinen\" width=\"370\" height=\"370\" srcset=\"https:\/\/huadongswacable.com\/wp-content\/uploads\/2021\/11\/affordable-pv-wire-10-awg-cost-in-Philippines.jpg 450w, https:\/\/huadongswacable.com\/wp-content\/uploads\/2021\/11\/affordable-pv-wire-10-awg-cost-in-Philippines-300x300.jpg 300w, https:\/\/huadongswacable.com\/wp-content\/uploads\/2021\/11\/affordable-pv-wire-10-awg-cost-in-Philippines-150x150.jpg 150w\" sizes=\"auto, (max-width: 370px) 100vw, 370px\" \/><\/td>\n<td><strong>Dirigent :<\/strong> Litzen aus verzinntem Kupferdraht Siehe IEC 60228 Klasse 5<\/p>\n<p><strong>Gr\u00f6\u00dfe:<\/strong> 4mm, 6mm, 10mm, 16mm und so weiter<\/p>\n<p><strong>Isolierung:<\/strong> XLPO(vernetztes Polyolefin)\/ XLPE(vernetztes Polyethylen\uff09<\/p>\n<p><strong>Mantel:<\/strong> XLPO (vernetztes Polyolefin)<\/p>\n<p><strong>Temperatur-Bewertung:<\/strong> -45\u2103 bis zu +125\u2103<\/p>\n<p><strong>Merkmale:<\/strong> UV-Best\u00e4ndigkeit, halogenfrei, witterungsbest\u00e4ndig<\/p>\n<p><strong>Farbe:<\/strong> Schwarz oder Rot oder je nach Anforderung<\/td>\n<\/tr>\n<\/tbody>\n<\/table>\n<\/div>\n<\/div>\n<p>Einerseits kann der ausl\u00e4ndische Lieferant das 4mm Gleichstromkabel f\u00fcr Solarmodule liefern. Vielleicht k\u00f6nnen lokale Solarstromkabelhersteller nicht produzieren. Dar\u00fcber hinaus k\u00f6nnen Sie mehr wettbewerbsf\u00e4hige 6mm Solarkabel Preis von ausl\u00e4ndischen Solar-PV-Draht Lieferanten zu bekommen. Allerdings, wenn Sie ein Solarpanel Draht Hersteller zu finden, m\u00fcssen Sie seinen Ruf zu beachten. Huadong ist ein professioneller 10 awg Solarkabellieferant mit reicher Erfahrung. Zus\u00e4tzlich zu 6mm Solarkabel, haben wir auch billige Teck Kabel zum Verkauf. Au\u00dferdem besitzen wir unsere Solarkabelfabrik. So k\u00f6nnen wir hohe Qualit\u00e4t Solarkabel Draht f\u00fcr Ihr Projekt zu liefern. Bitte sagen Sie uns die PV-Kabelgr\u00f6\u00dfen, die Sie ben\u00f6tigen. Dann werden wir beste Angebot von Solarpanel Draht senden.<\/p>\n<p style=\"text-align: center;\"><span class=\"su-lightbox\" data-mfp-src=\"#Popup\" data-mfp-type=\"inline\" data-mobile=\"yes\"><button class=\"btn btn-danger btn-sm\" ><i class=\"fa fa-hand-o-right\" style=\"color:#ffffff;\"><\/i> Angebot einholen<\/button><\/span>\n<h2>3. Vergleichen Sie den Preis des 6 mm\u00b2 Gleichstrom-Solarkabels<\/h2>\n<p>Wenn Sie mehrere 6mm Solarkabel Lieferanten w\u00e4hlen, ist es auch notwendig, ihre 6mm Solar-PV-Kabel Preise zu vergleichen. In der Tat, von 10 awg Solarkabel Preislisten, k\u00f6nnen Sie den Preis finden, sind unterschiedlich. Zum Beispiel sind die 4 sq mm DC-Solarkabel Preis in Philippinen nicht das gleiche wie 4mm PV-Kabel Preis in S\u00fcdafrika. Also, bevor Sie Ihre Bestellung aufgeben, m\u00fcssen Sie vergleichen und versuchen, 10mm Solarkabel Draht mit besten Preis zu kaufen. Was ist mehr, die Lieferkosten von Solarpanel Draht ist ein weiterer Faktor, den wir ber\u00fccksichtigen sollten.<\/p>\n<p><img loading=\"lazy\" decoding=\"async\" class=\"aligncenter size-full wp-image-6522\" src=\"https:\/\/huadongswacable.com\/wp-content\/uploads\/2021\/11\/how-much-is-10mm2-twin-cores-solar-panel-cable-per-meter-.jpg\" alt=\"10mm2 2 Adern Solarmodulkabel\" width=\"600\" height=\"323\" srcset=\"https:\/\/huadongswacable.com\/wp-content\/uploads\/2021\/11\/how-much-is-10mm2-twin-cores-solar-panel-cable-per-meter-.jpg 600w, https:\/\/huadongswacable.com\/wp-content\/uploads\/2021\/11\/how-much-is-10mm2-twin-cores-solar-panel-cable-per-meter--300x162.jpg 300w\" sizes=\"auto, (max-width: 600px) 100vw, 600px\" \/><\/p>\n<p>Wir haben unsere billigen 6mm Gleichstromkabel in viele L\u00e4nder exportiert und eine freundliche Zusammenarbeit mit unseren Kunden aufgebaut. Daher k\u00f6nnen Sie uns kontaktieren und 4mm pv kabel Preis f\u00fcr Philippinen, Malaysia, Indonesien, Thailand, Vietnam, Singapur, Amerika, Mexiko, Brasilien, S\u00fcdafrika erhalten. Au\u00dferdem k\u00f6nnen wir Ihnen Rabatt 12 awg Photovoltaikkabel Preis geben, wenn die Menge gro\u00df ist. Also, wenn Sie wissen wollen, wie viel ist Solarpanel Draht Kosten pro Meter, kontaktieren Sie uns einfach.<\/p>\n<p style=\"text-align: center;\"><span class=\"su-lightbox\" data-mfp-src=\"#Popup\" data-mfp-type=\"inline\" data-mobile=\"yes\"><button class=\"btn btn-danger btn-sm\" ><i class=\"fa fa-hand-o-right\" style=\"color:#ffffff;\"><\/i> Angebot einholen<\/button><\/span>\n<h2>4. Achten Sie auf den Kundendienst von 4mm Solardraht<\/h2>\n<p>Wenn Sie sich f\u00fcr den Kauf eines 2-adrigen Solarkabels von einem Anbieter entscheiden, achten Sie bitte auf den Kundendienst. Zum Beispiel sollte die H1Z2Z2-K Solarmodul Kabelhersteller versprechen, 4 sq mm pv Kabel auf Zeit zu liefern. Auch wenn der 4mm dc Solarkabel Preis pro Meter wichtig ist, ist die Qualit\u00e4t der Dienstleistung auch notwendig. So k\u00f6nnen Sie die PV1-F dc Solarkabel Lieferanten kontaktieren, wenn der Draht <span class=\"VIiyi\" lang=\"en\"><span class=\"JLqJ4b ChMk0b\" data-language-for-alternatives=\"en\" data-language-to-translate-into=\"zh-CN\" data-phrase-index=\"0\" data-number-of-phrases=\"1\">hat keine Qualit\u00e4tsprobleme. Als Stromkabelhersteller haben wir mit vielen Unternehmen zusammengearbeitet. Wir glauben, dass Sie mit unserem H1Z2Z2-K Solarkabel Preis und Service zufrieden sein werden.\u00a0<\/span><\/span><\/p>\n<p><img loading=\"lazy\" decoding=\"async\" class=\"aligncenter size-full wp-image-6526\" src=\"https:\/\/huadongswacable.com\/wp-content\/uploads\/2021\/11\/price-for-6awg-12awg-solar-panel-wire.jpg\" alt=\"6awg 12awg Solarzellenkabel\" width=\"1601\" height=\"300\" srcset=\"https:\/\/huadongswacable.com\/wp-content\/uploads\/2021\/11\/price-for-6awg-12awg-solar-panel-wire.jpg 1601w, https:\/\/huadongswacable.com\/wp-content\/uploads\/2021\/11\/price-for-6awg-12awg-solar-panel-wire-300x56.jpg 300w, https:\/\/huadongswacable.com\/wp-content\/uploads\/2021\/11\/price-for-6awg-12awg-solar-panel-wire-1024x192.jpg 1024w, https:\/\/huadongswacable.com\/wp-content\/uploads\/2021\/11\/price-for-6awg-12awg-solar-panel-wire-768x144.jpg 768w, https:\/\/huadongswacable.com\/wp-content\/uploads\/2021\/11\/price-for-6awg-12awg-solar-panel-wire-1536x288.jpg 1536w\" sizes=\"auto, (max-width: 1601px) 100vw, 1601px\" \/><\/p>\n<div class=\"su-lightbox-content su-u-trim\" id=\"Popup\" style=\"display:none;width:auto;min-width:50%;max-width:60%;margin-top:40px;margin-bottom:40px;padding:40px;background:#e8e5e5;color:#060473;box-shadow:0px 0px 15px #333333;text-align:left\"><div role=\"form\" class=\"wpcf7\" id=\"wpcf7-f5571-o1\" lang=\"en-US\" dir=\"ltr\">\n<div class=\"screen-reader-response\"><p role=\"status\" aria-live=\"polite\" aria-atomic=\"true\"><\/p> <ul><\/ul><\/div>\n<form action=\"\/de\/wp-json\/wp\/v2\/pages\/6830#wpcf7-f5571-o1\" method=\"post\" class=\"wpcf7-form init\" novalidate=\"novalidate\" data-status=\"init\" data-trp-original-action=\"\/de\/wp-json\/wp\/v2\/pages\/6830#wpcf7-f5571-o1\">\n<div style=\"display: none;\">\n<input type=\"hidden\" name=\"_wpcf7\" value=\"5571\" \/>\n<input type=\"hidden\" name=\"_wpcf7_version\" value=\"5.5.6\" \/>\n<input type=\"hidden\" name=\"_wpcf7_locale\" value=\"en_US\" \/>\n<input type=\"hidden\" name=\"_wpcf7_unit_tag\" value=\"wpcf7-f5571-o1\" \/>\n<input type=\"hidden\" name=\"_wpcf7_container_post\" value=\"0\" \/>\n<input type=\"hidden\" name=\"_wpcf7_posted_data_hash\" value=\"\" \/>\n<\/div>\n<div class=\"popmakerform\">\n<p>Ihr Name <span style=\"color:red;\">*<span><br \/>\n<span class=\"wpcf7-form-control-wrap your-name\"><input type=\"text\" name=\"your-name\" value=\"\" size=\"40\" class=\"wpcf7-form-control wpcf7-text wpcf7-validates-as-required\" aria-required=\"true\" aria-invalid=\"false\" \/><\/span><\/p>\n<p>Deine E-Mail <span style=\"color:red;\">*<span><br \/>\n<span class=\"wpcf7-form-control-wrap your-email\"><input type=\"email\" name=\"your-email\" value=\"\" size=\"40\" class=\"wpcf7-form-control wpcf7-text wpcf7-email wpcf7-validates-as-required wpcf7-validates-as-email\" aria-required=\"true\" aria-invalid=\"false\" \/><\/span><\/p>\n<p>Ihre Telefonnummer<br \/>\n<span class=\"wpcf7-form-control-wrap your-phone\"><input type=\"text\" name=\"your-phone\" value=\"\" size=\"40\" class=\"wpcf7-form-control wpcf7-text\" aria-invalid=\"false\" \/><\/span><\/p>\n<p>Ihr Land<br \/>\n<span class=\"wpcf7-form-control-wrap your-country\"><input type=\"text\" name=\"your-country\" value=\"\" size=\"40\" class=\"wpcf7-form-control wpcf7-text\" aria-invalid=\"false\" \/><\/span><\/p>\n<p>Detaillierte Anforderung <span style=\"color:red;\">*<span><br \/>\n<span class=\"wpcf7-form-control-wrap your-requirement\"><textarea name=\"your-requirement\" cols=\"40\" rows=\"4\" class=\"wpcf7-form-control wpcf7-textarea wpcf7-validates-as-required\" aria-required=\"true\" aria-invalid=\"false\"><\/textarea><\/span><\/p>\n<p><input type=\"submit\" value=\"Angebot einholen\" class=\"wpcf7-form-control has-spinner wpcf7-submit\" \/><\/p>\n<\/div>\n<p style=\"display: none !important;\"><label>&#916;<textarea name=\"_wpcf7_ak_hp_textarea\" cols=\"45\" rows=\"8\" maxlength=\"100\"><\/textarea><\/label><input type=\"hidden\" id=\"ak_js_1\" name=\"_wpcf7_ak_js\" value=\"74\"\/><script>document.getElementById( \"ak_js_1\" ).setAttribute( \"value\", ( new Date() ).getTime() );<\/script><\/p><input type='hidden' class='wpcf7-pum' value='{\"closepopup\":false,\"closedelay\":0,\"openpopup\":false,\"openpopup_id\":0}' \/><div class=\"wpcf7-response-output\" aria-hidden=\"true\"><\/div><input type=\"hidden\" name=\"trp-form-language\" value=\"de\"\/><\/form><\/div><\/div>\n<h3>Bitte z\u00f6gern Sie nicht, uns Ihre Anforderungen mitzuteilen. Wir werden Ihnen innerhalb von 12 Stunden antworten.<\/h3>\n<p><strong>E-Mail: <a href=\"mailto:info@huadongswacable.com\" rel=\"nofollow\">info@huadongswacable.com<\/a><\/strong><\/p>\n<div role=\"form\" class=\"wpcf7\" id=\"wpcf7-f6-o2\" lang=\"en-US\" dir=\"ltr\">\n<div class=\"screen-reader-response\"><p role=\"status\" aria-live=\"polite\" aria-atomic=\"true\"><\/p> <ul><\/ul><\/div>\n<form action=\"\/de\/wp-json\/wp\/v2\/pages\/6830#wpcf7-f6-o2\" method=\"post\" class=\"wpcf7-form init\" novalidate=\"novalidate\" data-status=\"init\" data-trp-original-action=\"\/de\/wp-json\/wp\/v2\/pages\/6830#wpcf7-f6-o2\">\n<div style=\"display: none;\">\n<input type=\"hidden\" name=\"_wpcf7\" value=\"6\" \/>\n<input type=\"hidden\" name=\"_wpcf7_version\" value=\"5.5.6\" \/>\n<input type=\"hidden\" name=\"_wpcf7_locale\" value=\"en_US\" \/>\n<input type=\"hidden\" name=\"_wpcf7_unit_tag\" value=\"wpcf7-f6-o2\" \/>\n<input type=\"hidden\" name=\"_wpcf7_container_post\" value=\"0\" \/>\n<input type=\"hidden\" name=\"_wpcf7_posted_data_hash\" value=\"\" \/>\n<\/div>\n<div class=\"messageform\">\n<p><strong><span style=\"color:red;\"><\/span> Ihr Name<\/strong><br \/>\n    <span class=\"wpcf7-form-control-wrap your-name\"><input type=\"text\" name=\"your-name\" value=\"\" size=\"40\" class=\"wpcf7-form-control wpcf7-text\" aria-invalid=\"false\" \/><\/span> <\/p>\n<p><strong><span style=\"color:red;\">*<\/span> Deine E-Mail<\/strong><br \/>\n    <span class=\"wpcf7-form-control-wrap your-email\"><input type=\"email\" name=\"your-email\" value=\"\" size=\"40\" class=\"wpcf7-form-control wpcf7-text wpcf7-email wpcf7-validates-as-required wpcf7-validates-as-email\" aria-required=\"true\" aria-invalid=\"false\" \/><\/span> <\/p>\n<p><strong>Ihre Telefonnummer<\/strong><br \/>\n    <span class=\"wpcf7-form-control-wrap your-phone\"><input type=\"text\" name=\"your-phone\" value=\"\" size=\"40\" class=\"wpcf7-form-control wpcf7-text\" aria-invalid=\"false\" placeholder=\"Geben Sie die Vorwahl ein\" \/><\/span> <\/p>\n<p><strong>Ihr Land<\/strong><br \/>\n    <span class=\"wpcf7-form-control-wrap your-country\"><input type=\"text\" name=\"your-country\" value=\"\" size=\"40\" class=\"wpcf7-form-control wpcf7-text\" aria-invalid=\"false\" \/><\/span> <\/p>\n<p><strong><span style=\"color:red;\">*<\/span> Ihr Bedarf<\/strong><br \/>\n    <span class=\"wpcf7-form-control-wrap your-requirement\"><textarea name=\"your-requirement\" cols=\"40\" rows=\"10\" class=\"wpcf7-form-control wpcf7-textarea wpcf7-validates-as-required bestonmessage\" aria-required=\"true\" aria-invalid=\"false\" placeholder=\"F\u00fcr ein detailliertes Angebot senden Sie uns bitte Ihre ausf\u00fchrlichen Anforderungen.\"><\/textarea><\/span> <\/p>\n<p><input type=\"submit\" value=\"Nachricht senden\" class=\"wpcf7-form-control has-spinner wpcf7-submit\" \/><\/p>\n<\/div>\n<p style=\"display: none !important;\"><label>&#916;<textarea name=\"_wpcf7_ak_hp_textarea\" cols=\"45\" rows=\"8\" maxlength=\"100\"><\/textarea><\/label><input type=\"hidden\" id=\"ak_js_2\" name=\"_wpcf7_ak_js\" value=\"87\"\/><script>document.getElementById( \"ak_js_2\" ).setAttribute( \"value\", ( new Date() ).getTime() );<\/script><\/p><input type='hidden' class='wpcf7-pum' value='{\"closepopup\":false,\"closedelay\":0,\"openpopup\":false,\"openpopup_id\":0}' \/><div class=\"wpcf7-response-output\" aria-hidden=\"true\"><\/div><input type=\"hidden\" name=\"trp-form-language\" value=\"de\"\/><\/form><\/div>","protected":false},"excerpt":{"rendered":"<p>Auf dem Markt gibt es verschiedene Solarkabeltypen.  Und wenn Sie H1Z2Z2-K Solarkabel kaufen, werden Sie viele Anbieter finden. Diese Solarkabelhersteller kommen aus verschiedenen L\u00e4ndern. Au\u00dferdem sind ihre PV1-F Gleichstrom-Solarkabelpreise nicht gleich. Allerdings, wenn Sie am besten 4 sq mm dc Solarkabel bekommen wollen ... <a class=\"read-more\" href=\"https:\/\/huadongswacable.com\/de\/solarkabel-preise\/\">Weiterlesen ...<\/a><\/p>","protected":false},"author":1,"featured_media":0,"parent":0,"menu_order":0,"comment_status":"closed","ping_status":"closed","template":"","meta":{"footnotes":""},"class_list":["post-6830","page","type-page","status-publish"],"yoast_head":"<!-- This site is optimized with the Yoast SEO plugin v18.4.1 - https:\/\/yoast.com\/wordpress\/plugins\/seo\/ -->\n<title>solar cable | 4mm solar wire | 6 sq mm dc solar cable price<\/title>\n<meta name=\"description\" content=\"Being a professional solar cable manufacturer, we supply best 4 sq mm, 6sq mm, 10 sq mm dc solar cable price. Get 10 awg pv wire cost from us.\" \/>\n<meta name=\"robots\" content=\"index, follow, max-snippet:-1, max-image-preview:large, max-video-preview:-1\" \/>\n<link rel=\"canonical\" href=\"http:\/\/huadongswacable.com\/de\/solar-cable-price\/\" \/>\n<meta property=\"og:locale\" content=\"de_DE\" \/>\n<meta property=\"og:type\" content=\"article\" \/>\n<meta property=\"og:title\" content=\"solar cable | 4mm solar wire | 6 sq mm dc solar cable price\" \/>\n<meta property=\"og:description\" content=\"Being a professional solar cable manufacturer, we supply best 4 sq mm, 6sq mm, 10 sq mm dc solar cable price. Get 10 awg pv wire cost from us.\" \/>\n<meta property=\"og:url\" content=\"http:\/\/huadongswacable.com\/de\/solar-cable-price\/\" \/>\n<meta property=\"og:site_name\" content=\"Huadong SWA Cable\" \/>\n<meta property=\"article:modified_time\" content=\"2022-12-21T07:31:45+00:00\" \/>\n<meta property=\"og:image\" content=\"https:\/\/huadongswacable.com\/wp-content\/uploads\/2021\/11\/H1Z2Z2-K-PV-wire-solar-cable-price-in-Europe-.jpg\" \/>\n<meta name=\"twitter:card\" content=\"summary_large_image\" \/>\n<meta name=\"twitter:label1\" content=\"Gesch\u00e4tzte Lesezeit\" \/>\n\t<meta name=\"twitter:data1\" content=\"5\u00a0Minuten\" \/>\n<script type=\"application\/ld+json\" class=\"yoast-schema-graph\">{\"@context\":\"https:\/\/schema.org\",\"@graph\":[{\"@type\":\"WebSite\",\"@id\":\"http:\/\/huadongswacable.com\/ru\/#website\",\"url\":\"http:\/\/huadongswacable.com\/ru\/\",\"name\":\"Huadong SWA Cable\",\"description\":\"Huadong SWA Cable\",\"potentialAction\":[{\"@type\":\"SearchAction\",\"target\":{\"@type\":\"EntryPoint\",\"urlTemplate\":\"http:\/\/huadongswacable.com\/ru\/?s={search_term_string}\"},\"query-input\":\"required name=search_term_string\"}],\"inLanguage\":\"de\"},{\"@type\":\"ImageObject\",\"@id\":\"http:\/\/huadongswacable.com\/ru\/solar-cable-price\/#primaryimage\",\"inLanguage\":\"de\",\"url\":\"https:\/\/huadongswacable.com\/wp-content\/uploads\/2021\/11\/H1Z2Z2-K-PV-wire-solar-cable-price-in-Europe-.jpg\",\"contentUrl\":\"https:\/\/huadongswacable.com\/wp-content\/uploads\/2021\/11\/H1Z2Z2-K-PV-wire-solar-cable-price-in-Europe-.jpg\",\"width\":896,\"height\":528,\"caption\":\"H1Z2Z2-K PV wire solar cable price in Europe\"},{\"@type\":\"WebPage\",\"@id\":\"http:\/\/huadongswacable.com\/ru\/solar-cable-price\/#webpage\",\"url\":\"http:\/\/huadongswacable.com\/ru\/solar-cable-price\/\",\"name\":\"solar cable | 4mm solar wire | 6 sq mm dc solar cable price\",\"isPartOf\":{\"@id\":\"http:\/\/huadongswacable.com\/ru\/#website\"},\"primaryImageOfPage\":{\"@id\":\"http:\/\/huadongswacable.com\/ru\/solar-cable-price\/#primaryimage\"},\"datePublished\":\"2022-04-01T07:34:26+00:00\",\"dateModified\":\"2022-12-21T07:31:45+00:00\",\"description\":\"Being a professional solar cable manufacturer, we supply best 4 sq mm, 6sq mm, 10 sq mm dc solar cable price. Get 10 awg pv wire cost from us.\",\"breadcrumb\":{\"@id\":\"http:\/\/huadongswacable.com\/ru\/solar-cable-price\/#breadcrumb\"},\"inLanguage\":\"de\",\"potentialAction\":[{\"@type\":\"ReadAction\",\"target\":[\"http:\/\/huadongswacable.com\/ru\/solar-cable-price\/\"]}]},{\"@type\":\"BreadcrumbList\",\"@id\":\"http:\/\/huadongswacable.com\/ru\/solar-cable-price\/#breadcrumb\",\"itemListElement\":[{\"@type\":\"ListItem\",\"position\":1,\"name\":\"Home\",\"item\":\"http:\/\/huadongswacable.com\/ru\/\"},{\"@type\":\"ListItem\",\"position\":2,\"name\":\"Tips About Purchasing Best DC Solar Cable With Reasonable Price\"}]}]}<\/script>\n<!-- \/ Yoast SEO plugin. -->","yoast_head_json":{"title":"solar cable | 4mm solar wire | 6 sq mm dc solar cable price","description":"Being a professional solar cable manufacturer, we supply best 4 sq mm, 6sq mm, 10 sq mm dc solar cable price. Get 10 awg pv wire cost from us.","robots":{"index":"index","follow":"follow","max-snippet":"max-snippet:-1","max-image-preview":"max-image-preview:large","max-video-preview":"max-video-preview:-1"},"canonical":"http:\/\/huadongswacable.com\/de\/solar-cable-price\/","og_locale":"de_DE","og_type":"article","og_title":"solar cable | 4mm solar wire | 6 sq mm dc solar cable price","og_description":"Being a professional solar cable manufacturer, we supply best 4 sq mm, 6sq mm, 10 sq mm dc solar cable price. Get 10 awg pv wire cost from us.","og_url":"http:\/\/huadongswacable.com\/de\/solar-cable-price\/","og_site_name":"Huadong SWA Cable","article_modified_time":"2022-12-21T07:31:45+00:00","og_image":[{"url":"https:\/\/huadongswacable.com\/wp-content\/uploads\/2021\/11\/H1Z2Z2-K-PV-wire-solar-cable-price-in-Europe-.jpg"}],"twitter_card":"summary_large_image","twitter_misc":{"Gesch\u00e4tzte Lesezeit":"5\u00a0Minuten"},"schema":{"@context":"https:\/\/schema.org","@graph":[{"@type":"WebSite","@id":"http:\/\/huadongswacable.com\/ru\/#website","url":"http:\/\/huadongswacable.com\/ru\/","name":"Huadong SWA Cable","description":"Huadong SWA Cable","potentialAction":[{"@type":"SearchAction","target":{"@type":"EntryPoint","urlTemplate":"http:\/\/huadongswacable.com\/ru\/?s={search_term_string}"},"query-input":"required name=search_term_string"}],"inLanguage":"de"},{"@type":"ImageObject","@id":"http:\/\/huadongswacable.com\/ru\/solar-cable-price\/#primaryimage","inLanguage":"de","url":"https:\/\/huadongswacable.com\/wp-content\/uploads\/2021\/11\/H1Z2Z2-K-PV-wire-solar-cable-price-in-Europe-.jpg","contentUrl":"https:\/\/huadongswacable.com\/wp-content\/uploads\/2021\/11\/H1Z2Z2-K-PV-wire-solar-cable-price-in-Europe-.jpg","width":896,"height":528,"caption":"H1Z2Z2-K PV wire solar cable price in Europe"},{"@type":"WebPage","@id":"http:\/\/huadongswacable.com\/ru\/solar-cable-price\/#webpage","url":"http:\/\/huadongswacable.com\/ru\/solar-cable-price\/","name":"solar cable | 4mm solar wire | 6 sq mm dc solar cable price","isPartOf":{"@id":"http:\/\/huadongswacable.com\/ru\/#website"},"primaryImageOfPage":{"@id":"http:\/\/huadongswacable.com\/ru\/solar-cable-price\/#primaryimage"},"datePublished":"2022-04-01T07:34:26+00:00","dateModified":"2022-12-21T07:31:45+00:00","description":"Being a professional solar cable manufacturer, we supply best 4 sq mm, 6sq mm, 10 sq mm dc solar cable price. Get 10 awg pv wire cost from us.","breadcrumb":{"@id":"http:\/\/huadongswacable.com\/ru\/solar-cable-price\/#breadcrumb"},"inLanguage":"de","potentialAction":[{"@type":"ReadAction","target":["http:\/\/huadongswacable.com\/ru\/solar-cable-price\/"]}]},{"@type":"BreadcrumbList","@id":"http:\/\/huadongswacable.com\/ru\/solar-cable-price\/#breadcrumb","itemListElement":[{"@type":"ListItem","position":1,"name":"Home","item":"http:\/\/huadongswacable.com\/ru\/"},{"@type":"ListItem","position":2,"name":"Tips About Purchasing Best DC Solar Cable With Reasonable Price"}]}]}},"_links":{"self":[{"href":"https:\/\/huadongswacable.com\/de\/wp-json\/wp\/v2\/pages\/6830","targetHints":{"allow":["GET"]}}],"collection":[{"href":"https:\/\/huadongswacable.com\/de\/wp-json\/wp\/v2\/pages"}],"about":[{"href":"https:\/\/huadongswacable.com\/de\/wp-json\/wp\/v2\/types\/page"}],"author":[{"embeddable":true,"href":"https:\/\/huadongswacable.com\/de\/wp-json\/wp\/v2\/users\/1"}],"replies":[{"embeddable":true,"href":"https:\/\/huadongswacable.com\/de\/wp-json\/wp\/v2\/comments?post=6830"}],"version-history":[{"count":7,"href":"https:\/\/huadongswacable.com\/de\/wp-json\/wp\/v2\/pages\/6830\/revisions"}],"predecessor-version":[{"id":7816,"href":"https:\/\/huadongswacable.com\/de\/wp-json\/wp\/v2\/pages\/6830\/revisions\/7816"}],"wp:attachment":[{"href":"https:\/\/huadongswacable.com\/de\/wp-json\/wp\/v2\/media?parent=6830"}],"curies":[{"name":"wp","href":"https:\/\/api.w.org\/{rel}","templated":true}]}}