{"id":6386,"date":"2021-09-27T14:23:48","date_gmt":"2021-09-27T06:23:48","guid":{"rendered":"http:\/\/huadongswacable.com\/?page_id=6386"},"modified":"2022-12-19T14:10:50","modified_gmt":"2022-12-19T06:10:50","slug":"240-sq-mm-4-core-armoured-cable-price","status":"publish","type":"page","link":"https:\/\/huadongswacable.com\/de\/240-sq-mm-4-core-armoured-cable-price\/","title":{"rendered":"240 SQ MM 4 Core Armoured Cable Preis pro Meter"},"content":{"rendered":"<h2>Wie kaufe ich 0,6\/1kv cu\/xlpe\/pvc 4 core 240 mm2 armoured cable?<\/h2>\n<p>Im Allgemeinen ist die Anwendung des 4-adrigen 240-mm-Xlpe-Panzerkabels 0,6\/1kv sehr breit. Daher ist die Nachfrage nach 4 Core 240 mm bewehrten Kabel sehr gro\u00df. Allerdings, wenn Sie am besten 240 sq mm 4 Kern gepanzertes Kabel Preis erhalten m\u00f6chten, m\u00fcssen Sie einen finden <a href=\"https:\/\/huadongswacable.com\/de\/qualitat-billig-panzerkabel-verkauf\/\" target=\"_blank\" rel=\"noopener noreferrer\">Professioneller Hersteller von gepanzerten Stromkabeln<\/a>. Auch Sie k\u00f6nnen viele 240 mm Stromkabel zum Verkauf auf dem Markt zu finden. Es ist nicht einfach, eine zuverl\u00e4ssige 240mm 4 Kern Kabel Lieferanten zu w\u00e4hlen. Aber wenn Sie eine professionelle 240mm xlpe Kabel Hersteller finden k\u00f6nnen, k\u00f6nnen Sie die besten 240mm 4 Kern armierte Kabel Preis zu bekommen. Wenn Sie ein Angebot f\u00fcr 4c x 240 qmm Panzerkabel erhalten m\u00f6chten, hinterlassen Sie einfach Ihre Nachricht.<\/p>\n<div class=\"row prolisttable\">\n<div class=\"col-lg-12 col-md-12 col-xs-12 col-sm-12\">\n<table>\n<tbody>\n<tr>\n<td><img loading=\"lazy\" decoding=\"async\" class=\"aligncenter wp-image-6389\" src=\"https:\/\/huadongswacable.com\/wp-content\/uploads\/2021\/09\/get-best-4-core-240-sq-mm-cu-xlpe-pvc-swa-armoured-cable-price.jpg\" alt=\"bestes 4-adriges 240-qmm-ku-xlpe-pvc-swa-armiertes kabel preis erhalten\" width=\"490\" height=\"367\" srcset=\"https:\/\/huadongswacable.com\/wp-content\/uploads\/2021\/09\/get-best-4-core-240-sq-mm-cu-xlpe-pvc-swa-armoured-cable-price.jpg 350w, https:\/\/huadongswacable.com\/wp-content\/uploads\/2021\/09\/get-best-4-core-240-sq-mm-cu-xlpe-pvc-swa-armoured-cable-price-300x225.jpg 300w\" sizes=\"auto, (max-width: 490px) 100vw, 490px\" \/><\/td>\n<td><strong>Nennspannung:<\/strong> 0,6\/1KV<\/p>\n<p><strong>Dirigent:<\/strong> Kupfer oder Aluminium<\/p>\n<p><strong>Innerer Halbleiter:<\/strong> Halbleitende Verbindung<\/p>\n<p><strong>Isolierung:<\/strong> XLPE \/ PVC<\/p>\n<p><strong>Gepanzert:<\/strong> Verzinkter Stahldraht (SWA) oder verzinktes Stahlband (STA)<\/p>\n<p><strong>Mantel:<\/strong> PVC (Polyvinylchlorid)\/PE (Polyethylen)<\/p>\n<p><strong>Verpackung:<\/strong> Eisen oder Holztrommel oder entsprechend Ihrer Anforderung<\/td>\n<\/tr>\n<\/tbody>\n<\/table>\n<\/div>\n<\/div>\n<p style=\"text-align: center;\"><span class=\"su-lightbox\" data-mfp-src=\"#Popup\" data-mfp-type=\"inline\" data-mobile=\"yes\"><button class=\"btn btn-danger btn-sm\" ><i class=\"fa fa-hand-o-right\" style=\"color:#ffffff;\"><\/i> Angebot einholen<\/button><\/span>\n<h2>Finden Sie einen professionellen Hersteller von 240 qmm 4C Panzerkabel<\/h2>\n<p>Wenn Sie online nach 0,6\/1kv 4-adrigem 240-qmm-Panzerkabel suchen, finden Sie eine Vielzahl von <a href=\"https:\/\/huadongswacable.com\/de\/240mm-xlpe-kabel-preis\/\" target=\"_blank\" rel=\"noopener noreferrer\">240 qmm Kabel zu verkaufen<\/a>. Allerdings sollten Sie ihre 240mm 4 Kern armierte Kabel Preis und Qualit\u00e4t zu vergleichen. Auf der einen Seite k\u00f6nnen Sie versuchen, aus dem Ausland 4 Kern 240 sq mm Kabel Lieferanten kaufen. Auch wenn die Versandkosten von 4 Core 240mm2 Kabel h\u00f6her sein wird, ist der Gesamtpreis von 0,6\/1kv 4C x 240 sq mm bewehrtes Kabel niedriger. In der Tat gibt es viele professionelle 3C und 4C 240sq mm xlpe pvc swa armierte Kabelhersteller in China. Huadong ist ein ausgezeichneter Lieferant von xlpe und pvc swa gepanzerten Kabeln. Wir produzieren 4 Kern 240 mm2 xlpe bewehrtes Kabel f\u00fcr die Kunden aus der ganzen Welt.<\/p>\n<div class=\"row prolisttable\">\n<div class=\"col-lg-12 col-md-12 col-xs-12 col-sm-12\">\n<table>\n<tbody>\n<tr>\n<td><img loading=\"lazy\" decoding=\"async\" class=\"aligncenter wp-image-6390\" src=\"https:\/\/huadongswacable.com\/wp-content\/uploads\/2021\/09\/how-mcuh-is-4C-x-240mm2-cu-xlpe-swa-pvc-armoured-cable-price-per-meter.jpg\" alt=\"wieviel ist 4C x 240mm2 cu xlpe swa pvc armiertes kabel preis pro meter\" width=\"334\" height=\"334\" srcset=\"https:\/\/huadongswacable.com\/wp-content\/uploads\/2021\/09\/how-mcuh-is-4C-x-240mm2-cu-xlpe-swa-pvc-armoured-cable-price-per-meter.jpg 300w, https:\/\/huadongswacable.com\/wp-content\/uploads\/2021\/09\/how-mcuh-is-4C-x-240mm2-cu-xlpe-swa-pvc-armoured-cable-price-per-meter-150x150.jpg 150w\" sizes=\"auto, (max-width: 334px) 100vw, 334px\" \/><\/td>\n<td><strong>Dirigenten:<\/strong> Kupfer\/Aluminium<\/p>\n<p><strong>Anzahl der Kerne:<\/strong> 4 Kern<\/p>\n<p><strong>Querschnittsfl\u00e4che:<\/strong> 240 mm\u00b2<\/p>\n<p><strong>Isolierung:<\/strong> XLPE (vernetztes Polyethylen)\/PVC(Polyvinylchlorid)<\/p>\n<p><strong>Gepanzert:<\/strong> SWA (verzinkter Stahldraht) oder STA (verzinktes Stahlband)<\/p>\n<p><strong>Mantel\/Jacke:<\/strong>\u00a0 PVC (Polyvinylchlorid)\/PE (Polyethylen)<\/td>\n<\/tr>\n<\/tbody>\n<\/table>\n<\/div>\n<\/div>\n<p>Was mehr ist, wenn Sie brauchen, k\u00f6nnen wir die 240mm 4 Ader armierte Kabel Preis f\u00fcr Proben zu senden. So k\u00f6nnen Sie sich vergewissern, dass unsere 4 Core * 240 sq mm Kabel Qualit\u00e4t kann Ihre Anforderung erf\u00fcllen. Zus\u00e4tzlich zu 4 Kern 240mm xlpe swa pvc bewehrtes Kabel, haben wir andere Gr\u00f6\u00dfen. Zum Beispiel haben wir 16mm, 25mm, 50mm, 95mm, 185mm, 240mm, 300mm Kabel und andere gepanzerte Kabel Gr\u00f6\u00dfe zum Verkauf. Deshalb, wenn Sie in unserem cu xlpe swa 240 sq mm 4 Ader Panzerkabel Preis interessiert sind, kontaktieren Sie uns einfach. Au\u00dferdem k\u00f6nnen Sie unsere 4 Kern 240mm xlpe bewehrtes Kabel Fabrik besuchen, wenn es f\u00fcr Sie bequem ist. So k\u00f6nnen Sie unsere 240 sq mm x 4 Kern xlpe Panzerkabel Qualit\u00e4t glauben.<\/p>\n<p style=\"text-align: center;\"><span class=\"su-lightbox\" data-mfp-src=\"#Popup\" data-mfp-type=\"inline\" data-mobile=\"yes\"><button class=\"btn btn-danger btn-sm\" ><i class=\"fa fa-hand-o-right\" style=\"color:#ffffff;\"><\/i> Angebot einholen<\/button><\/span>\n<h2>Vergleichen Sie die Preise f\u00fcr 240mm 4-adriges Panzerkabel<\/h2>\n<p>Denn es gibt eine Menge von 4 Kern 240 sq mm xlpe swa armierte Kabel Lieferanten in der Welt. Dann k\u00f6nnen Sie verschiedene 240 sq mm 4 Kern gepanzertes Kabel Preise von ihnen erhalten. Erstens, die Materialkosten beeinflussen die 4C*240mm xlpe Kabelpreis. Zum Beispiel, die Kupfer-oder Aluminium-Material-Preis wird in den verschiedenen Angebot von <a href=\"https:\/\/huadongswacable.com\/de\/3c-x-240mm-xlpe-swa-pvc-cable\/\" target=\"_blank\" rel=\"noopener noreferrer\">3 Adern 240 qmm xlpe pvc swa armiertes Kabel<\/a>. Au\u00dferdem beeinflussen die menschlichen Kosten auch die 240mm x 4 Kern xlpe swa pvc Kabelpreis. So k\u00f6nnen Sie bekommen, dass 4 Kern 240mm2 Kabel Hersteller aus China haben gro\u00dfe wettbewerbsf\u00e4hig sein wird. Was mehr ist, wenn Sie kaufen 4 Kern 240mm2 Kupfer xlpe gepanzertes Kabel aus dem direkten Stromkabel Hersteller, k\u00f6nnen Sie Rabatt 240sq mm 4 Kern cu xlpe swa pvc Kabel Preis zu bekommen.<\/p>\n<div class=\"row prolisttable\">\n<div class=\"col-lg-12 col-md-12 col-xs-12 col-sm-12\">\n<table>\n<tbody>\n<tr>\n<td><img loading=\"lazy\" decoding=\"async\" class=\"aligncenter size-full wp-image-6396\" src=\"https:\/\/huadongswacable.com\/wp-content\/uploads\/2021\/09\/purchase-low-price-1C-x-240mm-cu-11kv-xlpe-cable-from-supplier-1.jpg\" alt=\"1C x 240mm cu 11kv xlpe Kabel vom Lieferanten g\u00fcnstig kaufen\" width=\"300\" height=\"300\" srcset=\"https:\/\/huadongswacable.com\/wp-content\/uploads\/2021\/09\/purchase-low-price-1C-x-240mm-cu-11kv-xlpe-cable-from-supplier-1.jpg 300w, https:\/\/huadongswacable.com\/wp-content\/uploads\/2021\/09\/purchase-low-price-1C-x-240mm-cu-11kv-xlpe-cable-from-supplier-1-150x150.jpg 150w\" sizes=\"auto, (max-width: 300px) 100vw, 300px\" \/><\/td>\n<td><a href=\"https:\/\/huadongswacable.com\/de\/240mm-einzelader-kabel\/\" target=\"_blank\" rel=\"noopener noreferrer\"><b>1C * 240 sq mm cu xlpe awa pvc armiertes Kabel<\/b><\/a><\/p>\n<p><strong>Spannung:<\/strong> 0,6\/1kv\uff0c6,6kv, 11kv, 15kv, 12\/20kv \uff0c25\/35kv\uff0c33kv<\/p>\n<p><strong>Material des Leiters:<\/strong> Kupfer oder Aluminium<\/p>\n<p><strong>Innerer Halbleiter:<\/strong> Halbleitende Verbindung<\/p>\n<p><strong>Typ der R\u00fcstung:<\/strong> AWA(Aluminium-Drahtpanzer)\/ATA(Aluminium-Bandpanzer)<\/p>\n<p><strong>Isolierung:<\/strong> XLPE \/PVC<\/p>\n<p><strong>Innere und \u00e4u\u00dfere Umh\u00fcllung:<\/strong> PVC<\/p>\n<p><strong>Maximale Betriebstemperatur:<\/strong>\u00a090\u00b0C<\/td>\n<\/tr>\n<\/tbody>\n<\/table>\n<\/div>\n<\/div>\n<p style=\"text-align: center;\"><span class=\"su-lightbox\" data-mfp-src=\"#Popup\" data-mfp-type=\"inline\" data-mobile=\"yes\"><button class=\"btn btn-danger btn-sm\" ><i class=\"fa fa-hand-o-right\" style=\"color:#ffffff;\"><\/i> Angebot einholen<\/button><\/span>\n<p>Diese 4 Core 240mm xlpe Kabel Lieferanten k\u00f6nnen das Kabel an Sie L\u00e4nder liefern. Au\u00dferdem, je mehr 4Cx 240 sq mm gepanzertes Kabel Sie bestellen, der 240mm 4 Kern gepanzertes Kabel Preis wird billiger sein. Allerdings wird das Kabel 240mm2 4 Kern xlpe armierte Kabel Preis in S\u00fcdafrika, Nigeria, Philippinen, Malaysia, Indonesien, Brasilien unterschiedlich sein. So ist es sehr notwendig, die Kabel 240sq mm 4 Kern Kabel Kenia Preise mit 4C * 240mm2 Panzerkabel Preis in vergleichen <span class=\"VIiyi\" lang=\"en\"><span class=\"JLqJ4b ChMk0b\" data-language-for-alternatives=\"en\" data-language-to-translate-into=\"zh-CN\" data-phrase-index=\"0\">Somalia<\/span><\/span>.  Damit Sie ein g\u00fcnstiges Angebot f\u00fcr ein 4-adriges* 240-mm2-Kabel erhalten k\u00f6nnen.<\/p>\n<p><img loading=\"lazy\" decoding=\"async\" class=\"aligncenter size-full wp-image-6392\" src=\"https:\/\/huadongswacable.com\/wp-content\/uploads\/2021\/09\/purchase-4C-x-240-sq-mm-xlpe-pvc-mv-armoured-cable-from-manufacturer.jpg\" alt=\"kaufen 4C x 240sq mm cu xlpe pvc mv armiertes kabel vom hersteller\" width=\"800\" height=\"414\" srcset=\"https:\/\/huadongswacable.com\/wp-content\/uploads\/2021\/09\/purchase-4C-x-240-sq-mm-xlpe-pvc-mv-armoured-cable-from-manufacturer.jpg 800w, https:\/\/huadongswacable.com\/wp-content\/uploads\/2021\/09\/purchase-4C-x-240-sq-mm-xlpe-pvc-mv-armoured-cable-from-manufacturer-300x155.jpg 300w, https:\/\/huadongswacable.com\/wp-content\/uploads\/2021\/09\/purchase-4C-x-240-sq-mm-xlpe-pvc-mv-armoured-cable-from-manufacturer-768x397.jpg 768w\" sizes=\"auto, (max-width: 800px) 100vw, 800px\" \/><\/p>\n<div role=\"form\" class=\"wpcf7\" id=\"wpcf7-f6-o1\" lang=\"en-US\" dir=\"ltr\">\n<div class=\"screen-reader-response\"><p role=\"status\" aria-live=\"polite\" aria-atomic=\"true\"><\/p> <ul><\/ul><\/div>\n<form action=\"\/de\/wp-json\/wp\/v2\/pages\/6386#wpcf7-f6-o1\" method=\"post\" class=\"wpcf7-form init\" novalidate=\"novalidate\" data-status=\"init\" data-trp-original-action=\"\/de\/wp-json\/wp\/v2\/pages\/6386#wpcf7-f6-o1\">\n<div style=\"display: none;\">\n<input type=\"hidden\" name=\"_wpcf7\" value=\"6\" \/>\n<input type=\"hidden\" name=\"_wpcf7_version\" value=\"5.5.6\" \/>\n<input type=\"hidden\" name=\"_wpcf7_locale\" value=\"en_US\" \/>\n<input type=\"hidden\" name=\"_wpcf7_unit_tag\" value=\"wpcf7-f6-o1\" \/>\n<input type=\"hidden\" name=\"_wpcf7_container_post\" value=\"0\" \/>\n<input type=\"hidden\" name=\"_wpcf7_posted_data_hash\" value=\"\" \/>\n<\/div>\n<div class=\"messageform\">\n<p><strong><span style=\"color:red;\"><\/span> Ihr Name<\/strong><br \/>\n    <span class=\"wpcf7-form-control-wrap your-name\"><input type=\"text\" name=\"your-name\" value=\"\" size=\"40\" class=\"wpcf7-form-control wpcf7-text\" aria-invalid=\"false\" \/><\/span> <\/p>\n<p><strong><span style=\"color:red;\">*<\/span> Deine E-Mail<\/strong><br \/>\n    <span class=\"wpcf7-form-control-wrap your-email\"><input type=\"email\" name=\"your-email\" value=\"\" size=\"40\" class=\"wpcf7-form-control wpcf7-text wpcf7-email wpcf7-validates-as-required wpcf7-validates-as-email\" aria-required=\"true\" aria-invalid=\"false\" \/><\/span> <\/p>\n<p><strong>Ihre Telefonnummer<\/strong><br \/>\n    <span class=\"wpcf7-form-control-wrap your-phone\"><input type=\"text\" name=\"your-phone\" value=\"\" size=\"40\" class=\"wpcf7-form-control wpcf7-text\" aria-invalid=\"false\" placeholder=\"Geben Sie die Vorwahl ein\" \/><\/span> <\/p>\n<p><strong>Ihr Land<\/strong><br \/>\n    <span class=\"wpcf7-form-control-wrap your-country\"><input type=\"text\" name=\"your-country\" value=\"\" size=\"40\" class=\"wpcf7-form-control wpcf7-text\" aria-invalid=\"false\" \/><\/span> <\/p>\n<p><strong><span style=\"color:red;\">*<\/span> Ihr Bedarf<\/strong><br \/>\n    <span class=\"wpcf7-form-control-wrap your-requirement\"><textarea name=\"your-requirement\" cols=\"40\" rows=\"10\" class=\"wpcf7-form-control wpcf7-textarea wpcf7-validates-as-required bestonmessage\" aria-required=\"true\" aria-invalid=\"false\" placeholder=\"F\u00fcr ein detailliertes Angebot senden Sie uns bitte Ihre ausf\u00fchrlichen Anforderungen.\"><\/textarea><\/span> <\/p>\n<p><input type=\"submit\" value=\"Nachricht senden\" class=\"wpcf7-form-control has-spinner wpcf7-submit\" \/><\/p>\n<\/div>\n<p style=\"display: none !important;\"><label>&#916;<textarea name=\"_wpcf7_ak_hp_textarea\" cols=\"45\" rows=\"8\" maxlength=\"100\"><\/textarea><\/label><input type=\"hidden\" id=\"ak_js_1\" name=\"_wpcf7_ak_js\" value=\"190\"\/><script>document.getElementById( \"ak_js_1\" ).setAttribute( \"value\", ( new Date() ).getTime() );<\/script><\/p><input type='hidden' class='wpcf7-pum' value='{\"closepopup\":false,\"closedelay\":0,\"openpopup\":false,\"openpopup_id\":0}' \/><div class=\"wpcf7-response-output\" aria-hidden=\"true\"><\/div><input type=\"hidden\" name=\"trp-form-language\" value=\"de\"\/><\/form><\/div>\n<div class=\"su-lightbox-content su-u-trim\" id=\"Popup\" style=\"display:none;width:auto;min-width:50%;max-width:70%;margin-top:40px;margin-bottom:40px;padding:40px;background:#e8e5e5;color:#060473;box-shadow:0px 0px 15px #333333;text-align:left\"><div role=\"form\" class=\"wpcf7\" id=\"wpcf7-f5571-o2\" lang=\"en-US\" dir=\"ltr\">\n<div class=\"screen-reader-response\"><p role=\"status\" aria-live=\"polite\" aria-atomic=\"true\"><\/p> <ul><\/ul><\/div>\n<form action=\"\/de\/wp-json\/wp\/v2\/pages\/6386#wpcf7-f5571-o2\" method=\"post\" class=\"wpcf7-form init\" novalidate=\"novalidate\" data-status=\"init\" data-trp-original-action=\"\/de\/wp-json\/wp\/v2\/pages\/6386#wpcf7-f5571-o2\">\n<div style=\"display: none;\">\n<input type=\"hidden\" name=\"_wpcf7\" value=\"5571\" \/>\n<input type=\"hidden\" name=\"_wpcf7_version\" value=\"5.5.6\" \/>\n<input type=\"hidden\" name=\"_wpcf7_locale\" value=\"en_US\" \/>\n<input type=\"hidden\" name=\"_wpcf7_unit_tag\" value=\"wpcf7-f5571-o2\" \/>\n<input type=\"hidden\" name=\"_wpcf7_container_post\" value=\"0\" \/>\n<input type=\"hidden\" name=\"_wpcf7_posted_data_hash\" value=\"\" \/>\n<\/div>\n<div class=\"popmakerform\">\n<p>Ihr Name <span style=\"color:red;\">*<span><br \/>\n<span class=\"wpcf7-form-control-wrap your-name\"><input type=\"text\" name=\"your-name\" value=\"\" size=\"40\" class=\"wpcf7-form-control wpcf7-text wpcf7-validates-as-required\" aria-required=\"true\" aria-invalid=\"false\" \/><\/span><\/p>\n<p>Deine E-Mail <span style=\"color:red;\">*<span><br \/>\n<span class=\"wpcf7-form-control-wrap your-email\"><input type=\"email\" name=\"your-email\" value=\"\" size=\"40\" class=\"wpcf7-form-control wpcf7-text wpcf7-email wpcf7-validates-as-required wpcf7-validates-as-email\" aria-required=\"true\" aria-invalid=\"false\" \/><\/span><\/p>\n<p>Ihre Telefonnummer<br \/>\n<span class=\"wpcf7-form-control-wrap your-phone\"><input type=\"text\" name=\"your-phone\" value=\"\" size=\"40\" class=\"wpcf7-form-control wpcf7-text\" aria-invalid=\"false\" \/><\/span><\/p>\n<p>Ihr Land<br \/>\n<span class=\"wpcf7-form-control-wrap your-country\"><input type=\"text\" name=\"your-country\" value=\"\" size=\"40\" class=\"wpcf7-form-control wpcf7-text\" aria-invalid=\"false\" \/><\/span><\/p>\n<p>Detaillierte Anforderung <span style=\"color:red;\">*<span><br \/>\n<span class=\"wpcf7-form-control-wrap your-requirement\"><textarea name=\"your-requirement\" cols=\"40\" rows=\"4\" class=\"wpcf7-form-control wpcf7-textarea wpcf7-validates-as-required\" aria-required=\"true\" aria-invalid=\"false\"><\/textarea><\/span><\/p>\n<p><input type=\"submit\" value=\"Angebot einholen\" class=\"wpcf7-form-control has-spinner wpcf7-submit\" \/><\/p>\n<\/div>\n<p style=\"display: none !important;\"><label>&#916;<textarea name=\"_wpcf7_ak_hp_textarea\" cols=\"45\" rows=\"8\" maxlength=\"100\"><\/textarea><\/label><input type=\"hidden\" id=\"ak_js_2\" name=\"_wpcf7_ak_js\" value=\"7\"\/><script>document.getElementById( \"ak_js_2\" ).setAttribute( \"value\", ( new Date() ).getTime() );<\/script><\/p><input type='hidden' class='wpcf7-pum' value='{\"closepopup\":false,\"closedelay\":0,\"openpopup\":false,\"openpopup_id\":0}' \/><div class=\"wpcf7-response-output\" aria-hidden=\"true\"><\/div><input type=\"hidden\" name=\"trp-form-language\" value=\"de\"\/><\/form><\/div><\/div>","protected":false},"excerpt":{"rendered":"<p>Wie kauft man 0,6\/1kv cu\/xlpe\/pvc 4 core 240 mm2 armiertes Kabel? Im Allgemeinen ist die Anwendung des 0,6\/1kv 4-adrigen 240-mm2-Xlpe-Panzerkabels sehr breit. Daher ist die Nachfrage nach 4-adrigen 240-mm-Panzerkabeln sehr gro\u00df. Allerdings, wenn Sie am besten 240 sq mm 4 Core armoured Kabel Preis bekommen wollen, ... <a class=\"read-more\" href=\"https:\/\/huadongswacable.com\/de\/240-sq-mm-4-core-armoured-cable-price\/\">Weiterlesen ...<\/a><\/p>","protected":false},"author":1,"featured_media":0,"parent":0,"menu_order":0,"comment_status":"closed","ping_status":"closed","template":"","meta":{"footnotes":""},"class_list":["post-6386","page","type-page","status-publish"],"yoast_head":"<!-- This site is optimized with the Yoast SEO plugin v18.4.1 - https:\/\/yoast.com\/wordpress\/plugins\/seo\/ -->\n<title>240mm 4 Core Armoured Cable Price | 240 sq mm 4C SWA Cable Supplier<\/title>\n<meta name=\"description\" content=\"We are 0.6\/1kv 4 core 240 sq mm armoured cable manufacturer, supply 240mm 4 core armoured cable price and tell how much is 4c 240mm2 cable.\" \/>\n<meta name=\"robots\" content=\"index, follow, max-snippet:-1, max-image-preview:large, max-video-preview:-1\" \/>\n<link rel=\"canonical\" href=\"https:\/\/huadongswacable.com\/de\/240-sq-mm-4-core-armoured-cable-price\/\" \/>\n<meta property=\"og:locale\" content=\"de_DE\" \/>\n<meta property=\"og:type\" content=\"article\" \/>\n<meta property=\"og:title\" content=\"240mm 4 Core Armoured Cable Price | 240 sq mm 4C SWA Cable Supplier\" \/>\n<meta property=\"og:description\" content=\"We are 0.6\/1kv 4 core 240 sq mm armoured cable manufacturer, supply 240mm 4 core armoured cable price and tell how much is 4c 240mm2 cable.\" \/>\n<meta property=\"og:url\" content=\"https:\/\/huadongswacable.com\/de\/240-sq-mm-4-core-armoured-cable-price\/\" \/>\n<meta property=\"og:site_name\" content=\"Huadong SWA Cable\" \/>\n<meta property=\"article:modified_time\" content=\"2022-12-19T06:10:50+00:00\" \/>\n<meta property=\"og:image\" content=\"https:\/\/huadongswacable.com\/wp-content\/uploads\/2021\/09\/get-best-4-core-240-sq-mm-cu-xlpe-pvc-swa-armoured-cable-price.jpg\" \/>\n<meta name=\"twitter:card\" content=\"summary_large_image\" \/>\n<meta name=\"twitter:label1\" content=\"Gesch\u00e4tzte Lesezeit\" \/>\n\t<meta name=\"twitter:data1\" content=\"5\u00a0Minuten\" \/>\n<script type=\"application\/ld+json\" class=\"yoast-schema-graph\">{\"@context\":\"https:\/\/schema.org\",\"@graph\":[{\"@type\":\"WebSite\",\"@id\":\"http:\/\/huadongswacable.com\/ru\/#website\",\"url\":\"http:\/\/huadongswacable.com\/ru\/\",\"name\":\"Huadong SWA Cable\",\"description\":\"Huadong SWA Cable\",\"potentialAction\":[{\"@type\":\"SearchAction\",\"target\":{\"@type\":\"EntryPoint\",\"urlTemplate\":\"http:\/\/huadongswacable.com\/ru\/?s={search_term_string}\"},\"query-input\":\"required name=search_term_string\"}],\"inLanguage\":\"de\"},{\"@type\":\"ImageObject\",\"@id\":\"https:\/\/huadongswacable.com\/240-sq-mm-4-core-armoured-cable-price\/#primaryimage\",\"inLanguage\":\"de\",\"url\":\"https:\/\/huadongswacable.com\/wp-content\/uploads\/2021\/09\/get-best-4-core-240-sq-mm-cu-xlpe-pvc-swa-armoured-cable-price.jpg\",\"contentUrl\":\"https:\/\/huadongswacable.com\/wp-content\/uploads\/2021\/09\/get-best-4-core-240-sq-mm-cu-xlpe-pvc-swa-armoured-cable-price.jpg\",\"width\":350,\"height\":262,\"caption\":\"get best 4 core 240 sq mm cu xlpe pvc swa armoured cable price\"},{\"@type\":\"WebPage\",\"@id\":\"https:\/\/huadongswacable.com\/240-sq-mm-4-core-armoured-cable-price\/#webpage\",\"url\":\"https:\/\/huadongswacable.com\/240-sq-mm-4-core-armoured-cable-price\/\",\"name\":\"240mm 4 Core Armoured Cable Price | 240 sq mm 4C SWA Cable Supplier\",\"isPartOf\":{\"@id\":\"http:\/\/huadongswacable.com\/ru\/#website\"},\"primaryImageOfPage\":{\"@id\":\"https:\/\/huadongswacable.com\/240-sq-mm-4-core-armoured-cable-price\/#primaryimage\"},\"datePublished\":\"2021-09-27T06:23:48+00:00\",\"dateModified\":\"2022-12-19T06:10:50+00:00\",\"description\":\"We are 0.6\/1kv 4 core 240 sq mm armoured cable manufacturer, supply 240mm 4 core armoured cable price and tell how much is 4c 240mm2 cable.\",\"breadcrumb\":{\"@id\":\"https:\/\/huadongswacable.com\/240-sq-mm-4-core-armoured-cable-price\/#breadcrumb\"},\"inLanguage\":\"de\",\"potentialAction\":[{\"@type\":\"ReadAction\",\"target\":[\"https:\/\/huadongswacable.com\/240-sq-mm-4-core-armoured-cable-price\/\"]}]},{\"@type\":\"BreadcrumbList\",\"@id\":\"https:\/\/huadongswacable.com\/240-sq-mm-4-core-armoured-cable-price\/#breadcrumb\",\"itemListElement\":[{\"@type\":\"ListItem\",\"position\":1,\"name\":\"Home\",\"item\":\"http:\/\/huadongswacable.com\/ru\/\"},{\"@type\":\"ListItem\",\"position\":2,\"name\":\"240 SQ MM 4 Core Armoured Cable Price Per Meter\"}]}]}<\/script>\n<!-- \/ Yoast SEO plugin. -->","yoast_head_json":{"title":"240mm 4 Core Armoured Cable Price | 240 sq mm 4C SWA Cable Supplier","description":"We are 0.6\/1kv 4 core 240 sq mm armoured cable manufacturer, supply 240mm 4 core armoured cable price and tell how much is 4c 240mm2 cable.","robots":{"index":"index","follow":"follow","max-snippet":"max-snippet:-1","max-image-preview":"max-image-preview:large","max-video-preview":"max-video-preview:-1"},"canonical":"https:\/\/huadongswacable.com\/de\/240-sq-mm-4-core-armoured-cable-price\/","og_locale":"de_DE","og_type":"article","og_title":"240mm 4 Core Armoured Cable Price | 240 sq mm 4C SWA Cable Supplier","og_description":"We are 0.6\/1kv 4 core 240 sq mm armoured cable manufacturer, supply 240mm 4 core armoured cable price and tell how much is 4c 240mm2 cable.","og_url":"https:\/\/huadongswacable.com\/de\/240-sq-mm-4-core-armoured-cable-price\/","og_site_name":"Huadong SWA Cable","article_modified_time":"2022-12-19T06:10:50+00:00","og_image":[{"url":"https:\/\/huadongswacable.com\/wp-content\/uploads\/2021\/09\/get-best-4-core-240-sq-mm-cu-xlpe-pvc-swa-armoured-cable-price.jpg"}],"twitter_card":"summary_large_image","twitter_misc":{"Gesch\u00e4tzte Lesezeit":"5\u00a0Minuten"},"schema":{"@context":"https:\/\/schema.org","@graph":[{"@type":"WebSite","@id":"http:\/\/huadongswacable.com\/ru\/#website","url":"http:\/\/huadongswacable.com\/ru\/","name":"Huadong SWA Cable","description":"Huadong SWA Cable","potentialAction":[{"@type":"SearchAction","target":{"@type":"EntryPoint","urlTemplate":"http:\/\/huadongswacable.com\/ru\/?s={search_term_string}"},"query-input":"required name=search_term_string"}],"inLanguage":"de"},{"@type":"ImageObject","@id":"https:\/\/huadongswacable.com\/240-sq-mm-4-core-armoured-cable-price\/#primaryimage","inLanguage":"de","url":"https:\/\/huadongswacable.com\/wp-content\/uploads\/2021\/09\/get-best-4-core-240-sq-mm-cu-xlpe-pvc-swa-armoured-cable-price.jpg","contentUrl":"https:\/\/huadongswacable.com\/wp-content\/uploads\/2021\/09\/get-best-4-core-240-sq-mm-cu-xlpe-pvc-swa-armoured-cable-price.jpg","width":350,"height":262,"caption":"get best 4 core 240 sq mm cu xlpe pvc swa armoured cable price"},{"@type":"WebPage","@id":"https:\/\/huadongswacable.com\/240-sq-mm-4-core-armoured-cable-price\/#webpage","url":"https:\/\/huadongswacable.com\/240-sq-mm-4-core-armoured-cable-price\/","name":"240mm 4 Core Armoured Cable Price | 240 sq mm 4C SWA Cable Supplier","isPartOf":{"@id":"http:\/\/huadongswacable.com\/ru\/#website"},"primaryImageOfPage":{"@id":"https:\/\/huadongswacable.com\/240-sq-mm-4-core-armoured-cable-price\/#primaryimage"},"datePublished":"2021-09-27T06:23:48+00:00","dateModified":"2022-12-19T06:10:50+00:00","description":"We are 0.6\/1kv 4 core 240 sq mm armoured cable manufacturer, supply 240mm 4 core armoured cable price and tell how much is 4c 240mm2 cable.","breadcrumb":{"@id":"https:\/\/huadongswacable.com\/240-sq-mm-4-core-armoured-cable-price\/#breadcrumb"},"inLanguage":"de","potentialAction":[{"@type":"ReadAction","target":["https:\/\/huadongswacable.com\/240-sq-mm-4-core-armoured-cable-price\/"]}]},{"@type":"BreadcrumbList","@id":"https:\/\/huadongswacable.com\/240-sq-mm-4-core-armoured-cable-price\/#breadcrumb","itemListElement":[{"@type":"ListItem","position":1,"name":"Home","item":"http:\/\/huadongswacable.com\/ru\/"},{"@type":"ListItem","position":2,"name":"240 SQ MM 4 Core Armoured Cable Price Per Meter"}]}]}},"_links":{"self":[{"href":"https:\/\/huadongswacable.com\/de\/wp-json\/wp\/v2\/pages\/6386","targetHints":{"allow":["GET"]}}],"collection":[{"href":"https:\/\/huadongswacable.com\/de\/wp-json\/wp\/v2\/pages"}],"about":[{"href":"https:\/\/huadongswacable.com\/de\/wp-json\/wp\/v2\/types\/page"}],"author":[{"embeddable":true,"href":"https:\/\/huadongswacable.com\/de\/wp-json\/wp\/v2\/users\/1"}],"replies":[{"embeddable":true,"href":"https:\/\/huadongswacable.com\/de\/wp-json\/wp\/v2\/comments?post=6386"}],"version-history":[{"count":10,"href":"https:\/\/huadongswacable.com\/de\/wp-json\/wp\/v2\/pages\/6386\/revisions"}],"predecessor-version":[{"id":7769,"href":"https:\/\/huadongswacable.com\/de\/wp-json\/wp\/v2\/pages\/6386\/revisions\/7769"}],"wp:attachment":[{"href":"https:\/\/huadongswacable.com\/de\/wp-json\/wp\/v2\/media?parent=6386"}],"curies":[{"name":"wp","href":"https:\/\/api.w.org\/{rel}","templated":true}]}}