{"id":633,"date":"2018-04-02T16:00:03","date_gmt":"2018-04-02T08:00:03","guid":{"rendered":"http:\/\/huadongswacable.com\/?page_id=633"},"modified":"2022-12-19T11:51:52","modified_gmt":"2022-12-19T03:51:52","slug":"single-core-armoured-cable","status":"publish","type":"page","link":"https:\/\/huadongswacable.com\/de\/einadriges-panzerkabel\/","title":{"rendered":"16mm 25mm 50mm einadriges gepanzertes Kabel zu verkaufen"},"content":{"rendered":"<h2>Wo kann man ein einadriges armiertes Kabel kaufen?<\/h2>\n<p>Huadong Cable Group ist ein f\u00fchrender Anbieter von einadrigen Panzerkabeln in China. Es gibt hohe Qualit\u00e4t und relativ niedrigen Preis 25mm einadriges Panzerkabel zu verkaufen. Wir haben mehr als 30 Jahre Erfahrung in der Produktion von einadrigen gepanzerten Kabeln mit 50 mm\u00b2. Dar\u00fcber hinaus haben wir mehr als 20 Jahre Erfahrung mit dem Export von einadrigen Aluminiumpanzerkabeln. In jedem Produktionsprozess von einadrigem Panzerkabel halten wir uns streng an die Produktionsstandards f\u00fcr einadriges Panzerkabel. Wenn Sie nur einphasiges Panzerkabel brauchen, dann ist Huadong definitiv Ihre ideale Wahl. Kontaktieren Sie uns jetzt, um Ihr einadriges SWA-Kabel Angebot zu erhalten.<\/p>\n<div class=\"row prolisttable\">\n<div class=\"col-lg-12 col-md-12 col-xs-12 col-sm-12\">\n<table>\n<tbody>\n<tr>\n<td><img loading=\"lazy\" decoding=\"async\" class=\"aligncenter size-full wp-image-5945\" src=\"https:\/\/huadongswacable.com\/wp-content\/uploads\/2021\/06\/16mm-xlpe-pvc-ata-single-core-cable-for-sale.jpg\" alt=\"16mm xlpe pvc ata einadriges kabel zu verkaufen\" width=\"350\" height=\"350\" srcset=\"https:\/\/huadongswacable.com\/wp-content\/uploads\/2021\/06\/16mm-xlpe-pvc-ata-single-core-cable-for-sale.jpg 350w, https:\/\/huadongswacable.com\/wp-content\/uploads\/2021\/06\/16mm-xlpe-pvc-ata-single-core-cable-for-sale-300x300.jpg 300w, https:\/\/huadongswacable.com\/wp-content\/uploads\/2021\/06\/16mm-xlpe-pvc-ata-single-core-cable-for-sale-150x150.jpg 150w\" sizes=\"auto, (max-width: 350px) 100vw, 350px\" \/><\/td>\n<td><strong>Dirigent:<\/strong> Aluminium<\/p>\n<p><strong>Spannung:<\/strong> 0,6\/1kv, 6,6kv, 12\/20kv, 11kv, 15kv\uff0c33kv<\/p>\n<p><strong>Gepanzert:<\/strong>\u00a0 AWA (Aluminium Wire Armoured) ATA (Aluminium Tape Armoured)<\/p>\n<p><strong>Isolierung:<\/strong> XLPE \/ PVC \/ LSF \/ Feuerbest\u00e4ndig<\/p>\n<p><strong>Bereich der Sektion:<\/strong> 1,5 mm2-1000 mm2<\/p>\n<p><strong>Standard:<\/strong> IEC 60502, BS 7870, GB\/ T12706 oder andere.<\/p>\n<p><strong>Verpackung:<\/strong> Eisen- oder Holztrommel<\/td>\n<\/tr>\n<\/tbody>\n<\/table>\n<\/div>\n<\/div>\n<p style=\"text-align: center;\"><span class=\"su-lightbox\" data-mfp-src=\"#Popup\" data-mfp-type=\"inline\" data-mobile=\"yes\"><button class=\"btn btn-danger btn-sm\" ><i class=\"fa fa-hand-o-right\" style=\"color:#ffffff;\"><\/i> Angebot einholen<\/button><\/span>\n<h2>Was sind die Merkmale eines einadrigen 25-mm-Kabels?<\/h2>\n<p>Bevor Sie 25mm einphasiges Panzerkabel kaufen, sollten Sie die Eigenschaften und Anwendungen des einadrigen Panzerkabels kennen. Aber wenn Sie bereits wussten, diese grundlegenden Informationen, k\u00f6nnen Sie uns kontaktieren, um einadrige Aluminium armierte Kabel direkt zu kaufen. Einadriges Panzerkabel ist ein 1-Phasen-Stromkabel mit Aluminiumdraht- oder Aluminiumbandpanzerung. Sie k\u00f6nnen AWA einadriges gepanzertes Kabel oder ATA einphasiges gepanzertes Kabel entsprechend Ihren Anwendungen w\u00e4hlen. Sprechen Sie uns einfach an. Dar\u00fcber hinaus erhalten Sie SWA einphasiges armiertes Kabel Fabrikpreis, wenn Sie Huadong Gruppe als Ihr Lieferant w\u00e4hlen.<\/p>\n<div class=\"row prolisttable\">\n<div class=\"col-lg-12 col-md-12 col-xs-12 col-sm-12\">\n<table>\n<tbody>\n<tr>\n<td><img loading=\"lazy\" decoding=\"async\" class=\"aligncenter size-full wp-image-5952\" src=\"https:\/\/huadongswacable.com\/wp-content\/uploads\/2021\/06\/1C-x-185mm-150mm-120mm-xlpe-pvc-awa-copper-wire.jpg\" alt=\"25mm xlpe pvc-armiertes Kabel\" width=\"300\" height=\"300\" srcset=\"https:\/\/huadongswacable.com\/wp-content\/uploads\/2021\/06\/1C-x-185mm-150mm-120mm-xlpe-pvc-awa-copper-wire.jpg 300w, https:\/\/huadongswacable.com\/wp-content\/uploads\/2021\/06\/1C-x-185mm-150mm-120mm-xlpe-pvc-awa-copper-wire-150x150.jpg 150w\" sizes=\"auto, (max-width: 300px) 100vw, 300px\" \/><\/td>\n<td><strong>Dirigent:<\/strong> Kupfer<\/p>\n<p><strong>Spannung:<\/strong> 0,6\/1kv, 6,6kv, 12\/20kv, 11kv, 15kv\uff0c33kv<\/p>\n<p><strong>Bereich der Sektion:<\/strong> 16mm, 25mm, 35mm, 50mm, 95mm, 120mm, 150mm, 185mm, 240mm, 300mm und so weiter<\/p>\n<p><strong>Gepanzert:<\/strong>\u00a0 AWA (Aluminium Wire Armoured) ATA (Aluminium Tape Armoured)<\/p>\n<p><strong>Isolierung:<\/strong> XLPE \/ PVC \/ LSF \/ Feuerbest\u00e4ndig<\/p>\n<p><strong>Standard:<\/strong> IEC 60502, BS 7870, GB\/ T12706 oder andere.<\/td>\n<\/tr>\n<\/tbody>\n<\/table>\n<\/div>\n<\/div>\n<p style=\"text-align: center;\"><span class=\"su-lightbox\" data-mfp-src=\"#Popup\" data-mfp-type=\"inline\" data-mobile=\"yes\"><button class=\"btn btn-danger btn-sm\" ><i class=\"fa fa-hand-o-right\" style=\"color:#ffffff;\"><\/i> Angebot einholen<\/button><\/span>\n<p>Wenn Sie nicht wissen, welche Art von einadrigem Panzerkabel Sie ben\u00f6tigen, k\u00f6nnen Sie uns gerne kontaktieren. Die Huadong Cable Group hat reiche Erfahrung in der Beratung bei der Auswahl von einadrigen Aluminium-Panzerkabeln. Als professioneller Hersteller von 25mm einadrigen Kabeln haben wir ein technisches Team, das Ihre Anwendung besprechen kann. Und helfen Ihnen, die spezifischen Anforderungen zu erf\u00fcllen. Hinterlassen Sie jetzt Ihre Nachricht und erhalten Sie Ihre Preisliste f\u00fcr einadriges, armiertes Aluminiumkabel.<\/p>\n<p><img loading=\"lazy\" decoding=\"async\" class=\"aligncenter size-full wp-image-5954\" src=\"https:\/\/huadongswacable.com\/wp-content\/uploads\/2021\/06\/single-core-armoured-cable-size-structure.jpg\" alt=\"25 mm einadriges, armiertes Kabel, Aufbau\" width=\"864\" height=\"256\" srcset=\"https:\/\/huadongswacable.com\/wp-content\/uploads\/2021\/06\/single-core-armoured-cable-size-structure.jpg 864w, https:\/\/huadongswacable.com\/wp-content\/uploads\/2021\/06\/single-core-armoured-cable-size-structure-300x89.jpg 300w, https:\/\/huadongswacable.com\/wp-content\/uploads\/2021\/06\/single-core-armoured-cable-size-structure-768x228.jpg 768w\" sizes=\"auto, (max-width: 864px) 100vw, 864px\" \/><\/p>\n<p>Neben den standardm\u00e4\u00dfigen einadrigen armierten Kabeln liefern wir auch eine Reihe von Kabeln f\u00fcr spezielle Anwendungen. Sie k\u00f6nnen sich auf die Qualit\u00e4t unserer einadrigen Panzerkabel verlassen. Was den Preis angeht, k\u00f6nnen Sie ihn auch mit anderen Herstellern von einadrigen Panzerkabeln vergleichen. Und dann werden Sie feststellen, dass unser einphasiges Panzerkabel Preis recht g\u00fcnstig ist. Sie k\u00f6nnen unsere Fabrik besuchen, wenn es f\u00fcr Sie bequem ist, oder wir k\u00f6nnen einadriges armiertes Kabel kostenlose Proben f\u00fcr Sie senden. Hinterlassen Sie einfach Ihre Nachricht.<\/p>\n<p style=\"text-align: center;\"><span class=\"su-lightbox\" data-mfp-src=\"#Popup\" data-mfp-type=\"inline\" data-mobile=\"yes\"><button class=\"btn btn-danger btn-sm\" ><i class=\"fa fa-hand-o-right\" style=\"color:#ffffff;\"><\/i> Angebot einholen<\/button><\/span>\n<h3>Warum uns w\u00e4hlen\uff1f<\/h3>\n<p>Produkt Prozess: Unsere einadrigen Panzerkabel verwenden hochwertiges Aluminium\/Gl\u00fchkupfer-Leitermaterial und nat\u00fcrliches XLPE (vernetztes Polyethylen)\/PVC Polyvinylchlorid-Isoliermaterial. Jeder Produktionsprozess wurde von unseren professionellen technischen Ingenieuren streng kontrolliert. Einzelne Kern swa gepanzerte Kabel-Paket von Eisen oder Holztrommel oder nach Anforderung des Kunden.<\/p>\n<p><img loading=\"lazy\" decoding=\"async\" class=\"aligncenter\" src=\"https:\/\/huadongswacable.com\/wp-content\/uploads\/2019\/02\/16mm-single-core-cable-supplier-.jpg\" alt=\"Preis f\u00fcr 50mm 70mm einadriges Panzerkabel \" width=\"900\" height=\"333\" \/><\/p>\n<p><strong>Kundenfall:\u00a0<\/strong>Unsere einphasigen armierten Kabel wurden in mehr als 30 L\u00e4nder exportiert. Wie z.B.: Russland, Amerika, Jemen, S\u00fcdamerika, Nordamerika, Naher Osten, Afrika, Asien, Ozeanien, etc.<\/p>\n<div class=\"su-lightbox-content su-u-trim\" id=\"Popup\" style=\"display:none;width:auto;min-width:50%;max-width:70%;margin-top:40px;margin-bottom:40px;padding:40px;background:#e8e5e5;color:#060473;box-shadow:0px 0px 15px #333333;text-align:left\"><div role=\"form\" class=\"wpcf7\" id=\"wpcf7-f5571-o1\" lang=\"en-US\" dir=\"ltr\">\n<div class=\"screen-reader-response\"><p role=\"status\" aria-live=\"polite\" aria-atomic=\"true\"><\/p> <ul><\/ul><\/div>\n<form action=\"\/de\/wp-json\/wp\/v2\/pages\/633#wpcf7-f5571-o1\" method=\"post\" class=\"wpcf7-form init\" novalidate=\"novalidate\" data-status=\"init\" data-trp-original-action=\"\/de\/wp-json\/wp\/v2\/pages\/633#wpcf7-f5571-o1\">\n<div style=\"display: none;\">\n<input type=\"hidden\" name=\"_wpcf7\" value=\"5571\" \/>\n<input type=\"hidden\" name=\"_wpcf7_version\" value=\"5.5.6\" \/>\n<input type=\"hidden\" name=\"_wpcf7_locale\" value=\"en_US\" \/>\n<input type=\"hidden\" name=\"_wpcf7_unit_tag\" value=\"wpcf7-f5571-o1\" \/>\n<input type=\"hidden\" name=\"_wpcf7_container_post\" value=\"0\" \/>\n<input type=\"hidden\" name=\"_wpcf7_posted_data_hash\" value=\"\" \/>\n<\/div>\n<div class=\"popmakerform\">\n<p>Ihr Name <span style=\"color:red;\">*<span><br \/>\n<span class=\"wpcf7-form-control-wrap your-name\"><input type=\"text\" name=\"your-name\" value=\"\" size=\"40\" class=\"wpcf7-form-control wpcf7-text wpcf7-validates-as-required\" aria-required=\"true\" aria-invalid=\"false\" \/><\/span><\/p>\n<p>Deine E-Mail <span style=\"color:red;\">*<span><br \/>\n<span class=\"wpcf7-form-control-wrap your-email\"><input type=\"email\" name=\"your-email\" value=\"\" size=\"40\" class=\"wpcf7-form-control wpcf7-text wpcf7-email wpcf7-validates-as-required wpcf7-validates-as-email\" aria-required=\"true\" aria-invalid=\"false\" \/><\/span><\/p>\n<p>Ihre Telefonnummer<br \/>\n<span class=\"wpcf7-form-control-wrap your-phone\"><input type=\"text\" name=\"your-phone\" value=\"\" size=\"40\" class=\"wpcf7-form-control wpcf7-text\" aria-invalid=\"false\" \/><\/span><\/p>\n<p>Ihr Land<br \/>\n<span class=\"wpcf7-form-control-wrap your-country\"><input type=\"text\" name=\"your-country\" value=\"\" size=\"40\" class=\"wpcf7-form-control wpcf7-text\" aria-invalid=\"false\" \/><\/span><\/p>\n<p>Detaillierte Anforderung <span style=\"color:red;\">*<span><br \/>\n<span class=\"wpcf7-form-control-wrap your-requirement\"><textarea name=\"your-requirement\" cols=\"40\" rows=\"4\" class=\"wpcf7-form-control wpcf7-textarea wpcf7-validates-as-required\" aria-required=\"true\" aria-invalid=\"false\"><\/textarea><\/span><\/p>\n<p><input type=\"submit\" value=\"Angebot einholen\" class=\"wpcf7-form-control has-spinner wpcf7-submit\" \/><\/p>\n<\/div>\n<p style=\"display: none !important;\"><label>&#916;<textarea name=\"_wpcf7_ak_hp_textarea\" cols=\"45\" rows=\"8\" maxlength=\"100\"><\/textarea><\/label><input type=\"hidden\" id=\"ak_js_1\" name=\"_wpcf7_ak_js\" value=\"204\"\/><script>document.getElementById( \"ak_js_1\" ).setAttribute( \"value\", ( new Date() ).getTime() );<\/script><\/p><input type='hidden' class='wpcf7-pum' value='{\"closepopup\":false,\"closedelay\":0,\"openpopup\":false,\"openpopup_id\":0}' \/><div class=\"wpcf7-response-output\" aria-hidden=\"true\"><\/div><input type=\"hidden\" name=\"trp-form-language\" value=\"de\"\/><\/form><\/div><\/div>\n<h3>Bitte z\u00f6gern Sie nicht, uns Ihre Anforderungen mitzuteilen. Wir werden Ihnen innerhalb von 12 Stunden antworten.<\/h3>\n<div role=\"form\" class=\"wpcf7\" id=\"wpcf7-f6-o2\" lang=\"en-US\" dir=\"ltr\">\n<div class=\"screen-reader-response\"><p role=\"status\" aria-live=\"polite\" aria-atomic=\"true\"><\/p> <ul><\/ul><\/div>\n<form action=\"\/de\/wp-json\/wp\/v2\/pages\/633#wpcf7-f6-o2\" method=\"post\" class=\"wpcf7-form init\" novalidate=\"novalidate\" data-status=\"init\" data-trp-original-action=\"\/de\/wp-json\/wp\/v2\/pages\/633#wpcf7-f6-o2\">\n<div style=\"display: none;\">\n<input type=\"hidden\" name=\"_wpcf7\" value=\"6\" \/>\n<input type=\"hidden\" name=\"_wpcf7_version\" value=\"5.5.6\" \/>\n<input type=\"hidden\" name=\"_wpcf7_locale\" value=\"en_US\" \/>\n<input type=\"hidden\" name=\"_wpcf7_unit_tag\" value=\"wpcf7-f6-o2\" \/>\n<input type=\"hidden\" name=\"_wpcf7_container_post\" value=\"0\" \/>\n<input type=\"hidden\" name=\"_wpcf7_posted_data_hash\" value=\"\" \/>\n<\/div>\n<div class=\"messageform\">\n<p><strong><span style=\"color:red;\"><\/span> Ihr Name<\/strong><br \/>\n    <span class=\"wpcf7-form-control-wrap your-name\"><input type=\"text\" name=\"your-name\" value=\"\" size=\"40\" class=\"wpcf7-form-control wpcf7-text\" aria-invalid=\"false\" \/><\/span> <\/p>\n<p><strong><span style=\"color:red;\">*<\/span> Deine E-Mail<\/strong><br \/>\n    <span class=\"wpcf7-form-control-wrap your-email\"><input type=\"email\" name=\"your-email\" value=\"\" size=\"40\" class=\"wpcf7-form-control wpcf7-text wpcf7-email wpcf7-validates-as-required wpcf7-validates-as-email\" aria-required=\"true\" aria-invalid=\"false\" \/><\/span> <\/p>\n<p><strong>Ihre Telefonnummer<\/strong><br \/>\n    <span class=\"wpcf7-form-control-wrap your-phone\"><input type=\"text\" name=\"your-phone\" value=\"\" size=\"40\" class=\"wpcf7-form-control wpcf7-text\" aria-invalid=\"false\" placeholder=\"Geben Sie die Vorwahl ein\" \/><\/span> <\/p>\n<p><strong>Ihr Land<\/strong><br \/>\n    <span class=\"wpcf7-form-control-wrap your-country\"><input type=\"text\" name=\"your-country\" value=\"\" size=\"40\" class=\"wpcf7-form-control wpcf7-text\" aria-invalid=\"false\" \/><\/span> <\/p>\n<p><strong><span style=\"color:red;\">*<\/span> Ihr Bedarf<\/strong><br \/>\n    <span class=\"wpcf7-form-control-wrap your-requirement\"><textarea name=\"your-requirement\" cols=\"40\" rows=\"10\" class=\"wpcf7-form-control wpcf7-textarea wpcf7-validates-as-required bestonmessage\" aria-required=\"true\" aria-invalid=\"false\" placeholder=\"F\u00fcr ein detailliertes Angebot senden Sie uns bitte Ihre ausf\u00fchrlichen Anforderungen.\"><\/textarea><\/span> <\/p>\n<p><input type=\"submit\" value=\"Nachricht senden\" class=\"wpcf7-form-control has-spinner wpcf7-submit\" \/><\/p>\n<\/div>\n<p style=\"display: none !important;\"><label>&#916;<textarea name=\"_wpcf7_ak_hp_textarea\" cols=\"45\" rows=\"8\" maxlength=\"100\"><\/textarea><\/label><input type=\"hidden\" id=\"ak_js_2\" name=\"_wpcf7_ak_js\" value=\"88\"\/><script>document.getElementById( \"ak_js_2\" ).setAttribute( \"value\", ( new Date() ).getTime() );<\/script><\/p><input type='hidden' class='wpcf7-pum' value='{\"closepopup\":false,\"closedelay\":0,\"openpopup\":false,\"openpopup_id\":0}' \/><div class=\"wpcf7-response-output\" aria-hidden=\"true\"><\/div><input type=\"hidden\" name=\"trp-form-language\" value=\"de\"\/><\/form><\/div>","protected":false},"excerpt":{"rendered":"<p>Wo kann man einadriges armiertes Kabel kaufen? Die Huadong Cable Group ist ein f\u00fchrender Anbieter von einadrigen Panzerkabeln in China. Es gibt hohe Qualit\u00e4t und relativ niedrigen Preis 25mm einadriges Panzerkabel zu verkaufen. Wir haben mehr als 30 Jahre Erfahrung in der Produktion von 50 mm einadrigem Panzerkabel. Dar\u00fcber hinaus haben wir ... <a class=\"read-more\" href=\"https:\/\/huadongswacable.com\/de\/einadriges-panzerkabel\/\">Weiterlesen ...<\/a><\/p>","protected":false},"author":1,"featured_media":0,"parent":0,"menu_order":0,"comment_status":"closed","ping_status":"closed","template":"","meta":{"footnotes":""},"class_list":["post-633","page","type-page","status-publish"],"yoast_head":"<!-- This site is optimized with the Yoast SEO plugin v18.4.1 - https:\/\/yoast.com\/wordpress\/plugins\/seo\/ -->\n<title>16mm 25mm 50mm Single Core Armoured Cable<\/title>\n<meta name=\"description\" content=\"Huadong has best 16mm 25mm 50mm 95mm 120mm 150mm 185mm single core armoured cable price for sale. We are professional 1C x 25mm armoured cable manufacturer in China.\" \/>\n<meta name=\"robots\" content=\"index, follow, max-snippet:-1, max-image-preview:large, max-video-preview:-1\" \/>\n<link rel=\"canonical\" href=\"http:\/\/huadongswacable.com\/de\/single-core-armoured-cable\/\" \/>\n<meta property=\"og:locale\" content=\"de_DE\" \/>\n<meta property=\"og:type\" content=\"article\" \/>\n<meta property=\"og:title\" content=\"16mm 25mm 50mm Single Core Armoured Cable\" \/>\n<meta property=\"og:description\" content=\"Huadong has best 16mm 25mm 50mm 95mm 120mm 150mm 185mm single core armoured cable price for sale. We are professional 1C x 25mm armoured cable manufacturer in China.\" \/>\n<meta property=\"og:url\" content=\"http:\/\/huadongswacable.com\/de\/single-core-armoured-cable\/\" \/>\n<meta property=\"og:site_name\" content=\"Huadong SWA Cable\" \/>\n<meta property=\"article:modified_time\" content=\"2022-12-19T03:51:52+00:00\" \/>\n<meta property=\"og:image\" content=\"https:\/\/huadongswacable.com\/wp-content\/uploads\/2021\/06\/16mm-xlpe-pvc-ata-single-core-cable-for-sale.jpg\" \/>\n<meta name=\"twitter:card\" content=\"summary_large_image\" \/>\n<meta name=\"twitter:label1\" content=\"Gesch\u00e4tzte Lesezeit\" \/>\n\t<meta name=\"twitter:data1\" content=\"4\u00a0Minuten\" \/>\n<script type=\"application\/ld+json\" class=\"yoast-schema-graph\">{\"@context\":\"https:\/\/schema.org\",\"@graph\":[{\"@type\":\"WebSite\",\"@id\":\"http:\/\/huadongswacable.com\/ru\/#website\",\"url\":\"http:\/\/huadongswacable.com\/ru\/\",\"name\":\"Huadong SWA Cable\",\"description\":\"Huadong SWA Cable\",\"potentialAction\":[{\"@type\":\"SearchAction\",\"target\":{\"@type\":\"EntryPoint\",\"urlTemplate\":\"http:\/\/huadongswacable.com\/ru\/?s={search_term_string}\"},\"query-input\":\"required name=search_term_string\"}],\"inLanguage\":\"de\"},{\"@type\":\"ImageObject\",\"@id\":\"http:\/\/huadongswacable.com\/fr\/single-core-armoured-cable\/#primaryimage\",\"inLanguage\":\"de\",\"url\":\"https:\/\/huadongswacable.com\/wp-content\/uploads\/2021\/06\/16mm-xlpe-pvc-ata-single-core-cable-for-sale.jpg\",\"contentUrl\":\"https:\/\/huadongswacable.com\/wp-content\/uploads\/2021\/06\/16mm-xlpe-pvc-ata-single-core-cable-for-sale.jpg\",\"width\":350,\"height\":350,\"caption\":\"16mm xlpe pvc ata single core cable for sale\"},{\"@type\":\"WebPage\",\"@id\":\"http:\/\/huadongswacable.com\/fr\/single-core-armoured-cable\/#webpage\",\"url\":\"http:\/\/huadongswacable.com\/fr\/single-core-armoured-cable\/\",\"name\":\"16mm 25mm 50mm Single Core Armoured Cable\",\"isPartOf\":{\"@id\":\"http:\/\/huadongswacable.com\/ru\/#website\"},\"primaryImageOfPage\":{\"@id\":\"http:\/\/huadongswacable.com\/fr\/single-core-armoured-cable\/#primaryimage\"},\"datePublished\":\"2018-04-02T08:00:03+00:00\",\"dateModified\":\"2022-12-19T03:51:52+00:00\",\"description\":\"Huadong has best 16mm 25mm 50mm 95mm 120mm 150mm 185mm single core armoured cable price for sale. We are professional 1C x 25mm armoured cable manufacturer in China.\",\"breadcrumb\":{\"@id\":\"http:\/\/huadongswacable.com\/fr\/single-core-armoured-cable\/#breadcrumb\"},\"inLanguage\":\"de\",\"potentialAction\":[{\"@type\":\"ReadAction\",\"target\":[\"http:\/\/huadongswacable.com\/fr\/single-core-armoured-cable\/\"]}]},{\"@type\":\"BreadcrumbList\",\"@id\":\"http:\/\/huadongswacable.com\/fr\/single-core-armoured-cable\/#breadcrumb\",\"itemListElement\":[{\"@type\":\"ListItem\",\"position\":1,\"name\":\"Home\",\"item\":\"http:\/\/huadongswacable.com\/ru\/\"},{\"@type\":\"ListItem\",\"position\":2,\"name\":\"16mm 25mm 50mm Single Core Armoured Cable For Sale\"}]}]}<\/script>\n<!-- \/ Yoast SEO plugin. -->","yoast_head_json":{"title":"16mm 25mm 50mm Single Core Armoured Cable","description":"Huadong has best 16mm 25mm 50mm 95mm 120mm 150mm 185mm single core armoured cable price for sale. We are professional 1C x 25mm armoured cable manufacturer in China.","robots":{"index":"index","follow":"follow","max-snippet":"max-snippet:-1","max-image-preview":"max-image-preview:large","max-video-preview":"max-video-preview:-1"},"canonical":"http:\/\/huadongswacable.com\/de\/single-core-armoured-cable\/","og_locale":"de_DE","og_type":"article","og_title":"16mm 25mm 50mm Single Core Armoured Cable","og_description":"Huadong has best 16mm 25mm 50mm 95mm 120mm 150mm 185mm single core armoured cable price for sale. We are professional 1C x 25mm armoured cable manufacturer in China.","og_url":"http:\/\/huadongswacable.com\/de\/single-core-armoured-cable\/","og_site_name":"Huadong SWA Cable","article_modified_time":"2022-12-19T03:51:52+00:00","og_image":[{"url":"https:\/\/huadongswacable.com\/wp-content\/uploads\/2021\/06\/16mm-xlpe-pvc-ata-single-core-cable-for-sale.jpg"}],"twitter_card":"summary_large_image","twitter_misc":{"Gesch\u00e4tzte Lesezeit":"4\u00a0Minuten"},"schema":{"@context":"https:\/\/schema.org","@graph":[{"@type":"WebSite","@id":"http:\/\/huadongswacable.com\/ru\/#website","url":"http:\/\/huadongswacable.com\/ru\/","name":"Huadong SWA Cable","description":"Huadong SWA Cable","potentialAction":[{"@type":"SearchAction","target":{"@type":"EntryPoint","urlTemplate":"http:\/\/huadongswacable.com\/ru\/?s={search_term_string}"},"query-input":"required name=search_term_string"}],"inLanguage":"de"},{"@type":"ImageObject","@id":"http:\/\/huadongswacable.com\/fr\/single-core-armoured-cable\/#primaryimage","inLanguage":"de","url":"https:\/\/huadongswacable.com\/wp-content\/uploads\/2021\/06\/16mm-xlpe-pvc-ata-single-core-cable-for-sale.jpg","contentUrl":"https:\/\/huadongswacable.com\/wp-content\/uploads\/2021\/06\/16mm-xlpe-pvc-ata-single-core-cable-for-sale.jpg","width":350,"height":350,"caption":"16mm xlpe pvc ata single core cable for sale"},{"@type":"WebPage","@id":"http:\/\/huadongswacable.com\/fr\/single-core-armoured-cable\/#webpage","url":"http:\/\/huadongswacable.com\/fr\/single-core-armoured-cable\/","name":"16mm 25mm 50mm Single Core Armoured Cable","isPartOf":{"@id":"http:\/\/huadongswacable.com\/ru\/#website"},"primaryImageOfPage":{"@id":"http:\/\/huadongswacable.com\/fr\/single-core-armoured-cable\/#primaryimage"},"datePublished":"2018-04-02T08:00:03+00:00","dateModified":"2022-12-19T03:51:52+00:00","description":"Huadong has best 16mm 25mm 50mm 95mm 120mm 150mm 185mm single core armoured cable price for sale. We are professional 1C x 25mm armoured cable manufacturer in China.","breadcrumb":{"@id":"http:\/\/huadongswacable.com\/fr\/single-core-armoured-cable\/#breadcrumb"},"inLanguage":"de","potentialAction":[{"@type":"ReadAction","target":["http:\/\/huadongswacable.com\/fr\/single-core-armoured-cable\/"]}]},{"@type":"BreadcrumbList","@id":"http:\/\/huadongswacable.com\/fr\/single-core-armoured-cable\/#breadcrumb","itemListElement":[{"@type":"ListItem","position":1,"name":"Home","item":"http:\/\/huadongswacable.com\/ru\/"},{"@type":"ListItem","position":2,"name":"16mm 25mm 50mm Single Core Armoured Cable For Sale"}]}]}},"_links":{"self":[{"href":"https:\/\/huadongswacable.com\/de\/wp-json\/wp\/v2\/pages\/633","targetHints":{"allow":["GET"]}}],"collection":[{"href":"https:\/\/huadongswacable.com\/de\/wp-json\/wp\/v2\/pages"}],"about":[{"href":"https:\/\/huadongswacable.com\/de\/wp-json\/wp\/v2\/types\/page"}],"author":[{"embeddable":true,"href":"https:\/\/huadongswacable.com\/de\/wp-json\/wp\/v2\/users\/1"}],"replies":[{"embeddable":true,"href":"https:\/\/huadongswacable.com\/de\/wp-json\/wp\/v2\/comments?post=633"}],"version-history":[{"count":24,"href":"https:\/\/huadongswacable.com\/de\/wp-json\/wp\/v2\/pages\/633\/revisions"}],"predecessor-version":[{"id":7763,"href":"https:\/\/huadongswacable.com\/de\/wp-json\/wp\/v2\/pages\/633\/revisions\/7763"}],"wp:attachment":[{"href":"https:\/\/huadongswacable.com\/de\/wp-json\/wp\/v2\/media?parent=633"}],"curies":[{"name":"wp","href":"https:\/\/api.w.org\/{rel}","templated":true}]}}