{"id":5117,"date":"2020-12-10T17:24:37","date_gmt":"2020-12-10T09:24:37","guid":{"rendered":"http:\/\/huadongswacable.com\/?page_id=5117"},"modified":"2022-12-19T15:04:02","modified_gmt":"2022-12-19T07:04:02","slug":"kabel-nyy-indonesia","status":"publish","type":"page","link":"https:\/\/huadongswacable.com\/de\/kabel-nyy-indonesien\/","title":{"rendered":"4x4mm 4x10mm 4x16mm 4x 25mm 4x35mm 4x50mm 4x70mm 4x95mm Kabel NYY Indonesien"},"content":{"rendered":"<h2>Welche Gr\u00f6\u00dfe von kabel nyy ben\u00f6tigen Sie?<\/h2>\n<p>Im Allgemeinen sind die Anwendungsm\u00f6glichkeiten von kabel nyy sehr vielf\u00e4ltig. Sie k\u00f6nnen kabel nyy 4\u00d74 mm in Innenr\u00e4umen, im Freien, in Kabelkan\u00e4len und unter der Erde vergraben verwenden. Um die Anforderungen der Kunden zu erf\u00fcllen, hat kabel nyy in Indonesien verschiedene Gr\u00f6\u00dfen. Zum Beispiel k\u00f6nnen Sie 4x4mm, 4x6mm, 4x10mm, 4x16mm, 4x25mm, 4x35mm, 4x50mm, 4x70mm, 4x95mm, 4x120mm, 4x150mm, 4x 185mm, 4x240mm, 4x300mm und andere kabel nyy Gr\u00f6\u00dfe w\u00e4hlen.<\/p>\n<div class=\"row\">\n<div class=\"col-lg-6 col-md-12 col-xs-12 col-sm-12\">\n<img loading=\"lazy\" decoding=\"async\" class=\"aligncenter wp-image-5142\" src=\"https:\/\/huadongswacable.com\/wp-content\/uploads\/2020\/12\/0.6-1kv-IEC60502-VDE-0276-Kabel-nyy-4x4mm-4x16mm-4x25mm.jpg\" alt=\"0,6\/1kv IEC60502 VDE 0276 Kabel nyy 4x4mm 4x16mm 4x25mm\" width=\"310\" height=\"310\" srcset=\"https:\/\/huadongswacable.com\/wp-content\/uploads\/2020\/12\/0.6-1kv-IEC60502-VDE-0276-Kabel-nyy-4x4mm-4x16mm-4x25mm.jpg 400w, https:\/\/huadongswacable.com\/wp-content\/uploads\/2020\/12\/0.6-1kv-IEC60502-VDE-0276-Kabel-nyy-4x4mm-4x16mm-4x25mm-300x300.jpg 300w, https:\/\/huadongswacable.com\/wp-content\/uploads\/2020\/12\/0.6-1kv-IEC60502-VDE-0276-Kabel-nyy-4x4mm-4x16mm-4x25mm-150x150.jpg 150w\" sizes=\"auto, (max-width: 310px) 100vw, 310px\" \/><\/div>\n<div class=\"col-lg-6 col-md-12 col-xs-12 col-sm-12\">\n<h2>Kabel NYY 4x16mm Konstruktion<\/h2>\n<p><strong>Spannung:<\/strong> 600\/1000V<\/p>\n<p><strong>Dirigent:<\/strong> Cu, Klasse 1 oder 2 nach HRN HD 383 \/ IEC 60228 \/ DIN VDE 0295<\/p>\n<p><strong>Isolierung :<\/strong>Polyvinylchlorid (PVC)<\/p>\n<p><strong>Mantel :<\/strong> Polyvinylchlorid (PVC)<\/p>\n<p><strong>Temperaturbereich :<\/strong> Flexibel - 5\u00b0C bis + 50\u00b0C. Feste Verlegung -20\u00b0C bis +70\u00b0C<\/p>\n<p style=\"text-align: center;\"><span class=\"su-lightbox\" data-mfp-src=\"#Popup\" data-mfp-type=\"inline\" data-mobile=\"yes\"><button class=\"btn btn-danger btn-sm\" ><i class=\"fa fa-hand-o-right\" style=\"color:#ffffff;\"><\/i> Angebot einholen<\/button><\/span>\n<\/div>\n<\/div>\n<p>Als ein professioneller Lieferant von kabel nyy 4x4mm haben wir unsere kabel nyy 4\u00d74 in viele L\u00e4nder exportiert. Wenn Sie kabel nyy in Indonesien, Malaysia oder Thailand brauchen, sagen Sie uns bitte. Denn wir k\u00f6nnen kabel nyy 4x6mm und andere nicht armierte Kabel nach Ihren Anforderungen anpassen. Was mehr ist, sind alle unsere kabel nyy 4x10mm in \u00dcbereinstimmung mit dem internationalen Standard. Dar\u00fcber hinaus k\u00f6nnen wir kostenlose Probe von kabel nyy 4x16mm f\u00fcr Sie liefern. Nachdem Sie unsere kabel nyy 4\u00d735 Qualit\u00e4t best\u00e4tigt haben, k\u00f6nnen Sie sicher sein, dass Sie gro\u00dfe Menge kabel nyy 4x50mm bestellen k\u00f6nnen. Wir versprechen, beste Harga kabel nyy Indonesien zu liefern. Also, wenn Sie f\u00fcr kabel nyy 4x120mm suchen, kontaktieren Sie uns bitte, wir k\u00f6nnen verschiedene kabel nyy Gr\u00f6\u00dfe f\u00fcr Sie anpassen.<\/p>\n<div class=\"row\">\n<div class=\"col-lg-6 col-md-12 col-xs-12 col-sm-12\">\n<img loading=\"lazy\" decoding=\"async\" class=\"aligncenter size-full wp-image-5155\" src=\"https:\/\/huadongswacable.com\/wp-content\/uploads\/2020\/12\/kabel-nyy-4x95-120-150-185-240Indonesia-price.jpg\" alt=\"kabel nyy 4x95 120 150 185 240 Indonesien Preis\" width=\"350\" height=\"350\" srcset=\"https:\/\/huadongswacable.com\/wp-content\/uploads\/2020\/12\/kabel-nyy-4x95-120-150-185-240Indonesia-price.jpg 350w, https:\/\/huadongswacable.com\/wp-content\/uploads\/2020\/12\/kabel-nyy-4x95-120-150-185-240Indonesia-price-300x300.jpg 300w, https:\/\/huadongswacable.com\/wp-content\/uploads\/2020\/12\/kabel-nyy-4x95-120-150-185-240Indonesia-price-150x150.jpg 150w\" sizes=\"auto, (max-width: 350px) 100vw, 350px\" \/><\/div>\n<div class=\"col-lg-6 col-md-12 col-xs-12 col-sm-12\">\n<h2>Harga NYY 4x95mm<\/h2>\n<p><strong>Nennspannung :<\/strong> Uo\/U: 0,6\/1KV<\/p>\n<p><strong>Pr\u00fcfspannung :<\/strong> 4 KV<\/p>\n<p><strong>Dirigent:<\/strong> verseiltes Kupfer<\/p>\n<p><strong>Isolierung :<\/strong> Polyvinylchlorid (PVC)<\/p>\n<p><strong>F\u00fcllstoff:<\/strong> extrudierte Elastomer- oder Plastomermischungen oder gewickelte thermoplastische B\u00e4nder<\/p>\n<p><strong>Mantel :<\/strong> Polyvinylchlorid (PVC)<\/p>\n<p style=\"text-align: center;\"><span class=\"su-lightbox\" data-mfp-src=\"#Popup\" data-mfp-type=\"inline\" data-mobile=\"yes\"><button class=\"btn btn-danger btn-sm\" ><i class=\"fa fa-hand-o-right\" style=\"color:#ffffff;\"><\/i> Angebot einholen<\/button><\/span>\n<\/div>\n<\/div>\n<h2>Das Merkmal von kabel nyy 4x4mm<\/h2>\n<p>In der Tat ist das kabel nyy 4\u00d74 ein Kabel mit 4 Kupferadern und PVC-Isolierung und PVC-Mantel. Die PVC-Isolierung f\u00fcr dieses kabel nyy 4x70mm hat eine starke Konstruktion. Sie wissen <a href=\"https:\/\/huadongswacable.com\/de\/pvc-armierte-kabel-anpassung\/\" target=\"_blank\" rel=\"noopener noreferrer\">pvc stromkabel<\/a> ist sehr beliebt. Das liegt daran, dass es eine zus\u00e4tzliche Ummantelung hat und kabel nyy 4\u00d795 Rattenbisse verhindern kann. Au\u00dferdem hat das kabel nyy 4x150mm eine hohe Widerstandsf\u00e4higkeit, so dass Sie das kabel nyy 4\u00d7185 unter der Erde vergraben k\u00f6nnen. Dar\u00fcber hinaus ist das kabel nyy 4x240mm viel sicherer und f\u00fcr fest installierte elektrische Ger\u00e4te geeignet. Daher ist die Nachfrage nach kabel nyy Indonesien gro\u00df.<\/p>\n<div class=\"row\">\n<div class=\"col-lg-6 col-md-12 col-xs-12 col-sm-12\">\n<img loading=\"lazy\" decoding=\"async\" class=\"aligncenter wp-image-5154\" src=\"https:\/\/huadongswacable.com\/wp-content\/uploads\/2020\/12\/kabel-nyy-4x4mm-10mm-16mm-25mm-35mm-50mm-70mm-95mm-price-Indonesia-.jpg\" alt=\"kabel nyy 4x4mm 10mm 16mm 25mm 35mm 50mm 70mm 95mm Preis Indonesien\" width=\"307\" height=\"352\" srcset=\"https:\/\/huadongswacable.com\/wp-content\/uploads\/2020\/12\/kabel-nyy-4x4mm-10mm-16mm-25mm-35mm-50mm-70mm-95mm-price-Indonesia-.jpg 400w, https:\/\/huadongswacable.com\/wp-content\/uploads\/2020\/12\/kabel-nyy-4x4mm-10mm-16mm-25mm-35mm-50mm-70mm-95mm-price-Indonesia--261x300.jpg 261w\" sizes=\"auto, (max-width: 307px) 100vw, 307px\" \/><\/div>\n<div class=\"col-lg-6 col-md-12 col-xs-12 col-sm-12\">\n<p><strong>Spannung\uff1a<\/strong>600\/1000V<\/p>\n<p><strong>Dirigent:<\/strong> Kupfer massiv oder verseilt<\/p>\n<p><strong>Kerne Nr.:<\/strong> 4 Kern<\/p>\n<p><strong>Gr\u00f6\u00dfe:<\/strong> 4mm 10mm 16mm 25mm 50mm 70mm 95mm 120mm 185mm 240mm<\/p>\n<p><strong>Standard\uff1a<\/strong>HRN HD 603 S1<br \/>\nIEC 60502-1<br \/>\nDIN VDE 0276 Teil 603<br \/>\nHRN HD 627 S1<br \/>\nDIN VDE 0276-627<\/p>\n<p style=\"text-align: center;\"><span class=\"su-lightbox\" data-mfp-src=\"#Popup\" data-mfp-type=\"inline\" data-mobile=\"yes\"><button class=\"btn btn-danger btn-sm\" ><i class=\"fa fa-hand-o-right\" style=\"color:#ffffff;\"><\/i> Angebot einholen<\/button><\/span>\n<\/div>\n<\/div>\n<p>Zum Beispiel k\u00f6nnen Sie das kabel nyy 4\u00d74 in der Schule, Krankenhaus, Park, Platz, Fabrikgeb\u00e4ude und so weiter anwenden. Das ist, warum so viele Projekte brauchen kabel nyy 4x16mm. Wenn Sie nach kabel nyy 4x25mm suchen, k\u00f6nnen Sie viele kabel nyy Indonesien Lieferanten finden. Sie k\u00f6nnen aber auch kabel nyy 4\u00d74 von ausl\u00e4ndischen Herstellern kaufen. Auch wenn die Versandkosten f\u00fcr kabel nyy 4x4mm viel h\u00f6her sind als beim Kauf vor Ort, ist der Gesamtpreis f\u00fcr kabel nyy 4\u00d750 g\u00fcnstiger. Da der Preis f\u00fcr kabel nyy 70mm nicht der gleiche ist, wenn Sie kabel nyy Indonesien, Malaysia, Thailand, Vietnam, Nigeria, Sambia, Mosambik oder anderen L\u00e4ndern erhalten m\u00f6chten, kontaktieren Sie uns einfach.<\/p>\n<p><img loading=\"lazy\" decoding=\"async\" class=\"aligncenter wp-image-5173\" src=\"https:\/\/huadongswacable.com\/wp-content\/uploads\/2020\/12\/kabel-nyy-4x4mm-4x6mm-4x16mm-4x95mm-Indonesia-supplier.jpg\" alt=\"kabel nyy 4x4mm 4x6mm 4x16mm 4x95mm Indonesien Lieferant\" width=\"616\" height=\"150\" srcset=\"https:\/\/huadongswacable.com\/wp-content\/uploads\/2020\/12\/kabel-nyy-4x4mm-4x6mm-4x16mm-4x95mm-Indonesia-supplier.jpg 900w, https:\/\/huadongswacable.com\/wp-content\/uploads\/2020\/12\/kabel-nyy-4x4mm-4x6mm-4x16mm-4x95mm-Indonesia-supplier-300x73.jpg 300w, https:\/\/huadongswacable.com\/wp-content\/uploads\/2020\/12\/kabel-nyy-4x4mm-4x6mm-4x16mm-4x95mm-Indonesia-supplier-768x187.jpg 768w\" sizes=\"auto, (max-width: 616px) 100vw, 616px\" \/><\/p>\n<p style=\"text-align: center;\"><span class=\"su-lightbox\" data-mfp-src=\"#Popup\" data-mfp-type=\"inline\" data-mobile=\"yes\"><button class=\"btn btn-danger btn-sm\" ><i class=\"fa fa-hand-o-right\" style=\"color:#ffffff;\"><\/i> Angebot einholen<\/button><\/span>\n<h2>Wo finde ich den besten Anbieter von 0,6\/1KV NYY-Kabeln?<\/h2>\n<p>Auch wenn wir das kabel nyy 4x4mm Kabel f\u00fcr alle L\u00e4nder liefern, ist die gr\u00f6\u00dfte Nachfrage nach kabel nyy Indonesien. was mehr ist, ist unsere harga kabel nyy 4x16mm sehr vern\u00fcnftig. Also, wenn Sie 4x25mm nyy Kabel ben\u00f6tigen, sagen Sie uns bitte. Wir k\u00f6nnen beste 4x35mm kabel nyy Indonesien Preis f\u00fcr Sie bereitstellen. Dar\u00fcber hinaus k\u00f6nnen wir als ein professioneller 4x95mm kabel nyy Indonesien Lieferant auch verschiedene gepanzerte Kabelgr\u00f6\u00dfe f\u00fcr Sie bereitstellen. Au\u00dferdem k\u00f6nnen wir pvc und xlpe Kabel als Ihre Anforderung anpassen. Zum Beispiel k\u00f6nnen Sie 25mm 2 Kern Kabel, 95mm Kabel, 3 Kern 185mm Kabel, 240mm xlpe Kabel und so weiter kaufen. Erwarten Sie kabel nyy, andere 0,6\/1KV bewehrte Kabel Preis wird auch nicht entt\u00e4uschen.  Wenn Sie sich f\u00fcr unsere nyy Kabel und andere Produkte interessieren, hinterlassen Sie einfach eine Nachricht.<\/p>\n<p><img loading=\"lazy\" decoding=\"async\" class=\"aligncenter size-full wp-image-5206\" src=\"https:\/\/huadongswacable.com\/wp-content\/uploads\/2020\/12\/4x95mm-4x16mm-4x4mm-Kabel-NYY-price-Indonesia-.jpg\" alt=\"4x95mm 4x16mm 4x4mm Kabel NYY Preis Indonesien\" width=\"800\" height=\"360\" srcset=\"https:\/\/huadongswacable.com\/wp-content\/uploads\/2020\/12\/4x95mm-4x16mm-4x4mm-Kabel-NYY-price-Indonesia-.jpg 800w, https:\/\/huadongswacable.com\/wp-content\/uploads\/2020\/12\/4x95mm-4x16mm-4x4mm-Kabel-NYY-price-Indonesia--300x135.jpg 300w, https:\/\/huadongswacable.com\/wp-content\/uploads\/2020\/12\/4x95mm-4x16mm-4x4mm-Kabel-NYY-price-Indonesia--768x346.jpg 768w\" sizes=\"auto, (max-width: 800px) 100vw, 800px\" \/><\/p>\n<div class=\"su-lightbox-content su-u-trim\" id=\"Popup\" style=\"display:none;width:auto;min-width:50%;max-width:70%;margin-top:40px;margin-bottom:40px;padding:40px;background:#e8e5e5;color:#060473;box-shadow:0px 0px 15px #333333;text-align:left\"><div role=\"form\" class=\"wpcf7\" id=\"wpcf7-f5571-o1\" lang=\"en-US\" dir=\"ltr\">\n<div class=\"screen-reader-response\"><p role=\"status\" aria-live=\"polite\" aria-atomic=\"true\"><\/p> <ul><\/ul><\/div>\n<form action=\"\/de\/wp-json\/wp\/v2\/pages\/5117#wpcf7-f5571-o1\" method=\"post\" class=\"wpcf7-form init\" novalidate=\"novalidate\" data-status=\"init\" data-trp-original-action=\"\/de\/wp-json\/wp\/v2\/pages\/5117#wpcf7-f5571-o1\">\n<div style=\"display: none;\">\n<input type=\"hidden\" name=\"_wpcf7\" value=\"5571\" \/>\n<input type=\"hidden\" name=\"_wpcf7_version\" value=\"5.5.6\" \/>\n<input type=\"hidden\" name=\"_wpcf7_locale\" value=\"en_US\" \/>\n<input type=\"hidden\" name=\"_wpcf7_unit_tag\" value=\"wpcf7-f5571-o1\" \/>\n<input type=\"hidden\" name=\"_wpcf7_container_post\" value=\"0\" \/>\n<input type=\"hidden\" name=\"_wpcf7_posted_data_hash\" value=\"\" \/>\n<\/div>\n<div class=\"popmakerform\">\n<p>Ihr Name <span style=\"color:red;\">*<span><br \/>\n<span class=\"wpcf7-form-control-wrap your-name\"><input type=\"text\" name=\"your-name\" value=\"\" size=\"40\" class=\"wpcf7-form-control wpcf7-text wpcf7-validates-as-required\" aria-required=\"true\" aria-invalid=\"false\" \/><\/span><\/p>\n<p>Deine E-Mail <span style=\"color:red;\">*<span><br \/>\n<span class=\"wpcf7-form-control-wrap your-email\"><input type=\"email\" name=\"your-email\" value=\"\" size=\"40\" class=\"wpcf7-form-control wpcf7-text wpcf7-email wpcf7-validates-as-required wpcf7-validates-as-email\" aria-required=\"true\" aria-invalid=\"false\" \/><\/span><\/p>\n<p>Ihre Telefonnummer<br \/>\n<span class=\"wpcf7-form-control-wrap your-phone\"><input type=\"text\" name=\"your-phone\" value=\"\" size=\"40\" class=\"wpcf7-form-control wpcf7-text\" aria-invalid=\"false\" \/><\/span><\/p>\n<p>Ihr Land<br \/>\n<span class=\"wpcf7-form-control-wrap your-country\"><input type=\"text\" name=\"your-country\" value=\"\" size=\"40\" class=\"wpcf7-form-control wpcf7-text\" aria-invalid=\"false\" \/><\/span><\/p>\n<p>Detaillierte Anforderung <span style=\"color:red;\">*<span><br \/>\n<span class=\"wpcf7-form-control-wrap your-requirement\"><textarea name=\"your-requirement\" cols=\"40\" rows=\"4\" class=\"wpcf7-form-control wpcf7-textarea wpcf7-validates-as-required\" aria-required=\"true\" aria-invalid=\"false\"><\/textarea><\/span><\/p>\n<p><input type=\"submit\" value=\"Angebot einholen\" class=\"wpcf7-form-control has-spinner wpcf7-submit\" \/><\/p>\n<\/div>\n<p style=\"display: none !important;\"><label>&#916;<textarea name=\"_wpcf7_ak_hp_textarea\" cols=\"45\" rows=\"8\" maxlength=\"100\"><\/textarea><\/label><input type=\"hidden\" id=\"ak_js_1\" name=\"_wpcf7_ak_js\" value=\"42\"\/><script>document.getElementById( \"ak_js_1\" ).setAttribute( \"value\", ( new Date() ).getTime() );<\/script><\/p><input type='hidden' class='wpcf7-pum' value='{\"closepopup\":false,\"closedelay\":0,\"openpopup\":false,\"openpopup_id\":0}' \/><div class=\"wpcf7-response-output\" aria-hidden=\"true\"><\/div><input type=\"hidden\" name=\"trp-form-language\" value=\"de\"\/><\/form><\/div><\/div>\n<div role=\"form\" class=\"wpcf7\" id=\"wpcf7-f6-o2\" lang=\"en-US\" dir=\"ltr\">\n<div class=\"screen-reader-response\"><p role=\"status\" aria-live=\"polite\" aria-atomic=\"true\"><\/p> <ul><\/ul><\/div>\n<form action=\"\/de\/wp-json\/wp\/v2\/pages\/5117#wpcf7-f6-o2\" method=\"post\" class=\"wpcf7-form init\" novalidate=\"novalidate\" data-status=\"init\" data-trp-original-action=\"\/de\/wp-json\/wp\/v2\/pages\/5117#wpcf7-f6-o2\">\n<div style=\"display: none;\">\n<input type=\"hidden\" name=\"_wpcf7\" value=\"6\" \/>\n<input type=\"hidden\" name=\"_wpcf7_version\" value=\"5.5.6\" \/>\n<input type=\"hidden\" name=\"_wpcf7_locale\" value=\"en_US\" \/>\n<input type=\"hidden\" name=\"_wpcf7_unit_tag\" value=\"wpcf7-f6-o2\" \/>\n<input type=\"hidden\" name=\"_wpcf7_container_post\" value=\"0\" \/>\n<input type=\"hidden\" name=\"_wpcf7_posted_data_hash\" value=\"\" \/>\n<\/div>\n<div class=\"messageform\">\n<p><strong><span style=\"color:red;\"><\/span> Ihr Name<\/strong><br \/>\n    <span class=\"wpcf7-form-control-wrap your-name\"><input type=\"text\" name=\"your-name\" value=\"\" size=\"40\" class=\"wpcf7-form-control wpcf7-text\" aria-invalid=\"false\" \/><\/span> <\/p>\n<p><strong><span style=\"color:red;\">*<\/span> Deine E-Mail<\/strong><br \/>\n    <span class=\"wpcf7-form-control-wrap your-email\"><input type=\"email\" name=\"your-email\" value=\"\" size=\"40\" class=\"wpcf7-form-control wpcf7-text wpcf7-email wpcf7-validates-as-required wpcf7-validates-as-email\" aria-required=\"true\" aria-invalid=\"false\" \/><\/span> <\/p>\n<p><strong>Ihre Telefonnummer<\/strong><br \/>\n    <span class=\"wpcf7-form-control-wrap your-phone\"><input type=\"text\" name=\"your-phone\" value=\"\" size=\"40\" class=\"wpcf7-form-control wpcf7-text\" aria-invalid=\"false\" placeholder=\"Geben Sie die Vorwahl ein\" \/><\/span> <\/p>\n<p><strong>Ihr Land<\/strong><br \/>\n    <span class=\"wpcf7-form-control-wrap your-country\"><input type=\"text\" name=\"your-country\" value=\"\" size=\"40\" class=\"wpcf7-form-control wpcf7-text\" aria-invalid=\"false\" \/><\/span> <\/p>\n<p><strong><span style=\"color:red;\">*<\/span> Ihr Bedarf<\/strong><br \/>\n    <span class=\"wpcf7-form-control-wrap your-requirement\"><textarea name=\"your-requirement\" cols=\"40\" rows=\"10\" class=\"wpcf7-form-control wpcf7-textarea wpcf7-validates-as-required bestonmessage\" aria-required=\"true\" aria-invalid=\"false\" placeholder=\"F\u00fcr ein detailliertes Angebot senden Sie uns bitte Ihre ausf\u00fchrlichen Anforderungen.\"><\/textarea><\/span> <\/p>\n<p><input type=\"submit\" value=\"Nachricht senden\" class=\"wpcf7-form-control has-spinner wpcf7-submit\" \/><\/p>\n<\/div>\n<p style=\"display: none !important;\"><label>&#916;<textarea name=\"_wpcf7_ak_hp_textarea\" cols=\"45\" rows=\"8\" maxlength=\"100\"><\/textarea><\/label><input type=\"hidden\" id=\"ak_js_2\" name=\"_wpcf7_ak_js\" value=\"84\"\/><script>document.getElementById( \"ak_js_2\" ).setAttribute( \"value\", ( new Date() ).getTime() );<\/script><\/p><input type='hidden' class='wpcf7-pum' value='{\"closepopup\":false,\"closedelay\":0,\"openpopup\":false,\"openpopup_id\":0}' \/><div class=\"wpcf7-response-output\" aria-hidden=\"true\"><\/div><input type=\"hidden\" name=\"trp-form-language\" value=\"de\"\/><\/form><\/div>","protected":false},"excerpt":{"rendered":"<p>Welche Gr\u00f6\u00dfe von kabel nyy ben\u00f6tigen Sie? Im Allgemeinen sind die Einsatzm\u00f6glichkeiten von kabel nyy sehr vielf\u00e4ltig. Sie k\u00f6nnen kabel nyy 4\u00d74 mm in Innenr\u00e4umen, im Freien, in Kabelkan\u00e4len und unter der Erde verlegt verwenden. Um die Anforderungen der Kunden zu erf\u00fcllen, hat kabel nyy in Indonesien verschiedene Gr\u00f6\u00dfen. Zum Beispiel, k\u00f6nnen Sie w\u00e4hlen, 4x4mm, 4x6mm, 4x10mm, 4x16mm, 4x25mm, ... <a class=\"read-more\" href=\"https:\/\/huadongswacable.com\/de\/kabel-nyy-indonesien\/\">Weiterlesen ...<\/a><\/p>","protected":false},"author":1,"featured_media":0,"parent":0,"menu_order":0,"comment_status":"closed","ping_status":"closed","template":"","meta":{"footnotes":""},"class_list":["post-5117","page","type-page","status-publish"],"yoast_head":"<!-- This site is optimized with the Yoast SEO plugin v18.4.1 - https:\/\/yoast.com\/wordpress\/plugins\/seo\/ -->\n<title>4x4mm 10mm 16mm 25mm 50mm 95mm Harga Kabel NYY Indonesia<\/title>\n<meta name=\"description\" content=\"Contact us to get best 4x4mm 4x10mm 4x16mm 4x 25mm 4x35mm 4x50mm 4x70mm 4x95mm 4x120mm 4x185mm 4x240mm Harga Kabel NYY Indonesia .\" \/>\n<meta name=\"robots\" content=\"index, follow, max-snippet:-1, max-image-preview:large, max-video-preview:-1\" \/>\n<link rel=\"canonical\" href=\"http:\/\/huadongswacable.com\/de\/kabel-nyy-indonesia\/\" \/>\n<meta property=\"og:locale\" content=\"de_DE\" \/>\n<meta property=\"og:type\" content=\"article\" \/>\n<meta property=\"og:title\" content=\"4x4mm 10mm 16mm 25mm 50mm 95mm Harga Kabel NYY Indonesia\" \/>\n<meta property=\"og:description\" content=\"Contact us to get best 4x4mm 4x10mm 4x16mm 4x 25mm 4x35mm 4x50mm 4x70mm 4x95mm 4x120mm 4x185mm 4x240mm Harga Kabel NYY Indonesia .\" \/>\n<meta property=\"og:url\" content=\"http:\/\/huadongswacable.com\/de\/kabel-nyy-indonesia\/\" \/>\n<meta property=\"og:site_name\" content=\"Huadong SWA Cable\" \/>\n<meta property=\"article:modified_time\" content=\"2022-12-19T07:04:02+00:00\" \/>\n<meta property=\"og:image\" content=\"https:\/\/huadongswacable.com\/wp-content\/uploads\/2020\/12\/0.6-1kv-IEC60502-VDE-0276-Kabel-nyy-4x4mm-4x16mm-4x25mm.jpg\" \/>\n<meta name=\"twitter:card\" content=\"summary_large_image\" \/>\n<meta name=\"twitter:label1\" content=\"Gesch\u00e4tzte Lesezeit\" \/>\n\t<meta name=\"twitter:data1\" content=\"5\u00a0Minuten\" \/>\n<script type=\"application\/ld+json\" class=\"yoast-schema-graph\">{\"@context\":\"https:\/\/schema.org\",\"@graph\":[{\"@type\":\"WebSite\",\"@id\":\"http:\/\/huadongswacable.com\/ru\/#website\",\"url\":\"http:\/\/huadongswacable.com\/ru\/\",\"name\":\"Huadong SWA Cable\",\"description\":\"Huadong SWA Cable\",\"potentialAction\":[{\"@type\":\"SearchAction\",\"target\":{\"@type\":\"EntryPoint\",\"urlTemplate\":\"http:\/\/huadongswacable.com\/ru\/?s={search_term_string}\"},\"query-input\":\"required name=search_term_string\"}],\"inLanguage\":\"de\"},{\"@type\":\"ImageObject\",\"@id\":\"http:\/\/huadongswacable.com\/es\/kabel-nyy-indonesia\/#primaryimage\",\"inLanguage\":\"de\",\"url\":\"https:\/\/huadongswacable.com\/wp-content\/uploads\/2020\/12\/0.6-1kv-IEC60502-VDE-0276-Kabel-nyy-4x4mm-4x16mm-4x25mm.jpg\",\"contentUrl\":\"https:\/\/huadongswacable.com\/wp-content\/uploads\/2020\/12\/0.6-1kv-IEC60502-VDE-0276-Kabel-nyy-4x4mm-4x16mm-4x25mm.jpg\",\"width\":400,\"height\":400,\"caption\":\"0.6\/1kv IEC60502 VDE 0276 Kabel nyy 4x4mm 4x16mm 4x25mm\"},{\"@type\":\"WebPage\",\"@id\":\"http:\/\/huadongswacable.com\/es\/kabel-nyy-indonesia\/#webpage\",\"url\":\"http:\/\/huadongswacable.com\/es\/kabel-nyy-indonesia\/\",\"name\":\"4x4mm 10mm 16mm 25mm 50mm 95mm Harga Kabel NYY Indonesia\",\"isPartOf\":{\"@id\":\"http:\/\/huadongswacable.com\/ru\/#website\"},\"primaryImageOfPage\":{\"@id\":\"http:\/\/huadongswacable.com\/es\/kabel-nyy-indonesia\/#primaryimage\"},\"datePublished\":\"2020-12-10T09:24:37+00:00\",\"dateModified\":\"2022-12-19T07:04:02+00:00\",\"description\":\"Contact us to get best 4x4mm 4x10mm 4x16mm 4x 25mm 4x35mm 4x50mm 4x70mm 4x95mm 4x120mm 4x185mm 4x240mm Harga Kabel NYY Indonesia .\",\"breadcrumb\":{\"@id\":\"http:\/\/huadongswacable.com\/es\/kabel-nyy-indonesia\/#breadcrumb\"},\"inLanguage\":\"de\",\"potentialAction\":[{\"@type\":\"ReadAction\",\"target\":[\"http:\/\/huadongswacable.com\/es\/kabel-nyy-indonesia\/\"]}]},{\"@type\":\"BreadcrumbList\",\"@id\":\"http:\/\/huadongswacable.com\/es\/kabel-nyy-indonesia\/#breadcrumb\",\"itemListElement\":[{\"@type\":\"ListItem\",\"position\":1,\"name\":\"Home\",\"item\":\"http:\/\/huadongswacable.com\/ru\/\"},{\"@type\":\"ListItem\",\"position\":2,\"name\":\"4x4mm 4x10mm 4x16mm 4x 25mm 4x35mm 4x50mm 4x70mm 4x95mm Kabel NYY Indonesia\"}]}]}<\/script>\n<!-- \/ Yoast SEO plugin. -->","yoast_head_json":{"title":"4x4mm 10mm 16mm 25mm 50mm 95mm Harga Kabel NYY Indonesia","description":"Contact us to get best 4x4mm 4x10mm 4x16mm 4x 25mm 4x35mm 4x50mm 4x70mm 4x95mm 4x120mm 4x185mm 4x240mm Harga Kabel NYY Indonesia .","robots":{"index":"index","follow":"follow","max-snippet":"max-snippet:-1","max-image-preview":"max-image-preview:large","max-video-preview":"max-video-preview:-1"},"canonical":"http:\/\/huadongswacable.com\/de\/kabel-nyy-indonesia\/","og_locale":"de_DE","og_type":"article","og_title":"4x4mm 10mm 16mm 25mm 50mm 95mm Harga Kabel NYY Indonesia","og_description":"Contact us to get best 4x4mm 4x10mm 4x16mm 4x 25mm 4x35mm 4x50mm 4x70mm 4x95mm 4x120mm 4x185mm 4x240mm Harga Kabel NYY Indonesia .","og_url":"http:\/\/huadongswacable.com\/de\/kabel-nyy-indonesia\/","og_site_name":"Huadong SWA Cable","article_modified_time":"2022-12-19T07:04:02+00:00","og_image":[{"url":"https:\/\/huadongswacable.com\/wp-content\/uploads\/2020\/12\/0.6-1kv-IEC60502-VDE-0276-Kabel-nyy-4x4mm-4x16mm-4x25mm.jpg"}],"twitter_card":"summary_large_image","twitter_misc":{"Gesch\u00e4tzte Lesezeit":"5\u00a0Minuten"},"schema":{"@context":"https:\/\/schema.org","@graph":[{"@type":"WebSite","@id":"http:\/\/huadongswacable.com\/ru\/#website","url":"http:\/\/huadongswacable.com\/ru\/","name":"Huadong SWA Cable","description":"Huadong SWA Cable","potentialAction":[{"@type":"SearchAction","target":{"@type":"EntryPoint","urlTemplate":"http:\/\/huadongswacable.com\/ru\/?s={search_term_string}"},"query-input":"required name=search_term_string"}],"inLanguage":"de"},{"@type":"ImageObject","@id":"http:\/\/huadongswacable.com\/es\/kabel-nyy-indonesia\/#primaryimage","inLanguage":"de","url":"https:\/\/huadongswacable.com\/wp-content\/uploads\/2020\/12\/0.6-1kv-IEC60502-VDE-0276-Kabel-nyy-4x4mm-4x16mm-4x25mm.jpg","contentUrl":"https:\/\/huadongswacable.com\/wp-content\/uploads\/2020\/12\/0.6-1kv-IEC60502-VDE-0276-Kabel-nyy-4x4mm-4x16mm-4x25mm.jpg","width":400,"height":400,"caption":"0.6\/1kv IEC60502 VDE 0276 Kabel nyy 4x4mm 4x16mm 4x25mm"},{"@type":"WebPage","@id":"http:\/\/huadongswacable.com\/es\/kabel-nyy-indonesia\/#webpage","url":"http:\/\/huadongswacable.com\/es\/kabel-nyy-indonesia\/","name":"4x4mm 10mm 16mm 25mm 50mm 95mm Harga Kabel NYY Indonesia","isPartOf":{"@id":"http:\/\/huadongswacable.com\/ru\/#website"},"primaryImageOfPage":{"@id":"http:\/\/huadongswacable.com\/es\/kabel-nyy-indonesia\/#primaryimage"},"datePublished":"2020-12-10T09:24:37+00:00","dateModified":"2022-12-19T07:04:02+00:00","description":"Contact us to get best 4x4mm 4x10mm 4x16mm 4x 25mm 4x35mm 4x50mm 4x70mm 4x95mm 4x120mm 4x185mm 4x240mm Harga Kabel NYY Indonesia .","breadcrumb":{"@id":"http:\/\/huadongswacable.com\/es\/kabel-nyy-indonesia\/#breadcrumb"},"inLanguage":"de","potentialAction":[{"@type":"ReadAction","target":["http:\/\/huadongswacable.com\/es\/kabel-nyy-indonesia\/"]}]},{"@type":"BreadcrumbList","@id":"http:\/\/huadongswacable.com\/es\/kabel-nyy-indonesia\/#breadcrumb","itemListElement":[{"@type":"ListItem","position":1,"name":"Home","item":"http:\/\/huadongswacable.com\/ru\/"},{"@type":"ListItem","position":2,"name":"4x4mm 4x10mm 4x16mm 4x 25mm 4x35mm 4x50mm 4x70mm 4x95mm Kabel NYY Indonesia"}]}]}},"_links":{"self":[{"href":"https:\/\/huadongswacable.com\/de\/wp-json\/wp\/v2\/pages\/5117","targetHints":{"allow":["GET"]}}],"collection":[{"href":"https:\/\/huadongswacable.com\/de\/wp-json\/wp\/v2\/pages"}],"about":[{"href":"https:\/\/huadongswacable.com\/de\/wp-json\/wp\/v2\/types\/page"}],"author":[{"embeddable":true,"href":"https:\/\/huadongswacable.com\/de\/wp-json\/wp\/v2\/users\/1"}],"replies":[{"embeddable":true,"href":"https:\/\/huadongswacable.com\/de\/wp-json\/wp\/v2\/comments?post=5117"}],"version-history":[{"count":43,"href":"https:\/\/huadongswacable.com\/de\/wp-json\/wp\/v2\/pages\/5117\/revisions"}],"predecessor-version":[{"id":7774,"href":"https:\/\/huadongswacable.com\/de\/wp-json\/wp\/v2\/pages\/5117\/revisions\/7774"}],"wp:attachment":[{"href":"https:\/\/huadongswacable.com\/de\/wp-json\/wp\/v2\/media?parent=5117"}],"curies":[{"name":"wp","href":"https:\/\/api.w.org\/{rel}","templated":true}]}}