{"id":495,"date":"2018-03-15T10:57:40","date_gmt":"2018-03-15T02:57:40","guid":{"rendered":"http:\/\/huadongswacable.com\/?page_id=495"},"modified":"2021-05-12T13:56:00","modified_gmt":"2021-05-12T05:56:00","slug":"about-us","status":"publish","type":"page","link":"https:\/\/huadongswacable.com\/de\/uber-uns\/","title":{"rendered":"\u00dcber uns"},"content":{"rendered":"<p>Die Huadong Cable Group ist eine Aktiengesellschaft, die in den Bereichen Kabelproduktion, Forschung und Entwicklung sowie nationaler und internationaler Handel t\u00e4tig ist. Zhengzhou Hongliang Cable Co., Ltd ist eine der Niederlassungen der Huadong-Kabelgruppe und auch eines der gr\u00f6\u00dften professionellen Import- und Exporthandelsunternehmen in China.<br \/>\nDas Werk wurde 1988 gegr\u00fcndet, hat eine Fl\u00e4che von 50.000 Quadratmetern und befindet sich im Industriegebiet von Zhengzhou. Es verf\u00fcgt \u00fcber 20 Produktionslinien mit moderner Ausr\u00fcstung und 25 Pr\u00fcfmaschinen. Die j\u00e4hrliche Produktionskapazit\u00e4t betr\u00e4gt mehr als 12 Millionen Kilometer. Unsere internationale Niederlassung befindet sich in der Stadt Zhengzhou, die f\u00fcr ihre g\u00fcnstige Verkehrslage bekannt ist.<\/p>\n<p><img loading=\"lazy\" decoding=\"async\" class=\"aligncenter size-full wp-image-5817\" src=\"http:\/\/huadongswacable.com\/wp-content\/uploads\/2021\/05\/xlpe-pvc-swa-armoured-cable-supplier.jpg\" alt=\"xlpe pvc swa armierte kabel lieferant\" width=\"899\" height=\"371\" srcset=\"https:\/\/huadongswacable.com\/wp-content\/uploads\/2021\/05\/xlpe-pvc-swa-armoured-cable-supplier.jpg 899w, https:\/\/huadongswacable.com\/wp-content\/uploads\/2021\/05\/xlpe-pvc-swa-armoured-cable-supplier-300x124.jpg 300w, https:\/\/huadongswacable.com\/wp-content\/uploads\/2021\/05\/xlpe-pvc-swa-armoured-cable-supplier-768x317.jpg 768w\" sizes=\"auto, (max-width: 899px) 100vw, 899px\" \/><\/p>\n<p>Wir produzieren und exportieren haupts\u00e4chlich Stromkabel, Vollaluminiumleiter (AAC), stahlverst\u00e4rkte Aluminiumleiter (ACSR Conductor), Leiter aus Vollaluminiumlegierung (AAAC), geb\u00fcndelte ABC-Freileitungskabel, 1-500kV-Stromkabel (einschlie\u00dflich XLPE-isolierte Kabel, PVC-isolierte Kabel, SWA\/STA-armierte Kabel). (XLPE\/PVC-isolierte ABC-Kabel), Steuerkabel, Schwei\u00dfkabel, Gummikabel, Bergbaukabel, elektrische Dr\u00e4hte (PVC-ummantelte flexible Kabel), OPGW und Spezialkabel.<\/p>\n<p><strong>Unsere Grunds\u00e4tze:<\/strong><br \/>\n1) Qualit\u00e4t zuerst, Kunde zuerst, Sicherheit zuerst<br \/>\n2) Besserer Service, schnellere Lieferung<br \/>\n3) Gleichheit und gegenseitiger Nutzen<br \/>\n4) Ehrlichkeit und Beruf<\/p>\n<p><strong>Unser Service:<\/strong><br \/>\n1) Rasche und professionelle Reaktion<br \/>\n2) Geduldig und vertrauensvoll<br \/>\n3) Strenges Qualit\u00e4tskontrollsystem<br \/>\n4) P\u00fcnktliche Lieferung<\/p>\n<p><img loading=\"lazy\" decoding=\"async\" class=\"aligncenter size-full wp-image-5819\" src=\"http:\/\/huadongswacable.com\/wp-content\/uploads\/2021\/05\/all-size-swa-armoured-cable-for-sale.jpg\" alt=\"alle Gr\u00f6\u00dfen billige swa armierte Kabel \" width=\"999\" height=\"521\" srcset=\"https:\/\/huadongswacable.com\/wp-content\/uploads\/2021\/05\/all-size-swa-armoured-cable-for-sale.jpg 999w, https:\/\/huadongswacable.com\/wp-content\/uploads\/2021\/05\/all-size-swa-armoured-cable-for-sale-300x156.jpg 300w, https:\/\/huadongswacable.com\/wp-content\/uploads\/2021\/05\/all-size-swa-armoured-cable-for-sale-768x401.jpg 768w\" sizes=\"auto, (max-width: 999px) 100vw, 999px\" \/><\/p>\n<p><strong>Unser Auftrag:<\/strong><br \/>\nLieferung von Qualit\u00e4tsprodukten zu wettbewerbsf\u00e4higen Preisen und ausgezeichnetem Service.<br \/>\n<strong>E-Mail: <a href=\"mailto:info@huadongswacable.com\" rel=\"nofollow\">info@huadongswacable.com<\/a><\/strong><\/p>\n<div role=\"form\" class=\"wpcf7\" id=\"wpcf7-f6-o1\" lang=\"en-US\" dir=\"ltr\">\n<div class=\"screen-reader-response\"><p role=\"status\" aria-live=\"polite\" aria-atomic=\"true\"><\/p> <ul><\/ul><\/div>\n<form action=\"\/de\/wp-json\/wp\/v2\/pages\/495#wpcf7-f6-o1\" method=\"post\" class=\"wpcf7-form init\" novalidate=\"novalidate\" data-status=\"init\" data-trp-original-action=\"\/de\/wp-json\/wp\/v2\/pages\/495#wpcf7-f6-o1\">\n<div style=\"display: none;\">\n<input type=\"hidden\" name=\"_wpcf7\" value=\"6\" \/>\n<input type=\"hidden\" name=\"_wpcf7_version\" value=\"5.5.6\" \/>\n<input type=\"hidden\" name=\"_wpcf7_locale\" value=\"en_US\" \/>\n<input type=\"hidden\" name=\"_wpcf7_unit_tag\" value=\"wpcf7-f6-o1\" \/>\n<input type=\"hidden\" name=\"_wpcf7_container_post\" value=\"0\" \/>\n<input type=\"hidden\" name=\"_wpcf7_posted_data_hash\" value=\"\" \/>\n<\/div>\n<div class=\"messageform\">\n<p><strong><span style=\"color:red;\"><\/span> Ihr Name<\/strong><br \/>\n    <span class=\"wpcf7-form-control-wrap your-name\"><input type=\"text\" name=\"your-name\" value=\"\" size=\"40\" class=\"wpcf7-form-control wpcf7-text\" aria-invalid=\"false\" \/><\/span> <\/p>\n<p><strong><span style=\"color:red;\">*<\/span> Deine E-Mail<\/strong><br \/>\n    <span class=\"wpcf7-form-control-wrap your-email\"><input type=\"email\" name=\"your-email\" value=\"\" size=\"40\" class=\"wpcf7-form-control wpcf7-text wpcf7-email wpcf7-validates-as-required wpcf7-validates-as-email\" aria-required=\"true\" aria-invalid=\"false\" \/><\/span> <\/p>\n<p><strong>Ihre Telefonnummer<\/strong><br \/>\n    <span class=\"wpcf7-form-control-wrap your-phone\"><input type=\"text\" name=\"your-phone\" value=\"\" size=\"40\" class=\"wpcf7-form-control wpcf7-text\" aria-invalid=\"false\" placeholder=\"Geben Sie die Vorwahl ein\" \/><\/span> <\/p>\n<p><strong>Ihr Land<\/strong><br \/>\n    <span class=\"wpcf7-form-control-wrap your-country\"><input type=\"text\" name=\"your-country\" value=\"\" size=\"40\" class=\"wpcf7-form-control wpcf7-text\" aria-invalid=\"false\" \/><\/span> <\/p>\n<p><strong><span style=\"color:red;\">*<\/span> Ihr Bedarf<\/strong><br \/>\n    <span class=\"wpcf7-form-control-wrap your-requirement\"><textarea name=\"your-requirement\" cols=\"40\" rows=\"10\" class=\"wpcf7-form-control wpcf7-textarea wpcf7-validates-as-required bestonmessage\" aria-required=\"true\" aria-invalid=\"false\" placeholder=\"F\u00fcr ein detailliertes Angebot senden Sie uns bitte Ihre ausf\u00fchrlichen Anforderungen.\"><\/textarea><\/span> <\/p>\n<p><input type=\"submit\" value=\"Nachricht senden\" class=\"wpcf7-form-control has-spinner wpcf7-submit\" \/><\/p>\n<\/div>\n<p style=\"display: none !important;\"><label>&#916;<textarea name=\"_wpcf7_ak_hp_textarea\" cols=\"45\" rows=\"8\" maxlength=\"100\"><\/textarea><\/label><input type=\"hidden\" id=\"ak_js_1\" name=\"_wpcf7_ak_js\" value=\"92\"\/><script>document.getElementById( \"ak_js_1\" ).setAttribute( \"value\", ( new Date() ).getTime() );<\/script><\/p><input type='hidden' class='wpcf7-pum' value='{\"closepopup\":false,\"closedelay\":0,\"openpopup\":false,\"openpopup_id\":0}' \/><div class=\"wpcf7-response-output\" aria-hidden=\"true\"><\/div><input type=\"hidden\" name=\"trp-form-language\" value=\"de\"\/><\/form><\/div>","protected":false},"excerpt":{"rendered":"<p>Die Huadong Cable Group ist eine Aktiengesellschaft, die in den Bereichen Kabelproduktion, Forschung und Entwicklung sowie nationaler und internationaler Handel t\u00e4tig ist. Zhengzhou Hongliang Cable Co., Ltd ist eine der Niederlassungen der Huadong Cable Group und eines der gr\u00f6\u00dften professionellen Import- und Exporthandelsunternehmen in China. Das Werk wurde 1988 gegr\u00fcndet und verf\u00fcgt \u00fcber 50.000 ... <a class=\"read-more\" href=\"https:\/\/huadongswacable.com\/de\/uber-uns\/\">Weiterlesen ...<\/a><\/p>","protected":false},"author":1,"featured_media":0,"parent":0,"menu_order":0,"comment_status":"closed","ping_status":"closed","template":"","meta":{"footnotes":""},"class_list":["post-495","page","type-page","status-publish"],"yoast_head":"<!-- This site is optimized with the Yoast SEO plugin v18.4.1 - https:\/\/yoast.com\/wordpress\/plugins\/seo\/ -->\n<title>About Us - Huadong SWA Cable<\/title>\n<meta name=\"robots\" content=\"index, follow, max-snippet:-1, max-image-preview:large, max-video-preview:-1\" \/>\n<link rel=\"canonical\" href=\"http:\/\/huadongswacable.com\/de\/sobre-nosotros-2\/\" \/>\n<meta property=\"og:locale\" content=\"de_DE\" \/>\n<meta property=\"og:type\" content=\"article\" \/>\n<meta property=\"og:title\" content=\"About Us - Huadong SWA Cable\" \/>\n<meta property=\"og:description\" content=\"Huadong Cable Group is a joint stock enterprise, integrated in cable production, research &amp; development, and domestic &amp; international trade. Zhengzhou Hongliang Cable Co.,ltd is one of the branch of Huadong cable group, and also one of the biggest professional import and export trade company in China. The plant was founded in 1988, occupied 50,000 ... Weiterlesen ...\" \/>\n<meta property=\"og:url\" content=\"http:\/\/huadongswacable.com\/de\/sobre-nosotros-2\/\" \/>\n<meta property=\"og:site_name\" content=\"Huadong SWA Cable\" \/>\n<meta property=\"article:modified_time\" content=\"2021-05-12T05:56:00+00:00\" \/>\n<meta property=\"og:image\" content=\"http:\/\/huadongswacable.com\/wp-content\/uploads\/2021\/05\/xlpe-pvc-swa-armoured-cable-supplier.jpg\" \/>\n<meta name=\"twitter:card\" content=\"summary_large_image\" \/>\n<meta name=\"twitter:label1\" content=\"Gesch\u00e4tzte Lesezeit\" \/>\n\t<meta name=\"twitter:data1\" content=\"1\u00a0Minute\" \/>\n<script type=\"application\/ld+json\" class=\"yoast-schema-graph\">{\"@context\":\"https:\/\/schema.org\",\"@graph\":[{\"@type\":\"WebSite\",\"@id\":\"http:\/\/huadongswacable.com\/ru\/#website\",\"url\":\"http:\/\/huadongswacable.com\/ru\/\",\"name\":\"Huadong SWA Cable\",\"description\":\"Huadong SWA Cable\",\"potentialAction\":[{\"@type\":\"SearchAction\",\"target\":{\"@type\":\"EntryPoint\",\"urlTemplate\":\"http:\/\/huadongswacable.com\/ru\/?s={search_term_string}\"},\"query-input\":\"required name=search_term_string\"}],\"inLanguage\":\"de\"},{\"@type\":\"ImageObject\",\"@id\":\"http:\/\/huadongswacable.com\/es\/sobre-nosotros-2\/#primaryimage\",\"inLanguage\":\"de\",\"url\":\"http:\/\/huadongswacable.com\/wp-content\/uploads\/2021\/05\/xlpe-pvc-swa-armoured-cable-supplier.jpg\",\"contentUrl\":\"http:\/\/huadongswacable.com\/wp-content\/uploads\/2021\/05\/xlpe-pvc-swa-armoured-cable-supplier.jpg\"},{\"@type\":\"WebPage\",\"@id\":\"http:\/\/huadongswacable.com\/es\/sobre-nosotros-2\/#webpage\",\"url\":\"http:\/\/huadongswacable.com\/es\/sobre-nosotros-2\/\",\"name\":\"About Us - Huadong SWA Cable\",\"isPartOf\":{\"@id\":\"http:\/\/huadongswacable.com\/ru\/#website\"},\"primaryImageOfPage\":{\"@id\":\"http:\/\/huadongswacable.com\/es\/sobre-nosotros-2\/#primaryimage\"},\"datePublished\":\"2018-03-15T02:57:40+00:00\",\"dateModified\":\"2021-05-12T05:56:00+00:00\",\"breadcrumb\":{\"@id\":\"http:\/\/huadongswacable.com\/es\/sobre-nosotros-2\/#breadcrumb\"},\"inLanguage\":\"de\",\"potentialAction\":[{\"@type\":\"ReadAction\",\"target\":[\"http:\/\/huadongswacable.com\/es\/sobre-nosotros-2\/\"]}]},{\"@type\":\"BreadcrumbList\",\"@id\":\"http:\/\/huadongswacable.com\/es\/sobre-nosotros-2\/#breadcrumb\",\"itemListElement\":[{\"@type\":\"ListItem\",\"position\":1,\"name\":\"Home\",\"item\":\"http:\/\/huadongswacable.com\/ru\/\"},{\"@type\":\"ListItem\",\"position\":2,\"name\":\"About Us\"}]}]}<\/script>\n<!-- \/ Yoast SEO plugin. -->","yoast_head_json":{"title":"About Us - Huadong SWA Cable","robots":{"index":"index","follow":"follow","max-snippet":"max-snippet:-1","max-image-preview":"max-image-preview:large","max-video-preview":"max-video-preview:-1"},"canonical":"http:\/\/huadongswacable.com\/de\/sobre-nosotros-2\/","og_locale":"de_DE","og_type":"article","og_title":"About Us - Huadong SWA Cable","og_description":"Huadong Cable Group is a joint stock enterprise, integrated in cable production, research &amp; development, and domestic &amp; international trade. Zhengzhou Hongliang Cable Co.,ltd is one of the branch of Huadong cable group, and also one of the biggest professional import and export trade company in China. The plant was founded in 1988, occupied 50,000 ... Weiterlesen ...","og_url":"http:\/\/huadongswacable.com\/de\/sobre-nosotros-2\/","og_site_name":"Huadong SWA Cable","article_modified_time":"2021-05-12T05:56:00+00:00","og_image":[{"url":"http:\/\/huadongswacable.com\/wp-content\/uploads\/2021\/05\/xlpe-pvc-swa-armoured-cable-supplier.jpg"}],"twitter_card":"summary_large_image","twitter_misc":{"Gesch\u00e4tzte Lesezeit":"1\u00a0Minute"},"schema":{"@context":"https:\/\/schema.org","@graph":[{"@type":"WebSite","@id":"http:\/\/huadongswacable.com\/ru\/#website","url":"http:\/\/huadongswacable.com\/ru\/","name":"Huadong SWA Cable","description":"Huadong SWA Cable","potentialAction":[{"@type":"SearchAction","target":{"@type":"EntryPoint","urlTemplate":"http:\/\/huadongswacable.com\/ru\/?s={search_term_string}"},"query-input":"required name=search_term_string"}],"inLanguage":"de"},{"@type":"ImageObject","@id":"http:\/\/huadongswacable.com\/es\/sobre-nosotros-2\/#primaryimage","inLanguage":"de","url":"http:\/\/huadongswacable.com\/wp-content\/uploads\/2021\/05\/xlpe-pvc-swa-armoured-cable-supplier.jpg","contentUrl":"http:\/\/huadongswacable.com\/wp-content\/uploads\/2021\/05\/xlpe-pvc-swa-armoured-cable-supplier.jpg"},{"@type":"WebPage","@id":"http:\/\/huadongswacable.com\/es\/sobre-nosotros-2\/#webpage","url":"http:\/\/huadongswacable.com\/es\/sobre-nosotros-2\/","name":"About Us - Huadong SWA Cable","isPartOf":{"@id":"http:\/\/huadongswacable.com\/ru\/#website"},"primaryImageOfPage":{"@id":"http:\/\/huadongswacable.com\/es\/sobre-nosotros-2\/#primaryimage"},"datePublished":"2018-03-15T02:57:40+00:00","dateModified":"2021-05-12T05:56:00+00:00","breadcrumb":{"@id":"http:\/\/huadongswacable.com\/es\/sobre-nosotros-2\/#breadcrumb"},"inLanguage":"de","potentialAction":[{"@type":"ReadAction","target":["http:\/\/huadongswacable.com\/es\/sobre-nosotros-2\/"]}]},{"@type":"BreadcrumbList","@id":"http:\/\/huadongswacable.com\/es\/sobre-nosotros-2\/#breadcrumb","itemListElement":[{"@type":"ListItem","position":1,"name":"Home","item":"http:\/\/huadongswacable.com\/ru\/"},{"@type":"ListItem","position":2,"name":"About Us"}]}]}},"_links":{"self":[{"href":"https:\/\/huadongswacable.com\/de\/wp-json\/wp\/v2\/pages\/495","targetHints":{"allow":["GET"]}}],"collection":[{"href":"https:\/\/huadongswacable.com\/de\/wp-json\/wp\/v2\/pages"}],"about":[{"href":"https:\/\/huadongswacable.com\/de\/wp-json\/wp\/v2\/types\/page"}],"author":[{"embeddable":true,"href":"https:\/\/huadongswacable.com\/de\/wp-json\/wp\/v2\/users\/1"}],"replies":[{"embeddable":true,"href":"https:\/\/huadongswacable.com\/de\/wp-json\/wp\/v2\/comments?post=495"}],"version-history":[{"count":6,"href":"https:\/\/huadongswacable.com\/de\/wp-json\/wp\/v2\/pages\/495\/revisions"}],"predecessor-version":[{"id":5822,"href":"https:\/\/huadongswacable.com\/de\/wp-json\/wp\/v2\/pages\/495\/revisions\/5822"}],"wp:attachment":[{"href":"https:\/\/huadongswacable.com\/de\/wp-json\/wp\/v2\/media?parent=495"}],"curies":[{"name":"wp","href":"https:\/\/api.w.org\/{rel}","templated":true}]}}