{"id":49,"date":"2018-03-08T09:23:23","date_gmt":"2018-03-08T01:23:23","guid":{"rendered":"http:\/\/huadongswacable.com\/?page_id=49"},"modified":"2022-12-19T14:43:13","modified_gmt":"2022-12-19T06:43:13","slug":"2-core-armoured-cable-production-process","status":"publish","type":"page","link":"https:\/\/huadongswacable.com\/de\/2-kern-panzerkabel-produktionsverfahren\/","title":{"rendered":"10mm 16mm 25mm 35mm 50mm 2 Ader Panzerkabel Lieferanten"},"content":{"rendered":"<h2>Herstellung von 2-adrigen swa-armierten Kabeln \uff1f<\/h2>\n<p>Die Herstellung von 2-adrigen armierten Kabeln und die meisten mechanischen und elektrischen Produkte sind unterschiedlich. Aber als ein 16mm 2 Ader Panzerkabel Lieferant, produzieren wir dieses Kabel nach internationalem Standard. Im Allgemeinen werden die elektromechanischen Produkte in der Regel verwendet, um die anderen Komponenten in Teilen zu montieren. Re-Montage von mehreren Komponenten in einem einzigen Produkt. Au\u00dferdem ist die Zahl der Produkte auf die Zahl der Einheiten oder Messung. Die Grundeinheit des 2-adrigen Panzerkabels wird nach L\u00e4nge gemessen.<\/p>\n<p><img loading=\"lazy\" decoding=\"async\" class=\"aligncenter wp-image-634 size-full\" src=\"https:\/\/huadongswacable.com\/wp-content\/uploads\/2018\/04\/cheap-2-core-armoured-cable-price-list.jpg\" alt=\"Schema und Aufbau des 2-adrigen swa-Stromkabels\" width=\"916\" height=\"236\" srcset=\"https:\/\/huadongswacable.com\/wp-content\/uploads\/2018\/04\/cheap-2-core-armoured-cable-price-list.jpg 916w, https:\/\/huadongswacable.com\/wp-content\/uploads\/2018\/04\/cheap-2-core-armoured-cable-price-list-300x77.jpg 300w, https:\/\/huadongswacable.com\/wp-content\/uploads\/2018\/04\/cheap-2-core-armoured-cable-price-list-768x198.jpg 768w\" sizes=\"auto, (max-width: 916px) 100vw, 916px\" \/><\/p>\n<p>In der Tat werden alle 2-adrigen armierten Kabel durch die Verarbeitung von Leitern zu doppelt armierten Kabelprodukten. Mit Isolierung, Abschirmung, Kabelformung, Beschichtung, etc. Dar\u00fcber hinaus ist die Struktur des zweiadrigen Panzerkabels komplexer. Inzwischen stapeln sich mehr Schichten \u00fcbereinander. Welchen Aufbau eines zweiadrigen armierten Kabels brauchen Sie? Weil wir ein professioneller Lieferant von 10mm Panzerkabel sind. Also sagen Sie uns einfach Ihre Anforderung, und wir werden 16mm Panzerkabel Preis so schnell wie m\u00f6glich senden.<\/p>\n<p style=\"text-align: center;\"><span class=\"su-lightbox\" data-mfp-src=\"#Popup\" data-mfp-type=\"inline\" data-mobile=\"yes\"><button class=\"btn btn-danger btn-sm\" ><i class=\"fa fa-hand-o-right\" style=\"color:#ffffff;\"><\/i> Angebot einholen<\/button><\/span>\n<h2>Der Hauptproduktionsprozess eines 25 mm 2-adrigen Stromkabels<\/h2>\n<p>Generell gilt: 2 Kerne <a href=\"https:\/\/huadongswacable.com\/de\/qualitat-billig-panzerkabel-verkauf\/\" target=\"_blank\" rel=\"noopener noreferrer\">Panzerkabel<\/a> ist durch: Zeichnung, Verseilung, Beschichtung drei Arten von Technologie, um die Produktion abzuschlie\u00dfen. Doch je komplexer die Modelle, desto h\u00f6her die Wiederholbarkeit. Der erste Produktionsschritt bei 2-adrigen armierten Kabeln ist also das Ziehen. Aber bei der Metalldruckbearbeitung wird das Metall durch eine Matrize (Quetschung) unter \u00e4u\u00dferen Kr\u00e4ften gepresst. Das Zusammendr\u00fccken der Metallquerschnittsfl\u00e4che und das Erreichen der gew\u00fcnschten Querschnittsform und Gr\u00f6\u00dfe des 2-adrigen Panzerkabels wird als Metallziehen bezeichnet.<\/p>\n<div class=\"row\">\n<div class=\"col-lg-6 col-md-12 col-xs-12 col-sm-12\">\n<img loading=\"lazy\" decoding=\"async\" class=\"aligncenter wp-image-6052 size-full\" src=\"https:\/\/huadongswacable.com\/wp-content\/uploads\/2021\/07\/how-much-2-core-25mm-swa-cable-price.jpg\" alt=\"wie viel 2 Adern 25mm swa Kabel Preis\" width=\"446\" height=\"314\" srcset=\"https:\/\/huadongswacable.com\/wp-content\/uploads\/2021\/07\/how-much-2-core-25mm-swa-cable-price.jpg 446w, https:\/\/huadongswacable.com\/wp-content\/uploads\/2021\/07\/how-much-2-core-25mm-swa-cable-price-300x211.jpg 300w\" sizes=\"auto, (max-width: 446px) 100vw, 446px\" \/><\/div>\n<div class=\"col-lg-6 col-md-12 col-xs-12 col-sm-12\">\n<strong>Dirigent:<\/strong> Aluminium oder Kupfer<\/p>\n<p><strong>Spannung:<\/strong> Bis zu 35 KV<\/p>\n<p><strong>Gepanzert:<\/strong> SWA (Steel Wire Armoured) \/ STA (Steel Tape Armoured)<\/p>\n<p><strong>Isolierung:<\/strong> XLPE \/ PVC \/ LSF \/ Feuerbest\u00e4ndig<\/p>\n<p><strong>Kerne:<\/strong>\u00a0 2 oder nach Ihren Anforderungen<\/p>\n<p><strong>Bereich der Sektion:<\/strong> 1,5 mm2-800 mm2<\/p>\n<p><strong>Standard:<\/strong> IEC 60502, BS 7870, GB\/ T12706 oder andere.<\/p>\n<\/div>\n<\/div>\n<p>Der zweite Schritt bei der Herstellung von doppelt gepanzerten Kabeln ist die Verseilung. Um die Flexibilit\u00e4t und Integrit\u00e4t des zweiadrigen armierten Kabels zu verbessern, verflechten wir zwei oder mehr Einzeldr\u00e4hte in der angegebenen Richtung miteinander. Der dritte Produktionsschritt ist die Beschichtung. Je nach den unterschiedlichen Leistungsanforderungen f\u00fcr zweiadrige Panzerkabel. So verwenden wir verschiedene Materialien mit spezieller Ausr\u00fcstung, um die Au\u00dfenseite des Leiters zu beschichten. Welche Leistung ben\u00f6tigen Sie f\u00fcr das 2-adrige Panzerkabel? Sprechen Sie uns einfach an.<\/p>\n<p style=\"text-align: center;\"><span class=\"su-lightbox\" data-mfp-src=\"#Popup\" data-mfp-type=\"inline\" data-mobile=\"yes\"><button class=\"btn btn-danger btn-sm\" ><i class=\"fa fa-hand-o-right\" style=\"color:#ffffff;\"><\/i> Angebot einholen<\/button><\/span>\n<h2>10mm doppeladriges Swa-Kabel Produktionsprozessmerkmale<\/h2>\n<p>Es gibt drei technologische Merkmale bei der Herstellung von 2-adrigen 10-mm-Panzerkabelprodukten. Das erste technologische Merkmal ist der kombinierte Produktionsmodus mit gro\u00dfer L\u00e4nge und kontinuierlicher \u00dcberlagerung. Dar\u00fcber hinaus sind die Auswirkungen auf die Produktion von zweiadrigen armierten Kabeln umfassend und kontrollierbar. Das betrifft und wirkt sich aus auf: Produktionsprozess und Ausr\u00fcstungslayout, Produktions- und Organisationsmanagement, Qualit\u00e4tsmanagement. Zweitens, nach dem Prozessablauf durch die doppelte armierte Kabel erforderlich.<\/p>\n<div class=\"row\">\n<div class=\"col-lg-6 col-md-12 col-xs-12 col-sm-12\">\n<img loading=\"lazy\" decoding=\"async\" class=\"aligncenter wp-image-6054 size-full\" src=\"https:\/\/huadongswacable.com\/wp-content\/uploads\/2021\/07\/6mm-2-core-xlpe-pvc-swa-armoured-cable-price.jpg\" alt=\"16mm 2 Kern xlpe pvc swa kabel preis\" width=\"230\" height=\"314\" srcset=\"https:\/\/huadongswacable.com\/wp-content\/uploads\/2021\/07\/6mm-2-core-xlpe-pvc-swa-armoured-cable-price.jpg 230w, https:\/\/huadongswacable.com\/wp-content\/uploads\/2021\/07\/6mm-2-core-xlpe-pvc-swa-armoured-cable-price-220x300.jpg 220w\" sizes=\"auto, (max-width: 230px) 100vw, 230px\" \/><\/div>\n<div class=\"col-lg-6 col-md-12 col-xs-12 col-sm-12\">\n<p><strong>Spannung:<\/strong> 600\/1000V<\/p>\n<p><strong>Dirigent:<\/strong> Aluminium oder Kupfer<\/p>\n<p><strong>Gr\u00f6\u00dfe:<\/strong> 4mm, 6mm, 10mm, 16mm, 25mm, 35mm, 50mm, 70mm, 95mm, 120mm und so weiter<\/p>\n<p><strong>Isolierung:<\/strong> XLPE (vernetztes Polyethylen)\/PVC (Polyvinylchlorid)<\/p>\n<p><strong>R\u00fcstung:<\/strong> SWA (Stahldrahtpanzerung)\/STA (Stahlbandpanzerung)<\/p>\n<p><strong>Mantel:<\/strong> PVC (Polyvinylchlorid)\/LSZH \uff08raucharm und halogenfrei\uff09<\/p>\n<p><strong>Farbe:<\/strong> Schwarz, Braun, Blau oder entsprechend Ihrer Anforderung<\/p>\n<\/div>\n<\/div>\n<p>Au\u00dferdem m\u00fcssen wir alle Arten von Ausr\u00fcstungen in der Produktionswerkstatt f\u00fcr 2-adrige Panzerkabel vern\u00fcnftig entladen. Dann k\u00f6nnen die halbfertigen 2 Ader Panzerkabel Produkte in jeder Phase in Reihenfolge flie\u00dfen. Zur gleichen Zeit, wenn Sie irgendwelche anderen Fragen \u00fcber 2 Adern gepanzertes Kabel haben, lassen Sie bitte Ihre Kontaktinformationen und Ihre Probleme.<\/p>\n<p style=\"text-align: center;\"><span class=\"su-lightbox\" data-mfp-src=\"#Popup\" data-mfp-type=\"inline\" data-mobile=\"yes\"><button class=\"btn btn-danger btn-sm\" ><i class=\"fa fa-hand-o-right\" style=\"color:#ffffff;\"><\/i> Angebot einholen<\/button><\/span>\n<p>Drittens muss die Organisation und Verwaltung der Produktion von zweiadrigen Panzerkabeln wissenschaftlich, genau, streng und sorgf\u00e4ltig sein. Allerdings muss der Betreiber akribisch nach der doppelt gepanzerte Kabel Produktionsprozess Anforderungen sein. Denn jeder Anbieter von 25mm 2-adrigen gepanzerten Kabeln achtet auf die Sicherheit. Au\u00dferdem ist das doppelt gepanzerte Kabel eine Kombination aus gro\u00dfer L\u00e4nge der kontinuierlichen \u00dcberlagerung des Produktionsmodus. Daher ist jeder Teil der 2-Kern gepanzertes Kabel Produktionsprozess, ein Moment der Probleme. Denn es wird die gesamte 2 Adern gepanzertes Kabel Qualit\u00e4t beeinflussen. Was mehr ist, ist der Produktionsschritt von Huadong Cable Group's doppelt gepanzertes Kabel sehr streng nach den Produktionsstandards. f\u00fchlen Sie sich frei, unsere 2 Kern gepanzerte Kabel Produkte zu verwenden.<\/p>\n<p><img loading=\"lazy\" decoding=\"async\" class=\"aligncenter wp-image-6058 size-full\" src=\"https:\/\/huadongswacable.com\/wp-content\/uploads\/2021\/07\/16mm-2-core-xlpe-pvc-swa-armoured-cable-supplier.jpg\" alt=\"16mm 2 Adern xlpe pvc swa armiertes Kabel Lieferant\" width=\"780\" height=\"309\" srcset=\"https:\/\/huadongswacable.com\/wp-content\/uploads\/2021\/07\/16mm-2-core-xlpe-pvc-swa-armoured-cable-supplier.jpg 780w, https:\/\/huadongswacable.com\/wp-content\/uploads\/2021\/07\/16mm-2-core-xlpe-pvc-swa-armoured-cable-supplier-300x119.jpg 300w, https:\/\/huadongswacable.com\/wp-content\/uploads\/2021\/07\/16mm-2-core-xlpe-pvc-swa-armoured-cable-supplier-768x304.jpg 768w\" sizes=\"auto, (max-width: 780px) 100vw, 780px\" \/><\/p>\n<p style=\"text-align: center;\"><span class=\"su-lightbox\" data-mfp-src=\"#Popup\" data-mfp-type=\"inline\" data-mobile=\"yes\"><button class=\"btn btn-danger btn-sm\" ><i class=\"fa fa-hand-o-right\" style=\"color:#ffffff;\"><\/i> Angebot einholen<\/button><\/span>\n<h2>Wo erhalten Sie die besten 35mm 2 Kern swa armierte Kabel Preis\uff1f<\/h2>\n<p>In der Tat, k\u00f6nnen Sie viele 6mm 2 Core armoured Kabel Lieferanten auf der ganzen Welt zu finden. Allerdings m\u00fcssen Sie die 25mm 2 Kern swa bewehrtes Kabel Preis von verschiedenen Lieferanten zur Verf\u00fcgung gestellt zu vergleichen. Weil wir ein Hersteller von 16mm 2 Ader Panzerkabel sind, k\u00f6nnen wir Ihnen das beste 16mm 2 Ader Panzerkabel Angebot geben. Was mehr ist, haben wir unsere 25mm 2 Ader Panzerkabel in viele L\u00e4nder exportiert. Wie zum Beispiel: Philippinen, Malaysia, Jemen, S\u00fcdafrika, Nigeria, Amerika, <span class=\"VIiyi\" lang=\"en\"><span class=\"JLqJ4b ChMk0b\" data-language-for-alternatives=\"en\" data-language-to-translate-into=\"zh-CN\" data-phrase-index=\"0\">Vietnam, Thailand und so weiter. <\/span><\/span><\/p>\n<p><img loading=\"lazy\" decoding=\"async\" class=\"aligncenter wp-image-6057 size-full\" src=\"https:\/\/huadongswacable.com\/wp-content\/uploads\/2021\/07\/get-price-for-120mm-2-core-armoured-cable.jpg\" alt=\"Preis f\u00fcr 120mm 2-adriges Panzerkabel erhalten\" width=\"800\" height=\"414\" srcset=\"https:\/\/huadongswacable.com\/wp-content\/uploads\/2021\/07\/get-price-for-120mm-2-core-armoured-cable.jpg 800w, https:\/\/huadongswacable.com\/wp-content\/uploads\/2021\/07\/get-price-for-120mm-2-core-armoured-cable-300x155.jpg 300w, https:\/\/huadongswacable.com\/wp-content\/uploads\/2021\/07\/get-price-for-120mm-2-core-armoured-cable-768x397.jpg 768w\" sizes=\"auto, (max-width: 800px) 100vw, 800px\" \/><\/p>\n<div class=\"su-lightbox-content su-u-trim\" id=\"Popup\" style=\"display:none;width:auto;min-width:50%;max-width:70%;margin-top:40px;margin-bottom:40px;padding:40px;background:#e8e5e5;color:#060473;box-shadow:0px 0px 15px #333333;text-align:left\"><div role=\"form\" class=\"wpcf7\" id=\"wpcf7-f5571-o1\" lang=\"en-US\" dir=\"ltr\">\n<div class=\"screen-reader-response\"><p role=\"status\" aria-live=\"polite\" aria-atomic=\"true\"><\/p> <ul><\/ul><\/div>\n<form action=\"\/de\/wp-json\/wp\/v2\/pages\/49#wpcf7-f5571-o1\" method=\"post\" class=\"wpcf7-form init\" novalidate=\"novalidate\" data-status=\"init\" data-trp-original-action=\"\/de\/wp-json\/wp\/v2\/pages\/49#wpcf7-f5571-o1\">\n<div style=\"display: none;\">\n<input type=\"hidden\" name=\"_wpcf7\" value=\"5571\" \/>\n<input type=\"hidden\" name=\"_wpcf7_version\" value=\"5.5.6\" \/>\n<input type=\"hidden\" name=\"_wpcf7_locale\" value=\"en_US\" \/>\n<input type=\"hidden\" name=\"_wpcf7_unit_tag\" value=\"wpcf7-f5571-o1\" \/>\n<input type=\"hidden\" name=\"_wpcf7_container_post\" value=\"0\" \/>\n<input type=\"hidden\" name=\"_wpcf7_posted_data_hash\" value=\"\" \/>\n<\/div>\n<div class=\"popmakerform\">\n<p>Ihr Name <span style=\"color:red;\">*<span><br \/>\n<span class=\"wpcf7-form-control-wrap your-name\"><input type=\"text\" name=\"your-name\" value=\"\" size=\"40\" class=\"wpcf7-form-control wpcf7-text wpcf7-validates-as-required\" aria-required=\"true\" aria-invalid=\"false\" \/><\/span><\/p>\n<p>Deine E-Mail <span style=\"color:red;\">*<span><br \/>\n<span class=\"wpcf7-form-control-wrap your-email\"><input type=\"email\" name=\"your-email\" value=\"\" size=\"40\" class=\"wpcf7-form-control wpcf7-text wpcf7-email wpcf7-validates-as-required wpcf7-validates-as-email\" aria-required=\"true\" aria-invalid=\"false\" \/><\/span><\/p>\n<p>Ihre Telefonnummer<br \/>\n<span class=\"wpcf7-form-control-wrap your-phone\"><input type=\"text\" name=\"your-phone\" value=\"\" size=\"40\" class=\"wpcf7-form-control wpcf7-text\" aria-invalid=\"false\" \/><\/span><\/p>\n<p>Ihr Land<br \/>\n<span class=\"wpcf7-form-control-wrap your-country\"><input type=\"text\" name=\"your-country\" value=\"\" size=\"40\" class=\"wpcf7-form-control wpcf7-text\" aria-invalid=\"false\" \/><\/span><\/p>\n<p>Detaillierte Anforderung <span style=\"color:red;\">*<span><br \/>\n<span class=\"wpcf7-form-control-wrap your-requirement\"><textarea name=\"your-requirement\" cols=\"40\" rows=\"4\" class=\"wpcf7-form-control wpcf7-textarea wpcf7-validates-as-required\" aria-required=\"true\" aria-invalid=\"false\"><\/textarea><\/span><\/p>\n<p><input type=\"submit\" value=\"Angebot einholen\" class=\"wpcf7-form-control has-spinner wpcf7-submit\" \/><\/p>\n<\/div>\n<p style=\"display: none !important;\"><label>&#916;<textarea name=\"_wpcf7_ak_hp_textarea\" cols=\"45\" rows=\"8\" maxlength=\"100\"><\/textarea><\/label><input type=\"hidden\" id=\"ak_js_1\" name=\"_wpcf7_ak_js\" value=\"137\"\/><script>document.getElementById( \"ak_js_1\" ).setAttribute( \"value\", ( new Date() ).getTime() );<\/script><\/p><input type='hidden' class='wpcf7-pum' value='{\"closepopup\":false,\"closedelay\":0,\"openpopup\":false,\"openpopup_id\":0}' \/><div class=\"wpcf7-response-output\" aria-hidden=\"true\"><\/div><input type=\"hidden\" name=\"trp-form-language\" value=\"de\"\/><\/form><\/div><\/div>\n<h3>Bitte z\u00f6gern Sie nicht, uns Ihre Anforderungen mitzuteilen. Wir werden Ihnen innerhalb von 12 Stunden antworten.<\/h3>\n<p><strong>E-Mail: <a href=\"mailto:info@huadongswacable.com\" rel=\"nofollow\">info@huadongswacable.com<\/a><\/strong><\/p>\n<div role=\"form\" class=\"wpcf7\" id=\"wpcf7-f6-o2\" lang=\"en-US\" dir=\"ltr\">\n<div class=\"screen-reader-response\"><p role=\"status\" aria-live=\"polite\" aria-atomic=\"true\"><\/p> <ul><\/ul><\/div>\n<form action=\"\/de\/wp-json\/wp\/v2\/pages\/49#wpcf7-f6-o2\" method=\"post\" class=\"wpcf7-form init\" novalidate=\"novalidate\" data-status=\"init\" data-trp-original-action=\"\/de\/wp-json\/wp\/v2\/pages\/49#wpcf7-f6-o2\">\n<div style=\"display: none;\">\n<input type=\"hidden\" name=\"_wpcf7\" value=\"6\" \/>\n<input type=\"hidden\" name=\"_wpcf7_version\" value=\"5.5.6\" \/>\n<input type=\"hidden\" name=\"_wpcf7_locale\" value=\"en_US\" \/>\n<input type=\"hidden\" name=\"_wpcf7_unit_tag\" value=\"wpcf7-f6-o2\" \/>\n<input type=\"hidden\" name=\"_wpcf7_container_post\" value=\"0\" \/>\n<input type=\"hidden\" name=\"_wpcf7_posted_data_hash\" value=\"\" \/>\n<\/div>\n<div class=\"messageform\">\n<p><strong><span style=\"color:red;\"><\/span> Ihr Name<\/strong><br \/>\n    <span class=\"wpcf7-form-control-wrap your-name\"><input type=\"text\" name=\"your-name\" value=\"\" size=\"40\" class=\"wpcf7-form-control wpcf7-text\" aria-invalid=\"false\" \/><\/span> <\/p>\n<p><strong><span style=\"color:red;\">*<\/span> Deine E-Mail<\/strong><br \/>\n    <span class=\"wpcf7-form-control-wrap your-email\"><input type=\"email\" name=\"your-email\" value=\"\" size=\"40\" class=\"wpcf7-form-control wpcf7-text wpcf7-email wpcf7-validates-as-required wpcf7-validates-as-email\" aria-required=\"true\" aria-invalid=\"false\" \/><\/span> <\/p>\n<p><strong>Ihre Telefonnummer<\/strong><br \/>\n    <span class=\"wpcf7-form-control-wrap your-phone\"><input type=\"text\" name=\"your-phone\" value=\"\" size=\"40\" class=\"wpcf7-form-control wpcf7-text\" aria-invalid=\"false\" placeholder=\"Geben Sie die Vorwahl ein\" \/><\/span> <\/p>\n<p><strong>Ihr Land<\/strong><br \/>\n    <span class=\"wpcf7-form-control-wrap your-country\"><input type=\"text\" name=\"your-country\" value=\"\" size=\"40\" class=\"wpcf7-form-control wpcf7-text\" aria-invalid=\"false\" \/><\/span> <\/p>\n<p><strong><span style=\"color:red;\">*<\/span> Ihr Bedarf<\/strong><br \/>\n    <span class=\"wpcf7-form-control-wrap your-requirement\"><textarea name=\"your-requirement\" cols=\"40\" rows=\"10\" class=\"wpcf7-form-control wpcf7-textarea wpcf7-validates-as-required bestonmessage\" aria-required=\"true\" aria-invalid=\"false\" placeholder=\"F\u00fcr ein detailliertes Angebot senden Sie uns bitte Ihre ausf\u00fchrlichen Anforderungen.\"><\/textarea><\/span> <\/p>\n<p><input type=\"submit\" value=\"Nachricht senden\" class=\"wpcf7-form-control has-spinner wpcf7-submit\" \/><\/p>\n<\/div>\n<p style=\"display: none !important;\"><label>&#916;<textarea name=\"_wpcf7_ak_hp_textarea\" cols=\"45\" rows=\"8\" maxlength=\"100\"><\/textarea><\/label><input type=\"hidden\" id=\"ak_js_2\" name=\"_wpcf7_ak_js\" value=\"156\"\/><script>document.getElementById( \"ak_js_2\" ).setAttribute( \"value\", ( new Date() ).getTime() );<\/script><\/p><input type='hidden' class='wpcf7-pum' value='{\"closepopup\":false,\"closedelay\":0,\"openpopup\":false,\"openpopup_id\":0}' \/><div class=\"wpcf7-response-output\" aria-hidden=\"true\"><\/div><input type=\"hidden\" name=\"trp-form-language\" value=\"de\"\/><\/form><\/div>","protected":false},"excerpt":{"rendered":"<p>Wie produziert man ein 2-adriges Panzerkabel \uff1f Die Herstellung von 2-adrigen Panzerkabeln und die meisten mechanischen und elektrischen Produkte k\u00f6nnen sich unterscheiden. Aber als ein 16mm 2 Ader Panzerkabel Lieferant, produzieren wir diesen Draht nach internationalem Standard. Im Allgemeinen sind die elektromechanischen Produkte in der Regel verwendet, um die anderen Produkte zu montieren ... <a class=\"read-more\" href=\"https:\/\/huadongswacable.com\/de\/2-kern-panzerkabel-produktionsverfahren\/\">Weiterlesen ...<\/a><\/p>","protected":false},"author":1,"featured_media":0,"parent":0,"menu_order":0,"comment_status":"closed","ping_status":"closed","template":"","meta":{"footnotes":""},"class_list":["post-49","page","type-page","status-publish"],"yoast_head":"<!-- This site is optimized with the Yoast SEO plugin v18.4.1 - https:\/\/yoast.com\/wordpress\/plugins\/seo\/ -->\n<title>6mm 10mm 16mm 25mm 35mm 50mm 2 Core Armoured Cable Supplier<\/title>\n<meta name=\"description\" content=\"Huadong is 2 core armoured cable supplier in China. You can get best 4mm 6mm 8mm 10mm 16mm 25mm 35mm 50mm 70mm 95mm 120mm 150mm price list.\" \/>\n<meta name=\"robots\" content=\"index, follow, max-snippet:-1, max-image-preview:large, max-video-preview:-1\" \/>\n<link rel=\"canonical\" href=\"https:\/\/huadongswacable.com\/de\/2-core-armoured-cable-production-process\/\" \/>\n<meta property=\"og:locale\" content=\"de_DE\" \/>\n<meta property=\"og:type\" content=\"article\" \/>\n<meta property=\"og:title\" content=\"6mm 10mm 16mm 25mm 35mm 50mm 2 Core Armoured Cable Supplier\" \/>\n<meta property=\"og:description\" content=\"Huadong is 2 core armoured cable supplier in China. You can get best 4mm 6mm 8mm 10mm 16mm 25mm 35mm 50mm 70mm 95mm 120mm 150mm price list.\" \/>\n<meta property=\"og:url\" content=\"https:\/\/huadongswacable.com\/de\/2-core-armoured-cable-production-process\/\" \/>\n<meta property=\"og:site_name\" content=\"Huadong SWA Cable\" \/>\n<meta property=\"article:modified_time\" content=\"2022-12-19T06:43:13+00:00\" \/>\n<meta property=\"og:image\" content=\"https:\/\/huadongswacable.com\/wp-content\/uploads\/2018\/04\/cheap-2-core-armoured-cable-price-list.jpg\" \/>\n<meta name=\"twitter:card\" content=\"summary_large_image\" \/>\n<meta name=\"twitter:label1\" content=\"Gesch\u00e4tzte Lesezeit\" \/>\n\t<meta name=\"twitter:data1\" content=\"5\u00a0Minuten\" \/>\n<script type=\"application\/ld+json\" class=\"yoast-schema-graph\">{\"@context\":\"https:\/\/schema.org\",\"@graph\":[{\"@type\":\"WebSite\",\"@id\":\"http:\/\/huadongswacable.com\/ru\/#website\",\"url\":\"http:\/\/huadongswacable.com\/ru\/\",\"name\":\"Huadong SWA Cable\",\"description\":\"Huadong SWA Cable\",\"potentialAction\":[{\"@type\":\"SearchAction\",\"target\":{\"@type\":\"EntryPoint\",\"urlTemplate\":\"http:\/\/huadongswacable.com\/ru\/?s={search_term_string}\"},\"query-input\":\"required name=search_term_string\"}],\"inLanguage\":\"de\"},{\"@type\":\"ImageObject\",\"@id\":\"https:\/\/huadongswacable.com\/fr\/2-core-armoured-cable-production-process\/#primaryimage\",\"inLanguage\":\"de\",\"url\":\"https:\/\/huadongswacable.com\/wp-content\/uploads\/2018\/04\/cheap-2-core-armoured-cable-price-list.jpg\",\"contentUrl\":\"https:\/\/huadongswacable.com\/wp-content\/uploads\/2018\/04\/cheap-2-core-armoured-cable-price-list.jpg\",\"width\":916,\"height\":236,\"caption\":\"2 core armoured cable diagram\"},{\"@type\":\"WebPage\",\"@id\":\"https:\/\/huadongswacable.com\/fr\/2-core-armoured-cable-production-process\/#webpage\",\"url\":\"https:\/\/huadongswacable.com\/fr\/2-core-armoured-cable-production-process\/\",\"name\":\"6mm 10mm 16mm 25mm 35mm 50mm 2 Core Armoured Cable Supplier\",\"isPartOf\":{\"@id\":\"http:\/\/huadongswacable.com\/ru\/#website\"},\"primaryImageOfPage\":{\"@id\":\"https:\/\/huadongswacable.com\/fr\/2-core-armoured-cable-production-process\/#primaryimage\"},\"datePublished\":\"2018-03-08T01:23:23+00:00\",\"dateModified\":\"2022-12-19T06:43:13+00:00\",\"description\":\"Huadong is 2 core armoured cable supplier in China. You can get best 4mm 6mm 8mm 10mm 16mm 25mm 35mm 50mm 70mm 95mm 120mm 150mm price list.\",\"breadcrumb\":{\"@id\":\"https:\/\/huadongswacable.com\/fr\/2-core-armoured-cable-production-process\/#breadcrumb\"},\"inLanguage\":\"de\",\"potentialAction\":[{\"@type\":\"ReadAction\",\"target\":[\"https:\/\/huadongswacable.com\/fr\/2-core-armoured-cable-production-process\/\"]}]},{\"@type\":\"BreadcrumbList\",\"@id\":\"https:\/\/huadongswacable.com\/fr\/2-core-armoured-cable-production-process\/#breadcrumb\",\"itemListElement\":[{\"@type\":\"ListItem\",\"position\":1,\"name\":\"Home\",\"item\":\"http:\/\/huadongswacable.com\/ru\/\"},{\"@type\":\"ListItem\",\"position\":2,\"name\":\"10mm 16mm 25mm 35mm 50mm 2 Core Armoured Cable Suppliers\"}]}]}<\/script>\n<!-- \/ Yoast SEO plugin. -->","yoast_head_json":{"title":"6mm 10mm 16mm 25mm 35mm 50mm 2 Core Armoured Cable Supplier","description":"Huadong is 2 core armoured cable supplier in China. You can get best 4mm 6mm 8mm 10mm 16mm 25mm 35mm 50mm 70mm 95mm 120mm 150mm price list.","robots":{"index":"index","follow":"follow","max-snippet":"max-snippet:-1","max-image-preview":"max-image-preview:large","max-video-preview":"max-video-preview:-1"},"canonical":"https:\/\/huadongswacable.com\/de\/2-core-armoured-cable-production-process\/","og_locale":"de_DE","og_type":"article","og_title":"6mm 10mm 16mm 25mm 35mm 50mm 2 Core Armoured Cable Supplier","og_description":"Huadong is 2 core armoured cable supplier in China. You can get best 4mm 6mm 8mm 10mm 16mm 25mm 35mm 50mm 70mm 95mm 120mm 150mm price list.","og_url":"https:\/\/huadongswacable.com\/de\/2-core-armoured-cable-production-process\/","og_site_name":"Huadong SWA Cable","article_modified_time":"2022-12-19T06:43:13+00:00","og_image":[{"url":"https:\/\/huadongswacable.com\/wp-content\/uploads\/2018\/04\/cheap-2-core-armoured-cable-price-list.jpg"}],"twitter_card":"summary_large_image","twitter_misc":{"Gesch\u00e4tzte Lesezeit":"5\u00a0Minuten"},"schema":{"@context":"https:\/\/schema.org","@graph":[{"@type":"WebSite","@id":"http:\/\/huadongswacable.com\/ru\/#website","url":"http:\/\/huadongswacable.com\/ru\/","name":"Huadong SWA Cable","description":"Huadong SWA Cable","potentialAction":[{"@type":"SearchAction","target":{"@type":"EntryPoint","urlTemplate":"http:\/\/huadongswacable.com\/ru\/?s={search_term_string}"},"query-input":"required name=search_term_string"}],"inLanguage":"de"},{"@type":"ImageObject","@id":"https:\/\/huadongswacable.com\/fr\/2-core-armoured-cable-production-process\/#primaryimage","inLanguage":"de","url":"https:\/\/huadongswacable.com\/wp-content\/uploads\/2018\/04\/cheap-2-core-armoured-cable-price-list.jpg","contentUrl":"https:\/\/huadongswacable.com\/wp-content\/uploads\/2018\/04\/cheap-2-core-armoured-cable-price-list.jpg","width":916,"height":236,"caption":"2 core armoured cable diagram"},{"@type":"WebPage","@id":"https:\/\/huadongswacable.com\/fr\/2-core-armoured-cable-production-process\/#webpage","url":"https:\/\/huadongswacable.com\/fr\/2-core-armoured-cable-production-process\/","name":"6mm 10mm 16mm 25mm 35mm 50mm 2 Core Armoured Cable Supplier","isPartOf":{"@id":"http:\/\/huadongswacable.com\/ru\/#website"},"primaryImageOfPage":{"@id":"https:\/\/huadongswacable.com\/fr\/2-core-armoured-cable-production-process\/#primaryimage"},"datePublished":"2018-03-08T01:23:23+00:00","dateModified":"2022-12-19T06:43:13+00:00","description":"Huadong is 2 core armoured cable supplier in China. You can get best 4mm 6mm 8mm 10mm 16mm 25mm 35mm 50mm 70mm 95mm 120mm 150mm price list.","breadcrumb":{"@id":"https:\/\/huadongswacable.com\/fr\/2-core-armoured-cable-production-process\/#breadcrumb"},"inLanguage":"de","potentialAction":[{"@type":"ReadAction","target":["https:\/\/huadongswacable.com\/fr\/2-core-armoured-cable-production-process\/"]}]},{"@type":"BreadcrumbList","@id":"https:\/\/huadongswacable.com\/fr\/2-core-armoured-cable-production-process\/#breadcrumb","itemListElement":[{"@type":"ListItem","position":1,"name":"Home","item":"http:\/\/huadongswacable.com\/ru\/"},{"@type":"ListItem","position":2,"name":"10mm 16mm 25mm 35mm 50mm 2 Core Armoured Cable Suppliers"}]}]}},"_links":{"self":[{"href":"https:\/\/huadongswacable.com\/de\/wp-json\/wp\/v2\/pages\/49","targetHints":{"allow":["GET"]}}],"collection":[{"href":"https:\/\/huadongswacable.com\/de\/wp-json\/wp\/v2\/pages"}],"about":[{"href":"https:\/\/huadongswacable.com\/de\/wp-json\/wp\/v2\/types\/page"}],"author":[{"embeddable":true,"href":"https:\/\/huadongswacable.com\/de\/wp-json\/wp\/v2\/users\/1"}],"replies":[{"embeddable":true,"href":"https:\/\/huadongswacable.com\/de\/wp-json\/wp\/v2\/comments?post=49"}],"version-history":[{"count":31,"href":"https:\/\/huadongswacable.com\/de\/wp-json\/wp\/v2\/pages\/49\/revisions"}],"predecessor-version":[{"id":7773,"href":"https:\/\/huadongswacable.com\/de\/wp-json\/wp\/v2\/pages\/49\/revisions\/7773"}],"wp:attachment":[{"href":"https:\/\/huadongswacable.com\/de\/wp-json\/wp\/v2\/media?parent=49"}],"curies":[{"name":"wp","href":"https:\/\/api.w.org\/{rel}","templated":true}]}}